{"id":774,"date":"2025-05-16T13:04:52","date_gmt":"2025-05-16T13:04:52","guid":{"rendered":"https:\/\/bidonsenshakers.pim.hidalgo.nl\/product\/flashline-grs-rpet-laptop-backpack-rugzak\/"},"modified":"2026-03-21T00:20:14","modified_gmt":"2026-03-21T00:20:14","slug":"flashline-grs-rpet-laptop-backpack-rugzak","status":"publish","type":"product","link":"https:\/\/hidalgo.nl\/de\/product\/flashline-grs-rpet-laptop-backpack-rugzak\/","title":{"rendered":"Flashline GRS RPET Laptop Backpack rugzak"},"content":{"rendered":"<p>Rugzak van stevig 600D RPET met 2 ritsvakken. Het royale hoofdcompartiment is voorzien van foam beschermvakken, waarvan er een geschikt is voor een laptop tot 15,6 inch. Het andere vak is ideaal voor het bewaren van kleinere accessoires, documenten of een notitieboek. Aan de zijkant van de tas vind je een meshvak voor het vervoeren van een drinkfles en aan de voorzijde van de tas zit een handige elastiek, gemakkelijk voor het vervoeren van een bijvoorbeeld een jas of trui. De draaglus, verstelbare schouderriemen en de rugzijde zijn voorzien van foam voor extra draagcomfort. Geheel gevoerd. De rugzak is aan de voorzijde afgewerkt met fluoriserende accenten, zodat je ook zichtbaar bent in het donker. GRS-gecertificeerd. Totaal gerecycled materiaal: 97%. Inhoud ca. 20 liter.<\/p>\n","protected":false},"excerpt":{"rendered":"<p>Rugzak van stevig 600D RPET met 2 ritsvakken. Het royale hoofdcompartiment is voorzien van foam beschermvakken, waarvan er een geschikt is voor een laptop tot 15,6 inch. Het andere vak is ideaal voor het bewaren van kleinere accessoires, documenten of een notitieboek. Aan de zijkant van de tas vind je een meshvak voor het vervoeren&hellip; <a class=\"more-link\" href=\"https:\/\/hidalgo.nl\/de\/product\/flashline-grs-rpet-laptop-backpack-rugzak\/\"><span class=\"screen-reader-text\">Flashline GRS RPET Laptop Backpack rugzak<\/span> weiterlesen<\/a><\/p>\n","protected":false},"featured_media":775,"template":"","meta":{"_acf_changed":false,"om_disable_all_campaigns":false,"_monsterinsights_skip_tracking":false,"_monsterinsights_sitenote_active":false,"_monsterinsights_sitenote_note":"","_monsterinsights_sitenote_category":0},"product_brand":[],"product_cat":[4795,4796,4713],"product_tag":[],"class_list":{"0":"post-774","1":"product","2":"type-product","3":"status-publish","4":"has-post-thumbnail","6":"product_supplier-a24","7":"product_material-600d-rpet-polyester","8":"product_cat-rugtassen","9":"product_cat-rugzakken","10":"product_cat-tassen","11":"entry","13":"first","14":"instock","15":"taxable","16":"shipping-taxable","17":"purchasable","18":"product-type-variable"},"acf":{"imprint_cost":[{"imprint_cost_key":"2f5419ca59ad1288a555a78a2ef3273273410dcb","product_quantity_price_range":[{"imprint_cost_recommended_selling_price":"2.34","imprint_cost_recommended_selling_quantity":"1"},{"imprint_cost_recommended_selling_price":"2.07","imprint_cost_recommended_selling_quantity":"25"},{"imprint_cost_recommended_selling_price":"1.44","imprint_cost_recommended_selling_quantity":"50"},{"imprint_cost_recommended_selling_price":"0.96","imprint_cost_recommended_selling_quantity":"100"},{"imprint_cost_recommended_selling_price":"0.75","imprint_cost_recommended_selling_quantity":"250"},{"imprint_cost_recommended_selling_price":"0.63","imprint_cost_recommended_selling_quantity":"500"},{"imprint_cost_recommended_selling_price":"0.57","imprint_cost_recommended_selling_quantity":"1000"},{"imprint_cost_recommended_selling_price":"0.465","imprint_cost_recommended_selling_quantity":"2500"},{"imprint_cost_recommended_selling_price":"0.435","imprint_cost_recommended_selling_quantity":"5000"}],"product_quantity_price_range_buying":[{"imprint_cost_general_buying_price":"1.56","imprint_cost_general_buying_quantity":"1"},{"imprint_cost_general_buying_price":"1.38","imprint_cost_general_buying_quantity":"25"},{"imprint_cost_general_buying_price":"0.96","imprint_cost_general_buying_quantity":"50"},{"imprint_cost_general_buying_price":"0.64","imprint_cost_general_buying_quantity":"100"},{"imprint_cost_general_buying_price":"0.5","imprint_cost_general_buying_quantity":"250"},{"imprint_cost_general_buying_price":"0.42","imprint_cost_general_buying_quantity":"500"},{"imprint_cost_general_buying_price":"0.38","imprint_cost_general_buying_quantity":"1000"},{"imprint_cost_general_buying_price":"0.31","imprint_cost_general_buying_quantity":"2500"},{"imprint_cost_general_buying_price":"0.29","imprint_cost_general_buying_quantity":"5000"}],"imprint_cost_setup_costs":"45","imprint_cost_handling_costs":"0.12"},{"imprint_cost_key":"22a5522210201cb65e61ef7ce11412771e0beae4","product_quantity_price_range":[{"imprint_cost_recommended_selling_price":"1.875","imprint_cost_recommended_selling_quantity":"1"},{"imprint_cost_recommended_selling_price":"1.725","imprint_cost_recommended_selling_quantity":"25"},{"imprint_cost_recommended_selling_price":"1.575","imprint_cost_recommended_selling_quantity":"50"},{"imprint_cost_recommended_selling_price":"1.5","imprint_cost_recommended_selling_quantity":"100"},{"imprint_cost_recommended_selling_price":"1.425","imprint_cost_recommended_selling_quantity":"250"},{"imprint_cost_recommended_selling_price":"1.35","imprint_cost_recommended_selling_quantity":"500"},{"imprint_cost_recommended_selling_price":"1.275","imprint_cost_recommended_selling_quantity":"1000"},{"imprint_cost_recommended_selling_price":"1.23","imprint_cost_recommended_selling_quantity":"2500"},{"imprint_cost_recommended_selling_price":"1.2","imprint_cost_recommended_selling_quantity":"5000"}],"product_quantity_price_range_buying":[{"imprint_cost_general_buying_price":"1.25","imprint_cost_general_buying_quantity":"1"},{"imprint_cost_general_buying_price":"1.15","imprint_cost_general_buying_quantity":"25"},{"imprint_cost_general_buying_price":"1.05","imprint_cost_general_buying_quantity":"50"},{"imprint_cost_general_buying_price":"1","imprint_cost_general_buying_quantity":"100"},{"imprint_cost_general_buying_price":"0.95","imprint_cost_general_buying_quantity":"250"},{"imprint_cost_general_buying_price":"0.9","imprint_cost_general_buying_quantity":"500"},{"imprint_cost_general_buying_price":"0.85","imprint_cost_general_buying_quantity":"1000"},{"imprint_cost_general_buying_price":"0.82","imprint_cost_general_buying_quantity":"2500"},{"imprint_cost_general_buying_price":"0.8","imprint_cost_general_buying_quantity":"5000"}],"imprint_cost_setup_costs":"52.5","imprint_cost_handling_costs":"0.03"}]},"aioseo_notices":[],"aioseo_head":"\n\t\t<!-- All in One SEO Pro 4.9.5.2 - aioseo.com -->\n\t<meta name=\"description\" content=\"Du nimmst Technik sicher mit: gepolstertes Fach f\u00fcr 15,6 Zoll, dazu stabile F\u00e4cher f\u00fcr Zubeh\u00f6r. Als nachhaltiger RPET-Rucksack begleitet er dich im Alltag, B\u00fcro &amp; Uni. Bei Hidalgo l\u00e4sst du ihn mit deinem Logo veredeln - dezent oder aufmerksamkeitsstark.\" \/>\n\t<meta name=\"robots\" content=\"max-image-preview:large\" \/>\n\t<link rel=\"canonical\" href=\"https:\/\/hidalgo.nl\/de\/wp-json\/wp\/v2\/product\/774\" \/>\n\t<meta name=\"generator\" content=\"All in One SEO Pro (AIOSEO) 4.9.5.2\" \/>\n\t\t<meta property=\"og:locale\" content=\"de_DE\" \/>\n\t\t<meta property=\"og:site_name\" content=\"Hidalgo -\" \/>\n\t\t<meta property=\"og:type\" content=\"article\" \/>\n\t\t<meta property=\"og:title\" content=\"Flashline GRS RPET Laptop Backpack rugzak\" \/>\n\t\t<meta property=\"og:description\" content=\"Du nimmst Technik sicher mit: gepolstertes Fach f\u00fcr 15,6 Zoll, dazu stabile F\u00e4cher f\u00fcr Zubeh\u00f6r. Als nachhaltiger RPET-Rucksack begleitet er dich im Alltag, B\u00fcro &amp; Uni. Bei Hidalgo l\u00e4sst du ihn mit deinem Logo veredeln - dezent oder aufmerksamkeitsstark.\" \/>\n\t\t<meta property=\"og:url\" content=\"https:\/\/hidalgo.nl\/de\/wp-json\/wp\/v2\/product\/774\" \/>\n\t\t<meta property=\"og:image\" content=\"https:\/\/shop.hidalgo.nl\/wp-content\/uploads\/2025\/11\/cropped-Hidalgo-est1993.png\" \/>\n\t\t<meta property=\"og:image:secure_url\" content=\"https:\/\/shop.hidalgo.nl\/wp-content\/uploads\/2025\/11\/cropped-Hidalgo-est1993.png\" \/>\n\t\t<meta property=\"article:published_time\" content=\"2025-05-16T13:04:52+00:00\" \/>\n\t\t<meta property=\"article:modified_time\" content=\"2026-03-21T00:20:14+00:00\" \/>\n\t\t<meta name=\"twitter:card\" content=\"summary_large_image\" \/>\n\t\t<meta name=\"twitter:title\" content=\"Flashline GRS RPET Laptop Backpack rugzak\" \/>\n\t\t<meta name=\"twitter:description\" content=\"Du nimmst Technik sicher mit: gepolstertes Fach f\u00fcr 15,6 Zoll, dazu stabile F\u00e4cher f\u00fcr Zubeh\u00f6r. Als nachhaltiger RPET-Rucksack begleitet er dich im Alltag, B\u00fcro &amp; Uni. Bei Hidalgo l\u00e4sst du ihn mit deinem Logo veredeln - dezent oder aufmerksamkeitsstark.\" \/>\n\t\t<meta name=\"twitter:image\" content=\"https:\/\/shop.hidalgo.nl\/wp-content\/uploads\/2025\/11\/cropped-Hidalgo-est1993.png\" \/>\n\t\t<script type=\"application\/ld+json\" class=\"aioseo-schema\">\n\t\t\t{\"@context\":\"https:\\\/\\\/schema.org\",\"@graph\":[{\"@type\":\"BreadcrumbList\",\"@id\":\"https:\\\/\\\/hidalgo.nl\\\/de\\\/product\\\/flashline-grs-rpet-laptop-backpack-rugzak\\\/#breadcrumblist\",\"itemListElement\":[{\"@type\":\"ListItem\",\"@id\":\"https:\\\/\\\/hidalgo.nl\\\/de\\\/#listItem\",\"position\":1,\"name\":\"Home\",\"item\":\"https:\\\/\\\/hidalgo.nl\\\/de\\\/\",\"nextItem\":{\"@type\":\"ListItem\",\"@id\":\"https:\\\/\\\/hidalgo.nl\\\/example\\\/#listItem\",\"name\":\"example\"}},{\"@type\":\"ListItem\",\"@id\":\"https:\\\/\\\/hidalgo.nl\\\/example\\\/#listItem\",\"position\":2,\"name\":\"example\",\"item\":\"https:\\\/\\\/hidalgo.nl\\\/example\\\/\",\"nextItem\":{\"@type\":\"ListItem\",\"@id\":\"https:\\\/\\\/hidalgo.nl\\\/en\\\/product-supplier\\\/a24\\\/#listItem\",\"name\":\"A24\"},\"previousItem\":{\"@type\":\"ListItem\",\"@id\":\"https:\\\/\\\/hidalgo.nl\\\/de\\\/#listItem\",\"name\":\"Home\"}},{\"@type\":\"ListItem\",\"@id\":\"https:\\\/\\\/hidalgo.nl\\\/en\\\/product-supplier\\\/a24\\\/#listItem\",\"position\":3,\"name\":\"A24\",\"item\":\"https:\\\/\\\/hidalgo.nl\\\/en\\\/product-supplier\\\/a24\\\/\",\"nextItem\":{\"@type\":\"ListItem\",\"@id\":\"https:\\\/\\\/hidalgo.nl\\\/de\\\/product\\\/flashline-grs-rpet-laptop-backpack-rugzak\\\/#listItem\",\"name\":\"Flashline GRS RPET Laptop Backpack rugzak\"},\"previousItem\":{\"@type\":\"ListItem\",\"@id\":\"https:\\\/\\\/hidalgo.nl\\\/example\\\/#listItem\",\"name\":\"example\"}},{\"@type\":\"ListItem\",\"@id\":\"https:\\\/\\\/hidalgo.nl\\\/de\\\/product\\\/flashline-grs-rpet-laptop-backpack-rugzak\\\/#listItem\",\"position\":4,\"name\":\"Flashline GRS RPET Laptop Backpack rugzak\",\"previousItem\":{\"@type\":\"ListItem\",\"@id\":\"https:\\\/\\\/hidalgo.nl\\\/en\\\/product-supplier\\\/a24\\\/#listItem\",\"name\":\"A24\"}}]},{\"@type\":\"ItemPage\",\"@id\":\"https:\\\/\\\/hidalgo.nl\\\/de\\\/product\\\/flashline-grs-rpet-laptop-backpack-rugzak\\\/#itempage\",\"url\":\"https:\\\/\\\/hidalgo.nl\\\/de\\\/product\\\/flashline-grs-rpet-laptop-backpack-rugzak\\\/\",\"name\":\"Flashline GRS RPET Laptop Backpack rugzak\",\"description\":\"Du nimmst Technik sicher mit: gepolstertes Fach f\\u00fcr 15,6 Zoll, dazu stabile F\\u00e4cher f\\u00fcr Zubeh\\u00f6r. Als nachhaltiger RPET-Rucksack begleitet er dich im Alltag, B\\u00fcro & Uni. Bei Hidalgo l\\u00e4sst du ihn mit deinem Logo veredeln - dezent oder aufmerksamkeitsstark.\",\"inLanguage\":\"de-DE\",\"isPartOf\":{\"@id\":\"https:\\\/\\\/hidalgo.nl\\\/de\\\/#website\"},\"breadcrumb\":{\"@id\":\"https:\\\/\\\/hidalgo.nl\\\/de\\\/product\\\/flashline-grs-rpet-laptop-backpack-rugzak\\\/#breadcrumblist\"},\"image\":{\"@type\":\"ImageObject\",\"url\":\"https:\\\/\\\/shop.hidalgo.nl\\\/wp-content\\\/uploads\\\/2025\\\/04\\\/efbb8839e247ea94192a96708f94730ed2b742d0fede695b2fea9e603f7afa0f.jpg\",\"@id\":\"https:\\\/\\\/hidalgo.nl\\\/de\\\/product\\\/flashline-grs-rpet-laptop-backpack-rugzak\\\/#mainImage\"},\"primaryImageOfPage\":{\"@id\":\"https:\\\/\\\/hidalgo.nl\\\/de\\\/product\\\/flashline-grs-rpet-laptop-backpack-rugzak\\\/#mainImage\"},\"datePublished\":\"2025-05-16T13:04:52+00:00\",\"dateModified\":\"2026-03-21T00:20:14+00:00\"},{\"@type\":\"Organization\",\"@id\":\"https:\\\/\\\/hidalgo.nl\\\/de\\\/#organization\",\"name\":\"Hidalgo\",\"url\":\"https:\\\/\\\/hidalgo.nl\\\/de\\\/\",\"logo\":{\"@type\":\"ImageObject\",\"url\":\"https:\\\/\\\/shop.hidalgo.nl\\\/wp-content\\\/uploads\\\/2025\\\/11\\\/cropped-Hidalgo-est1993.png\",\"@id\":\"https:\\\/\\\/hidalgo.nl\\\/de\\\/product\\\/flashline-grs-rpet-laptop-backpack-rugzak\\\/#organizationLogo\",\"width\":585,\"height\":195},\"image\":{\"@id\":\"https:\\\/\\\/hidalgo.nl\\\/de\\\/product\\\/flashline-grs-rpet-laptop-backpack-rugzak\\\/#organizationLogo\"}},{\"@type\":\"WebPage\",\"@id\":\"https:\\\/\\\/hidalgo.nl\\\/de\\\/product\\\/flashline-grs-rpet-laptop-backpack-rugzak\\\/#webpage\",\"url\":\"https:\\\/\\\/hidalgo.nl\\\/de\\\/product\\\/flashline-grs-rpet-laptop-backpack-rugzak\\\/\",\"name\":\"Flashline GRS RPET Laptop Backpack rugzak\",\"description\":\"Du nimmst Technik sicher mit: gepolstertes Fach f\\u00fcr 15,6 Zoll, dazu stabile F\\u00e4cher f\\u00fcr Zubeh\\u00f6r. Als nachhaltiger RPET-Rucksack begleitet er dich im Alltag, B\\u00fcro & Uni. Bei Hidalgo l\\u00e4sst du ihn mit deinem Logo veredeln - dezent oder aufmerksamkeitsstark.\",\"inLanguage\":\"de-DE\",\"isPartOf\":{\"@id\":\"https:\\\/\\\/hidalgo.nl\\\/de\\\/#website\"},\"breadcrumb\":{\"@id\":\"https:\\\/\\\/hidalgo.nl\\\/de\\\/product\\\/flashline-grs-rpet-laptop-backpack-rugzak\\\/#breadcrumblist\"},\"image\":{\"@type\":\"ImageObject\",\"url\":\"https:\\\/\\\/shop.hidalgo.nl\\\/wp-content\\\/uploads\\\/2025\\\/04\\\/efbb8839e247ea94192a96708f94730ed2b742d0fede695b2fea9e603f7afa0f.jpg\",\"@id\":\"https:\\\/\\\/hidalgo.nl\\\/de\\\/product\\\/flashline-grs-rpet-laptop-backpack-rugzak\\\/#mainImage\"},\"primaryImageOfPage\":{\"@id\":\"https:\\\/\\\/hidalgo.nl\\\/de\\\/product\\\/flashline-grs-rpet-laptop-backpack-rugzak\\\/#mainImage\"},\"datePublished\":\"2025-05-16T13:04:52+00:00\",\"dateModified\":\"2026-03-21T00:20:14+00:00\"},{\"@type\":\"WebSite\",\"@id\":\"https:\\\/\\\/hidalgo.nl\\\/de\\\/#website\",\"url\":\"https:\\\/\\\/hidalgo.nl\\\/de\\\/\",\"name\":\"Hidalgo\",\"inLanguage\":\"de-DE\",\"publisher\":{\"@id\":\"https:\\\/\\\/hidalgo.nl\\\/de\\\/#organization\"}}]}\n\t\t<\/script>\n\t\t<!-- All in One SEO Pro -->\r\n\t\t<title>Flashline GRS RPET Laptop Backpack rugzak<\/title>\n\n","aioseo_head_json":{"title":"Flashline GRS RPET Laptop Backpack rugzak","description":"Du nimmst Technik sicher mit: gepolstertes Fach f\u00fcr 15,6 Zoll, dazu stabile F\u00e4cher f\u00fcr Zubeh\u00f6r. Als nachhaltiger RPET-Rucksack begleitet er dich im Alltag, B\u00fcro & Uni. Bei Hidalgo l\u00e4sst du ihn mit deinem Logo veredeln - dezent oder aufmerksamkeitsstark.","canonical_url":"https:\/\/hidalgo.nl\/de\/wp-json\/wp\/v2\/product\/774","robots":"max-image-preview:large","keywords":"","webmasterTools":{"miscellaneous":""},"schema":{"@context":"https:\/\/schema.org","@graph":[{"@type":"BreadcrumbList","@id":"https:\/\/hidalgo.nl\/de\/product\/flashline-grs-rpet-laptop-backpack-rugzak\/#breadcrumblist","itemListElement":[{"@type":"ListItem","@id":"https:\/\/hidalgo.nl\/de\/#listItem","position":1,"name":"Home","item":"https:\/\/hidalgo.nl\/de\/","nextItem":{"@type":"ListItem","@id":"https:\/\/hidalgo.nl\/example\/#listItem","name":"example"}},{"@type":"ListItem","@id":"https:\/\/hidalgo.nl\/example\/#listItem","position":2,"name":"example","item":"https:\/\/hidalgo.nl\/example\/","nextItem":{"@type":"ListItem","@id":"https:\/\/hidalgo.nl\/en\/product-supplier\/a24\/#listItem","name":"A24"},"previousItem":{"@type":"ListItem","@id":"https:\/\/hidalgo.nl\/de\/#listItem","name":"Home"}},{"@type":"ListItem","@id":"https:\/\/hidalgo.nl\/en\/product-supplier\/a24\/#listItem","position":3,"name":"A24","item":"https:\/\/hidalgo.nl\/en\/product-supplier\/a24\/","nextItem":{"@type":"ListItem","@id":"https:\/\/hidalgo.nl\/de\/product\/flashline-grs-rpet-laptop-backpack-rugzak\/#listItem","name":"Flashline GRS RPET Laptop Backpack rugzak"},"previousItem":{"@type":"ListItem","@id":"https:\/\/hidalgo.nl\/example\/#listItem","name":"example"}},{"@type":"ListItem","@id":"https:\/\/hidalgo.nl\/de\/product\/flashline-grs-rpet-laptop-backpack-rugzak\/#listItem","position":4,"name":"Flashline GRS RPET Laptop Backpack rugzak","previousItem":{"@type":"ListItem","@id":"https:\/\/hidalgo.nl\/en\/product-supplier\/a24\/#listItem","name":"A24"}}]},{"@type":"ItemPage","@id":"https:\/\/hidalgo.nl\/de\/product\/flashline-grs-rpet-laptop-backpack-rugzak\/#itempage","url":"https:\/\/hidalgo.nl\/de\/product\/flashline-grs-rpet-laptop-backpack-rugzak\/","name":"Flashline GRS RPET Laptop Backpack rugzak","description":"Du nimmst Technik sicher mit: gepolstertes Fach f\u00fcr 15,6 Zoll, dazu stabile F\u00e4cher f\u00fcr Zubeh\u00f6r. Als nachhaltiger RPET-Rucksack begleitet er dich im Alltag, B\u00fcro & Uni. Bei Hidalgo l\u00e4sst du ihn mit deinem Logo veredeln - dezent oder aufmerksamkeitsstark.","inLanguage":"de-DE","isPartOf":{"@id":"https:\/\/hidalgo.nl\/de\/#website"},"breadcrumb":{"@id":"https:\/\/hidalgo.nl\/de\/product\/flashline-grs-rpet-laptop-backpack-rugzak\/#breadcrumblist"},"image":{"@type":"ImageObject","url":"https:\/\/shop.hidalgo.nl\/wp-content\/uploads\/2025\/04\/efbb8839e247ea94192a96708f94730ed2b742d0fede695b2fea9e603f7afa0f.jpg","@id":"https:\/\/hidalgo.nl\/de\/product\/flashline-grs-rpet-laptop-backpack-rugzak\/#mainImage"},"primaryImageOfPage":{"@id":"https:\/\/hidalgo.nl\/de\/product\/flashline-grs-rpet-laptop-backpack-rugzak\/#mainImage"},"datePublished":"2025-05-16T13:04:52+00:00","dateModified":"2026-03-21T00:20:14+00:00"},{"@type":"Organization","@id":"https:\/\/hidalgo.nl\/de\/#organization","name":"Hidalgo","url":"https:\/\/hidalgo.nl\/de\/","logo":{"@type":"ImageObject","url":"https:\/\/shop.hidalgo.nl\/wp-content\/uploads\/2025\/11\/cropped-Hidalgo-est1993.png","@id":"https:\/\/hidalgo.nl\/de\/product\/flashline-grs-rpet-laptop-backpack-rugzak\/#organizationLogo","width":585,"height":195},"image":{"@id":"https:\/\/hidalgo.nl\/de\/product\/flashline-grs-rpet-laptop-backpack-rugzak\/#organizationLogo"}},{"@type":"WebPage","@id":"https:\/\/hidalgo.nl\/de\/product\/flashline-grs-rpet-laptop-backpack-rugzak\/#webpage","url":"https:\/\/hidalgo.nl\/de\/product\/flashline-grs-rpet-laptop-backpack-rugzak\/","name":"Flashline GRS RPET Laptop Backpack rugzak","description":"Du nimmst Technik sicher mit: gepolstertes Fach f\u00fcr 15,6 Zoll, dazu stabile F\u00e4cher f\u00fcr Zubeh\u00f6r. Als nachhaltiger RPET-Rucksack begleitet er dich im Alltag, B\u00fcro & Uni. Bei Hidalgo l\u00e4sst du ihn mit deinem Logo veredeln - dezent oder aufmerksamkeitsstark.","inLanguage":"de-DE","isPartOf":{"@id":"https:\/\/hidalgo.nl\/de\/#website"},"breadcrumb":{"@id":"https:\/\/hidalgo.nl\/de\/product\/flashline-grs-rpet-laptop-backpack-rugzak\/#breadcrumblist"},"image":{"@type":"ImageObject","url":"https:\/\/shop.hidalgo.nl\/wp-content\/uploads\/2025\/04\/efbb8839e247ea94192a96708f94730ed2b742d0fede695b2fea9e603f7afa0f.jpg","@id":"https:\/\/hidalgo.nl\/de\/product\/flashline-grs-rpet-laptop-backpack-rugzak\/#mainImage"},"primaryImageOfPage":{"@id":"https:\/\/hidalgo.nl\/de\/product\/flashline-grs-rpet-laptop-backpack-rugzak\/#mainImage"},"datePublished":"2025-05-16T13:04:52+00:00","dateModified":"2026-03-21T00:20:14+00:00"},{"@type":"WebSite","@id":"https:\/\/hidalgo.nl\/de\/#website","url":"https:\/\/hidalgo.nl\/de\/","name":"Hidalgo","inLanguage":"de-DE","publisher":{"@id":"https:\/\/hidalgo.nl\/de\/#organization"}}]},"og:locale":"de_DE","og:site_name":"Hidalgo -","og:type":"article","og:title":"Flashline GRS RPET Laptop Backpack rugzak","og:description":"Du nimmst Technik sicher mit: gepolstertes Fach f\u00fcr 15,6 Zoll, dazu stabile F\u00e4cher f\u00fcr Zubeh\u00f6r. Als nachhaltiger RPET-Rucksack begleitet er dich im Alltag, B\u00fcro &amp; Uni. Bei Hidalgo l\u00e4sst du ihn mit deinem Logo veredeln - dezent oder aufmerksamkeitsstark.","og:url":"https:\/\/hidalgo.nl\/de\/wp-json\/wp\/v2\/product\/774","og:image":"https:\/\/shop.hidalgo.nl\/wp-content\/uploads\/2025\/11\/cropped-Hidalgo-est1993.png","og:image:secure_url":"https:\/\/shop.hidalgo.nl\/wp-content\/uploads\/2025\/11\/cropped-Hidalgo-est1993.png","article:published_time":"2025-05-16T13:04:52+00:00","article:modified_time":"2026-03-21T00:20:14+00:00","twitter:card":"summary_large_image","twitter:title":"Flashline GRS RPET Laptop Backpack rugzak","twitter:description":"Du nimmst Technik sicher mit: gepolstertes Fach f\u00fcr 15,6 Zoll, dazu stabile F\u00e4cher f\u00fcr Zubeh\u00f6r. Als nachhaltiger RPET-Rucksack begleitet er dich im Alltag, B\u00fcro &amp; Uni. Bei Hidalgo l\u00e4sst du ihn mit deinem Logo veredeln - dezent oder aufmerksamkeitsstark.","twitter:image":"https:\/\/shop.hidalgo.nl\/wp-content\/uploads\/2025\/11\/cropped-Hidalgo-est1993.png"},"aioseo_meta_data":{"post_id":"774","title":null,"description":null,"keywords":null,"keyphrases":null,"primary_term":null,"canonical_url":null,"og_title":null,"og_description":null,"og_object_type":"default","og_image_type":"default","og_image_url":null,"og_image_width":null,"og_image_height":null,"og_image_custom_url":null,"og_image_custom_fields":null,"og_video":null,"og_custom_url":null,"og_article_section":null,"og_article_tags":null,"twitter_use_og":false,"twitter_card":"default","twitter_image_type":"default","twitter_image_url":null,"twitter_image_custom_url":null,"twitter_image_custom_fields":null,"twitter_title":null,"twitter_description":null,"schema":{"blockGraphs":[],"customGraphs":[],"default":{"data":{"Article":[],"Course":[],"Dataset":[],"FAQPage":[],"Movie":[],"Person":[],"Product":[],"ProductReview":[],"Car":[],"Recipe":[],"Service":[],"SoftwareApplication":[],"WebPage":[]},"graphName":"","isEnabled":true},"graphs":[]},"schema_type":"default","schema_type_options":null,"pillar_content":false,"robots_default":true,"robots_noindex":false,"robots_noarchive":false,"robots_nosnippet":false,"robots_nofollow":false,"robots_noimageindex":false,"robots_noodp":false,"robots_notranslate":false,"robots_max_snippet":null,"robots_max_videopreview":null,"robots_max_imagepreview":"large","priority":null,"frequency":null,"local_seo":null,"seo_analyzer_scan_date":"2026-01-15 16:54:33","breadcrumb_settings":null,"limit_modified_date":false,"reviewed_by":null,"open_ai":null,"ai":null,"created":"2026-01-14 06:17:37","updated":"2026-03-21 00:56:36"},"aioseo_breadcrumb":"<div class=\"aioseo-breadcrumbs\"><span class=\"aioseo-breadcrumb\">\n\t<a href=\"https:\/\/hidalgo.nl\/de\/\" title=\"Home\">Home<\/a>\n<\/span><span class=\"aioseo-breadcrumb-separator\">\u00bb<\/span><span class=\"aioseo-breadcrumb\">\n\t<a href=\"https:\/\/hidalgo.nl\/example\/\" title=\"example\">example<\/a>\n<\/span><span class=\"aioseo-breadcrumb-separator\">\u00bb<\/span><span class=\"aioseo-breadcrumb\">\n\t<a href=\"https:\/\/hidalgo.nl\/en\/product-supplier\/a24\/\" title=\"A24\">A24<\/a>\n<\/span><span class=\"aioseo-breadcrumb-separator\">\u00bb<\/span><span class=\"aioseo-breadcrumb\">\n\tFlashline GRS RPET Laptop Backpack rugzak\n<\/span><\/div>","aioseo_breadcrumb_json":[{"label":"Home","link":"https:\/\/hidalgo.nl\/de\/"},{"label":"example","link":"https:\/\/hidalgo.nl\/example\/"},{"label":"A24","link":"https:\/\/hidalgo.nl\/en\/product-supplier\/a24\/"},{"label":"Flashline GRS RPET Laptop Backpack rugzak","link":"https:\/\/hidalgo.nl\/de\/product\/flashline-grs-rpet-laptop-backpack-rugzak\/"}],"_links":{"self":[{"href":"https:\/\/hidalgo.nl\/de\/wp-json\/wp\/v2\/product\/774","targetHints":{"allow":["GET"]}}],"collection":[{"href":"https:\/\/hidalgo.nl\/de\/wp-json\/wp\/v2\/product"}],"about":[{"href":"https:\/\/hidalgo.nl\/de\/wp-json\/wp\/v2\/types\/product"}],"wp:featuredmedia":[{"embeddable":true,"href":"https:\/\/hidalgo.nl\/de\/wp-json\/wp\/v2\/media\/775"}],"wp:attachment":[{"href":"https:\/\/hidalgo.nl\/de\/wp-json\/wp\/v2\/media?parent=774"}],"wp:term":[{"taxonomy":"product_brand","embeddable":true,"href":"https:\/\/hidalgo.nl\/de\/wp-json\/wp\/v2\/product_brand?post=774"},{"taxonomy":"product_cat","embeddable":true,"href":"https:\/\/hidalgo.nl\/de\/wp-json\/wp\/v2\/product_cat?post=774"},{"taxonomy":"product_tag","embeddable":true,"href":"https:\/\/hidalgo.nl\/de\/wp-json\/wp\/v2\/product_tag?post=774"}],"curies":[{"name":"wp","href":"https:\/\/api.w.org\/{rel}","templated":true}]}}