{"id":76733,"date":"2025-07-06T23:21:57","date_gmt":"2025-07-06T23:21:57","guid":{"rendered":"http:\/\/bidonsenshakers.pim.hidalgo.nl\/product\/ki0187-waterdichte-rugzak-met-drukriemen\/"},"modified":"2026-03-23T00:43:10","modified_gmt":"2026-03-23T00:43:10","slug":"ki0187-waterdichte-rugzak-met-drukriemen","status":"publish","type":"product","link":"https:\/\/hidalgo.nl\/de\/product\/76733\/wasserdichter-rucksack-bedrucken-roll-top-riemen-one-size\/","title":{"rendered":"KI0187 &#8211; Waterdichte rugzak met drukriemen"},"content":{"rendered":"<p>100 % polyester. 100 % waterdichte rugzak met drukriemen om de inhoud te stabiliseren. Roll-top-rolsluiting. Voorvak met ritssluiting, 100 % waterdicht. Comfortabele en ademende schouderbanden. Veiligheidsfluitje verwerkt in de borstriem. Ideaal voor watersporters of motorrijders.<\/p>\n","protected":false},"excerpt":{"rendered":"<p>100 % polyester. 100 % waterdichte rugzak met drukriemen om de inhoud te stabiliseren. Roll-top-rolsluiting. Voorvak met ritssluiting, 100 % waterdicht. Comfortabele en ademende schouderbanden. Veiligheidsfluitje verwerkt in de borstriem. Ideaal voor watersporters of motorrijders.<\/p>\n","protected":false},"featured_media":786954,"template":"","meta":{"_acf_changed":false,"om_disable_all_campaigns":false,"_monsterinsights_skip_tracking":false,"_monsterinsights_sitenote_active":false,"_monsterinsights_sitenote_note":"","_monsterinsights_sitenote_category":0},"product_brand":[43],"product_cat":[4714,4713,4885],"product_tag":[],"class_list":{"0":"post-76733","1":"product","2":"type-product","3":"status-publish","4":"has-post-thumbnail","6":"product_supplier-a403","7":"product_material-polyester","8":"product_brand-kimood","9":"product_cat-sport-tassen","10":"product_cat-tassen","11":"product_cat-waterdichte-tassen","12":"entry","14":"first","15":"instock","16":"taxable","17":"shipping-taxable","18":"purchasable","19":"product-type-variable"},"acf":{"imprint_cost":[{"imprint_cost_key":"33483b79de35c41f6a5968127e3727b83ce2fe0b","product_quantity_price_range":[{"imprint_cost_recommended_selling_price":"0","imprint_cost_recommended_selling_quantity":"1"}],"product_quantity_price_range_buying":false,"imprint_cost_setup_costs":"","imprint_cost_handling_costs":""}]},"aioseo_notices":[],"aioseo_head":"\n\t\t<!-- All in One SEO Pro 4.9.6.2 - aioseo.com -->\n\t<meta name=\"description\" content=\"Du setzt diesen robusten Rolltop f\u00fcr Events, Outdoor und Pendeln ein, er sch\u00fctzt deine Ausr\u00fcstung zuverl\u00e4ssig und bleibt dank Druckriemen kompakt. In One-Size und Black, ideal wenn du Rucks\u00e4cke bedrucken lassen oder einen Roll Top Rucksack bedrucken willst - wir bringen dein Logo sichtbar an.\" \/>\n\t<meta name=\"robots\" content=\"max-image-preview:large\" \/>\n\t<link rel=\"canonical\" href=\"https:\/\/hidalgo.nl\/de\/wp-json\/wp\/v2\/product\/76733\" \/>\n\t<meta name=\"generator\" content=\"All in One SEO Pro (AIOSEO) 4.9.6.2\" \/>\n\t\t<meta property=\"og:locale\" content=\"de_DE\" \/>\n\t\t<meta property=\"og:site_name\" content=\"Hidalgo -\" \/>\n\t\t<meta property=\"og:type\" content=\"article\" \/>\n\t\t<meta property=\"og:title\" content=\"Wasserdichter Rucksack bedrucken Roll-Top Riemen One-Size\" \/>\n\t\t<meta property=\"og:description\" content=\"Du setzt diesen robusten Rolltop f\u00fcr Events, Outdoor und Pendeln ein, er sch\u00fctzt deine Ausr\u00fcstung zuverl\u00e4ssig und bleibt dank Druckriemen kompakt. In One-Size und Black, ideal wenn du Rucks\u00e4cke bedrucken lassen oder einen Roll Top Rucksack bedrucken willst - wir bringen dein Logo sichtbar an.\" \/>\n\t\t<meta property=\"og:url\" content=\"https:\/\/hidalgo.nl\/de\/wp-json\/wp\/v2\/product\/76733\" \/>\n\t\t<meta property=\"og:image\" content=\"https:\/\/shop.hidalgo.nl\/wp-content\/uploads\/2025\/11\/cropped-Hidalgo-est1993.png\" \/>\n\t\t<meta property=\"og:image:secure_url\" content=\"https:\/\/shop.hidalgo.nl\/wp-content\/uploads\/2025\/11\/cropped-Hidalgo-est1993.png\" \/>\n\t\t<meta property=\"article:published_time\" content=\"2025-07-06T23:21:57+00:00\" \/>\n\t\t<meta property=\"article:modified_time\" content=\"2026-03-23T00:43:10+00:00\" \/>\n\t\t<meta name=\"twitter:card\" content=\"summary_large_image\" \/>\n\t\t<meta name=\"twitter:title\" content=\"Wasserdichter Rucksack bedrucken Roll-Top Riemen One-Size\" \/>\n\t\t<meta name=\"twitter:description\" content=\"Du setzt diesen robusten Rolltop f\u00fcr Events, Outdoor und Pendeln ein, er sch\u00fctzt deine Ausr\u00fcstung zuverl\u00e4ssig und bleibt dank Druckriemen kompakt. In One-Size und Black, ideal wenn du Rucks\u00e4cke bedrucken lassen oder einen Roll Top Rucksack bedrucken willst - wir bringen dein Logo sichtbar an.\" \/>\n\t\t<meta name=\"twitter:image\" content=\"https:\/\/shop.hidalgo.nl\/wp-content\/uploads\/2025\/11\/cropped-Hidalgo-est1993.png\" \/>\n\t\t<script type=\"application\/ld+json\" class=\"aioseo-schema\">\n\t\t\t{\"@context\":\"https:\\\/\\\/schema.org\",\"@graph\":[{\"@type\":\"BreadcrumbList\",\"@id\":\"https:\\\/\\\/hidalgo.nl\\\/de\\\/product\\\/76733\\\/wasserdichter-rucksack-bedrucken-roll-top-riemen-one-size\\\/#breadcrumblist\",\"itemListElement\":[{\"@type\":\"ListItem\",\"@id\":\"https:\\\/\\\/hidalgo.nl\\\/de\\\/#listItem\",\"position\":1,\"name\":\"Home\",\"item\":\"https:\\\/\\\/hidalgo.nl\\\/de\\\/\",\"nextItem\":{\"@type\":\"ListItem\",\"@id\":\"https:\\\/\\\/hidalgo.nl\\\/example\\\/#listItem\",\"name\":\"example\"}},{\"@type\":\"ListItem\",\"@id\":\"https:\\\/\\\/hidalgo.nl\\\/example\\\/#listItem\",\"position\":2,\"name\":\"example\",\"item\":\"https:\\\/\\\/hidalgo.nl\\\/example\\\/\",\"nextItem\":{\"@type\":\"ListItem\",\"@id\":\"https:\\\/\\\/hidalgo.nl\\\/en\\\/product-supplier\\\/a403\\\/#listItem\",\"name\":\"A403\"},\"previousItem\":{\"@type\":\"ListItem\",\"@id\":\"https:\\\/\\\/hidalgo.nl\\\/de\\\/#listItem\",\"name\":\"Home\"}},{\"@type\":\"ListItem\",\"@id\":\"https:\\\/\\\/hidalgo.nl\\\/en\\\/product-supplier\\\/a403\\\/#listItem\",\"position\":3,\"name\":\"A403\",\"item\":\"https:\\\/\\\/hidalgo.nl\\\/en\\\/product-supplier\\\/a403\\\/\",\"nextItem\":{\"@type\":\"ListItem\",\"@id\":\"https:\\\/\\\/hidalgo.nl\\\/de\\\/product\\\/76733\\\/wasserdichter-rucksack-bedrucken-roll-top-riemen-one-size\\\/#listItem\",\"name\":\"KI0187 &#8211; Waterdichte rugzak met drukriemen\"},\"previousItem\":{\"@type\":\"ListItem\",\"@id\":\"https:\\\/\\\/hidalgo.nl\\\/example\\\/#listItem\",\"name\":\"example\"}},{\"@type\":\"ListItem\",\"@id\":\"https:\\\/\\\/hidalgo.nl\\\/de\\\/product\\\/76733\\\/wasserdichter-rucksack-bedrucken-roll-top-riemen-one-size\\\/#listItem\",\"position\":4,\"name\":\"KI0187 &#8211; Waterdichte rugzak met drukriemen\",\"previousItem\":{\"@type\":\"ListItem\",\"@id\":\"https:\\\/\\\/hidalgo.nl\\\/en\\\/product-supplier\\\/a403\\\/#listItem\",\"name\":\"A403\"}}]},{\"@type\":\"Organization\",\"@id\":\"https:\\\/\\\/hidalgo.nl\\\/de\\\/#organization\",\"name\":\"Hidalgo\",\"url\":\"https:\\\/\\\/hidalgo.nl\\\/de\\\/\",\"logo\":{\"@type\":\"ImageObject\",\"url\":\"https:\\\/\\\/shop.hidalgo.nl\\\/wp-content\\\/uploads\\\/2025\\\/11\\\/cropped-Hidalgo-est1993.png\",\"@id\":\"https:\\\/\\\/hidalgo.nl\\\/de\\\/product\\\/76733\\\/wasserdichter-rucksack-bedrucken-roll-top-riemen-one-size\\\/#organizationLogo\",\"width\":585,\"height\":195},\"image\":{\"@id\":\"https:\\\/\\\/hidalgo.nl\\\/de\\\/product\\\/76733\\\/wasserdichter-rucksack-bedrucken-roll-top-riemen-one-size\\\/#organizationLogo\"}},{\"@type\":\"ProductGroup\",\"@id\":\"https:\\\/\\\/hidalgo.nl\\\/de\\\/product\\\/76733\\\/wasserdichter-rucksack-bedrucken-roll-top-riemen-one-size\\\/#wooCommerceProduct\",\"name\":\"Wasserdichter Rucksack bedrucken Roll-Top Riemen One-Size\",\"url\":\"https:\\\/\\\/hidalgo.nl\\\/de\\\/product\\\/76733\\\/wasserdichter-rucksack-bedrucken-roll-top-riemen-one-size\\\/\",\"brand\":{\"@type\":\"Brand\",\"name\":\"Kimood\"},\"sku\":\"A403-KI0187\",\"image\":{\"@type\":\"ImageObject\",\"url\":\"https:\\\/\\\/shop.hidalgo.nl\\\/wp-content\\\/uploads\\\/2025\\\/12\\\/c6063848af0a5b1c5a1fadd4c51777a50d7ed585774c208d80533fc53acefedc-1.png\",\"@id\":\"https:\\\/\\\/hidalgo.nl\\\/de\\\/product\\\/76733\\\/wasserdichter-rucksack-bedrucken-roll-top-riemen-one-size\\\/#productImage\",\"width\":1000,\"height\":934},\"productGroupID\":76733,\"hasVariant\":[{\"@type\":\"Product\",\"@id\":\"https:\\\/\\\/hidalgo.nl\\\/de\\\/product\\\/76733\\\/wasserdichter-rucksack-bedrucken-roll-top-riemen-one-size\\\/#wooCommerceProduct\",\"name\":\"KI0187 - Waterdichte rugzak met drukriemen - , black\",\"url\":\"https:\\\/\\\/hidalgo.nl\\\/de\\\/product\\\/76733\\\/wasserdichter-rucksack-bedrucken-roll-top-riemen-one-size\\\/\",\"sku\":\"A403-KI0187_97084_80385\",\"gtin\":\"3663639139083\",\"image\":{\"@type\":\"ImageObject\",\"url\":\"https:\\\/\\\/shop.hidalgo.nl\\\/wp-content\\\/uploads\\\/2025\\\/12\\\/c6063848af0a5b1c5a1fadd4c51777a50d7ed585774c208d80533fc53acefedc-2.png\",\"@id\":\"https:\\\/\\\/hidalgo.nl\\\/de\\\/product\\\/76733\\\/wasserdichter-rucksack-bedrucken-roll-top-riemen-one-size\\\/#productImage\",\"width\":1000,\"height\":934},\"offers\":{\"@type\":\"Offer\",\"url\":\"https:\\\/\\\/hidalgo.nl\\\/de\\\/product\\\/76733\\\/wasserdichter-rucksack-bedrucken-roll-top-riemen-one-size\\\/#wooCommerceOffer\",\"price\":\"26.83\",\"priceCurrency\":\"EUR\",\"category\":\"Tassen\",\"availability\":\"https:\\\/\\\/schema.org\\\/InStock\",\"priceSpecification\":{\"@type\":\"PriceSpecification\",\"price\":26.83,\"priceCurrency\":\"EUR\",\"valueAddedTaxIncluded\":\"true\"}}},{\"@type\":\"Product\",\"@id\":\"https:\\\/\\\/hidalgo.nl\\\/de\\\/product\\\/76733\\\/wasserdichter-rucksack-bedrucken-roll-top-riemen-one-size\\\/#wooCommerceProduct\",\"name\":\"KI0187 - Waterdichte rugzak met drukriemen - , black\",\"url\":\"https:\\\/\\\/hidalgo.nl\\\/de\\\/product\\\/76733\\\/wasserdichter-rucksack-bedrucken-roll-top-riemen-one-size\\\/\",\"sku\":\"A403-KI0187_80386_80385\",\"gtin\":\"3663639119276\",\"image\":{\"@type\":\"ImageObject\",\"url\":\"https:\\\/\\\/shop.hidalgo.nl\\\/wp-content\\\/uploads\\\/2025\\\/07\\\/b62ee397efbb2392f68cdb2e67ef35c351b5af27aa4752f3e17e30f0b3ac1fa1.png\",\"@id\":\"https:\\\/\\\/hidalgo.nl\\\/de\\\/product\\\/76733\\\/wasserdichter-rucksack-bedrucken-roll-top-riemen-one-size\\\/#productImage\",\"width\":1000,\"height\":934},\"offers\":{\"@type\":\"Offer\",\"url\":\"https:\\\/\\\/hidalgo.nl\\\/de\\\/product\\\/76733\\\/wasserdichter-rucksack-bedrucken-roll-top-riemen-one-size\\\/#wooCommerceOffer\",\"price\":\"26.83\",\"priceCurrency\":\"EUR\",\"category\":\"Tassen\",\"availability\":\"https:\\\/\\\/schema.org\\\/InStock\",\"priceSpecification\":{\"@type\":\"PriceSpecification\",\"price\":26.83,\"priceCurrency\":\"EUR\",\"valueAddedTaxIncluded\":\"true\"}}}]},{\"@type\":\"WebPage\",\"@id\":\"https:\\\/\\\/hidalgo.nl\\\/de\\\/product\\\/76733\\\/wasserdichter-rucksack-bedrucken-roll-top-riemen-one-size\\\/#webpage\",\"url\":\"https:\\\/\\\/hidalgo.nl\\\/de\\\/product\\\/76733\\\/wasserdichter-rucksack-bedrucken-roll-top-riemen-one-size\\\/\",\"name\":\"Wasserdichter Rucksack bedrucken Roll-Top Riemen One-Size\",\"description\":\"Du setzt diesen robusten Rolltop f\\u00fcr Events, Outdoor und Pendeln ein, er sch\\u00fctzt deine Ausr\\u00fcstung zuverl\\u00e4ssig und bleibt dank Druckriemen kompakt. In One-Size und Black, ideal wenn du Rucks\\u00e4cke bedrucken lassen oder einen Roll Top Rucksack bedrucken willst - wir bringen dein Logo sichtbar an.\",\"inLanguage\":\"de-DE\",\"isPartOf\":{\"@id\":\"https:\\\/\\\/hidalgo.nl\\\/de\\\/#website\"},\"breadcrumb\":{\"@id\":\"https:\\\/\\\/hidalgo.nl\\\/de\\\/product\\\/76733\\\/wasserdichter-rucksack-bedrucken-roll-top-riemen-one-size\\\/#breadcrumblist\"},\"image\":{\"@type\":\"ImageObject\",\"url\":\"https:\\\/\\\/shop.hidalgo.nl\\\/wp-content\\\/uploads\\\/2025\\\/12\\\/c6063848af0a5b1c5a1fadd4c51777a50d7ed585774c208d80533fc53acefedc-1.png\",\"@id\":\"https:\\\/\\\/hidalgo.nl\\\/de\\\/product\\\/76733\\\/wasserdichter-rucksack-bedrucken-roll-top-riemen-one-size\\\/#mainImage\",\"width\":1000,\"height\":934},\"primaryImageOfPage\":{\"@id\":\"https:\\\/\\\/hidalgo.nl\\\/de\\\/product\\\/76733\\\/wasserdichter-rucksack-bedrucken-roll-top-riemen-one-size\\\/#mainImage\"},\"datePublished\":\"2025-07-06T23:21:57+00:00\",\"dateModified\":\"2026-03-23T00:43:10+00:00\"},{\"@type\":\"WebSite\",\"@id\":\"https:\\\/\\\/hidalgo.nl\\\/de\\\/#website\",\"url\":\"https:\\\/\\\/hidalgo.nl\\\/de\\\/\",\"name\":\"Hidalgo\",\"inLanguage\":\"de-DE\",\"publisher\":{\"@id\":\"https:\\\/\\\/hidalgo.nl\\\/de\\\/#organization\"}}]}\n\t\t<\/script>\n\t\t<!-- All in One SEO Pro -->\r\n\t\t<title>Wasserdichter Rucksack bedrucken Roll-Top Riemen One-Size<\/title>\n\n","aioseo_head_json":{"title":"Wasserdichter Rucksack bedrucken Roll-Top Riemen One-Size","description":"Du setzt diesen robusten Rolltop f\u00fcr Events, Outdoor und Pendeln ein, er sch\u00fctzt deine Ausr\u00fcstung zuverl\u00e4ssig und bleibt dank Druckriemen kompakt. In One-Size und Black, ideal wenn du Rucks\u00e4cke bedrucken lassen oder einen Roll Top Rucksack bedrucken willst - wir bringen dein Logo sichtbar an.","canonical_url":"https:\/\/hidalgo.nl\/de\/wp-json\/wp\/v2\/product\/76733","robots":"max-image-preview:large","keywords":"","webmasterTools":{"miscellaneous":""},"schema":{"@context":"https:\/\/schema.org","@graph":[{"@type":"BreadcrumbList","@id":"https:\/\/hidalgo.nl\/de\/product\/76733\/wasserdichter-rucksack-bedrucken-roll-top-riemen-one-size\/#breadcrumblist","itemListElement":[{"@type":"ListItem","@id":"https:\/\/hidalgo.nl\/de\/#listItem","position":1,"name":"Home","item":"https:\/\/hidalgo.nl\/de\/","nextItem":{"@type":"ListItem","@id":"https:\/\/hidalgo.nl\/example\/#listItem","name":"example"}},{"@type":"ListItem","@id":"https:\/\/hidalgo.nl\/example\/#listItem","position":2,"name":"example","item":"https:\/\/hidalgo.nl\/example\/","nextItem":{"@type":"ListItem","@id":"https:\/\/hidalgo.nl\/en\/product-supplier\/a403\/#listItem","name":"A403"},"previousItem":{"@type":"ListItem","@id":"https:\/\/hidalgo.nl\/de\/#listItem","name":"Home"}},{"@type":"ListItem","@id":"https:\/\/hidalgo.nl\/en\/product-supplier\/a403\/#listItem","position":3,"name":"A403","item":"https:\/\/hidalgo.nl\/en\/product-supplier\/a403\/","nextItem":{"@type":"ListItem","@id":"https:\/\/hidalgo.nl\/de\/product\/76733\/wasserdichter-rucksack-bedrucken-roll-top-riemen-one-size\/#listItem","name":"KI0187 &#8211; Waterdichte rugzak met drukriemen"},"previousItem":{"@type":"ListItem","@id":"https:\/\/hidalgo.nl\/example\/#listItem","name":"example"}},{"@type":"ListItem","@id":"https:\/\/hidalgo.nl\/de\/product\/76733\/wasserdichter-rucksack-bedrucken-roll-top-riemen-one-size\/#listItem","position":4,"name":"KI0187 &#8211; Waterdichte rugzak met drukriemen","previousItem":{"@type":"ListItem","@id":"https:\/\/hidalgo.nl\/en\/product-supplier\/a403\/#listItem","name":"A403"}}]},{"@type":"Organization","@id":"https:\/\/hidalgo.nl\/de\/#organization","name":"Hidalgo","url":"https:\/\/hidalgo.nl\/de\/","logo":{"@type":"ImageObject","url":"https:\/\/shop.hidalgo.nl\/wp-content\/uploads\/2025\/11\/cropped-Hidalgo-est1993.png","@id":"https:\/\/hidalgo.nl\/de\/product\/76733\/wasserdichter-rucksack-bedrucken-roll-top-riemen-one-size\/#organizationLogo","width":585,"height":195},"image":{"@id":"https:\/\/hidalgo.nl\/de\/product\/76733\/wasserdichter-rucksack-bedrucken-roll-top-riemen-one-size\/#organizationLogo"}},{"@type":"ProductGroup","@id":"https:\/\/hidalgo.nl\/de\/product\/76733\/wasserdichter-rucksack-bedrucken-roll-top-riemen-one-size\/#wooCommerceProduct","name":"Wasserdichter Rucksack bedrucken Roll-Top Riemen One-Size","url":"https:\/\/hidalgo.nl\/de\/product\/76733\/wasserdichter-rucksack-bedrucken-roll-top-riemen-one-size\/","brand":{"@type":"Brand","name":"Kimood"},"sku":"A403-KI0187","image":{"@type":"ImageObject","url":"https:\/\/shop.hidalgo.nl\/wp-content\/uploads\/2025\/12\/c6063848af0a5b1c5a1fadd4c51777a50d7ed585774c208d80533fc53acefedc-1.png","@id":"https:\/\/hidalgo.nl\/de\/product\/76733\/wasserdichter-rucksack-bedrucken-roll-top-riemen-one-size\/#productImage","width":1000,"height":934},"productGroupID":76733,"hasVariant":[{"@type":"Product","@id":"https:\/\/hidalgo.nl\/de\/product\/76733\/wasserdichter-rucksack-bedrucken-roll-top-riemen-one-size\/#wooCommerceProduct","name":"KI0187 - Waterdichte rugzak met drukriemen - , black","url":"https:\/\/hidalgo.nl\/de\/product\/76733\/wasserdichter-rucksack-bedrucken-roll-top-riemen-one-size\/","sku":"A403-KI0187_97084_80385","gtin":"3663639139083","image":{"@type":"ImageObject","url":"https:\/\/shop.hidalgo.nl\/wp-content\/uploads\/2025\/12\/c6063848af0a5b1c5a1fadd4c51777a50d7ed585774c208d80533fc53acefedc-2.png","@id":"https:\/\/hidalgo.nl\/de\/product\/76733\/wasserdichter-rucksack-bedrucken-roll-top-riemen-one-size\/#productImage","width":1000,"height":934},"offers":{"@type":"Offer","url":"https:\/\/hidalgo.nl\/de\/product\/76733\/wasserdichter-rucksack-bedrucken-roll-top-riemen-one-size\/#wooCommerceOffer","price":"26.83","priceCurrency":"EUR","category":"Tassen","availability":"https:\/\/schema.org\/InStock","priceSpecification":{"@type":"PriceSpecification","price":26.83,"priceCurrency":"EUR","valueAddedTaxIncluded":"true"}}},{"@type":"Product","@id":"https:\/\/hidalgo.nl\/de\/product\/76733\/wasserdichter-rucksack-bedrucken-roll-top-riemen-one-size\/#wooCommerceProduct","name":"KI0187 - Waterdichte rugzak met drukriemen - , black","url":"https:\/\/hidalgo.nl\/de\/product\/76733\/wasserdichter-rucksack-bedrucken-roll-top-riemen-one-size\/","sku":"A403-KI0187_80386_80385","gtin":"3663639119276","image":{"@type":"ImageObject","url":"https:\/\/shop.hidalgo.nl\/wp-content\/uploads\/2025\/07\/b62ee397efbb2392f68cdb2e67ef35c351b5af27aa4752f3e17e30f0b3ac1fa1.png","@id":"https:\/\/hidalgo.nl\/de\/product\/76733\/wasserdichter-rucksack-bedrucken-roll-top-riemen-one-size\/#productImage","width":1000,"height":934},"offers":{"@type":"Offer","url":"https:\/\/hidalgo.nl\/de\/product\/76733\/wasserdichter-rucksack-bedrucken-roll-top-riemen-one-size\/#wooCommerceOffer","price":"26.83","priceCurrency":"EUR","category":"Tassen","availability":"https:\/\/schema.org\/InStock","priceSpecification":{"@type":"PriceSpecification","price":26.83,"priceCurrency":"EUR","valueAddedTaxIncluded":"true"}}}]},{"@type":"WebPage","@id":"https:\/\/hidalgo.nl\/de\/product\/76733\/wasserdichter-rucksack-bedrucken-roll-top-riemen-one-size\/#webpage","url":"https:\/\/hidalgo.nl\/de\/product\/76733\/wasserdichter-rucksack-bedrucken-roll-top-riemen-one-size\/","name":"Wasserdichter Rucksack bedrucken Roll-Top Riemen One-Size","description":"Du setzt diesen robusten Rolltop f\u00fcr Events, Outdoor und Pendeln ein, er sch\u00fctzt deine Ausr\u00fcstung zuverl\u00e4ssig und bleibt dank Druckriemen kompakt. In One-Size und Black, ideal wenn du Rucks\u00e4cke bedrucken lassen oder einen Roll Top Rucksack bedrucken willst - wir bringen dein Logo sichtbar an.","inLanguage":"de-DE","isPartOf":{"@id":"https:\/\/hidalgo.nl\/de\/#website"},"breadcrumb":{"@id":"https:\/\/hidalgo.nl\/de\/product\/76733\/wasserdichter-rucksack-bedrucken-roll-top-riemen-one-size\/#breadcrumblist"},"image":{"@type":"ImageObject","url":"https:\/\/shop.hidalgo.nl\/wp-content\/uploads\/2025\/12\/c6063848af0a5b1c5a1fadd4c51777a50d7ed585774c208d80533fc53acefedc-1.png","@id":"https:\/\/hidalgo.nl\/de\/product\/76733\/wasserdichter-rucksack-bedrucken-roll-top-riemen-one-size\/#mainImage","width":1000,"height":934},"primaryImageOfPage":{"@id":"https:\/\/hidalgo.nl\/de\/product\/76733\/wasserdichter-rucksack-bedrucken-roll-top-riemen-one-size\/#mainImage"},"datePublished":"2025-07-06T23:21:57+00:00","dateModified":"2026-03-23T00:43:10+00:00"},{"@type":"WebSite","@id":"https:\/\/hidalgo.nl\/de\/#website","url":"https:\/\/hidalgo.nl\/de\/","name":"Hidalgo","inLanguage":"de-DE","publisher":{"@id":"https:\/\/hidalgo.nl\/de\/#organization"}}]},"og:locale":"de_DE","og:site_name":"Hidalgo -","og:type":"article","og:title":"Wasserdichter Rucksack bedrucken Roll-Top Riemen One-Size","og:description":"Du setzt diesen robusten Rolltop f\u00fcr Events, Outdoor und Pendeln ein, er sch\u00fctzt deine Ausr\u00fcstung zuverl\u00e4ssig und bleibt dank Druckriemen kompakt. In One-Size und Black, ideal wenn du Rucks\u00e4cke bedrucken lassen oder einen Roll Top Rucksack bedrucken willst - wir bringen dein Logo sichtbar an.","og:url":"https:\/\/hidalgo.nl\/de\/wp-json\/wp\/v2\/product\/76733","og:image":"https:\/\/shop.hidalgo.nl\/wp-content\/uploads\/2025\/11\/cropped-Hidalgo-est1993.png","og:image:secure_url":"https:\/\/shop.hidalgo.nl\/wp-content\/uploads\/2025\/11\/cropped-Hidalgo-est1993.png","article:published_time":"2025-07-06T23:21:57+00:00","article:modified_time":"2026-03-23T00:43:10+00:00","twitter:card":"summary_large_image","twitter:title":"Wasserdichter Rucksack bedrucken Roll-Top Riemen One-Size","twitter:description":"Du setzt diesen robusten Rolltop f\u00fcr Events, Outdoor und Pendeln ein, er sch\u00fctzt deine Ausr\u00fcstung zuverl\u00e4ssig und bleibt dank Druckriemen kompakt. In One-Size und Black, ideal wenn du Rucks\u00e4cke bedrucken lassen oder einen Roll Top Rucksack bedrucken willst - wir bringen dein Logo sichtbar an.","twitter:image":"https:\/\/shop.hidalgo.nl\/wp-content\/uploads\/2025\/11\/cropped-Hidalgo-est1993.png"},"aioseo_meta_data":{"post_id":"76733","title":null,"description":null,"keywords":null,"keyphrases":null,"primary_term":null,"canonical_url":null,"og_title":null,"og_description":null,"og_object_type":"default","og_image_type":"default","og_image_url":null,"og_image_width":null,"og_image_height":null,"og_image_custom_url":null,"og_image_custom_fields":null,"og_video":null,"og_custom_url":null,"og_article_section":null,"og_article_tags":null,"twitter_use_og":false,"twitter_card":"default","twitter_image_type":"default","twitter_image_url":null,"twitter_image_custom_url":null,"twitter_image_custom_fields":null,"twitter_title":null,"twitter_description":null,"schema":{"blockGraphs":[],"customGraphs":[],"default":{"data":{"Article":[],"Course":[],"Dataset":[],"FAQPage":[],"Movie":[],"Person":[],"Product":[],"ProductReview":[],"Car":[],"Recipe":[],"Service":[],"SoftwareApplication":[],"WebPage":[]},"graphName":"","isEnabled":true},"graphs":[]},"schema_type":"default","schema_type_options":null,"pillar_content":false,"robots_default":true,"robots_noindex":false,"robots_noarchive":false,"robots_nosnippet":false,"robots_nofollow":false,"robots_noimageindex":false,"robots_noodp":false,"robots_notranslate":false,"robots_max_snippet":null,"robots_max_videopreview":null,"robots_max_imagepreview":"large","priority":null,"frequency":null,"local_seo":null,"seo_analyzer_scan_date":"2026-01-20 15:23:51","breadcrumb_settings":null,"limit_modified_date":false,"reviewed_by":null,"open_ai":null,"ai":null,"created":"2026-01-14 06:25:29","updated":"2026-04-22 19:03:00"},"aioseo_breadcrumb":"<div class=\"aioseo-breadcrumbs\"><span class=\"aioseo-breadcrumb\">\n\t<a href=\"https:\/\/hidalgo.nl\/de\/\" title=\"Home\">Home<\/a>\n<\/span><span class=\"aioseo-breadcrumb-separator\">\u00bb<\/span><span class=\"aioseo-breadcrumb\">\n\t<a href=\"https:\/\/hidalgo.nl\/example\/\" title=\"example\">example<\/a>\n<\/span><span class=\"aioseo-breadcrumb-separator\">\u00bb<\/span><span class=\"aioseo-breadcrumb\">\n\t<a href=\"https:\/\/hidalgo.nl\/en\/product-supplier\/a403\/\" title=\"A403\">A403<\/a>\n<\/span><span class=\"aioseo-breadcrumb-separator\">\u00bb<\/span><span class=\"aioseo-breadcrumb\">\n\tKI0187 \u2013 Waterdichte rugzak met drukriemen\n<\/span><\/div>","aioseo_breadcrumb_json":[{"label":"Home","link":"https:\/\/hidalgo.nl\/de\/"},{"label":"example","link":"https:\/\/hidalgo.nl\/example\/"},{"label":"A403","link":"https:\/\/hidalgo.nl\/en\/product-supplier\/a403\/"},{"label":"KI0187 &#8211; Waterdichte rugzak met drukriemen","link":"https:\/\/hidalgo.nl\/de\/product\/76733\/wasserdichter-rucksack-bedrucken-roll-top-riemen-one-size\/"}],"_links":{"self":[{"href":"https:\/\/hidalgo.nl\/de\/wp-json\/wp\/v2\/product\/76733","targetHints":{"allow":["GET"]}}],"collection":[{"href":"https:\/\/hidalgo.nl\/de\/wp-json\/wp\/v2\/product"}],"about":[{"href":"https:\/\/hidalgo.nl\/de\/wp-json\/wp\/v2\/types\/product"}],"wp:featuredmedia":[{"embeddable":true,"href":"https:\/\/hidalgo.nl\/de\/wp-json\/wp\/v2\/media\/786954"}],"wp:attachment":[{"href":"https:\/\/hidalgo.nl\/de\/wp-json\/wp\/v2\/media?parent=76733"}],"wp:term":[{"taxonomy":"product_brand","embeddable":true,"href":"https:\/\/hidalgo.nl\/de\/wp-json\/wp\/v2\/product_brand?post=76733"},{"taxonomy":"product_cat","embeddable":true,"href":"https:\/\/hidalgo.nl\/de\/wp-json\/wp\/v2\/product_cat?post=76733"},{"taxonomy":"product_tag","embeddable":true,"href":"https:\/\/hidalgo.nl\/de\/wp-json\/wp\/v2\/product_tag?post=76733"}],"curies":[{"name":"wp","href":"https:\/\/api.w.org\/{rel}","templated":true}]}}