{"id":76617,"date":"2025-07-06T23:19:21","date_gmt":"2025-07-06T23:19:21","guid":{"rendered":"http:\/\/bidonsenshakers.pim.hidalgo.nl\/product\/ki0172-vrijetijdsrugzak-met-helmhouder\/"},"modified":"2026-03-22T19:03:56","modified_gmt":"2026-03-22T19:03:56","slug":"ki0172-vrijetijdsrugzak-met-helmhouder","status":"publish","type":"product","link":"https:\/\/hidalgo.nl\/de\/product\/76617\/freizeitrucksack-bedrucken-15-zoll-laptop-helmnetz-one-size\/","title":{"rendered":"KI0172 &#8211; Vrijetijdsrugzak met helmhouder"},"content":{"rendered":"<p>100 % polyester. Rugzak  in urban stijl en geschikt voor vrijetijdsactiviteiten. Groot hoofdvak met ruimte voor een computer van max. 15&#8220;. Grote zak op de voorzijde. Tussenvak. Afneembaar helmnetje dat kan worden opgevouwen in de speciaal daarvoor voorziene ritszak onder de rugzak. Drukriemen aan de zijkant en een buikriem zodat de rugzak beter blijft zitten. Zijzakken van elastische mesh met aanrijgkoord.Ergonomische schouderbanden en ademende achterzijde.<\/p>\n","protected":false},"excerpt":{"rendered":"<p>100 % polyester. Rugzak in urban stijl en geschikt voor vrijetijdsactiviteiten. Groot hoofdvak met ruimte voor een computer van max. 15&#8220;. Grote zak op de voorzijde. Tussenvak. Afneembaar helmnetje dat kan worden opgevouwen in de speciaal daarvoor voorziene ritszak onder de rugzak. Drukriemen aan de zijkant en een buikriem zodat de rugzak beter blijft zitten.&hellip; <a class=\"more-link\" href=\"https:\/\/hidalgo.nl\/de\/product\/76617\/freizeitrucksack-bedrucken-15-zoll-laptop-helmnetz-one-size\/\"><span class=\"screen-reader-text\">KI0172 &#8211; Vrijetijdsrugzak met helmhouder<\/span> weiterlesen<\/a><\/p>\n","protected":false},"featured_media":76618,"template":"","meta":{"_acf_changed":false,"om_disable_all_campaigns":false,"_monsterinsights_skip_tracking":false,"_monsterinsights_sitenote_active":false,"_monsterinsights_sitenote_note":"","_monsterinsights_sitenote_category":0},"product_brand":[43],"product_cat":[4795,4796,4713],"product_tag":[],"class_list":{"0":"post-76617","1":"product","2":"type-product","3":"status-publish","4":"has-post-thumbnail","6":"product_supplier-a403","7":"product_material-polyester","8":"product_brand-kimood","9":"product_cat-rugtassen","10":"product_cat-rugzakken","11":"product_cat-tassen","12":"entry","14":"first","15":"instock","16":"taxable","17":"shipping-taxable","18":"purchasable","19":"product-type-variable"},"acf":{"imprint_cost":[{"imprint_cost_key":"33483b79de35c41f6a5968127e3727b83ce2fe0b","product_quantity_price_range":[{"imprint_cost_recommended_selling_price":"0","imprint_cost_recommended_selling_quantity":"1"}],"product_quantity_price_range_buying":false,"imprint_cost_setup_costs":"","imprint_cost_handling_costs":""}]},"aioseo_notices":[],"aioseo_head":"\n\t\t<!-- All in One SEO Pro 4.9.6.2 - aioseo.com -->\n\t<meta name=\"description\" content=\"Pendle entspannt mit Helm &amp; 15\u2011Zoll\u2011Laptop: Der Rucksack mit Helmhalterung und Helmnetz bietet ein gepolstertes Laptopfach 15 Zoll und schnellen Zugriff auf deine Ausr\u00fcstung. One-size. Bei Hidalgo l\u00e4sst du Rucks\u00e4cke bedrucken lassen - mit deinem Logo f\u00fcr Events, Teams und Promotions.\" \/>\n\t<meta name=\"robots\" content=\"max-image-preview:large\" \/>\n\t<link rel=\"canonical\" href=\"https:\/\/hidalgo.nl\/de\/wp-json\/wp\/v2\/product\/76617\" \/>\n\t<meta name=\"generator\" content=\"All in One SEO Pro (AIOSEO) 4.9.6.2\" \/>\n\t\t<meta property=\"og:locale\" content=\"de_DE\" \/>\n\t\t<meta property=\"og:site_name\" content=\"Hidalgo -\" \/>\n\t\t<meta property=\"og:type\" content=\"article\" \/>\n\t\t<meta property=\"og:title\" content=\"Freizeitrucksack Bedrucken 15 Zoll Laptop Helmnetz One-size\" \/>\n\t\t<meta property=\"og:description\" content=\"Pendle entspannt mit Helm &amp; 15\u2011Zoll\u2011Laptop: Der Rucksack mit Helmhalterung und Helmnetz bietet ein gepolstertes Laptopfach 15 Zoll und schnellen Zugriff auf deine Ausr\u00fcstung. One-size. Bei Hidalgo l\u00e4sst du Rucks\u00e4cke bedrucken lassen - mit deinem Logo f\u00fcr Events, Teams und Promotions.\" \/>\n\t\t<meta property=\"og:url\" content=\"https:\/\/hidalgo.nl\/de\/wp-json\/wp\/v2\/product\/76617\" \/>\n\t\t<meta property=\"og:image\" content=\"https:\/\/shop.hidalgo.nl\/wp-content\/uploads\/2025\/11\/cropped-Hidalgo-est1993.png\" \/>\n\t\t<meta property=\"og:image:secure_url\" content=\"https:\/\/shop.hidalgo.nl\/wp-content\/uploads\/2025\/11\/cropped-Hidalgo-est1993.png\" \/>\n\t\t<meta property=\"article:published_time\" content=\"2025-07-06T23:19:21+00:00\" \/>\n\t\t<meta property=\"article:modified_time\" content=\"2026-03-22T19:03:56+00:00\" \/>\n\t\t<meta name=\"twitter:card\" content=\"summary_large_image\" \/>\n\t\t<meta name=\"twitter:title\" content=\"Freizeitrucksack Bedrucken 15 Zoll Laptop Helmnetz One-size\" \/>\n\t\t<meta name=\"twitter:description\" content=\"Pendle entspannt mit Helm &amp; 15\u2011Zoll\u2011Laptop: Der Rucksack mit Helmhalterung und Helmnetz bietet ein gepolstertes Laptopfach 15 Zoll und schnellen Zugriff auf deine Ausr\u00fcstung. One-size. Bei Hidalgo l\u00e4sst du Rucks\u00e4cke bedrucken lassen - mit deinem Logo f\u00fcr Events, Teams und Promotions.\" \/>\n\t\t<meta name=\"twitter:image\" content=\"https:\/\/shop.hidalgo.nl\/wp-content\/uploads\/2025\/11\/cropped-Hidalgo-est1993.png\" \/>\n\t\t<script type=\"application\/ld+json\" class=\"aioseo-schema\">\n\t\t\t{\"@context\":\"https:\\\/\\\/schema.org\",\"@graph\":[{\"@type\":\"BreadcrumbList\",\"@id\":\"https:\\\/\\\/hidalgo.nl\\\/de\\\/product\\\/76617\\\/freizeitrucksack-bedrucken-15-zoll-laptop-helmnetz-one-size\\\/#breadcrumblist\",\"itemListElement\":[{\"@type\":\"ListItem\",\"@id\":\"https:\\\/\\\/hidalgo.nl\\\/de\\\/#listItem\",\"position\":1,\"name\":\"Home\",\"item\":\"https:\\\/\\\/hidalgo.nl\\\/de\\\/\",\"nextItem\":{\"@type\":\"ListItem\",\"@id\":\"https:\\\/\\\/hidalgo.nl\\\/example\\\/#listItem\",\"name\":\"example\"}},{\"@type\":\"ListItem\",\"@id\":\"https:\\\/\\\/hidalgo.nl\\\/example\\\/#listItem\",\"position\":2,\"name\":\"example\",\"item\":\"https:\\\/\\\/hidalgo.nl\\\/example\\\/\",\"nextItem\":{\"@type\":\"ListItem\",\"@id\":\"https:\\\/\\\/hidalgo.nl\\\/en\\\/product-supplier\\\/a403\\\/#listItem\",\"name\":\"A403\"},\"previousItem\":{\"@type\":\"ListItem\",\"@id\":\"https:\\\/\\\/hidalgo.nl\\\/de\\\/#listItem\",\"name\":\"Home\"}},{\"@type\":\"ListItem\",\"@id\":\"https:\\\/\\\/hidalgo.nl\\\/en\\\/product-supplier\\\/a403\\\/#listItem\",\"position\":3,\"name\":\"A403\",\"item\":\"https:\\\/\\\/hidalgo.nl\\\/en\\\/product-supplier\\\/a403\\\/\",\"nextItem\":{\"@type\":\"ListItem\",\"@id\":\"https:\\\/\\\/hidalgo.nl\\\/de\\\/product\\\/76617\\\/freizeitrucksack-bedrucken-15-zoll-laptop-helmnetz-one-size\\\/#listItem\",\"name\":\"KI0172 &#8211; Vrijetijdsrugzak met helmhouder\"},\"previousItem\":{\"@type\":\"ListItem\",\"@id\":\"https:\\\/\\\/hidalgo.nl\\\/example\\\/#listItem\",\"name\":\"example\"}},{\"@type\":\"ListItem\",\"@id\":\"https:\\\/\\\/hidalgo.nl\\\/de\\\/product\\\/76617\\\/freizeitrucksack-bedrucken-15-zoll-laptop-helmnetz-one-size\\\/#listItem\",\"position\":4,\"name\":\"KI0172 &#8211; Vrijetijdsrugzak met helmhouder\",\"previousItem\":{\"@type\":\"ListItem\",\"@id\":\"https:\\\/\\\/hidalgo.nl\\\/en\\\/product-supplier\\\/a403\\\/#listItem\",\"name\":\"A403\"}}]},{\"@type\":\"Organization\",\"@id\":\"https:\\\/\\\/hidalgo.nl\\\/de\\\/#organization\",\"name\":\"Hidalgo\",\"url\":\"https:\\\/\\\/hidalgo.nl\\\/de\\\/\",\"logo\":{\"@type\":\"ImageObject\",\"url\":\"https:\\\/\\\/shop.hidalgo.nl\\\/wp-content\\\/uploads\\\/2025\\\/11\\\/cropped-Hidalgo-est1993.png\",\"@id\":\"https:\\\/\\\/hidalgo.nl\\\/de\\\/product\\\/76617\\\/freizeitrucksack-bedrucken-15-zoll-laptop-helmnetz-one-size\\\/#organizationLogo\",\"width\":585,\"height\":195},\"image\":{\"@id\":\"https:\\\/\\\/hidalgo.nl\\\/de\\\/product\\\/76617\\\/freizeitrucksack-bedrucken-15-zoll-laptop-helmnetz-one-size\\\/#organizationLogo\"}},{\"@type\":\"ProductGroup\",\"@id\":\"https:\\\/\\\/hidalgo.nl\\\/de\\\/product\\\/76617\\\/freizeitrucksack-bedrucken-15-zoll-laptop-helmnetz-one-size\\\/#wooCommerceProduct\",\"name\":\"Freizeitrucksack Bedrucken 15 Zoll Laptop Helmnetz One-size\",\"url\":\"https:\\\/\\\/hidalgo.nl\\\/de\\\/product\\\/76617\\\/freizeitrucksack-bedrucken-15-zoll-laptop-helmnetz-one-size\\\/\",\"brand\":{\"@type\":\"Brand\",\"name\":\"Kimood\"},\"sku\":\"A403-KI0172\",\"image\":{\"@type\":\"ImageObject\",\"url\":\"https:\\\/\\\/shop.hidalgo.nl\\\/wp-content\\\/uploads\\\/2025\\\/07\\\/aed391ae9770397270b3f20c63821e388623208ca2225abd0f572613eb44eb80.png\",\"@id\":\"https:\\\/\\\/hidalgo.nl\\\/de\\\/product\\\/76617\\\/freizeitrucksack-bedrucken-15-zoll-laptop-helmnetz-one-size\\\/#productImage\",\"width\":1000,\"height\":934},\"productGroupID\":76617,\"hasVariant\":[{\"@type\":\"Product\",\"@id\":\"https:\\\/\\\/hidalgo.nl\\\/de\\\/product\\\/76617\\\/freizeitrucksack-bedrucken-15-zoll-laptop-helmnetz-one-size\\\/#wooCommerceProduct\",\"name\":\"KI0172 - Vrijetijdsrugzak met helmhouder - , black\",\"url\":\"https:\\\/\\\/hidalgo.nl\\\/de\\\/product\\\/76617\\\/freizeitrucksack-bedrucken-15-zoll-laptop-helmnetz-one-size\\\/\",\"sku\":\"A403-KI0172_64203_64202\",\"gtin\":\"3663639095778\",\"image\":{\"@type\":\"ImageObject\",\"url\":\"https:\\\/\\\/shop.hidalgo.nl\\\/wp-content\\\/uploads\\\/2025\\\/07\\\/aed391ae9770397270b3f20c63821e388623208ca2225abd0f572613eb44eb80.png\",\"@id\":\"https:\\\/\\\/hidalgo.nl\\\/de\\\/product\\\/76617\\\/freizeitrucksack-bedrucken-15-zoll-laptop-helmnetz-one-size\\\/#productImage\",\"width\":1000,\"height\":934},\"offers\":{\"@type\":\"Offer\",\"url\":\"https:\\\/\\\/hidalgo.nl\\\/de\\\/product\\\/76617\\\/freizeitrucksack-bedrucken-15-zoll-laptop-helmnetz-one-size\\\/#wooCommerceOffer\",\"price\":\"28.32\",\"priceCurrency\":\"EUR\",\"category\":\"Tassen\",\"availability\":\"https:\\\/\\\/schema.org\\\/InStock\",\"priceSpecification\":{\"@type\":\"PriceSpecification\",\"price\":28.32,\"priceCurrency\":\"EUR\",\"valueAddedTaxIncluded\":\"true\"}}},{\"@type\":\"Product\",\"@id\":\"https:\\\/\\\/hidalgo.nl\\\/de\\\/product\\\/76617\\\/freizeitrucksack-bedrucken-15-zoll-laptop-helmnetz-one-size\\\/#wooCommerceProduct\",\"name\":\"KI0172 - Vrijetijdsrugzak met helmhouder - , navy\",\"url\":\"https:\\\/\\\/hidalgo.nl\\\/de\\\/product\\\/76617\\\/freizeitrucksack-bedrucken-15-zoll-laptop-helmnetz-one-size\\\/\",\"sku\":\"A403-KI0172_86168_64202\",\"gtin\":\"3663639128322\",\"image\":{\"@type\":\"ImageObject\",\"url\":\"https:\\\/\\\/shop.hidalgo.nl\\\/wp-content\\\/uploads\\\/2025\\\/07\\\/b7384eac82fd3e5e2f4e09d83711a38f36fe5c5e1d98acff9bf26f5ce7744c47.png\",\"@id\":\"https:\\\/\\\/hidalgo.nl\\\/de\\\/product\\\/76617\\\/freizeitrucksack-bedrucken-15-zoll-laptop-helmnetz-one-size\\\/#productImage\",\"width\":1000,\"height\":1000},\"offers\":{\"@type\":\"Offer\",\"url\":\"https:\\\/\\\/hidalgo.nl\\\/de\\\/product\\\/76617\\\/freizeitrucksack-bedrucken-15-zoll-laptop-helmnetz-one-size\\\/#wooCommerceOffer\",\"price\":\"28.32\",\"priceCurrency\":\"EUR\",\"category\":\"Tassen\",\"availability\":\"https:\\\/\\\/schema.org\\\/InStock\",\"priceSpecification\":{\"@type\":\"PriceSpecification\",\"price\":28.32,\"priceCurrency\":\"EUR\",\"valueAddedTaxIncluded\":\"true\"}}}]},{\"@type\":\"WebPage\",\"@id\":\"https:\\\/\\\/hidalgo.nl\\\/de\\\/product\\\/76617\\\/freizeitrucksack-bedrucken-15-zoll-laptop-helmnetz-one-size\\\/#webpage\",\"url\":\"https:\\\/\\\/hidalgo.nl\\\/de\\\/product\\\/76617\\\/freizeitrucksack-bedrucken-15-zoll-laptop-helmnetz-one-size\\\/\",\"name\":\"Freizeitrucksack Bedrucken 15 Zoll Laptop Helmnetz One-size\",\"description\":\"Pendle entspannt mit Helm & 15\\u2011Zoll\\u2011Laptop: Der Rucksack mit Helmhalterung und Helmnetz bietet ein gepolstertes Laptopfach 15 Zoll und schnellen Zugriff auf deine Ausr\\u00fcstung. One-size. Bei Hidalgo l\\u00e4sst du Rucks\\u00e4cke bedrucken lassen - mit deinem Logo f\\u00fcr Events, Teams und Promotions.\",\"inLanguage\":\"de-DE\",\"isPartOf\":{\"@id\":\"https:\\\/\\\/hidalgo.nl\\\/de\\\/#website\"},\"breadcrumb\":{\"@id\":\"https:\\\/\\\/hidalgo.nl\\\/de\\\/product\\\/76617\\\/freizeitrucksack-bedrucken-15-zoll-laptop-helmnetz-one-size\\\/#breadcrumblist\"},\"image\":{\"@type\":\"ImageObject\",\"url\":\"https:\\\/\\\/shop.hidalgo.nl\\\/wp-content\\\/uploads\\\/2025\\\/07\\\/aed391ae9770397270b3f20c63821e388623208ca2225abd0f572613eb44eb80.png\",\"@id\":\"https:\\\/\\\/hidalgo.nl\\\/de\\\/product\\\/76617\\\/freizeitrucksack-bedrucken-15-zoll-laptop-helmnetz-one-size\\\/#mainImage\",\"width\":1000,\"height\":934},\"primaryImageOfPage\":{\"@id\":\"https:\\\/\\\/hidalgo.nl\\\/de\\\/product\\\/76617\\\/freizeitrucksack-bedrucken-15-zoll-laptop-helmnetz-one-size\\\/#mainImage\"},\"datePublished\":\"2025-07-06T23:19:21+00:00\",\"dateModified\":\"2026-03-22T19:03:56+00:00\"},{\"@type\":\"WebSite\",\"@id\":\"https:\\\/\\\/hidalgo.nl\\\/de\\\/#website\",\"url\":\"https:\\\/\\\/hidalgo.nl\\\/de\\\/\",\"name\":\"Hidalgo\",\"inLanguage\":\"de-DE\",\"publisher\":{\"@id\":\"https:\\\/\\\/hidalgo.nl\\\/de\\\/#organization\"}}]}\n\t\t<\/script>\n\t\t<!-- All in One SEO Pro -->\r\n\t\t<title>Freizeitrucksack Bedrucken 15 Zoll Laptop Helmnetz One-size<\/title>\n\n","aioseo_head_json":{"title":"Freizeitrucksack Bedrucken 15 Zoll Laptop Helmnetz One-size","description":"Pendle entspannt mit Helm & 15\u2011Zoll\u2011Laptop: Der Rucksack mit Helmhalterung und Helmnetz bietet ein gepolstertes Laptopfach 15 Zoll und schnellen Zugriff auf deine Ausr\u00fcstung. One-size. Bei Hidalgo l\u00e4sst du Rucks\u00e4cke bedrucken lassen - mit deinem Logo f\u00fcr Events, Teams und Promotions.","canonical_url":"https:\/\/hidalgo.nl\/de\/wp-json\/wp\/v2\/product\/76617","robots":"max-image-preview:large","keywords":"","webmasterTools":{"miscellaneous":""},"schema":{"@context":"https:\/\/schema.org","@graph":[{"@type":"BreadcrumbList","@id":"https:\/\/hidalgo.nl\/de\/product\/76617\/freizeitrucksack-bedrucken-15-zoll-laptop-helmnetz-one-size\/#breadcrumblist","itemListElement":[{"@type":"ListItem","@id":"https:\/\/hidalgo.nl\/de\/#listItem","position":1,"name":"Home","item":"https:\/\/hidalgo.nl\/de\/","nextItem":{"@type":"ListItem","@id":"https:\/\/hidalgo.nl\/example\/#listItem","name":"example"}},{"@type":"ListItem","@id":"https:\/\/hidalgo.nl\/example\/#listItem","position":2,"name":"example","item":"https:\/\/hidalgo.nl\/example\/","nextItem":{"@type":"ListItem","@id":"https:\/\/hidalgo.nl\/en\/product-supplier\/a403\/#listItem","name":"A403"},"previousItem":{"@type":"ListItem","@id":"https:\/\/hidalgo.nl\/de\/#listItem","name":"Home"}},{"@type":"ListItem","@id":"https:\/\/hidalgo.nl\/en\/product-supplier\/a403\/#listItem","position":3,"name":"A403","item":"https:\/\/hidalgo.nl\/en\/product-supplier\/a403\/","nextItem":{"@type":"ListItem","@id":"https:\/\/hidalgo.nl\/de\/product\/76617\/freizeitrucksack-bedrucken-15-zoll-laptop-helmnetz-one-size\/#listItem","name":"KI0172 &#8211; Vrijetijdsrugzak met helmhouder"},"previousItem":{"@type":"ListItem","@id":"https:\/\/hidalgo.nl\/example\/#listItem","name":"example"}},{"@type":"ListItem","@id":"https:\/\/hidalgo.nl\/de\/product\/76617\/freizeitrucksack-bedrucken-15-zoll-laptop-helmnetz-one-size\/#listItem","position":4,"name":"KI0172 &#8211; Vrijetijdsrugzak met helmhouder","previousItem":{"@type":"ListItem","@id":"https:\/\/hidalgo.nl\/en\/product-supplier\/a403\/#listItem","name":"A403"}}]},{"@type":"Organization","@id":"https:\/\/hidalgo.nl\/de\/#organization","name":"Hidalgo","url":"https:\/\/hidalgo.nl\/de\/","logo":{"@type":"ImageObject","url":"https:\/\/shop.hidalgo.nl\/wp-content\/uploads\/2025\/11\/cropped-Hidalgo-est1993.png","@id":"https:\/\/hidalgo.nl\/de\/product\/76617\/freizeitrucksack-bedrucken-15-zoll-laptop-helmnetz-one-size\/#organizationLogo","width":585,"height":195},"image":{"@id":"https:\/\/hidalgo.nl\/de\/product\/76617\/freizeitrucksack-bedrucken-15-zoll-laptop-helmnetz-one-size\/#organizationLogo"}},{"@type":"ProductGroup","@id":"https:\/\/hidalgo.nl\/de\/product\/76617\/freizeitrucksack-bedrucken-15-zoll-laptop-helmnetz-one-size\/#wooCommerceProduct","name":"Freizeitrucksack Bedrucken 15 Zoll Laptop Helmnetz One-size","url":"https:\/\/hidalgo.nl\/de\/product\/76617\/freizeitrucksack-bedrucken-15-zoll-laptop-helmnetz-one-size\/","brand":{"@type":"Brand","name":"Kimood"},"sku":"A403-KI0172","image":{"@type":"ImageObject","url":"https:\/\/shop.hidalgo.nl\/wp-content\/uploads\/2025\/07\/aed391ae9770397270b3f20c63821e388623208ca2225abd0f572613eb44eb80.png","@id":"https:\/\/hidalgo.nl\/de\/product\/76617\/freizeitrucksack-bedrucken-15-zoll-laptop-helmnetz-one-size\/#productImage","width":1000,"height":934},"productGroupID":76617,"hasVariant":[{"@type":"Product","@id":"https:\/\/hidalgo.nl\/de\/product\/76617\/freizeitrucksack-bedrucken-15-zoll-laptop-helmnetz-one-size\/#wooCommerceProduct","name":"KI0172 - Vrijetijdsrugzak met helmhouder - , black","url":"https:\/\/hidalgo.nl\/de\/product\/76617\/freizeitrucksack-bedrucken-15-zoll-laptop-helmnetz-one-size\/","sku":"A403-KI0172_64203_64202","gtin":"3663639095778","image":{"@type":"ImageObject","url":"https:\/\/shop.hidalgo.nl\/wp-content\/uploads\/2025\/07\/aed391ae9770397270b3f20c63821e388623208ca2225abd0f572613eb44eb80.png","@id":"https:\/\/hidalgo.nl\/de\/product\/76617\/freizeitrucksack-bedrucken-15-zoll-laptop-helmnetz-one-size\/#productImage","width":1000,"height":934},"offers":{"@type":"Offer","url":"https:\/\/hidalgo.nl\/de\/product\/76617\/freizeitrucksack-bedrucken-15-zoll-laptop-helmnetz-one-size\/#wooCommerceOffer","price":"28.32","priceCurrency":"EUR","category":"Tassen","availability":"https:\/\/schema.org\/InStock","priceSpecification":{"@type":"PriceSpecification","price":28.32,"priceCurrency":"EUR","valueAddedTaxIncluded":"true"}}},{"@type":"Product","@id":"https:\/\/hidalgo.nl\/de\/product\/76617\/freizeitrucksack-bedrucken-15-zoll-laptop-helmnetz-one-size\/#wooCommerceProduct","name":"KI0172 - Vrijetijdsrugzak met helmhouder - , navy","url":"https:\/\/hidalgo.nl\/de\/product\/76617\/freizeitrucksack-bedrucken-15-zoll-laptop-helmnetz-one-size\/","sku":"A403-KI0172_86168_64202","gtin":"3663639128322","image":{"@type":"ImageObject","url":"https:\/\/shop.hidalgo.nl\/wp-content\/uploads\/2025\/07\/b7384eac82fd3e5e2f4e09d83711a38f36fe5c5e1d98acff9bf26f5ce7744c47.png","@id":"https:\/\/hidalgo.nl\/de\/product\/76617\/freizeitrucksack-bedrucken-15-zoll-laptop-helmnetz-one-size\/#productImage","width":1000,"height":1000},"offers":{"@type":"Offer","url":"https:\/\/hidalgo.nl\/de\/product\/76617\/freizeitrucksack-bedrucken-15-zoll-laptop-helmnetz-one-size\/#wooCommerceOffer","price":"28.32","priceCurrency":"EUR","category":"Tassen","availability":"https:\/\/schema.org\/InStock","priceSpecification":{"@type":"PriceSpecification","price":28.32,"priceCurrency":"EUR","valueAddedTaxIncluded":"true"}}}]},{"@type":"WebPage","@id":"https:\/\/hidalgo.nl\/de\/product\/76617\/freizeitrucksack-bedrucken-15-zoll-laptop-helmnetz-one-size\/#webpage","url":"https:\/\/hidalgo.nl\/de\/product\/76617\/freizeitrucksack-bedrucken-15-zoll-laptop-helmnetz-one-size\/","name":"Freizeitrucksack Bedrucken 15 Zoll Laptop Helmnetz One-size","description":"Pendle entspannt mit Helm & 15\u2011Zoll\u2011Laptop: Der Rucksack mit Helmhalterung und Helmnetz bietet ein gepolstertes Laptopfach 15 Zoll und schnellen Zugriff auf deine Ausr\u00fcstung. One-size. Bei Hidalgo l\u00e4sst du Rucks\u00e4cke bedrucken lassen - mit deinem Logo f\u00fcr Events, Teams und Promotions.","inLanguage":"de-DE","isPartOf":{"@id":"https:\/\/hidalgo.nl\/de\/#website"},"breadcrumb":{"@id":"https:\/\/hidalgo.nl\/de\/product\/76617\/freizeitrucksack-bedrucken-15-zoll-laptop-helmnetz-one-size\/#breadcrumblist"},"image":{"@type":"ImageObject","url":"https:\/\/shop.hidalgo.nl\/wp-content\/uploads\/2025\/07\/aed391ae9770397270b3f20c63821e388623208ca2225abd0f572613eb44eb80.png","@id":"https:\/\/hidalgo.nl\/de\/product\/76617\/freizeitrucksack-bedrucken-15-zoll-laptop-helmnetz-one-size\/#mainImage","width":1000,"height":934},"primaryImageOfPage":{"@id":"https:\/\/hidalgo.nl\/de\/product\/76617\/freizeitrucksack-bedrucken-15-zoll-laptop-helmnetz-one-size\/#mainImage"},"datePublished":"2025-07-06T23:19:21+00:00","dateModified":"2026-03-22T19:03:56+00:00"},{"@type":"WebSite","@id":"https:\/\/hidalgo.nl\/de\/#website","url":"https:\/\/hidalgo.nl\/de\/","name":"Hidalgo","inLanguage":"de-DE","publisher":{"@id":"https:\/\/hidalgo.nl\/de\/#organization"}}]},"og:locale":"de_DE","og:site_name":"Hidalgo -","og:type":"article","og:title":"Freizeitrucksack Bedrucken 15 Zoll Laptop Helmnetz One-size","og:description":"Pendle entspannt mit Helm &amp; 15\u2011Zoll\u2011Laptop: Der Rucksack mit Helmhalterung und Helmnetz bietet ein gepolstertes Laptopfach 15 Zoll und schnellen Zugriff auf deine Ausr\u00fcstung. One-size. Bei Hidalgo l\u00e4sst du Rucks\u00e4cke bedrucken lassen - mit deinem Logo f\u00fcr Events, Teams und Promotions.","og:url":"https:\/\/hidalgo.nl\/de\/wp-json\/wp\/v2\/product\/76617","og:image":"https:\/\/shop.hidalgo.nl\/wp-content\/uploads\/2025\/11\/cropped-Hidalgo-est1993.png","og:image:secure_url":"https:\/\/shop.hidalgo.nl\/wp-content\/uploads\/2025\/11\/cropped-Hidalgo-est1993.png","article:published_time":"2025-07-06T23:19:21+00:00","article:modified_time":"2026-03-22T19:03:56+00:00","twitter:card":"summary_large_image","twitter:title":"Freizeitrucksack Bedrucken 15 Zoll Laptop Helmnetz One-size","twitter:description":"Pendle entspannt mit Helm &amp; 15\u2011Zoll\u2011Laptop: Der Rucksack mit Helmhalterung und Helmnetz bietet ein gepolstertes Laptopfach 15 Zoll und schnellen Zugriff auf deine Ausr\u00fcstung. One-size. Bei Hidalgo l\u00e4sst du Rucks\u00e4cke bedrucken lassen - mit deinem Logo f\u00fcr Events, Teams und Promotions.","twitter:image":"https:\/\/shop.hidalgo.nl\/wp-content\/uploads\/2025\/11\/cropped-Hidalgo-est1993.png"},"aioseo_meta_data":{"post_id":"76617","title":null,"description":null,"keywords":null,"keyphrases":null,"primary_term":null,"canonical_url":null,"og_title":null,"og_description":null,"og_object_type":"default","og_image_type":"default","og_image_url":null,"og_image_width":null,"og_image_height":null,"og_image_custom_url":null,"og_image_custom_fields":null,"og_video":null,"og_custom_url":null,"og_article_section":null,"og_article_tags":null,"twitter_use_og":false,"twitter_card":"default","twitter_image_type":"default","twitter_image_url":null,"twitter_image_custom_url":null,"twitter_image_custom_fields":null,"twitter_title":null,"twitter_description":null,"schema":{"blockGraphs":[],"customGraphs":[],"default":{"data":{"Article":[],"Course":[],"Dataset":[],"FAQPage":[],"Movie":[],"Person":[],"Product":[],"ProductReview":[],"Car":[],"Recipe":[],"Service":[],"SoftwareApplication":[],"WebPage":[]},"graphName":"","isEnabled":true},"graphs":[]},"schema_type":"default","schema_type_options":null,"pillar_content":false,"robots_default":true,"robots_noindex":false,"robots_noarchive":false,"robots_nosnippet":false,"robots_nofollow":false,"robots_noimageindex":false,"robots_noodp":false,"robots_notranslate":false,"robots_max_snippet":null,"robots_max_videopreview":null,"robots_max_imagepreview":"large","priority":null,"frequency":null,"local_seo":null,"seo_analyzer_scan_date":"2026-01-20 15:22:43","breadcrumb_settings":null,"limit_modified_date":false,"reviewed_by":null,"open_ai":null,"ai":null,"created":"2026-01-14 06:25:29","updated":"2026-04-22 19:01:54"},"aioseo_breadcrumb":"<div class=\"aioseo-breadcrumbs\"><span class=\"aioseo-breadcrumb\">\n\t<a href=\"https:\/\/hidalgo.nl\/de\/\" title=\"Home\">Home<\/a>\n<\/span><span class=\"aioseo-breadcrumb-separator\">\u00bb<\/span><span class=\"aioseo-breadcrumb\">\n\t<a href=\"https:\/\/hidalgo.nl\/example\/\" title=\"example\">example<\/a>\n<\/span><span class=\"aioseo-breadcrumb-separator\">\u00bb<\/span><span class=\"aioseo-breadcrumb\">\n\t<a href=\"https:\/\/hidalgo.nl\/en\/product-supplier\/a403\/\" title=\"A403\">A403<\/a>\n<\/span><span class=\"aioseo-breadcrumb-separator\">\u00bb<\/span><span class=\"aioseo-breadcrumb\">\n\tKI0172 \u2013 Vrijetijdsrugzak met helmhouder\n<\/span><\/div>","aioseo_breadcrumb_json":[{"label":"Home","link":"https:\/\/hidalgo.nl\/de\/"},{"label":"example","link":"https:\/\/hidalgo.nl\/example\/"},{"label":"A403","link":"https:\/\/hidalgo.nl\/en\/product-supplier\/a403\/"},{"label":"KI0172 &#8211; Vrijetijdsrugzak met helmhouder","link":"https:\/\/hidalgo.nl\/de\/product\/76617\/freizeitrucksack-bedrucken-15-zoll-laptop-helmnetz-one-size\/"}],"_links":{"self":[{"href":"https:\/\/hidalgo.nl\/de\/wp-json\/wp\/v2\/product\/76617","targetHints":{"allow":["GET"]}}],"collection":[{"href":"https:\/\/hidalgo.nl\/de\/wp-json\/wp\/v2\/product"}],"about":[{"href":"https:\/\/hidalgo.nl\/de\/wp-json\/wp\/v2\/types\/product"}],"wp:featuredmedia":[{"embeddable":true,"href":"https:\/\/hidalgo.nl\/de\/wp-json\/wp\/v2\/media\/76618"}],"wp:attachment":[{"href":"https:\/\/hidalgo.nl\/de\/wp-json\/wp\/v2\/media?parent=76617"}],"wp:term":[{"taxonomy":"product_brand","embeddable":true,"href":"https:\/\/hidalgo.nl\/de\/wp-json\/wp\/v2\/product_brand?post=76617"},{"taxonomy":"product_cat","embeddable":true,"href":"https:\/\/hidalgo.nl\/de\/wp-json\/wp\/v2\/product_cat?post=76617"},{"taxonomy":"product_tag","embeddable":true,"href":"https:\/\/hidalgo.nl\/de\/wp-json\/wp\/v2\/product_tag?post=76617"}],"curies":[{"name":"wp","href":"https:\/\/api.w.org\/{rel}","templated":true}]}}