{"id":7650,"date":"2025-07-03T09:39:36","date_gmt":"2025-07-03T09:39:36","guid":{"rendered":"http:\/\/bidonsenshakers.pim.hidalgo.nl\/product\/bamboe-serveerplank-kennedy\/"},"modified":"2026-03-16T00:16:01","modified_gmt":"2026-03-16T00:16:01","slug":"bamboe-serveerplank-kennedy","status":"publish","type":"product","link":"https:\/\/hidalgo.nl\/de\/product\/7650\/bambus-servierbrett-kennedy-bedrucken-weinglashalter-23x15cm\/","title":{"rendered":"Bamboe serveerplank Kennedy"},"content":{"rendered":"<p>Bamboe serveerplank met opening voor \u00e9\u00e9n wijnglas. Verpakt in vloeipapier.<\/p>\n","protected":false},"excerpt":{"rendered":"<p>Bamboe serveerplank met opening voor \u00e9\u00e9n wijnglas. Verpakt in vloeipapier.<\/p>\n","protected":false},"featured_media":7651,"template":"","meta":{"_acf_changed":false,"om_disable_all_campaigns":false,"_monsterinsights_skip_tracking":false,"_monsterinsights_sitenote_active":false,"_monsterinsights_sitenote_note":"","_monsterinsights_sitenote_category":0},"product_brand":[49],"product_cat":[4766,4735,4719,4728],"product_tag":[],"class_list":{"0":"post-7650","1":"product","2":"type-product","3":"status-publish","4":"has-post-thumbnail","6":"product_supplier-a58","7":"product_material-bamboe","8":"product_brand-impression","9":"product_cat-kaas-snij-en-serveer-planken","10":"product_cat-keuken","11":"product_cat-promotionele-artikelen","12":"product_cat-promotionele-artikelen-thuis-keuken-en-tuin","13":"entry","15":"first","16":"instock","17":"taxable","18":"shipping-taxable","19":"purchasable","20":"product-type-variable"},"acf":{"imprint_cost":[{"imprint_cost_key":"56740d4354f8ad341a2243becfe0d5496249c1d4","product_quantity_price_range":[{"imprint_cost_recommended_selling_price":"2.66","imprint_cost_recommended_selling_quantity":"1"},{"imprint_cost_recommended_selling_price":"1.63","imprint_cost_recommended_selling_quantity":"25"},{"imprint_cost_recommended_selling_price":"1.22","imprint_cost_recommended_selling_quantity":"50"},{"imprint_cost_recommended_selling_price":"0.88","imprint_cost_recommended_selling_quantity":"100"},{"imprint_cost_recommended_selling_price":"0.52","imprint_cost_recommended_selling_quantity":"250"},{"imprint_cost_recommended_selling_price":"0.43","imprint_cost_recommended_selling_quantity":"500"},{"imprint_cost_recommended_selling_price":"0.37","imprint_cost_recommended_selling_quantity":"1000"},{"imprint_cost_recommended_selling_price":"0.29","imprint_cost_recommended_selling_quantity":"2500"}],"product_quantity_price_range_buying":false,"imprint_cost_setup_costs":"30.77","imprint_cost_handling_costs":"0.26"},{"imprint_cost_key":"4270f4d7efa9f86cf02c93d001a3090acaaded10","product_quantity_price_range":[{"imprint_cost_recommended_selling_price":"4.14","imprint_cost_recommended_selling_quantity":"1"},{"imprint_cost_recommended_selling_price":"2.97","imprint_cost_recommended_selling_quantity":"25"},{"imprint_cost_recommended_selling_price":"1.8","imprint_cost_recommended_selling_quantity":"50"},{"imprint_cost_recommended_selling_price":"1.52","imprint_cost_recommended_selling_quantity":"100"},{"imprint_cost_recommended_selling_price":"1.26","imprint_cost_recommended_selling_quantity":"250"},{"imprint_cost_recommended_selling_price":"1.15","imprint_cost_recommended_selling_quantity":"500"},{"imprint_cost_recommended_selling_price":"1.06","imprint_cost_recommended_selling_quantity":"1000"},{"imprint_cost_recommended_selling_price":"0.95","imprint_cost_recommended_selling_quantity":"2500"}],"product_quantity_price_range_buying":false,"imprint_cost_setup_costs":"30.77","imprint_cost_handling_costs":"0.26"},{"imprint_cost_key":"17ec693b4669f31a3a22212644f0ba3291fbea2a","product_quantity_price_range":[{"imprint_cost_recommended_selling_price":"4.34","imprint_cost_recommended_selling_quantity":"1"},{"imprint_cost_recommended_selling_price":"3.37","imprint_cost_recommended_selling_quantity":"25"},{"imprint_cost_recommended_selling_price":"2.23","imprint_cost_recommended_selling_quantity":"50"},{"imprint_cost_recommended_selling_price":"1.78","imprint_cost_recommended_selling_quantity":"100"},{"imprint_cost_recommended_selling_price":"1.35","imprint_cost_recommended_selling_quantity":"250"},{"imprint_cost_recommended_selling_price":"1.29","imprint_cost_recommended_selling_quantity":"500"},{"imprint_cost_recommended_selling_price":"1.28","imprint_cost_recommended_selling_quantity":"1000"}],"product_quantity_price_range_buying":false,"imprint_cost_setup_costs":"30.77","imprint_cost_handling_costs":"0.26"},{"imprint_cost_key":"e15c4cc7bb8b2a66be1fce7bb55cdcaf797791d6","product_quantity_price_range":[{"imprint_cost_recommended_selling_price":"4.34","imprint_cost_recommended_selling_quantity":"1"},{"imprint_cost_recommended_selling_price":"3.37","imprint_cost_recommended_selling_quantity":"25"},{"imprint_cost_recommended_selling_price":"2.23","imprint_cost_recommended_selling_quantity":"50"},{"imprint_cost_recommended_selling_price":"1.78","imprint_cost_recommended_selling_quantity":"100"},{"imprint_cost_recommended_selling_price":"1.35","imprint_cost_recommended_selling_quantity":"250"},{"imprint_cost_recommended_selling_price":"1.29","imprint_cost_recommended_selling_quantity":"500"},{"imprint_cost_recommended_selling_price":"1.28","imprint_cost_recommended_selling_quantity":"1000"}],"product_quantity_price_range_buying":false,"imprint_cost_setup_costs":"30.77","imprint_cost_handling_costs":"0.26"}]},"aioseo_notices":[],"aioseo_head":"\n\t\t<!-- All in One SEO Pro 4.9.6.2 - aioseo.com -->\n\t<meta name=\"description\" content=\"Mit der Kennedy Servierplatte Weinglashalterung servierst du Snacks und Wein entspannt bei jedem Event. Du kannst dieses funktionale Servierbrett mit Gravur bestellen und dein Logo auf dem nachhaltigen Material veredeln lassen. Die integrierte Aussparung h\u00e4lt dein Glas sicher fest, w\u00e4hrend du die H\u00e4nde f\u00fcr deine G\u00e4ste frei hast.\" \/>\n\t<meta name=\"robots\" content=\"max-image-preview:large\" \/>\n\t<link rel=\"canonical\" href=\"https:\/\/hidalgo.nl\/de\/wp-json\/wp\/v2\/product\/7650\" \/>\n\t<meta name=\"generator\" content=\"All in One SEO Pro (AIOSEO) 4.9.6.2\" \/>\n\t\t<meta property=\"og:locale\" content=\"de_DE\" \/>\n\t\t<meta property=\"og:site_name\" content=\"Hidalgo -\" \/>\n\t\t<meta property=\"og:type\" content=\"article\" \/>\n\t\t<meta property=\"og:title\" content=\"Bambus Servierbrett Kennedy bedrucken Weinglashalter 23x15cm\" \/>\n\t\t<meta property=\"og:description\" content=\"Mit der Kennedy Servierplatte Weinglashalterung servierst du Snacks und Wein entspannt bei jedem Event. Du kannst dieses funktionale Servierbrett mit Gravur bestellen und dein Logo auf dem nachhaltigen Material veredeln lassen. Die integrierte Aussparung h\u00e4lt dein Glas sicher fest, w\u00e4hrend du die H\u00e4nde f\u00fcr deine G\u00e4ste frei hast.\" \/>\n\t\t<meta property=\"og:url\" content=\"https:\/\/hidalgo.nl\/de\/wp-json\/wp\/v2\/product\/7650\" \/>\n\t\t<meta property=\"og:image\" content=\"https:\/\/shop.hidalgo.nl\/wp-content\/uploads\/2025\/11\/cropped-Hidalgo-est1993.png\" \/>\n\t\t<meta property=\"og:image:secure_url\" content=\"https:\/\/shop.hidalgo.nl\/wp-content\/uploads\/2025\/11\/cropped-Hidalgo-est1993.png\" \/>\n\t\t<meta property=\"article:published_time\" content=\"2025-07-03T09:39:36+00:00\" \/>\n\t\t<meta property=\"article:modified_time\" content=\"2026-03-16T00:16:01+00:00\" \/>\n\t\t<meta name=\"twitter:card\" content=\"summary_large_image\" \/>\n\t\t<meta name=\"twitter:title\" content=\"Bambus Servierbrett Kennedy bedrucken Weinglashalter 23x15cm\" \/>\n\t\t<meta name=\"twitter:description\" content=\"Mit der Kennedy Servierplatte Weinglashalterung servierst du Snacks und Wein entspannt bei jedem Event. Du kannst dieses funktionale Servierbrett mit Gravur bestellen und dein Logo auf dem nachhaltigen Material veredeln lassen. Die integrierte Aussparung h\u00e4lt dein Glas sicher fest, w\u00e4hrend du die H\u00e4nde f\u00fcr deine G\u00e4ste frei hast.\" \/>\n\t\t<meta name=\"twitter:image\" content=\"https:\/\/shop.hidalgo.nl\/wp-content\/uploads\/2025\/11\/cropped-Hidalgo-est1993.png\" \/>\n\t\t<script type=\"application\/ld+json\" class=\"aioseo-schema\">\n\t\t\t{\"@context\":\"https:\\\/\\\/schema.org\",\"@graph\":[{\"@type\":\"BreadcrumbList\",\"@id\":\"https:\\\/\\\/hidalgo.nl\\\/de\\\/product\\\/7650\\\/bambus-servierbrett-kennedy-bedrucken-weinglashalter-23x15cm\\\/#breadcrumblist\",\"itemListElement\":[{\"@type\":\"ListItem\",\"@id\":\"https:\\\/\\\/hidalgo.nl\\\/de\\\/#listItem\",\"position\":1,\"name\":\"Home\",\"item\":\"https:\\\/\\\/hidalgo.nl\\\/de\\\/\",\"nextItem\":{\"@type\":\"ListItem\",\"@id\":\"https:\\\/\\\/hidalgo.nl\\\/example\\\/#listItem\",\"name\":\"example\"}},{\"@type\":\"ListItem\",\"@id\":\"https:\\\/\\\/hidalgo.nl\\\/example\\\/#listItem\",\"position\":2,\"name\":\"example\",\"item\":\"https:\\\/\\\/hidalgo.nl\\\/example\\\/\",\"nextItem\":{\"@type\":\"ListItem\",\"@id\":\"https:\\\/\\\/hidalgo.nl\\\/en\\\/product-supplier\\\/a58\\\/#listItem\",\"name\":\"A58\"},\"previousItem\":{\"@type\":\"ListItem\",\"@id\":\"https:\\\/\\\/hidalgo.nl\\\/de\\\/#listItem\",\"name\":\"Home\"}},{\"@type\":\"ListItem\",\"@id\":\"https:\\\/\\\/hidalgo.nl\\\/en\\\/product-supplier\\\/a58\\\/#listItem\",\"position\":3,\"name\":\"A58\",\"item\":\"https:\\\/\\\/hidalgo.nl\\\/en\\\/product-supplier\\\/a58\\\/\",\"nextItem\":{\"@type\":\"ListItem\",\"@id\":\"https:\\\/\\\/hidalgo.nl\\\/de\\\/product\\\/7650\\\/bambus-servierbrett-kennedy-bedrucken-weinglashalter-23x15cm\\\/#listItem\",\"name\":\"Bamboe serveerplank Kennedy\"},\"previousItem\":{\"@type\":\"ListItem\",\"@id\":\"https:\\\/\\\/hidalgo.nl\\\/example\\\/#listItem\",\"name\":\"example\"}},{\"@type\":\"ListItem\",\"@id\":\"https:\\\/\\\/hidalgo.nl\\\/de\\\/product\\\/7650\\\/bambus-servierbrett-kennedy-bedrucken-weinglashalter-23x15cm\\\/#listItem\",\"position\":4,\"name\":\"Bamboe serveerplank Kennedy\",\"previousItem\":{\"@type\":\"ListItem\",\"@id\":\"https:\\\/\\\/hidalgo.nl\\\/en\\\/product-supplier\\\/a58\\\/#listItem\",\"name\":\"A58\"}}]},{\"@type\":\"Organization\",\"@id\":\"https:\\\/\\\/hidalgo.nl\\\/de\\\/#organization\",\"name\":\"Hidalgo\",\"url\":\"https:\\\/\\\/hidalgo.nl\\\/de\\\/\",\"logo\":{\"@type\":\"ImageObject\",\"url\":\"https:\\\/\\\/shop.hidalgo.nl\\\/wp-content\\\/uploads\\\/2025\\\/11\\\/cropped-Hidalgo-est1993.png\",\"@id\":\"https:\\\/\\\/hidalgo.nl\\\/de\\\/product\\\/7650\\\/bambus-servierbrett-kennedy-bedrucken-weinglashalter-23x15cm\\\/#organizationLogo\",\"width\":585,\"height\":195},\"image\":{\"@id\":\"https:\\\/\\\/hidalgo.nl\\\/de\\\/product\\\/7650\\\/bambus-servierbrett-kennedy-bedrucken-weinglashalter-23x15cm\\\/#organizationLogo\"}},{\"@type\":\"ProductGroup\",\"@id\":\"https:\\\/\\\/hidalgo.nl\\\/de\\\/product\\\/7650\\\/bambus-servierbrett-kennedy-bedrucken-weinglashalter-23x15cm\\\/#wooCommerceProduct\",\"name\":\"Bambus Servierbrett Kennedy bedrucken Weinglashalter 23x15cm\",\"url\":\"https:\\\/\\\/hidalgo.nl\\\/de\\\/product\\\/7650\\\/bambus-servierbrett-kennedy-bedrucken-weinglashalter-23x15cm\\\/\",\"brand\":{\"@type\":\"Brand\",\"name\":\"IMPRESSION\"},\"sku\":\"A58-1015149\",\"image\":{\"@type\":\"ImageObject\",\"url\":\"https:\\\/\\\/shop.hidalgo.nl\\\/wp-content\\\/uploads\\\/2025\\\/05\\\/d3e6d5f684be82b60344013f8720ee6b2ac063d2a64a04b9eac2684a1d3d9e86.jpg\",\"@id\":\"https:\\\/\\\/hidalgo.nl\\\/de\\\/product\\\/7650\\\/bambus-servierbrett-kennedy-bedrucken-weinglashalter-23x15cm\\\/#productImage\",\"width\":967,\"height\":1000},\"productGroupID\":7650,\"hasVariant\":[{\"@type\":\"Product\",\"@id\":\"https:\\\/\\\/hidalgo.nl\\\/de\\\/product\\\/7650\\\/bambus-servierbrett-kennedy-bedrucken-weinglashalter-23x15cm\\\/#wooCommerceProduct\",\"name\":\"Bamboe serveerplank Kennedy - bruin,\",\"url\":\"https:\\\/\\\/hidalgo.nl\\\/de\\\/product\\\/7650\\\/bambus-servierbrett-kennedy-bedrucken-weinglashalter-23x15cm\\\/\",\"sku\":\"A58-1015149-011999999\",\"gtin\":\"8719446064232\",\"image\":{\"@type\":\"ImageObject\",\"url\":\"https:\\\/\\\/shop.hidalgo.nl\\\/wp-content\\\/uploads\\\/2025\\\/05\\\/ff55cfe74c1ce7a0566863737f785528218aab456ad1196efd14627c4b74cff2.jpg\",\"@id\":\"https:\\\/\\\/hidalgo.nl\\\/de\\\/product\\\/7650\\\/bambus-servierbrett-kennedy-bedrucken-weinglashalter-23x15cm\\\/#productImage\",\"width\":756,\"height\":1000},\"offers\":{\"@type\":\"Offer\",\"url\":\"https:\\\/\\\/hidalgo.nl\\\/de\\\/product\\\/7650\\\/bambus-servierbrett-kennedy-bedrucken-weinglashalter-23x15cm\\\/#wooCommerceOffer\",\"price\":\"1.72\",\"priceCurrency\":\"EUR\",\"category\":\"Promotionele Artikelen\",\"availability\":\"https:\\\/\\\/schema.org\\\/InStock\",\"priceSpecification\":{\"@type\":\"PriceSpecification\",\"price\":1.72,\"priceCurrency\":\"EUR\",\"valueAddedTaxIncluded\":\"true\"}}}]},{\"@type\":\"WebPage\",\"@id\":\"https:\\\/\\\/hidalgo.nl\\\/de\\\/product\\\/7650\\\/bambus-servierbrett-kennedy-bedrucken-weinglashalter-23x15cm\\\/#webpage\",\"url\":\"https:\\\/\\\/hidalgo.nl\\\/de\\\/product\\\/7650\\\/bambus-servierbrett-kennedy-bedrucken-weinglashalter-23x15cm\\\/\",\"name\":\"Bambus Servierbrett Kennedy bedrucken Weinglashalter 23x15cm\",\"description\":\"Mit der Kennedy Servierplatte Weinglashalterung servierst du Snacks und Wein entspannt bei jedem Event. Du kannst dieses funktionale Servierbrett mit Gravur bestellen und dein Logo auf dem nachhaltigen Material veredeln lassen. Die integrierte Aussparung h\\u00e4lt dein Glas sicher fest, w\\u00e4hrend du die H\\u00e4nde f\\u00fcr deine G\\u00e4ste frei hast.\",\"inLanguage\":\"de-DE\",\"isPartOf\":{\"@id\":\"https:\\\/\\\/hidalgo.nl\\\/de\\\/#website\"},\"breadcrumb\":{\"@id\":\"https:\\\/\\\/hidalgo.nl\\\/de\\\/product\\\/7650\\\/bambus-servierbrett-kennedy-bedrucken-weinglashalter-23x15cm\\\/#breadcrumblist\"},\"image\":{\"@type\":\"ImageObject\",\"url\":\"https:\\\/\\\/shop.hidalgo.nl\\\/wp-content\\\/uploads\\\/2025\\\/05\\\/d3e6d5f684be82b60344013f8720ee6b2ac063d2a64a04b9eac2684a1d3d9e86.jpg\",\"@id\":\"https:\\\/\\\/hidalgo.nl\\\/de\\\/product\\\/7650\\\/bambus-servierbrett-kennedy-bedrucken-weinglashalter-23x15cm\\\/#mainImage\",\"width\":967,\"height\":1000},\"primaryImageOfPage\":{\"@id\":\"https:\\\/\\\/hidalgo.nl\\\/de\\\/product\\\/7650\\\/bambus-servierbrett-kennedy-bedrucken-weinglashalter-23x15cm\\\/#mainImage\"},\"datePublished\":\"2025-07-03T09:39:36+00:00\",\"dateModified\":\"2026-03-16T00:16:01+00:00\"},{\"@type\":\"WebSite\",\"@id\":\"https:\\\/\\\/hidalgo.nl\\\/de\\\/#website\",\"url\":\"https:\\\/\\\/hidalgo.nl\\\/de\\\/\",\"name\":\"Hidalgo\",\"inLanguage\":\"de-DE\",\"publisher\":{\"@id\":\"https:\\\/\\\/hidalgo.nl\\\/de\\\/#organization\"}}]}\n\t\t<\/script>\n\t\t<!-- All in One SEO Pro -->\r\n\t\t<title>Bambus Servierbrett Kennedy bedrucken Weinglashalter 23x15cm<\/title>\n\n","aioseo_head_json":{"title":"Bambus Servierbrett Kennedy bedrucken Weinglashalter 23x15cm","description":"Mit der Kennedy Servierplatte Weinglashalterung servierst du Snacks und Wein entspannt bei jedem Event. Du kannst dieses funktionale Servierbrett mit Gravur bestellen und dein Logo auf dem nachhaltigen Material veredeln lassen. Die integrierte Aussparung h\u00e4lt dein Glas sicher fest, w\u00e4hrend du die H\u00e4nde f\u00fcr deine G\u00e4ste frei hast.","canonical_url":"https:\/\/hidalgo.nl\/de\/wp-json\/wp\/v2\/product\/7650","robots":"max-image-preview:large","keywords":"","webmasterTools":{"miscellaneous":""},"schema":{"@context":"https:\/\/schema.org","@graph":[{"@type":"BreadcrumbList","@id":"https:\/\/hidalgo.nl\/de\/product\/7650\/bambus-servierbrett-kennedy-bedrucken-weinglashalter-23x15cm\/#breadcrumblist","itemListElement":[{"@type":"ListItem","@id":"https:\/\/hidalgo.nl\/de\/#listItem","position":1,"name":"Home","item":"https:\/\/hidalgo.nl\/de\/","nextItem":{"@type":"ListItem","@id":"https:\/\/hidalgo.nl\/example\/#listItem","name":"example"}},{"@type":"ListItem","@id":"https:\/\/hidalgo.nl\/example\/#listItem","position":2,"name":"example","item":"https:\/\/hidalgo.nl\/example\/","nextItem":{"@type":"ListItem","@id":"https:\/\/hidalgo.nl\/en\/product-supplier\/a58\/#listItem","name":"A58"},"previousItem":{"@type":"ListItem","@id":"https:\/\/hidalgo.nl\/de\/#listItem","name":"Home"}},{"@type":"ListItem","@id":"https:\/\/hidalgo.nl\/en\/product-supplier\/a58\/#listItem","position":3,"name":"A58","item":"https:\/\/hidalgo.nl\/en\/product-supplier\/a58\/","nextItem":{"@type":"ListItem","@id":"https:\/\/hidalgo.nl\/de\/product\/7650\/bambus-servierbrett-kennedy-bedrucken-weinglashalter-23x15cm\/#listItem","name":"Bamboe serveerplank Kennedy"},"previousItem":{"@type":"ListItem","@id":"https:\/\/hidalgo.nl\/example\/#listItem","name":"example"}},{"@type":"ListItem","@id":"https:\/\/hidalgo.nl\/de\/product\/7650\/bambus-servierbrett-kennedy-bedrucken-weinglashalter-23x15cm\/#listItem","position":4,"name":"Bamboe serveerplank Kennedy","previousItem":{"@type":"ListItem","@id":"https:\/\/hidalgo.nl\/en\/product-supplier\/a58\/#listItem","name":"A58"}}]},{"@type":"Organization","@id":"https:\/\/hidalgo.nl\/de\/#organization","name":"Hidalgo","url":"https:\/\/hidalgo.nl\/de\/","logo":{"@type":"ImageObject","url":"https:\/\/shop.hidalgo.nl\/wp-content\/uploads\/2025\/11\/cropped-Hidalgo-est1993.png","@id":"https:\/\/hidalgo.nl\/de\/product\/7650\/bambus-servierbrett-kennedy-bedrucken-weinglashalter-23x15cm\/#organizationLogo","width":585,"height":195},"image":{"@id":"https:\/\/hidalgo.nl\/de\/product\/7650\/bambus-servierbrett-kennedy-bedrucken-weinglashalter-23x15cm\/#organizationLogo"}},{"@type":"ProductGroup","@id":"https:\/\/hidalgo.nl\/de\/product\/7650\/bambus-servierbrett-kennedy-bedrucken-weinglashalter-23x15cm\/#wooCommerceProduct","name":"Bambus Servierbrett Kennedy bedrucken Weinglashalter 23x15cm","url":"https:\/\/hidalgo.nl\/de\/product\/7650\/bambus-servierbrett-kennedy-bedrucken-weinglashalter-23x15cm\/","brand":{"@type":"Brand","name":"IMPRESSION"},"sku":"A58-1015149","image":{"@type":"ImageObject","url":"https:\/\/shop.hidalgo.nl\/wp-content\/uploads\/2025\/05\/d3e6d5f684be82b60344013f8720ee6b2ac063d2a64a04b9eac2684a1d3d9e86.jpg","@id":"https:\/\/hidalgo.nl\/de\/product\/7650\/bambus-servierbrett-kennedy-bedrucken-weinglashalter-23x15cm\/#productImage","width":967,"height":1000},"productGroupID":7650,"hasVariant":[{"@type":"Product","@id":"https:\/\/hidalgo.nl\/de\/product\/7650\/bambus-servierbrett-kennedy-bedrucken-weinglashalter-23x15cm\/#wooCommerceProduct","name":"Bamboe serveerplank Kennedy - bruin,","url":"https:\/\/hidalgo.nl\/de\/product\/7650\/bambus-servierbrett-kennedy-bedrucken-weinglashalter-23x15cm\/","sku":"A58-1015149-011999999","gtin":"8719446064232","image":{"@type":"ImageObject","url":"https:\/\/shop.hidalgo.nl\/wp-content\/uploads\/2025\/05\/ff55cfe74c1ce7a0566863737f785528218aab456ad1196efd14627c4b74cff2.jpg","@id":"https:\/\/hidalgo.nl\/de\/product\/7650\/bambus-servierbrett-kennedy-bedrucken-weinglashalter-23x15cm\/#productImage","width":756,"height":1000},"offers":{"@type":"Offer","url":"https:\/\/hidalgo.nl\/de\/product\/7650\/bambus-servierbrett-kennedy-bedrucken-weinglashalter-23x15cm\/#wooCommerceOffer","price":"1.72","priceCurrency":"EUR","category":"Promotionele Artikelen","availability":"https:\/\/schema.org\/InStock","priceSpecification":{"@type":"PriceSpecification","price":1.72,"priceCurrency":"EUR","valueAddedTaxIncluded":"true"}}}]},{"@type":"WebPage","@id":"https:\/\/hidalgo.nl\/de\/product\/7650\/bambus-servierbrett-kennedy-bedrucken-weinglashalter-23x15cm\/#webpage","url":"https:\/\/hidalgo.nl\/de\/product\/7650\/bambus-servierbrett-kennedy-bedrucken-weinglashalter-23x15cm\/","name":"Bambus Servierbrett Kennedy bedrucken Weinglashalter 23x15cm","description":"Mit der Kennedy Servierplatte Weinglashalterung servierst du Snacks und Wein entspannt bei jedem Event. Du kannst dieses funktionale Servierbrett mit Gravur bestellen und dein Logo auf dem nachhaltigen Material veredeln lassen. Die integrierte Aussparung h\u00e4lt dein Glas sicher fest, w\u00e4hrend du die H\u00e4nde f\u00fcr deine G\u00e4ste frei hast.","inLanguage":"de-DE","isPartOf":{"@id":"https:\/\/hidalgo.nl\/de\/#website"},"breadcrumb":{"@id":"https:\/\/hidalgo.nl\/de\/product\/7650\/bambus-servierbrett-kennedy-bedrucken-weinglashalter-23x15cm\/#breadcrumblist"},"image":{"@type":"ImageObject","url":"https:\/\/shop.hidalgo.nl\/wp-content\/uploads\/2025\/05\/d3e6d5f684be82b60344013f8720ee6b2ac063d2a64a04b9eac2684a1d3d9e86.jpg","@id":"https:\/\/hidalgo.nl\/de\/product\/7650\/bambus-servierbrett-kennedy-bedrucken-weinglashalter-23x15cm\/#mainImage","width":967,"height":1000},"primaryImageOfPage":{"@id":"https:\/\/hidalgo.nl\/de\/product\/7650\/bambus-servierbrett-kennedy-bedrucken-weinglashalter-23x15cm\/#mainImage"},"datePublished":"2025-07-03T09:39:36+00:00","dateModified":"2026-03-16T00:16:01+00:00"},{"@type":"WebSite","@id":"https:\/\/hidalgo.nl\/de\/#website","url":"https:\/\/hidalgo.nl\/de\/","name":"Hidalgo","inLanguage":"de-DE","publisher":{"@id":"https:\/\/hidalgo.nl\/de\/#organization"}}]},"og:locale":"de_DE","og:site_name":"Hidalgo -","og:type":"article","og:title":"Bambus Servierbrett Kennedy bedrucken Weinglashalter 23x15cm","og:description":"Mit der Kennedy Servierplatte Weinglashalterung servierst du Snacks und Wein entspannt bei jedem Event. Du kannst dieses funktionale Servierbrett mit Gravur bestellen und dein Logo auf dem nachhaltigen Material veredeln lassen. Die integrierte Aussparung h\u00e4lt dein Glas sicher fest, w\u00e4hrend du die H\u00e4nde f\u00fcr deine G\u00e4ste frei hast.","og:url":"https:\/\/hidalgo.nl\/de\/wp-json\/wp\/v2\/product\/7650","og:image":"https:\/\/shop.hidalgo.nl\/wp-content\/uploads\/2025\/11\/cropped-Hidalgo-est1993.png","og:image:secure_url":"https:\/\/shop.hidalgo.nl\/wp-content\/uploads\/2025\/11\/cropped-Hidalgo-est1993.png","article:published_time":"2025-07-03T09:39:36+00:00","article:modified_time":"2026-03-16T00:16:01+00:00","twitter:card":"summary_large_image","twitter:title":"Bambus Servierbrett Kennedy bedrucken Weinglashalter 23x15cm","twitter:description":"Mit der Kennedy Servierplatte Weinglashalterung servierst du Snacks und Wein entspannt bei jedem Event. Du kannst dieses funktionale Servierbrett mit Gravur bestellen und dein Logo auf dem nachhaltigen Material veredeln lassen. Die integrierte Aussparung h\u00e4lt dein Glas sicher fest, w\u00e4hrend du die H\u00e4nde f\u00fcr deine G\u00e4ste frei hast.","twitter:image":"https:\/\/shop.hidalgo.nl\/wp-content\/uploads\/2025\/11\/cropped-Hidalgo-est1993.png"},"aioseo_meta_data":{"post_id":"7650","title":null,"description":null,"keywords":null,"keyphrases":null,"primary_term":null,"canonical_url":null,"og_title":null,"og_description":null,"og_object_type":"default","og_image_type":"default","og_image_url":null,"og_image_width":null,"og_image_height":null,"og_image_custom_url":null,"og_image_custom_fields":null,"og_video":null,"og_custom_url":null,"og_article_section":null,"og_article_tags":null,"twitter_use_og":false,"twitter_card":"default","twitter_image_type":"default","twitter_image_url":null,"twitter_image_custom_url":null,"twitter_image_custom_fields":null,"twitter_title":null,"twitter_description":null,"schema":{"blockGraphs":[],"customGraphs":[],"default":{"data":{"Article":[],"Course":[],"Dataset":[],"FAQPage":[],"Movie":[],"Person":[],"Product":[],"ProductReview":[],"Car":[],"Recipe":[],"Service":[],"SoftwareApplication":[],"WebPage":[]},"graphName":"","isEnabled":true},"graphs":[]},"schema_type":"default","schema_type_options":null,"pillar_content":false,"robots_default":true,"robots_noindex":false,"robots_noarchive":false,"robots_nosnippet":false,"robots_nofollow":false,"robots_noimageindex":false,"robots_noodp":false,"robots_notranslate":false,"robots_max_snippet":null,"robots_max_videopreview":null,"robots_max_imagepreview":"large","priority":null,"frequency":null,"local_seo":null,"seo_analyzer_scan_date":"2026-01-31 05:15:18","breadcrumb_settings":null,"limit_modified_date":false,"reviewed_by":null,"open_ai":null,"ai":null,"created":"2026-01-14 06:17:37","updated":"2026-04-23 12:12:46"},"aioseo_breadcrumb":"<div class=\"aioseo-breadcrumbs\"><span class=\"aioseo-breadcrumb\">\n\t<a href=\"https:\/\/hidalgo.nl\/de\/\" title=\"Home\">Home<\/a>\n<\/span><span class=\"aioseo-breadcrumb-separator\">\u00bb<\/span><span class=\"aioseo-breadcrumb\">\n\t<a href=\"https:\/\/hidalgo.nl\/example\/\" title=\"example\">example<\/a>\n<\/span><span class=\"aioseo-breadcrumb-separator\">\u00bb<\/span><span class=\"aioseo-breadcrumb\">\n\t<a href=\"https:\/\/hidalgo.nl\/en\/product-supplier\/a58\/\" title=\"A58\">A58<\/a>\n<\/span><span class=\"aioseo-breadcrumb-separator\">\u00bb<\/span><span class=\"aioseo-breadcrumb\">\n\tBamboe serveerplank Kennedy\n<\/span><\/div>","aioseo_breadcrumb_json":[{"label":"Home","link":"https:\/\/hidalgo.nl\/de\/"},{"label":"example","link":"https:\/\/hidalgo.nl\/example\/"},{"label":"A58","link":"https:\/\/hidalgo.nl\/en\/product-supplier\/a58\/"},{"label":"Bamboe serveerplank Kennedy","link":"https:\/\/hidalgo.nl\/de\/product\/7650\/bambus-servierbrett-kennedy-bedrucken-weinglashalter-23x15cm\/"}],"_links":{"self":[{"href":"https:\/\/hidalgo.nl\/de\/wp-json\/wp\/v2\/product\/7650","targetHints":{"allow":["GET"]}}],"collection":[{"href":"https:\/\/hidalgo.nl\/de\/wp-json\/wp\/v2\/product"}],"about":[{"href":"https:\/\/hidalgo.nl\/de\/wp-json\/wp\/v2\/types\/product"}],"wp:featuredmedia":[{"embeddable":true,"href":"https:\/\/hidalgo.nl\/de\/wp-json\/wp\/v2\/media\/7651"}],"wp:attachment":[{"href":"https:\/\/hidalgo.nl\/de\/wp-json\/wp\/v2\/media?parent=7650"}],"wp:term":[{"taxonomy":"product_brand","embeddable":true,"href":"https:\/\/hidalgo.nl\/de\/wp-json\/wp\/v2\/product_brand?post=7650"},{"taxonomy":"product_cat","embeddable":true,"href":"https:\/\/hidalgo.nl\/de\/wp-json\/wp\/v2\/product_cat?post=7650"},{"taxonomy":"product_tag","embeddable":true,"href":"https:\/\/hidalgo.nl\/de\/wp-json\/wp\/v2\/product_tag?post=7650"}],"curies":[{"name":"wp","href":"https:\/\/api.w.org\/{rel}","templated":true}]}}