{"id":76424,"date":"2025-07-06T23:15:09","date_gmt":"2025-07-06T23:15:09","guid":{"rendered":"http:\/\/bidonsenshakers.pim.hidalgo.nl\/product\/ki0113-rugtas-met-koelvak\/"},"modified":"2026-03-22T18:09:19","modified_gmt":"2026-03-22T18:09:19","slug":"ki0113-rugtas-met-koelvak","status":"publish","type":"product","link":"https:\/\/hidalgo.nl\/de\/product\/76424\/kuehlrucksack-bedrucken-600d-polyester-gepolstert-one-size\/","title":{"rendered":"KI0113 &#8211; Rugtas met koelvak"},"content":{"rendered":"<p>Rugtas met koelvak van 600D polyester, gewatteerde riem en schouderriemen, zijvak met ritssluiting en zijvak in mesh, groot koelcompartiment met de mogelijkheid om deze te splitsen in 2. Flessenhouder.<\/p>\n","protected":false},"excerpt":{"rendered":"<p>Rugtas met koelvak van 600D polyester, gewatteerde riem en schouderriemen, zijvak met ritssluiting en zijvak in mesh, groot koelcompartiment met de mogelijkheid om deze te splitsen in 2. Flessenhouder.<\/p>\n","protected":false},"featured_media":76425,"template":"","meta":{"_acf_changed":false,"om_disable_all_campaigns":false,"_monsterinsights_skip_tracking":false,"_monsterinsights_sitenote_active":false,"_monsterinsights_sitenote_note":"","_monsterinsights_sitenote_category":0},"product_brand":[43],"product_cat":[4827,4713],"product_tag":[],"class_list":{"0":"post-76424","1":"product","2":"type-product","3":"status-publish","4":"has-post-thumbnail","6":"product_supplier-a403","7":"product_material-polyester","8":"product_brand-kimood","9":"product_cat-koeltassen","10":"product_cat-tassen","11":"entry","13":"first","14":"instock","15":"taxable","16":"shipping-taxable","17":"purchasable","18":"product-type-variable"},"acf":{"imprint_cost":[{"imprint_cost_key":"33483b79de35c41f6a5968127e3727b83ce2fe0b","product_quantity_price_range":[{"imprint_cost_recommended_selling_price":"0","imprint_cost_recommended_selling_quantity":"1"}],"product_quantity_price_range_buying":false,"imprint_cost_setup_costs":"","imprint_cost_handling_costs":""}]},"aioseo_notices":[],"aioseo_head":"\n\t\t<!-- All in One SEO Pro 4.9.6.2 - aioseo.com -->\n\t<meta name=\"description\" content=\"Robuster 600D-Rucksack mit Polsterung und K\u00fchlfach - ideal f\u00fcr Arbeit, Events und Wochenenden. Bei Hidalgo kannst du ihn mit deinem Logo veredeln: Rucksack bedrucken lassen oder Rucksack mit K\u00fchlfach kaufen. Einheitsgr\u00f6\u00dfe One-Size.\" \/>\n\t<meta name=\"robots\" content=\"max-image-preview:large\" \/>\n\t<link rel=\"canonical\" href=\"https:\/\/hidalgo.nl\/de\/wp-json\/wp\/v2\/product\/76424\" \/>\n\t<meta name=\"generator\" content=\"All in One SEO Pro (AIOSEO) 4.9.6.2\" \/>\n\t\t<meta property=\"og:locale\" content=\"de_DE\" \/>\n\t\t<meta property=\"og:site_name\" content=\"Hidalgo -\" \/>\n\t\t<meta property=\"og:type\" content=\"article\" \/>\n\t\t<meta property=\"og:title\" content=\"K\u00fchlrucksack bedrucken 600D Polyester gepolstert One-Size\" \/>\n\t\t<meta property=\"og:description\" content=\"Robuster 600D-Rucksack mit Polsterung und K\u00fchlfach - ideal f\u00fcr Arbeit, Events und Wochenenden. Bei Hidalgo kannst du ihn mit deinem Logo veredeln: Rucksack bedrucken lassen oder Rucksack mit K\u00fchlfach kaufen. Einheitsgr\u00f6\u00dfe One-Size.\" \/>\n\t\t<meta property=\"og:url\" content=\"https:\/\/hidalgo.nl\/de\/wp-json\/wp\/v2\/product\/76424\" \/>\n\t\t<meta property=\"og:image\" content=\"https:\/\/shop.hidalgo.nl\/wp-content\/uploads\/2025\/11\/cropped-Hidalgo-est1993.png\" \/>\n\t\t<meta property=\"og:image:secure_url\" content=\"https:\/\/shop.hidalgo.nl\/wp-content\/uploads\/2025\/11\/cropped-Hidalgo-est1993.png\" \/>\n\t\t<meta property=\"article:published_time\" content=\"2025-07-06T23:15:09+00:00\" \/>\n\t\t<meta property=\"article:modified_time\" content=\"2026-03-22T18:09:19+00:00\" \/>\n\t\t<meta name=\"twitter:card\" content=\"summary_large_image\" \/>\n\t\t<meta name=\"twitter:title\" content=\"K\u00fchlrucksack bedrucken 600D Polyester gepolstert One-Size\" \/>\n\t\t<meta name=\"twitter:description\" content=\"Robuster 600D-Rucksack mit Polsterung und K\u00fchlfach - ideal f\u00fcr Arbeit, Events und Wochenenden. Bei Hidalgo kannst du ihn mit deinem Logo veredeln: Rucksack bedrucken lassen oder Rucksack mit K\u00fchlfach kaufen. Einheitsgr\u00f6\u00dfe One-Size.\" \/>\n\t\t<meta name=\"twitter:image\" content=\"https:\/\/shop.hidalgo.nl\/wp-content\/uploads\/2025\/11\/cropped-Hidalgo-est1993.png\" \/>\n\t\t<script type=\"application\/ld+json\" class=\"aioseo-schema\">\n\t\t\t{\"@context\":\"https:\\\/\\\/schema.org\",\"@graph\":[{\"@type\":\"BreadcrumbList\",\"@id\":\"https:\\\/\\\/hidalgo.nl\\\/de\\\/product\\\/76424\\\/kuehlrucksack-bedrucken-600d-polyester-gepolstert-one-size\\\/#breadcrumblist\",\"itemListElement\":[{\"@type\":\"ListItem\",\"@id\":\"https:\\\/\\\/hidalgo.nl\\\/de\\\/#listItem\",\"position\":1,\"name\":\"Home\",\"item\":\"https:\\\/\\\/hidalgo.nl\\\/de\\\/\",\"nextItem\":{\"@type\":\"ListItem\",\"@id\":\"https:\\\/\\\/hidalgo.nl\\\/example\\\/#listItem\",\"name\":\"example\"}},{\"@type\":\"ListItem\",\"@id\":\"https:\\\/\\\/hidalgo.nl\\\/example\\\/#listItem\",\"position\":2,\"name\":\"example\",\"item\":\"https:\\\/\\\/hidalgo.nl\\\/example\\\/\",\"nextItem\":{\"@type\":\"ListItem\",\"@id\":\"https:\\\/\\\/hidalgo.nl\\\/en\\\/product-supplier\\\/a403\\\/#listItem\",\"name\":\"A403\"},\"previousItem\":{\"@type\":\"ListItem\",\"@id\":\"https:\\\/\\\/hidalgo.nl\\\/de\\\/#listItem\",\"name\":\"Home\"}},{\"@type\":\"ListItem\",\"@id\":\"https:\\\/\\\/hidalgo.nl\\\/en\\\/product-supplier\\\/a403\\\/#listItem\",\"position\":3,\"name\":\"A403\",\"item\":\"https:\\\/\\\/hidalgo.nl\\\/en\\\/product-supplier\\\/a403\\\/\",\"nextItem\":{\"@type\":\"ListItem\",\"@id\":\"https:\\\/\\\/hidalgo.nl\\\/de\\\/product\\\/76424\\\/kuehlrucksack-bedrucken-600d-polyester-gepolstert-one-size\\\/#listItem\",\"name\":\"KI0113 &#8211; Rugtas met koelvak\"},\"previousItem\":{\"@type\":\"ListItem\",\"@id\":\"https:\\\/\\\/hidalgo.nl\\\/example\\\/#listItem\",\"name\":\"example\"}},{\"@type\":\"ListItem\",\"@id\":\"https:\\\/\\\/hidalgo.nl\\\/de\\\/product\\\/76424\\\/kuehlrucksack-bedrucken-600d-polyester-gepolstert-one-size\\\/#listItem\",\"position\":4,\"name\":\"KI0113 &#8211; Rugtas met koelvak\",\"previousItem\":{\"@type\":\"ListItem\",\"@id\":\"https:\\\/\\\/hidalgo.nl\\\/en\\\/product-supplier\\\/a403\\\/#listItem\",\"name\":\"A403\"}}]},{\"@type\":\"Organization\",\"@id\":\"https:\\\/\\\/hidalgo.nl\\\/de\\\/#organization\",\"name\":\"Hidalgo\",\"url\":\"https:\\\/\\\/hidalgo.nl\\\/de\\\/\",\"logo\":{\"@type\":\"ImageObject\",\"url\":\"https:\\\/\\\/shop.hidalgo.nl\\\/wp-content\\\/uploads\\\/2025\\\/11\\\/cropped-Hidalgo-est1993.png\",\"@id\":\"https:\\\/\\\/hidalgo.nl\\\/de\\\/product\\\/76424\\\/kuehlrucksack-bedrucken-600d-polyester-gepolstert-one-size\\\/#organizationLogo\",\"width\":585,\"height\":195},\"image\":{\"@id\":\"https:\\\/\\\/hidalgo.nl\\\/de\\\/product\\\/76424\\\/kuehlrucksack-bedrucken-600d-polyester-gepolstert-one-size\\\/#organizationLogo\"}},{\"@type\":\"ProductGroup\",\"@id\":\"https:\\\/\\\/hidalgo.nl\\\/de\\\/product\\\/76424\\\/kuehlrucksack-bedrucken-600d-polyester-gepolstert-one-size\\\/#wooCommerceProduct\",\"name\":\"K\\u00fchlrucksack bedrucken 600D Polyester gepolstert One-Size\",\"url\":\"https:\\\/\\\/hidalgo.nl\\\/de\\\/product\\\/76424\\\/kuehlrucksack-bedrucken-600d-polyester-gepolstert-one-size\\\/\",\"brand\":{\"@type\":\"Brand\",\"name\":\"Kimood\"},\"sku\":\"A403-KI0113\",\"image\":{\"@type\":\"ImageObject\",\"url\":\"https:\\\/\\\/shop.hidalgo.nl\\\/wp-content\\\/uploads\\\/2025\\\/07\\\/ad8a7c45e0bdea03979270302578f0058fd0ec097a1dc2726a1b34c2b34e7356.png\",\"@id\":\"https:\\\/\\\/hidalgo.nl\\\/de\\\/product\\\/76424\\\/kuehlrucksack-bedrucken-600d-polyester-gepolstert-one-size\\\/#productImage\",\"width\":1000,\"height\":934},\"productGroupID\":76424,\"hasVariant\":[{\"@type\":\"Product\",\"@id\":\"https:\\\/\\\/hidalgo.nl\\\/de\\\/product\\\/76424\\\/kuehlrucksack-bedrucken-600d-polyester-gepolstert-one-size\\\/#wooCommerceProduct\",\"name\":\"KI0113 - Rugtas met koelvak - , sky-blue\",\"url\":\"https:\\\/\\\/hidalgo.nl\\\/de\\\/product\\\/76424\\\/kuehlrucksack-bedrucken-600d-polyester-gepolstert-one-size\\\/\",\"sku\":\"A403-KI0113_40247_40246\",\"gtin\":\"3663639033558\",\"image\":{\"@type\":\"ImageObject\",\"url\":\"https:\\\/\\\/shop.hidalgo.nl\\\/wp-content\\\/uploads\\\/2025\\\/07\\\/ad8a7c45e0bdea03979270302578f0058fd0ec097a1dc2726a1b34c2b34e7356.png\",\"@id\":\"https:\\\/\\\/hidalgo.nl\\\/de\\\/product\\\/76424\\\/kuehlrucksack-bedrucken-600d-polyester-gepolstert-one-size\\\/#productImage\",\"width\":1000,\"height\":934},\"offers\":{\"@type\":\"Offer\",\"url\":\"https:\\\/\\\/hidalgo.nl\\\/de\\\/product\\\/76424\\\/kuehlrucksack-bedrucken-600d-polyester-gepolstert-one-size\\\/#wooCommerceOffer\",\"price\":\"14.03\",\"priceCurrency\":\"EUR\",\"category\":\"Tassen\",\"availability\":\"https:\\\/\\\/schema.org\\\/InStock\",\"priceSpecification\":{\"@type\":\"PriceSpecification\",\"price\":14.03,\"priceCurrency\":\"EUR\",\"valueAddedTaxIncluded\":\"true\"}}},{\"@type\":\"Product\",\"@id\":\"https:\\\/\\\/hidalgo.nl\\\/de\\\/product\\\/76424\\\/kuehlrucksack-bedrucken-600d-polyester-gepolstert-one-size\\\/#wooCommerceProduct\",\"name\":\"KI0113 - Rugtas met koelvak - , sky-blue\",\"url\":\"https:\\\/\\\/hidalgo.nl\\\/de\\\/product\\\/76424\\\/kuehlrucksack-bedrucken-600d-polyester-gepolstert-one-size\\\/\",\"sku\":\"A403-KI0113_48616_40246\",\"gtin\":\"3663639067096\",\"image\":{\"@type\":\"ImageObject\",\"url\":\"https:\\\/\\\/shop.hidalgo.nl\\\/wp-content\\\/uploads\\\/2025\\\/07\\\/ae9b79d0ca878855e192d363301a8954511b8264dd1fff057977b9a25ddcd8e7.png\",\"@id\":\"https:\\\/\\\/hidalgo.nl\\\/de\\\/product\\\/76424\\\/kuehlrucksack-bedrucken-600d-polyester-gepolstert-one-size\\\/#productImage\",\"width\":674,\"height\":1000},\"offers\":{\"@type\":\"Offer\",\"url\":\"https:\\\/\\\/hidalgo.nl\\\/de\\\/product\\\/76424\\\/kuehlrucksack-bedrucken-600d-polyester-gepolstert-one-size\\\/#wooCommerceOffer\",\"price\":\"14.03\",\"priceCurrency\":\"EUR\",\"category\":\"Tassen\",\"availability\":\"https:\\\/\\\/schema.org\\\/InStock\",\"priceSpecification\":{\"@type\":\"PriceSpecification\",\"price\":14.03,\"priceCurrency\":\"EUR\",\"valueAddedTaxIncluded\":\"true\"}}}]},{\"@type\":\"WebPage\",\"@id\":\"https:\\\/\\\/hidalgo.nl\\\/de\\\/product\\\/76424\\\/kuehlrucksack-bedrucken-600d-polyester-gepolstert-one-size\\\/#webpage\",\"url\":\"https:\\\/\\\/hidalgo.nl\\\/de\\\/product\\\/76424\\\/kuehlrucksack-bedrucken-600d-polyester-gepolstert-one-size\\\/\",\"name\":\"K\\u00fchlrucksack bedrucken 600D Polyester gepolstert One-Size\",\"description\":\"Robuster 600D-Rucksack mit Polsterung und K\\u00fchlfach - ideal f\\u00fcr Arbeit, Events und Wochenenden. Bei Hidalgo kannst du ihn mit deinem Logo veredeln: Rucksack bedrucken lassen oder Rucksack mit K\\u00fchlfach kaufen. Einheitsgr\\u00f6\\u00dfe One-Size.\",\"inLanguage\":\"de-DE\",\"isPartOf\":{\"@id\":\"https:\\\/\\\/hidalgo.nl\\\/de\\\/#website\"},\"breadcrumb\":{\"@id\":\"https:\\\/\\\/hidalgo.nl\\\/de\\\/product\\\/76424\\\/kuehlrucksack-bedrucken-600d-polyester-gepolstert-one-size\\\/#breadcrumblist\"},\"image\":{\"@type\":\"ImageObject\",\"url\":\"https:\\\/\\\/shop.hidalgo.nl\\\/wp-content\\\/uploads\\\/2025\\\/07\\\/ad8a7c45e0bdea03979270302578f0058fd0ec097a1dc2726a1b34c2b34e7356.png\",\"@id\":\"https:\\\/\\\/hidalgo.nl\\\/de\\\/product\\\/76424\\\/kuehlrucksack-bedrucken-600d-polyester-gepolstert-one-size\\\/#mainImage\",\"width\":1000,\"height\":934},\"primaryImageOfPage\":{\"@id\":\"https:\\\/\\\/hidalgo.nl\\\/de\\\/product\\\/76424\\\/kuehlrucksack-bedrucken-600d-polyester-gepolstert-one-size\\\/#mainImage\"},\"datePublished\":\"2025-07-06T23:15:09+00:00\",\"dateModified\":\"2026-03-22T18:09:19+00:00\"},{\"@type\":\"WebSite\",\"@id\":\"https:\\\/\\\/hidalgo.nl\\\/de\\\/#website\",\"url\":\"https:\\\/\\\/hidalgo.nl\\\/de\\\/\",\"name\":\"Hidalgo\",\"inLanguage\":\"de-DE\",\"publisher\":{\"@id\":\"https:\\\/\\\/hidalgo.nl\\\/de\\\/#organization\"}}]}\n\t\t<\/script>\n\t\t<!-- All in One SEO Pro -->\r\n\t\t<title>K\u00fchlrucksack bedrucken 600D Polyester gepolstert One-Size<\/title>\n\n","aioseo_head_json":{"title":"K\u00fchlrucksack bedrucken 600D Polyester gepolstert One-Size","description":"Robuster 600D-Rucksack mit Polsterung und K\u00fchlfach - ideal f\u00fcr Arbeit, Events und Wochenenden. Bei Hidalgo kannst du ihn mit deinem Logo veredeln: Rucksack bedrucken lassen oder Rucksack mit K\u00fchlfach kaufen. Einheitsgr\u00f6\u00dfe One-Size.","canonical_url":"https:\/\/hidalgo.nl\/de\/wp-json\/wp\/v2\/product\/76424","robots":"max-image-preview:large","keywords":"","webmasterTools":{"miscellaneous":""},"schema":{"@context":"https:\/\/schema.org","@graph":[{"@type":"BreadcrumbList","@id":"https:\/\/hidalgo.nl\/de\/product\/76424\/kuehlrucksack-bedrucken-600d-polyester-gepolstert-one-size\/#breadcrumblist","itemListElement":[{"@type":"ListItem","@id":"https:\/\/hidalgo.nl\/de\/#listItem","position":1,"name":"Home","item":"https:\/\/hidalgo.nl\/de\/","nextItem":{"@type":"ListItem","@id":"https:\/\/hidalgo.nl\/example\/#listItem","name":"example"}},{"@type":"ListItem","@id":"https:\/\/hidalgo.nl\/example\/#listItem","position":2,"name":"example","item":"https:\/\/hidalgo.nl\/example\/","nextItem":{"@type":"ListItem","@id":"https:\/\/hidalgo.nl\/en\/product-supplier\/a403\/#listItem","name":"A403"},"previousItem":{"@type":"ListItem","@id":"https:\/\/hidalgo.nl\/de\/#listItem","name":"Home"}},{"@type":"ListItem","@id":"https:\/\/hidalgo.nl\/en\/product-supplier\/a403\/#listItem","position":3,"name":"A403","item":"https:\/\/hidalgo.nl\/en\/product-supplier\/a403\/","nextItem":{"@type":"ListItem","@id":"https:\/\/hidalgo.nl\/de\/product\/76424\/kuehlrucksack-bedrucken-600d-polyester-gepolstert-one-size\/#listItem","name":"KI0113 &#8211; Rugtas met koelvak"},"previousItem":{"@type":"ListItem","@id":"https:\/\/hidalgo.nl\/example\/#listItem","name":"example"}},{"@type":"ListItem","@id":"https:\/\/hidalgo.nl\/de\/product\/76424\/kuehlrucksack-bedrucken-600d-polyester-gepolstert-one-size\/#listItem","position":4,"name":"KI0113 &#8211; Rugtas met koelvak","previousItem":{"@type":"ListItem","@id":"https:\/\/hidalgo.nl\/en\/product-supplier\/a403\/#listItem","name":"A403"}}]},{"@type":"Organization","@id":"https:\/\/hidalgo.nl\/de\/#organization","name":"Hidalgo","url":"https:\/\/hidalgo.nl\/de\/","logo":{"@type":"ImageObject","url":"https:\/\/shop.hidalgo.nl\/wp-content\/uploads\/2025\/11\/cropped-Hidalgo-est1993.png","@id":"https:\/\/hidalgo.nl\/de\/product\/76424\/kuehlrucksack-bedrucken-600d-polyester-gepolstert-one-size\/#organizationLogo","width":585,"height":195},"image":{"@id":"https:\/\/hidalgo.nl\/de\/product\/76424\/kuehlrucksack-bedrucken-600d-polyester-gepolstert-one-size\/#organizationLogo"}},{"@type":"ProductGroup","@id":"https:\/\/hidalgo.nl\/de\/product\/76424\/kuehlrucksack-bedrucken-600d-polyester-gepolstert-one-size\/#wooCommerceProduct","name":"K\u00fchlrucksack bedrucken 600D Polyester gepolstert One-Size","url":"https:\/\/hidalgo.nl\/de\/product\/76424\/kuehlrucksack-bedrucken-600d-polyester-gepolstert-one-size\/","brand":{"@type":"Brand","name":"Kimood"},"sku":"A403-KI0113","image":{"@type":"ImageObject","url":"https:\/\/shop.hidalgo.nl\/wp-content\/uploads\/2025\/07\/ad8a7c45e0bdea03979270302578f0058fd0ec097a1dc2726a1b34c2b34e7356.png","@id":"https:\/\/hidalgo.nl\/de\/product\/76424\/kuehlrucksack-bedrucken-600d-polyester-gepolstert-one-size\/#productImage","width":1000,"height":934},"productGroupID":76424,"hasVariant":[{"@type":"Product","@id":"https:\/\/hidalgo.nl\/de\/product\/76424\/kuehlrucksack-bedrucken-600d-polyester-gepolstert-one-size\/#wooCommerceProduct","name":"KI0113 - Rugtas met koelvak - , sky-blue","url":"https:\/\/hidalgo.nl\/de\/product\/76424\/kuehlrucksack-bedrucken-600d-polyester-gepolstert-one-size\/","sku":"A403-KI0113_40247_40246","gtin":"3663639033558","image":{"@type":"ImageObject","url":"https:\/\/shop.hidalgo.nl\/wp-content\/uploads\/2025\/07\/ad8a7c45e0bdea03979270302578f0058fd0ec097a1dc2726a1b34c2b34e7356.png","@id":"https:\/\/hidalgo.nl\/de\/product\/76424\/kuehlrucksack-bedrucken-600d-polyester-gepolstert-one-size\/#productImage","width":1000,"height":934},"offers":{"@type":"Offer","url":"https:\/\/hidalgo.nl\/de\/product\/76424\/kuehlrucksack-bedrucken-600d-polyester-gepolstert-one-size\/#wooCommerceOffer","price":"14.03","priceCurrency":"EUR","category":"Tassen","availability":"https:\/\/schema.org\/InStock","priceSpecification":{"@type":"PriceSpecification","price":14.03,"priceCurrency":"EUR","valueAddedTaxIncluded":"true"}}},{"@type":"Product","@id":"https:\/\/hidalgo.nl\/de\/product\/76424\/kuehlrucksack-bedrucken-600d-polyester-gepolstert-one-size\/#wooCommerceProduct","name":"KI0113 - Rugtas met koelvak - , sky-blue","url":"https:\/\/hidalgo.nl\/de\/product\/76424\/kuehlrucksack-bedrucken-600d-polyester-gepolstert-one-size\/","sku":"A403-KI0113_48616_40246","gtin":"3663639067096","image":{"@type":"ImageObject","url":"https:\/\/shop.hidalgo.nl\/wp-content\/uploads\/2025\/07\/ae9b79d0ca878855e192d363301a8954511b8264dd1fff057977b9a25ddcd8e7.png","@id":"https:\/\/hidalgo.nl\/de\/product\/76424\/kuehlrucksack-bedrucken-600d-polyester-gepolstert-one-size\/#productImage","width":674,"height":1000},"offers":{"@type":"Offer","url":"https:\/\/hidalgo.nl\/de\/product\/76424\/kuehlrucksack-bedrucken-600d-polyester-gepolstert-one-size\/#wooCommerceOffer","price":"14.03","priceCurrency":"EUR","category":"Tassen","availability":"https:\/\/schema.org\/InStock","priceSpecification":{"@type":"PriceSpecification","price":14.03,"priceCurrency":"EUR","valueAddedTaxIncluded":"true"}}}]},{"@type":"WebPage","@id":"https:\/\/hidalgo.nl\/de\/product\/76424\/kuehlrucksack-bedrucken-600d-polyester-gepolstert-one-size\/#webpage","url":"https:\/\/hidalgo.nl\/de\/product\/76424\/kuehlrucksack-bedrucken-600d-polyester-gepolstert-one-size\/","name":"K\u00fchlrucksack bedrucken 600D Polyester gepolstert One-Size","description":"Robuster 600D-Rucksack mit Polsterung und K\u00fchlfach - ideal f\u00fcr Arbeit, Events und Wochenenden. Bei Hidalgo kannst du ihn mit deinem Logo veredeln: Rucksack bedrucken lassen oder Rucksack mit K\u00fchlfach kaufen. Einheitsgr\u00f6\u00dfe One-Size.","inLanguage":"de-DE","isPartOf":{"@id":"https:\/\/hidalgo.nl\/de\/#website"},"breadcrumb":{"@id":"https:\/\/hidalgo.nl\/de\/product\/76424\/kuehlrucksack-bedrucken-600d-polyester-gepolstert-one-size\/#breadcrumblist"},"image":{"@type":"ImageObject","url":"https:\/\/shop.hidalgo.nl\/wp-content\/uploads\/2025\/07\/ad8a7c45e0bdea03979270302578f0058fd0ec097a1dc2726a1b34c2b34e7356.png","@id":"https:\/\/hidalgo.nl\/de\/product\/76424\/kuehlrucksack-bedrucken-600d-polyester-gepolstert-one-size\/#mainImage","width":1000,"height":934},"primaryImageOfPage":{"@id":"https:\/\/hidalgo.nl\/de\/product\/76424\/kuehlrucksack-bedrucken-600d-polyester-gepolstert-one-size\/#mainImage"},"datePublished":"2025-07-06T23:15:09+00:00","dateModified":"2026-03-22T18:09:19+00:00"},{"@type":"WebSite","@id":"https:\/\/hidalgo.nl\/de\/#website","url":"https:\/\/hidalgo.nl\/de\/","name":"Hidalgo","inLanguage":"de-DE","publisher":{"@id":"https:\/\/hidalgo.nl\/de\/#organization"}}]},"og:locale":"de_DE","og:site_name":"Hidalgo -","og:type":"article","og:title":"K\u00fchlrucksack bedrucken 600D Polyester gepolstert One-Size","og:description":"Robuster 600D-Rucksack mit Polsterung und K\u00fchlfach - ideal f\u00fcr Arbeit, Events und Wochenenden. Bei Hidalgo kannst du ihn mit deinem Logo veredeln: Rucksack bedrucken lassen oder Rucksack mit K\u00fchlfach kaufen. Einheitsgr\u00f6\u00dfe One-Size.","og:url":"https:\/\/hidalgo.nl\/de\/wp-json\/wp\/v2\/product\/76424","og:image":"https:\/\/shop.hidalgo.nl\/wp-content\/uploads\/2025\/11\/cropped-Hidalgo-est1993.png","og:image:secure_url":"https:\/\/shop.hidalgo.nl\/wp-content\/uploads\/2025\/11\/cropped-Hidalgo-est1993.png","article:published_time":"2025-07-06T23:15:09+00:00","article:modified_time":"2026-03-22T18:09:19+00:00","twitter:card":"summary_large_image","twitter:title":"K\u00fchlrucksack bedrucken 600D Polyester gepolstert One-Size","twitter:description":"Robuster 600D-Rucksack mit Polsterung und K\u00fchlfach - ideal f\u00fcr Arbeit, Events und Wochenenden. Bei Hidalgo kannst du ihn mit deinem Logo veredeln: Rucksack bedrucken lassen oder Rucksack mit K\u00fchlfach kaufen. Einheitsgr\u00f6\u00dfe One-Size.","twitter:image":"https:\/\/shop.hidalgo.nl\/wp-content\/uploads\/2025\/11\/cropped-Hidalgo-est1993.png"},"aioseo_meta_data":{"post_id":"76424","title":null,"description":null,"keywords":null,"keyphrases":null,"primary_term":null,"canonical_url":null,"og_title":null,"og_description":null,"og_object_type":"default","og_image_type":"default","og_image_url":null,"og_image_width":null,"og_image_height":null,"og_image_custom_url":null,"og_image_custom_fields":null,"og_video":null,"og_custom_url":null,"og_article_section":null,"og_article_tags":null,"twitter_use_og":false,"twitter_card":"default","twitter_image_type":"default","twitter_image_url":null,"twitter_image_custom_url":null,"twitter_image_custom_fields":null,"twitter_title":null,"twitter_description":null,"schema":{"blockGraphs":[],"customGraphs":[],"default":{"data":{"Article":[],"Course":[],"Dataset":[],"FAQPage":[],"Movie":[],"Person":[],"Product":[],"ProductReview":[],"Car":[],"Recipe":[],"Service":[],"SoftwareApplication":[],"WebPage":[]},"graphName":"","isEnabled":true},"graphs":[]},"schema_type":"default","schema_type_options":null,"pillar_content":false,"robots_default":true,"robots_noindex":false,"robots_noarchive":false,"robots_nosnippet":false,"robots_nofollow":false,"robots_noimageindex":false,"robots_noodp":false,"robots_notranslate":false,"robots_max_snippet":null,"robots_max_videopreview":null,"robots_max_imagepreview":"large","priority":null,"frequency":null,"local_seo":null,"seo_analyzer_scan_date":"2026-01-20 15:20:41","breadcrumb_settings":null,"limit_modified_date":false,"reviewed_by":null,"open_ai":null,"ai":null,"created":"2026-01-14 06:25:29","updated":"2026-04-22 18:58:51"},"aioseo_breadcrumb":"<div class=\"aioseo-breadcrumbs\"><span class=\"aioseo-breadcrumb\">\n\t<a href=\"https:\/\/hidalgo.nl\/de\/\" title=\"Home\">Home<\/a>\n<\/span><span class=\"aioseo-breadcrumb-separator\">\u00bb<\/span><span class=\"aioseo-breadcrumb\">\n\t<a href=\"https:\/\/hidalgo.nl\/example\/\" title=\"example\">example<\/a>\n<\/span><span class=\"aioseo-breadcrumb-separator\">\u00bb<\/span><span class=\"aioseo-breadcrumb\">\n\t<a href=\"https:\/\/hidalgo.nl\/en\/product-supplier\/a403\/\" title=\"A403\">A403<\/a>\n<\/span><span class=\"aioseo-breadcrumb-separator\">\u00bb<\/span><span class=\"aioseo-breadcrumb\">\n\tKI0113 \u2013 Rugtas met koelvak\n<\/span><\/div>","aioseo_breadcrumb_json":[{"label":"Home","link":"https:\/\/hidalgo.nl\/de\/"},{"label":"example","link":"https:\/\/hidalgo.nl\/example\/"},{"label":"A403","link":"https:\/\/hidalgo.nl\/en\/product-supplier\/a403\/"},{"label":"KI0113 &#8211; Rugtas met koelvak","link":"https:\/\/hidalgo.nl\/de\/product\/76424\/kuehlrucksack-bedrucken-600d-polyester-gepolstert-one-size\/"}],"_links":{"self":[{"href":"https:\/\/hidalgo.nl\/de\/wp-json\/wp\/v2\/product\/76424","targetHints":{"allow":["GET"]}}],"collection":[{"href":"https:\/\/hidalgo.nl\/de\/wp-json\/wp\/v2\/product"}],"about":[{"href":"https:\/\/hidalgo.nl\/de\/wp-json\/wp\/v2\/types\/product"}],"wp:featuredmedia":[{"embeddable":true,"href":"https:\/\/hidalgo.nl\/de\/wp-json\/wp\/v2\/media\/76425"}],"wp:attachment":[{"href":"https:\/\/hidalgo.nl\/de\/wp-json\/wp\/v2\/media?parent=76424"}],"wp:term":[{"taxonomy":"product_brand","embeddable":true,"href":"https:\/\/hidalgo.nl\/de\/wp-json\/wp\/v2\/product_brand?post=76424"},{"taxonomy":"product_cat","embeddable":true,"href":"https:\/\/hidalgo.nl\/de\/wp-json\/wp\/v2\/product_cat?post=76424"},{"taxonomy":"product_tag","embeddable":true,"href":"https:\/\/hidalgo.nl\/de\/wp-json\/wp\/v2\/product_tag?post=76424"}],"curies":[{"name":"wp","href":"https:\/\/api.w.org\/{rel}","templated":true}]}}