{"id":7486,"date":"2025-07-03T09:37:56","date_gmt":"2025-07-03T09:37:56","guid":{"rendered":"http:\/\/bidonsenshakers.pim.hidalgo.nl\/product\/rvs-multitool-abel\/"},"modified":"2026-03-15T14:19:51","modified_gmt":"2026-03-15T14:19:51","slug":"rvs-multitool-abel","status":"publish","type":"product","link":"https:\/\/hidalgo.nl\/de\/product\/7486\/multitool-abel-bedrucken-edelstahl-17-in-1-schneeflocke-6cm\/","title":{"rendered":"RVS multitool Abel"},"content":{"rendered":"<p>RVS multitool met 17 functies (sleufschroevendraaier, flessenopener, moersleutel, touwmes en inbussleutels van verschillende grootte). Inclusief sleutelhanger. In de vorm van een sneeuwvlok. Individueel verpakt in een bruine kartonnen doos.<\/p>\n","protected":false},"excerpt":{"rendered":"<p>RVS multitool met 17 functies (sleufschroevendraaier, flessenopener, moersleutel, touwmes en inbussleutels van verschillende grootte). Inclusief sleutelhanger. In de vorm van een sneeuwvlok. Individueel verpakt in een bruine kartonnen doos.<\/p>\n","protected":false},"featured_media":7487,"template":"","meta":{"_acf_changed":false,"om_disable_all_campaigns":false,"_monsterinsights_skip_tracking":false,"_monsterinsights_sitenote_active":false,"_monsterinsights_sitenote_note":"","_monsterinsights_sitenote_category":0},"product_brand":[49],"product_cat":[4808,4719],"product_tag":[],"class_list":{"0":"post-7486","1":"product","2":"type-product","3":"status-publish","4":"has-post-thumbnail","6":"product_supplier-a58","7":"product_material-ijzer","8":"product_material-rvs","9":"product_brand-impression","10":"product_cat-gereedschap","11":"product_cat-promotionele-artikelen","12":"entry","14":"first","15":"instock","16":"taxable","17":"shipping-taxable","18":"purchasable","19":"product-type-variable"},"acf":{"imprint_cost":[{"imprint_cost_key":"9b585402d8f9d4c6f28e70bb9dee538ed5d940bd","product_quantity_price_range":[{"imprint_cost_recommended_selling_price":"2.66","imprint_cost_recommended_selling_quantity":"1"},{"imprint_cost_recommended_selling_price":"1.63","imprint_cost_recommended_selling_quantity":"25"},{"imprint_cost_recommended_selling_price":"1.22","imprint_cost_recommended_selling_quantity":"50"},{"imprint_cost_recommended_selling_price":"0.88","imprint_cost_recommended_selling_quantity":"100"},{"imprint_cost_recommended_selling_price":"0.52","imprint_cost_recommended_selling_quantity":"250"},{"imprint_cost_recommended_selling_price":"0.43","imprint_cost_recommended_selling_quantity":"500"},{"imprint_cost_recommended_selling_price":"0.37","imprint_cost_recommended_selling_quantity":"1000"},{"imprint_cost_recommended_selling_price":"0.29","imprint_cost_recommended_selling_quantity":"2500"}],"product_quantity_price_range_buying":false,"imprint_cost_setup_costs":"30.77","imprint_cost_handling_costs":"0.2"}]},"aioseo_notices":[],"aioseo_head":"\n\t\t<!-- All in One SEO Pro 4.9.6.2 - aioseo.com -->\n\t<meta name=\"description\" content=\"Mit dem kompakten Multitool Abel hast du 17 n\u00fctzliche Funktionen f\u00fcr deinen Alltag direkt am Schl\u00fcsselbund dabei. Du kannst dieses Edelstahl Werkzeug personalisieren lassen, um funktionale Werbegeschenke mit Logo f\u00fcr deine Kunden &amp; Partner bei Hidalgo individuell zu gestalten.\" \/>\n\t<meta name=\"robots\" content=\"max-image-preview:large\" \/>\n\t<link rel=\"canonical\" href=\"https:\/\/hidalgo.nl\/de\/wp-json\/wp\/v2\/product\/7486\" \/>\n\t<meta name=\"generator\" content=\"All in One SEO Pro (AIOSEO) 4.9.6.2\" \/>\n\t\t<meta property=\"og:locale\" content=\"de_DE\" \/>\n\t\t<meta property=\"og:site_name\" content=\"Hidalgo -\" \/>\n\t\t<meta property=\"og:type\" content=\"article\" \/>\n\t\t<meta property=\"og:title\" content=\"Multitool Abel bedrucken Edelstahl 17-in-1 Schneeflocke 6cm\" \/>\n\t\t<meta property=\"og:description\" content=\"Mit dem kompakten Multitool Abel hast du 17 n\u00fctzliche Funktionen f\u00fcr deinen Alltag direkt am Schl\u00fcsselbund dabei. Du kannst dieses Edelstahl Werkzeug personalisieren lassen, um funktionale Werbegeschenke mit Logo f\u00fcr deine Kunden &amp; Partner bei Hidalgo individuell zu gestalten.\" \/>\n\t\t<meta property=\"og:url\" content=\"https:\/\/hidalgo.nl\/de\/wp-json\/wp\/v2\/product\/7486\" \/>\n\t\t<meta property=\"og:image\" content=\"https:\/\/shop.hidalgo.nl\/wp-content\/uploads\/2025\/11\/cropped-Hidalgo-est1993.png\" \/>\n\t\t<meta property=\"og:image:secure_url\" content=\"https:\/\/shop.hidalgo.nl\/wp-content\/uploads\/2025\/11\/cropped-Hidalgo-est1993.png\" \/>\n\t\t<meta property=\"article:published_time\" content=\"2025-07-03T09:37:56+00:00\" \/>\n\t\t<meta property=\"article:modified_time\" content=\"2026-03-15T14:19:51+00:00\" \/>\n\t\t<meta name=\"twitter:card\" content=\"summary_large_image\" \/>\n\t\t<meta name=\"twitter:title\" content=\"Multitool Abel bedrucken Edelstahl 17-in-1 Schneeflocke 6cm\" \/>\n\t\t<meta name=\"twitter:description\" content=\"Mit dem kompakten Multitool Abel hast du 17 n\u00fctzliche Funktionen f\u00fcr deinen Alltag direkt am Schl\u00fcsselbund dabei. Du kannst dieses Edelstahl Werkzeug personalisieren lassen, um funktionale Werbegeschenke mit Logo f\u00fcr deine Kunden &amp; Partner bei Hidalgo individuell zu gestalten.\" \/>\n\t\t<meta name=\"twitter:image\" content=\"https:\/\/shop.hidalgo.nl\/wp-content\/uploads\/2025\/11\/cropped-Hidalgo-est1993.png\" \/>\n\t\t<script type=\"application\/ld+json\" class=\"aioseo-schema\">\n\t\t\t{\"@context\":\"https:\\\/\\\/schema.org\",\"@graph\":[{\"@type\":\"BreadcrumbList\",\"@id\":\"https:\\\/\\\/hidalgo.nl\\\/de\\\/product\\\/7486\\\/multitool-abel-bedrucken-edelstahl-17-in-1-schneeflocke-6cm\\\/#breadcrumblist\",\"itemListElement\":[{\"@type\":\"ListItem\",\"@id\":\"https:\\\/\\\/hidalgo.nl\\\/de\\\/#listItem\",\"position\":1,\"name\":\"Home\",\"item\":\"https:\\\/\\\/hidalgo.nl\\\/de\\\/\",\"nextItem\":{\"@type\":\"ListItem\",\"@id\":\"https:\\\/\\\/hidalgo.nl\\\/example\\\/#listItem\",\"name\":\"example\"}},{\"@type\":\"ListItem\",\"@id\":\"https:\\\/\\\/hidalgo.nl\\\/example\\\/#listItem\",\"position\":2,\"name\":\"example\",\"item\":\"https:\\\/\\\/hidalgo.nl\\\/example\\\/\",\"nextItem\":{\"@type\":\"ListItem\",\"@id\":\"https:\\\/\\\/hidalgo.nl\\\/en\\\/product-supplier\\\/a58\\\/#listItem\",\"name\":\"A58\"},\"previousItem\":{\"@type\":\"ListItem\",\"@id\":\"https:\\\/\\\/hidalgo.nl\\\/de\\\/#listItem\",\"name\":\"Home\"}},{\"@type\":\"ListItem\",\"@id\":\"https:\\\/\\\/hidalgo.nl\\\/en\\\/product-supplier\\\/a58\\\/#listItem\",\"position\":3,\"name\":\"A58\",\"item\":\"https:\\\/\\\/hidalgo.nl\\\/en\\\/product-supplier\\\/a58\\\/\",\"nextItem\":{\"@type\":\"ListItem\",\"@id\":\"https:\\\/\\\/hidalgo.nl\\\/de\\\/product\\\/7486\\\/multitool-abel-bedrucken-edelstahl-17-in-1-schneeflocke-6cm\\\/#listItem\",\"name\":\"RVS multitool Abel\"},\"previousItem\":{\"@type\":\"ListItem\",\"@id\":\"https:\\\/\\\/hidalgo.nl\\\/example\\\/#listItem\",\"name\":\"example\"}},{\"@type\":\"ListItem\",\"@id\":\"https:\\\/\\\/hidalgo.nl\\\/de\\\/product\\\/7486\\\/multitool-abel-bedrucken-edelstahl-17-in-1-schneeflocke-6cm\\\/#listItem\",\"position\":4,\"name\":\"RVS multitool Abel\",\"previousItem\":{\"@type\":\"ListItem\",\"@id\":\"https:\\\/\\\/hidalgo.nl\\\/en\\\/product-supplier\\\/a58\\\/#listItem\",\"name\":\"A58\"}}]},{\"@type\":\"Organization\",\"@id\":\"https:\\\/\\\/hidalgo.nl\\\/de\\\/#organization\",\"name\":\"Hidalgo\",\"url\":\"https:\\\/\\\/hidalgo.nl\\\/de\\\/\",\"logo\":{\"@type\":\"ImageObject\",\"url\":\"https:\\\/\\\/shop.hidalgo.nl\\\/wp-content\\\/uploads\\\/2025\\\/11\\\/cropped-Hidalgo-est1993.png\",\"@id\":\"https:\\\/\\\/hidalgo.nl\\\/de\\\/product\\\/7486\\\/multitool-abel-bedrucken-edelstahl-17-in-1-schneeflocke-6cm\\\/#organizationLogo\",\"width\":585,\"height\":195},\"image\":{\"@id\":\"https:\\\/\\\/hidalgo.nl\\\/de\\\/product\\\/7486\\\/multitool-abel-bedrucken-edelstahl-17-in-1-schneeflocke-6cm\\\/#organizationLogo\"}},{\"@type\":\"ProductGroup\",\"@id\":\"https:\\\/\\\/hidalgo.nl\\\/de\\\/product\\\/7486\\\/multitool-abel-bedrucken-edelstahl-17-in-1-schneeflocke-6cm\\\/#wooCommerceProduct\",\"name\":\"Multitool Abel bedrucken Edelstahl 17-in-1 Schneeflocke 6cm\",\"url\":\"https:\\\/\\\/hidalgo.nl\\\/de\\\/product\\\/7486\\\/multitool-abel-bedrucken-edelstahl-17-in-1-schneeflocke-6cm\\\/\",\"brand\":{\"@type\":\"Brand\",\"name\":\"IMPRESSION\"},\"sku\":\"A58-1015127\",\"image\":{\"@type\":\"ImageObject\",\"url\":\"https:\\\/\\\/shop.hidalgo.nl\\\/wp-content\\\/uploads\\\/2025\\\/05\\\/47b5cb28d8b77373319bd863e86f4da1de134eb81c48db3689e279f2dced48aa.jpg\",\"@id\":\"https:\\\/\\\/hidalgo.nl\\\/de\\\/product\\\/7486\\\/multitool-abel-bedrucken-edelstahl-17-in-1-schneeflocke-6cm\\\/#productImage\",\"width\":728,\"height\":678},\"productGroupID\":7486,\"hasVariant\":[{\"@type\":\"Product\",\"@id\":\"https:\\\/\\\/hidalgo.nl\\\/de\\\/product\\\/7486\\\/multitool-abel-bedrucken-edelstahl-17-in-1-schneeflocke-6cm\\\/#wooCommerceProduct\",\"name\":\"RVS multitool Abel - zilver,\",\"url\":\"https:\\\/\\\/hidalgo.nl\\\/de\\\/product\\\/7486\\\/multitool-abel-bedrucken-edelstahl-17-in-1-schneeflocke-6cm\\\/\",\"sku\":\"A58-1015127-032999999\",\"gtin\":\"8719446063884\",\"image\":{\"@type\":\"ImageObject\",\"url\":\"https:\\\/\\\/shop.hidalgo.nl\\\/wp-content\\\/uploads\\\/2025\\\/05\\\/40a372d5c66d44cf39d81a6f6850c1b17d9d17ad30797c0a27fd2d5ee0ee98d1.jpg\",\"@id\":\"https:\\\/\\\/hidalgo.nl\\\/de\\\/product\\\/7486\\\/multitool-abel-bedrucken-edelstahl-17-in-1-schneeflocke-6cm\\\/#productImage\",\"width\":839,\"height\":963},\"offers\":{\"@type\":\"Offer\",\"url\":\"https:\\\/\\\/hidalgo.nl\\\/de\\\/product\\\/7486\\\/multitool-abel-bedrucken-edelstahl-17-in-1-schneeflocke-6cm\\\/#wooCommerceOffer\",\"price\":\"3.26\",\"priceCurrency\":\"EUR\",\"category\":\"Promotionele Artikelen\",\"availability\":\"https:\\\/\\\/schema.org\\\/InStock\",\"priceSpecification\":{\"@type\":\"PriceSpecification\",\"price\":3.26,\"priceCurrency\":\"EUR\",\"valueAddedTaxIncluded\":\"true\"}}}]},{\"@type\":\"WebPage\",\"@id\":\"https:\\\/\\\/hidalgo.nl\\\/de\\\/product\\\/7486\\\/multitool-abel-bedrucken-edelstahl-17-in-1-schneeflocke-6cm\\\/#webpage\",\"url\":\"https:\\\/\\\/hidalgo.nl\\\/de\\\/product\\\/7486\\\/multitool-abel-bedrucken-edelstahl-17-in-1-schneeflocke-6cm\\\/\",\"name\":\"Multitool Abel bedrucken Edelstahl 17-in-1 Schneeflocke 6cm\",\"description\":\"Mit dem kompakten Multitool Abel hast du 17 n\\u00fctzliche Funktionen f\\u00fcr deinen Alltag direkt am Schl\\u00fcsselbund dabei. Du kannst dieses Edelstahl Werkzeug personalisieren lassen, um funktionale Werbegeschenke mit Logo f\\u00fcr deine Kunden & Partner bei Hidalgo individuell zu gestalten.\",\"inLanguage\":\"de-DE\",\"isPartOf\":{\"@id\":\"https:\\\/\\\/hidalgo.nl\\\/de\\\/#website\"},\"breadcrumb\":{\"@id\":\"https:\\\/\\\/hidalgo.nl\\\/de\\\/product\\\/7486\\\/multitool-abel-bedrucken-edelstahl-17-in-1-schneeflocke-6cm\\\/#breadcrumblist\"},\"image\":{\"@type\":\"ImageObject\",\"url\":\"https:\\\/\\\/shop.hidalgo.nl\\\/wp-content\\\/uploads\\\/2025\\\/05\\\/47b5cb28d8b77373319bd863e86f4da1de134eb81c48db3689e279f2dced48aa.jpg\",\"@id\":\"https:\\\/\\\/hidalgo.nl\\\/de\\\/product\\\/7486\\\/multitool-abel-bedrucken-edelstahl-17-in-1-schneeflocke-6cm\\\/#mainImage\",\"width\":728,\"height\":678},\"primaryImageOfPage\":{\"@id\":\"https:\\\/\\\/hidalgo.nl\\\/de\\\/product\\\/7486\\\/multitool-abel-bedrucken-edelstahl-17-in-1-schneeflocke-6cm\\\/#mainImage\"},\"datePublished\":\"2025-07-03T09:37:56+00:00\",\"dateModified\":\"2026-03-15T14:19:51+00:00\"},{\"@type\":\"WebSite\",\"@id\":\"https:\\\/\\\/hidalgo.nl\\\/de\\\/#website\",\"url\":\"https:\\\/\\\/hidalgo.nl\\\/de\\\/\",\"name\":\"Hidalgo\",\"inLanguage\":\"de-DE\",\"publisher\":{\"@id\":\"https:\\\/\\\/hidalgo.nl\\\/de\\\/#organization\"}}]}\n\t\t<\/script>\n\t\t<!-- All in One SEO Pro -->\r\n\t\t<title>Multitool Abel bedrucken Edelstahl 17-in-1 Schneeflocke 6cm<\/title>\n\n","aioseo_head_json":{"title":"Multitool Abel bedrucken Edelstahl 17-in-1 Schneeflocke 6cm","description":"Mit dem kompakten Multitool Abel hast du 17 n\u00fctzliche Funktionen f\u00fcr deinen Alltag direkt am Schl\u00fcsselbund dabei. Du kannst dieses Edelstahl Werkzeug personalisieren lassen, um funktionale Werbegeschenke mit Logo f\u00fcr deine Kunden & Partner bei Hidalgo individuell zu gestalten.","canonical_url":"https:\/\/hidalgo.nl\/de\/wp-json\/wp\/v2\/product\/7486","robots":"max-image-preview:large","keywords":"","webmasterTools":{"miscellaneous":""},"schema":{"@context":"https:\/\/schema.org","@graph":[{"@type":"BreadcrumbList","@id":"https:\/\/hidalgo.nl\/de\/product\/7486\/multitool-abel-bedrucken-edelstahl-17-in-1-schneeflocke-6cm\/#breadcrumblist","itemListElement":[{"@type":"ListItem","@id":"https:\/\/hidalgo.nl\/de\/#listItem","position":1,"name":"Home","item":"https:\/\/hidalgo.nl\/de\/","nextItem":{"@type":"ListItem","@id":"https:\/\/hidalgo.nl\/example\/#listItem","name":"example"}},{"@type":"ListItem","@id":"https:\/\/hidalgo.nl\/example\/#listItem","position":2,"name":"example","item":"https:\/\/hidalgo.nl\/example\/","nextItem":{"@type":"ListItem","@id":"https:\/\/hidalgo.nl\/en\/product-supplier\/a58\/#listItem","name":"A58"},"previousItem":{"@type":"ListItem","@id":"https:\/\/hidalgo.nl\/de\/#listItem","name":"Home"}},{"@type":"ListItem","@id":"https:\/\/hidalgo.nl\/en\/product-supplier\/a58\/#listItem","position":3,"name":"A58","item":"https:\/\/hidalgo.nl\/en\/product-supplier\/a58\/","nextItem":{"@type":"ListItem","@id":"https:\/\/hidalgo.nl\/de\/product\/7486\/multitool-abel-bedrucken-edelstahl-17-in-1-schneeflocke-6cm\/#listItem","name":"RVS multitool Abel"},"previousItem":{"@type":"ListItem","@id":"https:\/\/hidalgo.nl\/example\/#listItem","name":"example"}},{"@type":"ListItem","@id":"https:\/\/hidalgo.nl\/de\/product\/7486\/multitool-abel-bedrucken-edelstahl-17-in-1-schneeflocke-6cm\/#listItem","position":4,"name":"RVS multitool Abel","previousItem":{"@type":"ListItem","@id":"https:\/\/hidalgo.nl\/en\/product-supplier\/a58\/#listItem","name":"A58"}}]},{"@type":"Organization","@id":"https:\/\/hidalgo.nl\/de\/#organization","name":"Hidalgo","url":"https:\/\/hidalgo.nl\/de\/","logo":{"@type":"ImageObject","url":"https:\/\/shop.hidalgo.nl\/wp-content\/uploads\/2025\/11\/cropped-Hidalgo-est1993.png","@id":"https:\/\/hidalgo.nl\/de\/product\/7486\/multitool-abel-bedrucken-edelstahl-17-in-1-schneeflocke-6cm\/#organizationLogo","width":585,"height":195},"image":{"@id":"https:\/\/hidalgo.nl\/de\/product\/7486\/multitool-abel-bedrucken-edelstahl-17-in-1-schneeflocke-6cm\/#organizationLogo"}},{"@type":"ProductGroup","@id":"https:\/\/hidalgo.nl\/de\/product\/7486\/multitool-abel-bedrucken-edelstahl-17-in-1-schneeflocke-6cm\/#wooCommerceProduct","name":"Multitool Abel bedrucken Edelstahl 17-in-1 Schneeflocke 6cm","url":"https:\/\/hidalgo.nl\/de\/product\/7486\/multitool-abel-bedrucken-edelstahl-17-in-1-schneeflocke-6cm\/","brand":{"@type":"Brand","name":"IMPRESSION"},"sku":"A58-1015127","image":{"@type":"ImageObject","url":"https:\/\/shop.hidalgo.nl\/wp-content\/uploads\/2025\/05\/47b5cb28d8b77373319bd863e86f4da1de134eb81c48db3689e279f2dced48aa.jpg","@id":"https:\/\/hidalgo.nl\/de\/product\/7486\/multitool-abel-bedrucken-edelstahl-17-in-1-schneeflocke-6cm\/#productImage","width":728,"height":678},"productGroupID":7486,"hasVariant":[{"@type":"Product","@id":"https:\/\/hidalgo.nl\/de\/product\/7486\/multitool-abel-bedrucken-edelstahl-17-in-1-schneeflocke-6cm\/#wooCommerceProduct","name":"RVS multitool Abel - zilver,","url":"https:\/\/hidalgo.nl\/de\/product\/7486\/multitool-abel-bedrucken-edelstahl-17-in-1-schneeflocke-6cm\/","sku":"A58-1015127-032999999","gtin":"8719446063884","image":{"@type":"ImageObject","url":"https:\/\/shop.hidalgo.nl\/wp-content\/uploads\/2025\/05\/40a372d5c66d44cf39d81a6f6850c1b17d9d17ad30797c0a27fd2d5ee0ee98d1.jpg","@id":"https:\/\/hidalgo.nl\/de\/product\/7486\/multitool-abel-bedrucken-edelstahl-17-in-1-schneeflocke-6cm\/#productImage","width":839,"height":963},"offers":{"@type":"Offer","url":"https:\/\/hidalgo.nl\/de\/product\/7486\/multitool-abel-bedrucken-edelstahl-17-in-1-schneeflocke-6cm\/#wooCommerceOffer","price":"3.26","priceCurrency":"EUR","category":"Promotionele Artikelen","availability":"https:\/\/schema.org\/InStock","priceSpecification":{"@type":"PriceSpecification","price":3.26,"priceCurrency":"EUR","valueAddedTaxIncluded":"true"}}}]},{"@type":"WebPage","@id":"https:\/\/hidalgo.nl\/de\/product\/7486\/multitool-abel-bedrucken-edelstahl-17-in-1-schneeflocke-6cm\/#webpage","url":"https:\/\/hidalgo.nl\/de\/product\/7486\/multitool-abel-bedrucken-edelstahl-17-in-1-schneeflocke-6cm\/","name":"Multitool Abel bedrucken Edelstahl 17-in-1 Schneeflocke 6cm","description":"Mit dem kompakten Multitool Abel hast du 17 n\u00fctzliche Funktionen f\u00fcr deinen Alltag direkt am Schl\u00fcsselbund dabei. Du kannst dieses Edelstahl Werkzeug personalisieren lassen, um funktionale Werbegeschenke mit Logo f\u00fcr deine Kunden & Partner bei Hidalgo individuell zu gestalten.","inLanguage":"de-DE","isPartOf":{"@id":"https:\/\/hidalgo.nl\/de\/#website"},"breadcrumb":{"@id":"https:\/\/hidalgo.nl\/de\/product\/7486\/multitool-abel-bedrucken-edelstahl-17-in-1-schneeflocke-6cm\/#breadcrumblist"},"image":{"@type":"ImageObject","url":"https:\/\/shop.hidalgo.nl\/wp-content\/uploads\/2025\/05\/47b5cb28d8b77373319bd863e86f4da1de134eb81c48db3689e279f2dced48aa.jpg","@id":"https:\/\/hidalgo.nl\/de\/product\/7486\/multitool-abel-bedrucken-edelstahl-17-in-1-schneeflocke-6cm\/#mainImage","width":728,"height":678},"primaryImageOfPage":{"@id":"https:\/\/hidalgo.nl\/de\/product\/7486\/multitool-abel-bedrucken-edelstahl-17-in-1-schneeflocke-6cm\/#mainImage"},"datePublished":"2025-07-03T09:37:56+00:00","dateModified":"2026-03-15T14:19:51+00:00"},{"@type":"WebSite","@id":"https:\/\/hidalgo.nl\/de\/#website","url":"https:\/\/hidalgo.nl\/de\/","name":"Hidalgo","inLanguage":"de-DE","publisher":{"@id":"https:\/\/hidalgo.nl\/de\/#organization"}}]},"og:locale":"de_DE","og:site_name":"Hidalgo -","og:type":"article","og:title":"Multitool Abel bedrucken Edelstahl 17-in-1 Schneeflocke 6cm","og:description":"Mit dem kompakten Multitool Abel hast du 17 n\u00fctzliche Funktionen f\u00fcr deinen Alltag direkt am Schl\u00fcsselbund dabei. Du kannst dieses Edelstahl Werkzeug personalisieren lassen, um funktionale Werbegeschenke mit Logo f\u00fcr deine Kunden &amp; Partner bei Hidalgo individuell zu gestalten.","og:url":"https:\/\/hidalgo.nl\/de\/wp-json\/wp\/v2\/product\/7486","og:image":"https:\/\/shop.hidalgo.nl\/wp-content\/uploads\/2025\/11\/cropped-Hidalgo-est1993.png","og:image:secure_url":"https:\/\/shop.hidalgo.nl\/wp-content\/uploads\/2025\/11\/cropped-Hidalgo-est1993.png","article:published_time":"2025-07-03T09:37:56+00:00","article:modified_time":"2026-03-15T14:19:51+00:00","twitter:card":"summary_large_image","twitter:title":"Multitool Abel bedrucken Edelstahl 17-in-1 Schneeflocke 6cm","twitter:description":"Mit dem kompakten Multitool Abel hast du 17 n\u00fctzliche Funktionen f\u00fcr deinen Alltag direkt am Schl\u00fcsselbund dabei. Du kannst dieses Edelstahl Werkzeug personalisieren lassen, um funktionale Werbegeschenke mit Logo f\u00fcr deine Kunden &amp; Partner bei Hidalgo individuell zu gestalten.","twitter:image":"https:\/\/shop.hidalgo.nl\/wp-content\/uploads\/2025\/11\/cropped-Hidalgo-est1993.png"},"aioseo_meta_data":{"post_id":"7486","title":null,"description":null,"keywords":null,"keyphrases":null,"primary_term":null,"canonical_url":null,"og_title":null,"og_description":null,"og_object_type":"default","og_image_type":"default","og_image_url":null,"og_image_width":null,"og_image_height":null,"og_image_custom_url":null,"og_image_custom_fields":null,"og_video":null,"og_custom_url":null,"og_article_section":null,"og_article_tags":null,"twitter_use_og":false,"twitter_card":"default","twitter_image_type":"default","twitter_image_url":null,"twitter_image_custom_url":null,"twitter_image_custom_fields":null,"twitter_title":null,"twitter_description":null,"schema":{"blockGraphs":[],"customGraphs":[],"default":{"data":{"Article":[],"Course":[],"Dataset":[],"FAQPage":[],"Movie":[],"Person":[],"Product":[],"ProductReview":[],"Car":[],"Recipe":[],"Service":[],"SoftwareApplication":[],"WebPage":[]},"graphName":"","isEnabled":true},"graphs":[]},"schema_type":"default","schema_type_options":null,"pillar_content":false,"robots_default":true,"robots_noindex":false,"robots_noarchive":false,"robots_nosnippet":false,"robots_nofollow":false,"robots_noimageindex":false,"robots_noodp":false,"robots_notranslate":false,"robots_max_snippet":null,"robots_max_videopreview":null,"robots_max_imagepreview":"large","priority":null,"frequency":null,"local_seo":null,"seo_analyzer_scan_date":"2026-02-03 15:56:48","breadcrumb_settings":null,"limit_modified_date":false,"reviewed_by":null,"open_ai":null,"ai":null,"created":"2026-01-14 06:17:37","updated":"2026-04-23 12:10:03"},"aioseo_breadcrumb":"<div class=\"aioseo-breadcrumbs\"><span class=\"aioseo-breadcrumb\">\n\t<a href=\"https:\/\/hidalgo.nl\/de\/\" title=\"Home\">Home<\/a>\n<\/span><span class=\"aioseo-breadcrumb-separator\">\u00bb<\/span><span class=\"aioseo-breadcrumb\">\n\t<a href=\"https:\/\/hidalgo.nl\/example\/\" title=\"example\">example<\/a>\n<\/span><span class=\"aioseo-breadcrumb-separator\">\u00bb<\/span><span class=\"aioseo-breadcrumb\">\n\t<a href=\"https:\/\/hidalgo.nl\/en\/product-supplier\/a58\/\" title=\"A58\">A58<\/a>\n<\/span><span class=\"aioseo-breadcrumb-separator\">\u00bb<\/span><span class=\"aioseo-breadcrumb\">\n\tRVS multitool Abel\n<\/span><\/div>","aioseo_breadcrumb_json":[{"label":"Home","link":"https:\/\/hidalgo.nl\/de\/"},{"label":"example","link":"https:\/\/hidalgo.nl\/example\/"},{"label":"A58","link":"https:\/\/hidalgo.nl\/en\/product-supplier\/a58\/"},{"label":"RVS multitool Abel","link":"https:\/\/hidalgo.nl\/de\/product\/7486\/multitool-abel-bedrucken-edelstahl-17-in-1-schneeflocke-6cm\/"}],"_links":{"self":[{"href":"https:\/\/hidalgo.nl\/de\/wp-json\/wp\/v2\/product\/7486","targetHints":{"allow":["GET"]}}],"collection":[{"href":"https:\/\/hidalgo.nl\/de\/wp-json\/wp\/v2\/product"}],"about":[{"href":"https:\/\/hidalgo.nl\/de\/wp-json\/wp\/v2\/types\/product"}],"wp:featuredmedia":[{"embeddable":true,"href":"https:\/\/hidalgo.nl\/de\/wp-json\/wp\/v2\/media\/7487"}],"wp:attachment":[{"href":"https:\/\/hidalgo.nl\/de\/wp-json\/wp\/v2\/media?parent=7486"}],"wp:term":[{"taxonomy":"product_brand","embeddable":true,"href":"https:\/\/hidalgo.nl\/de\/wp-json\/wp\/v2\/product_brand?post=7486"},{"taxonomy":"product_cat","embeddable":true,"href":"https:\/\/hidalgo.nl\/de\/wp-json\/wp\/v2\/product_cat?post=7486"},{"taxonomy":"product_tag","embeddable":true,"href":"https:\/\/hidalgo.nl\/de\/wp-json\/wp\/v2\/product_tag?post=7486"}],"curies":[{"name":"wp","href":"https:\/\/api.w.org\/{rel}","templated":true}]}}