{"id":7463,"date":"2025-07-03T09:37:44","date_gmt":"2025-07-03T09:37:44","guid":{"rendered":"http:\/\/bidonsenshakers.pim.hidalgo.nl\/product\/bamboe-meetlint-callum\/"},"modified":"2026-03-15T14:19:18","modified_gmt":"2026-03-15T14:19:18","slug":"bamboe-meetlint-callum","status":"publish","type":"product","link":"https:\/\/hidalgo.nl\/de\/product\/7463\/bambus-massband-callum-bedrucken-nachhaltig-werbeartikel-1m\/","title":{"rendered":"Bamboe meetlint Callum"},"content":{"rendered":"<p>Bamboe meetlint (1 meter). Verpakt in geschenkverpakking.<\/p>\n","protected":false},"excerpt":{"rendered":"<p>Bamboe meetlint (1 meter). Verpakt in geschenkverpakking.<\/p>\n","protected":false},"featured_media":7464,"template":"","meta":{"_acf_changed":false,"om_disable_all_campaigns":false,"_monsterinsights_skip_tracking":false,"_monsterinsights_sitenote_active":false,"_monsterinsights_sitenote_note":"","_monsterinsights_sitenote_category":0},"product_brand":[49],"product_cat":[4808,4719],"product_tag":[],"class_list":{"0":"post-7463","1":"product","2":"type-product","3":"status-publish","4":"has-post-thumbnail","6":"product_supplier-a58","7":"product_material-abs","8":"product_material-bamboe","9":"product_material-staal","10":"product_brand-impression","11":"product_cat-gereedschap","12":"product_cat-promotionele-artikelen","13":"entry","15":"first","16":"instock","17":"taxable","18":"shipping-taxable","19":"purchasable","20":"product-type-variable"},"acf":{"imprint_cost":[{"imprint_cost_key":"03f5c14f8ee1a6b9b1f52fdb812b4e8a743dc6c3","product_quantity_price_range":[{"imprint_cost_recommended_selling_price":"2.66","imprint_cost_recommended_selling_quantity":"1"},{"imprint_cost_recommended_selling_price":"1.63","imprint_cost_recommended_selling_quantity":"25"},{"imprint_cost_recommended_selling_price":"1.22","imprint_cost_recommended_selling_quantity":"50"},{"imprint_cost_recommended_selling_price":"0.88","imprint_cost_recommended_selling_quantity":"100"},{"imprint_cost_recommended_selling_price":"0.52","imprint_cost_recommended_selling_quantity":"250"},{"imprint_cost_recommended_selling_price":"0.43","imprint_cost_recommended_selling_quantity":"500"},{"imprint_cost_recommended_selling_price":"0.37","imprint_cost_recommended_selling_quantity":"1000"},{"imprint_cost_recommended_selling_price":"0.29","imprint_cost_recommended_selling_quantity":"2500"}],"product_quantity_price_range_buying":false,"imprint_cost_setup_costs":"30.77","imprint_cost_handling_costs":"0.2"},{"imprint_cost_key":"44f03d69846730a926bd022c7b7206bec785d091","product_quantity_price_range":[{"imprint_cost_recommended_selling_price":"5.43","imprint_cost_recommended_selling_quantity":"1"},{"imprint_cost_recommended_selling_price":"2.83","imprint_cost_recommended_selling_quantity":"25"},{"imprint_cost_recommended_selling_price":"1.29","imprint_cost_recommended_selling_quantity":"50"},{"imprint_cost_recommended_selling_price":"0.49","imprint_cost_recommended_selling_quantity":"100"},{"imprint_cost_recommended_selling_price":"0.35","imprint_cost_recommended_selling_quantity":"250"},{"imprint_cost_recommended_selling_price":"0.28","imprint_cost_recommended_selling_quantity":"500"},{"imprint_cost_recommended_selling_price":"0.2","imprint_cost_recommended_selling_quantity":"1000"},{"imprint_cost_recommended_selling_price":"0.18","imprint_cost_recommended_selling_quantity":"5000"}],"product_quantity_price_range_buying":false,"imprint_cost_setup_costs":"52.31","imprint_cost_handling_costs":"0.2"},{"imprint_cost_key":"1feb466db50c1139aa42845c2abc953991b68fce","product_quantity_price_range":[{"imprint_cost_recommended_selling_price":"10.26","imprint_cost_recommended_selling_quantity":"1"},{"imprint_cost_recommended_selling_price":"5.35","imprint_cost_recommended_selling_quantity":"25"},{"imprint_cost_recommended_selling_price":"2.4","imprint_cost_recommended_selling_quantity":"50"},{"imprint_cost_recommended_selling_price":"0.84","imprint_cost_recommended_selling_quantity":"100"},{"imprint_cost_recommended_selling_price":"0.63","imprint_cost_recommended_selling_quantity":"250"},{"imprint_cost_recommended_selling_price":"0.53","imprint_cost_recommended_selling_quantity":"500"},{"imprint_cost_recommended_selling_price":"0.38","imprint_cost_recommended_selling_quantity":"1000"},{"imprint_cost_recommended_selling_price":"0.35","imprint_cost_recommended_selling_quantity":"5000"},{"imprint_cost_recommended_selling_price":"0.32","imprint_cost_recommended_selling_quantity":"10000"}],"product_quantity_price_range_buying":false,"imprint_cost_setup_costs":"104.62","imprint_cost_handling_costs":"0.2"}]},"aioseo_notices":[],"aioseo_head":"\n\t\t<!-- All in One SEO Pro 4.9.6.2 - aioseo.com -->\n\t<meta name=\"description\" content=\"Sicher dir ein nachhaltiges Werbegeschenk f\u00fcr deine Kunden und lass das Callum als Bambus-Ma\u00dfband mit Logo personalisieren. Das robuste Geh\u00e4use aus nachwachsenden Rohstoffen ist der ideale Begleiter f\u00fcr deinen Alltag &amp; setzt ein starkes Zeichen f\u00fcr die Umwelt.\" \/>\n\t<meta name=\"robots\" content=\"max-image-preview:large\" \/>\n\t<link rel=\"canonical\" href=\"https:\/\/hidalgo.nl\/de\/wp-json\/wp\/v2\/product\/7463\" \/>\n\t<meta name=\"generator\" content=\"All in One SEO Pro (AIOSEO) 4.9.6.2\" \/>\n\t\t<meta property=\"og:locale\" content=\"de_DE\" \/>\n\t\t<meta property=\"og:site_name\" content=\"Hidalgo -\" \/>\n\t\t<meta property=\"og:type\" content=\"article\" \/>\n\t\t<meta property=\"og:title\" content=\"Bambus Ma\u00dfband Callum bedrucken nachhaltig Werbeartikel 1m\" \/>\n\t\t<meta property=\"og:description\" content=\"Sicher dir ein nachhaltiges Werbegeschenk f\u00fcr deine Kunden und lass das Callum als Bambus-Ma\u00dfband mit Logo personalisieren. Das robuste Geh\u00e4use aus nachwachsenden Rohstoffen ist der ideale Begleiter f\u00fcr deinen Alltag &amp; setzt ein starkes Zeichen f\u00fcr die Umwelt.\" \/>\n\t\t<meta property=\"og:url\" content=\"https:\/\/hidalgo.nl\/de\/wp-json\/wp\/v2\/product\/7463\" \/>\n\t\t<meta property=\"og:image\" content=\"https:\/\/shop.hidalgo.nl\/wp-content\/uploads\/2025\/11\/cropped-Hidalgo-est1993.png\" \/>\n\t\t<meta property=\"og:image:secure_url\" content=\"https:\/\/shop.hidalgo.nl\/wp-content\/uploads\/2025\/11\/cropped-Hidalgo-est1993.png\" \/>\n\t\t<meta property=\"article:published_time\" content=\"2025-07-03T09:37:44+00:00\" \/>\n\t\t<meta property=\"article:modified_time\" content=\"2026-03-15T14:19:18+00:00\" \/>\n\t\t<meta name=\"twitter:card\" content=\"summary_large_image\" \/>\n\t\t<meta name=\"twitter:title\" content=\"Bambus Ma\u00dfband Callum bedrucken nachhaltig Werbeartikel 1m\" \/>\n\t\t<meta name=\"twitter:description\" content=\"Sicher dir ein nachhaltiges Werbegeschenk f\u00fcr deine Kunden und lass das Callum als Bambus-Ma\u00dfband mit Logo personalisieren. Das robuste Geh\u00e4use aus nachwachsenden Rohstoffen ist der ideale Begleiter f\u00fcr deinen Alltag &amp; setzt ein starkes Zeichen f\u00fcr die Umwelt.\" \/>\n\t\t<meta name=\"twitter:image\" content=\"https:\/\/shop.hidalgo.nl\/wp-content\/uploads\/2025\/11\/cropped-Hidalgo-est1993.png\" \/>\n\t\t<script type=\"application\/ld+json\" class=\"aioseo-schema\">\n\t\t\t{\"@context\":\"https:\\\/\\\/schema.org\",\"@graph\":[{\"@type\":\"BreadcrumbList\",\"@id\":\"https:\\\/\\\/hidalgo.nl\\\/de\\\/product\\\/7463\\\/bambus-massband-callum-bedrucken-nachhaltig-werbeartikel-1m\\\/#breadcrumblist\",\"itemListElement\":[{\"@type\":\"ListItem\",\"@id\":\"https:\\\/\\\/hidalgo.nl\\\/de\\\/#listItem\",\"position\":1,\"name\":\"Home\",\"item\":\"https:\\\/\\\/hidalgo.nl\\\/de\\\/\",\"nextItem\":{\"@type\":\"ListItem\",\"@id\":\"https:\\\/\\\/hidalgo.nl\\\/example\\\/#listItem\",\"name\":\"example\"}},{\"@type\":\"ListItem\",\"@id\":\"https:\\\/\\\/hidalgo.nl\\\/example\\\/#listItem\",\"position\":2,\"name\":\"example\",\"item\":\"https:\\\/\\\/hidalgo.nl\\\/example\\\/\",\"nextItem\":{\"@type\":\"ListItem\",\"@id\":\"https:\\\/\\\/hidalgo.nl\\\/en\\\/product-supplier\\\/a58\\\/#listItem\",\"name\":\"A58\"},\"previousItem\":{\"@type\":\"ListItem\",\"@id\":\"https:\\\/\\\/hidalgo.nl\\\/de\\\/#listItem\",\"name\":\"Home\"}},{\"@type\":\"ListItem\",\"@id\":\"https:\\\/\\\/hidalgo.nl\\\/en\\\/product-supplier\\\/a58\\\/#listItem\",\"position\":3,\"name\":\"A58\",\"item\":\"https:\\\/\\\/hidalgo.nl\\\/en\\\/product-supplier\\\/a58\\\/\",\"nextItem\":{\"@type\":\"ListItem\",\"@id\":\"https:\\\/\\\/hidalgo.nl\\\/de\\\/product\\\/7463\\\/bambus-massband-callum-bedrucken-nachhaltig-werbeartikel-1m\\\/#listItem\",\"name\":\"Bamboe meetlint Callum\"},\"previousItem\":{\"@type\":\"ListItem\",\"@id\":\"https:\\\/\\\/hidalgo.nl\\\/example\\\/#listItem\",\"name\":\"example\"}},{\"@type\":\"ListItem\",\"@id\":\"https:\\\/\\\/hidalgo.nl\\\/de\\\/product\\\/7463\\\/bambus-massband-callum-bedrucken-nachhaltig-werbeartikel-1m\\\/#listItem\",\"position\":4,\"name\":\"Bamboe meetlint Callum\",\"previousItem\":{\"@type\":\"ListItem\",\"@id\":\"https:\\\/\\\/hidalgo.nl\\\/en\\\/product-supplier\\\/a58\\\/#listItem\",\"name\":\"A58\"}}]},{\"@type\":\"Organization\",\"@id\":\"https:\\\/\\\/hidalgo.nl\\\/de\\\/#organization\",\"name\":\"Hidalgo\",\"url\":\"https:\\\/\\\/hidalgo.nl\\\/de\\\/\",\"logo\":{\"@type\":\"ImageObject\",\"url\":\"https:\\\/\\\/shop.hidalgo.nl\\\/wp-content\\\/uploads\\\/2025\\\/11\\\/cropped-Hidalgo-est1993.png\",\"@id\":\"https:\\\/\\\/hidalgo.nl\\\/de\\\/product\\\/7463\\\/bambus-massband-callum-bedrucken-nachhaltig-werbeartikel-1m\\\/#organizationLogo\",\"width\":585,\"height\":195},\"image\":{\"@id\":\"https:\\\/\\\/hidalgo.nl\\\/de\\\/product\\\/7463\\\/bambus-massband-callum-bedrucken-nachhaltig-werbeartikel-1m\\\/#organizationLogo\"}},{\"@type\":\"ProductGroup\",\"@id\":\"https:\\\/\\\/hidalgo.nl\\\/de\\\/product\\\/7463\\\/bambus-massband-callum-bedrucken-nachhaltig-werbeartikel-1m\\\/#wooCommerceProduct\",\"name\":\"Bambus Ma\\u00dfband Callum bedrucken nachhaltig Werbeartikel 1m\",\"url\":\"https:\\\/\\\/hidalgo.nl\\\/de\\\/product\\\/7463\\\/bambus-massband-callum-bedrucken-nachhaltig-werbeartikel-1m\\\/\",\"brand\":{\"@type\":\"Brand\",\"name\":\"IMPRESSION\"},\"sku\":\"A58-1015123\",\"image\":{\"@type\":\"ImageObject\",\"url\":\"https:\\\/\\\/shop.hidalgo.nl\\\/wp-content\\\/uploads\\\/2025\\\/05\\\/e5540985597c8469521f44def0651a48e78ce417548d125faaab5deb3c5377a4.jpg\",\"@id\":\"https:\\\/\\\/hidalgo.nl\\\/de\\\/product\\\/7463\\\/bambus-massband-callum-bedrucken-nachhaltig-werbeartikel-1m\\\/#productImage\",\"width\":1000,\"height\":567},\"productGroupID\":7463,\"hasVariant\":[{\"@type\":\"Product\",\"@id\":\"https:\\\/\\\/hidalgo.nl\\\/de\\\/product\\\/7463\\\/bambus-massband-callum-bedrucken-nachhaltig-werbeartikel-1m\\\/#wooCommerceProduct\",\"name\":\"Bamboe meetlint Callum - bruin,\",\"url\":\"https:\\\/\\\/hidalgo.nl\\\/de\\\/product\\\/7463\\\/bambus-massband-callum-bedrucken-nachhaltig-werbeartikel-1m\\\/\",\"sku\":\"A58-1015123-011999999\",\"gtin\":\"8719446063839\",\"image\":{\"@type\":\"ImageObject\",\"url\":\"https:\\\/\\\/shop.hidalgo.nl\\\/wp-content\\\/uploads\\\/2025\\\/05\\\/3c8d137c7eead63a7b034de69f28ef24169ab090b58b1ee8e33667bdfd35ed26.jpg\",\"@id\":\"https:\\\/\\\/hidalgo.nl\\\/de\\\/product\\\/7463\\\/bambus-massband-callum-bedrucken-nachhaltig-werbeartikel-1m\\\/#productImage\",\"width\":778,\"height\":782},\"offers\":{\"@type\":\"Offer\",\"url\":\"https:\\\/\\\/hidalgo.nl\\\/de\\\/product\\\/7463\\\/bambus-massband-callum-bedrucken-nachhaltig-werbeartikel-1m\\\/#wooCommerceOffer\",\"price\":\"1.84\",\"priceCurrency\":\"EUR\",\"category\":\"Promotionele Artikelen\",\"availability\":\"https:\\\/\\\/schema.org\\\/InStock\",\"priceSpecification\":{\"@type\":\"PriceSpecification\",\"price\":1.84,\"priceCurrency\":\"EUR\",\"valueAddedTaxIncluded\":\"true\"}}}]},{\"@type\":\"WebPage\",\"@id\":\"https:\\\/\\\/hidalgo.nl\\\/de\\\/product\\\/7463\\\/bambus-massband-callum-bedrucken-nachhaltig-werbeartikel-1m\\\/#webpage\",\"url\":\"https:\\\/\\\/hidalgo.nl\\\/de\\\/product\\\/7463\\\/bambus-massband-callum-bedrucken-nachhaltig-werbeartikel-1m\\\/\",\"name\":\"Bambus Ma\\u00dfband Callum bedrucken nachhaltig Werbeartikel 1m\",\"description\":\"Sicher dir ein nachhaltiges Werbegeschenk f\\u00fcr deine Kunden und lass das Callum als Bambus-Ma\\u00dfband mit Logo personalisieren. Das robuste Geh\\u00e4use aus nachwachsenden Rohstoffen ist der ideale Begleiter f\\u00fcr deinen Alltag & setzt ein starkes Zeichen f\\u00fcr die Umwelt.\",\"inLanguage\":\"de-DE\",\"isPartOf\":{\"@id\":\"https:\\\/\\\/hidalgo.nl\\\/de\\\/#website\"},\"breadcrumb\":{\"@id\":\"https:\\\/\\\/hidalgo.nl\\\/de\\\/product\\\/7463\\\/bambus-massband-callum-bedrucken-nachhaltig-werbeartikel-1m\\\/#breadcrumblist\"},\"image\":{\"@type\":\"ImageObject\",\"url\":\"https:\\\/\\\/shop.hidalgo.nl\\\/wp-content\\\/uploads\\\/2025\\\/05\\\/e5540985597c8469521f44def0651a48e78ce417548d125faaab5deb3c5377a4.jpg\",\"@id\":\"https:\\\/\\\/hidalgo.nl\\\/de\\\/product\\\/7463\\\/bambus-massband-callum-bedrucken-nachhaltig-werbeartikel-1m\\\/#mainImage\",\"width\":1000,\"height\":567},\"primaryImageOfPage\":{\"@id\":\"https:\\\/\\\/hidalgo.nl\\\/de\\\/product\\\/7463\\\/bambus-massband-callum-bedrucken-nachhaltig-werbeartikel-1m\\\/#mainImage\"},\"datePublished\":\"2025-07-03T09:37:44+00:00\",\"dateModified\":\"2026-03-15T14:19:18+00:00\"},{\"@type\":\"WebSite\",\"@id\":\"https:\\\/\\\/hidalgo.nl\\\/de\\\/#website\",\"url\":\"https:\\\/\\\/hidalgo.nl\\\/de\\\/\",\"name\":\"Hidalgo\",\"inLanguage\":\"de-DE\",\"publisher\":{\"@id\":\"https:\\\/\\\/hidalgo.nl\\\/de\\\/#organization\"}}]}\n\t\t<\/script>\n\t\t<!-- All in One SEO Pro -->\r\n\t\t<title>Bambus Ma\u00dfband Callum bedrucken nachhaltig Werbeartikel 1m<\/title>\n\n","aioseo_head_json":{"title":"Bambus Ma\u00dfband Callum bedrucken nachhaltig Werbeartikel 1m","description":"Sicher dir ein nachhaltiges Werbegeschenk f\u00fcr deine Kunden und lass das Callum als Bambus-Ma\u00dfband mit Logo personalisieren. Das robuste Geh\u00e4use aus nachwachsenden Rohstoffen ist der ideale Begleiter f\u00fcr deinen Alltag & setzt ein starkes Zeichen f\u00fcr die Umwelt.","canonical_url":"https:\/\/hidalgo.nl\/de\/wp-json\/wp\/v2\/product\/7463","robots":"max-image-preview:large","keywords":"","webmasterTools":{"miscellaneous":""},"schema":{"@context":"https:\/\/schema.org","@graph":[{"@type":"BreadcrumbList","@id":"https:\/\/hidalgo.nl\/de\/product\/7463\/bambus-massband-callum-bedrucken-nachhaltig-werbeartikel-1m\/#breadcrumblist","itemListElement":[{"@type":"ListItem","@id":"https:\/\/hidalgo.nl\/de\/#listItem","position":1,"name":"Home","item":"https:\/\/hidalgo.nl\/de\/","nextItem":{"@type":"ListItem","@id":"https:\/\/hidalgo.nl\/example\/#listItem","name":"example"}},{"@type":"ListItem","@id":"https:\/\/hidalgo.nl\/example\/#listItem","position":2,"name":"example","item":"https:\/\/hidalgo.nl\/example\/","nextItem":{"@type":"ListItem","@id":"https:\/\/hidalgo.nl\/en\/product-supplier\/a58\/#listItem","name":"A58"},"previousItem":{"@type":"ListItem","@id":"https:\/\/hidalgo.nl\/de\/#listItem","name":"Home"}},{"@type":"ListItem","@id":"https:\/\/hidalgo.nl\/en\/product-supplier\/a58\/#listItem","position":3,"name":"A58","item":"https:\/\/hidalgo.nl\/en\/product-supplier\/a58\/","nextItem":{"@type":"ListItem","@id":"https:\/\/hidalgo.nl\/de\/product\/7463\/bambus-massband-callum-bedrucken-nachhaltig-werbeartikel-1m\/#listItem","name":"Bamboe meetlint Callum"},"previousItem":{"@type":"ListItem","@id":"https:\/\/hidalgo.nl\/example\/#listItem","name":"example"}},{"@type":"ListItem","@id":"https:\/\/hidalgo.nl\/de\/product\/7463\/bambus-massband-callum-bedrucken-nachhaltig-werbeartikel-1m\/#listItem","position":4,"name":"Bamboe meetlint Callum","previousItem":{"@type":"ListItem","@id":"https:\/\/hidalgo.nl\/en\/product-supplier\/a58\/#listItem","name":"A58"}}]},{"@type":"Organization","@id":"https:\/\/hidalgo.nl\/de\/#organization","name":"Hidalgo","url":"https:\/\/hidalgo.nl\/de\/","logo":{"@type":"ImageObject","url":"https:\/\/shop.hidalgo.nl\/wp-content\/uploads\/2025\/11\/cropped-Hidalgo-est1993.png","@id":"https:\/\/hidalgo.nl\/de\/product\/7463\/bambus-massband-callum-bedrucken-nachhaltig-werbeartikel-1m\/#organizationLogo","width":585,"height":195},"image":{"@id":"https:\/\/hidalgo.nl\/de\/product\/7463\/bambus-massband-callum-bedrucken-nachhaltig-werbeartikel-1m\/#organizationLogo"}},{"@type":"ProductGroup","@id":"https:\/\/hidalgo.nl\/de\/product\/7463\/bambus-massband-callum-bedrucken-nachhaltig-werbeartikel-1m\/#wooCommerceProduct","name":"Bambus Ma\u00dfband Callum bedrucken nachhaltig Werbeartikel 1m","url":"https:\/\/hidalgo.nl\/de\/product\/7463\/bambus-massband-callum-bedrucken-nachhaltig-werbeartikel-1m\/","brand":{"@type":"Brand","name":"IMPRESSION"},"sku":"A58-1015123","image":{"@type":"ImageObject","url":"https:\/\/shop.hidalgo.nl\/wp-content\/uploads\/2025\/05\/e5540985597c8469521f44def0651a48e78ce417548d125faaab5deb3c5377a4.jpg","@id":"https:\/\/hidalgo.nl\/de\/product\/7463\/bambus-massband-callum-bedrucken-nachhaltig-werbeartikel-1m\/#productImage","width":1000,"height":567},"productGroupID":7463,"hasVariant":[{"@type":"Product","@id":"https:\/\/hidalgo.nl\/de\/product\/7463\/bambus-massband-callum-bedrucken-nachhaltig-werbeartikel-1m\/#wooCommerceProduct","name":"Bamboe meetlint Callum - bruin,","url":"https:\/\/hidalgo.nl\/de\/product\/7463\/bambus-massband-callum-bedrucken-nachhaltig-werbeartikel-1m\/","sku":"A58-1015123-011999999","gtin":"8719446063839","image":{"@type":"ImageObject","url":"https:\/\/shop.hidalgo.nl\/wp-content\/uploads\/2025\/05\/3c8d137c7eead63a7b034de69f28ef24169ab090b58b1ee8e33667bdfd35ed26.jpg","@id":"https:\/\/hidalgo.nl\/de\/product\/7463\/bambus-massband-callum-bedrucken-nachhaltig-werbeartikel-1m\/#productImage","width":778,"height":782},"offers":{"@type":"Offer","url":"https:\/\/hidalgo.nl\/de\/product\/7463\/bambus-massband-callum-bedrucken-nachhaltig-werbeartikel-1m\/#wooCommerceOffer","price":"1.84","priceCurrency":"EUR","category":"Promotionele Artikelen","availability":"https:\/\/schema.org\/InStock","priceSpecification":{"@type":"PriceSpecification","price":1.84,"priceCurrency":"EUR","valueAddedTaxIncluded":"true"}}}]},{"@type":"WebPage","@id":"https:\/\/hidalgo.nl\/de\/product\/7463\/bambus-massband-callum-bedrucken-nachhaltig-werbeartikel-1m\/#webpage","url":"https:\/\/hidalgo.nl\/de\/product\/7463\/bambus-massband-callum-bedrucken-nachhaltig-werbeartikel-1m\/","name":"Bambus Ma\u00dfband Callum bedrucken nachhaltig Werbeartikel 1m","description":"Sicher dir ein nachhaltiges Werbegeschenk f\u00fcr deine Kunden und lass das Callum als Bambus-Ma\u00dfband mit Logo personalisieren. Das robuste Geh\u00e4use aus nachwachsenden Rohstoffen ist der ideale Begleiter f\u00fcr deinen Alltag & setzt ein starkes Zeichen f\u00fcr die Umwelt.","inLanguage":"de-DE","isPartOf":{"@id":"https:\/\/hidalgo.nl\/de\/#website"},"breadcrumb":{"@id":"https:\/\/hidalgo.nl\/de\/product\/7463\/bambus-massband-callum-bedrucken-nachhaltig-werbeartikel-1m\/#breadcrumblist"},"image":{"@type":"ImageObject","url":"https:\/\/shop.hidalgo.nl\/wp-content\/uploads\/2025\/05\/e5540985597c8469521f44def0651a48e78ce417548d125faaab5deb3c5377a4.jpg","@id":"https:\/\/hidalgo.nl\/de\/product\/7463\/bambus-massband-callum-bedrucken-nachhaltig-werbeartikel-1m\/#mainImage","width":1000,"height":567},"primaryImageOfPage":{"@id":"https:\/\/hidalgo.nl\/de\/product\/7463\/bambus-massband-callum-bedrucken-nachhaltig-werbeartikel-1m\/#mainImage"},"datePublished":"2025-07-03T09:37:44+00:00","dateModified":"2026-03-15T14:19:18+00:00"},{"@type":"WebSite","@id":"https:\/\/hidalgo.nl\/de\/#website","url":"https:\/\/hidalgo.nl\/de\/","name":"Hidalgo","inLanguage":"de-DE","publisher":{"@id":"https:\/\/hidalgo.nl\/de\/#organization"}}]},"og:locale":"de_DE","og:site_name":"Hidalgo -","og:type":"article","og:title":"Bambus Ma\u00dfband Callum bedrucken nachhaltig Werbeartikel 1m","og:description":"Sicher dir ein nachhaltiges Werbegeschenk f\u00fcr deine Kunden und lass das Callum als Bambus-Ma\u00dfband mit Logo personalisieren. Das robuste Geh\u00e4use aus nachwachsenden Rohstoffen ist der ideale Begleiter f\u00fcr deinen Alltag &amp; setzt ein starkes Zeichen f\u00fcr die Umwelt.","og:url":"https:\/\/hidalgo.nl\/de\/wp-json\/wp\/v2\/product\/7463","og:image":"https:\/\/shop.hidalgo.nl\/wp-content\/uploads\/2025\/11\/cropped-Hidalgo-est1993.png","og:image:secure_url":"https:\/\/shop.hidalgo.nl\/wp-content\/uploads\/2025\/11\/cropped-Hidalgo-est1993.png","article:published_time":"2025-07-03T09:37:44+00:00","article:modified_time":"2026-03-15T14:19:18+00:00","twitter:card":"summary_large_image","twitter:title":"Bambus Ma\u00dfband Callum bedrucken nachhaltig Werbeartikel 1m","twitter:description":"Sicher dir ein nachhaltiges Werbegeschenk f\u00fcr deine Kunden und lass das Callum als Bambus-Ma\u00dfband mit Logo personalisieren. Das robuste Geh\u00e4use aus nachwachsenden Rohstoffen ist der ideale Begleiter f\u00fcr deinen Alltag &amp; setzt ein starkes Zeichen f\u00fcr die Umwelt.","twitter:image":"https:\/\/shop.hidalgo.nl\/wp-content\/uploads\/2025\/11\/cropped-Hidalgo-est1993.png"},"aioseo_meta_data":{"post_id":"7463","title":null,"description":null,"keywords":null,"keyphrases":null,"primary_term":null,"canonical_url":null,"og_title":null,"og_description":null,"og_object_type":"default","og_image_type":"default","og_image_url":null,"og_image_width":null,"og_image_height":null,"og_image_custom_url":null,"og_image_custom_fields":null,"og_video":null,"og_custom_url":null,"og_article_section":null,"og_article_tags":null,"twitter_use_og":false,"twitter_card":"default","twitter_image_type":"default","twitter_image_url":null,"twitter_image_custom_url":null,"twitter_image_custom_fields":null,"twitter_title":null,"twitter_description":null,"schema":{"blockGraphs":[],"customGraphs":[],"default":{"data":{"Article":[],"Course":[],"Dataset":[],"FAQPage":[],"Movie":[],"Person":[],"Product":[],"ProductReview":[],"Car":[],"Recipe":[],"Service":[],"SoftwareApplication":[],"WebPage":[]},"graphName":"","isEnabled":true},"graphs":[]},"schema_type":"default","schema_type_options":null,"pillar_content":false,"robots_default":true,"robots_noindex":false,"robots_noarchive":false,"robots_nosnippet":false,"robots_nofollow":false,"robots_noimageindex":false,"robots_noodp":false,"robots_notranslate":false,"robots_max_snippet":null,"robots_max_videopreview":null,"robots_max_imagepreview":"large","priority":null,"frequency":null,"local_seo":null,"seo_analyzer_scan_date":"2026-02-03 15:56:48","breadcrumb_settings":null,"limit_modified_date":false,"reviewed_by":null,"open_ai":null,"ai":null,"created":"2026-01-14 06:17:37","updated":"2026-04-23 12:10:03"},"aioseo_breadcrumb":"<div class=\"aioseo-breadcrumbs\"><span class=\"aioseo-breadcrumb\">\n\t<a href=\"https:\/\/hidalgo.nl\/de\/\" title=\"Home\">Home<\/a>\n<\/span><span class=\"aioseo-breadcrumb-separator\">\u00bb<\/span><span class=\"aioseo-breadcrumb\">\n\t<a href=\"https:\/\/hidalgo.nl\/example\/\" title=\"example\">example<\/a>\n<\/span><span class=\"aioseo-breadcrumb-separator\">\u00bb<\/span><span class=\"aioseo-breadcrumb\">\n\t<a href=\"https:\/\/hidalgo.nl\/en\/product-supplier\/a58\/\" title=\"A58\">A58<\/a>\n<\/span><span class=\"aioseo-breadcrumb-separator\">\u00bb<\/span><span class=\"aioseo-breadcrumb\">\n\tBamboe meetlint Callum\n<\/span><\/div>","aioseo_breadcrumb_json":[{"label":"Home","link":"https:\/\/hidalgo.nl\/de\/"},{"label":"example","link":"https:\/\/hidalgo.nl\/example\/"},{"label":"A58","link":"https:\/\/hidalgo.nl\/en\/product-supplier\/a58\/"},{"label":"Bamboe meetlint Callum","link":"https:\/\/hidalgo.nl\/de\/product\/7463\/bambus-massband-callum-bedrucken-nachhaltig-werbeartikel-1m\/"}],"_links":{"self":[{"href":"https:\/\/hidalgo.nl\/de\/wp-json\/wp\/v2\/product\/7463","targetHints":{"allow":["GET"]}}],"collection":[{"href":"https:\/\/hidalgo.nl\/de\/wp-json\/wp\/v2\/product"}],"about":[{"href":"https:\/\/hidalgo.nl\/de\/wp-json\/wp\/v2\/types\/product"}],"wp:featuredmedia":[{"embeddable":true,"href":"https:\/\/hidalgo.nl\/de\/wp-json\/wp\/v2\/media\/7464"}],"wp:attachment":[{"href":"https:\/\/hidalgo.nl\/de\/wp-json\/wp\/v2\/media?parent=7463"}],"wp:term":[{"taxonomy":"product_brand","embeddable":true,"href":"https:\/\/hidalgo.nl\/de\/wp-json\/wp\/v2\/product_brand?post=7463"},{"taxonomy":"product_cat","embeddable":true,"href":"https:\/\/hidalgo.nl\/de\/wp-json\/wp\/v2\/product_cat?post=7463"},{"taxonomy":"product_tag","embeddable":true,"href":"https:\/\/hidalgo.nl\/de\/wp-json\/wp\/v2\/product_tag?post=7463"}],"curies":[{"name":"wp","href":"https:\/\/api.w.org\/{rel}","templated":true}]}}