{"id":7329,"date":"2025-07-03T09:36:21","date_gmt":"2025-07-03T09:36:21","guid":{"rendered":"http:\/\/bidonsenshakers.pim.hidalgo.nl\/product\/pluche-knuffel-luipaard-lauren\/"},"modified":"2026-03-16T18:43:23","modified_gmt":"2026-03-16T18:43:23","slug":"pluche-knuffel-luipaard-lauren","status":"publish","type":"product","link":"https:\/\/hidalgo.nl\/de\/product\/7329\/pluesch-leopard-lauren-bedrucken-weich-stickaugen-werbemittel\/","title":{"rendered":"Pluche knuffel luipaard Lauren"},"content":{"rendered":"<p>Pluche knuffel luipaard. Geborduurde ogen. Inclusief kartonnen label voor bedrukking.<\/p>\n","protected":false},"excerpt":{"rendered":"<p>Pluche knuffel luipaard. Geborduurde ogen. Inclusief kartonnen label voor bedrukking.<\/p>\n","protected":false},"featured_media":7330,"template":"","meta":{"_acf_changed":false,"om_disable_all_campaigns":false,"_monsterinsights_skip_tracking":false,"_monsterinsights_sitenote_active":false,"_monsterinsights_sitenote_note":"","_monsterinsights_sitenote_category":0},"product_brand":[49],"product_cat":[4807,4719],"product_tag":[],"class_list":{"0":"post-7329","1":"product","2":"type-product","3":"status-publish","4":"has-post-thumbnail","6":"product_supplier-a58","7":"product_material-polyester","8":"product_material-polypropyleen","9":"product_brand-impression","10":"product_cat-kinder-artikelen","11":"product_cat-promotionele-artikelen","12":"entry","14":"first","15":"instock","16":"taxable","17":"shipping-taxable","18":"purchasable","19":"product-type-variable"},"acf":{"imprint_cost":[{"imprint_cost_key":"7af74d6ad0cb4f11999763359de5e52512e626dd","product_quantity_price_range":[{"imprint_cost_recommended_selling_price":"1.54","imprint_cost_recommended_selling_quantity":"1"},{"imprint_cost_recommended_selling_price":"1.31","imprint_cost_recommended_selling_quantity":"25"},{"imprint_cost_recommended_selling_price":"1.11","imprint_cost_recommended_selling_quantity":"50"},{"imprint_cost_recommended_selling_price":"0.88","imprint_cost_recommended_selling_quantity":"100"},{"imprint_cost_recommended_selling_price":"0.66","imprint_cost_recommended_selling_quantity":"250"},{"imprint_cost_recommended_selling_price":"0.58","imprint_cost_recommended_selling_quantity":"500"},{"imprint_cost_recommended_selling_price":"0.57","imprint_cost_recommended_selling_quantity":"1000"},{"imprint_cost_recommended_selling_price":"0.55","imprint_cost_recommended_selling_quantity":"2500"},{"imprint_cost_recommended_selling_price":"0.52","imprint_cost_recommended_selling_quantity":"5000"}],"product_quantity_price_range_buying":false,"imprint_cost_setup_costs":"60.77","imprint_cost_handling_costs":"0.2"},{"imprint_cost_key":"dcef9287e05e2c54b394da0ef0fa1b8f2d855500","product_quantity_price_range":[{"imprint_cost_recommended_selling_price":"3.02","imprint_cost_recommended_selling_quantity":"1"},{"imprint_cost_recommended_selling_price":"2.42","imprint_cost_recommended_selling_quantity":"25"},{"imprint_cost_recommended_selling_price":"1.42","imprint_cost_recommended_selling_quantity":"50"},{"imprint_cost_recommended_selling_price":"0.95","imprint_cost_recommended_selling_quantity":"100"},{"imprint_cost_recommended_selling_price":"0.8","imprint_cost_recommended_selling_quantity":"250"},{"imprint_cost_recommended_selling_price":"0.52","imprint_cost_recommended_selling_quantity":"500"},{"imprint_cost_recommended_selling_price":"0.43","imprint_cost_recommended_selling_quantity":"1000"},{"imprint_cost_recommended_selling_price":"0.4","imprint_cost_recommended_selling_quantity":"2500"},{"imprint_cost_recommended_selling_price":"0.38","imprint_cost_recommended_selling_quantity":"10000"}],"product_quantity_price_range_buying":false,"imprint_cost_setup_costs":"60.77","imprint_cost_handling_costs":"0.2"},{"imprint_cost_key":"d1dbb1a9b6c0e92c5a35a4c8ec696fdaaa0250a8","product_quantity_price_range":[{"imprint_cost_recommended_selling_price":"4.33","imprint_cost_recommended_selling_quantity":"1"},{"imprint_cost_recommended_selling_price":"3.4","imprint_cost_recommended_selling_quantity":"25"},{"imprint_cost_recommended_selling_price":"2","imprint_cost_recommended_selling_quantity":"50"},{"imprint_cost_recommended_selling_price":"1.38","imprint_cost_recommended_selling_quantity":"100"},{"imprint_cost_recommended_selling_price":"1.2","imprint_cost_recommended_selling_quantity":"250"},{"imprint_cost_recommended_selling_price":"0.87","imprint_cost_recommended_selling_quantity":"500"},{"imprint_cost_recommended_selling_price":"0.75","imprint_cost_recommended_selling_quantity":"1000"},{"imprint_cost_recommended_selling_price":"0.72","imprint_cost_recommended_selling_quantity":"2500"},{"imprint_cost_recommended_selling_price":"0.71","imprint_cost_recommended_selling_quantity":"5000"},{"imprint_cost_recommended_selling_price":"0.69","imprint_cost_recommended_selling_quantity":"10000"}],"product_quantity_price_range_buying":false,"imprint_cost_setup_costs":"121.54","imprint_cost_handling_costs":"0.2"},{"imprint_cost_key":"30ceec20bdb456ca5dc7e2c59b814d2fa034b59b","product_quantity_price_range":[{"imprint_cost_recommended_selling_price":"5.43","imprint_cost_recommended_selling_quantity":"1"},{"imprint_cost_recommended_selling_price":"2.83","imprint_cost_recommended_selling_quantity":"25"},{"imprint_cost_recommended_selling_price":"1.29","imprint_cost_recommended_selling_quantity":"50"},{"imprint_cost_recommended_selling_price":"0.49","imprint_cost_recommended_selling_quantity":"100"},{"imprint_cost_recommended_selling_price":"0.35","imprint_cost_recommended_selling_quantity":"250"},{"imprint_cost_recommended_selling_price":"0.28","imprint_cost_recommended_selling_quantity":"500"},{"imprint_cost_recommended_selling_price":"0.2","imprint_cost_recommended_selling_quantity":"1000"},{"imprint_cost_recommended_selling_price":"0.18","imprint_cost_recommended_selling_quantity":"5000"}],"product_quantity_price_range_buying":false,"imprint_cost_setup_costs":"52.31","imprint_cost_handling_costs":"0.08"},{"imprint_cost_key":"c9b58303739e5289cc28b264efdc6c14257c1711","product_quantity_price_range":[{"imprint_cost_recommended_selling_price":"10.26","imprint_cost_recommended_selling_quantity":"1"},{"imprint_cost_recommended_selling_price":"5.35","imprint_cost_recommended_selling_quantity":"25"},{"imprint_cost_recommended_selling_price":"2.4","imprint_cost_recommended_selling_quantity":"50"},{"imprint_cost_recommended_selling_price":"0.84","imprint_cost_recommended_selling_quantity":"100"},{"imprint_cost_recommended_selling_price":"0.63","imprint_cost_recommended_selling_quantity":"250"},{"imprint_cost_recommended_selling_price":"0.53","imprint_cost_recommended_selling_quantity":"500"},{"imprint_cost_recommended_selling_price":"0.38","imprint_cost_recommended_selling_quantity":"1000"},{"imprint_cost_recommended_selling_price":"0.35","imprint_cost_recommended_selling_quantity":"5000"},{"imprint_cost_recommended_selling_price":"0.32","imprint_cost_recommended_selling_quantity":"10000"}],"product_quantity_price_range_buying":false,"imprint_cost_setup_costs":"104.62","imprint_cost_handling_costs":"0.08"}]},"aioseo_notices":[],"aioseo_head":"\n\t\t<!-- All in One SEO Pro 4.9.6.2 - aioseo.com -->\n\t<meta name=\"description\" content=\"Du kannst dieses zottelige Leopard Kuscheltier bedrucken lassen, um eine emotionale Bindung zu deiner Zielgruppe aufzubauen. Lauren dient als sympathischer Werbeartikel Stofftier f\u00fcr deine n\u00e4chste Promotion. Mit einer Logoanbringung gestaltest du ein markenstarkes Werbegeschenk f\u00fcr Kunden &amp; Partner.\" \/>\n\t<meta name=\"robots\" content=\"max-image-preview:large\" \/>\n\t<link rel=\"canonical\" href=\"https:\/\/hidalgo.nl\/de\/wp-json\/wp\/v2\/product\/7329\" \/>\n\t<meta name=\"generator\" content=\"All in One SEO Pro (AIOSEO) 4.9.6.2\" \/>\n\t\t<meta property=\"og:locale\" content=\"de_DE\" \/>\n\t\t<meta property=\"og:site_name\" content=\"Hidalgo -\" \/>\n\t\t<meta property=\"og:type\" content=\"article\" \/>\n\t\t<meta property=\"og:title\" content=\"Pl\u00fcsch-Leopard Lauren bedrucken weich Stickaugen Werbemittel\" \/>\n\t\t<meta property=\"og:description\" content=\"Du kannst dieses zottelige Leopard Kuscheltier bedrucken lassen, um eine emotionale Bindung zu deiner Zielgruppe aufzubauen. Lauren dient als sympathischer Werbeartikel Stofftier f\u00fcr deine n\u00e4chste Promotion. Mit einer Logoanbringung gestaltest du ein markenstarkes Werbegeschenk f\u00fcr Kunden &amp; Partner.\" \/>\n\t\t<meta property=\"og:url\" content=\"https:\/\/hidalgo.nl\/de\/wp-json\/wp\/v2\/product\/7329\" \/>\n\t\t<meta property=\"og:image\" content=\"https:\/\/shop.hidalgo.nl\/wp-content\/uploads\/2025\/11\/cropped-Hidalgo-est1993.png\" \/>\n\t\t<meta property=\"og:image:secure_url\" content=\"https:\/\/shop.hidalgo.nl\/wp-content\/uploads\/2025\/11\/cropped-Hidalgo-est1993.png\" \/>\n\t\t<meta property=\"article:published_time\" content=\"2025-07-03T09:36:21+00:00\" \/>\n\t\t<meta property=\"article:modified_time\" content=\"2026-03-16T18:43:23+00:00\" \/>\n\t\t<meta name=\"twitter:card\" content=\"summary_large_image\" \/>\n\t\t<meta name=\"twitter:title\" content=\"Pl\u00fcsch-Leopard Lauren bedrucken weich Stickaugen Werbemittel\" \/>\n\t\t<meta name=\"twitter:description\" content=\"Du kannst dieses zottelige Leopard Kuscheltier bedrucken lassen, um eine emotionale Bindung zu deiner Zielgruppe aufzubauen. Lauren dient als sympathischer Werbeartikel Stofftier f\u00fcr deine n\u00e4chste Promotion. Mit einer Logoanbringung gestaltest du ein markenstarkes Werbegeschenk f\u00fcr Kunden &amp; Partner.\" \/>\n\t\t<meta name=\"twitter:image\" content=\"https:\/\/shop.hidalgo.nl\/wp-content\/uploads\/2025\/11\/cropped-Hidalgo-est1993.png\" \/>\n\t\t<script type=\"application\/ld+json\" class=\"aioseo-schema\">\n\t\t\t{\"@context\":\"https:\\\/\\\/schema.org\",\"@graph\":[{\"@type\":\"BreadcrumbList\",\"@id\":\"https:\\\/\\\/hidalgo.nl\\\/de\\\/product\\\/7329\\\/pluesch-leopard-lauren-bedrucken-weich-stickaugen-werbemittel\\\/#breadcrumblist\",\"itemListElement\":[{\"@type\":\"ListItem\",\"@id\":\"https:\\\/\\\/hidalgo.nl\\\/de\\\/#listItem\",\"position\":1,\"name\":\"Home\",\"item\":\"https:\\\/\\\/hidalgo.nl\\\/de\\\/\",\"nextItem\":{\"@type\":\"ListItem\",\"@id\":\"https:\\\/\\\/hidalgo.nl\\\/example\\\/#listItem\",\"name\":\"example\"}},{\"@type\":\"ListItem\",\"@id\":\"https:\\\/\\\/hidalgo.nl\\\/example\\\/#listItem\",\"position\":2,\"name\":\"example\",\"item\":\"https:\\\/\\\/hidalgo.nl\\\/example\\\/\",\"nextItem\":{\"@type\":\"ListItem\",\"@id\":\"https:\\\/\\\/hidalgo.nl\\\/en\\\/product-supplier\\\/a58\\\/#listItem\",\"name\":\"A58\"},\"previousItem\":{\"@type\":\"ListItem\",\"@id\":\"https:\\\/\\\/hidalgo.nl\\\/de\\\/#listItem\",\"name\":\"Home\"}},{\"@type\":\"ListItem\",\"@id\":\"https:\\\/\\\/hidalgo.nl\\\/en\\\/product-supplier\\\/a58\\\/#listItem\",\"position\":3,\"name\":\"A58\",\"item\":\"https:\\\/\\\/hidalgo.nl\\\/en\\\/product-supplier\\\/a58\\\/\",\"nextItem\":{\"@type\":\"ListItem\",\"@id\":\"https:\\\/\\\/hidalgo.nl\\\/de\\\/product\\\/7329\\\/pluesch-leopard-lauren-bedrucken-weich-stickaugen-werbemittel\\\/#listItem\",\"name\":\"Pluche knuffel luipaard Lauren\"},\"previousItem\":{\"@type\":\"ListItem\",\"@id\":\"https:\\\/\\\/hidalgo.nl\\\/example\\\/#listItem\",\"name\":\"example\"}},{\"@type\":\"ListItem\",\"@id\":\"https:\\\/\\\/hidalgo.nl\\\/de\\\/product\\\/7329\\\/pluesch-leopard-lauren-bedrucken-weich-stickaugen-werbemittel\\\/#listItem\",\"position\":4,\"name\":\"Pluche knuffel luipaard Lauren\",\"previousItem\":{\"@type\":\"ListItem\",\"@id\":\"https:\\\/\\\/hidalgo.nl\\\/en\\\/product-supplier\\\/a58\\\/#listItem\",\"name\":\"A58\"}}]},{\"@type\":\"Organization\",\"@id\":\"https:\\\/\\\/hidalgo.nl\\\/de\\\/#organization\",\"name\":\"Hidalgo\",\"url\":\"https:\\\/\\\/hidalgo.nl\\\/de\\\/\",\"logo\":{\"@type\":\"ImageObject\",\"url\":\"https:\\\/\\\/shop.hidalgo.nl\\\/wp-content\\\/uploads\\\/2025\\\/11\\\/cropped-Hidalgo-est1993.png\",\"@id\":\"https:\\\/\\\/hidalgo.nl\\\/de\\\/product\\\/7329\\\/pluesch-leopard-lauren-bedrucken-weich-stickaugen-werbemittel\\\/#organizationLogo\",\"width\":585,\"height\":195},\"image\":{\"@id\":\"https:\\\/\\\/hidalgo.nl\\\/de\\\/product\\\/7329\\\/pluesch-leopard-lauren-bedrucken-weich-stickaugen-werbemittel\\\/#organizationLogo\"}},{\"@type\":\"ProductGroup\",\"@id\":\"https:\\\/\\\/hidalgo.nl\\\/de\\\/product\\\/7329\\\/pluesch-leopard-lauren-bedrucken-weich-stickaugen-werbemittel\\\/#wooCommerceProduct\",\"name\":\"Pl\\u00fcsch-Leopard Lauren bedrucken weich Stickaugen Werbemittel\",\"url\":\"https:\\\/\\\/hidalgo.nl\\\/de\\\/product\\\/7329\\\/pluesch-leopard-lauren-bedrucken-weich-stickaugen-werbemittel\\\/\",\"brand\":{\"@type\":\"Brand\",\"name\":\"IMPRESSION\"},\"sku\":\"A58-1014883\",\"image\":{\"@type\":\"ImageObject\",\"url\":\"https:\\\/\\\/shop.hidalgo.nl\\\/wp-content\\\/uploads\\\/2025\\\/05\\\/cfa0f49fafabb357454651d7b34fc8323588d9ee73a9f464cb7ef65f1b055397.jpg\",\"@id\":\"https:\\\/\\\/hidalgo.nl\\\/de\\\/product\\\/7329\\\/pluesch-leopard-lauren-bedrucken-weich-stickaugen-werbemittel\\\/#productImage\",\"width\":845,\"height\":1000},\"productGroupID\":7329,\"hasVariant\":[{\"@type\":\"Product\",\"@id\":\"https:\\\/\\\/hidalgo.nl\\\/de\\\/product\\\/7329\\\/pluesch-leopard-lauren-bedrucken-weich-stickaugen-werbemittel\\\/#wooCommerceProduct\",\"name\":\"Pluche knuffel luipaard Lauren - multicolor,\",\"url\":\"https:\\\/\\\/hidalgo.nl\\\/de\\\/product\\\/7329\\\/pluesch-leopard-lauren-bedrucken-weich-stickaugen-werbemittel\\\/\",\"sku\":\"A58-1014883-009999999\",\"gtin\":\"8719446063211\",\"image\":{\"@type\":\"ImageObject\",\"url\":\"https:\\\/\\\/shop.hidalgo.nl\\\/wp-content\\\/uploads\\\/2025\\\/05\\\/44e143e3b717815df0289c9438c38bcb398f701f53bfdd8e5f212efeb699098c.jpg\",\"@id\":\"https:\\\/\\\/hidalgo.nl\\\/de\\\/product\\\/7329\\\/pluesch-leopard-lauren-bedrucken-weich-stickaugen-werbemittel\\\/#productImage\",\"width\":880,\"height\":1000},\"offers\":{\"@type\":\"Offer\",\"url\":\"https:\\\/\\\/hidalgo.nl\\\/de\\\/product\\\/7329\\\/pluesch-leopard-lauren-bedrucken-weich-stickaugen-werbemittel\\\/#wooCommerceOffer\",\"price\":\"4.16\",\"priceCurrency\":\"EUR\",\"category\":\"Promotionele Artikelen\",\"availability\":\"https:\\\/\\\/schema.org\\\/InStock\",\"priceSpecification\":{\"@type\":\"PriceSpecification\",\"price\":4.16,\"priceCurrency\":\"EUR\",\"valueAddedTaxIncluded\":\"true\"}}}]},{\"@type\":\"WebPage\",\"@id\":\"https:\\\/\\\/hidalgo.nl\\\/de\\\/product\\\/7329\\\/pluesch-leopard-lauren-bedrucken-weich-stickaugen-werbemittel\\\/#webpage\",\"url\":\"https:\\\/\\\/hidalgo.nl\\\/de\\\/product\\\/7329\\\/pluesch-leopard-lauren-bedrucken-weich-stickaugen-werbemittel\\\/\",\"name\":\"Pl\\u00fcsch-Leopard Lauren bedrucken weich Stickaugen Werbemittel\",\"description\":\"Du kannst dieses zottelige Leopard Kuscheltier bedrucken lassen, um eine emotionale Bindung zu deiner Zielgruppe aufzubauen. Lauren dient als sympathischer Werbeartikel Stofftier f\\u00fcr deine n\\u00e4chste Promotion. Mit einer Logoanbringung gestaltest du ein markenstarkes Werbegeschenk f\\u00fcr Kunden & Partner.\",\"inLanguage\":\"de-DE\",\"isPartOf\":{\"@id\":\"https:\\\/\\\/hidalgo.nl\\\/de\\\/#website\"},\"breadcrumb\":{\"@id\":\"https:\\\/\\\/hidalgo.nl\\\/de\\\/product\\\/7329\\\/pluesch-leopard-lauren-bedrucken-weich-stickaugen-werbemittel\\\/#breadcrumblist\"},\"image\":{\"@type\":\"ImageObject\",\"url\":\"https:\\\/\\\/shop.hidalgo.nl\\\/wp-content\\\/uploads\\\/2025\\\/05\\\/cfa0f49fafabb357454651d7b34fc8323588d9ee73a9f464cb7ef65f1b055397.jpg\",\"@id\":\"https:\\\/\\\/hidalgo.nl\\\/de\\\/product\\\/7329\\\/pluesch-leopard-lauren-bedrucken-weich-stickaugen-werbemittel\\\/#mainImage\",\"width\":845,\"height\":1000},\"primaryImageOfPage\":{\"@id\":\"https:\\\/\\\/hidalgo.nl\\\/de\\\/product\\\/7329\\\/pluesch-leopard-lauren-bedrucken-weich-stickaugen-werbemittel\\\/#mainImage\"},\"datePublished\":\"2025-07-03T09:36:21+00:00\",\"dateModified\":\"2026-03-16T18:43:23+00:00\"},{\"@type\":\"WebSite\",\"@id\":\"https:\\\/\\\/hidalgo.nl\\\/de\\\/#website\",\"url\":\"https:\\\/\\\/hidalgo.nl\\\/de\\\/\",\"name\":\"Hidalgo\",\"inLanguage\":\"de-DE\",\"publisher\":{\"@id\":\"https:\\\/\\\/hidalgo.nl\\\/de\\\/#organization\"}}]}\n\t\t<\/script>\n\t\t<!-- All in One SEO Pro -->\r\n\t\t<title>Pl\u00fcsch-Leopard Lauren bedrucken weich Stickaugen Werbemittel<\/title>\n\n","aioseo_head_json":{"title":"Pl\u00fcsch-Leopard Lauren bedrucken weich Stickaugen Werbemittel","description":"Du kannst dieses zottelige Leopard Kuscheltier bedrucken lassen, um eine emotionale Bindung zu deiner Zielgruppe aufzubauen. Lauren dient als sympathischer Werbeartikel Stofftier f\u00fcr deine n\u00e4chste Promotion. Mit einer Logoanbringung gestaltest du ein markenstarkes Werbegeschenk f\u00fcr Kunden & Partner.","canonical_url":"https:\/\/hidalgo.nl\/de\/wp-json\/wp\/v2\/product\/7329","robots":"max-image-preview:large","keywords":"","webmasterTools":{"miscellaneous":""},"schema":{"@context":"https:\/\/schema.org","@graph":[{"@type":"BreadcrumbList","@id":"https:\/\/hidalgo.nl\/de\/product\/7329\/pluesch-leopard-lauren-bedrucken-weich-stickaugen-werbemittel\/#breadcrumblist","itemListElement":[{"@type":"ListItem","@id":"https:\/\/hidalgo.nl\/de\/#listItem","position":1,"name":"Home","item":"https:\/\/hidalgo.nl\/de\/","nextItem":{"@type":"ListItem","@id":"https:\/\/hidalgo.nl\/example\/#listItem","name":"example"}},{"@type":"ListItem","@id":"https:\/\/hidalgo.nl\/example\/#listItem","position":2,"name":"example","item":"https:\/\/hidalgo.nl\/example\/","nextItem":{"@type":"ListItem","@id":"https:\/\/hidalgo.nl\/en\/product-supplier\/a58\/#listItem","name":"A58"},"previousItem":{"@type":"ListItem","@id":"https:\/\/hidalgo.nl\/de\/#listItem","name":"Home"}},{"@type":"ListItem","@id":"https:\/\/hidalgo.nl\/en\/product-supplier\/a58\/#listItem","position":3,"name":"A58","item":"https:\/\/hidalgo.nl\/en\/product-supplier\/a58\/","nextItem":{"@type":"ListItem","@id":"https:\/\/hidalgo.nl\/de\/product\/7329\/pluesch-leopard-lauren-bedrucken-weich-stickaugen-werbemittel\/#listItem","name":"Pluche knuffel luipaard Lauren"},"previousItem":{"@type":"ListItem","@id":"https:\/\/hidalgo.nl\/example\/#listItem","name":"example"}},{"@type":"ListItem","@id":"https:\/\/hidalgo.nl\/de\/product\/7329\/pluesch-leopard-lauren-bedrucken-weich-stickaugen-werbemittel\/#listItem","position":4,"name":"Pluche knuffel luipaard Lauren","previousItem":{"@type":"ListItem","@id":"https:\/\/hidalgo.nl\/en\/product-supplier\/a58\/#listItem","name":"A58"}}]},{"@type":"Organization","@id":"https:\/\/hidalgo.nl\/de\/#organization","name":"Hidalgo","url":"https:\/\/hidalgo.nl\/de\/","logo":{"@type":"ImageObject","url":"https:\/\/shop.hidalgo.nl\/wp-content\/uploads\/2025\/11\/cropped-Hidalgo-est1993.png","@id":"https:\/\/hidalgo.nl\/de\/product\/7329\/pluesch-leopard-lauren-bedrucken-weich-stickaugen-werbemittel\/#organizationLogo","width":585,"height":195},"image":{"@id":"https:\/\/hidalgo.nl\/de\/product\/7329\/pluesch-leopard-lauren-bedrucken-weich-stickaugen-werbemittel\/#organizationLogo"}},{"@type":"ProductGroup","@id":"https:\/\/hidalgo.nl\/de\/product\/7329\/pluesch-leopard-lauren-bedrucken-weich-stickaugen-werbemittel\/#wooCommerceProduct","name":"Pl\u00fcsch-Leopard Lauren bedrucken weich Stickaugen Werbemittel","url":"https:\/\/hidalgo.nl\/de\/product\/7329\/pluesch-leopard-lauren-bedrucken-weich-stickaugen-werbemittel\/","brand":{"@type":"Brand","name":"IMPRESSION"},"sku":"A58-1014883","image":{"@type":"ImageObject","url":"https:\/\/shop.hidalgo.nl\/wp-content\/uploads\/2025\/05\/cfa0f49fafabb357454651d7b34fc8323588d9ee73a9f464cb7ef65f1b055397.jpg","@id":"https:\/\/hidalgo.nl\/de\/product\/7329\/pluesch-leopard-lauren-bedrucken-weich-stickaugen-werbemittel\/#productImage","width":845,"height":1000},"productGroupID":7329,"hasVariant":[{"@type":"Product","@id":"https:\/\/hidalgo.nl\/de\/product\/7329\/pluesch-leopard-lauren-bedrucken-weich-stickaugen-werbemittel\/#wooCommerceProduct","name":"Pluche knuffel luipaard Lauren - multicolor,","url":"https:\/\/hidalgo.nl\/de\/product\/7329\/pluesch-leopard-lauren-bedrucken-weich-stickaugen-werbemittel\/","sku":"A58-1014883-009999999","gtin":"8719446063211","image":{"@type":"ImageObject","url":"https:\/\/shop.hidalgo.nl\/wp-content\/uploads\/2025\/05\/44e143e3b717815df0289c9438c38bcb398f701f53bfdd8e5f212efeb699098c.jpg","@id":"https:\/\/hidalgo.nl\/de\/product\/7329\/pluesch-leopard-lauren-bedrucken-weich-stickaugen-werbemittel\/#productImage","width":880,"height":1000},"offers":{"@type":"Offer","url":"https:\/\/hidalgo.nl\/de\/product\/7329\/pluesch-leopard-lauren-bedrucken-weich-stickaugen-werbemittel\/#wooCommerceOffer","price":"4.16","priceCurrency":"EUR","category":"Promotionele Artikelen","availability":"https:\/\/schema.org\/InStock","priceSpecification":{"@type":"PriceSpecification","price":4.16,"priceCurrency":"EUR","valueAddedTaxIncluded":"true"}}}]},{"@type":"WebPage","@id":"https:\/\/hidalgo.nl\/de\/product\/7329\/pluesch-leopard-lauren-bedrucken-weich-stickaugen-werbemittel\/#webpage","url":"https:\/\/hidalgo.nl\/de\/product\/7329\/pluesch-leopard-lauren-bedrucken-weich-stickaugen-werbemittel\/","name":"Pl\u00fcsch-Leopard Lauren bedrucken weich Stickaugen Werbemittel","description":"Du kannst dieses zottelige Leopard Kuscheltier bedrucken lassen, um eine emotionale Bindung zu deiner Zielgruppe aufzubauen. Lauren dient als sympathischer Werbeartikel Stofftier f\u00fcr deine n\u00e4chste Promotion. Mit einer Logoanbringung gestaltest du ein markenstarkes Werbegeschenk f\u00fcr Kunden & Partner.","inLanguage":"de-DE","isPartOf":{"@id":"https:\/\/hidalgo.nl\/de\/#website"},"breadcrumb":{"@id":"https:\/\/hidalgo.nl\/de\/product\/7329\/pluesch-leopard-lauren-bedrucken-weich-stickaugen-werbemittel\/#breadcrumblist"},"image":{"@type":"ImageObject","url":"https:\/\/shop.hidalgo.nl\/wp-content\/uploads\/2025\/05\/cfa0f49fafabb357454651d7b34fc8323588d9ee73a9f464cb7ef65f1b055397.jpg","@id":"https:\/\/hidalgo.nl\/de\/product\/7329\/pluesch-leopard-lauren-bedrucken-weich-stickaugen-werbemittel\/#mainImage","width":845,"height":1000},"primaryImageOfPage":{"@id":"https:\/\/hidalgo.nl\/de\/product\/7329\/pluesch-leopard-lauren-bedrucken-weich-stickaugen-werbemittel\/#mainImage"},"datePublished":"2025-07-03T09:36:21+00:00","dateModified":"2026-03-16T18:43:23+00:00"},{"@type":"WebSite","@id":"https:\/\/hidalgo.nl\/de\/#website","url":"https:\/\/hidalgo.nl\/de\/","name":"Hidalgo","inLanguage":"de-DE","publisher":{"@id":"https:\/\/hidalgo.nl\/de\/#organization"}}]},"og:locale":"de_DE","og:site_name":"Hidalgo -","og:type":"article","og:title":"Pl\u00fcsch-Leopard Lauren bedrucken weich Stickaugen Werbemittel","og:description":"Du kannst dieses zottelige Leopard Kuscheltier bedrucken lassen, um eine emotionale Bindung zu deiner Zielgruppe aufzubauen. Lauren dient als sympathischer Werbeartikel Stofftier f\u00fcr deine n\u00e4chste Promotion. Mit einer Logoanbringung gestaltest du ein markenstarkes Werbegeschenk f\u00fcr Kunden &amp; Partner.","og:url":"https:\/\/hidalgo.nl\/de\/wp-json\/wp\/v2\/product\/7329","og:image":"https:\/\/shop.hidalgo.nl\/wp-content\/uploads\/2025\/11\/cropped-Hidalgo-est1993.png","og:image:secure_url":"https:\/\/shop.hidalgo.nl\/wp-content\/uploads\/2025\/11\/cropped-Hidalgo-est1993.png","article:published_time":"2025-07-03T09:36:21+00:00","article:modified_time":"2026-03-16T18:43:23+00:00","twitter:card":"summary_large_image","twitter:title":"Pl\u00fcsch-Leopard Lauren bedrucken weich Stickaugen Werbemittel","twitter:description":"Du kannst dieses zottelige Leopard Kuscheltier bedrucken lassen, um eine emotionale Bindung zu deiner Zielgruppe aufzubauen. Lauren dient als sympathischer Werbeartikel Stofftier f\u00fcr deine n\u00e4chste Promotion. Mit einer Logoanbringung gestaltest du ein markenstarkes Werbegeschenk f\u00fcr Kunden &amp; Partner.","twitter:image":"https:\/\/shop.hidalgo.nl\/wp-content\/uploads\/2025\/11\/cropped-Hidalgo-est1993.png"},"aioseo_meta_data":{"post_id":"7329","title":null,"description":null,"keywords":null,"keyphrases":null,"primary_term":null,"canonical_url":null,"og_title":null,"og_description":null,"og_object_type":"default","og_image_type":"default","og_image_url":null,"og_image_width":null,"og_image_height":null,"og_image_custom_url":null,"og_image_custom_fields":null,"og_video":null,"og_custom_url":null,"og_article_section":null,"og_article_tags":null,"twitter_use_og":false,"twitter_card":"default","twitter_image_type":"default","twitter_image_url":null,"twitter_image_custom_url":null,"twitter_image_custom_fields":null,"twitter_title":null,"twitter_description":null,"schema":{"blockGraphs":[],"customGraphs":[],"default":{"data":{"Article":[],"Course":[],"Dataset":[],"FAQPage":[],"Movie":[],"Person":[],"Product":[],"ProductReview":[],"Car":[],"Recipe":[],"Service":[],"SoftwareApplication":[],"WebPage":[]},"graphName":"","isEnabled":true},"graphs":[]},"schema_type":"default","schema_type_options":null,"pillar_content":false,"robots_default":true,"robots_noindex":false,"robots_noarchive":false,"robots_nosnippet":false,"robots_nofollow":false,"robots_noimageindex":false,"robots_noodp":false,"robots_notranslate":false,"robots_max_snippet":null,"robots_max_videopreview":null,"robots_max_imagepreview":"large","priority":null,"frequency":null,"local_seo":null,"seo_analyzer_scan_date":"2026-02-03 15:56:46","breadcrumb_settings":null,"limit_modified_date":false,"reviewed_by":null,"open_ai":null,"ai":null,"created":"2026-01-14 06:17:37","updated":"2026-04-23 12:08:45"},"aioseo_breadcrumb":"<div class=\"aioseo-breadcrumbs\"><span class=\"aioseo-breadcrumb\">\n\t<a href=\"https:\/\/hidalgo.nl\/de\/\" title=\"Home\">Home<\/a>\n<\/span><span class=\"aioseo-breadcrumb-separator\">\u00bb<\/span><span class=\"aioseo-breadcrumb\">\n\t<a href=\"https:\/\/hidalgo.nl\/example\/\" title=\"example\">example<\/a>\n<\/span><span class=\"aioseo-breadcrumb-separator\">\u00bb<\/span><span class=\"aioseo-breadcrumb\">\n\t<a href=\"https:\/\/hidalgo.nl\/en\/product-supplier\/a58\/\" title=\"A58\">A58<\/a>\n<\/span><span class=\"aioseo-breadcrumb-separator\">\u00bb<\/span><span class=\"aioseo-breadcrumb\">\n\tPluche knuffel luipaard Lauren\n<\/span><\/div>","aioseo_breadcrumb_json":[{"label":"Home","link":"https:\/\/hidalgo.nl\/de\/"},{"label":"example","link":"https:\/\/hidalgo.nl\/example\/"},{"label":"A58","link":"https:\/\/hidalgo.nl\/en\/product-supplier\/a58\/"},{"label":"Pluche knuffel luipaard Lauren","link":"https:\/\/hidalgo.nl\/de\/product\/7329\/pluesch-leopard-lauren-bedrucken-weich-stickaugen-werbemittel\/"}],"_links":{"self":[{"href":"https:\/\/hidalgo.nl\/de\/wp-json\/wp\/v2\/product\/7329","targetHints":{"allow":["GET"]}}],"collection":[{"href":"https:\/\/hidalgo.nl\/de\/wp-json\/wp\/v2\/product"}],"about":[{"href":"https:\/\/hidalgo.nl\/de\/wp-json\/wp\/v2\/types\/product"}],"wp:featuredmedia":[{"embeddable":true,"href":"https:\/\/hidalgo.nl\/de\/wp-json\/wp\/v2\/media\/7330"}],"wp:attachment":[{"href":"https:\/\/hidalgo.nl\/de\/wp-json\/wp\/v2\/media?parent=7329"}],"wp:term":[{"taxonomy":"product_brand","embeddable":true,"href":"https:\/\/hidalgo.nl\/de\/wp-json\/wp\/v2\/product_brand?post=7329"},{"taxonomy":"product_cat","embeddable":true,"href":"https:\/\/hidalgo.nl\/de\/wp-json\/wp\/v2\/product_cat?post=7329"},{"taxonomy":"product_tag","embeddable":true,"href":"https:\/\/hidalgo.nl\/de\/wp-json\/wp\/v2\/product_tag?post=7329"}],"curies":[{"name":"wp","href":"https:\/\/api.w.org\/{rel}","templated":true}]}}