{"id":725,"date":"2025-05-16T13:04:38","date_gmt":"2025-05-16T13:04:38","guid":{"rendered":"https:\/\/bidonsenshakers.pim.hidalgo.nl\/product\/case-logic-era-laptop-backpack-156-inch-rugzak\/"},"modified":"2026-02-28T10:37:33","modified_gmt":"2026-02-28T10:37:33","slug":"case-logic-era-laptop-backpack-156-inch-rugzak","status":"publish","type":"product","link":"https:\/\/hidalgo.nl\/de\/product\/case-logic-era-laptop-backpack-156-inch-rugzak\/","title":{"rendered":"Case Logic Era Laptop Backpack 15,6 inch rugzak"},"content":{"rendered":"<p>Complete, professionele 15,6 inch, polyester laptoprugzak van het merk Case Logic. Het royale laptopcompartiment is geschikt voor het vervoeren van een laptop tot maximaal 15,6 inch en heeft een apart opbergvak voor een tablet tot 10,5 inch. Daarnaast is er nog voldoende ruimte voor boeken, documenten en mappen. Het hoofdvak heeft een organiser en biedt ruimte voor een oplader, kabels, koptelefoon en andere spullen. Het ritsvak aan de voorzijde is snel toegankelijk en in de handige vakken aan de zijkant past met gemak een drinkfles. Met verstelbare, comfortabele schouderriemen en handvat. De tas heeft stevige ritsen. Met een bagageband kan de tas stevig aan de meeste trolleys worden bevestigd. Inhoud ca. 23 liter.<\/p>\n","protected":false},"excerpt":{"rendered":"<p>Complete, professionele 15,6 inch, polyester laptoprugzak van het merk Case Logic. Het royale laptopcompartiment is geschikt voor het vervoeren van een laptop tot maximaal 15,6 inch en heeft een apart opbergvak voor een tablet tot 10,5 inch. Daarnaast is er nog voldoende ruimte voor boeken, documenten en mappen. Het hoofdvak heeft een organiser en biedt&hellip; <a class=\"more-link\" href=\"https:\/\/hidalgo.nl\/de\/product\/case-logic-era-laptop-backpack-156-inch-rugzak\/\"><span class=\"screen-reader-text\">Case Logic Era Laptop Backpack 15,6 inch rugzak<\/span> weiterlesen<\/a><\/p>\n","protected":false},"featured_media":577600,"template":"","meta":{"_acf_changed":false,"om_disable_all_campaigns":false,"_monsterinsights_skip_tracking":false,"_monsterinsights_sitenote_active":false,"_monsterinsights_sitenote_note":"","_monsterinsights_sitenote_category":0},"product_brand":[80],"product_cat":[4760,4932,4713],"product_tag":[],"class_list":{"0":"post-725","1":"product","2":"type-product","3":"status-publish","4":"has-post-thumbnail","6":"product_supplier-a508","7":"product_material-polyester","8":"product_brand-case-logic","9":"product_cat-document-tassen","10":"product_cat-document-tassen-laptop-rugtassen","11":"product_cat-tassen","12":"entry","14":"first","15":"instock","16":"taxable","17":"shipping-taxable","18":"purchasable","19":"product-type-variable"},"acf":{"imprint_cost":[{"imprint_cost_key":"0a05d1a32c01c80dc80a4178acb634e224892b89","product_quantity_price_range":[{"imprint_cost_recommended_selling_price":"2.46","imprint_cost_recommended_selling_quantity":"1"},{"imprint_cost_recommended_selling_price":"2.145","imprint_cost_recommended_selling_quantity":"25"},{"imprint_cost_recommended_selling_price":"1.125","imprint_cost_recommended_selling_quantity":"50"},{"imprint_cost_recommended_selling_price":"0.87","imprint_cost_recommended_selling_quantity":"100"},{"imprint_cost_recommended_selling_price":"0.63","imprint_cost_recommended_selling_quantity":"250"},{"imprint_cost_recommended_selling_price":"0.495","imprint_cost_recommended_selling_quantity":"500"},{"imprint_cost_recommended_selling_price":"0.45","imprint_cost_recommended_selling_quantity":"1000"},{"imprint_cost_recommended_selling_price":"0.42","imprint_cost_recommended_selling_quantity":"2500"},{"imprint_cost_recommended_selling_price":"0.405","imprint_cost_recommended_selling_quantity":"5000"}],"product_quantity_price_range_buying":[{"imprint_cost_general_buying_price":"1.64","imprint_cost_general_buying_quantity":"1"},{"imprint_cost_general_buying_price":"1.43","imprint_cost_general_buying_quantity":"25"},{"imprint_cost_general_buying_price":"0.75","imprint_cost_general_buying_quantity":"50"},{"imprint_cost_general_buying_price":"0.58","imprint_cost_general_buying_quantity":"100"},{"imprint_cost_general_buying_price":"0.42","imprint_cost_general_buying_quantity":"250"},{"imprint_cost_general_buying_price":"0.33","imprint_cost_general_buying_quantity":"500"},{"imprint_cost_general_buying_price":"0.3","imprint_cost_general_buying_quantity":"1000"},{"imprint_cost_general_buying_price":"0.28","imprint_cost_general_buying_quantity":"2500"},{"imprint_cost_general_buying_price":"0.27","imprint_cost_general_buying_quantity":"5000"}],"imprint_cost_setup_costs":"45","imprint_cost_handling_costs":"0.15"},{"imprint_cost_key":"82d95f378d23d1a21acec1aee86d7a5130d7c61e","product_quantity_price_range":[{"imprint_cost_recommended_selling_price":"2.625","imprint_cost_recommended_selling_quantity":"1"},{"imprint_cost_recommended_selling_price":"2.475","imprint_cost_recommended_selling_quantity":"25"},{"imprint_cost_recommended_selling_price":"2.325","imprint_cost_recommended_selling_quantity":"50"},{"imprint_cost_recommended_selling_price":"2.175","imprint_cost_recommended_selling_quantity":"100"},{"imprint_cost_recommended_selling_price":"2.025","imprint_cost_recommended_selling_quantity":"250"},{"imprint_cost_recommended_selling_price":"1.875","imprint_cost_recommended_selling_quantity":"500"},{"imprint_cost_recommended_selling_price":"1.725","imprint_cost_recommended_selling_quantity":"1000"},{"imprint_cost_recommended_selling_price":"1.65","imprint_cost_recommended_selling_quantity":"2500"},{"imprint_cost_recommended_selling_price":"1.5","imprint_cost_recommended_selling_quantity":"5000"}],"product_quantity_price_range_buying":[{"imprint_cost_general_buying_price":"1.75","imprint_cost_general_buying_quantity":"1"},{"imprint_cost_general_buying_price":"1.65","imprint_cost_general_buying_quantity":"25"},{"imprint_cost_general_buying_price":"1.55","imprint_cost_general_buying_quantity":"50"},{"imprint_cost_general_buying_price":"1.45","imprint_cost_general_buying_quantity":"100"},{"imprint_cost_general_buying_price":"1.35","imprint_cost_general_buying_quantity":"250"},{"imprint_cost_general_buying_price":"1.25","imprint_cost_general_buying_quantity":"500"},{"imprint_cost_general_buying_price":"1.15","imprint_cost_general_buying_quantity":"1000"},{"imprint_cost_general_buying_price":"1.1","imprint_cost_general_buying_quantity":"2500"},{"imprint_cost_general_buying_price":"1","imprint_cost_general_buying_quantity":"5000"}],"imprint_cost_setup_costs":"52.5","imprint_cost_handling_costs":"0.09"}]},"aioseo_notices":[],"aioseo_head":"\n\t\t<!-- All in One SEO Pro 4.9.6.1 - aioseo.com -->\n\t<meta name=\"description\" content=\"Transportiere deine Technik im schlanken Laptop-Rucksack mit gepolstertem Fach f\u00fcr 15,6 Zoll und Tablet, organisiert f\u00fcr Business und Pendeln. Die Trolley-Befestigung erleichtert den Weg zum Termin. Auf Wunsch bedruckt Hidalgo dein Logo f\u00fcr einen professionellen Auftritt.\" \/>\n\t<meta name=\"robots\" content=\"max-image-preview:large\" \/>\n\t<link rel=\"canonical\" href=\"https:\/\/hidalgo.nl\/de\/wp-json\/wp\/v2\/product\/725\" \/>\n\t<meta name=\"generator\" content=\"All in One SEO Pro (AIOSEO) 4.9.6.1\" \/>\n\t\t<meta property=\"og:locale\" content=\"de_DE\" \/>\n\t\t<meta property=\"og:site_name\" content=\"Hidalgo -\" \/>\n\t\t<meta property=\"og:type\" content=\"article\" \/>\n\t\t<meta property=\"og:title\" content=\"Case Logic Era Laptop Backpack 15,6 inch rugzak\" \/>\n\t\t<meta property=\"og:description\" content=\"Transportiere deine Technik im schlanken Laptop-Rucksack mit gepolstertem Fach f\u00fcr 15,6 Zoll und Tablet, organisiert f\u00fcr Business und Pendeln. Die Trolley-Befestigung erleichtert den Weg zum Termin. Auf Wunsch bedruckt Hidalgo dein Logo f\u00fcr einen professionellen Auftritt.\" \/>\n\t\t<meta property=\"og:url\" content=\"https:\/\/hidalgo.nl\/de\/wp-json\/wp\/v2\/product\/725\" \/>\n\t\t<meta property=\"og:image\" content=\"https:\/\/shop.hidalgo.nl\/wp-content\/uploads\/2025\/11\/cropped-Hidalgo-est1993.png\" \/>\n\t\t<meta property=\"og:image:secure_url\" content=\"https:\/\/shop.hidalgo.nl\/wp-content\/uploads\/2025\/11\/cropped-Hidalgo-est1993.png\" \/>\n\t\t<meta property=\"article:published_time\" content=\"2025-05-16T13:04:38+00:00\" \/>\n\t\t<meta property=\"article:modified_time\" content=\"2026-02-28T10:37:33+00:00\" \/>\n\t\t<meta name=\"twitter:card\" content=\"summary_large_image\" \/>\n\t\t<meta name=\"twitter:title\" content=\"Case Logic Era Laptop Backpack 15,6 inch rugzak\" \/>\n\t\t<meta name=\"twitter:description\" content=\"Transportiere deine Technik im schlanken Laptop-Rucksack mit gepolstertem Fach f\u00fcr 15,6 Zoll und Tablet, organisiert f\u00fcr Business und Pendeln. Die Trolley-Befestigung erleichtert den Weg zum Termin. Auf Wunsch bedruckt Hidalgo dein Logo f\u00fcr einen professionellen Auftritt.\" \/>\n\t\t<meta name=\"twitter:image\" content=\"https:\/\/shop.hidalgo.nl\/wp-content\/uploads\/2025\/11\/cropped-Hidalgo-est1993.png\" \/>\n\t\t<script type=\"application\/ld+json\" class=\"aioseo-schema\">\n\t\t\t{\"@context\":\"https:\\\/\\\/schema.org\",\"@graph\":[{\"@type\":\"BreadcrumbList\",\"@id\":\"https:\\\/\\\/hidalgo.nl\\\/de\\\/product\\\/case-logic-era-laptop-backpack-156-inch-rugzak\\\/#breadcrumblist\",\"itemListElement\":[{\"@type\":\"ListItem\",\"@id\":\"https:\\\/\\\/hidalgo.nl\\\/de\\\/#listItem\",\"position\":1,\"name\":\"Home\",\"item\":\"https:\\\/\\\/hidalgo.nl\\\/de\\\/\",\"nextItem\":{\"@type\":\"ListItem\",\"@id\":\"https:\\\/\\\/hidalgo.nl\\\/example\\\/#listItem\",\"name\":\"example\"}},{\"@type\":\"ListItem\",\"@id\":\"https:\\\/\\\/hidalgo.nl\\\/example\\\/#listItem\",\"position\":2,\"name\":\"example\",\"item\":\"https:\\\/\\\/hidalgo.nl\\\/example\\\/\",\"nextItem\":{\"@type\":\"ListItem\",\"@id\":\"https:\\\/\\\/hidalgo.nl\\\/en\\\/product-supplier\\\/a508\\\/#listItem\",\"name\":\"A508\"},\"previousItem\":{\"@type\":\"ListItem\",\"@id\":\"https:\\\/\\\/hidalgo.nl\\\/de\\\/#listItem\",\"name\":\"Home\"}},{\"@type\":\"ListItem\",\"@id\":\"https:\\\/\\\/hidalgo.nl\\\/en\\\/product-supplier\\\/a508\\\/#listItem\",\"position\":3,\"name\":\"A508\",\"item\":\"https:\\\/\\\/hidalgo.nl\\\/en\\\/product-supplier\\\/a508\\\/\",\"nextItem\":{\"@type\":\"ListItem\",\"@id\":\"https:\\\/\\\/hidalgo.nl\\\/de\\\/product\\\/case-logic-era-laptop-backpack-156-inch-rugzak\\\/#listItem\",\"name\":\"Case Logic Era Laptop Backpack 15,6 inch rugzak\"},\"previousItem\":{\"@type\":\"ListItem\",\"@id\":\"https:\\\/\\\/hidalgo.nl\\\/example\\\/#listItem\",\"name\":\"example\"}},{\"@type\":\"ListItem\",\"@id\":\"https:\\\/\\\/hidalgo.nl\\\/de\\\/product\\\/case-logic-era-laptop-backpack-156-inch-rugzak\\\/#listItem\",\"position\":4,\"name\":\"Case Logic Era Laptop Backpack 15,6 inch rugzak\",\"previousItem\":{\"@type\":\"ListItem\",\"@id\":\"https:\\\/\\\/hidalgo.nl\\\/en\\\/product-supplier\\\/a508\\\/#listItem\",\"name\":\"A508\"}}]},{\"@type\":\"ItemPage\",\"@id\":\"https:\\\/\\\/hidalgo.nl\\\/de\\\/product\\\/case-logic-era-laptop-backpack-156-inch-rugzak\\\/#itempage\",\"url\":\"https:\\\/\\\/hidalgo.nl\\\/de\\\/product\\\/case-logic-era-laptop-backpack-156-inch-rugzak\\\/\",\"name\":\"Case Logic Era Laptop Backpack 15,6 inch rugzak\",\"description\":\"Transportiere deine Technik im schlanken Laptop-Rucksack mit gepolstertem Fach f\\u00fcr 15,6 Zoll und Tablet, organisiert f\\u00fcr Business und Pendeln. Die Trolley-Befestigung erleichtert den Weg zum Termin. Auf Wunsch bedruckt Hidalgo dein Logo f\\u00fcr einen professionellen Auftritt.\",\"inLanguage\":\"de-DE\",\"isPartOf\":{\"@id\":\"https:\\\/\\\/hidalgo.nl\\\/de\\\/#website\"},\"breadcrumb\":{\"@id\":\"https:\\\/\\\/hidalgo.nl\\\/de\\\/product\\\/case-logic-era-laptop-backpack-156-inch-rugzak\\\/#breadcrumblist\"},\"image\":{\"@type\":\"ImageObject\",\"url\":\"https:\\\/\\\/shop.hidalgo.nl\\\/wp-content\\\/uploads\\\/2025\\\/04\\\/7a0f110cb38845ba98cd71b7f330164fe1e0f2143e3b0d0b2ee8d2150ca695bb.jpg\",\"@id\":\"https:\\\/\\\/hidalgo.nl\\\/de\\\/product\\\/case-logic-era-laptop-backpack-156-inch-rugzak\\\/#mainImage\"},\"primaryImageOfPage\":{\"@id\":\"https:\\\/\\\/hidalgo.nl\\\/de\\\/product\\\/case-logic-era-laptop-backpack-156-inch-rugzak\\\/#mainImage\"},\"datePublished\":\"2025-05-16T13:04:38+00:00\",\"dateModified\":\"2026-02-28T10:37:33+00:00\"},{\"@type\":\"Organization\",\"@id\":\"https:\\\/\\\/hidalgo.nl\\\/de\\\/#organization\",\"name\":\"Hidalgo\",\"url\":\"https:\\\/\\\/hidalgo.nl\\\/de\\\/\",\"logo\":{\"@type\":\"ImageObject\",\"url\":\"https:\\\/\\\/shop.hidalgo.nl\\\/wp-content\\\/uploads\\\/2025\\\/11\\\/cropped-Hidalgo-est1993.png\",\"@id\":\"https:\\\/\\\/hidalgo.nl\\\/de\\\/product\\\/case-logic-era-laptop-backpack-156-inch-rugzak\\\/#organizationLogo\",\"width\":585,\"height\":195},\"image\":{\"@id\":\"https:\\\/\\\/hidalgo.nl\\\/de\\\/product\\\/case-logic-era-laptop-backpack-156-inch-rugzak\\\/#organizationLogo\"}},{\"@type\":\"WebPage\",\"@id\":\"https:\\\/\\\/hidalgo.nl\\\/de\\\/product\\\/case-logic-era-laptop-backpack-156-inch-rugzak\\\/#webpage\",\"url\":\"https:\\\/\\\/hidalgo.nl\\\/de\\\/product\\\/case-logic-era-laptop-backpack-156-inch-rugzak\\\/\",\"name\":\"Case Logic Era Laptop Backpack 15,6 inch rugzak\",\"description\":\"Transportiere deine Technik im schlanken Laptop-Rucksack mit gepolstertem Fach f\\u00fcr 15,6 Zoll und Tablet, organisiert f\\u00fcr Business und Pendeln. Die Trolley-Befestigung erleichtert den Weg zum Termin. Auf Wunsch bedruckt Hidalgo dein Logo f\\u00fcr einen professionellen Auftritt.\",\"inLanguage\":\"de-DE\",\"isPartOf\":{\"@id\":\"https:\\\/\\\/hidalgo.nl\\\/de\\\/#website\"},\"breadcrumb\":{\"@id\":\"https:\\\/\\\/hidalgo.nl\\\/de\\\/product\\\/case-logic-era-laptop-backpack-156-inch-rugzak\\\/#breadcrumblist\"},\"image\":{\"@type\":\"ImageObject\",\"url\":\"https:\\\/\\\/shop.hidalgo.nl\\\/wp-content\\\/uploads\\\/2025\\\/04\\\/7a0f110cb38845ba98cd71b7f330164fe1e0f2143e3b0d0b2ee8d2150ca695bb.jpg\",\"@id\":\"https:\\\/\\\/hidalgo.nl\\\/de\\\/product\\\/case-logic-era-laptop-backpack-156-inch-rugzak\\\/#mainImage\"},\"primaryImageOfPage\":{\"@id\":\"https:\\\/\\\/hidalgo.nl\\\/de\\\/product\\\/case-logic-era-laptop-backpack-156-inch-rugzak\\\/#mainImage\"},\"datePublished\":\"2025-05-16T13:04:38+00:00\",\"dateModified\":\"2026-02-28T10:37:33+00:00\"},{\"@type\":\"WebSite\",\"@id\":\"https:\\\/\\\/hidalgo.nl\\\/de\\\/#website\",\"url\":\"https:\\\/\\\/hidalgo.nl\\\/de\\\/\",\"name\":\"Hidalgo\",\"inLanguage\":\"de-DE\",\"publisher\":{\"@id\":\"https:\\\/\\\/hidalgo.nl\\\/de\\\/#organization\"}}]}\n\t\t<\/script>\n\t\t<!-- All in One SEO Pro -->\r\n\t\t<title>Case Logic Era Laptop Backpack 15,6 inch rugzak<\/title>\n\n","aioseo_head_json":{"title":"Case Logic Era Laptop Backpack 15,6 inch rugzak","description":"Transportiere deine Technik im schlanken Laptop-Rucksack mit gepolstertem Fach f\u00fcr 15,6 Zoll und Tablet, organisiert f\u00fcr Business und Pendeln. Die Trolley-Befestigung erleichtert den Weg zum Termin. Auf Wunsch bedruckt Hidalgo dein Logo f\u00fcr einen professionellen Auftritt.","canonical_url":"https:\/\/hidalgo.nl\/de\/wp-json\/wp\/v2\/product\/725","robots":"max-image-preview:large","keywords":"","webmasterTools":{"miscellaneous":""},"schema":{"@context":"https:\/\/schema.org","@graph":[{"@type":"BreadcrumbList","@id":"https:\/\/hidalgo.nl\/de\/product\/case-logic-era-laptop-backpack-156-inch-rugzak\/#breadcrumblist","itemListElement":[{"@type":"ListItem","@id":"https:\/\/hidalgo.nl\/de\/#listItem","position":1,"name":"Home","item":"https:\/\/hidalgo.nl\/de\/","nextItem":{"@type":"ListItem","@id":"https:\/\/hidalgo.nl\/example\/#listItem","name":"example"}},{"@type":"ListItem","@id":"https:\/\/hidalgo.nl\/example\/#listItem","position":2,"name":"example","item":"https:\/\/hidalgo.nl\/example\/","nextItem":{"@type":"ListItem","@id":"https:\/\/hidalgo.nl\/en\/product-supplier\/a508\/#listItem","name":"A508"},"previousItem":{"@type":"ListItem","@id":"https:\/\/hidalgo.nl\/de\/#listItem","name":"Home"}},{"@type":"ListItem","@id":"https:\/\/hidalgo.nl\/en\/product-supplier\/a508\/#listItem","position":3,"name":"A508","item":"https:\/\/hidalgo.nl\/en\/product-supplier\/a508\/","nextItem":{"@type":"ListItem","@id":"https:\/\/hidalgo.nl\/de\/product\/case-logic-era-laptop-backpack-156-inch-rugzak\/#listItem","name":"Case Logic Era Laptop Backpack 15,6 inch rugzak"},"previousItem":{"@type":"ListItem","@id":"https:\/\/hidalgo.nl\/example\/#listItem","name":"example"}},{"@type":"ListItem","@id":"https:\/\/hidalgo.nl\/de\/product\/case-logic-era-laptop-backpack-156-inch-rugzak\/#listItem","position":4,"name":"Case Logic Era Laptop Backpack 15,6 inch rugzak","previousItem":{"@type":"ListItem","@id":"https:\/\/hidalgo.nl\/en\/product-supplier\/a508\/#listItem","name":"A508"}}]},{"@type":"ItemPage","@id":"https:\/\/hidalgo.nl\/de\/product\/case-logic-era-laptop-backpack-156-inch-rugzak\/#itempage","url":"https:\/\/hidalgo.nl\/de\/product\/case-logic-era-laptop-backpack-156-inch-rugzak\/","name":"Case Logic Era Laptop Backpack 15,6 inch rugzak","description":"Transportiere deine Technik im schlanken Laptop-Rucksack mit gepolstertem Fach f\u00fcr 15,6 Zoll und Tablet, organisiert f\u00fcr Business und Pendeln. Die Trolley-Befestigung erleichtert den Weg zum Termin. Auf Wunsch bedruckt Hidalgo dein Logo f\u00fcr einen professionellen Auftritt.","inLanguage":"de-DE","isPartOf":{"@id":"https:\/\/hidalgo.nl\/de\/#website"},"breadcrumb":{"@id":"https:\/\/hidalgo.nl\/de\/product\/case-logic-era-laptop-backpack-156-inch-rugzak\/#breadcrumblist"},"image":{"@type":"ImageObject","url":"https:\/\/shop.hidalgo.nl\/wp-content\/uploads\/2025\/04\/7a0f110cb38845ba98cd71b7f330164fe1e0f2143e3b0d0b2ee8d2150ca695bb.jpg","@id":"https:\/\/hidalgo.nl\/de\/product\/case-logic-era-laptop-backpack-156-inch-rugzak\/#mainImage"},"primaryImageOfPage":{"@id":"https:\/\/hidalgo.nl\/de\/product\/case-logic-era-laptop-backpack-156-inch-rugzak\/#mainImage"},"datePublished":"2025-05-16T13:04:38+00:00","dateModified":"2026-02-28T10:37:33+00:00"},{"@type":"Organization","@id":"https:\/\/hidalgo.nl\/de\/#organization","name":"Hidalgo","url":"https:\/\/hidalgo.nl\/de\/","logo":{"@type":"ImageObject","url":"https:\/\/shop.hidalgo.nl\/wp-content\/uploads\/2025\/11\/cropped-Hidalgo-est1993.png","@id":"https:\/\/hidalgo.nl\/de\/product\/case-logic-era-laptop-backpack-156-inch-rugzak\/#organizationLogo","width":585,"height":195},"image":{"@id":"https:\/\/hidalgo.nl\/de\/product\/case-logic-era-laptop-backpack-156-inch-rugzak\/#organizationLogo"}},{"@type":"WebPage","@id":"https:\/\/hidalgo.nl\/de\/product\/case-logic-era-laptop-backpack-156-inch-rugzak\/#webpage","url":"https:\/\/hidalgo.nl\/de\/product\/case-logic-era-laptop-backpack-156-inch-rugzak\/","name":"Case Logic Era Laptop Backpack 15,6 inch rugzak","description":"Transportiere deine Technik im schlanken Laptop-Rucksack mit gepolstertem Fach f\u00fcr 15,6 Zoll und Tablet, organisiert f\u00fcr Business und Pendeln. Die Trolley-Befestigung erleichtert den Weg zum Termin. Auf Wunsch bedruckt Hidalgo dein Logo f\u00fcr einen professionellen Auftritt.","inLanguage":"de-DE","isPartOf":{"@id":"https:\/\/hidalgo.nl\/de\/#website"},"breadcrumb":{"@id":"https:\/\/hidalgo.nl\/de\/product\/case-logic-era-laptop-backpack-156-inch-rugzak\/#breadcrumblist"},"image":{"@type":"ImageObject","url":"https:\/\/shop.hidalgo.nl\/wp-content\/uploads\/2025\/04\/7a0f110cb38845ba98cd71b7f330164fe1e0f2143e3b0d0b2ee8d2150ca695bb.jpg","@id":"https:\/\/hidalgo.nl\/de\/product\/case-logic-era-laptop-backpack-156-inch-rugzak\/#mainImage"},"primaryImageOfPage":{"@id":"https:\/\/hidalgo.nl\/de\/product\/case-logic-era-laptop-backpack-156-inch-rugzak\/#mainImage"},"datePublished":"2025-05-16T13:04:38+00:00","dateModified":"2026-02-28T10:37:33+00:00"},{"@type":"WebSite","@id":"https:\/\/hidalgo.nl\/de\/#website","url":"https:\/\/hidalgo.nl\/de\/","name":"Hidalgo","inLanguage":"de-DE","publisher":{"@id":"https:\/\/hidalgo.nl\/de\/#organization"}}]},"og:locale":"de_DE","og:site_name":"Hidalgo -","og:type":"article","og:title":"Case Logic Era Laptop Backpack 15,6 inch rugzak","og:description":"Transportiere deine Technik im schlanken Laptop-Rucksack mit gepolstertem Fach f\u00fcr 15,6 Zoll und Tablet, organisiert f\u00fcr Business und Pendeln. Die Trolley-Befestigung erleichtert den Weg zum Termin. Auf Wunsch bedruckt Hidalgo dein Logo f\u00fcr einen professionellen Auftritt.","og:url":"https:\/\/hidalgo.nl\/de\/wp-json\/wp\/v2\/product\/725","og:image":"https:\/\/shop.hidalgo.nl\/wp-content\/uploads\/2025\/11\/cropped-Hidalgo-est1993.png","og:image:secure_url":"https:\/\/shop.hidalgo.nl\/wp-content\/uploads\/2025\/11\/cropped-Hidalgo-est1993.png","article:published_time":"2025-05-16T13:04:38+00:00","article:modified_time":"2026-02-28T10:37:33+00:00","twitter:card":"summary_large_image","twitter:title":"Case Logic Era Laptop Backpack 15,6 inch rugzak","twitter:description":"Transportiere deine Technik im schlanken Laptop-Rucksack mit gepolstertem Fach f\u00fcr 15,6 Zoll und Tablet, organisiert f\u00fcr Business und Pendeln. Die Trolley-Befestigung erleichtert den Weg zum Termin. Auf Wunsch bedruckt Hidalgo dein Logo f\u00fcr einen professionellen Auftritt.","twitter:image":"https:\/\/shop.hidalgo.nl\/wp-content\/uploads\/2025\/11\/cropped-Hidalgo-est1993.png"},"aioseo_meta_data":{"post_id":"725","title":null,"description":null,"keywords":null,"keyphrases":null,"primary_term":null,"canonical_url":null,"og_title":null,"og_description":null,"og_object_type":"default","og_image_type":"default","og_image_url":null,"og_image_width":null,"og_image_height":null,"og_image_custom_url":null,"og_image_custom_fields":null,"og_video":null,"og_custom_url":null,"og_article_section":null,"og_article_tags":null,"twitter_use_og":false,"twitter_card":"default","twitter_image_type":"default","twitter_image_url":null,"twitter_image_custom_url":null,"twitter_image_custom_fields":null,"twitter_title":null,"twitter_description":null,"schema":{"blockGraphs":[],"customGraphs":[],"default":{"data":{"Article":[],"Course":[],"Dataset":[],"FAQPage":[],"Movie":[],"Person":[],"Product":[],"ProductReview":[],"Car":[],"Recipe":[],"Service":[],"SoftwareApplication":[],"WebPage":[]},"graphName":"","isEnabled":true},"graphs":[]},"schema_type":"default","schema_type_options":null,"pillar_content":false,"robots_default":true,"robots_noindex":false,"robots_noarchive":false,"robots_nosnippet":false,"robots_nofollow":false,"robots_noimageindex":false,"robots_noodp":false,"robots_notranslate":false,"robots_max_snippet":null,"robots_max_videopreview":null,"robots_max_imagepreview":"large","priority":null,"frequency":null,"local_seo":null,"seo_analyzer_scan_date":"2026-01-15 16:52:32","breadcrumb_settings":null,"limit_modified_date":false,"reviewed_by":null,"open_ai":null,"ai":null,"created":"2026-01-14 06:17:37","updated":"2026-02-28 13:07:01"},"aioseo_breadcrumb":"<div class=\"aioseo-breadcrumbs\"><span class=\"aioseo-breadcrumb\">\n\t<a href=\"https:\/\/hidalgo.nl\/de\/\" title=\"Home\">Home<\/a>\n<\/span><span class=\"aioseo-breadcrumb-separator\">\u00bb<\/span><span class=\"aioseo-breadcrumb\">\n\t<a href=\"https:\/\/hidalgo.nl\/example\/\" title=\"example\">example<\/a>\n<\/span><span class=\"aioseo-breadcrumb-separator\">\u00bb<\/span><span class=\"aioseo-breadcrumb\">\n\t<a href=\"https:\/\/hidalgo.nl\/en\/product-supplier\/a508\/\" title=\"A508\">A508<\/a>\n<\/span><span class=\"aioseo-breadcrumb-separator\">\u00bb<\/span><span class=\"aioseo-breadcrumb\">\n\tCase Logic Era Laptop Backpack 15,6 inch rugzak\n<\/span><\/div>","aioseo_breadcrumb_json":[{"label":"Home","link":"https:\/\/hidalgo.nl\/de\/"},{"label":"example","link":"https:\/\/hidalgo.nl\/example\/"},{"label":"A508","link":"https:\/\/hidalgo.nl\/en\/product-supplier\/a508\/"},{"label":"Case Logic Era Laptop Backpack 15,6 inch rugzak","link":"https:\/\/hidalgo.nl\/de\/product\/case-logic-era-laptop-backpack-156-inch-rugzak\/"}],"_links":{"self":[{"href":"https:\/\/hidalgo.nl\/de\/wp-json\/wp\/v2\/product\/725","targetHints":{"allow":["GET"]}}],"collection":[{"href":"https:\/\/hidalgo.nl\/de\/wp-json\/wp\/v2\/product"}],"about":[{"href":"https:\/\/hidalgo.nl\/de\/wp-json\/wp\/v2\/types\/product"}],"wp:featuredmedia":[{"embeddable":true,"href":"https:\/\/hidalgo.nl\/de\/wp-json\/wp\/v2\/media\/577600"}],"wp:attachment":[{"href":"https:\/\/hidalgo.nl\/de\/wp-json\/wp\/v2\/media?parent=725"}],"wp:term":[{"taxonomy":"product_brand","embeddable":true,"href":"https:\/\/hidalgo.nl\/de\/wp-json\/wp\/v2\/product_brand?post=725"},{"taxonomy":"product_cat","embeddable":true,"href":"https:\/\/hidalgo.nl\/de\/wp-json\/wp\/v2\/product_cat?post=725"},{"taxonomy":"product_tag","embeddable":true,"href":"https:\/\/hidalgo.nl\/de\/wp-json\/wp\/v2\/product_tag?post=725"}],"curies":[{"name":"wp","href":"https:\/\/api.w.org\/{rel}","templated":true}]}}