{"id":71382,"date":"2025-07-06T21:36:07","date_gmt":"2025-07-06T21:36:07","guid":{"rendered":"http:\/\/bidonsenshakers.pim.hidalgo.nl\/product\/k759-basic-damesjeans\/"},"modified":"2026-03-22T17:28:52","modified_gmt":"2026-03-22T17:28:52","slug":"k759-basic-damesjeans","status":"publish","type":"product","link":"https:\/\/hidalgo.nl\/de\/product\/71382\/damen-jeans-bedrucken-k759-stretch-arbeitskleidung-gr-32-46\/","title":{"rendered":"K759 &#8211; Basic damesjeans"},"content":{"rendered":"<p>99% denimkatoen \/ 1% elasthan. 32\u00a0kg. Moderne snit. Ritssluiting met een metalen knoop. 2 zakken aan de voorkant, \u00e9\u00e9n ticketzak en 2\u00a0achterzakken. Tailleband met lussen. Dit product kreeg een speciale behandeling om het er verouderd te laten uitzien. Dit ambachtelijke proces maakt dat er kleurverschillen zijn tussen de producten, waardoor elk stuk uniek is. Geen merklabel, maar enkel een maatlabel voor eenvoudige personalisatie.<\/p>\n","protected":false},"excerpt":{"rendered":"<p>99% denimkatoen \/ 1% elasthan. 32\u00a0kg. Moderne snit. Ritssluiting met een metalen knoop. 2 zakken aan de voorkant, \u00e9\u00e9n ticketzak en 2\u00a0achterzakken. Tailleband met lussen. Dit product kreeg een speciale behandeling om het er verouderd te laten uitzien. Dit ambachtelijke proces maakt dat er kleurverschillen zijn tussen de producten, waardoor elk stuk uniek is. Geen&hellip; <a class=\"more-link\" href=\"https:\/\/hidalgo.nl\/de\/product\/71382\/damen-jeans-bedrucken-k759-stretch-arbeitskleidung-gr-32-46\/\"><span class=\"screen-reader-text\">K759 &#8211; Basic damesjeans<\/span> weiterlesen<\/a><\/p>\n","protected":false},"featured_media":71385,"template":"","meta":{"_acf_changed":false,"om_disable_all_campaigns":false,"_monsterinsights_skip_tracking":false,"_monsterinsights_sitenote_active":false,"_monsterinsights_sitenote_note":"","_monsterinsights_sitenote_category":0},"product_brand":[927],"product_cat":[4848,4716],"product_tag":[],"class_list":{"0":"post-71382","1":"product","2":"type-product","3":"status-publish","4":"has-post-thumbnail","6":"product_supplier-a403","7":"product_brand-kariban","8":"product_cat-kleding-broeken","9":"product_cat-kleding","10":"entry","12":"first","13":"instock","14":"taxable","15":"shipping-taxable","16":"purchasable","17":"product-type-variable"},"acf":{"imprint_cost":[{"imprint_cost_key":"33483b79de35c41f6a5968127e3727b83ce2fe0b","product_quantity_price_range":[{"imprint_cost_recommended_selling_price":"0","imprint_cost_recommended_selling_quantity":"1"}],"product_quantity_price_range_buying":false,"imprint_cost_setup_costs":"","imprint_cost_handling_costs":""}]},"aioseo_notices":[],"aioseo_head":"\n\t\t<!-- All in One SEO Pro 4.9.6.2 - aioseo.com -->\n\t<meta name=\"description\" content=\"Stretch-Denim K759 in Blue Rinse f\u00fcr dein Team, als Arbeitsjeans robust &amp; bequem. Du kannst die Damenjeans bei Hidalgo bedrucken oder besticken lassen f\u00fcr klare CI. Gr\u00f6\u00dfen: 32 NL (34 FR), 34 NL (36 FR), 36 NL (38 FR), 38 NL (40 FR), 40 NL (42 FR), 42 NL (44 FR), 44 NL (46 FR), 46 NL (48 FR)\" \/>\n\t<meta name=\"robots\" content=\"max-image-preview:large\" \/>\n\t<link rel=\"canonical\" href=\"https:\/\/hidalgo.nl\/de\/wp-json\/wp\/v2\/product\/71382\" \/>\n\t<meta name=\"generator\" content=\"All in One SEO Pro (AIOSEO) 4.9.6.2\" \/>\n\t\t<meta property=\"og:locale\" content=\"de_DE\" \/>\n\t\t<meta property=\"og:site_name\" content=\"Hidalgo -\" \/>\n\t\t<meta property=\"og:type\" content=\"article\" \/>\n\t\t<meta property=\"og:title\" content=\"Damen Jeans bedrucken K759 Stretch Arbeitskleidung Gr 32-46\" \/>\n\t\t<meta property=\"og:description\" content=\"Stretch-Denim K759 in Blue Rinse f\u00fcr dein Team, als Arbeitsjeans robust &amp; bequem. Du kannst die Damenjeans bei Hidalgo bedrucken oder besticken lassen f\u00fcr klare CI. Gr\u00f6\u00dfen: 32 NL (34 FR), 34 NL (36 FR), 36 NL (38 FR), 38 NL (40 FR), 40 NL (42 FR), 42 NL (44 FR), 44 NL (46 FR), 46 NL (48 FR)\" \/>\n\t\t<meta property=\"og:url\" content=\"https:\/\/hidalgo.nl\/de\/wp-json\/wp\/v2\/product\/71382\" \/>\n\t\t<meta property=\"og:image\" content=\"https:\/\/shop.hidalgo.nl\/wp-content\/uploads\/2025\/11\/cropped-Hidalgo-est1993.png\" \/>\n\t\t<meta property=\"og:image:secure_url\" content=\"https:\/\/shop.hidalgo.nl\/wp-content\/uploads\/2025\/11\/cropped-Hidalgo-est1993.png\" \/>\n\t\t<meta property=\"article:published_time\" content=\"2025-07-06T21:36:07+00:00\" \/>\n\t\t<meta property=\"article:modified_time\" content=\"2026-03-22T17:28:52+00:00\" \/>\n\t\t<meta name=\"twitter:card\" content=\"summary_large_image\" \/>\n\t\t<meta name=\"twitter:title\" content=\"Damen Jeans bedrucken K759 Stretch Arbeitskleidung Gr 32-46\" \/>\n\t\t<meta name=\"twitter:description\" content=\"Stretch-Denim K759 in Blue Rinse f\u00fcr dein Team, als Arbeitsjeans robust &amp; bequem. Du kannst die Damenjeans bei Hidalgo bedrucken oder besticken lassen f\u00fcr klare CI. Gr\u00f6\u00dfen: 32 NL (34 FR), 34 NL (36 FR), 36 NL (38 FR), 38 NL (40 FR), 40 NL (42 FR), 42 NL (44 FR), 44 NL (46 FR), 46 NL (48 FR)\" \/>\n\t\t<meta name=\"twitter:image\" content=\"https:\/\/shop.hidalgo.nl\/wp-content\/uploads\/2025\/11\/cropped-Hidalgo-est1993.png\" \/>\n\t\t<script type=\"application\/ld+json\" class=\"aioseo-schema\">\n\t\t\t{\"@context\":\"https:\\\/\\\/schema.org\",\"@graph\":[{\"@type\":\"BreadcrumbList\",\"@id\":\"https:\\\/\\\/hidalgo.nl\\\/de\\\/product\\\/71382\\\/damen-jeans-bedrucken-k759-stretch-arbeitskleidung-gr-32-46\\\/#breadcrumblist\",\"itemListElement\":[{\"@type\":\"ListItem\",\"@id\":\"https:\\\/\\\/hidalgo.nl\\\/de\\\/#listItem\",\"position\":1,\"name\":\"Home\",\"item\":\"https:\\\/\\\/hidalgo.nl\\\/de\\\/\",\"nextItem\":{\"@type\":\"ListItem\",\"@id\":\"https:\\\/\\\/hidalgo.nl\\\/example\\\/#listItem\",\"name\":\"example\"}},{\"@type\":\"ListItem\",\"@id\":\"https:\\\/\\\/hidalgo.nl\\\/example\\\/#listItem\",\"position\":2,\"name\":\"example\",\"item\":\"https:\\\/\\\/hidalgo.nl\\\/example\\\/\",\"nextItem\":{\"@type\":\"ListItem\",\"@id\":\"https:\\\/\\\/hidalgo.nl\\\/en\\\/product-supplier\\\/a403\\\/#listItem\",\"name\":\"A403\"},\"previousItem\":{\"@type\":\"ListItem\",\"@id\":\"https:\\\/\\\/hidalgo.nl\\\/de\\\/#listItem\",\"name\":\"Home\"}},{\"@type\":\"ListItem\",\"@id\":\"https:\\\/\\\/hidalgo.nl\\\/en\\\/product-supplier\\\/a403\\\/#listItem\",\"position\":3,\"name\":\"A403\",\"item\":\"https:\\\/\\\/hidalgo.nl\\\/en\\\/product-supplier\\\/a403\\\/\",\"nextItem\":{\"@type\":\"ListItem\",\"@id\":\"https:\\\/\\\/hidalgo.nl\\\/de\\\/product\\\/71382\\\/damen-jeans-bedrucken-k759-stretch-arbeitskleidung-gr-32-46\\\/#listItem\",\"name\":\"K759 &#8211; Basic damesjeans\"},\"previousItem\":{\"@type\":\"ListItem\",\"@id\":\"https:\\\/\\\/hidalgo.nl\\\/example\\\/#listItem\",\"name\":\"example\"}},{\"@type\":\"ListItem\",\"@id\":\"https:\\\/\\\/hidalgo.nl\\\/de\\\/product\\\/71382\\\/damen-jeans-bedrucken-k759-stretch-arbeitskleidung-gr-32-46\\\/#listItem\",\"position\":4,\"name\":\"K759 &#8211; Basic damesjeans\",\"previousItem\":{\"@type\":\"ListItem\",\"@id\":\"https:\\\/\\\/hidalgo.nl\\\/en\\\/product-supplier\\\/a403\\\/#listItem\",\"name\":\"A403\"}}]},{\"@type\":\"ItemPage\",\"@id\":\"https:\\\/\\\/hidalgo.nl\\\/de\\\/product\\\/71382\\\/damen-jeans-bedrucken-k759-stretch-arbeitskleidung-gr-32-46\\\/#itempage\",\"url\":\"https:\\\/\\\/hidalgo.nl\\\/de\\\/product\\\/71382\\\/damen-jeans-bedrucken-k759-stretch-arbeitskleidung-gr-32-46\\\/\",\"name\":\"Damen Jeans bedrucken K759 Stretch Arbeitskleidung Gr 32-46\",\"description\":\"Stretch-Denim K759 in Blue Rinse f\\u00fcr dein Team, als Arbeitsjeans robust & bequem. Du kannst die Damenjeans bei Hidalgo bedrucken oder besticken lassen f\\u00fcr klare CI. Gr\\u00f6\\u00dfen: 32 NL (34 FR), 34 NL (36 FR), 36 NL (38 FR), 38 NL (40 FR), 40 NL (42 FR), 42 NL (44 FR), 44 NL (46 FR), 46 NL (48 FR)\",\"inLanguage\":\"de-DE\",\"isPartOf\":{\"@id\":\"https:\\\/\\\/hidalgo.nl\\\/de\\\/#website\"},\"breadcrumb\":{\"@id\":\"https:\\\/\\\/hidalgo.nl\\\/de\\\/product\\\/71382\\\/damen-jeans-bedrucken-k759-stretch-arbeitskleidung-gr-32-46\\\/#breadcrumblist\"},\"image\":{\"@type\":\"ImageObject\",\"url\":\"https:\\\/\\\/shop.hidalgo.nl\\\/wp-content\\\/uploads\\\/2025\\\/07\\\/51a7a6a838a7f46aa2088d57f730473ff2e13f2dc9d6fa7645dd20e770be8f8e.png\",\"@id\":\"https:\\\/\\\/hidalgo.nl\\\/de\\\/product\\\/71382\\\/damen-jeans-bedrucken-k759-stretch-arbeitskleidung-gr-32-46\\\/#mainImage\",\"width\":800,\"height\":1000},\"primaryImageOfPage\":{\"@id\":\"https:\\\/\\\/hidalgo.nl\\\/de\\\/product\\\/71382\\\/damen-jeans-bedrucken-k759-stretch-arbeitskleidung-gr-32-46\\\/#mainImage\"},\"datePublished\":\"2025-07-06T21:36:07+00:00\",\"dateModified\":\"2026-03-22T17:28:52+00:00\"},{\"@type\":\"Organization\",\"@id\":\"https:\\\/\\\/hidalgo.nl\\\/de\\\/#organization\",\"name\":\"Hidalgo\",\"url\":\"https:\\\/\\\/hidalgo.nl\\\/de\\\/\",\"logo\":{\"@type\":\"ImageObject\",\"url\":\"https:\\\/\\\/shop.hidalgo.nl\\\/wp-content\\\/uploads\\\/2025\\\/11\\\/cropped-Hidalgo-est1993.png\",\"@id\":\"https:\\\/\\\/hidalgo.nl\\\/de\\\/product\\\/71382\\\/damen-jeans-bedrucken-k759-stretch-arbeitskleidung-gr-32-46\\\/#organizationLogo\",\"width\":585,\"height\":195},\"image\":{\"@id\":\"https:\\\/\\\/hidalgo.nl\\\/de\\\/product\\\/71382\\\/damen-jeans-bedrucken-k759-stretch-arbeitskleidung-gr-32-46\\\/#organizationLogo\"}},{\"@type\":\"WebPage\",\"@id\":\"https:\\\/\\\/hidalgo.nl\\\/de\\\/product\\\/71382\\\/damen-jeans-bedrucken-k759-stretch-arbeitskleidung-gr-32-46\\\/#webpage\",\"url\":\"https:\\\/\\\/hidalgo.nl\\\/de\\\/product\\\/71382\\\/damen-jeans-bedrucken-k759-stretch-arbeitskleidung-gr-32-46\\\/\",\"name\":\"Damen Jeans bedrucken K759 Stretch Arbeitskleidung Gr 32-46\",\"description\":\"Stretch-Denim K759 in Blue Rinse f\\u00fcr dein Team, als Arbeitsjeans robust & bequem. Du kannst die Damenjeans bei Hidalgo bedrucken oder besticken lassen f\\u00fcr klare CI. Gr\\u00f6\\u00dfen: 32 NL (34 FR), 34 NL (36 FR), 36 NL (38 FR), 38 NL (40 FR), 40 NL (42 FR), 42 NL (44 FR), 44 NL (46 FR), 46 NL (48 FR)\",\"inLanguage\":\"de-DE\",\"isPartOf\":{\"@id\":\"https:\\\/\\\/hidalgo.nl\\\/de\\\/#website\"},\"breadcrumb\":{\"@id\":\"https:\\\/\\\/hidalgo.nl\\\/de\\\/product\\\/71382\\\/damen-jeans-bedrucken-k759-stretch-arbeitskleidung-gr-32-46\\\/#breadcrumblist\"},\"image\":{\"@type\":\"ImageObject\",\"url\":\"https:\\\/\\\/shop.hidalgo.nl\\\/wp-content\\\/uploads\\\/2025\\\/07\\\/51a7a6a838a7f46aa2088d57f730473ff2e13f2dc9d6fa7645dd20e770be8f8e.png\",\"@id\":\"https:\\\/\\\/hidalgo.nl\\\/de\\\/product\\\/71382\\\/damen-jeans-bedrucken-k759-stretch-arbeitskleidung-gr-32-46\\\/#mainImage\",\"width\":800,\"height\":1000},\"primaryImageOfPage\":{\"@id\":\"https:\\\/\\\/hidalgo.nl\\\/de\\\/product\\\/71382\\\/damen-jeans-bedrucken-k759-stretch-arbeitskleidung-gr-32-46\\\/#mainImage\"},\"datePublished\":\"2025-07-06T21:36:07+00:00\",\"dateModified\":\"2026-03-22T17:28:52+00:00\"},{\"@type\":\"WebSite\",\"@id\":\"https:\\\/\\\/hidalgo.nl\\\/de\\\/#website\",\"url\":\"https:\\\/\\\/hidalgo.nl\\\/de\\\/\",\"name\":\"Hidalgo\",\"inLanguage\":\"de-DE\",\"publisher\":{\"@id\":\"https:\\\/\\\/hidalgo.nl\\\/de\\\/#organization\"}}]}\n\t\t<\/script>\n\t\t<!-- All in One SEO Pro -->\r\n\t\t<title>Damen Jeans bedrucken K759 Stretch Arbeitskleidung Gr 32-46<\/title>\n\n","aioseo_head_json":{"title":"Damen Jeans bedrucken K759 Stretch Arbeitskleidung Gr 32-46","description":"Stretch-Denim K759 in Blue Rinse f\u00fcr dein Team, als Arbeitsjeans robust & bequem. Du kannst die Damenjeans bei Hidalgo bedrucken oder besticken lassen f\u00fcr klare CI. Gr\u00f6\u00dfen: 32 NL (34 FR), 34 NL (36 FR), 36 NL (38 FR), 38 NL (40 FR), 40 NL (42 FR), 42 NL (44 FR), 44 NL (46 FR), 46 NL (48 FR)","canonical_url":"https:\/\/hidalgo.nl\/de\/wp-json\/wp\/v2\/product\/71382","robots":"max-image-preview:large","keywords":"","webmasterTools":{"miscellaneous":""},"schema":{"@context":"https:\/\/schema.org","@graph":[{"@type":"BreadcrumbList","@id":"https:\/\/hidalgo.nl\/de\/product\/71382\/damen-jeans-bedrucken-k759-stretch-arbeitskleidung-gr-32-46\/#breadcrumblist","itemListElement":[{"@type":"ListItem","@id":"https:\/\/hidalgo.nl\/de\/#listItem","position":1,"name":"Home","item":"https:\/\/hidalgo.nl\/de\/","nextItem":{"@type":"ListItem","@id":"https:\/\/hidalgo.nl\/example\/#listItem","name":"example"}},{"@type":"ListItem","@id":"https:\/\/hidalgo.nl\/example\/#listItem","position":2,"name":"example","item":"https:\/\/hidalgo.nl\/example\/","nextItem":{"@type":"ListItem","@id":"https:\/\/hidalgo.nl\/en\/product-supplier\/a403\/#listItem","name":"A403"},"previousItem":{"@type":"ListItem","@id":"https:\/\/hidalgo.nl\/de\/#listItem","name":"Home"}},{"@type":"ListItem","@id":"https:\/\/hidalgo.nl\/en\/product-supplier\/a403\/#listItem","position":3,"name":"A403","item":"https:\/\/hidalgo.nl\/en\/product-supplier\/a403\/","nextItem":{"@type":"ListItem","@id":"https:\/\/hidalgo.nl\/de\/product\/71382\/damen-jeans-bedrucken-k759-stretch-arbeitskleidung-gr-32-46\/#listItem","name":"K759 &#8211; Basic damesjeans"},"previousItem":{"@type":"ListItem","@id":"https:\/\/hidalgo.nl\/example\/#listItem","name":"example"}},{"@type":"ListItem","@id":"https:\/\/hidalgo.nl\/de\/product\/71382\/damen-jeans-bedrucken-k759-stretch-arbeitskleidung-gr-32-46\/#listItem","position":4,"name":"K759 &#8211; Basic damesjeans","previousItem":{"@type":"ListItem","@id":"https:\/\/hidalgo.nl\/en\/product-supplier\/a403\/#listItem","name":"A403"}}]},{"@type":"ItemPage","@id":"https:\/\/hidalgo.nl\/de\/product\/71382\/damen-jeans-bedrucken-k759-stretch-arbeitskleidung-gr-32-46\/#itempage","url":"https:\/\/hidalgo.nl\/de\/product\/71382\/damen-jeans-bedrucken-k759-stretch-arbeitskleidung-gr-32-46\/","name":"Damen Jeans bedrucken K759 Stretch Arbeitskleidung Gr 32-46","description":"Stretch-Denim K759 in Blue Rinse f\u00fcr dein Team, als Arbeitsjeans robust & bequem. Du kannst die Damenjeans bei Hidalgo bedrucken oder besticken lassen f\u00fcr klare CI. Gr\u00f6\u00dfen: 32 NL (34 FR), 34 NL (36 FR), 36 NL (38 FR), 38 NL (40 FR), 40 NL (42 FR), 42 NL (44 FR), 44 NL (46 FR), 46 NL (48 FR)","inLanguage":"de-DE","isPartOf":{"@id":"https:\/\/hidalgo.nl\/de\/#website"},"breadcrumb":{"@id":"https:\/\/hidalgo.nl\/de\/product\/71382\/damen-jeans-bedrucken-k759-stretch-arbeitskleidung-gr-32-46\/#breadcrumblist"},"image":{"@type":"ImageObject","url":"https:\/\/shop.hidalgo.nl\/wp-content\/uploads\/2025\/07\/51a7a6a838a7f46aa2088d57f730473ff2e13f2dc9d6fa7645dd20e770be8f8e.png","@id":"https:\/\/hidalgo.nl\/de\/product\/71382\/damen-jeans-bedrucken-k759-stretch-arbeitskleidung-gr-32-46\/#mainImage","width":800,"height":1000},"primaryImageOfPage":{"@id":"https:\/\/hidalgo.nl\/de\/product\/71382\/damen-jeans-bedrucken-k759-stretch-arbeitskleidung-gr-32-46\/#mainImage"},"datePublished":"2025-07-06T21:36:07+00:00","dateModified":"2026-03-22T17:28:52+00:00"},{"@type":"Organization","@id":"https:\/\/hidalgo.nl\/de\/#organization","name":"Hidalgo","url":"https:\/\/hidalgo.nl\/de\/","logo":{"@type":"ImageObject","url":"https:\/\/shop.hidalgo.nl\/wp-content\/uploads\/2025\/11\/cropped-Hidalgo-est1993.png","@id":"https:\/\/hidalgo.nl\/de\/product\/71382\/damen-jeans-bedrucken-k759-stretch-arbeitskleidung-gr-32-46\/#organizationLogo","width":585,"height":195},"image":{"@id":"https:\/\/hidalgo.nl\/de\/product\/71382\/damen-jeans-bedrucken-k759-stretch-arbeitskleidung-gr-32-46\/#organizationLogo"}},{"@type":"WebPage","@id":"https:\/\/hidalgo.nl\/de\/product\/71382\/damen-jeans-bedrucken-k759-stretch-arbeitskleidung-gr-32-46\/#webpage","url":"https:\/\/hidalgo.nl\/de\/product\/71382\/damen-jeans-bedrucken-k759-stretch-arbeitskleidung-gr-32-46\/","name":"Damen Jeans bedrucken K759 Stretch Arbeitskleidung Gr 32-46","description":"Stretch-Denim K759 in Blue Rinse f\u00fcr dein Team, als Arbeitsjeans robust & bequem. Du kannst die Damenjeans bei Hidalgo bedrucken oder besticken lassen f\u00fcr klare CI. Gr\u00f6\u00dfen: 32 NL (34 FR), 34 NL (36 FR), 36 NL (38 FR), 38 NL (40 FR), 40 NL (42 FR), 42 NL (44 FR), 44 NL (46 FR), 46 NL (48 FR)","inLanguage":"de-DE","isPartOf":{"@id":"https:\/\/hidalgo.nl\/de\/#website"},"breadcrumb":{"@id":"https:\/\/hidalgo.nl\/de\/product\/71382\/damen-jeans-bedrucken-k759-stretch-arbeitskleidung-gr-32-46\/#breadcrumblist"},"image":{"@type":"ImageObject","url":"https:\/\/shop.hidalgo.nl\/wp-content\/uploads\/2025\/07\/51a7a6a838a7f46aa2088d57f730473ff2e13f2dc9d6fa7645dd20e770be8f8e.png","@id":"https:\/\/hidalgo.nl\/de\/product\/71382\/damen-jeans-bedrucken-k759-stretch-arbeitskleidung-gr-32-46\/#mainImage","width":800,"height":1000},"primaryImageOfPage":{"@id":"https:\/\/hidalgo.nl\/de\/product\/71382\/damen-jeans-bedrucken-k759-stretch-arbeitskleidung-gr-32-46\/#mainImage"},"datePublished":"2025-07-06T21:36:07+00:00","dateModified":"2026-03-22T17:28:52+00:00"},{"@type":"WebSite","@id":"https:\/\/hidalgo.nl\/de\/#website","url":"https:\/\/hidalgo.nl\/de\/","name":"Hidalgo","inLanguage":"de-DE","publisher":{"@id":"https:\/\/hidalgo.nl\/de\/#organization"}}]},"og:locale":"de_DE","og:site_name":"Hidalgo -","og:type":"article","og:title":"Damen Jeans bedrucken K759 Stretch Arbeitskleidung Gr 32-46","og:description":"Stretch-Denim K759 in Blue Rinse f\u00fcr dein Team, als Arbeitsjeans robust &amp; bequem. Du kannst die Damenjeans bei Hidalgo bedrucken oder besticken lassen f\u00fcr klare CI. Gr\u00f6\u00dfen: 32 NL (34 FR), 34 NL (36 FR), 36 NL (38 FR), 38 NL (40 FR), 40 NL (42 FR), 42 NL (44 FR), 44 NL (46 FR), 46 NL (48 FR)","og:url":"https:\/\/hidalgo.nl\/de\/wp-json\/wp\/v2\/product\/71382","og:image":"https:\/\/shop.hidalgo.nl\/wp-content\/uploads\/2025\/11\/cropped-Hidalgo-est1993.png","og:image:secure_url":"https:\/\/shop.hidalgo.nl\/wp-content\/uploads\/2025\/11\/cropped-Hidalgo-est1993.png","article:published_time":"2025-07-06T21:36:07+00:00","article:modified_time":"2026-03-22T17:28:52+00:00","twitter:card":"summary_large_image","twitter:title":"Damen Jeans bedrucken K759 Stretch Arbeitskleidung Gr 32-46","twitter:description":"Stretch-Denim K759 in Blue Rinse f\u00fcr dein Team, als Arbeitsjeans robust &amp; bequem. Du kannst die Damenjeans bei Hidalgo bedrucken oder besticken lassen f\u00fcr klare CI. Gr\u00f6\u00dfen: 32 NL (34 FR), 34 NL (36 FR), 36 NL (38 FR), 38 NL (40 FR), 40 NL (42 FR), 42 NL (44 FR), 44 NL (46 FR), 46 NL (48 FR)","twitter:image":"https:\/\/shop.hidalgo.nl\/wp-content\/uploads\/2025\/11\/cropped-Hidalgo-est1993.png"},"aioseo_meta_data":{"post_id":"71382","title":null,"description":null,"keywords":null,"keyphrases":null,"primary_term":null,"canonical_url":null,"og_title":null,"og_description":null,"og_object_type":"default","og_image_type":"default","og_image_url":null,"og_image_width":null,"og_image_height":null,"og_image_custom_url":null,"og_image_custom_fields":null,"og_video":null,"og_custom_url":null,"og_article_section":null,"og_article_tags":null,"twitter_use_og":false,"twitter_card":"default","twitter_image_type":"default","twitter_image_url":null,"twitter_image_custom_url":null,"twitter_image_custom_fields":null,"twitter_title":null,"twitter_description":null,"schema":{"blockGraphs":[],"customGraphs":[],"default":{"data":{"Article":[],"Course":[],"Dataset":[],"FAQPage":[],"Movie":[],"Person":[],"Product":[],"ProductReview":[],"Car":[],"Recipe":[],"Service":[],"SoftwareApplication":[],"WebPage":[]},"graphName":"","isEnabled":true},"graphs":[]},"schema_type":"default","schema_type_options":null,"pillar_content":false,"robots_default":true,"robots_noindex":false,"robots_noarchive":false,"robots_nosnippet":false,"robots_nofollow":false,"robots_noimageindex":false,"robots_noodp":false,"robots_notranslate":false,"robots_max_snippet":null,"robots_max_videopreview":null,"robots_max_imagepreview":"large","priority":null,"frequency":null,"local_seo":null,"seo_analyzer_scan_date":"2026-01-20 15:12:09","breadcrumb_settings":null,"limit_modified_date":false,"reviewed_by":null,"open_ai":null,"ai":null,"created":"2026-01-14 06:25:29","updated":"2026-03-22 18:29:46"},"aioseo_breadcrumb":"<div class=\"aioseo-breadcrumbs\"><span class=\"aioseo-breadcrumb\">\n\t<a href=\"https:\/\/hidalgo.nl\/de\/\" title=\"Home\">Home<\/a>\n<\/span><span class=\"aioseo-breadcrumb-separator\">\u00bb<\/span><span class=\"aioseo-breadcrumb\">\n\t<a href=\"https:\/\/hidalgo.nl\/example\/\" title=\"example\">example<\/a>\n<\/span><span class=\"aioseo-breadcrumb-separator\">\u00bb<\/span><span class=\"aioseo-breadcrumb\">\n\t<a href=\"https:\/\/hidalgo.nl\/en\/product-supplier\/a403\/\" title=\"A403\">A403<\/a>\n<\/span><span class=\"aioseo-breadcrumb-separator\">\u00bb<\/span><span class=\"aioseo-breadcrumb\">\n\tK759 \u2013 Basic damesjeans\n<\/span><\/div>","aioseo_breadcrumb_json":[{"label":"Home","link":"https:\/\/hidalgo.nl\/de\/"},{"label":"example","link":"https:\/\/hidalgo.nl\/example\/"},{"label":"A403","link":"https:\/\/hidalgo.nl\/en\/product-supplier\/a403\/"},{"label":"K759 &#8211; Basic damesjeans","link":"https:\/\/hidalgo.nl\/de\/product\/71382\/damen-jeans-bedrucken-k759-stretch-arbeitskleidung-gr-32-46\/"}],"_links":{"self":[{"href":"https:\/\/hidalgo.nl\/de\/wp-json\/wp\/v2\/product\/71382","targetHints":{"allow":["GET"]}}],"collection":[{"href":"https:\/\/hidalgo.nl\/de\/wp-json\/wp\/v2\/product"}],"about":[{"href":"https:\/\/hidalgo.nl\/de\/wp-json\/wp\/v2\/types\/product"}],"wp:featuredmedia":[{"embeddable":true,"href":"https:\/\/hidalgo.nl\/de\/wp-json\/wp\/v2\/media\/71385"}],"wp:attachment":[{"href":"https:\/\/hidalgo.nl\/de\/wp-json\/wp\/v2\/media?parent=71382"}],"wp:term":[{"taxonomy":"product_brand","embeddable":true,"href":"https:\/\/hidalgo.nl\/de\/wp-json\/wp\/v2\/product_brand?post=71382"},{"taxonomy":"product_cat","embeddable":true,"href":"https:\/\/hidalgo.nl\/de\/wp-json\/wp\/v2\/product_cat?post=71382"},{"taxonomy":"product_tag","embeddable":true,"href":"https:\/\/hidalgo.nl\/de\/wp-json\/wp\/v2\/product_tag?post=71382"}],"curies":[{"name":"wp","href":"https:\/\/api.w.org\/{rel}","templated":true}]}}