{"id":7084,"date":"2025-07-03T09:34:04","date_gmt":"2025-07-03T09:34:04","guid":{"rendered":"http:\/\/bidonsenshakers.pim.hidalgo.nl\/product\/bamboe-draadloze-speaker-fox\/"},"modified":"2026-03-16T13:00:22","modified_gmt":"2026-03-16T13:00:22","slug":"bamboe-draadloze-speaker-fox","status":"publish","type":"product","link":"https:\/\/hidalgo.nl\/de\/product\/7084\/bambus-bluetooth-lautsprecher-fox-bedrucken-solar-500mah\/","title":{"rendered":"Bamboe draadloze speaker Fox"},"content":{"rendered":"<p>Bamboe draadloze speaker met optie voor opladen via zonne-energie. Inclusief 3W USB-C oplaadkabel. Batterijduur tot 4 uur (500mAh).<\/p>\n","protected":false},"excerpt":{"rendered":"<p>Bamboe draadloze speaker met optie voor opladen via zonne-energie. Inclusief 3W USB-C oplaadkabel. Batterijduur tot 4 uur (500mAh).<\/p>\n","protected":false},"featured_media":7085,"template":"","meta":{"_acf_changed":false,"om_disable_all_campaigns":false,"_monsterinsights_skip_tracking":false,"_monsterinsights_sitenote_active":false,"_monsterinsights_sitenote_note":"","_monsterinsights_sitenote_category":0},"product_brand":[49],"product_cat":[4720,4719,2846],"product_tag":[],"class_list":{"0":"post-7084","1":"product","2":"type-product","3":"status-publish","4":"has-post-thumbnail","6":"product_supplier-a58","7":"product_material-bamboe","8":"product_material-pc","9":"product_material-pcb","10":"product_material-rubber","11":"product_material-staal","12":"product_brand-impression","13":"product_cat-promotionele-artikelen-elektronica-en-gadgets","14":"product_cat-promotionele-artikelen","15":"product_cat-promotionele-artikelen-elektronica-en-gadgets-speakers","16":"entry","18":"first","19":"instock","20":"taxable","21":"shipping-taxable","22":"purchasable","23":"product-type-variable"},"acf":{"imprint_cost":[{"imprint_cost_key":"8ffb60da0f0e88c0eeea82e59892dbf140dabe24","product_quantity_price_range":[{"imprint_cost_recommended_selling_price":"2.66","imprint_cost_recommended_selling_quantity":"1"},{"imprint_cost_recommended_selling_price":"1.63","imprint_cost_recommended_selling_quantity":"25"},{"imprint_cost_recommended_selling_price":"1.22","imprint_cost_recommended_selling_quantity":"50"},{"imprint_cost_recommended_selling_price":"0.88","imprint_cost_recommended_selling_quantity":"100"},{"imprint_cost_recommended_selling_price":"0.52","imprint_cost_recommended_selling_quantity":"250"},{"imprint_cost_recommended_selling_price":"0.43","imprint_cost_recommended_selling_quantity":"500"},{"imprint_cost_recommended_selling_price":"0.37","imprint_cost_recommended_selling_quantity":"1000"},{"imprint_cost_recommended_selling_price":"0.29","imprint_cost_recommended_selling_quantity":"2500"}],"product_quantity_price_range_buying":false,"imprint_cost_setup_costs":"30.77","imprint_cost_handling_costs":"0.08"},{"imprint_cost_key":"d7d4df5d18d6603b4c3378e2787b894f12904296","product_quantity_price_range":[{"imprint_cost_recommended_selling_price":"5.43","imprint_cost_recommended_selling_quantity":"1"},{"imprint_cost_recommended_selling_price":"2.83","imprint_cost_recommended_selling_quantity":"25"},{"imprint_cost_recommended_selling_price":"1.29","imprint_cost_recommended_selling_quantity":"50"},{"imprint_cost_recommended_selling_price":"0.49","imprint_cost_recommended_selling_quantity":"100"},{"imprint_cost_recommended_selling_price":"0.35","imprint_cost_recommended_selling_quantity":"250"},{"imprint_cost_recommended_selling_price":"0.28","imprint_cost_recommended_selling_quantity":"500"},{"imprint_cost_recommended_selling_price":"0.2","imprint_cost_recommended_selling_quantity":"1000"},{"imprint_cost_recommended_selling_price":"0.18","imprint_cost_recommended_selling_quantity":"5000"}],"product_quantity_price_range_buying":false,"imprint_cost_setup_costs":"52.31","imprint_cost_handling_costs":"0.08"},{"imprint_cost_key":"3087418f5de1071e1406ed6bc7fef1e7852538fc","product_quantity_price_range":[{"imprint_cost_recommended_selling_price":"10.26","imprint_cost_recommended_selling_quantity":"1"},{"imprint_cost_recommended_selling_price":"5.35","imprint_cost_recommended_selling_quantity":"25"},{"imprint_cost_recommended_selling_price":"2.4","imprint_cost_recommended_selling_quantity":"50"},{"imprint_cost_recommended_selling_price":"0.84","imprint_cost_recommended_selling_quantity":"100"},{"imprint_cost_recommended_selling_price":"0.63","imprint_cost_recommended_selling_quantity":"250"},{"imprint_cost_recommended_selling_price":"0.53","imprint_cost_recommended_selling_quantity":"500"},{"imprint_cost_recommended_selling_price":"0.38","imprint_cost_recommended_selling_quantity":"1000"},{"imprint_cost_recommended_selling_price":"0.35","imprint_cost_recommended_selling_quantity":"5000"},{"imprint_cost_recommended_selling_price":"0.32","imprint_cost_recommended_selling_quantity":"10000"}],"product_quantity_price_range_buying":false,"imprint_cost_setup_costs":"104.62","imprint_cost_handling_costs":"0.08"},{"imprint_cost_key":"5f3df06ae412f314d54fdd0a89b8b048589d28f0","product_quantity_price_range":[{"imprint_cost_recommended_selling_price":"0.97","imprint_cost_recommended_selling_quantity":"1"},{"imprint_cost_recommended_selling_price":"0.82","imprint_cost_recommended_selling_quantity":"25"},{"imprint_cost_recommended_selling_price":"0.75","imprint_cost_recommended_selling_quantity":"50"},{"imprint_cost_recommended_selling_price":"0.68","imprint_cost_recommended_selling_quantity":"100"},{"imprint_cost_recommended_selling_price":"0.62","imprint_cost_recommended_selling_quantity":"250"},{"imprint_cost_recommended_selling_price":"0.55","imprint_cost_recommended_selling_quantity":"500"},{"imprint_cost_recommended_selling_price":"0.51","imprint_cost_recommended_selling_quantity":"1000"},{"imprint_cost_recommended_selling_price":"0.48","imprint_cost_recommended_selling_quantity":"2500"},{"imprint_cost_recommended_selling_price":"0.43","imprint_cost_recommended_selling_quantity":"5000"}],"product_quantity_price_range_buying":false,"imprint_cost_setup_costs":"60.77","imprint_cost_handling_costs":"0.2"}]},"aioseo_notices":[],"aioseo_head":"\n\t\t<!-- All in One SEO Pro 4.9.6.2 - aioseo.com -->\n\t<meta name=\"description\" content=\"Mit dem Modell Fox erh\u00e4ltst du einen nachhaltigen Bluetooth Lautsprecher mit integrierter Solarfunktion f\u00fcr unterwegs. Wir lassen diesen Wireless Speaker mit deinem Logo bedrucken, damit deine Marke auf dem nat\u00fcrlichen Bambusgeh\u00e4use bei Kunden &amp; Partnern einen bleibenden Eindruck hinterl\u00e4sst.\" \/>\n\t<meta name=\"robots\" content=\"max-image-preview:large\" \/>\n\t<link rel=\"canonical\" href=\"https:\/\/hidalgo.nl\/de\/wp-json\/wp\/v2\/product\/7084\" \/>\n\t<meta name=\"generator\" content=\"All in One SEO Pro (AIOSEO) 4.9.6.2\" \/>\n\t\t<meta property=\"og:locale\" content=\"de_DE\" \/>\n\t\t<meta property=\"og:site_name\" content=\"Hidalgo -\" \/>\n\t\t<meta property=\"og:type\" content=\"article\" \/>\n\t\t<meta property=\"og:title\" content=\"Bambus Bluetooth Lautsprecher Fox bedrucken Solar 500mAh\" \/>\n\t\t<meta property=\"og:description\" content=\"Mit dem Modell Fox erh\u00e4ltst du einen nachhaltigen Bluetooth Lautsprecher mit integrierter Solarfunktion f\u00fcr unterwegs. Wir lassen diesen Wireless Speaker mit deinem Logo bedrucken, damit deine Marke auf dem nat\u00fcrlichen Bambusgeh\u00e4use bei Kunden &amp; Partnern einen bleibenden Eindruck hinterl\u00e4sst.\" \/>\n\t\t<meta property=\"og:url\" content=\"https:\/\/hidalgo.nl\/de\/wp-json\/wp\/v2\/product\/7084\" \/>\n\t\t<meta property=\"og:image\" content=\"https:\/\/shop.hidalgo.nl\/wp-content\/uploads\/2025\/11\/cropped-Hidalgo-est1993.png\" \/>\n\t\t<meta property=\"og:image:secure_url\" content=\"https:\/\/shop.hidalgo.nl\/wp-content\/uploads\/2025\/11\/cropped-Hidalgo-est1993.png\" \/>\n\t\t<meta property=\"article:published_time\" content=\"2025-07-03T09:34:04+00:00\" \/>\n\t\t<meta property=\"article:modified_time\" content=\"2026-03-16T13:00:22+00:00\" \/>\n\t\t<meta name=\"twitter:card\" content=\"summary_large_image\" \/>\n\t\t<meta name=\"twitter:title\" content=\"Bambus Bluetooth Lautsprecher Fox bedrucken Solar 500mAh\" \/>\n\t\t<meta name=\"twitter:description\" content=\"Mit dem Modell Fox erh\u00e4ltst du einen nachhaltigen Bluetooth Lautsprecher mit integrierter Solarfunktion f\u00fcr unterwegs. Wir lassen diesen Wireless Speaker mit deinem Logo bedrucken, damit deine Marke auf dem nat\u00fcrlichen Bambusgeh\u00e4use bei Kunden &amp; Partnern einen bleibenden Eindruck hinterl\u00e4sst.\" \/>\n\t\t<meta name=\"twitter:image\" content=\"https:\/\/shop.hidalgo.nl\/wp-content\/uploads\/2025\/11\/cropped-Hidalgo-est1993.png\" \/>\n\t\t<script type=\"application\/ld+json\" class=\"aioseo-schema\">\n\t\t\t{\"@context\":\"https:\\\/\\\/schema.org\",\"@graph\":[{\"@type\":\"BreadcrumbList\",\"@id\":\"https:\\\/\\\/hidalgo.nl\\\/de\\\/product\\\/7084\\\/bambus-bluetooth-lautsprecher-fox-bedrucken-solar-500mah\\\/#breadcrumblist\",\"itemListElement\":[{\"@type\":\"ListItem\",\"@id\":\"https:\\\/\\\/hidalgo.nl\\\/de\\\/#listItem\",\"position\":1,\"name\":\"Home\",\"item\":\"https:\\\/\\\/hidalgo.nl\\\/de\\\/\",\"nextItem\":{\"@type\":\"ListItem\",\"@id\":\"https:\\\/\\\/hidalgo.nl\\\/example\\\/#listItem\",\"name\":\"example\"}},{\"@type\":\"ListItem\",\"@id\":\"https:\\\/\\\/hidalgo.nl\\\/example\\\/#listItem\",\"position\":2,\"name\":\"example\",\"item\":\"https:\\\/\\\/hidalgo.nl\\\/example\\\/\",\"nextItem\":{\"@type\":\"ListItem\",\"@id\":\"https:\\\/\\\/hidalgo.nl\\\/en\\\/product-supplier\\\/a58\\\/#listItem\",\"name\":\"A58\"},\"previousItem\":{\"@type\":\"ListItem\",\"@id\":\"https:\\\/\\\/hidalgo.nl\\\/de\\\/#listItem\",\"name\":\"Home\"}},{\"@type\":\"ListItem\",\"@id\":\"https:\\\/\\\/hidalgo.nl\\\/en\\\/product-supplier\\\/a58\\\/#listItem\",\"position\":3,\"name\":\"A58\",\"item\":\"https:\\\/\\\/hidalgo.nl\\\/en\\\/product-supplier\\\/a58\\\/\",\"nextItem\":{\"@type\":\"ListItem\",\"@id\":\"https:\\\/\\\/hidalgo.nl\\\/de\\\/product\\\/7084\\\/bambus-bluetooth-lautsprecher-fox-bedrucken-solar-500mah\\\/#listItem\",\"name\":\"Bamboe draadloze speaker Fox\"},\"previousItem\":{\"@type\":\"ListItem\",\"@id\":\"https:\\\/\\\/hidalgo.nl\\\/example\\\/#listItem\",\"name\":\"example\"}},{\"@type\":\"ListItem\",\"@id\":\"https:\\\/\\\/hidalgo.nl\\\/de\\\/product\\\/7084\\\/bambus-bluetooth-lautsprecher-fox-bedrucken-solar-500mah\\\/#listItem\",\"position\":4,\"name\":\"Bamboe draadloze speaker Fox\",\"previousItem\":{\"@type\":\"ListItem\",\"@id\":\"https:\\\/\\\/hidalgo.nl\\\/en\\\/product-supplier\\\/a58\\\/#listItem\",\"name\":\"A58\"}}]},{\"@type\":\"Organization\",\"@id\":\"https:\\\/\\\/hidalgo.nl\\\/de\\\/#organization\",\"name\":\"Hidalgo\",\"url\":\"https:\\\/\\\/hidalgo.nl\\\/de\\\/\",\"logo\":{\"@type\":\"ImageObject\",\"url\":\"https:\\\/\\\/shop.hidalgo.nl\\\/wp-content\\\/uploads\\\/2025\\\/11\\\/cropped-Hidalgo-est1993.png\",\"@id\":\"https:\\\/\\\/hidalgo.nl\\\/de\\\/product\\\/7084\\\/bambus-bluetooth-lautsprecher-fox-bedrucken-solar-500mah\\\/#organizationLogo\",\"width\":585,\"height\":195},\"image\":{\"@id\":\"https:\\\/\\\/hidalgo.nl\\\/de\\\/product\\\/7084\\\/bambus-bluetooth-lautsprecher-fox-bedrucken-solar-500mah\\\/#organizationLogo\"}},{\"@type\":\"ProductGroup\",\"@id\":\"https:\\\/\\\/hidalgo.nl\\\/de\\\/product\\\/7084\\\/bambus-bluetooth-lautsprecher-fox-bedrucken-solar-500mah\\\/#wooCommerceProduct\",\"name\":\"Bambus Bluetooth Lautsprecher Fox bedrucken Solar 500mAh\",\"url\":\"https:\\\/\\\/hidalgo.nl\\\/de\\\/product\\\/7084\\\/bambus-bluetooth-lautsprecher-fox-bedrucken-solar-500mah\\\/\",\"brand\":{\"@type\":\"Brand\",\"name\":\"IMPRESSION\"},\"sku\":\"A58-1014852\",\"image\":{\"@type\":\"ImageObject\",\"url\":\"https:\\\/\\\/shop.hidalgo.nl\\\/wp-content\\\/uploads\\\/2025\\\/05\\\/e29ec49633ef33da57011de4b40e998492f614ecb23ff209902f1294fdfb5992.jpg\",\"@id\":\"https:\\\/\\\/hidalgo.nl\\\/de\\\/product\\\/7084\\\/bambus-bluetooth-lautsprecher-fox-bedrucken-solar-500mah\\\/#productImage\",\"width\":1000,\"height\":851},\"productGroupID\":7084,\"hasVariant\":[{\"@type\":\"Product\",\"@id\":\"https:\\\/\\\/hidalgo.nl\\\/de\\\/product\\\/7084\\\/bambus-bluetooth-lautsprecher-fox-bedrucken-solar-500mah\\\/#wooCommerceProduct\",\"name\":\"Bamboe draadloze speaker Fox - bruin,\",\"url\":\"https:\\\/\\\/hidalgo.nl\\\/de\\\/product\\\/7084\\\/bambus-bluetooth-lautsprecher-fox-bedrucken-solar-500mah\\\/\",\"sku\":\"A58-1014852-011999999\",\"gtin\":\"8719446062771\",\"image\":{\"@type\":\"ImageObject\",\"url\":\"https:\\\/\\\/shop.hidalgo.nl\\\/wp-content\\\/uploads\\\/2025\\\/05\\\/45d4903047c2e37da999aa80d35fa01b95bb563d83faadf41afd1aba8df3d222.jpg\",\"@id\":\"https:\\\/\\\/hidalgo.nl\\\/de\\\/product\\\/7084\\\/bambus-bluetooth-lautsprecher-fox-bedrucken-solar-500mah\\\/#productImage\",\"width\":1000,\"height\":660},\"offers\":{\"@type\":\"Offer\",\"url\":\"https:\\\/\\\/hidalgo.nl\\\/de\\\/product\\\/7084\\\/bambus-bluetooth-lautsprecher-fox-bedrucken-solar-500mah\\\/#wooCommerceOffer\",\"price\":\"19.76\",\"priceCurrency\":\"EUR\",\"category\":\"Promotionele Artikelen\",\"availability\":\"https:\\\/\\\/schema.org\\\/InStock\",\"priceSpecification\":{\"@type\":\"PriceSpecification\",\"price\":19.76,\"priceCurrency\":\"EUR\",\"valueAddedTaxIncluded\":\"true\"}}}]},{\"@type\":\"WebPage\",\"@id\":\"https:\\\/\\\/hidalgo.nl\\\/de\\\/product\\\/7084\\\/bambus-bluetooth-lautsprecher-fox-bedrucken-solar-500mah\\\/#webpage\",\"url\":\"https:\\\/\\\/hidalgo.nl\\\/de\\\/product\\\/7084\\\/bambus-bluetooth-lautsprecher-fox-bedrucken-solar-500mah\\\/\",\"name\":\"Bambus Bluetooth Lautsprecher Fox bedrucken Solar 500mAh\",\"description\":\"Mit dem Modell Fox erh\\u00e4ltst du einen nachhaltigen Bluetooth Lautsprecher mit integrierter Solarfunktion f\\u00fcr unterwegs. Wir lassen diesen Wireless Speaker mit deinem Logo bedrucken, damit deine Marke auf dem nat\\u00fcrlichen Bambusgeh\\u00e4use bei Kunden & Partnern einen bleibenden Eindruck hinterl\\u00e4sst.\",\"inLanguage\":\"de-DE\",\"isPartOf\":{\"@id\":\"https:\\\/\\\/hidalgo.nl\\\/de\\\/#website\"},\"breadcrumb\":{\"@id\":\"https:\\\/\\\/hidalgo.nl\\\/de\\\/product\\\/7084\\\/bambus-bluetooth-lautsprecher-fox-bedrucken-solar-500mah\\\/#breadcrumblist\"},\"image\":{\"@type\":\"ImageObject\",\"url\":\"https:\\\/\\\/shop.hidalgo.nl\\\/wp-content\\\/uploads\\\/2025\\\/05\\\/e29ec49633ef33da57011de4b40e998492f614ecb23ff209902f1294fdfb5992.jpg\",\"@id\":\"https:\\\/\\\/hidalgo.nl\\\/de\\\/product\\\/7084\\\/bambus-bluetooth-lautsprecher-fox-bedrucken-solar-500mah\\\/#mainImage\",\"width\":1000,\"height\":851},\"primaryImageOfPage\":{\"@id\":\"https:\\\/\\\/hidalgo.nl\\\/de\\\/product\\\/7084\\\/bambus-bluetooth-lautsprecher-fox-bedrucken-solar-500mah\\\/#mainImage\"},\"datePublished\":\"2025-07-03T09:34:04+00:00\",\"dateModified\":\"2026-03-16T13:00:22+00:00\"},{\"@type\":\"WebSite\",\"@id\":\"https:\\\/\\\/hidalgo.nl\\\/de\\\/#website\",\"url\":\"https:\\\/\\\/hidalgo.nl\\\/de\\\/\",\"name\":\"Hidalgo\",\"inLanguage\":\"de-DE\",\"publisher\":{\"@id\":\"https:\\\/\\\/hidalgo.nl\\\/de\\\/#organization\"}}]}\n\t\t<\/script>\n\t\t<!-- All in One SEO Pro -->\r\n\t\t<title>Bambus Bluetooth Lautsprecher Fox bedrucken Solar 500mAh<\/title>\n\n","aioseo_head_json":{"title":"Bambus Bluetooth Lautsprecher Fox bedrucken Solar 500mAh","description":"Mit dem Modell Fox erh\u00e4ltst du einen nachhaltigen Bluetooth Lautsprecher mit integrierter Solarfunktion f\u00fcr unterwegs. Wir lassen diesen Wireless Speaker mit deinem Logo bedrucken, damit deine Marke auf dem nat\u00fcrlichen Bambusgeh\u00e4use bei Kunden & Partnern einen bleibenden Eindruck hinterl\u00e4sst.","canonical_url":"https:\/\/hidalgo.nl\/de\/wp-json\/wp\/v2\/product\/7084","robots":"max-image-preview:large","keywords":"","webmasterTools":{"miscellaneous":""},"schema":{"@context":"https:\/\/schema.org","@graph":[{"@type":"BreadcrumbList","@id":"https:\/\/hidalgo.nl\/de\/product\/7084\/bambus-bluetooth-lautsprecher-fox-bedrucken-solar-500mah\/#breadcrumblist","itemListElement":[{"@type":"ListItem","@id":"https:\/\/hidalgo.nl\/de\/#listItem","position":1,"name":"Home","item":"https:\/\/hidalgo.nl\/de\/","nextItem":{"@type":"ListItem","@id":"https:\/\/hidalgo.nl\/example\/#listItem","name":"example"}},{"@type":"ListItem","@id":"https:\/\/hidalgo.nl\/example\/#listItem","position":2,"name":"example","item":"https:\/\/hidalgo.nl\/example\/","nextItem":{"@type":"ListItem","@id":"https:\/\/hidalgo.nl\/en\/product-supplier\/a58\/#listItem","name":"A58"},"previousItem":{"@type":"ListItem","@id":"https:\/\/hidalgo.nl\/de\/#listItem","name":"Home"}},{"@type":"ListItem","@id":"https:\/\/hidalgo.nl\/en\/product-supplier\/a58\/#listItem","position":3,"name":"A58","item":"https:\/\/hidalgo.nl\/en\/product-supplier\/a58\/","nextItem":{"@type":"ListItem","@id":"https:\/\/hidalgo.nl\/de\/product\/7084\/bambus-bluetooth-lautsprecher-fox-bedrucken-solar-500mah\/#listItem","name":"Bamboe draadloze speaker Fox"},"previousItem":{"@type":"ListItem","@id":"https:\/\/hidalgo.nl\/example\/#listItem","name":"example"}},{"@type":"ListItem","@id":"https:\/\/hidalgo.nl\/de\/product\/7084\/bambus-bluetooth-lautsprecher-fox-bedrucken-solar-500mah\/#listItem","position":4,"name":"Bamboe draadloze speaker Fox","previousItem":{"@type":"ListItem","@id":"https:\/\/hidalgo.nl\/en\/product-supplier\/a58\/#listItem","name":"A58"}}]},{"@type":"Organization","@id":"https:\/\/hidalgo.nl\/de\/#organization","name":"Hidalgo","url":"https:\/\/hidalgo.nl\/de\/","logo":{"@type":"ImageObject","url":"https:\/\/shop.hidalgo.nl\/wp-content\/uploads\/2025\/11\/cropped-Hidalgo-est1993.png","@id":"https:\/\/hidalgo.nl\/de\/product\/7084\/bambus-bluetooth-lautsprecher-fox-bedrucken-solar-500mah\/#organizationLogo","width":585,"height":195},"image":{"@id":"https:\/\/hidalgo.nl\/de\/product\/7084\/bambus-bluetooth-lautsprecher-fox-bedrucken-solar-500mah\/#organizationLogo"}},{"@type":"ProductGroup","@id":"https:\/\/hidalgo.nl\/de\/product\/7084\/bambus-bluetooth-lautsprecher-fox-bedrucken-solar-500mah\/#wooCommerceProduct","name":"Bambus Bluetooth Lautsprecher Fox bedrucken Solar 500mAh","url":"https:\/\/hidalgo.nl\/de\/product\/7084\/bambus-bluetooth-lautsprecher-fox-bedrucken-solar-500mah\/","brand":{"@type":"Brand","name":"IMPRESSION"},"sku":"A58-1014852","image":{"@type":"ImageObject","url":"https:\/\/shop.hidalgo.nl\/wp-content\/uploads\/2025\/05\/e29ec49633ef33da57011de4b40e998492f614ecb23ff209902f1294fdfb5992.jpg","@id":"https:\/\/hidalgo.nl\/de\/product\/7084\/bambus-bluetooth-lautsprecher-fox-bedrucken-solar-500mah\/#productImage","width":1000,"height":851},"productGroupID":7084,"hasVariant":[{"@type":"Product","@id":"https:\/\/hidalgo.nl\/de\/product\/7084\/bambus-bluetooth-lautsprecher-fox-bedrucken-solar-500mah\/#wooCommerceProduct","name":"Bamboe draadloze speaker Fox - bruin,","url":"https:\/\/hidalgo.nl\/de\/product\/7084\/bambus-bluetooth-lautsprecher-fox-bedrucken-solar-500mah\/","sku":"A58-1014852-011999999","gtin":"8719446062771","image":{"@type":"ImageObject","url":"https:\/\/shop.hidalgo.nl\/wp-content\/uploads\/2025\/05\/45d4903047c2e37da999aa80d35fa01b95bb563d83faadf41afd1aba8df3d222.jpg","@id":"https:\/\/hidalgo.nl\/de\/product\/7084\/bambus-bluetooth-lautsprecher-fox-bedrucken-solar-500mah\/#productImage","width":1000,"height":660},"offers":{"@type":"Offer","url":"https:\/\/hidalgo.nl\/de\/product\/7084\/bambus-bluetooth-lautsprecher-fox-bedrucken-solar-500mah\/#wooCommerceOffer","price":"19.76","priceCurrency":"EUR","category":"Promotionele Artikelen","availability":"https:\/\/schema.org\/InStock","priceSpecification":{"@type":"PriceSpecification","price":19.76,"priceCurrency":"EUR","valueAddedTaxIncluded":"true"}}}]},{"@type":"WebPage","@id":"https:\/\/hidalgo.nl\/de\/product\/7084\/bambus-bluetooth-lautsprecher-fox-bedrucken-solar-500mah\/#webpage","url":"https:\/\/hidalgo.nl\/de\/product\/7084\/bambus-bluetooth-lautsprecher-fox-bedrucken-solar-500mah\/","name":"Bambus Bluetooth Lautsprecher Fox bedrucken Solar 500mAh","description":"Mit dem Modell Fox erh\u00e4ltst du einen nachhaltigen Bluetooth Lautsprecher mit integrierter Solarfunktion f\u00fcr unterwegs. Wir lassen diesen Wireless Speaker mit deinem Logo bedrucken, damit deine Marke auf dem nat\u00fcrlichen Bambusgeh\u00e4use bei Kunden & Partnern einen bleibenden Eindruck hinterl\u00e4sst.","inLanguage":"de-DE","isPartOf":{"@id":"https:\/\/hidalgo.nl\/de\/#website"},"breadcrumb":{"@id":"https:\/\/hidalgo.nl\/de\/product\/7084\/bambus-bluetooth-lautsprecher-fox-bedrucken-solar-500mah\/#breadcrumblist"},"image":{"@type":"ImageObject","url":"https:\/\/shop.hidalgo.nl\/wp-content\/uploads\/2025\/05\/e29ec49633ef33da57011de4b40e998492f614ecb23ff209902f1294fdfb5992.jpg","@id":"https:\/\/hidalgo.nl\/de\/product\/7084\/bambus-bluetooth-lautsprecher-fox-bedrucken-solar-500mah\/#mainImage","width":1000,"height":851},"primaryImageOfPage":{"@id":"https:\/\/hidalgo.nl\/de\/product\/7084\/bambus-bluetooth-lautsprecher-fox-bedrucken-solar-500mah\/#mainImage"},"datePublished":"2025-07-03T09:34:04+00:00","dateModified":"2026-03-16T13:00:22+00:00"},{"@type":"WebSite","@id":"https:\/\/hidalgo.nl\/de\/#website","url":"https:\/\/hidalgo.nl\/de\/","name":"Hidalgo","inLanguage":"de-DE","publisher":{"@id":"https:\/\/hidalgo.nl\/de\/#organization"}}]},"og:locale":"de_DE","og:site_name":"Hidalgo -","og:type":"article","og:title":"Bambus Bluetooth Lautsprecher Fox bedrucken Solar 500mAh","og:description":"Mit dem Modell Fox erh\u00e4ltst du einen nachhaltigen Bluetooth Lautsprecher mit integrierter Solarfunktion f\u00fcr unterwegs. Wir lassen diesen Wireless Speaker mit deinem Logo bedrucken, damit deine Marke auf dem nat\u00fcrlichen Bambusgeh\u00e4use bei Kunden &amp; Partnern einen bleibenden Eindruck hinterl\u00e4sst.","og:url":"https:\/\/hidalgo.nl\/de\/wp-json\/wp\/v2\/product\/7084","og:image":"https:\/\/shop.hidalgo.nl\/wp-content\/uploads\/2025\/11\/cropped-Hidalgo-est1993.png","og:image:secure_url":"https:\/\/shop.hidalgo.nl\/wp-content\/uploads\/2025\/11\/cropped-Hidalgo-est1993.png","article:published_time":"2025-07-03T09:34:04+00:00","article:modified_time":"2026-03-16T13:00:22+00:00","twitter:card":"summary_large_image","twitter:title":"Bambus Bluetooth Lautsprecher Fox bedrucken Solar 500mAh","twitter:description":"Mit dem Modell Fox erh\u00e4ltst du einen nachhaltigen Bluetooth Lautsprecher mit integrierter Solarfunktion f\u00fcr unterwegs. Wir lassen diesen Wireless Speaker mit deinem Logo bedrucken, damit deine Marke auf dem nat\u00fcrlichen Bambusgeh\u00e4use bei Kunden &amp; Partnern einen bleibenden Eindruck hinterl\u00e4sst.","twitter:image":"https:\/\/shop.hidalgo.nl\/wp-content\/uploads\/2025\/11\/cropped-Hidalgo-est1993.png"},"aioseo_meta_data":{"post_id":"7084","title":null,"description":null,"keywords":null,"keyphrases":null,"primary_term":null,"canonical_url":null,"og_title":null,"og_description":null,"og_object_type":"default","og_image_type":"default","og_image_url":null,"og_image_width":null,"og_image_height":null,"og_image_custom_url":null,"og_image_custom_fields":null,"og_video":null,"og_custom_url":null,"og_article_section":null,"og_article_tags":null,"twitter_use_og":false,"twitter_card":"default","twitter_image_type":"default","twitter_image_url":null,"twitter_image_custom_url":null,"twitter_image_custom_fields":null,"twitter_title":null,"twitter_description":null,"schema":{"blockGraphs":[],"customGraphs":[],"default":{"data":{"Article":[],"Course":[],"Dataset":[],"FAQPage":[],"Movie":[],"Person":[],"Product":[],"ProductReview":[],"Car":[],"Recipe":[],"Service":[],"SoftwareApplication":[],"WebPage":[]},"graphName":"","isEnabled":true},"graphs":[]},"schema_type":"default","schema_type_options":null,"pillar_content":false,"robots_default":true,"robots_noindex":false,"robots_noarchive":false,"robots_nosnippet":false,"robots_nofollow":false,"robots_noimageindex":false,"robots_noodp":false,"robots_notranslate":false,"robots_max_snippet":null,"robots_max_videopreview":null,"robots_max_imagepreview":"large","priority":null,"frequency":null,"local_seo":null,"seo_analyzer_scan_date":"2026-01-31 00:02:42","breadcrumb_settings":null,"limit_modified_date":false,"reviewed_by":null,"open_ai":null,"ai":null,"created":"2026-01-14 06:17:37","updated":"2026-04-23 12:05:46"},"aioseo_breadcrumb":"<div class=\"aioseo-breadcrumbs\"><span class=\"aioseo-breadcrumb\">\n\t<a href=\"https:\/\/hidalgo.nl\/de\/\" title=\"Home\">Home<\/a>\n<\/span><span class=\"aioseo-breadcrumb-separator\">\u00bb<\/span><span class=\"aioseo-breadcrumb\">\n\t<a href=\"https:\/\/hidalgo.nl\/example\/\" title=\"example\">example<\/a>\n<\/span><span class=\"aioseo-breadcrumb-separator\">\u00bb<\/span><span class=\"aioseo-breadcrumb\">\n\t<a href=\"https:\/\/hidalgo.nl\/en\/product-supplier\/a58\/\" title=\"A58\">A58<\/a>\n<\/span><span class=\"aioseo-breadcrumb-separator\">\u00bb<\/span><span class=\"aioseo-breadcrumb\">\n\tBamboe draadloze speaker Fox\n<\/span><\/div>","aioseo_breadcrumb_json":[{"label":"Home","link":"https:\/\/hidalgo.nl\/de\/"},{"label":"example","link":"https:\/\/hidalgo.nl\/example\/"},{"label":"A58","link":"https:\/\/hidalgo.nl\/en\/product-supplier\/a58\/"},{"label":"Bamboe draadloze speaker Fox","link":"https:\/\/hidalgo.nl\/de\/product\/7084\/bambus-bluetooth-lautsprecher-fox-bedrucken-solar-500mah\/"}],"_links":{"self":[{"href":"https:\/\/hidalgo.nl\/de\/wp-json\/wp\/v2\/product\/7084","targetHints":{"allow":["GET"]}}],"collection":[{"href":"https:\/\/hidalgo.nl\/de\/wp-json\/wp\/v2\/product"}],"about":[{"href":"https:\/\/hidalgo.nl\/de\/wp-json\/wp\/v2\/types\/product"}],"wp:featuredmedia":[{"embeddable":true,"href":"https:\/\/hidalgo.nl\/de\/wp-json\/wp\/v2\/media\/7085"}],"wp:attachment":[{"href":"https:\/\/hidalgo.nl\/de\/wp-json\/wp\/v2\/media?parent=7084"}],"wp:term":[{"taxonomy":"product_brand","embeddable":true,"href":"https:\/\/hidalgo.nl\/de\/wp-json\/wp\/v2\/product_brand?post=7084"},{"taxonomy":"product_cat","embeddable":true,"href":"https:\/\/hidalgo.nl\/de\/wp-json\/wp\/v2\/product_cat?post=7084"},{"taxonomy":"product_tag","embeddable":true,"href":"https:\/\/hidalgo.nl\/de\/wp-json\/wp\/v2\/product_tag?post=7084"}],"curies":[{"name":"wp","href":"https:\/\/api.w.org\/{rel}","templated":true}]}}