{"id":68418,"date":"2025-07-06T20:34:06","date_gmt":"2025-07-06T20:34:06","guid":{"rendered":"http:\/\/bidonsenshakers.pim.hidalgo.nl\/product\/k6153-uniseks-fleecejas-met-gevoerde-capuchon\/"},"modified":"2026-03-22T17:07:01","modified_gmt":"2026-03-22T17:07:01","slug":"k6153-uniseks-fleecejas-met-gevoerde-capuchon","status":"publish","type":"product","link":"https:\/\/hidalgo.nl\/de\/product\/68418\/fleecejacke-bedrucken-gefuetterte-kapuze-microfleece-xs-4xl\/","title":{"rendered":"K6153 &#8211; Uniseks fleecejas met gevoerde capuchon"},"content":{"rendered":"<p>100% polyamide 210T met acrylcoating. Voering van 100% microfleece polyester. Rechte snit. Het lichaam, de kraag en de capuchon zijn gevoerd met toon op toon microfleece. Gewatteerde mouwen met polyester voering. Zwarte ritssluitingen met kettinkje van zilverkleurig nylon. 2 ritszakken aan de voorkant. 1 binnenzak met klittenbandsluiting. Gevoerde, driedelige capuchon met zwarte aanrijgkoordjes. Aan de mouwuiteinden zitten 2\u00a0drukknopen. Halvemaanvormige halsopening op de achterkant, voor eenvoudige personalisatie van het merk aan de binnenkant. Ophanglint in de kraag. Blinde drukkersrits op de borst links en onderaan het kledingstuk. Tear-away merklabel.<\/p>\n","protected":false},"excerpt":{"rendered":"<p>100% polyamide 210T met acrylcoating. Voering van 100% microfleece polyester. Rechte snit. Het lichaam, de kraag en de capuchon zijn gevoerd met toon op toon microfleece. Gewatteerde mouwen met polyester voering. Zwarte ritssluitingen met kettinkje van zilverkleurig nylon. 2 ritszakken aan de voorkant. 1 binnenzak met klittenbandsluiting. Gevoerde, driedelige capuchon met zwarte aanrijgkoordjes. Aan de&hellip; <a class=\"more-link\" href=\"https:\/\/hidalgo.nl\/de\/product\/68418\/fleecejacke-bedrucken-gefuetterte-kapuze-microfleece-xs-4xl\/\"><span class=\"screen-reader-text\">K6153 &#8211; Uniseks fleecejas met gevoerde capuchon<\/span> weiterlesen<\/a><\/p>\n","protected":false},"featured_media":68421,"template":"","meta":{"_acf_changed":false,"om_disable_all_campaigns":false,"_monsterinsights_skip_tracking":false,"_monsterinsights_sitenote_active":false,"_monsterinsights_sitenote_note":"","_monsterinsights_sitenote_category":0},"product_brand":[927],"product_cat":[5015,4992,4716],"product_tag":[],"class_list":{"0":"post-68418","1":"product","2":"type-product","3":"status-publish","4":"has-post-thumbnail","6":"product_supplier-a403","7":"product_brand-kariban","8":"product_cat-kleding-jassen-en-bodywarmers-jassen","9":"product_cat-kleding-jassen-en-bodywarmers","10":"product_cat-kleding","11":"entry","13":"first","14":"instock","15":"taxable","16":"shipping-taxable","17":"purchasable","18":"product-type-variable"},"acf":{"imprint_cost":[{"imprint_cost_key":"33483b79de35c41f6a5968127e3727b83ce2fe0b","product_quantity_price_range":[{"imprint_cost_recommended_selling_price":"0","imprint_cost_recommended_selling_quantity":"1"}],"product_quantity_price_range_buying":false,"imprint_cost_setup_costs":"","imprint_cost_handling_costs":""}]},"aioseo_notices":[],"aioseo_head":"\n\t\t<!-- All in One SEO Pro 4.9.6.2 - aioseo.com -->\n\t<meta name=\"description\" content=\"Unisex, warm und mit gef\u00fctterter Kapuze - ideal f\u00fcr Events, Vereine und Teams von 20-40. Veredle sie mit deinem Logo per Stick oder Druck: Fleecejacken mit Logo und Microfleece Jacke bedrucken. Gr\u00f6\u00dfen XS, S, M, L, XL, Xxl, 3XL, 4XL in Navy &amp; Black.\" \/>\n\t<meta name=\"robots\" content=\"max-image-preview:large\" \/>\n\t<link rel=\"canonical\" href=\"https:\/\/hidalgo.nl\/de\/wp-json\/wp\/v2\/product\/68418\" \/>\n\t<meta name=\"generator\" content=\"All in One SEO Pro (AIOSEO) 4.9.6.2\" \/>\n\t\t<meta property=\"og:locale\" content=\"de_DE\" \/>\n\t\t<meta property=\"og:site_name\" content=\"Hidalgo -\" \/>\n\t\t<meta property=\"og:type\" content=\"article\" \/>\n\t\t<meta property=\"og:title\" content=\"Fleecejacke bedrucken gef\u00fctterte Kapuze Microfleece XS-4XL\" \/>\n\t\t<meta property=\"og:description\" content=\"Unisex, warm und mit gef\u00fctterter Kapuze - ideal f\u00fcr Events, Vereine und Teams von 20-40. Veredle sie mit deinem Logo per Stick oder Druck: Fleecejacken mit Logo und Microfleece Jacke bedrucken. Gr\u00f6\u00dfen XS, S, M, L, XL, Xxl, 3XL, 4XL in Navy &amp; Black.\" \/>\n\t\t<meta property=\"og:url\" content=\"https:\/\/hidalgo.nl\/de\/wp-json\/wp\/v2\/product\/68418\" \/>\n\t\t<meta property=\"og:image\" content=\"https:\/\/shop.hidalgo.nl\/wp-content\/uploads\/2025\/11\/cropped-Hidalgo-est1993.png\" \/>\n\t\t<meta property=\"og:image:secure_url\" content=\"https:\/\/shop.hidalgo.nl\/wp-content\/uploads\/2025\/11\/cropped-Hidalgo-est1993.png\" \/>\n\t\t<meta property=\"article:published_time\" content=\"2025-07-06T20:34:06+00:00\" \/>\n\t\t<meta property=\"article:modified_time\" content=\"2026-03-22T17:07:01+00:00\" \/>\n\t\t<meta name=\"twitter:card\" content=\"summary_large_image\" \/>\n\t\t<meta name=\"twitter:title\" content=\"Fleecejacke bedrucken gef\u00fctterte Kapuze Microfleece XS-4XL\" \/>\n\t\t<meta name=\"twitter:description\" content=\"Unisex, warm und mit gef\u00fctterter Kapuze - ideal f\u00fcr Events, Vereine und Teams von 20-40. Veredle sie mit deinem Logo per Stick oder Druck: Fleecejacken mit Logo und Microfleece Jacke bedrucken. Gr\u00f6\u00dfen XS, S, M, L, XL, Xxl, 3XL, 4XL in Navy &amp; Black.\" \/>\n\t\t<meta name=\"twitter:image\" content=\"https:\/\/shop.hidalgo.nl\/wp-content\/uploads\/2025\/11\/cropped-Hidalgo-est1993.png\" \/>\n\t\t<script type=\"application\/ld+json\" class=\"aioseo-schema\">\n\t\t\t{\"@context\":\"https:\\\/\\\/schema.org\",\"@graph\":[{\"@type\":\"BreadcrumbList\",\"@id\":\"https:\\\/\\\/hidalgo.nl\\\/de\\\/product\\\/68418\\\/fleecejacke-bedrucken-gefuetterte-kapuze-microfleece-xs-4xl\\\/#breadcrumblist\",\"itemListElement\":[{\"@type\":\"ListItem\",\"@id\":\"https:\\\/\\\/hidalgo.nl\\\/de\\\/#listItem\",\"position\":1,\"name\":\"Home\",\"item\":\"https:\\\/\\\/hidalgo.nl\\\/de\\\/\",\"nextItem\":{\"@type\":\"ListItem\",\"@id\":\"https:\\\/\\\/hidalgo.nl\\\/example\\\/#listItem\",\"name\":\"example\"}},{\"@type\":\"ListItem\",\"@id\":\"https:\\\/\\\/hidalgo.nl\\\/example\\\/#listItem\",\"position\":2,\"name\":\"example\",\"item\":\"https:\\\/\\\/hidalgo.nl\\\/example\\\/\",\"nextItem\":{\"@type\":\"ListItem\",\"@id\":\"https:\\\/\\\/hidalgo.nl\\\/en\\\/product-supplier\\\/a403\\\/#listItem\",\"name\":\"A403\"},\"previousItem\":{\"@type\":\"ListItem\",\"@id\":\"https:\\\/\\\/hidalgo.nl\\\/de\\\/#listItem\",\"name\":\"Home\"}},{\"@type\":\"ListItem\",\"@id\":\"https:\\\/\\\/hidalgo.nl\\\/en\\\/product-supplier\\\/a403\\\/#listItem\",\"position\":3,\"name\":\"A403\",\"item\":\"https:\\\/\\\/hidalgo.nl\\\/en\\\/product-supplier\\\/a403\\\/\",\"nextItem\":{\"@type\":\"ListItem\",\"@id\":\"https:\\\/\\\/hidalgo.nl\\\/de\\\/product\\\/68418\\\/fleecejacke-bedrucken-gefuetterte-kapuze-microfleece-xs-4xl\\\/#listItem\",\"name\":\"K6153 &#8211; Uniseks fleecejas met gevoerde capuchon\"},\"previousItem\":{\"@type\":\"ListItem\",\"@id\":\"https:\\\/\\\/hidalgo.nl\\\/example\\\/#listItem\",\"name\":\"example\"}},{\"@type\":\"ListItem\",\"@id\":\"https:\\\/\\\/hidalgo.nl\\\/de\\\/product\\\/68418\\\/fleecejacke-bedrucken-gefuetterte-kapuze-microfleece-xs-4xl\\\/#listItem\",\"position\":4,\"name\":\"K6153 &#8211; Uniseks fleecejas met gevoerde capuchon\",\"previousItem\":{\"@type\":\"ListItem\",\"@id\":\"https:\\\/\\\/hidalgo.nl\\\/en\\\/product-supplier\\\/a403\\\/#listItem\",\"name\":\"A403\"}}]},{\"@type\":\"ItemPage\",\"@id\":\"https:\\\/\\\/hidalgo.nl\\\/de\\\/product\\\/68418\\\/fleecejacke-bedrucken-gefuetterte-kapuze-microfleece-xs-4xl\\\/#itempage\",\"url\":\"https:\\\/\\\/hidalgo.nl\\\/de\\\/product\\\/68418\\\/fleecejacke-bedrucken-gefuetterte-kapuze-microfleece-xs-4xl\\\/\",\"name\":\"Fleecejacke bedrucken gef\\u00fctterte Kapuze Microfleece XS-4XL\",\"description\":\"Unisex, warm und mit gef\\u00fctterter Kapuze - ideal f\\u00fcr Events, Vereine und Teams von 20-40. Veredle sie mit deinem Logo per Stick oder Druck: Fleecejacken mit Logo und Microfleece Jacke bedrucken. Gr\\u00f6\\u00dfen XS, S, M, L, XL, Xxl, 3XL, 4XL in Navy & Black.\",\"inLanguage\":\"de-DE\",\"isPartOf\":{\"@id\":\"https:\\\/\\\/hidalgo.nl\\\/de\\\/#website\"},\"breadcrumb\":{\"@id\":\"https:\\\/\\\/hidalgo.nl\\\/de\\\/product\\\/68418\\\/fleecejacke-bedrucken-gefuetterte-kapuze-microfleece-xs-4xl\\\/#breadcrumblist\"},\"image\":{\"@type\":\"ImageObject\",\"url\":\"https:\\\/\\\/shop.hidalgo.nl\\\/wp-content\\\/uploads\\\/2025\\\/07\\\/cc77466e1afc20021fa4b1e3ef0ec50ec4612b319e6e7ab137775c58867616d2.png\",\"@id\":\"https:\\\/\\\/hidalgo.nl\\\/de\\\/product\\\/68418\\\/fleecejacke-bedrucken-gefuetterte-kapuze-microfleece-xs-4xl\\\/#mainImage\",\"width\":800,\"height\":1000},\"primaryImageOfPage\":{\"@id\":\"https:\\\/\\\/hidalgo.nl\\\/de\\\/product\\\/68418\\\/fleecejacke-bedrucken-gefuetterte-kapuze-microfleece-xs-4xl\\\/#mainImage\"},\"datePublished\":\"2025-07-06T20:34:06+00:00\",\"dateModified\":\"2026-03-22T17:07:01+00:00\"},{\"@type\":\"Organization\",\"@id\":\"https:\\\/\\\/hidalgo.nl\\\/de\\\/#organization\",\"name\":\"Hidalgo\",\"url\":\"https:\\\/\\\/hidalgo.nl\\\/de\\\/\",\"logo\":{\"@type\":\"ImageObject\",\"url\":\"https:\\\/\\\/shop.hidalgo.nl\\\/wp-content\\\/uploads\\\/2025\\\/11\\\/cropped-Hidalgo-est1993.png\",\"@id\":\"https:\\\/\\\/hidalgo.nl\\\/de\\\/product\\\/68418\\\/fleecejacke-bedrucken-gefuetterte-kapuze-microfleece-xs-4xl\\\/#organizationLogo\",\"width\":585,\"height\":195},\"image\":{\"@id\":\"https:\\\/\\\/hidalgo.nl\\\/de\\\/product\\\/68418\\\/fleecejacke-bedrucken-gefuetterte-kapuze-microfleece-xs-4xl\\\/#organizationLogo\"}},{\"@type\":\"WebPage\",\"@id\":\"https:\\\/\\\/hidalgo.nl\\\/de\\\/product\\\/68418\\\/fleecejacke-bedrucken-gefuetterte-kapuze-microfleece-xs-4xl\\\/#webpage\",\"url\":\"https:\\\/\\\/hidalgo.nl\\\/de\\\/product\\\/68418\\\/fleecejacke-bedrucken-gefuetterte-kapuze-microfleece-xs-4xl\\\/\",\"name\":\"Fleecejacke bedrucken gef\\u00fctterte Kapuze Microfleece XS-4XL\",\"description\":\"Unisex, warm und mit gef\\u00fctterter Kapuze - ideal f\\u00fcr Events, Vereine und Teams von 20-40. Veredle sie mit deinem Logo per Stick oder Druck: Fleecejacken mit Logo und Microfleece Jacke bedrucken. Gr\\u00f6\\u00dfen XS, S, M, L, XL, Xxl, 3XL, 4XL in Navy & Black.\",\"inLanguage\":\"de-DE\",\"isPartOf\":{\"@id\":\"https:\\\/\\\/hidalgo.nl\\\/de\\\/#website\"},\"breadcrumb\":{\"@id\":\"https:\\\/\\\/hidalgo.nl\\\/de\\\/product\\\/68418\\\/fleecejacke-bedrucken-gefuetterte-kapuze-microfleece-xs-4xl\\\/#breadcrumblist\"},\"image\":{\"@type\":\"ImageObject\",\"url\":\"https:\\\/\\\/shop.hidalgo.nl\\\/wp-content\\\/uploads\\\/2025\\\/07\\\/cc77466e1afc20021fa4b1e3ef0ec50ec4612b319e6e7ab137775c58867616d2.png\",\"@id\":\"https:\\\/\\\/hidalgo.nl\\\/de\\\/product\\\/68418\\\/fleecejacke-bedrucken-gefuetterte-kapuze-microfleece-xs-4xl\\\/#mainImage\",\"width\":800,\"height\":1000},\"primaryImageOfPage\":{\"@id\":\"https:\\\/\\\/hidalgo.nl\\\/de\\\/product\\\/68418\\\/fleecejacke-bedrucken-gefuetterte-kapuze-microfleece-xs-4xl\\\/#mainImage\"},\"datePublished\":\"2025-07-06T20:34:06+00:00\",\"dateModified\":\"2026-03-22T17:07:01+00:00\"},{\"@type\":\"WebSite\",\"@id\":\"https:\\\/\\\/hidalgo.nl\\\/de\\\/#website\",\"url\":\"https:\\\/\\\/hidalgo.nl\\\/de\\\/\",\"name\":\"Hidalgo\",\"inLanguage\":\"de-DE\",\"publisher\":{\"@id\":\"https:\\\/\\\/hidalgo.nl\\\/de\\\/#organization\"}}]}\n\t\t<\/script>\n\t\t<!-- All in One SEO Pro -->\r\n\t\t<title>Fleecejacke bedrucken gef\u00fctterte Kapuze Microfleece XS-4XL<\/title>\n\n","aioseo_head_json":{"title":"Fleecejacke bedrucken gef\u00fctterte Kapuze Microfleece XS-4XL","description":"Unisex, warm und mit gef\u00fctterter Kapuze - ideal f\u00fcr Events, Vereine und Teams von 20-40. Veredle sie mit deinem Logo per Stick oder Druck: Fleecejacken mit Logo und Microfleece Jacke bedrucken. Gr\u00f6\u00dfen XS, S, M, L, XL, Xxl, 3XL, 4XL in Navy & Black.","canonical_url":"https:\/\/hidalgo.nl\/de\/wp-json\/wp\/v2\/product\/68418","robots":"max-image-preview:large","keywords":"","webmasterTools":{"miscellaneous":""},"schema":{"@context":"https:\/\/schema.org","@graph":[{"@type":"BreadcrumbList","@id":"https:\/\/hidalgo.nl\/de\/product\/68418\/fleecejacke-bedrucken-gefuetterte-kapuze-microfleece-xs-4xl\/#breadcrumblist","itemListElement":[{"@type":"ListItem","@id":"https:\/\/hidalgo.nl\/de\/#listItem","position":1,"name":"Home","item":"https:\/\/hidalgo.nl\/de\/","nextItem":{"@type":"ListItem","@id":"https:\/\/hidalgo.nl\/example\/#listItem","name":"example"}},{"@type":"ListItem","@id":"https:\/\/hidalgo.nl\/example\/#listItem","position":2,"name":"example","item":"https:\/\/hidalgo.nl\/example\/","nextItem":{"@type":"ListItem","@id":"https:\/\/hidalgo.nl\/en\/product-supplier\/a403\/#listItem","name":"A403"},"previousItem":{"@type":"ListItem","@id":"https:\/\/hidalgo.nl\/de\/#listItem","name":"Home"}},{"@type":"ListItem","@id":"https:\/\/hidalgo.nl\/en\/product-supplier\/a403\/#listItem","position":3,"name":"A403","item":"https:\/\/hidalgo.nl\/en\/product-supplier\/a403\/","nextItem":{"@type":"ListItem","@id":"https:\/\/hidalgo.nl\/de\/product\/68418\/fleecejacke-bedrucken-gefuetterte-kapuze-microfleece-xs-4xl\/#listItem","name":"K6153 &#8211; Uniseks fleecejas met gevoerde capuchon"},"previousItem":{"@type":"ListItem","@id":"https:\/\/hidalgo.nl\/example\/#listItem","name":"example"}},{"@type":"ListItem","@id":"https:\/\/hidalgo.nl\/de\/product\/68418\/fleecejacke-bedrucken-gefuetterte-kapuze-microfleece-xs-4xl\/#listItem","position":4,"name":"K6153 &#8211; Uniseks fleecejas met gevoerde capuchon","previousItem":{"@type":"ListItem","@id":"https:\/\/hidalgo.nl\/en\/product-supplier\/a403\/#listItem","name":"A403"}}]},{"@type":"ItemPage","@id":"https:\/\/hidalgo.nl\/de\/product\/68418\/fleecejacke-bedrucken-gefuetterte-kapuze-microfleece-xs-4xl\/#itempage","url":"https:\/\/hidalgo.nl\/de\/product\/68418\/fleecejacke-bedrucken-gefuetterte-kapuze-microfleece-xs-4xl\/","name":"Fleecejacke bedrucken gef\u00fctterte Kapuze Microfleece XS-4XL","description":"Unisex, warm und mit gef\u00fctterter Kapuze - ideal f\u00fcr Events, Vereine und Teams von 20-40. Veredle sie mit deinem Logo per Stick oder Druck: Fleecejacken mit Logo und Microfleece Jacke bedrucken. Gr\u00f6\u00dfen XS, S, M, L, XL, Xxl, 3XL, 4XL in Navy & Black.","inLanguage":"de-DE","isPartOf":{"@id":"https:\/\/hidalgo.nl\/de\/#website"},"breadcrumb":{"@id":"https:\/\/hidalgo.nl\/de\/product\/68418\/fleecejacke-bedrucken-gefuetterte-kapuze-microfleece-xs-4xl\/#breadcrumblist"},"image":{"@type":"ImageObject","url":"https:\/\/shop.hidalgo.nl\/wp-content\/uploads\/2025\/07\/cc77466e1afc20021fa4b1e3ef0ec50ec4612b319e6e7ab137775c58867616d2.png","@id":"https:\/\/hidalgo.nl\/de\/product\/68418\/fleecejacke-bedrucken-gefuetterte-kapuze-microfleece-xs-4xl\/#mainImage","width":800,"height":1000},"primaryImageOfPage":{"@id":"https:\/\/hidalgo.nl\/de\/product\/68418\/fleecejacke-bedrucken-gefuetterte-kapuze-microfleece-xs-4xl\/#mainImage"},"datePublished":"2025-07-06T20:34:06+00:00","dateModified":"2026-03-22T17:07:01+00:00"},{"@type":"Organization","@id":"https:\/\/hidalgo.nl\/de\/#organization","name":"Hidalgo","url":"https:\/\/hidalgo.nl\/de\/","logo":{"@type":"ImageObject","url":"https:\/\/shop.hidalgo.nl\/wp-content\/uploads\/2025\/11\/cropped-Hidalgo-est1993.png","@id":"https:\/\/hidalgo.nl\/de\/product\/68418\/fleecejacke-bedrucken-gefuetterte-kapuze-microfleece-xs-4xl\/#organizationLogo","width":585,"height":195},"image":{"@id":"https:\/\/hidalgo.nl\/de\/product\/68418\/fleecejacke-bedrucken-gefuetterte-kapuze-microfleece-xs-4xl\/#organizationLogo"}},{"@type":"WebPage","@id":"https:\/\/hidalgo.nl\/de\/product\/68418\/fleecejacke-bedrucken-gefuetterte-kapuze-microfleece-xs-4xl\/#webpage","url":"https:\/\/hidalgo.nl\/de\/product\/68418\/fleecejacke-bedrucken-gefuetterte-kapuze-microfleece-xs-4xl\/","name":"Fleecejacke bedrucken gef\u00fctterte Kapuze Microfleece XS-4XL","description":"Unisex, warm und mit gef\u00fctterter Kapuze - ideal f\u00fcr Events, Vereine und Teams von 20-40. Veredle sie mit deinem Logo per Stick oder Druck: Fleecejacken mit Logo und Microfleece Jacke bedrucken. Gr\u00f6\u00dfen XS, S, M, L, XL, Xxl, 3XL, 4XL in Navy & Black.","inLanguage":"de-DE","isPartOf":{"@id":"https:\/\/hidalgo.nl\/de\/#website"},"breadcrumb":{"@id":"https:\/\/hidalgo.nl\/de\/product\/68418\/fleecejacke-bedrucken-gefuetterte-kapuze-microfleece-xs-4xl\/#breadcrumblist"},"image":{"@type":"ImageObject","url":"https:\/\/shop.hidalgo.nl\/wp-content\/uploads\/2025\/07\/cc77466e1afc20021fa4b1e3ef0ec50ec4612b319e6e7ab137775c58867616d2.png","@id":"https:\/\/hidalgo.nl\/de\/product\/68418\/fleecejacke-bedrucken-gefuetterte-kapuze-microfleece-xs-4xl\/#mainImage","width":800,"height":1000},"primaryImageOfPage":{"@id":"https:\/\/hidalgo.nl\/de\/product\/68418\/fleecejacke-bedrucken-gefuetterte-kapuze-microfleece-xs-4xl\/#mainImage"},"datePublished":"2025-07-06T20:34:06+00:00","dateModified":"2026-03-22T17:07:01+00:00"},{"@type":"WebSite","@id":"https:\/\/hidalgo.nl\/de\/#website","url":"https:\/\/hidalgo.nl\/de\/","name":"Hidalgo","inLanguage":"de-DE","publisher":{"@id":"https:\/\/hidalgo.nl\/de\/#organization"}}]},"og:locale":"de_DE","og:site_name":"Hidalgo -","og:type":"article","og:title":"Fleecejacke bedrucken gef\u00fctterte Kapuze Microfleece XS-4XL","og:description":"Unisex, warm und mit gef\u00fctterter Kapuze - ideal f\u00fcr Events, Vereine und Teams von 20-40. Veredle sie mit deinem Logo per Stick oder Druck: Fleecejacken mit Logo und Microfleece Jacke bedrucken. Gr\u00f6\u00dfen XS, S, M, L, XL, Xxl, 3XL, 4XL in Navy &amp; Black.","og:url":"https:\/\/hidalgo.nl\/de\/wp-json\/wp\/v2\/product\/68418","og:image":"https:\/\/shop.hidalgo.nl\/wp-content\/uploads\/2025\/11\/cropped-Hidalgo-est1993.png","og:image:secure_url":"https:\/\/shop.hidalgo.nl\/wp-content\/uploads\/2025\/11\/cropped-Hidalgo-est1993.png","article:published_time":"2025-07-06T20:34:06+00:00","article:modified_time":"2026-03-22T17:07:01+00:00","twitter:card":"summary_large_image","twitter:title":"Fleecejacke bedrucken gef\u00fctterte Kapuze Microfleece XS-4XL","twitter:description":"Unisex, warm und mit gef\u00fctterter Kapuze - ideal f\u00fcr Events, Vereine und Teams von 20-40. Veredle sie mit deinem Logo per Stick oder Druck: Fleecejacken mit Logo und Microfleece Jacke bedrucken. Gr\u00f6\u00dfen XS, S, M, L, XL, Xxl, 3XL, 4XL in Navy &amp; Black.","twitter:image":"https:\/\/shop.hidalgo.nl\/wp-content\/uploads\/2025\/11\/cropped-Hidalgo-est1993.png"},"aioseo_meta_data":{"post_id":"68418","title":null,"description":null,"keywords":null,"keyphrases":null,"primary_term":null,"canonical_url":null,"og_title":null,"og_description":null,"og_object_type":"default","og_image_type":"default","og_image_url":null,"og_image_width":null,"og_image_height":null,"og_image_custom_url":null,"og_image_custom_fields":null,"og_video":null,"og_custom_url":null,"og_article_section":null,"og_article_tags":null,"twitter_use_og":false,"twitter_card":"default","twitter_image_type":"default","twitter_image_url":null,"twitter_image_custom_url":null,"twitter_image_custom_fields":null,"twitter_title":null,"twitter_description":null,"schema":{"blockGraphs":[],"customGraphs":[],"default":{"data":{"Article":[],"Course":[],"Dataset":[],"FAQPage":[],"Movie":[],"Person":[],"Product":[],"ProductReview":[],"Car":[],"Recipe":[],"Service":[],"SoftwareApplication":[],"WebPage":[]},"graphName":"","isEnabled":true},"graphs":[]},"schema_type":"default","schema_type_options":null,"pillar_content":false,"robots_default":true,"robots_noindex":false,"robots_noarchive":false,"robots_nosnippet":false,"robots_nofollow":false,"robots_noimageindex":false,"robots_noodp":false,"robots_notranslate":false,"robots_max_snippet":null,"robots_max_videopreview":null,"robots_max_imagepreview":"large","priority":null,"frequency":null,"local_seo":null,"seo_analyzer_scan_date":"2026-01-20 15:04:54","breadcrumb_settings":null,"limit_modified_date":false,"reviewed_by":null,"open_ai":null,"ai":null,"created":"2026-01-14 06:25:29","updated":"2026-03-22 17:23:55"},"aioseo_breadcrumb":"<div class=\"aioseo-breadcrumbs\"><span class=\"aioseo-breadcrumb\">\n\t<a href=\"https:\/\/hidalgo.nl\/de\/\" title=\"Home\">Home<\/a>\n<\/span><span class=\"aioseo-breadcrumb-separator\">\u00bb<\/span><span class=\"aioseo-breadcrumb\">\n\t<a href=\"https:\/\/hidalgo.nl\/example\/\" title=\"example\">example<\/a>\n<\/span><span class=\"aioseo-breadcrumb-separator\">\u00bb<\/span><span class=\"aioseo-breadcrumb\">\n\t<a href=\"https:\/\/hidalgo.nl\/en\/product-supplier\/a403\/\" title=\"A403\">A403<\/a>\n<\/span><span class=\"aioseo-breadcrumb-separator\">\u00bb<\/span><span class=\"aioseo-breadcrumb\">\n\tK6153 \u2013 Uniseks fleecejas met gevoerde capuchon\n<\/span><\/div>","aioseo_breadcrumb_json":[{"label":"Home","link":"https:\/\/hidalgo.nl\/de\/"},{"label":"example","link":"https:\/\/hidalgo.nl\/example\/"},{"label":"A403","link":"https:\/\/hidalgo.nl\/en\/product-supplier\/a403\/"},{"label":"K6153 &#8211; Uniseks fleecejas met gevoerde capuchon","link":"https:\/\/hidalgo.nl\/de\/product\/68418\/fleecejacke-bedrucken-gefuetterte-kapuze-microfleece-xs-4xl\/"}],"_links":{"self":[{"href":"https:\/\/hidalgo.nl\/de\/wp-json\/wp\/v2\/product\/68418","targetHints":{"allow":["GET"]}}],"collection":[{"href":"https:\/\/hidalgo.nl\/de\/wp-json\/wp\/v2\/product"}],"about":[{"href":"https:\/\/hidalgo.nl\/de\/wp-json\/wp\/v2\/types\/product"}],"wp:featuredmedia":[{"embeddable":true,"href":"https:\/\/hidalgo.nl\/de\/wp-json\/wp\/v2\/media\/68421"}],"wp:attachment":[{"href":"https:\/\/hidalgo.nl\/de\/wp-json\/wp\/v2\/media?parent=68418"}],"wp:term":[{"taxonomy":"product_brand","embeddable":true,"href":"https:\/\/hidalgo.nl\/de\/wp-json\/wp\/v2\/product_brand?post=68418"},{"taxonomy":"product_cat","embeddable":true,"href":"https:\/\/hidalgo.nl\/de\/wp-json\/wp\/v2\/product_cat?post=68418"},{"taxonomy":"product_tag","embeddable":true,"href":"https:\/\/hidalgo.nl\/de\/wp-json\/wp\/v2\/product_tag?post=68418"}],"curies":[{"name":"wp","href":"https:\/\/api.w.org\/{rel}","templated":true}]}}