{"id":6830,"date":"2025-07-03T09:32:36","date_gmt":"2025-07-03T09:32:36","guid":{"rendered":"http:\/\/bidonsenshakers.pim.hidalgo.nl\/product\/waterman-allure-deluxe-balpen\/"},"modified":"2026-03-16T08:49:54","modified_gmt":"2026-03-16T08:49:54","slug":"waterman-allure-deluxe-balpen","status":"publish","type":"product","link":"https:\/\/hidalgo.nl\/de\/product\/6830\/waterman-allure-deluxe-kugelschreiber-bedrucken-blau-etui\/","title":{"rendered":"Waterman Allure Deluxe balpen"},"content":{"rendered":"<p>Waterman Allure Deluxe balpen. Blauwe inkt. Inclusief geschenkdoos.<\/p>\n","protected":false},"excerpt":{"rendered":"<p>Waterman Allure Deluxe balpen. Blauwe inkt. Inclusief geschenkdoos.<\/p>\n","protected":false},"featured_media":6831,"template":"","meta":{"_acf_changed":false,"om_disable_all_campaigns":false,"_monsterinsights_skip_tracking":false,"_monsterinsights_sitenote_active":false,"_monsterinsights_sitenote_note":"","_monsterinsights_sitenote_category":0},"product_brand":[247],"product_cat":[4785,4719,4756],"product_tag":[],"class_list":{"0":"post-6830","1":"product","2":"type-product","3":"status-publish","4":"has-post-thumbnail","6":"product_supplier-a58","7":"product_material-metaal","8":"product_material-rvs","9":"product_brand-waterman","10":"product_cat-pennen","11":"product_cat-promotionele-artikelen","12":"product_cat-schrijfwaren","13":"entry","15":"first","16":"instock","17":"taxable","18":"shipping-taxable","19":"purchasable","20":"product-type-variable"},"acf":{"imprint_cost":[{"imprint_cost_key":"2afe18c9051075e1f274deb315bc779a61d1b644","product_quantity_price_range":[{"imprint_cost_recommended_selling_price":"2.66","imprint_cost_recommended_selling_quantity":"1"},{"imprint_cost_recommended_selling_price":"1.63","imprint_cost_recommended_selling_quantity":"25"},{"imprint_cost_recommended_selling_price":"1.22","imprint_cost_recommended_selling_quantity":"50"},{"imprint_cost_recommended_selling_price":"0.88","imprint_cost_recommended_selling_quantity":"100"},{"imprint_cost_recommended_selling_price":"0.52","imprint_cost_recommended_selling_quantity":"250"},{"imprint_cost_recommended_selling_price":"0.43","imprint_cost_recommended_selling_quantity":"500"},{"imprint_cost_recommended_selling_price":"0.37","imprint_cost_recommended_selling_quantity":"1000"},{"imprint_cost_recommended_selling_price":"0.29","imprint_cost_recommended_selling_quantity":"2500"}],"product_quantity_price_range_buying":false,"imprint_cost_setup_costs":"30.77","imprint_cost_handling_costs":"0.2"}]},"aioseo_notices":[],"aioseo_head":"\n\t\t<!-- All in One SEO Pro 4.9.6.2 - aioseo.com -->\n\t<meta name=\"description\" content=\"Mit dem Waterman Allure Deluxe hinterl\u00e4sst du bei jedem Gesch\u00e4ftstermin einen bleibenden Eindruck. Du kannst diese hochwertigen Kugelschreiber bedrucken lassen, um dein Logo auf dem edlen Geh\u00e4use samt passender Geschenkbox stilvoll zu pr\u00e4sentieren. Dieses exklusive Werbemittel st\u00e4rkt deine Marke bei Kunden und Partnern gleicherma\u00dfen.\" \/>\n\t<meta name=\"robots\" content=\"max-image-preview:large\" \/>\n\t<link rel=\"canonical\" href=\"https:\/\/hidalgo.nl\/de\/wp-json\/wp\/v2\/product\/6830\" \/>\n\t<meta name=\"generator\" content=\"All in One SEO Pro (AIOSEO) 4.9.6.2\" \/>\n\t\t<meta property=\"og:locale\" content=\"de_DE\" \/>\n\t\t<meta property=\"og:site_name\" content=\"Hidalgo -\" \/>\n\t\t<meta property=\"og:type\" content=\"article\" \/>\n\t\t<meta property=\"og:title\" content=\"Waterman Allure Deluxe Kugelschreiber bedrucken Blau Etui\" \/>\n\t\t<meta property=\"og:description\" content=\"Mit dem Waterman Allure Deluxe hinterl\u00e4sst du bei jedem Gesch\u00e4ftstermin einen bleibenden Eindruck. Du kannst diese hochwertigen Kugelschreiber bedrucken lassen, um dein Logo auf dem edlen Geh\u00e4use samt passender Geschenkbox stilvoll zu pr\u00e4sentieren. Dieses exklusive Werbemittel st\u00e4rkt deine Marke bei Kunden und Partnern gleicherma\u00dfen.\" \/>\n\t\t<meta property=\"og:url\" content=\"https:\/\/hidalgo.nl\/de\/wp-json\/wp\/v2\/product\/6830\" \/>\n\t\t<meta property=\"og:image\" content=\"https:\/\/shop.hidalgo.nl\/wp-content\/uploads\/2025\/11\/cropped-Hidalgo-est1993.png\" \/>\n\t\t<meta property=\"og:image:secure_url\" content=\"https:\/\/shop.hidalgo.nl\/wp-content\/uploads\/2025\/11\/cropped-Hidalgo-est1993.png\" \/>\n\t\t<meta property=\"article:published_time\" content=\"2025-07-03T09:32:36+00:00\" \/>\n\t\t<meta property=\"article:modified_time\" content=\"2026-03-16T08:49:54+00:00\" \/>\n\t\t<meta name=\"twitter:card\" content=\"summary_large_image\" \/>\n\t\t<meta name=\"twitter:title\" content=\"Waterman Allure Deluxe Kugelschreiber bedrucken Blau Etui\" \/>\n\t\t<meta name=\"twitter:description\" content=\"Mit dem Waterman Allure Deluxe hinterl\u00e4sst du bei jedem Gesch\u00e4ftstermin einen bleibenden Eindruck. Du kannst diese hochwertigen Kugelschreiber bedrucken lassen, um dein Logo auf dem edlen Geh\u00e4use samt passender Geschenkbox stilvoll zu pr\u00e4sentieren. Dieses exklusive Werbemittel st\u00e4rkt deine Marke bei Kunden und Partnern gleicherma\u00dfen.\" \/>\n\t\t<meta name=\"twitter:image\" content=\"https:\/\/shop.hidalgo.nl\/wp-content\/uploads\/2025\/11\/cropped-Hidalgo-est1993.png\" \/>\n\t\t<script type=\"application\/ld+json\" class=\"aioseo-schema\">\n\t\t\t{\"@context\":\"https:\\\/\\\/schema.org\",\"@graph\":[{\"@type\":\"BreadcrumbList\",\"@id\":\"https:\\\/\\\/hidalgo.nl\\\/de\\\/product\\\/6830\\\/waterman-allure-deluxe-kugelschreiber-bedrucken-blau-etui\\\/#breadcrumblist\",\"itemListElement\":[{\"@type\":\"ListItem\",\"@id\":\"https:\\\/\\\/hidalgo.nl\\\/de\\\/#listItem\",\"position\":1,\"name\":\"Home\",\"item\":\"https:\\\/\\\/hidalgo.nl\\\/de\\\/\",\"nextItem\":{\"@type\":\"ListItem\",\"@id\":\"https:\\\/\\\/hidalgo.nl\\\/example\\\/#listItem\",\"name\":\"example\"}},{\"@type\":\"ListItem\",\"@id\":\"https:\\\/\\\/hidalgo.nl\\\/example\\\/#listItem\",\"position\":2,\"name\":\"example\",\"item\":\"https:\\\/\\\/hidalgo.nl\\\/example\\\/\",\"nextItem\":{\"@type\":\"ListItem\",\"@id\":\"https:\\\/\\\/hidalgo.nl\\\/en\\\/product-supplier\\\/a58\\\/#listItem\",\"name\":\"A58\"},\"previousItem\":{\"@type\":\"ListItem\",\"@id\":\"https:\\\/\\\/hidalgo.nl\\\/de\\\/#listItem\",\"name\":\"Home\"}},{\"@type\":\"ListItem\",\"@id\":\"https:\\\/\\\/hidalgo.nl\\\/en\\\/product-supplier\\\/a58\\\/#listItem\",\"position\":3,\"name\":\"A58\",\"item\":\"https:\\\/\\\/hidalgo.nl\\\/en\\\/product-supplier\\\/a58\\\/\",\"nextItem\":{\"@type\":\"ListItem\",\"@id\":\"https:\\\/\\\/hidalgo.nl\\\/de\\\/product\\\/6830\\\/waterman-allure-deluxe-kugelschreiber-bedrucken-blau-etui\\\/#listItem\",\"name\":\"Waterman Allure Deluxe balpen\"},\"previousItem\":{\"@type\":\"ListItem\",\"@id\":\"https:\\\/\\\/hidalgo.nl\\\/example\\\/#listItem\",\"name\":\"example\"}},{\"@type\":\"ListItem\",\"@id\":\"https:\\\/\\\/hidalgo.nl\\\/de\\\/product\\\/6830\\\/waterman-allure-deluxe-kugelschreiber-bedrucken-blau-etui\\\/#listItem\",\"position\":4,\"name\":\"Waterman Allure Deluxe balpen\",\"previousItem\":{\"@type\":\"ListItem\",\"@id\":\"https:\\\/\\\/hidalgo.nl\\\/en\\\/product-supplier\\\/a58\\\/#listItem\",\"name\":\"A58\"}}]},{\"@type\":\"Organization\",\"@id\":\"https:\\\/\\\/hidalgo.nl\\\/de\\\/#organization\",\"name\":\"Hidalgo\",\"url\":\"https:\\\/\\\/hidalgo.nl\\\/de\\\/\",\"logo\":{\"@type\":\"ImageObject\",\"url\":\"https:\\\/\\\/shop.hidalgo.nl\\\/wp-content\\\/uploads\\\/2025\\\/11\\\/cropped-Hidalgo-est1993.png\",\"@id\":\"https:\\\/\\\/hidalgo.nl\\\/de\\\/product\\\/6830\\\/waterman-allure-deluxe-kugelschreiber-bedrucken-blau-etui\\\/#organizationLogo\",\"width\":585,\"height\":195},\"image\":{\"@id\":\"https:\\\/\\\/hidalgo.nl\\\/de\\\/product\\\/6830\\\/waterman-allure-deluxe-kugelschreiber-bedrucken-blau-etui\\\/#organizationLogo\"}},{\"@type\":\"ProductGroup\",\"@id\":\"https:\\\/\\\/hidalgo.nl\\\/de\\\/product\\\/6830\\\/waterman-allure-deluxe-kugelschreiber-bedrucken-blau-etui\\\/#wooCommerceProduct\",\"name\":\"Waterman Allure Deluxe Kugelschreiber bedrucken Blau Etui\",\"url\":\"https:\\\/\\\/hidalgo.nl\\\/de\\\/product\\\/6830\\\/waterman-allure-deluxe-kugelschreiber-bedrucken-blau-etui\\\/\",\"brand\":{\"@type\":\"Brand\",\"name\":\"Waterman\"},\"sku\":\"A58-1006006\",\"image\":{\"@type\":\"ImageObject\",\"url\":\"https:\\\/\\\/shop.hidalgo.nl\\\/wp-content\\\/uploads\\\/2025\\\/05\\\/24c4906f0d63dc0b0b02c880f22f2ad6125641468a6e345a39d0fbe63f3d1004.jpg\",\"@id\":\"https:\\\/\\\/hidalgo.nl\\\/de\\\/product\\\/6830\\\/waterman-allure-deluxe-kugelschreiber-bedrucken-blau-etui\\\/#productImage\",\"width\":1000,\"height\":617},\"productGroupID\":6830,\"hasVariant\":[{\"@type\":\"Product\",\"@id\":\"https:\\\/\\\/hidalgo.nl\\\/de\\\/product\\\/6830\\\/waterman-allure-deluxe-kugelschreiber-bedrucken-blau-etui\\\/#wooCommerceProduct\",\"name\":\"Waterman Allure Deluxe balpen - wit, blauwschrijvend, blauwschrijvend\",\"url\":\"https:\\\/\\\/hidalgo.nl\\\/de\\\/product\\\/6830\\\/waterman-allure-deluxe-kugelschreiber-bedrucken-blau-etui\\\/\",\"sku\":\"A58-1006006-002999128\",\"gtin\":\"3026981745171\",\"image\":{\"@type\":\"ImageObject\",\"url\":\"https:\\\/\\\/shop.hidalgo.nl\\\/wp-content\\\/uploads\\\/2025\\\/05\\\/3972247cd9e6d6c489b6fad55cc1c5be296e567fcc99e1b5ca34a13243d73c95.jpg\",\"@id\":\"https:\\\/\\\/hidalgo.nl\\\/de\\\/product\\\/6830\\\/waterman-allure-deluxe-kugelschreiber-bedrucken-blau-etui\\\/#productImage\",\"width\":1000,\"height\":80},\"offers\":{\"@type\":\"Offer\",\"url\":\"https:\\\/\\\/hidalgo.nl\\\/de\\\/product\\\/6830\\\/waterman-allure-deluxe-kugelschreiber-bedrucken-blau-etui\\\/#wooCommerceOffer\",\"price\":\"35.54\",\"priceCurrency\":\"EUR\",\"category\":\"Promotionele Artikelen\",\"availability\":\"https:\\\/\\\/schema.org\\\/InStock\",\"priceSpecification\":{\"@type\":\"PriceSpecification\",\"price\":35.54,\"priceCurrency\":\"EUR\",\"valueAddedTaxIncluded\":\"true\"}}},{\"@type\":\"Product\",\"@id\":\"https:\\\/\\\/hidalgo.nl\\\/de\\\/product\\\/6830\\\/waterman-allure-deluxe-kugelschreiber-bedrucken-blau-etui\\\/#wooCommerceProduct\",\"name\":\"Waterman Allure Deluxe balpen - blauw, blauwschrijvend, blauwschrijvend\",\"url\":\"https:\\\/\\\/hidalgo.nl\\\/de\\\/product\\\/6830\\\/waterman-allure-deluxe-kugelschreiber-bedrucken-blau-etui\\\/\",\"sku\":\"A58-1006006-005999128\",\"gtin\":\"3026981745126\",\"image\":{\"@type\":\"ImageObject\",\"url\":\"https:\\\/\\\/shop.hidalgo.nl\\\/wp-content\\\/uploads\\\/2025\\\/05\\\/d808352488454af8c3cf778908f314b20bfb2cd0efbe9b9bf4f11396787c5291.jpg\",\"@id\":\"https:\\\/\\\/hidalgo.nl\\\/de\\\/product\\\/6830\\\/waterman-allure-deluxe-kugelschreiber-bedrucken-blau-etui\\\/#productImage\",\"width\":1000,\"height\":78},\"offers\":{\"@type\":\"Offer\",\"url\":\"https:\\\/\\\/hidalgo.nl\\\/de\\\/product\\\/6830\\\/waterman-allure-deluxe-kugelschreiber-bedrucken-blau-etui\\\/#wooCommerceOffer\",\"price\":\"35.54\",\"priceCurrency\":\"EUR\",\"category\":\"Promotionele Artikelen\",\"availability\":\"https:\\\/\\\/schema.org\\\/InStock\",\"priceSpecification\":{\"@type\":\"PriceSpecification\",\"price\":35.54,\"priceCurrency\":\"EUR\",\"valueAddedTaxIncluded\":\"true\"}}}]},{\"@type\":\"WebPage\",\"@id\":\"https:\\\/\\\/hidalgo.nl\\\/de\\\/product\\\/6830\\\/waterman-allure-deluxe-kugelschreiber-bedrucken-blau-etui\\\/#webpage\",\"url\":\"https:\\\/\\\/hidalgo.nl\\\/de\\\/product\\\/6830\\\/waterman-allure-deluxe-kugelschreiber-bedrucken-blau-etui\\\/\",\"name\":\"Waterman Allure Deluxe Kugelschreiber bedrucken Blau Etui\",\"description\":\"Mit dem Waterman Allure Deluxe hinterl\\u00e4sst du bei jedem Gesch\\u00e4ftstermin einen bleibenden Eindruck. Du kannst diese hochwertigen Kugelschreiber bedrucken lassen, um dein Logo auf dem edlen Geh\\u00e4use samt passender Geschenkbox stilvoll zu pr\\u00e4sentieren. Dieses exklusive Werbemittel st\\u00e4rkt deine Marke bei Kunden und Partnern gleicherma\\u00dfen.\",\"inLanguage\":\"de-DE\",\"isPartOf\":{\"@id\":\"https:\\\/\\\/hidalgo.nl\\\/de\\\/#website\"},\"breadcrumb\":{\"@id\":\"https:\\\/\\\/hidalgo.nl\\\/de\\\/product\\\/6830\\\/waterman-allure-deluxe-kugelschreiber-bedrucken-blau-etui\\\/#breadcrumblist\"},\"image\":{\"@type\":\"ImageObject\",\"url\":\"https:\\\/\\\/shop.hidalgo.nl\\\/wp-content\\\/uploads\\\/2025\\\/05\\\/24c4906f0d63dc0b0b02c880f22f2ad6125641468a6e345a39d0fbe63f3d1004.jpg\",\"@id\":\"https:\\\/\\\/hidalgo.nl\\\/de\\\/product\\\/6830\\\/waterman-allure-deluxe-kugelschreiber-bedrucken-blau-etui\\\/#mainImage\",\"width\":1000,\"height\":617},\"primaryImageOfPage\":{\"@id\":\"https:\\\/\\\/hidalgo.nl\\\/de\\\/product\\\/6830\\\/waterman-allure-deluxe-kugelschreiber-bedrucken-blau-etui\\\/#mainImage\"},\"datePublished\":\"2025-07-03T09:32:36+00:00\",\"dateModified\":\"2026-03-16T08:49:54+00:00\"},{\"@type\":\"WebSite\",\"@id\":\"https:\\\/\\\/hidalgo.nl\\\/de\\\/#website\",\"url\":\"https:\\\/\\\/hidalgo.nl\\\/de\\\/\",\"name\":\"Hidalgo\",\"inLanguage\":\"de-DE\",\"publisher\":{\"@id\":\"https:\\\/\\\/hidalgo.nl\\\/de\\\/#organization\"}}]}\n\t\t<\/script>\n\t\t<!-- All in One SEO Pro -->\r\n\t\t<title>Waterman Allure Deluxe Kugelschreiber bedrucken Blau Etui<\/title>\n\n","aioseo_head_json":{"title":"Waterman Allure Deluxe Kugelschreiber bedrucken Blau Etui","description":"Mit dem Waterman Allure Deluxe hinterl\u00e4sst du bei jedem Gesch\u00e4ftstermin einen bleibenden Eindruck. Du kannst diese hochwertigen Kugelschreiber bedrucken lassen, um dein Logo auf dem edlen Geh\u00e4use samt passender Geschenkbox stilvoll zu pr\u00e4sentieren. Dieses exklusive Werbemittel st\u00e4rkt deine Marke bei Kunden und Partnern gleicherma\u00dfen.","canonical_url":"https:\/\/hidalgo.nl\/de\/wp-json\/wp\/v2\/product\/6830","robots":"max-image-preview:large","keywords":"","webmasterTools":{"miscellaneous":""},"schema":{"@context":"https:\/\/schema.org","@graph":[{"@type":"BreadcrumbList","@id":"https:\/\/hidalgo.nl\/de\/product\/6830\/waterman-allure-deluxe-kugelschreiber-bedrucken-blau-etui\/#breadcrumblist","itemListElement":[{"@type":"ListItem","@id":"https:\/\/hidalgo.nl\/de\/#listItem","position":1,"name":"Home","item":"https:\/\/hidalgo.nl\/de\/","nextItem":{"@type":"ListItem","@id":"https:\/\/hidalgo.nl\/example\/#listItem","name":"example"}},{"@type":"ListItem","@id":"https:\/\/hidalgo.nl\/example\/#listItem","position":2,"name":"example","item":"https:\/\/hidalgo.nl\/example\/","nextItem":{"@type":"ListItem","@id":"https:\/\/hidalgo.nl\/en\/product-supplier\/a58\/#listItem","name":"A58"},"previousItem":{"@type":"ListItem","@id":"https:\/\/hidalgo.nl\/de\/#listItem","name":"Home"}},{"@type":"ListItem","@id":"https:\/\/hidalgo.nl\/en\/product-supplier\/a58\/#listItem","position":3,"name":"A58","item":"https:\/\/hidalgo.nl\/en\/product-supplier\/a58\/","nextItem":{"@type":"ListItem","@id":"https:\/\/hidalgo.nl\/de\/product\/6830\/waterman-allure-deluxe-kugelschreiber-bedrucken-blau-etui\/#listItem","name":"Waterman Allure Deluxe balpen"},"previousItem":{"@type":"ListItem","@id":"https:\/\/hidalgo.nl\/example\/#listItem","name":"example"}},{"@type":"ListItem","@id":"https:\/\/hidalgo.nl\/de\/product\/6830\/waterman-allure-deluxe-kugelschreiber-bedrucken-blau-etui\/#listItem","position":4,"name":"Waterman Allure Deluxe balpen","previousItem":{"@type":"ListItem","@id":"https:\/\/hidalgo.nl\/en\/product-supplier\/a58\/#listItem","name":"A58"}}]},{"@type":"Organization","@id":"https:\/\/hidalgo.nl\/de\/#organization","name":"Hidalgo","url":"https:\/\/hidalgo.nl\/de\/","logo":{"@type":"ImageObject","url":"https:\/\/shop.hidalgo.nl\/wp-content\/uploads\/2025\/11\/cropped-Hidalgo-est1993.png","@id":"https:\/\/hidalgo.nl\/de\/product\/6830\/waterman-allure-deluxe-kugelschreiber-bedrucken-blau-etui\/#organizationLogo","width":585,"height":195},"image":{"@id":"https:\/\/hidalgo.nl\/de\/product\/6830\/waterman-allure-deluxe-kugelschreiber-bedrucken-blau-etui\/#organizationLogo"}},{"@type":"ProductGroup","@id":"https:\/\/hidalgo.nl\/de\/product\/6830\/waterman-allure-deluxe-kugelschreiber-bedrucken-blau-etui\/#wooCommerceProduct","name":"Waterman Allure Deluxe Kugelschreiber bedrucken Blau Etui","url":"https:\/\/hidalgo.nl\/de\/product\/6830\/waterman-allure-deluxe-kugelschreiber-bedrucken-blau-etui\/","brand":{"@type":"Brand","name":"Waterman"},"sku":"A58-1006006","image":{"@type":"ImageObject","url":"https:\/\/shop.hidalgo.nl\/wp-content\/uploads\/2025\/05\/24c4906f0d63dc0b0b02c880f22f2ad6125641468a6e345a39d0fbe63f3d1004.jpg","@id":"https:\/\/hidalgo.nl\/de\/product\/6830\/waterman-allure-deluxe-kugelschreiber-bedrucken-blau-etui\/#productImage","width":1000,"height":617},"productGroupID":6830,"hasVariant":[{"@type":"Product","@id":"https:\/\/hidalgo.nl\/de\/product\/6830\/waterman-allure-deluxe-kugelschreiber-bedrucken-blau-etui\/#wooCommerceProduct","name":"Waterman Allure Deluxe balpen - wit, blauwschrijvend, blauwschrijvend","url":"https:\/\/hidalgo.nl\/de\/product\/6830\/waterman-allure-deluxe-kugelschreiber-bedrucken-blau-etui\/","sku":"A58-1006006-002999128","gtin":"3026981745171","image":{"@type":"ImageObject","url":"https:\/\/shop.hidalgo.nl\/wp-content\/uploads\/2025\/05\/3972247cd9e6d6c489b6fad55cc1c5be296e567fcc99e1b5ca34a13243d73c95.jpg","@id":"https:\/\/hidalgo.nl\/de\/product\/6830\/waterman-allure-deluxe-kugelschreiber-bedrucken-blau-etui\/#productImage","width":1000,"height":80},"offers":{"@type":"Offer","url":"https:\/\/hidalgo.nl\/de\/product\/6830\/waterman-allure-deluxe-kugelschreiber-bedrucken-blau-etui\/#wooCommerceOffer","price":"35.54","priceCurrency":"EUR","category":"Promotionele Artikelen","availability":"https:\/\/schema.org\/InStock","priceSpecification":{"@type":"PriceSpecification","price":35.54,"priceCurrency":"EUR","valueAddedTaxIncluded":"true"}}},{"@type":"Product","@id":"https:\/\/hidalgo.nl\/de\/product\/6830\/waterman-allure-deluxe-kugelschreiber-bedrucken-blau-etui\/#wooCommerceProduct","name":"Waterman Allure Deluxe balpen - blauw, blauwschrijvend, blauwschrijvend","url":"https:\/\/hidalgo.nl\/de\/product\/6830\/waterman-allure-deluxe-kugelschreiber-bedrucken-blau-etui\/","sku":"A58-1006006-005999128","gtin":"3026981745126","image":{"@type":"ImageObject","url":"https:\/\/shop.hidalgo.nl\/wp-content\/uploads\/2025\/05\/d808352488454af8c3cf778908f314b20bfb2cd0efbe9b9bf4f11396787c5291.jpg","@id":"https:\/\/hidalgo.nl\/de\/product\/6830\/waterman-allure-deluxe-kugelschreiber-bedrucken-blau-etui\/#productImage","width":1000,"height":78},"offers":{"@type":"Offer","url":"https:\/\/hidalgo.nl\/de\/product\/6830\/waterman-allure-deluxe-kugelschreiber-bedrucken-blau-etui\/#wooCommerceOffer","price":"35.54","priceCurrency":"EUR","category":"Promotionele Artikelen","availability":"https:\/\/schema.org\/InStock","priceSpecification":{"@type":"PriceSpecification","price":35.54,"priceCurrency":"EUR","valueAddedTaxIncluded":"true"}}}]},{"@type":"WebPage","@id":"https:\/\/hidalgo.nl\/de\/product\/6830\/waterman-allure-deluxe-kugelschreiber-bedrucken-blau-etui\/#webpage","url":"https:\/\/hidalgo.nl\/de\/product\/6830\/waterman-allure-deluxe-kugelschreiber-bedrucken-blau-etui\/","name":"Waterman Allure Deluxe Kugelschreiber bedrucken Blau Etui","description":"Mit dem Waterman Allure Deluxe hinterl\u00e4sst du bei jedem Gesch\u00e4ftstermin einen bleibenden Eindruck. Du kannst diese hochwertigen Kugelschreiber bedrucken lassen, um dein Logo auf dem edlen Geh\u00e4use samt passender Geschenkbox stilvoll zu pr\u00e4sentieren. Dieses exklusive Werbemittel st\u00e4rkt deine Marke bei Kunden und Partnern gleicherma\u00dfen.","inLanguage":"de-DE","isPartOf":{"@id":"https:\/\/hidalgo.nl\/de\/#website"},"breadcrumb":{"@id":"https:\/\/hidalgo.nl\/de\/product\/6830\/waterman-allure-deluxe-kugelschreiber-bedrucken-blau-etui\/#breadcrumblist"},"image":{"@type":"ImageObject","url":"https:\/\/shop.hidalgo.nl\/wp-content\/uploads\/2025\/05\/24c4906f0d63dc0b0b02c880f22f2ad6125641468a6e345a39d0fbe63f3d1004.jpg","@id":"https:\/\/hidalgo.nl\/de\/product\/6830\/waterman-allure-deluxe-kugelschreiber-bedrucken-blau-etui\/#mainImage","width":1000,"height":617},"primaryImageOfPage":{"@id":"https:\/\/hidalgo.nl\/de\/product\/6830\/waterman-allure-deluxe-kugelschreiber-bedrucken-blau-etui\/#mainImage"},"datePublished":"2025-07-03T09:32:36+00:00","dateModified":"2026-03-16T08:49:54+00:00"},{"@type":"WebSite","@id":"https:\/\/hidalgo.nl\/de\/#website","url":"https:\/\/hidalgo.nl\/de\/","name":"Hidalgo","inLanguage":"de-DE","publisher":{"@id":"https:\/\/hidalgo.nl\/de\/#organization"}}]},"og:locale":"de_DE","og:site_name":"Hidalgo -","og:type":"article","og:title":"Waterman Allure Deluxe Kugelschreiber bedrucken Blau Etui","og:description":"Mit dem Waterman Allure Deluxe hinterl\u00e4sst du bei jedem Gesch\u00e4ftstermin einen bleibenden Eindruck. Du kannst diese hochwertigen Kugelschreiber bedrucken lassen, um dein Logo auf dem edlen Geh\u00e4use samt passender Geschenkbox stilvoll zu pr\u00e4sentieren. Dieses exklusive Werbemittel st\u00e4rkt deine Marke bei Kunden und Partnern gleicherma\u00dfen.","og:url":"https:\/\/hidalgo.nl\/de\/wp-json\/wp\/v2\/product\/6830","og:image":"https:\/\/shop.hidalgo.nl\/wp-content\/uploads\/2025\/11\/cropped-Hidalgo-est1993.png","og:image:secure_url":"https:\/\/shop.hidalgo.nl\/wp-content\/uploads\/2025\/11\/cropped-Hidalgo-est1993.png","article:published_time":"2025-07-03T09:32:36+00:00","article:modified_time":"2026-03-16T08:49:54+00:00","twitter:card":"summary_large_image","twitter:title":"Waterman Allure Deluxe Kugelschreiber bedrucken Blau Etui","twitter:description":"Mit dem Waterman Allure Deluxe hinterl\u00e4sst du bei jedem Gesch\u00e4ftstermin einen bleibenden Eindruck. Du kannst diese hochwertigen Kugelschreiber bedrucken lassen, um dein Logo auf dem edlen Geh\u00e4use samt passender Geschenkbox stilvoll zu pr\u00e4sentieren. Dieses exklusive Werbemittel st\u00e4rkt deine Marke bei Kunden und Partnern gleicherma\u00dfen.","twitter:image":"https:\/\/shop.hidalgo.nl\/wp-content\/uploads\/2025\/11\/cropped-Hidalgo-est1993.png"},"aioseo_meta_data":{"post_id":"6830","title":null,"description":null,"keywords":null,"keyphrases":null,"primary_term":null,"canonical_url":null,"og_title":null,"og_description":null,"og_object_type":"default","og_image_type":"default","og_image_url":null,"og_image_width":null,"og_image_height":null,"og_image_custom_url":null,"og_image_custom_fields":null,"og_video":null,"og_custom_url":null,"og_article_section":null,"og_article_tags":null,"twitter_use_og":false,"twitter_card":"default","twitter_image_type":"default","twitter_image_url":null,"twitter_image_custom_url":null,"twitter_image_custom_fields":null,"twitter_title":null,"twitter_description":null,"schema":{"blockGraphs":[],"customGraphs":[],"default":{"data":{"Article":[],"Course":[],"Dataset":[],"FAQPage":[],"Movie":[],"Person":[],"Product":[],"ProductReview":[],"Car":[],"Recipe":[],"Service":[],"SoftwareApplication":[],"WebPage":[]},"graphName":"","isEnabled":true},"graphs":[]},"schema_type":"default","schema_type_options":null,"pillar_content":false,"robots_default":true,"robots_noindex":false,"robots_noarchive":false,"robots_nosnippet":false,"robots_nofollow":false,"robots_noimageindex":false,"robots_noodp":false,"robots_notranslate":false,"robots_max_snippet":null,"robots_max_videopreview":null,"robots_max_imagepreview":"large","priority":null,"frequency":null,"local_seo":null,"seo_analyzer_scan_date":"2026-01-30 19:54:21","breadcrumb_settings":null,"limit_modified_date":false,"reviewed_by":null,"open_ai":null,"ai":null,"created":"2026-01-14 06:17:37","updated":"2026-04-23 12:02:58"},"aioseo_breadcrumb":"<div class=\"aioseo-breadcrumbs\"><span class=\"aioseo-breadcrumb\">\n\t<a href=\"https:\/\/hidalgo.nl\/de\/\" title=\"Home\">Home<\/a>\n<\/span><span class=\"aioseo-breadcrumb-separator\">\u00bb<\/span><span class=\"aioseo-breadcrumb\">\n\t<a href=\"https:\/\/hidalgo.nl\/example\/\" title=\"example\">example<\/a>\n<\/span><span class=\"aioseo-breadcrumb-separator\">\u00bb<\/span><span class=\"aioseo-breadcrumb\">\n\t<a href=\"https:\/\/hidalgo.nl\/en\/product-supplier\/a58\/\" title=\"A58\">A58<\/a>\n<\/span><span class=\"aioseo-breadcrumb-separator\">\u00bb<\/span><span class=\"aioseo-breadcrumb\">\n\tWaterman Allure Deluxe balpen\n<\/span><\/div>","aioseo_breadcrumb_json":[{"label":"Home","link":"https:\/\/hidalgo.nl\/de\/"},{"label":"example","link":"https:\/\/hidalgo.nl\/example\/"},{"label":"A58","link":"https:\/\/hidalgo.nl\/en\/product-supplier\/a58\/"},{"label":"Waterman Allure Deluxe balpen","link":"https:\/\/hidalgo.nl\/de\/product\/6830\/waterman-allure-deluxe-kugelschreiber-bedrucken-blau-etui\/"}],"_links":{"self":[{"href":"https:\/\/hidalgo.nl\/de\/wp-json\/wp\/v2\/product\/6830","targetHints":{"allow":["GET"]}}],"collection":[{"href":"https:\/\/hidalgo.nl\/de\/wp-json\/wp\/v2\/product"}],"about":[{"href":"https:\/\/hidalgo.nl\/de\/wp-json\/wp\/v2\/types\/product"}],"wp:featuredmedia":[{"embeddable":true,"href":"https:\/\/hidalgo.nl\/de\/wp-json\/wp\/v2\/media\/6831"}],"wp:attachment":[{"href":"https:\/\/hidalgo.nl\/de\/wp-json\/wp\/v2\/media?parent=6830"}],"wp:term":[{"taxonomy":"product_brand","embeddable":true,"href":"https:\/\/hidalgo.nl\/de\/wp-json\/wp\/v2\/product_brand?post=6830"},{"taxonomy":"product_cat","embeddable":true,"href":"https:\/\/hidalgo.nl\/de\/wp-json\/wp\/v2\/product_cat?post=6830"},{"taxonomy":"product_tag","embeddable":true,"href":"https:\/\/hidalgo.nl\/de\/wp-json\/wp\/v2\/product_tag?post=6830"}],"curies":[{"name":"wp","href":"https:\/\/api.w.org\/{rel}","templated":true}]}}