{"id":6743,"date":"2025-07-03T09:31:53","date_gmt":"2025-07-03T09:31:53","guid":{"rendered":"http:\/\/bidonsenshakers.pim.hidalgo.nl\/product\/pu-schrijfmap-gitta\/"},"modified":"2026-03-17T00:26:52","modified_gmt":"2026-03-17T00:26:52","slug":"pu-schrijfmap-gitta","status":"publish","type":"product","link":"https:\/\/hidalgo.nl\/de\/product\/6743\/pu-schreibmappe-gitta-bedrucken-schreibblock-organizer-a4\/","title":{"rendered":"PU schrijfmap Gitta"},"content":{"rendered":"<p>Gevoerde PU documentenmap in A4 formaat met verschillende binnenvakken, notitieblok (ca. 25 vel), en een elastieken pennenlus. Exclusief pen geleverd.<\/p>\n","protected":false},"excerpt":{"rendered":"<p>Gevoerde PU documentenmap in A4 formaat met verschillende binnenvakken, notitieblok (ca. 25 vel), en een elastieken pennenlus. Exclusief pen geleverd.<\/p>\n","protected":false},"featured_media":6744,"template":"","meta":{"_acf_changed":false,"om_disable_all_campaigns":false,"_monsterinsights_skip_tracking":false,"_monsterinsights_sitenote_active":false,"_monsterinsights_sitenote_note":"","_monsterinsights_sitenote_category":0},"product_brand":[49],"product_cat":[4821,4741,4719],"product_tag":[],"class_list":{"0":"post-6743","1":"product","2":"type-product","3":"status-publish","4":"has-post-thumbnail","6":"product_supplier-a58","7":"product_material-polyester-210d","8":"product_material-pvc-0-70-mm","9":"product_brand-impression","10":"product_cat-promotionele-artikelen-kantoor-artikelen-document-en-schrijfmappen","11":"product_cat-promotionele-artikelen-kantoor-artikelen","12":"product_cat-promotionele-artikelen","13":"entry","15":"first","16":"instock","17":"taxable","18":"shipping-taxable","19":"purchasable","20":"product-type-variable"},"acf":{"imprint_cost":[{"imprint_cost_key":"9c1620c468f37784215cb3f504e91bcc617569cc","product_quantity_price_range":[{"imprint_cost_recommended_selling_price":"2.66","imprint_cost_recommended_selling_quantity":"1"},{"imprint_cost_recommended_selling_price":"1.63","imprint_cost_recommended_selling_quantity":"25"},{"imprint_cost_recommended_selling_price":"1.22","imprint_cost_recommended_selling_quantity":"50"},{"imprint_cost_recommended_selling_price":"0.88","imprint_cost_recommended_selling_quantity":"100"},{"imprint_cost_recommended_selling_price":"0.52","imprint_cost_recommended_selling_quantity":"250"},{"imprint_cost_recommended_selling_price":"0.43","imprint_cost_recommended_selling_quantity":"500"},{"imprint_cost_recommended_selling_price":"0.37","imprint_cost_recommended_selling_quantity":"1000"},{"imprint_cost_recommended_selling_price":"0.29","imprint_cost_recommended_selling_quantity":"2500"}],"product_quantity_price_range_buying":false,"imprint_cost_setup_costs":"30.77","imprint_cost_handling_costs":"0.26"},{"imprint_cost_key":"f383a94ff7cebda0865591ce3617178693b8d248","product_quantity_price_range":[{"imprint_cost_recommended_selling_price":"3.83","imprint_cost_recommended_selling_quantity":"1"},{"imprint_cost_recommended_selling_price":"2.08","imprint_cost_recommended_selling_quantity":"25"},{"imprint_cost_recommended_selling_price":"1.48","imprint_cost_recommended_selling_quantity":"50"},{"imprint_cost_recommended_selling_price":"0.86","imprint_cost_recommended_selling_quantity":"100"},{"imprint_cost_recommended_selling_price":"0.66","imprint_cost_recommended_selling_quantity":"250"},{"imprint_cost_recommended_selling_price":"0.57","imprint_cost_recommended_selling_quantity":"500"},{"imprint_cost_recommended_selling_price":"0.4","imprint_cost_recommended_selling_quantity":"1000"},{"imprint_cost_recommended_selling_price":"0.37","imprint_cost_recommended_selling_quantity":"2500"},{"imprint_cost_recommended_selling_price":"0.34","imprint_cost_recommended_selling_quantity":"5000"}],"product_quantity_price_range_buying":false,"imprint_cost_setup_costs":"52.31","imprint_cost_handling_costs":"0.26"},{"imprint_cost_key":"8157fcb8b26ad02e4665cdc174f16174d5fc6f3a","product_quantity_price_range":[{"imprint_cost_recommended_selling_price":"5.91","imprint_cost_recommended_selling_quantity":"1"},{"imprint_cost_recommended_selling_price":"2.97","imprint_cost_recommended_selling_quantity":"25"},{"imprint_cost_recommended_selling_price":"1.49","imprint_cost_recommended_selling_quantity":"50"},{"imprint_cost_recommended_selling_price":"0.69","imprint_cost_recommended_selling_quantity":"100"},{"imprint_cost_recommended_selling_price":"0.55","imprint_cost_recommended_selling_quantity":"250"},{"imprint_cost_recommended_selling_price":"0.43","imprint_cost_recommended_selling_quantity":"500"},{"imprint_cost_recommended_selling_price":"0.4","imprint_cost_recommended_selling_quantity":"1000"},{"imprint_cost_recommended_selling_price":"0.35","imprint_cost_recommended_selling_quantity":"2500"},{"imprint_cost_recommended_selling_price":"0.34","imprint_cost_recommended_selling_quantity":"5000"},{"imprint_cost_recommended_selling_price":"0.32","imprint_cost_recommended_selling_quantity":"10000"}],"product_quantity_price_range_buying":false,"imprint_cost_setup_costs":"52.31","imprint_cost_handling_costs":"0.26"}]},"aioseo_notices":[],"aioseo_head":"\n\t\t<!-- All in One SEO Pro 4.9.6.2 - aioseo.com -->\n\t<meta name=\"description\" content=\"Mit dem Modell Gitta strukturierst du deinen Arbeitsalltag &amp; hast wichtige Unterlagen bei jedem Termin sofort griffbereit. Diese Konferenzmappe mit Notizblock bietet dir funktionale Innenf\u00e4cher f\u00fcr Visitenkarten, w\u00e4hrend wir f\u00fcr dich diese Business Mappen personalisieren &amp; dein Logo hochwertig in Szene setzen.\" \/>\n\t<meta name=\"robots\" content=\"max-image-preview:large\" \/>\n\t<link rel=\"canonical\" href=\"https:\/\/hidalgo.nl\/de\/wp-json\/wp\/v2\/product\/6743\" \/>\n\t<meta name=\"generator\" content=\"All in One SEO Pro (AIOSEO) 4.9.6.2\" \/>\n\t\t<meta property=\"og:locale\" content=\"de_DE\" \/>\n\t\t<meta property=\"og:site_name\" content=\"Hidalgo -\" \/>\n\t\t<meta property=\"og:type\" content=\"article\" \/>\n\t\t<meta property=\"og:title\" content=\"PU Schreibmappe Gitta bedrucken Schreibblock Organizer A4\" \/>\n\t\t<meta property=\"og:description\" content=\"Mit dem Modell Gitta strukturierst du deinen Arbeitsalltag &amp; hast wichtige Unterlagen bei jedem Termin sofort griffbereit. Diese Konferenzmappe mit Notizblock bietet dir funktionale Innenf\u00e4cher f\u00fcr Visitenkarten, w\u00e4hrend wir f\u00fcr dich diese Business Mappen personalisieren &amp; dein Logo hochwertig in Szene setzen.\" \/>\n\t\t<meta property=\"og:url\" content=\"https:\/\/hidalgo.nl\/de\/wp-json\/wp\/v2\/product\/6743\" \/>\n\t\t<meta property=\"og:image\" content=\"https:\/\/shop.hidalgo.nl\/wp-content\/uploads\/2025\/11\/cropped-Hidalgo-est1993.png\" \/>\n\t\t<meta property=\"og:image:secure_url\" content=\"https:\/\/shop.hidalgo.nl\/wp-content\/uploads\/2025\/11\/cropped-Hidalgo-est1993.png\" \/>\n\t\t<meta property=\"article:published_time\" content=\"2025-07-03T09:31:53+00:00\" \/>\n\t\t<meta property=\"article:modified_time\" content=\"2026-03-17T00:26:52+00:00\" \/>\n\t\t<meta name=\"twitter:card\" content=\"summary_large_image\" \/>\n\t\t<meta name=\"twitter:title\" content=\"PU Schreibmappe Gitta bedrucken Schreibblock Organizer A4\" \/>\n\t\t<meta name=\"twitter:description\" content=\"Mit dem Modell Gitta strukturierst du deinen Arbeitsalltag &amp; hast wichtige Unterlagen bei jedem Termin sofort griffbereit. Diese Konferenzmappe mit Notizblock bietet dir funktionale Innenf\u00e4cher f\u00fcr Visitenkarten, w\u00e4hrend wir f\u00fcr dich diese Business Mappen personalisieren &amp; dein Logo hochwertig in Szene setzen.\" \/>\n\t\t<meta name=\"twitter:image\" content=\"https:\/\/shop.hidalgo.nl\/wp-content\/uploads\/2025\/11\/cropped-Hidalgo-est1993.png\" \/>\n\t\t<script type=\"application\/ld+json\" class=\"aioseo-schema\">\n\t\t\t{\"@context\":\"https:\\\/\\\/schema.org\",\"@graph\":[{\"@type\":\"BreadcrumbList\",\"@id\":\"https:\\\/\\\/hidalgo.nl\\\/de\\\/product\\\/6743\\\/pu-schreibmappe-gitta-bedrucken-schreibblock-organizer-a4\\\/#breadcrumblist\",\"itemListElement\":[{\"@type\":\"ListItem\",\"@id\":\"https:\\\/\\\/hidalgo.nl\\\/de\\\/#listItem\",\"position\":1,\"name\":\"Home\",\"item\":\"https:\\\/\\\/hidalgo.nl\\\/de\\\/\",\"nextItem\":{\"@type\":\"ListItem\",\"@id\":\"https:\\\/\\\/hidalgo.nl\\\/example\\\/#listItem\",\"name\":\"example\"}},{\"@type\":\"ListItem\",\"@id\":\"https:\\\/\\\/hidalgo.nl\\\/example\\\/#listItem\",\"position\":2,\"name\":\"example\",\"item\":\"https:\\\/\\\/hidalgo.nl\\\/example\\\/\",\"nextItem\":{\"@type\":\"ListItem\",\"@id\":\"https:\\\/\\\/hidalgo.nl\\\/en\\\/product-supplier\\\/a58\\\/#listItem\",\"name\":\"A58\"},\"previousItem\":{\"@type\":\"ListItem\",\"@id\":\"https:\\\/\\\/hidalgo.nl\\\/de\\\/#listItem\",\"name\":\"Home\"}},{\"@type\":\"ListItem\",\"@id\":\"https:\\\/\\\/hidalgo.nl\\\/en\\\/product-supplier\\\/a58\\\/#listItem\",\"position\":3,\"name\":\"A58\",\"item\":\"https:\\\/\\\/hidalgo.nl\\\/en\\\/product-supplier\\\/a58\\\/\",\"nextItem\":{\"@type\":\"ListItem\",\"@id\":\"https:\\\/\\\/hidalgo.nl\\\/de\\\/product\\\/6743\\\/pu-schreibmappe-gitta-bedrucken-schreibblock-organizer-a4\\\/#listItem\",\"name\":\"PU schrijfmap Gitta\"},\"previousItem\":{\"@type\":\"ListItem\",\"@id\":\"https:\\\/\\\/hidalgo.nl\\\/example\\\/#listItem\",\"name\":\"example\"}},{\"@type\":\"ListItem\",\"@id\":\"https:\\\/\\\/hidalgo.nl\\\/de\\\/product\\\/6743\\\/pu-schreibmappe-gitta-bedrucken-schreibblock-organizer-a4\\\/#listItem\",\"position\":4,\"name\":\"PU schrijfmap Gitta\",\"previousItem\":{\"@type\":\"ListItem\",\"@id\":\"https:\\\/\\\/hidalgo.nl\\\/en\\\/product-supplier\\\/a58\\\/#listItem\",\"name\":\"A58\"}}]},{\"@type\":\"Organization\",\"@id\":\"https:\\\/\\\/hidalgo.nl\\\/de\\\/#organization\",\"name\":\"Hidalgo\",\"url\":\"https:\\\/\\\/hidalgo.nl\\\/de\\\/\",\"logo\":{\"@type\":\"ImageObject\",\"url\":\"https:\\\/\\\/shop.hidalgo.nl\\\/wp-content\\\/uploads\\\/2025\\\/11\\\/cropped-Hidalgo-est1993.png\",\"@id\":\"https:\\\/\\\/hidalgo.nl\\\/de\\\/product\\\/6743\\\/pu-schreibmappe-gitta-bedrucken-schreibblock-organizer-a4\\\/#organizationLogo\",\"width\":585,\"height\":195},\"image\":{\"@id\":\"https:\\\/\\\/hidalgo.nl\\\/de\\\/product\\\/6743\\\/pu-schreibmappe-gitta-bedrucken-schreibblock-organizer-a4\\\/#organizationLogo\"}},{\"@type\":\"ProductGroup\",\"@id\":\"https:\\\/\\\/hidalgo.nl\\\/de\\\/product\\\/6743\\\/pu-schreibmappe-gitta-bedrucken-schreibblock-organizer-a4\\\/#wooCommerceProduct\",\"name\":\"PU Schreibmappe Gitta bedrucken Schreibblock Organizer A4\",\"url\":\"https:\\\/\\\/hidalgo.nl\\\/de\\\/product\\\/6743\\\/pu-schreibmappe-gitta-bedrucken-schreibblock-organizer-a4\\\/\",\"brand\":{\"@type\":\"Brand\",\"name\":\"IMPRESSION\"},\"sku\":\"A58-0967\",\"image\":{\"@type\":\"ImageObject\",\"url\":\"https:\\\/\\\/shop.hidalgo.nl\\\/wp-content\\\/uploads\\\/2025\\\/05\\\/df05c2313a5911b2081aa066426485e29d49126e77fecc1caeb8e1a8a8ce611f.jpg\",\"@id\":\"https:\\\/\\\/hidalgo.nl\\\/de\\\/product\\\/6743\\\/pu-schreibmappe-gitta-bedrucken-schreibblock-organizer-a4\\\/#productImage\",\"width\":1000,\"height\":640},\"productGroupID\":6743,\"hasVariant\":[{\"@type\":\"Product\",\"@id\":\"https:\\\/\\\/hidalgo.nl\\\/de\\\/product\\\/6743\\\/pu-schreibmappe-gitta-bedrucken-schreibblock-organizer-a4\\\/#wooCommerceProduct\",\"name\":\"PU schrijfmap Gitta - zwart,\",\"url\":\"https:\\\/\\\/hidalgo.nl\\\/de\\\/product\\\/6743\\\/pu-schreibmappe-gitta-bedrucken-schreibblock-organizer-a4\\\/\",\"sku\":\"A58-0967-001999999\",\"gtin\":\"8717568945170\",\"image\":{\"@type\":\"ImageObject\",\"url\":\"https:\\\/\\\/shop.hidalgo.nl\\\/wp-content\\\/uploads\\\/2025\\\/05\\\/275921b1d3fc4c7070b605db47ebcf45201a663d5f2b9099bfa52bf294419c6e.jpg\",\"@id\":\"https:\\\/\\\/hidalgo.nl\\\/de\\\/product\\\/6743\\\/pu-schreibmappe-gitta-bedrucken-schreibblock-organizer-a4\\\/#productImage\",\"width\":780,\"height\":1000},\"offers\":{\"@type\":\"Offer\",\"url\":\"https:\\\/\\\/hidalgo.nl\\\/de\\\/product\\\/6743\\\/pu-schreibmappe-gitta-bedrucken-schreibblock-organizer-a4\\\/#wooCommerceOffer\",\"price\":\"16.33\",\"priceCurrency\":\"EUR\",\"category\":\"Promotionele Artikelen\",\"availability\":\"https:\\\/\\\/schema.org\\\/InStock\",\"priceSpecification\":{\"@type\":\"PriceSpecification\",\"price\":16.33,\"priceCurrency\":\"EUR\",\"valueAddedTaxIncluded\":\"true\"}}}]},{\"@type\":\"WebPage\",\"@id\":\"https:\\\/\\\/hidalgo.nl\\\/de\\\/product\\\/6743\\\/pu-schreibmappe-gitta-bedrucken-schreibblock-organizer-a4\\\/#webpage\",\"url\":\"https:\\\/\\\/hidalgo.nl\\\/de\\\/product\\\/6743\\\/pu-schreibmappe-gitta-bedrucken-schreibblock-organizer-a4\\\/\",\"name\":\"PU Schreibmappe Gitta bedrucken Schreibblock Organizer A4\",\"description\":\"Mit dem Modell Gitta strukturierst du deinen Arbeitsalltag & hast wichtige Unterlagen bei jedem Termin sofort griffbereit. Diese Konferenzmappe mit Notizblock bietet dir funktionale Innenf\\u00e4cher f\\u00fcr Visitenkarten, w\\u00e4hrend wir f\\u00fcr dich diese Business Mappen personalisieren & dein Logo hochwertig in Szene setzen.\",\"inLanguage\":\"de-DE\",\"isPartOf\":{\"@id\":\"https:\\\/\\\/hidalgo.nl\\\/de\\\/#website\"},\"breadcrumb\":{\"@id\":\"https:\\\/\\\/hidalgo.nl\\\/de\\\/product\\\/6743\\\/pu-schreibmappe-gitta-bedrucken-schreibblock-organizer-a4\\\/#breadcrumblist\"},\"image\":{\"@type\":\"ImageObject\",\"url\":\"https:\\\/\\\/shop.hidalgo.nl\\\/wp-content\\\/uploads\\\/2025\\\/05\\\/df05c2313a5911b2081aa066426485e29d49126e77fecc1caeb8e1a8a8ce611f.jpg\",\"@id\":\"https:\\\/\\\/hidalgo.nl\\\/de\\\/product\\\/6743\\\/pu-schreibmappe-gitta-bedrucken-schreibblock-organizer-a4\\\/#mainImage\",\"width\":1000,\"height\":640},\"primaryImageOfPage\":{\"@id\":\"https:\\\/\\\/hidalgo.nl\\\/de\\\/product\\\/6743\\\/pu-schreibmappe-gitta-bedrucken-schreibblock-organizer-a4\\\/#mainImage\"},\"datePublished\":\"2025-07-03T09:31:53+00:00\",\"dateModified\":\"2026-03-17T00:26:52+00:00\"},{\"@type\":\"WebSite\",\"@id\":\"https:\\\/\\\/hidalgo.nl\\\/de\\\/#website\",\"url\":\"https:\\\/\\\/hidalgo.nl\\\/de\\\/\",\"name\":\"Hidalgo\",\"inLanguage\":\"de-DE\",\"publisher\":{\"@id\":\"https:\\\/\\\/hidalgo.nl\\\/de\\\/#organization\"}}]}\n\t\t<\/script>\n\t\t<!-- All in One SEO Pro -->\r\n\t\t<title>PU Schreibmappe Gitta bedrucken Schreibblock Organizer A4<\/title>\n\n","aioseo_head_json":{"title":"PU Schreibmappe Gitta bedrucken Schreibblock Organizer A4","description":"Mit dem Modell Gitta strukturierst du deinen Arbeitsalltag & hast wichtige Unterlagen bei jedem Termin sofort griffbereit. Diese Konferenzmappe mit Notizblock bietet dir funktionale Innenf\u00e4cher f\u00fcr Visitenkarten, w\u00e4hrend wir f\u00fcr dich diese Business Mappen personalisieren & dein Logo hochwertig in Szene setzen.","canonical_url":"https:\/\/hidalgo.nl\/de\/wp-json\/wp\/v2\/product\/6743","robots":"max-image-preview:large","keywords":"","webmasterTools":{"miscellaneous":""},"schema":{"@context":"https:\/\/schema.org","@graph":[{"@type":"BreadcrumbList","@id":"https:\/\/hidalgo.nl\/de\/product\/6743\/pu-schreibmappe-gitta-bedrucken-schreibblock-organizer-a4\/#breadcrumblist","itemListElement":[{"@type":"ListItem","@id":"https:\/\/hidalgo.nl\/de\/#listItem","position":1,"name":"Home","item":"https:\/\/hidalgo.nl\/de\/","nextItem":{"@type":"ListItem","@id":"https:\/\/hidalgo.nl\/example\/#listItem","name":"example"}},{"@type":"ListItem","@id":"https:\/\/hidalgo.nl\/example\/#listItem","position":2,"name":"example","item":"https:\/\/hidalgo.nl\/example\/","nextItem":{"@type":"ListItem","@id":"https:\/\/hidalgo.nl\/en\/product-supplier\/a58\/#listItem","name":"A58"},"previousItem":{"@type":"ListItem","@id":"https:\/\/hidalgo.nl\/de\/#listItem","name":"Home"}},{"@type":"ListItem","@id":"https:\/\/hidalgo.nl\/en\/product-supplier\/a58\/#listItem","position":3,"name":"A58","item":"https:\/\/hidalgo.nl\/en\/product-supplier\/a58\/","nextItem":{"@type":"ListItem","@id":"https:\/\/hidalgo.nl\/de\/product\/6743\/pu-schreibmappe-gitta-bedrucken-schreibblock-organizer-a4\/#listItem","name":"PU schrijfmap Gitta"},"previousItem":{"@type":"ListItem","@id":"https:\/\/hidalgo.nl\/example\/#listItem","name":"example"}},{"@type":"ListItem","@id":"https:\/\/hidalgo.nl\/de\/product\/6743\/pu-schreibmappe-gitta-bedrucken-schreibblock-organizer-a4\/#listItem","position":4,"name":"PU schrijfmap Gitta","previousItem":{"@type":"ListItem","@id":"https:\/\/hidalgo.nl\/en\/product-supplier\/a58\/#listItem","name":"A58"}}]},{"@type":"Organization","@id":"https:\/\/hidalgo.nl\/de\/#organization","name":"Hidalgo","url":"https:\/\/hidalgo.nl\/de\/","logo":{"@type":"ImageObject","url":"https:\/\/shop.hidalgo.nl\/wp-content\/uploads\/2025\/11\/cropped-Hidalgo-est1993.png","@id":"https:\/\/hidalgo.nl\/de\/product\/6743\/pu-schreibmappe-gitta-bedrucken-schreibblock-organizer-a4\/#organizationLogo","width":585,"height":195},"image":{"@id":"https:\/\/hidalgo.nl\/de\/product\/6743\/pu-schreibmappe-gitta-bedrucken-schreibblock-organizer-a4\/#organizationLogo"}},{"@type":"ProductGroup","@id":"https:\/\/hidalgo.nl\/de\/product\/6743\/pu-schreibmappe-gitta-bedrucken-schreibblock-organizer-a4\/#wooCommerceProduct","name":"PU Schreibmappe Gitta bedrucken Schreibblock Organizer A4","url":"https:\/\/hidalgo.nl\/de\/product\/6743\/pu-schreibmappe-gitta-bedrucken-schreibblock-organizer-a4\/","brand":{"@type":"Brand","name":"IMPRESSION"},"sku":"A58-0967","image":{"@type":"ImageObject","url":"https:\/\/shop.hidalgo.nl\/wp-content\/uploads\/2025\/05\/df05c2313a5911b2081aa066426485e29d49126e77fecc1caeb8e1a8a8ce611f.jpg","@id":"https:\/\/hidalgo.nl\/de\/product\/6743\/pu-schreibmappe-gitta-bedrucken-schreibblock-organizer-a4\/#productImage","width":1000,"height":640},"productGroupID":6743,"hasVariant":[{"@type":"Product","@id":"https:\/\/hidalgo.nl\/de\/product\/6743\/pu-schreibmappe-gitta-bedrucken-schreibblock-organizer-a4\/#wooCommerceProduct","name":"PU schrijfmap Gitta - zwart,","url":"https:\/\/hidalgo.nl\/de\/product\/6743\/pu-schreibmappe-gitta-bedrucken-schreibblock-organizer-a4\/","sku":"A58-0967-001999999","gtin":"8717568945170","image":{"@type":"ImageObject","url":"https:\/\/shop.hidalgo.nl\/wp-content\/uploads\/2025\/05\/275921b1d3fc4c7070b605db47ebcf45201a663d5f2b9099bfa52bf294419c6e.jpg","@id":"https:\/\/hidalgo.nl\/de\/product\/6743\/pu-schreibmappe-gitta-bedrucken-schreibblock-organizer-a4\/#productImage","width":780,"height":1000},"offers":{"@type":"Offer","url":"https:\/\/hidalgo.nl\/de\/product\/6743\/pu-schreibmappe-gitta-bedrucken-schreibblock-organizer-a4\/#wooCommerceOffer","price":"16.33","priceCurrency":"EUR","category":"Promotionele Artikelen","availability":"https:\/\/schema.org\/InStock","priceSpecification":{"@type":"PriceSpecification","price":16.33,"priceCurrency":"EUR","valueAddedTaxIncluded":"true"}}}]},{"@type":"WebPage","@id":"https:\/\/hidalgo.nl\/de\/product\/6743\/pu-schreibmappe-gitta-bedrucken-schreibblock-organizer-a4\/#webpage","url":"https:\/\/hidalgo.nl\/de\/product\/6743\/pu-schreibmappe-gitta-bedrucken-schreibblock-organizer-a4\/","name":"PU Schreibmappe Gitta bedrucken Schreibblock Organizer A4","description":"Mit dem Modell Gitta strukturierst du deinen Arbeitsalltag & hast wichtige Unterlagen bei jedem Termin sofort griffbereit. Diese Konferenzmappe mit Notizblock bietet dir funktionale Innenf\u00e4cher f\u00fcr Visitenkarten, w\u00e4hrend wir f\u00fcr dich diese Business Mappen personalisieren & dein Logo hochwertig in Szene setzen.","inLanguage":"de-DE","isPartOf":{"@id":"https:\/\/hidalgo.nl\/de\/#website"},"breadcrumb":{"@id":"https:\/\/hidalgo.nl\/de\/product\/6743\/pu-schreibmappe-gitta-bedrucken-schreibblock-organizer-a4\/#breadcrumblist"},"image":{"@type":"ImageObject","url":"https:\/\/shop.hidalgo.nl\/wp-content\/uploads\/2025\/05\/df05c2313a5911b2081aa066426485e29d49126e77fecc1caeb8e1a8a8ce611f.jpg","@id":"https:\/\/hidalgo.nl\/de\/product\/6743\/pu-schreibmappe-gitta-bedrucken-schreibblock-organizer-a4\/#mainImage","width":1000,"height":640},"primaryImageOfPage":{"@id":"https:\/\/hidalgo.nl\/de\/product\/6743\/pu-schreibmappe-gitta-bedrucken-schreibblock-organizer-a4\/#mainImage"},"datePublished":"2025-07-03T09:31:53+00:00","dateModified":"2026-03-17T00:26:52+00:00"},{"@type":"WebSite","@id":"https:\/\/hidalgo.nl\/de\/#website","url":"https:\/\/hidalgo.nl\/de\/","name":"Hidalgo","inLanguage":"de-DE","publisher":{"@id":"https:\/\/hidalgo.nl\/de\/#organization"}}]},"og:locale":"de_DE","og:site_name":"Hidalgo -","og:type":"article","og:title":"PU Schreibmappe Gitta bedrucken Schreibblock Organizer A4","og:description":"Mit dem Modell Gitta strukturierst du deinen Arbeitsalltag &amp; hast wichtige Unterlagen bei jedem Termin sofort griffbereit. Diese Konferenzmappe mit Notizblock bietet dir funktionale Innenf\u00e4cher f\u00fcr Visitenkarten, w\u00e4hrend wir f\u00fcr dich diese Business Mappen personalisieren &amp; dein Logo hochwertig in Szene setzen.","og:url":"https:\/\/hidalgo.nl\/de\/wp-json\/wp\/v2\/product\/6743","og:image":"https:\/\/shop.hidalgo.nl\/wp-content\/uploads\/2025\/11\/cropped-Hidalgo-est1993.png","og:image:secure_url":"https:\/\/shop.hidalgo.nl\/wp-content\/uploads\/2025\/11\/cropped-Hidalgo-est1993.png","article:published_time":"2025-07-03T09:31:53+00:00","article:modified_time":"2026-03-17T00:26:52+00:00","twitter:card":"summary_large_image","twitter:title":"PU Schreibmappe Gitta bedrucken Schreibblock Organizer A4","twitter:description":"Mit dem Modell Gitta strukturierst du deinen Arbeitsalltag &amp; hast wichtige Unterlagen bei jedem Termin sofort griffbereit. Diese Konferenzmappe mit Notizblock bietet dir funktionale Innenf\u00e4cher f\u00fcr Visitenkarten, w\u00e4hrend wir f\u00fcr dich diese Business Mappen personalisieren &amp; dein Logo hochwertig in Szene setzen.","twitter:image":"https:\/\/shop.hidalgo.nl\/wp-content\/uploads\/2025\/11\/cropped-Hidalgo-est1993.png"},"aioseo_meta_data":{"post_id":"6743","title":null,"description":null,"keywords":null,"keyphrases":null,"primary_term":null,"canonical_url":null,"og_title":null,"og_description":null,"og_object_type":"default","og_image_type":"default","og_image_url":null,"og_image_width":null,"og_image_height":null,"og_image_custom_url":null,"og_image_custom_fields":null,"og_video":null,"og_custom_url":null,"og_article_section":null,"og_article_tags":null,"twitter_use_og":false,"twitter_card":"default","twitter_image_type":"default","twitter_image_url":null,"twitter_image_custom_url":null,"twitter_image_custom_fields":null,"twitter_title":null,"twitter_description":null,"schema":{"blockGraphs":[],"customGraphs":[],"default":{"data":{"Article":[],"Course":[],"Dataset":[],"FAQPage":[],"Movie":[],"Person":[],"Product":[],"ProductReview":[],"Car":[],"Recipe":[],"Service":[],"SoftwareApplication":[],"WebPage":[]},"graphName":"","isEnabled":true},"graphs":[]},"schema_type":"default","schema_type_options":null,"pillar_content":false,"robots_default":true,"robots_noindex":false,"robots_noarchive":false,"robots_nosnippet":false,"robots_nofollow":false,"robots_noimageindex":false,"robots_noodp":false,"robots_notranslate":false,"robots_max_snippet":null,"robots_max_videopreview":null,"robots_max_imagepreview":"large","priority":null,"frequency":null,"local_seo":null,"seo_analyzer_scan_date":"2026-01-30 19:09:44","breadcrumb_settings":null,"limit_modified_date":false,"reviewed_by":null,"open_ai":null,"ai":null,"created":"2026-01-14 06:17:37","updated":"2026-04-23 12:02:58"},"aioseo_breadcrumb":"<div class=\"aioseo-breadcrumbs\"><span class=\"aioseo-breadcrumb\">\n\t<a href=\"https:\/\/hidalgo.nl\/de\/\" title=\"Home\">Home<\/a>\n<\/span><span class=\"aioseo-breadcrumb-separator\">\u00bb<\/span><span class=\"aioseo-breadcrumb\">\n\t<a href=\"https:\/\/hidalgo.nl\/example\/\" title=\"example\">example<\/a>\n<\/span><span class=\"aioseo-breadcrumb-separator\">\u00bb<\/span><span class=\"aioseo-breadcrumb\">\n\t<a href=\"https:\/\/hidalgo.nl\/en\/product-supplier\/a58\/\" title=\"A58\">A58<\/a>\n<\/span><span class=\"aioseo-breadcrumb-separator\">\u00bb<\/span><span class=\"aioseo-breadcrumb\">\n\tPU schrijfmap Gitta\n<\/span><\/div>","aioseo_breadcrumb_json":[{"label":"Home","link":"https:\/\/hidalgo.nl\/de\/"},{"label":"example","link":"https:\/\/hidalgo.nl\/example\/"},{"label":"A58","link":"https:\/\/hidalgo.nl\/en\/product-supplier\/a58\/"},{"label":"PU schrijfmap Gitta","link":"https:\/\/hidalgo.nl\/de\/product\/6743\/pu-schreibmappe-gitta-bedrucken-schreibblock-organizer-a4\/"}],"_links":{"self":[{"href":"https:\/\/hidalgo.nl\/de\/wp-json\/wp\/v2\/product\/6743","targetHints":{"allow":["GET"]}}],"collection":[{"href":"https:\/\/hidalgo.nl\/de\/wp-json\/wp\/v2\/product"}],"about":[{"href":"https:\/\/hidalgo.nl\/de\/wp-json\/wp\/v2\/types\/product"}],"wp:featuredmedia":[{"embeddable":true,"href":"https:\/\/hidalgo.nl\/de\/wp-json\/wp\/v2\/media\/6744"}],"wp:attachment":[{"href":"https:\/\/hidalgo.nl\/de\/wp-json\/wp\/v2\/media?parent=6743"}],"wp:term":[{"taxonomy":"product_brand","embeddable":true,"href":"https:\/\/hidalgo.nl\/de\/wp-json\/wp\/v2\/product_brand?post=6743"},{"taxonomy":"product_cat","embeddable":true,"href":"https:\/\/hidalgo.nl\/de\/wp-json\/wp\/v2\/product_cat?post=6743"},{"taxonomy":"product_tag","embeddable":true,"href":"https:\/\/hidalgo.nl\/de\/wp-json\/wp\/v2\/product_tag?post=6743"}],"curies":[{"name":"wp","href":"https:\/\/api.w.org\/{rel}","templated":true}]}}