{"id":487311,"date":"2025-08-19T00:23:35","date_gmt":"2025-08-19T00:23:35","guid":{"rendered":"http:\/\/bidonsenshakers.pim.hidalgo.nl\/product\/tucano-lato-backpack-17-inch-rugzak\/"},"modified":"2026-02-26T07:37:02","modified_gmt":"2026-02-26T07:37:02","slug":"tucano-lato-backpack-17-inch-rugzak","status":"publish","type":"product","link":"https:\/\/hidalgo.nl\/de\/product\/tucano-lato-backpack-17-inch-rugzak\/","title":{"rendered":"Tucano Lato Backpack 17 inch rugzak"},"content":{"rendered":"<p>Een veelzijdige, lichtgewicht laptoprugzak van het Italiaanse merk Tucano. Gemaakt van materialen geproduceerd uit gerecycled kunststof, waaronder 22 PET-flessen. Het grootste compartimenten heeft een stootbestendig opbergvak voor een laptop tot 17 inch of MacBook Pro 16 inch en een mesh ritsvak. Het kleinere compartiment heeft een stootbestendig opbergvak voor een tablet, twee mesh accessoirevakken en een kabelpoort. Met ritsvak aan de voorzijde, elastische zijvakken voor een drinkfles en paraplu en een handige trolleyriem. De comfortabele handgreep, de verstelbare, gewatteerde schouderbanden en de ergonomische rugzijde zorgen voor extra draagcomfort. Een ideale rugzak met een slimme indeling en veel opbergruimte. Compleet gevoerd. Inhoud ca. 30 liter.<\/p>\n","protected":false},"excerpt":{"rendered":"<p>Een veelzijdige, lichtgewicht laptoprugzak van het Italiaanse merk Tucano. Gemaakt van materialen geproduceerd uit gerecycled kunststof, waaronder 22 PET-flessen. Het grootste compartimenten heeft een stootbestendig opbergvak voor een laptop tot 17 inch of MacBook Pro 16 inch en een mesh ritsvak. Het kleinere compartiment heeft een stootbestendig opbergvak voor een tablet, twee mesh accessoirevakken en&hellip; <a class=\"more-link\" href=\"https:\/\/hidalgo.nl\/de\/product\/tucano-lato-backpack-17-inch-rugzak\/\"><span class=\"screen-reader-text\">Tucano Lato Backpack 17 inch rugzak<\/span> weiterlesen<\/a><\/p>\n","protected":false},"featured_media":577098,"template":"","meta":{"_acf_changed":false,"om_disable_all_campaigns":false,"_monsterinsights_skip_tracking":false,"_monsterinsights_sitenote_active":false,"_monsterinsights_sitenote_note":"","_monsterinsights_sitenote_category":0},"product_brand":[1903],"product_cat":[4760,4932,4713],"product_tag":[],"class_list":{"0":"post-487311","1":"product","2":"type-product","3":"status-publish","4":"has-post-thumbnail","6":"product_supplier-a508","7":"product_material-rpet","8":"product_brand-tucano","9":"product_cat-document-tassen","10":"product_cat-document-tassen-laptop-rugtassen","11":"product_cat-tassen","12":"entry","14":"first","15":"instock","16":"taxable","17":"shipping-taxable","18":"purchasable","19":"product-type-variable"},"acf":{"imprint_cost":[{"imprint_cost_key":"ccccf465e41ad4bb34fad9c72b52aa06a00c54a3","product_quantity_price_range":[{"imprint_cost_recommended_selling_price":"1.875","imprint_cost_recommended_selling_quantity":"1"},{"imprint_cost_recommended_selling_price":"1.725","imprint_cost_recommended_selling_quantity":"25"},{"imprint_cost_recommended_selling_price":"1.575","imprint_cost_recommended_selling_quantity":"50"},{"imprint_cost_recommended_selling_price":"1.5","imprint_cost_recommended_selling_quantity":"100"},{"imprint_cost_recommended_selling_price":"1.425","imprint_cost_recommended_selling_quantity":"250"},{"imprint_cost_recommended_selling_price":"1.35","imprint_cost_recommended_selling_quantity":"500"},{"imprint_cost_recommended_selling_price":"1.275","imprint_cost_recommended_selling_quantity":"1000"},{"imprint_cost_recommended_selling_price":"1.23","imprint_cost_recommended_selling_quantity":"2500"},{"imprint_cost_recommended_selling_price":"1.2","imprint_cost_recommended_selling_quantity":"5000"}],"product_quantity_price_range_buying":[{"imprint_cost_general_buying_price":"1.25","imprint_cost_general_buying_quantity":"1"},{"imprint_cost_general_buying_price":"1.15","imprint_cost_general_buying_quantity":"25"},{"imprint_cost_general_buying_price":"1.05","imprint_cost_general_buying_quantity":"50"},{"imprint_cost_general_buying_price":"1","imprint_cost_general_buying_quantity":"100"},{"imprint_cost_general_buying_price":"0.95","imprint_cost_general_buying_quantity":"250"},{"imprint_cost_general_buying_price":"0.9","imprint_cost_general_buying_quantity":"500"},{"imprint_cost_general_buying_price":"0.85","imprint_cost_general_buying_quantity":"1000"},{"imprint_cost_general_buying_price":"0.82","imprint_cost_general_buying_quantity":"2500"},{"imprint_cost_general_buying_price":"0.8","imprint_cost_general_buying_quantity":"5000"}],"imprint_cost_setup_costs":"52.5","imprint_cost_handling_costs":"0.03"},{"imprint_cost_key":"edfb2b65eb2c78e4bc82cb9843c2b2e91d1cabd2","product_quantity_price_range":[{"imprint_cost_recommended_selling_price":"1.875","imprint_cost_recommended_selling_quantity":"1"},{"imprint_cost_recommended_selling_price":"1.725","imprint_cost_recommended_selling_quantity":"25"},{"imprint_cost_recommended_selling_price":"1.575","imprint_cost_recommended_selling_quantity":"50"},{"imprint_cost_recommended_selling_price":"1.5","imprint_cost_recommended_selling_quantity":"100"},{"imprint_cost_recommended_selling_price":"1.425","imprint_cost_recommended_selling_quantity":"250"},{"imprint_cost_recommended_selling_price":"1.35","imprint_cost_recommended_selling_quantity":"500"},{"imprint_cost_recommended_selling_price":"1.275","imprint_cost_recommended_selling_quantity":"1000"},{"imprint_cost_recommended_selling_price":"1.23","imprint_cost_recommended_selling_quantity":"2500"},{"imprint_cost_recommended_selling_price":"1.2","imprint_cost_recommended_selling_quantity":"5000"}],"product_quantity_price_range_buying":[{"imprint_cost_general_buying_price":"1.25","imprint_cost_general_buying_quantity":"1"},{"imprint_cost_general_buying_price":"1.15","imprint_cost_general_buying_quantity":"25"},{"imprint_cost_general_buying_price":"1.05","imprint_cost_general_buying_quantity":"50"},{"imprint_cost_general_buying_price":"1","imprint_cost_general_buying_quantity":"100"},{"imprint_cost_general_buying_price":"0.95","imprint_cost_general_buying_quantity":"250"},{"imprint_cost_general_buying_price":"0.9","imprint_cost_general_buying_quantity":"500"},{"imprint_cost_general_buying_price":"0.85","imprint_cost_general_buying_quantity":"1000"},{"imprint_cost_general_buying_price":"0.82","imprint_cost_general_buying_quantity":"2500"},{"imprint_cost_general_buying_price":"0.8","imprint_cost_general_buying_quantity":"5000"}],"imprint_cost_setup_costs":"52.5","imprint_cost_handling_costs":"0.03"}]},"aioseo_notices":[],"aioseo_head":"\n\t\t<!-- All in One SEO Pro 4.9.6.2 - aioseo.com -->\n\t<meta name=\"description\" content=\"Mit dem Tucano Lato bekommst du einen leichten Laptoprucksack f\u00fcr Ger\u00e4te bis 17 Zoll, mit sto\u00dfgesch\u00fctztem Fach und ca. 30 l Volumen - ideal f\u00fcr B\u00fcro und Hochschule. Hidalgo druckt dein Logo pr\u00e4zise auf die Tasche, so wird sie zum starken Werbetr\u00e4ger f\u00fcr Teams &amp; Events.\" \/>\n\t<meta name=\"robots\" content=\"max-image-preview:large\" \/>\n\t<link rel=\"canonical\" href=\"https:\/\/hidalgo.nl\/de\/wp-json\/wp\/v2\/product\/487311\" \/>\n\t<meta name=\"generator\" content=\"All in One SEO Pro (AIOSEO) 4.9.6.2\" \/>\n\t\t<meta property=\"og:locale\" content=\"de_DE\" \/>\n\t\t<meta property=\"og:site_name\" content=\"Hidalgo -\" \/>\n\t\t<meta property=\"og:type\" content=\"article\" \/>\n\t\t<meta property=\"og:title\" content=\"Tucano Lato Backpack 17 inch rugzak\" \/>\n\t\t<meta property=\"og:description\" content=\"Mit dem Tucano Lato bekommst du einen leichten Laptoprucksack f\u00fcr Ger\u00e4te bis 17 Zoll, mit sto\u00dfgesch\u00fctztem Fach und ca. 30 l Volumen - ideal f\u00fcr B\u00fcro und Hochschule. Hidalgo druckt dein Logo pr\u00e4zise auf die Tasche, so wird sie zum starken Werbetr\u00e4ger f\u00fcr Teams &amp; Events.\" \/>\n\t\t<meta property=\"og:url\" content=\"https:\/\/hidalgo.nl\/de\/wp-json\/wp\/v2\/product\/487311\" \/>\n\t\t<meta property=\"og:image\" content=\"https:\/\/shop.hidalgo.nl\/wp-content\/uploads\/2025\/11\/cropped-Hidalgo-est1993.png\" \/>\n\t\t<meta property=\"og:image:secure_url\" content=\"https:\/\/shop.hidalgo.nl\/wp-content\/uploads\/2025\/11\/cropped-Hidalgo-est1993.png\" \/>\n\t\t<meta property=\"article:published_time\" content=\"2025-08-19T00:23:35+00:00\" \/>\n\t\t<meta property=\"article:modified_time\" content=\"2026-02-26T07:37:02+00:00\" \/>\n\t\t<meta name=\"twitter:card\" content=\"summary_large_image\" \/>\n\t\t<meta name=\"twitter:title\" content=\"Tucano Lato Backpack 17 inch rugzak\" \/>\n\t\t<meta name=\"twitter:description\" content=\"Mit dem Tucano Lato bekommst du einen leichten Laptoprucksack f\u00fcr Ger\u00e4te bis 17 Zoll, mit sto\u00dfgesch\u00fctztem Fach und ca. 30 l Volumen - ideal f\u00fcr B\u00fcro und Hochschule. Hidalgo druckt dein Logo pr\u00e4zise auf die Tasche, so wird sie zum starken Werbetr\u00e4ger f\u00fcr Teams &amp; Events.\" \/>\n\t\t<meta name=\"twitter:image\" content=\"https:\/\/shop.hidalgo.nl\/wp-content\/uploads\/2025\/11\/cropped-Hidalgo-est1993.png\" \/>\n\t\t<script type=\"application\/ld+json\" class=\"aioseo-schema\">\n\t\t\t{\"@context\":\"https:\\\/\\\/schema.org\",\"@graph\":[{\"@type\":\"BreadcrumbList\",\"@id\":\"https:\\\/\\\/hidalgo.nl\\\/de\\\/product\\\/tucano-lato-backpack-17-inch-rugzak\\\/#breadcrumblist\",\"itemListElement\":[{\"@type\":\"ListItem\",\"@id\":\"https:\\\/\\\/hidalgo.nl\\\/de\\\/#listItem\",\"position\":1,\"name\":\"Home\",\"item\":\"https:\\\/\\\/hidalgo.nl\\\/de\\\/\",\"nextItem\":{\"@type\":\"ListItem\",\"@id\":\"https:\\\/\\\/hidalgo.nl\\\/example\\\/#listItem\",\"name\":\"example\"}},{\"@type\":\"ListItem\",\"@id\":\"https:\\\/\\\/hidalgo.nl\\\/example\\\/#listItem\",\"position\":2,\"name\":\"example\",\"item\":\"https:\\\/\\\/hidalgo.nl\\\/example\\\/\",\"nextItem\":{\"@type\":\"ListItem\",\"@id\":\"https:\\\/\\\/hidalgo.nl\\\/en\\\/product-supplier\\\/a508\\\/#listItem\",\"name\":\"A508\"},\"previousItem\":{\"@type\":\"ListItem\",\"@id\":\"https:\\\/\\\/hidalgo.nl\\\/de\\\/#listItem\",\"name\":\"Home\"}},{\"@type\":\"ListItem\",\"@id\":\"https:\\\/\\\/hidalgo.nl\\\/en\\\/product-supplier\\\/a508\\\/#listItem\",\"position\":3,\"name\":\"A508\",\"item\":\"https:\\\/\\\/hidalgo.nl\\\/en\\\/product-supplier\\\/a508\\\/\",\"nextItem\":{\"@type\":\"ListItem\",\"@id\":\"https:\\\/\\\/hidalgo.nl\\\/de\\\/product\\\/tucano-lato-backpack-17-inch-rugzak\\\/#listItem\",\"name\":\"Tucano Lato Backpack 17 inch rugzak\"},\"previousItem\":{\"@type\":\"ListItem\",\"@id\":\"https:\\\/\\\/hidalgo.nl\\\/example\\\/#listItem\",\"name\":\"example\"}},{\"@type\":\"ListItem\",\"@id\":\"https:\\\/\\\/hidalgo.nl\\\/de\\\/product\\\/tucano-lato-backpack-17-inch-rugzak\\\/#listItem\",\"position\":4,\"name\":\"Tucano Lato Backpack 17 inch rugzak\",\"previousItem\":{\"@type\":\"ListItem\",\"@id\":\"https:\\\/\\\/hidalgo.nl\\\/en\\\/product-supplier\\\/a508\\\/#listItem\",\"name\":\"A508\"}}]},{\"@type\":\"Organization\",\"@id\":\"https:\\\/\\\/hidalgo.nl\\\/de\\\/#organization\",\"name\":\"Hidalgo\",\"url\":\"https:\\\/\\\/hidalgo.nl\\\/de\\\/\",\"logo\":{\"@type\":\"ImageObject\",\"url\":\"https:\\\/\\\/shop.hidalgo.nl\\\/wp-content\\\/uploads\\\/2025\\\/11\\\/cropped-Hidalgo-est1993.png\",\"@id\":\"https:\\\/\\\/hidalgo.nl\\\/de\\\/product\\\/tucano-lato-backpack-17-inch-rugzak\\\/#organizationLogo\",\"width\":585,\"height\":195},\"image\":{\"@id\":\"https:\\\/\\\/hidalgo.nl\\\/de\\\/product\\\/tucano-lato-backpack-17-inch-rugzak\\\/#organizationLogo\"}},{\"@type\":\"ProductGroup\",\"@id\":\"https:\\\/\\\/hidalgo.nl\\\/de\\\/product\\\/tucano-lato-backpack-17-inch-rugzak\\\/#wooCommerceProduct\",\"name\":\"Tucano Lato Backpack 17 inch rugzak\",\"url\":\"https:\\\/\\\/hidalgo.nl\\\/de\\\/product\\\/tucano-lato-backpack-17-inch-rugzak\\\/\",\"brand\":{\"@type\":\"Brand\",\"name\":\"TUCANO\"},\"sku\":\"A508-3138\",\"image\":{\"@type\":\"ImageObject\",\"url\":\"https:\\\/\\\/shop.hidalgo.nl\\\/wp-content\\\/uploads\\\/2025\\\/03\\\/ff32d388436c638d7c80d3443836d5ea99b0c579f3347f0d8b2ec08110bfc422.jpg\",\"@id\":\"https:\\\/\\\/hidalgo.nl\\\/de\\\/product\\\/tucano-lato-backpack-17-inch-rugzak\\\/#productImage\"},\"productGroupID\":487311,\"hasVariant\":[{\"@type\":\"Product\",\"@id\":\"https:\\\/\\\/hidalgo.nl\\\/de\\\/product\\\/tucano-lato-backpack-17-inch-rugzak\\\/#wooCommerceProduct\",\"name\":\"Tucano Lato Backpack 17 inch rugzak - zwart\",\"url\":\"https:\\\/\\\/hidalgo.nl\\\/de\\\/product\\\/tucano-lato-backpack-17-inch-rugzak\\\/\",\"sku\":\"A508-313898\",\"image\":{\"@type\":\"ImageObject\",\"url\":\"https:\\\/\\\/shop.hidalgo.nl\\\/wp-content\\\/uploads\\\/2025\\\/07\\\/ff32d388436c638d7c80d3443836d5ea99b0c579f3347f0d8b2ec08110bfc422.jpg\",\"@id\":\"https:\\\/\\\/hidalgo.nl\\\/de\\\/product\\\/tucano-lato-backpack-17-inch-rugzak\\\/#productImage\",\"width\":1000,\"height\":1000},\"offers\":{\"@type\":\"Offer\",\"url\":\"https:\\\/\\\/hidalgo.nl\\\/de\\\/product\\\/tucano-lato-backpack-17-inch-rugzak\\\/#wooCommerceOffer\",\"price\":\"59.925\",\"priceCurrency\":\"EUR\",\"category\":\"Tassen\",\"availability\":\"https:\\\/\\\/schema.org\\\/InStock\",\"priceSpecification\":{\"@type\":\"PriceSpecification\",\"price\":59.925,\"priceCurrency\":\"EUR\",\"valueAddedTaxIncluded\":\"true\"}}}]},{\"@type\":\"WebPage\",\"@id\":\"https:\\\/\\\/hidalgo.nl\\\/de\\\/product\\\/tucano-lato-backpack-17-inch-rugzak\\\/#webpage\",\"url\":\"https:\\\/\\\/hidalgo.nl\\\/de\\\/product\\\/tucano-lato-backpack-17-inch-rugzak\\\/\",\"name\":\"Tucano Lato Backpack 17 inch rugzak\",\"description\":\"Mit dem Tucano Lato bekommst du einen leichten Laptoprucksack f\\u00fcr Ger\\u00e4te bis 17 Zoll, mit sto\\u00dfgesch\\u00fctztem Fach und ca. 30 l Volumen - ideal f\\u00fcr B\\u00fcro und Hochschule. Hidalgo druckt dein Logo pr\\u00e4zise auf die Tasche, so wird sie zum starken Werbetr\\u00e4ger f\\u00fcr Teams & Events.\",\"inLanguage\":\"de-DE\",\"isPartOf\":{\"@id\":\"https:\\\/\\\/hidalgo.nl\\\/de\\\/#website\"},\"breadcrumb\":{\"@id\":\"https:\\\/\\\/hidalgo.nl\\\/de\\\/product\\\/tucano-lato-backpack-17-inch-rugzak\\\/#breadcrumblist\"},\"image\":{\"@type\":\"ImageObject\",\"url\":\"https:\\\/\\\/shop.hidalgo.nl\\\/wp-content\\\/uploads\\\/2025\\\/03\\\/ff32d388436c638d7c80d3443836d5ea99b0c579f3347f0d8b2ec08110bfc422.jpg\",\"@id\":\"https:\\\/\\\/hidalgo.nl\\\/de\\\/product\\\/tucano-lato-backpack-17-inch-rugzak\\\/#mainImage\"},\"primaryImageOfPage\":{\"@id\":\"https:\\\/\\\/hidalgo.nl\\\/de\\\/product\\\/tucano-lato-backpack-17-inch-rugzak\\\/#mainImage\"},\"datePublished\":\"2025-08-19T00:23:35+00:00\",\"dateModified\":\"2026-02-26T07:37:02+00:00\"},{\"@type\":\"WebSite\",\"@id\":\"https:\\\/\\\/hidalgo.nl\\\/de\\\/#website\",\"url\":\"https:\\\/\\\/hidalgo.nl\\\/de\\\/\",\"name\":\"Hidalgo\",\"inLanguage\":\"de-DE\",\"publisher\":{\"@id\":\"https:\\\/\\\/hidalgo.nl\\\/de\\\/#organization\"}}]}\n\t\t<\/script>\n\t\t<!-- All in One SEO Pro -->\r\n\t\t<title>Tucano Lato Backpack 17 inch rugzak<\/title>\n\n","aioseo_head_json":{"title":"Tucano Lato Backpack 17 inch rugzak","description":"Mit dem Tucano Lato bekommst du einen leichten Laptoprucksack f\u00fcr Ger\u00e4te bis 17 Zoll, mit sto\u00dfgesch\u00fctztem Fach und ca. 30 l Volumen - ideal f\u00fcr B\u00fcro und Hochschule. Hidalgo druckt dein Logo pr\u00e4zise auf die Tasche, so wird sie zum starken Werbetr\u00e4ger f\u00fcr Teams & Events.","canonical_url":"https:\/\/hidalgo.nl\/de\/wp-json\/wp\/v2\/product\/487311","robots":"max-image-preview:large","keywords":"","webmasterTools":{"miscellaneous":""},"schema":{"@context":"https:\/\/schema.org","@graph":[{"@type":"BreadcrumbList","@id":"https:\/\/hidalgo.nl\/de\/product\/tucano-lato-backpack-17-inch-rugzak\/#breadcrumblist","itemListElement":[{"@type":"ListItem","@id":"https:\/\/hidalgo.nl\/de\/#listItem","position":1,"name":"Home","item":"https:\/\/hidalgo.nl\/de\/","nextItem":{"@type":"ListItem","@id":"https:\/\/hidalgo.nl\/example\/#listItem","name":"example"}},{"@type":"ListItem","@id":"https:\/\/hidalgo.nl\/example\/#listItem","position":2,"name":"example","item":"https:\/\/hidalgo.nl\/example\/","nextItem":{"@type":"ListItem","@id":"https:\/\/hidalgo.nl\/en\/product-supplier\/a508\/#listItem","name":"A508"},"previousItem":{"@type":"ListItem","@id":"https:\/\/hidalgo.nl\/de\/#listItem","name":"Home"}},{"@type":"ListItem","@id":"https:\/\/hidalgo.nl\/en\/product-supplier\/a508\/#listItem","position":3,"name":"A508","item":"https:\/\/hidalgo.nl\/en\/product-supplier\/a508\/","nextItem":{"@type":"ListItem","@id":"https:\/\/hidalgo.nl\/de\/product\/tucano-lato-backpack-17-inch-rugzak\/#listItem","name":"Tucano Lato Backpack 17 inch rugzak"},"previousItem":{"@type":"ListItem","@id":"https:\/\/hidalgo.nl\/example\/#listItem","name":"example"}},{"@type":"ListItem","@id":"https:\/\/hidalgo.nl\/de\/product\/tucano-lato-backpack-17-inch-rugzak\/#listItem","position":4,"name":"Tucano Lato Backpack 17 inch rugzak","previousItem":{"@type":"ListItem","@id":"https:\/\/hidalgo.nl\/en\/product-supplier\/a508\/#listItem","name":"A508"}}]},{"@type":"Organization","@id":"https:\/\/hidalgo.nl\/de\/#organization","name":"Hidalgo","url":"https:\/\/hidalgo.nl\/de\/","logo":{"@type":"ImageObject","url":"https:\/\/shop.hidalgo.nl\/wp-content\/uploads\/2025\/11\/cropped-Hidalgo-est1993.png","@id":"https:\/\/hidalgo.nl\/de\/product\/tucano-lato-backpack-17-inch-rugzak\/#organizationLogo","width":585,"height":195},"image":{"@id":"https:\/\/hidalgo.nl\/de\/product\/tucano-lato-backpack-17-inch-rugzak\/#organizationLogo"}},{"@type":"ProductGroup","@id":"https:\/\/hidalgo.nl\/de\/product\/tucano-lato-backpack-17-inch-rugzak\/#wooCommerceProduct","name":"Tucano Lato Backpack 17 inch rugzak","url":"https:\/\/hidalgo.nl\/de\/product\/tucano-lato-backpack-17-inch-rugzak\/","brand":{"@type":"Brand","name":"TUCANO"},"sku":"A508-3138","image":{"@type":"ImageObject","url":"https:\/\/shop.hidalgo.nl\/wp-content\/uploads\/2025\/03\/ff32d388436c638d7c80d3443836d5ea99b0c579f3347f0d8b2ec08110bfc422.jpg","@id":"https:\/\/hidalgo.nl\/de\/product\/tucano-lato-backpack-17-inch-rugzak\/#productImage"},"productGroupID":487311,"hasVariant":[{"@type":"Product","@id":"https:\/\/hidalgo.nl\/de\/product\/tucano-lato-backpack-17-inch-rugzak\/#wooCommerceProduct","name":"Tucano Lato Backpack 17 inch rugzak - zwart","url":"https:\/\/hidalgo.nl\/de\/product\/tucano-lato-backpack-17-inch-rugzak\/","sku":"A508-313898","image":{"@type":"ImageObject","url":"https:\/\/shop.hidalgo.nl\/wp-content\/uploads\/2025\/07\/ff32d388436c638d7c80d3443836d5ea99b0c579f3347f0d8b2ec08110bfc422.jpg","@id":"https:\/\/hidalgo.nl\/de\/product\/tucano-lato-backpack-17-inch-rugzak\/#productImage","width":1000,"height":1000},"offers":{"@type":"Offer","url":"https:\/\/hidalgo.nl\/de\/product\/tucano-lato-backpack-17-inch-rugzak\/#wooCommerceOffer","price":"59.925","priceCurrency":"EUR","category":"Tassen","availability":"https:\/\/schema.org\/InStock","priceSpecification":{"@type":"PriceSpecification","price":59.925,"priceCurrency":"EUR","valueAddedTaxIncluded":"true"}}}]},{"@type":"WebPage","@id":"https:\/\/hidalgo.nl\/de\/product\/tucano-lato-backpack-17-inch-rugzak\/#webpage","url":"https:\/\/hidalgo.nl\/de\/product\/tucano-lato-backpack-17-inch-rugzak\/","name":"Tucano Lato Backpack 17 inch rugzak","description":"Mit dem Tucano Lato bekommst du einen leichten Laptoprucksack f\u00fcr Ger\u00e4te bis 17 Zoll, mit sto\u00dfgesch\u00fctztem Fach und ca. 30 l Volumen - ideal f\u00fcr B\u00fcro und Hochschule. Hidalgo druckt dein Logo pr\u00e4zise auf die Tasche, so wird sie zum starken Werbetr\u00e4ger f\u00fcr Teams & Events.","inLanguage":"de-DE","isPartOf":{"@id":"https:\/\/hidalgo.nl\/de\/#website"},"breadcrumb":{"@id":"https:\/\/hidalgo.nl\/de\/product\/tucano-lato-backpack-17-inch-rugzak\/#breadcrumblist"},"image":{"@type":"ImageObject","url":"https:\/\/shop.hidalgo.nl\/wp-content\/uploads\/2025\/03\/ff32d388436c638d7c80d3443836d5ea99b0c579f3347f0d8b2ec08110bfc422.jpg","@id":"https:\/\/hidalgo.nl\/de\/product\/tucano-lato-backpack-17-inch-rugzak\/#mainImage"},"primaryImageOfPage":{"@id":"https:\/\/hidalgo.nl\/de\/product\/tucano-lato-backpack-17-inch-rugzak\/#mainImage"},"datePublished":"2025-08-19T00:23:35+00:00","dateModified":"2026-02-26T07:37:02+00:00"},{"@type":"WebSite","@id":"https:\/\/hidalgo.nl\/de\/#website","url":"https:\/\/hidalgo.nl\/de\/","name":"Hidalgo","inLanguage":"de-DE","publisher":{"@id":"https:\/\/hidalgo.nl\/de\/#organization"}}]},"og:locale":"de_DE","og:site_name":"Hidalgo -","og:type":"article","og:title":"Tucano Lato Backpack 17 inch rugzak","og:description":"Mit dem Tucano Lato bekommst du einen leichten Laptoprucksack f\u00fcr Ger\u00e4te bis 17 Zoll, mit sto\u00dfgesch\u00fctztem Fach und ca. 30 l Volumen - ideal f\u00fcr B\u00fcro und Hochschule. Hidalgo druckt dein Logo pr\u00e4zise auf die Tasche, so wird sie zum starken Werbetr\u00e4ger f\u00fcr Teams &amp; Events.","og:url":"https:\/\/hidalgo.nl\/de\/wp-json\/wp\/v2\/product\/487311","og:image":"https:\/\/shop.hidalgo.nl\/wp-content\/uploads\/2025\/11\/cropped-Hidalgo-est1993.png","og:image:secure_url":"https:\/\/shop.hidalgo.nl\/wp-content\/uploads\/2025\/11\/cropped-Hidalgo-est1993.png","article:published_time":"2025-08-19T00:23:35+00:00","article:modified_time":"2026-02-26T07:37:02+00:00","twitter:card":"summary_large_image","twitter:title":"Tucano Lato Backpack 17 inch rugzak","twitter:description":"Mit dem Tucano Lato bekommst du einen leichten Laptoprucksack f\u00fcr Ger\u00e4te bis 17 Zoll, mit sto\u00dfgesch\u00fctztem Fach und ca. 30 l Volumen - ideal f\u00fcr B\u00fcro und Hochschule. Hidalgo druckt dein Logo pr\u00e4zise auf die Tasche, so wird sie zum starken Werbetr\u00e4ger f\u00fcr Teams &amp; Events.","twitter:image":"https:\/\/shop.hidalgo.nl\/wp-content\/uploads\/2025\/11\/cropped-Hidalgo-est1993.png"},"aioseo_meta_data":{"post_id":"487311","title":null,"description":null,"keywords":null,"keyphrases":null,"primary_term":null,"canonical_url":null,"og_title":null,"og_description":null,"og_object_type":"default","og_image_type":"default","og_image_url":null,"og_image_width":null,"og_image_height":null,"og_image_custom_url":null,"og_image_custom_fields":null,"og_video":null,"og_custom_url":null,"og_article_section":null,"og_article_tags":null,"twitter_use_og":false,"twitter_card":"default","twitter_image_type":"default","twitter_image_url":null,"twitter_image_custom_url":null,"twitter_image_custom_fields":null,"twitter_title":null,"twitter_description":null,"schema":{"blockGraphs":[],"customGraphs":[],"default":{"data":{"Article":[],"Course":[],"Dataset":[],"FAQPage":[],"Movie":[],"Person":[],"Product":[],"ProductReview":[],"Car":[],"Recipe":[],"Service":[],"SoftwareApplication":[],"WebPage":[]},"graphName":"","isEnabled":true},"graphs":[]},"schema_type":"default","schema_type_options":null,"pillar_content":false,"robots_default":true,"robots_noindex":false,"robots_noarchive":false,"robots_nosnippet":false,"robots_nofollow":false,"robots_noimageindex":false,"robots_noodp":false,"robots_notranslate":false,"robots_max_snippet":null,"robots_max_videopreview":null,"robots_max_imagepreview":"large","priority":null,"frequency":null,"local_seo":null,"seo_analyzer_scan_date":"2026-01-23 07:05:59","breadcrumb_settings":null,"limit_modified_date":false,"reviewed_by":null,"open_ai":null,"ai":null,"created":"2026-01-14 07:03:00","updated":"2026-04-23 01:39:50"},"aioseo_breadcrumb":"<div class=\"aioseo-breadcrumbs\"><span class=\"aioseo-breadcrumb\">\n\t<a href=\"https:\/\/hidalgo.nl\/de\/\" title=\"Home\">Home<\/a>\n<\/span><span class=\"aioseo-breadcrumb-separator\">\u00bb<\/span><span class=\"aioseo-breadcrumb\">\n\t<a href=\"https:\/\/hidalgo.nl\/example\/\" title=\"example\">example<\/a>\n<\/span><span class=\"aioseo-breadcrumb-separator\">\u00bb<\/span><span class=\"aioseo-breadcrumb\">\n\t<a href=\"https:\/\/hidalgo.nl\/en\/product-supplier\/a508\/\" title=\"A508\">A508<\/a>\n<\/span><span class=\"aioseo-breadcrumb-separator\">\u00bb<\/span><span class=\"aioseo-breadcrumb\">\n\tTucano Lato Backpack 17 inch rugzak\n<\/span><\/div>","aioseo_breadcrumb_json":[{"label":"Home","link":"https:\/\/hidalgo.nl\/de\/"},{"label":"example","link":"https:\/\/hidalgo.nl\/example\/"},{"label":"A508","link":"https:\/\/hidalgo.nl\/en\/product-supplier\/a508\/"},{"label":"Tucano Lato Backpack 17 inch rugzak","link":"https:\/\/hidalgo.nl\/de\/product\/tucano-lato-backpack-17-inch-rugzak\/"}],"_links":{"self":[{"href":"https:\/\/hidalgo.nl\/de\/wp-json\/wp\/v2\/product\/487311","targetHints":{"allow":["GET"]}}],"collection":[{"href":"https:\/\/hidalgo.nl\/de\/wp-json\/wp\/v2\/product"}],"about":[{"href":"https:\/\/hidalgo.nl\/de\/wp-json\/wp\/v2\/types\/product"}],"wp:featuredmedia":[{"embeddable":true,"href":"https:\/\/hidalgo.nl\/de\/wp-json\/wp\/v2\/media\/577098"}],"wp:attachment":[{"href":"https:\/\/hidalgo.nl\/de\/wp-json\/wp\/v2\/media?parent=487311"}],"wp:term":[{"taxonomy":"product_brand","embeddable":true,"href":"https:\/\/hidalgo.nl\/de\/wp-json\/wp\/v2\/product_brand?post=487311"},{"taxonomy":"product_cat","embeddable":true,"href":"https:\/\/hidalgo.nl\/de\/wp-json\/wp\/v2\/product_cat?post=487311"},{"taxonomy":"product_tag","embeddable":true,"href":"https:\/\/hidalgo.nl\/de\/wp-json\/wp\/v2\/product_tag?post=487311"}],"curies":[{"name":"wp","href":"https:\/\/api.w.org\/{rel}","templated":true}]}}