{"id":487171,"date":"2025-08-19T00:13:12","date_gmt":"2025-08-19T00:13:12","guid":{"rendered":"http:\/\/bidonsenshakers.pim.hidalgo.nl\/product\/brabantia-classic-rvs-kurkentrekker\/"},"modified":"2026-02-26T07:37:15","modified_gmt":"2026-02-26T07:37:15","slug":"brabantia-classic-rvs-kurkentrekker","status":"publish","type":"product","link":"https:\/\/hidalgo.nl\/de\/product\/brabantia-classic-rvs-kurkentrekker\/","title":{"rendered":"Brabantia Classic RVS Kurkentrekker"},"content":{"rendered":"<p>Brabantia kurkentrekker van RVS en kunststof. Past op alle standaard flessen (tot 4,57 cm \u00d8), heeft goede houvast en een moeiteloze bediening dankzij de extra grote draaigreep. De centreerring zet de spiraal altijd in het midden van de kurk. De spiraal is voorzien van een &#8217;non-stick&#8216; coating &#8211; geen kurkresten in de wijn. Met ingebouwde caspulesnijder en eenvoudig ontkurkmechanisme om de kurk uit de fles en van de kurkentrekker te halen. 99% recyclebaar. Met 5 jaar fabrieksgarantie. Per stuk verpakt.<\/p>\n","protected":false},"excerpt":{"rendered":"<p>Brabantia kurkentrekker van RVS en kunststof. Past op alle standaard flessen (tot 4,57 cm \u00d8), heeft goede houvast en een moeiteloze bediening dankzij de extra grote draaigreep. De centreerring zet de spiraal altijd in het midden van de kurk. De spiraal is voorzien van een &#8217;non-stick&#8216; coating &#8211; geen kurkresten in de wijn. Met ingebouwde&hellip; <a class=\"more-link\" href=\"https:\/\/hidalgo.nl\/de\/product\/brabantia-classic-rvs-kurkentrekker\/\"><span class=\"screen-reader-text\">Brabantia Classic RVS Kurkentrekker<\/span> weiterlesen<\/a><\/p>\n","protected":false},"featured_media":576864,"template":"","meta":{"_acf_changed":false,"om_disable_all_campaigns":false,"_monsterinsights_skip_tracking":false,"_monsterinsights_sitenote_active":false,"_monsterinsights_sitenote_note":"","_monsterinsights_sitenote_category":0},"product_brand":[2906],"product_cat":[4735,4719,4728,4790],"product_tag":[],"class_list":{"0":"post-487171","1":"product","2":"type-product","3":"status-publish","4":"has-post-thumbnail","6":"product_supplier-a508","7":"product_material-rvsabs","8":"product_brand-brabantia","9":"product_cat-keuken","10":"product_cat-promotionele-artikelen","11":"product_cat-promotionele-artikelen-thuis-keuken-en-tuin","12":"product_cat-promotionele-artikelen-thuis-keuken-en-tuin-keuken-wijn-en-champagne-sets","13":"entry","15":"first","16":"instock","17":"taxable","18":"shipping-taxable","19":"purchasable","20":"product-type-variable"},"acf":{"imprint_cost":[{"imprint_cost_key":"a40a11a453cf4abcca524ebba8815635e64e7ab0","product_quantity_price_range":[{"imprint_cost_recommended_selling_price":"2.235","imprint_cost_recommended_selling_quantity":"1"},{"imprint_cost_recommended_selling_price":"1.485","imprint_cost_recommended_selling_quantity":"25"},{"imprint_cost_recommended_selling_price":"0.84","imprint_cost_recommended_selling_quantity":"50"},{"imprint_cost_recommended_selling_price":"0.51","imprint_cost_recommended_selling_quantity":"100"},{"imprint_cost_recommended_selling_price":"0.42","imprint_cost_recommended_selling_quantity":"250"},{"imprint_cost_recommended_selling_price":"0.36","imprint_cost_recommended_selling_quantity":"500"},{"imprint_cost_recommended_selling_price":"0.315","imprint_cost_recommended_selling_quantity":"1000"},{"imprint_cost_recommended_selling_price":"0.3","imprint_cost_recommended_selling_quantity":"2500"},{"imprint_cost_recommended_selling_price":"0.285","imprint_cost_recommended_selling_quantity":"5000"}],"product_quantity_price_range_buying":[{"imprint_cost_general_buying_price":"1.49","imprint_cost_general_buying_quantity":"1"},{"imprint_cost_general_buying_price":"0.99","imprint_cost_general_buying_quantity":"25"},{"imprint_cost_general_buying_price":"0.56","imprint_cost_general_buying_quantity":"50"},{"imprint_cost_general_buying_price":"0.34","imprint_cost_general_buying_quantity":"100"},{"imprint_cost_general_buying_price":"0.28","imprint_cost_general_buying_quantity":"250"},{"imprint_cost_general_buying_price":"0.24","imprint_cost_general_buying_quantity":"500"},{"imprint_cost_general_buying_price":"0.21","imprint_cost_general_buying_quantity":"1000"},{"imprint_cost_general_buying_price":"0.2","imprint_cost_general_buying_quantity":"2500"},{"imprint_cost_general_buying_price":"0.19","imprint_cost_general_buying_quantity":"5000"}],"imprint_cost_setup_costs":"26.25","imprint_cost_handling_costs":"0.24"},{"imprint_cost_key":"7f0aa43191cda9918d4760d5eab3d42a67e3e3c9","product_quantity_price_range":[{"imprint_cost_recommended_selling_price":"2.625","imprint_cost_recommended_selling_quantity":"1"},{"imprint_cost_recommended_selling_price":"1.875","imprint_cost_recommended_selling_quantity":"25"},{"imprint_cost_recommended_selling_price":"1.08","imprint_cost_recommended_selling_quantity":"50"},{"imprint_cost_recommended_selling_price":"0.87","imprint_cost_recommended_selling_quantity":"100"},{"imprint_cost_recommended_selling_price":"0.72","imprint_cost_recommended_selling_quantity":"250"},{"imprint_cost_recommended_selling_price":"0.66","imprint_cost_recommended_selling_quantity":"500"},{"imprint_cost_recommended_selling_price":"0.615","imprint_cost_recommended_selling_quantity":"1000"},{"imprint_cost_recommended_selling_price":"0.585","imprint_cost_recommended_selling_quantity":"2500"},{"imprint_cost_recommended_selling_price":"0.555","imprint_cost_recommended_selling_quantity":"5000"}],"product_quantity_price_range_buying":[{"imprint_cost_general_buying_price":"1.75","imprint_cost_general_buying_quantity":"1"},{"imprint_cost_general_buying_price":"1.25","imprint_cost_general_buying_quantity":"25"},{"imprint_cost_general_buying_price":"0.72","imprint_cost_general_buying_quantity":"50"},{"imprint_cost_general_buying_price":"0.58","imprint_cost_general_buying_quantity":"100"},{"imprint_cost_general_buying_price":"0.48","imprint_cost_general_buying_quantity":"250"},{"imprint_cost_general_buying_price":"0.44","imprint_cost_general_buying_quantity":"500"},{"imprint_cost_general_buying_price":"0.41","imprint_cost_general_buying_quantity":"1000"},{"imprint_cost_general_buying_price":"0.39","imprint_cost_general_buying_quantity":"2500"},{"imprint_cost_general_buying_price":"0.37","imprint_cost_general_buying_quantity":"5000"}],"imprint_cost_setup_costs":"26.25","imprint_cost_handling_costs":"0.24"}]},"aioseo_notices":[],"aioseo_head":"\n\t\t<!-- All in One SEO Pro 4.9.6.2 - aioseo.com -->\n\t<meta name=\"description\" content=\"\u00d6ffne Wein m\u00fchelos: Der Brabantia Edelstahl-Korkenzieher mit extra gro\u00dfem Drehgriff, Zentrierring und Antihaftspirale gleitet sauber durch den Korken. Ideal f\u00fcr K\u00fcche, Homebar und Gastronomie. Bei Hidalgo l\u00e4sst du ihn mit deinem Logo bedrucken.\" \/>\n\t<meta name=\"robots\" content=\"max-image-preview:large\" \/>\n\t<link rel=\"canonical\" href=\"https:\/\/hidalgo.nl\/de\/wp-json\/wp\/v2\/product\/487171\" \/>\n\t<meta name=\"generator\" content=\"All in One SEO Pro (AIOSEO) 4.9.6.2\" \/>\n\t\t<meta property=\"og:locale\" content=\"de_DE\" \/>\n\t\t<meta property=\"og:site_name\" content=\"Hidalgo -\" \/>\n\t\t<meta property=\"og:type\" content=\"article\" \/>\n\t\t<meta property=\"og:title\" content=\"Brabantia Classic RVS Kurkentrekker\" \/>\n\t\t<meta property=\"og:description\" content=\"\u00d6ffne Wein m\u00fchelos: Der Brabantia Edelstahl-Korkenzieher mit extra gro\u00dfem Drehgriff, Zentrierring und Antihaftspirale gleitet sauber durch den Korken. Ideal f\u00fcr K\u00fcche, Homebar und Gastronomie. Bei Hidalgo l\u00e4sst du ihn mit deinem Logo bedrucken.\" \/>\n\t\t<meta property=\"og:url\" content=\"https:\/\/hidalgo.nl\/de\/wp-json\/wp\/v2\/product\/487171\" \/>\n\t\t<meta property=\"og:image\" content=\"https:\/\/shop.hidalgo.nl\/wp-content\/uploads\/2025\/11\/cropped-Hidalgo-est1993.png\" \/>\n\t\t<meta property=\"og:image:secure_url\" content=\"https:\/\/shop.hidalgo.nl\/wp-content\/uploads\/2025\/11\/cropped-Hidalgo-est1993.png\" \/>\n\t\t<meta property=\"article:published_time\" content=\"2025-08-19T00:13:12+00:00\" \/>\n\t\t<meta property=\"article:modified_time\" content=\"2026-02-26T07:37:15+00:00\" \/>\n\t\t<meta name=\"twitter:card\" content=\"summary_large_image\" \/>\n\t\t<meta name=\"twitter:title\" content=\"Brabantia Classic RVS Kurkentrekker\" \/>\n\t\t<meta name=\"twitter:description\" content=\"\u00d6ffne Wein m\u00fchelos: Der Brabantia Edelstahl-Korkenzieher mit extra gro\u00dfem Drehgriff, Zentrierring und Antihaftspirale gleitet sauber durch den Korken. Ideal f\u00fcr K\u00fcche, Homebar und Gastronomie. Bei Hidalgo l\u00e4sst du ihn mit deinem Logo bedrucken.\" \/>\n\t\t<meta name=\"twitter:image\" content=\"https:\/\/shop.hidalgo.nl\/wp-content\/uploads\/2025\/11\/cropped-Hidalgo-est1993.png\" \/>\n\t\t<script type=\"application\/ld+json\" class=\"aioseo-schema\">\n\t\t\t{\"@context\":\"https:\\\/\\\/schema.org\",\"@graph\":[{\"@type\":\"BreadcrumbList\",\"@id\":\"https:\\\/\\\/hidalgo.nl\\\/de\\\/product\\\/brabantia-classic-rvs-kurkentrekker\\\/#breadcrumblist\",\"itemListElement\":[{\"@type\":\"ListItem\",\"@id\":\"https:\\\/\\\/hidalgo.nl\\\/de\\\/#listItem\",\"position\":1,\"name\":\"Home\",\"item\":\"https:\\\/\\\/hidalgo.nl\\\/de\\\/\",\"nextItem\":{\"@type\":\"ListItem\",\"@id\":\"https:\\\/\\\/hidalgo.nl\\\/example\\\/#listItem\",\"name\":\"example\"}},{\"@type\":\"ListItem\",\"@id\":\"https:\\\/\\\/hidalgo.nl\\\/example\\\/#listItem\",\"position\":2,\"name\":\"example\",\"item\":\"https:\\\/\\\/hidalgo.nl\\\/example\\\/\",\"nextItem\":{\"@type\":\"ListItem\",\"@id\":\"https:\\\/\\\/hidalgo.nl\\\/en\\\/product-supplier\\\/a508\\\/#listItem\",\"name\":\"A508\"},\"previousItem\":{\"@type\":\"ListItem\",\"@id\":\"https:\\\/\\\/hidalgo.nl\\\/de\\\/#listItem\",\"name\":\"Home\"}},{\"@type\":\"ListItem\",\"@id\":\"https:\\\/\\\/hidalgo.nl\\\/en\\\/product-supplier\\\/a508\\\/#listItem\",\"position\":3,\"name\":\"A508\",\"item\":\"https:\\\/\\\/hidalgo.nl\\\/en\\\/product-supplier\\\/a508\\\/\",\"nextItem\":{\"@type\":\"ListItem\",\"@id\":\"https:\\\/\\\/hidalgo.nl\\\/de\\\/product\\\/brabantia-classic-rvs-kurkentrekker\\\/#listItem\",\"name\":\"Brabantia Classic RVS Kurkentrekker\"},\"previousItem\":{\"@type\":\"ListItem\",\"@id\":\"https:\\\/\\\/hidalgo.nl\\\/example\\\/#listItem\",\"name\":\"example\"}},{\"@type\":\"ListItem\",\"@id\":\"https:\\\/\\\/hidalgo.nl\\\/de\\\/product\\\/brabantia-classic-rvs-kurkentrekker\\\/#listItem\",\"position\":4,\"name\":\"Brabantia Classic RVS Kurkentrekker\",\"previousItem\":{\"@type\":\"ListItem\",\"@id\":\"https:\\\/\\\/hidalgo.nl\\\/en\\\/product-supplier\\\/a508\\\/#listItem\",\"name\":\"A508\"}}]},{\"@type\":\"Organization\",\"@id\":\"https:\\\/\\\/hidalgo.nl\\\/de\\\/#organization\",\"name\":\"Hidalgo\",\"url\":\"https:\\\/\\\/hidalgo.nl\\\/de\\\/\",\"logo\":{\"@type\":\"ImageObject\",\"url\":\"https:\\\/\\\/shop.hidalgo.nl\\\/wp-content\\\/uploads\\\/2025\\\/11\\\/cropped-Hidalgo-est1993.png\",\"@id\":\"https:\\\/\\\/hidalgo.nl\\\/de\\\/product\\\/brabantia-classic-rvs-kurkentrekker\\\/#organizationLogo\",\"width\":585,\"height\":195},\"image\":{\"@id\":\"https:\\\/\\\/hidalgo.nl\\\/de\\\/product\\\/brabantia-classic-rvs-kurkentrekker\\\/#organizationLogo\"}},{\"@type\":\"ProductGroup\",\"@id\":\"https:\\\/\\\/hidalgo.nl\\\/de\\\/product\\\/brabantia-classic-rvs-kurkentrekker\\\/#wooCommerceProduct\",\"name\":\"Brabantia Classic RVS Kurkentrekker\",\"url\":\"https:\\\/\\\/hidalgo.nl\\\/de\\\/product\\\/brabantia-classic-rvs-kurkentrekker\\\/\",\"brand\":{\"@type\":\"Brand\",\"name\":\"Brabantia\"},\"sku\":\"A508-2979\",\"image\":{\"@type\":\"ImageObject\",\"url\":\"https:\\\/\\\/shop.hidalgo.nl\\\/wp-content\\\/uploads\\\/2025\\\/07\\\/cf7b8f145ed8eb2d627a23736000ec57ae72f49b5f327f199af90e871fd86cb5-1.jpg\",\"@id\":\"https:\\\/\\\/hidalgo.nl\\\/de\\\/product\\\/brabantia-classic-rvs-kurkentrekker\\\/#productImage\"},\"productGroupID\":487171,\"hasVariant\":[{\"@type\":\"Product\",\"@id\":\"https:\\\/\\\/hidalgo.nl\\\/de\\\/product\\\/brabantia-classic-rvs-kurkentrekker\\\/#wooCommerceProduct\",\"name\":\"Brabantia Classic RVS Kurkentrekker - zilver\",\"url\":\"https:\\\/\\\/hidalgo.nl\\\/de\\\/product\\\/brabantia-classic-rvs-kurkentrekker\\\/\",\"sku\":\"A508-297901\",\"image\":{\"@type\":\"ImageObject\",\"url\":\"https:\\\/\\\/shop.hidalgo.nl\\\/wp-content\\\/uploads\\\/2025\\\/07\\\/cf7b8f145ed8eb2d627a23736000ec57ae72f49b5f327f199af90e871fd86cb5.jpg\",\"@id\":\"https:\\\/\\\/hidalgo.nl\\\/de\\\/product\\\/brabantia-classic-rvs-kurkentrekker\\\/#productImage\",\"width\":1000,\"height\":1000},\"offers\":{\"@type\":\"Offer\",\"url\":\"https:\\\/\\\/hidalgo.nl\\\/de\\\/product\\\/brabantia-classic-rvs-kurkentrekker\\\/#wooCommerceOffer\",\"price\":\"22.425\",\"priceCurrency\":\"EUR\",\"category\":\"Promotionele Artikelen\",\"availability\":\"https:\\\/\\\/schema.org\\\/InStock\",\"priceSpecification\":{\"@type\":\"PriceSpecification\",\"price\":22.425,\"priceCurrency\":\"EUR\",\"valueAddedTaxIncluded\":\"true\"}}}]},{\"@type\":\"WebPage\",\"@id\":\"https:\\\/\\\/hidalgo.nl\\\/de\\\/product\\\/brabantia-classic-rvs-kurkentrekker\\\/#webpage\",\"url\":\"https:\\\/\\\/hidalgo.nl\\\/de\\\/product\\\/brabantia-classic-rvs-kurkentrekker\\\/\",\"name\":\"Brabantia Classic RVS Kurkentrekker\",\"description\":\"\\u00d6ffne Wein m\\u00fchelos: Der Brabantia Edelstahl-Korkenzieher mit extra gro\\u00dfem Drehgriff, Zentrierring und Antihaftspirale gleitet sauber durch den Korken. Ideal f\\u00fcr K\\u00fcche, Homebar und Gastronomie. Bei Hidalgo l\\u00e4sst du ihn mit deinem Logo bedrucken.\",\"inLanguage\":\"de-DE\",\"isPartOf\":{\"@id\":\"https:\\\/\\\/hidalgo.nl\\\/de\\\/#website\"},\"breadcrumb\":{\"@id\":\"https:\\\/\\\/hidalgo.nl\\\/de\\\/product\\\/brabantia-classic-rvs-kurkentrekker\\\/#breadcrumblist\"},\"image\":{\"@type\":\"ImageObject\",\"url\":\"https:\\\/\\\/shop.hidalgo.nl\\\/wp-content\\\/uploads\\\/2025\\\/07\\\/cf7b8f145ed8eb2d627a23736000ec57ae72f49b5f327f199af90e871fd86cb5-1.jpg\",\"@id\":\"https:\\\/\\\/hidalgo.nl\\\/de\\\/product\\\/brabantia-classic-rvs-kurkentrekker\\\/#mainImage\"},\"primaryImageOfPage\":{\"@id\":\"https:\\\/\\\/hidalgo.nl\\\/de\\\/product\\\/brabantia-classic-rvs-kurkentrekker\\\/#mainImage\"},\"datePublished\":\"2025-08-19T00:13:12+00:00\",\"dateModified\":\"2026-02-26T07:37:15+00:00\"},{\"@type\":\"WebSite\",\"@id\":\"https:\\\/\\\/hidalgo.nl\\\/de\\\/#website\",\"url\":\"https:\\\/\\\/hidalgo.nl\\\/de\\\/\",\"name\":\"Hidalgo\",\"inLanguage\":\"de-DE\",\"publisher\":{\"@id\":\"https:\\\/\\\/hidalgo.nl\\\/de\\\/#organization\"}}]}\n\t\t<\/script>\n\t\t<!-- All in One SEO Pro -->\r\n\t\t<title>Brabantia Classic RVS Kurkentrekker<\/title>\n\n","aioseo_head_json":{"title":"Brabantia Classic RVS Kurkentrekker","description":"\u00d6ffne Wein m\u00fchelos: Der Brabantia Edelstahl-Korkenzieher mit extra gro\u00dfem Drehgriff, Zentrierring und Antihaftspirale gleitet sauber durch den Korken. Ideal f\u00fcr K\u00fcche, Homebar und Gastronomie. Bei Hidalgo l\u00e4sst du ihn mit deinem Logo bedrucken.","canonical_url":"https:\/\/hidalgo.nl\/de\/wp-json\/wp\/v2\/product\/487171","robots":"max-image-preview:large","keywords":"","webmasterTools":{"miscellaneous":""},"schema":{"@context":"https:\/\/schema.org","@graph":[{"@type":"BreadcrumbList","@id":"https:\/\/hidalgo.nl\/de\/product\/brabantia-classic-rvs-kurkentrekker\/#breadcrumblist","itemListElement":[{"@type":"ListItem","@id":"https:\/\/hidalgo.nl\/de\/#listItem","position":1,"name":"Home","item":"https:\/\/hidalgo.nl\/de\/","nextItem":{"@type":"ListItem","@id":"https:\/\/hidalgo.nl\/example\/#listItem","name":"example"}},{"@type":"ListItem","@id":"https:\/\/hidalgo.nl\/example\/#listItem","position":2,"name":"example","item":"https:\/\/hidalgo.nl\/example\/","nextItem":{"@type":"ListItem","@id":"https:\/\/hidalgo.nl\/en\/product-supplier\/a508\/#listItem","name":"A508"},"previousItem":{"@type":"ListItem","@id":"https:\/\/hidalgo.nl\/de\/#listItem","name":"Home"}},{"@type":"ListItem","@id":"https:\/\/hidalgo.nl\/en\/product-supplier\/a508\/#listItem","position":3,"name":"A508","item":"https:\/\/hidalgo.nl\/en\/product-supplier\/a508\/","nextItem":{"@type":"ListItem","@id":"https:\/\/hidalgo.nl\/de\/product\/brabantia-classic-rvs-kurkentrekker\/#listItem","name":"Brabantia Classic RVS Kurkentrekker"},"previousItem":{"@type":"ListItem","@id":"https:\/\/hidalgo.nl\/example\/#listItem","name":"example"}},{"@type":"ListItem","@id":"https:\/\/hidalgo.nl\/de\/product\/brabantia-classic-rvs-kurkentrekker\/#listItem","position":4,"name":"Brabantia Classic RVS Kurkentrekker","previousItem":{"@type":"ListItem","@id":"https:\/\/hidalgo.nl\/en\/product-supplier\/a508\/#listItem","name":"A508"}}]},{"@type":"Organization","@id":"https:\/\/hidalgo.nl\/de\/#organization","name":"Hidalgo","url":"https:\/\/hidalgo.nl\/de\/","logo":{"@type":"ImageObject","url":"https:\/\/shop.hidalgo.nl\/wp-content\/uploads\/2025\/11\/cropped-Hidalgo-est1993.png","@id":"https:\/\/hidalgo.nl\/de\/product\/brabantia-classic-rvs-kurkentrekker\/#organizationLogo","width":585,"height":195},"image":{"@id":"https:\/\/hidalgo.nl\/de\/product\/brabantia-classic-rvs-kurkentrekker\/#organizationLogo"}},{"@type":"ProductGroup","@id":"https:\/\/hidalgo.nl\/de\/product\/brabantia-classic-rvs-kurkentrekker\/#wooCommerceProduct","name":"Brabantia Classic RVS Kurkentrekker","url":"https:\/\/hidalgo.nl\/de\/product\/brabantia-classic-rvs-kurkentrekker\/","brand":{"@type":"Brand","name":"Brabantia"},"sku":"A508-2979","image":{"@type":"ImageObject","url":"https:\/\/shop.hidalgo.nl\/wp-content\/uploads\/2025\/07\/cf7b8f145ed8eb2d627a23736000ec57ae72f49b5f327f199af90e871fd86cb5-1.jpg","@id":"https:\/\/hidalgo.nl\/de\/product\/brabantia-classic-rvs-kurkentrekker\/#productImage"},"productGroupID":487171,"hasVariant":[{"@type":"Product","@id":"https:\/\/hidalgo.nl\/de\/product\/brabantia-classic-rvs-kurkentrekker\/#wooCommerceProduct","name":"Brabantia Classic RVS Kurkentrekker - zilver","url":"https:\/\/hidalgo.nl\/de\/product\/brabantia-classic-rvs-kurkentrekker\/","sku":"A508-297901","image":{"@type":"ImageObject","url":"https:\/\/shop.hidalgo.nl\/wp-content\/uploads\/2025\/07\/cf7b8f145ed8eb2d627a23736000ec57ae72f49b5f327f199af90e871fd86cb5.jpg","@id":"https:\/\/hidalgo.nl\/de\/product\/brabantia-classic-rvs-kurkentrekker\/#productImage","width":1000,"height":1000},"offers":{"@type":"Offer","url":"https:\/\/hidalgo.nl\/de\/product\/brabantia-classic-rvs-kurkentrekker\/#wooCommerceOffer","price":"22.425","priceCurrency":"EUR","category":"Promotionele Artikelen","availability":"https:\/\/schema.org\/InStock","priceSpecification":{"@type":"PriceSpecification","price":22.425,"priceCurrency":"EUR","valueAddedTaxIncluded":"true"}}}]},{"@type":"WebPage","@id":"https:\/\/hidalgo.nl\/de\/product\/brabantia-classic-rvs-kurkentrekker\/#webpage","url":"https:\/\/hidalgo.nl\/de\/product\/brabantia-classic-rvs-kurkentrekker\/","name":"Brabantia Classic RVS Kurkentrekker","description":"\u00d6ffne Wein m\u00fchelos: Der Brabantia Edelstahl-Korkenzieher mit extra gro\u00dfem Drehgriff, Zentrierring und Antihaftspirale gleitet sauber durch den Korken. Ideal f\u00fcr K\u00fcche, Homebar und Gastronomie. Bei Hidalgo l\u00e4sst du ihn mit deinem Logo bedrucken.","inLanguage":"de-DE","isPartOf":{"@id":"https:\/\/hidalgo.nl\/de\/#website"},"breadcrumb":{"@id":"https:\/\/hidalgo.nl\/de\/product\/brabantia-classic-rvs-kurkentrekker\/#breadcrumblist"},"image":{"@type":"ImageObject","url":"https:\/\/shop.hidalgo.nl\/wp-content\/uploads\/2025\/07\/cf7b8f145ed8eb2d627a23736000ec57ae72f49b5f327f199af90e871fd86cb5-1.jpg","@id":"https:\/\/hidalgo.nl\/de\/product\/brabantia-classic-rvs-kurkentrekker\/#mainImage"},"primaryImageOfPage":{"@id":"https:\/\/hidalgo.nl\/de\/product\/brabantia-classic-rvs-kurkentrekker\/#mainImage"},"datePublished":"2025-08-19T00:13:12+00:00","dateModified":"2026-02-26T07:37:15+00:00"},{"@type":"WebSite","@id":"https:\/\/hidalgo.nl\/de\/#website","url":"https:\/\/hidalgo.nl\/de\/","name":"Hidalgo","inLanguage":"de-DE","publisher":{"@id":"https:\/\/hidalgo.nl\/de\/#organization"}}]},"og:locale":"de_DE","og:site_name":"Hidalgo -","og:type":"article","og:title":"Brabantia Classic RVS Kurkentrekker","og:description":"\u00d6ffne Wein m\u00fchelos: Der Brabantia Edelstahl-Korkenzieher mit extra gro\u00dfem Drehgriff, Zentrierring und Antihaftspirale gleitet sauber durch den Korken. Ideal f\u00fcr K\u00fcche, Homebar und Gastronomie. Bei Hidalgo l\u00e4sst du ihn mit deinem Logo bedrucken.","og:url":"https:\/\/hidalgo.nl\/de\/wp-json\/wp\/v2\/product\/487171","og:image":"https:\/\/shop.hidalgo.nl\/wp-content\/uploads\/2025\/11\/cropped-Hidalgo-est1993.png","og:image:secure_url":"https:\/\/shop.hidalgo.nl\/wp-content\/uploads\/2025\/11\/cropped-Hidalgo-est1993.png","article:published_time":"2025-08-19T00:13:12+00:00","article:modified_time":"2026-02-26T07:37:15+00:00","twitter:card":"summary_large_image","twitter:title":"Brabantia Classic RVS Kurkentrekker","twitter:description":"\u00d6ffne Wein m\u00fchelos: Der Brabantia Edelstahl-Korkenzieher mit extra gro\u00dfem Drehgriff, Zentrierring und Antihaftspirale gleitet sauber durch den Korken. Ideal f\u00fcr K\u00fcche, Homebar und Gastronomie. Bei Hidalgo l\u00e4sst du ihn mit deinem Logo bedrucken.","twitter:image":"https:\/\/shop.hidalgo.nl\/wp-content\/uploads\/2025\/11\/cropped-Hidalgo-est1993.png"},"aioseo_meta_data":{"post_id":"487171","title":null,"description":null,"keywords":null,"keyphrases":null,"primary_term":null,"canonical_url":null,"og_title":null,"og_description":null,"og_object_type":"default","og_image_type":"default","og_image_url":null,"og_image_width":null,"og_image_height":null,"og_image_custom_url":null,"og_image_custom_fields":null,"og_video":null,"og_custom_url":null,"og_article_section":null,"og_article_tags":null,"twitter_use_og":false,"twitter_card":"default","twitter_image_type":"default","twitter_image_url":null,"twitter_image_custom_url":null,"twitter_image_custom_fields":null,"twitter_title":null,"twitter_description":null,"schema":{"blockGraphs":[],"customGraphs":[],"default":{"data":{"Article":[],"Course":[],"Dataset":[],"FAQPage":[],"Movie":[],"Person":[],"Product":[],"ProductReview":[],"Car":[],"Recipe":[],"Service":[],"SoftwareApplication":[],"WebPage":[]},"graphName":"","isEnabled":true},"graphs":[]},"schema_type":"default","schema_type_options":null,"pillar_content":false,"robots_default":true,"robots_noindex":false,"robots_noarchive":false,"robots_nosnippet":false,"robots_nofollow":false,"robots_noimageindex":false,"robots_noodp":false,"robots_notranslate":false,"robots_max_snippet":null,"robots_max_videopreview":null,"robots_max_imagepreview":"large","priority":null,"frequency":null,"local_seo":null,"seo_analyzer_scan_date":"2026-01-23 07:03:57","breadcrumb_settings":null,"limit_modified_date":false,"reviewed_by":null,"open_ai":null,"ai":null,"created":"2026-01-14 07:03:00","updated":"2026-04-23 01:38:47"},"aioseo_breadcrumb":"<div class=\"aioseo-breadcrumbs\"><span class=\"aioseo-breadcrumb\">\n\t<a href=\"https:\/\/hidalgo.nl\/de\/\" title=\"Home\">Home<\/a>\n<\/span><span class=\"aioseo-breadcrumb-separator\">\u00bb<\/span><span class=\"aioseo-breadcrumb\">\n\t<a href=\"https:\/\/hidalgo.nl\/example\/\" title=\"example\">example<\/a>\n<\/span><span class=\"aioseo-breadcrumb-separator\">\u00bb<\/span><span class=\"aioseo-breadcrumb\">\n\t<a href=\"https:\/\/hidalgo.nl\/en\/product-supplier\/a508\/\" title=\"A508\">A508<\/a>\n<\/span><span class=\"aioseo-breadcrumb-separator\">\u00bb<\/span><span class=\"aioseo-breadcrumb\">\n\tBrabantia Classic RVS Kurkentrekker\n<\/span><\/div>","aioseo_breadcrumb_json":[{"label":"Home","link":"https:\/\/hidalgo.nl\/de\/"},{"label":"example","link":"https:\/\/hidalgo.nl\/example\/"},{"label":"A508","link":"https:\/\/hidalgo.nl\/en\/product-supplier\/a508\/"},{"label":"Brabantia Classic RVS Kurkentrekker","link":"https:\/\/hidalgo.nl\/de\/product\/brabantia-classic-rvs-kurkentrekker\/"}],"_links":{"self":[{"href":"https:\/\/hidalgo.nl\/de\/wp-json\/wp\/v2\/product\/487171","targetHints":{"allow":["GET"]}}],"collection":[{"href":"https:\/\/hidalgo.nl\/de\/wp-json\/wp\/v2\/product"}],"about":[{"href":"https:\/\/hidalgo.nl\/de\/wp-json\/wp\/v2\/types\/product"}],"wp:featuredmedia":[{"embeddable":true,"href":"https:\/\/hidalgo.nl\/de\/wp-json\/wp\/v2\/media\/576864"}],"wp:attachment":[{"href":"https:\/\/hidalgo.nl\/de\/wp-json\/wp\/v2\/media?parent=487171"}],"wp:term":[{"taxonomy":"product_brand","embeddable":true,"href":"https:\/\/hidalgo.nl\/de\/wp-json\/wp\/v2\/product_brand?post=487171"},{"taxonomy":"product_cat","embeddable":true,"href":"https:\/\/hidalgo.nl\/de\/wp-json\/wp\/v2\/product_cat?post=487171"},{"taxonomy":"product_tag","embeddable":true,"href":"https:\/\/hidalgo.nl\/de\/wp-json\/wp\/v2\/product_tag?post=487171"}],"curies":[{"name":"wp","href":"https:\/\/api.w.org\/{rel}","templated":true}]}}