{"id":443,"date":"2025-05-16T09:42:09","date_gmt":"2025-05-16T09:42:09","guid":{"rendered":"https:\/\/bidonsenshakers.pim.hidalgo.nl\/product\/stroopwafels-juanita\/"},"modified":"2026-03-16T07:52:32","modified_gmt":"2026-03-16T07:52:32","slug":"stroopwafels-juanita","status":"publish","type":"product","link":"https:\/\/hidalgo.nl\/de\/product\/443\/stroopwafels-juanita-bedrucken-karamell-werbeartikel-8er\/","title":{"rendered":"Stroopwafels Juanita"},"content":{"rendered":"<p>Acht heerlijke stroopwafels met karamelvulling, verpakt in een plastic zakje. Door het plaatsen van de stroopwafel op uw kopje koffie of thee smelt de karamelvulling.  Authentieke Nederlandse stroopwafels gemaakt van natuurlijk ingredi\u00ebnten. Twee wafels (8% roomboter) met daartussen karamel (50% stroop) stroopvulling. Bereid met natuurlijk ingredi\u00ebnten en geen kunstmatige smaakstoffen.<\/p>\n","protected":false},"excerpt":{"rendered":"<p>Acht heerlijke stroopwafels met karamelvulling, verpakt in een plastic zakje. Door het plaatsen van de stroopwafel op uw kopje koffie of thee smelt de karamelvulling. Authentieke Nederlandse stroopwafels gemaakt van natuurlijk ingredi\u00ebnten. Twee wafels (8% roomboter) met daartussen karamel (50% stroop) stroopvulling. Bereid met natuurlijk ingredi\u00ebnten en geen kunstmatige smaakstoffen.<\/p>\n","protected":false},"featured_media":444,"template":"","meta":{"_acf_changed":false,"om_disable_all_campaigns":false,"_monsterinsights_skip_tracking":false,"_monsterinsights_sitenote_active":false,"_monsterinsights_sitenote_note":"","_monsterinsights_sitenote_category":0},"product_brand":[49],"product_cat":[4719,4805],"product_tag":[],"class_list":{"0":"post-443","1":"product","2":"type-product","3":"status-publish","4":"has-post-thumbnail","6":"product_supplier-a58","7":"product_material-stroopwafel","8":"product_brand-impression","9":"product_cat-promotionele-artikelen","10":"product_cat-snoep-en-eten","11":"entry","13":"first","14":"instock","15":"taxable","16":"shipping-taxable","17":"purchasable","18":"product-type-variable"},"acf":{"imprint_cost":false},"aioseo_notices":[],"aioseo_head":"\n\t\t<!-- All in One SEO Pro 4.9.6.2 - aioseo.com -->\n\t<meta name=\"description\" content=\"Nutze die Juanita-Waffeln als kreative Werbeartikel Waffeln f\u00fcr dein n\u00e4chstes Event oder als Beilage zum Kaffee. Du l\u00e4sst diese Karamellwaffeln bedrucken &amp; pr\u00e4sentierst dein Logo direkt auf der Verpackung, um bei deiner Zielgruppe einen bleibenden Eindruck zu hinterlassen.\" \/>\n\t<meta name=\"robots\" content=\"max-image-preview:large\" \/>\n\t<link rel=\"canonical\" href=\"https:\/\/hidalgo.nl\/de\/wp-json\/wp\/v2\/product\/443\" \/>\n\t<meta name=\"generator\" content=\"All in One SEO Pro (AIOSEO) 4.9.6.2\" \/>\n\t\t<meta property=\"og:locale\" content=\"de_DE\" \/>\n\t\t<meta property=\"og:site_name\" content=\"Hidalgo -\" \/>\n\t\t<meta property=\"og:type\" content=\"article\" \/>\n\t\t<meta property=\"og:title\" content=\"Stroopwafels Juanita bedrucken Karamell Werbeartikel 8er\" \/>\n\t\t<meta property=\"og:description\" content=\"Nutze die Juanita-Waffeln als kreative Werbeartikel Waffeln f\u00fcr dein n\u00e4chstes Event oder als Beilage zum Kaffee. Du l\u00e4sst diese Karamellwaffeln bedrucken &amp; pr\u00e4sentierst dein Logo direkt auf der Verpackung, um bei deiner Zielgruppe einen bleibenden Eindruck zu hinterlassen.\" \/>\n\t\t<meta property=\"og:url\" content=\"https:\/\/hidalgo.nl\/de\/wp-json\/wp\/v2\/product\/443\" \/>\n\t\t<meta property=\"og:image\" content=\"https:\/\/shop.hidalgo.nl\/wp-content\/uploads\/2025\/11\/cropped-Hidalgo-est1993.png\" \/>\n\t\t<meta property=\"og:image:secure_url\" content=\"https:\/\/shop.hidalgo.nl\/wp-content\/uploads\/2025\/11\/cropped-Hidalgo-est1993.png\" \/>\n\t\t<meta property=\"article:published_time\" content=\"2025-05-16T09:42:09+00:00\" \/>\n\t\t<meta property=\"article:modified_time\" content=\"2026-03-16T07:52:32+00:00\" \/>\n\t\t<meta name=\"twitter:card\" content=\"summary_large_image\" \/>\n\t\t<meta name=\"twitter:title\" content=\"Stroopwafels Juanita bedrucken Karamell Werbeartikel 8er\" \/>\n\t\t<meta name=\"twitter:description\" content=\"Nutze die Juanita-Waffeln als kreative Werbeartikel Waffeln f\u00fcr dein n\u00e4chstes Event oder als Beilage zum Kaffee. Du l\u00e4sst diese Karamellwaffeln bedrucken &amp; pr\u00e4sentierst dein Logo direkt auf der Verpackung, um bei deiner Zielgruppe einen bleibenden Eindruck zu hinterlassen.\" \/>\n\t\t<meta name=\"twitter:image\" content=\"https:\/\/shop.hidalgo.nl\/wp-content\/uploads\/2025\/11\/cropped-Hidalgo-est1993.png\" \/>\n\t\t<script type=\"application\/ld+json\" class=\"aioseo-schema\">\n\t\t\t{\"@context\":\"https:\\\/\\\/schema.org\",\"@graph\":[{\"@type\":\"BreadcrumbList\",\"@id\":\"https:\\\/\\\/hidalgo.nl\\\/de\\\/product\\\/443\\\/stroopwafels-juanita-bedrucken-karamell-werbeartikel-8er\\\/#breadcrumblist\",\"itemListElement\":[{\"@type\":\"ListItem\",\"@id\":\"https:\\\/\\\/hidalgo.nl\\\/de\\\/#listItem\",\"position\":1,\"name\":\"Home\",\"item\":\"https:\\\/\\\/hidalgo.nl\\\/de\\\/\",\"nextItem\":{\"@type\":\"ListItem\",\"@id\":\"https:\\\/\\\/hidalgo.nl\\\/example\\\/#listItem\",\"name\":\"example\"}},{\"@type\":\"ListItem\",\"@id\":\"https:\\\/\\\/hidalgo.nl\\\/example\\\/#listItem\",\"position\":2,\"name\":\"example\",\"item\":\"https:\\\/\\\/hidalgo.nl\\\/example\\\/\",\"nextItem\":{\"@type\":\"ListItem\",\"@id\":\"https:\\\/\\\/hidalgo.nl\\\/en\\\/product-supplier\\\/a58\\\/#listItem\",\"name\":\"A58\"},\"previousItem\":{\"@type\":\"ListItem\",\"@id\":\"https:\\\/\\\/hidalgo.nl\\\/de\\\/#listItem\",\"name\":\"Home\"}},{\"@type\":\"ListItem\",\"@id\":\"https:\\\/\\\/hidalgo.nl\\\/en\\\/product-supplier\\\/a58\\\/#listItem\",\"position\":3,\"name\":\"A58\",\"item\":\"https:\\\/\\\/hidalgo.nl\\\/en\\\/product-supplier\\\/a58\\\/\",\"nextItem\":{\"@type\":\"ListItem\",\"@id\":\"https:\\\/\\\/hidalgo.nl\\\/de\\\/product\\\/443\\\/stroopwafels-juanita-bedrucken-karamell-werbeartikel-8er\\\/#listItem\",\"name\":\"Stroopwafels Juanita\"},\"previousItem\":{\"@type\":\"ListItem\",\"@id\":\"https:\\\/\\\/hidalgo.nl\\\/example\\\/#listItem\",\"name\":\"example\"}},{\"@type\":\"ListItem\",\"@id\":\"https:\\\/\\\/hidalgo.nl\\\/de\\\/product\\\/443\\\/stroopwafels-juanita-bedrucken-karamell-werbeartikel-8er\\\/#listItem\",\"position\":4,\"name\":\"Stroopwafels Juanita\",\"previousItem\":{\"@type\":\"ListItem\",\"@id\":\"https:\\\/\\\/hidalgo.nl\\\/en\\\/product-supplier\\\/a58\\\/#listItem\",\"name\":\"A58\"}}]},{\"@type\":\"Organization\",\"@id\":\"https:\\\/\\\/hidalgo.nl\\\/de\\\/#organization\",\"name\":\"Hidalgo\",\"url\":\"https:\\\/\\\/hidalgo.nl\\\/de\\\/\",\"logo\":{\"@type\":\"ImageObject\",\"url\":\"https:\\\/\\\/shop.hidalgo.nl\\\/wp-content\\\/uploads\\\/2025\\\/11\\\/cropped-Hidalgo-est1993.png\",\"@id\":\"https:\\\/\\\/hidalgo.nl\\\/de\\\/product\\\/443\\\/stroopwafels-juanita-bedrucken-karamell-werbeartikel-8er\\\/#organizationLogo\",\"width\":585,\"height\":195},\"image\":{\"@id\":\"https:\\\/\\\/hidalgo.nl\\\/de\\\/product\\\/443\\\/stroopwafels-juanita-bedrucken-karamell-werbeartikel-8er\\\/#organizationLogo\"}},{\"@type\":\"ProductGroup\",\"@id\":\"https:\\\/\\\/hidalgo.nl\\\/de\\\/product\\\/443\\\/stroopwafels-juanita-bedrucken-karamell-werbeartikel-8er\\\/#wooCommerceProduct\",\"name\":\"Stroopwafels Juanita bedrucken Karamell Werbeartikel 8er\",\"url\":\"https:\\\/\\\/hidalgo.nl\\\/de\\\/product\\\/443\\\/stroopwafels-juanita-bedrucken-karamell-werbeartikel-8er\\\/\",\"brand\":{\"@type\":\"Brand\",\"name\":\"IMPRESSION\"},\"sku\":\"A58-2224\",\"image\":{\"@type\":\"ImageObject\",\"url\":\"https:\\\/\\\/shop.hidalgo.nl\\\/wp-content\\\/uploads\\\/2025\\\/04\\\/676479622e833e627fa73d8ec2e5e58856a83145be63a6593750ea7b4fa45e22.jpg\",\"@id\":\"https:\\\/\\\/hidalgo.nl\\\/de\\\/product\\\/443\\\/stroopwafels-juanita-bedrucken-karamell-werbeartikel-8er\\\/#productImage\"},\"productGroupID\":443,\"hasVariant\":[{\"@type\":\"Product\",\"@id\":\"https:\\\/\\\/hidalgo.nl\\\/de\\\/product\\\/443\\\/stroopwafels-juanita-bedrucken-karamell-werbeartikel-8er\\\/#wooCommerceProduct\",\"name\":\"Stroopwafels Juanita - multicolor,\",\"url\":\"https:\\\/\\\/hidalgo.nl\\\/de\\\/product\\\/443\\\/stroopwafels-juanita-bedrucken-karamell-werbeartikel-8er\\\/\",\"sku\":\"A58-2224-009999999\",\"image\":{\"@type\":\"ImageObject\",\"url\":\"https:\\\/\\\/shop.hidalgo.nl\\\/wp-content\\\/uploads\\\/2025\\\/04\\\/676479622e833e627fa73d8ec2e5e58856a83145be63a6593750ea7b4fa45e22.jpg\",\"@id\":\"https:\\\/\\\/hidalgo.nl\\\/de\\\/product\\\/443\\\/stroopwafels-juanita-bedrucken-karamell-werbeartikel-8er\\\/#productImage\"},\"offers\":{\"@type\":\"Offer\",\"url\":\"https:\\\/\\\/hidalgo.nl\\\/de\\\/product\\\/443\\\/stroopwafels-juanita-bedrucken-karamell-werbeartikel-8er\\\/#wooCommerceOffer\",\"price\":\"6.5\",\"priceCurrency\":\"EUR\",\"category\":\"Promotionele Artikelen\",\"availability\":\"https:\\\/\\\/schema.org\\\/InStock\",\"priceSpecification\":{\"@type\":\"PriceSpecification\",\"price\":6.5,\"priceCurrency\":\"EUR\",\"valueAddedTaxIncluded\":\"true\"}}}]},{\"@type\":\"WebPage\",\"@id\":\"https:\\\/\\\/hidalgo.nl\\\/de\\\/product\\\/443\\\/stroopwafels-juanita-bedrucken-karamell-werbeartikel-8er\\\/#webpage\",\"url\":\"https:\\\/\\\/hidalgo.nl\\\/de\\\/product\\\/443\\\/stroopwafels-juanita-bedrucken-karamell-werbeartikel-8er\\\/\",\"name\":\"Stroopwafels Juanita bedrucken Karamell Werbeartikel 8er\",\"description\":\"Nutze die Juanita-Waffeln als kreative Werbeartikel Waffeln f\\u00fcr dein n\\u00e4chstes Event oder als Beilage zum Kaffee. Du l\\u00e4sst diese Karamellwaffeln bedrucken & pr\\u00e4sentierst dein Logo direkt auf der Verpackung, um bei deiner Zielgruppe einen bleibenden Eindruck zu hinterlassen.\",\"inLanguage\":\"de-DE\",\"isPartOf\":{\"@id\":\"https:\\\/\\\/hidalgo.nl\\\/de\\\/#website\"},\"breadcrumb\":{\"@id\":\"https:\\\/\\\/hidalgo.nl\\\/de\\\/product\\\/443\\\/stroopwafels-juanita-bedrucken-karamell-werbeartikel-8er\\\/#breadcrumblist\"},\"image\":{\"@type\":\"ImageObject\",\"url\":\"https:\\\/\\\/shop.hidalgo.nl\\\/wp-content\\\/uploads\\\/2025\\\/04\\\/676479622e833e627fa73d8ec2e5e58856a83145be63a6593750ea7b4fa45e22.jpg\",\"@id\":\"https:\\\/\\\/hidalgo.nl\\\/de\\\/product\\\/443\\\/stroopwafels-juanita-bedrucken-karamell-werbeartikel-8er\\\/#mainImage\"},\"primaryImageOfPage\":{\"@id\":\"https:\\\/\\\/hidalgo.nl\\\/de\\\/product\\\/443\\\/stroopwafels-juanita-bedrucken-karamell-werbeartikel-8er\\\/#mainImage\"},\"datePublished\":\"2025-05-16T09:42:09+00:00\",\"dateModified\":\"2026-03-16T07:52:32+00:00\"},{\"@type\":\"WebSite\",\"@id\":\"https:\\\/\\\/hidalgo.nl\\\/de\\\/#website\",\"url\":\"https:\\\/\\\/hidalgo.nl\\\/de\\\/\",\"name\":\"Hidalgo\",\"inLanguage\":\"de-DE\",\"publisher\":{\"@id\":\"https:\\\/\\\/hidalgo.nl\\\/de\\\/#organization\"}}]}\n\t\t<\/script>\n\t\t<!-- All in One SEO Pro -->\r\n\t\t<title>Stroopwafels Juanita bedrucken Karamell Werbeartikel 8er<\/title>\n\n","aioseo_head_json":{"title":"Stroopwafels Juanita bedrucken Karamell Werbeartikel 8er","description":"Nutze die Juanita-Waffeln als kreative Werbeartikel Waffeln f\u00fcr dein n\u00e4chstes Event oder als Beilage zum Kaffee. Du l\u00e4sst diese Karamellwaffeln bedrucken & pr\u00e4sentierst dein Logo direkt auf der Verpackung, um bei deiner Zielgruppe einen bleibenden Eindruck zu hinterlassen.","canonical_url":"https:\/\/hidalgo.nl\/de\/wp-json\/wp\/v2\/product\/443","robots":"max-image-preview:large","keywords":"","webmasterTools":{"miscellaneous":""},"schema":{"@context":"https:\/\/schema.org","@graph":[{"@type":"BreadcrumbList","@id":"https:\/\/hidalgo.nl\/de\/product\/443\/stroopwafels-juanita-bedrucken-karamell-werbeartikel-8er\/#breadcrumblist","itemListElement":[{"@type":"ListItem","@id":"https:\/\/hidalgo.nl\/de\/#listItem","position":1,"name":"Home","item":"https:\/\/hidalgo.nl\/de\/","nextItem":{"@type":"ListItem","@id":"https:\/\/hidalgo.nl\/example\/#listItem","name":"example"}},{"@type":"ListItem","@id":"https:\/\/hidalgo.nl\/example\/#listItem","position":2,"name":"example","item":"https:\/\/hidalgo.nl\/example\/","nextItem":{"@type":"ListItem","@id":"https:\/\/hidalgo.nl\/en\/product-supplier\/a58\/#listItem","name":"A58"},"previousItem":{"@type":"ListItem","@id":"https:\/\/hidalgo.nl\/de\/#listItem","name":"Home"}},{"@type":"ListItem","@id":"https:\/\/hidalgo.nl\/en\/product-supplier\/a58\/#listItem","position":3,"name":"A58","item":"https:\/\/hidalgo.nl\/en\/product-supplier\/a58\/","nextItem":{"@type":"ListItem","@id":"https:\/\/hidalgo.nl\/de\/product\/443\/stroopwafels-juanita-bedrucken-karamell-werbeartikel-8er\/#listItem","name":"Stroopwafels Juanita"},"previousItem":{"@type":"ListItem","@id":"https:\/\/hidalgo.nl\/example\/#listItem","name":"example"}},{"@type":"ListItem","@id":"https:\/\/hidalgo.nl\/de\/product\/443\/stroopwafels-juanita-bedrucken-karamell-werbeartikel-8er\/#listItem","position":4,"name":"Stroopwafels Juanita","previousItem":{"@type":"ListItem","@id":"https:\/\/hidalgo.nl\/en\/product-supplier\/a58\/#listItem","name":"A58"}}]},{"@type":"Organization","@id":"https:\/\/hidalgo.nl\/de\/#organization","name":"Hidalgo","url":"https:\/\/hidalgo.nl\/de\/","logo":{"@type":"ImageObject","url":"https:\/\/shop.hidalgo.nl\/wp-content\/uploads\/2025\/11\/cropped-Hidalgo-est1993.png","@id":"https:\/\/hidalgo.nl\/de\/product\/443\/stroopwafels-juanita-bedrucken-karamell-werbeartikel-8er\/#organizationLogo","width":585,"height":195},"image":{"@id":"https:\/\/hidalgo.nl\/de\/product\/443\/stroopwafels-juanita-bedrucken-karamell-werbeartikel-8er\/#organizationLogo"}},{"@type":"ProductGroup","@id":"https:\/\/hidalgo.nl\/de\/product\/443\/stroopwafels-juanita-bedrucken-karamell-werbeartikel-8er\/#wooCommerceProduct","name":"Stroopwafels Juanita bedrucken Karamell Werbeartikel 8er","url":"https:\/\/hidalgo.nl\/de\/product\/443\/stroopwafels-juanita-bedrucken-karamell-werbeartikel-8er\/","brand":{"@type":"Brand","name":"IMPRESSION"},"sku":"A58-2224","image":{"@type":"ImageObject","url":"https:\/\/shop.hidalgo.nl\/wp-content\/uploads\/2025\/04\/676479622e833e627fa73d8ec2e5e58856a83145be63a6593750ea7b4fa45e22.jpg","@id":"https:\/\/hidalgo.nl\/de\/product\/443\/stroopwafels-juanita-bedrucken-karamell-werbeartikel-8er\/#productImage"},"productGroupID":443,"hasVariant":[{"@type":"Product","@id":"https:\/\/hidalgo.nl\/de\/product\/443\/stroopwafels-juanita-bedrucken-karamell-werbeartikel-8er\/#wooCommerceProduct","name":"Stroopwafels Juanita - multicolor,","url":"https:\/\/hidalgo.nl\/de\/product\/443\/stroopwafels-juanita-bedrucken-karamell-werbeartikel-8er\/","sku":"A58-2224-009999999","image":{"@type":"ImageObject","url":"https:\/\/shop.hidalgo.nl\/wp-content\/uploads\/2025\/04\/676479622e833e627fa73d8ec2e5e58856a83145be63a6593750ea7b4fa45e22.jpg","@id":"https:\/\/hidalgo.nl\/de\/product\/443\/stroopwafels-juanita-bedrucken-karamell-werbeartikel-8er\/#productImage"},"offers":{"@type":"Offer","url":"https:\/\/hidalgo.nl\/de\/product\/443\/stroopwafels-juanita-bedrucken-karamell-werbeartikel-8er\/#wooCommerceOffer","price":"6.5","priceCurrency":"EUR","category":"Promotionele Artikelen","availability":"https:\/\/schema.org\/InStock","priceSpecification":{"@type":"PriceSpecification","price":6.5,"priceCurrency":"EUR","valueAddedTaxIncluded":"true"}}}]},{"@type":"WebPage","@id":"https:\/\/hidalgo.nl\/de\/product\/443\/stroopwafels-juanita-bedrucken-karamell-werbeartikel-8er\/#webpage","url":"https:\/\/hidalgo.nl\/de\/product\/443\/stroopwafels-juanita-bedrucken-karamell-werbeartikel-8er\/","name":"Stroopwafels Juanita bedrucken Karamell Werbeartikel 8er","description":"Nutze die Juanita-Waffeln als kreative Werbeartikel Waffeln f\u00fcr dein n\u00e4chstes Event oder als Beilage zum Kaffee. Du l\u00e4sst diese Karamellwaffeln bedrucken & pr\u00e4sentierst dein Logo direkt auf der Verpackung, um bei deiner Zielgruppe einen bleibenden Eindruck zu hinterlassen.","inLanguage":"de-DE","isPartOf":{"@id":"https:\/\/hidalgo.nl\/de\/#website"},"breadcrumb":{"@id":"https:\/\/hidalgo.nl\/de\/product\/443\/stroopwafels-juanita-bedrucken-karamell-werbeartikel-8er\/#breadcrumblist"},"image":{"@type":"ImageObject","url":"https:\/\/shop.hidalgo.nl\/wp-content\/uploads\/2025\/04\/676479622e833e627fa73d8ec2e5e58856a83145be63a6593750ea7b4fa45e22.jpg","@id":"https:\/\/hidalgo.nl\/de\/product\/443\/stroopwafels-juanita-bedrucken-karamell-werbeartikel-8er\/#mainImage"},"primaryImageOfPage":{"@id":"https:\/\/hidalgo.nl\/de\/product\/443\/stroopwafels-juanita-bedrucken-karamell-werbeartikel-8er\/#mainImage"},"datePublished":"2025-05-16T09:42:09+00:00","dateModified":"2026-03-16T07:52:32+00:00"},{"@type":"WebSite","@id":"https:\/\/hidalgo.nl\/de\/#website","url":"https:\/\/hidalgo.nl\/de\/","name":"Hidalgo","inLanguage":"de-DE","publisher":{"@id":"https:\/\/hidalgo.nl\/de\/#organization"}}]},"og:locale":"de_DE","og:site_name":"Hidalgo -","og:type":"article","og:title":"Stroopwafels Juanita bedrucken Karamell Werbeartikel 8er","og:description":"Nutze die Juanita-Waffeln als kreative Werbeartikel Waffeln f\u00fcr dein n\u00e4chstes Event oder als Beilage zum Kaffee. Du l\u00e4sst diese Karamellwaffeln bedrucken &amp; pr\u00e4sentierst dein Logo direkt auf der Verpackung, um bei deiner Zielgruppe einen bleibenden Eindruck zu hinterlassen.","og:url":"https:\/\/hidalgo.nl\/de\/wp-json\/wp\/v2\/product\/443","og:image":"https:\/\/shop.hidalgo.nl\/wp-content\/uploads\/2025\/11\/cropped-Hidalgo-est1993.png","og:image:secure_url":"https:\/\/shop.hidalgo.nl\/wp-content\/uploads\/2025\/11\/cropped-Hidalgo-est1993.png","article:published_time":"2025-05-16T09:42:09+00:00","article:modified_time":"2026-03-16T07:52:32+00:00","twitter:card":"summary_large_image","twitter:title":"Stroopwafels Juanita bedrucken Karamell Werbeartikel 8er","twitter:description":"Nutze die Juanita-Waffeln als kreative Werbeartikel Waffeln f\u00fcr dein n\u00e4chstes Event oder als Beilage zum Kaffee. Du l\u00e4sst diese Karamellwaffeln bedrucken &amp; pr\u00e4sentierst dein Logo direkt auf der Verpackung, um bei deiner Zielgruppe einen bleibenden Eindruck zu hinterlassen.","twitter:image":"https:\/\/shop.hidalgo.nl\/wp-content\/uploads\/2025\/11\/cropped-Hidalgo-est1993.png"},"aioseo_meta_data":{"post_id":"443","title":null,"description":null,"keywords":null,"keyphrases":null,"primary_term":null,"canonical_url":null,"og_title":null,"og_description":null,"og_object_type":"default","og_image_type":"default","og_image_url":null,"og_image_width":null,"og_image_height":null,"og_image_custom_url":null,"og_image_custom_fields":null,"og_video":null,"og_custom_url":null,"og_article_section":null,"og_article_tags":null,"twitter_use_og":false,"twitter_card":"default","twitter_image_type":"default","twitter_image_url":null,"twitter_image_custom_url":null,"twitter_image_custom_fields":null,"twitter_title":null,"twitter_description":null,"schema":{"blockGraphs":[],"customGraphs":[],"default":{"data":{"Article":[],"Course":[],"Dataset":[],"FAQPage":[],"Movie":[],"Person":[],"Product":[],"ProductReview":[],"Car":[],"Recipe":[],"Service":[],"SoftwareApplication":[],"WebPage":[]},"graphName":"","isEnabled":true},"graphs":[]},"schema_type":"default","schema_type_options":null,"pillar_content":false,"robots_default":true,"robots_noindex":false,"robots_noarchive":false,"robots_nosnippet":false,"robots_nofollow":false,"robots_noimageindex":false,"robots_noodp":false,"robots_notranslate":false,"robots_max_snippet":null,"robots_max_videopreview":null,"robots_max_imagepreview":"large","priority":null,"frequency":null,"local_seo":null,"seo_analyzer_scan_date":"2026-01-15 16:49:34","breadcrumb_settings":null,"limit_modified_date":false,"reviewed_by":null,"open_ai":null,"ai":null,"created":"2026-01-14 06:17:37","updated":"2026-04-23 01:58:50"},"aioseo_breadcrumb":"<div class=\"aioseo-breadcrumbs\"><span class=\"aioseo-breadcrumb\">\n\t<a href=\"https:\/\/hidalgo.nl\/de\/\" title=\"Home\">Home<\/a>\n<\/span><span class=\"aioseo-breadcrumb-separator\">\u00bb<\/span><span class=\"aioseo-breadcrumb\">\n\t<a href=\"https:\/\/hidalgo.nl\/example\/\" title=\"example\">example<\/a>\n<\/span><span class=\"aioseo-breadcrumb-separator\">\u00bb<\/span><span class=\"aioseo-breadcrumb\">\n\t<a href=\"https:\/\/hidalgo.nl\/en\/product-supplier\/a58\/\" title=\"A58\">A58<\/a>\n<\/span><span class=\"aioseo-breadcrumb-separator\">\u00bb<\/span><span class=\"aioseo-breadcrumb\">\n\tStroopwafels Juanita\n<\/span><\/div>","aioseo_breadcrumb_json":[{"label":"Home","link":"https:\/\/hidalgo.nl\/de\/"},{"label":"example","link":"https:\/\/hidalgo.nl\/example\/"},{"label":"A58","link":"https:\/\/hidalgo.nl\/en\/product-supplier\/a58\/"},{"label":"Stroopwafels Juanita","link":"https:\/\/hidalgo.nl\/de\/product\/443\/stroopwafels-juanita-bedrucken-karamell-werbeartikel-8er\/"}],"_links":{"self":[{"href":"https:\/\/hidalgo.nl\/de\/wp-json\/wp\/v2\/product\/443","targetHints":{"allow":["GET"]}}],"collection":[{"href":"https:\/\/hidalgo.nl\/de\/wp-json\/wp\/v2\/product"}],"about":[{"href":"https:\/\/hidalgo.nl\/de\/wp-json\/wp\/v2\/types\/product"}],"wp:featuredmedia":[{"embeddable":true,"href":"https:\/\/hidalgo.nl\/de\/wp-json\/wp\/v2\/media\/444"}],"wp:attachment":[{"href":"https:\/\/hidalgo.nl\/de\/wp-json\/wp\/v2\/media?parent=443"}],"wp:term":[{"taxonomy":"product_brand","embeddable":true,"href":"https:\/\/hidalgo.nl\/de\/wp-json\/wp\/v2\/product_brand?post=443"},{"taxonomy":"product_cat","embeddable":true,"href":"https:\/\/hidalgo.nl\/de\/wp-json\/wp\/v2\/product_cat?post=443"},{"taxonomy":"product_tag","embeddable":true,"href":"https:\/\/hidalgo.nl\/de\/wp-json\/wp\/v2\/product_tag?post=443"}],"curies":[{"name":"wp","href":"https:\/\/api.w.org\/{rel}","templated":true}]}}