{"id":40424,"date":"2025-07-06T12:41:03","date_gmt":"2025-07-06T12:41:03","guid":{"rendered":"http:\/\/bidonsenshakers.pim.hidalgo.nl\/product\/fl9303-uniseks-pet-dad-van-jute\/"},"modified":"2026-03-23T17:23:24","modified_gmt":"2026-03-23T17:23:24","slug":"fl9303-uniseks-pet-dad-van-jute","status":"publish","type":"product","link":"https:\/\/hidalgo.nl\/de\/product\/40424\/dad-cap-bedrucken-verstellbar-jute-optik-one-size\/","title":{"rendered":"FL9303 &#8211; Uniseks pet Dad van jute"},"content":{"rendered":"<p>65% Polyester \/ 35% Katoen. De unisex jute Dad pet combineert stijl en comfort met zijn strakke ontwerp zonder klep. Verstelbaar en vervaardigd met kwaliteitsmaterialen, biedt het duurzaamheid en ademend vermogen. De veelzijdige stijl maakt het een ideaal accessoire voor elke gelegenheid.<\/p>\n","protected":false},"excerpt":{"rendered":"<p>65% Polyester \/ 35% Katoen. De unisex jute Dad pet combineert stijl en comfort met zijn strakke ontwerp zonder klep. Verstelbaar en vervaardigd met kwaliteitsmaterialen, biedt het duurzaamheid en ademend vermogen. De veelzijdige stijl maakt het een ideaal accessoire voor elke gelegenheid.<\/p>\n","protected":false},"featured_media":40427,"template":"","meta":{"_acf_changed":false,"om_disable_all_campaigns":false,"_monsterinsights_skip_tracking":false,"_monsterinsights_sitenote_active":false,"_monsterinsights_sitenote_note":"","_monsterinsights_sitenote_category":0},"product_brand":[784],"product_cat":[4716,4849,4746],"product_tag":[],"class_list":{"0":"post-40424","1":"product","2":"type-product","3":"status-publish","4":"has-post-thumbnail","6":"product_supplier-a403","7":"product_material-polyester","8":"product_brand-flexfit","9":"product_cat-kleding","10":"product_cat-kleding-petten-mutsen-en-hoeden-petten","11":"product_cat-kleding-petten-mutsen-en-hoeden","12":"entry","14":"first","15":"instock","16":"taxable","17":"shipping-taxable","18":"purchasable","19":"product-type-variable"},"acf":{"imprint_cost":[{"imprint_cost_key":"33483b79de35c41f6a5968127e3727b83ce2fe0b","product_quantity_price_range":[{"imprint_cost_recommended_selling_price":"0","imprint_cost_recommended_selling_quantity":"1"}],"product_quantity_price_range_buying":false,"imprint_cost_setup_costs":"","imprint_cost_handling_costs":""}]},"aioseo_notices":[],"aioseo_head":"\n\t\t<!-- All in One SEO Pro 4.9.6.2 - aioseo.com -->\n\t<meta name=\"description\" content=\"Leichte Jute-Cap f\u00fcr deinen t\u00e4glichen Look: unisex, verstellbar und One-size. Bei Hidalgo kannst du deine Basecap mit Logo veredeln - Dad Cap bedrucken lassen mit Stick oder Druck - ideal f\u00fcr Events, Teams oder als Geschenk f\u00fcr 20-40-J\u00e4hrige.\" \/>\n\t<meta name=\"robots\" content=\"max-image-preview:large\" \/>\n\t<link rel=\"canonical\" href=\"https:\/\/hidalgo.nl\/de\/wp-json\/wp\/v2\/product\/40424\" \/>\n\t<meta name=\"generator\" content=\"All in One SEO Pro (AIOSEO) 4.9.6.2\" \/>\n\t\t<meta property=\"og:locale\" content=\"de_DE\" \/>\n\t\t<meta property=\"og:site_name\" content=\"Hidalgo -\" \/>\n\t\t<meta property=\"og:type\" content=\"article\" \/>\n\t\t<meta property=\"og:title\" content=\"Dad Cap bedrucken verstellbar Jute-Optik One-size\" \/>\n\t\t<meta property=\"og:description\" content=\"Leichte Jute-Cap f\u00fcr deinen t\u00e4glichen Look: unisex, verstellbar und One-size. Bei Hidalgo kannst du deine Basecap mit Logo veredeln - Dad Cap bedrucken lassen mit Stick oder Druck - ideal f\u00fcr Events, Teams oder als Geschenk f\u00fcr 20-40-J\u00e4hrige.\" \/>\n\t\t<meta property=\"og:url\" content=\"https:\/\/hidalgo.nl\/de\/wp-json\/wp\/v2\/product\/40424\" \/>\n\t\t<meta property=\"og:image\" content=\"https:\/\/shop.hidalgo.nl\/wp-content\/uploads\/2025\/11\/cropped-Hidalgo-est1993.png\" \/>\n\t\t<meta property=\"og:image:secure_url\" content=\"https:\/\/shop.hidalgo.nl\/wp-content\/uploads\/2025\/11\/cropped-Hidalgo-est1993.png\" \/>\n\t\t<meta property=\"article:published_time\" content=\"2025-07-06T12:41:03+00:00\" \/>\n\t\t<meta property=\"article:modified_time\" content=\"2026-03-23T17:23:24+00:00\" \/>\n\t\t<meta name=\"twitter:card\" content=\"summary_large_image\" \/>\n\t\t<meta name=\"twitter:title\" content=\"Dad Cap bedrucken verstellbar Jute-Optik One-size\" \/>\n\t\t<meta name=\"twitter:description\" content=\"Leichte Jute-Cap f\u00fcr deinen t\u00e4glichen Look: unisex, verstellbar und One-size. Bei Hidalgo kannst du deine Basecap mit Logo veredeln - Dad Cap bedrucken lassen mit Stick oder Druck - ideal f\u00fcr Events, Teams oder als Geschenk f\u00fcr 20-40-J\u00e4hrige.\" \/>\n\t\t<meta name=\"twitter:image\" content=\"https:\/\/shop.hidalgo.nl\/wp-content\/uploads\/2025\/11\/cropped-Hidalgo-est1993.png\" \/>\n\t\t<script type=\"application\/ld+json\" class=\"aioseo-schema\">\n\t\t\t{\"@context\":\"https:\\\/\\\/schema.org\",\"@graph\":[{\"@type\":\"BreadcrumbList\",\"@id\":\"https:\\\/\\\/hidalgo.nl\\\/de\\\/product\\\/40424\\\/dad-cap-bedrucken-verstellbar-jute-optik-one-size\\\/#breadcrumblist\",\"itemListElement\":[{\"@type\":\"ListItem\",\"@id\":\"https:\\\/\\\/hidalgo.nl\\\/de\\\/#listItem\",\"position\":1,\"name\":\"Home\",\"item\":\"https:\\\/\\\/hidalgo.nl\\\/de\\\/\",\"nextItem\":{\"@type\":\"ListItem\",\"@id\":\"https:\\\/\\\/hidalgo.nl\\\/example\\\/#listItem\",\"name\":\"example\"}},{\"@type\":\"ListItem\",\"@id\":\"https:\\\/\\\/hidalgo.nl\\\/example\\\/#listItem\",\"position\":2,\"name\":\"example\",\"item\":\"https:\\\/\\\/hidalgo.nl\\\/example\\\/\",\"nextItem\":{\"@type\":\"ListItem\",\"@id\":\"https:\\\/\\\/hidalgo.nl\\\/en\\\/product-supplier\\\/a403\\\/#listItem\",\"name\":\"A403\"},\"previousItem\":{\"@type\":\"ListItem\",\"@id\":\"https:\\\/\\\/hidalgo.nl\\\/de\\\/#listItem\",\"name\":\"Home\"}},{\"@type\":\"ListItem\",\"@id\":\"https:\\\/\\\/hidalgo.nl\\\/en\\\/product-supplier\\\/a403\\\/#listItem\",\"position\":3,\"name\":\"A403\",\"item\":\"https:\\\/\\\/hidalgo.nl\\\/en\\\/product-supplier\\\/a403\\\/\",\"nextItem\":{\"@type\":\"ListItem\",\"@id\":\"https:\\\/\\\/hidalgo.nl\\\/de\\\/product\\\/40424\\\/dad-cap-bedrucken-verstellbar-jute-optik-one-size\\\/#listItem\",\"name\":\"FL9303 &#8211; Uniseks pet Dad van jute\"},\"previousItem\":{\"@type\":\"ListItem\",\"@id\":\"https:\\\/\\\/hidalgo.nl\\\/example\\\/#listItem\",\"name\":\"example\"}},{\"@type\":\"ListItem\",\"@id\":\"https:\\\/\\\/hidalgo.nl\\\/de\\\/product\\\/40424\\\/dad-cap-bedrucken-verstellbar-jute-optik-one-size\\\/#listItem\",\"position\":4,\"name\":\"FL9303 &#8211; Uniseks pet Dad van jute\",\"previousItem\":{\"@type\":\"ListItem\",\"@id\":\"https:\\\/\\\/hidalgo.nl\\\/en\\\/product-supplier\\\/a403\\\/#listItem\",\"name\":\"A403\"}}]},{\"@type\":\"Organization\",\"@id\":\"https:\\\/\\\/hidalgo.nl\\\/de\\\/#organization\",\"name\":\"Hidalgo\",\"url\":\"https:\\\/\\\/hidalgo.nl\\\/de\\\/\",\"logo\":{\"@type\":\"ImageObject\",\"url\":\"https:\\\/\\\/shop.hidalgo.nl\\\/wp-content\\\/uploads\\\/2025\\\/11\\\/cropped-Hidalgo-est1993.png\",\"@id\":\"https:\\\/\\\/hidalgo.nl\\\/de\\\/product\\\/40424\\\/dad-cap-bedrucken-verstellbar-jute-optik-one-size\\\/#organizationLogo\",\"width\":585,\"height\":195},\"image\":{\"@id\":\"https:\\\/\\\/hidalgo.nl\\\/de\\\/product\\\/40424\\\/dad-cap-bedrucken-verstellbar-jute-optik-one-size\\\/#organizationLogo\"}},{\"@type\":\"ProductGroup\",\"@id\":\"https:\\\/\\\/hidalgo.nl\\\/de\\\/product\\\/40424\\\/dad-cap-bedrucken-verstellbar-jute-optik-one-size\\\/#wooCommerceProduct\",\"name\":\"Dad Cap bedrucken verstellbar Jute-Optik One-size\",\"url\":\"https:\\\/\\\/hidalgo.nl\\\/de\\\/product\\\/40424\\\/dad-cap-bedrucken-verstellbar-jute-optik-one-size\\\/\",\"brand\":{\"@type\":\"Brand\",\"name\":\"FLEXFIT\"},\"sku\":\"A403-FL9303\",\"image\":{\"@type\":\"ImageObject\",\"url\":\"https:\\\/\\\/shop.hidalgo.nl\\\/wp-content\\\/uploads\\\/2025\\\/07\\\/921709946564abf3eca69970021d8805b2088d659c2236da62f510e43568ab6a.png\",\"@id\":\"https:\\\/\\\/hidalgo.nl\\\/de\\\/product\\\/40424\\\/dad-cap-bedrucken-verstellbar-jute-optik-one-size\\\/#productImage\",\"width\":692,\"height\":1000},\"productGroupID\":40424,\"hasVariant\":[{\"@type\":\"Product\",\"@id\":\"https:\\\/\\\/hidalgo.nl\\\/de\\\/product\\\/40424\\\/dad-cap-bedrucken-verstellbar-jute-optik-one-size\\\/#wooCommerceProduct\",\"name\":\"FL9303 - Uniseks pet Dad van jute - , natural\",\"url\":\"https:\\\/\\\/hidalgo.nl\\\/de\\\/product\\\/40424\\\/dad-cap-bedrucken-verstellbar-jute-optik-one-size\\\/\",\"sku\":\"A403-FL9303_91262_91261\",\"gtin\":\"4065812727213\",\"image\":{\"@type\":\"ImageObject\",\"url\":\"https:\\\/\\\/shop.hidalgo.nl\\\/wp-content\\\/uploads\\\/2025\\\/07\\\/921709946564abf3eca69970021d8805b2088d659c2236da62f510e43568ab6a.png\",\"@id\":\"https:\\\/\\\/hidalgo.nl\\\/de\\\/product\\\/40424\\\/dad-cap-bedrucken-verstellbar-jute-optik-one-size\\\/#productImage\",\"width\":692,\"height\":1000},\"offers\":{\"@type\":\"Offer\",\"url\":\"https:\\\/\\\/hidalgo.nl\\\/de\\\/product\\\/40424\\\/dad-cap-bedrucken-verstellbar-jute-optik-one-size\\\/#wooCommerceOffer\",\"price\":\"11.39\",\"priceCurrency\":\"EUR\",\"category\":\"Kleding\",\"availability\":\"https:\\\/\\\/schema.org\\\/InStock\",\"priceSpecification\":{\"@type\":\"PriceSpecification\",\"price\":11.39,\"priceCurrency\":\"EUR\",\"valueAddedTaxIncluded\":\"true\"}}},{\"@type\":\"Product\",\"@id\":\"https:\\\/\\\/hidalgo.nl\\\/de\\\/product\\\/40424\\\/dad-cap-bedrucken-verstellbar-jute-optik-one-size\\\/#wooCommerceProduct\",\"name\":\"FL9303 - Uniseks pet Dad van jute - , offwhite\",\"url\":\"https:\\\/\\\/hidalgo.nl\\\/de\\\/product\\\/40424\\\/dad-cap-bedrucken-verstellbar-jute-optik-one-size\\\/\",\"sku\":\"A403-FL9303_91263_91261\",\"gtin\":\"4065812727206\",\"image\":{\"@type\":\"ImageObject\",\"url\":\"https:\\\/\\\/shop.hidalgo.nl\\\/wp-content\\\/uploads\\\/2025\\\/07\\\/2c25f713a2f72a1d16325451439f49111f443be272b18bef8c920d037a93ca44.png\",\"@id\":\"https:\\\/\\\/hidalgo.nl\\\/de\\\/product\\\/40424\\\/dad-cap-bedrucken-verstellbar-jute-optik-one-size\\\/#productImage\",\"width\":692,\"height\":1000},\"offers\":{\"@type\":\"Offer\",\"url\":\"https:\\\/\\\/hidalgo.nl\\\/de\\\/product\\\/40424\\\/dad-cap-bedrucken-verstellbar-jute-optik-one-size\\\/#wooCommerceOffer\",\"price\":\"11.39\",\"priceCurrency\":\"EUR\",\"category\":\"Kleding\",\"availability\":\"https:\\\/\\\/schema.org\\\/InStock\",\"priceSpecification\":{\"@type\":\"PriceSpecification\",\"price\":11.39,\"priceCurrency\":\"EUR\",\"valueAddedTaxIncluded\":\"true\"}}}]},{\"@type\":\"WebPage\",\"@id\":\"https:\\\/\\\/hidalgo.nl\\\/de\\\/product\\\/40424\\\/dad-cap-bedrucken-verstellbar-jute-optik-one-size\\\/#webpage\",\"url\":\"https:\\\/\\\/hidalgo.nl\\\/de\\\/product\\\/40424\\\/dad-cap-bedrucken-verstellbar-jute-optik-one-size\\\/\",\"name\":\"Dad Cap bedrucken verstellbar Jute-Optik One-size\",\"description\":\"Leichte Jute-Cap f\\u00fcr deinen t\\u00e4glichen Look: unisex, verstellbar und One-size. Bei Hidalgo kannst du deine Basecap mit Logo veredeln - Dad Cap bedrucken lassen mit Stick oder Druck - ideal f\\u00fcr Events, Teams oder als Geschenk f\\u00fcr 20-40-J\\u00e4hrige.\",\"inLanguage\":\"de-DE\",\"isPartOf\":{\"@id\":\"https:\\\/\\\/hidalgo.nl\\\/de\\\/#website\"},\"breadcrumb\":{\"@id\":\"https:\\\/\\\/hidalgo.nl\\\/de\\\/product\\\/40424\\\/dad-cap-bedrucken-verstellbar-jute-optik-one-size\\\/#breadcrumblist\"},\"image\":{\"@type\":\"ImageObject\",\"url\":\"https:\\\/\\\/shop.hidalgo.nl\\\/wp-content\\\/uploads\\\/2025\\\/07\\\/921709946564abf3eca69970021d8805b2088d659c2236da62f510e43568ab6a.png\",\"@id\":\"https:\\\/\\\/hidalgo.nl\\\/de\\\/product\\\/40424\\\/dad-cap-bedrucken-verstellbar-jute-optik-one-size\\\/#mainImage\",\"width\":692,\"height\":1000},\"primaryImageOfPage\":{\"@id\":\"https:\\\/\\\/hidalgo.nl\\\/de\\\/product\\\/40424\\\/dad-cap-bedrucken-verstellbar-jute-optik-one-size\\\/#mainImage\"},\"datePublished\":\"2025-07-06T12:41:03+00:00\",\"dateModified\":\"2026-03-23T17:23:24+00:00\"},{\"@type\":\"WebSite\",\"@id\":\"https:\\\/\\\/hidalgo.nl\\\/de\\\/#website\",\"url\":\"https:\\\/\\\/hidalgo.nl\\\/de\\\/\",\"name\":\"Hidalgo\",\"inLanguage\":\"de-DE\",\"publisher\":{\"@id\":\"https:\\\/\\\/hidalgo.nl\\\/de\\\/#organization\"}}]}\n\t\t<\/script>\n\t\t<!-- All in One SEO Pro -->\r\n\t\t<title>Dad Cap bedrucken verstellbar Jute-Optik One-size<\/title>\n\n","aioseo_head_json":{"title":"Dad Cap bedrucken verstellbar Jute-Optik One-size","description":"Leichte Jute-Cap f\u00fcr deinen t\u00e4glichen Look: unisex, verstellbar und One-size. Bei Hidalgo kannst du deine Basecap mit Logo veredeln - Dad Cap bedrucken lassen mit Stick oder Druck - ideal f\u00fcr Events, Teams oder als Geschenk f\u00fcr 20-40-J\u00e4hrige.","canonical_url":"https:\/\/hidalgo.nl\/de\/wp-json\/wp\/v2\/product\/40424","robots":"max-image-preview:large","keywords":"","webmasterTools":{"miscellaneous":""},"schema":{"@context":"https:\/\/schema.org","@graph":[{"@type":"BreadcrumbList","@id":"https:\/\/hidalgo.nl\/de\/product\/40424\/dad-cap-bedrucken-verstellbar-jute-optik-one-size\/#breadcrumblist","itemListElement":[{"@type":"ListItem","@id":"https:\/\/hidalgo.nl\/de\/#listItem","position":1,"name":"Home","item":"https:\/\/hidalgo.nl\/de\/","nextItem":{"@type":"ListItem","@id":"https:\/\/hidalgo.nl\/example\/#listItem","name":"example"}},{"@type":"ListItem","@id":"https:\/\/hidalgo.nl\/example\/#listItem","position":2,"name":"example","item":"https:\/\/hidalgo.nl\/example\/","nextItem":{"@type":"ListItem","@id":"https:\/\/hidalgo.nl\/en\/product-supplier\/a403\/#listItem","name":"A403"},"previousItem":{"@type":"ListItem","@id":"https:\/\/hidalgo.nl\/de\/#listItem","name":"Home"}},{"@type":"ListItem","@id":"https:\/\/hidalgo.nl\/en\/product-supplier\/a403\/#listItem","position":3,"name":"A403","item":"https:\/\/hidalgo.nl\/en\/product-supplier\/a403\/","nextItem":{"@type":"ListItem","@id":"https:\/\/hidalgo.nl\/de\/product\/40424\/dad-cap-bedrucken-verstellbar-jute-optik-one-size\/#listItem","name":"FL9303 &#8211; Uniseks pet Dad van jute"},"previousItem":{"@type":"ListItem","@id":"https:\/\/hidalgo.nl\/example\/#listItem","name":"example"}},{"@type":"ListItem","@id":"https:\/\/hidalgo.nl\/de\/product\/40424\/dad-cap-bedrucken-verstellbar-jute-optik-one-size\/#listItem","position":4,"name":"FL9303 &#8211; Uniseks pet Dad van jute","previousItem":{"@type":"ListItem","@id":"https:\/\/hidalgo.nl\/en\/product-supplier\/a403\/#listItem","name":"A403"}}]},{"@type":"Organization","@id":"https:\/\/hidalgo.nl\/de\/#organization","name":"Hidalgo","url":"https:\/\/hidalgo.nl\/de\/","logo":{"@type":"ImageObject","url":"https:\/\/shop.hidalgo.nl\/wp-content\/uploads\/2025\/11\/cropped-Hidalgo-est1993.png","@id":"https:\/\/hidalgo.nl\/de\/product\/40424\/dad-cap-bedrucken-verstellbar-jute-optik-one-size\/#organizationLogo","width":585,"height":195},"image":{"@id":"https:\/\/hidalgo.nl\/de\/product\/40424\/dad-cap-bedrucken-verstellbar-jute-optik-one-size\/#organizationLogo"}},{"@type":"ProductGroup","@id":"https:\/\/hidalgo.nl\/de\/product\/40424\/dad-cap-bedrucken-verstellbar-jute-optik-one-size\/#wooCommerceProduct","name":"Dad Cap bedrucken verstellbar Jute-Optik One-size","url":"https:\/\/hidalgo.nl\/de\/product\/40424\/dad-cap-bedrucken-verstellbar-jute-optik-one-size\/","brand":{"@type":"Brand","name":"FLEXFIT"},"sku":"A403-FL9303","image":{"@type":"ImageObject","url":"https:\/\/shop.hidalgo.nl\/wp-content\/uploads\/2025\/07\/921709946564abf3eca69970021d8805b2088d659c2236da62f510e43568ab6a.png","@id":"https:\/\/hidalgo.nl\/de\/product\/40424\/dad-cap-bedrucken-verstellbar-jute-optik-one-size\/#productImage","width":692,"height":1000},"productGroupID":40424,"hasVariant":[{"@type":"Product","@id":"https:\/\/hidalgo.nl\/de\/product\/40424\/dad-cap-bedrucken-verstellbar-jute-optik-one-size\/#wooCommerceProduct","name":"FL9303 - Uniseks pet Dad van jute - , natural","url":"https:\/\/hidalgo.nl\/de\/product\/40424\/dad-cap-bedrucken-verstellbar-jute-optik-one-size\/","sku":"A403-FL9303_91262_91261","gtin":"4065812727213","image":{"@type":"ImageObject","url":"https:\/\/shop.hidalgo.nl\/wp-content\/uploads\/2025\/07\/921709946564abf3eca69970021d8805b2088d659c2236da62f510e43568ab6a.png","@id":"https:\/\/hidalgo.nl\/de\/product\/40424\/dad-cap-bedrucken-verstellbar-jute-optik-one-size\/#productImage","width":692,"height":1000},"offers":{"@type":"Offer","url":"https:\/\/hidalgo.nl\/de\/product\/40424\/dad-cap-bedrucken-verstellbar-jute-optik-one-size\/#wooCommerceOffer","price":"11.39","priceCurrency":"EUR","category":"Kleding","availability":"https:\/\/schema.org\/InStock","priceSpecification":{"@type":"PriceSpecification","price":11.39,"priceCurrency":"EUR","valueAddedTaxIncluded":"true"}}},{"@type":"Product","@id":"https:\/\/hidalgo.nl\/de\/product\/40424\/dad-cap-bedrucken-verstellbar-jute-optik-one-size\/#wooCommerceProduct","name":"FL9303 - Uniseks pet Dad van jute - , offwhite","url":"https:\/\/hidalgo.nl\/de\/product\/40424\/dad-cap-bedrucken-verstellbar-jute-optik-one-size\/","sku":"A403-FL9303_91263_91261","gtin":"4065812727206","image":{"@type":"ImageObject","url":"https:\/\/shop.hidalgo.nl\/wp-content\/uploads\/2025\/07\/2c25f713a2f72a1d16325451439f49111f443be272b18bef8c920d037a93ca44.png","@id":"https:\/\/hidalgo.nl\/de\/product\/40424\/dad-cap-bedrucken-verstellbar-jute-optik-one-size\/#productImage","width":692,"height":1000},"offers":{"@type":"Offer","url":"https:\/\/hidalgo.nl\/de\/product\/40424\/dad-cap-bedrucken-verstellbar-jute-optik-one-size\/#wooCommerceOffer","price":"11.39","priceCurrency":"EUR","category":"Kleding","availability":"https:\/\/schema.org\/InStock","priceSpecification":{"@type":"PriceSpecification","price":11.39,"priceCurrency":"EUR","valueAddedTaxIncluded":"true"}}}]},{"@type":"WebPage","@id":"https:\/\/hidalgo.nl\/de\/product\/40424\/dad-cap-bedrucken-verstellbar-jute-optik-one-size\/#webpage","url":"https:\/\/hidalgo.nl\/de\/product\/40424\/dad-cap-bedrucken-verstellbar-jute-optik-one-size\/","name":"Dad Cap bedrucken verstellbar Jute-Optik One-size","description":"Leichte Jute-Cap f\u00fcr deinen t\u00e4glichen Look: unisex, verstellbar und One-size. Bei Hidalgo kannst du deine Basecap mit Logo veredeln - Dad Cap bedrucken lassen mit Stick oder Druck - ideal f\u00fcr Events, Teams oder als Geschenk f\u00fcr 20-40-J\u00e4hrige.","inLanguage":"de-DE","isPartOf":{"@id":"https:\/\/hidalgo.nl\/de\/#website"},"breadcrumb":{"@id":"https:\/\/hidalgo.nl\/de\/product\/40424\/dad-cap-bedrucken-verstellbar-jute-optik-one-size\/#breadcrumblist"},"image":{"@type":"ImageObject","url":"https:\/\/shop.hidalgo.nl\/wp-content\/uploads\/2025\/07\/921709946564abf3eca69970021d8805b2088d659c2236da62f510e43568ab6a.png","@id":"https:\/\/hidalgo.nl\/de\/product\/40424\/dad-cap-bedrucken-verstellbar-jute-optik-one-size\/#mainImage","width":692,"height":1000},"primaryImageOfPage":{"@id":"https:\/\/hidalgo.nl\/de\/product\/40424\/dad-cap-bedrucken-verstellbar-jute-optik-one-size\/#mainImage"},"datePublished":"2025-07-06T12:41:03+00:00","dateModified":"2026-03-23T17:23:24+00:00"},{"@type":"WebSite","@id":"https:\/\/hidalgo.nl\/de\/#website","url":"https:\/\/hidalgo.nl\/de\/","name":"Hidalgo","inLanguage":"de-DE","publisher":{"@id":"https:\/\/hidalgo.nl\/de\/#organization"}}]},"og:locale":"de_DE","og:site_name":"Hidalgo -","og:type":"article","og:title":"Dad Cap bedrucken verstellbar Jute-Optik One-size","og:description":"Leichte Jute-Cap f\u00fcr deinen t\u00e4glichen Look: unisex, verstellbar und One-size. Bei Hidalgo kannst du deine Basecap mit Logo veredeln - Dad Cap bedrucken lassen mit Stick oder Druck - ideal f\u00fcr Events, Teams oder als Geschenk f\u00fcr 20-40-J\u00e4hrige.","og:url":"https:\/\/hidalgo.nl\/de\/wp-json\/wp\/v2\/product\/40424","og:image":"https:\/\/shop.hidalgo.nl\/wp-content\/uploads\/2025\/11\/cropped-Hidalgo-est1993.png","og:image:secure_url":"https:\/\/shop.hidalgo.nl\/wp-content\/uploads\/2025\/11\/cropped-Hidalgo-est1993.png","article:published_time":"2025-07-06T12:41:03+00:00","article:modified_time":"2026-03-23T17:23:24+00:00","twitter:card":"summary_large_image","twitter:title":"Dad Cap bedrucken verstellbar Jute-Optik One-size","twitter:description":"Leichte Jute-Cap f\u00fcr deinen t\u00e4glichen Look: unisex, verstellbar und One-size. Bei Hidalgo kannst du deine Basecap mit Logo veredeln - Dad Cap bedrucken lassen mit Stick oder Druck - ideal f\u00fcr Events, Teams oder als Geschenk f\u00fcr 20-40-J\u00e4hrige.","twitter:image":"https:\/\/shop.hidalgo.nl\/wp-content\/uploads\/2025\/11\/cropped-Hidalgo-est1993.png"},"aioseo_meta_data":{"post_id":"40424","title":null,"description":null,"keywords":null,"keyphrases":null,"primary_term":null,"canonical_url":null,"og_title":null,"og_description":null,"og_object_type":"default","og_image_type":"default","og_image_url":null,"og_image_width":null,"og_image_height":null,"og_image_custom_url":null,"og_image_custom_fields":null,"og_video":null,"og_custom_url":null,"og_article_section":null,"og_article_tags":null,"twitter_use_og":false,"twitter_card":"default","twitter_image_type":"default","twitter_image_url":null,"twitter_image_custom_url":null,"twitter_image_custom_fields":null,"twitter_title":null,"twitter_description":null,"schema":{"blockGraphs":[],"customGraphs":[],"default":{"data":{"Article":[],"Course":[],"Dataset":[],"FAQPage":[],"Movie":[],"Person":[],"Product":[],"ProductReview":[],"Car":[],"Recipe":[],"Service":[],"SoftwareApplication":[],"WebPage":[]},"graphName":"","isEnabled":true},"graphs":[]},"schema_type":"default","schema_type_options":null,"pillar_content":false,"robots_default":true,"robots_noindex":false,"robots_noarchive":false,"robots_nosnippet":false,"robots_nofollow":false,"robots_noimageindex":false,"robots_noodp":false,"robots_notranslate":false,"robots_max_snippet":null,"robots_max_videopreview":null,"robots_max_imagepreview":"large","priority":null,"frequency":null,"local_seo":null,"seo_analyzer_scan_date":"2026-01-20 13:57:22","breadcrumb_settings":null,"limit_modified_date":false,"reviewed_by":null,"open_ai":null,"ai":null,"created":"2026-01-14 06:25:28","updated":"2026-04-22 17:47:52"},"aioseo_breadcrumb":"<div class=\"aioseo-breadcrumbs\"><span class=\"aioseo-breadcrumb\">\n\t<a href=\"https:\/\/hidalgo.nl\/de\/\" title=\"Home\">Home<\/a>\n<\/span><span class=\"aioseo-breadcrumb-separator\">\u00bb<\/span><span class=\"aioseo-breadcrumb\">\n\t<a href=\"https:\/\/hidalgo.nl\/example\/\" title=\"example\">example<\/a>\n<\/span><span class=\"aioseo-breadcrumb-separator\">\u00bb<\/span><span class=\"aioseo-breadcrumb\">\n\t<a href=\"https:\/\/hidalgo.nl\/en\/product-supplier\/a403\/\" title=\"A403\">A403<\/a>\n<\/span><span class=\"aioseo-breadcrumb-separator\">\u00bb<\/span><span class=\"aioseo-breadcrumb\">\n\tFL9303 \u2013 Uniseks pet Dad van jute\n<\/span><\/div>","aioseo_breadcrumb_json":[{"label":"Home","link":"https:\/\/hidalgo.nl\/de\/"},{"label":"example","link":"https:\/\/hidalgo.nl\/example\/"},{"label":"A403","link":"https:\/\/hidalgo.nl\/en\/product-supplier\/a403\/"},{"label":"FL9303 &#8211; Uniseks pet Dad van jute","link":"https:\/\/hidalgo.nl\/de\/product\/40424\/dad-cap-bedrucken-verstellbar-jute-optik-one-size\/"}],"_links":{"self":[{"href":"https:\/\/hidalgo.nl\/de\/wp-json\/wp\/v2\/product\/40424","targetHints":{"allow":["GET"]}}],"collection":[{"href":"https:\/\/hidalgo.nl\/de\/wp-json\/wp\/v2\/product"}],"about":[{"href":"https:\/\/hidalgo.nl\/de\/wp-json\/wp\/v2\/types\/product"}],"wp:featuredmedia":[{"embeddable":true,"href":"https:\/\/hidalgo.nl\/de\/wp-json\/wp\/v2\/media\/40427"}],"wp:attachment":[{"href":"https:\/\/hidalgo.nl\/de\/wp-json\/wp\/v2\/media?parent=40424"}],"wp:term":[{"taxonomy":"product_brand","embeddable":true,"href":"https:\/\/hidalgo.nl\/de\/wp-json\/wp\/v2\/product_brand?post=40424"},{"taxonomy":"product_cat","embeddable":true,"href":"https:\/\/hidalgo.nl\/de\/wp-json\/wp\/v2\/product_cat?post=40424"},{"taxonomy":"product_tag","embeddable":true,"href":"https:\/\/hidalgo.nl\/de\/wp-json\/wp\/v2\/product_tag?post=40424"}],"curies":[{"name":"wp","href":"https:\/\/api.w.org\/{rel}","templated":true}]}}