{"id":40147,"date":"2025-07-06T12:36:54","date_gmt":"2025-07-06T12:36:54","guid":{"rendered":"http:\/\/bidonsenshakers.pim.hidalgo.nl\/product\/fl6606rt-classic-retro-trucker-pet\/"},"modified":"2026-03-24T06:21:06","modified_gmt":"2026-03-24T06:21:06","slug":"fl6606rt-classic-retro-trucker-pet","status":"publish","type":"product","link":"https:\/\/hidalgo.nl\/de\/product\/40147\/trucker-cap-bedrucken-retro-atmungsaktiv-recycelt-one-size\/","title":{"rendered":"FL6606RT &#8211; Classic Retro Trucker pet"},"content":{"rendered":"<p>Buitenstof 1: 100% katoen. Buitenstof 2: 100% gerecycled polyester. Tweekleurige truckerspet. De voorkant en de zonneklep van de pet zijn gemaakt van ondoorzichtig katoen. De achterkant is gemaakt van ademende mesh van gerecycled polyester. E\u00e9n maat. Verstelbaar met een drukknoopsluiting in een bijpassende kleur.<\/p>\n","protected":false},"excerpt":{"rendered":"<p>Buitenstof 1: 100% katoen. Buitenstof 2: 100% gerecycled polyester. Tweekleurige truckerspet. De voorkant en de zonneklep van de pet zijn gemaakt van ondoorzichtig katoen. De achterkant is gemaakt van ademende mesh van gerecycled polyester. E\u00e9n maat. Verstelbaar met een drukknoopsluiting in een bijpassende kleur.<\/p>\n","protected":false},"featured_media":40150,"template":"","meta":{"_acf_changed":false,"om_disable_all_campaigns":false,"_monsterinsights_skip_tracking":false,"_monsterinsights_sitenote_active":false,"_monsterinsights_sitenote_note":"","_monsterinsights_sitenote_category":0},"product_brand":[784],"product_cat":[4716,4849,4746],"product_tag":[],"class_list":{"0":"post-40147","1":"product","2":"type-product","3":"status-publish","4":"has-post-thumbnail","6":"product_supplier-a403","7":"product_brand-flexfit","8":"product_cat-kleding","9":"product_cat-kleding-petten-mutsen-en-hoeden-petten","10":"product_cat-kleding-petten-mutsen-en-hoeden","11":"entry","13":"first","14":"instock","15":"taxable","16":"shipping-taxable","17":"purchasable","18":"product-type-variable"},"acf":{"imprint_cost":[{"imprint_cost_key":"33483b79de35c41f6a5968127e3727b83ce2fe0b","product_quantity_price_range":[{"imprint_cost_recommended_selling_price":"0","imprint_cost_recommended_selling_quantity":"1"}],"product_quantity_price_range_buying":false,"imprint_cost_setup_costs":"","imprint_cost_handling_costs":""}]},"aioseo_notices":[],"aioseo_head":"\n\t\t<!-- All in One SEO Pro 4.9.6.2 - aioseo.com -->\n\t<meta name=\"description\" content=\"Lass deine Trucker Cap bedrucken im Classic Retro Style mit atmungsaktivem Recycling Mesh - ideal f\u00fcr Events und Marken von 20 bis 40. Hidalgo veredelt als Trucker M\u00fctze mit Logo in Black oder White, One-size mit Snap-Verschluss, pr\u00e4zise umgesetzt.\" \/>\n\t<meta name=\"robots\" content=\"max-image-preview:large\" \/>\n\t<link rel=\"canonical\" href=\"https:\/\/hidalgo.nl\/de\/wp-json\/wp\/v2\/product\/40147\" \/>\n\t<meta name=\"generator\" content=\"All in One SEO Pro (AIOSEO) 4.9.6.2\" \/>\n\t\t<meta property=\"og:locale\" content=\"de_DE\" \/>\n\t\t<meta property=\"og:site_name\" content=\"Hidalgo -\" \/>\n\t\t<meta property=\"og:type\" content=\"article\" \/>\n\t\t<meta property=\"og:title\" content=\"Trucker Cap bedrucken Retro atmungsaktiv recycelt One-Size\" \/>\n\t\t<meta property=\"og:description\" content=\"Lass deine Trucker Cap bedrucken im Classic Retro Style mit atmungsaktivem Recycling Mesh - ideal f\u00fcr Events und Marken von 20 bis 40. Hidalgo veredelt als Trucker M\u00fctze mit Logo in Black oder White, One-size mit Snap-Verschluss, pr\u00e4zise umgesetzt.\" \/>\n\t\t<meta property=\"og:url\" content=\"https:\/\/hidalgo.nl\/de\/wp-json\/wp\/v2\/product\/40147\" \/>\n\t\t<meta property=\"og:image\" content=\"https:\/\/shop.hidalgo.nl\/wp-content\/uploads\/2025\/11\/cropped-Hidalgo-est1993.png\" \/>\n\t\t<meta property=\"og:image:secure_url\" content=\"https:\/\/shop.hidalgo.nl\/wp-content\/uploads\/2025\/11\/cropped-Hidalgo-est1993.png\" \/>\n\t\t<meta property=\"article:published_time\" content=\"2025-07-06T12:36:54+00:00\" \/>\n\t\t<meta property=\"article:modified_time\" content=\"2026-03-24T06:21:06+00:00\" \/>\n\t\t<meta name=\"twitter:card\" content=\"summary_large_image\" \/>\n\t\t<meta name=\"twitter:title\" content=\"Trucker Cap bedrucken Retro atmungsaktiv recycelt One-Size\" \/>\n\t\t<meta name=\"twitter:description\" content=\"Lass deine Trucker Cap bedrucken im Classic Retro Style mit atmungsaktivem Recycling Mesh - ideal f\u00fcr Events und Marken von 20 bis 40. Hidalgo veredelt als Trucker M\u00fctze mit Logo in Black oder White, One-size mit Snap-Verschluss, pr\u00e4zise umgesetzt.\" \/>\n\t\t<meta name=\"twitter:image\" content=\"https:\/\/shop.hidalgo.nl\/wp-content\/uploads\/2025\/11\/cropped-Hidalgo-est1993.png\" \/>\n\t\t<script type=\"application\/ld+json\" class=\"aioseo-schema\">\n\t\t\t{\"@context\":\"https:\\\/\\\/schema.org\",\"@graph\":[{\"@type\":\"BreadcrumbList\",\"@id\":\"https:\\\/\\\/hidalgo.nl\\\/de\\\/product\\\/40147\\\/trucker-cap-bedrucken-retro-atmungsaktiv-recycelt-one-size\\\/#breadcrumblist\",\"itemListElement\":[{\"@type\":\"ListItem\",\"@id\":\"https:\\\/\\\/hidalgo.nl\\\/de\\\/#listItem\",\"position\":1,\"name\":\"Home\",\"item\":\"https:\\\/\\\/hidalgo.nl\\\/de\\\/\",\"nextItem\":{\"@type\":\"ListItem\",\"@id\":\"https:\\\/\\\/hidalgo.nl\\\/example\\\/#listItem\",\"name\":\"example\"}},{\"@type\":\"ListItem\",\"@id\":\"https:\\\/\\\/hidalgo.nl\\\/example\\\/#listItem\",\"position\":2,\"name\":\"example\",\"item\":\"https:\\\/\\\/hidalgo.nl\\\/example\\\/\",\"nextItem\":{\"@type\":\"ListItem\",\"@id\":\"https:\\\/\\\/hidalgo.nl\\\/en\\\/product-supplier\\\/a403\\\/#listItem\",\"name\":\"A403\"},\"previousItem\":{\"@type\":\"ListItem\",\"@id\":\"https:\\\/\\\/hidalgo.nl\\\/de\\\/#listItem\",\"name\":\"Home\"}},{\"@type\":\"ListItem\",\"@id\":\"https:\\\/\\\/hidalgo.nl\\\/en\\\/product-supplier\\\/a403\\\/#listItem\",\"position\":3,\"name\":\"A403\",\"item\":\"https:\\\/\\\/hidalgo.nl\\\/en\\\/product-supplier\\\/a403\\\/\",\"nextItem\":{\"@type\":\"ListItem\",\"@id\":\"https:\\\/\\\/hidalgo.nl\\\/de\\\/product\\\/40147\\\/trucker-cap-bedrucken-retro-atmungsaktiv-recycelt-one-size\\\/#listItem\",\"name\":\"FL6606RT &#8211; Classic Retro Trucker pet\"},\"previousItem\":{\"@type\":\"ListItem\",\"@id\":\"https:\\\/\\\/hidalgo.nl\\\/example\\\/#listItem\",\"name\":\"example\"}},{\"@type\":\"ListItem\",\"@id\":\"https:\\\/\\\/hidalgo.nl\\\/de\\\/product\\\/40147\\\/trucker-cap-bedrucken-retro-atmungsaktiv-recycelt-one-size\\\/#listItem\",\"position\":4,\"name\":\"FL6606RT &#8211; Classic Retro Trucker pet\",\"previousItem\":{\"@type\":\"ListItem\",\"@id\":\"https:\\\/\\\/hidalgo.nl\\\/en\\\/product-supplier\\\/a403\\\/#listItem\",\"name\":\"A403\"}}]},{\"@type\":\"Organization\",\"@id\":\"https:\\\/\\\/hidalgo.nl\\\/de\\\/#organization\",\"name\":\"Hidalgo\",\"url\":\"https:\\\/\\\/hidalgo.nl\\\/de\\\/\",\"logo\":{\"@type\":\"ImageObject\",\"url\":\"https:\\\/\\\/shop.hidalgo.nl\\\/wp-content\\\/uploads\\\/2025\\\/11\\\/cropped-Hidalgo-est1993.png\",\"@id\":\"https:\\\/\\\/hidalgo.nl\\\/de\\\/product\\\/40147\\\/trucker-cap-bedrucken-retro-atmungsaktiv-recycelt-one-size\\\/#organizationLogo\",\"width\":585,\"height\":195},\"image\":{\"@id\":\"https:\\\/\\\/hidalgo.nl\\\/de\\\/product\\\/40147\\\/trucker-cap-bedrucken-retro-atmungsaktiv-recycelt-one-size\\\/#organizationLogo\"}},{\"@type\":\"ProductGroup\",\"@id\":\"https:\\\/\\\/hidalgo.nl\\\/de\\\/product\\\/40147\\\/trucker-cap-bedrucken-retro-atmungsaktiv-recycelt-one-size\\\/#wooCommerceProduct\",\"name\":\"Trucker Cap bedrucken Retro atmungsaktiv recycelt One-Size\",\"url\":\"https:\\\/\\\/hidalgo.nl\\\/de\\\/product\\\/40147\\\/trucker-cap-bedrucken-retro-atmungsaktiv-recycelt-one-size\\\/\",\"brand\":{\"@type\":\"Brand\",\"name\":\"FLEXFIT\"},\"sku\":\"A403-FL6606RT\",\"image\":{\"@type\":\"ImageObject\",\"url\":\"https:\\\/\\\/shop.hidalgo.nl\\\/wp-content\\\/uploads\\\/2025\\\/07\\\/b6edf4c8fb5fb282d9a2b86794640622c4f1a2172abc6569b18e41e34c17da16.png\",\"@id\":\"https:\\\/\\\/hidalgo.nl\\\/de\\\/product\\\/40147\\\/trucker-cap-bedrucken-retro-atmungsaktiv-recycelt-one-size\\\/#productImage\",\"width\":1000,\"height\":879},\"productGroupID\":40147,\"hasVariant\":[{\"@type\":\"Product\",\"@id\":\"https:\\\/\\\/hidalgo.nl\\\/de\\\/product\\\/40147\\\/trucker-cap-bedrucken-retro-atmungsaktiv-recycelt-one-size\\\/#wooCommerceProduct\",\"name\":\"FL6606RT - Classic Retro Trucker pet - , white\",\"url\":\"https:\\\/\\\/hidalgo.nl\\\/de\\\/product\\\/40147\\\/trucker-cap-bedrucken-retro-atmungsaktiv-recycelt-one-size\\\/\",\"sku\":\"A403-FL6606RT_71027_71026\",\"gtin\":\"4053838645406\",\"image\":{\"@type\":\"ImageObject\",\"url\":\"https:\\\/\\\/shop.hidalgo.nl\\\/wp-content\\\/uploads\\\/2025\\\/07\\\/b6edf4c8fb5fb282d9a2b86794640622c4f1a2172abc6569b18e41e34c17da16.png\",\"@id\":\"https:\\\/\\\/hidalgo.nl\\\/de\\\/product\\\/40147\\\/trucker-cap-bedrucken-retro-atmungsaktiv-recycelt-one-size\\\/#productImage\",\"width\":1000,\"height\":879},\"offers\":{\"@type\":\"Offer\",\"url\":\"https:\\\/\\\/hidalgo.nl\\\/de\\\/product\\\/40147\\\/trucker-cap-bedrucken-retro-atmungsaktiv-recycelt-one-size\\\/#wooCommerceOffer\",\"price\":\"7.48\",\"priceCurrency\":\"EUR\",\"category\":\"Kleding\",\"availability\":\"https:\\\/\\\/schema.org\\\/InStock\",\"priceSpecification\":{\"@type\":\"PriceSpecification\",\"price\":7.48,\"priceCurrency\":\"EUR\",\"valueAddedTaxIncluded\":\"true\"}}},{\"@type\":\"Product\",\"@id\":\"https:\\\/\\\/hidalgo.nl\\\/de\\\/product\\\/40147\\\/trucker-cap-bedrucken-retro-atmungsaktiv-recycelt-one-size\\\/#wooCommerceProduct\",\"name\":\"FL6606RT - Classic Retro Trucker pet - , black\",\"url\":\"https:\\\/\\\/hidalgo.nl\\\/de\\\/product\\\/40147\\\/trucker-cap-bedrucken-retro-atmungsaktiv-recycelt-one-size\\\/\",\"sku\":\"A403-FL6606RT_71028_71026\",\"gtin\":\"4053838645413\",\"image\":{\"@type\":\"ImageObject\",\"url\":\"https:\\\/\\\/shop.hidalgo.nl\\\/wp-content\\\/uploads\\\/2025\\\/07\\\/1970d3e3e0c9a8f4bdca424b554287b980950349444654528bbd16003aebdd00.png\",\"@id\":\"https:\\\/\\\/hidalgo.nl\\\/de\\\/product\\\/40147\\\/trucker-cap-bedrucken-retro-atmungsaktiv-recycelt-one-size\\\/#productImage\",\"width\":1000,\"height\":882},\"offers\":{\"@type\":\"Offer\",\"url\":\"https:\\\/\\\/hidalgo.nl\\\/de\\\/product\\\/40147\\\/trucker-cap-bedrucken-retro-atmungsaktiv-recycelt-one-size\\\/#wooCommerceOffer\",\"price\":\"7.48\",\"priceCurrency\":\"EUR\",\"category\":\"Kleding\",\"availability\":\"https:\\\/\\\/schema.org\\\/InStock\",\"priceSpecification\":{\"@type\":\"PriceSpecification\",\"price\":7.48,\"priceCurrency\":\"EUR\",\"valueAddedTaxIncluded\":\"true\"}}},{\"@type\":\"Product\",\"@id\":\"https:\\\/\\\/hidalgo.nl\\\/de\\\/product\\\/40147\\\/trucker-cap-bedrucken-retro-atmungsaktiv-recycelt-one-size\\\/#wooCommerceProduct\",\"name\":\"FL6606RT - Classic Retro Trucker pet - , white\",\"url\":\"https:\\\/\\\/hidalgo.nl\\\/de\\\/product\\\/40147\\\/trucker-cap-bedrucken-retro-atmungsaktiv-recycelt-one-size\\\/\",\"sku\":\"A403-FL6606RT_71029_71026\",\"gtin\":\"4053838645420\",\"image\":{\"@type\":\"ImageObject\",\"url\":\"https:\\\/\\\/shop.hidalgo.nl\\\/wp-content\\\/uploads\\\/2025\\\/07\\\/f1a3fce81c979c8756398faba43e2cca247b2a4e381f383b25eddc41f8978d24.png\",\"@id\":\"https:\\\/\\\/hidalgo.nl\\\/de\\\/product\\\/40147\\\/trucker-cap-bedrucken-retro-atmungsaktiv-recycelt-one-size\\\/#productImage\",\"width\":1000,\"height\":871},\"offers\":{\"@type\":\"Offer\",\"url\":\"https:\\\/\\\/hidalgo.nl\\\/de\\\/product\\\/40147\\\/trucker-cap-bedrucken-retro-atmungsaktiv-recycelt-one-size\\\/#wooCommerceOffer\",\"price\":\"7.48\",\"priceCurrency\":\"EUR\",\"category\":\"Kleding\",\"availability\":\"https:\\\/\\\/schema.org\\\/InStock\",\"priceSpecification\":{\"@type\":\"PriceSpecification\",\"price\":7.48,\"priceCurrency\":\"EUR\",\"valueAddedTaxIncluded\":\"true\"}}}]},{\"@type\":\"WebPage\",\"@id\":\"https:\\\/\\\/hidalgo.nl\\\/de\\\/product\\\/40147\\\/trucker-cap-bedrucken-retro-atmungsaktiv-recycelt-one-size\\\/#webpage\",\"url\":\"https:\\\/\\\/hidalgo.nl\\\/de\\\/product\\\/40147\\\/trucker-cap-bedrucken-retro-atmungsaktiv-recycelt-one-size\\\/\",\"name\":\"Trucker Cap bedrucken Retro atmungsaktiv recycelt One-Size\",\"description\":\"Lass deine Trucker Cap bedrucken im Classic Retro Style mit atmungsaktivem Recycling Mesh - ideal f\\u00fcr Events und Marken von 20 bis 40. Hidalgo veredelt als Trucker M\\u00fctze mit Logo in Black oder White, One-size mit Snap-Verschluss, pr\\u00e4zise umgesetzt.\",\"inLanguage\":\"de-DE\",\"isPartOf\":{\"@id\":\"https:\\\/\\\/hidalgo.nl\\\/de\\\/#website\"},\"breadcrumb\":{\"@id\":\"https:\\\/\\\/hidalgo.nl\\\/de\\\/product\\\/40147\\\/trucker-cap-bedrucken-retro-atmungsaktiv-recycelt-one-size\\\/#breadcrumblist\"},\"image\":{\"@type\":\"ImageObject\",\"url\":\"https:\\\/\\\/shop.hidalgo.nl\\\/wp-content\\\/uploads\\\/2025\\\/07\\\/b6edf4c8fb5fb282d9a2b86794640622c4f1a2172abc6569b18e41e34c17da16.png\",\"@id\":\"https:\\\/\\\/hidalgo.nl\\\/de\\\/product\\\/40147\\\/trucker-cap-bedrucken-retro-atmungsaktiv-recycelt-one-size\\\/#mainImage\",\"width\":1000,\"height\":879},\"primaryImageOfPage\":{\"@id\":\"https:\\\/\\\/hidalgo.nl\\\/de\\\/product\\\/40147\\\/trucker-cap-bedrucken-retro-atmungsaktiv-recycelt-one-size\\\/#mainImage\"},\"datePublished\":\"2025-07-06T12:36:54+00:00\",\"dateModified\":\"2026-03-24T06:21:06+00:00\"},{\"@type\":\"WebSite\",\"@id\":\"https:\\\/\\\/hidalgo.nl\\\/de\\\/#website\",\"url\":\"https:\\\/\\\/hidalgo.nl\\\/de\\\/\",\"name\":\"Hidalgo\",\"inLanguage\":\"de-DE\",\"publisher\":{\"@id\":\"https:\\\/\\\/hidalgo.nl\\\/de\\\/#organization\"}}]}\n\t\t<\/script>\n\t\t<!-- All in One SEO Pro -->\r\n\t\t<title>Trucker Cap bedrucken Retro atmungsaktiv recycelt One-Size<\/title>\n\n","aioseo_head_json":{"title":"Trucker Cap bedrucken Retro atmungsaktiv recycelt One-Size","description":"Lass deine Trucker Cap bedrucken im Classic Retro Style mit atmungsaktivem Recycling Mesh - ideal f\u00fcr Events und Marken von 20 bis 40. Hidalgo veredelt als Trucker M\u00fctze mit Logo in Black oder White, One-size mit Snap-Verschluss, pr\u00e4zise umgesetzt.","canonical_url":"https:\/\/hidalgo.nl\/de\/wp-json\/wp\/v2\/product\/40147","robots":"max-image-preview:large","keywords":"","webmasterTools":{"miscellaneous":""},"schema":{"@context":"https:\/\/schema.org","@graph":[{"@type":"BreadcrumbList","@id":"https:\/\/hidalgo.nl\/de\/product\/40147\/trucker-cap-bedrucken-retro-atmungsaktiv-recycelt-one-size\/#breadcrumblist","itemListElement":[{"@type":"ListItem","@id":"https:\/\/hidalgo.nl\/de\/#listItem","position":1,"name":"Home","item":"https:\/\/hidalgo.nl\/de\/","nextItem":{"@type":"ListItem","@id":"https:\/\/hidalgo.nl\/example\/#listItem","name":"example"}},{"@type":"ListItem","@id":"https:\/\/hidalgo.nl\/example\/#listItem","position":2,"name":"example","item":"https:\/\/hidalgo.nl\/example\/","nextItem":{"@type":"ListItem","@id":"https:\/\/hidalgo.nl\/en\/product-supplier\/a403\/#listItem","name":"A403"},"previousItem":{"@type":"ListItem","@id":"https:\/\/hidalgo.nl\/de\/#listItem","name":"Home"}},{"@type":"ListItem","@id":"https:\/\/hidalgo.nl\/en\/product-supplier\/a403\/#listItem","position":3,"name":"A403","item":"https:\/\/hidalgo.nl\/en\/product-supplier\/a403\/","nextItem":{"@type":"ListItem","@id":"https:\/\/hidalgo.nl\/de\/product\/40147\/trucker-cap-bedrucken-retro-atmungsaktiv-recycelt-one-size\/#listItem","name":"FL6606RT &#8211; Classic Retro Trucker pet"},"previousItem":{"@type":"ListItem","@id":"https:\/\/hidalgo.nl\/example\/#listItem","name":"example"}},{"@type":"ListItem","@id":"https:\/\/hidalgo.nl\/de\/product\/40147\/trucker-cap-bedrucken-retro-atmungsaktiv-recycelt-one-size\/#listItem","position":4,"name":"FL6606RT &#8211; Classic Retro Trucker pet","previousItem":{"@type":"ListItem","@id":"https:\/\/hidalgo.nl\/en\/product-supplier\/a403\/#listItem","name":"A403"}}]},{"@type":"Organization","@id":"https:\/\/hidalgo.nl\/de\/#organization","name":"Hidalgo","url":"https:\/\/hidalgo.nl\/de\/","logo":{"@type":"ImageObject","url":"https:\/\/shop.hidalgo.nl\/wp-content\/uploads\/2025\/11\/cropped-Hidalgo-est1993.png","@id":"https:\/\/hidalgo.nl\/de\/product\/40147\/trucker-cap-bedrucken-retro-atmungsaktiv-recycelt-one-size\/#organizationLogo","width":585,"height":195},"image":{"@id":"https:\/\/hidalgo.nl\/de\/product\/40147\/trucker-cap-bedrucken-retro-atmungsaktiv-recycelt-one-size\/#organizationLogo"}},{"@type":"ProductGroup","@id":"https:\/\/hidalgo.nl\/de\/product\/40147\/trucker-cap-bedrucken-retro-atmungsaktiv-recycelt-one-size\/#wooCommerceProduct","name":"Trucker Cap bedrucken Retro atmungsaktiv recycelt One-Size","url":"https:\/\/hidalgo.nl\/de\/product\/40147\/trucker-cap-bedrucken-retro-atmungsaktiv-recycelt-one-size\/","brand":{"@type":"Brand","name":"FLEXFIT"},"sku":"A403-FL6606RT","image":{"@type":"ImageObject","url":"https:\/\/shop.hidalgo.nl\/wp-content\/uploads\/2025\/07\/b6edf4c8fb5fb282d9a2b86794640622c4f1a2172abc6569b18e41e34c17da16.png","@id":"https:\/\/hidalgo.nl\/de\/product\/40147\/trucker-cap-bedrucken-retro-atmungsaktiv-recycelt-one-size\/#productImage","width":1000,"height":879},"productGroupID":40147,"hasVariant":[{"@type":"Product","@id":"https:\/\/hidalgo.nl\/de\/product\/40147\/trucker-cap-bedrucken-retro-atmungsaktiv-recycelt-one-size\/#wooCommerceProduct","name":"FL6606RT - Classic Retro Trucker pet - , white","url":"https:\/\/hidalgo.nl\/de\/product\/40147\/trucker-cap-bedrucken-retro-atmungsaktiv-recycelt-one-size\/","sku":"A403-FL6606RT_71027_71026","gtin":"4053838645406","image":{"@type":"ImageObject","url":"https:\/\/shop.hidalgo.nl\/wp-content\/uploads\/2025\/07\/b6edf4c8fb5fb282d9a2b86794640622c4f1a2172abc6569b18e41e34c17da16.png","@id":"https:\/\/hidalgo.nl\/de\/product\/40147\/trucker-cap-bedrucken-retro-atmungsaktiv-recycelt-one-size\/#productImage","width":1000,"height":879},"offers":{"@type":"Offer","url":"https:\/\/hidalgo.nl\/de\/product\/40147\/trucker-cap-bedrucken-retro-atmungsaktiv-recycelt-one-size\/#wooCommerceOffer","price":"7.48","priceCurrency":"EUR","category":"Kleding","availability":"https:\/\/schema.org\/InStock","priceSpecification":{"@type":"PriceSpecification","price":7.48,"priceCurrency":"EUR","valueAddedTaxIncluded":"true"}}},{"@type":"Product","@id":"https:\/\/hidalgo.nl\/de\/product\/40147\/trucker-cap-bedrucken-retro-atmungsaktiv-recycelt-one-size\/#wooCommerceProduct","name":"FL6606RT - Classic Retro Trucker pet - , black","url":"https:\/\/hidalgo.nl\/de\/product\/40147\/trucker-cap-bedrucken-retro-atmungsaktiv-recycelt-one-size\/","sku":"A403-FL6606RT_71028_71026","gtin":"4053838645413","image":{"@type":"ImageObject","url":"https:\/\/shop.hidalgo.nl\/wp-content\/uploads\/2025\/07\/1970d3e3e0c9a8f4bdca424b554287b980950349444654528bbd16003aebdd00.png","@id":"https:\/\/hidalgo.nl\/de\/product\/40147\/trucker-cap-bedrucken-retro-atmungsaktiv-recycelt-one-size\/#productImage","width":1000,"height":882},"offers":{"@type":"Offer","url":"https:\/\/hidalgo.nl\/de\/product\/40147\/trucker-cap-bedrucken-retro-atmungsaktiv-recycelt-one-size\/#wooCommerceOffer","price":"7.48","priceCurrency":"EUR","category":"Kleding","availability":"https:\/\/schema.org\/InStock","priceSpecification":{"@type":"PriceSpecification","price":7.48,"priceCurrency":"EUR","valueAddedTaxIncluded":"true"}}},{"@type":"Product","@id":"https:\/\/hidalgo.nl\/de\/product\/40147\/trucker-cap-bedrucken-retro-atmungsaktiv-recycelt-one-size\/#wooCommerceProduct","name":"FL6606RT - Classic Retro Trucker pet - , white","url":"https:\/\/hidalgo.nl\/de\/product\/40147\/trucker-cap-bedrucken-retro-atmungsaktiv-recycelt-one-size\/","sku":"A403-FL6606RT_71029_71026","gtin":"4053838645420","image":{"@type":"ImageObject","url":"https:\/\/shop.hidalgo.nl\/wp-content\/uploads\/2025\/07\/f1a3fce81c979c8756398faba43e2cca247b2a4e381f383b25eddc41f8978d24.png","@id":"https:\/\/hidalgo.nl\/de\/product\/40147\/trucker-cap-bedrucken-retro-atmungsaktiv-recycelt-one-size\/#productImage","width":1000,"height":871},"offers":{"@type":"Offer","url":"https:\/\/hidalgo.nl\/de\/product\/40147\/trucker-cap-bedrucken-retro-atmungsaktiv-recycelt-one-size\/#wooCommerceOffer","price":"7.48","priceCurrency":"EUR","category":"Kleding","availability":"https:\/\/schema.org\/InStock","priceSpecification":{"@type":"PriceSpecification","price":7.48,"priceCurrency":"EUR","valueAddedTaxIncluded":"true"}}}]},{"@type":"WebPage","@id":"https:\/\/hidalgo.nl\/de\/product\/40147\/trucker-cap-bedrucken-retro-atmungsaktiv-recycelt-one-size\/#webpage","url":"https:\/\/hidalgo.nl\/de\/product\/40147\/trucker-cap-bedrucken-retro-atmungsaktiv-recycelt-one-size\/","name":"Trucker Cap bedrucken Retro atmungsaktiv recycelt One-Size","description":"Lass deine Trucker Cap bedrucken im Classic Retro Style mit atmungsaktivem Recycling Mesh - ideal f\u00fcr Events und Marken von 20 bis 40. Hidalgo veredelt als Trucker M\u00fctze mit Logo in Black oder White, One-size mit Snap-Verschluss, pr\u00e4zise umgesetzt.","inLanguage":"de-DE","isPartOf":{"@id":"https:\/\/hidalgo.nl\/de\/#website"},"breadcrumb":{"@id":"https:\/\/hidalgo.nl\/de\/product\/40147\/trucker-cap-bedrucken-retro-atmungsaktiv-recycelt-one-size\/#breadcrumblist"},"image":{"@type":"ImageObject","url":"https:\/\/shop.hidalgo.nl\/wp-content\/uploads\/2025\/07\/b6edf4c8fb5fb282d9a2b86794640622c4f1a2172abc6569b18e41e34c17da16.png","@id":"https:\/\/hidalgo.nl\/de\/product\/40147\/trucker-cap-bedrucken-retro-atmungsaktiv-recycelt-one-size\/#mainImage","width":1000,"height":879},"primaryImageOfPage":{"@id":"https:\/\/hidalgo.nl\/de\/product\/40147\/trucker-cap-bedrucken-retro-atmungsaktiv-recycelt-one-size\/#mainImage"},"datePublished":"2025-07-06T12:36:54+00:00","dateModified":"2026-03-24T06:21:06+00:00"},{"@type":"WebSite","@id":"https:\/\/hidalgo.nl\/de\/#website","url":"https:\/\/hidalgo.nl\/de\/","name":"Hidalgo","inLanguage":"de-DE","publisher":{"@id":"https:\/\/hidalgo.nl\/de\/#organization"}}]},"og:locale":"de_DE","og:site_name":"Hidalgo -","og:type":"article","og:title":"Trucker Cap bedrucken Retro atmungsaktiv recycelt One-Size","og:description":"Lass deine Trucker Cap bedrucken im Classic Retro Style mit atmungsaktivem Recycling Mesh - ideal f\u00fcr Events und Marken von 20 bis 40. Hidalgo veredelt als Trucker M\u00fctze mit Logo in Black oder White, One-size mit Snap-Verschluss, pr\u00e4zise umgesetzt.","og:url":"https:\/\/hidalgo.nl\/de\/wp-json\/wp\/v2\/product\/40147","og:image":"https:\/\/shop.hidalgo.nl\/wp-content\/uploads\/2025\/11\/cropped-Hidalgo-est1993.png","og:image:secure_url":"https:\/\/shop.hidalgo.nl\/wp-content\/uploads\/2025\/11\/cropped-Hidalgo-est1993.png","article:published_time":"2025-07-06T12:36:54+00:00","article:modified_time":"2026-03-24T06:21:06+00:00","twitter:card":"summary_large_image","twitter:title":"Trucker Cap bedrucken Retro atmungsaktiv recycelt One-Size","twitter:description":"Lass deine Trucker Cap bedrucken im Classic Retro Style mit atmungsaktivem Recycling Mesh - ideal f\u00fcr Events und Marken von 20 bis 40. Hidalgo veredelt als Trucker M\u00fctze mit Logo in Black oder White, One-size mit Snap-Verschluss, pr\u00e4zise umgesetzt.","twitter:image":"https:\/\/shop.hidalgo.nl\/wp-content\/uploads\/2025\/11\/cropped-Hidalgo-est1993.png"},"aioseo_meta_data":{"post_id":"40147","title":null,"description":null,"keywords":null,"keyphrases":null,"primary_term":null,"canonical_url":null,"og_title":null,"og_description":null,"og_object_type":"default","og_image_type":"default","og_image_url":null,"og_image_width":null,"og_image_height":null,"og_image_custom_url":null,"og_image_custom_fields":null,"og_video":null,"og_custom_url":null,"og_article_section":null,"og_article_tags":null,"twitter_use_og":false,"twitter_card":"default","twitter_image_type":"default","twitter_image_url":null,"twitter_image_custom_url":null,"twitter_image_custom_fields":null,"twitter_title":null,"twitter_description":null,"schema":{"blockGraphs":[],"customGraphs":[],"default":{"data":{"Article":[],"Course":[],"Dataset":[],"FAQPage":[],"Movie":[],"Person":[],"Product":[],"ProductReview":[],"Car":[],"Recipe":[],"Service":[],"SoftwareApplication":[],"WebPage":[]},"graphName":"","isEnabled":true},"graphs":[]},"schema_type":"default","schema_type_options":null,"pillar_content":false,"robots_default":true,"robots_noindex":false,"robots_noarchive":false,"robots_nosnippet":false,"robots_nofollow":false,"robots_noimageindex":false,"robots_noodp":false,"robots_notranslate":false,"robots_max_snippet":null,"robots_max_videopreview":null,"robots_max_imagepreview":"large","priority":null,"frequency":null,"local_seo":null,"seo_analyzer_scan_date":"2026-01-20 13:55:35","breadcrumb_settings":null,"limit_modified_date":false,"reviewed_by":null,"open_ai":null,"ai":null,"created":"2026-01-14 06:25:28","updated":"2026-04-22 17:45:51"},"aioseo_breadcrumb":"<div class=\"aioseo-breadcrumbs\"><span class=\"aioseo-breadcrumb\">\n\t<a href=\"https:\/\/hidalgo.nl\/de\/\" title=\"Home\">Home<\/a>\n<\/span><span class=\"aioseo-breadcrumb-separator\">\u00bb<\/span><span class=\"aioseo-breadcrumb\">\n\t<a href=\"https:\/\/hidalgo.nl\/example\/\" title=\"example\">example<\/a>\n<\/span><span class=\"aioseo-breadcrumb-separator\">\u00bb<\/span><span class=\"aioseo-breadcrumb\">\n\t<a href=\"https:\/\/hidalgo.nl\/en\/product-supplier\/a403\/\" title=\"A403\">A403<\/a>\n<\/span><span class=\"aioseo-breadcrumb-separator\">\u00bb<\/span><span class=\"aioseo-breadcrumb\">\n\tFL6606RT \u2013 Classic Retro Trucker pet\n<\/span><\/div>","aioseo_breadcrumb_json":[{"label":"Home","link":"https:\/\/hidalgo.nl\/de\/"},{"label":"example","link":"https:\/\/hidalgo.nl\/example\/"},{"label":"A403","link":"https:\/\/hidalgo.nl\/en\/product-supplier\/a403\/"},{"label":"FL6606RT &#8211; Classic Retro Trucker pet","link":"https:\/\/hidalgo.nl\/de\/product\/40147\/trucker-cap-bedrucken-retro-atmungsaktiv-recycelt-one-size\/"}],"_links":{"self":[{"href":"https:\/\/hidalgo.nl\/de\/wp-json\/wp\/v2\/product\/40147","targetHints":{"allow":["GET"]}}],"collection":[{"href":"https:\/\/hidalgo.nl\/de\/wp-json\/wp\/v2\/product"}],"about":[{"href":"https:\/\/hidalgo.nl\/de\/wp-json\/wp\/v2\/types\/product"}],"wp:featuredmedia":[{"embeddable":true,"href":"https:\/\/hidalgo.nl\/de\/wp-json\/wp\/v2\/media\/40150"}],"wp:attachment":[{"href":"https:\/\/hidalgo.nl\/de\/wp-json\/wp\/v2\/media?parent=40147"}],"wp:term":[{"taxonomy":"product_brand","embeddable":true,"href":"https:\/\/hidalgo.nl\/de\/wp-json\/wp\/v2\/product_brand?post=40147"},{"taxonomy":"product_cat","embeddable":true,"href":"https:\/\/hidalgo.nl\/de\/wp-json\/wp\/v2\/product_cat?post=40147"},{"taxonomy":"product_tag","embeddable":true,"href":"https:\/\/hidalgo.nl\/de\/wp-json\/wp\/v2\/product_tag?post=40147"}],"curies":[{"name":"wp","href":"https:\/\/api.w.org\/{rel}","templated":true}]}}