{"id":39406,"date":"2025-07-06T12:26:48","date_gmt":"2025-07-06T12:26:48","guid":{"rendered":"http:\/\/bidonsenshakers.pim.hidalgo.nl\/product\/fl6245gw-verwassen-pet\/"},"modified":"2026-03-23T17:03:15","modified_gmt":"2026-03-23T17:03:15","slug":"fl6245gw-verwassen-pet","status":"publish","type":"product","link":"https:\/\/hidalgo.nl\/de\/product\/39406\/washed-cap-bedrucken-100-baumwolle-vintage-look-one-size\/","title":{"rendered":"FL6245GW &#8211; Verwassen pet"},"content":{"rendered":"<p>100% katoen. Ontdek de discrete pet van Flexfit, die comfort en stijl combineert met zijn zachte, versleten gewassen afwerking. Het naadloze ontwerp en het effen patroon maken het een veelzijdig accessoire, perfect voor alle gelegenheden. Praktisch en stijlvol, een aanwinst voor je dagelijkse garderobe.<\/p>\n","protected":false},"excerpt":{"rendered":"<p>100% katoen. Ontdek de discrete pet van Flexfit, die comfort en stijl combineert met zijn zachte, versleten gewassen afwerking. Het naadloze ontwerp en het effen patroon maken het een veelzijdig accessoire, perfect voor alle gelegenheden. Praktisch en stijlvol, een aanwinst voor je dagelijkse garderobe.<\/p>\n","protected":false},"featured_media":39409,"template":"","meta":{"_acf_changed":false,"om_disable_all_campaigns":false,"_monsterinsights_skip_tracking":false,"_monsterinsights_sitenote_active":false,"_monsterinsights_sitenote_note":"","_monsterinsights_sitenote_category":0},"product_brand":[784],"product_cat":[4716,4849,4746],"product_tag":[],"class_list":{"0":"post-39406","1":"product","2":"type-product","3":"status-publish","4":"has-post-thumbnail","6":"product_supplier-a403","7":"product_material-katoen","8":"product_brand-flexfit","9":"product_cat-kleding","10":"product_cat-kleding-petten-mutsen-en-hoeden-petten","11":"product_cat-kleding-petten-mutsen-en-hoeden","12":"entry","14":"first","15":"instock","16":"taxable","17":"shipping-taxable","18":"purchasable","19":"product-type-variable"},"acf":{"imprint_cost":[{"imprint_cost_key":"33483b79de35c41f6a5968127e3727b83ce2fe0b","product_quantity_price_range":[{"imprint_cost_recommended_selling_price":"0","imprint_cost_recommended_selling_quantity":"1"}],"product_quantity_price_range_buying":false,"imprint_cost_setup_costs":"","imprint_cost_handling_costs":""}]},"aioseo_notices":[],"aioseo_head":"\n\t\t<!-- All in One SEO Pro 4.9.6.2 - aioseo.com -->\n\t<meta name=\"description\" content=\"Du suchst eine l\u00e4ssige Cap im Vintage-Look f\u00fcr dein Team oder Events, ideal f\u00fcr 20-40-J\u00e4hrige? Wir veredeln sie nach Wunsch: Basecaps bedrucken oder Kappen besticken lassen - dein Logo kommt vorn klar zur Geltung. One-size passt flexibel; Farben: Navy, Black, Grey.\" \/>\n\t<meta name=\"robots\" content=\"max-image-preview:large\" \/>\n\t<link rel=\"canonical\" href=\"https:\/\/hidalgo.nl\/de\/wp-json\/wp\/v2\/product\/39406\" \/>\n\t<meta name=\"generator\" content=\"All in One SEO Pro (AIOSEO) 4.9.6.2\" \/>\n\t\t<meta property=\"og:locale\" content=\"de_DE\" \/>\n\t\t<meta property=\"og:site_name\" content=\"Hidalgo -\" \/>\n\t\t<meta property=\"og:type\" content=\"article\" \/>\n\t\t<meta property=\"og:title\" content=\"Washed Cap bedrucken 100% Baumwolle Vintage-Look One-size\" \/>\n\t\t<meta property=\"og:description\" content=\"Du suchst eine l\u00e4ssige Cap im Vintage-Look f\u00fcr dein Team oder Events, ideal f\u00fcr 20-40-J\u00e4hrige? Wir veredeln sie nach Wunsch: Basecaps bedrucken oder Kappen besticken lassen - dein Logo kommt vorn klar zur Geltung. One-size passt flexibel; Farben: Navy, Black, Grey.\" \/>\n\t\t<meta property=\"og:url\" content=\"https:\/\/hidalgo.nl\/de\/wp-json\/wp\/v2\/product\/39406\" \/>\n\t\t<meta property=\"og:image\" content=\"https:\/\/shop.hidalgo.nl\/wp-content\/uploads\/2025\/11\/cropped-Hidalgo-est1993.png\" \/>\n\t\t<meta property=\"og:image:secure_url\" content=\"https:\/\/shop.hidalgo.nl\/wp-content\/uploads\/2025\/11\/cropped-Hidalgo-est1993.png\" \/>\n\t\t<meta property=\"article:published_time\" content=\"2025-07-06T12:26:48+00:00\" \/>\n\t\t<meta property=\"article:modified_time\" content=\"2026-03-23T17:03:15+00:00\" \/>\n\t\t<meta name=\"twitter:card\" content=\"summary_large_image\" \/>\n\t\t<meta name=\"twitter:title\" content=\"Washed Cap bedrucken 100% Baumwolle Vintage-Look One-size\" \/>\n\t\t<meta name=\"twitter:description\" content=\"Du suchst eine l\u00e4ssige Cap im Vintage-Look f\u00fcr dein Team oder Events, ideal f\u00fcr 20-40-J\u00e4hrige? Wir veredeln sie nach Wunsch: Basecaps bedrucken oder Kappen besticken lassen - dein Logo kommt vorn klar zur Geltung. One-size passt flexibel; Farben: Navy, Black, Grey.\" \/>\n\t\t<meta name=\"twitter:image\" content=\"https:\/\/shop.hidalgo.nl\/wp-content\/uploads\/2025\/11\/cropped-Hidalgo-est1993.png\" \/>\n\t\t<script type=\"application\/ld+json\" class=\"aioseo-schema\">\n\t\t\t{\"@context\":\"https:\\\/\\\/schema.org\",\"@graph\":[{\"@type\":\"BreadcrumbList\",\"@id\":\"https:\\\/\\\/hidalgo.nl\\\/de\\\/product\\\/39406\\\/washed-cap-bedrucken-100-baumwolle-vintage-look-one-size\\\/#breadcrumblist\",\"itemListElement\":[{\"@type\":\"ListItem\",\"@id\":\"https:\\\/\\\/hidalgo.nl\\\/de\\\/#listItem\",\"position\":1,\"name\":\"Home\",\"item\":\"https:\\\/\\\/hidalgo.nl\\\/de\\\/\",\"nextItem\":{\"@type\":\"ListItem\",\"@id\":\"https:\\\/\\\/hidalgo.nl\\\/example\\\/#listItem\",\"name\":\"example\"}},{\"@type\":\"ListItem\",\"@id\":\"https:\\\/\\\/hidalgo.nl\\\/example\\\/#listItem\",\"position\":2,\"name\":\"example\",\"item\":\"https:\\\/\\\/hidalgo.nl\\\/example\\\/\",\"nextItem\":{\"@type\":\"ListItem\",\"@id\":\"https:\\\/\\\/hidalgo.nl\\\/en\\\/product-supplier\\\/a403\\\/#listItem\",\"name\":\"A403\"},\"previousItem\":{\"@type\":\"ListItem\",\"@id\":\"https:\\\/\\\/hidalgo.nl\\\/de\\\/#listItem\",\"name\":\"Home\"}},{\"@type\":\"ListItem\",\"@id\":\"https:\\\/\\\/hidalgo.nl\\\/en\\\/product-supplier\\\/a403\\\/#listItem\",\"position\":3,\"name\":\"A403\",\"item\":\"https:\\\/\\\/hidalgo.nl\\\/en\\\/product-supplier\\\/a403\\\/\",\"nextItem\":{\"@type\":\"ListItem\",\"@id\":\"https:\\\/\\\/hidalgo.nl\\\/de\\\/product\\\/39406\\\/washed-cap-bedrucken-100-baumwolle-vintage-look-one-size\\\/#listItem\",\"name\":\"FL6245GW &#8211; Verwassen pet\"},\"previousItem\":{\"@type\":\"ListItem\",\"@id\":\"https:\\\/\\\/hidalgo.nl\\\/example\\\/#listItem\",\"name\":\"example\"}},{\"@type\":\"ListItem\",\"@id\":\"https:\\\/\\\/hidalgo.nl\\\/de\\\/product\\\/39406\\\/washed-cap-bedrucken-100-baumwolle-vintage-look-one-size\\\/#listItem\",\"position\":4,\"name\":\"FL6245GW &#8211; Verwassen pet\",\"previousItem\":{\"@type\":\"ListItem\",\"@id\":\"https:\\\/\\\/hidalgo.nl\\\/en\\\/product-supplier\\\/a403\\\/#listItem\",\"name\":\"A403\"}}]},{\"@type\":\"Organization\",\"@id\":\"https:\\\/\\\/hidalgo.nl\\\/de\\\/#organization\",\"name\":\"Hidalgo\",\"url\":\"https:\\\/\\\/hidalgo.nl\\\/de\\\/\",\"logo\":{\"@type\":\"ImageObject\",\"url\":\"https:\\\/\\\/shop.hidalgo.nl\\\/wp-content\\\/uploads\\\/2025\\\/11\\\/cropped-Hidalgo-est1993.png\",\"@id\":\"https:\\\/\\\/hidalgo.nl\\\/de\\\/product\\\/39406\\\/washed-cap-bedrucken-100-baumwolle-vintage-look-one-size\\\/#organizationLogo\",\"width\":585,\"height\":195},\"image\":{\"@id\":\"https:\\\/\\\/hidalgo.nl\\\/de\\\/product\\\/39406\\\/washed-cap-bedrucken-100-baumwolle-vintage-look-one-size\\\/#organizationLogo\"}},{\"@type\":\"ProductGroup\",\"@id\":\"https:\\\/\\\/hidalgo.nl\\\/de\\\/product\\\/39406\\\/washed-cap-bedrucken-100-baumwolle-vintage-look-one-size\\\/#wooCommerceProduct\",\"name\":\"Washed Cap bedrucken 100% Baumwolle Vintage-Look One-size\",\"url\":\"https:\\\/\\\/hidalgo.nl\\\/de\\\/product\\\/39406\\\/washed-cap-bedrucken-100-baumwolle-vintage-look-one-size\\\/\",\"brand\":{\"@type\":\"Brand\",\"name\":\"FLEXFIT\"},\"sku\":\"A403-FL6245GW\",\"image\":{\"@type\":\"ImageObject\",\"url\":\"https:\\\/\\\/shop.hidalgo.nl\\\/wp-content\\\/uploads\\\/2025\\\/07\\\/3439803f1aed03701543b625120675e245f94f710afa5f33e0591b27c6138232.png\",\"@id\":\"https:\\\/\\\/hidalgo.nl\\\/de\\\/product\\\/39406\\\/washed-cap-bedrucken-100-baumwolle-vintage-look-one-size\\\/#productImage\",\"width\":692,\"height\":1000},\"productGroupID\":39406,\"hasVariant\":[{\"@type\":\"Product\",\"@id\":\"https:\\\/\\\/hidalgo.nl\\\/de\\\/product\\\/39406\\\/washed-cap-bedrucken-100-baumwolle-vintage-look-one-size\\\/#wooCommerceProduct\",\"name\":\"FL6245GW - Verwassen pet - , black\",\"url\":\"https:\\\/\\\/hidalgo.nl\\\/de\\\/product\\\/39406\\\/washed-cap-bedrucken-100-baumwolle-vintage-look-one-size\\\/\",\"sku\":\"A403-FL6245GW_91221_91220\",\"gtin\":\"4065812727374\",\"image\":{\"@type\":\"ImageObject\",\"url\":\"https:\\\/\\\/shop.hidalgo.nl\\\/wp-content\\\/uploads\\\/2025\\\/07\\\/3439803f1aed03701543b625120675e245f94f710afa5f33e0591b27c6138232.png\",\"@id\":\"https:\\\/\\\/hidalgo.nl\\\/de\\\/product\\\/39406\\\/washed-cap-bedrucken-100-baumwolle-vintage-look-one-size\\\/#productImage\",\"width\":692,\"height\":1000},\"offers\":{\"@type\":\"Offer\",\"url\":\"https:\\\/\\\/hidalgo.nl\\\/de\\\/product\\\/39406\\\/washed-cap-bedrucken-100-baumwolle-vintage-look-one-size\\\/#wooCommerceOffer\",\"price\":\"9.78\",\"priceCurrency\":\"EUR\",\"category\":\"Kleding\",\"availability\":\"https:\\\/\\\/schema.org\\\/InStock\",\"priceSpecification\":{\"@type\":\"PriceSpecification\",\"price\":9.78,\"priceCurrency\":\"EUR\",\"valueAddedTaxIncluded\":\"true\"}}},{\"@type\":\"Product\",\"@id\":\"https:\\\/\\\/hidalgo.nl\\\/de\\\/product\\\/39406\\\/washed-cap-bedrucken-100-baumwolle-vintage-look-one-size\\\/#wooCommerceProduct\",\"name\":\"FL6245GW - Verwassen pet - , grey\",\"url\":\"https:\\\/\\\/hidalgo.nl\\\/de\\\/product\\\/39406\\\/washed-cap-bedrucken-100-baumwolle-vintage-look-one-size\\\/\",\"sku\":\"A403-FL6245GW_91222_91220\",\"gtin\":\"4065812727381\",\"image\":{\"@type\":\"ImageObject\",\"url\":\"https:\\\/\\\/shop.hidalgo.nl\\\/wp-content\\\/uploads\\\/2025\\\/07\\\/80a26419512c8557af53186f446ed349a9003f183f9c439aeabda8c45967eee7.png\",\"@id\":\"https:\\\/\\\/hidalgo.nl\\\/de\\\/product\\\/39406\\\/washed-cap-bedrucken-100-baumwolle-vintage-look-one-size\\\/#productImage\",\"width\":692,\"height\":1000},\"offers\":{\"@type\":\"Offer\",\"url\":\"https:\\\/\\\/hidalgo.nl\\\/de\\\/product\\\/39406\\\/washed-cap-bedrucken-100-baumwolle-vintage-look-one-size\\\/#wooCommerceOffer\",\"price\":\"9.78\",\"priceCurrency\":\"EUR\",\"category\":\"Kleding\",\"availability\":\"https:\\\/\\\/schema.org\\\/InStock\",\"priceSpecification\":{\"@type\":\"PriceSpecification\",\"price\":9.78,\"priceCurrency\":\"EUR\",\"valueAddedTaxIncluded\":\"true\"}}},{\"@type\":\"Product\",\"@id\":\"https:\\\/\\\/hidalgo.nl\\\/de\\\/product\\\/39406\\\/washed-cap-bedrucken-100-baumwolle-vintage-look-one-size\\\/#wooCommerceProduct\",\"name\":\"FL6245GW - Verwassen pet - , navy\",\"url\":\"https:\\\/\\\/hidalgo.nl\\\/de\\\/product\\\/39406\\\/washed-cap-bedrucken-100-baumwolle-vintage-look-one-size\\\/\",\"sku\":\"A403-FL6245GW_91223_91220\",\"gtin\":\"4065812727367\",\"image\":{\"@type\":\"ImageObject\",\"url\":\"https:\\\/\\\/shop.hidalgo.nl\\\/wp-content\\\/uploads\\\/2025\\\/07\\\/2935f76876ab2ff327fad96a2b4639ff2dc9b6d2b52908d05475f4ab7cf49088.png\",\"@id\":\"https:\\\/\\\/hidalgo.nl\\\/de\\\/product\\\/39406\\\/washed-cap-bedrucken-100-baumwolle-vintage-look-one-size\\\/#productImage\",\"width\":692,\"height\":1000},\"offers\":{\"@type\":\"Offer\",\"url\":\"https:\\\/\\\/hidalgo.nl\\\/de\\\/product\\\/39406\\\/washed-cap-bedrucken-100-baumwolle-vintage-look-one-size\\\/#wooCommerceOffer\",\"price\":\"9.78\",\"priceCurrency\":\"EUR\",\"category\":\"Kleding\",\"availability\":\"https:\\\/\\\/schema.org\\\/InStock\",\"priceSpecification\":{\"@type\":\"PriceSpecification\",\"price\":9.78,\"priceCurrency\":\"EUR\",\"valueAddedTaxIncluded\":\"true\"}}}]},{\"@type\":\"WebPage\",\"@id\":\"https:\\\/\\\/hidalgo.nl\\\/de\\\/product\\\/39406\\\/washed-cap-bedrucken-100-baumwolle-vintage-look-one-size\\\/#webpage\",\"url\":\"https:\\\/\\\/hidalgo.nl\\\/de\\\/product\\\/39406\\\/washed-cap-bedrucken-100-baumwolle-vintage-look-one-size\\\/\",\"name\":\"Washed Cap bedrucken 100% Baumwolle Vintage-Look One-size\",\"description\":\"Du suchst eine l\\u00e4ssige Cap im Vintage-Look f\\u00fcr dein Team oder Events, ideal f\\u00fcr 20-40-J\\u00e4hrige? Wir veredeln sie nach Wunsch: Basecaps bedrucken oder Kappen besticken lassen - dein Logo kommt vorn klar zur Geltung. One-size passt flexibel; Farben: Navy, Black, Grey.\",\"inLanguage\":\"de-DE\",\"isPartOf\":{\"@id\":\"https:\\\/\\\/hidalgo.nl\\\/de\\\/#website\"},\"breadcrumb\":{\"@id\":\"https:\\\/\\\/hidalgo.nl\\\/de\\\/product\\\/39406\\\/washed-cap-bedrucken-100-baumwolle-vintage-look-one-size\\\/#breadcrumblist\"},\"image\":{\"@type\":\"ImageObject\",\"url\":\"https:\\\/\\\/shop.hidalgo.nl\\\/wp-content\\\/uploads\\\/2025\\\/07\\\/3439803f1aed03701543b625120675e245f94f710afa5f33e0591b27c6138232.png\",\"@id\":\"https:\\\/\\\/hidalgo.nl\\\/de\\\/product\\\/39406\\\/washed-cap-bedrucken-100-baumwolle-vintage-look-one-size\\\/#mainImage\",\"width\":692,\"height\":1000},\"primaryImageOfPage\":{\"@id\":\"https:\\\/\\\/hidalgo.nl\\\/de\\\/product\\\/39406\\\/washed-cap-bedrucken-100-baumwolle-vintage-look-one-size\\\/#mainImage\"},\"datePublished\":\"2025-07-06T12:26:48+00:00\",\"dateModified\":\"2026-03-23T17:03:15+00:00\"},{\"@type\":\"WebSite\",\"@id\":\"https:\\\/\\\/hidalgo.nl\\\/de\\\/#website\",\"url\":\"https:\\\/\\\/hidalgo.nl\\\/de\\\/\",\"name\":\"Hidalgo\",\"inLanguage\":\"de-DE\",\"publisher\":{\"@id\":\"https:\\\/\\\/hidalgo.nl\\\/de\\\/#organization\"}}]}\n\t\t<\/script>\n\t\t<!-- All in One SEO Pro -->\r\n\t\t<title>Washed Cap bedrucken 100% Baumwolle Vintage-Look One-size<\/title>\n\n","aioseo_head_json":{"title":"Washed Cap bedrucken 100% Baumwolle Vintage-Look One-size","description":"Du suchst eine l\u00e4ssige Cap im Vintage-Look f\u00fcr dein Team oder Events, ideal f\u00fcr 20-40-J\u00e4hrige? Wir veredeln sie nach Wunsch: Basecaps bedrucken oder Kappen besticken lassen - dein Logo kommt vorn klar zur Geltung. One-size passt flexibel; Farben: Navy, Black, Grey.","canonical_url":"https:\/\/hidalgo.nl\/de\/wp-json\/wp\/v2\/product\/39406","robots":"max-image-preview:large","keywords":"","webmasterTools":{"miscellaneous":""},"schema":{"@context":"https:\/\/schema.org","@graph":[{"@type":"BreadcrumbList","@id":"https:\/\/hidalgo.nl\/de\/product\/39406\/washed-cap-bedrucken-100-baumwolle-vintage-look-one-size\/#breadcrumblist","itemListElement":[{"@type":"ListItem","@id":"https:\/\/hidalgo.nl\/de\/#listItem","position":1,"name":"Home","item":"https:\/\/hidalgo.nl\/de\/","nextItem":{"@type":"ListItem","@id":"https:\/\/hidalgo.nl\/example\/#listItem","name":"example"}},{"@type":"ListItem","@id":"https:\/\/hidalgo.nl\/example\/#listItem","position":2,"name":"example","item":"https:\/\/hidalgo.nl\/example\/","nextItem":{"@type":"ListItem","@id":"https:\/\/hidalgo.nl\/en\/product-supplier\/a403\/#listItem","name":"A403"},"previousItem":{"@type":"ListItem","@id":"https:\/\/hidalgo.nl\/de\/#listItem","name":"Home"}},{"@type":"ListItem","@id":"https:\/\/hidalgo.nl\/en\/product-supplier\/a403\/#listItem","position":3,"name":"A403","item":"https:\/\/hidalgo.nl\/en\/product-supplier\/a403\/","nextItem":{"@type":"ListItem","@id":"https:\/\/hidalgo.nl\/de\/product\/39406\/washed-cap-bedrucken-100-baumwolle-vintage-look-one-size\/#listItem","name":"FL6245GW &#8211; Verwassen pet"},"previousItem":{"@type":"ListItem","@id":"https:\/\/hidalgo.nl\/example\/#listItem","name":"example"}},{"@type":"ListItem","@id":"https:\/\/hidalgo.nl\/de\/product\/39406\/washed-cap-bedrucken-100-baumwolle-vintage-look-one-size\/#listItem","position":4,"name":"FL6245GW &#8211; Verwassen pet","previousItem":{"@type":"ListItem","@id":"https:\/\/hidalgo.nl\/en\/product-supplier\/a403\/#listItem","name":"A403"}}]},{"@type":"Organization","@id":"https:\/\/hidalgo.nl\/de\/#organization","name":"Hidalgo","url":"https:\/\/hidalgo.nl\/de\/","logo":{"@type":"ImageObject","url":"https:\/\/shop.hidalgo.nl\/wp-content\/uploads\/2025\/11\/cropped-Hidalgo-est1993.png","@id":"https:\/\/hidalgo.nl\/de\/product\/39406\/washed-cap-bedrucken-100-baumwolle-vintage-look-one-size\/#organizationLogo","width":585,"height":195},"image":{"@id":"https:\/\/hidalgo.nl\/de\/product\/39406\/washed-cap-bedrucken-100-baumwolle-vintage-look-one-size\/#organizationLogo"}},{"@type":"ProductGroup","@id":"https:\/\/hidalgo.nl\/de\/product\/39406\/washed-cap-bedrucken-100-baumwolle-vintage-look-one-size\/#wooCommerceProduct","name":"Washed Cap bedrucken 100% Baumwolle Vintage-Look One-size","url":"https:\/\/hidalgo.nl\/de\/product\/39406\/washed-cap-bedrucken-100-baumwolle-vintage-look-one-size\/","brand":{"@type":"Brand","name":"FLEXFIT"},"sku":"A403-FL6245GW","image":{"@type":"ImageObject","url":"https:\/\/shop.hidalgo.nl\/wp-content\/uploads\/2025\/07\/3439803f1aed03701543b625120675e245f94f710afa5f33e0591b27c6138232.png","@id":"https:\/\/hidalgo.nl\/de\/product\/39406\/washed-cap-bedrucken-100-baumwolle-vintage-look-one-size\/#productImage","width":692,"height":1000},"productGroupID":39406,"hasVariant":[{"@type":"Product","@id":"https:\/\/hidalgo.nl\/de\/product\/39406\/washed-cap-bedrucken-100-baumwolle-vintage-look-one-size\/#wooCommerceProduct","name":"FL6245GW - Verwassen pet - , black","url":"https:\/\/hidalgo.nl\/de\/product\/39406\/washed-cap-bedrucken-100-baumwolle-vintage-look-one-size\/","sku":"A403-FL6245GW_91221_91220","gtin":"4065812727374","image":{"@type":"ImageObject","url":"https:\/\/shop.hidalgo.nl\/wp-content\/uploads\/2025\/07\/3439803f1aed03701543b625120675e245f94f710afa5f33e0591b27c6138232.png","@id":"https:\/\/hidalgo.nl\/de\/product\/39406\/washed-cap-bedrucken-100-baumwolle-vintage-look-one-size\/#productImage","width":692,"height":1000},"offers":{"@type":"Offer","url":"https:\/\/hidalgo.nl\/de\/product\/39406\/washed-cap-bedrucken-100-baumwolle-vintage-look-one-size\/#wooCommerceOffer","price":"9.78","priceCurrency":"EUR","category":"Kleding","availability":"https:\/\/schema.org\/InStock","priceSpecification":{"@type":"PriceSpecification","price":9.78,"priceCurrency":"EUR","valueAddedTaxIncluded":"true"}}},{"@type":"Product","@id":"https:\/\/hidalgo.nl\/de\/product\/39406\/washed-cap-bedrucken-100-baumwolle-vintage-look-one-size\/#wooCommerceProduct","name":"FL6245GW - Verwassen pet - , grey","url":"https:\/\/hidalgo.nl\/de\/product\/39406\/washed-cap-bedrucken-100-baumwolle-vintage-look-one-size\/","sku":"A403-FL6245GW_91222_91220","gtin":"4065812727381","image":{"@type":"ImageObject","url":"https:\/\/shop.hidalgo.nl\/wp-content\/uploads\/2025\/07\/80a26419512c8557af53186f446ed349a9003f183f9c439aeabda8c45967eee7.png","@id":"https:\/\/hidalgo.nl\/de\/product\/39406\/washed-cap-bedrucken-100-baumwolle-vintage-look-one-size\/#productImage","width":692,"height":1000},"offers":{"@type":"Offer","url":"https:\/\/hidalgo.nl\/de\/product\/39406\/washed-cap-bedrucken-100-baumwolle-vintage-look-one-size\/#wooCommerceOffer","price":"9.78","priceCurrency":"EUR","category":"Kleding","availability":"https:\/\/schema.org\/InStock","priceSpecification":{"@type":"PriceSpecification","price":9.78,"priceCurrency":"EUR","valueAddedTaxIncluded":"true"}}},{"@type":"Product","@id":"https:\/\/hidalgo.nl\/de\/product\/39406\/washed-cap-bedrucken-100-baumwolle-vintage-look-one-size\/#wooCommerceProduct","name":"FL6245GW - Verwassen pet - , navy","url":"https:\/\/hidalgo.nl\/de\/product\/39406\/washed-cap-bedrucken-100-baumwolle-vintage-look-one-size\/","sku":"A403-FL6245GW_91223_91220","gtin":"4065812727367","image":{"@type":"ImageObject","url":"https:\/\/shop.hidalgo.nl\/wp-content\/uploads\/2025\/07\/2935f76876ab2ff327fad96a2b4639ff2dc9b6d2b52908d05475f4ab7cf49088.png","@id":"https:\/\/hidalgo.nl\/de\/product\/39406\/washed-cap-bedrucken-100-baumwolle-vintage-look-one-size\/#productImage","width":692,"height":1000},"offers":{"@type":"Offer","url":"https:\/\/hidalgo.nl\/de\/product\/39406\/washed-cap-bedrucken-100-baumwolle-vintage-look-one-size\/#wooCommerceOffer","price":"9.78","priceCurrency":"EUR","category":"Kleding","availability":"https:\/\/schema.org\/InStock","priceSpecification":{"@type":"PriceSpecification","price":9.78,"priceCurrency":"EUR","valueAddedTaxIncluded":"true"}}}]},{"@type":"WebPage","@id":"https:\/\/hidalgo.nl\/de\/product\/39406\/washed-cap-bedrucken-100-baumwolle-vintage-look-one-size\/#webpage","url":"https:\/\/hidalgo.nl\/de\/product\/39406\/washed-cap-bedrucken-100-baumwolle-vintage-look-one-size\/","name":"Washed Cap bedrucken 100% Baumwolle Vintage-Look One-size","description":"Du suchst eine l\u00e4ssige Cap im Vintage-Look f\u00fcr dein Team oder Events, ideal f\u00fcr 20-40-J\u00e4hrige? Wir veredeln sie nach Wunsch: Basecaps bedrucken oder Kappen besticken lassen - dein Logo kommt vorn klar zur Geltung. One-size passt flexibel; Farben: Navy, Black, Grey.","inLanguage":"de-DE","isPartOf":{"@id":"https:\/\/hidalgo.nl\/de\/#website"},"breadcrumb":{"@id":"https:\/\/hidalgo.nl\/de\/product\/39406\/washed-cap-bedrucken-100-baumwolle-vintage-look-one-size\/#breadcrumblist"},"image":{"@type":"ImageObject","url":"https:\/\/shop.hidalgo.nl\/wp-content\/uploads\/2025\/07\/3439803f1aed03701543b625120675e245f94f710afa5f33e0591b27c6138232.png","@id":"https:\/\/hidalgo.nl\/de\/product\/39406\/washed-cap-bedrucken-100-baumwolle-vintage-look-one-size\/#mainImage","width":692,"height":1000},"primaryImageOfPage":{"@id":"https:\/\/hidalgo.nl\/de\/product\/39406\/washed-cap-bedrucken-100-baumwolle-vintage-look-one-size\/#mainImage"},"datePublished":"2025-07-06T12:26:48+00:00","dateModified":"2026-03-23T17:03:15+00:00"},{"@type":"WebSite","@id":"https:\/\/hidalgo.nl\/de\/#website","url":"https:\/\/hidalgo.nl\/de\/","name":"Hidalgo","inLanguage":"de-DE","publisher":{"@id":"https:\/\/hidalgo.nl\/de\/#organization"}}]},"og:locale":"de_DE","og:site_name":"Hidalgo -","og:type":"article","og:title":"Washed Cap bedrucken 100% Baumwolle Vintage-Look One-size","og:description":"Du suchst eine l\u00e4ssige Cap im Vintage-Look f\u00fcr dein Team oder Events, ideal f\u00fcr 20-40-J\u00e4hrige? Wir veredeln sie nach Wunsch: Basecaps bedrucken oder Kappen besticken lassen - dein Logo kommt vorn klar zur Geltung. One-size passt flexibel; Farben: Navy, Black, Grey.","og:url":"https:\/\/hidalgo.nl\/de\/wp-json\/wp\/v2\/product\/39406","og:image":"https:\/\/shop.hidalgo.nl\/wp-content\/uploads\/2025\/11\/cropped-Hidalgo-est1993.png","og:image:secure_url":"https:\/\/shop.hidalgo.nl\/wp-content\/uploads\/2025\/11\/cropped-Hidalgo-est1993.png","article:published_time":"2025-07-06T12:26:48+00:00","article:modified_time":"2026-03-23T17:03:15+00:00","twitter:card":"summary_large_image","twitter:title":"Washed Cap bedrucken 100% Baumwolle Vintage-Look One-size","twitter:description":"Du suchst eine l\u00e4ssige Cap im Vintage-Look f\u00fcr dein Team oder Events, ideal f\u00fcr 20-40-J\u00e4hrige? Wir veredeln sie nach Wunsch: Basecaps bedrucken oder Kappen besticken lassen - dein Logo kommt vorn klar zur Geltung. One-size passt flexibel; Farben: Navy, Black, Grey.","twitter:image":"https:\/\/shop.hidalgo.nl\/wp-content\/uploads\/2025\/11\/cropped-Hidalgo-est1993.png"},"aioseo_meta_data":{"post_id":"39406","title":null,"description":null,"keywords":null,"keyphrases":null,"primary_term":null,"canonical_url":null,"og_title":null,"og_description":null,"og_object_type":"default","og_image_type":"default","og_image_url":null,"og_image_width":null,"og_image_height":null,"og_image_custom_url":null,"og_image_custom_fields":null,"og_video":null,"og_custom_url":null,"og_article_section":null,"og_article_tags":null,"twitter_use_og":false,"twitter_card":"default","twitter_image_type":"default","twitter_image_url":null,"twitter_image_custom_url":null,"twitter_image_custom_fields":null,"twitter_title":null,"twitter_description":null,"schema":{"blockGraphs":[],"customGraphs":[],"default":{"data":{"Article":[],"Course":[],"Dataset":[],"FAQPage":[],"Movie":[],"Person":[],"Product":[],"ProductReview":[],"Car":[],"Recipe":[],"Service":[],"SoftwareApplication":[],"WebPage":[]},"graphName":"","isEnabled":true},"graphs":[]},"schema_type":"default","schema_type_options":null,"pillar_content":false,"robots_default":true,"robots_noindex":false,"robots_noarchive":false,"robots_nosnippet":false,"robots_nofollow":false,"robots_noimageindex":false,"robots_noodp":false,"robots_notranslate":false,"robots_max_snippet":null,"robots_max_videopreview":null,"robots_max_imagepreview":"large","priority":null,"frequency":null,"local_seo":null,"seo_analyzer_scan_date":"2026-01-20 13:51:34","breadcrumb_settings":null,"limit_modified_date":false,"reviewed_by":null,"open_ai":null,"ai":null,"created":"2026-01-14 06:25:28","updated":"2026-04-22 17:43:00"},"aioseo_breadcrumb":"<div class=\"aioseo-breadcrumbs\"><span class=\"aioseo-breadcrumb\">\n\t<a href=\"https:\/\/hidalgo.nl\/de\/\" title=\"Home\">Home<\/a>\n<\/span><span class=\"aioseo-breadcrumb-separator\">\u00bb<\/span><span class=\"aioseo-breadcrumb\">\n\t<a href=\"https:\/\/hidalgo.nl\/example\/\" title=\"example\">example<\/a>\n<\/span><span class=\"aioseo-breadcrumb-separator\">\u00bb<\/span><span class=\"aioseo-breadcrumb\">\n\t<a href=\"https:\/\/hidalgo.nl\/en\/product-supplier\/a403\/\" title=\"A403\">A403<\/a>\n<\/span><span class=\"aioseo-breadcrumb-separator\">\u00bb<\/span><span class=\"aioseo-breadcrumb\">\n\tFL6245GW \u2013 Verwassen pet\n<\/span><\/div>","aioseo_breadcrumb_json":[{"label":"Home","link":"https:\/\/hidalgo.nl\/de\/"},{"label":"example","link":"https:\/\/hidalgo.nl\/example\/"},{"label":"A403","link":"https:\/\/hidalgo.nl\/en\/product-supplier\/a403\/"},{"label":"FL6245GW &#8211; Verwassen pet","link":"https:\/\/hidalgo.nl\/de\/product\/39406\/washed-cap-bedrucken-100-baumwolle-vintage-look-one-size\/"}],"_links":{"self":[{"href":"https:\/\/hidalgo.nl\/de\/wp-json\/wp\/v2\/product\/39406","targetHints":{"allow":["GET"]}}],"collection":[{"href":"https:\/\/hidalgo.nl\/de\/wp-json\/wp\/v2\/product"}],"about":[{"href":"https:\/\/hidalgo.nl\/de\/wp-json\/wp\/v2\/types\/product"}],"wp:featuredmedia":[{"embeddable":true,"href":"https:\/\/hidalgo.nl\/de\/wp-json\/wp\/v2\/media\/39409"}],"wp:attachment":[{"href":"https:\/\/hidalgo.nl\/de\/wp-json\/wp\/v2\/media?parent=39406"}],"wp:term":[{"taxonomy":"product_brand","embeddable":true,"href":"https:\/\/hidalgo.nl\/de\/wp-json\/wp\/v2\/product_brand?post=39406"},{"taxonomy":"product_cat","embeddable":true,"href":"https:\/\/hidalgo.nl\/de\/wp-json\/wp\/v2\/product_cat?post=39406"},{"taxonomy":"product_tag","embeddable":true,"href":"https:\/\/hidalgo.nl\/de\/wp-json\/wp\/v2\/product_tag?post=39406"}],"curies":[{"name":"wp","href":"https:\/\/api.w.org\/{rel}","templated":true}]}}