{"id":39037,"date":"2025-07-06T12:21:57","date_gmt":"2025-07-06T12:21:57","guid":{"rendered":"http:\/\/bidonsenshakers.pim.hidalgo.nl\/product\/fl6006mc-pet-trucker-multicam\/"},"modified":"2026-03-23T16:54:52","modified_gmt":"2026-03-23T16:54:52","slug":"fl6006mc-pet-trucker-multicam","status":"publish","type":"product","link":"https:\/\/hidalgo.nl\/de\/product\/39037\/trucker-cap-multicam-bedrucken-atmungsaktiv-mesh-one-size\/","title":{"rendered":"FL6006MC &#8211; Pet Trucker Multicam"},"content":{"rendered":"<p>98% polyester \/ 2% elasthan. Deze pet met een rechte zonneklep, \u00e9\u00e9n voor paneel en ademende mesh aan de achterkant is uw bondgenoot op zonnige dagen. De mesh voert transpiratie af nog voor het verschijnt. De zonneklep is afgewerkt met stiksels. Verstelbaar met een drukknoopsluiting.<\/p>\n","protected":false},"excerpt":{"rendered":"<p>98% polyester \/ 2% elasthan. Deze pet met een rechte zonneklep, \u00e9\u00e9n voor paneel en ademende mesh aan de achterkant is uw bondgenoot op zonnige dagen. De mesh voert transpiratie af nog voor het verschijnt. De zonneklep is afgewerkt met stiksels. Verstelbaar met een drukknoopsluiting.<\/p>\n","protected":false},"featured_media":39040,"template":"","meta":{"_acf_changed":false,"om_disable_all_campaigns":false,"_monsterinsights_skip_tracking":false,"_monsterinsights_sitenote_active":false,"_monsterinsights_sitenote_note":"","_monsterinsights_sitenote_category":0},"product_brand":[784],"product_cat":[4716,4849,4746],"product_tag":[],"class_list":{"0":"post-39037","1":"product","2":"type-product","3":"status-publish","4":"has-post-thumbnail","6":"product_supplier-a403","7":"product_brand-flexfit","8":"product_cat-kleding","9":"product_cat-kleding-petten-mutsen-en-hoeden-petten","10":"product_cat-kleding-petten-mutsen-en-hoeden","11":"entry","13":"first","14":"instock","15":"taxable","16":"shipping-taxable","17":"purchasable","18":"product-type-variable"},"acf":{"imprint_cost":[{"imprint_cost_key":"33483b79de35c41f6a5968127e3727b83ce2fe0b","product_quantity_price_range":[{"imprint_cost_recommended_selling_price":"0","imprint_cost_recommended_selling_quantity":"1"}],"product_quantity_price_range_buying":false,"imprint_cost_setup_costs":"","imprint_cost_handling_costs":""}]},"aioseo_notices":[],"aioseo_head":"\n\t\t<!-- All in One SEO Pro 4.9.6.2 - aioseo.com -->\n\t<meta name=\"description\" content=\"Atmungsaktives Mesh hinten und ein stabiles Frontpanel bieten Komfort bei Events, Festivals &amp; im Alltag, ideal f\u00fcr 20-40-J\u00e4hrige. Bei Hidalgo l\u00e4sst du dein Logo veredeln: Trucker Cap bedrucken oder Multicam Cap besticken. One-size, flexibel verstellbar.\" \/>\n\t<meta name=\"robots\" content=\"max-image-preview:large\" \/>\n\t<link rel=\"canonical\" href=\"https:\/\/hidalgo.nl\/de\/wp-json\/wp\/v2\/product\/39037\" \/>\n\t<meta name=\"generator\" content=\"All in One SEO Pro (AIOSEO) 4.9.6.2\" \/>\n\t\t<meta property=\"og:locale\" content=\"de_DE\" \/>\n\t\t<meta property=\"og:site_name\" content=\"Hidalgo -\" \/>\n\t\t<meta property=\"og:type\" content=\"article\" \/>\n\t\t<meta property=\"og:title\" content=\"Trucker Cap Multicam bedrucken atmungsaktiv Mesh One-size\" \/>\n\t\t<meta property=\"og:description\" content=\"Atmungsaktives Mesh hinten und ein stabiles Frontpanel bieten Komfort bei Events, Festivals &amp; im Alltag, ideal f\u00fcr 20-40-J\u00e4hrige. Bei Hidalgo l\u00e4sst du dein Logo veredeln: Trucker Cap bedrucken oder Multicam Cap besticken. One-size, flexibel verstellbar.\" \/>\n\t\t<meta property=\"og:url\" content=\"https:\/\/hidalgo.nl\/de\/wp-json\/wp\/v2\/product\/39037\" \/>\n\t\t<meta property=\"og:image\" content=\"https:\/\/shop.hidalgo.nl\/wp-content\/uploads\/2025\/11\/cropped-Hidalgo-est1993.png\" \/>\n\t\t<meta property=\"og:image:secure_url\" content=\"https:\/\/shop.hidalgo.nl\/wp-content\/uploads\/2025\/11\/cropped-Hidalgo-est1993.png\" \/>\n\t\t<meta property=\"article:published_time\" content=\"2025-07-06T12:21:57+00:00\" \/>\n\t\t<meta property=\"article:modified_time\" content=\"2026-03-23T16:54:52+00:00\" \/>\n\t\t<meta name=\"twitter:card\" content=\"summary_large_image\" \/>\n\t\t<meta name=\"twitter:title\" content=\"Trucker Cap Multicam bedrucken atmungsaktiv Mesh One-size\" \/>\n\t\t<meta name=\"twitter:description\" content=\"Atmungsaktives Mesh hinten und ein stabiles Frontpanel bieten Komfort bei Events, Festivals &amp; im Alltag, ideal f\u00fcr 20-40-J\u00e4hrige. Bei Hidalgo l\u00e4sst du dein Logo veredeln: Trucker Cap bedrucken oder Multicam Cap besticken. One-size, flexibel verstellbar.\" \/>\n\t\t<meta name=\"twitter:image\" content=\"https:\/\/shop.hidalgo.nl\/wp-content\/uploads\/2025\/11\/cropped-Hidalgo-est1993.png\" \/>\n\t\t<script type=\"application\/ld+json\" class=\"aioseo-schema\">\n\t\t\t{\"@context\":\"https:\\\/\\\/schema.org\",\"@graph\":[{\"@type\":\"BreadcrumbList\",\"@id\":\"https:\\\/\\\/hidalgo.nl\\\/de\\\/product\\\/39037\\\/trucker-cap-multicam-bedrucken-atmungsaktiv-mesh-one-size\\\/#breadcrumblist\",\"itemListElement\":[{\"@type\":\"ListItem\",\"@id\":\"https:\\\/\\\/hidalgo.nl\\\/de\\\/#listItem\",\"position\":1,\"name\":\"Home\",\"item\":\"https:\\\/\\\/hidalgo.nl\\\/de\\\/\",\"nextItem\":{\"@type\":\"ListItem\",\"@id\":\"https:\\\/\\\/hidalgo.nl\\\/example\\\/#listItem\",\"name\":\"example\"}},{\"@type\":\"ListItem\",\"@id\":\"https:\\\/\\\/hidalgo.nl\\\/example\\\/#listItem\",\"position\":2,\"name\":\"example\",\"item\":\"https:\\\/\\\/hidalgo.nl\\\/example\\\/\",\"nextItem\":{\"@type\":\"ListItem\",\"@id\":\"https:\\\/\\\/hidalgo.nl\\\/en\\\/product-supplier\\\/a403\\\/#listItem\",\"name\":\"A403\"},\"previousItem\":{\"@type\":\"ListItem\",\"@id\":\"https:\\\/\\\/hidalgo.nl\\\/de\\\/#listItem\",\"name\":\"Home\"}},{\"@type\":\"ListItem\",\"@id\":\"https:\\\/\\\/hidalgo.nl\\\/en\\\/product-supplier\\\/a403\\\/#listItem\",\"position\":3,\"name\":\"A403\",\"item\":\"https:\\\/\\\/hidalgo.nl\\\/en\\\/product-supplier\\\/a403\\\/\",\"nextItem\":{\"@type\":\"ListItem\",\"@id\":\"https:\\\/\\\/hidalgo.nl\\\/de\\\/product\\\/39037\\\/trucker-cap-multicam-bedrucken-atmungsaktiv-mesh-one-size\\\/#listItem\",\"name\":\"FL6006MC &#8211; Pet Trucker Multicam\"},\"previousItem\":{\"@type\":\"ListItem\",\"@id\":\"https:\\\/\\\/hidalgo.nl\\\/example\\\/#listItem\",\"name\":\"example\"}},{\"@type\":\"ListItem\",\"@id\":\"https:\\\/\\\/hidalgo.nl\\\/de\\\/product\\\/39037\\\/trucker-cap-multicam-bedrucken-atmungsaktiv-mesh-one-size\\\/#listItem\",\"position\":4,\"name\":\"FL6006MC &#8211; Pet Trucker Multicam\",\"previousItem\":{\"@type\":\"ListItem\",\"@id\":\"https:\\\/\\\/hidalgo.nl\\\/en\\\/product-supplier\\\/a403\\\/#listItem\",\"name\":\"A403\"}}]},{\"@type\":\"Organization\",\"@id\":\"https:\\\/\\\/hidalgo.nl\\\/de\\\/#organization\",\"name\":\"Hidalgo\",\"url\":\"https:\\\/\\\/hidalgo.nl\\\/de\\\/\",\"logo\":{\"@type\":\"ImageObject\",\"url\":\"https:\\\/\\\/shop.hidalgo.nl\\\/wp-content\\\/uploads\\\/2025\\\/11\\\/cropped-Hidalgo-est1993.png\",\"@id\":\"https:\\\/\\\/hidalgo.nl\\\/de\\\/product\\\/39037\\\/trucker-cap-multicam-bedrucken-atmungsaktiv-mesh-one-size\\\/#organizationLogo\",\"width\":585,\"height\":195},\"image\":{\"@id\":\"https:\\\/\\\/hidalgo.nl\\\/de\\\/product\\\/39037\\\/trucker-cap-multicam-bedrucken-atmungsaktiv-mesh-one-size\\\/#organizationLogo\"}},{\"@type\":\"ProductGroup\",\"@id\":\"https:\\\/\\\/hidalgo.nl\\\/de\\\/product\\\/39037\\\/trucker-cap-multicam-bedrucken-atmungsaktiv-mesh-one-size\\\/#wooCommerceProduct\",\"name\":\"Trucker Cap Multicam bedrucken atmungsaktiv Mesh One-size\",\"url\":\"https:\\\/\\\/hidalgo.nl\\\/de\\\/product\\\/39037\\\/trucker-cap-multicam-bedrucken-atmungsaktiv-mesh-one-size\\\/\",\"brand\":{\"@type\":\"Brand\",\"name\":\"FLEXFIT\"},\"sku\":\"A403-FL6006MC\",\"image\":{\"@type\":\"ImageObject\",\"url\":\"https:\\\/\\\/shop.hidalgo.nl\\\/wp-content\\\/uploads\\\/2025\\\/07\\\/e49161c7d00b423fb21641d3492be6a45ed15437b1fff2c5476ffa4784c8ebfa.png\",\"@id\":\"https:\\\/\\\/hidalgo.nl\\\/de\\\/product\\\/39037\\\/trucker-cap-multicam-bedrucken-atmungsaktiv-mesh-one-size\\\/#productImage\",\"width\":1000,\"height\":847},\"productGroupID\":39037,\"hasVariant\":[{\"@type\":\"Product\",\"@id\":\"https:\\\/\\\/hidalgo.nl\\\/de\\\/product\\\/39037\\\/trucker-cap-multicam-bedrucken-atmungsaktiv-mesh-one-size\\\/#wooCommerceProduct\",\"name\":\"FL6006MC - Pet Trucker Multicam - , black\",\"url\":\"https:\\\/\\\/hidalgo.nl\\\/de\\\/product\\\/39037\\\/trucker-cap-multicam-bedrucken-atmungsaktiv-mesh-one-size\\\/\",\"sku\":\"A403-FL6006MC_82577_82575\",\"gtin\":\"4053838747681\",\"image\":{\"@type\":\"ImageObject\",\"url\":\"https:\\\/\\\/shop.hidalgo.nl\\\/wp-content\\\/uploads\\\/2025\\\/07\\\/e49161c7d00b423fb21641d3492be6a45ed15437b1fff2c5476ffa4784c8ebfa.png\",\"@id\":\"https:\\\/\\\/hidalgo.nl\\\/de\\\/product\\\/39037\\\/trucker-cap-multicam-bedrucken-atmungsaktiv-mesh-one-size\\\/#productImage\",\"width\":1000,\"height\":847},\"offers\":{\"@type\":\"Offer\",\"url\":\"https:\\\/\\\/hidalgo.nl\\\/de\\\/product\\\/39037\\\/trucker-cap-multicam-bedrucken-atmungsaktiv-mesh-one-size\\\/#wooCommerceOffer\",\"price\":\"9.78\",\"priceCurrency\":\"EUR\",\"category\":\"Kleding\",\"availability\":\"https:\\\/\\\/schema.org\\\/InStock\",\"priceSpecification\":{\"@type\":\"PriceSpecification\",\"price\":9.78,\"priceCurrency\":\"EUR\",\"valueAddedTaxIncluded\":\"true\"}}}]},{\"@type\":\"WebPage\",\"@id\":\"https:\\\/\\\/hidalgo.nl\\\/de\\\/product\\\/39037\\\/trucker-cap-multicam-bedrucken-atmungsaktiv-mesh-one-size\\\/#webpage\",\"url\":\"https:\\\/\\\/hidalgo.nl\\\/de\\\/product\\\/39037\\\/trucker-cap-multicam-bedrucken-atmungsaktiv-mesh-one-size\\\/\",\"name\":\"Trucker Cap Multicam bedrucken atmungsaktiv Mesh One-size\",\"description\":\"Atmungsaktives Mesh hinten und ein stabiles Frontpanel bieten Komfort bei Events, Festivals & im Alltag, ideal f\\u00fcr 20-40-J\\u00e4hrige. Bei Hidalgo l\\u00e4sst du dein Logo veredeln: Trucker Cap bedrucken oder Multicam Cap besticken. One-size, flexibel verstellbar.\",\"inLanguage\":\"de-DE\",\"isPartOf\":{\"@id\":\"https:\\\/\\\/hidalgo.nl\\\/de\\\/#website\"},\"breadcrumb\":{\"@id\":\"https:\\\/\\\/hidalgo.nl\\\/de\\\/product\\\/39037\\\/trucker-cap-multicam-bedrucken-atmungsaktiv-mesh-one-size\\\/#breadcrumblist\"},\"image\":{\"@type\":\"ImageObject\",\"url\":\"https:\\\/\\\/shop.hidalgo.nl\\\/wp-content\\\/uploads\\\/2025\\\/07\\\/e49161c7d00b423fb21641d3492be6a45ed15437b1fff2c5476ffa4784c8ebfa.png\",\"@id\":\"https:\\\/\\\/hidalgo.nl\\\/de\\\/product\\\/39037\\\/trucker-cap-multicam-bedrucken-atmungsaktiv-mesh-one-size\\\/#mainImage\",\"width\":1000,\"height\":847},\"primaryImageOfPage\":{\"@id\":\"https:\\\/\\\/hidalgo.nl\\\/de\\\/product\\\/39037\\\/trucker-cap-multicam-bedrucken-atmungsaktiv-mesh-one-size\\\/#mainImage\"},\"datePublished\":\"2025-07-06T12:21:57+00:00\",\"dateModified\":\"2026-03-23T16:54:52+00:00\"},{\"@type\":\"WebSite\",\"@id\":\"https:\\\/\\\/hidalgo.nl\\\/de\\\/#website\",\"url\":\"https:\\\/\\\/hidalgo.nl\\\/de\\\/\",\"name\":\"Hidalgo\",\"inLanguage\":\"de-DE\",\"publisher\":{\"@id\":\"https:\\\/\\\/hidalgo.nl\\\/de\\\/#organization\"}}]}\n\t\t<\/script>\n\t\t<!-- All in One SEO Pro -->\r\n\t\t<title>Trucker Cap Multicam bedrucken atmungsaktiv Mesh One-size<\/title>\n\n","aioseo_head_json":{"title":"Trucker Cap Multicam bedrucken atmungsaktiv Mesh One-size","description":"Atmungsaktives Mesh hinten und ein stabiles Frontpanel bieten Komfort bei Events, Festivals & im Alltag, ideal f\u00fcr 20-40-J\u00e4hrige. Bei Hidalgo l\u00e4sst du dein Logo veredeln: Trucker Cap bedrucken oder Multicam Cap besticken. One-size, flexibel verstellbar.","canonical_url":"https:\/\/hidalgo.nl\/de\/wp-json\/wp\/v2\/product\/39037","robots":"max-image-preview:large","keywords":"","webmasterTools":{"miscellaneous":""},"schema":{"@context":"https:\/\/schema.org","@graph":[{"@type":"BreadcrumbList","@id":"https:\/\/hidalgo.nl\/de\/product\/39037\/trucker-cap-multicam-bedrucken-atmungsaktiv-mesh-one-size\/#breadcrumblist","itemListElement":[{"@type":"ListItem","@id":"https:\/\/hidalgo.nl\/de\/#listItem","position":1,"name":"Home","item":"https:\/\/hidalgo.nl\/de\/","nextItem":{"@type":"ListItem","@id":"https:\/\/hidalgo.nl\/example\/#listItem","name":"example"}},{"@type":"ListItem","@id":"https:\/\/hidalgo.nl\/example\/#listItem","position":2,"name":"example","item":"https:\/\/hidalgo.nl\/example\/","nextItem":{"@type":"ListItem","@id":"https:\/\/hidalgo.nl\/en\/product-supplier\/a403\/#listItem","name":"A403"},"previousItem":{"@type":"ListItem","@id":"https:\/\/hidalgo.nl\/de\/#listItem","name":"Home"}},{"@type":"ListItem","@id":"https:\/\/hidalgo.nl\/en\/product-supplier\/a403\/#listItem","position":3,"name":"A403","item":"https:\/\/hidalgo.nl\/en\/product-supplier\/a403\/","nextItem":{"@type":"ListItem","@id":"https:\/\/hidalgo.nl\/de\/product\/39037\/trucker-cap-multicam-bedrucken-atmungsaktiv-mesh-one-size\/#listItem","name":"FL6006MC &#8211; Pet Trucker Multicam"},"previousItem":{"@type":"ListItem","@id":"https:\/\/hidalgo.nl\/example\/#listItem","name":"example"}},{"@type":"ListItem","@id":"https:\/\/hidalgo.nl\/de\/product\/39037\/trucker-cap-multicam-bedrucken-atmungsaktiv-mesh-one-size\/#listItem","position":4,"name":"FL6006MC &#8211; Pet Trucker Multicam","previousItem":{"@type":"ListItem","@id":"https:\/\/hidalgo.nl\/en\/product-supplier\/a403\/#listItem","name":"A403"}}]},{"@type":"Organization","@id":"https:\/\/hidalgo.nl\/de\/#organization","name":"Hidalgo","url":"https:\/\/hidalgo.nl\/de\/","logo":{"@type":"ImageObject","url":"https:\/\/shop.hidalgo.nl\/wp-content\/uploads\/2025\/11\/cropped-Hidalgo-est1993.png","@id":"https:\/\/hidalgo.nl\/de\/product\/39037\/trucker-cap-multicam-bedrucken-atmungsaktiv-mesh-one-size\/#organizationLogo","width":585,"height":195},"image":{"@id":"https:\/\/hidalgo.nl\/de\/product\/39037\/trucker-cap-multicam-bedrucken-atmungsaktiv-mesh-one-size\/#organizationLogo"}},{"@type":"ProductGroup","@id":"https:\/\/hidalgo.nl\/de\/product\/39037\/trucker-cap-multicam-bedrucken-atmungsaktiv-mesh-one-size\/#wooCommerceProduct","name":"Trucker Cap Multicam bedrucken atmungsaktiv Mesh One-size","url":"https:\/\/hidalgo.nl\/de\/product\/39037\/trucker-cap-multicam-bedrucken-atmungsaktiv-mesh-one-size\/","brand":{"@type":"Brand","name":"FLEXFIT"},"sku":"A403-FL6006MC","image":{"@type":"ImageObject","url":"https:\/\/shop.hidalgo.nl\/wp-content\/uploads\/2025\/07\/e49161c7d00b423fb21641d3492be6a45ed15437b1fff2c5476ffa4784c8ebfa.png","@id":"https:\/\/hidalgo.nl\/de\/product\/39037\/trucker-cap-multicam-bedrucken-atmungsaktiv-mesh-one-size\/#productImage","width":1000,"height":847},"productGroupID":39037,"hasVariant":[{"@type":"Product","@id":"https:\/\/hidalgo.nl\/de\/product\/39037\/trucker-cap-multicam-bedrucken-atmungsaktiv-mesh-one-size\/#wooCommerceProduct","name":"FL6006MC - Pet Trucker Multicam - , black","url":"https:\/\/hidalgo.nl\/de\/product\/39037\/trucker-cap-multicam-bedrucken-atmungsaktiv-mesh-one-size\/","sku":"A403-FL6006MC_82577_82575","gtin":"4053838747681","image":{"@type":"ImageObject","url":"https:\/\/shop.hidalgo.nl\/wp-content\/uploads\/2025\/07\/e49161c7d00b423fb21641d3492be6a45ed15437b1fff2c5476ffa4784c8ebfa.png","@id":"https:\/\/hidalgo.nl\/de\/product\/39037\/trucker-cap-multicam-bedrucken-atmungsaktiv-mesh-one-size\/#productImage","width":1000,"height":847},"offers":{"@type":"Offer","url":"https:\/\/hidalgo.nl\/de\/product\/39037\/trucker-cap-multicam-bedrucken-atmungsaktiv-mesh-one-size\/#wooCommerceOffer","price":"9.78","priceCurrency":"EUR","category":"Kleding","availability":"https:\/\/schema.org\/InStock","priceSpecification":{"@type":"PriceSpecification","price":9.78,"priceCurrency":"EUR","valueAddedTaxIncluded":"true"}}}]},{"@type":"WebPage","@id":"https:\/\/hidalgo.nl\/de\/product\/39037\/trucker-cap-multicam-bedrucken-atmungsaktiv-mesh-one-size\/#webpage","url":"https:\/\/hidalgo.nl\/de\/product\/39037\/trucker-cap-multicam-bedrucken-atmungsaktiv-mesh-one-size\/","name":"Trucker Cap Multicam bedrucken atmungsaktiv Mesh One-size","description":"Atmungsaktives Mesh hinten und ein stabiles Frontpanel bieten Komfort bei Events, Festivals & im Alltag, ideal f\u00fcr 20-40-J\u00e4hrige. Bei Hidalgo l\u00e4sst du dein Logo veredeln: Trucker Cap bedrucken oder Multicam Cap besticken. One-size, flexibel verstellbar.","inLanguage":"de-DE","isPartOf":{"@id":"https:\/\/hidalgo.nl\/de\/#website"},"breadcrumb":{"@id":"https:\/\/hidalgo.nl\/de\/product\/39037\/trucker-cap-multicam-bedrucken-atmungsaktiv-mesh-one-size\/#breadcrumblist"},"image":{"@type":"ImageObject","url":"https:\/\/shop.hidalgo.nl\/wp-content\/uploads\/2025\/07\/e49161c7d00b423fb21641d3492be6a45ed15437b1fff2c5476ffa4784c8ebfa.png","@id":"https:\/\/hidalgo.nl\/de\/product\/39037\/trucker-cap-multicam-bedrucken-atmungsaktiv-mesh-one-size\/#mainImage","width":1000,"height":847},"primaryImageOfPage":{"@id":"https:\/\/hidalgo.nl\/de\/product\/39037\/trucker-cap-multicam-bedrucken-atmungsaktiv-mesh-one-size\/#mainImage"},"datePublished":"2025-07-06T12:21:57+00:00","dateModified":"2026-03-23T16:54:52+00:00"},{"@type":"WebSite","@id":"https:\/\/hidalgo.nl\/de\/#website","url":"https:\/\/hidalgo.nl\/de\/","name":"Hidalgo","inLanguage":"de-DE","publisher":{"@id":"https:\/\/hidalgo.nl\/de\/#organization"}}]},"og:locale":"de_DE","og:site_name":"Hidalgo -","og:type":"article","og:title":"Trucker Cap Multicam bedrucken atmungsaktiv Mesh One-size","og:description":"Atmungsaktives Mesh hinten und ein stabiles Frontpanel bieten Komfort bei Events, Festivals &amp; im Alltag, ideal f\u00fcr 20-40-J\u00e4hrige. Bei Hidalgo l\u00e4sst du dein Logo veredeln: Trucker Cap bedrucken oder Multicam Cap besticken. One-size, flexibel verstellbar.","og:url":"https:\/\/hidalgo.nl\/de\/wp-json\/wp\/v2\/product\/39037","og:image":"https:\/\/shop.hidalgo.nl\/wp-content\/uploads\/2025\/11\/cropped-Hidalgo-est1993.png","og:image:secure_url":"https:\/\/shop.hidalgo.nl\/wp-content\/uploads\/2025\/11\/cropped-Hidalgo-est1993.png","article:published_time":"2025-07-06T12:21:57+00:00","article:modified_time":"2026-03-23T16:54:52+00:00","twitter:card":"summary_large_image","twitter:title":"Trucker Cap Multicam bedrucken atmungsaktiv Mesh One-size","twitter:description":"Atmungsaktives Mesh hinten und ein stabiles Frontpanel bieten Komfort bei Events, Festivals &amp; im Alltag, ideal f\u00fcr 20-40-J\u00e4hrige. Bei Hidalgo l\u00e4sst du dein Logo veredeln: Trucker Cap bedrucken oder Multicam Cap besticken. One-size, flexibel verstellbar.","twitter:image":"https:\/\/shop.hidalgo.nl\/wp-content\/uploads\/2025\/11\/cropped-Hidalgo-est1993.png"},"aioseo_meta_data":{"post_id":"39037","title":null,"description":null,"keywords":null,"keyphrases":null,"primary_term":null,"canonical_url":null,"og_title":null,"og_description":null,"og_object_type":"default","og_image_type":"default","og_image_url":null,"og_image_width":null,"og_image_height":null,"og_image_custom_url":null,"og_image_custom_fields":null,"og_video":null,"og_custom_url":null,"og_article_section":null,"og_article_tags":null,"twitter_use_og":false,"twitter_card":"default","twitter_image_type":"default","twitter_image_url":null,"twitter_image_custom_url":null,"twitter_image_custom_fields":null,"twitter_title":null,"twitter_description":null,"schema":{"blockGraphs":[],"customGraphs":[],"default":{"data":{"Article":[],"Course":[],"Dataset":[],"FAQPage":[],"Movie":[],"Person":[],"Product":[],"ProductReview":[],"Car":[],"Recipe":[],"Service":[],"SoftwareApplication":[],"WebPage":[]},"graphName":"","isEnabled":true},"graphs":[]},"schema_type":"default","schema_type_options":null,"pillar_content":false,"robots_default":true,"robots_noindex":false,"robots_noarchive":false,"robots_nosnippet":false,"robots_nofollow":false,"robots_noimageindex":false,"robots_noodp":false,"robots_notranslate":false,"robots_max_snippet":null,"robots_max_videopreview":null,"robots_max_imagepreview":"large","priority":null,"frequency":null,"local_seo":null,"seo_analyzer_scan_date":"2026-01-20 13:49:34","breadcrumb_settings":null,"limit_modified_date":false,"reviewed_by":null,"open_ai":null,"ai":null,"created":"2026-01-14 06:25:28","updated":"2026-04-22 17:40:51"},"aioseo_breadcrumb":"<div class=\"aioseo-breadcrumbs\"><span class=\"aioseo-breadcrumb\">\n\t<a href=\"https:\/\/hidalgo.nl\/de\/\" title=\"Home\">Home<\/a>\n<\/span><span class=\"aioseo-breadcrumb-separator\">\u00bb<\/span><span class=\"aioseo-breadcrumb\">\n\t<a href=\"https:\/\/hidalgo.nl\/example\/\" title=\"example\">example<\/a>\n<\/span><span class=\"aioseo-breadcrumb-separator\">\u00bb<\/span><span class=\"aioseo-breadcrumb\">\n\t<a href=\"https:\/\/hidalgo.nl\/en\/product-supplier\/a403\/\" title=\"A403\">A403<\/a>\n<\/span><span class=\"aioseo-breadcrumb-separator\">\u00bb<\/span><span class=\"aioseo-breadcrumb\">\n\tFL6006MC \u2013 Pet Trucker Multicam\n<\/span><\/div>","aioseo_breadcrumb_json":[{"label":"Home","link":"https:\/\/hidalgo.nl\/de\/"},{"label":"example","link":"https:\/\/hidalgo.nl\/example\/"},{"label":"A403","link":"https:\/\/hidalgo.nl\/en\/product-supplier\/a403\/"},{"label":"FL6006MC &#8211; Pet Trucker Multicam","link":"https:\/\/hidalgo.nl\/de\/product\/39037\/trucker-cap-multicam-bedrucken-atmungsaktiv-mesh-one-size\/"}],"_links":{"self":[{"href":"https:\/\/hidalgo.nl\/de\/wp-json\/wp\/v2\/product\/39037","targetHints":{"allow":["GET"]}}],"collection":[{"href":"https:\/\/hidalgo.nl\/de\/wp-json\/wp\/v2\/product"}],"about":[{"href":"https:\/\/hidalgo.nl\/de\/wp-json\/wp\/v2\/types\/product"}],"wp:featuredmedia":[{"embeddable":true,"href":"https:\/\/hidalgo.nl\/de\/wp-json\/wp\/v2\/media\/39040"}],"wp:attachment":[{"href":"https:\/\/hidalgo.nl\/de\/wp-json\/wp\/v2\/media?parent=39037"}],"wp:term":[{"taxonomy":"product_brand","embeddable":true,"href":"https:\/\/hidalgo.nl\/de\/wp-json\/wp\/v2\/product_brand?post=39037"},{"taxonomy":"product_cat","embeddable":true,"href":"https:\/\/hidalgo.nl\/de\/wp-json\/wp\/v2\/product_cat?post=39037"},{"taxonomy":"product_tag","embeddable":true,"href":"https:\/\/hidalgo.nl\/de\/wp-json\/wp\/v2\/product_tag?post=39037"}],"curies":[{"name":"wp","href":"https:\/\/api.w.org\/{rel}","templated":true}]}}