{"id":38655,"date":"2025-07-06T12:16:11","date_gmt":"2025-07-06T12:16:11","guid":{"rendered":"http:\/\/bidonsenshakers.pim.hidalgo.nl\/product\/es6004-set-van-3-paar-sokken-no-comprim\/"},"modified":"2026-03-23T14:44:54","modified_gmt":"2026-03-23T14:44:54","slug":"es6004-set-van-3-paar-sokken-no-comprim","status":"publish","type":"product","link":"https:\/\/hidalgo.nl\/de\/product\/38655\/arbeitssocken-bedrucken-es6004-antibakteriell-3er-set-42-46\/","title":{"rendered":"ES6004 &#8211; Set van 3 paar sokken NO COMPRIM"},"content":{"rendered":"<p>Werksokken die niet afzakken.  Dubbel ribboord voor een betere afwerking. Fijn boucl\u00e9tricot in de voet. Antibacteri\u00eble behandeling SILVADUR \u00ae, resistentie getest tot 20\u00a0wasbeurten.<\/p>\n","protected":false},"excerpt":{"rendered":"<p>Werksokken die niet afzakken. Dubbel ribboord voor een betere afwerking. Fijn boucl\u00e9tricot in de voet. Antibacteri\u00eble behandeling SILVADUR \u00ae, resistentie getest tot 20\u00a0wasbeurten.<\/p>\n","protected":false},"featured_media":38656,"template":"","meta":{"_acf_changed":false,"om_disable_all_campaigns":false,"_monsterinsights_skip_tracking":false,"_monsterinsights_sitenote_active":false,"_monsterinsights_sitenote_note":"","_monsterinsights_sitenote_category":0},"product_brand":[777],"product_cat":[4716,4757,4777],"product_tag":[],"class_list":{"0":"post-38655","1":"product","2":"type-product","3":"status-publish","4":"has-post-thumbnail","6":"product_supplier-a403","7":"product_brand-estex","8":"product_cat-kleding","9":"product_cat-kleding-kleding-accessoires","10":"product_cat-kleding-kleding-accessoires-sokken-schoenen","11":"entry","13":"first","14":"instock","15":"taxable","16":"shipping-taxable","17":"purchasable","18":"product-type-variable"},"acf":{"imprint_cost":[{"imprint_cost_key":"33483b79de35c41f6a5968127e3727b83ce2fe0b","product_quantity_price_range":[{"imprint_cost_recommended_selling_price":"0","imprint_cost_recommended_selling_quantity":"1"}],"product_quantity_price_range_buying":false,"imprint_cost_setup_costs":"","imprint_cost_handling_costs":""}]},"aioseo_notices":[],"aioseo_head":"\n\t\t<!-- All in One SEO Pro 4.9.6.1 - aioseo.com -->\n\t<meta name=\"description\" content=\"ES6004 3er Set in Navy, ohne Kompression f\u00fcr angenehmen Sitz bei langen Eins\u00e4tzen. Bei Hidalgo kannst du diese Arbeitssocken bedrucken und Socken mit Logo bestellen, ideal f\u00fcr dein Team. Gr\u00f6\u00dfen 42 EU und 46 EU, rutschfest und hygienisch durch antibakterielle Behandlung.\" \/>\n\t<meta name=\"robots\" content=\"max-image-preview:large\" \/>\n\t<link rel=\"canonical\" href=\"https:\/\/hidalgo.nl\/de\/wp-json\/wp\/v2\/product\/38655\" \/>\n\t<meta name=\"generator\" content=\"All in One SEO Pro (AIOSEO) 4.9.6.1\" \/>\n\t\t<meta property=\"og:locale\" content=\"de_DE\" \/>\n\t\t<meta property=\"og:site_name\" content=\"Hidalgo -\" \/>\n\t\t<meta property=\"og:type\" content=\"article\" \/>\n\t\t<meta property=\"og:title\" content=\"Arbeitssocken bedrucken ES6004 Antibakteriell 3er Set 42-46\" \/>\n\t\t<meta property=\"og:description\" content=\"ES6004 3er Set in Navy, ohne Kompression f\u00fcr angenehmen Sitz bei langen Eins\u00e4tzen. Bei Hidalgo kannst du diese Arbeitssocken bedrucken und Socken mit Logo bestellen, ideal f\u00fcr dein Team. Gr\u00f6\u00dfen 42 EU und 46 EU, rutschfest und hygienisch durch antibakterielle Behandlung.\" \/>\n\t\t<meta property=\"og:url\" content=\"https:\/\/hidalgo.nl\/de\/wp-json\/wp\/v2\/product\/38655\" \/>\n\t\t<meta property=\"og:image\" content=\"https:\/\/shop.hidalgo.nl\/wp-content\/uploads\/2025\/11\/cropped-Hidalgo-est1993.png\" \/>\n\t\t<meta property=\"og:image:secure_url\" content=\"https:\/\/shop.hidalgo.nl\/wp-content\/uploads\/2025\/11\/cropped-Hidalgo-est1993.png\" \/>\n\t\t<meta property=\"article:published_time\" content=\"2025-07-06T12:16:11+00:00\" \/>\n\t\t<meta property=\"article:modified_time\" content=\"2026-03-23T14:44:54+00:00\" \/>\n\t\t<meta name=\"twitter:card\" content=\"summary_large_image\" \/>\n\t\t<meta name=\"twitter:title\" content=\"Arbeitssocken bedrucken ES6004 Antibakteriell 3er Set 42-46\" \/>\n\t\t<meta name=\"twitter:description\" content=\"ES6004 3er Set in Navy, ohne Kompression f\u00fcr angenehmen Sitz bei langen Eins\u00e4tzen. Bei Hidalgo kannst du diese Arbeitssocken bedrucken und Socken mit Logo bestellen, ideal f\u00fcr dein Team. Gr\u00f6\u00dfen 42 EU und 46 EU, rutschfest und hygienisch durch antibakterielle Behandlung.\" \/>\n\t\t<meta name=\"twitter:image\" content=\"https:\/\/shop.hidalgo.nl\/wp-content\/uploads\/2025\/11\/cropped-Hidalgo-est1993.png\" \/>\n\t\t<script type=\"application\/ld+json\" class=\"aioseo-schema\">\n\t\t\t{\"@context\":\"https:\\\/\\\/schema.org\",\"@graph\":[{\"@type\":\"BreadcrumbList\",\"@id\":\"https:\\\/\\\/hidalgo.nl\\\/de\\\/product\\\/38655\\\/arbeitssocken-bedrucken-es6004-antibakteriell-3er-set-42-46\\\/#breadcrumblist\",\"itemListElement\":[{\"@type\":\"ListItem\",\"@id\":\"https:\\\/\\\/hidalgo.nl\\\/de\\\/#listItem\",\"position\":1,\"name\":\"Home\",\"item\":\"https:\\\/\\\/hidalgo.nl\\\/de\\\/\",\"nextItem\":{\"@type\":\"ListItem\",\"@id\":\"https:\\\/\\\/hidalgo.nl\\\/example\\\/#listItem\",\"name\":\"example\"}},{\"@type\":\"ListItem\",\"@id\":\"https:\\\/\\\/hidalgo.nl\\\/example\\\/#listItem\",\"position\":2,\"name\":\"example\",\"item\":\"https:\\\/\\\/hidalgo.nl\\\/example\\\/\",\"nextItem\":{\"@type\":\"ListItem\",\"@id\":\"https:\\\/\\\/hidalgo.nl\\\/en\\\/product-supplier\\\/a403\\\/#listItem\",\"name\":\"A403\"},\"previousItem\":{\"@type\":\"ListItem\",\"@id\":\"https:\\\/\\\/hidalgo.nl\\\/de\\\/#listItem\",\"name\":\"Home\"}},{\"@type\":\"ListItem\",\"@id\":\"https:\\\/\\\/hidalgo.nl\\\/en\\\/product-supplier\\\/a403\\\/#listItem\",\"position\":3,\"name\":\"A403\",\"item\":\"https:\\\/\\\/hidalgo.nl\\\/en\\\/product-supplier\\\/a403\\\/\",\"nextItem\":{\"@type\":\"ListItem\",\"@id\":\"https:\\\/\\\/hidalgo.nl\\\/de\\\/product\\\/38655\\\/arbeitssocken-bedrucken-es6004-antibakteriell-3er-set-42-46\\\/#listItem\",\"name\":\"ES6004 &#8211; Set van 3 paar sokken NO COMPRIM\"},\"previousItem\":{\"@type\":\"ListItem\",\"@id\":\"https:\\\/\\\/hidalgo.nl\\\/example\\\/#listItem\",\"name\":\"example\"}},{\"@type\":\"ListItem\",\"@id\":\"https:\\\/\\\/hidalgo.nl\\\/de\\\/product\\\/38655\\\/arbeitssocken-bedrucken-es6004-antibakteriell-3er-set-42-46\\\/#listItem\",\"position\":4,\"name\":\"ES6004 &#8211; Set van 3 paar sokken NO COMPRIM\",\"previousItem\":{\"@type\":\"ListItem\",\"@id\":\"https:\\\/\\\/hidalgo.nl\\\/en\\\/product-supplier\\\/a403\\\/#listItem\",\"name\":\"A403\"}}]},{\"@type\":\"ItemPage\",\"@id\":\"https:\\\/\\\/hidalgo.nl\\\/de\\\/product\\\/38655\\\/arbeitssocken-bedrucken-es6004-antibakteriell-3er-set-42-46\\\/#itempage\",\"url\":\"https:\\\/\\\/hidalgo.nl\\\/de\\\/product\\\/38655\\\/arbeitssocken-bedrucken-es6004-antibakteriell-3er-set-42-46\\\/\",\"name\":\"Arbeitssocken bedrucken ES6004 Antibakteriell 3er Set 42-46\",\"description\":\"ES6004 3er Set in Navy, ohne Kompression f\\u00fcr angenehmen Sitz bei langen Eins\\u00e4tzen. Bei Hidalgo kannst du diese Arbeitssocken bedrucken und Socken mit Logo bestellen, ideal f\\u00fcr dein Team. Gr\\u00f6\\u00dfen 42 EU und 46 EU, rutschfest und hygienisch durch antibakterielle Behandlung.\",\"inLanguage\":\"de-DE\",\"isPartOf\":{\"@id\":\"https:\\\/\\\/hidalgo.nl\\\/de\\\/#website\"},\"breadcrumb\":{\"@id\":\"https:\\\/\\\/hidalgo.nl\\\/de\\\/product\\\/38655\\\/arbeitssocken-bedrucken-es6004-antibakteriell-3er-set-42-46\\\/#breadcrumblist\"},\"image\":{\"@type\":\"ImageObject\",\"url\":\"https:\\\/\\\/shop.hidalgo.nl\\\/wp-content\\\/uploads\\\/2025\\\/07\\\/ac43d7e6869d610ce5df837a32eeddf724587eedc7a49999e868d5e685a88381.png\",\"@id\":\"https:\\\/\\\/hidalgo.nl\\\/de\\\/product\\\/38655\\\/arbeitssocken-bedrucken-es6004-antibakteriell-3er-set-42-46\\\/#mainImage\",\"width\":516,\"height\":1000},\"primaryImageOfPage\":{\"@id\":\"https:\\\/\\\/hidalgo.nl\\\/de\\\/product\\\/38655\\\/arbeitssocken-bedrucken-es6004-antibakteriell-3er-set-42-46\\\/#mainImage\"},\"datePublished\":\"2025-07-06T12:16:11+00:00\",\"dateModified\":\"2026-03-23T14:44:54+00:00\"},{\"@type\":\"Organization\",\"@id\":\"https:\\\/\\\/hidalgo.nl\\\/de\\\/#organization\",\"name\":\"Hidalgo\",\"url\":\"https:\\\/\\\/hidalgo.nl\\\/de\\\/\",\"logo\":{\"@type\":\"ImageObject\",\"url\":\"https:\\\/\\\/shop.hidalgo.nl\\\/wp-content\\\/uploads\\\/2025\\\/11\\\/cropped-Hidalgo-est1993.png\",\"@id\":\"https:\\\/\\\/hidalgo.nl\\\/de\\\/product\\\/38655\\\/arbeitssocken-bedrucken-es6004-antibakteriell-3er-set-42-46\\\/#organizationLogo\",\"width\":585,\"height\":195},\"image\":{\"@id\":\"https:\\\/\\\/hidalgo.nl\\\/de\\\/product\\\/38655\\\/arbeitssocken-bedrucken-es6004-antibakteriell-3er-set-42-46\\\/#organizationLogo\"}},{\"@type\":\"WebPage\",\"@id\":\"https:\\\/\\\/hidalgo.nl\\\/de\\\/product\\\/38655\\\/arbeitssocken-bedrucken-es6004-antibakteriell-3er-set-42-46\\\/#webpage\",\"url\":\"https:\\\/\\\/hidalgo.nl\\\/de\\\/product\\\/38655\\\/arbeitssocken-bedrucken-es6004-antibakteriell-3er-set-42-46\\\/\",\"name\":\"Arbeitssocken bedrucken ES6004 Antibakteriell 3er Set 42-46\",\"description\":\"ES6004 3er Set in Navy, ohne Kompression f\\u00fcr angenehmen Sitz bei langen Eins\\u00e4tzen. Bei Hidalgo kannst du diese Arbeitssocken bedrucken und Socken mit Logo bestellen, ideal f\\u00fcr dein Team. Gr\\u00f6\\u00dfen 42 EU und 46 EU, rutschfest und hygienisch durch antibakterielle Behandlung.\",\"inLanguage\":\"de-DE\",\"isPartOf\":{\"@id\":\"https:\\\/\\\/hidalgo.nl\\\/de\\\/#website\"},\"breadcrumb\":{\"@id\":\"https:\\\/\\\/hidalgo.nl\\\/de\\\/product\\\/38655\\\/arbeitssocken-bedrucken-es6004-antibakteriell-3er-set-42-46\\\/#breadcrumblist\"},\"image\":{\"@type\":\"ImageObject\",\"url\":\"https:\\\/\\\/shop.hidalgo.nl\\\/wp-content\\\/uploads\\\/2025\\\/07\\\/ac43d7e6869d610ce5df837a32eeddf724587eedc7a49999e868d5e685a88381.png\",\"@id\":\"https:\\\/\\\/hidalgo.nl\\\/de\\\/product\\\/38655\\\/arbeitssocken-bedrucken-es6004-antibakteriell-3er-set-42-46\\\/#mainImage\",\"width\":516,\"height\":1000},\"primaryImageOfPage\":{\"@id\":\"https:\\\/\\\/hidalgo.nl\\\/de\\\/product\\\/38655\\\/arbeitssocken-bedrucken-es6004-antibakteriell-3er-set-42-46\\\/#mainImage\"},\"datePublished\":\"2025-07-06T12:16:11+00:00\",\"dateModified\":\"2026-03-23T14:44:54+00:00\"},{\"@type\":\"WebSite\",\"@id\":\"https:\\\/\\\/hidalgo.nl\\\/de\\\/#website\",\"url\":\"https:\\\/\\\/hidalgo.nl\\\/de\\\/\",\"name\":\"Hidalgo\",\"inLanguage\":\"de-DE\",\"publisher\":{\"@id\":\"https:\\\/\\\/hidalgo.nl\\\/de\\\/#organization\"}}]}\n\t\t<\/script>\n\t\t<!-- All in One SEO Pro -->\r\n\t\t<title>Arbeitssocken bedrucken ES6004 Antibakteriell 3er Set 42-46<\/title>\n\n","aioseo_head_json":{"title":"Arbeitssocken bedrucken ES6004 Antibakteriell 3er Set 42-46","description":"ES6004 3er Set in Navy, ohne Kompression f\u00fcr angenehmen Sitz bei langen Eins\u00e4tzen. Bei Hidalgo kannst du diese Arbeitssocken bedrucken und Socken mit Logo bestellen, ideal f\u00fcr dein Team. Gr\u00f6\u00dfen 42 EU und 46 EU, rutschfest und hygienisch durch antibakterielle Behandlung.","canonical_url":"https:\/\/hidalgo.nl\/de\/wp-json\/wp\/v2\/product\/38655","robots":"max-image-preview:large","keywords":"","webmasterTools":{"miscellaneous":""},"schema":{"@context":"https:\/\/schema.org","@graph":[{"@type":"BreadcrumbList","@id":"https:\/\/hidalgo.nl\/de\/product\/38655\/arbeitssocken-bedrucken-es6004-antibakteriell-3er-set-42-46\/#breadcrumblist","itemListElement":[{"@type":"ListItem","@id":"https:\/\/hidalgo.nl\/de\/#listItem","position":1,"name":"Home","item":"https:\/\/hidalgo.nl\/de\/","nextItem":{"@type":"ListItem","@id":"https:\/\/hidalgo.nl\/example\/#listItem","name":"example"}},{"@type":"ListItem","@id":"https:\/\/hidalgo.nl\/example\/#listItem","position":2,"name":"example","item":"https:\/\/hidalgo.nl\/example\/","nextItem":{"@type":"ListItem","@id":"https:\/\/hidalgo.nl\/en\/product-supplier\/a403\/#listItem","name":"A403"},"previousItem":{"@type":"ListItem","@id":"https:\/\/hidalgo.nl\/de\/#listItem","name":"Home"}},{"@type":"ListItem","@id":"https:\/\/hidalgo.nl\/en\/product-supplier\/a403\/#listItem","position":3,"name":"A403","item":"https:\/\/hidalgo.nl\/en\/product-supplier\/a403\/","nextItem":{"@type":"ListItem","@id":"https:\/\/hidalgo.nl\/de\/product\/38655\/arbeitssocken-bedrucken-es6004-antibakteriell-3er-set-42-46\/#listItem","name":"ES6004 &#8211; Set van 3 paar sokken NO COMPRIM"},"previousItem":{"@type":"ListItem","@id":"https:\/\/hidalgo.nl\/example\/#listItem","name":"example"}},{"@type":"ListItem","@id":"https:\/\/hidalgo.nl\/de\/product\/38655\/arbeitssocken-bedrucken-es6004-antibakteriell-3er-set-42-46\/#listItem","position":4,"name":"ES6004 &#8211; Set van 3 paar sokken NO COMPRIM","previousItem":{"@type":"ListItem","@id":"https:\/\/hidalgo.nl\/en\/product-supplier\/a403\/#listItem","name":"A403"}}]},{"@type":"ItemPage","@id":"https:\/\/hidalgo.nl\/de\/product\/38655\/arbeitssocken-bedrucken-es6004-antibakteriell-3er-set-42-46\/#itempage","url":"https:\/\/hidalgo.nl\/de\/product\/38655\/arbeitssocken-bedrucken-es6004-antibakteriell-3er-set-42-46\/","name":"Arbeitssocken bedrucken ES6004 Antibakteriell 3er Set 42-46","description":"ES6004 3er Set in Navy, ohne Kompression f\u00fcr angenehmen Sitz bei langen Eins\u00e4tzen. Bei Hidalgo kannst du diese Arbeitssocken bedrucken und Socken mit Logo bestellen, ideal f\u00fcr dein Team. Gr\u00f6\u00dfen 42 EU und 46 EU, rutschfest und hygienisch durch antibakterielle Behandlung.","inLanguage":"de-DE","isPartOf":{"@id":"https:\/\/hidalgo.nl\/de\/#website"},"breadcrumb":{"@id":"https:\/\/hidalgo.nl\/de\/product\/38655\/arbeitssocken-bedrucken-es6004-antibakteriell-3er-set-42-46\/#breadcrumblist"},"image":{"@type":"ImageObject","url":"https:\/\/shop.hidalgo.nl\/wp-content\/uploads\/2025\/07\/ac43d7e6869d610ce5df837a32eeddf724587eedc7a49999e868d5e685a88381.png","@id":"https:\/\/hidalgo.nl\/de\/product\/38655\/arbeitssocken-bedrucken-es6004-antibakteriell-3er-set-42-46\/#mainImage","width":516,"height":1000},"primaryImageOfPage":{"@id":"https:\/\/hidalgo.nl\/de\/product\/38655\/arbeitssocken-bedrucken-es6004-antibakteriell-3er-set-42-46\/#mainImage"},"datePublished":"2025-07-06T12:16:11+00:00","dateModified":"2026-03-23T14:44:54+00:00"},{"@type":"Organization","@id":"https:\/\/hidalgo.nl\/de\/#organization","name":"Hidalgo","url":"https:\/\/hidalgo.nl\/de\/","logo":{"@type":"ImageObject","url":"https:\/\/shop.hidalgo.nl\/wp-content\/uploads\/2025\/11\/cropped-Hidalgo-est1993.png","@id":"https:\/\/hidalgo.nl\/de\/product\/38655\/arbeitssocken-bedrucken-es6004-antibakteriell-3er-set-42-46\/#organizationLogo","width":585,"height":195},"image":{"@id":"https:\/\/hidalgo.nl\/de\/product\/38655\/arbeitssocken-bedrucken-es6004-antibakteriell-3er-set-42-46\/#organizationLogo"}},{"@type":"WebPage","@id":"https:\/\/hidalgo.nl\/de\/product\/38655\/arbeitssocken-bedrucken-es6004-antibakteriell-3er-set-42-46\/#webpage","url":"https:\/\/hidalgo.nl\/de\/product\/38655\/arbeitssocken-bedrucken-es6004-antibakteriell-3er-set-42-46\/","name":"Arbeitssocken bedrucken ES6004 Antibakteriell 3er Set 42-46","description":"ES6004 3er Set in Navy, ohne Kompression f\u00fcr angenehmen Sitz bei langen Eins\u00e4tzen. Bei Hidalgo kannst du diese Arbeitssocken bedrucken und Socken mit Logo bestellen, ideal f\u00fcr dein Team. Gr\u00f6\u00dfen 42 EU und 46 EU, rutschfest und hygienisch durch antibakterielle Behandlung.","inLanguage":"de-DE","isPartOf":{"@id":"https:\/\/hidalgo.nl\/de\/#website"},"breadcrumb":{"@id":"https:\/\/hidalgo.nl\/de\/product\/38655\/arbeitssocken-bedrucken-es6004-antibakteriell-3er-set-42-46\/#breadcrumblist"},"image":{"@type":"ImageObject","url":"https:\/\/shop.hidalgo.nl\/wp-content\/uploads\/2025\/07\/ac43d7e6869d610ce5df837a32eeddf724587eedc7a49999e868d5e685a88381.png","@id":"https:\/\/hidalgo.nl\/de\/product\/38655\/arbeitssocken-bedrucken-es6004-antibakteriell-3er-set-42-46\/#mainImage","width":516,"height":1000},"primaryImageOfPage":{"@id":"https:\/\/hidalgo.nl\/de\/product\/38655\/arbeitssocken-bedrucken-es6004-antibakteriell-3er-set-42-46\/#mainImage"},"datePublished":"2025-07-06T12:16:11+00:00","dateModified":"2026-03-23T14:44:54+00:00"},{"@type":"WebSite","@id":"https:\/\/hidalgo.nl\/de\/#website","url":"https:\/\/hidalgo.nl\/de\/","name":"Hidalgo","inLanguage":"de-DE","publisher":{"@id":"https:\/\/hidalgo.nl\/de\/#organization"}}]},"og:locale":"de_DE","og:site_name":"Hidalgo -","og:type":"article","og:title":"Arbeitssocken bedrucken ES6004 Antibakteriell 3er Set 42-46","og:description":"ES6004 3er Set in Navy, ohne Kompression f\u00fcr angenehmen Sitz bei langen Eins\u00e4tzen. Bei Hidalgo kannst du diese Arbeitssocken bedrucken und Socken mit Logo bestellen, ideal f\u00fcr dein Team. Gr\u00f6\u00dfen 42 EU und 46 EU, rutschfest und hygienisch durch antibakterielle Behandlung.","og:url":"https:\/\/hidalgo.nl\/de\/wp-json\/wp\/v2\/product\/38655","og:image":"https:\/\/shop.hidalgo.nl\/wp-content\/uploads\/2025\/11\/cropped-Hidalgo-est1993.png","og:image:secure_url":"https:\/\/shop.hidalgo.nl\/wp-content\/uploads\/2025\/11\/cropped-Hidalgo-est1993.png","article:published_time":"2025-07-06T12:16:11+00:00","article:modified_time":"2026-03-23T14:44:54+00:00","twitter:card":"summary_large_image","twitter:title":"Arbeitssocken bedrucken ES6004 Antibakteriell 3er Set 42-46","twitter:description":"ES6004 3er Set in Navy, ohne Kompression f\u00fcr angenehmen Sitz bei langen Eins\u00e4tzen. Bei Hidalgo kannst du diese Arbeitssocken bedrucken und Socken mit Logo bestellen, ideal f\u00fcr dein Team. Gr\u00f6\u00dfen 42 EU und 46 EU, rutschfest und hygienisch durch antibakterielle Behandlung.","twitter:image":"https:\/\/shop.hidalgo.nl\/wp-content\/uploads\/2025\/11\/cropped-Hidalgo-est1993.png"},"aioseo_meta_data":{"post_id":"38655","title":null,"description":null,"keywords":null,"keyphrases":null,"primary_term":null,"canonical_url":null,"og_title":null,"og_description":null,"og_object_type":"default","og_image_type":"default","og_image_url":null,"og_image_width":null,"og_image_height":null,"og_image_custom_url":null,"og_image_custom_fields":null,"og_video":null,"og_custom_url":null,"og_article_section":null,"og_article_tags":null,"twitter_use_og":false,"twitter_card":"default","twitter_image_type":"default","twitter_image_url":null,"twitter_image_custom_url":null,"twitter_image_custom_fields":null,"twitter_title":null,"twitter_description":null,"schema":{"blockGraphs":[],"customGraphs":[],"default":{"data":{"Article":[],"Course":[],"Dataset":[],"FAQPage":[],"Movie":[],"Person":[],"Product":[],"ProductReview":[],"Car":[],"Recipe":[],"Service":[],"SoftwareApplication":[],"WebPage":[]},"graphName":"","isEnabled":true},"graphs":[]},"schema_type":"default","schema_type_options":null,"pillar_content":false,"robots_default":true,"robots_noindex":false,"robots_noarchive":false,"robots_nosnippet":false,"robots_nofollow":false,"robots_noimageindex":false,"robots_noodp":false,"robots_notranslate":false,"robots_max_snippet":null,"robots_max_videopreview":null,"robots_max_imagepreview":"large","priority":null,"frequency":null,"local_seo":null,"seo_analyzer_scan_date":"2026-01-20 13:45:34","breadcrumb_settings":null,"limit_modified_date":false,"reviewed_by":null,"open_ai":null,"ai":null,"created":"2026-01-14 06:25:28","updated":"2026-03-28 23:23:17"},"aioseo_breadcrumb":"<div class=\"aioseo-breadcrumbs\"><span class=\"aioseo-breadcrumb\">\n\t<a href=\"https:\/\/hidalgo.nl\/de\/\" title=\"Home\">Home<\/a>\n<\/span><span class=\"aioseo-breadcrumb-separator\">\u00bb<\/span><span class=\"aioseo-breadcrumb\">\n\t<a href=\"https:\/\/hidalgo.nl\/example\/\" title=\"example\">example<\/a>\n<\/span><span class=\"aioseo-breadcrumb-separator\">\u00bb<\/span><span class=\"aioseo-breadcrumb\">\n\t<a href=\"https:\/\/hidalgo.nl\/en\/product-supplier\/a403\/\" title=\"A403\">A403<\/a>\n<\/span><span class=\"aioseo-breadcrumb-separator\">\u00bb<\/span><span class=\"aioseo-breadcrumb\">\n\tES6004 \u2013 Set van 3 paar sokken NO COMPRIM\n<\/span><\/div>","aioseo_breadcrumb_json":[{"label":"Home","link":"https:\/\/hidalgo.nl\/de\/"},{"label":"example","link":"https:\/\/hidalgo.nl\/example\/"},{"label":"A403","link":"https:\/\/hidalgo.nl\/en\/product-supplier\/a403\/"},{"label":"ES6004 &#8211; Set van 3 paar sokken NO COMPRIM","link":"https:\/\/hidalgo.nl\/de\/product\/38655\/arbeitssocken-bedrucken-es6004-antibakteriell-3er-set-42-46\/"}],"_links":{"self":[{"href":"https:\/\/hidalgo.nl\/de\/wp-json\/wp\/v2\/product\/38655","targetHints":{"allow":["GET"]}}],"collection":[{"href":"https:\/\/hidalgo.nl\/de\/wp-json\/wp\/v2\/product"}],"about":[{"href":"https:\/\/hidalgo.nl\/de\/wp-json\/wp\/v2\/types\/product"}],"wp:featuredmedia":[{"embeddable":true,"href":"https:\/\/hidalgo.nl\/de\/wp-json\/wp\/v2\/media\/38656"}],"wp:attachment":[{"href":"https:\/\/hidalgo.nl\/de\/wp-json\/wp\/v2\/media?parent=38655"}],"wp:term":[{"taxonomy":"product_brand","embeddable":true,"href":"https:\/\/hidalgo.nl\/de\/wp-json\/wp\/v2\/product_brand?post=38655"},{"taxonomy":"product_cat","embeddable":true,"href":"https:\/\/hidalgo.nl\/de\/wp-json\/wp\/v2\/product_cat?post=38655"},{"taxonomy":"product_tag","embeddable":true,"href":"https:\/\/hidalgo.nl\/de\/wp-json\/wp\/v2\/product_tag?post=38655"}],"curies":[{"name":"wp","href":"https:\/\/api.w.org\/{rel}","templated":true}]}}