{"id":38638,"date":"2025-07-06T12:15:48","date_gmt":"2025-07-06T12:15:48","guid":{"rendered":"http:\/\/bidonsenshakers.pim.hidalgo.nl\/product\/es1849-sokken-sensitive\/"},"modified":"2026-03-23T12:54:33","modified_gmt":"2026-03-23T12:54:33","slug":"es1849-sokken-sensitive","status":"publish","type":"product","link":"https:\/\/hidalgo.nl\/de\/product\/38638\/socken-bedrucken-sensitive-bio-baumwolle-weich-gr-38-50\/","title":{"rendered":"ES1849 &#8211; Sokken Sensitive"},"content":{"rendered":"<p>Sokken van biologisch katoen. Zacht en comfortabel. Gekleed.<\/p>\n","protected":false},"excerpt":{"rendered":"<p>Sokken van biologisch katoen. Zacht en comfortabel. Gekleed.<\/p>\n","protected":false},"featured_media":38639,"template":"","meta":{"_acf_changed":false,"om_disable_all_campaigns":false,"_monsterinsights_skip_tracking":false,"_monsterinsights_sitenote_active":false,"_monsterinsights_sitenote_note":"","_monsterinsights_sitenote_category":0},"product_brand":[777],"product_cat":[4716,4757,4777],"product_tag":[],"class_list":{"0":"post-38638","1":"product","2":"type-product","3":"status-publish","4":"has-post-thumbnail","6":"product_supplier-a403","7":"product_brand-estex","8":"product_cat-kleding","9":"product_cat-kleding-kleding-accessoires","10":"product_cat-kleding-kleding-accessoires-sokken-schoenen","11":"entry","13":"first","14":"instock","15":"taxable","16":"shipping-taxable","17":"purchasable","18":"product-type-variable"},"acf":{"imprint_cost":[{"imprint_cost_key":"33483b79de35c41f6a5968127e3727b83ce2fe0b","product_quantity_price_range":[{"imprint_cost_recommended_selling_price":"0","imprint_cost_recommended_selling_quantity":"1"}],"product_quantity_price_range_buying":false,"imprint_cost_setup_costs":"","imprint_cost_handling_costs":""}]},"aioseo_notices":[],"aioseo_head":"\n\t\t<!-- All in One SEO Pro 4.9.6.1 - aioseo.com -->\n\t<meta name=\"description\" content=\"Angenehm weiche Bio-Socken f\u00fcr empfindliche F\u00fc\u00dfe, verf\u00fcgbar in 42 EU, 46 EU, 38 EU und 50 EU. Mit Hidalgo kannst du Socken bedrucken lassen und Werbesocken mit Logo f\u00fcr einen einheitlichen Auftritt bei Teamwear, Events &amp; Messe realisieren.\" \/>\n\t<meta name=\"robots\" content=\"max-image-preview:large\" \/>\n\t<link rel=\"canonical\" href=\"https:\/\/hidalgo.nl\/de\/wp-json\/wp\/v2\/product\/38638\" \/>\n\t<meta name=\"generator\" content=\"All in One SEO Pro (AIOSEO) 4.9.6.1\" \/>\n\t\t<meta property=\"og:locale\" content=\"de_DE\" \/>\n\t\t<meta property=\"og:site_name\" content=\"Hidalgo -\" \/>\n\t\t<meta property=\"og:type\" content=\"article\" \/>\n\t\t<meta property=\"og:title\" content=\"Socken bedrucken Sensitive Bio-Baumwolle weich Gr 38-50\" \/>\n\t\t<meta property=\"og:description\" content=\"Angenehm weiche Bio-Socken f\u00fcr empfindliche F\u00fc\u00dfe, verf\u00fcgbar in 42 EU, 46 EU, 38 EU und 50 EU. Mit Hidalgo kannst du Socken bedrucken lassen und Werbesocken mit Logo f\u00fcr einen einheitlichen Auftritt bei Teamwear, Events &amp; Messe realisieren.\" \/>\n\t\t<meta property=\"og:url\" content=\"https:\/\/hidalgo.nl\/de\/wp-json\/wp\/v2\/product\/38638\" \/>\n\t\t<meta property=\"og:image\" content=\"https:\/\/shop.hidalgo.nl\/wp-content\/uploads\/2025\/11\/cropped-Hidalgo-est1993.png\" \/>\n\t\t<meta property=\"og:image:secure_url\" content=\"https:\/\/shop.hidalgo.nl\/wp-content\/uploads\/2025\/11\/cropped-Hidalgo-est1993.png\" \/>\n\t\t<meta property=\"article:published_time\" content=\"2025-07-06T12:15:48+00:00\" \/>\n\t\t<meta property=\"article:modified_time\" content=\"2026-03-23T12:54:33+00:00\" \/>\n\t\t<meta name=\"twitter:card\" content=\"summary_large_image\" \/>\n\t\t<meta name=\"twitter:title\" content=\"Socken bedrucken Sensitive Bio-Baumwolle weich Gr 38-50\" \/>\n\t\t<meta name=\"twitter:description\" content=\"Angenehm weiche Bio-Socken f\u00fcr empfindliche F\u00fc\u00dfe, verf\u00fcgbar in 42 EU, 46 EU, 38 EU und 50 EU. Mit Hidalgo kannst du Socken bedrucken lassen und Werbesocken mit Logo f\u00fcr einen einheitlichen Auftritt bei Teamwear, Events &amp; Messe realisieren.\" \/>\n\t\t<meta name=\"twitter:image\" content=\"https:\/\/shop.hidalgo.nl\/wp-content\/uploads\/2025\/11\/cropped-Hidalgo-est1993.png\" \/>\n\t\t<script type=\"application\/ld+json\" class=\"aioseo-schema\">\n\t\t\t{\"@context\":\"https:\\\/\\\/schema.org\",\"@graph\":[{\"@type\":\"BreadcrumbList\",\"@id\":\"https:\\\/\\\/hidalgo.nl\\\/de\\\/product\\\/38638\\\/socken-bedrucken-sensitive-bio-baumwolle-weich-gr-38-50\\\/#breadcrumblist\",\"itemListElement\":[{\"@type\":\"ListItem\",\"@id\":\"https:\\\/\\\/hidalgo.nl\\\/de\\\/#listItem\",\"position\":1,\"name\":\"Home\",\"item\":\"https:\\\/\\\/hidalgo.nl\\\/de\\\/\",\"nextItem\":{\"@type\":\"ListItem\",\"@id\":\"https:\\\/\\\/hidalgo.nl\\\/example\\\/#listItem\",\"name\":\"example\"}},{\"@type\":\"ListItem\",\"@id\":\"https:\\\/\\\/hidalgo.nl\\\/example\\\/#listItem\",\"position\":2,\"name\":\"example\",\"item\":\"https:\\\/\\\/hidalgo.nl\\\/example\\\/\",\"nextItem\":{\"@type\":\"ListItem\",\"@id\":\"https:\\\/\\\/hidalgo.nl\\\/en\\\/product-supplier\\\/a403\\\/#listItem\",\"name\":\"A403\"},\"previousItem\":{\"@type\":\"ListItem\",\"@id\":\"https:\\\/\\\/hidalgo.nl\\\/de\\\/#listItem\",\"name\":\"Home\"}},{\"@type\":\"ListItem\",\"@id\":\"https:\\\/\\\/hidalgo.nl\\\/en\\\/product-supplier\\\/a403\\\/#listItem\",\"position\":3,\"name\":\"A403\",\"item\":\"https:\\\/\\\/hidalgo.nl\\\/en\\\/product-supplier\\\/a403\\\/\",\"nextItem\":{\"@type\":\"ListItem\",\"@id\":\"https:\\\/\\\/hidalgo.nl\\\/de\\\/product\\\/38638\\\/socken-bedrucken-sensitive-bio-baumwolle-weich-gr-38-50\\\/#listItem\",\"name\":\"ES1849 &#8211; Sokken Sensitive\"},\"previousItem\":{\"@type\":\"ListItem\",\"@id\":\"https:\\\/\\\/hidalgo.nl\\\/example\\\/#listItem\",\"name\":\"example\"}},{\"@type\":\"ListItem\",\"@id\":\"https:\\\/\\\/hidalgo.nl\\\/de\\\/product\\\/38638\\\/socken-bedrucken-sensitive-bio-baumwolle-weich-gr-38-50\\\/#listItem\",\"position\":4,\"name\":\"ES1849 &#8211; Sokken Sensitive\",\"previousItem\":{\"@type\":\"ListItem\",\"@id\":\"https:\\\/\\\/hidalgo.nl\\\/en\\\/product-supplier\\\/a403\\\/#listItem\",\"name\":\"A403\"}}]},{\"@type\":\"ItemPage\",\"@id\":\"https:\\\/\\\/hidalgo.nl\\\/de\\\/product\\\/38638\\\/socken-bedrucken-sensitive-bio-baumwolle-weich-gr-38-50\\\/#itempage\",\"url\":\"https:\\\/\\\/hidalgo.nl\\\/de\\\/product\\\/38638\\\/socken-bedrucken-sensitive-bio-baumwolle-weich-gr-38-50\\\/\",\"name\":\"Socken bedrucken Sensitive Bio-Baumwolle weich Gr 38-50\",\"description\":\"Angenehm weiche Bio-Socken f\\u00fcr empfindliche F\\u00fc\\u00dfe, verf\\u00fcgbar in 42 EU, 46 EU, 38 EU und 50 EU. Mit Hidalgo kannst du Socken bedrucken lassen und Werbesocken mit Logo f\\u00fcr einen einheitlichen Auftritt bei Teamwear, Events & Messe realisieren.\",\"inLanguage\":\"de-DE\",\"isPartOf\":{\"@id\":\"https:\\\/\\\/hidalgo.nl\\\/de\\\/#website\"},\"breadcrumb\":{\"@id\":\"https:\\\/\\\/hidalgo.nl\\\/de\\\/product\\\/38638\\\/socken-bedrucken-sensitive-bio-baumwolle-weich-gr-38-50\\\/#breadcrumblist\"},\"image\":{\"@type\":\"ImageObject\",\"url\":\"https:\\\/\\\/shop.hidalgo.nl\\\/wp-content\\\/uploads\\\/2025\\\/07\\\/f22c29d37314c6037801d0bdb3f223102c861c320ee7e67f94eadb8a25b50eb1.png\",\"@id\":\"https:\\\/\\\/hidalgo.nl\\\/de\\\/product\\\/38638\\\/socken-bedrucken-sensitive-bio-baumwolle-weich-gr-38-50\\\/#mainImage\",\"width\":654,\"height\":1000},\"primaryImageOfPage\":{\"@id\":\"https:\\\/\\\/hidalgo.nl\\\/de\\\/product\\\/38638\\\/socken-bedrucken-sensitive-bio-baumwolle-weich-gr-38-50\\\/#mainImage\"},\"datePublished\":\"2025-07-06T12:15:48+00:00\",\"dateModified\":\"2026-03-23T12:54:33+00:00\"},{\"@type\":\"Organization\",\"@id\":\"https:\\\/\\\/hidalgo.nl\\\/de\\\/#organization\",\"name\":\"Hidalgo\",\"url\":\"https:\\\/\\\/hidalgo.nl\\\/de\\\/\",\"logo\":{\"@type\":\"ImageObject\",\"url\":\"https:\\\/\\\/shop.hidalgo.nl\\\/wp-content\\\/uploads\\\/2025\\\/11\\\/cropped-Hidalgo-est1993.png\",\"@id\":\"https:\\\/\\\/hidalgo.nl\\\/de\\\/product\\\/38638\\\/socken-bedrucken-sensitive-bio-baumwolle-weich-gr-38-50\\\/#organizationLogo\",\"width\":585,\"height\":195},\"image\":{\"@id\":\"https:\\\/\\\/hidalgo.nl\\\/de\\\/product\\\/38638\\\/socken-bedrucken-sensitive-bio-baumwolle-weich-gr-38-50\\\/#organizationLogo\"}},{\"@type\":\"WebPage\",\"@id\":\"https:\\\/\\\/hidalgo.nl\\\/de\\\/product\\\/38638\\\/socken-bedrucken-sensitive-bio-baumwolle-weich-gr-38-50\\\/#webpage\",\"url\":\"https:\\\/\\\/hidalgo.nl\\\/de\\\/product\\\/38638\\\/socken-bedrucken-sensitive-bio-baumwolle-weich-gr-38-50\\\/\",\"name\":\"Socken bedrucken Sensitive Bio-Baumwolle weich Gr 38-50\",\"description\":\"Angenehm weiche Bio-Socken f\\u00fcr empfindliche F\\u00fc\\u00dfe, verf\\u00fcgbar in 42 EU, 46 EU, 38 EU und 50 EU. Mit Hidalgo kannst du Socken bedrucken lassen und Werbesocken mit Logo f\\u00fcr einen einheitlichen Auftritt bei Teamwear, Events & Messe realisieren.\",\"inLanguage\":\"de-DE\",\"isPartOf\":{\"@id\":\"https:\\\/\\\/hidalgo.nl\\\/de\\\/#website\"},\"breadcrumb\":{\"@id\":\"https:\\\/\\\/hidalgo.nl\\\/de\\\/product\\\/38638\\\/socken-bedrucken-sensitive-bio-baumwolle-weich-gr-38-50\\\/#breadcrumblist\"},\"image\":{\"@type\":\"ImageObject\",\"url\":\"https:\\\/\\\/shop.hidalgo.nl\\\/wp-content\\\/uploads\\\/2025\\\/07\\\/f22c29d37314c6037801d0bdb3f223102c861c320ee7e67f94eadb8a25b50eb1.png\",\"@id\":\"https:\\\/\\\/hidalgo.nl\\\/de\\\/product\\\/38638\\\/socken-bedrucken-sensitive-bio-baumwolle-weich-gr-38-50\\\/#mainImage\",\"width\":654,\"height\":1000},\"primaryImageOfPage\":{\"@id\":\"https:\\\/\\\/hidalgo.nl\\\/de\\\/product\\\/38638\\\/socken-bedrucken-sensitive-bio-baumwolle-weich-gr-38-50\\\/#mainImage\"},\"datePublished\":\"2025-07-06T12:15:48+00:00\",\"dateModified\":\"2026-03-23T12:54:33+00:00\"},{\"@type\":\"WebSite\",\"@id\":\"https:\\\/\\\/hidalgo.nl\\\/de\\\/#website\",\"url\":\"https:\\\/\\\/hidalgo.nl\\\/de\\\/\",\"name\":\"Hidalgo\",\"inLanguage\":\"de-DE\",\"publisher\":{\"@id\":\"https:\\\/\\\/hidalgo.nl\\\/de\\\/#organization\"}}]}\n\t\t<\/script>\n\t\t<!-- All in One SEO Pro -->\r\n\t\t<title>Socken bedrucken Sensitive Bio-Baumwolle weich Gr 38-50<\/title>\n\n","aioseo_head_json":{"title":"Socken bedrucken Sensitive Bio-Baumwolle weich Gr 38-50","description":"Angenehm weiche Bio-Socken f\u00fcr empfindliche F\u00fc\u00dfe, verf\u00fcgbar in 42 EU, 46 EU, 38 EU und 50 EU. Mit Hidalgo kannst du Socken bedrucken lassen und Werbesocken mit Logo f\u00fcr einen einheitlichen Auftritt bei Teamwear, Events & Messe realisieren.","canonical_url":"https:\/\/hidalgo.nl\/de\/wp-json\/wp\/v2\/product\/38638","robots":"max-image-preview:large","keywords":"","webmasterTools":{"miscellaneous":""},"schema":{"@context":"https:\/\/schema.org","@graph":[{"@type":"BreadcrumbList","@id":"https:\/\/hidalgo.nl\/de\/product\/38638\/socken-bedrucken-sensitive-bio-baumwolle-weich-gr-38-50\/#breadcrumblist","itemListElement":[{"@type":"ListItem","@id":"https:\/\/hidalgo.nl\/de\/#listItem","position":1,"name":"Home","item":"https:\/\/hidalgo.nl\/de\/","nextItem":{"@type":"ListItem","@id":"https:\/\/hidalgo.nl\/example\/#listItem","name":"example"}},{"@type":"ListItem","@id":"https:\/\/hidalgo.nl\/example\/#listItem","position":2,"name":"example","item":"https:\/\/hidalgo.nl\/example\/","nextItem":{"@type":"ListItem","@id":"https:\/\/hidalgo.nl\/en\/product-supplier\/a403\/#listItem","name":"A403"},"previousItem":{"@type":"ListItem","@id":"https:\/\/hidalgo.nl\/de\/#listItem","name":"Home"}},{"@type":"ListItem","@id":"https:\/\/hidalgo.nl\/en\/product-supplier\/a403\/#listItem","position":3,"name":"A403","item":"https:\/\/hidalgo.nl\/en\/product-supplier\/a403\/","nextItem":{"@type":"ListItem","@id":"https:\/\/hidalgo.nl\/de\/product\/38638\/socken-bedrucken-sensitive-bio-baumwolle-weich-gr-38-50\/#listItem","name":"ES1849 &#8211; Sokken Sensitive"},"previousItem":{"@type":"ListItem","@id":"https:\/\/hidalgo.nl\/example\/#listItem","name":"example"}},{"@type":"ListItem","@id":"https:\/\/hidalgo.nl\/de\/product\/38638\/socken-bedrucken-sensitive-bio-baumwolle-weich-gr-38-50\/#listItem","position":4,"name":"ES1849 &#8211; Sokken Sensitive","previousItem":{"@type":"ListItem","@id":"https:\/\/hidalgo.nl\/en\/product-supplier\/a403\/#listItem","name":"A403"}}]},{"@type":"ItemPage","@id":"https:\/\/hidalgo.nl\/de\/product\/38638\/socken-bedrucken-sensitive-bio-baumwolle-weich-gr-38-50\/#itempage","url":"https:\/\/hidalgo.nl\/de\/product\/38638\/socken-bedrucken-sensitive-bio-baumwolle-weich-gr-38-50\/","name":"Socken bedrucken Sensitive Bio-Baumwolle weich Gr 38-50","description":"Angenehm weiche Bio-Socken f\u00fcr empfindliche F\u00fc\u00dfe, verf\u00fcgbar in 42 EU, 46 EU, 38 EU und 50 EU. Mit Hidalgo kannst du Socken bedrucken lassen und Werbesocken mit Logo f\u00fcr einen einheitlichen Auftritt bei Teamwear, Events & Messe realisieren.","inLanguage":"de-DE","isPartOf":{"@id":"https:\/\/hidalgo.nl\/de\/#website"},"breadcrumb":{"@id":"https:\/\/hidalgo.nl\/de\/product\/38638\/socken-bedrucken-sensitive-bio-baumwolle-weich-gr-38-50\/#breadcrumblist"},"image":{"@type":"ImageObject","url":"https:\/\/shop.hidalgo.nl\/wp-content\/uploads\/2025\/07\/f22c29d37314c6037801d0bdb3f223102c861c320ee7e67f94eadb8a25b50eb1.png","@id":"https:\/\/hidalgo.nl\/de\/product\/38638\/socken-bedrucken-sensitive-bio-baumwolle-weich-gr-38-50\/#mainImage","width":654,"height":1000},"primaryImageOfPage":{"@id":"https:\/\/hidalgo.nl\/de\/product\/38638\/socken-bedrucken-sensitive-bio-baumwolle-weich-gr-38-50\/#mainImage"},"datePublished":"2025-07-06T12:15:48+00:00","dateModified":"2026-03-23T12:54:33+00:00"},{"@type":"Organization","@id":"https:\/\/hidalgo.nl\/de\/#organization","name":"Hidalgo","url":"https:\/\/hidalgo.nl\/de\/","logo":{"@type":"ImageObject","url":"https:\/\/shop.hidalgo.nl\/wp-content\/uploads\/2025\/11\/cropped-Hidalgo-est1993.png","@id":"https:\/\/hidalgo.nl\/de\/product\/38638\/socken-bedrucken-sensitive-bio-baumwolle-weich-gr-38-50\/#organizationLogo","width":585,"height":195},"image":{"@id":"https:\/\/hidalgo.nl\/de\/product\/38638\/socken-bedrucken-sensitive-bio-baumwolle-weich-gr-38-50\/#organizationLogo"}},{"@type":"WebPage","@id":"https:\/\/hidalgo.nl\/de\/product\/38638\/socken-bedrucken-sensitive-bio-baumwolle-weich-gr-38-50\/#webpage","url":"https:\/\/hidalgo.nl\/de\/product\/38638\/socken-bedrucken-sensitive-bio-baumwolle-weich-gr-38-50\/","name":"Socken bedrucken Sensitive Bio-Baumwolle weich Gr 38-50","description":"Angenehm weiche Bio-Socken f\u00fcr empfindliche F\u00fc\u00dfe, verf\u00fcgbar in 42 EU, 46 EU, 38 EU und 50 EU. Mit Hidalgo kannst du Socken bedrucken lassen und Werbesocken mit Logo f\u00fcr einen einheitlichen Auftritt bei Teamwear, Events & Messe realisieren.","inLanguage":"de-DE","isPartOf":{"@id":"https:\/\/hidalgo.nl\/de\/#website"},"breadcrumb":{"@id":"https:\/\/hidalgo.nl\/de\/product\/38638\/socken-bedrucken-sensitive-bio-baumwolle-weich-gr-38-50\/#breadcrumblist"},"image":{"@type":"ImageObject","url":"https:\/\/shop.hidalgo.nl\/wp-content\/uploads\/2025\/07\/f22c29d37314c6037801d0bdb3f223102c861c320ee7e67f94eadb8a25b50eb1.png","@id":"https:\/\/hidalgo.nl\/de\/product\/38638\/socken-bedrucken-sensitive-bio-baumwolle-weich-gr-38-50\/#mainImage","width":654,"height":1000},"primaryImageOfPage":{"@id":"https:\/\/hidalgo.nl\/de\/product\/38638\/socken-bedrucken-sensitive-bio-baumwolle-weich-gr-38-50\/#mainImage"},"datePublished":"2025-07-06T12:15:48+00:00","dateModified":"2026-03-23T12:54:33+00:00"},{"@type":"WebSite","@id":"https:\/\/hidalgo.nl\/de\/#website","url":"https:\/\/hidalgo.nl\/de\/","name":"Hidalgo","inLanguage":"de-DE","publisher":{"@id":"https:\/\/hidalgo.nl\/de\/#organization"}}]},"og:locale":"de_DE","og:site_name":"Hidalgo -","og:type":"article","og:title":"Socken bedrucken Sensitive Bio-Baumwolle weich Gr 38-50","og:description":"Angenehm weiche Bio-Socken f\u00fcr empfindliche F\u00fc\u00dfe, verf\u00fcgbar in 42 EU, 46 EU, 38 EU und 50 EU. Mit Hidalgo kannst du Socken bedrucken lassen und Werbesocken mit Logo f\u00fcr einen einheitlichen Auftritt bei Teamwear, Events &amp; Messe realisieren.","og:url":"https:\/\/hidalgo.nl\/de\/wp-json\/wp\/v2\/product\/38638","og:image":"https:\/\/shop.hidalgo.nl\/wp-content\/uploads\/2025\/11\/cropped-Hidalgo-est1993.png","og:image:secure_url":"https:\/\/shop.hidalgo.nl\/wp-content\/uploads\/2025\/11\/cropped-Hidalgo-est1993.png","article:published_time":"2025-07-06T12:15:48+00:00","article:modified_time":"2026-03-23T12:54:33+00:00","twitter:card":"summary_large_image","twitter:title":"Socken bedrucken Sensitive Bio-Baumwolle weich Gr 38-50","twitter:description":"Angenehm weiche Bio-Socken f\u00fcr empfindliche F\u00fc\u00dfe, verf\u00fcgbar in 42 EU, 46 EU, 38 EU und 50 EU. Mit Hidalgo kannst du Socken bedrucken lassen und Werbesocken mit Logo f\u00fcr einen einheitlichen Auftritt bei Teamwear, Events &amp; Messe realisieren.","twitter:image":"https:\/\/shop.hidalgo.nl\/wp-content\/uploads\/2025\/11\/cropped-Hidalgo-est1993.png"},"aioseo_meta_data":{"post_id":"38638","title":null,"description":null,"keywords":null,"keyphrases":null,"primary_term":null,"canonical_url":null,"og_title":null,"og_description":null,"og_object_type":"default","og_image_type":"default","og_image_url":null,"og_image_width":null,"og_image_height":null,"og_image_custom_url":null,"og_image_custom_fields":null,"og_video":null,"og_custom_url":null,"og_article_section":null,"og_article_tags":null,"twitter_use_og":false,"twitter_card":"default","twitter_image_type":"default","twitter_image_url":null,"twitter_image_custom_url":null,"twitter_image_custom_fields":null,"twitter_title":null,"twitter_description":null,"schema":{"blockGraphs":[],"customGraphs":[],"default":{"data":{"Article":[],"Course":[],"Dataset":[],"FAQPage":[],"Movie":[],"Person":[],"Product":[],"ProductReview":[],"Car":[],"Recipe":[],"Service":[],"SoftwareApplication":[],"WebPage":[]},"graphName":"","isEnabled":true},"graphs":[]},"schema_type":"default","schema_type_options":null,"pillar_content":false,"robots_default":true,"robots_noindex":false,"robots_noarchive":false,"robots_nosnippet":false,"robots_nofollow":false,"robots_noimageindex":false,"robots_noodp":false,"robots_notranslate":false,"robots_max_snippet":null,"robots_max_videopreview":null,"robots_max_imagepreview":"large","priority":null,"frequency":null,"local_seo":null,"seo_analyzer_scan_date":"2026-01-20 13:45:34","breadcrumb_settings":null,"limit_modified_date":false,"reviewed_by":null,"open_ai":null,"ai":null,"created":"2026-01-14 06:25:28","updated":"2026-03-28 23:23:17"},"aioseo_breadcrumb":"<div class=\"aioseo-breadcrumbs\"><span class=\"aioseo-breadcrumb\">\n\t<a href=\"https:\/\/hidalgo.nl\/de\/\" title=\"Home\">Home<\/a>\n<\/span><span class=\"aioseo-breadcrumb-separator\">\u00bb<\/span><span class=\"aioseo-breadcrumb\">\n\t<a href=\"https:\/\/hidalgo.nl\/example\/\" title=\"example\">example<\/a>\n<\/span><span class=\"aioseo-breadcrumb-separator\">\u00bb<\/span><span class=\"aioseo-breadcrumb\">\n\t<a href=\"https:\/\/hidalgo.nl\/en\/product-supplier\/a403\/\" title=\"A403\">A403<\/a>\n<\/span><span class=\"aioseo-breadcrumb-separator\">\u00bb<\/span><span class=\"aioseo-breadcrumb\">\n\tES1849 \u2013 Sokken Sensitive\n<\/span><\/div>","aioseo_breadcrumb_json":[{"label":"Home","link":"https:\/\/hidalgo.nl\/de\/"},{"label":"example","link":"https:\/\/hidalgo.nl\/example\/"},{"label":"A403","link":"https:\/\/hidalgo.nl\/en\/product-supplier\/a403\/"},{"label":"ES1849 &#8211; Sokken Sensitive","link":"https:\/\/hidalgo.nl\/de\/product\/38638\/socken-bedrucken-sensitive-bio-baumwolle-weich-gr-38-50\/"}],"_links":{"self":[{"href":"https:\/\/hidalgo.nl\/de\/wp-json\/wp\/v2\/product\/38638","targetHints":{"allow":["GET"]}}],"collection":[{"href":"https:\/\/hidalgo.nl\/de\/wp-json\/wp\/v2\/product"}],"about":[{"href":"https:\/\/hidalgo.nl\/de\/wp-json\/wp\/v2\/types\/product"}],"wp:featuredmedia":[{"embeddable":true,"href":"https:\/\/hidalgo.nl\/de\/wp-json\/wp\/v2\/media\/38639"}],"wp:attachment":[{"href":"https:\/\/hidalgo.nl\/de\/wp-json\/wp\/v2\/media?parent=38638"}],"wp:term":[{"taxonomy":"product_brand","embeddable":true,"href":"https:\/\/hidalgo.nl\/de\/wp-json\/wp\/v2\/product_brand?post=38638"},{"taxonomy":"product_cat","embeddable":true,"href":"https:\/\/hidalgo.nl\/de\/wp-json\/wp\/v2\/product_cat?post=38638"},{"taxonomy":"product_tag","embeddable":true,"href":"https:\/\/hidalgo.nl\/de\/wp-json\/wp\/v2\/product_tag?post=38638"}],"curies":[{"name":"wp","href":"https:\/\/api.w.org\/{rel}","templated":true}]}}