{"id":383,"date":"2025-05-16T09:37:08","date_gmt":"2025-05-16T09:37:08","guid":{"rendered":"https:\/\/bidonsenshakers.pim.hidalgo.nl\/product\/kurken-bagagelabel-makai\/"},"modified":"2026-03-16T18:18:22","modified_gmt":"2026-03-16T18:18:22","slug":"kurken-bagagelabel-makai","status":"publish","type":"product","link":"https:\/\/hidalgo.nl\/de\/product\/383\/kofferanhaenger-makai-bedrucken-nachhaltig-kork-einheitsgroesse\/","title":{"rendered":"Kurken bagagelabel Makai"},"content":{"rendered":"<p>Kurken bagagelabel met elastische band. Kaartinzetstuk voor persoonlijke gegevens (naam, adres, stad\/provincie en telefoonnummer). Individueel verpakt in polybag.<\/p>\n","protected":false},"excerpt":{"rendered":"<p>Kurken bagagelabel met elastische band. Kaartinzetstuk voor persoonlijke gegevens (naam, adres, stad\/provincie en telefoonnummer). Individueel verpakt in polybag.<\/p>\n","protected":false},"featured_media":384,"template":"","meta":{"_acf_changed":false,"om_disable_all_campaigns":false,"_monsterinsights_skip_tracking":false,"_monsterinsights_sitenote_active":false,"_monsterinsights_sitenote_note":"","_monsterinsights_sitenote_category":0},"product_brand":[49],"product_cat":[4719,4853,4774],"product_tag":[],"class_list":{"0":"post-383","1":"product","2":"type-product","3":"status-publish","4":"has-post-thumbnail","6":"product_supplier-a58","7":"product_material-kurk","8":"product_material-papier","9":"product_material-pvc","10":"product_material-rubber","11":"product_brand-impression","12":"product_cat-promotionele-artikelen","13":"product_cat-reis-accessoires","14":"product_cat-promotionele-artikelen-vrije-tijd","15":"entry","17":"first","18":"instock","19":"taxable","20":"shipping-taxable","21":"purchasable","22":"product-type-variable"},"acf":{"imprint_cost":[{"imprint_cost_key":"900185d9e663dad8a5e83009cafa923b164d76cd","product_quantity_price_range":[{"imprint_cost_recommended_selling_price":"2.66","imprint_cost_recommended_selling_quantity":"1"},{"imprint_cost_recommended_selling_price":"1.63","imprint_cost_recommended_selling_quantity":"25"},{"imprint_cost_recommended_selling_price":"1.22","imprint_cost_recommended_selling_quantity":"50"},{"imprint_cost_recommended_selling_price":"0.88","imprint_cost_recommended_selling_quantity":"100"},{"imprint_cost_recommended_selling_price":"0.52","imprint_cost_recommended_selling_quantity":"250"},{"imprint_cost_recommended_selling_price":"0.43","imprint_cost_recommended_selling_quantity":"500"},{"imprint_cost_recommended_selling_price":"0.37","imprint_cost_recommended_selling_quantity":"1000"},{"imprint_cost_recommended_selling_price":"0.29","imprint_cost_recommended_selling_quantity":"2500"}],"product_quantity_price_range_buying":false,"imprint_cost_setup_costs":"30.77","imprint_cost_handling_costs":"0.2"},{"imprint_cost_key":"15cca793220642198d6a2de79e0b26c07e48cafc","product_quantity_price_range":[{"imprint_cost_recommended_selling_price":"5.43","imprint_cost_recommended_selling_quantity":"1"},{"imprint_cost_recommended_selling_price":"2.83","imprint_cost_recommended_selling_quantity":"25"},{"imprint_cost_recommended_selling_price":"1.29","imprint_cost_recommended_selling_quantity":"50"},{"imprint_cost_recommended_selling_price":"0.49","imprint_cost_recommended_selling_quantity":"100"},{"imprint_cost_recommended_selling_price":"0.35","imprint_cost_recommended_selling_quantity":"250"},{"imprint_cost_recommended_selling_price":"0.28","imprint_cost_recommended_selling_quantity":"500"},{"imprint_cost_recommended_selling_price":"0.2","imprint_cost_recommended_selling_quantity":"1000"},{"imprint_cost_recommended_selling_price":"0.18","imprint_cost_recommended_selling_quantity":"5000"}],"product_quantity_price_range_buying":false,"imprint_cost_setup_costs":"52.31","imprint_cost_handling_costs":"0.2"},{"imprint_cost_key":"599447cdd47e78fdf6b264f9081c443eae098d77","product_quantity_price_range":[{"imprint_cost_recommended_selling_price":"10.26","imprint_cost_recommended_selling_quantity":"1"},{"imprint_cost_recommended_selling_price":"5.35","imprint_cost_recommended_selling_quantity":"25"},{"imprint_cost_recommended_selling_price":"2.4","imprint_cost_recommended_selling_quantity":"50"},{"imprint_cost_recommended_selling_price":"0.84","imprint_cost_recommended_selling_quantity":"100"},{"imprint_cost_recommended_selling_price":"0.63","imprint_cost_recommended_selling_quantity":"250"},{"imprint_cost_recommended_selling_price":"0.53","imprint_cost_recommended_selling_quantity":"500"},{"imprint_cost_recommended_selling_price":"0.38","imprint_cost_recommended_selling_quantity":"1000"},{"imprint_cost_recommended_selling_price":"0.35","imprint_cost_recommended_selling_quantity":"5000"},{"imprint_cost_recommended_selling_price":"0.32","imprint_cost_recommended_selling_quantity":"10000"}],"product_quantity_price_range_buying":false,"imprint_cost_setup_costs":"104.62","imprint_cost_handling_costs":"0.2"}]},"aioseo_notices":[],"aioseo_head":"\n\t\t<!-- All in One SEO Pro 4.9.6.2 - aioseo.com -->\n\t<meta name=\"description\" content=\"Mit dem Makai entscheidest du dich f\u00fcr nachhaltiges Reisegep\u00e4ck Zubeh\u00f6r, das durch deine individuelle Gestaltung zum Unikat wird. Lass diesen Kork Gep\u00e4ckanh\u00e4nger mit Logo oftmals bedrucken, um deine Taschen am Flughafen schnell zu identifizieren &amp; stilvoll zu kennzeichnen.\" \/>\n\t<meta name=\"robots\" content=\"max-image-preview:large\" \/>\n\t<link rel=\"canonical\" href=\"https:\/\/hidalgo.nl\/de\/wp-json\/wp\/v2\/product\/383\" \/>\n\t<meta name=\"generator\" content=\"All in One SEO Pro (AIOSEO) 4.9.6.2\" \/>\n\t\t<meta property=\"og:locale\" content=\"de_DE\" \/>\n\t\t<meta property=\"og:site_name\" content=\"Hidalgo -\" \/>\n\t\t<meta property=\"og:type\" content=\"article\" \/>\n\t\t<meta property=\"og:title\" content=\"Kofferanh\u00e4nger Makai bedrucken nachhaltig Kork Einheitsgr\u00f6\u00dfe\" \/>\n\t\t<meta property=\"og:description\" content=\"Mit dem Makai entscheidest du dich f\u00fcr nachhaltiges Reisegep\u00e4ck Zubeh\u00f6r, das durch deine individuelle Gestaltung zum Unikat wird. Lass diesen Kork Gep\u00e4ckanh\u00e4nger mit Logo oftmals bedrucken, um deine Taschen am Flughafen schnell zu identifizieren &amp; stilvoll zu kennzeichnen.\" \/>\n\t\t<meta property=\"og:url\" content=\"https:\/\/hidalgo.nl\/de\/wp-json\/wp\/v2\/product\/383\" \/>\n\t\t<meta property=\"og:image\" content=\"https:\/\/shop.hidalgo.nl\/wp-content\/uploads\/2025\/11\/cropped-Hidalgo-est1993.png\" \/>\n\t\t<meta property=\"og:image:secure_url\" content=\"https:\/\/shop.hidalgo.nl\/wp-content\/uploads\/2025\/11\/cropped-Hidalgo-est1993.png\" \/>\n\t\t<meta property=\"article:published_time\" content=\"2025-05-16T09:37:08+00:00\" \/>\n\t\t<meta property=\"article:modified_time\" content=\"2026-03-16T18:18:22+00:00\" \/>\n\t\t<meta name=\"twitter:card\" content=\"summary_large_image\" \/>\n\t\t<meta name=\"twitter:title\" content=\"Kofferanh\u00e4nger Makai bedrucken nachhaltig Kork Einheitsgr\u00f6\u00dfe\" \/>\n\t\t<meta name=\"twitter:description\" content=\"Mit dem Makai entscheidest du dich f\u00fcr nachhaltiges Reisegep\u00e4ck Zubeh\u00f6r, das durch deine individuelle Gestaltung zum Unikat wird. Lass diesen Kork Gep\u00e4ckanh\u00e4nger mit Logo oftmals bedrucken, um deine Taschen am Flughafen schnell zu identifizieren &amp; stilvoll zu kennzeichnen.\" \/>\n\t\t<meta name=\"twitter:image\" content=\"https:\/\/shop.hidalgo.nl\/wp-content\/uploads\/2025\/11\/cropped-Hidalgo-est1993.png\" \/>\n\t\t<script type=\"application\/ld+json\" class=\"aioseo-schema\">\n\t\t\t{\"@context\":\"https:\\\/\\\/schema.org\",\"@graph\":[{\"@type\":\"BreadcrumbList\",\"@id\":\"https:\\\/\\\/hidalgo.nl\\\/de\\\/product\\\/383\\\/kofferanhaenger-makai-bedrucken-nachhaltig-kork-einheitsgroesse\\\/#breadcrumblist\",\"itemListElement\":[{\"@type\":\"ListItem\",\"@id\":\"https:\\\/\\\/hidalgo.nl\\\/de\\\/#listItem\",\"position\":1,\"name\":\"Home\",\"item\":\"https:\\\/\\\/hidalgo.nl\\\/de\\\/\",\"nextItem\":{\"@type\":\"ListItem\",\"@id\":\"https:\\\/\\\/hidalgo.nl\\\/example\\\/#listItem\",\"name\":\"example\"}},{\"@type\":\"ListItem\",\"@id\":\"https:\\\/\\\/hidalgo.nl\\\/example\\\/#listItem\",\"position\":2,\"name\":\"example\",\"item\":\"https:\\\/\\\/hidalgo.nl\\\/example\\\/\",\"nextItem\":{\"@type\":\"ListItem\",\"@id\":\"https:\\\/\\\/hidalgo.nl\\\/en\\\/product-supplier\\\/a58\\\/#listItem\",\"name\":\"A58\"},\"previousItem\":{\"@type\":\"ListItem\",\"@id\":\"https:\\\/\\\/hidalgo.nl\\\/de\\\/#listItem\",\"name\":\"Home\"}},{\"@type\":\"ListItem\",\"@id\":\"https:\\\/\\\/hidalgo.nl\\\/en\\\/product-supplier\\\/a58\\\/#listItem\",\"position\":3,\"name\":\"A58\",\"item\":\"https:\\\/\\\/hidalgo.nl\\\/en\\\/product-supplier\\\/a58\\\/\",\"nextItem\":{\"@type\":\"ListItem\",\"@id\":\"https:\\\/\\\/hidalgo.nl\\\/de\\\/product\\\/383\\\/kofferanhaenger-makai-bedrucken-nachhaltig-kork-einheitsgroesse\\\/#listItem\",\"name\":\"Kurken bagagelabel Makai\"},\"previousItem\":{\"@type\":\"ListItem\",\"@id\":\"https:\\\/\\\/hidalgo.nl\\\/example\\\/#listItem\",\"name\":\"example\"}},{\"@type\":\"ListItem\",\"@id\":\"https:\\\/\\\/hidalgo.nl\\\/de\\\/product\\\/383\\\/kofferanhaenger-makai-bedrucken-nachhaltig-kork-einheitsgroesse\\\/#listItem\",\"position\":4,\"name\":\"Kurken bagagelabel Makai\",\"previousItem\":{\"@type\":\"ListItem\",\"@id\":\"https:\\\/\\\/hidalgo.nl\\\/en\\\/product-supplier\\\/a58\\\/#listItem\",\"name\":\"A58\"}}]},{\"@type\":\"Organization\",\"@id\":\"https:\\\/\\\/hidalgo.nl\\\/de\\\/#organization\",\"name\":\"Hidalgo\",\"url\":\"https:\\\/\\\/hidalgo.nl\\\/de\\\/\",\"logo\":{\"@type\":\"ImageObject\",\"url\":\"https:\\\/\\\/shop.hidalgo.nl\\\/wp-content\\\/uploads\\\/2025\\\/11\\\/cropped-Hidalgo-est1993.png\",\"@id\":\"https:\\\/\\\/hidalgo.nl\\\/de\\\/product\\\/383\\\/kofferanhaenger-makai-bedrucken-nachhaltig-kork-einheitsgroesse\\\/#organizationLogo\",\"width\":585,\"height\":195},\"image\":{\"@id\":\"https:\\\/\\\/hidalgo.nl\\\/de\\\/product\\\/383\\\/kofferanhaenger-makai-bedrucken-nachhaltig-kork-einheitsgroesse\\\/#organizationLogo\"}},{\"@type\":\"ProductGroup\",\"@id\":\"https:\\\/\\\/hidalgo.nl\\\/de\\\/product\\\/383\\\/kofferanhaenger-makai-bedrucken-nachhaltig-kork-einheitsgroesse\\\/#wooCommerceProduct\",\"name\":\"Kofferanh\\u00e4nger Makai bedrucken nachhaltig Kork Einheitsgr\\u00f6\\u00dfe\",\"url\":\"https:\\\/\\\/hidalgo.nl\\\/de\\\/product\\\/383\\\/kofferanhaenger-makai-bedrucken-nachhaltig-kork-einheitsgroesse\\\/\",\"brand\":{\"@type\":\"Brand\",\"name\":\"IMPRESSION\"},\"sku\":\"A58-1014861\",\"image\":{\"@type\":\"ImageObject\",\"url\":\"https:\\\/\\\/shop.hidalgo.nl\\\/wp-content\\\/uploads\\\/2025\\\/04\\\/994333329fd06b1ede20f498419e156f2cb45ce6a0c0f0c2d73d991899294954.jpg\",\"@id\":\"https:\\\/\\\/hidalgo.nl\\\/de\\\/product\\\/383\\\/kofferanhaenger-makai-bedrucken-nachhaltig-kork-einheitsgroesse\\\/#productImage\"},\"productGroupID\":383,\"hasVariant\":[{\"@type\":\"Product\",\"@id\":\"https:\\\/\\\/hidalgo.nl\\\/de\\\/product\\\/383\\\/kofferanhaenger-makai-bedrucken-nachhaltig-kork-einheitsgroesse\\\/#wooCommerceProduct\",\"name\":\"Kurken bagagelabel Makai - bruin,\",\"url\":\"https:\\\/\\\/hidalgo.nl\\\/de\\\/product\\\/383\\\/kofferanhaenger-makai-bedrucken-nachhaltig-kork-einheitsgroesse\\\/\",\"sku\":\"A58-1014861-011999999\",\"gtin\":\"8719446062900\",\"image\":{\"@type\":\"ImageObject\",\"url\":\"https:\\\/\\\/shop.hidalgo.nl\\\/wp-content\\\/uploads\\\/2025\\\/04\\\/99d4a52687e2627fbf48f0ab289b5758a239acd44455d9727ef56ae09fbb2649.jpg\",\"@id\":\"https:\\\/\\\/hidalgo.nl\\\/de\\\/product\\\/383\\\/kofferanhaenger-makai-bedrucken-nachhaltig-kork-einheitsgroesse\\\/#productImage\"},\"offers\":{\"@type\":\"Offer\",\"url\":\"https:\\\/\\\/hidalgo.nl\\\/de\\\/product\\\/383\\\/kofferanhaenger-makai-bedrucken-nachhaltig-kork-einheitsgroesse\\\/#wooCommerceOffer\",\"price\":\"1.37\",\"priceCurrency\":\"EUR\",\"category\":\"Promotionele Artikelen\",\"availability\":\"https:\\\/\\\/schema.org\\\/InStock\",\"priceSpecification\":{\"@type\":\"PriceSpecification\",\"price\":1.37,\"priceCurrency\":\"EUR\",\"valueAddedTaxIncluded\":\"true\"}}}]},{\"@type\":\"WebPage\",\"@id\":\"https:\\\/\\\/hidalgo.nl\\\/de\\\/product\\\/383\\\/kofferanhaenger-makai-bedrucken-nachhaltig-kork-einheitsgroesse\\\/#webpage\",\"url\":\"https:\\\/\\\/hidalgo.nl\\\/de\\\/product\\\/383\\\/kofferanhaenger-makai-bedrucken-nachhaltig-kork-einheitsgroesse\\\/\",\"name\":\"Kofferanh\\u00e4nger Makai bedrucken nachhaltig Kork Einheitsgr\\u00f6\\u00dfe\",\"description\":\"Mit dem Makai entscheidest du dich f\\u00fcr nachhaltiges Reisegep\\u00e4ck Zubeh\\u00f6r, das durch deine individuelle Gestaltung zum Unikat wird. Lass diesen Kork Gep\\u00e4ckanh\\u00e4nger mit Logo oftmals bedrucken, um deine Taschen am Flughafen schnell zu identifizieren & stilvoll zu kennzeichnen.\",\"inLanguage\":\"de-DE\",\"isPartOf\":{\"@id\":\"https:\\\/\\\/hidalgo.nl\\\/de\\\/#website\"},\"breadcrumb\":{\"@id\":\"https:\\\/\\\/hidalgo.nl\\\/de\\\/product\\\/383\\\/kofferanhaenger-makai-bedrucken-nachhaltig-kork-einheitsgroesse\\\/#breadcrumblist\"},\"image\":{\"@type\":\"ImageObject\",\"url\":\"https:\\\/\\\/shop.hidalgo.nl\\\/wp-content\\\/uploads\\\/2025\\\/04\\\/994333329fd06b1ede20f498419e156f2cb45ce6a0c0f0c2d73d991899294954.jpg\",\"@id\":\"https:\\\/\\\/hidalgo.nl\\\/de\\\/product\\\/383\\\/kofferanhaenger-makai-bedrucken-nachhaltig-kork-einheitsgroesse\\\/#mainImage\"},\"primaryImageOfPage\":{\"@id\":\"https:\\\/\\\/hidalgo.nl\\\/de\\\/product\\\/383\\\/kofferanhaenger-makai-bedrucken-nachhaltig-kork-einheitsgroesse\\\/#mainImage\"},\"datePublished\":\"2025-05-16T09:37:08+00:00\",\"dateModified\":\"2026-03-16T18:18:22+00:00\"},{\"@type\":\"WebSite\",\"@id\":\"https:\\\/\\\/hidalgo.nl\\\/de\\\/#website\",\"url\":\"https:\\\/\\\/hidalgo.nl\\\/de\\\/\",\"name\":\"Hidalgo\",\"inLanguage\":\"de-DE\",\"publisher\":{\"@id\":\"https:\\\/\\\/hidalgo.nl\\\/de\\\/#organization\"}}]}\n\t\t<\/script>\n\t\t<!-- All in One SEO Pro -->\r\n\t\t<title>Kofferanh\u00e4nger Makai bedrucken nachhaltig Kork Einheitsgr\u00f6\u00dfe<\/title>\n\n","aioseo_head_json":{"title":"Kofferanh\u00e4nger Makai bedrucken nachhaltig Kork Einheitsgr\u00f6\u00dfe","description":"Mit dem Makai entscheidest du dich f\u00fcr nachhaltiges Reisegep\u00e4ck Zubeh\u00f6r, das durch deine individuelle Gestaltung zum Unikat wird. Lass diesen Kork Gep\u00e4ckanh\u00e4nger mit Logo oftmals bedrucken, um deine Taschen am Flughafen schnell zu identifizieren & stilvoll zu kennzeichnen.","canonical_url":"https:\/\/hidalgo.nl\/de\/wp-json\/wp\/v2\/product\/383","robots":"max-image-preview:large","keywords":"","webmasterTools":{"miscellaneous":""},"schema":{"@context":"https:\/\/schema.org","@graph":[{"@type":"BreadcrumbList","@id":"https:\/\/hidalgo.nl\/de\/product\/383\/kofferanhaenger-makai-bedrucken-nachhaltig-kork-einheitsgroesse\/#breadcrumblist","itemListElement":[{"@type":"ListItem","@id":"https:\/\/hidalgo.nl\/de\/#listItem","position":1,"name":"Home","item":"https:\/\/hidalgo.nl\/de\/","nextItem":{"@type":"ListItem","@id":"https:\/\/hidalgo.nl\/example\/#listItem","name":"example"}},{"@type":"ListItem","@id":"https:\/\/hidalgo.nl\/example\/#listItem","position":2,"name":"example","item":"https:\/\/hidalgo.nl\/example\/","nextItem":{"@type":"ListItem","@id":"https:\/\/hidalgo.nl\/en\/product-supplier\/a58\/#listItem","name":"A58"},"previousItem":{"@type":"ListItem","@id":"https:\/\/hidalgo.nl\/de\/#listItem","name":"Home"}},{"@type":"ListItem","@id":"https:\/\/hidalgo.nl\/en\/product-supplier\/a58\/#listItem","position":3,"name":"A58","item":"https:\/\/hidalgo.nl\/en\/product-supplier\/a58\/","nextItem":{"@type":"ListItem","@id":"https:\/\/hidalgo.nl\/de\/product\/383\/kofferanhaenger-makai-bedrucken-nachhaltig-kork-einheitsgroesse\/#listItem","name":"Kurken bagagelabel Makai"},"previousItem":{"@type":"ListItem","@id":"https:\/\/hidalgo.nl\/example\/#listItem","name":"example"}},{"@type":"ListItem","@id":"https:\/\/hidalgo.nl\/de\/product\/383\/kofferanhaenger-makai-bedrucken-nachhaltig-kork-einheitsgroesse\/#listItem","position":4,"name":"Kurken bagagelabel Makai","previousItem":{"@type":"ListItem","@id":"https:\/\/hidalgo.nl\/en\/product-supplier\/a58\/#listItem","name":"A58"}}]},{"@type":"Organization","@id":"https:\/\/hidalgo.nl\/de\/#organization","name":"Hidalgo","url":"https:\/\/hidalgo.nl\/de\/","logo":{"@type":"ImageObject","url":"https:\/\/shop.hidalgo.nl\/wp-content\/uploads\/2025\/11\/cropped-Hidalgo-est1993.png","@id":"https:\/\/hidalgo.nl\/de\/product\/383\/kofferanhaenger-makai-bedrucken-nachhaltig-kork-einheitsgroesse\/#organizationLogo","width":585,"height":195},"image":{"@id":"https:\/\/hidalgo.nl\/de\/product\/383\/kofferanhaenger-makai-bedrucken-nachhaltig-kork-einheitsgroesse\/#organizationLogo"}},{"@type":"ProductGroup","@id":"https:\/\/hidalgo.nl\/de\/product\/383\/kofferanhaenger-makai-bedrucken-nachhaltig-kork-einheitsgroesse\/#wooCommerceProduct","name":"Kofferanh\u00e4nger Makai bedrucken nachhaltig Kork Einheitsgr\u00f6\u00dfe","url":"https:\/\/hidalgo.nl\/de\/product\/383\/kofferanhaenger-makai-bedrucken-nachhaltig-kork-einheitsgroesse\/","brand":{"@type":"Brand","name":"IMPRESSION"},"sku":"A58-1014861","image":{"@type":"ImageObject","url":"https:\/\/shop.hidalgo.nl\/wp-content\/uploads\/2025\/04\/994333329fd06b1ede20f498419e156f2cb45ce6a0c0f0c2d73d991899294954.jpg","@id":"https:\/\/hidalgo.nl\/de\/product\/383\/kofferanhaenger-makai-bedrucken-nachhaltig-kork-einheitsgroesse\/#productImage"},"productGroupID":383,"hasVariant":[{"@type":"Product","@id":"https:\/\/hidalgo.nl\/de\/product\/383\/kofferanhaenger-makai-bedrucken-nachhaltig-kork-einheitsgroesse\/#wooCommerceProduct","name":"Kurken bagagelabel Makai - bruin,","url":"https:\/\/hidalgo.nl\/de\/product\/383\/kofferanhaenger-makai-bedrucken-nachhaltig-kork-einheitsgroesse\/","sku":"A58-1014861-011999999","gtin":"8719446062900","image":{"@type":"ImageObject","url":"https:\/\/shop.hidalgo.nl\/wp-content\/uploads\/2025\/04\/99d4a52687e2627fbf48f0ab289b5758a239acd44455d9727ef56ae09fbb2649.jpg","@id":"https:\/\/hidalgo.nl\/de\/product\/383\/kofferanhaenger-makai-bedrucken-nachhaltig-kork-einheitsgroesse\/#productImage"},"offers":{"@type":"Offer","url":"https:\/\/hidalgo.nl\/de\/product\/383\/kofferanhaenger-makai-bedrucken-nachhaltig-kork-einheitsgroesse\/#wooCommerceOffer","price":"1.37","priceCurrency":"EUR","category":"Promotionele Artikelen","availability":"https:\/\/schema.org\/InStock","priceSpecification":{"@type":"PriceSpecification","price":1.37,"priceCurrency":"EUR","valueAddedTaxIncluded":"true"}}}]},{"@type":"WebPage","@id":"https:\/\/hidalgo.nl\/de\/product\/383\/kofferanhaenger-makai-bedrucken-nachhaltig-kork-einheitsgroesse\/#webpage","url":"https:\/\/hidalgo.nl\/de\/product\/383\/kofferanhaenger-makai-bedrucken-nachhaltig-kork-einheitsgroesse\/","name":"Kofferanh\u00e4nger Makai bedrucken nachhaltig Kork Einheitsgr\u00f6\u00dfe","description":"Mit dem Makai entscheidest du dich f\u00fcr nachhaltiges Reisegep\u00e4ck Zubeh\u00f6r, das durch deine individuelle Gestaltung zum Unikat wird. Lass diesen Kork Gep\u00e4ckanh\u00e4nger mit Logo oftmals bedrucken, um deine Taschen am Flughafen schnell zu identifizieren & stilvoll zu kennzeichnen.","inLanguage":"de-DE","isPartOf":{"@id":"https:\/\/hidalgo.nl\/de\/#website"},"breadcrumb":{"@id":"https:\/\/hidalgo.nl\/de\/product\/383\/kofferanhaenger-makai-bedrucken-nachhaltig-kork-einheitsgroesse\/#breadcrumblist"},"image":{"@type":"ImageObject","url":"https:\/\/shop.hidalgo.nl\/wp-content\/uploads\/2025\/04\/994333329fd06b1ede20f498419e156f2cb45ce6a0c0f0c2d73d991899294954.jpg","@id":"https:\/\/hidalgo.nl\/de\/product\/383\/kofferanhaenger-makai-bedrucken-nachhaltig-kork-einheitsgroesse\/#mainImage"},"primaryImageOfPage":{"@id":"https:\/\/hidalgo.nl\/de\/product\/383\/kofferanhaenger-makai-bedrucken-nachhaltig-kork-einheitsgroesse\/#mainImage"},"datePublished":"2025-05-16T09:37:08+00:00","dateModified":"2026-03-16T18:18:22+00:00"},{"@type":"WebSite","@id":"https:\/\/hidalgo.nl\/de\/#website","url":"https:\/\/hidalgo.nl\/de\/","name":"Hidalgo","inLanguage":"de-DE","publisher":{"@id":"https:\/\/hidalgo.nl\/de\/#organization"}}]},"og:locale":"de_DE","og:site_name":"Hidalgo -","og:type":"article","og:title":"Kofferanh\u00e4nger Makai bedrucken nachhaltig Kork Einheitsgr\u00f6\u00dfe","og:description":"Mit dem Makai entscheidest du dich f\u00fcr nachhaltiges Reisegep\u00e4ck Zubeh\u00f6r, das durch deine individuelle Gestaltung zum Unikat wird. Lass diesen Kork Gep\u00e4ckanh\u00e4nger mit Logo oftmals bedrucken, um deine Taschen am Flughafen schnell zu identifizieren &amp; stilvoll zu kennzeichnen.","og:url":"https:\/\/hidalgo.nl\/de\/wp-json\/wp\/v2\/product\/383","og:image":"https:\/\/shop.hidalgo.nl\/wp-content\/uploads\/2025\/11\/cropped-Hidalgo-est1993.png","og:image:secure_url":"https:\/\/shop.hidalgo.nl\/wp-content\/uploads\/2025\/11\/cropped-Hidalgo-est1993.png","article:published_time":"2025-05-16T09:37:08+00:00","article:modified_time":"2026-03-16T18:18:22+00:00","twitter:card":"summary_large_image","twitter:title":"Kofferanh\u00e4nger Makai bedrucken nachhaltig Kork Einheitsgr\u00f6\u00dfe","twitter:description":"Mit dem Makai entscheidest du dich f\u00fcr nachhaltiges Reisegep\u00e4ck Zubeh\u00f6r, das durch deine individuelle Gestaltung zum Unikat wird. Lass diesen Kork Gep\u00e4ckanh\u00e4nger mit Logo oftmals bedrucken, um deine Taschen am Flughafen schnell zu identifizieren &amp; stilvoll zu kennzeichnen.","twitter:image":"https:\/\/shop.hidalgo.nl\/wp-content\/uploads\/2025\/11\/cropped-Hidalgo-est1993.png"},"aioseo_meta_data":{"post_id":"383","title":null,"description":null,"keywords":null,"keyphrases":null,"primary_term":null,"canonical_url":null,"og_title":null,"og_description":null,"og_object_type":"default","og_image_type":"default","og_image_url":null,"og_image_width":null,"og_image_height":null,"og_image_custom_url":null,"og_image_custom_fields":null,"og_video":null,"og_custom_url":null,"og_article_section":null,"og_article_tags":null,"twitter_use_og":false,"twitter_card":"default","twitter_image_type":"default","twitter_image_url":null,"twitter_image_custom_url":null,"twitter_image_custom_fields":null,"twitter_title":null,"twitter_description":null,"schema":{"blockGraphs":[],"customGraphs":[],"default":{"data":{"Article":[],"Course":[],"Dataset":[],"FAQPage":[],"Movie":[],"Person":[],"Product":[],"ProductReview":[],"Car":[],"Recipe":[],"Service":[],"SoftwareApplication":[],"WebPage":[]},"graphName":"","isEnabled":true},"graphs":[]},"schema_type":"default","schema_type_options":null,"pillar_content":false,"robots_default":true,"robots_noindex":false,"robots_noarchive":false,"robots_nosnippet":false,"robots_nofollow":false,"robots_noimageindex":false,"robots_noodp":false,"robots_notranslate":false,"robots_max_snippet":null,"robots_max_videopreview":null,"robots_max_imagepreview":"large","priority":null,"frequency":null,"local_seo":null,"seo_analyzer_scan_date":"2026-02-16 09:33:54","breadcrumb_settings":null,"limit_modified_date":false,"reviewed_by":null,"open_ai":null,"ai":null,"created":"2026-01-14 06:17:37","updated":"2026-04-23 01:56:52"},"aioseo_breadcrumb":"<div class=\"aioseo-breadcrumbs\"><span class=\"aioseo-breadcrumb\">\n\t<a href=\"https:\/\/hidalgo.nl\/de\/\" title=\"Home\">Home<\/a>\n<\/span><span class=\"aioseo-breadcrumb-separator\">\u00bb<\/span><span class=\"aioseo-breadcrumb\">\n\t<a href=\"https:\/\/hidalgo.nl\/example\/\" title=\"example\">example<\/a>\n<\/span><span class=\"aioseo-breadcrumb-separator\">\u00bb<\/span><span class=\"aioseo-breadcrumb\">\n\t<a href=\"https:\/\/hidalgo.nl\/en\/product-supplier\/a58\/\" title=\"A58\">A58<\/a>\n<\/span><span class=\"aioseo-breadcrumb-separator\">\u00bb<\/span><span class=\"aioseo-breadcrumb\">\n\tKurken bagagelabel Makai\n<\/span><\/div>","aioseo_breadcrumb_json":[{"label":"Home","link":"https:\/\/hidalgo.nl\/de\/"},{"label":"example","link":"https:\/\/hidalgo.nl\/example\/"},{"label":"A58","link":"https:\/\/hidalgo.nl\/en\/product-supplier\/a58\/"},{"label":"Kurken bagagelabel Makai","link":"https:\/\/hidalgo.nl\/de\/product\/383\/kofferanhaenger-makai-bedrucken-nachhaltig-kork-einheitsgroesse\/"}],"_links":{"self":[{"href":"https:\/\/hidalgo.nl\/de\/wp-json\/wp\/v2\/product\/383","targetHints":{"allow":["GET"]}}],"collection":[{"href":"https:\/\/hidalgo.nl\/de\/wp-json\/wp\/v2\/product"}],"about":[{"href":"https:\/\/hidalgo.nl\/de\/wp-json\/wp\/v2\/types\/product"}],"wp:featuredmedia":[{"embeddable":true,"href":"https:\/\/hidalgo.nl\/de\/wp-json\/wp\/v2\/media\/384"}],"wp:attachment":[{"href":"https:\/\/hidalgo.nl\/de\/wp-json\/wp\/v2\/media?parent=383"}],"wp:term":[{"taxonomy":"product_brand","embeddable":true,"href":"https:\/\/hidalgo.nl\/de\/wp-json\/wp\/v2\/product_brand?post=383"},{"taxonomy":"product_cat","embeddable":true,"href":"https:\/\/hidalgo.nl\/de\/wp-json\/wp\/v2\/product_cat?post=383"},{"taxonomy":"product_tag","embeddable":true,"href":"https:\/\/hidalgo.nl\/de\/wp-json\/wp\/v2\/product_tag?post=383"}],"curies":[{"name":"wp","href":"https:\/\/api.w.org\/{rel}","templated":true}]}}