{"id":351429,"date":"2025-08-08T08:14:34","date_gmt":"2025-08-08T08:14:34","guid":{"rendered":"http:\/\/bidonsenshakers.pim.hidalgo.nl\/product\/grundig-universal-touch-stylus-pen\/"},"modified":"2026-03-19T18:52:24","modified_gmt":"2026-03-19T18:52:24","slug":"grundig-universal-touch-stylus-pen","status":"publish","type":"product","link":"https:\/\/hidalgo.nl\/de\/product\/grundig-universal-touch-stylus-pen\/","title":{"rendered":"Grundig Universal Touch Stylus Pen"},"content":{"rendered":"<p>Lichtgewicht stylus pen van aluminium van het merk Grundig. Compatibel met tablets, smartphones en andere apparaten met aanraakscherm. Veelzijdige toepassing voor schrijven, tekenen, tikken en noteren.    Voorzien van een ingebouwde accu met een gebruiksduur tot 8 uur na een volledige oplaadbeurt via USB-C. Uitgerust met een verwisselbare penpunt voor blijvend nauwkeurig werken. Het ergonomische ontwerp ondersteunt langdurig en comfortabel gebruik, zowel thuis als onderweg. Inclusief USB-C-kabel en gebruiksaanwijzing. Per stuk verpakt.<\/p>\n","protected":false},"excerpt":{"rendered":"<p>Lichtgewicht stylus pen van aluminium van het merk Grundig. Compatibel met tablets, smartphones en andere apparaten met aanraakscherm. Veelzijdige toepassing voor schrijven, tekenen, tikken en noteren. Voorzien van een ingebouwde accu met een gebruiksduur tot 8 uur na een volledige oplaadbeurt via USB-C. Uitgerust met een verwisselbare penpunt voor blijvend nauwkeurig werken. Het ergonomische ontwerp&hellip; <a class=\"more-link\" href=\"https:\/\/hidalgo.nl\/de\/product\/grundig-universal-touch-stylus-pen\/\"><span class=\"screen-reader-text\">Grundig Universal Touch Stylus Pen<\/span> weiterlesen<\/a><\/p>\n","protected":false},"featured_media":351430,"template":"","meta":{"_acf_changed":false,"om_disable_all_campaigns":false,"_monsterinsights_skip_tracking":false,"_monsterinsights_sitenote_active":false,"_monsterinsights_sitenote_note":"","_monsterinsights_sitenote_category":0},"product_brand":[1838],"product_cat":[4731,4720,4719],"product_tag":[],"class_list":{"0":"post-351429","1":"product","2":"type-product","3":"status-publish","4":"has-post-thumbnail","6":"product_supplier-a24","7":"product_material-abs","8":"product_brand-grundig","9":"product_cat-computer-accessoires","10":"product_cat-promotionele-artikelen-elektronica-en-gadgets","11":"product_cat-promotionele-artikelen","12":"entry","14":"first","15":"instock","16":"taxable","17":"shipping-taxable","18":"purchasable","19":"product-type-variable"},"acf":{"imprint_cost":[{"imprint_cost_key":"8102f36adb59f688355459d15ba77f4bdebcd89c","product_quantity_price_range":[{"imprint_cost_recommended_selling_price":"1.785","imprint_cost_recommended_selling_quantity":"1"},{"imprint_cost_recommended_selling_price":"1.185","imprint_cost_recommended_selling_quantity":"25"},{"imprint_cost_recommended_selling_price":"0.78","imprint_cost_recommended_selling_quantity":"50"},{"imprint_cost_recommended_selling_price":"0.435","imprint_cost_recommended_selling_quantity":"100"},{"imprint_cost_recommended_selling_price":"0.315","imprint_cost_recommended_selling_quantity":"250"},{"imprint_cost_recommended_selling_price":"0.27","imprint_cost_recommended_selling_quantity":"500"},{"imprint_cost_recommended_selling_price":"0.225","imprint_cost_recommended_selling_quantity":"1000"},{"imprint_cost_recommended_selling_price":"0.195","imprint_cost_recommended_selling_quantity":"2500"},{"imprint_cost_recommended_selling_price":"0.18","imprint_cost_recommended_selling_quantity":"5000"}],"product_quantity_price_range_buying":[{"imprint_cost_general_buying_price":"1.19","imprint_cost_general_buying_quantity":"1"},{"imprint_cost_general_buying_price":"0.79","imprint_cost_general_buying_quantity":"25"},{"imprint_cost_general_buying_price":"0.52","imprint_cost_general_buying_quantity":"50"},{"imprint_cost_general_buying_price":"0.29","imprint_cost_general_buying_quantity":"100"},{"imprint_cost_general_buying_price":"0.21","imprint_cost_general_buying_quantity":"250"},{"imprint_cost_general_buying_price":"0.18","imprint_cost_general_buying_quantity":"500"},{"imprint_cost_general_buying_price":"0.15","imprint_cost_general_buying_quantity":"1000"},{"imprint_cost_general_buying_price":"0.13","imprint_cost_general_buying_quantity":"2500"},{"imprint_cost_general_buying_price":"0.12","imprint_cost_general_buying_quantity":"5000"}],"imprint_cost_setup_costs":"45","imprint_cost_handling_costs":"0.09"},{"imprint_cost_key":"3f6f845d52c9197d91af5ca612f5e0e07684d4b6","product_quantity_price_range":[{"imprint_cost_recommended_selling_price":"2.685","imprint_cost_recommended_selling_quantity":"1"},{"imprint_cost_recommended_selling_price":"1.575","imprint_cost_recommended_selling_quantity":"25"},{"imprint_cost_recommended_selling_price":"1.11","imprint_cost_recommended_selling_quantity":"50"},{"imprint_cost_recommended_selling_price":"0.81","imprint_cost_recommended_selling_quantity":"100"},{"imprint_cost_recommended_selling_price":"0.72","imprint_cost_recommended_selling_quantity":"250"},{"imprint_cost_recommended_selling_price":"0.66","imprint_cost_recommended_selling_quantity":"500"},{"imprint_cost_recommended_selling_price":"0.6","imprint_cost_recommended_selling_quantity":"1000"},{"imprint_cost_recommended_selling_price":"0.555","imprint_cost_recommended_selling_quantity":"2500"},{"imprint_cost_recommended_selling_price":"0.525","imprint_cost_recommended_selling_quantity":"5000"}],"product_quantity_price_range_buying":[{"imprint_cost_general_buying_price":"1.79","imprint_cost_general_buying_quantity":"1"},{"imprint_cost_general_buying_price":"1.05","imprint_cost_general_buying_quantity":"25"},{"imprint_cost_general_buying_price":"0.74","imprint_cost_general_buying_quantity":"50"},{"imprint_cost_general_buying_price":"0.54","imprint_cost_general_buying_quantity":"100"},{"imprint_cost_general_buying_price":"0.48","imprint_cost_general_buying_quantity":"250"},{"imprint_cost_general_buying_price":"0.44","imprint_cost_general_buying_quantity":"500"},{"imprint_cost_general_buying_price":"0.4","imprint_cost_general_buying_quantity":"1000"},{"imprint_cost_general_buying_price":"0.37","imprint_cost_general_buying_quantity":"2500"},{"imprint_cost_general_buying_price":"0.35","imprint_cost_general_buying_quantity":"5000"}],"imprint_cost_setup_costs":"26.25","imprint_cost_handling_costs":"0.09"},{"imprint_cost_key":"87a3c04f937626d137c75878ba4f2a8dbccc60cc","product_quantity_price_range":[{"imprint_cost_recommended_selling_price":"2.985","imprint_cost_recommended_selling_quantity":"1"},{"imprint_cost_recommended_selling_price":"1.875","imprint_cost_recommended_selling_quantity":"25"},{"imprint_cost_recommended_selling_price":"1.41","imprint_cost_recommended_selling_quantity":"50"},{"imprint_cost_recommended_selling_price":"1.11","imprint_cost_recommended_selling_quantity":"100"},{"imprint_cost_recommended_selling_price":"1.02","imprint_cost_recommended_selling_quantity":"250"},{"imprint_cost_recommended_selling_price":"0.96","imprint_cost_recommended_selling_quantity":"500"},{"imprint_cost_recommended_selling_price":"0.9","imprint_cost_recommended_selling_quantity":"1000"},{"imprint_cost_recommended_selling_price":"0.855","imprint_cost_recommended_selling_quantity":"2500"},{"imprint_cost_recommended_selling_price":"0.825","imprint_cost_recommended_selling_quantity":"5000"}],"product_quantity_price_range_buying":[{"imprint_cost_general_buying_price":"1.99","imprint_cost_general_buying_quantity":"1"},{"imprint_cost_general_buying_price":"1.25","imprint_cost_general_buying_quantity":"25"},{"imprint_cost_general_buying_price":"0.94","imprint_cost_general_buying_quantity":"50"},{"imprint_cost_general_buying_price":"0.74","imprint_cost_general_buying_quantity":"100"},{"imprint_cost_general_buying_price":"0.68","imprint_cost_general_buying_quantity":"250"},{"imprint_cost_general_buying_price":"0.64","imprint_cost_general_buying_quantity":"500"},{"imprint_cost_general_buying_price":"0.6","imprint_cost_general_buying_quantity":"1000"},{"imprint_cost_general_buying_price":"0.57","imprint_cost_general_buying_quantity":"2500"},{"imprint_cost_general_buying_price":"0.55","imprint_cost_general_buying_quantity":"5000"}],"imprint_cost_setup_costs":"26.25","imprint_cost_handling_costs":"0.09"}]},"aioseo_notices":[],"aioseo_head":"\n\t\t<!-- All in One SEO Pro 4.9.6.2 - aioseo.com -->\n\t<meta name=\"description\" content=\"Steuere Tablet &amp; Smartphone m\u00fchelos mit dem Grundig Stylus-Stift: pr\u00e4zises Schreiben und Zeichnen, austauschbare Spitze und per USB-C wiederaufladbar. Bei Hidalgo druckst du dein Logo auf das Aluminium-Geh\u00e4use - ideal f\u00fcr Events, Office &amp; unterwegs, besonders f\u00fcr 20-40-J\u00e4hrige.\" \/>\n\t<meta name=\"robots\" content=\"max-image-preview:large\" \/>\n\t<link rel=\"canonical\" href=\"https:\/\/hidalgo.nl\/de\/wp-json\/wp\/v2\/product\/351429\" \/>\n\t<meta name=\"generator\" content=\"All in One SEO Pro (AIOSEO) 4.9.6.2\" \/>\n\t\t<meta property=\"og:locale\" content=\"de_DE\" \/>\n\t\t<meta property=\"og:site_name\" content=\"Hidalgo -\" \/>\n\t\t<meta property=\"og:type\" content=\"article\" \/>\n\t\t<meta property=\"og:title\" content=\"Grundig Universal Touch Stylus Pen\" \/>\n\t\t<meta property=\"og:description\" content=\"Steuere Tablet &amp; Smartphone m\u00fchelos mit dem Grundig Stylus-Stift: pr\u00e4zises Schreiben und Zeichnen, austauschbare Spitze und per USB-C wiederaufladbar. Bei Hidalgo druckst du dein Logo auf das Aluminium-Geh\u00e4use - ideal f\u00fcr Events, Office &amp; unterwegs, besonders f\u00fcr 20-40-J\u00e4hrige.\" \/>\n\t\t<meta property=\"og:url\" content=\"https:\/\/hidalgo.nl\/de\/wp-json\/wp\/v2\/product\/351429\" \/>\n\t\t<meta property=\"og:image\" content=\"https:\/\/shop.hidalgo.nl\/wp-content\/uploads\/2025\/11\/cropped-Hidalgo-est1993.png\" \/>\n\t\t<meta property=\"og:image:secure_url\" content=\"https:\/\/shop.hidalgo.nl\/wp-content\/uploads\/2025\/11\/cropped-Hidalgo-est1993.png\" \/>\n\t\t<meta property=\"article:published_time\" content=\"2025-08-08T08:14:34+00:00\" \/>\n\t\t<meta property=\"article:modified_time\" content=\"2026-03-19T18:52:24+00:00\" \/>\n\t\t<meta name=\"twitter:card\" content=\"summary_large_image\" \/>\n\t\t<meta name=\"twitter:title\" content=\"Grundig Universal Touch Stylus Pen\" \/>\n\t\t<meta name=\"twitter:description\" content=\"Steuere Tablet &amp; Smartphone m\u00fchelos mit dem Grundig Stylus-Stift: pr\u00e4zises Schreiben und Zeichnen, austauschbare Spitze und per USB-C wiederaufladbar. Bei Hidalgo druckst du dein Logo auf das Aluminium-Geh\u00e4use - ideal f\u00fcr Events, Office &amp; unterwegs, besonders f\u00fcr 20-40-J\u00e4hrige.\" \/>\n\t\t<meta name=\"twitter:image\" content=\"https:\/\/shop.hidalgo.nl\/wp-content\/uploads\/2025\/11\/cropped-Hidalgo-est1993.png\" \/>\n\t\t<script type=\"application\/ld+json\" class=\"aioseo-schema\">\n\t\t\t{\"@context\":\"https:\\\/\\\/schema.org\",\"@graph\":[{\"@type\":\"BreadcrumbList\",\"@id\":\"https:\\\/\\\/hidalgo.nl\\\/de\\\/product\\\/grundig-universal-touch-stylus-pen\\\/#breadcrumblist\",\"itemListElement\":[{\"@type\":\"ListItem\",\"@id\":\"https:\\\/\\\/hidalgo.nl\\\/de\\\/#listItem\",\"position\":1,\"name\":\"Home\",\"item\":\"https:\\\/\\\/hidalgo.nl\\\/de\\\/\",\"nextItem\":{\"@type\":\"ListItem\",\"@id\":\"https:\\\/\\\/hidalgo.nl\\\/example\\\/#listItem\",\"name\":\"example\"}},{\"@type\":\"ListItem\",\"@id\":\"https:\\\/\\\/hidalgo.nl\\\/example\\\/#listItem\",\"position\":2,\"name\":\"example\",\"item\":\"https:\\\/\\\/hidalgo.nl\\\/example\\\/\",\"nextItem\":{\"@type\":\"ListItem\",\"@id\":\"https:\\\/\\\/hidalgo.nl\\\/en\\\/product-supplier\\\/a24\\\/#listItem\",\"name\":\"A24\"},\"previousItem\":{\"@type\":\"ListItem\",\"@id\":\"https:\\\/\\\/hidalgo.nl\\\/de\\\/#listItem\",\"name\":\"Home\"}},{\"@type\":\"ListItem\",\"@id\":\"https:\\\/\\\/hidalgo.nl\\\/en\\\/product-supplier\\\/a24\\\/#listItem\",\"position\":3,\"name\":\"A24\",\"item\":\"https:\\\/\\\/hidalgo.nl\\\/en\\\/product-supplier\\\/a24\\\/\",\"nextItem\":{\"@type\":\"ListItem\",\"@id\":\"https:\\\/\\\/hidalgo.nl\\\/de\\\/product\\\/grundig-universal-touch-stylus-pen\\\/#listItem\",\"name\":\"Grundig Universal Touch Stylus Pen\"},\"previousItem\":{\"@type\":\"ListItem\",\"@id\":\"https:\\\/\\\/hidalgo.nl\\\/example\\\/#listItem\",\"name\":\"example\"}},{\"@type\":\"ListItem\",\"@id\":\"https:\\\/\\\/hidalgo.nl\\\/de\\\/product\\\/grundig-universal-touch-stylus-pen\\\/#listItem\",\"position\":4,\"name\":\"Grundig Universal Touch Stylus Pen\",\"previousItem\":{\"@type\":\"ListItem\",\"@id\":\"https:\\\/\\\/hidalgo.nl\\\/en\\\/product-supplier\\\/a24\\\/#listItem\",\"name\":\"A24\"}}]},{\"@type\":\"Organization\",\"@id\":\"https:\\\/\\\/hidalgo.nl\\\/de\\\/#organization\",\"name\":\"Hidalgo\",\"url\":\"https:\\\/\\\/hidalgo.nl\\\/de\\\/\",\"logo\":{\"@type\":\"ImageObject\",\"url\":\"https:\\\/\\\/shop.hidalgo.nl\\\/wp-content\\\/uploads\\\/2025\\\/11\\\/cropped-Hidalgo-est1993.png\",\"@id\":\"https:\\\/\\\/hidalgo.nl\\\/de\\\/product\\\/grundig-universal-touch-stylus-pen\\\/#organizationLogo\",\"width\":585,\"height\":195},\"image\":{\"@id\":\"https:\\\/\\\/hidalgo.nl\\\/de\\\/product\\\/grundig-universal-touch-stylus-pen\\\/#organizationLogo\"}},{\"@type\":\"ProductGroup\",\"@id\":\"https:\\\/\\\/hidalgo.nl\\\/de\\\/product\\\/grundig-universal-touch-stylus-pen\\\/#wooCommerceProduct\",\"name\":\"Grundig Universal Touch Stylus Pen\",\"url\":\"https:\\\/\\\/hidalgo.nl\\\/de\\\/product\\\/grundig-universal-touch-stylus-pen\\\/\",\"brand\":{\"@type\":\"Brand\",\"name\":\"Grundig\"},\"sku\":\"A24-3063\",\"image\":{\"@type\":\"ImageObject\",\"url\":\"https:\\\/\\\/shop.hidalgo.nl\\\/wp-content\\\/uploads\\\/2025\\\/07\\\/6c0e658c198d9e8036bb5a55021e00ef52f4b998914bc7ca466ff8ad390acc7e.jpg\",\"@id\":\"https:\\\/\\\/hidalgo.nl\\\/de\\\/product\\\/grundig-universal-touch-stylus-pen\\\/#productImage\",\"width\":1000,\"height\":1000},\"productGroupID\":351429,\"hasVariant\":[{\"@type\":\"Product\",\"@id\":\"https:\\\/\\\/hidalgo.nl\\\/de\\\/product\\\/grundig-universal-touch-stylus-pen\\\/#wooCommerceProduct\",\"name\":\"Grundig Universal Touch Stylus Pen - wit\",\"url\":\"https:\\\/\\\/hidalgo.nl\\\/de\\\/product\\\/grundig-universal-touch-stylus-pen\\\/\",\"sku\":\"A24-306310\",\"image\":{\"@type\":\"ImageObject\",\"url\":\"https:\\\/\\\/shop.hidalgo.nl\\\/wp-content\\\/uploads\\\/2025\\\/07\\\/6c0e658c198d9e8036bb5a55021e00ef52f4b998914bc7ca466ff8ad390acc7e.jpg\",\"@id\":\"https:\\\/\\\/hidalgo.nl\\\/de\\\/product\\\/grundig-universal-touch-stylus-pen\\\/#productImage\",\"width\":1000,\"height\":1000},\"offers\":{\"@type\":\"Offer\",\"url\":\"https:\\\/\\\/hidalgo.nl\\\/de\\\/product\\\/grundig-universal-touch-stylus-pen\\\/#wooCommerceOffer\",\"price\":\"19.95\",\"priceCurrency\":\"EUR\",\"category\":\"Promotionele Artikelen\",\"availability\":\"https:\\\/\\\/schema.org\\\/InStock\",\"priceSpecification\":{\"@type\":\"PriceSpecification\",\"price\":19.95,\"priceCurrency\":\"EUR\",\"valueAddedTaxIncluded\":\"true\"}}}]},{\"@type\":\"WebPage\",\"@id\":\"https:\\\/\\\/hidalgo.nl\\\/de\\\/product\\\/grundig-universal-touch-stylus-pen\\\/#webpage\",\"url\":\"https:\\\/\\\/hidalgo.nl\\\/de\\\/product\\\/grundig-universal-touch-stylus-pen\\\/\",\"name\":\"Grundig Universal Touch Stylus Pen\",\"description\":\"Steuere Tablet & Smartphone m\\u00fchelos mit dem Grundig Stylus-Stift: pr\\u00e4zises Schreiben und Zeichnen, austauschbare Spitze und per USB-C wiederaufladbar. Bei Hidalgo druckst du dein Logo auf das Aluminium-Geh\\u00e4use - ideal f\\u00fcr Events, Office & unterwegs, besonders f\\u00fcr 20-40-J\\u00e4hrige.\",\"inLanguage\":\"de-DE\",\"isPartOf\":{\"@id\":\"https:\\\/\\\/hidalgo.nl\\\/de\\\/#website\"},\"breadcrumb\":{\"@id\":\"https:\\\/\\\/hidalgo.nl\\\/de\\\/product\\\/grundig-universal-touch-stylus-pen\\\/#breadcrumblist\"},\"image\":{\"@type\":\"ImageObject\",\"url\":\"https:\\\/\\\/shop.hidalgo.nl\\\/wp-content\\\/uploads\\\/2025\\\/07\\\/6c0e658c198d9e8036bb5a55021e00ef52f4b998914bc7ca466ff8ad390acc7e.jpg\",\"@id\":\"https:\\\/\\\/hidalgo.nl\\\/de\\\/product\\\/grundig-universal-touch-stylus-pen\\\/#mainImage\",\"width\":1000,\"height\":1000},\"primaryImageOfPage\":{\"@id\":\"https:\\\/\\\/hidalgo.nl\\\/de\\\/product\\\/grundig-universal-touch-stylus-pen\\\/#mainImage\"},\"datePublished\":\"2025-08-08T08:14:34+00:00\",\"dateModified\":\"2026-03-19T18:52:24+00:00\"},{\"@type\":\"WebSite\",\"@id\":\"https:\\\/\\\/hidalgo.nl\\\/de\\\/#website\",\"url\":\"https:\\\/\\\/hidalgo.nl\\\/de\\\/\",\"name\":\"Hidalgo\",\"inLanguage\":\"de-DE\",\"publisher\":{\"@id\":\"https:\\\/\\\/hidalgo.nl\\\/de\\\/#organization\"}}]}\n\t\t<\/script>\n\t\t<!-- All in One SEO Pro -->\r\n\t\t<title>Grundig Universal Touch Stylus Pen<\/title>\n\n","aioseo_head_json":{"title":"Grundig Universal Touch Stylus Pen","description":"Steuere Tablet & Smartphone m\u00fchelos mit dem Grundig Stylus-Stift: pr\u00e4zises Schreiben und Zeichnen, austauschbare Spitze und per USB-C wiederaufladbar. Bei Hidalgo druckst du dein Logo auf das Aluminium-Geh\u00e4use - ideal f\u00fcr Events, Office & unterwegs, besonders f\u00fcr 20-40-J\u00e4hrige.","canonical_url":"https:\/\/hidalgo.nl\/de\/wp-json\/wp\/v2\/product\/351429","robots":"max-image-preview:large","keywords":"","webmasterTools":{"miscellaneous":""},"schema":{"@context":"https:\/\/schema.org","@graph":[{"@type":"BreadcrumbList","@id":"https:\/\/hidalgo.nl\/de\/product\/grundig-universal-touch-stylus-pen\/#breadcrumblist","itemListElement":[{"@type":"ListItem","@id":"https:\/\/hidalgo.nl\/de\/#listItem","position":1,"name":"Home","item":"https:\/\/hidalgo.nl\/de\/","nextItem":{"@type":"ListItem","@id":"https:\/\/hidalgo.nl\/example\/#listItem","name":"example"}},{"@type":"ListItem","@id":"https:\/\/hidalgo.nl\/example\/#listItem","position":2,"name":"example","item":"https:\/\/hidalgo.nl\/example\/","nextItem":{"@type":"ListItem","@id":"https:\/\/hidalgo.nl\/en\/product-supplier\/a24\/#listItem","name":"A24"},"previousItem":{"@type":"ListItem","@id":"https:\/\/hidalgo.nl\/de\/#listItem","name":"Home"}},{"@type":"ListItem","@id":"https:\/\/hidalgo.nl\/en\/product-supplier\/a24\/#listItem","position":3,"name":"A24","item":"https:\/\/hidalgo.nl\/en\/product-supplier\/a24\/","nextItem":{"@type":"ListItem","@id":"https:\/\/hidalgo.nl\/de\/product\/grundig-universal-touch-stylus-pen\/#listItem","name":"Grundig Universal Touch Stylus Pen"},"previousItem":{"@type":"ListItem","@id":"https:\/\/hidalgo.nl\/example\/#listItem","name":"example"}},{"@type":"ListItem","@id":"https:\/\/hidalgo.nl\/de\/product\/grundig-universal-touch-stylus-pen\/#listItem","position":4,"name":"Grundig Universal Touch Stylus Pen","previousItem":{"@type":"ListItem","@id":"https:\/\/hidalgo.nl\/en\/product-supplier\/a24\/#listItem","name":"A24"}}]},{"@type":"Organization","@id":"https:\/\/hidalgo.nl\/de\/#organization","name":"Hidalgo","url":"https:\/\/hidalgo.nl\/de\/","logo":{"@type":"ImageObject","url":"https:\/\/shop.hidalgo.nl\/wp-content\/uploads\/2025\/11\/cropped-Hidalgo-est1993.png","@id":"https:\/\/hidalgo.nl\/de\/product\/grundig-universal-touch-stylus-pen\/#organizationLogo","width":585,"height":195},"image":{"@id":"https:\/\/hidalgo.nl\/de\/product\/grundig-universal-touch-stylus-pen\/#organizationLogo"}},{"@type":"ProductGroup","@id":"https:\/\/hidalgo.nl\/de\/product\/grundig-universal-touch-stylus-pen\/#wooCommerceProduct","name":"Grundig Universal Touch Stylus Pen","url":"https:\/\/hidalgo.nl\/de\/product\/grundig-universal-touch-stylus-pen\/","brand":{"@type":"Brand","name":"Grundig"},"sku":"A24-3063","image":{"@type":"ImageObject","url":"https:\/\/shop.hidalgo.nl\/wp-content\/uploads\/2025\/07\/6c0e658c198d9e8036bb5a55021e00ef52f4b998914bc7ca466ff8ad390acc7e.jpg","@id":"https:\/\/hidalgo.nl\/de\/product\/grundig-universal-touch-stylus-pen\/#productImage","width":1000,"height":1000},"productGroupID":351429,"hasVariant":[{"@type":"Product","@id":"https:\/\/hidalgo.nl\/de\/product\/grundig-universal-touch-stylus-pen\/#wooCommerceProduct","name":"Grundig Universal Touch Stylus Pen - wit","url":"https:\/\/hidalgo.nl\/de\/product\/grundig-universal-touch-stylus-pen\/","sku":"A24-306310","image":{"@type":"ImageObject","url":"https:\/\/shop.hidalgo.nl\/wp-content\/uploads\/2025\/07\/6c0e658c198d9e8036bb5a55021e00ef52f4b998914bc7ca466ff8ad390acc7e.jpg","@id":"https:\/\/hidalgo.nl\/de\/product\/grundig-universal-touch-stylus-pen\/#productImage","width":1000,"height":1000},"offers":{"@type":"Offer","url":"https:\/\/hidalgo.nl\/de\/product\/grundig-universal-touch-stylus-pen\/#wooCommerceOffer","price":"19.95","priceCurrency":"EUR","category":"Promotionele Artikelen","availability":"https:\/\/schema.org\/InStock","priceSpecification":{"@type":"PriceSpecification","price":19.95,"priceCurrency":"EUR","valueAddedTaxIncluded":"true"}}}]},{"@type":"WebPage","@id":"https:\/\/hidalgo.nl\/de\/product\/grundig-universal-touch-stylus-pen\/#webpage","url":"https:\/\/hidalgo.nl\/de\/product\/grundig-universal-touch-stylus-pen\/","name":"Grundig Universal Touch Stylus Pen","description":"Steuere Tablet & Smartphone m\u00fchelos mit dem Grundig Stylus-Stift: pr\u00e4zises Schreiben und Zeichnen, austauschbare Spitze und per USB-C wiederaufladbar. Bei Hidalgo druckst du dein Logo auf das Aluminium-Geh\u00e4use - ideal f\u00fcr Events, Office & unterwegs, besonders f\u00fcr 20-40-J\u00e4hrige.","inLanguage":"de-DE","isPartOf":{"@id":"https:\/\/hidalgo.nl\/de\/#website"},"breadcrumb":{"@id":"https:\/\/hidalgo.nl\/de\/product\/grundig-universal-touch-stylus-pen\/#breadcrumblist"},"image":{"@type":"ImageObject","url":"https:\/\/shop.hidalgo.nl\/wp-content\/uploads\/2025\/07\/6c0e658c198d9e8036bb5a55021e00ef52f4b998914bc7ca466ff8ad390acc7e.jpg","@id":"https:\/\/hidalgo.nl\/de\/product\/grundig-universal-touch-stylus-pen\/#mainImage","width":1000,"height":1000},"primaryImageOfPage":{"@id":"https:\/\/hidalgo.nl\/de\/product\/grundig-universal-touch-stylus-pen\/#mainImage"},"datePublished":"2025-08-08T08:14:34+00:00","dateModified":"2026-03-19T18:52:24+00:00"},{"@type":"WebSite","@id":"https:\/\/hidalgo.nl\/de\/#website","url":"https:\/\/hidalgo.nl\/de\/","name":"Hidalgo","inLanguage":"de-DE","publisher":{"@id":"https:\/\/hidalgo.nl\/de\/#organization"}}]},"og:locale":"de_DE","og:site_name":"Hidalgo -","og:type":"article","og:title":"Grundig Universal Touch Stylus Pen","og:description":"Steuere Tablet &amp; Smartphone m\u00fchelos mit dem Grundig Stylus-Stift: pr\u00e4zises Schreiben und Zeichnen, austauschbare Spitze und per USB-C wiederaufladbar. Bei Hidalgo druckst du dein Logo auf das Aluminium-Geh\u00e4use - ideal f\u00fcr Events, Office &amp; unterwegs, besonders f\u00fcr 20-40-J\u00e4hrige.","og:url":"https:\/\/hidalgo.nl\/de\/wp-json\/wp\/v2\/product\/351429","og:image":"https:\/\/shop.hidalgo.nl\/wp-content\/uploads\/2025\/11\/cropped-Hidalgo-est1993.png","og:image:secure_url":"https:\/\/shop.hidalgo.nl\/wp-content\/uploads\/2025\/11\/cropped-Hidalgo-est1993.png","article:published_time":"2025-08-08T08:14:34+00:00","article:modified_time":"2026-03-19T18:52:24+00:00","twitter:card":"summary_large_image","twitter:title":"Grundig Universal Touch Stylus Pen","twitter:description":"Steuere Tablet &amp; Smartphone m\u00fchelos mit dem Grundig Stylus-Stift: pr\u00e4zises Schreiben und Zeichnen, austauschbare Spitze und per USB-C wiederaufladbar. Bei Hidalgo druckst du dein Logo auf das Aluminium-Geh\u00e4use - ideal f\u00fcr Events, Office &amp; unterwegs, besonders f\u00fcr 20-40-J\u00e4hrige.","twitter:image":"https:\/\/shop.hidalgo.nl\/wp-content\/uploads\/2025\/11\/cropped-Hidalgo-est1993.png"},"aioseo_meta_data":{"post_id":"351429","title":null,"description":null,"keywords":null,"keyphrases":null,"primary_term":null,"canonical_url":null,"og_title":null,"og_description":null,"og_object_type":"default","og_image_type":"default","og_image_url":null,"og_image_width":null,"og_image_height":null,"og_image_custom_url":null,"og_image_custom_fields":null,"og_video":null,"og_custom_url":null,"og_article_section":null,"og_article_tags":null,"twitter_use_og":false,"twitter_card":"default","twitter_image_type":"default","twitter_image_url":null,"twitter_image_custom_url":null,"twitter_image_custom_fields":null,"twitter_title":null,"twitter_description":null,"schema":{"blockGraphs":[],"customGraphs":[],"default":{"data":{"Article":[],"Course":[],"Dataset":[],"FAQPage":[],"Movie":[],"Person":[],"Product":[],"ProductReview":[],"Car":[],"Recipe":[],"Service":[],"SoftwareApplication":[],"WebPage":[]},"graphName":"","isEnabled":true},"graphs":[]},"schema_type":"default","schema_type_options":null,"pillar_content":false,"robots_default":true,"robots_noindex":false,"robots_noarchive":false,"robots_nosnippet":false,"robots_nofollow":false,"robots_noimageindex":false,"robots_noodp":false,"robots_notranslate":false,"robots_max_snippet":null,"robots_max_videopreview":null,"robots_max_imagepreview":"large","priority":null,"frequency":null,"local_seo":null,"seo_analyzer_scan_date":"2026-01-23 07:02:24","breadcrumb_settings":null,"limit_modified_date":false,"reviewed_by":null,"open_ai":null,"ai":null,"created":"2026-01-14 07:03:00","updated":"2026-04-23 01:34:57"},"aioseo_breadcrumb":"<div class=\"aioseo-breadcrumbs\"><span class=\"aioseo-breadcrumb\">\n\t<a href=\"https:\/\/hidalgo.nl\/de\/\" title=\"Home\">Home<\/a>\n<\/span><span class=\"aioseo-breadcrumb-separator\">\u00bb<\/span><span class=\"aioseo-breadcrumb\">\n\t<a href=\"https:\/\/hidalgo.nl\/example\/\" title=\"example\">example<\/a>\n<\/span><span class=\"aioseo-breadcrumb-separator\">\u00bb<\/span><span class=\"aioseo-breadcrumb\">\n\t<a href=\"https:\/\/hidalgo.nl\/en\/product-supplier\/a24\/\" title=\"A24\">A24<\/a>\n<\/span><span class=\"aioseo-breadcrumb-separator\">\u00bb<\/span><span class=\"aioseo-breadcrumb\">\n\tGrundig Universal Touch Stylus Pen\n<\/span><\/div>","aioseo_breadcrumb_json":[{"label":"Home","link":"https:\/\/hidalgo.nl\/de\/"},{"label":"example","link":"https:\/\/hidalgo.nl\/example\/"},{"label":"A24","link":"https:\/\/hidalgo.nl\/en\/product-supplier\/a24\/"},{"label":"Grundig Universal Touch Stylus Pen","link":"https:\/\/hidalgo.nl\/de\/product\/grundig-universal-touch-stylus-pen\/"}],"_links":{"self":[{"href":"https:\/\/hidalgo.nl\/de\/wp-json\/wp\/v2\/product\/351429","targetHints":{"allow":["GET"]}}],"collection":[{"href":"https:\/\/hidalgo.nl\/de\/wp-json\/wp\/v2\/product"}],"about":[{"href":"https:\/\/hidalgo.nl\/de\/wp-json\/wp\/v2\/types\/product"}],"wp:featuredmedia":[{"embeddable":true,"href":"https:\/\/hidalgo.nl\/de\/wp-json\/wp\/v2\/media\/351430"}],"wp:attachment":[{"href":"https:\/\/hidalgo.nl\/de\/wp-json\/wp\/v2\/media?parent=351429"}],"wp:term":[{"taxonomy":"product_brand","embeddable":true,"href":"https:\/\/hidalgo.nl\/de\/wp-json\/wp\/v2\/product_brand?post=351429"},{"taxonomy":"product_cat","embeddable":true,"href":"https:\/\/hidalgo.nl\/de\/wp-json\/wp\/v2\/product_cat?post=351429"},{"taxonomy":"product_tag","embeddable":true,"href":"https:\/\/hidalgo.nl\/de\/wp-json\/wp\/v2\/product_tag?post=351429"}],"curies":[{"name":"wp","href":"https:\/\/api.w.org\/{rel}","templated":true}]}}