{"id":351418,"date":"2025-08-08T08:12:20","date_gmt":"2025-08-08T08:12:20","guid":{"rendered":"http:\/\/bidonsenshakers.pim.hidalgo.nl\/product\/grundig-solar-stainless-steel-garden-led-light\/"},"modified":"2026-03-19T09:53:52","modified_gmt":"2026-03-19T09:53:52","slug":"grundig-solar-stainless-steel-garden-led-light","status":"publish","type":"product","link":"https:\/\/hidalgo.nl\/de\/product\/grundig-solar-stainless-steel-garden-led-light\/","title":{"rendered":"Grundig Solar Stainless Steel Garden LED-Light"},"content":{"rendered":"<p>Solar LED lamp van het merk Grundig. Gemaakt van een combinatie van RVS en kunststof. Zodra het donker wordt, schakelt het witte licht (2 LED) automatisch in. De ideale verlichting op zonne-energie voor tuin of oprit. Voorzien van een grondpin en gemakkelijk te verplaatsen. Na volledig opladen geeft de lamp 6 tot 8 uur licht. Spatwaterdicht. De RVS behuizing is weerbestendig. Inclusief oplaadbare AAA Ni-Mh 1.2V batterij (600 mAh). Per stuk verpakt.<\/p>\n","protected":false},"excerpt":{"rendered":"<p>Solar LED lamp van het merk Grundig. Gemaakt van een combinatie van RVS en kunststof. Zodra het donker wordt, schakelt het witte licht (2 LED) automatisch in. De ideale verlichting op zonne-energie voor tuin of oprit. Voorzien van een grondpin en gemakkelijk te verplaatsen. Na volledig opladen geeft de lamp 6 tot 8 uur licht.&hellip; <a class=\"more-link\" href=\"https:\/\/hidalgo.nl\/de\/product\/grundig-solar-stainless-steel-garden-led-light\/\"><span class=\"screen-reader-text\">Grundig Solar Stainless Steel Garden LED-Light<\/span> weiterlesen<\/a><\/p>\n","protected":false},"featured_media":351419,"template":"","meta":{"_acf_changed":false,"om_disable_all_campaigns":false,"_monsterinsights_skip_tracking":false,"_monsterinsights_sitenote_active":false,"_monsterinsights_sitenote_note":"","_monsterinsights_sitenote_category":0},"product_brand":[1838],"product_cat":[4719,4728,4729],"product_tag":[],"class_list":{"0":"post-351418","1":"product","2":"type-product","3":"status-publish","4":"has-post-thumbnail","6":"product_supplier-a24","7":"product_material-rvskunststof","8":"product_brand-grundig","9":"product_cat-promotionele-artikelen","10":"product_cat-promotionele-artikelen-thuis-keuken-en-tuin","11":"product_cat-tuin","12":"entry","14":"first","15":"instock","16":"taxable","17":"shipping-taxable","18":"purchasable","19":"product-type-variable"},"acf":{"imprint_cost":[{"imprint_cost_key":"847f5e3b882cdf17fc84996fdfae6e71fad6c085","product_quantity_price_range":[{"imprint_cost_recommended_selling_price":"2.685","imprint_cost_recommended_selling_quantity":"1"},{"imprint_cost_recommended_selling_price":"1.935","imprint_cost_recommended_selling_quantity":"25"},{"imprint_cost_recommended_selling_price":"1.125","imprint_cost_recommended_selling_quantity":"50"},{"imprint_cost_recommended_selling_price":"0.9","imprint_cost_recommended_selling_quantity":"100"},{"imprint_cost_recommended_selling_price":"0.75","imprint_cost_recommended_selling_quantity":"250"},{"imprint_cost_recommended_selling_price":"0.69","imprint_cost_recommended_selling_quantity":"500"},{"imprint_cost_recommended_selling_price":"0.645","imprint_cost_recommended_selling_quantity":"1000"},{"imprint_cost_recommended_selling_price":"0.615","imprint_cost_recommended_selling_quantity":"2500"},{"imprint_cost_recommended_selling_price":"0.585","imprint_cost_recommended_selling_quantity":"5000"}],"product_quantity_price_range_buying":[{"imprint_cost_general_buying_price":"1.79","imprint_cost_general_buying_quantity":"1"},{"imprint_cost_general_buying_price":"1.29","imprint_cost_general_buying_quantity":"25"},{"imprint_cost_general_buying_price":"0.75","imprint_cost_general_buying_quantity":"50"},{"imprint_cost_general_buying_price":"0.6","imprint_cost_general_buying_quantity":"100"},{"imprint_cost_general_buying_price":"0.5","imprint_cost_general_buying_quantity":"250"},{"imprint_cost_general_buying_price":"0.46","imprint_cost_general_buying_quantity":"500"},{"imprint_cost_general_buying_price":"0.43","imprint_cost_general_buying_quantity":"1000"},{"imprint_cost_general_buying_price":"0.41","imprint_cost_general_buying_quantity":"2500"},{"imprint_cost_general_buying_price":"0.39","imprint_cost_general_buying_quantity":"5000"}],"imprint_cost_setup_costs":"26.25","imprint_cost_handling_costs":"0.24"},{"imprint_cost_key":"6cc3fea0c385eab24bd52c46aa7da4aadca29b3d","product_quantity_price_range":[{"imprint_cost_recommended_selling_price":"2.535","imprint_cost_recommended_selling_quantity":"1"},{"imprint_cost_recommended_selling_price":"1.785","imprint_cost_recommended_selling_quantity":"25"},{"imprint_cost_recommended_selling_price":"1.035","imprint_cost_recommended_selling_quantity":"50"},{"imprint_cost_recommended_selling_price":"0.84","imprint_cost_recommended_selling_quantity":"100"},{"imprint_cost_recommended_selling_price":"0.69","imprint_cost_recommended_selling_quantity":"250"},{"imprint_cost_recommended_selling_price":"0.63","imprint_cost_recommended_selling_quantity":"500"},{"imprint_cost_recommended_selling_price":"0.585","imprint_cost_recommended_selling_quantity":"1000"},{"imprint_cost_recommended_selling_price":"0.525","imprint_cost_recommended_selling_quantity":"2500"},{"imprint_cost_recommended_selling_price":"0.51","imprint_cost_recommended_selling_quantity":"5000"}],"product_quantity_price_range_buying":[{"imprint_cost_general_buying_price":"1.69","imprint_cost_general_buying_quantity":"1"},{"imprint_cost_general_buying_price":"1.19","imprint_cost_general_buying_quantity":"25"},{"imprint_cost_general_buying_price":"0.69","imprint_cost_general_buying_quantity":"50"},{"imprint_cost_general_buying_price":"0.56","imprint_cost_general_buying_quantity":"100"},{"imprint_cost_general_buying_price":"0.46","imprint_cost_general_buying_quantity":"250"},{"imprint_cost_general_buying_price":"0.42","imprint_cost_general_buying_quantity":"500"},{"imprint_cost_general_buying_price":"0.39","imprint_cost_general_buying_quantity":"1000"},{"imprint_cost_general_buying_price":"0.35","imprint_cost_general_buying_quantity":"2500"},{"imprint_cost_general_buying_price":"0.34","imprint_cost_general_buying_quantity":"5000"}],"imprint_cost_setup_costs":"26.25","imprint_cost_handling_costs":"0.24"}]},"aioseo_notices":[],"aioseo_head":"\n\t\t<!-- All in One SEO Pro 4.9.6.2 - aioseo.com -->\n\t<meta name=\"description\" content=\"Mit der Grundig Solarlampe aus Edelstahl sorgst du f\u00fcr zuverl\u00e4ssiges Outdoor-Licht dank automatischem Sensor &amp; LED. Lass dein Logo dezent auf dem Geh\u00e4use anbringen - ideal f\u00fcr Garten und Terrasse, leicht zu platzieren bei Events.\" \/>\n\t<meta name=\"robots\" content=\"max-image-preview:large\" \/>\n\t<link rel=\"canonical\" href=\"https:\/\/hidalgo.nl\/de\/wp-json\/wp\/v2\/product\/351418\" \/>\n\t<meta name=\"generator\" content=\"All in One SEO Pro (AIOSEO) 4.9.6.2\" \/>\n\t\t<meta property=\"og:locale\" content=\"de_DE\" \/>\n\t\t<meta property=\"og:site_name\" content=\"Hidalgo -\" \/>\n\t\t<meta property=\"og:type\" content=\"article\" \/>\n\t\t<meta property=\"og:title\" content=\"Grundig Solar Stainless Steel Garden LED-Light\" \/>\n\t\t<meta property=\"og:description\" content=\"Mit der Grundig Solarlampe aus Edelstahl sorgst du f\u00fcr zuverl\u00e4ssiges Outdoor-Licht dank automatischem Sensor &amp; LED. Lass dein Logo dezent auf dem Geh\u00e4use anbringen - ideal f\u00fcr Garten und Terrasse, leicht zu platzieren bei Events.\" \/>\n\t\t<meta property=\"og:url\" content=\"https:\/\/hidalgo.nl\/de\/wp-json\/wp\/v2\/product\/351418\" \/>\n\t\t<meta property=\"og:image\" content=\"https:\/\/shop.hidalgo.nl\/wp-content\/uploads\/2025\/11\/cropped-Hidalgo-est1993.png\" \/>\n\t\t<meta property=\"og:image:secure_url\" content=\"https:\/\/shop.hidalgo.nl\/wp-content\/uploads\/2025\/11\/cropped-Hidalgo-est1993.png\" \/>\n\t\t<meta property=\"article:published_time\" content=\"2025-08-08T08:12:20+00:00\" \/>\n\t\t<meta property=\"article:modified_time\" content=\"2026-03-19T09:53:52+00:00\" \/>\n\t\t<meta name=\"twitter:card\" content=\"summary_large_image\" \/>\n\t\t<meta name=\"twitter:title\" content=\"Grundig Solar Stainless Steel Garden LED-Light\" \/>\n\t\t<meta name=\"twitter:description\" content=\"Mit der Grundig Solarlampe aus Edelstahl sorgst du f\u00fcr zuverl\u00e4ssiges Outdoor-Licht dank automatischem Sensor &amp; LED. Lass dein Logo dezent auf dem Geh\u00e4use anbringen - ideal f\u00fcr Garten und Terrasse, leicht zu platzieren bei Events.\" \/>\n\t\t<meta name=\"twitter:image\" content=\"https:\/\/shop.hidalgo.nl\/wp-content\/uploads\/2025\/11\/cropped-Hidalgo-est1993.png\" \/>\n\t\t<script type=\"application\/ld+json\" class=\"aioseo-schema\">\n\t\t\t{\"@context\":\"https:\\\/\\\/schema.org\",\"@graph\":[{\"@type\":\"BreadcrumbList\",\"@id\":\"https:\\\/\\\/hidalgo.nl\\\/de\\\/product\\\/grundig-solar-stainless-steel-garden-led-light\\\/#breadcrumblist\",\"itemListElement\":[{\"@type\":\"ListItem\",\"@id\":\"https:\\\/\\\/hidalgo.nl\\\/de\\\/#listItem\",\"position\":1,\"name\":\"Home\",\"item\":\"https:\\\/\\\/hidalgo.nl\\\/de\\\/\",\"nextItem\":{\"@type\":\"ListItem\",\"@id\":\"https:\\\/\\\/hidalgo.nl\\\/example\\\/#listItem\",\"name\":\"example\"}},{\"@type\":\"ListItem\",\"@id\":\"https:\\\/\\\/hidalgo.nl\\\/example\\\/#listItem\",\"position\":2,\"name\":\"example\",\"item\":\"https:\\\/\\\/hidalgo.nl\\\/example\\\/\",\"nextItem\":{\"@type\":\"ListItem\",\"@id\":\"https:\\\/\\\/hidalgo.nl\\\/en\\\/product-supplier\\\/a24\\\/#listItem\",\"name\":\"A24\"},\"previousItem\":{\"@type\":\"ListItem\",\"@id\":\"https:\\\/\\\/hidalgo.nl\\\/de\\\/#listItem\",\"name\":\"Home\"}},{\"@type\":\"ListItem\",\"@id\":\"https:\\\/\\\/hidalgo.nl\\\/en\\\/product-supplier\\\/a24\\\/#listItem\",\"position\":3,\"name\":\"A24\",\"item\":\"https:\\\/\\\/hidalgo.nl\\\/en\\\/product-supplier\\\/a24\\\/\",\"nextItem\":{\"@type\":\"ListItem\",\"@id\":\"https:\\\/\\\/hidalgo.nl\\\/de\\\/product\\\/grundig-solar-stainless-steel-garden-led-light\\\/#listItem\",\"name\":\"Grundig Solar Stainless Steel Garden LED-Light\"},\"previousItem\":{\"@type\":\"ListItem\",\"@id\":\"https:\\\/\\\/hidalgo.nl\\\/example\\\/#listItem\",\"name\":\"example\"}},{\"@type\":\"ListItem\",\"@id\":\"https:\\\/\\\/hidalgo.nl\\\/de\\\/product\\\/grundig-solar-stainless-steel-garden-led-light\\\/#listItem\",\"position\":4,\"name\":\"Grundig Solar Stainless Steel Garden LED-Light\",\"previousItem\":{\"@type\":\"ListItem\",\"@id\":\"https:\\\/\\\/hidalgo.nl\\\/en\\\/product-supplier\\\/a24\\\/#listItem\",\"name\":\"A24\"}}]},{\"@type\":\"Organization\",\"@id\":\"https:\\\/\\\/hidalgo.nl\\\/de\\\/#organization\",\"name\":\"Hidalgo\",\"url\":\"https:\\\/\\\/hidalgo.nl\\\/de\\\/\",\"logo\":{\"@type\":\"ImageObject\",\"url\":\"https:\\\/\\\/shop.hidalgo.nl\\\/wp-content\\\/uploads\\\/2025\\\/11\\\/cropped-Hidalgo-est1993.png\",\"@id\":\"https:\\\/\\\/hidalgo.nl\\\/de\\\/product\\\/grundig-solar-stainless-steel-garden-led-light\\\/#organizationLogo\",\"width\":585,\"height\":195},\"image\":{\"@id\":\"https:\\\/\\\/hidalgo.nl\\\/de\\\/product\\\/grundig-solar-stainless-steel-garden-led-light\\\/#organizationLogo\"}},{\"@type\":\"ProductGroup\",\"@id\":\"https:\\\/\\\/hidalgo.nl\\\/de\\\/product\\\/grundig-solar-stainless-steel-garden-led-light\\\/#wooCommerceProduct\",\"name\":\"Grundig Solar Stainless Steel Garden LED-Light\",\"url\":\"https:\\\/\\\/hidalgo.nl\\\/de\\\/product\\\/grundig-solar-stainless-steel-garden-led-light\\\/\",\"brand\":{\"@type\":\"Brand\",\"name\":\"Grundig\"},\"sku\":\"A24-3047\",\"image\":{\"@type\":\"ImageObject\",\"url\":\"https:\\\/\\\/shop.hidalgo.nl\\\/wp-content\\\/uploads\\\/2025\\\/07\\\/43633921dccce3d6126c176e63b315ced7dabc6f183a0bf41f77cf18d7f8b13f.jpg\",\"@id\":\"https:\\\/\\\/hidalgo.nl\\\/de\\\/product\\\/grundig-solar-stainless-steel-garden-led-light\\\/#productImage\",\"width\":1000,\"height\":1000},\"productGroupID\":351418,\"hasVariant\":[{\"@type\":\"Product\",\"@id\":\"https:\\\/\\\/hidalgo.nl\\\/de\\\/product\\\/grundig-solar-stainless-steel-garden-led-light\\\/#wooCommerceProduct\",\"name\":\"Grundig Solar Stainless Steel Garden LED-Light - zilver\",\"url\":\"https:\\\/\\\/hidalgo.nl\\\/de\\\/product\\\/grundig-solar-stainless-steel-garden-led-light\\\/\",\"sku\":\"A24-304701\",\"image\":{\"@type\":\"ImageObject\",\"url\":\"https:\\\/\\\/shop.hidalgo.nl\\\/wp-content\\\/uploads\\\/2025\\\/07\\\/43633921dccce3d6126c176e63b315ced7dabc6f183a0bf41f77cf18d7f8b13f.jpg\",\"@id\":\"https:\\\/\\\/hidalgo.nl\\\/de\\\/product\\\/grundig-solar-stainless-steel-garden-led-light\\\/#productImage\",\"width\":1000,\"height\":1000},\"offers\":{\"@type\":\"Offer\",\"url\":\"https:\\\/\\\/hidalgo.nl\\\/de\\\/product\\\/grundig-solar-stainless-steel-garden-led-light\\\/#wooCommerceOffer\",\"price\":\"8.95\",\"priceCurrency\":\"EUR\",\"category\":\"Promotionele Artikelen\",\"availability\":\"https:\\\/\\\/schema.org\\\/InStock\",\"priceSpecification\":{\"@type\":\"PriceSpecification\",\"price\":8.95,\"priceCurrency\":\"EUR\",\"valueAddedTaxIncluded\":\"true\"}}}]},{\"@type\":\"WebPage\",\"@id\":\"https:\\\/\\\/hidalgo.nl\\\/de\\\/product\\\/grundig-solar-stainless-steel-garden-led-light\\\/#webpage\",\"url\":\"https:\\\/\\\/hidalgo.nl\\\/de\\\/product\\\/grundig-solar-stainless-steel-garden-led-light\\\/\",\"name\":\"Grundig Solar Stainless Steel Garden LED-Light\",\"description\":\"Mit der Grundig Solarlampe aus Edelstahl sorgst du f\\u00fcr zuverl\\u00e4ssiges Outdoor-Licht dank automatischem Sensor & LED. Lass dein Logo dezent auf dem Geh\\u00e4use anbringen - ideal f\\u00fcr Garten und Terrasse, leicht zu platzieren bei Events.\",\"inLanguage\":\"de-DE\",\"isPartOf\":{\"@id\":\"https:\\\/\\\/hidalgo.nl\\\/de\\\/#website\"},\"breadcrumb\":{\"@id\":\"https:\\\/\\\/hidalgo.nl\\\/de\\\/product\\\/grundig-solar-stainless-steel-garden-led-light\\\/#breadcrumblist\"},\"image\":{\"@type\":\"ImageObject\",\"url\":\"https:\\\/\\\/shop.hidalgo.nl\\\/wp-content\\\/uploads\\\/2025\\\/07\\\/43633921dccce3d6126c176e63b315ced7dabc6f183a0bf41f77cf18d7f8b13f.jpg\",\"@id\":\"https:\\\/\\\/hidalgo.nl\\\/de\\\/product\\\/grundig-solar-stainless-steel-garden-led-light\\\/#mainImage\",\"width\":1000,\"height\":1000},\"primaryImageOfPage\":{\"@id\":\"https:\\\/\\\/hidalgo.nl\\\/de\\\/product\\\/grundig-solar-stainless-steel-garden-led-light\\\/#mainImage\"},\"datePublished\":\"2025-08-08T08:12:20+00:00\",\"dateModified\":\"2026-03-19T09:53:52+00:00\"},{\"@type\":\"WebSite\",\"@id\":\"https:\\\/\\\/hidalgo.nl\\\/de\\\/#website\",\"url\":\"https:\\\/\\\/hidalgo.nl\\\/de\\\/\",\"name\":\"Hidalgo\",\"inLanguage\":\"de-DE\",\"publisher\":{\"@id\":\"https:\\\/\\\/hidalgo.nl\\\/de\\\/#organization\"}}]}\n\t\t<\/script>\n\t\t<!-- All in One SEO Pro -->\r\n\t\t<title>Grundig Solar Stainless Steel Garden LED-Light<\/title>\n\n","aioseo_head_json":{"title":"Grundig Solar Stainless Steel Garden LED-Light","description":"Mit der Grundig Solarlampe aus Edelstahl sorgst du f\u00fcr zuverl\u00e4ssiges Outdoor-Licht dank automatischem Sensor & LED. Lass dein Logo dezent auf dem Geh\u00e4use anbringen - ideal f\u00fcr Garten und Terrasse, leicht zu platzieren bei Events.","canonical_url":"https:\/\/hidalgo.nl\/de\/wp-json\/wp\/v2\/product\/351418","robots":"max-image-preview:large","keywords":"","webmasterTools":{"miscellaneous":""},"schema":{"@context":"https:\/\/schema.org","@graph":[{"@type":"BreadcrumbList","@id":"https:\/\/hidalgo.nl\/de\/product\/grundig-solar-stainless-steel-garden-led-light\/#breadcrumblist","itemListElement":[{"@type":"ListItem","@id":"https:\/\/hidalgo.nl\/de\/#listItem","position":1,"name":"Home","item":"https:\/\/hidalgo.nl\/de\/","nextItem":{"@type":"ListItem","@id":"https:\/\/hidalgo.nl\/example\/#listItem","name":"example"}},{"@type":"ListItem","@id":"https:\/\/hidalgo.nl\/example\/#listItem","position":2,"name":"example","item":"https:\/\/hidalgo.nl\/example\/","nextItem":{"@type":"ListItem","@id":"https:\/\/hidalgo.nl\/en\/product-supplier\/a24\/#listItem","name":"A24"},"previousItem":{"@type":"ListItem","@id":"https:\/\/hidalgo.nl\/de\/#listItem","name":"Home"}},{"@type":"ListItem","@id":"https:\/\/hidalgo.nl\/en\/product-supplier\/a24\/#listItem","position":3,"name":"A24","item":"https:\/\/hidalgo.nl\/en\/product-supplier\/a24\/","nextItem":{"@type":"ListItem","@id":"https:\/\/hidalgo.nl\/de\/product\/grundig-solar-stainless-steel-garden-led-light\/#listItem","name":"Grundig Solar Stainless Steel Garden LED-Light"},"previousItem":{"@type":"ListItem","@id":"https:\/\/hidalgo.nl\/example\/#listItem","name":"example"}},{"@type":"ListItem","@id":"https:\/\/hidalgo.nl\/de\/product\/grundig-solar-stainless-steel-garden-led-light\/#listItem","position":4,"name":"Grundig Solar Stainless Steel Garden LED-Light","previousItem":{"@type":"ListItem","@id":"https:\/\/hidalgo.nl\/en\/product-supplier\/a24\/#listItem","name":"A24"}}]},{"@type":"Organization","@id":"https:\/\/hidalgo.nl\/de\/#organization","name":"Hidalgo","url":"https:\/\/hidalgo.nl\/de\/","logo":{"@type":"ImageObject","url":"https:\/\/shop.hidalgo.nl\/wp-content\/uploads\/2025\/11\/cropped-Hidalgo-est1993.png","@id":"https:\/\/hidalgo.nl\/de\/product\/grundig-solar-stainless-steel-garden-led-light\/#organizationLogo","width":585,"height":195},"image":{"@id":"https:\/\/hidalgo.nl\/de\/product\/grundig-solar-stainless-steel-garden-led-light\/#organizationLogo"}},{"@type":"ProductGroup","@id":"https:\/\/hidalgo.nl\/de\/product\/grundig-solar-stainless-steel-garden-led-light\/#wooCommerceProduct","name":"Grundig Solar Stainless Steel Garden LED-Light","url":"https:\/\/hidalgo.nl\/de\/product\/grundig-solar-stainless-steel-garden-led-light\/","brand":{"@type":"Brand","name":"Grundig"},"sku":"A24-3047","image":{"@type":"ImageObject","url":"https:\/\/shop.hidalgo.nl\/wp-content\/uploads\/2025\/07\/43633921dccce3d6126c176e63b315ced7dabc6f183a0bf41f77cf18d7f8b13f.jpg","@id":"https:\/\/hidalgo.nl\/de\/product\/grundig-solar-stainless-steel-garden-led-light\/#productImage","width":1000,"height":1000},"productGroupID":351418,"hasVariant":[{"@type":"Product","@id":"https:\/\/hidalgo.nl\/de\/product\/grundig-solar-stainless-steel-garden-led-light\/#wooCommerceProduct","name":"Grundig Solar Stainless Steel Garden LED-Light - zilver","url":"https:\/\/hidalgo.nl\/de\/product\/grundig-solar-stainless-steel-garden-led-light\/","sku":"A24-304701","image":{"@type":"ImageObject","url":"https:\/\/shop.hidalgo.nl\/wp-content\/uploads\/2025\/07\/43633921dccce3d6126c176e63b315ced7dabc6f183a0bf41f77cf18d7f8b13f.jpg","@id":"https:\/\/hidalgo.nl\/de\/product\/grundig-solar-stainless-steel-garden-led-light\/#productImage","width":1000,"height":1000},"offers":{"@type":"Offer","url":"https:\/\/hidalgo.nl\/de\/product\/grundig-solar-stainless-steel-garden-led-light\/#wooCommerceOffer","price":"8.95","priceCurrency":"EUR","category":"Promotionele Artikelen","availability":"https:\/\/schema.org\/InStock","priceSpecification":{"@type":"PriceSpecification","price":8.95,"priceCurrency":"EUR","valueAddedTaxIncluded":"true"}}}]},{"@type":"WebPage","@id":"https:\/\/hidalgo.nl\/de\/product\/grundig-solar-stainless-steel-garden-led-light\/#webpage","url":"https:\/\/hidalgo.nl\/de\/product\/grundig-solar-stainless-steel-garden-led-light\/","name":"Grundig Solar Stainless Steel Garden LED-Light","description":"Mit der Grundig Solarlampe aus Edelstahl sorgst du f\u00fcr zuverl\u00e4ssiges Outdoor-Licht dank automatischem Sensor & LED. Lass dein Logo dezent auf dem Geh\u00e4use anbringen - ideal f\u00fcr Garten und Terrasse, leicht zu platzieren bei Events.","inLanguage":"de-DE","isPartOf":{"@id":"https:\/\/hidalgo.nl\/de\/#website"},"breadcrumb":{"@id":"https:\/\/hidalgo.nl\/de\/product\/grundig-solar-stainless-steel-garden-led-light\/#breadcrumblist"},"image":{"@type":"ImageObject","url":"https:\/\/shop.hidalgo.nl\/wp-content\/uploads\/2025\/07\/43633921dccce3d6126c176e63b315ced7dabc6f183a0bf41f77cf18d7f8b13f.jpg","@id":"https:\/\/hidalgo.nl\/de\/product\/grundig-solar-stainless-steel-garden-led-light\/#mainImage","width":1000,"height":1000},"primaryImageOfPage":{"@id":"https:\/\/hidalgo.nl\/de\/product\/grundig-solar-stainless-steel-garden-led-light\/#mainImage"},"datePublished":"2025-08-08T08:12:20+00:00","dateModified":"2026-03-19T09:53:52+00:00"},{"@type":"WebSite","@id":"https:\/\/hidalgo.nl\/de\/#website","url":"https:\/\/hidalgo.nl\/de\/","name":"Hidalgo","inLanguage":"de-DE","publisher":{"@id":"https:\/\/hidalgo.nl\/de\/#organization"}}]},"og:locale":"de_DE","og:site_name":"Hidalgo -","og:type":"article","og:title":"Grundig Solar Stainless Steel Garden LED-Light","og:description":"Mit der Grundig Solarlampe aus Edelstahl sorgst du f\u00fcr zuverl\u00e4ssiges Outdoor-Licht dank automatischem Sensor &amp; LED. Lass dein Logo dezent auf dem Geh\u00e4use anbringen - ideal f\u00fcr Garten und Terrasse, leicht zu platzieren bei Events.","og:url":"https:\/\/hidalgo.nl\/de\/wp-json\/wp\/v2\/product\/351418","og:image":"https:\/\/shop.hidalgo.nl\/wp-content\/uploads\/2025\/11\/cropped-Hidalgo-est1993.png","og:image:secure_url":"https:\/\/shop.hidalgo.nl\/wp-content\/uploads\/2025\/11\/cropped-Hidalgo-est1993.png","article:published_time":"2025-08-08T08:12:20+00:00","article:modified_time":"2026-03-19T09:53:52+00:00","twitter:card":"summary_large_image","twitter:title":"Grundig Solar Stainless Steel Garden LED-Light","twitter:description":"Mit der Grundig Solarlampe aus Edelstahl sorgst du f\u00fcr zuverl\u00e4ssiges Outdoor-Licht dank automatischem Sensor &amp; LED. Lass dein Logo dezent auf dem Geh\u00e4use anbringen - ideal f\u00fcr Garten und Terrasse, leicht zu platzieren bei Events.","twitter:image":"https:\/\/shop.hidalgo.nl\/wp-content\/uploads\/2025\/11\/cropped-Hidalgo-est1993.png"},"aioseo_meta_data":{"post_id":"351418","title":null,"description":null,"keywords":null,"keyphrases":null,"primary_term":null,"canonical_url":null,"og_title":null,"og_description":null,"og_object_type":"default","og_image_type":"default","og_image_url":null,"og_image_width":null,"og_image_height":null,"og_image_custom_url":null,"og_image_custom_fields":null,"og_video":null,"og_custom_url":null,"og_article_section":null,"og_article_tags":null,"twitter_use_og":false,"twitter_card":"default","twitter_image_type":"default","twitter_image_url":null,"twitter_image_custom_url":null,"twitter_image_custom_fields":null,"twitter_title":null,"twitter_description":null,"schema":{"blockGraphs":[],"customGraphs":[],"default":{"data":{"Article":[],"Course":[],"Dataset":[],"FAQPage":[],"Movie":[],"Person":[],"Product":[],"ProductReview":[],"Car":[],"Recipe":[],"Service":[],"SoftwareApplication":[],"WebPage":[]},"graphName":"","isEnabled":true},"graphs":[]},"schema_type":"default","schema_type_options":null,"pillar_content":false,"robots_default":true,"robots_noindex":false,"robots_noarchive":false,"robots_nosnippet":false,"robots_nofollow":false,"robots_noimageindex":false,"robots_noodp":false,"robots_notranslate":false,"robots_max_snippet":null,"robots_max_videopreview":null,"robots_max_imagepreview":"large","priority":null,"frequency":null,"local_seo":null,"seo_analyzer_scan_date":"2026-01-23 07:01:00","breadcrumb_settings":null,"limit_modified_date":false,"reviewed_by":null,"open_ai":null,"ai":null,"created":"2026-01-14 07:03:00","updated":"2026-04-23 01:34:57"},"aioseo_breadcrumb":"<div class=\"aioseo-breadcrumbs\"><span class=\"aioseo-breadcrumb\">\n\t<a href=\"https:\/\/hidalgo.nl\/de\/\" title=\"Home\">Home<\/a>\n<\/span><span class=\"aioseo-breadcrumb-separator\">\u00bb<\/span><span class=\"aioseo-breadcrumb\">\n\t<a href=\"https:\/\/hidalgo.nl\/example\/\" title=\"example\">example<\/a>\n<\/span><span class=\"aioseo-breadcrumb-separator\">\u00bb<\/span><span class=\"aioseo-breadcrumb\">\n\t<a href=\"https:\/\/hidalgo.nl\/en\/product-supplier\/a24\/\" title=\"A24\">A24<\/a>\n<\/span><span class=\"aioseo-breadcrumb-separator\">\u00bb<\/span><span class=\"aioseo-breadcrumb\">\n\tGrundig Solar Stainless Steel Garden LED-Light\n<\/span><\/div>","aioseo_breadcrumb_json":[{"label":"Home","link":"https:\/\/hidalgo.nl\/de\/"},{"label":"example","link":"https:\/\/hidalgo.nl\/example\/"},{"label":"A24","link":"https:\/\/hidalgo.nl\/en\/product-supplier\/a24\/"},{"label":"Grundig Solar Stainless Steel Garden LED-Light","link":"https:\/\/hidalgo.nl\/de\/product\/grundig-solar-stainless-steel-garden-led-light\/"}],"_links":{"self":[{"href":"https:\/\/hidalgo.nl\/de\/wp-json\/wp\/v2\/product\/351418","targetHints":{"allow":["GET"]}}],"collection":[{"href":"https:\/\/hidalgo.nl\/de\/wp-json\/wp\/v2\/product"}],"about":[{"href":"https:\/\/hidalgo.nl\/de\/wp-json\/wp\/v2\/types\/product"}],"wp:featuredmedia":[{"embeddable":true,"href":"https:\/\/hidalgo.nl\/de\/wp-json\/wp\/v2\/media\/351419"}],"wp:attachment":[{"href":"https:\/\/hidalgo.nl\/de\/wp-json\/wp\/v2\/media?parent=351418"}],"wp:term":[{"taxonomy":"product_brand","embeddable":true,"href":"https:\/\/hidalgo.nl\/de\/wp-json\/wp\/v2\/product_brand?post=351418"},{"taxonomy":"product_cat","embeddable":true,"href":"https:\/\/hidalgo.nl\/de\/wp-json\/wp\/v2\/product_cat?post=351418"},{"taxonomy":"product_tag","embeddable":true,"href":"https:\/\/hidalgo.nl\/de\/wp-json\/wp\/v2\/product_tag?post=351418"}],"curies":[{"name":"wp","href":"https:\/\/api.w.org\/{rel}","templated":true}]}}