{"id":351406,"date":"2025-08-08T08:09:23","date_gmt":"2025-08-08T08:09:23","guid":{"rendered":"http:\/\/bidonsenshakers.pim.hidalgo.nl\/product\/manhattan-cocktail-shaker\/"},"modified":"2026-03-19T09:53:52","modified_gmt":"2026-03-19T09:53:52","slug":"manhattan-cocktail-shaker","status":"publish","type":"product","link":"https:\/\/hidalgo.nl\/de\/product\/manhattan-cocktail-shaker\/","title":{"rendered":"Manhattan Cocktail Shaker"},"content":{"rendered":"<p>Cocktailshaker van glanzend RVS. Een strak ontwerp met makkelijke grip. De dop heeft een ingebouwde zeef voor het perfect uitserveren van de drankjes. Inhoud 550 ml.<\/p>\n","protected":false},"excerpt":{"rendered":"<p>Cocktailshaker van glanzend RVS. Een strak ontwerp met makkelijke grip. De dop heeft een ingebouwde zeef voor het perfect uitserveren van de drankjes. Inhoud 550 ml.<\/p>\n","protected":false},"featured_media":351407,"template":"","meta":{"_acf_changed":false,"om_disable_all_campaigns":false,"_monsterinsights_skip_tracking":false,"_monsterinsights_sitenote_active":false,"_monsterinsights_sitenote_note":"","_monsterinsights_sitenote_category":0},"product_brand":[],"product_cat":[4735,5024,4719,4728],"product_tag":[],"class_list":{"0":"post-351406","1":"product","2":"type-product","3":"status-publish","4":"has-post-thumbnail","6":"product_supplier-a24","7":"product_material-rvs","8":"product_cat-keuken","9":"product_cat-promotionele-artikelen-thuis-keuken-en-tuin-keuken-keuken-accessoires","10":"product_cat-promotionele-artikelen","11":"product_cat-promotionele-artikelen-thuis-keuken-en-tuin","12":"entry","14":"first","15":"instock","16":"taxable","17":"shipping-taxable","18":"purchasable","19":"product-type-variable"},"acf":{"imprint_cost":[{"imprint_cost_key":"543304636dd5d744244eaf6f626152848fbeddd7","product_quantity_price_range":[{"imprint_cost_recommended_selling_price":"2.535","imprint_cost_recommended_selling_quantity":"1"},{"imprint_cost_recommended_selling_price":"1.785","imprint_cost_recommended_selling_quantity":"25"},{"imprint_cost_recommended_selling_price":"1.035","imprint_cost_recommended_selling_quantity":"50"},{"imprint_cost_recommended_selling_price":"0.84","imprint_cost_recommended_selling_quantity":"100"},{"imprint_cost_recommended_selling_price":"0.69","imprint_cost_recommended_selling_quantity":"250"},{"imprint_cost_recommended_selling_price":"0.63","imprint_cost_recommended_selling_quantity":"500"},{"imprint_cost_recommended_selling_price":"0.585","imprint_cost_recommended_selling_quantity":"1000"},{"imprint_cost_recommended_selling_price":"0.525","imprint_cost_recommended_selling_quantity":"2500"},{"imprint_cost_recommended_selling_price":"0.51","imprint_cost_recommended_selling_quantity":"5000"}],"product_quantity_price_range_buying":[{"imprint_cost_general_buying_price":"1.69","imprint_cost_general_buying_quantity":"1"},{"imprint_cost_general_buying_price":"1.19","imprint_cost_general_buying_quantity":"25"},{"imprint_cost_general_buying_price":"0.69","imprint_cost_general_buying_quantity":"50"},{"imprint_cost_general_buying_price":"0.56","imprint_cost_general_buying_quantity":"100"},{"imprint_cost_general_buying_price":"0.46","imprint_cost_general_buying_quantity":"250"},{"imprint_cost_general_buying_price":"0.42","imprint_cost_general_buying_quantity":"500"},{"imprint_cost_general_buying_price":"0.39","imprint_cost_general_buying_quantity":"1000"},{"imprint_cost_general_buying_price":"0.35","imprint_cost_general_buying_quantity":"2500"},{"imprint_cost_general_buying_price":"0.34","imprint_cost_general_buying_quantity":"5000"}],"imprint_cost_setup_costs":"26.25","imprint_cost_handling_costs":"0.09"},{"imprint_cost_key":"b26792fbfc421724761a6941f43cf9805e828b9b","product_quantity_price_range":[{"imprint_cost_recommended_selling_price":"2.535","imprint_cost_recommended_selling_quantity":"1"},{"imprint_cost_recommended_selling_price":"1.785","imprint_cost_recommended_selling_quantity":"25"},{"imprint_cost_recommended_selling_price":"1.035","imprint_cost_recommended_selling_quantity":"50"},{"imprint_cost_recommended_selling_price":"0.84","imprint_cost_recommended_selling_quantity":"100"},{"imprint_cost_recommended_selling_price":"0.69","imprint_cost_recommended_selling_quantity":"250"},{"imprint_cost_recommended_selling_price":"0.63","imprint_cost_recommended_selling_quantity":"500"},{"imprint_cost_recommended_selling_price":"0.585","imprint_cost_recommended_selling_quantity":"1000"},{"imprint_cost_recommended_selling_price":"0.525","imprint_cost_recommended_selling_quantity":"2500"},{"imprint_cost_recommended_selling_price":"0.51","imprint_cost_recommended_selling_quantity":"5000"}],"product_quantity_price_range_buying":[{"imprint_cost_general_buying_price":"1.69","imprint_cost_general_buying_quantity":"1"},{"imprint_cost_general_buying_price":"1.19","imprint_cost_general_buying_quantity":"25"},{"imprint_cost_general_buying_price":"0.69","imprint_cost_general_buying_quantity":"50"},{"imprint_cost_general_buying_price":"0.56","imprint_cost_general_buying_quantity":"100"},{"imprint_cost_general_buying_price":"0.46","imprint_cost_general_buying_quantity":"250"},{"imprint_cost_general_buying_price":"0.42","imprint_cost_general_buying_quantity":"500"},{"imprint_cost_general_buying_price":"0.39","imprint_cost_general_buying_quantity":"1000"},{"imprint_cost_general_buying_price":"0.35","imprint_cost_general_buying_quantity":"2500"},{"imprint_cost_general_buying_price":"0.34","imprint_cost_general_buying_quantity":"5000"}],"imprint_cost_setup_costs":"26.25","imprint_cost_handling_costs":"0.09"},{"imprint_cost_key":"b2e18b4cd15569c640e9ed38ca7ac2f5ae681e88","product_quantity_price_range":[{"imprint_cost_recommended_selling_price":"2.835","imprint_cost_recommended_selling_quantity":"1"},{"imprint_cost_recommended_selling_price":"2.085","imprint_cost_recommended_selling_quantity":"25"},{"imprint_cost_recommended_selling_price":"1.335","imprint_cost_recommended_selling_quantity":"50"},{"imprint_cost_recommended_selling_price":"1.14","imprint_cost_recommended_selling_quantity":"100"},{"imprint_cost_recommended_selling_price":"0.99","imprint_cost_recommended_selling_quantity":"250"},{"imprint_cost_recommended_selling_price":"0.93","imprint_cost_recommended_selling_quantity":"500"},{"imprint_cost_recommended_selling_price":"0.885","imprint_cost_recommended_selling_quantity":"1000"},{"imprint_cost_recommended_selling_price":"0.825","imprint_cost_recommended_selling_quantity":"2500"},{"imprint_cost_recommended_selling_price":"0.81","imprint_cost_recommended_selling_quantity":"5000"}],"product_quantity_price_range_buying":[{"imprint_cost_general_buying_price":"1.89","imprint_cost_general_buying_quantity":"1"},{"imprint_cost_general_buying_price":"1.39","imprint_cost_general_buying_quantity":"25"},{"imprint_cost_general_buying_price":"0.89","imprint_cost_general_buying_quantity":"50"},{"imprint_cost_general_buying_price":"0.76","imprint_cost_general_buying_quantity":"100"},{"imprint_cost_general_buying_price":"0.66","imprint_cost_general_buying_quantity":"250"},{"imprint_cost_general_buying_price":"0.62","imprint_cost_general_buying_quantity":"500"},{"imprint_cost_general_buying_price":"0.59","imprint_cost_general_buying_quantity":"1000"},{"imprint_cost_general_buying_price":"0.55","imprint_cost_general_buying_quantity":"2500"},{"imprint_cost_general_buying_price":"0.54","imprint_cost_general_buying_quantity":"5000"}],"imprint_cost_setup_costs":"26.25","imprint_cost_handling_costs":"0.09"},{"imprint_cost_key":"6cb7d66eb37cd11953c0285a96eb7353ce811e47","product_quantity_price_range":[{"imprint_cost_recommended_selling_price":"2.835","imprint_cost_recommended_selling_quantity":"1"},{"imprint_cost_recommended_selling_price":"2.085","imprint_cost_recommended_selling_quantity":"25"},{"imprint_cost_recommended_selling_price":"1.335","imprint_cost_recommended_selling_quantity":"50"},{"imprint_cost_recommended_selling_price":"1.14","imprint_cost_recommended_selling_quantity":"100"},{"imprint_cost_recommended_selling_price":"0.99","imprint_cost_recommended_selling_quantity":"250"},{"imprint_cost_recommended_selling_price":"0.93","imprint_cost_recommended_selling_quantity":"500"},{"imprint_cost_recommended_selling_price":"0.885","imprint_cost_recommended_selling_quantity":"1000"},{"imprint_cost_recommended_selling_price":"0.825","imprint_cost_recommended_selling_quantity":"2500"},{"imprint_cost_recommended_selling_price":"0.81","imprint_cost_recommended_selling_quantity":"5000"}],"product_quantity_price_range_buying":[{"imprint_cost_general_buying_price":"1.89","imprint_cost_general_buying_quantity":"1"},{"imprint_cost_general_buying_price":"1.39","imprint_cost_general_buying_quantity":"25"},{"imprint_cost_general_buying_price":"0.89","imprint_cost_general_buying_quantity":"50"},{"imprint_cost_general_buying_price":"0.76","imprint_cost_general_buying_quantity":"100"},{"imprint_cost_general_buying_price":"0.66","imprint_cost_general_buying_quantity":"250"},{"imprint_cost_general_buying_price":"0.62","imprint_cost_general_buying_quantity":"500"},{"imprint_cost_general_buying_price":"0.59","imprint_cost_general_buying_quantity":"1000"},{"imprint_cost_general_buying_price":"0.55","imprint_cost_general_buying_quantity":"2500"},{"imprint_cost_general_buying_price":"0.54","imprint_cost_general_buying_quantity":"5000"}],"imprint_cost_setup_costs":"26.25","imprint_cost_handling_costs":"0.09"}]},"aioseo_notices":[],"aioseo_head":"\n\t\t<!-- All in One SEO Pro 4.9.6.2 - aioseo.com -->\n\t<meta name=\"description\" content=\"Mix dir Drinks wie an der Bar: Der 550 ml Edelstahl-Shaker Manhattan mit integriertem Sieb filtert Eis &amp; Fruchtreste direkt beim Ausgie\u00dfen. Lass dein Logo von Hidalgo aufbringen - ideal als hochwertiges Cocktailzubeh\u00f6r f\u00fcr Hausbar, Events und Gastronomie.\" \/>\n\t<meta name=\"robots\" content=\"max-image-preview:large\" \/>\n\t<link rel=\"canonical\" href=\"https:\/\/hidalgo.nl\/de\/wp-json\/wp\/v2\/product\/351406\" \/>\n\t<meta name=\"generator\" content=\"All in One SEO Pro (AIOSEO) 4.9.6.2\" \/>\n\t\t<meta property=\"og:locale\" content=\"de_DE\" \/>\n\t\t<meta property=\"og:site_name\" content=\"Hidalgo -\" \/>\n\t\t<meta property=\"og:type\" content=\"article\" \/>\n\t\t<meta property=\"og:title\" content=\"Manhattan Cocktail Shaker\" \/>\n\t\t<meta property=\"og:description\" content=\"Mix dir Drinks wie an der Bar: Der 550 ml Edelstahl-Shaker Manhattan mit integriertem Sieb filtert Eis &amp; Fruchtreste direkt beim Ausgie\u00dfen. Lass dein Logo von Hidalgo aufbringen - ideal als hochwertiges Cocktailzubeh\u00f6r f\u00fcr Hausbar, Events und Gastronomie.\" \/>\n\t\t<meta property=\"og:url\" content=\"https:\/\/hidalgo.nl\/de\/wp-json\/wp\/v2\/product\/351406\" \/>\n\t\t<meta property=\"og:image\" content=\"https:\/\/shop.hidalgo.nl\/wp-content\/uploads\/2025\/11\/cropped-Hidalgo-est1993.png\" \/>\n\t\t<meta property=\"og:image:secure_url\" content=\"https:\/\/shop.hidalgo.nl\/wp-content\/uploads\/2025\/11\/cropped-Hidalgo-est1993.png\" \/>\n\t\t<meta property=\"article:published_time\" content=\"2025-08-08T08:09:23+00:00\" \/>\n\t\t<meta property=\"article:modified_time\" content=\"2026-03-19T09:53:52+00:00\" \/>\n\t\t<meta name=\"twitter:card\" content=\"summary_large_image\" \/>\n\t\t<meta name=\"twitter:title\" content=\"Manhattan Cocktail Shaker\" \/>\n\t\t<meta name=\"twitter:description\" content=\"Mix dir Drinks wie an der Bar: Der 550 ml Edelstahl-Shaker Manhattan mit integriertem Sieb filtert Eis &amp; Fruchtreste direkt beim Ausgie\u00dfen. Lass dein Logo von Hidalgo aufbringen - ideal als hochwertiges Cocktailzubeh\u00f6r f\u00fcr Hausbar, Events und Gastronomie.\" \/>\n\t\t<meta name=\"twitter:image\" content=\"https:\/\/shop.hidalgo.nl\/wp-content\/uploads\/2025\/11\/cropped-Hidalgo-est1993.png\" \/>\n\t\t<script type=\"application\/ld+json\" class=\"aioseo-schema\">\n\t\t\t{\"@context\":\"https:\\\/\\\/schema.org\",\"@graph\":[{\"@type\":\"BreadcrumbList\",\"@id\":\"https:\\\/\\\/hidalgo.nl\\\/de\\\/product\\\/manhattan-cocktail-shaker\\\/#breadcrumblist\",\"itemListElement\":[{\"@type\":\"ListItem\",\"@id\":\"https:\\\/\\\/hidalgo.nl\\\/de\\\/#listItem\",\"position\":1,\"name\":\"Home\",\"item\":\"https:\\\/\\\/hidalgo.nl\\\/de\\\/\",\"nextItem\":{\"@type\":\"ListItem\",\"@id\":\"https:\\\/\\\/hidalgo.nl\\\/example\\\/#listItem\",\"name\":\"example\"}},{\"@type\":\"ListItem\",\"@id\":\"https:\\\/\\\/hidalgo.nl\\\/example\\\/#listItem\",\"position\":2,\"name\":\"example\",\"item\":\"https:\\\/\\\/hidalgo.nl\\\/example\\\/\",\"nextItem\":{\"@type\":\"ListItem\",\"@id\":\"https:\\\/\\\/hidalgo.nl\\\/en\\\/product-supplier\\\/a24\\\/#listItem\",\"name\":\"A24\"},\"previousItem\":{\"@type\":\"ListItem\",\"@id\":\"https:\\\/\\\/hidalgo.nl\\\/de\\\/#listItem\",\"name\":\"Home\"}},{\"@type\":\"ListItem\",\"@id\":\"https:\\\/\\\/hidalgo.nl\\\/en\\\/product-supplier\\\/a24\\\/#listItem\",\"position\":3,\"name\":\"A24\",\"item\":\"https:\\\/\\\/hidalgo.nl\\\/en\\\/product-supplier\\\/a24\\\/\",\"nextItem\":{\"@type\":\"ListItem\",\"@id\":\"https:\\\/\\\/hidalgo.nl\\\/de\\\/product\\\/manhattan-cocktail-shaker\\\/#listItem\",\"name\":\"Manhattan Cocktail Shaker\"},\"previousItem\":{\"@type\":\"ListItem\",\"@id\":\"https:\\\/\\\/hidalgo.nl\\\/example\\\/#listItem\",\"name\":\"example\"}},{\"@type\":\"ListItem\",\"@id\":\"https:\\\/\\\/hidalgo.nl\\\/de\\\/product\\\/manhattan-cocktail-shaker\\\/#listItem\",\"position\":4,\"name\":\"Manhattan Cocktail Shaker\",\"previousItem\":{\"@type\":\"ListItem\",\"@id\":\"https:\\\/\\\/hidalgo.nl\\\/en\\\/product-supplier\\\/a24\\\/#listItem\",\"name\":\"A24\"}}]},{\"@type\":\"Organization\",\"@id\":\"https:\\\/\\\/hidalgo.nl\\\/de\\\/#organization\",\"name\":\"Hidalgo\",\"url\":\"https:\\\/\\\/hidalgo.nl\\\/de\\\/\",\"logo\":{\"@type\":\"ImageObject\",\"url\":\"https:\\\/\\\/shop.hidalgo.nl\\\/wp-content\\\/uploads\\\/2025\\\/11\\\/cropped-Hidalgo-est1993.png\",\"@id\":\"https:\\\/\\\/hidalgo.nl\\\/de\\\/product\\\/manhattan-cocktail-shaker\\\/#organizationLogo\",\"width\":585,\"height\":195},\"image\":{\"@id\":\"https:\\\/\\\/hidalgo.nl\\\/de\\\/product\\\/manhattan-cocktail-shaker\\\/#organizationLogo\"}},{\"@type\":\"ProductGroup\",\"@id\":\"https:\\\/\\\/hidalgo.nl\\\/de\\\/product\\\/manhattan-cocktail-shaker\\\/#wooCommerceProduct\",\"name\":\"Manhattan Cocktail Shaker\",\"url\":\"https:\\\/\\\/hidalgo.nl\\\/de\\\/product\\\/manhattan-cocktail-shaker\\\/\",\"sku\":\"A24-3043\",\"image\":{\"@type\":\"ImageObject\",\"url\":\"https:\\\/\\\/shop.hidalgo.nl\\\/wp-content\\\/uploads\\\/2025\\\/07\\\/fd8bbaca361d0b8e7f92b0eee659e441b1e11ab9db283436803c9bc0d864e13f.jpg\",\"@id\":\"https:\\\/\\\/hidalgo.nl\\\/de\\\/product\\\/manhattan-cocktail-shaker\\\/#productImage\",\"width\":1000,\"height\":1000},\"productGroupID\":351406,\"hasVariant\":[{\"@type\":\"Product\",\"@id\":\"https:\\\/\\\/hidalgo.nl\\\/de\\\/product\\\/manhattan-cocktail-shaker\\\/#wooCommerceProduct\",\"name\":\"Manhattan Cocktail Shaker - zilver\",\"url\":\"https:\\\/\\\/hidalgo.nl\\\/de\\\/product\\\/manhattan-cocktail-shaker\\\/\",\"sku\":\"A24-304301\",\"image\":{\"@type\":\"ImageObject\",\"url\":\"https:\\\/\\\/shop.hidalgo.nl\\\/wp-content\\\/uploads\\\/2025\\\/07\\\/fd8bbaca361d0b8e7f92b0eee659e441b1e11ab9db283436803c9bc0d864e13f.jpg\",\"@id\":\"https:\\\/\\\/hidalgo.nl\\\/de\\\/product\\\/manhattan-cocktail-shaker\\\/#productImage\",\"width\":1000,\"height\":1000},\"offers\":{\"@type\":\"Offer\",\"url\":\"https:\\\/\\\/hidalgo.nl\\\/de\\\/product\\\/manhattan-cocktail-shaker\\\/#wooCommerceOffer\",\"price\":\"7.45\",\"priceCurrency\":\"EUR\",\"category\":\"Promotionele Artikelen\",\"availability\":\"https:\\\/\\\/schema.org\\\/InStock\",\"priceSpecification\":{\"@type\":\"PriceSpecification\",\"price\":7.45,\"priceCurrency\":\"EUR\",\"valueAddedTaxIncluded\":\"true\"}}}]},{\"@type\":\"WebPage\",\"@id\":\"https:\\\/\\\/hidalgo.nl\\\/de\\\/product\\\/manhattan-cocktail-shaker\\\/#webpage\",\"url\":\"https:\\\/\\\/hidalgo.nl\\\/de\\\/product\\\/manhattan-cocktail-shaker\\\/\",\"name\":\"Manhattan Cocktail Shaker\",\"description\":\"Mix dir Drinks wie an der Bar: Der 550 ml Edelstahl-Shaker Manhattan mit integriertem Sieb filtert Eis & Fruchtreste direkt beim Ausgie\\u00dfen. Lass dein Logo von Hidalgo aufbringen - ideal als hochwertiges Cocktailzubeh\\u00f6r f\\u00fcr Hausbar, Events und Gastronomie.\",\"inLanguage\":\"de-DE\",\"isPartOf\":{\"@id\":\"https:\\\/\\\/hidalgo.nl\\\/de\\\/#website\"},\"breadcrumb\":{\"@id\":\"https:\\\/\\\/hidalgo.nl\\\/de\\\/product\\\/manhattan-cocktail-shaker\\\/#breadcrumblist\"},\"image\":{\"@type\":\"ImageObject\",\"url\":\"https:\\\/\\\/shop.hidalgo.nl\\\/wp-content\\\/uploads\\\/2025\\\/07\\\/fd8bbaca361d0b8e7f92b0eee659e441b1e11ab9db283436803c9bc0d864e13f.jpg\",\"@id\":\"https:\\\/\\\/hidalgo.nl\\\/de\\\/product\\\/manhattan-cocktail-shaker\\\/#mainImage\",\"width\":1000,\"height\":1000},\"primaryImageOfPage\":{\"@id\":\"https:\\\/\\\/hidalgo.nl\\\/de\\\/product\\\/manhattan-cocktail-shaker\\\/#mainImage\"},\"datePublished\":\"2025-08-08T08:09:23+00:00\",\"dateModified\":\"2026-03-19T09:53:52+00:00\"},{\"@type\":\"WebSite\",\"@id\":\"https:\\\/\\\/hidalgo.nl\\\/de\\\/#website\",\"url\":\"https:\\\/\\\/hidalgo.nl\\\/de\\\/\",\"name\":\"Hidalgo\",\"inLanguage\":\"de-DE\",\"publisher\":{\"@id\":\"https:\\\/\\\/hidalgo.nl\\\/de\\\/#organization\"}}]}\n\t\t<\/script>\n\t\t<!-- All in One SEO Pro -->\r\n\t\t<title>Manhattan Cocktail Shaker<\/title>\n\n","aioseo_head_json":{"title":"Manhattan Cocktail Shaker","description":"Mix dir Drinks wie an der Bar: Der 550 ml Edelstahl-Shaker Manhattan mit integriertem Sieb filtert Eis & Fruchtreste direkt beim Ausgie\u00dfen. Lass dein Logo von Hidalgo aufbringen - ideal als hochwertiges Cocktailzubeh\u00f6r f\u00fcr Hausbar, Events und Gastronomie.","canonical_url":"https:\/\/hidalgo.nl\/de\/wp-json\/wp\/v2\/product\/351406","robots":"max-image-preview:large","keywords":"","webmasterTools":{"miscellaneous":""},"schema":{"@context":"https:\/\/schema.org","@graph":[{"@type":"BreadcrumbList","@id":"https:\/\/hidalgo.nl\/de\/product\/manhattan-cocktail-shaker\/#breadcrumblist","itemListElement":[{"@type":"ListItem","@id":"https:\/\/hidalgo.nl\/de\/#listItem","position":1,"name":"Home","item":"https:\/\/hidalgo.nl\/de\/","nextItem":{"@type":"ListItem","@id":"https:\/\/hidalgo.nl\/example\/#listItem","name":"example"}},{"@type":"ListItem","@id":"https:\/\/hidalgo.nl\/example\/#listItem","position":2,"name":"example","item":"https:\/\/hidalgo.nl\/example\/","nextItem":{"@type":"ListItem","@id":"https:\/\/hidalgo.nl\/en\/product-supplier\/a24\/#listItem","name":"A24"},"previousItem":{"@type":"ListItem","@id":"https:\/\/hidalgo.nl\/de\/#listItem","name":"Home"}},{"@type":"ListItem","@id":"https:\/\/hidalgo.nl\/en\/product-supplier\/a24\/#listItem","position":3,"name":"A24","item":"https:\/\/hidalgo.nl\/en\/product-supplier\/a24\/","nextItem":{"@type":"ListItem","@id":"https:\/\/hidalgo.nl\/de\/product\/manhattan-cocktail-shaker\/#listItem","name":"Manhattan Cocktail Shaker"},"previousItem":{"@type":"ListItem","@id":"https:\/\/hidalgo.nl\/example\/#listItem","name":"example"}},{"@type":"ListItem","@id":"https:\/\/hidalgo.nl\/de\/product\/manhattan-cocktail-shaker\/#listItem","position":4,"name":"Manhattan Cocktail Shaker","previousItem":{"@type":"ListItem","@id":"https:\/\/hidalgo.nl\/en\/product-supplier\/a24\/#listItem","name":"A24"}}]},{"@type":"Organization","@id":"https:\/\/hidalgo.nl\/de\/#organization","name":"Hidalgo","url":"https:\/\/hidalgo.nl\/de\/","logo":{"@type":"ImageObject","url":"https:\/\/shop.hidalgo.nl\/wp-content\/uploads\/2025\/11\/cropped-Hidalgo-est1993.png","@id":"https:\/\/hidalgo.nl\/de\/product\/manhattan-cocktail-shaker\/#organizationLogo","width":585,"height":195},"image":{"@id":"https:\/\/hidalgo.nl\/de\/product\/manhattan-cocktail-shaker\/#organizationLogo"}},{"@type":"ProductGroup","@id":"https:\/\/hidalgo.nl\/de\/product\/manhattan-cocktail-shaker\/#wooCommerceProduct","name":"Manhattan Cocktail Shaker","url":"https:\/\/hidalgo.nl\/de\/product\/manhattan-cocktail-shaker\/","sku":"A24-3043","image":{"@type":"ImageObject","url":"https:\/\/shop.hidalgo.nl\/wp-content\/uploads\/2025\/07\/fd8bbaca361d0b8e7f92b0eee659e441b1e11ab9db283436803c9bc0d864e13f.jpg","@id":"https:\/\/hidalgo.nl\/de\/product\/manhattan-cocktail-shaker\/#productImage","width":1000,"height":1000},"productGroupID":351406,"hasVariant":[{"@type":"Product","@id":"https:\/\/hidalgo.nl\/de\/product\/manhattan-cocktail-shaker\/#wooCommerceProduct","name":"Manhattan Cocktail Shaker - zilver","url":"https:\/\/hidalgo.nl\/de\/product\/manhattan-cocktail-shaker\/","sku":"A24-304301","image":{"@type":"ImageObject","url":"https:\/\/shop.hidalgo.nl\/wp-content\/uploads\/2025\/07\/fd8bbaca361d0b8e7f92b0eee659e441b1e11ab9db283436803c9bc0d864e13f.jpg","@id":"https:\/\/hidalgo.nl\/de\/product\/manhattan-cocktail-shaker\/#productImage","width":1000,"height":1000},"offers":{"@type":"Offer","url":"https:\/\/hidalgo.nl\/de\/product\/manhattan-cocktail-shaker\/#wooCommerceOffer","price":"7.45","priceCurrency":"EUR","category":"Promotionele Artikelen","availability":"https:\/\/schema.org\/InStock","priceSpecification":{"@type":"PriceSpecification","price":7.45,"priceCurrency":"EUR","valueAddedTaxIncluded":"true"}}}]},{"@type":"WebPage","@id":"https:\/\/hidalgo.nl\/de\/product\/manhattan-cocktail-shaker\/#webpage","url":"https:\/\/hidalgo.nl\/de\/product\/manhattan-cocktail-shaker\/","name":"Manhattan Cocktail Shaker","description":"Mix dir Drinks wie an der Bar: Der 550 ml Edelstahl-Shaker Manhattan mit integriertem Sieb filtert Eis & Fruchtreste direkt beim Ausgie\u00dfen. Lass dein Logo von Hidalgo aufbringen - ideal als hochwertiges Cocktailzubeh\u00f6r f\u00fcr Hausbar, Events und Gastronomie.","inLanguage":"de-DE","isPartOf":{"@id":"https:\/\/hidalgo.nl\/de\/#website"},"breadcrumb":{"@id":"https:\/\/hidalgo.nl\/de\/product\/manhattan-cocktail-shaker\/#breadcrumblist"},"image":{"@type":"ImageObject","url":"https:\/\/shop.hidalgo.nl\/wp-content\/uploads\/2025\/07\/fd8bbaca361d0b8e7f92b0eee659e441b1e11ab9db283436803c9bc0d864e13f.jpg","@id":"https:\/\/hidalgo.nl\/de\/product\/manhattan-cocktail-shaker\/#mainImage","width":1000,"height":1000},"primaryImageOfPage":{"@id":"https:\/\/hidalgo.nl\/de\/product\/manhattan-cocktail-shaker\/#mainImage"},"datePublished":"2025-08-08T08:09:23+00:00","dateModified":"2026-03-19T09:53:52+00:00"},{"@type":"WebSite","@id":"https:\/\/hidalgo.nl\/de\/#website","url":"https:\/\/hidalgo.nl\/de\/","name":"Hidalgo","inLanguage":"de-DE","publisher":{"@id":"https:\/\/hidalgo.nl\/de\/#organization"}}]},"og:locale":"de_DE","og:site_name":"Hidalgo -","og:type":"article","og:title":"Manhattan Cocktail Shaker","og:description":"Mix dir Drinks wie an der Bar: Der 550 ml Edelstahl-Shaker Manhattan mit integriertem Sieb filtert Eis &amp; Fruchtreste direkt beim Ausgie\u00dfen. Lass dein Logo von Hidalgo aufbringen - ideal als hochwertiges Cocktailzubeh\u00f6r f\u00fcr Hausbar, Events und Gastronomie.","og:url":"https:\/\/hidalgo.nl\/de\/wp-json\/wp\/v2\/product\/351406","og:image":"https:\/\/shop.hidalgo.nl\/wp-content\/uploads\/2025\/11\/cropped-Hidalgo-est1993.png","og:image:secure_url":"https:\/\/shop.hidalgo.nl\/wp-content\/uploads\/2025\/11\/cropped-Hidalgo-est1993.png","article:published_time":"2025-08-08T08:09:23+00:00","article:modified_time":"2026-03-19T09:53:52+00:00","twitter:card":"summary_large_image","twitter:title":"Manhattan Cocktail Shaker","twitter:description":"Mix dir Drinks wie an der Bar: Der 550 ml Edelstahl-Shaker Manhattan mit integriertem Sieb filtert Eis &amp; Fruchtreste direkt beim Ausgie\u00dfen. Lass dein Logo von Hidalgo aufbringen - ideal als hochwertiges Cocktailzubeh\u00f6r f\u00fcr Hausbar, Events und Gastronomie.","twitter:image":"https:\/\/shop.hidalgo.nl\/wp-content\/uploads\/2025\/11\/cropped-Hidalgo-est1993.png"},"aioseo_meta_data":{"post_id":"351406","title":null,"description":null,"keywords":null,"keyphrases":null,"primary_term":null,"canonical_url":null,"og_title":null,"og_description":null,"og_object_type":"default","og_image_type":"default","og_image_url":null,"og_image_width":null,"og_image_height":null,"og_image_custom_url":null,"og_image_custom_fields":null,"og_video":null,"og_custom_url":null,"og_article_section":null,"og_article_tags":null,"twitter_use_og":false,"twitter_card":"default","twitter_image_type":"default","twitter_image_url":null,"twitter_image_custom_url":null,"twitter_image_custom_fields":null,"twitter_title":null,"twitter_description":null,"schema":{"blockGraphs":[],"customGraphs":[],"default":{"data":{"Article":[],"Course":[],"Dataset":[],"FAQPage":[],"Movie":[],"Person":[],"Product":[],"ProductReview":[],"Car":[],"Recipe":[],"Service":[],"SoftwareApplication":[],"WebPage":[]},"graphName":"","isEnabled":true},"graphs":[]},"schema_type":"default","schema_type_options":null,"pillar_content":false,"robots_default":true,"robots_noindex":false,"robots_noarchive":false,"robots_nosnippet":false,"robots_nofollow":false,"robots_noimageindex":false,"robots_noodp":false,"robots_notranslate":false,"robots_max_snippet":null,"robots_max_videopreview":null,"robots_max_imagepreview":"large","priority":null,"frequency":null,"local_seo":null,"seo_analyzer_scan_date":"2026-01-23 07:00:59","breadcrumb_settings":null,"limit_modified_date":false,"reviewed_by":null,"open_ai":null,"ai":null,"created":"2026-01-14 07:03:00","updated":"2026-04-23 01:34:57"},"aioseo_breadcrumb":"<div class=\"aioseo-breadcrumbs\"><span class=\"aioseo-breadcrumb\">\n\t<a href=\"https:\/\/hidalgo.nl\/de\/\" title=\"Home\">Home<\/a>\n<\/span><span class=\"aioseo-breadcrumb-separator\">\u00bb<\/span><span class=\"aioseo-breadcrumb\">\n\t<a href=\"https:\/\/hidalgo.nl\/example\/\" title=\"example\">example<\/a>\n<\/span><span class=\"aioseo-breadcrumb-separator\">\u00bb<\/span><span class=\"aioseo-breadcrumb\">\n\t<a href=\"https:\/\/hidalgo.nl\/en\/product-supplier\/a24\/\" title=\"A24\">A24<\/a>\n<\/span><span class=\"aioseo-breadcrumb-separator\">\u00bb<\/span><span class=\"aioseo-breadcrumb\">\n\tManhattan Cocktail Shaker\n<\/span><\/div>","aioseo_breadcrumb_json":[{"label":"Home","link":"https:\/\/hidalgo.nl\/de\/"},{"label":"example","link":"https:\/\/hidalgo.nl\/example\/"},{"label":"A24","link":"https:\/\/hidalgo.nl\/en\/product-supplier\/a24\/"},{"label":"Manhattan Cocktail Shaker","link":"https:\/\/hidalgo.nl\/de\/product\/manhattan-cocktail-shaker\/"}],"_links":{"self":[{"href":"https:\/\/hidalgo.nl\/de\/wp-json\/wp\/v2\/product\/351406","targetHints":{"allow":["GET"]}}],"collection":[{"href":"https:\/\/hidalgo.nl\/de\/wp-json\/wp\/v2\/product"}],"about":[{"href":"https:\/\/hidalgo.nl\/de\/wp-json\/wp\/v2\/types\/product"}],"wp:featuredmedia":[{"embeddable":true,"href":"https:\/\/hidalgo.nl\/de\/wp-json\/wp\/v2\/media\/351407"}],"wp:attachment":[{"href":"https:\/\/hidalgo.nl\/de\/wp-json\/wp\/v2\/media?parent=351406"}],"wp:term":[{"taxonomy":"product_brand","embeddable":true,"href":"https:\/\/hidalgo.nl\/de\/wp-json\/wp\/v2\/product_brand?post=351406"},{"taxonomy":"product_cat","embeddable":true,"href":"https:\/\/hidalgo.nl\/de\/wp-json\/wp\/v2\/product_cat?post=351406"},{"taxonomy":"product_tag","embeddable":true,"href":"https:\/\/hidalgo.nl\/de\/wp-json\/wp\/v2\/product_tag?post=351406"}],"curies":[{"name":"wp","href":"https:\/\/api.w.org\/{rel}","templated":true}]}}