{"id":329668,"date":"2025-07-30T08:27:29","date_gmt":"2025-07-30T08:27:29","guid":{"rendered":"http:\/\/bidonsenshakers.pim.hidalgo.nl\/product\/homeys-wood-fiber-cutting-board-small-snijplank\/"},"modified":"2026-03-19T18:51:01","modified_gmt":"2026-03-19T18:51:01","slug":"homeys-wood-fiber-cutting-board-small-snijplank","status":"publish","type":"product","link":"https:\/\/hidalgo.nl\/de\/product\/homeys-wood-fiber-cutting-board-small-snijplank\/","title":{"rendered":"Homey&#8217;s Wood Fiber Cutting Board Small snijplank"},"content":{"rendered":"<p>Handzame snijplank van het merk Homey&#8217;s. Gemaakt van stevig houtvezel, voorzien van een rondlopende groef om vlees- of vruchtensappen op te vangen. De antislip-hoekjes zorgen voor extra stabiliteit tijdens het snijden en zijn verwijderbaar voor een optimale hygi\u00ebne. De snijplank is niet-poreus, wat betekent dat het materiaal geen vocht, geuren of bacteri\u00ebn opneemt. Hierdoor blijft de plank hygi\u00ebnisch en makkelijk schoon te maken.  Daarnaast is de plank vlekbestendig, hittebestendig tot 180\u00b0C en vaatwasserbestendig.<\/p>\n","protected":false},"excerpt":{"rendered":"<p>Handzame snijplank van het merk Homey&#8217;s. Gemaakt van stevig houtvezel, voorzien van een rondlopende groef om vlees- of vruchtensappen op te vangen. De antislip-hoekjes zorgen voor extra stabiliteit tijdens het snijden en zijn verwijderbaar voor een optimale hygi\u00ebne. De snijplank is niet-poreus, wat betekent dat het materiaal geen vocht, geuren of bacteri\u00ebn opneemt. Hierdoor blijft&hellip; <a class=\"more-link\" href=\"https:\/\/hidalgo.nl\/de\/product\/homeys-wood-fiber-cutting-board-small-snijplank\/\"><span class=\"screen-reader-text\">Homey&#8217;s Wood Fiber Cutting Board Small snijplank<\/span> weiterlesen<\/a><\/p>\n","protected":false},"featured_media":329669,"template":"","meta":{"_acf_changed":false,"om_disable_all_campaigns":false,"_monsterinsights_skip_tracking":false,"_monsterinsights_sitenote_active":false,"_monsterinsights_sitenote_note":"","_monsterinsights_sitenote_category":0},"product_brand":[2959],"product_cat":[4766,4735,4719,4728],"product_tag":[],"class_list":{"0":"post-329668","1":"product","2":"type-product","3":"status-publish","4":"has-post-thumbnail","6":"product_supplier-a24","7":"product_material-houtvezels","8":"product_brand-homeys-tools-for-life","9":"product_cat-kaas-snij-en-serveer-planken","10":"product_cat-keuken","11":"product_cat-promotionele-artikelen","12":"product_cat-promotionele-artikelen-thuis-keuken-en-tuin","13":"entry","15":"first","16":"instock","17":"taxable","18":"shipping-taxable","19":"purchasable","20":"product-type-variable"},"acf":{"imprint_cost":[{"imprint_cost_key":"6b0056ab321497ef3dad5d73c100d0697a1dd6fa","product_quantity_price_range":[{"imprint_cost_recommended_selling_price":"2.535","imprint_cost_recommended_selling_quantity":"1"},{"imprint_cost_recommended_selling_price":"1.785","imprint_cost_recommended_selling_quantity":"25"},{"imprint_cost_recommended_selling_price":"1.035","imprint_cost_recommended_selling_quantity":"50"},{"imprint_cost_recommended_selling_price":"0.84","imprint_cost_recommended_selling_quantity":"100"},{"imprint_cost_recommended_selling_price":"0.69","imprint_cost_recommended_selling_quantity":"250"},{"imprint_cost_recommended_selling_price":"0.63","imprint_cost_recommended_selling_quantity":"500"},{"imprint_cost_recommended_selling_price":"0.585","imprint_cost_recommended_selling_quantity":"1000"},{"imprint_cost_recommended_selling_price":"0.525","imprint_cost_recommended_selling_quantity":"2500"},{"imprint_cost_recommended_selling_price":"0.51","imprint_cost_recommended_selling_quantity":"5000"}],"product_quantity_price_range_buying":[{"imprint_cost_general_buying_price":"1.69","imprint_cost_general_buying_quantity":"1"},{"imprint_cost_general_buying_price":"1.19","imprint_cost_general_buying_quantity":"25"},{"imprint_cost_general_buying_price":"0.69","imprint_cost_general_buying_quantity":"50"},{"imprint_cost_general_buying_price":"0.56","imprint_cost_general_buying_quantity":"100"},{"imprint_cost_general_buying_price":"0.46","imprint_cost_general_buying_quantity":"250"},{"imprint_cost_general_buying_price":"0.42","imprint_cost_general_buying_quantity":"500"},{"imprint_cost_general_buying_price":"0.39","imprint_cost_general_buying_quantity":"1000"},{"imprint_cost_general_buying_price":"0.35","imprint_cost_general_buying_quantity":"2500"},{"imprint_cost_general_buying_price":"0.34","imprint_cost_general_buying_quantity":"5000"}],"imprint_cost_setup_costs":"26.25","imprint_cost_handling_costs":"0.09"},{"imprint_cost_key":"1da1d1d8e7cda62824cd6f54d8963de3716c9a23","product_quantity_price_range":[{"imprint_cost_recommended_selling_price":"2.835","imprint_cost_recommended_selling_quantity":"1"},{"imprint_cost_recommended_selling_price":"2.085","imprint_cost_recommended_selling_quantity":"25"},{"imprint_cost_recommended_selling_price":"1.335","imprint_cost_recommended_selling_quantity":"50"},{"imprint_cost_recommended_selling_price":"1.14","imprint_cost_recommended_selling_quantity":"100"},{"imprint_cost_recommended_selling_price":"0.99","imprint_cost_recommended_selling_quantity":"250"},{"imprint_cost_recommended_selling_price":"0.93","imprint_cost_recommended_selling_quantity":"500"},{"imprint_cost_recommended_selling_price":"0.885","imprint_cost_recommended_selling_quantity":"1000"},{"imprint_cost_recommended_selling_price":"0.825","imprint_cost_recommended_selling_quantity":"2500"},{"imprint_cost_recommended_selling_price":"0.81","imprint_cost_recommended_selling_quantity":"5000"}],"product_quantity_price_range_buying":[{"imprint_cost_general_buying_price":"1.89","imprint_cost_general_buying_quantity":"1"},{"imprint_cost_general_buying_price":"1.39","imprint_cost_general_buying_quantity":"25"},{"imprint_cost_general_buying_price":"0.89","imprint_cost_general_buying_quantity":"50"},{"imprint_cost_general_buying_price":"0.76","imprint_cost_general_buying_quantity":"100"},{"imprint_cost_general_buying_price":"0.66","imprint_cost_general_buying_quantity":"250"},{"imprint_cost_general_buying_price":"0.62","imprint_cost_general_buying_quantity":"500"},{"imprint_cost_general_buying_price":"0.59","imprint_cost_general_buying_quantity":"1000"},{"imprint_cost_general_buying_price":"0.55","imprint_cost_general_buying_quantity":"2500"},{"imprint_cost_general_buying_price":"0.54","imprint_cost_general_buying_quantity":"5000"}],"imprint_cost_setup_costs":"26.25","imprint_cost_handling_costs":"0.09"}]},"aioseo_notices":[],"aioseo_head":"\n\t\t<!-- All in One SEO Pro 4.9.6.2 - aioseo.com -->\n\t<meta name=\"description\" content=\"Kompaktes K\u00fcchenbrett aus robuster Holzfaser, sp\u00fclmaschinenfest und hitzebest\u00e4ndig bis 180 \u00b0C. Ideal zum Schneiden und als Servierbrett f\u00fcr Snacks &amp; Tapas; die Saftrille h\u00e4lt deine Arbeitsfl\u00e4che sauber. Hidalgo veredelt es mit deinem Logo f\u00fcr starke Markenpr\u00e4senz.\" \/>\n\t<meta name=\"robots\" content=\"max-image-preview:large\" \/>\n\t<link rel=\"canonical\" href=\"https:\/\/hidalgo.nl\/de\/wp-json\/wp\/v2\/product\/329668\" \/>\n\t<meta name=\"generator\" content=\"All in One SEO Pro (AIOSEO) 4.9.6.2\" \/>\n\t\t<meta property=\"og:locale\" content=\"de_DE\" \/>\n\t\t<meta property=\"og:site_name\" content=\"Hidalgo -\" \/>\n\t\t<meta property=\"og:type\" content=\"article\" \/>\n\t\t<meta property=\"og:title\" content=\"Homey\u2019s Wood Fiber Cutting Board Small snijplank\" \/>\n\t\t<meta property=\"og:description\" content=\"Kompaktes K\u00fcchenbrett aus robuster Holzfaser, sp\u00fclmaschinenfest und hitzebest\u00e4ndig bis 180 \u00b0C. Ideal zum Schneiden und als Servierbrett f\u00fcr Snacks &amp; Tapas; die Saftrille h\u00e4lt deine Arbeitsfl\u00e4che sauber. Hidalgo veredelt es mit deinem Logo f\u00fcr starke Markenpr\u00e4senz.\" \/>\n\t\t<meta property=\"og:url\" content=\"https:\/\/hidalgo.nl\/de\/wp-json\/wp\/v2\/product\/329668\" \/>\n\t\t<meta property=\"og:image\" content=\"https:\/\/shop.hidalgo.nl\/wp-content\/uploads\/2025\/11\/cropped-Hidalgo-est1993.png\" \/>\n\t\t<meta property=\"og:image:secure_url\" content=\"https:\/\/shop.hidalgo.nl\/wp-content\/uploads\/2025\/11\/cropped-Hidalgo-est1993.png\" \/>\n\t\t<meta property=\"article:published_time\" content=\"2025-07-30T08:27:29+00:00\" \/>\n\t\t<meta property=\"article:modified_time\" content=\"2026-03-19T18:51:01+00:00\" \/>\n\t\t<meta name=\"twitter:card\" content=\"summary_large_image\" \/>\n\t\t<meta name=\"twitter:title\" content=\"Homey\u2019s Wood Fiber Cutting Board Small snijplank\" \/>\n\t\t<meta name=\"twitter:description\" content=\"Kompaktes K\u00fcchenbrett aus robuster Holzfaser, sp\u00fclmaschinenfest und hitzebest\u00e4ndig bis 180 \u00b0C. Ideal zum Schneiden und als Servierbrett f\u00fcr Snacks &amp; Tapas; die Saftrille h\u00e4lt deine Arbeitsfl\u00e4che sauber. Hidalgo veredelt es mit deinem Logo f\u00fcr starke Markenpr\u00e4senz.\" \/>\n\t\t<meta name=\"twitter:image\" content=\"https:\/\/shop.hidalgo.nl\/wp-content\/uploads\/2025\/11\/cropped-Hidalgo-est1993.png\" \/>\n\t\t<script type=\"application\/ld+json\" class=\"aioseo-schema\">\n\t\t\t{\"@context\":\"https:\\\/\\\/schema.org\",\"@graph\":[{\"@type\":\"BreadcrumbList\",\"@id\":\"https:\\\/\\\/hidalgo.nl\\\/de\\\/product\\\/homeys-wood-fiber-cutting-board-small-snijplank\\\/#breadcrumblist\",\"itemListElement\":[{\"@type\":\"ListItem\",\"@id\":\"https:\\\/\\\/hidalgo.nl\\\/de\\\/#listItem\",\"position\":1,\"name\":\"Home\",\"item\":\"https:\\\/\\\/hidalgo.nl\\\/de\\\/\",\"nextItem\":{\"@type\":\"ListItem\",\"@id\":\"https:\\\/\\\/hidalgo.nl\\\/example\\\/#listItem\",\"name\":\"example\"}},{\"@type\":\"ListItem\",\"@id\":\"https:\\\/\\\/hidalgo.nl\\\/example\\\/#listItem\",\"position\":2,\"name\":\"example\",\"item\":\"https:\\\/\\\/hidalgo.nl\\\/example\\\/\",\"nextItem\":{\"@type\":\"ListItem\",\"@id\":\"https:\\\/\\\/hidalgo.nl\\\/en\\\/product-supplier\\\/a24\\\/#listItem\",\"name\":\"A24\"},\"previousItem\":{\"@type\":\"ListItem\",\"@id\":\"https:\\\/\\\/hidalgo.nl\\\/de\\\/#listItem\",\"name\":\"Home\"}},{\"@type\":\"ListItem\",\"@id\":\"https:\\\/\\\/hidalgo.nl\\\/en\\\/product-supplier\\\/a24\\\/#listItem\",\"position\":3,\"name\":\"A24\",\"item\":\"https:\\\/\\\/hidalgo.nl\\\/en\\\/product-supplier\\\/a24\\\/\",\"nextItem\":{\"@type\":\"ListItem\",\"@id\":\"https:\\\/\\\/hidalgo.nl\\\/de\\\/product\\\/homeys-wood-fiber-cutting-board-small-snijplank\\\/#listItem\",\"name\":\"Homey&#8217;s Wood Fiber Cutting Board Small snijplank\"},\"previousItem\":{\"@type\":\"ListItem\",\"@id\":\"https:\\\/\\\/hidalgo.nl\\\/example\\\/#listItem\",\"name\":\"example\"}},{\"@type\":\"ListItem\",\"@id\":\"https:\\\/\\\/hidalgo.nl\\\/de\\\/product\\\/homeys-wood-fiber-cutting-board-small-snijplank\\\/#listItem\",\"position\":4,\"name\":\"Homey&#8217;s Wood Fiber Cutting Board Small snijplank\",\"previousItem\":{\"@type\":\"ListItem\",\"@id\":\"https:\\\/\\\/hidalgo.nl\\\/en\\\/product-supplier\\\/a24\\\/#listItem\",\"name\":\"A24\"}}]},{\"@type\":\"Organization\",\"@id\":\"https:\\\/\\\/hidalgo.nl\\\/de\\\/#organization\",\"name\":\"Hidalgo\",\"url\":\"https:\\\/\\\/hidalgo.nl\\\/de\\\/\",\"logo\":{\"@type\":\"ImageObject\",\"url\":\"https:\\\/\\\/shop.hidalgo.nl\\\/wp-content\\\/uploads\\\/2025\\\/11\\\/cropped-Hidalgo-est1993.png\",\"@id\":\"https:\\\/\\\/hidalgo.nl\\\/de\\\/product\\\/homeys-wood-fiber-cutting-board-small-snijplank\\\/#organizationLogo\",\"width\":585,\"height\":195},\"image\":{\"@id\":\"https:\\\/\\\/hidalgo.nl\\\/de\\\/product\\\/homeys-wood-fiber-cutting-board-small-snijplank\\\/#organizationLogo\"}},{\"@type\":\"ProductGroup\",\"@id\":\"https:\\\/\\\/hidalgo.nl\\\/de\\\/product\\\/homeys-wood-fiber-cutting-board-small-snijplank\\\/#wooCommerceProduct\",\"name\":\"Homey&#8217;s Wood Fiber Cutting Board Small snijplank\",\"url\":\"https:\\\/\\\/hidalgo.nl\\\/de\\\/product\\\/homeys-wood-fiber-cutting-board-small-snijplank\\\/\",\"brand\":{\"@type\":\"Brand\",\"name\":\"HOMEY'S tools for life\"},\"sku\":\"A24-2779\",\"image\":{\"@type\":\"ImageObject\",\"url\":\"https:\\\/\\\/shop.hidalgo.nl\\\/wp-content\\\/uploads\\\/2025\\\/07\\\/b74ec204030d91960e0f0f0a2deda5aeee727247d4b038e59bf1fe1c5d3a7098.jpg\",\"@id\":\"https:\\\/\\\/hidalgo.nl\\\/de\\\/product\\\/homeys-wood-fiber-cutting-board-small-snijplank\\\/#productImage\",\"width\":1000,\"height\":1000},\"productGroupID\":329668,\"hasVariant\":[{\"@type\":\"Product\",\"@id\":\"https:\\\/\\\/hidalgo.nl\\\/de\\\/product\\\/homeys-wood-fiber-cutting-board-small-snijplank\\\/#wooCommerceProduct\",\"name\":\"Homey's Wood Fiber Cutting Board Small snijplank - zwart\",\"url\":\"https:\\\/\\\/hidalgo.nl\\\/de\\\/product\\\/homeys-wood-fiber-cutting-board-small-snijplank\\\/\",\"sku\":\"A24-277998\",\"image\":{\"@type\":\"ImageObject\",\"url\":\"https:\\\/\\\/shop.hidalgo.nl\\\/wp-content\\\/uploads\\\/2025\\\/07\\\/b74ec204030d91960e0f0f0a2deda5aeee727247d4b038e59bf1fe1c5d3a7098.jpg\",\"@id\":\"https:\\\/\\\/hidalgo.nl\\\/de\\\/product\\\/homeys-wood-fiber-cutting-board-small-snijplank\\\/#productImage\",\"width\":1000,\"height\":1000},\"offers\":{\"@type\":\"Offer\",\"url\":\"https:\\\/\\\/hidalgo.nl\\\/de\\\/product\\\/homeys-wood-fiber-cutting-board-small-snijplank\\\/#wooCommerceOffer\",\"price\":\"29.95\",\"priceCurrency\":\"EUR\",\"category\":\"Promotionele Artikelen\",\"availability\":\"https:\\\/\\\/schema.org\\\/InStock\",\"priceSpecification\":{\"@type\":\"PriceSpecification\",\"price\":29.95,\"priceCurrency\":\"EUR\",\"valueAddedTaxIncluded\":\"true\"}}}]},{\"@type\":\"WebPage\",\"@id\":\"https:\\\/\\\/hidalgo.nl\\\/de\\\/product\\\/homeys-wood-fiber-cutting-board-small-snijplank\\\/#webpage\",\"url\":\"https:\\\/\\\/hidalgo.nl\\\/de\\\/product\\\/homeys-wood-fiber-cutting-board-small-snijplank\\\/\",\"name\":\"Homey\\u2019s Wood Fiber Cutting Board Small snijplank\",\"description\":\"Kompaktes K\\u00fcchenbrett aus robuster Holzfaser, sp\\u00fclmaschinenfest und hitzebest\\u00e4ndig bis 180 \\u00b0C. Ideal zum Schneiden und als Servierbrett f\\u00fcr Snacks & Tapas; die Saftrille h\\u00e4lt deine Arbeitsfl\\u00e4che sauber. Hidalgo veredelt es mit deinem Logo f\\u00fcr starke Markenpr\\u00e4senz.\",\"inLanguage\":\"de-DE\",\"isPartOf\":{\"@id\":\"https:\\\/\\\/hidalgo.nl\\\/de\\\/#website\"},\"breadcrumb\":{\"@id\":\"https:\\\/\\\/hidalgo.nl\\\/de\\\/product\\\/homeys-wood-fiber-cutting-board-small-snijplank\\\/#breadcrumblist\"},\"image\":{\"@type\":\"ImageObject\",\"url\":\"https:\\\/\\\/shop.hidalgo.nl\\\/wp-content\\\/uploads\\\/2025\\\/07\\\/b74ec204030d91960e0f0f0a2deda5aeee727247d4b038e59bf1fe1c5d3a7098.jpg\",\"@id\":\"https:\\\/\\\/hidalgo.nl\\\/de\\\/product\\\/homeys-wood-fiber-cutting-board-small-snijplank\\\/#mainImage\",\"width\":1000,\"height\":1000},\"primaryImageOfPage\":{\"@id\":\"https:\\\/\\\/hidalgo.nl\\\/de\\\/product\\\/homeys-wood-fiber-cutting-board-small-snijplank\\\/#mainImage\"},\"datePublished\":\"2025-07-30T08:27:29+00:00\",\"dateModified\":\"2026-03-19T18:51:01+00:00\"},{\"@type\":\"WebSite\",\"@id\":\"https:\\\/\\\/hidalgo.nl\\\/de\\\/#website\",\"url\":\"https:\\\/\\\/hidalgo.nl\\\/de\\\/\",\"name\":\"Hidalgo\",\"inLanguage\":\"de-DE\",\"publisher\":{\"@id\":\"https:\\\/\\\/hidalgo.nl\\\/de\\\/#organization\"}}]}\n\t\t<\/script>\n\t\t<!-- All in One SEO Pro -->\r\n\t\t<title>Homey\u2019s Wood Fiber Cutting Board Small snijplank<\/title>\n\n","aioseo_head_json":{"title":"Homey\u2019s Wood Fiber Cutting Board Small snijplank","description":"Kompaktes K\u00fcchenbrett aus robuster Holzfaser, sp\u00fclmaschinenfest und hitzebest\u00e4ndig bis 180 \u00b0C. Ideal zum Schneiden und als Servierbrett f\u00fcr Snacks & Tapas; die Saftrille h\u00e4lt deine Arbeitsfl\u00e4che sauber. Hidalgo veredelt es mit deinem Logo f\u00fcr starke Markenpr\u00e4senz.","canonical_url":"https:\/\/hidalgo.nl\/de\/wp-json\/wp\/v2\/product\/329668","robots":"max-image-preview:large","keywords":"","webmasterTools":{"miscellaneous":""},"schema":{"@context":"https:\/\/schema.org","@graph":[{"@type":"BreadcrumbList","@id":"https:\/\/hidalgo.nl\/de\/product\/homeys-wood-fiber-cutting-board-small-snijplank\/#breadcrumblist","itemListElement":[{"@type":"ListItem","@id":"https:\/\/hidalgo.nl\/de\/#listItem","position":1,"name":"Home","item":"https:\/\/hidalgo.nl\/de\/","nextItem":{"@type":"ListItem","@id":"https:\/\/hidalgo.nl\/example\/#listItem","name":"example"}},{"@type":"ListItem","@id":"https:\/\/hidalgo.nl\/example\/#listItem","position":2,"name":"example","item":"https:\/\/hidalgo.nl\/example\/","nextItem":{"@type":"ListItem","@id":"https:\/\/hidalgo.nl\/en\/product-supplier\/a24\/#listItem","name":"A24"},"previousItem":{"@type":"ListItem","@id":"https:\/\/hidalgo.nl\/de\/#listItem","name":"Home"}},{"@type":"ListItem","@id":"https:\/\/hidalgo.nl\/en\/product-supplier\/a24\/#listItem","position":3,"name":"A24","item":"https:\/\/hidalgo.nl\/en\/product-supplier\/a24\/","nextItem":{"@type":"ListItem","@id":"https:\/\/hidalgo.nl\/de\/product\/homeys-wood-fiber-cutting-board-small-snijplank\/#listItem","name":"Homey&#8217;s Wood Fiber Cutting Board Small snijplank"},"previousItem":{"@type":"ListItem","@id":"https:\/\/hidalgo.nl\/example\/#listItem","name":"example"}},{"@type":"ListItem","@id":"https:\/\/hidalgo.nl\/de\/product\/homeys-wood-fiber-cutting-board-small-snijplank\/#listItem","position":4,"name":"Homey&#8217;s Wood Fiber Cutting Board Small snijplank","previousItem":{"@type":"ListItem","@id":"https:\/\/hidalgo.nl\/en\/product-supplier\/a24\/#listItem","name":"A24"}}]},{"@type":"Organization","@id":"https:\/\/hidalgo.nl\/de\/#organization","name":"Hidalgo","url":"https:\/\/hidalgo.nl\/de\/","logo":{"@type":"ImageObject","url":"https:\/\/shop.hidalgo.nl\/wp-content\/uploads\/2025\/11\/cropped-Hidalgo-est1993.png","@id":"https:\/\/hidalgo.nl\/de\/product\/homeys-wood-fiber-cutting-board-small-snijplank\/#organizationLogo","width":585,"height":195},"image":{"@id":"https:\/\/hidalgo.nl\/de\/product\/homeys-wood-fiber-cutting-board-small-snijplank\/#organizationLogo"}},{"@type":"ProductGroup","@id":"https:\/\/hidalgo.nl\/de\/product\/homeys-wood-fiber-cutting-board-small-snijplank\/#wooCommerceProduct","name":"Homey&#8217;s Wood Fiber Cutting Board Small snijplank","url":"https:\/\/hidalgo.nl\/de\/product\/homeys-wood-fiber-cutting-board-small-snijplank\/","brand":{"@type":"Brand","name":"HOMEY'S tools for life"},"sku":"A24-2779","image":{"@type":"ImageObject","url":"https:\/\/shop.hidalgo.nl\/wp-content\/uploads\/2025\/07\/b74ec204030d91960e0f0f0a2deda5aeee727247d4b038e59bf1fe1c5d3a7098.jpg","@id":"https:\/\/hidalgo.nl\/de\/product\/homeys-wood-fiber-cutting-board-small-snijplank\/#productImage","width":1000,"height":1000},"productGroupID":329668,"hasVariant":[{"@type":"Product","@id":"https:\/\/hidalgo.nl\/de\/product\/homeys-wood-fiber-cutting-board-small-snijplank\/#wooCommerceProduct","name":"Homey's Wood Fiber Cutting Board Small snijplank - zwart","url":"https:\/\/hidalgo.nl\/de\/product\/homeys-wood-fiber-cutting-board-small-snijplank\/","sku":"A24-277998","image":{"@type":"ImageObject","url":"https:\/\/shop.hidalgo.nl\/wp-content\/uploads\/2025\/07\/b74ec204030d91960e0f0f0a2deda5aeee727247d4b038e59bf1fe1c5d3a7098.jpg","@id":"https:\/\/hidalgo.nl\/de\/product\/homeys-wood-fiber-cutting-board-small-snijplank\/#productImage","width":1000,"height":1000},"offers":{"@type":"Offer","url":"https:\/\/hidalgo.nl\/de\/product\/homeys-wood-fiber-cutting-board-small-snijplank\/#wooCommerceOffer","price":"29.95","priceCurrency":"EUR","category":"Promotionele Artikelen","availability":"https:\/\/schema.org\/InStock","priceSpecification":{"@type":"PriceSpecification","price":29.95,"priceCurrency":"EUR","valueAddedTaxIncluded":"true"}}}]},{"@type":"WebPage","@id":"https:\/\/hidalgo.nl\/de\/product\/homeys-wood-fiber-cutting-board-small-snijplank\/#webpage","url":"https:\/\/hidalgo.nl\/de\/product\/homeys-wood-fiber-cutting-board-small-snijplank\/","name":"Homey\u2019s Wood Fiber Cutting Board Small snijplank","description":"Kompaktes K\u00fcchenbrett aus robuster Holzfaser, sp\u00fclmaschinenfest und hitzebest\u00e4ndig bis 180 \u00b0C. Ideal zum Schneiden und als Servierbrett f\u00fcr Snacks & Tapas; die Saftrille h\u00e4lt deine Arbeitsfl\u00e4che sauber. Hidalgo veredelt es mit deinem Logo f\u00fcr starke Markenpr\u00e4senz.","inLanguage":"de-DE","isPartOf":{"@id":"https:\/\/hidalgo.nl\/de\/#website"},"breadcrumb":{"@id":"https:\/\/hidalgo.nl\/de\/product\/homeys-wood-fiber-cutting-board-small-snijplank\/#breadcrumblist"},"image":{"@type":"ImageObject","url":"https:\/\/shop.hidalgo.nl\/wp-content\/uploads\/2025\/07\/b74ec204030d91960e0f0f0a2deda5aeee727247d4b038e59bf1fe1c5d3a7098.jpg","@id":"https:\/\/hidalgo.nl\/de\/product\/homeys-wood-fiber-cutting-board-small-snijplank\/#mainImage","width":1000,"height":1000},"primaryImageOfPage":{"@id":"https:\/\/hidalgo.nl\/de\/product\/homeys-wood-fiber-cutting-board-small-snijplank\/#mainImage"},"datePublished":"2025-07-30T08:27:29+00:00","dateModified":"2026-03-19T18:51:01+00:00"},{"@type":"WebSite","@id":"https:\/\/hidalgo.nl\/de\/#website","url":"https:\/\/hidalgo.nl\/de\/","name":"Hidalgo","inLanguage":"de-DE","publisher":{"@id":"https:\/\/hidalgo.nl\/de\/#organization"}}]},"og:locale":"de_DE","og:site_name":"Hidalgo -","og:type":"article","og:title":"Homey\u2019s Wood Fiber Cutting Board Small snijplank","og:description":"Kompaktes K\u00fcchenbrett aus robuster Holzfaser, sp\u00fclmaschinenfest und hitzebest\u00e4ndig bis 180 \u00b0C. Ideal zum Schneiden und als Servierbrett f\u00fcr Snacks &amp; Tapas; die Saftrille h\u00e4lt deine Arbeitsfl\u00e4che sauber. Hidalgo veredelt es mit deinem Logo f\u00fcr starke Markenpr\u00e4senz.","og:url":"https:\/\/hidalgo.nl\/de\/wp-json\/wp\/v2\/product\/329668","og:image":"https:\/\/shop.hidalgo.nl\/wp-content\/uploads\/2025\/11\/cropped-Hidalgo-est1993.png","og:image:secure_url":"https:\/\/shop.hidalgo.nl\/wp-content\/uploads\/2025\/11\/cropped-Hidalgo-est1993.png","article:published_time":"2025-07-30T08:27:29+00:00","article:modified_time":"2026-03-19T18:51:01+00:00","twitter:card":"summary_large_image","twitter:title":"Homey\u2019s Wood Fiber Cutting Board Small snijplank","twitter:description":"Kompaktes K\u00fcchenbrett aus robuster Holzfaser, sp\u00fclmaschinenfest und hitzebest\u00e4ndig bis 180 \u00b0C. Ideal zum Schneiden und als Servierbrett f\u00fcr Snacks &amp; Tapas; die Saftrille h\u00e4lt deine Arbeitsfl\u00e4che sauber. Hidalgo veredelt es mit deinem Logo f\u00fcr starke Markenpr\u00e4senz.","twitter:image":"https:\/\/shop.hidalgo.nl\/wp-content\/uploads\/2025\/11\/cropped-Hidalgo-est1993.png"},"aioseo_meta_data":{"post_id":"329668","title":null,"description":null,"keywords":null,"keyphrases":null,"primary_term":null,"canonical_url":null,"og_title":null,"og_description":null,"og_object_type":"default","og_image_type":"default","og_image_url":null,"og_image_width":null,"og_image_height":null,"og_image_custom_url":null,"og_image_custom_fields":null,"og_video":null,"og_custom_url":null,"og_article_section":null,"og_article_tags":null,"twitter_use_og":false,"twitter_card":"default","twitter_image_type":"default","twitter_image_url":null,"twitter_image_custom_url":null,"twitter_image_custom_fields":null,"twitter_title":null,"twitter_description":null,"schema":{"blockGraphs":[],"customGraphs":[],"default":{"data":{"Article":[],"Course":[],"Dataset":[],"FAQPage":[],"Movie":[],"Person":[],"Product":[],"ProductReview":[],"Car":[],"Recipe":[],"Service":[],"SoftwareApplication":[],"WebPage":[]},"graphName":"","isEnabled":true},"graphs":[]},"schema_type":"default","schema_type_options":null,"pillar_content":false,"robots_default":true,"robots_noindex":false,"robots_noarchive":false,"robots_nosnippet":false,"robots_nofollow":false,"robots_noimageindex":false,"robots_noodp":false,"robots_notranslate":false,"robots_max_snippet":null,"robots_max_videopreview":null,"robots_max_imagepreview":"large","priority":null,"frequency":null,"local_seo":null,"seo_analyzer_scan_date":"2026-01-22 19:35:13","breadcrumb_settings":null,"limit_modified_date":false,"reviewed_by":null,"open_ai":null,"ai":null,"created":"2026-01-14 07:03:00","updated":"2026-04-23 01:33:54"},"aioseo_breadcrumb":"<div class=\"aioseo-breadcrumbs\"><span class=\"aioseo-breadcrumb\">\n\t<a href=\"https:\/\/hidalgo.nl\/de\/\" title=\"Home\">Home<\/a>\n<\/span><span class=\"aioseo-breadcrumb-separator\">\u00bb<\/span><span class=\"aioseo-breadcrumb\">\n\t<a href=\"https:\/\/hidalgo.nl\/example\/\" title=\"example\">example<\/a>\n<\/span><span class=\"aioseo-breadcrumb-separator\">\u00bb<\/span><span class=\"aioseo-breadcrumb\">\n\t<a href=\"https:\/\/hidalgo.nl\/en\/product-supplier\/a24\/\" title=\"A24\">A24<\/a>\n<\/span><span class=\"aioseo-breadcrumb-separator\">\u00bb<\/span><span class=\"aioseo-breadcrumb\">\n\tHomey\u2019s Wood Fiber Cutting Board Small snijplank\n<\/span><\/div>","aioseo_breadcrumb_json":[{"label":"Home","link":"https:\/\/hidalgo.nl\/de\/"},{"label":"example","link":"https:\/\/hidalgo.nl\/example\/"},{"label":"A24","link":"https:\/\/hidalgo.nl\/en\/product-supplier\/a24\/"},{"label":"Homey&#8217;s Wood Fiber Cutting Board Small snijplank","link":"https:\/\/hidalgo.nl\/de\/product\/homeys-wood-fiber-cutting-board-small-snijplank\/"}],"_links":{"self":[{"href":"https:\/\/hidalgo.nl\/de\/wp-json\/wp\/v2\/product\/329668","targetHints":{"allow":["GET"]}}],"collection":[{"href":"https:\/\/hidalgo.nl\/de\/wp-json\/wp\/v2\/product"}],"about":[{"href":"https:\/\/hidalgo.nl\/de\/wp-json\/wp\/v2\/types\/product"}],"wp:featuredmedia":[{"embeddable":true,"href":"https:\/\/hidalgo.nl\/de\/wp-json\/wp\/v2\/media\/329669"}],"wp:attachment":[{"href":"https:\/\/hidalgo.nl\/de\/wp-json\/wp\/v2\/media?parent=329668"}],"wp:term":[{"taxonomy":"product_brand","embeddable":true,"href":"https:\/\/hidalgo.nl\/de\/wp-json\/wp\/v2\/product_brand?post=329668"},{"taxonomy":"product_cat","embeddable":true,"href":"https:\/\/hidalgo.nl\/de\/wp-json\/wp\/v2\/product_cat?post=329668"},{"taxonomy":"product_tag","embeddable":true,"href":"https:\/\/hidalgo.nl\/de\/wp-json\/wp\/v2\/product_tag?post=329668"}],"curies":[{"name":"wp","href":"https:\/\/api.w.org\/{rel}","templated":true}]}}