{"id":31340,"date":"2025-07-06T11:09:15","date_gmt":"2025-07-06T11:09:15","guid":{"rendered":"http:\/\/bidonsenshakers.pim.hidalgo.nl\/product\/buf134919-bivakmuts-original-ecostretch\/"},"modified":"2026-03-23T18:30:49","modified_gmt":"2026-03-23T18:30:49","slug":"buf134919-bivakmuts-original-ecostretch","status":"publish","type":"product","link":"https:\/\/hidalgo.nl\/de\/product\/31340\/sturmhaube-bedrucken-recycelt-4-way-stretch-adult\/","title":{"rendered":"BUF134919 &#8211; Bivakmuts Original EcoStretch"},"content":{"rendered":"<p>95% gerecycleerd polyester \/ 5% elasthan. Bivakmuts in een dunne stof gemaakt van gerecycleerde flessen. Rekt mee in de vier richtingen. Een ruime, elastische opening op het gezicht, om de neus en mond te bedekken of vrij te laten. Perfect om te dragen onder een motorhelm.<\/p>\n","protected":false},"excerpt":{"rendered":"<p>95% gerecycleerd polyester \/ 5% elasthan. Bivakmuts in een dunne stof gemaakt van gerecycleerde flessen. Rekt mee in de vier richtingen. Een ruime, elastische opening op het gezicht, om de neus en mond te bedekken of vrij te laten. Perfect om te dragen onder een motorhelm.<\/p>\n","protected":false},"featured_media":31341,"template":"","meta":{"_acf_changed":false,"om_disable_all_campaigns":false,"_monsterinsights_skip_tracking":false,"_monsterinsights_sitenote_active":false,"_monsterinsights_sitenote_note":"","_monsterinsights_sitenote_category":0},"product_brand":[],"product_cat":[4716,4759,4746],"product_tag":[],"class_list":{"0":"post-31340","1":"product","2":"type-product","3":"status-publish","4":"has-post-thumbnail","6":"product_supplier-a403","7":"product_cat-kleding","8":"product_cat-kleding-petten-mutsen-en-hoeden-mutsen","9":"product_cat-kleding-petten-mutsen-en-hoeden","10":"entry","12":"first","13":"instock","14":"taxable","15":"shipping-taxable","16":"purchasable","17":"product-type-variable"},"acf":{"imprint_cost":[{"imprint_cost_key":"33483b79de35c41f6a5968127e3727b83ce2fe0b","product_quantity_price_range":[{"imprint_cost_recommended_selling_price":"0","imprint_cost_recommended_selling_quantity":"1"}],"product_quantity_price_range_buying":false,"imprint_cost_setup_costs":"","imprint_cost_handling_costs":""}]},"aioseo_notices":[],"aioseo_head":"\n\t\t<!-- All in One SEO Pro 4.9.6.2 - aioseo.com -->\n\t<meta name=\"description\" content=\"Du m\u00f6chtest eine Sturmhaube mit Logo f\u00fcr dein Team? Hidalgo personalisiert die 4-Wege-Stretch Balaklava aus recyceltem Material per Druck oder Stick, Adult-Gr\u00f6\u00dfe, Solid Black. Angenehm unter dem Helm, stark f\u00fcr Events und Promotions.\" \/>\n\t<meta name=\"robots\" content=\"max-image-preview:large\" \/>\n\t<link rel=\"canonical\" href=\"https:\/\/hidalgo.nl\/de\/wp-json\/wp\/v2\/product\/31340\" \/>\n\t<meta name=\"generator\" content=\"All in One SEO Pro (AIOSEO) 4.9.6.2\" \/>\n\t\t<meta property=\"og:locale\" content=\"de_DE\" \/>\n\t\t<meta property=\"og:site_name\" content=\"Hidalgo -\" \/>\n\t\t<meta property=\"og:type\" content=\"article\" \/>\n\t\t<meta property=\"og:title\" content=\"Sturmhaube bedrucken Recycelt 4-Way-Stretch Adult\" \/>\n\t\t<meta property=\"og:description\" content=\"Du m\u00f6chtest eine Sturmhaube mit Logo f\u00fcr dein Team? Hidalgo personalisiert die 4-Wege-Stretch Balaklava aus recyceltem Material per Druck oder Stick, Adult-Gr\u00f6\u00dfe, Solid Black. Angenehm unter dem Helm, stark f\u00fcr Events und Promotions.\" \/>\n\t\t<meta property=\"og:url\" content=\"https:\/\/hidalgo.nl\/de\/wp-json\/wp\/v2\/product\/31340\" \/>\n\t\t<meta property=\"og:image\" content=\"https:\/\/shop.hidalgo.nl\/wp-content\/uploads\/2025\/11\/cropped-Hidalgo-est1993.png\" \/>\n\t\t<meta property=\"og:image:secure_url\" content=\"https:\/\/shop.hidalgo.nl\/wp-content\/uploads\/2025\/11\/cropped-Hidalgo-est1993.png\" \/>\n\t\t<meta property=\"article:published_time\" content=\"2025-07-06T11:09:15+00:00\" \/>\n\t\t<meta property=\"article:modified_time\" content=\"2026-03-23T18:30:49+00:00\" \/>\n\t\t<meta name=\"twitter:card\" content=\"summary_large_image\" \/>\n\t\t<meta name=\"twitter:title\" content=\"Sturmhaube bedrucken Recycelt 4-Way-Stretch Adult\" \/>\n\t\t<meta name=\"twitter:description\" content=\"Du m\u00f6chtest eine Sturmhaube mit Logo f\u00fcr dein Team? Hidalgo personalisiert die 4-Wege-Stretch Balaklava aus recyceltem Material per Druck oder Stick, Adult-Gr\u00f6\u00dfe, Solid Black. Angenehm unter dem Helm, stark f\u00fcr Events und Promotions.\" \/>\n\t\t<meta name=\"twitter:image\" content=\"https:\/\/shop.hidalgo.nl\/wp-content\/uploads\/2025\/11\/cropped-Hidalgo-est1993.png\" \/>\n\t\t<script type=\"application\/ld+json\" class=\"aioseo-schema\">\n\t\t\t{\"@context\":\"https:\\\/\\\/schema.org\",\"@graph\":[{\"@type\":\"BreadcrumbList\",\"@id\":\"https:\\\/\\\/hidalgo.nl\\\/de\\\/product\\\/31340\\\/sturmhaube-bedrucken-recycelt-4-way-stretch-adult\\\/#breadcrumblist\",\"itemListElement\":[{\"@type\":\"ListItem\",\"@id\":\"https:\\\/\\\/hidalgo.nl\\\/de\\\/#listItem\",\"position\":1,\"name\":\"Home\",\"item\":\"https:\\\/\\\/hidalgo.nl\\\/de\\\/\",\"nextItem\":{\"@type\":\"ListItem\",\"@id\":\"https:\\\/\\\/hidalgo.nl\\\/example\\\/#listItem\",\"name\":\"example\"}},{\"@type\":\"ListItem\",\"@id\":\"https:\\\/\\\/hidalgo.nl\\\/example\\\/#listItem\",\"position\":2,\"name\":\"example\",\"item\":\"https:\\\/\\\/hidalgo.nl\\\/example\\\/\",\"nextItem\":{\"@type\":\"ListItem\",\"@id\":\"https:\\\/\\\/hidalgo.nl\\\/en\\\/product-supplier\\\/a403\\\/#listItem\",\"name\":\"A403\"},\"previousItem\":{\"@type\":\"ListItem\",\"@id\":\"https:\\\/\\\/hidalgo.nl\\\/de\\\/#listItem\",\"name\":\"Home\"}},{\"@type\":\"ListItem\",\"@id\":\"https:\\\/\\\/hidalgo.nl\\\/en\\\/product-supplier\\\/a403\\\/#listItem\",\"position\":3,\"name\":\"A403\",\"item\":\"https:\\\/\\\/hidalgo.nl\\\/en\\\/product-supplier\\\/a403\\\/\",\"nextItem\":{\"@type\":\"ListItem\",\"@id\":\"https:\\\/\\\/hidalgo.nl\\\/de\\\/product\\\/31340\\\/sturmhaube-bedrucken-recycelt-4-way-stretch-adult\\\/#listItem\",\"name\":\"BUF134919 &#8211; Bivakmuts Original EcoStretch\"},\"previousItem\":{\"@type\":\"ListItem\",\"@id\":\"https:\\\/\\\/hidalgo.nl\\\/example\\\/#listItem\",\"name\":\"example\"}},{\"@type\":\"ListItem\",\"@id\":\"https:\\\/\\\/hidalgo.nl\\\/de\\\/product\\\/31340\\\/sturmhaube-bedrucken-recycelt-4-way-stretch-adult\\\/#listItem\",\"position\":4,\"name\":\"BUF134919 &#8211; Bivakmuts Original EcoStretch\",\"previousItem\":{\"@type\":\"ListItem\",\"@id\":\"https:\\\/\\\/hidalgo.nl\\\/en\\\/product-supplier\\\/a403\\\/#listItem\",\"name\":\"A403\"}}]},{\"@type\":\"Organization\",\"@id\":\"https:\\\/\\\/hidalgo.nl\\\/de\\\/#organization\",\"name\":\"Hidalgo\",\"url\":\"https:\\\/\\\/hidalgo.nl\\\/de\\\/\",\"logo\":{\"@type\":\"ImageObject\",\"url\":\"https:\\\/\\\/shop.hidalgo.nl\\\/wp-content\\\/uploads\\\/2025\\\/11\\\/cropped-Hidalgo-est1993.png\",\"@id\":\"https:\\\/\\\/hidalgo.nl\\\/de\\\/product\\\/31340\\\/sturmhaube-bedrucken-recycelt-4-way-stretch-adult\\\/#organizationLogo\",\"width\":585,\"height\":195},\"image\":{\"@id\":\"https:\\\/\\\/hidalgo.nl\\\/de\\\/product\\\/31340\\\/sturmhaube-bedrucken-recycelt-4-way-stretch-adult\\\/#organizationLogo\"}},{\"@type\":\"ProductGroup\",\"@id\":\"https:\\\/\\\/hidalgo.nl\\\/de\\\/product\\\/31340\\\/sturmhaube-bedrucken-recycelt-4-way-stretch-adult\\\/#wooCommerceProduct\",\"name\":\"Sturmhaube bedrucken Recycelt 4-Way-Stretch Adult\",\"url\":\"https:\\\/\\\/hidalgo.nl\\\/de\\\/product\\\/31340\\\/sturmhaube-bedrucken-recycelt-4-way-stretch-adult\\\/\",\"sku\":\"A403-BUF134919\",\"image\":{\"@type\":\"ImageObject\",\"url\":\"https:\\\/\\\/shop.hidalgo.nl\\\/wp-content\\\/uploads\\\/2025\\\/07\\\/91fcaab51f3906088a7bcbbda572be0a846b85bfa105883d975b9b610c48562f.png\",\"@id\":\"https:\\\/\\\/hidalgo.nl\\\/de\\\/product\\\/31340\\\/sturmhaube-bedrucken-recycelt-4-way-stretch-adult\\\/#productImage\",\"width\":1000,\"height\":1000},\"productGroupID\":31340,\"hasVariant\":[{\"@type\":\"Product\",\"@id\":\"https:\\\/\\\/hidalgo.nl\\\/de\\\/product\\\/31340\\\/sturmhaube-bedrucken-recycelt-4-way-stretch-adult\\\/#wooCommerceProduct\",\"name\":\"BUF134919 - Bivakmuts Original EcoStretch - adult, solid-black\",\"url\":\"https:\\\/\\\/hidalgo.nl\\\/de\\\/product\\\/31340\\\/sturmhaube-bedrucken-recycelt-4-way-stretch-adult\\\/\",\"sku\":\"A403-BUF134919_86336_86335\",\"gtin\":\"8428927565570\",\"image\":{\"@type\":\"ImageObject\",\"url\":\"https:\\\/\\\/shop.hidalgo.nl\\\/wp-content\\\/uploads\\\/2025\\\/07\\\/91fcaab51f3906088a7bcbbda572be0a846b85bfa105883d975b9b610c48562f.png\",\"@id\":\"https:\\\/\\\/hidalgo.nl\\\/de\\\/product\\\/31340\\\/sturmhaube-bedrucken-recycelt-4-way-stretch-adult\\\/#productImage\",\"width\":1000,\"height\":1000},\"offers\":{\"@type\":\"Offer\",\"url\":\"https:\\\/\\\/hidalgo.nl\\\/de\\\/product\\\/31340\\\/sturmhaube-bedrucken-recycelt-4-way-stretch-adult\\\/#wooCommerceOffer\",\"price\":\"11.34\",\"priceCurrency\":\"EUR\",\"category\":\"Kleding\",\"availability\":\"https:\\\/\\\/schema.org\\\/InStock\",\"priceSpecification\":{\"@type\":\"PriceSpecification\",\"price\":11.34,\"priceCurrency\":\"EUR\",\"valueAddedTaxIncluded\":\"true\"}}}]},{\"@type\":\"WebPage\",\"@id\":\"https:\\\/\\\/hidalgo.nl\\\/de\\\/product\\\/31340\\\/sturmhaube-bedrucken-recycelt-4-way-stretch-adult\\\/#webpage\",\"url\":\"https:\\\/\\\/hidalgo.nl\\\/de\\\/product\\\/31340\\\/sturmhaube-bedrucken-recycelt-4-way-stretch-adult\\\/\",\"name\":\"Sturmhaube bedrucken Recycelt 4-Way-Stretch Adult\",\"description\":\"Du m\\u00f6chtest eine Sturmhaube mit Logo f\\u00fcr dein Team? Hidalgo personalisiert die 4-Wege-Stretch Balaklava aus recyceltem Material per Druck oder Stick, Adult-Gr\\u00f6\\u00dfe, Solid Black. Angenehm unter dem Helm, stark f\\u00fcr Events und Promotions.\",\"inLanguage\":\"de-DE\",\"isPartOf\":{\"@id\":\"https:\\\/\\\/hidalgo.nl\\\/de\\\/#website\"},\"breadcrumb\":{\"@id\":\"https:\\\/\\\/hidalgo.nl\\\/de\\\/product\\\/31340\\\/sturmhaube-bedrucken-recycelt-4-way-stretch-adult\\\/#breadcrumblist\"},\"image\":{\"@type\":\"ImageObject\",\"url\":\"https:\\\/\\\/shop.hidalgo.nl\\\/wp-content\\\/uploads\\\/2025\\\/07\\\/91fcaab51f3906088a7bcbbda572be0a846b85bfa105883d975b9b610c48562f.png\",\"@id\":\"https:\\\/\\\/hidalgo.nl\\\/de\\\/product\\\/31340\\\/sturmhaube-bedrucken-recycelt-4-way-stretch-adult\\\/#mainImage\",\"width\":1000,\"height\":1000},\"primaryImageOfPage\":{\"@id\":\"https:\\\/\\\/hidalgo.nl\\\/de\\\/product\\\/31340\\\/sturmhaube-bedrucken-recycelt-4-way-stretch-adult\\\/#mainImage\"},\"datePublished\":\"2025-07-06T11:09:15+00:00\",\"dateModified\":\"2026-03-23T18:30:49+00:00\"},{\"@type\":\"WebSite\",\"@id\":\"https:\\\/\\\/hidalgo.nl\\\/de\\\/#website\",\"url\":\"https:\\\/\\\/hidalgo.nl\\\/de\\\/\",\"name\":\"Hidalgo\",\"inLanguage\":\"de-DE\",\"publisher\":{\"@id\":\"https:\\\/\\\/hidalgo.nl\\\/de\\\/#organization\"}}]}\n\t\t<\/script>\n\t\t<!-- All in One SEO Pro -->\r\n\t\t<title>Sturmhaube bedrucken Recycelt 4-Way-Stretch Adult<\/title>\n\n","aioseo_head_json":{"title":"Sturmhaube bedrucken Recycelt 4-Way-Stretch Adult","description":"Du m\u00f6chtest eine Sturmhaube mit Logo f\u00fcr dein Team? Hidalgo personalisiert die 4-Wege-Stretch Balaklava aus recyceltem Material per Druck oder Stick, Adult-Gr\u00f6\u00dfe, Solid Black. Angenehm unter dem Helm, stark f\u00fcr Events und Promotions.","canonical_url":"https:\/\/hidalgo.nl\/de\/wp-json\/wp\/v2\/product\/31340","robots":"max-image-preview:large","keywords":"","webmasterTools":{"miscellaneous":""},"schema":{"@context":"https:\/\/schema.org","@graph":[{"@type":"BreadcrumbList","@id":"https:\/\/hidalgo.nl\/de\/product\/31340\/sturmhaube-bedrucken-recycelt-4-way-stretch-adult\/#breadcrumblist","itemListElement":[{"@type":"ListItem","@id":"https:\/\/hidalgo.nl\/de\/#listItem","position":1,"name":"Home","item":"https:\/\/hidalgo.nl\/de\/","nextItem":{"@type":"ListItem","@id":"https:\/\/hidalgo.nl\/example\/#listItem","name":"example"}},{"@type":"ListItem","@id":"https:\/\/hidalgo.nl\/example\/#listItem","position":2,"name":"example","item":"https:\/\/hidalgo.nl\/example\/","nextItem":{"@type":"ListItem","@id":"https:\/\/hidalgo.nl\/en\/product-supplier\/a403\/#listItem","name":"A403"},"previousItem":{"@type":"ListItem","@id":"https:\/\/hidalgo.nl\/de\/#listItem","name":"Home"}},{"@type":"ListItem","@id":"https:\/\/hidalgo.nl\/en\/product-supplier\/a403\/#listItem","position":3,"name":"A403","item":"https:\/\/hidalgo.nl\/en\/product-supplier\/a403\/","nextItem":{"@type":"ListItem","@id":"https:\/\/hidalgo.nl\/de\/product\/31340\/sturmhaube-bedrucken-recycelt-4-way-stretch-adult\/#listItem","name":"BUF134919 &#8211; Bivakmuts Original EcoStretch"},"previousItem":{"@type":"ListItem","@id":"https:\/\/hidalgo.nl\/example\/#listItem","name":"example"}},{"@type":"ListItem","@id":"https:\/\/hidalgo.nl\/de\/product\/31340\/sturmhaube-bedrucken-recycelt-4-way-stretch-adult\/#listItem","position":4,"name":"BUF134919 &#8211; Bivakmuts Original EcoStretch","previousItem":{"@type":"ListItem","@id":"https:\/\/hidalgo.nl\/en\/product-supplier\/a403\/#listItem","name":"A403"}}]},{"@type":"Organization","@id":"https:\/\/hidalgo.nl\/de\/#organization","name":"Hidalgo","url":"https:\/\/hidalgo.nl\/de\/","logo":{"@type":"ImageObject","url":"https:\/\/shop.hidalgo.nl\/wp-content\/uploads\/2025\/11\/cropped-Hidalgo-est1993.png","@id":"https:\/\/hidalgo.nl\/de\/product\/31340\/sturmhaube-bedrucken-recycelt-4-way-stretch-adult\/#organizationLogo","width":585,"height":195},"image":{"@id":"https:\/\/hidalgo.nl\/de\/product\/31340\/sturmhaube-bedrucken-recycelt-4-way-stretch-adult\/#organizationLogo"}},{"@type":"ProductGroup","@id":"https:\/\/hidalgo.nl\/de\/product\/31340\/sturmhaube-bedrucken-recycelt-4-way-stretch-adult\/#wooCommerceProduct","name":"Sturmhaube bedrucken Recycelt 4-Way-Stretch Adult","url":"https:\/\/hidalgo.nl\/de\/product\/31340\/sturmhaube-bedrucken-recycelt-4-way-stretch-adult\/","sku":"A403-BUF134919","image":{"@type":"ImageObject","url":"https:\/\/shop.hidalgo.nl\/wp-content\/uploads\/2025\/07\/91fcaab51f3906088a7bcbbda572be0a846b85bfa105883d975b9b610c48562f.png","@id":"https:\/\/hidalgo.nl\/de\/product\/31340\/sturmhaube-bedrucken-recycelt-4-way-stretch-adult\/#productImage","width":1000,"height":1000},"productGroupID":31340,"hasVariant":[{"@type":"Product","@id":"https:\/\/hidalgo.nl\/de\/product\/31340\/sturmhaube-bedrucken-recycelt-4-way-stretch-adult\/#wooCommerceProduct","name":"BUF134919 - Bivakmuts Original EcoStretch - adult, solid-black","url":"https:\/\/hidalgo.nl\/de\/product\/31340\/sturmhaube-bedrucken-recycelt-4-way-stretch-adult\/","sku":"A403-BUF134919_86336_86335","gtin":"8428927565570","image":{"@type":"ImageObject","url":"https:\/\/shop.hidalgo.nl\/wp-content\/uploads\/2025\/07\/91fcaab51f3906088a7bcbbda572be0a846b85bfa105883d975b9b610c48562f.png","@id":"https:\/\/hidalgo.nl\/de\/product\/31340\/sturmhaube-bedrucken-recycelt-4-way-stretch-adult\/#productImage","width":1000,"height":1000},"offers":{"@type":"Offer","url":"https:\/\/hidalgo.nl\/de\/product\/31340\/sturmhaube-bedrucken-recycelt-4-way-stretch-adult\/#wooCommerceOffer","price":"11.34","priceCurrency":"EUR","category":"Kleding","availability":"https:\/\/schema.org\/InStock","priceSpecification":{"@type":"PriceSpecification","price":11.34,"priceCurrency":"EUR","valueAddedTaxIncluded":"true"}}}]},{"@type":"WebPage","@id":"https:\/\/hidalgo.nl\/de\/product\/31340\/sturmhaube-bedrucken-recycelt-4-way-stretch-adult\/#webpage","url":"https:\/\/hidalgo.nl\/de\/product\/31340\/sturmhaube-bedrucken-recycelt-4-way-stretch-adult\/","name":"Sturmhaube bedrucken Recycelt 4-Way-Stretch Adult","description":"Du m\u00f6chtest eine Sturmhaube mit Logo f\u00fcr dein Team? Hidalgo personalisiert die 4-Wege-Stretch Balaklava aus recyceltem Material per Druck oder Stick, Adult-Gr\u00f6\u00dfe, Solid Black. Angenehm unter dem Helm, stark f\u00fcr Events und Promotions.","inLanguage":"de-DE","isPartOf":{"@id":"https:\/\/hidalgo.nl\/de\/#website"},"breadcrumb":{"@id":"https:\/\/hidalgo.nl\/de\/product\/31340\/sturmhaube-bedrucken-recycelt-4-way-stretch-adult\/#breadcrumblist"},"image":{"@type":"ImageObject","url":"https:\/\/shop.hidalgo.nl\/wp-content\/uploads\/2025\/07\/91fcaab51f3906088a7bcbbda572be0a846b85bfa105883d975b9b610c48562f.png","@id":"https:\/\/hidalgo.nl\/de\/product\/31340\/sturmhaube-bedrucken-recycelt-4-way-stretch-adult\/#mainImage","width":1000,"height":1000},"primaryImageOfPage":{"@id":"https:\/\/hidalgo.nl\/de\/product\/31340\/sturmhaube-bedrucken-recycelt-4-way-stretch-adult\/#mainImage"},"datePublished":"2025-07-06T11:09:15+00:00","dateModified":"2026-03-23T18:30:49+00:00"},{"@type":"WebSite","@id":"https:\/\/hidalgo.nl\/de\/#website","url":"https:\/\/hidalgo.nl\/de\/","name":"Hidalgo","inLanguage":"de-DE","publisher":{"@id":"https:\/\/hidalgo.nl\/de\/#organization"}}]},"og:locale":"de_DE","og:site_name":"Hidalgo -","og:type":"article","og:title":"Sturmhaube bedrucken Recycelt 4-Way-Stretch Adult","og:description":"Du m\u00f6chtest eine Sturmhaube mit Logo f\u00fcr dein Team? Hidalgo personalisiert die 4-Wege-Stretch Balaklava aus recyceltem Material per Druck oder Stick, Adult-Gr\u00f6\u00dfe, Solid Black. Angenehm unter dem Helm, stark f\u00fcr Events und Promotions.","og:url":"https:\/\/hidalgo.nl\/de\/wp-json\/wp\/v2\/product\/31340","og:image":"https:\/\/shop.hidalgo.nl\/wp-content\/uploads\/2025\/11\/cropped-Hidalgo-est1993.png","og:image:secure_url":"https:\/\/shop.hidalgo.nl\/wp-content\/uploads\/2025\/11\/cropped-Hidalgo-est1993.png","article:published_time":"2025-07-06T11:09:15+00:00","article:modified_time":"2026-03-23T18:30:49+00:00","twitter:card":"summary_large_image","twitter:title":"Sturmhaube bedrucken Recycelt 4-Way-Stretch Adult","twitter:description":"Du m\u00f6chtest eine Sturmhaube mit Logo f\u00fcr dein Team? Hidalgo personalisiert die 4-Wege-Stretch Balaklava aus recyceltem Material per Druck oder Stick, Adult-Gr\u00f6\u00dfe, Solid Black. Angenehm unter dem Helm, stark f\u00fcr Events und Promotions.","twitter:image":"https:\/\/shop.hidalgo.nl\/wp-content\/uploads\/2025\/11\/cropped-Hidalgo-est1993.png"},"aioseo_meta_data":{"post_id":"31340","title":null,"description":null,"keywords":null,"keyphrases":null,"primary_term":null,"canonical_url":null,"og_title":null,"og_description":null,"og_object_type":"default","og_image_type":"default","og_image_url":null,"og_image_width":null,"og_image_height":null,"og_image_custom_url":null,"og_image_custom_fields":null,"og_video":null,"og_custom_url":null,"og_article_section":null,"og_article_tags":null,"twitter_use_og":false,"twitter_card":"default","twitter_image_type":"default","twitter_image_url":null,"twitter_image_custom_url":null,"twitter_image_custom_fields":null,"twitter_title":null,"twitter_description":null,"schema":{"blockGraphs":[],"customGraphs":[],"default":{"data":{"Article":[],"Course":[],"Dataset":[],"FAQPage":[],"Movie":[],"Person":[],"Product":[],"ProductReview":[],"Car":[],"Recipe":[],"Service":[],"SoftwareApplication":[],"WebPage":[]},"graphName":"","isEnabled":true},"graphs":[]},"schema_type":"default","schema_type_options":null,"pillar_content":false,"robots_default":true,"robots_noindex":false,"robots_noarchive":false,"robots_nosnippet":false,"robots_nofollow":false,"robots_noimageindex":false,"robots_noodp":false,"robots_notranslate":false,"robots_max_snippet":null,"robots_max_videopreview":null,"robots_max_imagepreview":"large","priority":null,"frequency":null,"local_seo":null,"seo_analyzer_scan_date":"2026-01-20 13:31:33","breadcrumb_settings":null,"limit_modified_date":false,"reviewed_by":null,"open_ai":null,"ai":null,"created":"2026-01-14 06:25:28","updated":"2026-04-22 17:27:50"},"aioseo_breadcrumb":"<div class=\"aioseo-breadcrumbs\"><span class=\"aioseo-breadcrumb\">\n\t<a href=\"https:\/\/hidalgo.nl\/de\/\" title=\"Home\">Home<\/a>\n<\/span><span class=\"aioseo-breadcrumb-separator\">\u00bb<\/span><span class=\"aioseo-breadcrumb\">\n\t<a href=\"https:\/\/hidalgo.nl\/example\/\" title=\"example\">example<\/a>\n<\/span><span class=\"aioseo-breadcrumb-separator\">\u00bb<\/span><span class=\"aioseo-breadcrumb\">\n\t<a href=\"https:\/\/hidalgo.nl\/en\/product-supplier\/a403\/\" title=\"A403\">A403<\/a>\n<\/span><span class=\"aioseo-breadcrumb-separator\">\u00bb<\/span><span class=\"aioseo-breadcrumb\">\n\tBUF134919 \u2013 Bivakmuts Original EcoStretch\n<\/span><\/div>","aioseo_breadcrumb_json":[{"label":"Home","link":"https:\/\/hidalgo.nl\/de\/"},{"label":"example","link":"https:\/\/hidalgo.nl\/example\/"},{"label":"A403","link":"https:\/\/hidalgo.nl\/en\/product-supplier\/a403\/"},{"label":"BUF134919 &#8211; Bivakmuts Original EcoStretch","link":"https:\/\/hidalgo.nl\/de\/product\/31340\/sturmhaube-bedrucken-recycelt-4-way-stretch-adult\/"}],"_links":{"self":[{"href":"https:\/\/hidalgo.nl\/de\/wp-json\/wp\/v2\/product\/31340","targetHints":{"allow":["GET"]}}],"collection":[{"href":"https:\/\/hidalgo.nl\/de\/wp-json\/wp\/v2\/product"}],"about":[{"href":"https:\/\/hidalgo.nl\/de\/wp-json\/wp\/v2\/types\/product"}],"wp:featuredmedia":[{"embeddable":true,"href":"https:\/\/hidalgo.nl\/de\/wp-json\/wp\/v2\/media\/31341"}],"wp:attachment":[{"href":"https:\/\/hidalgo.nl\/de\/wp-json\/wp\/v2\/media?parent=31340"}],"wp:term":[{"taxonomy":"product_brand","embeddable":true,"href":"https:\/\/hidalgo.nl\/de\/wp-json\/wp\/v2\/product_brand?post=31340"},{"taxonomy":"product_cat","embeddable":true,"href":"https:\/\/hidalgo.nl\/de\/wp-json\/wp\/v2\/product_cat?post=31340"},{"taxonomy":"product_tag","embeddable":true,"href":"https:\/\/hidalgo.nl\/de\/wp-json\/wp\/v2\/product_tag?post=31340"}],"curies":[{"name":"wp","href":"https:\/\/api.w.org\/{rel}","templated":true}]}}