{"id":30188,"date":"2025-07-06T10:55:48","date_gmt":"2025-07-06T10:55:48","guid":{"rendered":"http:\/\/bidonsenshakers.pim.hidalgo.nl\/product\/bg613-rugzak-vintage-laptop\/"},"modified":"2026-03-23T15:32:47","modified_gmt":"2026-03-23T15:32:47","slug":"bg613-rugzak-vintage-laptop","status":"publish","type":"product","link":"https:\/\/hidalgo.nl\/de\/product\/30188\/laptop-rucksack-bedrucken-vintage-17-zoll-polyester-one-size\/","title":{"rendered":"BG613 &#8211; Rugzak Vintage laptop"},"content":{"rendered":"<p>Polyester 600D, geschikt voor laptops tot 17&#8243;, uitneembaar tearaway etiket, gewatteerde achterkant, details in polyurethaan en metaal, EasyPocket\u2122 zak die gemakkelijk toegankelijk is voor de decoratie, gewatteerd laptopvak, sluit met een koordje, aanpasbare en gewatteerde schouderriemen, magneetsluitingen, handgreep.<\/p>\n","protected":false},"excerpt":{"rendered":"<p>Polyester 600D, geschikt voor laptops tot 17&#8243;, uitneembaar tearaway etiket, gewatteerde achterkant, details in polyurethaan en metaal, EasyPocket\u2122 zak die gemakkelijk toegankelijk is voor de decoratie, gewatteerd laptopvak, sluit met een koordje, aanpasbare en gewatteerde schouderriemen, magneetsluitingen, handgreep.<\/p>\n","protected":false},"featured_media":30191,"template":"","meta":{"_acf_changed":false,"om_disable_all_campaigns":false,"_monsterinsights_skip_tracking":false,"_monsterinsights_sitenote_active":false,"_monsterinsights_sitenote_note":"","_monsterinsights_sitenote_category":0},"product_brand":[],"product_cat":[4760,4932,4713],"product_tag":[],"class_list":{"0":"post-30188","1":"product","2":"type-product","3":"status-publish","4":"has-post-thumbnail","6":"product_supplier-a403","7":"product_material-polyester","8":"product_cat-document-tassen","9":"product_cat-document-tassen-laptop-rugtassen","10":"product_cat-tassen","11":"entry","13":"first","14":"instock","15":"taxable","16":"shipping-taxable","17":"purchasable","18":"product-type-variable"},"acf":{"imprint_cost":[{"imprint_cost_key":"33483b79de35c41f6a5968127e3727b83ce2fe0b","product_quantity_price_range":[{"imprint_cost_recommended_selling_price":"0","imprint_cost_recommended_selling_quantity":"1"}],"product_quantity_price_range_buying":false,"imprint_cost_setup_costs":"","imprint_cost_handling_costs":""}]},"aioseo_notices":[],"aioseo_head":"\n\t\t<!-- All in One SEO Pro 4.9.6.2 - aioseo.com -->\n\t<meta name=\"description\" content=\"Dieser 17 Zoll Laptop Rucksack aus Polyester 600D sch\u00fctzt dein Ger\u00e4t im gepolsterten Fach und begleitet dich ins B\u00fcro, zur Uni und auf Reisen. Lass deinen Rucksack mit Logo bedrucken f\u00fcr Teams, Events und Onboarding; One-size tr\u00e4gt sich bequem &amp; passt zu deinem Vintage Look.\" \/>\n\t<meta name=\"robots\" content=\"max-image-preview:large\" \/>\n\t<link rel=\"canonical\" href=\"https:\/\/hidalgo.nl\/de\/wp-json\/wp\/v2\/product\/30188\" \/>\n\t<meta name=\"generator\" content=\"All in One SEO Pro (AIOSEO) 4.9.6.2\" \/>\n\t\t<meta property=\"og:locale\" content=\"de_DE\" \/>\n\t\t<meta property=\"og:site_name\" content=\"Hidalgo -\" \/>\n\t\t<meta property=\"og:type\" content=\"article\" \/>\n\t\t<meta property=\"og:title\" content=\"Laptop Rucksack bedrucken Vintage 17 Zoll Polyester One-size\" \/>\n\t\t<meta property=\"og:description\" content=\"Dieser 17 Zoll Laptop Rucksack aus Polyester 600D sch\u00fctzt dein Ger\u00e4t im gepolsterten Fach und begleitet dich ins B\u00fcro, zur Uni und auf Reisen. Lass deinen Rucksack mit Logo bedrucken f\u00fcr Teams, Events und Onboarding; One-size tr\u00e4gt sich bequem &amp; passt zu deinem Vintage Look.\" \/>\n\t\t<meta property=\"og:url\" content=\"https:\/\/hidalgo.nl\/de\/wp-json\/wp\/v2\/product\/30188\" \/>\n\t\t<meta property=\"og:image\" content=\"https:\/\/shop.hidalgo.nl\/wp-content\/uploads\/2025\/11\/cropped-Hidalgo-est1993.png\" \/>\n\t\t<meta property=\"og:image:secure_url\" content=\"https:\/\/shop.hidalgo.nl\/wp-content\/uploads\/2025\/11\/cropped-Hidalgo-est1993.png\" \/>\n\t\t<meta property=\"article:published_time\" content=\"2025-07-06T10:55:48+00:00\" \/>\n\t\t<meta property=\"article:modified_time\" content=\"2026-03-23T15:32:47+00:00\" \/>\n\t\t<meta name=\"twitter:card\" content=\"summary_large_image\" \/>\n\t\t<meta name=\"twitter:title\" content=\"Laptop Rucksack bedrucken Vintage 17 Zoll Polyester One-size\" \/>\n\t\t<meta name=\"twitter:description\" content=\"Dieser 17 Zoll Laptop Rucksack aus Polyester 600D sch\u00fctzt dein Ger\u00e4t im gepolsterten Fach und begleitet dich ins B\u00fcro, zur Uni und auf Reisen. Lass deinen Rucksack mit Logo bedrucken f\u00fcr Teams, Events und Onboarding; One-size tr\u00e4gt sich bequem &amp; passt zu deinem Vintage Look.\" \/>\n\t\t<meta name=\"twitter:image\" content=\"https:\/\/shop.hidalgo.nl\/wp-content\/uploads\/2025\/11\/cropped-Hidalgo-est1993.png\" \/>\n\t\t<script type=\"application\/ld+json\" class=\"aioseo-schema\">\n\t\t\t{\"@context\":\"https:\\\/\\\/schema.org\",\"@graph\":[{\"@type\":\"BreadcrumbList\",\"@id\":\"https:\\\/\\\/hidalgo.nl\\\/de\\\/product\\\/30188\\\/laptop-rucksack-bedrucken-vintage-17-zoll-polyester-one-size\\\/#breadcrumblist\",\"itemListElement\":[{\"@type\":\"ListItem\",\"@id\":\"https:\\\/\\\/hidalgo.nl\\\/de\\\/#listItem\",\"position\":1,\"name\":\"Home\",\"item\":\"https:\\\/\\\/hidalgo.nl\\\/de\\\/\",\"nextItem\":{\"@type\":\"ListItem\",\"@id\":\"https:\\\/\\\/hidalgo.nl\\\/example\\\/#listItem\",\"name\":\"example\"}},{\"@type\":\"ListItem\",\"@id\":\"https:\\\/\\\/hidalgo.nl\\\/example\\\/#listItem\",\"position\":2,\"name\":\"example\",\"item\":\"https:\\\/\\\/hidalgo.nl\\\/example\\\/\",\"nextItem\":{\"@type\":\"ListItem\",\"@id\":\"https:\\\/\\\/hidalgo.nl\\\/en\\\/product-supplier\\\/a403\\\/#listItem\",\"name\":\"A403\"},\"previousItem\":{\"@type\":\"ListItem\",\"@id\":\"https:\\\/\\\/hidalgo.nl\\\/de\\\/#listItem\",\"name\":\"Home\"}},{\"@type\":\"ListItem\",\"@id\":\"https:\\\/\\\/hidalgo.nl\\\/en\\\/product-supplier\\\/a403\\\/#listItem\",\"position\":3,\"name\":\"A403\",\"item\":\"https:\\\/\\\/hidalgo.nl\\\/en\\\/product-supplier\\\/a403\\\/\",\"nextItem\":{\"@type\":\"ListItem\",\"@id\":\"https:\\\/\\\/hidalgo.nl\\\/de\\\/product\\\/30188\\\/laptop-rucksack-bedrucken-vintage-17-zoll-polyester-one-size\\\/#listItem\",\"name\":\"BG613 &#8211; Rugzak Vintage laptop\"},\"previousItem\":{\"@type\":\"ListItem\",\"@id\":\"https:\\\/\\\/hidalgo.nl\\\/example\\\/#listItem\",\"name\":\"example\"}},{\"@type\":\"ListItem\",\"@id\":\"https:\\\/\\\/hidalgo.nl\\\/de\\\/product\\\/30188\\\/laptop-rucksack-bedrucken-vintage-17-zoll-polyester-one-size\\\/#listItem\",\"position\":4,\"name\":\"BG613 &#8211; Rugzak Vintage laptop\",\"previousItem\":{\"@type\":\"ListItem\",\"@id\":\"https:\\\/\\\/hidalgo.nl\\\/en\\\/product-supplier\\\/a403\\\/#listItem\",\"name\":\"A403\"}}]},{\"@type\":\"Organization\",\"@id\":\"https:\\\/\\\/hidalgo.nl\\\/de\\\/#organization\",\"name\":\"Hidalgo\",\"url\":\"https:\\\/\\\/hidalgo.nl\\\/de\\\/\",\"logo\":{\"@type\":\"ImageObject\",\"url\":\"https:\\\/\\\/shop.hidalgo.nl\\\/wp-content\\\/uploads\\\/2025\\\/11\\\/cropped-Hidalgo-est1993.png\",\"@id\":\"https:\\\/\\\/hidalgo.nl\\\/de\\\/product\\\/30188\\\/laptop-rucksack-bedrucken-vintage-17-zoll-polyester-one-size\\\/#organizationLogo\",\"width\":585,\"height\":195},\"image\":{\"@id\":\"https:\\\/\\\/hidalgo.nl\\\/de\\\/product\\\/30188\\\/laptop-rucksack-bedrucken-vintage-17-zoll-polyester-one-size\\\/#organizationLogo\"}},{\"@type\":\"ProductGroup\",\"@id\":\"https:\\\/\\\/hidalgo.nl\\\/de\\\/product\\\/30188\\\/laptop-rucksack-bedrucken-vintage-17-zoll-polyester-one-size\\\/#wooCommerceProduct\",\"name\":\"Laptop Rucksack bedrucken Vintage 17 Zoll Polyester One-size\",\"url\":\"https:\\\/\\\/hidalgo.nl\\\/de\\\/product\\\/30188\\\/laptop-rucksack-bedrucken-vintage-17-zoll-polyester-one-size\\\/\",\"sku\":\"A403-BG613\",\"image\":{\"@type\":\"ImageObject\",\"url\":\"https:\\\/\\\/shop.hidalgo.nl\\\/wp-content\\\/uploads\\\/2025\\\/07\\\/d6d8b8fddf55b0da057726bdd5bee2e65c9517ffef63065e0e44b6d638cb51ac.png\",\"@id\":\"https:\\\/\\\/hidalgo.nl\\\/de\\\/product\\\/30188\\\/laptop-rucksack-bedrucken-vintage-17-zoll-polyester-one-size\\\/#productImage\",\"width\":1000,\"height\":1000},\"productGroupID\":30188,\"hasVariant\":[{\"@type\":\"Product\",\"@id\":\"https:\\\/\\\/hidalgo.nl\\\/de\\\/product\\\/30188\\\/laptop-rucksack-bedrucken-vintage-17-zoll-polyester-one-size\\\/#wooCommerceProduct\",\"name\":\"BG613 - Rugzak Vintage laptop - , black\",\"url\":\"https:\\\/\\\/hidalgo.nl\\\/de\\\/product\\\/30188\\\/laptop-rucksack-bedrucken-vintage-17-zoll-polyester-one-size\\\/\",\"sku\":\"A403-BG613_51523_51522\",\"gtin\":\"5060244896918\",\"image\":{\"@type\":\"ImageObject\",\"url\":\"https:\\\/\\\/shop.hidalgo.nl\\\/wp-content\\\/uploads\\\/2025\\\/07\\\/d6d8b8fddf55b0da057726bdd5bee2e65c9517ffef63065e0e44b6d638cb51ac.png\",\"@id\":\"https:\\\/\\\/hidalgo.nl\\\/de\\\/product\\\/30188\\\/laptop-rucksack-bedrucken-vintage-17-zoll-polyester-one-size\\\/#productImage\",\"width\":1000,\"height\":1000},\"offers\":{\"@type\":\"Offer\",\"url\":\"https:\\\/\\\/hidalgo.nl\\\/de\\\/product\\\/30188\\\/laptop-rucksack-bedrucken-vintage-17-zoll-polyester-one-size\\\/#wooCommerceOffer\",\"price\":\"16.96\",\"priceCurrency\":\"EUR\",\"category\":\"Tassen\",\"availability\":\"https:\\\/\\\/schema.org\\\/InStock\",\"priceSpecification\":{\"@type\":\"PriceSpecification\",\"price\":16.96,\"priceCurrency\":\"EUR\",\"valueAddedTaxIncluded\":\"true\"}}},{\"@type\":\"Product\",\"@id\":\"https:\\\/\\\/hidalgo.nl\\\/de\\\/product\\\/30188\\\/laptop-rucksack-bedrucken-vintage-17-zoll-polyester-one-size\\\/#wooCommerceProduct\",\"name\":\"BG613 - Rugzak Vintage laptop - , black\",\"url\":\"https:\\\/\\\/hidalgo.nl\\\/de\\\/product\\\/30188\\\/laptop-rucksack-bedrucken-vintage-17-zoll-polyester-one-size\\\/\",\"sku\":\"A403-BG613_51524_51522\",\"gtin\":\"5060244898837\",\"image\":{\"@type\":\"ImageObject\",\"url\":\"https:\\\/\\\/shop.hidalgo.nl\\\/wp-content\\\/uploads\\\/2025\\\/07\\\/cc00e2fcfa8486385723a3e15da2e3c168a71f949346c447e8a766743dff0a76.png\",\"@id\":\"https:\\\/\\\/hidalgo.nl\\\/de\\\/product\\\/30188\\\/laptop-rucksack-bedrucken-vintage-17-zoll-polyester-one-size\\\/#productImage\",\"width\":1000,\"height\":1000},\"offers\":{\"@type\":\"Offer\",\"url\":\"https:\\\/\\\/hidalgo.nl\\\/de\\\/product\\\/30188\\\/laptop-rucksack-bedrucken-vintage-17-zoll-polyester-one-size\\\/#wooCommerceOffer\",\"price\":\"16.96\",\"priceCurrency\":\"EUR\",\"category\":\"Tassen\",\"availability\":\"https:\\\/\\\/schema.org\\\/InStock\",\"priceSpecification\":{\"@type\":\"PriceSpecification\",\"price\":16.96,\"priceCurrency\":\"EUR\",\"valueAddedTaxIncluded\":\"true\"}}},{\"@type\":\"Product\",\"@id\":\"https:\\\/\\\/hidalgo.nl\\\/de\\\/product\\\/30188\\\/laptop-rucksack-bedrucken-vintage-17-zoll-polyester-one-size\\\/#wooCommerceProduct\",\"name\":\"BG613 - Rugzak Vintage laptop - , french-navy\",\"url\":\"https:\\\/\\\/hidalgo.nl\\\/de\\\/product\\\/30188\\\/laptop-rucksack-bedrucken-vintage-17-zoll-polyester-one-size\\\/\",\"sku\":\"A403-BG613_51525_51522\",\"gtin\":\"5060244896925\",\"image\":{\"@type\":\"ImageObject\",\"url\":\"https:\\\/\\\/shop.hidalgo.nl\\\/wp-content\\\/uploads\\\/2025\\\/07\\\/2b4fa7886e482c93a12d57bf23369dbd204b40ee34bd05298b51b8cfc7bf208f.png\",\"@id\":\"https:\\\/\\\/hidalgo.nl\\\/de\\\/product\\\/30188\\\/laptop-rucksack-bedrucken-vintage-17-zoll-polyester-one-size\\\/#productImage\",\"width\":1000,\"height\":1000},\"offers\":{\"@type\":\"Offer\",\"url\":\"https:\\\/\\\/hidalgo.nl\\\/de\\\/product\\\/30188\\\/laptop-rucksack-bedrucken-vintage-17-zoll-polyester-one-size\\\/#wooCommerceOffer\",\"price\":\"16.96\",\"priceCurrency\":\"EUR\",\"category\":\"Tassen\",\"availability\":\"https:\\\/\\\/schema.org\\\/InStock\",\"priceSpecification\":{\"@type\":\"PriceSpecification\",\"price\":16.96,\"priceCurrency\":\"EUR\",\"valueAddedTaxIncluded\":\"true\"}}}]},{\"@type\":\"WebPage\",\"@id\":\"https:\\\/\\\/hidalgo.nl\\\/de\\\/product\\\/30188\\\/laptop-rucksack-bedrucken-vintage-17-zoll-polyester-one-size\\\/#webpage\",\"url\":\"https:\\\/\\\/hidalgo.nl\\\/de\\\/product\\\/30188\\\/laptop-rucksack-bedrucken-vintage-17-zoll-polyester-one-size\\\/\",\"name\":\"Laptop Rucksack bedrucken Vintage 17 Zoll Polyester One-size\",\"description\":\"Dieser 17 Zoll Laptop Rucksack aus Polyester 600D sch\\u00fctzt dein Ger\\u00e4t im gepolsterten Fach und begleitet dich ins B\\u00fcro, zur Uni und auf Reisen. Lass deinen Rucksack mit Logo bedrucken f\\u00fcr Teams, Events und Onboarding; One-size tr\\u00e4gt sich bequem & passt zu deinem Vintage Look.\",\"inLanguage\":\"de-DE\",\"isPartOf\":{\"@id\":\"https:\\\/\\\/hidalgo.nl\\\/de\\\/#website\"},\"breadcrumb\":{\"@id\":\"https:\\\/\\\/hidalgo.nl\\\/de\\\/product\\\/30188\\\/laptop-rucksack-bedrucken-vintage-17-zoll-polyester-one-size\\\/#breadcrumblist\"},\"image\":{\"@type\":\"ImageObject\",\"url\":\"https:\\\/\\\/shop.hidalgo.nl\\\/wp-content\\\/uploads\\\/2025\\\/07\\\/d6d8b8fddf55b0da057726bdd5bee2e65c9517ffef63065e0e44b6d638cb51ac.png\",\"@id\":\"https:\\\/\\\/hidalgo.nl\\\/de\\\/product\\\/30188\\\/laptop-rucksack-bedrucken-vintage-17-zoll-polyester-one-size\\\/#mainImage\",\"width\":1000,\"height\":1000},\"primaryImageOfPage\":{\"@id\":\"https:\\\/\\\/hidalgo.nl\\\/de\\\/product\\\/30188\\\/laptop-rucksack-bedrucken-vintage-17-zoll-polyester-one-size\\\/#mainImage\"},\"datePublished\":\"2025-07-06T10:55:48+00:00\",\"dateModified\":\"2026-03-23T15:32:47+00:00\"},{\"@type\":\"WebSite\",\"@id\":\"https:\\\/\\\/hidalgo.nl\\\/de\\\/#website\",\"url\":\"https:\\\/\\\/hidalgo.nl\\\/de\\\/\",\"name\":\"Hidalgo\",\"inLanguage\":\"de-DE\",\"publisher\":{\"@id\":\"https:\\\/\\\/hidalgo.nl\\\/de\\\/#organization\"}}]}\n\t\t<\/script>\n\t\t<!-- All in One SEO Pro -->\r\n\t\t<title>Laptop Rucksack bedrucken Vintage 17 Zoll Polyester One-size<\/title>\n\n","aioseo_head_json":{"title":"Laptop Rucksack bedrucken Vintage 17 Zoll Polyester One-size","description":"Dieser 17 Zoll Laptop Rucksack aus Polyester 600D sch\u00fctzt dein Ger\u00e4t im gepolsterten Fach und begleitet dich ins B\u00fcro, zur Uni und auf Reisen. Lass deinen Rucksack mit Logo bedrucken f\u00fcr Teams, Events und Onboarding; One-size tr\u00e4gt sich bequem & passt zu deinem Vintage Look.","canonical_url":"https:\/\/hidalgo.nl\/de\/wp-json\/wp\/v2\/product\/30188","robots":"max-image-preview:large","keywords":"","webmasterTools":{"miscellaneous":""},"schema":{"@context":"https:\/\/schema.org","@graph":[{"@type":"BreadcrumbList","@id":"https:\/\/hidalgo.nl\/de\/product\/30188\/laptop-rucksack-bedrucken-vintage-17-zoll-polyester-one-size\/#breadcrumblist","itemListElement":[{"@type":"ListItem","@id":"https:\/\/hidalgo.nl\/de\/#listItem","position":1,"name":"Home","item":"https:\/\/hidalgo.nl\/de\/","nextItem":{"@type":"ListItem","@id":"https:\/\/hidalgo.nl\/example\/#listItem","name":"example"}},{"@type":"ListItem","@id":"https:\/\/hidalgo.nl\/example\/#listItem","position":2,"name":"example","item":"https:\/\/hidalgo.nl\/example\/","nextItem":{"@type":"ListItem","@id":"https:\/\/hidalgo.nl\/en\/product-supplier\/a403\/#listItem","name":"A403"},"previousItem":{"@type":"ListItem","@id":"https:\/\/hidalgo.nl\/de\/#listItem","name":"Home"}},{"@type":"ListItem","@id":"https:\/\/hidalgo.nl\/en\/product-supplier\/a403\/#listItem","position":3,"name":"A403","item":"https:\/\/hidalgo.nl\/en\/product-supplier\/a403\/","nextItem":{"@type":"ListItem","@id":"https:\/\/hidalgo.nl\/de\/product\/30188\/laptop-rucksack-bedrucken-vintage-17-zoll-polyester-one-size\/#listItem","name":"BG613 &#8211; Rugzak Vintage laptop"},"previousItem":{"@type":"ListItem","@id":"https:\/\/hidalgo.nl\/example\/#listItem","name":"example"}},{"@type":"ListItem","@id":"https:\/\/hidalgo.nl\/de\/product\/30188\/laptop-rucksack-bedrucken-vintage-17-zoll-polyester-one-size\/#listItem","position":4,"name":"BG613 &#8211; Rugzak Vintage laptop","previousItem":{"@type":"ListItem","@id":"https:\/\/hidalgo.nl\/en\/product-supplier\/a403\/#listItem","name":"A403"}}]},{"@type":"Organization","@id":"https:\/\/hidalgo.nl\/de\/#organization","name":"Hidalgo","url":"https:\/\/hidalgo.nl\/de\/","logo":{"@type":"ImageObject","url":"https:\/\/shop.hidalgo.nl\/wp-content\/uploads\/2025\/11\/cropped-Hidalgo-est1993.png","@id":"https:\/\/hidalgo.nl\/de\/product\/30188\/laptop-rucksack-bedrucken-vintage-17-zoll-polyester-one-size\/#organizationLogo","width":585,"height":195},"image":{"@id":"https:\/\/hidalgo.nl\/de\/product\/30188\/laptop-rucksack-bedrucken-vintage-17-zoll-polyester-one-size\/#organizationLogo"}},{"@type":"ProductGroup","@id":"https:\/\/hidalgo.nl\/de\/product\/30188\/laptop-rucksack-bedrucken-vintage-17-zoll-polyester-one-size\/#wooCommerceProduct","name":"Laptop Rucksack bedrucken Vintage 17 Zoll Polyester One-size","url":"https:\/\/hidalgo.nl\/de\/product\/30188\/laptop-rucksack-bedrucken-vintage-17-zoll-polyester-one-size\/","sku":"A403-BG613","image":{"@type":"ImageObject","url":"https:\/\/shop.hidalgo.nl\/wp-content\/uploads\/2025\/07\/d6d8b8fddf55b0da057726bdd5bee2e65c9517ffef63065e0e44b6d638cb51ac.png","@id":"https:\/\/hidalgo.nl\/de\/product\/30188\/laptop-rucksack-bedrucken-vintage-17-zoll-polyester-one-size\/#productImage","width":1000,"height":1000},"productGroupID":30188,"hasVariant":[{"@type":"Product","@id":"https:\/\/hidalgo.nl\/de\/product\/30188\/laptop-rucksack-bedrucken-vintage-17-zoll-polyester-one-size\/#wooCommerceProduct","name":"BG613 - Rugzak Vintage laptop - , black","url":"https:\/\/hidalgo.nl\/de\/product\/30188\/laptop-rucksack-bedrucken-vintage-17-zoll-polyester-one-size\/","sku":"A403-BG613_51523_51522","gtin":"5060244896918","image":{"@type":"ImageObject","url":"https:\/\/shop.hidalgo.nl\/wp-content\/uploads\/2025\/07\/d6d8b8fddf55b0da057726bdd5bee2e65c9517ffef63065e0e44b6d638cb51ac.png","@id":"https:\/\/hidalgo.nl\/de\/product\/30188\/laptop-rucksack-bedrucken-vintage-17-zoll-polyester-one-size\/#productImage","width":1000,"height":1000},"offers":{"@type":"Offer","url":"https:\/\/hidalgo.nl\/de\/product\/30188\/laptop-rucksack-bedrucken-vintage-17-zoll-polyester-one-size\/#wooCommerceOffer","price":"16.96","priceCurrency":"EUR","category":"Tassen","availability":"https:\/\/schema.org\/InStock","priceSpecification":{"@type":"PriceSpecification","price":16.96,"priceCurrency":"EUR","valueAddedTaxIncluded":"true"}}},{"@type":"Product","@id":"https:\/\/hidalgo.nl\/de\/product\/30188\/laptop-rucksack-bedrucken-vintage-17-zoll-polyester-one-size\/#wooCommerceProduct","name":"BG613 - Rugzak Vintage laptop - , black","url":"https:\/\/hidalgo.nl\/de\/product\/30188\/laptop-rucksack-bedrucken-vintage-17-zoll-polyester-one-size\/","sku":"A403-BG613_51524_51522","gtin":"5060244898837","image":{"@type":"ImageObject","url":"https:\/\/shop.hidalgo.nl\/wp-content\/uploads\/2025\/07\/cc00e2fcfa8486385723a3e15da2e3c168a71f949346c447e8a766743dff0a76.png","@id":"https:\/\/hidalgo.nl\/de\/product\/30188\/laptop-rucksack-bedrucken-vintage-17-zoll-polyester-one-size\/#productImage","width":1000,"height":1000},"offers":{"@type":"Offer","url":"https:\/\/hidalgo.nl\/de\/product\/30188\/laptop-rucksack-bedrucken-vintage-17-zoll-polyester-one-size\/#wooCommerceOffer","price":"16.96","priceCurrency":"EUR","category":"Tassen","availability":"https:\/\/schema.org\/InStock","priceSpecification":{"@type":"PriceSpecification","price":16.96,"priceCurrency":"EUR","valueAddedTaxIncluded":"true"}}},{"@type":"Product","@id":"https:\/\/hidalgo.nl\/de\/product\/30188\/laptop-rucksack-bedrucken-vintage-17-zoll-polyester-one-size\/#wooCommerceProduct","name":"BG613 - Rugzak Vintage laptop - , french-navy","url":"https:\/\/hidalgo.nl\/de\/product\/30188\/laptop-rucksack-bedrucken-vintage-17-zoll-polyester-one-size\/","sku":"A403-BG613_51525_51522","gtin":"5060244896925","image":{"@type":"ImageObject","url":"https:\/\/shop.hidalgo.nl\/wp-content\/uploads\/2025\/07\/2b4fa7886e482c93a12d57bf23369dbd204b40ee34bd05298b51b8cfc7bf208f.png","@id":"https:\/\/hidalgo.nl\/de\/product\/30188\/laptop-rucksack-bedrucken-vintage-17-zoll-polyester-one-size\/#productImage","width":1000,"height":1000},"offers":{"@type":"Offer","url":"https:\/\/hidalgo.nl\/de\/product\/30188\/laptop-rucksack-bedrucken-vintage-17-zoll-polyester-one-size\/#wooCommerceOffer","price":"16.96","priceCurrency":"EUR","category":"Tassen","availability":"https:\/\/schema.org\/InStock","priceSpecification":{"@type":"PriceSpecification","price":16.96,"priceCurrency":"EUR","valueAddedTaxIncluded":"true"}}}]},{"@type":"WebPage","@id":"https:\/\/hidalgo.nl\/de\/product\/30188\/laptop-rucksack-bedrucken-vintage-17-zoll-polyester-one-size\/#webpage","url":"https:\/\/hidalgo.nl\/de\/product\/30188\/laptop-rucksack-bedrucken-vintage-17-zoll-polyester-one-size\/","name":"Laptop Rucksack bedrucken Vintage 17 Zoll Polyester One-size","description":"Dieser 17 Zoll Laptop Rucksack aus Polyester 600D sch\u00fctzt dein Ger\u00e4t im gepolsterten Fach und begleitet dich ins B\u00fcro, zur Uni und auf Reisen. Lass deinen Rucksack mit Logo bedrucken f\u00fcr Teams, Events und Onboarding; One-size tr\u00e4gt sich bequem & passt zu deinem Vintage Look.","inLanguage":"de-DE","isPartOf":{"@id":"https:\/\/hidalgo.nl\/de\/#website"},"breadcrumb":{"@id":"https:\/\/hidalgo.nl\/de\/product\/30188\/laptop-rucksack-bedrucken-vintage-17-zoll-polyester-one-size\/#breadcrumblist"},"image":{"@type":"ImageObject","url":"https:\/\/shop.hidalgo.nl\/wp-content\/uploads\/2025\/07\/d6d8b8fddf55b0da057726bdd5bee2e65c9517ffef63065e0e44b6d638cb51ac.png","@id":"https:\/\/hidalgo.nl\/de\/product\/30188\/laptop-rucksack-bedrucken-vintage-17-zoll-polyester-one-size\/#mainImage","width":1000,"height":1000},"primaryImageOfPage":{"@id":"https:\/\/hidalgo.nl\/de\/product\/30188\/laptop-rucksack-bedrucken-vintage-17-zoll-polyester-one-size\/#mainImage"},"datePublished":"2025-07-06T10:55:48+00:00","dateModified":"2026-03-23T15:32:47+00:00"},{"@type":"WebSite","@id":"https:\/\/hidalgo.nl\/de\/#website","url":"https:\/\/hidalgo.nl\/de\/","name":"Hidalgo","inLanguage":"de-DE","publisher":{"@id":"https:\/\/hidalgo.nl\/de\/#organization"}}]},"og:locale":"de_DE","og:site_name":"Hidalgo -","og:type":"article","og:title":"Laptop Rucksack bedrucken Vintage 17 Zoll Polyester One-size","og:description":"Dieser 17 Zoll Laptop Rucksack aus Polyester 600D sch\u00fctzt dein Ger\u00e4t im gepolsterten Fach und begleitet dich ins B\u00fcro, zur Uni und auf Reisen. Lass deinen Rucksack mit Logo bedrucken f\u00fcr Teams, Events und Onboarding; One-size tr\u00e4gt sich bequem &amp; passt zu deinem Vintage Look.","og:url":"https:\/\/hidalgo.nl\/de\/wp-json\/wp\/v2\/product\/30188","og:image":"https:\/\/shop.hidalgo.nl\/wp-content\/uploads\/2025\/11\/cropped-Hidalgo-est1993.png","og:image:secure_url":"https:\/\/shop.hidalgo.nl\/wp-content\/uploads\/2025\/11\/cropped-Hidalgo-est1993.png","article:published_time":"2025-07-06T10:55:48+00:00","article:modified_time":"2026-03-23T15:32:47+00:00","twitter:card":"summary_large_image","twitter:title":"Laptop Rucksack bedrucken Vintage 17 Zoll Polyester One-size","twitter:description":"Dieser 17 Zoll Laptop Rucksack aus Polyester 600D sch\u00fctzt dein Ger\u00e4t im gepolsterten Fach und begleitet dich ins B\u00fcro, zur Uni und auf Reisen. Lass deinen Rucksack mit Logo bedrucken f\u00fcr Teams, Events und Onboarding; One-size tr\u00e4gt sich bequem &amp; passt zu deinem Vintage Look.","twitter:image":"https:\/\/shop.hidalgo.nl\/wp-content\/uploads\/2025\/11\/cropped-Hidalgo-est1993.png"},"aioseo_meta_data":{"post_id":"30188","title":null,"description":null,"keywords":null,"keyphrases":null,"primary_term":null,"canonical_url":null,"og_title":null,"og_description":null,"og_object_type":"default","og_image_type":"default","og_image_url":null,"og_image_width":null,"og_image_height":null,"og_image_custom_url":null,"og_image_custom_fields":null,"og_video":null,"og_custom_url":null,"og_article_section":null,"og_article_tags":null,"twitter_use_og":false,"twitter_card":"default","twitter_image_type":"default","twitter_image_url":null,"twitter_image_custom_url":null,"twitter_image_custom_fields":null,"twitter_title":null,"twitter_description":null,"schema":{"blockGraphs":[],"customGraphs":[],"default":{"data":{"Article":[],"Course":[],"Dataset":[],"FAQPage":[],"Movie":[],"Person":[],"Product":[],"ProductReview":[],"Car":[],"Recipe":[],"Service":[],"SoftwareApplication":[],"WebPage":[]},"graphName":"","isEnabled":true},"graphs":[]},"schema_type":"default","schema_type_options":null,"pillar_content":false,"robots_default":true,"robots_noindex":false,"robots_noarchive":false,"robots_nosnippet":false,"robots_nofollow":false,"robots_noimageindex":false,"robots_noodp":false,"robots_notranslate":false,"robots_max_snippet":null,"robots_max_videopreview":null,"robots_max_imagepreview":"large","priority":null,"frequency":null,"local_seo":null,"seo_analyzer_scan_date":"2026-01-20 13:19:00","breadcrumb_settings":null,"limit_modified_date":false,"reviewed_by":null,"open_ai":null,"ai":null,"created":"2026-01-14 06:25:28","updated":"2026-04-22 17:16:49"},"aioseo_breadcrumb":"<div class=\"aioseo-breadcrumbs\"><span class=\"aioseo-breadcrumb\">\n\t<a href=\"https:\/\/hidalgo.nl\/de\/\" title=\"Home\">Home<\/a>\n<\/span><span class=\"aioseo-breadcrumb-separator\">\u00bb<\/span><span class=\"aioseo-breadcrumb\">\n\t<a href=\"https:\/\/hidalgo.nl\/example\/\" title=\"example\">example<\/a>\n<\/span><span class=\"aioseo-breadcrumb-separator\">\u00bb<\/span><span class=\"aioseo-breadcrumb\">\n\t<a href=\"https:\/\/hidalgo.nl\/en\/product-supplier\/a403\/\" title=\"A403\">A403<\/a>\n<\/span><span class=\"aioseo-breadcrumb-separator\">\u00bb<\/span><span class=\"aioseo-breadcrumb\">\n\tBG613 \u2013 Rugzak Vintage laptop\n<\/span><\/div>","aioseo_breadcrumb_json":[{"label":"Home","link":"https:\/\/hidalgo.nl\/de\/"},{"label":"example","link":"https:\/\/hidalgo.nl\/example\/"},{"label":"A403","link":"https:\/\/hidalgo.nl\/en\/product-supplier\/a403\/"},{"label":"BG613 &#8211; Rugzak Vintage laptop","link":"https:\/\/hidalgo.nl\/de\/product\/30188\/laptop-rucksack-bedrucken-vintage-17-zoll-polyester-one-size\/"}],"_links":{"self":[{"href":"https:\/\/hidalgo.nl\/de\/wp-json\/wp\/v2\/product\/30188","targetHints":{"allow":["GET"]}}],"collection":[{"href":"https:\/\/hidalgo.nl\/de\/wp-json\/wp\/v2\/product"}],"about":[{"href":"https:\/\/hidalgo.nl\/de\/wp-json\/wp\/v2\/types\/product"}],"wp:featuredmedia":[{"embeddable":true,"href":"https:\/\/hidalgo.nl\/de\/wp-json\/wp\/v2\/media\/30191"}],"wp:attachment":[{"href":"https:\/\/hidalgo.nl\/de\/wp-json\/wp\/v2\/media?parent=30188"}],"wp:term":[{"taxonomy":"product_brand","embeddable":true,"href":"https:\/\/hidalgo.nl\/de\/wp-json\/wp\/v2\/product_brand?post=30188"},{"taxonomy":"product_cat","embeddable":true,"href":"https:\/\/hidalgo.nl\/de\/wp-json\/wp\/v2\/product_cat?post=30188"},{"taxonomy":"product_tag","embeddable":true,"href":"https:\/\/hidalgo.nl\/de\/wp-json\/wp\/v2\/product_tag?post=30188"}],"curies":[{"name":"wp","href":"https:\/\/api.w.org\/{rel}","templated":true}]}}