{"id":28706,"date":"2025-07-06T10:36:24","date_gmt":"2025-07-06T10:36:24","guid":{"rendered":"http:\/\/bidonsenshakers.pim.hidalgo.nl\/product\/b490-touchscreen-smart-gloves\/"},"modified":"2026-03-23T11:12:21","modified_gmt":"2026-03-23T11:12:21","slug":"b490-touchscreen-smart-gloves","status":"publish","type":"product","link":"https:\/\/hidalgo.nl\/de\/product\/28706\/touchscreen-handschuhe-bedrucken-b490-warm-acryl-m-xl\/","title":{"rendered":"B490 &#8211; Touchscreen Smart Gloves"},"content":{"rendered":"<p>95% acryl\/ 4% polyester\/ 1% elasthan. Handschoenen om touchscreen apparaten zoals smartphones te bedienen door middel van gemetaliseerde draden in 2 vingers en de duim.<\/p>\n","protected":false},"excerpt":{"rendered":"<p>95% acryl\/ 4% polyester\/ 1% elasthan. Handschoenen om touchscreen apparaten zoals smartphones te bedienen door middel van gemetaliseerde draden in 2 vingers en de duim.<\/p>\n","protected":false},"featured_media":28707,"template":"","meta":{"_acf_changed":false,"om_disable_all_campaigns":false,"_monsterinsights_skip_tracking":false,"_monsterinsights_sitenote_active":false,"_monsterinsights_sitenote_note":"","_monsterinsights_sitenote_category":0},"product_brand":[],"product_cat":[4758,4716,4757],"product_tag":[],"class_list":{"0":"post-28706","1":"product","2":"type-product","3":"status-publish","4":"has-post-thumbnail","6":"product_supplier-a403","7":"product_cat-kleding-kleding-accessoires-handschoenen","8":"product_cat-kleding","9":"product_cat-kleding-kleding-accessoires","10":"entry","12":"first","13":"instock","14":"taxable","15":"shipping-taxable","16":"purchasable","17":"product-type-variable"},"acf":{"imprint_cost":[{"imprint_cost_key":"33483b79de35c41f6a5968127e3727b83ce2fe0b","product_quantity_price_range":[{"imprint_cost_recommended_selling_price":"0","imprint_cost_recommended_selling_quantity":"1"}],"product_quantity_price_range_buying":false,"imprint_cost_setup_costs":"","imprint_cost_handling_costs":""}]},"aioseo_notices":[],"aioseo_head":"\n\t\t<!-- All in One SEO Pro 4.9.6.2 - aioseo.com -->\n\t<meta name=\"description\" content=\"Du bedienst Smartphone &amp; Tablet auch in der K\u00e4lte dank leitf\u00e4higer Spitzen an Daumen und zwei Fingern; das Acryl-Gestrick h\u00e4lt angenehm warm. Lass bei Hidalgo dein Logo aufbringen - jetzt Warme Handschuhe bedrucken oder Handschuhe mit Logo bestellen, Gr\u00f6\u00dfen M, XL, M.\" \/>\n\t<meta name=\"robots\" content=\"max-image-preview:large\" \/>\n\t<link rel=\"canonical\" href=\"https:\/\/hidalgo.nl\/de\/wp-json\/wp\/v2\/product\/28706\" \/>\n\t<meta name=\"generator\" content=\"All in One SEO Pro (AIOSEO) 4.9.6.2\" \/>\n\t\t<meta property=\"og:locale\" content=\"de_DE\" \/>\n\t\t<meta property=\"og:site_name\" content=\"Hidalgo -\" \/>\n\t\t<meta property=\"og:type\" content=\"article\" \/>\n\t\t<meta property=\"og:title\" content=\"Touchscreen Handschuhe bedrucken B490 Warm Acryl M XL\" \/>\n\t\t<meta property=\"og:description\" content=\"Du bedienst Smartphone &amp; Tablet auch in der K\u00e4lte dank leitf\u00e4higer Spitzen an Daumen und zwei Fingern; das Acryl-Gestrick h\u00e4lt angenehm warm. Lass bei Hidalgo dein Logo aufbringen - jetzt Warme Handschuhe bedrucken oder Handschuhe mit Logo bestellen, Gr\u00f6\u00dfen M, XL, M.\" \/>\n\t\t<meta property=\"og:url\" content=\"https:\/\/hidalgo.nl\/de\/wp-json\/wp\/v2\/product\/28706\" \/>\n\t\t<meta property=\"og:image\" content=\"https:\/\/shop.hidalgo.nl\/wp-content\/uploads\/2025\/11\/cropped-Hidalgo-est1993.png\" \/>\n\t\t<meta property=\"og:image:secure_url\" content=\"https:\/\/shop.hidalgo.nl\/wp-content\/uploads\/2025\/11\/cropped-Hidalgo-est1993.png\" \/>\n\t\t<meta property=\"article:published_time\" content=\"2025-07-06T10:36:24+00:00\" \/>\n\t\t<meta property=\"article:modified_time\" content=\"2026-03-23T11:12:21+00:00\" \/>\n\t\t<meta name=\"twitter:card\" content=\"summary_large_image\" \/>\n\t\t<meta name=\"twitter:title\" content=\"Touchscreen Handschuhe bedrucken B490 Warm Acryl M XL\" \/>\n\t\t<meta name=\"twitter:description\" content=\"Du bedienst Smartphone &amp; Tablet auch in der K\u00e4lte dank leitf\u00e4higer Spitzen an Daumen und zwei Fingern; das Acryl-Gestrick h\u00e4lt angenehm warm. Lass bei Hidalgo dein Logo aufbringen - jetzt Warme Handschuhe bedrucken oder Handschuhe mit Logo bestellen, Gr\u00f6\u00dfen M, XL, M.\" \/>\n\t\t<meta name=\"twitter:image\" content=\"https:\/\/shop.hidalgo.nl\/wp-content\/uploads\/2025\/11\/cropped-Hidalgo-est1993.png\" \/>\n\t\t<script type=\"application\/ld+json\" class=\"aioseo-schema\">\n\t\t\t{\"@context\":\"https:\\\/\\\/schema.org\",\"@graph\":[{\"@type\":\"BreadcrumbList\",\"@id\":\"https:\\\/\\\/hidalgo.nl\\\/de\\\/product\\\/28706\\\/touchscreen-handschuhe-bedrucken-b490-warm-acryl-m-xl\\\/#breadcrumblist\",\"itemListElement\":[{\"@type\":\"ListItem\",\"@id\":\"https:\\\/\\\/hidalgo.nl\\\/de\\\/#listItem\",\"position\":1,\"name\":\"Home\",\"item\":\"https:\\\/\\\/hidalgo.nl\\\/de\\\/\",\"nextItem\":{\"@type\":\"ListItem\",\"@id\":\"https:\\\/\\\/hidalgo.nl\\\/example\\\/#listItem\",\"name\":\"example\"}},{\"@type\":\"ListItem\",\"@id\":\"https:\\\/\\\/hidalgo.nl\\\/example\\\/#listItem\",\"position\":2,\"name\":\"example\",\"item\":\"https:\\\/\\\/hidalgo.nl\\\/example\\\/\",\"nextItem\":{\"@type\":\"ListItem\",\"@id\":\"https:\\\/\\\/hidalgo.nl\\\/en\\\/product-supplier\\\/a403\\\/#listItem\",\"name\":\"A403\"},\"previousItem\":{\"@type\":\"ListItem\",\"@id\":\"https:\\\/\\\/hidalgo.nl\\\/de\\\/#listItem\",\"name\":\"Home\"}},{\"@type\":\"ListItem\",\"@id\":\"https:\\\/\\\/hidalgo.nl\\\/en\\\/product-supplier\\\/a403\\\/#listItem\",\"position\":3,\"name\":\"A403\",\"item\":\"https:\\\/\\\/hidalgo.nl\\\/en\\\/product-supplier\\\/a403\\\/\",\"nextItem\":{\"@type\":\"ListItem\",\"@id\":\"https:\\\/\\\/hidalgo.nl\\\/de\\\/product\\\/28706\\\/touchscreen-handschuhe-bedrucken-b490-warm-acryl-m-xl\\\/#listItem\",\"name\":\"B490 &#8211; Touchscreen Smart Gloves\"},\"previousItem\":{\"@type\":\"ListItem\",\"@id\":\"https:\\\/\\\/hidalgo.nl\\\/example\\\/#listItem\",\"name\":\"example\"}},{\"@type\":\"ListItem\",\"@id\":\"https:\\\/\\\/hidalgo.nl\\\/de\\\/product\\\/28706\\\/touchscreen-handschuhe-bedrucken-b490-warm-acryl-m-xl\\\/#listItem\",\"position\":4,\"name\":\"B490 &#8211; Touchscreen Smart Gloves\",\"previousItem\":{\"@type\":\"ListItem\",\"@id\":\"https:\\\/\\\/hidalgo.nl\\\/en\\\/product-supplier\\\/a403\\\/#listItem\",\"name\":\"A403\"}}]},{\"@type\":\"Organization\",\"@id\":\"https:\\\/\\\/hidalgo.nl\\\/de\\\/#organization\",\"name\":\"Hidalgo\",\"url\":\"https:\\\/\\\/hidalgo.nl\\\/de\\\/\",\"logo\":{\"@type\":\"ImageObject\",\"url\":\"https:\\\/\\\/shop.hidalgo.nl\\\/wp-content\\\/uploads\\\/2025\\\/11\\\/cropped-Hidalgo-est1993.png\",\"@id\":\"https:\\\/\\\/hidalgo.nl\\\/de\\\/product\\\/28706\\\/touchscreen-handschuhe-bedrucken-b490-warm-acryl-m-xl\\\/#organizationLogo\",\"width\":585,\"height\":195},\"image\":{\"@id\":\"https:\\\/\\\/hidalgo.nl\\\/de\\\/product\\\/28706\\\/touchscreen-handschuhe-bedrucken-b490-warm-acryl-m-xl\\\/#organizationLogo\"}},{\"@type\":\"ProductGroup\",\"@id\":\"https:\\\/\\\/hidalgo.nl\\\/de\\\/product\\\/28706\\\/touchscreen-handschuhe-bedrucken-b490-warm-acryl-m-xl\\\/#wooCommerceProduct\",\"name\":\"Touchscreen Handschuhe bedrucken B490 Warm Acryl M XL\",\"url\":\"https:\\\/\\\/hidalgo.nl\\\/de\\\/product\\\/28706\\\/touchscreen-handschuhe-bedrucken-b490-warm-acryl-m-xl\\\/\",\"sku\":\"A403-B490\",\"image\":{\"@type\":\"ImageObject\",\"url\":\"https:\\\/\\\/shop.hidalgo.nl\\\/wp-content\\\/uploads\\\/2025\\\/07\\\/1112a72df0b85a97ccedf0dbfa42083f9f0d2b283deaaaa23befb5df248dd02a.png\",\"@id\":\"https:\\\/\\\/hidalgo.nl\\\/de\\\/product\\\/28706\\\/touchscreen-handschuhe-bedrucken-b490-warm-acryl-m-xl\\\/#productImage\",\"width\":1000,\"height\":802},\"productGroupID\":28706,\"hasVariant\":[{\"@type\":\"Product\",\"@id\":\"https:\\\/\\\/hidalgo.nl\\\/de\\\/product\\\/28706\\\/touchscreen-handschuhe-bedrucken-b490-warm-acryl-m-xl\\\/#wooCommerceProduct\",\"name\":\"B490 - Touchscreen Smart Gloves - m, black\",\"url\":\"https:\\\/\\\/hidalgo.nl\\\/de\\\/product\\\/28706\\\/touchscreen-handschuhe-bedrucken-b490-warm-acryl-m-xl\\\/\",\"sku\":\"A403-B490_41276_41275\",\"gtin\":\"5060244894600\",\"image\":{\"@type\":\"ImageObject\",\"url\":\"https:\\\/\\\/shop.hidalgo.nl\\\/wp-content\\\/uploads\\\/2025\\\/07\\\/1112a72df0b85a97ccedf0dbfa42083f9f0d2b283deaaaa23befb5df248dd02a.png\",\"@id\":\"https:\\\/\\\/hidalgo.nl\\\/de\\\/product\\\/28706\\\/touchscreen-handschuhe-bedrucken-b490-warm-acryl-m-xl\\\/#productImage\",\"width\":1000,\"height\":802},\"offers\":{\"@type\":\"Offer\",\"url\":\"https:\\\/\\\/hidalgo.nl\\\/de\\\/product\\\/28706\\\/touchscreen-handschuhe-bedrucken-b490-warm-acryl-m-xl\\\/#wooCommerceOffer\",\"price\":\"2.75\",\"priceCurrency\":\"EUR\",\"category\":\"Kleding\",\"availability\":\"https:\\\/\\\/schema.org\\\/InStock\",\"priceSpecification\":{\"@type\":\"PriceSpecification\",\"price\":2.75,\"priceCurrency\":\"EUR\",\"valueAddedTaxIncluded\":\"true\"}}},{\"@type\":\"Product\",\"@id\":\"https:\\\/\\\/hidalgo.nl\\\/de\\\/product\\\/28706\\\/touchscreen-handschuhe-bedrucken-b490-warm-acryl-m-xl\\\/#wooCommerceProduct\",\"name\":\"B490 - Touchscreen Smart Gloves - xl, black\",\"url\":\"https:\\\/\\\/hidalgo.nl\\\/de\\\/product\\\/28706\\\/touchscreen-handschuhe-bedrucken-b490-warm-acryl-m-xl\\\/\",\"sku\":\"A403-B490_41276_41277\",\"gtin\":\"5060244894617\",\"image\":{\"@type\":\"ImageObject\",\"url\":\"https:\\\/\\\/shop.hidalgo.nl\\\/wp-content\\\/uploads\\\/2025\\\/07\\\/1112a72df0b85a97ccedf0dbfa42083f9f0d2b283deaaaa23befb5df248dd02a.png\",\"@id\":\"https:\\\/\\\/hidalgo.nl\\\/de\\\/product\\\/28706\\\/touchscreen-handschuhe-bedrucken-b490-warm-acryl-m-xl\\\/#productImage\",\"width\":1000,\"height\":802},\"offers\":{\"@type\":\"Offer\",\"url\":\"https:\\\/\\\/hidalgo.nl\\\/de\\\/product\\\/28706\\\/touchscreen-handschuhe-bedrucken-b490-warm-acryl-m-xl\\\/#wooCommerceOffer\",\"price\":\"2.75\",\"priceCurrency\":\"EUR\",\"category\":\"Kleding\",\"availability\":\"https:\\\/\\\/schema.org\\\/InStock\",\"priceSpecification\":{\"@type\":\"PriceSpecification\",\"price\":2.75,\"priceCurrency\":\"EUR\",\"valueAddedTaxIncluded\":\"true\"}}}]},{\"@type\":\"WebPage\",\"@id\":\"https:\\\/\\\/hidalgo.nl\\\/de\\\/product\\\/28706\\\/touchscreen-handschuhe-bedrucken-b490-warm-acryl-m-xl\\\/#webpage\",\"url\":\"https:\\\/\\\/hidalgo.nl\\\/de\\\/product\\\/28706\\\/touchscreen-handschuhe-bedrucken-b490-warm-acryl-m-xl\\\/\",\"name\":\"Touchscreen Handschuhe bedrucken B490 Warm Acryl M XL\",\"description\":\"Du bedienst Smartphone & Tablet auch in der K\\u00e4lte dank leitf\\u00e4higer Spitzen an Daumen und zwei Fingern; das Acryl-Gestrick h\\u00e4lt angenehm warm. Lass bei Hidalgo dein Logo aufbringen - jetzt Warme Handschuhe bedrucken oder Handschuhe mit Logo bestellen, Gr\\u00f6\\u00dfen M, XL, M.\",\"inLanguage\":\"de-DE\",\"isPartOf\":{\"@id\":\"https:\\\/\\\/hidalgo.nl\\\/de\\\/#website\"},\"breadcrumb\":{\"@id\":\"https:\\\/\\\/hidalgo.nl\\\/de\\\/product\\\/28706\\\/touchscreen-handschuhe-bedrucken-b490-warm-acryl-m-xl\\\/#breadcrumblist\"},\"image\":{\"@type\":\"ImageObject\",\"url\":\"https:\\\/\\\/shop.hidalgo.nl\\\/wp-content\\\/uploads\\\/2025\\\/07\\\/1112a72df0b85a97ccedf0dbfa42083f9f0d2b283deaaaa23befb5df248dd02a.png\",\"@id\":\"https:\\\/\\\/hidalgo.nl\\\/de\\\/product\\\/28706\\\/touchscreen-handschuhe-bedrucken-b490-warm-acryl-m-xl\\\/#mainImage\",\"width\":1000,\"height\":802},\"primaryImageOfPage\":{\"@id\":\"https:\\\/\\\/hidalgo.nl\\\/de\\\/product\\\/28706\\\/touchscreen-handschuhe-bedrucken-b490-warm-acryl-m-xl\\\/#mainImage\"},\"datePublished\":\"2025-07-06T10:36:24+00:00\",\"dateModified\":\"2026-03-23T11:12:21+00:00\"},{\"@type\":\"WebSite\",\"@id\":\"https:\\\/\\\/hidalgo.nl\\\/de\\\/#website\",\"url\":\"https:\\\/\\\/hidalgo.nl\\\/de\\\/\",\"name\":\"Hidalgo\",\"inLanguage\":\"de-DE\",\"publisher\":{\"@id\":\"https:\\\/\\\/hidalgo.nl\\\/de\\\/#organization\"}}]}\n\t\t<\/script>\n\t\t<!-- All in One SEO Pro -->\r\n\t\t<title>Touchscreen Handschuhe bedrucken B490 Warm Acryl M XL<\/title>\n\n","aioseo_head_json":{"title":"Touchscreen Handschuhe bedrucken B490 Warm Acryl M XL","description":"Du bedienst Smartphone & Tablet auch in der K\u00e4lte dank leitf\u00e4higer Spitzen an Daumen und zwei Fingern; das Acryl-Gestrick h\u00e4lt angenehm warm. Lass bei Hidalgo dein Logo aufbringen - jetzt Warme Handschuhe bedrucken oder Handschuhe mit Logo bestellen, Gr\u00f6\u00dfen M, XL, M.","canonical_url":"https:\/\/hidalgo.nl\/de\/wp-json\/wp\/v2\/product\/28706","robots":"max-image-preview:large","keywords":"","webmasterTools":{"miscellaneous":""},"schema":{"@context":"https:\/\/schema.org","@graph":[{"@type":"BreadcrumbList","@id":"https:\/\/hidalgo.nl\/de\/product\/28706\/touchscreen-handschuhe-bedrucken-b490-warm-acryl-m-xl\/#breadcrumblist","itemListElement":[{"@type":"ListItem","@id":"https:\/\/hidalgo.nl\/de\/#listItem","position":1,"name":"Home","item":"https:\/\/hidalgo.nl\/de\/","nextItem":{"@type":"ListItem","@id":"https:\/\/hidalgo.nl\/example\/#listItem","name":"example"}},{"@type":"ListItem","@id":"https:\/\/hidalgo.nl\/example\/#listItem","position":2,"name":"example","item":"https:\/\/hidalgo.nl\/example\/","nextItem":{"@type":"ListItem","@id":"https:\/\/hidalgo.nl\/en\/product-supplier\/a403\/#listItem","name":"A403"},"previousItem":{"@type":"ListItem","@id":"https:\/\/hidalgo.nl\/de\/#listItem","name":"Home"}},{"@type":"ListItem","@id":"https:\/\/hidalgo.nl\/en\/product-supplier\/a403\/#listItem","position":3,"name":"A403","item":"https:\/\/hidalgo.nl\/en\/product-supplier\/a403\/","nextItem":{"@type":"ListItem","@id":"https:\/\/hidalgo.nl\/de\/product\/28706\/touchscreen-handschuhe-bedrucken-b490-warm-acryl-m-xl\/#listItem","name":"B490 &#8211; Touchscreen Smart Gloves"},"previousItem":{"@type":"ListItem","@id":"https:\/\/hidalgo.nl\/example\/#listItem","name":"example"}},{"@type":"ListItem","@id":"https:\/\/hidalgo.nl\/de\/product\/28706\/touchscreen-handschuhe-bedrucken-b490-warm-acryl-m-xl\/#listItem","position":4,"name":"B490 &#8211; Touchscreen Smart Gloves","previousItem":{"@type":"ListItem","@id":"https:\/\/hidalgo.nl\/en\/product-supplier\/a403\/#listItem","name":"A403"}}]},{"@type":"Organization","@id":"https:\/\/hidalgo.nl\/de\/#organization","name":"Hidalgo","url":"https:\/\/hidalgo.nl\/de\/","logo":{"@type":"ImageObject","url":"https:\/\/shop.hidalgo.nl\/wp-content\/uploads\/2025\/11\/cropped-Hidalgo-est1993.png","@id":"https:\/\/hidalgo.nl\/de\/product\/28706\/touchscreen-handschuhe-bedrucken-b490-warm-acryl-m-xl\/#organizationLogo","width":585,"height":195},"image":{"@id":"https:\/\/hidalgo.nl\/de\/product\/28706\/touchscreen-handschuhe-bedrucken-b490-warm-acryl-m-xl\/#organizationLogo"}},{"@type":"ProductGroup","@id":"https:\/\/hidalgo.nl\/de\/product\/28706\/touchscreen-handschuhe-bedrucken-b490-warm-acryl-m-xl\/#wooCommerceProduct","name":"Touchscreen Handschuhe bedrucken B490 Warm Acryl M XL","url":"https:\/\/hidalgo.nl\/de\/product\/28706\/touchscreen-handschuhe-bedrucken-b490-warm-acryl-m-xl\/","sku":"A403-B490","image":{"@type":"ImageObject","url":"https:\/\/shop.hidalgo.nl\/wp-content\/uploads\/2025\/07\/1112a72df0b85a97ccedf0dbfa42083f9f0d2b283deaaaa23befb5df248dd02a.png","@id":"https:\/\/hidalgo.nl\/de\/product\/28706\/touchscreen-handschuhe-bedrucken-b490-warm-acryl-m-xl\/#productImage","width":1000,"height":802},"productGroupID":28706,"hasVariant":[{"@type":"Product","@id":"https:\/\/hidalgo.nl\/de\/product\/28706\/touchscreen-handschuhe-bedrucken-b490-warm-acryl-m-xl\/#wooCommerceProduct","name":"B490 - Touchscreen Smart Gloves - m, black","url":"https:\/\/hidalgo.nl\/de\/product\/28706\/touchscreen-handschuhe-bedrucken-b490-warm-acryl-m-xl\/","sku":"A403-B490_41276_41275","gtin":"5060244894600","image":{"@type":"ImageObject","url":"https:\/\/shop.hidalgo.nl\/wp-content\/uploads\/2025\/07\/1112a72df0b85a97ccedf0dbfa42083f9f0d2b283deaaaa23befb5df248dd02a.png","@id":"https:\/\/hidalgo.nl\/de\/product\/28706\/touchscreen-handschuhe-bedrucken-b490-warm-acryl-m-xl\/#productImage","width":1000,"height":802},"offers":{"@type":"Offer","url":"https:\/\/hidalgo.nl\/de\/product\/28706\/touchscreen-handschuhe-bedrucken-b490-warm-acryl-m-xl\/#wooCommerceOffer","price":"2.75","priceCurrency":"EUR","category":"Kleding","availability":"https:\/\/schema.org\/InStock","priceSpecification":{"@type":"PriceSpecification","price":2.75,"priceCurrency":"EUR","valueAddedTaxIncluded":"true"}}},{"@type":"Product","@id":"https:\/\/hidalgo.nl\/de\/product\/28706\/touchscreen-handschuhe-bedrucken-b490-warm-acryl-m-xl\/#wooCommerceProduct","name":"B490 - Touchscreen Smart Gloves - xl, black","url":"https:\/\/hidalgo.nl\/de\/product\/28706\/touchscreen-handschuhe-bedrucken-b490-warm-acryl-m-xl\/","sku":"A403-B490_41276_41277","gtin":"5060244894617","image":{"@type":"ImageObject","url":"https:\/\/shop.hidalgo.nl\/wp-content\/uploads\/2025\/07\/1112a72df0b85a97ccedf0dbfa42083f9f0d2b283deaaaa23befb5df248dd02a.png","@id":"https:\/\/hidalgo.nl\/de\/product\/28706\/touchscreen-handschuhe-bedrucken-b490-warm-acryl-m-xl\/#productImage","width":1000,"height":802},"offers":{"@type":"Offer","url":"https:\/\/hidalgo.nl\/de\/product\/28706\/touchscreen-handschuhe-bedrucken-b490-warm-acryl-m-xl\/#wooCommerceOffer","price":"2.75","priceCurrency":"EUR","category":"Kleding","availability":"https:\/\/schema.org\/InStock","priceSpecification":{"@type":"PriceSpecification","price":2.75,"priceCurrency":"EUR","valueAddedTaxIncluded":"true"}}}]},{"@type":"WebPage","@id":"https:\/\/hidalgo.nl\/de\/product\/28706\/touchscreen-handschuhe-bedrucken-b490-warm-acryl-m-xl\/#webpage","url":"https:\/\/hidalgo.nl\/de\/product\/28706\/touchscreen-handschuhe-bedrucken-b490-warm-acryl-m-xl\/","name":"Touchscreen Handschuhe bedrucken B490 Warm Acryl M XL","description":"Du bedienst Smartphone & Tablet auch in der K\u00e4lte dank leitf\u00e4higer Spitzen an Daumen und zwei Fingern; das Acryl-Gestrick h\u00e4lt angenehm warm. Lass bei Hidalgo dein Logo aufbringen - jetzt Warme Handschuhe bedrucken oder Handschuhe mit Logo bestellen, Gr\u00f6\u00dfen M, XL, M.","inLanguage":"de-DE","isPartOf":{"@id":"https:\/\/hidalgo.nl\/de\/#website"},"breadcrumb":{"@id":"https:\/\/hidalgo.nl\/de\/product\/28706\/touchscreen-handschuhe-bedrucken-b490-warm-acryl-m-xl\/#breadcrumblist"},"image":{"@type":"ImageObject","url":"https:\/\/shop.hidalgo.nl\/wp-content\/uploads\/2025\/07\/1112a72df0b85a97ccedf0dbfa42083f9f0d2b283deaaaa23befb5df248dd02a.png","@id":"https:\/\/hidalgo.nl\/de\/product\/28706\/touchscreen-handschuhe-bedrucken-b490-warm-acryl-m-xl\/#mainImage","width":1000,"height":802},"primaryImageOfPage":{"@id":"https:\/\/hidalgo.nl\/de\/product\/28706\/touchscreen-handschuhe-bedrucken-b490-warm-acryl-m-xl\/#mainImage"},"datePublished":"2025-07-06T10:36:24+00:00","dateModified":"2026-03-23T11:12:21+00:00"},{"@type":"WebSite","@id":"https:\/\/hidalgo.nl\/de\/#website","url":"https:\/\/hidalgo.nl\/de\/","name":"Hidalgo","inLanguage":"de-DE","publisher":{"@id":"https:\/\/hidalgo.nl\/de\/#organization"}}]},"og:locale":"de_DE","og:site_name":"Hidalgo -","og:type":"article","og:title":"Touchscreen Handschuhe bedrucken B490 Warm Acryl M XL","og:description":"Du bedienst Smartphone &amp; Tablet auch in der K\u00e4lte dank leitf\u00e4higer Spitzen an Daumen und zwei Fingern; das Acryl-Gestrick h\u00e4lt angenehm warm. Lass bei Hidalgo dein Logo aufbringen - jetzt Warme Handschuhe bedrucken oder Handschuhe mit Logo bestellen, Gr\u00f6\u00dfen M, XL, M.","og:url":"https:\/\/hidalgo.nl\/de\/wp-json\/wp\/v2\/product\/28706","og:image":"https:\/\/shop.hidalgo.nl\/wp-content\/uploads\/2025\/11\/cropped-Hidalgo-est1993.png","og:image:secure_url":"https:\/\/shop.hidalgo.nl\/wp-content\/uploads\/2025\/11\/cropped-Hidalgo-est1993.png","article:published_time":"2025-07-06T10:36:24+00:00","article:modified_time":"2026-03-23T11:12:21+00:00","twitter:card":"summary_large_image","twitter:title":"Touchscreen Handschuhe bedrucken B490 Warm Acryl M XL","twitter:description":"Du bedienst Smartphone &amp; Tablet auch in der K\u00e4lte dank leitf\u00e4higer Spitzen an Daumen und zwei Fingern; das Acryl-Gestrick h\u00e4lt angenehm warm. Lass bei Hidalgo dein Logo aufbringen - jetzt Warme Handschuhe bedrucken oder Handschuhe mit Logo bestellen, Gr\u00f6\u00dfen M, XL, M.","twitter:image":"https:\/\/shop.hidalgo.nl\/wp-content\/uploads\/2025\/11\/cropped-Hidalgo-est1993.png"},"aioseo_meta_data":{"post_id":"28706","title":null,"description":null,"keywords":null,"keyphrases":null,"primary_term":null,"canonical_url":null,"og_title":null,"og_description":null,"og_object_type":"default","og_image_type":"default","og_image_url":null,"og_image_width":null,"og_image_height":null,"og_image_custom_url":null,"og_image_custom_fields":null,"og_video":null,"og_custom_url":null,"og_article_section":null,"og_article_tags":null,"twitter_use_og":false,"twitter_card":"default","twitter_image_type":"default","twitter_image_url":null,"twitter_image_custom_url":null,"twitter_image_custom_fields":null,"twitter_title":null,"twitter_description":null,"schema":{"blockGraphs":[],"customGraphs":[],"default":{"data":{"Article":[],"Course":[],"Dataset":[],"FAQPage":[],"Movie":[],"Person":[],"Product":[],"ProductReview":[],"Car":[],"Recipe":[],"Service":[],"SoftwareApplication":[],"WebPage":[]},"graphName":"","isEnabled":true},"graphs":[]},"schema_type":"default","schema_type_options":null,"pillar_content":false,"robots_default":true,"robots_noindex":false,"robots_noarchive":false,"robots_nosnippet":false,"robots_nofollow":false,"robots_noimageindex":false,"robots_noodp":false,"robots_notranslate":false,"robots_max_snippet":null,"robots_max_videopreview":null,"robots_max_imagepreview":"large","priority":null,"frequency":null,"local_seo":null,"seo_analyzer_scan_date":"2026-01-20 13:11:38","breadcrumb_settings":null,"limit_modified_date":false,"reviewed_by":null,"open_ai":null,"ai":null,"created":"2026-01-14 06:25:28","updated":"2026-04-22 17:08:53"},"aioseo_breadcrumb":"<div class=\"aioseo-breadcrumbs\"><span class=\"aioseo-breadcrumb\">\n\t<a href=\"https:\/\/hidalgo.nl\/de\/\" title=\"Home\">Home<\/a>\n<\/span><span class=\"aioseo-breadcrumb-separator\">\u00bb<\/span><span class=\"aioseo-breadcrumb\">\n\t<a href=\"https:\/\/hidalgo.nl\/example\/\" title=\"example\">example<\/a>\n<\/span><span class=\"aioseo-breadcrumb-separator\">\u00bb<\/span><span class=\"aioseo-breadcrumb\">\n\t<a href=\"https:\/\/hidalgo.nl\/en\/product-supplier\/a403\/\" title=\"A403\">A403<\/a>\n<\/span><span class=\"aioseo-breadcrumb-separator\">\u00bb<\/span><span class=\"aioseo-breadcrumb\">\n\tB490 \u2013 Touchscreen Smart Gloves\n<\/span><\/div>","aioseo_breadcrumb_json":[{"label":"Home","link":"https:\/\/hidalgo.nl\/de\/"},{"label":"example","link":"https:\/\/hidalgo.nl\/example\/"},{"label":"A403","link":"https:\/\/hidalgo.nl\/en\/product-supplier\/a403\/"},{"label":"B490 &#8211; Touchscreen Smart Gloves","link":"https:\/\/hidalgo.nl\/de\/product\/28706\/touchscreen-handschuhe-bedrucken-b490-warm-acryl-m-xl\/"}],"_links":{"self":[{"href":"https:\/\/hidalgo.nl\/de\/wp-json\/wp\/v2\/product\/28706","targetHints":{"allow":["GET"]}}],"collection":[{"href":"https:\/\/hidalgo.nl\/de\/wp-json\/wp\/v2\/product"}],"about":[{"href":"https:\/\/hidalgo.nl\/de\/wp-json\/wp\/v2\/types\/product"}],"wp:featuredmedia":[{"embeddable":true,"href":"https:\/\/hidalgo.nl\/de\/wp-json\/wp\/v2\/media\/28707"}],"wp:attachment":[{"href":"https:\/\/hidalgo.nl\/de\/wp-json\/wp\/v2\/media?parent=28706"}],"wp:term":[{"taxonomy":"product_brand","embeddable":true,"href":"https:\/\/hidalgo.nl\/de\/wp-json\/wp\/v2\/product_brand?post=28706"},{"taxonomy":"product_cat","embeddable":true,"href":"https:\/\/hidalgo.nl\/de\/wp-json\/wp\/v2\/product_cat?post=28706"},{"taxonomy":"product_tag","embeddable":true,"href":"https:\/\/hidalgo.nl\/de\/wp-json\/wp\/v2\/product_tag?post=28706"}],"curies":[{"name":"wp","href":"https:\/\/api.w.org\/{rel}","templated":true}]}}