{"id":28354,"date":"2025-07-06T10:30:48","date_gmt":"2025-07-06T10:30:48","guid":{"rendered":"http:\/\/bidonsenshakers.pim.hidalgo.nl\/product\/b438n-biologisch-katoenen-muts-met-technische-patch\/"},"modified":"2026-03-23T11:04:50","modified_gmt":"2026-03-23T11:04:50","slug":"b438n-biologisch-katoenen-muts-met-technische-patch","status":"publish","type":"product","link":"https:\/\/hidalgo.nl\/de\/product\/28354\/beanie-bedrucken-atmungsaktiv-bio-baumwolle-patch-one-size\/","title":{"rendered":"B438N &#8211; Biologisch katoenen muts met technische patch"},"content":{"rendered":"<p>100% biologisch katoen. Lichte en ademende stof. Enkele laag breiwerk. Top ontworpen voor maximaal comfort.<\/p>\n","protected":false},"excerpt":{"rendered":"<p>100% biologisch katoen. Lichte en ademende stof. Enkele laag breiwerk. Top ontworpen voor maximaal comfort.<\/p>\n","protected":false},"featured_media":28355,"template":"","meta":{"_acf_changed":false,"om_disable_all_campaigns":false,"_monsterinsights_skip_tracking":false,"_monsterinsights_sitenote_active":false,"_monsterinsights_sitenote_note":"","_monsterinsights_sitenote_category":0},"product_brand":[],"product_cat":[4716,4759,4746],"product_tag":[],"class_list":{"0":"post-28354","1":"product","2":"type-product","3":"status-publish","4":"has-post-thumbnail","6":"product_supplier-a403","7":"product_material-biologisch-katoen","8":"product_cat-kleding","9":"product_cat-kleding-petten-mutsen-en-hoeden-mutsen","10":"product_cat-kleding-petten-mutsen-en-hoeden","11":"entry","13":"first","14":"instock","15":"taxable","16":"shipping-taxable","17":"purchasable","18":"product-type-variable"},"acf":{"imprint_cost":[{"imprint_cost_key":"33483b79de35c41f6a5968127e3727b83ce2fe0b","product_quantity_price_range":[{"imprint_cost_recommended_selling_price":"0","imprint_cost_recommended_selling_quantity":"1"}],"product_quantity_price_range_buying":false,"imprint_cost_setup_costs":"","imprint_cost_handling_costs":""}]},"aioseo_notices":[],"aioseo_head":"\n\t\t<!-- All in One SEO Pro 4.9.6.2 - aioseo.com -->\n\t<meta name=\"description\" content=\"Leichte Strickm\u00fctze aus biologischer Baumwolle mit frontseitigem Patch: Du l\u00e4sst hier dein Beanie mit Logo veredeln oder die M\u00fctze besticken. Hidalgo setzt deinen Look per Druck oder Stick sauber um. Einheitsgr\u00f6\u00dfe One-Size, ideal f\u00fcr Events, Teams und Merch.\" \/>\n\t<meta name=\"robots\" content=\"max-image-preview:large\" \/>\n\t<link rel=\"canonical\" href=\"https:\/\/hidalgo.nl\/de\/wp-json\/wp\/v2\/product\/28354\" \/>\n\t<meta name=\"generator\" content=\"All in One SEO Pro (AIOSEO) 4.9.6.2\" \/>\n\t\t<meta property=\"og:locale\" content=\"de_DE\" \/>\n\t\t<meta property=\"og:site_name\" content=\"Hidalgo -\" \/>\n\t\t<meta property=\"og:type\" content=\"article\" \/>\n\t\t<meta property=\"og:title\" content=\"Beanie bedrucken atmungsaktiv Bio-Baumwolle Patch One-Size\" \/>\n\t\t<meta property=\"og:description\" content=\"Leichte Strickm\u00fctze aus biologischer Baumwolle mit frontseitigem Patch: Du l\u00e4sst hier dein Beanie mit Logo veredeln oder die M\u00fctze besticken. Hidalgo setzt deinen Look per Druck oder Stick sauber um. Einheitsgr\u00f6\u00dfe One-Size, ideal f\u00fcr Events, Teams und Merch.\" \/>\n\t\t<meta property=\"og:url\" content=\"https:\/\/hidalgo.nl\/de\/wp-json\/wp\/v2\/product\/28354\" \/>\n\t\t<meta property=\"og:image\" content=\"https:\/\/shop.hidalgo.nl\/wp-content\/uploads\/2025\/11\/cropped-Hidalgo-est1993.png\" \/>\n\t\t<meta property=\"og:image:secure_url\" content=\"https:\/\/shop.hidalgo.nl\/wp-content\/uploads\/2025\/11\/cropped-Hidalgo-est1993.png\" \/>\n\t\t<meta property=\"article:published_time\" content=\"2025-07-06T10:30:48+00:00\" \/>\n\t\t<meta property=\"article:modified_time\" content=\"2026-03-23T11:04:50+00:00\" \/>\n\t\t<meta name=\"twitter:card\" content=\"summary_large_image\" \/>\n\t\t<meta name=\"twitter:title\" content=\"Beanie bedrucken atmungsaktiv Bio-Baumwolle Patch One-Size\" \/>\n\t\t<meta name=\"twitter:description\" content=\"Leichte Strickm\u00fctze aus biologischer Baumwolle mit frontseitigem Patch: Du l\u00e4sst hier dein Beanie mit Logo veredeln oder die M\u00fctze besticken. Hidalgo setzt deinen Look per Druck oder Stick sauber um. Einheitsgr\u00f6\u00dfe One-Size, ideal f\u00fcr Events, Teams und Merch.\" \/>\n\t\t<meta name=\"twitter:image\" content=\"https:\/\/shop.hidalgo.nl\/wp-content\/uploads\/2025\/11\/cropped-Hidalgo-est1993.png\" \/>\n\t\t<script type=\"application\/ld+json\" class=\"aioseo-schema\">\n\t\t\t{\"@context\":\"https:\\\/\\\/schema.org\",\"@graph\":[{\"@type\":\"BreadcrumbList\",\"@id\":\"https:\\\/\\\/hidalgo.nl\\\/de\\\/product\\\/28354\\\/beanie-bedrucken-atmungsaktiv-bio-baumwolle-patch-one-size\\\/#breadcrumblist\",\"itemListElement\":[{\"@type\":\"ListItem\",\"@id\":\"https:\\\/\\\/hidalgo.nl\\\/de\\\/#listItem\",\"position\":1,\"name\":\"Home\",\"item\":\"https:\\\/\\\/hidalgo.nl\\\/de\\\/\",\"nextItem\":{\"@type\":\"ListItem\",\"@id\":\"https:\\\/\\\/hidalgo.nl\\\/example\\\/#listItem\",\"name\":\"example\"}},{\"@type\":\"ListItem\",\"@id\":\"https:\\\/\\\/hidalgo.nl\\\/example\\\/#listItem\",\"position\":2,\"name\":\"example\",\"item\":\"https:\\\/\\\/hidalgo.nl\\\/example\\\/\",\"nextItem\":{\"@type\":\"ListItem\",\"@id\":\"https:\\\/\\\/hidalgo.nl\\\/en\\\/product-supplier\\\/a403\\\/#listItem\",\"name\":\"A403\"},\"previousItem\":{\"@type\":\"ListItem\",\"@id\":\"https:\\\/\\\/hidalgo.nl\\\/de\\\/#listItem\",\"name\":\"Home\"}},{\"@type\":\"ListItem\",\"@id\":\"https:\\\/\\\/hidalgo.nl\\\/en\\\/product-supplier\\\/a403\\\/#listItem\",\"position\":3,\"name\":\"A403\",\"item\":\"https:\\\/\\\/hidalgo.nl\\\/en\\\/product-supplier\\\/a403\\\/\",\"nextItem\":{\"@type\":\"ListItem\",\"@id\":\"https:\\\/\\\/hidalgo.nl\\\/de\\\/product\\\/28354\\\/beanie-bedrucken-atmungsaktiv-bio-baumwolle-patch-one-size\\\/#listItem\",\"name\":\"B438N &#8211; Biologisch katoenen muts met technische patch\"},\"previousItem\":{\"@type\":\"ListItem\",\"@id\":\"https:\\\/\\\/hidalgo.nl\\\/example\\\/#listItem\",\"name\":\"example\"}},{\"@type\":\"ListItem\",\"@id\":\"https:\\\/\\\/hidalgo.nl\\\/de\\\/product\\\/28354\\\/beanie-bedrucken-atmungsaktiv-bio-baumwolle-patch-one-size\\\/#listItem\",\"position\":4,\"name\":\"B438N &#8211; Biologisch katoenen muts met technische patch\",\"previousItem\":{\"@type\":\"ListItem\",\"@id\":\"https:\\\/\\\/hidalgo.nl\\\/en\\\/product-supplier\\\/a403\\\/#listItem\",\"name\":\"A403\"}}]},{\"@type\":\"Organization\",\"@id\":\"https:\\\/\\\/hidalgo.nl\\\/de\\\/#organization\",\"name\":\"Hidalgo\",\"url\":\"https:\\\/\\\/hidalgo.nl\\\/de\\\/\",\"logo\":{\"@type\":\"ImageObject\",\"url\":\"https:\\\/\\\/shop.hidalgo.nl\\\/wp-content\\\/uploads\\\/2025\\\/11\\\/cropped-Hidalgo-est1993.png\",\"@id\":\"https:\\\/\\\/hidalgo.nl\\\/de\\\/product\\\/28354\\\/beanie-bedrucken-atmungsaktiv-bio-baumwolle-patch-one-size\\\/#organizationLogo\",\"width\":585,\"height\":195},\"image\":{\"@id\":\"https:\\\/\\\/hidalgo.nl\\\/de\\\/product\\\/28354\\\/beanie-bedrucken-atmungsaktiv-bio-baumwolle-patch-one-size\\\/#organizationLogo\"}},{\"@type\":\"ProductGroup\",\"@id\":\"https:\\\/\\\/hidalgo.nl\\\/de\\\/product\\\/28354\\\/beanie-bedrucken-atmungsaktiv-bio-baumwolle-patch-one-size\\\/#wooCommerceProduct\",\"name\":\"Beanie bedrucken atmungsaktiv Bio-Baumwolle Patch One-Size\",\"url\":\"https:\\\/\\\/hidalgo.nl\\\/de\\\/product\\\/28354\\\/beanie-bedrucken-atmungsaktiv-bio-baumwolle-patch-one-size\\\/\",\"sku\":\"A403-B438N\",\"image\":{\"@type\":\"ImageObject\",\"url\":\"https:\\\/\\\/shop.hidalgo.nl\\\/wp-content\\\/uploads\\\/2025\\\/07\\\/79a688893aaa6663bf958effc2b92e927bd3c3b5b5f074ae7020053eafd666e0.png\",\"@id\":\"https:\\\/\\\/hidalgo.nl\\\/de\\\/product\\\/28354\\\/beanie-bedrucken-atmungsaktiv-bio-baumwolle-patch-one-size\\\/#productImage\",\"width\":1000,\"height\":1000},\"productGroupID\":28354,\"hasVariant\":[{\"@type\":\"Product\",\"@id\":\"https:\\\/\\\/hidalgo.nl\\\/de\\\/product\\\/28354\\\/beanie-bedrucken-atmungsaktiv-bio-baumwolle-patch-one-size\\\/#wooCommerceProduct\",\"name\":\"B438N - Biologisch katoenen muts met technische patch - , black\",\"url\":\"https:\\\/\\\/hidalgo.nl\\\/de\\\/product\\\/28354\\\/beanie-bedrucken-atmungsaktiv-bio-baumwolle-patch-one-size\\\/\",\"sku\":\"A403-B438N_92916_92915\",\"gtin\":\"5056514006910\",\"image\":{\"@type\":\"ImageObject\",\"url\":\"https:\\\/\\\/shop.hidalgo.nl\\\/wp-content\\\/uploads\\\/2025\\\/07\\\/79a688893aaa6663bf958effc2b92e927bd3c3b5b5f074ae7020053eafd666e0.png\",\"@id\":\"https:\\\/\\\/hidalgo.nl\\\/de\\\/product\\\/28354\\\/beanie-bedrucken-atmungsaktiv-bio-baumwolle-patch-one-size\\\/#productImage\",\"width\":1000,\"height\":1000},\"offers\":{\"@type\":\"Offer\",\"url\":\"https:\\\/\\\/hidalgo.nl\\\/de\\\/product\\\/28354\\\/beanie-bedrucken-atmungsaktiv-bio-baumwolle-patch-one-size\\\/#wooCommerceOffer\",\"price\":\"5.12\",\"priceCurrency\":\"EUR\",\"category\":\"Kleding\",\"availability\":\"https:\\\/\\\/schema.org\\\/InStock\",\"priceSpecification\":{\"@type\":\"PriceSpecification\",\"price\":5.12,\"priceCurrency\":\"EUR\",\"valueAddedTaxIncluded\":\"true\"}}},{\"@type\":\"Product\",\"@id\":\"https:\\\/\\\/hidalgo.nl\\\/de\\\/product\\\/28354\\\/beanie-bedrucken-atmungsaktiv-bio-baumwolle-patch-one-size\\\/#wooCommerceProduct\",\"name\":\"B438N - Biologisch katoenen muts met technische patch - , graphite-grey\",\"url\":\"https:\\\/\\\/hidalgo.nl\\\/de\\\/product\\\/28354\\\/beanie-bedrucken-atmungsaktiv-bio-baumwolle-patch-one-size\\\/\",\"sku\":\"A403-B438N_92917_92915\",\"gtin\":\"5056514006927\",\"image\":{\"@type\":\"ImageObject\",\"url\":\"https:\\\/\\\/shop.hidalgo.nl\\\/wp-content\\\/uploads\\\/2025\\\/07\\\/7c6af2c16954c50fda6b70a7d4ceea2aed86eaa4f549eb639ffb802953bdb1fe.png\",\"@id\":\"https:\\\/\\\/hidalgo.nl\\\/de\\\/product\\\/28354\\\/beanie-bedrucken-atmungsaktiv-bio-baumwolle-patch-one-size\\\/#productImage\",\"width\":1000,\"height\":1000},\"offers\":{\"@type\":\"Offer\",\"url\":\"https:\\\/\\\/hidalgo.nl\\\/de\\\/product\\\/28354\\\/beanie-bedrucken-atmungsaktiv-bio-baumwolle-patch-one-size\\\/#wooCommerceOffer\",\"price\":\"5.12\",\"priceCurrency\":\"EUR\",\"category\":\"Kleding\",\"availability\":\"https:\\\/\\\/schema.org\\\/InStock\",\"priceSpecification\":{\"@type\":\"PriceSpecification\",\"price\":5.12,\"priceCurrency\":\"EUR\",\"valueAddedTaxIncluded\":\"true\"}}},{\"@type\":\"Product\",\"@id\":\"https:\\\/\\\/hidalgo.nl\\\/de\\\/product\\\/28354\\\/beanie-bedrucken-atmungsaktiv-bio-baumwolle-patch-one-size\\\/#wooCommerceProduct\",\"name\":\"B438N - Biologisch katoenen muts met technische patch - , oxford-navy\",\"url\":\"https:\\\/\\\/hidalgo.nl\\\/de\\\/product\\\/28354\\\/beanie-bedrucken-atmungsaktiv-bio-baumwolle-patch-one-size\\\/\",\"sku\":\"A403-B438N_92918_92915\",\"gtin\":\"5056514006934\",\"image\":{\"@type\":\"ImageObject\",\"url\":\"https:\\\/\\\/shop.hidalgo.nl\\\/wp-content\\\/uploads\\\/2025\\\/07\\\/f09dba63441d8eb6b677932741779d93bb6404c2ae0cedd41c0c3fc96f95f197.png\",\"@id\":\"https:\\\/\\\/hidalgo.nl\\\/de\\\/product\\\/28354\\\/beanie-bedrucken-atmungsaktiv-bio-baumwolle-patch-one-size\\\/#productImage\",\"width\":1000,\"height\":1000},\"offers\":{\"@type\":\"Offer\",\"url\":\"https:\\\/\\\/hidalgo.nl\\\/de\\\/product\\\/28354\\\/beanie-bedrucken-atmungsaktiv-bio-baumwolle-patch-one-size\\\/#wooCommerceOffer\",\"price\":\"5.12\",\"priceCurrency\":\"EUR\",\"category\":\"Kleding\",\"availability\":\"https:\\\/\\\/schema.org\\\/InStock\",\"priceSpecification\":{\"@type\":\"PriceSpecification\",\"price\":5.12,\"priceCurrency\":\"EUR\",\"valueAddedTaxIncluded\":\"true\"}}}]},{\"@type\":\"WebPage\",\"@id\":\"https:\\\/\\\/hidalgo.nl\\\/de\\\/product\\\/28354\\\/beanie-bedrucken-atmungsaktiv-bio-baumwolle-patch-one-size\\\/#webpage\",\"url\":\"https:\\\/\\\/hidalgo.nl\\\/de\\\/product\\\/28354\\\/beanie-bedrucken-atmungsaktiv-bio-baumwolle-patch-one-size\\\/\",\"name\":\"Beanie bedrucken atmungsaktiv Bio-Baumwolle Patch One-Size\",\"description\":\"Leichte Strickm\\u00fctze aus biologischer Baumwolle mit frontseitigem Patch: Du l\\u00e4sst hier dein Beanie mit Logo veredeln oder die M\\u00fctze besticken. Hidalgo setzt deinen Look per Druck oder Stick sauber um. Einheitsgr\\u00f6\\u00dfe One-Size, ideal f\\u00fcr Events, Teams und Merch.\",\"inLanguage\":\"de-DE\",\"isPartOf\":{\"@id\":\"https:\\\/\\\/hidalgo.nl\\\/de\\\/#website\"},\"breadcrumb\":{\"@id\":\"https:\\\/\\\/hidalgo.nl\\\/de\\\/product\\\/28354\\\/beanie-bedrucken-atmungsaktiv-bio-baumwolle-patch-one-size\\\/#breadcrumblist\"},\"image\":{\"@type\":\"ImageObject\",\"url\":\"https:\\\/\\\/shop.hidalgo.nl\\\/wp-content\\\/uploads\\\/2025\\\/07\\\/79a688893aaa6663bf958effc2b92e927bd3c3b5b5f074ae7020053eafd666e0.png\",\"@id\":\"https:\\\/\\\/hidalgo.nl\\\/de\\\/product\\\/28354\\\/beanie-bedrucken-atmungsaktiv-bio-baumwolle-patch-one-size\\\/#mainImage\",\"width\":1000,\"height\":1000},\"primaryImageOfPage\":{\"@id\":\"https:\\\/\\\/hidalgo.nl\\\/de\\\/product\\\/28354\\\/beanie-bedrucken-atmungsaktiv-bio-baumwolle-patch-one-size\\\/#mainImage\"},\"datePublished\":\"2025-07-06T10:30:48+00:00\",\"dateModified\":\"2026-03-23T11:04:50+00:00\"},{\"@type\":\"WebSite\",\"@id\":\"https:\\\/\\\/hidalgo.nl\\\/de\\\/#website\",\"url\":\"https:\\\/\\\/hidalgo.nl\\\/de\\\/\",\"name\":\"Hidalgo\",\"inLanguage\":\"de-DE\",\"publisher\":{\"@id\":\"https:\\\/\\\/hidalgo.nl\\\/de\\\/#organization\"}}]}\n\t\t<\/script>\n\t\t<!-- All in One SEO Pro -->\r\n\t\t<title>Beanie bedrucken atmungsaktiv Bio-Baumwolle Patch One-Size<\/title>\n\n","aioseo_head_json":{"title":"Beanie bedrucken atmungsaktiv Bio-Baumwolle Patch One-Size","description":"Leichte Strickm\u00fctze aus biologischer Baumwolle mit frontseitigem Patch: Du l\u00e4sst hier dein Beanie mit Logo veredeln oder die M\u00fctze besticken. Hidalgo setzt deinen Look per Druck oder Stick sauber um. Einheitsgr\u00f6\u00dfe One-Size, ideal f\u00fcr Events, Teams und Merch.","canonical_url":"https:\/\/hidalgo.nl\/de\/wp-json\/wp\/v2\/product\/28354","robots":"max-image-preview:large","keywords":"","webmasterTools":{"miscellaneous":""},"schema":{"@context":"https:\/\/schema.org","@graph":[{"@type":"BreadcrumbList","@id":"https:\/\/hidalgo.nl\/de\/product\/28354\/beanie-bedrucken-atmungsaktiv-bio-baumwolle-patch-one-size\/#breadcrumblist","itemListElement":[{"@type":"ListItem","@id":"https:\/\/hidalgo.nl\/de\/#listItem","position":1,"name":"Home","item":"https:\/\/hidalgo.nl\/de\/","nextItem":{"@type":"ListItem","@id":"https:\/\/hidalgo.nl\/example\/#listItem","name":"example"}},{"@type":"ListItem","@id":"https:\/\/hidalgo.nl\/example\/#listItem","position":2,"name":"example","item":"https:\/\/hidalgo.nl\/example\/","nextItem":{"@type":"ListItem","@id":"https:\/\/hidalgo.nl\/en\/product-supplier\/a403\/#listItem","name":"A403"},"previousItem":{"@type":"ListItem","@id":"https:\/\/hidalgo.nl\/de\/#listItem","name":"Home"}},{"@type":"ListItem","@id":"https:\/\/hidalgo.nl\/en\/product-supplier\/a403\/#listItem","position":3,"name":"A403","item":"https:\/\/hidalgo.nl\/en\/product-supplier\/a403\/","nextItem":{"@type":"ListItem","@id":"https:\/\/hidalgo.nl\/de\/product\/28354\/beanie-bedrucken-atmungsaktiv-bio-baumwolle-patch-one-size\/#listItem","name":"B438N &#8211; Biologisch katoenen muts met technische patch"},"previousItem":{"@type":"ListItem","@id":"https:\/\/hidalgo.nl\/example\/#listItem","name":"example"}},{"@type":"ListItem","@id":"https:\/\/hidalgo.nl\/de\/product\/28354\/beanie-bedrucken-atmungsaktiv-bio-baumwolle-patch-one-size\/#listItem","position":4,"name":"B438N &#8211; Biologisch katoenen muts met technische patch","previousItem":{"@type":"ListItem","@id":"https:\/\/hidalgo.nl\/en\/product-supplier\/a403\/#listItem","name":"A403"}}]},{"@type":"Organization","@id":"https:\/\/hidalgo.nl\/de\/#organization","name":"Hidalgo","url":"https:\/\/hidalgo.nl\/de\/","logo":{"@type":"ImageObject","url":"https:\/\/shop.hidalgo.nl\/wp-content\/uploads\/2025\/11\/cropped-Hidalgo-est1993.png","@id":"https:\/\/hidalgo.nl\/de\/product\/28354\/beanie-bedrucken-atmungsaktiv-bio-baumwolle-patch-one-size\/#organizationLogo","width":585,"height":195},"image":{"@id":"https:\/\/hidalgo.nl\/de\/product\/28354\/beanie-bedrucken-atmungsaktiv-bio-baumwolle-patch-one-size\/#organizationLogo"}},{"@type":"ProductGroup","@id":"https:\/\/hidalgo.nl\/de\/product\/28354\/beanie-bedrucken-atmungsaktiv-bio-baumwolle-patch-one-size\/#wooCommerceProduct","name":"Beanie bedrucken atmungsaktiv Bio-Baumwolle Patch One-Size","url":"https:\/\/hidalgo.nl\/de\/product\/28354\/beanie-bedrucken-atmungsaktiv-bio-baumwolle-patch-one-size\/","sku":"A403-B438N","image":{"@type":"ImageObject","url":"https:\/\/shop.hidalgo.nl\/wp-content\/uploads\/2025\/07\/79a688893aaa6663bf958effc2b92e927bd3c3b5b5f074ae7020053eafd666e0.png","@id":"https:\/\/hidalgo.nl\/de\/product\/28354\/beanie-bedrucken-atmungsaktiv-bio-baumwolle-patch-one-size\/#productImage","width":1000,"height":1000},"productGroupID":28354,"hasVariant":[{"@type":"Product","@id":"https:\/\/hidalgo.nl\/de\/product\/28354\/beanie-bedrucken-atmungsaktiv-bio-baumwolle-patch-one-size\/#wooCommerceProduct","name":"B438N - Biologisch katoenen muts met technische patch - , black","url":"https:\/\/hidalgo.nl\/de\/product\/28354\/beanie-bedrucken-atmungsaktiv-bio-baumwolle-patch-one-size\/","sku":"A403-B438N_92916_92915","gtin":"5056514006910","image":{"@type":"ImageObject","url":"https:\/\/shop.hidalgo.nl\/wp-content\/uploads\/2025\/07\/79a688893aaa6663bf958effc2b92e927bd3c3b5b5f074ae7020053eafd666e0.png","@id":"https:\/\/hidalgo.nl\/de\/product\/28354\/beanie-bedrucken-atmungsaktiv-bio-baumwolle-patch-one-size\/#productImage","width":1000,"height":1000},"offers":{"@type":"Offer","url":"https:\/\/hidalgo.nl\/de\/product\/28354\/beanie-bedrucken-atmungsaktiv-bio-baumwolle-patch-one-size\/#wooCommerceOffer","price":"5.12","priceCurrency":"EUR","category":"Kleding","availability":"https:\/\/schema.org\/InStock","priceSpecification":{"@type":"PriceSpecification","price":5.12,"priceCurrency":"EUR","valueAddedTaxIncluded":"true"}}},{"@type":"Product","@id":"https:\/\/hidalgo.nl\/de\/product\/28354\/beanie-bedrucken-atmungsaktiv-bio-baumwolle-patch-one-size\/#wooCommerceProduct","name":"B438N - Biologisch katoenen muts met technische patch - , graphite-grey","url":"https:\/\/hidalgo.nl\/de\/product\/28354\/beanie-bedrucken-atmungsaktiv-bio-baumwolle-patch-one-size\/","sku":"A403-B438N_92917_92915","gtin":"5056514006927","image":{"@type":"ImageObject","url":"https:\/\/shop.hidalgo.nl\/wp-content\/uploads\/2025\/07\/7c6af2c16954c50fda6b70a7d4ceea2aed86eaa4f549eb639ffb802953bdb1fe.png","@id":"https:\/\/hidalgo.nl\/de\/product\/28354\/beanie-bedrucken-atmungsaktiv-bio-baumwolle-patch-one-size\/#productImage","width":1000,"height":1000},"offers":{"@type":"Offer","url":"https:\/\/hidalgo.nl\/de\/product\/28354\/beanie-bedrucken-atmungsaktiv-bio-baumwolle-patch-one-size\/#wooCommerceOffer","price":"5.12","priceCurrency":"EUR","category":"Kleding","availability":"https:\/\/schema.org\/InStock","priceSpecification":{"@type":"PriceSpecification","price":5.12,"priceCurrency":"EUR","valueAddedTaxIncluded":"true"}}},{"@type":"Product","@id":"https:\/\/hidalgo.nl\/de\/product\/28354\/beanie-bedrucken-atmungsaktiv-bio-baumwolle-patch-one-size\/#wooCommerceProduct","name":"B438N - Biologisch katoenen muts met technische patch - , oxford-navy","url":"https:\/\/hidalgo.nl\/de\/product\/28354\/beanie-bedrucken-atmungsaktiv-bio-baumwolle-patch-one-size\/","sku":"A403-B438N_92918_92915","gtin":"5056514006934","image":{"@type":"ImageObject","url":"https:\/\/shop.hidalgo.nl\/wp-content\/uploads\/2025\/07\/f09dba63441d8eb6b677932741779d93bb6404c2ae0cedd41c0c3fc96f95f197.png","@id":"https:\/\/hidalgo.nl\/de\/product\/28354\/beanie-bedrucken-atmungsaktiv-bio-baumwolle-patch-one-size\/#productImage","width":1000,"height":1000},"offers":{"@type":"Offer","url":"https:\/\/hidalgo.nl\/de\/product\/28354\/beanie-bedrucken-atmungsaktiv-bio-baumwolle-patch-one-size\/#wooCommerceOffer","price":"5.12","priceCurrency":"EUR","category":"Kleding","availability":"https:\/\/schema.org\/InStock","priceSpecification":{"@type":"PriceSpecification","price":5.12,"priceCurrency":"EUR","valueAddedTaxIncluded":"true"}}}]},{"@type":"WebPage","@id":"https:\/\/hidalgo.nl\/de\/product\/28354\/beanie-bedrucken-atmungsaktiv-bio-baumwolle-patch-one-size\/#webpage","url":"https:\/\/hidalgo.nl\/de\/product\/28354\/beanie-bedrucken-atmungsaktiv-bio-baumwolle-patch-one-size\/","name":"Beanie bedrucken atmungsaktiv Bio-Baumwolle Patch One-Size","description":"Leichte Strickm\u00fctze aus biologischer Baumwolle mit frontseitigem Patch: Du l\u00e4sst hier dein Beanie mit Logo veredeln oder die M\u00fctze besticken. Hidalgo setzt deinen Look per Druck oder Stick sauber um. Einheitsgr\u00f6\u00dfe One-Size, ideal f\u00fcr Events, Teams und Merch.","inLanguage":"de-DE","isPartOf":{"@id":"https:\/\/hidalgo.nl\/de\/#website"},"breadcrumb":{"@id":"https:\/\/hidalgo.nl\/de\/product\/28354\/beanie-bedrucken-atmungsaktiv-bio-baumwolle-patch-one-size\/#breadcrumblist"},"image":{"@type":"ImageObject","url":"https:\/\/shop.hidalgo.nl\/wp-content\/uploads\/2025\/07\/79a688893aaa6663bf958effc2b92e927bd3c3b5b5f074ae7020053eafd666e0.png","@id":"https:\/\/hidalgo.nl\/de\/product\/28354\/beanie-bedrucken-atmungsaktiv-bio-baumwolle-patch-one-size\/#mainImage","width":1000,"height":1000},"primaryImageOfPage":{"@id":"https:\/\/hidalgo.nl\/de\/product\/28354\/beanie-bedrucken-atmungsaktiv-bio-baumwolle-patch-one-size\/#mainImage"},"datePublished":"2025-07-06T10:30:48+00:00","dateModified":"2026-03-23T11:04:50+00:00"},{"@type":"WebSite","@id":"https:\/\/hidalgo.nl\/de\/#website","url":"https:\/\/hidalgo.nl\/de\/","name":"Hidalgo","inLanguage":"de-DE","publisher":{"@id":"https:\/\/hidalgo.nl\/de\/#organization"}}]},"og:locale":"de_DE","og:site_name":"Hidalgo -","og:type":"article","og:title":"Beanie bedrucken atmungsaktiv Bio-Baumwolle Patch One-Size","og:description":"Leichte Strickm\u00fctze aus biologischer Baumwolle mit frontseitigem Patch: Du l\u00e4sst hier dein Beanie mit Logo veredeln oder die M\u00fctze besticken. Hidalgo setzt deinen Look per Druck oder Stick sauber um. Einheitsgr\u00f6\u00dfe One-Size, ideal f\u00fcr Events, Teams und Merch.","og:url":"https:\/\/hidalgo.nl\/de\/wp-json\/wp\/v2\/product\/28354","og:image":"https:\/\/shop.hidalgo.nl\/wp-content\/uploads\/2025\/11\/cropped-Hidalgo-est1993.png","og:image:secure_url":"https:\/\/shop.hidalgo.nl\/wp-content\/uploads\/2025\/11\/cropped-Hidalgo-est1993.png","article:published_time":"2025-07-06T10:30:48+00:00","article:modified_time":"2026-03-23T11:04:50+00:00","twitter:card":"summary_large_image","twitter:title":"Beanie bedrucken atmungsaktiv Bio-Baumwolle Patch One-Size","twitter:description":"Leichte Strickm\u00fctze aus biologischer Baumwolle mit frontseitigem Patch: Du l\u00e4sst hier dein Beanie mit Logo veredeln oder die M\u00fctze besticken. Hidalgo setzt deinen Look per Druck oder Stick sauber um. Einheitsgr\u00f6\u00dfe One-Size, ideal f\u00fcr Events, Teams und Merch.","twitter:image":"https:\/\/shop.hidalgo.nl\/wp-content\/uploads\/2025\/11\/cropped-Hidalgo-est1993.png"},"aioseo_meta_data":{"post_id":"28354","title":null,"description":null,"keywords":null,"keyphrases":null,"primary_term":null,"canonical_url":null,"og_title":null,"og_description":null,"og_object_type":"default","og_image_type":"default","og_image_url":null,"og_image_width":null,"og_image_height":null,"og_image_custom_url":null,"og_image_custom_fields":null,"og_video":null,"og_custom_url":null,"og_article_section":null,"og_article_tags":null,"twitter_use_og":false,"twitter_card":"default","twitter_image_type":"default","twitter_image_url":null,"twitter_image_custom_url":null,"twitter_image_custom_fields":null,"twitter_title":null,"twitter_description":null,"schema":{"blockGraphs":[],"customGraphs":[],"default":{"data":{"Article":[],"Course":[],"Dataset":[],"FAQPage":[],"Movie":[],"Person":[],"Product":[],"ProductReview":[],"Car":[],"Recipe":[],"Service":[],"SoftwareApplication":[],"WebPage":[]},"graphName":"","isEnabled":true},"graphs":[]},"schema_type":"default","schema_type_options":null,"pillar_content":false,"robots_default":true,"robots_noindex":false,"robots_noarchive":false,"robots_nosnippet":false,"robots_nofollow":false,"robots_noimageindex":false,"robots_noodp":false,"robots_notranslate":false,"robots_max_snippet":null,"robots_max_videopreview":null,"robots_max_imagepreview":"large","priority":null,"frequency":null,"local_seo":null,"seo_analyzer_scan_date":"2026-01-20 13:10:34","breadcrumb_settings":null,"limit_modified_date":false,"reviewed_by":null,"open_ai":null,"ai":null,"created":"2026-01-14 06:25:28","updated":"2026-04-22 17:06:48"},"aioseo_breadcrumb":"<div class=\"aioseo-breadcrumbs\"><span class=\"aioseo-breadcrumb\">\n\t<a href=\"https:\/\/hidalgo.nl\/de\/\" title=\"Home\">Home<\/a>\n<\/span><span class=\"aioseo-breadcrumb-separator\">\u00bb<\/span><span class=\"aioseo-breadcrumb\">\n\t<a href=\"https:\/\/hidalgo.nl\/example\/\" title=\"example\">example<\/a>\n<\/span><span class=\"aioseo-breadcrumb-separator\">\u00bb<\/span><span class=\"aioseo-breadcrumb\">\n\t<a href=\"https:\/\/hidalgo.nl\/en\/product-supplier\/a403\/\" title=\"A403\">A403<\/a>\n<\/span><span class=\"aioseo-breadcrumb-separator\">\u00bb<\/span><span class=\"aioseo-breadcrumb\">\n\tB438N \u2013 Biologisch katoenen muts met technische patch\n<\/span><\/div>","aioseo_breadcrumb_json":[{"label":"Home","link":"https:\/\/hidalgo.nl\/de\/"},{"label":"example","link":"https:\/\/hidalgo.nl\/example\/"},{"label":"A403","link":"https:\/\/hidalgo.nl\/en\/product-supplier\/a403\/"},{"label":"B438N &#8211; Biologisch katoenen muts met technische patch","link":"https:\/\/hidalgo.nl\/de\/product\/28354\/beanie-bedrucken-atmungsaktiv-bio-baumwolle-patch-one-size\/"}],"_links":{"self":[{"href":"https:\/\/hidalgo.nl\/de\/wp-json\/wp\/v2\/product\/28354","targetHints":{"allow":["GET"]}}],"collection":[{"href":"https:\/\/hidalgo.nl\/de\/wp-json\/wp\/v2\/product"}],"about":[{"href":"https:\/\/hidalgo.nl\/de\/wp-json\/wp\/v2\/types\/product"}],"wp:featuredmedia":[{"embeddable":true,"href":"https:\/\/hidalgo.nl\/de\/wp-json\/wp\/v2\/media\/28355"}],"wp:attachment":[{"href":"https:\/\/hidalgo.nl\/de\/wp-json\/wp\/v2\/media?parent=28354"}],"wp:term":[{"taxonomy":"product_brand","embeddable":true,"href":"https:\/\/hidalgo.nl\/de\/wp-json\/wp\/v2\/product_brand?post=28354"},{"taxonomy":"product_cat","embeddable":true,"href":"https:\/\/hidalgo.nl\/de\/wp-json\/wp\/v2\/product_cat?post=28354"},{"taxonomy":"product_tag","embeddable":true,"href":"https:\/\/hidalgo.nl\/de\/wp-json\/wp\/v2\/product_tag?post=28354"}],"curies":[{"name":"wp","href":"https:\/\/api.w.org\/{rel}","templated":true}]}}