{"id":26655,"date":"2025-07-03T17:44:41","date_gmt":"2025-07-03T17:44:41","guid":{"rendered":"http:\/\/bidonsenshakers.pim.hidalgo.nl\/product\/inlegger-basket\/"},"modified":"2026-02-16T14:52:56","modified_gmt":"2026-02-16T14:52:56","slug":"inlegger-basket","status":"publish","type":"product","link":"https:\/\/hidalgo.nl\/de\/product\/26655\/halfar-bodenschutz-tascheneinlage-basket-schutz-logo-druck\/","title":{"rendered":"inlegger  BASKET"},"content":{"rendered":"<p>praktische inlegger voor de modellen van de (SOFT-)BASKET serie; beschermt tegen vuil aan de onderkant; opstaande rand om druipend water op te vangen<\/p>\n","protected":false},"excerpt":{"rendered":"<p>praktische inlegger voor de modellen van de (SOFT-)BASKET serie; beschermt tegen vuil aan de onderkant; opstaande rand om druipend water op te vangen<\/p>\n","protected":false},"featured_media":589546,"template":"","meta":{"_acf_changed":false,"om_disable_all_campaigns":false,"_monsterinsights_skip_tracking":false,"_monsterinsights_sitenote_active":false,"_monsterinsights_sitenote_note":"","_monsterinsights_sitenote_category":0},"product_brand":[47],"product_cat":[4726,4727,4713],"product_tag":[],"class_list":{"0":"post-26655","1":"product","2":"type-product","3":"status-publish","4":"has-post-thumbnail","6":"product_supplier-a137","7":"product_material-gerecycled-pes-vilt","8":"product_brand-halfar","9":"product_cat-draagtassen","10":"product_cat-schouder-tassen","11":"product_cat-tassen","12":"entry","14":"first","15":"instock","16":"taxable","17":"shipping-taxable","18":"purchasable","19":"product-type-variable"},"acf":{"imprint_cost":[{"imprint_cost_key":"9e6f37d910635665c601f7af2266d8f4eb74f051","product_quantity_price_range":[{"imprint_cost_recommended_selling_price":"0","imprint_cost_recommended_selling_quantity":"1"}],"product_quantity_price_range_buying":[{"imprint_cost_general_buying_price":"0","imprint_cost_general_buying_quantity":"1"}],"imprint_cost_setup_costs":"","imprint_cost_handling_costs":""}]},"aioseo_notices":[],"aioseo_head":"\n\t\t<!-- All in One SEO Pro 4.9.5.2 - aioseo.com -->\n\t<meta name=\"description\" content=\"Diese Halfar BASKET Einlage bietet dir den idealen, robusten Taschenbodenschutz gegen Schmutz &amp; N\u00e4sse. Bestelle die BASKET Einlage Anthrazit als langlebiges Zubeh\u00f6r f\u00fcr deine Tragetaschen. Du kannst diese Tascheneinlage bedrucken lassen, um dein Firmenlogo optimal zu pr\u00e4sentieren.\" \/>\n\t<meta name=\"robots\" content=\"max-image-preview:large\" \/>\n\t<link rel=\"canonical\" href=\"https:\/\/hidalgo.nl\/de\/wp-json\/wp\/v2\/product\/26655\" \/>\n\t<meta name=\"generator\" content=\"All in One SEO Pro (AIOSEO) 4.9.5.2\" \/>\n\t\t<meta property=\"og:locale\" content=\"de_DE\" \/>\n\t\t<meta property=\"og:site_name\" content=\"Hidalgo -\" \/>\n\t\t<meta property=\"og:type\" content=\"article\" \/>\n\t\t<meta property=\"og:title\" content=\"Halfar bodenschutz tascheneinlage basket: schutz &amp; logo druck.\" \/>\n\t\t<meta property=\"og:description\" content=\"Diese Halfar BASKET Einlage bietet dir den idealen, robusten Taschenbodenschutz gegen Schmutz &amp; N\u00e4sse. Bestelle die BASKET Einlage Anthrazit als langlebiges Zubeh\u00f6r f\u00fcr deine Tragetaschen. Du kannst diese Tascheneinlage bedrucken lassen, um dein Firmenlogo optimal zu pr\u00e4sentieren.\" \/>\n\t\t<meta property=\"og:url\" content=\"https:\/\/hidalgo.nl\/de\/wp-json\/wp\/v2\/product\/26655\" \/>\n\t\t<meta property=\"og:image\" content=\"https:\/\/shop.hidalgo.nl\/wp-content\/uploads\/2025\/11\/cropped-Hidalgo-est1993.png\" \/>\n\t\t<meta property=\"og:image:secure_url\" content=\"https:\/\/shop.hidalgo.nl\/wp-content\/uploads\/2025\/11\/cropped-Hidalgo-est1993.png\" \/>\n\t\t<meta property=\"article:published_time\" content=\"2025-07-03T17:44:41+00:00\" \/>\n\t\t<meta property=\"article:modified_time\" content=\"2026-02-16T14:52:56+00:00\" \/>\n\t\t<meta name=\"twitter:card\" content=\"summary_large_image\" \/>\n\t\t<meta name=\"twitter:title\" content=\"Halfar bodenschutz tascheneinlage basket: schutz &amp; logo druck.\" \/>\n\t\t<meta name=\"twitter:description\" content=\"Diese Halfar BASKET Einlage bietet dir den idealen, robusten Taschenbodenschutz gegen Schmutz &amp; N\u00e4sse. Bestelle die BASKET Einlage Anthrazit als langlebiges Zubeh\u00f6r f\u00fcr deine Tragetaschen. Du kannst diese Tascheneinlage bedrucken lassen, um dein Firmenlogo optimal zu pr\u00e4sentieren.\" \/>\n\t\t<meta name=\"twitter:image\" content=\"https:\/\/shop.hidalgo.nl\/wp-content\/uploads\/2025\/11\/cropped-Hidalgo-est1993.png\" \/>\n\t\t<script type=\"application\/ld+json\" class=\"aioseo-schema\">\n\t\t\t{\"@context\":\"https:\\\/\\\/schema.org\",\"@graph\":[{\"@type\":\"BreadcrumbList\",\"@id\":\"https:\\\/\\\/hidalgo.nl\\\/de\\\/product\\\/26655\\\/halfar-bodenschutz-tascheneinlage-basket-schutz-logo-druck\\\/#breadcrumblist\",\"itemListElement\":[{\"@type\":\"ListItem\",\"@id\":\"https:\\\/\\\/hidalgo.nl\\\/de\\\/#listItem\",\"position\":1,\"name\":\"Home\",\"item\":\"https:\\\/\\\/hidalgo.nl\\\/de\\\/\",\"nextItem\":{\"@type\":\"ListItem\",\"@id\":\"https:\\\/\\\/hidalgo.nl\\\/example\\\/#listItem\",\"name\":\"example\"}},{\"@type\":\"ListItem\",\"@id\":\"https:\\\/\\\/hidalgo.nl\\\/example\\\/#listItem\",\"position\":2,\"name\":\"example\",\"item\":\"https:\\\/\\\/hidalgo.nl\\\/example\\\/\",\"nextItem\":{\"@type\":\"ListItem\",\"@id\":\"https:\\\/\\\/hidalgo.nl\\\/en\\\/product-supplier\\\/a137\\\/#listItem\",\"name\":\"A137\"},\"previousItem\":{\"@type\":\"ListItem\",\"@id\":\"https:\\\/\\\/hidalgo.nl\\\/de\\\/#listItem\",\"name\":\"Home\"}},{\"@type\":\"ListItem\",\"@id\":\"https:\\\/\\\/hidalgo.nl\\\/en\\\/product-supplier\\\/a137\\\/#listItem\",\"position\":3,\"name\":\"A137\",\"item\":\"https:\\\/\\\/hidalgo.nl\\\/en\\\/product-supplier\\\/a137\\\/\",\"nextItem\":{\"@type\":\"ListItem\",\"@id\":\"https:\\\/\\\/hidalgo.nl\\\/de\\\/product\\\/26655\\\/halfar-bodenschutz-tascheneinlage-basket-schutz-logo-druck\\\/#listItem\",\"name\":\"inlegger  BASKET\"},\"previousItem\":{\"@type\":\"ListItem\",\"@id\":\"https:\\\/\\\/hidalgo.nl\\\/example\\\/#listItem\",\"name\":\"example\"}},{\"@type\":\"ListItem\",\"@id\":\"https:\\\/\\\/hidalgo.nl\\\/de\\\/product\\\/26655\\\/halfar-bodenschutz-tascheneinlage-basket-schutz-logo-druck\\\/#listItem\",\"position\":4,\"name\":\"inlegger  BASKET\",\"previousItem\":{\"@type\":\"ListItem\",\"@id\":\"https:\\\/\\\/hidalgo.nl\\\/en\\\/product-supplier\\\/a137\\\/#listItem\",\"name\":\"A137\"}}]},{\"@type\":\"ItemPage\",\"@id\":\"https:\\\/\\\/hidalgo.nl\\\/de\\\/product\\\/26655\\\/halfar-bodenschutz-tascheneinlage-basket-schutz-logo-druck\\\/#itempage\",\"url\":\"https:\\\/\\\/hidalgo.nl\\\/de\\\/product\\\/26655\\\/halfar-bodenschutz-tascheneinlage-basket-schutz-logo-druck\\\/\",\"name\":\"Halfar bodenschutz tascheneinlage basket: schutz & logo druck.\",\"description\":\"Diese Halfar BASKET Einlage bietet dir den idealen, robusten Taschenbodenschutz gegen Schmutz & N\\u00e4sse. Bestelle die BASKET Einlage Anthrazit als langlebiges Zubeh\\u00f6r f\\u00fcr deine Tragetaschen. Du kannst diese Tascheneinlage bedrucken lassen, um dein Firmenlogo optimal zu pr\\u00e4sentieren.\",\"inLanguage\":\"de-DE\",\"isPartOf\":{\"@id\":\"https:\\\/\\\/hidalgo.nl\\\/de\\\/#website\"},\"breadcrumb\":{\"@id\":\"https:\\\/\\\/hidalgo.nl\\\/de\\\/product\\\/26655\\\/halfar-bodenschutz-tascheneinlage-basket-schutz-logo-druck\\\/#breadcrumblist\"},\"image\":{\"@type\":\"ImageObject\",\"url\":\"https:\\\/\\\/shop.hidalgo.nl\\\/wp-content\\\/uploads\\\/2025\\\/04\\\/f76e921bfa6367ec52ca7be95f2504185b89118121b83a3464e5e4000a0fbb20.jpg\",\"@id\":\"https:\\\/\\\/hidalgo.nl\\\/de\\\/product\\\/26655\\\/halfar-bodenschutz-tascheneinlage-basket-schutz-logo-druck\\\/#mainImage\"},\"primaryImageOfPage\":{\"@id\":\"https:\\\/\\\/hidalgo.nl\\\/de\\\/product\\\/26655\\\/halfar-bodenschutz-tascheneinlage-basket-schutz-logo-druck\\\/#mainImage\"},\"datePublished\":\"2025-07-03T17:44:41+00:00\",\"dateModified\":\"2026-02-16T14:52:56+00:00\"},{\"@type\":\"Organization\",\"@id\":\"https:\\\/\\\/hidalgo.nl\\\/de\\\/#organization\",\"name\":\"Hidalgo\",\"url\":\"https:\\\/\\\/hidalgo.nl\\\/de\\\/\",\"logo\":{\"@type\":\"ImageObject\",\"url\":\"https:\\\/\\\/shop.hidalgo.nl\\\/wp-content\\\/uploads\\\/2025\\\/11\\\/cropped-Hidalgo-est1993.png\",\"@id\":\"https:\\\/\\\/hidalgo.nl\\\/de\\\/product\\\/26655\\\/halfar-bodenschutz-tascheneinlage-basket-schutz-logo-druck\\\/#organizationLogo\",\"width\":585,\"height\":195},\"image\":{\"@id\":\"https:\\\/\\\/hidalgo.nl\\\/de\\\/product\\\/26655\\\/halfar-bodenschutz-tascheneinlage-basket-schutz-logo-druck\\\/#organizationLogo\"}},{\"@type\":\"WebPage\",\"@id\":\"https:\\\/\\\/hidalgo.nl\\\/de\\\/product\\\/26655\\\/halfar-bodenschutz-tascheneinlage-basket-schutz-logo-druck\\\/#webpage\",\"url\":\"https:\\\/\\\/hidalgo.nl\\\/de\\\/product\\\/26655\\\/halfar-bodenschutz-tascheneinlage-basket-schutz-logo-druck\\\/\",\"name\":\"Halfar bodenschutz tascheneinlage basket: schutz & logo druck.\",\"description\":\"Diese Halfar BASKET Einlage bietet dir den idealen, robusten Taschenbodenschutz gegen Schmutz & N\\u00e4sse. Bestelle die BASKET Einlage Anthrazit als langlebiges Zubeh\\u00f6r f\\u00fcr deine Tragetaschen. Du kannst diese Tascheneinlage bedrucken lassen, um dein Firmenlogo optimal zu pr\\u00e4sentieren.\",\"inLanguage\":\"de-DE\",\"isPartOf\":{\"@id\":\"https:\\\/\\\/hidalgo.nl\\\/de\\\/#website\"},\"breadcrumb\":{\"@id\":\"https:\\\/\\\/hidalgo.nl\\\/de\\\/product\\\/26655\\\/halfar-bodenschutz-tascheneinlage-basket-schutz-logo-druck\\\/#breadcrumblist\"},\"image\":{\"@type\":\"ImageObject\",\"url\":\"https:\\\/\\\/shop.hidalgo.nl\\\/wp-content\\\/uploads\\\/2025\\\/04\\\/f76e921bfa6367ec52ca7be95f2504185b89118121b83a3464e5e4000a0fbb20.jpg\",\"@id\":\"https:\\\/\\\/hidalgo.nl\\\/de\\\/product\\\/26655\\\/halfar-bodenschutz-tascheneinlage-basket-schutz-logo-druck\\\/#mainImage\"},\"primaryImageOfPage\":{\"@id\":\"https:\\\/\\\/hidalgo.nl\\\/de\\\/product\\\/26655\\\/halfar-bodenschutz-tascheneinlage-basket-schutz-logo-druck\\\/#mainImage\"},\"datePublished\":\"2025-07-03T17:44:41+00:00\",\"dateModified\":\"2026-02-16T14:52:56+00:00\"},{\"@type\":\"WebSite\",\"@id\":\"https:\\\/\\\/hidalgo.nl\\\/de\\\/#website\",\"url\":\"https:\\\/\\\/hidalgo.nl\\\/de\\\/\",\"name\":\"Hidalgo\",\"inLanguage\":\"de-DE\",\"publisher\":{\"@id\":\"https:\\\/\\\/hidalgo.nl\\\/de\\\/#organization\"}}]}\n\t\t<\/script>\n\t\t<!-- All in One SEO Pro -->\r\n\t\t<title>Halfar bodenschutz tascheneinlage basket: schutz &amp; logo druck.<\/title>\n\n","aioseo_head_json":{"title":"Halfar bodenschutz tascheneinlage basket: schutz & logo druck.","description":"Diese Halfar BASKET Einlage bietet dir den idealen, robusten Taschenbodenschutz gegen Schmutz & N\u00e4sse. Bestelle die BASKET Einlage Anthrazit als langlebiges Zubeh\u00f6r f\u00fcr deine Tragetaschen. Du kannst diese Tascheneinlage bedrucken lassen, um dein Firmenlogo optimal zu pr\u00e4sentieren.","canonical_url":"https:\/\/hidalgo.nl\/de\/wp-json\/wp\/v2\/product\/26655","robots":"max-image-preview:large","keywords":"","webmasterTools":{"miscellaneous":""},"schema":{"@context":"https:\/\/schema.org","@graph":[{"@type":"BreadcrumbList","@id":"https:\/\/hidalgo.nl\/de\/product\/26655\/halfar-bodenschutz-tascheneinlage-basket-schutz-logo-druck\/#breadcrumblist","itemListElement":[{"@type":"ListItem","@id":"https:\/\/hidalgo.nl\/de\/#listItem","position":1,"name":"Home","item":"https:\/\/hidalgo.nl\/de\/","nextItem":{"@type":"ListItem","@id":"https:\/\/hidalgo.nl\/example\/#listItem","name":"example"}},{"@type":"ListItem","@id":"https:\/\/hidalgo.nl\/example\/#listItem","position":2,"name":"example","item":"https:\/\/hidalgo.nl\/example\/","nextItem":{"@type":"ListItem","@id":"https:\/\/hidalgo.nl\/en\/product-supplier\/a137\/#listItem","name":"A137"},"previousItem":{"@type":"ListItem","@id":"https:\/\/hidalgo.nl\/de\/#listItem","name":"Home"}},{"@type":"ListItem","@id":"https:\/\/hidalgo.nl\/en\/product-supplier\/a137\/#listItem","position":3,"name":"A137","item":"https:\/\/hidalgo.nl\/en\/product-supplier\/a137\/","nextItem":{"@type":"ListItem","@id":"https:\/\/hidalgo.nl\/de\/product\/26655\/halfar-bodenschutz-tascheneinlage-basket-schutz-logo-druck\/#listItem","name":"inlegger  BASKET"},"previousItem":{"@type":"ListItem","@id":"https:\/\/hidalgo.nl\/example\/#listItem","name":"example"}},{"@type":"ListItem","@id":"https:\/\/hidalgo.nl\/de\/product\/26655\/halfar-bodenschutz-tascheneinlage-basket-schutz-logo-druck\/#listItem","position":4,"name":"inlegger  BASKET","previousItem":{"@type":"ListItem","@id":"https:\/\/hidalgo.nl\/en\/product-supplier\/a137\/#listItem","name":"A137"}}]},{"@type":"ItemPage","@id":"https:\/\/hidalgo.nl\/de\/product\/26655\/halfar-bodenschutz-tascheneinlage-basket-schutz-logo-druck\/#itempage","url":"https:\/\/hidalgo.nl\/de\/product\/26655\/halfar-bodenschutz-tascheneinlage-basket-schutz-logo-druck\/","name":"Halfar bodenschutz tascheneinlage basket: schutz & logo druck.","description":"Diese Halfar BASKET Einlage bietet dir den idealen, robusten Taschenbodenschutz gegen Schmutz & N\u00e4sse. Bestelle die BASKET Einlage Anthrazit als langlebiges Zubeh\u00f6r f\u00fcr deine Tragetaschen. Du kannst diese Tascheneinlage bedrucken lassen, um dein Firmenlogo optimal zu pr\u00e4sentieren.","inLanguage":"de-DE","isPartOf":{"@id":"https:\/\/hidalgo.nl\/de\/#website"},"breadcrumb":{"@id":"https:\/\/hidalgo.nl\/de\/product\/26655\/halfar-bodenschutz-tascheneinlage-basket-schutz-logo-druck\/#breadcrumblist"},"image":{"@type":"ImageObject","url":"https:\/\/shop.hidalgo.nl\/wp-content\/uploads\/2025\/04\/f76e921bfa6367ec52ca7be95f2504185b89118121b83a3464e5e4000a0fbb20.jpg","@id":"https:\/\/hidalgo.nl\/de\/product\/26655\/halfar-bodenschutz-tascheneinlage-basket-schutz-logo-druck\/#mainImage"},"primaryImageOfPage":{"@id":"https:\/\/hidalgo.nl\/de\/product\/26655\/halfar-bodenschutz-tascheneinlage-basket-schutz-logo-druck\/#mainImage"},"datePublished":"2025-07-03T17:44:41+00:00","dateModified":"2026-02-16T14:52:56+00:00"},{"@type":"Organization","@id":"https:\/\/hidalgo.nl\/de\/#organization","name":"Hidalgo","url":"https:\/\/hidalgo.nl\/de\/","logo":{"@type":"ImageObject","url":"https:\/\/shop.hidalgo.nl\/wp-content\/uploads\/2025\/11\/cropped-Hidalgo-est1993.png","@id":"https:\/\/hidalgo.nl\/de\/product\/26655\/halfar-bodenschutz-tascheneinlage-basket-schutz-logo-druck\/#organizationLogo","width":585,"height":195},"image":{"@id":"https:\/\/hidalgo.nl\/de\/product\/26655\/halfar-bodenschutz-tascheneinlage-basket-schutz-logo-druck\/#organizationLogo"}},{"@type":"WebPage","@id":"https:\/\/hidalgo.nl\/de\/product\/26655\/halfar-bodenschutz-tascheneinlage-basket-schutz-logo-druck\/#webpage","url":"https:\/\/hidalgo.nl\/de\/product\/26655\/halfar-bodenschutz-tascheneinlage-basket-schutz-logo-druck\/","name":"Halfar bodenschutz tascheneinlage basket: schutz & logo druck.","description":"Diese Halfar BASKET Einlage bietet dir den idealen, robusten Taschenbodenschutz gegen Schmutz & N\u00e4sse. Bestelle die BASKET Einlage Anthrazit als langlebiges Zubeh\u00f6r f\u00fcr deine Tragetaschen. Du kannst diese Tascheneinlage bedrucken lassen, um dein Firmenlogo optimal zu pr\u00e4sentieren.","inLanguage":"de-DE","isPartOf":{"@id":"https:\/\/hidalgo.nl\/de\/#website"},"breadcrumb":{"@id":"https:\/\/hidalgo.nl\/de\/product\/26655\/halfar-bodenschutz-tascheneinlage-basket-schutz-logo-druck\/#breadcrumblist"},"image":{"@type":"ImageObject","url":"https:\/\/shop.hidalgo.nl\/wp-content\/uploads\/2025\/04\/f76e921bfa6367ec52ca7be95f2504185b89118121b83a3464e5e4000a0fbb20.jpg","@id":"https:\/\/hidalgo.nl\/de\/product\/26655\/halfar-bodenschutz-tascheneinlage-basket-schutz-logo-druck\/#mainImage"},"primaryImageOfPage":{"@id":"https:\/\/hidalgo.nl\/de\/product\/26655\/halfar-bodenschutz-tascheneinlage-basket-schutz-logo-druck\/#mainImage"},"datePublished":"2025-07-03T17:44:41+00:00","dateModified":"2026-02-16T14:52:56+00:00"},{"@type":"WebSite","@id":"https:\/\/hidalgo.nl\/de\/#website","url":"https:\/\/hidalgo.nl\/de\/","name":"Hidalgo","inLanguage":"de-DE","publisher":{"@id":"https:\/\/hidalgo.nl\/de\/#organization"}}]},"og:locale":"de_DE","og:site_name":"Hidalgo -","og:type":"article","og:title":"Halfar bodenschutz tascheneinlage basket: schutz &amp; logo druck.","og:description":"Diese Halfar BASKET Einlage bietet dir den idealen, robusten Taschenbodenschutz gegen Schmutz &amp; N\u00e4sse. Bestelle die BASKET Einlage Anthrazit als langlebiges Zubeh\u00f6r f\u00fcr deine Tragetaschen. Du kannst diese Tascheneinlage bedrucken lassen, um dein Firmenlogo optimal zu pr\u00e4sentieren.","og:url":"https:\/\/hidalgo.nl\/de\/wp-json\/wp\/v2\/product\/26655","og:image":"https:\/\/shop.hidalgo.nl\/wp-content\/uploads\/2025\/11\/cropped-Hidalgo-est1993.png","og:image:secure_url":"https:\/\/shop.hidalgo.nl\/wp-content\/uploads\/2025\/11\/cropped-Hidalgo-est1993.png","article:published_time":"2025-07-03T17:44:41+00:00","article:modified_time":"2026-02-16T14:52:56+00:00","twitter:card":"summary_large_image","twitter:title":"Halfar bodenschutz tascheneinlage basket: schutz &amp; logo druck.","twitter:description":"Diese Halfar BASKET Einlage bietet dir den idealen, robusten Taschenbodenschutz gegen Schmutz &amp; N\u00e4sse. Bestelle die BASKET Einlage Anthrazit als langlebiges Zubeh\u00f6r f\u00fcr deine Tragetaschen. Du kannst diese Tascheneinlage bedrucken lassen, um dein Firmenlogo optimal zu pr\u00e4sentieren.","twitter:image":"https:\/\/shop.hidalgo.nl\/wp-content\/uploads\/2025\/11\/cropped-Hidalgo-est1993.png"},"aioseo_meta_data":{"post_id":"26655","title":null,"description":null,"keywords":null,"keyphrases":null,"primary_term":null,"canonical_url":null,"og_title":null,"og_description":null,"og_object_type":"default","og_image_type":"default","og_image_url":null,"og_image_width":null,"og_image_height":null,"og_image_custom_url":null,"og_image_custom_fields":null,"og_video":null,"og_custom_url":null,"og_article_section":null,"og_article_tags":null,"twitter_use_og":false,"twitter_card":"default","twitter_image_type":"default","twitter_image_url":null,"twitter_image_custom_url":null,"twitter_image_custom_fields":null,"twitter_title":null,"twitter_description":null,"schema":{"blockGraphs":[],"customGraphs":[],"default":{"data":{"Article":[],"Course":[],"Dataset":[],"FAQPage":[],"Movie":[],"Person":[],"Product":[],"ProductReview":[],"Car":[],"Recipe":[],"Service":[],"SoftwareApplication":[],"WebPage":[]},"graphName":"","isEnabled":true},"graphs":[]},"schema_type":"default","schema_type_options":null,"pillar_content":false,"robots_default":true,"robots_noindex":false,"robots_noarchive":false,"robots_nosnippet":false,"robots_nofollow":false,"robots_noimageindex":false,"robots_noodp":false,"robots_notranslate":false,"robots_max_snippet":null,"robots_max_videopreview":null,"robots_max_imagepreview":"large","priority":null,"frequency":null,"local_seo":null,"seo_analyzer_scan_date":"2026-01-20 12:58:47","breadcrumb_settings":null,"limit_modified_date":false,"reviewed_by":null,"open_ai":null,"ai":null,"created":"2026-01-14 06:17:39","updated":"2026-02-17 09:32:10"},"aioseo_breadcrumb":"<div class=\"aioseo-breadcrumbs\"><span class=\"aioseo-breadcrumb\">\n\t<a href=\"https:\/\/hidalgo.nl\/de\/\" title=\"Home\">Home<\/a>\n<\/span><span class=\"aioseo-breadcrumb-separator\">\u00bb<\/span><span class=\"aioseo-breadcrumb\">\n\t<a href=\"https:\/\/hidalgo.nl\/example\/\" title=\"example\">example<\/a>\n<\/span><span class=\"aioseo-breadcrumb-separator\">\u00bb<\/span><span class=\"aioseo-breadcrumb\">\n\t<a href=\"https:\/\/hidalgo.nl\/en\/product-supplier\/a137\/\" title=\"A137\">A137<\/a>\n<\/span><span class=\"aioseo-breadcrumb-separator\">\u00bb<\/span><span class=\"aioseo-breadcrumb\">\n\tinlegger  BASKET\n<\/span><\/div>","aioseo_breadcrumb_json":[{"label":"Home","link":"https:\/\/hidalgo.nl\/de\/"},{"label":"example","link":"https:\/\/hidalgo.nl\/example\/"},{"label":"A137","link":"https:\/\/hidalgo.nl\/en\/product-supplier\/a137\/"},{"label":"inlegger  BASKET","link":"https:\/\/hidalgo.nl\/de\/product\/26655\/halfar-bodenschutz-tascheneinlage-basket-schutz-logo-druck\/"}],"_links":{"self":[{"href":"https:\/\/hidalgo.nl\/de\/wp-json\/wp\/v2\/product\/26655","targetHints":{"allow":["GET"]}}],"collection":[{"href":"https:\/\/hidalgo.nl\/de\/wp-json\/wp\/v2\/product"}],"about":[{"href":"https:\/\/hidalgo.nl\/de\/wp-json\/wp\/v2\/types\/product"}],"wp:featuredmedia":[{"embeddable":true,"href":"https:\/\/hidalgo.nl\/de\/wp-json\/wp\/v2\/media\/589546"}],"wp:attachment":[{"href":"https:\/\/hidalgo.nl\/de\/wp-json\/wp\/v2\/media?parent=26655"}],"wp:term":[{"taxonomy":"product_brand","embeddable":true,"href":"https:\/\/hidalgo.nl\/de\/wp-json\/wp\/v2\/product_brand?post=26655"},{"taxonomy":"product_cat","embeddable":true,"href":"https:\/\/hidalgo.nl\/de\/wp-json\/wp\/v2\/product_cat?post=26655"},{"taxonomy":"product_tag","embeddable":true,"href":"https:\/\/hidalgo.nl\/de\/wp-json\/wp\/v2\/product_tag?post=26655"}],"curies":[{"name":"wp","href":"https:\/\/api.w.org\/{rel}","templated":true}]}}