{"id":26022,"date":"2025-07-03T16:39:28","date_gmt":"2025-07-03T16:39:28","guid":{"rendered":"http:\/\/bidonsenshakers.pim.hidalgo.nl\/product\/thermobag-flow\/"},"modified":"2026-02-16T14:53:00","modified_gmt":"2026-02-16T14:53:00","slug":"thermobag-flow","status":"publish","type":"product","link":"https:\/\/hidalgo.nl\/de\/product\/26022\/halfar-kuehltasche-lunchtasche-werbeartikel-mit-logo\/","title":{"rendered":"Thermobag FLOW"},"content":{"rendered":"<p>veelzijdige koeltas; groot, gevoerd hoofdvak met ritssluiting; gespsluiting voor verschillende draagstijlen<\/p>\n","protected":false},"excerpt":{"rendered":"<p>veelzijdige koeltas; groot, gevoerd hoofdvak met ritssluiting; gespsluiting voor verschillende draagstijlen<\/p>\n","protected":false},"featured_media":598166,"template":"","meta":{"_acf_changed":false,"om_disable_all_campaigns":false,"_monsterinsights_skip_tracking":false,"_monsterinsights_sitenote_active":false,"_monsterinsights_sitenote_note":"","_monsterinsights_sitenote_category":0},"product_brand":[47],"product_cat":[4827,4713],"product_tag":[],"class_list":{"0":"post-26022","1":"product","2":"type-product","3":"status-publish","4":"has-post-thumbnail","6":"product_supplier-a137","7":"product_material-polyester-600d","8":"product_brand-halfar","9":"product_cat-koeltassen","10":"product_cat-tassen","11":"entry","13":"first","14":"instock","15":"taxable","16":"shipping-taxable","17":"purchasable","18":"product-type-variable"},"acf":{"imprint_cost":[{"imprint_cost_key":"b099891ccca442a16ed65fb5431b248503599bc1","product_quantity_price_range":[{"imprint_cost_recommended_selling_price":"3.53","imprint_cost_recommended_selling_quantity":"50"},{"imprint_cost_recommended_selling_price":"2.71","imprint_cost_recommended_selling_quantity":"100"},{"imprint_cost_recommended_selling_price":"2.25","imprint_cost_recommended_selling_quantity":"250"},{"imprint_cost_recommended_selling_price":"1.75","imprint_cost_recommended_selling_quantity":"500"},{"imprint_cost_recommended_selling_price":"1.63","imprint_cost_recommended_selling_quantity":"1000"}],"product_quantity_price_range_buying":[{"imprint_cost_general_buying_price":"2.89","imprint_cost_general_buying_quantity":"50"},{"imprint_cost_general_buying_price":"2.22","imprint_cost_general_buying_quantity":"100"},{"imprint_cost_general_buying_price":"1.85","imprint_cost_general_buying_quantity":"250"},{"imprint_cost_general_buying_price":"1.43","imprint_cost_general_buying_quantity":"500"},{"imprint_cost_general_buying_price":"1.34","imprint_cost_general_buying_quantity":"1000"}],"imprint_cost_setup_costs":"","imprint_cost_handling_costs":""},{"imprint_cost_key":"7d43b5a28136a63c2c56cb3b168b0624c68ece61","product_quantity_price_range":[{"imprint_cost_recommended_selling_price":"4.06","imprint_cost_recommended_selling_quantity":"50"},{"imprint_cost_recommended_selling_price":"3.53","imprint_cost_recommended_selling_quantity":"100"},{"imprint_cost_recommended_selling_price":"2.84","imprint_cost_recommended_selling_quantity":"250"},{"imprint_cost_recommended_selling_price":"2.27","imprint_cost_recommended_selling_quantity":"500"},{"imprint_cost_recommended_selling_price":"2.05","imprint_cost_recommended_selling_quantity":"1000"}],"product_quantity_price_range_buying":[{"imprint_cost_general_buying_price":"3.33","imprint_cost_general_buying_quantity":"50"},{"imprint_cost_general_buying_price":"2.89","imprint_cost_general_buying_quantity":"100"},{"imprint_cost_general_buying_price":"2.33","imprint_cost_general_buying_quantity":"250"},{"imprint_cost_general_buying_price":"1.86","imprint_cost_general_buying_quantity":"500"},{"imprint_cost_general_buying_price":"1.68","imprint_cost_general_buying_quantity":"1000"}],"imprint_cost_setup_costs":"","imprint_cost_handling_costs":""},{"imprint_cost_key":"1709a9ac9f0d977613fe79ebc096308f2e5ce81d","product_quantity_price_range":[{"imprint_cost_recommended_selling_price":"5.01","imprint_cost_recommended_selling_quantity":"50"},{"imprint_cost_recommended_selling_price":"4.21","imprint_cost_recommended_selling_quantity":"100"},{"imprint_cost_recommended_selling_price":"3.64","imprint_cost_recommended_selling_quantity":"250"},{"imprint_cost_recommended_selling_price":"3.33","imprint_cost_recommended_selling_quantity":"500"},{"imprint_cost_recommended_selling_price":"2.95","imprint_cost_recommended_selling_quantity":"1000"}],"product_quantity_price_range_buying":[{"imprint_cost_general_buying_price":"4.11","imprint_cost_general_buying_quantity":"50"},{"imprint_cost_general_buying_price":"3.45","imprint_cost_general_buying_quantity":"100"},{"imprint_cost_general_buying_price":"2.99","imprint_cost_general_buying_quantity":"250"},{"imprint_cost_general_buying_price":"2.73","imprint_cost_general_buying_quantity":"500"},{"imprint_cost_general_buying_price":"2.42","imprint_cost_general_buying_quantity":"1000"}],"imprint_cost_setup_costs":"","imprint_cost_handling_costs":""},{"imprint_cost_key":"1eed532962bf59cd53038edb716ddf3f2994bd9f","product_quantity_price_range":[{"imprint_cost_recommended_selling_price":"6.84","imprint_cost_recommended_selling_quantity":"50"},{"imprint_cost_recommended_selling_price":"5.68","imprint_cost_recommended_selling_quantity":"100"},{"imprint_cost_recommended_selling_price":"4.21","imprint_cost_recommended_selling_quantity":"250"},{"imprint_cost_recommended_selling_price":"3.96","imprint_cost_recommended_selling_quantity":"500"},{"imprint_cost_recommended_selling_price":"3.64","imprint_cost_recommended_selling_quantity":"1000"}],"product_quantity_price_range_buying":[{"imprint_cost_general_buying_price":"5.61","imprint_cost_general_buying_quantity":"50"},{"imprint_cost_general_buying_price":"4.65","imprint_cost_general_buying_quantity":"100"},{"imprint_cost_general_buying_price":"3.46","imprint_cost_general_buying_quantity":"250"},{"imprint_cost_general_buying_price":"3.25","imprint_cost_general_buying_quantity":"500"},{"imprint_cost_general_buying_price":"2.99","imprint_cost_general_buying_quantity":"1000"}],"imprint_cost_setup_costs":"","imprint_cost_handling_costs":""}]},"aioseo_notices":[],"aioseo_head":"\n\t\t<!-- All in One SEO Pro 4.9.5.2 - aioseo.com -->\n\t<meta name=\"description\" content=\"Diese isolierte Lunchtasche ist perfekt, um deine Speisen f\u00fcr die Arbeit oder den Ausflug k\u00fchl zu halten. Als langlebige Werbeartikel K\u00fchltasche kannst du das Halfar Thermobag FLOW mit deinem Logo bedrucken lassen - ideal f\u00fcr Mitarbeiter &amp; Firmenkunden.\" \/>\n\t<meta name=\"robots\" content=\"max-image-preview:large\" \/>\n\t<link rel=\"canonical\" href=\"https:\/\/hidalgo.nl\/de\/wp-json\/wp\/v2\/product\/26022\" \/>\n\t<meta name=\"generator\" content=\"All in One SEO Pro (AIOSEO) 4.9.5.2\" \/>\n\t\t<meta property=\"og:locale\" content=\"de_DE\" \/>\n\t\t<meta property=\"og:site_name\" content=\"Hidalgo -\" \/>\n\t\t<meta property=\"og:type\" content=\"article\" \/>\n\t\t<meta property=\"og:title\" content=\"Halfar k\u00fchltasche, lunchtasche, werbeartikel mit logo\" \/>\n\t\t<meta property=\"og:description\" content=\"Diese isolierte Lunchtasche ist perfekt, um deine Speisen f\u00fcr die Arbeit oder den Ausflug k\u00fchl zu halten. Als langlebige Werbeartikel K\u00fchltasche kannst du das Halfar Thermobag FLOW mit deinem Logo bedrucken lassen - ideal f\u00fcr Mitarbeiter &amp; Firmenkunden.\" \/>\n\t\t<meta property=\"og:url\" content=\"https:\/\/hidalgo.nl\/de\/wp-json\/wp\/v2\/product\/26022\" \/>\n\t\t<meta property=\"og:image\" content=\"https:\/\/shop.hidalgo.nl\/wp-content\/uploads\/2025\/11\/cropped-Hidalgo-est1993.png\" \/>\n\t\t<meta property=\"og:image:secure_url\" content=\"https:\/\/shop.hidalgo.nl\/wp-content\/uploads\/2025\/11\/cropped-Hidalgo-est1993.png\" \/>\n\t\t<meta property=\"article:published_time\" content=\"2025-07-03T16:39:28+00:00\" \/>\n\t\t<meta property=\"article:modified_time\" content=\"2026-02-16T14:53:00+00:00\" \/>\n\t\t<meta name=\"twitter:card\" content=\"summary_large_image\" \/>\n\t\t<meta name=\"twitter:title\" content=\"Halfar k\u00fchltasche, lunchtasche, werbeartikel mit logo\" \/>\n\t\t<meta name=\"twitter:description\" content=\"Diese isolierte Lunchtasche ist perfekt, um deine Speisen f\u00fcr die Arbeit oder den Ausflug k\u00fchl zu halten. Als langlebige Werbeartikel K\u00fchltasche kannst du das Halfar Thermobag FLOW mit deinem Logo bedrucken lassen - ideal f\u00fcr Mitarbeiter &amp; Firmenkunden.\" \/>\n\t\t<meta name=\"twitter:image\" content=\"https:\/\/shop.hidalgo.nl\/wp-content\/uploads\/2025\/11\/cropped-Hidalgo-est1993.png\" \/>\n\t\t<script type=\"application\/ld+json\" class=\"aioseo-schema\">\n\t\t\t{\"@context\":\"https:\\\/\\\/schema.org\",\"@graph\":[{\"@type\":\"BreadcrumbList\",\"@id\":\"https:\\\/\\\/hidalgo.nl\\\/de\\\/product\\\/26022\\\/halfar-kuehltasche-lunchtasche-werbeartikel-mit-logo\\\/#breadcrumblist\",\"itemListElement\":[{\"@type\":\"ListItem\",\"@id\":\"https:\\\/\\\/hidalgo.nl\\\/de\\\/#listItem\",\"position\":1,\"name\":\"Home\",\"item\":\"https:\\\/\\\/hidalgo.nl\\\/de\\\/\",\"nextItem\":{\"@type\":\"ListItem\",\"@id\":\"https:\\\/\\\/hidalgo.nl\\\/example\\\/#listItem\",\"name\":\"example\"}},{\"@type\":\"ListItem\",\"@id\":\"https:\\\/\\\/hidalgo.nl\\\/example\\\/#listItem\",\"position\":2,\"name\":\"example\",\"item\":\"https:\\\/\\\/hidalgo.nl\\\/example\\\/\",\"nextItem\":{\"@type\":\"ListItem\",\"@id\":\"https:\\\/\\\/hidalgo.nl\\\/en\\\/product-supplier\\\/a137\\\/#listItem\",\"name\":\"A137\"},\"previousItem\":{\"@type\":\"ListItem\",\"@id\":\"https:\\\/\\\/hidalgo.nl\\\/de\\\/#listItem\",\"name\":\"Home\"}},{\"@type\":\"ListItem\",\"@id\":\"https:\\\/\\\/hidalgo.nl\\\/en\\\/product-supplier\\\/a137\\\/#listItem\",\"position\":3,\"name\":\"A137\",\"item\":\"https:\\\/\\\/hidalgo.nl\\\/en\\\/product-supplier\\\/a137\\\/\",\"nextItem\":{\"@type\":\"ListItem\",\"@id\":\"https:\\\/\\\/hidalgo.nl\\\/de\\\/product\\\/26022\\\/halfar-kuehltasche-lunchtasche-werbeartikel-mit-logo\\\/#listItem\",\"name\":\"Thermobag FLOW\"},\"previousItem\":{\"@type\":\"ListItem\",\"@id\":\"https:\\\/\\\/hidalgo.nl\\\/example\\\/#listItem\",\"name\":\"example\"}},{\"@type\":\"ListItem\",\"@id\":\"https:\\\/\\\/hidalgo.nl\\\/de\\\/product\\\/26022\\\/halfar-kuehltasche-lunchtasche-werbeartikel-mit-logo\\\/#listItem\",\"position\":4,\"name\":\"Thermobag FLOW\",\"previousItem\":{\"@type\":\"ListItem\",\"@id\":\"https:\\\/\\\/hidalgo.nl\\\/en\\\/product-supplier\\\/a137\\\/#listItem\",\"name\":\"A137\"}}]},{\"@type\":\"ItemPage\",\"@id\":\"https:\\\/\\\/hidalgo.nl\\\/de\\\/product\\\/26022\\\/halfar-kuehltasche-lunchtasche-werbeartikel-mit-logo\\\/#itempage\",\"url\":\"https:\\\/\\\/hidalgo.nl\\\/de\\\/product\\\/26022\\\/halfar-kuehltasche-lunchtasche-werbeartikel-mit-logo\\\/\",\"name\":\"Halfar k\\u00fchltasche, lunchtasche, werbeartikel mit logo\",\"description\":\"Diese isolierte Lunchtasche ist perfekt, um deine Speisen f\\u00fcr die Arbeit oder den Ausflug k\\u00fchl zu halten. Als langlebige Werbeartikel K\\u00fchltasche kannst du das Halfar Thermobag FLOW mit deinem Logo bedrucken lassen - ideal f\\u00fcr Mitarbeiter & Firmenkunden.\",\"inLanguage\":\"de-DE\",\"isPartOf\":{\"@id\":\"https:\\\/\\\/hidalgo.nl\\\/de\\\/#website\"},\"breadcrumb\":{\"@id\":\"https:\\\/\\\/hidalgo.nl\\\/de\\\/product\\\/26022\\\/halfar-kuehltasche-lunchtasche-werbeartikel-mit-logo\\\/#breadcrumblist\"},\"image\":{\"@type\":\"ImageObject\",\"url\":\"https:\\\/\\\/shop.hidalgo.nl\\\/wp-content\\\/uploads\\\/2025\\\/04\\\/b75a3ac571526295748409ef70a9cd3f23aeaead4f32d66f6c1c5675133e101a.jpg\",\"@id\":\"https:\\\/\\\/hidalgo.nl\\\/de\\\/product\\\/26022\\\/halfar-kuehltasche-lunchtasche-werbeartikel-mit-logo\\\/#mainImage\"},\"primaryImageOfPage\":{\"@id\":\"https:\\\/\\\/hidalgo.nl\\\/de\\\/product\\\/26022\\\/halfar-kuehltasche-lunchtasche-werbeartikel-mit-logo\\\/#mainImage\"},\"datePublished\":\"2025-07-03T16:39:28+00:00\",\"dateModified\":\"2026-02-16T14:53:00+00:00\"},{\"@type\":\"Organization\",\"@id\":\"https:\\\/\\\/hidalgo.nl\\\/de\\\/#organization\",\"name\":\"Hidalgo\",\"url\":\"https:\\\/\\\/hidalgo.nl\\\/de\\\/\",\"logo\":{\"@type\":\"ImageObject\",\"url\":\"https:\\\/\\\/shop.hidalgo.nl\\\/wp-content\\\/uploads\\\/2025\\\/11\\\/cropped-Hidalgo-est1993.png\",\"@id\":\"https:\\\/\\\/hidalgo.nl\\\/de\\\/product\\\/26022\\\/halfar-kuehltasche-lunchtasche-werbeartikel-mit-logo\\\/#organizationLogo\",\"width\":585,\"height\":195},\"image\":{\"@id\":\"https:\\\/\\\/hidalgo.nl\\\/de\\\/product\\\/26022\\\/halfar-kuehltasche-lunchtasche-werbeartikel-mit-logo\\\/#organizationLogo\"}},{\"@type\":\"WebPage\",\"@id\":\"https:\\\/\\\/hidalgo.nl\\\/de\\\/product\\\/26022\\\/halfar-kuehltasche-lunchtasche-werbeartikel-mit-logo\\\/#webpage\",\"url\":\"https:\\\/\\\/hidalgo.nl\\\/de\\\/product\\\/26022\\\/halfar-kuehltasche-lunchtasche-werbeartikel-mit-logo\\\/\",\"name\":\"Halfar k\\u00fchltasche, lunchtasche, werbeartikel mit logo\",\"description\":\"Diese isolierte Lunchtasche ist perfekt, um deine Speisen f\\u00fcr die Arbeit oder den Ausflug k\\u00fchl zu halten. Als langlebige Werbeartikel K\\u00fchltasche kannst du das Halfar Thermobag FLOW mit deinem Logo bedrucken lassen - ideal f\\u00fcr Mitarbeiter & Firmenkunden.\",\"inLanguage\":\"de-DE\",\"isPartOf\":{\"@id\":\"https:\\\/\\\/hidalgo.nl\\\/de\\\/#website\"},\"breadcrumb\":{\"@id\":\"https:\\\/\\\/hidalgo.nl\\\/de\\\/product\\\/26022\\\/halfar-kuehltasche-lunchtasche-werbeartikel-mit-logo\\\/#breadcrumblist\"},\"image\":{\"@type\":\"ImageObject\",\"url\":\"https:\\\/\\\/shop.hidalgo.nl\\\/wp-content\\\/uploads\\\/2025\\\/04\\\/b75a3ac571526295748409ef70a9cd3f23aeaead4f32d66f6c1c5675133e101a.jpg\",\"@id\":\"https:\\\/\\\/hidalgo.nl\\\/de\\\/product\\\/26022\\\/halfar-kuehltasche-lunchtasche-werbeartikel-mit-logo\\\/#mainImage\"},\"primaryImageOfPage\":{\"@id\":\"https:\\\/\\\/hidalgo.nl\\\/de\\\/product\\\/26022\\\/halfar-kuehltasche-lunchtasche-werbeartikel-mit-logo\\\/#mainImage\"},\"datePublished\":\"2025-07-03T16:39:28+00:00\",\"dateModified\":\"2026-02-16T14:53:00+00:00\"},{\"@type\":\"WebSite\",\"@id\":\"https:\\\/\\\/hidalgo.nl\\\/de\\\/#website\",\"url\":\"https:\\\/\\\/hidalgo.nl\\\/de\\\/\",\"name\":\"Hidalgo\",\"inLanguage\":\"de-DE\",\"publisher\":{\"@id\":\"https:\\\/\\\/hidalgo.nl\\\/de\\\/#organization\"}}]}\n\t\t<\/script>\n\t\t<!-- All in One SEO Pro -->\r\n\t\t<title>Halfar k\u00fchltasche, lunchtasche, werbeartikel mit logo<\/title>\n\n","aioseo_head_json":{"title":"Halfar k\u00fchltasche, lunchtasche, werbeartikel mit logo","description":"Diese isolierte Lunchtasche ist perfekt, um deine Speisen f\u00fcr die Arbeit oder den Ausflug k\u00fchl zu halten. Als langlebige Werbeartikel K\u00fchltasche kannst du das Halfar Thermobag FLOW mit deinem Logo bedrucken lassen - ideal f\u00fcr Mitarbeiter & Firmenkunden.","canonical_url":"https:\/\/hidalgo.nl\/de\/wp-json\/wp\/v2\/product\/26022","robots":"max-image-preview:large","keywords":"","webmasterTools":{"miscellaneous":""},"schema":{"@context":"https:\/\/schema.org","@graph":[{"@type":"BreadcrumbList","@id":"https:\/\/hidalgo.nl\/de\/product\/26022\/halfar-kuehltasche-lunchtasche-werbeartikel-mit-logo\/#breadcrumblist","itemListElement":[{"@type":"ListItem","@id":"https:\/\/hidalgo.nl\/de\/#listItem","position":1,"name":"Home","item":"https:\/\/hidalgo.nl\/de\/","nextItem":{"@type":"ListItem","@id":"https:\/\/hidalgo.nl\/example\/#listItem","name":"example"}},{"@type":"ListItem","@id":"https:\/\/hidalgo.nl\/example\/#listItem","position":2,"name":"example","item":"https:\/\/hidalgo.nl\/example\/","nextItem":{"@type":"ListItem","@id":"https:\/\/hidalgo.nl\/en\/product-supplier\/a137\/#listItem","name":"A137"},"previousItem":{"@type":"ListItem","@id":"https:\/\/hidalgo.nl\/de\/#listItem","name":"Home"}},{"@type":"ListItem","@id":"https:\/\/hidalgo.nl\/en\/product-supplier\/a137\/#listItem","position":3,"name":"A137","item":"https:\/\/hidalgo.nl\/en\/product-supplier\/a137\/","nextItem":{"@type":"ListItem","@id":"https:\/\/hidalgo.nl\/de\/product\/26022\/halfar-kuehltasche-lunchtasche-werbeartikel-mit-logo\/#listItem","name":"Thermobag FLOW"},"previousItem":{"@type":"ListItem","@id":"https:\/\/hidalgo.nl\/example\/#listItem","name":"example"}},{"@type":"ListItem","@id":"https:\/\/hidalgo.nl\/de\/product\/26022\/halfar-kuehltasche-lunchtasche-werbeartikel-mit-logo\/#listItem","position":4,"name":"Thermobag FLOW","previousItem":{"@type":"ListItem","@id":"https:\/\/hidalgo.nl\/en\/product-supplier\/a137\/#listItem","name":"A137"}}]},{"@type":"ItemPage","@id":"https:\/\/hidalgo.nl\/de\/product\/26022\/halfar-kuehltasche-lunchtasche-werbeartikel-mit-logo\/#itempage","url":"https:\/\/hidalgo.nl\/de\/product\/26022\/halfar-kuehltasche-lunchtasche-werbeartikel-mit-logo\/","name":"Halfar k\u00fchltasche, lunchtasche, werbeartikel mit logo","description":"Diese isolierte Lunchtasche ist perfekt, um deine Speisen f\u00fcr die Arbeit oder den Ausflug k\u00fchl zu halten. Als langlebige Werbeartikel K\u00fchltasche kannst du das Halfar Thermobag FLOW mit deinem Logo bedrucken lassen - ideal f\u00fcr Mitarbeiter & Firmenkunden.","inLanguage":"de-DE","isPartOf":{"@id":"https:\/\/hidalgo.nl\/de\/#website"},"breadcrumb":{"@id":"https:\/\/hidalgo.nl\/de\/product\/26022\/halfar-kuehltasche-lunchtasche-werbeartikel-mit-logo\/#breadcrumblist"},"image":{"@type":"ImageObject","url":"https:\/\/shop.hidalgo.nl\/wp-content\/uploads\/2025\/04\/b75a3ac571526295748409ef70a9cd3f23aeaead4f32d66f6c1c5675133e101a.jpg","@id":"https:\/\/hidalgo.nl\/de\/product\/26022\/halfar-kuehltasche-lunchtasche-werbeartikel-mit-logo\/#mainImage"},"primaryImageOfPage":{"@id":"https:\/\/hidalgo.nl\/de\/product\/26022\/halfar-kuehltasche-lunchtasche-werbeartikel-mit-logo\/#mainImage"},"datePublished":"2025-07-03T16:39:28+00:00","dateModified":"2026-02-16T14:53:00+00:00"},{"@type":"Organization","@id":"https:\/\/hidalgo.nl\/de\/#organization","name":"Hidalgo","url":"https:\/\/hidalgo.nl\/de\/","logo":{"@type":"ImageObject","url":"https:\/\/shop.hidalgo.nl\/wp-content\/uploads\/2025\/11\/cropped-Hidalgo-est1993.png","@id":"https:\/\/hidalgo.nl\/de\/product\/26022\/halfar-kuehltasche-lunchtasche-werbeartikel-mit-logo\/#organizationLogo","width":585,"height":195},"image":{"@id":"https:\/\/hidalgo.nl\/de\/product\/26022\/halfar-kuehltasche-lunchtasche-werbeartikel-mit-logo\/#organizationLogo"}},{"@type":"WebPage","@id":"https:\/\/hidalgo.nl\/de\/product\/26022\/halfar-kuehltasche-lunchtasche-werbeartikel-mit-logo\/#webpage","url":"https:\/\/hidalgo.nl\/de\/product\/26022\/halfar-kuehltasche-lunchtasche-werbeartikel-mit-logo\/","name":"Halfar k\u00fchltasche, lunchtasche, werbeartikel mit logo","description":"Diese isolierte Lunchtasche ist perfekt, um deine Speisen f\u00fcr die Arbeit oder den Ausflug k\u00fchl zu halten. Als langlebige Werbeartikel K\u00fchltasche kannst du das Halfar Thermobag FLOW mit deinem Logo bedrucken lassen - ideal f\u00fcr Mitarbeiter & Firmenkunden.","inLanguage":"de-DE","isPartOf":{"@id":"https:\/\/hidalgo.nl\/de\/#website"},"breadcrumb":{"@id":"https:\/\/hidalgo.nl\/de\/product\/26022\/halfar-kuehltasche-lunchtasche-werbeartikel-mit-logo\/#breadcrumblist"},"image":{"@type":"ImageObject","url":"https:\/\/shop.hidalgo.nl\/wp-content\/uploads\/2025\/04\/b75a3ac571526295748409ef70a9cd3f23aeaead4f32d66f6c1c5675133e101a.jpg","@id":"https:\/\/hidalgo.nl\/de\/product\/26022\/halfar-kuehltasche-lunchtasche-werbeartikel-mit-logo\/#mainImage"},"primaryImageOfPage":{"@id":"https:\/\/hidalgo.nl\/de\/product\/26022\/halfar-kuehltasche-lunchtasche-werbeartikel-mit-logo\/#mainImage"},"datePublished":"2025-07-03T16:39:28+00:00","dateModified":"2026-02-16T14:53:00+00:00"},{"@type":"WebSite","@id":"https:\/\/hidalgo.nl\/de\/#website","url":"https:\/\/hidalgo.nl\/de\/","name":"Hidalgo","inLanguage":"de-DE","publisher":{"@id":"https:\/\/hidalgo.nl\/de\/#organization"}}]},"og:locale":"de_DE","og:site_name":"Hidalgo -","og:type":"article","og:title":"Halfar k\u00fchltasche, lunchtasche, werbeartikel mit logo","og:description":"Diese isolierte Lunchtasche ist perfekt, um deine Speisen f\u00fcr die Arbeit oder den Ausflug k\u00fchl zu halten. Als langlebige Werbeartikel K\u00fchltasche kannst du das Halfar Thermobag FLOW mit deinem Logo bedrucken lassen - ideal f\u00fcr Mitarbeiter &amp; Firmenkunden.","og:url":"https:\/\/hidalgo.nl\/de\/wp-json\/wp\/v2\/product\/26022","og:image":"https:\/\/shop.hidalgo.nl\/wp-content\/uploads\/2025\/11\/cropped-Hidalgo-est1993.png","og:image:secure_url":"https:\/\/shop.hidalgo.nl\/wp-content\/uploads\/2025\/11\/cropped-Hidalgo-est1993.png","article:published_time":"2025-07-03T16:39:28+00:00","article:modified_time":"2026-02-16T14:53:00+00:00","twitter:card":"summary_large_image","twitter:title":"Halfar k\u00fchltasche, lunchtasche, werbeartikel mit logo","twitter:description":"Diese isolierte Lunchtasche ist perfekt, um deine Speisen f\u00fcr die Arbeit oder den Ausflug k\u00fchl zu halten. Als langlebige Werbeartikel K\u00fchltasche kannst du das Halfar Thermobag FLOW mit deinem Logo bedrucken lassen - ideal f\u00fcr Mitarbeiter &amp; Firmenkunden.","twitter:image":"https:\/\/shop.hidalgo.nl\/wp-content\/uploads\/2025\/11\/cropped-Hidalgo-est1993.png"},"aioseo_meta_data":{"post_id":"26022","title":null,"description":null,"keywords":null,"keyphrases":null,"primary_term":null,"canonical_url":null,"og_title":null,"og_description":null,"og_object_type":"default","og_image_type":"default","og_image_url":null,"og_image_width":null,"og_image_height":null,"og_image_custom_url":null,"og_image_custom_fields":null,"og_video":null,"og_custom_url":null,"og_article_section":null,"og_article_tags":null,"twitter_use_og":false,"twitter_card":"default","twitter_image_type":"default","twitter_image_url":null,"twitter_image_custom_url":null,"twitter_image_custom_fields":null,"twitter_title":null,"twitter_description":null,"schema":{"blockGraphs":[],"customGraphs":[],"default":{"data":{"Article":[],"Course":[],"Dataset":[],"FAQPage":[],"Movie":[],"Person":[],"Product":[],"ProductReview":[],"Car":[],"Recipe":[],"Service":[],"SoftwareApplication":[],"WebPage":[]},"graphName":"","isEnabled":true},"graphs":[]},"schema_type":"default","schema_type_options":null,"pillar_content":false,"robots_default":true,"robots_noindex":false,"robots_noarchive":false,"robots_nosnippet":false,"robots_nofollow":false,"robots_noimageindex":false,"robots_noodp":false,"robots_notranslate":false,"robots_max_snippet":null,"robots_max_videopreview":null,"robots_max_imagepreview":"large","priority":null,"frequency":null,"local_seo":null,"seo_analyzer_scan_date":"2026-01-20 12:52:09","breadcrumb_settings":null,"limit_modified_date":false,"reviewed_by":null,"open_ai":null,"ai":null,"created":"2026-01-14 06:17:39","updated":"2026-02-17 09:29:44"},"aioseo_breadcrumb":"<div class=\"aioseo-breadcrumbs\"><span class=\"aioseo-breadcrumb\">\n\t<a href=\"https:\/\/hidalgo.nl\/de\/\" title=\"Home\">Home<\/a>\n<\/span><span class=\"aioseo-breadcrumb-separator\">\u00bb<\/span><span class=\"aioseo-breadcrumb\">\n\t<a href=\"https:\/\/hidalgo.nl\/example\/\" title=\"example\">example<\/a>\n<\/span><span class=\"aioseo-breadcrumb-separator\">\u00bb<\/span><span class=\"aioseo-breadcrumb\">\n\t<a href=\"https:\/\/hidalgo.nl\/en\/product-supplier\/a137\/\" title=\"A137\">A137<\/a>\n<\/span><span class=\"aioseo-breadcrumb-separator\">\u00bb<\/span><span class=\"aioseo-breadcrumb\">\n\tThermobag FLOW\n<\/span><\/div>","aioseo_breadcrumb_json":[{"label":"Home","link":"https:\/\/hidalgo.nl\/de\/"},{"label":"example","link":"https:\/\/hidalgo.nl\/example\/"},{"label":"A137","link":"https:\/\/hidalgo.nl\/en\/product-supplier\/a137\/"},{"label":"Thermobag FLOW","link":"https:\/\/hidalgo.nl\/de\/product\/26022\/halfar-kuehltasche-lunchtasche-werbeartikel-mit-logo\/"}],"_links":{"self":[{"href":"https:\/\/hidalgo.nl\/de\/wp-json\/wp\/v2\/product\/26022","targetHints":{"allow":["GET"]}}],"collection":[{"href":"https:\/\/hidalgo.nl\/de\/wp-json\/wp\/v2\/product"}],"about":[{"href":"https:\/\/hidalgo.nl\/de\/wp-json\/wp\/v2\/types\/product"}],"wp:featuredmedia":[{"embeddable":true,"href":"https:\/\/hidalgo.nl\/de\/wp-json\/wp\/v2\/media\/598166"}],"wp:attachment":[{"href":"https:\/\/hidalgo.nl\/de\/wp-json\/wp\/v2\/media?parent=26022"}],"wp:term":[{"taxonomy":"product_brand","embeddable":true,"href":"https:\/\/hidalgo.nl\/de\/wp-json\/wp\/v2\/product_brand?post=26022"},{"taxonomy":"product_cat","embeddable":true,"href":"https:\/\/hidalgo.nl\/de\/wp-json\/wp\/v2\/product_cat?post=26022"},{"taxonomy":"product_tag","embeddable":true,"href":"https:\/\/hidalgo.nl\/de\/wp-json\/wp\/v2\/product_tag?post=26022"}],"curies":[{"name":"wp","href":"https:\/\/api.w.org\/{rel}","templated":true}]}}