{"id":2513,"date":"2025-05-16T13:13:48","date_gmt":"2025-05-16T13:13:48","guid":{"rendered":"https:\/\/bidonsenshakers.pim.hidalgo.nl\/product\/nylon-600d-sleuteletui-imelda\/"},"modified":"2026-03-16T18:39:09","modified_gmt":"2026-03-16T18:39:09","slug":"nylon-600d-sleuteletui-imelda","status":"publish","type":"product","link":"https:\/\/hidalgo.nl\/de\/product\/2513\/schluesseletui-imelda-nylon-600d-bedrucken-reissverschluss\/","title":{"rendered":"Nylon (600D) sleuteletui Imelda"},"content":{"rendered":"<p>Nylon sleuteletui (600D), met ritssluiting, rubberlook.<\/p>\n","protected":false},"excerpt":{"rendered":"<p>Nylon sleuteletui (600D), met ritssluiting, rubberlook.<\/p>\n","protected":false},"featured_media":2514,"template":"","meta":{"_acf_changed":false,"om_disable_all_campaigns":false,"_monsterinsights_skip_tracking":false,"_monsterinsights_sitenote_active":false,"_monsterinsights_sitenote_note":"","_monsterinsights_sitenote_category":0},"product_brand":[49],"product_cat":[4719,4853,4774],"product_tag":[],"class_list":{"0":"post-2513","1":"product","2":"type-product","3":"status-publish","4":"has-post-thumbnail","6":"product_supplier-a58","7":"product_material-nylon-600d","8":"product_material-pvc","9":"product_brand-impression","10":"product_cat-promotionele-artikelen","11":"product_cat-reis-accessoires","12":"product_cat-promotionele-artikelen-vrije-tijd","13":"entry","15":"first","16":"instock","17":"taxable","18":"shipping-taxable","19":"purchasable","20":"product-type-variable"},"acf":{"imprint_cost":[{"imprint_cost_key":"d5ffeaf90fee3dba3c0f00071be9f811f761a52e","product_quantity_price_range":[{"imprint_cost_recommended_selling_price":"5.43","imprint_cost_recommended_selling_quantity":"1"},{"imprint_cost_recommended_selling_price":"2.83","imprint_cost_recommended_selling_quantity":"25"},{"imprint_cost_recommended_selling_price":"1.29","imprint_cost_recommended_selling_quantity":"50"},{"imprint_cost_recommended_selling_price":"0.49","imprint_cost_recommended_selling_quantity":"100"},{"imprint_cost_recommended_selling_price":"0.35","imprint_cost_recommended_selling_quantity":"250"},{"imprint_cost_recommended_selling_price":"0.28","imprint_cost_recommended_selling_quantity":"500"},{"imprint_cost_recommended_selling_price":"0.2","imprint_cost_recommended_selling_quantity":"1000"},{"imprint_cost_recommended_selling_price":"0.18","imprint_cost_recommended_selling_quantity":"5000"}],"product_quantity_price_range_buying":false,"imprint_cost_setup_costs":"52.31","imprint_cost_handling_costs":"0.08"}]},"aioseo_notices":[],"aioseo_head":"\n\t\t<!-- All in One SEO Pro 4.9.6.2 - aioseo.com -->\n\t<meta name=\"description\" content=\"Mit dem robusten Imelda im modernen Gummilook sch\u00fctzt du deine Schl\u00fcssel zuverl\u00e4ssig vor Kratzern und Abnutzung. Bei Hidalgo kannst du dieses funktionale Schl\u00fcsselm\u00e4ppchen personalisieren lassen, um deine Marke auf Messen oder im Alltag deiner Kunden wirksam zu pr\u00e4sentieren.\" \/>\n\t<meta name=\"robots\" content=\"max-image-preview:large\" \/>\n\t<link rel=\"canonical\" href=\"https:\/\/hidalgo.nl\/de\/wp-json\/wp\/v2\/product\/2513\" \/>\n\t<meta name=\"generator\" content=\"All in One SEO Pro (AIOSEO) 4.9.6.2\" \/>\n\t\t<meta property=\"og:locale\" content=\"de_DE\" \/>\n\t\t<meta property=\"og:site_name\" content=\"Hidalgo -\" \/>\n\t\t<meta property=\"og:type\" content=\"article\" \/>\n\t\t<meta property=\"og:title\" content=\"Schl\u00fcsseletui Imelda Nylon 600D bedrucken Rei\u00dfverschluss\" \/>\n\t\t<meta property=\"og:description\" content=\"Mit dem robusten Imelda im modernen Gummilook sch\u00fctzt du deine Schl\u00fcssel zuverl\u00e4ssig vor Kratzern und Abnutzung. Bei Hidalgo kannst du dieses funktionale Schl\u00fcsselm\u00e4ppchen personalisieren lassen, um deine Marke auf Messen oder im Alltag deiner Kunden wirksam zu pr\u00e4sentieren.\" \/>\n\t\t<meta property=\"og:url\" content=\"https:\/\/hidalgo.nl\/de\/wp-json\/wp\/v2\/product\/2513\" \/>\n\t\t<meta property=\"og:image\" content=\"https:\/\/shop.hidalgo.nl\/wp-content\/uploads\/2025\/11\/cropped-Hidalgo-est1993.png\" \/>\n\t\t<meta property=\"og:image:secure_url\" content=\"https:\/\/shop.hidalgo.nl\/wp-content\/uploads\/2025\/11\/cropped-Hidalgo-est1993.png\" \/>\n\t\t<meta property=\"article:published_time\" content=\"2025-05-16T13:13:48+00:00\" \/>\n\t\t<meta property=\"article:modified_time\" content=\"2026-03-16T18:39:09+00:00\" \/>\n\t\t<meta name=\"twitter:card\" content=\"summary_large_image\" \/>\n\t\t<meta name=\"twitter:title\" content=\"Schl\u00fcsseletui Imelda Nylon 600D bedrucken Rei\u00dfverschluss\" \/>\n\t\t<meta name=\"twitter:description\" content=\"Mit dem robusten Imelda im modernen Gummilook sch\u00fctzt du deine Schl\u00fcssel zuverl\u00e4ssig vor Kratzern und Abnutzung. Bei Hidalgo kannst du dieses funktionale Schl\u00fcsselm\u00e4ppchen personalisieren lassen, um deine Marke auf Messen oder im Alltag deiner Kunden wirksam zu pr\u00e4sentieren.\" \/>\n\t\t<meta name=\"twitter:image\" content=\"https:\/\/shop.hidalgo.nl\/wp-content\/uploads\/2025\/11\/cropped-Hidalgo-est1993.png\" \/>\n\t\t<script type=\"application\/ld+json\" class=\"aioseo-schema\">\n\t\t\t{\"@context\":\"https:\\\/\\\/schema.org\",\"@graph\":[{\"@type\":\"BreadcrumbList\",\"@id\":\"https:\\\/\\\/hidalgo.nl\\\/de\\\/product\\\/2513\\\/schluesseletui-imelda-nylon-600d-bedrucken-reissverschluss\\\/#breadcrumblist\",\"itemListElement\":[{\"@type\":\"ListItem\",\"@id\":\"https:\\\/\\\/hidalgo.nl\\\/de\\\/#listItem\",\"position\":1,\"name\":\"Home\",\"item\":\"https:\\\/\\\/hidalgo.nl\\\/de\\\/\",\"nextItem\":{\"@type\":\"ListItem\",\"@id\":\"https:\\\/\\\/hidalgo.nl\\\/example\\\/#listItem\",\"name\":\"example\"}},{\"@type\":\"ListItem\",\"@id\":\"https:\\\/\\\/hidalgo.nl\\\/example\\\/#listItem\",\"position\":2,\"name\":\"example\",\"item\":\"https:\\\/\\\/hidalgo.nl\\\/example\\\/\",\"nextItem\":{\"@type\":\"ListItem\",\"@id\":\"https:\\\/\\\/hidalgo.nl\\\/en\\\/product-supplier\\\/a58\\\/#listItem\",\"name\":\"A58\"},\"previousItem\":{\"@type\":\"ListItem\",\"@id\":\"https:\\\/\\\/hidalgo.nl\\\/de\\\/#listItem\",\"name\":\"Home\"}},{\"@type\":\"ListItem\",\"@id\":\"https:\\\/\\\/hidalgo.nl\\\/en\\\/product-supplier\\\/a58\\\/#listItem\",\"position\":3,\"name\":\"A58\",\"item\":\"https:\\\/\\\/hidalgo.nl\\\/en\\\/product-supplier\\\/a58\\\/\",\"nextItem\":{\"@type\":\"ListItem\",\"@id\":\"https:\\\/\\\/hidalgo.nl\\\/de\\\/product\\\/2513\\\/schluesseletui-imelda-nylon-600d-bedrucken-reissverschluss\\\/#listItem\",\"name\":\"Nylon (600D) sleuteletui Imelda\"},\"previousItem\":{\"@type\":\"ListItem\",\"@id\":\"https:\\\/\\\/hidalgo.nl\\\/example\\\/#listItem\",\"name\":\"example\"}},{\"@type\":\"ListItem\",\"@id\":\"https:\\\/\\\/hidalgo.nl\\\/de\\\/product\\\/2513\\\/schluesseletui-imelda-nylon-600d-bedrucken-reissverschluss\\\/#listItem\",\"position\":4,\"name\":\"Nylon (600D) sleuteletui Imelda\",\"previousItem\":{\"@type\":\"ListItem\",\"@id\":\"https:\\\/\\\/hidalgo.nl\\\/en\\\/product-supplier\\\/a58\\\/#listItem\",\"name\":\"A58\"}}]},{\"@type\":\"Organization\",\"@id\":\"https:\\\/\\\/hidalgo.nl\\\/de\\\/#organization\",\"name\":\"Hidalgo\",\"url\":\"https:\\\/\\\/hidalgo.nl\\\/de\\\/\",\"logo\":{\"@type\":\"ImageObject\",\"url\":\"https:\\\/\\\/shop.hidalgo.nl\\\/wp-content\\\/uploads\\\/2025\\\/11\\\/cropped-Hidalgo-est1993.png\",\"@id\":\"https:\\\/\\\/hidalgo.nl\\\/de\\\/product\\\/2513\\\/schluesseletui-imelda-nylon-600d-bedrucken-reissverschluss\\\/#organizationLogo\",\"width\":585,\"height\":195},\"image\":{\"@id\":\"https:\\\/\\\/hidalgo.nl\\\/de\\\/product\\\/2513\\\/schluesseletui-imelda-nylon-600d-bedrucken-reissverschluss\\\/#organizationLogo\"}},{\"@type\":\"ProductGroup\",\"@id\":\"https:\\\/\\\/hidalgo.nl\\\/de\\\/product\\\/2513\\\/schluesseletui-imelda-nylon-600d-bedrucken-reissverschluss\\\/#wooCommerceProduct\",\"name\":\"Schl\\u00fcsseletui Imelda Nylon 600D bedrucken Rei\\u00dfverschluss\",\"url\":\"https:\\\/\\\/hidalgo.nl\\\/de\\\/product\\\/2513\\\/schluesseletui-imelda-nylon-600d-bedrucken-reissverschluss\\\/\",\"brand\":{\"@type\":\"Brand\",\"name\":\"IMPRESSION\"},\"sku\":\"A58-2758\",\"image\":{\"@type\":\"ImageObject\",\"url\":\"https:\\\/\\\/shop.hidalgo.nl\\\/wp-content\\\/uploads\\\/2025\\\/04\\\/f897be4c763a7751cd2d6c9b4e85c7fa4b4d9b7f44e4092a96d7716f3a7e0e59.jpg\",\"@id\":\"https:\\\/\\\/hidalgo.nl\\\/de\\\/product\\\/2513\\\/schluesseletui-imelda-nylon-600d-bedrucken-reissverschluss\\\/#productImage\"},\"productGroupID\":2513,\"hasVariant\":[{\"@type\":\"Product\",\"@id\":\"https:\\\/\\\/hidalgo.nl\\\/de\\\/product\\\/2513\\\/schluesseletui-imelda-nylon-600d-bedrucken-reissverschluss\\\/#wooCommerceProduct\",\"name\":\"Nylon (600D) sleuteletui Imelda - zwart,\",\"url\":\"https:\\\/\\\/hidalgo.nl\\\/de\\\/product\\\/2513\\\/schluesseletui-imelda-nylon-600d-bedrucken-reissverschluss\\\/\",\"sku\":\"A58-2758-001999999\",\"gtin\":\"8719446002128\",\"image\":{\"@type\":\"ImageObject\",\"url\":\"https:\\\/\\\/shop.hidalgo.nl\\\/wp-content\\\/uploads\\\/2025\\\/04\\\/f897be4c763a7751cd2d6c9b4e85c7fa4b4d9b7f44e4092a96d7716f3a7e0e59.jpg\",\"@id\":\"https:\\\/\\\/hidalgo.nl\\\/de\\\/product\\\/2513\\\/schluesseletui-imelda-nylon-600d-bedrucken-reissverschluss\\\/#productImage\"},\"offers\":{\"@type\":\"Offer\",\"url\":\"https:\\\/\\\/hidalgo.nl\\\/de\\\/product\\\/2513\\\/schluesseletui-imelda-nylon-600d-bedrucken-reissverschluss\\\/#wooCommerceOffer\",\"price\":\"0.96\",\"priceCurrency\":\"EUR\",\"category\":\"Promotionele Artikelen\",\"availability\":\"https:\\\/\\\/schema.org\\\/InStock\",\"priceSpecification\":{\"@type\":\"PriceSpecification\",\"price\":0.96,\"priceCurrency\":\"EUR\",\"valueAddedTaxIncluded\":\"true\"}}},{\"@type\":\"Product\",\"@id\":\"https:\\\/\\\/hidalgo.nl\\\/de\\\/product\\\/2513\\\/schluesseletui-imelda-nylon-600d-bedrucken-reissverschluss\\\/#wooCommerceProduct\",\"name\":\"Nylon (600D) sleuteletui Imelda - blauw,\",\"url\":\"https:\\\/\\\/hidalgo.nl\\\/de\\\/product\\\/2513\\\/schluesseletui-imelda-nylon-600d-bedrucken-reissverschluss\\\/\",\"sku\":\"A58-2758-005999999\",\"gtin\":\"8719446002135\",\"image\":{\"@type\":\"ImageObject\",\"url\":\"https:\\\/\\\/shop.hidalgo.nl\\\/wp-content\\\/uploads\\\/2025\\\/04\\\/286716696ed0411d2862f61c3e8bfaa8f8403b1023c1bff66e472873580ce92c.jpg\",\"@id\":\"https:\\\/\\\/hidalgo.nl\\\/de\\\/product\\\/2513\\\/schluesseletui-imelda-nylon-600d-bedrucken-reissverschluss\\\/#productImage\"},\"offers\":{\"@type\":\"Offer\",\"url\":\"https:\\\/\\\/hidalgo.nl\\\/de\\\/product\\\/2513\\\/schluesseletui-imelda-nylon-600d-bedrucken-reissverschluss\\\/#wooCommerceOffer\",\"price\":\"0.96\",\"priceCurrency\":\"EUR\",\"category\":\"Promotionele Artikelen\",\"availability\":\"https:\\\/\\\/schema.org\\\/InStock\",\"priceSpecification\":{\"@type\":\"PriceSpecification\",\"price\":0.96,\"priceCurrency\":\"EUR\",\"valueAddedTaxIncluded\":\"true\"}}}]},{\"@type\":\"WebPage\",\"@id\":\"https:\\\/\\\/hidalgo.nl\\\/de\\\/product\\\/2513\\\/schluesseletui-imelda-nylon-600d-bedrucken-reissverschluss\\\/#webpage\",\"url\":\"https:\\\/\\\/hidalgo.nl\\\/de\\\/product\\\/2513\\\/schluesseletui-imelda-nylon-600d-bedrucken-reissverschluss\\\/\",\"name\":\"Schl\\u00fcsseletui Imelda Nylon 600D bedrucken Rei\\u00dfverschluss\",\"description\":\"Mit dem robusten Imelda im modernen Gummilook sch\\u00fctzt du deine Schl\\u00fcssel zuverl\\u00e4ssig vor Kratzern und Abnutzung. Bei Hidalgo kannst du dieses funktionale Schl\\u00fcsselm\\u00e4ppchen personalisieren lassen, um deine Marke auf Messen oder im Alltag deiner Kunden wirksam zu pr\\u00e4sentieren.\",\"inLanguage\":\"de-DE\",\"isPartOf\":{\"@id\":\"https:\\\/\\\/hidalgo.nl\\\/de\\\/#website\"},\"breadcrumb\":{\"@id\":\"https:\\\/\\\/hidalgo.nl\\\/de\\\/product\\\/2513\\\/schluesseletui-imelda-nylon-600d-bedrucken-reissverschluss\\\/#breadcrumblist\"},\"image\":{\"@type\":\"ImageObject\",\"url\":\"https:\\\/\\\/shop.hidalgo.nl\\\/wp-content\\\/uploads\\\/2025\\\/04\\\/f897be4c763a7751cd2d6c9b4e85c7fa4b4d9b7f44e4092a96d7716f3a7e0e59.jpg\",\"@id\":\"https:\\\/\\\/hidalgo.nl\\\/de\\\/product\\\/2513\\\/schluesseletui-imelda-nylon-600d-bedrucken-reissverschluss\\\/#mainImage\"},\"primaryImageOfPage\":{\"@id\":\"https:\\\/\\\/hidalgo.nl\\\/de\\\/product\\\/2513\\\/schluesseletui-imelda-nylon-600d-bedrucken-reissverschluss\\\/#mainImage\"},\"datePublished\":\"2025-05-16T13:13:48+00:00\",\"dateModified\":\"2026-03-16T18:39:09+00:00\"},{\"@type\":\"WebSite\",\"@id\":\"https:\\\/\\\/hidalgo.nl\\\/de\\\/#website\",\"url\":\"https:\\\/\\\/hidalgo.nl\\\/de\\\/\",\"name\":\"Hidalgo\",\"inLanguage\":\"de-DE\",\"publisher\":{\"@id\":\"https:\\\/\\\/hidalgo.nl\\\/de\\\/#organization\"}}]}\n\t\t<\/script>\n\t\t<!-- All in One SEO Pro -->\r\n\t\t<title>Schl\u00fcsseletui Imelda Nylon 600D bedrucken Rei\u00dfverschluss<\/title>\n\n","aioseo_head_json":{"title":"Schl\u00fcsseletui Imelda Nylon 600D bedrucken Rei\u00dfverschluss","description":"Mit dem robusten Imelda im modernen Gummilook sch\u00fctzt du deine Schl\u00fcssel zuverl\u00e4ssig vor Kratzern und Abnutzung. Bei Hidalgo kannst du dieses funktionale Schl\u00fcsselm\u00e4ppchen personalisieren lassen, um deine Marke auf Messen oder im Alltag deiner Kunden wirksam zu pr\u00e4sentieren.","canonical_url":"https:\/\/hidalgo.nl\/de\/wp-json\/wp\/v2\/product\/2513","robots":"max-image-preview:large","keywords":"","webmasterTools":{"miscellaneous":""},"schema":{"@context":"https:\/\/schema.org","@graph":[{"@type":"BreadcrumbList","@id":"https:\/\/hidalgo.nl\/de\/product\/2513\/schluesseletui-imelda-nylon-600d-bedrucken-reissverschluss\/#breadcrumblist","itemListElement":[{"@type":"ListItem","@id":"https:\/\/hidalgo.nl\/de\/#listItem","position":1,"name":"Home","item":"https:\/\/hidalgo.nl\/de\/","nextItem":{"@type":"ListItem","@id":"https:\/\/hidalgo.nl\/example\/#listItem","name":"example"}},{"@type":"ListItem","@id":"https:\/\/hidalgo.nl\/example\/#listItem","position":2,"name":"example","item":"https:\/\/hidalgo.nl\/example\/","nextItem":{"@type":"ListItem","@id":"https:\/\/hidalgo.nl\/en\/product-supplier\/a58\/#listItem","name":"A58"},"previousItem":{"@type":"ListItem","@id":"https:\/\/hidalgo.nl\/de\/#listItem","name":"Home"}},{"@type":"ListItem","@id":"https:\/\/hidalgo.nl\/en\/product-supplier\/a58\/#listItem","position":3,"name":"A58","item":"https:\/\/hidalgo.nl\/en\/product-supplier\/a58\/","nextItem":{"@type":"ListItem","@id":"https:\/\/hidalgo.nl\/de\/product\/2513\/schluesseletui-imelda-nylon-600d-bedrucken-reissverschluss\/#listItem","name":"Nylon (600D) sleuteletui Imelda"},"previousItem":{"@type":"ListItem","@id":"https:\/\/hidalgo.nl\/example\/#listItem","name":"example"}},{"@type":"ListItem","@id":"https:\/\/hidalgo.nl\/de\/product\/2513\/schluesseletui-imelda-nylon-600d-bedrucken-reissverschluss\/#listItem","position":4,"name":"Nylon (600D) sleuteletui Imelda","previousItem":{"@type":"ListItem","@id":"https:\/\/hidalgo.nl\/en\/product-supplier\/a58\/#listItem","name":"A58"}}]},{"@type":"Organization","@id":"https:\/\/hidalgo.nl\/de\/#organization","name":"Hidalgo","url":"https:\/\/hidalgo.nl\/de\/","logo":{"@type":"ImageObject","url":"https:\/\/shop.hidalgo.nl\/wp-content\/uploads\/2025\/11\/cropped-Hidalgo-est1993.png","@id":"https:\/\/hidalgo.nl\/de\/product\/2513\/schluesseletui-imelda-nylon-600d-bedrucken-reissverschluss\/#organizationLogo","width":585,"height":195},"image":{"@id":"https:\/\/hidalgo.nl\/de\/product\/2513\/schluesseletui-imelda-nylon-600d-bedrucken-reissverschluss\/#organizationLogo"}},{"@type":"ProductGroup","@id":"https:\/\/hidalgo.nl\/de\/product\/2513\/schluesseletui-imelda-nylon-600d-bedrucken-reissverschluss\/#wooCommerceProduct","name":"Schl\u00fcsseletui Imelda Nylon 600D bedrucken Rei\u00dfverschluss","url":"https:\/\/hidalgo.nl\/de\/product\/2513\/schluesseletui-imelda-nylon-600d-bedrucken-reissverschluss\/","brand":{"@type":"Brand","name":"IMPRESSION"},"sku":"A58-2758","image":{"@type":"ImageObject","url":"https:\/\/shop.hidalgo.nl\/wp-content\/uploads\/2025\/04\/f897be4c763a7751cd2d6c9b4e85c7fa4b4d9b7f44e4092a96d7716f3a7e0e59.jpg","@id":"https:\/\/hidalgo.nl\/de\/product\/2513\/schluesseletui-imelda-nylon-600d-bedrucken-reissverschluss\/#productImage"},"productGroupID":2513,"hasVariant":[{"@type":"Product","@id":"https:\/\/hidalgo.nl\/de\/product\/2513\/schluesseletui-imelda-nylon-600d-bedrucken-reissverschluss\/#wooCommerceProduct","name":"Nylon (600D) sleuteletui Imelda - zwart,","url":"https:\/\/hidalgo.nl\/de\/product\/2513\/schluesseletui-imelda-nylon-600d-bedrucken-reissverschluss\/","sku":"A58-2758-001999999","gtin":"8719446002128","image":{"@type":"ImageObject","url":"https:\/\/shop.hidalgo.nl\/wp-content\/uploads\/2025\/04\/f897be4c763a7751cd2d6c9b4e85c7fa4b4d9b7f44e4092a96d7716f3a7e0e59.jpg","@id":"https:\/\/hidalgo.nl\/de\/product\/2513\/schluesseletui-imelda-nylon-600d-bedrucken-reissverschluss\/#productImage"},"offers":{"@type":"Offer","url":"https:\/\/hidalgo.nl\/de\/product\/2513\/schluesseletui-imelda-nylon-600d-bedrucken-reissverschluss\/#wooCommerceOffer","price":"0.96","priceCurrency":"EUR","category":"Promotionele Artikelen","availability":"https:\/\/schema.org\/InStock","priceSpecification":{"@type":"PriceSpecification","price":0.96,"priceCurrency":"EUR","valueAddedTaxIncluded":"true"}}},{"@type":"Product","@id":"https:\/\/hidalgo.nl\/de\/product\/2513\/schluesseletui-imelda-nylon-600d-bedrucken-reissverschluss\/#wooCommerceProduct","name":"Nylon (600D) sleuteletui Imelda - blauw,","url":"https:\/\/hidalgo.nl\/de\/product\/2513\/schluesseletui-imelda-nylon-600d-bedrucken-reissverschluss\/","sku":"A58-2758-005999999","gtin":"8719446002135","image":{"@type":"ImageObject","url":"https:\/\/shop.hidalgo.nl\/wp-content\/uploads\/2025\/04\/286716696ed0411d2862f61c3e8bfaa8f8403b1023c1bff66e472873580ce92c.jpg","@id":"https:\/\/hidalgo.nl\/de\/product\/2513\/schluesseletui-imelda-nylon-600d-bedrucken-reissverschluss\/#productImage"},"offers":{"@type":"Offer","url":"https:\/\/hidalgo.nl\/de\/product\/2513\/schluesseletui-imelda-nylon-600d-bedrucken-reissverschluss\/#wooCommerceOffer","price":"0.96","priceCurrency":"EUR","category":"Promotionele Artikelen","availability":"https:\/\/schema.org\/InStock","priceSpecification":{"@type":"PriceSpecification","price":0.96,"priceCurrency":"EUR","valueAddedTaxIncluded":"true"}}}]},{"@type":"WebPage","@id":"https:\/\/hidalgo.nl\/de\/product\/2513\/schluesseletui-imelda-nylon-600d-bedrucken-reissverschluss\/#webpage","url":"https:\/\/hidalgo.nl\/de\/product\/2513\/schluesseletui-imelda-nylon-600d-bedrucken-reissverschluss\/","name":"Schl\u00fcsseletui Imelda Nylon 600D bedrucken Rei\u00dfverschluss","description":"Mit dem robusten Imelda im modernen Gummilook sch\u00fctzt du deine Schl\u00fcssel zuverl\u00e4ssig vor Kratzern und Abnutzung. Bei Hidalgo kannst du dieses funktionale Schl\u00fcsselm\u00e4ppchen personalisieren lassen, um deine Marke auf Messen oder im Alltag deiner Kunden wirksam zu pr\u00e4sentieren.","inLanguage":"de-DE","isPartOf":{"@id":"https:\/\/hidalgo.nl\/de\/#website"},"breadcrumb":{"@id":"https:\/\/hidalgo.nl\/de\/product\/2513\/schluesseletui-imelda-nylon-600d-bedrucken-reissverschluss\/#breadcrumblist"},"image":{"@type":"ImageObject","url":"https:\/\/shop.hidalgo.nl\/wp-content\/uploads\/2025\/04\/f897be4c763a7751cd2d6c9b4e85c7fa4b4d9b7f44e4092a96d7716f3a7e0e59.jpg","@id":"https:\/\/hidalgo.nl\/de\/product\/2513\/schluesseletui-imelda-nylon-600d-bedrucken-reissverschluss\/#mainImage"},"primaryImageOfPage":{"@id":"https:\/\/hidalgo.nl\/de\/product\/2513\/schluesseletui-imelda-nylon-600d-bedrucken-reissverschluss\/#mainImage"},"datePublished":"2025-05-16T13:13:48+00:00","dateModified":"2026-03-16T18:39:09+00:00"},{"@type":"WebSite","@id":"https:\/\/hidalgo.nl\/de\/#website","url":"https:\/\/hidalgo.nl\/de\/","name":"Hidalgo","inLanguage":"de-DE","publisher":{"@id":"https:\/\/hidalgo.nl\/de\/#organization"}}]},"og:locale":"de_DE","og:site_name":"Hidalgo -","og:type":"article","og:title":"Schl\u00fcsseletui Imelda Nylon 600D bedrucken Rei\u00dfverschluss","og:description":"Mit dem robusten Imelda im modernen Gummilook sch\u00fctzt du deine Schl\u00fcssel zuverl\u00e4ssig vor Kratzern und Abnutzung. Bei Hidalgo kannst du dieses funktionale Schl\u00fcsselm\u00e4ppchen personalisieren lassen, um deine Marke auf Messen oder im Alltag deiner Kunden wirksam zu pr\u00e4sentieren.","og:url":"https:\/\/hidalgo.nl\/de\/wp-json\/wp\/v2\/product\/2513","og:image":"https:\/\/shop.hidalgo.nl\/wp-content\/uploads\/2025\/11\/cropped-Hidalgo-est1993.png","og:image:secure_url":"https:\/\/shop.hidalgo.nl\/wp-content\/uploads\/2025\/11\/cropped-Hidalgo-est1993.png","article:published_time":"2025-05-16T13:13:48+00:00","article:modified_time":"2026-03-16T18:39:09+00:00","twitter:card":"summary_large_image","twitter:title":"Schl\u00fcsseletui Imelda Nylon 600D bedrucken Rei\u00dfverschluss","twitter:description":"Mit dem robusten Imelda im modernen Gummilook sch\u00fctzt du deine Schl\u00fcssel zuverl\u00e4ssig vor Kratzern und Abnutzung. Bei Hidalgo kannst du dieses funktionale Schl\u00fcsselm\u00e4ppchen personalisieren lassen, um deine Marke auf Messen oder im Alltag deiner Kunden wirksam zu pr\u00e4sentieren.","twitter:image":"https:\/\/shop.hidalgo.nl\/wp-content\/uploads\/2025\/11\/cropped-Hidalgo-est1993.png"},"aioseo_meta_data":{"post_id":"2513","title":null,"description":null,"keywords":null,"keyphrases":null,"primary_term":null,"canonical_url":null,"og_title":null,"og_description":null,"og_object_type":"default","og_image_type":"default","og_image_url":null,"og_image_width":null,"og_image_height":null,"og_image_custom_url":null,"og_image_custom_fields":null,"og_video":null,"og_custom_url":null,"og_article_section":null,"og_article_tags":null,"twitter_use_og":false,"twitter_card":"default","twitter_image_type":"default","twitter_image_url":null,"twitter_image_custom_url":null,"twitter_image_custom_fields":null,"twitter_title":null,"twitter_description":null,"schema":{"blockGraphs":[],"customGraphs":[],"default":{"data":{"Article":[],"Course":[],"Dataset":[],"FAQPage":[],"Movie":[],"Person":[],"Product":[],"ProductReview":[],"Car":[],"Recipe":[],"Service":[],"SoftwareApplication":[],"WebPage":[]},"graphName":"","isEnabled":true},"graphs":[]},"schema_type":"default","schema_type_options":null,"pillar_content":false,"robots_default":true,"robots_noindex":false,"robots_noarchive":false,"robots_nosnippet":false,"robots_nofollow":false,"robots_noimageindex":false,"robots_noodp":false,"robots_notranslate":false,"robots_max_snippet":null,"robots_max_videopreview":null,"robots_max_imagepreview":"large","priority":null,"frequency":null,"local_seo":null,"seo_analyzer_scan_date":"2026-02-16 09:45:09","breadcrumb_settings":null,"limit_modified_date":false,"reviewed_by":null,"open_ai":null,"ai":null,"created":"2026-01-14 06:17:37","updated":"2026-04-23 04:04:55"},"aioseo_breadcrumb":"<div class=\"aioseo-breadcrumbs\"><span class=\"aioseo-breadcrumb\">\n\t<a href=\"https:\/\/hidalgo.nl\/de\/\" title=\"Home\">Home<\/a>\n<\/span><span class=\"aioseo-breadcrumb-separator\">\u00bb<\/span><span class=\"aioseo-breadcrumb\">\n\t<a href=\"https:\/\/hidalgo.nl\/example\/\" title=\"example\">example<\/a>\n<\/span><span class=\"aioseo-breadcrumb-separator\">\u00bb<\/span><span class=\"aioseo-breadcrumb\">\n\t<a href=\"https:\/\/hidalgo.nl\/en\/product-supplier\/a58\/\" title=\"A58\">A58<\/a>\n<\/span><span class=\"aioseo-breadcrumb-separator\">\u00bb<\/span><span class=\"aioseo-breadcrumb\">\n\tNylon (600D) sleuteletui Imelda\n<\/span><\/div>","aioseo_breadcrumb_json":[{"label":"Home","link":"https:\/\/hidalgo.nl\/de\/"},{"label":"example","link":"https:\/\/hidalgo.nl\/example\/"},{"label":"A58","link":"https:\/\/hidalgo.nl\/en\/product-supplier\/a58\/"},{"label":"Nylon (600D) sleuteletui Imelda","link":"https:\/\/hidalgo.nl\/de\/product\/2513\/schluesseletui-imelda-nylon-600d-bedrucken-reissverschluss\/"}],"_links":{"self":[{"href":"https:\/\/hidalgo.nl\/de\/wp-json\/wp\/v2\/product\/2513","targetHints":{"allow":["GET"]}}],"collection":[{"href":"https:\/\/hidalgo.nl\/de\/wp-json\/wp\/v2\/product"}],"about":[{"href":"https:\/\/hidalgo.nl\/de\/wp-json\/wp\/v2\/types\/product"}],"wp:featuredmedia":[{"embeddable":true,"href":"https:\/\/hidalgo.nl\/de\/wp-json\/wp\/v2\/media\/2514"}],"wp:attachment":[{"href":"https:\/\/hidalgo.nl\/de\/wp-json\/wp\/v2\/media?parent=2513"}],"wp:term":[{"taxonomy":"product_brand","embeddable":true,"href":"https:\/\/hidalgo.nl\/de\/wp-json\/wp\/v2\/product_brand?post=2513"},{"taxonomy":"product_cat","embeddable":true,"href":"https:\/\/hidalgo.nl\/de\/wp-json\/wp\/v2\/product_cat?post=2513"},{"taxonomy":"product_tag","embeddable":true,"href":"https:\/\/hidalgo.nl\/de\/wp-json\/wp\/v2\/product_tag?post=2513"}],"curies":[{"name":"wp","href":"https:\/\/api.w.org\/{rel}","templated":true}]}}