{"id":2467,"date":"2025-05-16T13:13:40","date_gmt":"2025-05-16T13:13:40","guid":{"rendered":"https:\/\/bidonsenshakers.pim.hidalgo.nl\/product\/leren-portemonnee-yvonne\/"},"modified":"2026-03-16T18:37:17","modified_gmt":"2026-03-16T18:37:17","slug":"leren-portemonnee-yvonne","status":"publish","type":"product","link":"https:\/\/hidalgo.nl\/de\/product\/2467\/ledergeldboerse-yvonne-bedruckbar-rfid-schutz-ziegenleder-uni\/","title":{"rendered":"Leren portemonnee Yvonne"},"content":{"rendered":"<p>Leren (geitenleer) RFID (anti-skimming) portemonnee met muntvakje met drukknoopsluiting en diverse andere vakjes voor contant geld of pasjes.<\/p>\n","protected":false},"excerpt":{"rendered":"<p>Leren (geitenleer) RFID (anti-skimming) portemonnee met muntvakje met drukknoopsluiting en diverse andere vakjes voor contant geld of pasjes.<\/p>\n","protected":false},"featured_media":600377,"template":"","meta":{"_acf_changed":false,"om_disable_all_campaigns":false,"_monsterinsights_skip_tracking":false,"_monsterinsights_sitenote_active":false,"_monsterinsights_sitenote_note":"","_monsterinsights_sitenote_category":0},"product_brand":[49],"product_cat":[4719,4853,4774],"product_tag":[],"class_list":{"0":"post-2467","1":"product","2":"type-product","3":"status-publish","4":"has-post-thumbnail","6":"product_supplier-a58","7":"product_material-leder","8":"product_brand-impression","9":"product_cat-promotionele-artikelen","10":"product_cat-reis-accessoires","11":"product_cat-promotionele-artikelen-vrije-tijd","12":"entry","14":"first","15":"instock","16":"taxable","17":"shipping-taxable","18":"purchasable","19":"product-type-variable"},"acf":{"imprint_cost":[{"imprint_cost_key":"9a36395f5ac385f1ff919bf677f75747e377cb4d","product_quantity_price_range":[{"imprint_cost_recommended_selling_price":"5.91","imprint_cost_recommended_selling_quantity":"1"},{"imprint_cost_recommended_selling_price":"2.97","imprint_cost_recommended_selling_quantity":"25"},{"imprint_cost_recommended_selling_price":"1.49","imprint_cost_recommended_selling_quantity":"50"},{"imprint_cost_recommended_selling_price":"0.69","imprint_cost_recommended_selling_quantity":"100"},{"imprint_cost_recommended_selling_price":"0.55","imprint_cost_recommended_selling_quantity":"250"},{"imprint_cost_recommended_selling_price":"0.43","imprint_cost_recommended_selling_quantity":"500"},{"imprint_cost_recommended_selling_price":"0.4","imprint_cost_recommended_selling_quantity":"1000"},{"imprint_cost_recommended_selling_price":"0.35","imprint_cost_recommended_selling_quantity":"2500"},{"imprint_cost_recommended_selling_price":"0.34","imprint_cost_recommended_selling_quantity":"5000"},{"imprint_cost_recommended_selling_price":"0.32","imprint_cost_recommended_selling_quantity":"10000"}],"product_quantity_price_range_buying":false,"imprint_cost_setup_costs":"52.31","imprint_cost_handling_costs":"0.08"},{"imprint_cost_key":"3465f3b9e35251c04f4db4b45a58dff47f00929e","product_quantity_price_range":[{"imprint_cost_recommended_selling_price":"4.23","imprint_cost_recommended_selling_quantity":"1"},{"imprint_cost_recommended_selling_price":"2.83","imprint_cost_recommended_selling_quantity":"25"},{"imprint_cost_recommended_selling_price":"1.94","imprint_cost_recommended_selling_quantity":"50"},{"imprint_cost_recommended_selling_price":"1.34","imprint_cost_recommended_selling_quantity":"100"},{"imprint_cost_recommended_selling_price":"0.89","imprint_cost_recommended_selling_quantity":"250"},{"imprint_cost_recommended_selling_price":"0.65","imprint_cost_recommended_selling_quantity":"500"},{"imprint_cost_recommended_selling_price":"0.57","imprint_cost_recommended_selling_quantity":"1000"},{"imprint_cost_recommended_selling_price":"0.48","imprint_cost_recommended_selling_quantity":"2500"},{"imprint_cost_recommended_selling_price":"0.4","imprint_cost_recommended_selling_quantity":"5000"},{"imprint_cost_recommended_selling_price":"0.35","imprint_cost_recommended_selling_quantity":"10000"}],"product_quantity_price_range_buying":false,"imprint_cost_setup_costs":"71.54","imprint_cost_handling_costs":"0.08"},{"imprint_cost_key":"3cfb04882132ecb2ae276de18ec6bc47a9d343fd","product_quantity_price_range":[{"imprint_cost_recommended_selling_price":"5.91","imprint_cost_recommended_selling_quantity":"1"},{"imprint_cost_recommended_selling_price":"2.97","imprint_cost_recommended_selling_quantity":"25"},{"imprint_cost_recommended_selling_price":"1.49","imprint_cost_recommended_selling_quantity":"50"},{"imprint_cost_recommended_selling_price":"0.69","imprint_cost_recommended_selling_quantity":"100"},{"imprint_cost_recommended_selling_price":"0.55","imprint_cost_recommended_selling_quantity":"250"},{"imprint_cost_recommended_selling_price":"0.43","imprint_cost_recommended_selling_quantity":"500"},{"imprint_cost_recommended_selling_price":"0.4","imprint_cost_recommended_selling_quantity":"1000"},{"imprint_cost_recommended_selling_price":"0.35","imprint_cost_recommended_selling_quantity":"2500"},{"imprint_cost_recommended_selling_price":"0.34","imprint_cost_recommended_selling_quantity":"5000"},{"imprint_cost_recommended_selling_price":"0.32","imprint_cost_recommended_selling_quantity":"10000"}],"product_quantity_price_range_buying":false,"imprint_cost_setup_costs":"52.31","imprint_cost_handling_costs":"0.08"}]},"aioseo_notices":[],"aioseo_head":"\n\t\t<!-- All in One SEO Pro 4.9.6.2 - aioseo.com -->\n\t<meta name=\"description\" content=\"Sichere dir mit dem Modell Yvonne eine langlebige Damen Geldb\u00f6rse Leder, die deine Karten durch ein Portemonnaie mit RFID Schutz zuverl\u00e4ssig vor Datendiebstahl bewahrt. Das geschmeidige Ziegenleder bietet dir ein praktisches M\u00fcnzfach und l\u00e4sst sich bei Hidalgo individuell mit deinem Logo bedrucken lassen.\" \/>\n\t<meta name=\"robots\" content=\"max-image-preview:large\" \/>\n\t<link rel=\"canonical\" href=\"https:\/\/hidalgo.nl\/de\/wp-json\/wp\/v2\/product\/2467\" \/>\n\t<meta name=\"generator\" content=\"All in One SEO Pro (AIOSEO) 4.9.6.2\" \/>\n\t\t<meta property=\"og:locale\" content=\"de_DE\" \/>\n\t\t<meta property=\"og:site_name\" content=\"Hidalgo -\" \/>\n\t\t<meta property=\"og:type\" content=\"article\" \/>\n\t\t<meta property=\"og:title\" content=\"Ledergeldb\u00f6rse Yvonne bedruckbar RFID-Schutz Ziegenleder Uni\" \/>\n\t\t<meta property=\"og:description\" content=\"Sichere dir mit dem Modell Yvonne eine langlebige Damen Geldb\u00f6rse Leder, die deine Karten durch ein Portemonnaie mit RFID Schutz zuverl\u00e4ssig vor Datendiebstahl bewahrt. Das geschmeidige Ziegenleder bietet dir ein praktisches M\u00fcnzfach und l\u00e4sst sich bei Hidalgo individuell mit deinem Logo bedrucken lassen.\" \/>\n\t\t<meta property=\"og:url\" content=\"https:\/\/hidalgo.nl\/de\/wp-json\/wp\/v2\/product\/2467\" \/>\n\t\t<meta property=\"og:image\" content=\"https:\/\/shop.hidalgo.nl\/wp-content\/uploads\/2025\/11\/cropped-Hidalgo-est1993.png\" \/>\n\t\t<meta property=\"og:image:secure_url\" content=\"https:\/\/shop.hidalgo.nl\/wp-content\/uploads\/2025\/11\/cropped-Hidalgo-est1993.png\" \/>\n\t\t<meta property=\"article:published_time\" content=\"2025-05-16T13:13:40+00:00\" \/>\n\t\t<meta property=\"article:modified_time\" content=\"2026-03-16T18:37:17+00:00\" \/>\n\t\t<meta name=\"twitter:card\" content=\"summary_large_image\" \/>\n\t\t<meta name=\"twitter:title\" content=\"Ledergeldb\u00f6rse Yvonne bedruckbar RFID-Schutz Ziegenleder Uni\" \/>\n\t\t<meta name=\"twitter:description\" content=\"Sichere dir mit dem Modell Yvonne eine langlebige Damen Geldb\u00f6rse Leder, die deine Karten durch ein Portemonnaie mit RFID Schutz zuverl\u00e4ssig vor Datendiebstahl bewahrt. Das geschmeidige Ziegenleder bietet dir ein praktisches M\u00fcnzfach und l\u00e4sst sich bei Hidalgo individuell mit deinem Logo bedrucken lassen.\" \/>\n\t\t<meta name=\"twitter:image\" content=\"https:\/\/shop.hidalgo.nl\/wp-content\/uploads\/2025\/11\/cropped-Hidalgo-est1993.png\" \/>\n\t\t<script type=\"application\/ld+json\" class=\"aioseo-schema\">\n\t\t\t{\"@context\":\"https:\\\/\\\/schema.org\",\"@graph\":[{\"@type\":\"BreadcrumbList\",\"@id\":\"https:\\\/\\\/hidalgo.nl\\\/de\\\/product\\\/2467\\\/ledergeldboerse-yvonne-bedruckbar-rfid-schutz-ziegenleder-uni\\\/#breadcrumblist\",\"itemListElement\":[{\"@type\":\"ListItem\",\"@id\":\"https:\\\/\\\/hidalgo.nl\\\/de\\\/#listItem\",\"position\":1,\"name\":\"Home\",\"item\":\"https:\\\/\\\/hidalgo.nl\\\/de\\\/\",\"nextItem\":{\"@type\":\"ListItem\",\"@id\":\"https:\\\/\\\/hidalgo.nl\\\/example\\\/#listItem\",\"name\":\"example\"}},{\"@type\":\"ListItem\",\"@id\":\"https:\\\/\\\/hidalgo.nl\\\/example\\\/#listItem\",\"position\":2,\"name\":\"example\",\"item\":\"https:\\\/\\\/hidalgo.nl\\\/example\\\/\",\"nextItem\":{\"@type\":\"ListItem\",\"@id\":\"https:\\\/\\\/hidalgo.nl\\\/en\\\/product-supplier\\\/a58\\\/#listItem\",\"name\":\"A58\"},\"previousItem\":{\"@type\":\"ListItem\",\"@id\":\"https:\\\/\\\/hidalgo.nl\\\/de\\\/#listItem\",\"name\":\"Home\"}},{\"@type\":\"ListItem\",\"@id\":\"https:\\\/\\\/hidalgo.nl\\\/en\\\/product-supplier\\\/a58\\\/#listItem\",\"position\":3,\"name\":\"A58\",\"item\":\"https:\\\/\\\/hidalgo.nl\\\/en\\\/product-supplier\\\/a58\\\/\",\"nextItem\":{\"@type\":\"ListItem\",\"@id\":\"https:\\\/\\\/hidalgo.nl\\\/de\\\/product\\\/2467\\\/ledergeldboerse-yvonne-bedruckbar-rfid-schutz-ziegenleder-uni\\\/#listItem\",\"name\":\"Leren portemonnee Yvonne\"},\"previousItem\":{\"@type\":\"ListItem\",\"@id\":\"https:\\\/\\\/hidalgo.nl\\\/example\\\/#listItem\",\"name\":\"example\"}},{\"@type\":\"ListItem\",\"@id\":\"https:\\\/\\\/hidalgo.nl\\\/de\\\/product\\\/2467\\\/ledergeldboerse-yvonne-bedruckbar-rfid-schutz-ziegenleder-uni\\\/#listItem\",\"position\":4,\"name\":\"Leren portemonnee Yvonne\",\"previousItem\":{\"@type\":\"ListItem\",\"@id\":\"https:\\\/\\\/hidalgo.nl\\\/en\\\/product-supplier\\\/a58\\\/#listItem\",\"name\":\"A58\"}}]},{\"@type\":\"Organization\",\"@id\":\"https:\\\/\\\/hidalgo.nl\\\/de\\\/#organization\",\"name\":\"Hidalgo\",\"url\":\"https:\\\/\\\/hidalgo.nl\\\/de\\\/\",\"logo\":{\"@type\":\"ImageObject\",\"url\":\"https:\\\/\\\/shop.hidalgo.nl\\\/wp-content\\\/uploads\\\/2025\\\/11\\\/cropped-Hidalgo-est1993.png\",\"@id\":\"https:\\\/\\\/hidalgo.nl\\\/de\\\/product\\\/2467\\\/ledergeldboerse-yvonne-bedruckbar-rfid-schutz-ziegenleder-uni\\\/#organizationLogo\",\"width\":585,\"height\":195},\"image\":{\"@id\":\"https:\\\/\\\/hidalgo.nl\\\/de\\\/product\\\/2467\\\/ledergeldboerse-yvonne-bedruckbar-rfid-schutz-ziegenleder-uni\\\/#organizationLogo\"}},{\"@type\":\"ProductGroup\",\"@id\":\"https:\\\/\\\/hidalgo.nl\\\/de\\\/product\\\/2467\\\/ledergeldboerse-yvonne-bedruckbar-rfid-schutz-ziegenleder-uni\\\/#wooCommerceProduct\",\"name\":\"Ledergeldb\\u00f6rse Yvonne bedruckbar RFID-Schutz Ziegenleder Uni\",\"url\":\"https:\\\/\\\/hidalgo.nl\\\/de\\\/product\\\/2467\\\/ledergeldboerse-yvonne-bedruckbar-rfid-schutz-ziegenleder-uni\\\/\",\"brand\":{\"@type\":\"Brand\",\"name\":\"IMPRESSION\"},\"sku\":\"A58-8064\",\"image\":{\"@type\":\"ImageObject\",\"url\":\"https:\\\/\\\/shop.hidalgo.nl\\\/wp-content\\\/uploads\\\/2025\\\/04\\\/2fcf4af2f7d3095392a9f6501c72e09b96c8f181d4c5f504ce9c63203fc4d677.jpg\",\"@id\":\"https:\\\/\\\/hidalgo.nl\\\/de\\\/product\\\/2467\\\/ledergeldboerse-yvonne-bedruckbar-rfid-schutz-ziegenleder-uni\\\/#productImage\"},\"productGroupID\":2467,\"hasVariant\":[{\"@type\":\"Product\",\"@id\":\"https:\\\/\\\/hidalgo.nl\\\/de\\\/product\\\/2467\\\/ledergeldboerse-yvonne-bedruckbar-rfid-schutz-ziegenleder-uni\\\/#wooCommerceProduct\",\"name\":\"Leren portemonnee Yvonne - zwart,\",\"url\":\"https:\\\/\\\/hidalgo.nl\\\/de\\\/product\\\/2467\\\/ledergeldboerse-yvonne-bedruckbar-rfid-schutz-ziegenleder-uni\\\/\",\"sku\":\"A58-8064-001999999\",\"image\":{\"@type\":\"ImageObject\",\"url\":\"https:\\\/\\\/shop.hidalgo.nl\\\/wp-content\\\/uploads\\\/2025\\\/04\\\/2fcf4af2f7d3095392a9f6501c72e09b96c8f181d4c5f504ce9c63203fc4d677.jpg\",\"@id\":\"https:\\\/\\\/hidalgo.nl\\\/de\\\/product\\\/2467\\\/ledergeldboerse-yvonne-bedruckbar-rfid-schutz-ziegenleder-uni\\\/#productImage\"},\"offers\":{\"@type\":\"Offer\",\"url\":\"https:\\\/\\\/hidalgo.nl\\\/de\\\/product\\\/2467\\\/ledergeldboerse-yvonne-bedruckbar-rfid-schutz-ziegenleder-uni\\\/#wooCommerceOffer\",\"price\":\"16.02\",\"priceCurrency\":\"EUR\",\"category\":\"Promotionele Artikelen\",\"availability\":\"https:\\\/\\\/schema.org\\\/InStock\",\"priceSpecification\":{\"@type\":\"PriceSpecification\",\"price\":16.02,\"priceCurrency\":\"EUR\",\"valueAddedTaxIncluded\":\"true\"}}}]},{\"@type\":\"WebPage\",\"@id\":\"https:\\\/\\\/hidalgo.nl\\\/de\\\/product\\\/2467\\\/ledergeldboerse-yvonne-bedruckbar-rfid-schutz-ziegenleder-uni\\\/#webpage\",\"url\":\"https:\\\/\\\/hidalgo.nl\\\/de\\\/product\\\/2467\\\/ledergeldboerse-yvonne-bedruckbar-rfid-schutz-ziegenleder-uni\\\/\",\"name\":\"Ledergeldb\\u00f6rse Yvonne bedruckbar RFID-Schutz Ziegenleder Uni\",\"description\":\"Sichere dir mit dem Modell Yvonne eine langlebige Damen Geldb\\u00f6rse Leder, die deine Karten durch ein Portemonnaie mit RFID Schutz zuverl\\u00e4ssig vor Datendiebstahl bewahrt. Das geschmeidige Ziegenleder bietet dir ein praktisches M\\u00fcnzfach und l\\u00e4sst sich bei Hidalgo individuell mit deinem Logo bedrucken lassen.\",\"inLanguage\":\"de-DE\",\"isPartOf\":{\"@id\":\"https:\\\/\\\/hidalgo.nl\\\/de\\\/#website\"},\"breadcrumb\":{\"@id\":\"https:\\\/\\\/hidalgo.nl\\\/de\\\/product\\\/2467\\\/ledergeldboerse-yvonne-bedruckbar-rfid-schutz-ziegenleder-uni\\\/#breadcrumblist\"},\"image\":{\"@type\":\"ImageObject\",\"url\":\"https:\\\/\\\/shop.hidalgo.nl\\\/wp-content\\\/uploads\\\/2025\\\/04\\\/2fcf4af2f7d3095392a9f6501c72e09b96c8f181d4c5f504ce9c63203fc4d677.jpg\",\"@id\":\"https:\\\/\\\/hidalgo.nl\\\/de\\\/product\\\/2467\\\/ledergeldboerse-yvonne-bedruckbar-rfid-schutz-ziegenleder-uni\\\/#mainImage\"},\"primaryImageOfPage\":{\"@id\":\"https:\\\/\\\/hidalgo.nl\\\/de\\\/product\\\/2467\\\/ledergeldboerse-yvonne-bedruckbar-rfid-schutz-ziegenleder-uni\\\/#mainImage\"},\"datePublished\":\"2025-05-16T13:13:40+00:00\",\"dateModified\":\"2026-03-16T18:37:17+00:00\"},{\"@type\":\"WebSite\",\"@id\":\"https:\\\/\\\/hidalgo.nl\\\/de\\\/#website\",\"url\":\"https:\\\/\\\/hidalgo.nl\\\/de\\\/\",\"name\":\"Hidalgo\",\"inLanguage\":\"de-DE\",\"publisher\":{\"@id\":\"https:\\\/\\\/hidalgo.nl\\\/de\\\/#organization\"}}]}\n\t\t<\/script>\n\t\t<!-- All in One SEO Pro -->\r\n\t\t<title>Ledergeldb\u00f6rse Yvonne bedruckbar RFID-Schutz Ziegenleder Uni<\/title>\n\n","aioseo_head_json":{"title":"Ledergeldb\u00f6rse Yvonne bedruckbar RFID-Schutz Ziegenleder Uni","description":"Sichere dir mit dem Modell Yvonne eine langlebige Damen Geldb\u00f6rse Leder, die deine Karten durch ein Portemonnaie mit RFID Schutz zuverl\u00e4ssig vor Datendiebstahl bewahrt. Das geschmeidige Ziegenleder bietet dir ein praktisches M\u00fcnzfach und l\u00e4sst sich bei Hidalgo individuell mit deinem Logo bedrucken lassen.","canonical_url":"https:\/\/hidalgo.nl\/de\/wp-json\/wp\/v2\/product\/2467","robots":"max-image-preview:large","keywords":"","webmasterTools":{"miscellaneous":""},"schema":{"@context":"https:\/\/schema.org","@graph":[{"@type":"BreadcrumbList","@id":"https:\/\/hidalgo.nl\/de\/product\/2467\/ledergeldboerse-yvonne-bedruckbar-rfid-schutz-ziegenleder-uni\/#breadcrumblist","itemListElement":[{"@type":"ListItem","@id":"https:\/\/hidalgo.nl\/de\/#listItem","position":1,"name":"Home","item":"https:\/\/hidalgo.nl\/de\/","nextItem":{"@type":"ListItem","@id":"https:\/\/hidalgo.nl\/example\/#listItem","name":"example"}},{"@type":"ListItem","@id":"https:\/\/hidalgo.nl\/example\/#listItem","position":2,"name":"example","item":"https:\/\/hidalgo.nl\/example\/","nextItem":{"@type":"ListItem","@id":"https:\/\/hidalgo.nl\/en\/product-supplier\/a58\/#listItem","name":"A58"},"previousItem":{"@type":"ListItem","@id":"https:\/\/hidalgo.nl\/de\/#listItem","name":"Home"}},{"@type":"ListItem","@id":"https:\/\/hidalgo.nl\/en\/product-supplier\/a58\/#listItem","position":3,"name":"A58","item":"https:\/\/hidalgo.nl\/en\/product-supplier\/a58\/","nextItem":{"@type":"ListItem","@id":"https:\/\/hidalgo.nl\/de\/product\/2467\/ledergeldboerse-yvonne-bedruckbar-rfid-schutz-ziegenleder-uni\/#listItem","name":"Leren portemonnee Yvonne"},"previousItem":{"@type":"ListItem","@id":"https:\/\/hidalgo.nl\/example\/#listItem","name":"example"}},{"@type":"ListItem","@id":"https:\/\/hidalgo.nl\/de\/product\/2467\/ledergeldboerse-yvonne-bedruckbar-rfid-schutz-ziegenleder-uni\/#listItem","position":4,"name":"Leren portemonnee Yvonne","previousItem":{"@type":"ListItem","@id":"https:\/\/hidalgo.nl\/en\/product-supplier\/a58\/#listItem","name":"A58"}}]},{"@type":"Organization","@id":"https:\/\/hidalgo.nl\/de\/#organization","name":"Hidalgo","url":"https:\/\/hidalgo.nl\/de\/","logo":{"@type":"ImageObject","url":"https:\/\/shop.hidalgo.nl\/wp-content\/uploads\/2025\/11\/cropped-Hidalgo-est1993.png","@id":"https:\/\/hidalgo.nl\/de\/product\/2467\/ledergeldboerse-yvonne-bedruckbar-rfid-schutz-ziegenleder-uni\/#organizationLogo","width":585,"height":195},"image":{"@id":"https:\/\/hidalgo.nl\/de\/product\/2467\/ledergeldboerse-yvonne-bedruckbar-rfid-schutz-ziegenleder-uni\/#organizationLogo"}},{"@type":"ProductGroup","@id":"https:\/\/hidalgo.nl\/de\/product\/2467\/ledergeldboerse-yvonne-bedruckbar-rfid-schutz-ziegenleder-uni\/#wooCommerceProduct","name":"Ledergeldb\u00f6rse Yvonne bedruckbar RFID-Schutz Ziegenleder Uni","url":"https:\/\/hidalgo.nl\/de\/product\/2467\/ledergeldboerse-yvonne-bedruckbar-rfid-schutz-ziegenleder-uni\/","brand":{"@type":"Brand","name":"IMPRESSION"},"sku":"A58-8064","image":{"@type":"ImageObject","url":"https:\/\/shop.hidalgo.nl\/wp-content\/uploads\/2025\/04\/2fcf4af2f7d3095392a9f6501c72e09b96c8f181d4c5f504ce9c63203fc4d677.jpg","@id":"https:\/\/hidalgo.nl\/de\/product\/2467\/ledergeldboerse-yvonne-bedruckbar-rfid-schutz-ziegenleder-uni\/#productImage"},"productGroupID":2467,"hasVariant":[{"@type":"Product","@id":"https:\/\/hidalgo.nl\/de\/product\/2467\/ledergeldboerse-yvonne-bedruckbar-rfid-schutz-ziegenleder-uni\/#wooCommerceProduct","name":"Leren portemonnee Yvonne - zwart,","url":"https:\/\/hidalgo.nl\/de\/product\/2467\/ledergeldboerse-yvonne-bedruckbar-rfid-schutz-ziegenleder-uni\/","sku":"A58-8064-001999999","image":{"@type":"ImageObject","url":"https:\/\/shop.hidalgo.nl\/wp-content\/uploads\/2025\/04\/2fcf4af2f7d3095392a9f6501c72e09b96c8f181d4c5f504ce9c63203fc4d677.jpg","@id":"https:\/\/hidalgo.nl\/de\/product\/2467\/ledergeldboerse-yvonne-bedruckbar-rfid-schutz-ziegenleder-uni\/#productImage"},"offers":{"@type":"Offer","url":"https:\/\/hidalgo.nl\/de\/product\/2467\/ledergeldboerse-yvonne-bedruckbar-rfid-schutz-ziegenleder-uni\/#wooCommerceOffer","price":"16.02","priceCurrency":"EUR","category":"Promotionele Artikelen","availability":"https:\/\/schema.org\/InStock","priceSpecification":{"@type":"PriceSpecification","price":16.02,"priceCurrency":"EUR","valueAddedTaxIncluded":"true"}}}]},{"@type":"WebPage","@id":"https:\/\/hidalgo.nl\/de\/product\/2467\/ledergeldboerse-yvonne-bedruckbar-rfid-schutz-ziegenleder-uni\/#webpage","url":"https:\/\/hidalgo.nl\/de\/product\/2467\/ledergeldboerse-yvonne-bedruckbar-rfid-schutz-ziegenleder-uni\/","name":"Ledergeldb\u00f6rse Yvonne bedruckbar RFID-Schutz Ziegenleder Uni","description":"Sichere dir mit dem Modell Yvonne eine langlebige Damen Geldb\u00f6rse Leder, die deine Karten durch ein Portemonnaie mit RFID Schutz zuverl\u00e4ssig vor Datendiebstahl bewahrt. Das geschmeidige Ziegenleder bietet dir ein praktisches M\u00fcnzfach und l\u00e4sst sich bei Hidalgo individuell mit deinem Logo bedrucken lassen.","inLanguage":"de-DE","isPartOf":{"@id":"https:\/\/hidalgo.nl\/de\/#website"},"breadcrumb":{"@id":"https:\/\/hidalgo.nl\/de\/product\/2467\/ledergeldboerse-yvonne-bedruckbar-rfid-schutz-ziegenleder-uni\/#breadcrumblist"},"image":{"@type":"ImageObject","url":"https:\/\/shop.hidalgo.nl\/wp-content\/uploads\/2025\/04\/2fcf4af2f7d3095392a9f6501c72e09b96c8f181d4c5f504ce9c63203fc4d677.jpg","@id":"https:\/\/hidalgo.nl\/de\/product\/2467\/ledergeldboerse-yvonne-bedruckbar-rfid-schutz-ziegenleder-uni\/#mainImage"},"primaryImageOfPage":{"@id":"https:\/\/hidalgo.nl\/de\/product\/2467\/ledergeldboerse-yvonne-bedruckbar-rfid-schutz-ziegenleder-uni\/#mainImage"},"datePublished":"2025-05-16T13:13:40+00:00","dateModified":"2026-03-16T18:37:17+00:00"},{"@type":"WebSite","@id":"https:\/\/hidalgo.nl\/de\/#website","url":"https:\/\/hidalgo.nl\/de\/","name":"Hidalgo","inLanguage":"de-DE","publisher":{"@id":"https:\/\/hidalgo.nl\/de\/#organization"}}]},"og:locale":"de_DE","og:site_name":"Hidalgo -","og:type":"article","og:title":"Ledergeldb\u00f6rse Yvonne bedruckbar RFID-Schutz Ziegenleder Uni","og:description":"Sichere dir mit dem Modell Yvonne eine langlebige Damen Geldb\u00f6rse Leder, die deine Karten durch ein Portemonnaie mit RFID Schutz zuverl\u00e4ssig vor Datendiebstahl bewahrt. Das geschmeidige Ziegenleder bietet dir ein praktisches M\u00fcnzfach und l\u00e4sst sich bei Hidalgo individuell mit deinem Logo bedrucken lassen.","og:url":"https:\/\/hidalgo.nl\/de\/wp-json\/wp\/v2\/product\/2467","og:image":"https:\/\/shop.hidalgo.nl\/wp-content\/uploads\/2025\/11\/cropped-Hidalgo-est1993.png","og:image:secure_url":"https:\/\/shop.hidalgo.nl\/wp-content\/uploads\/2025\/11\/cropped-Hidalgo-est1993.png","article:published_time":"2025-05-16T13:13:40+00:00","article:modified_time":"2026-03-16T18:37:17+00:00","twitter:card":"summary_large_image","twitter:title":"Ledergeldb\u00f6rse Yvonne bedruckbar RFID-Schutz Ziegenleder Uni","twitter:description":"Sichere dir mit dem Modell Yvonne eine langlebige Damen Geldb\u00f6rse Leder, die deine Karten durch ein Portemonnaie mit RFID Schutz zuverl\u00e4ssig vor Datendiebstahl bewahrt. Das geschmeidige Ziegenleder bietet dir ein praktisches M\u00fcnzfach und l\u00e4sst sich bei Hidalgo individuell mit deinem Logo bedrucken lassen.","twitter:image":"https:\/\/shop.hidalgo.nl\/wp-content\/uploads\/2025\/11\/cropped-Hidalgo-est1993.png"},"aioseo_meta_data":{"post_id":"2467","title":null,"description":null,"keywords":null,"keyphrases":null,"primary_term":null,"canonical_url":null,"og_title":null,"og_description":null,"og_object_type":"default","og_image_type":"default","og_image_url":null,"og_image_width":null,"og_image_height":null,"og_image_custom_url":null,"og_image_custom_fields":null,"og_video":null,"og_custom_url":null,"og_article_section":null,"og_article_tags":null,"twitter_use_og":false,"twitter_card":"default","twitter_image_type":"default","twitter_image_url":null,"twitter_image_custom_url":null,"twitter_image_custom_fields":null,"twitter_title":null,"twitter_description":null,"schema":{"blockGraphs":[],"customGraphs":[],"default":{"data":{"Article":[],"Course":[],"Dataset":[],"FAQPage":[],"Movie":[],"Person":[],"Product":[],"ProductReview":[],"Car":[],"Recipe":[],"Service":[],"SoftwareApplication":[],"WebPage":[]},"graphName":"","isEnabled":true},"graphs":[]},"schema_type":"default","schema_type_options":null,"pillar_content":false,"robots_default":true,"robots_noindex":false,"robots_noarchive":false,"robots_nosnippet":false,"robots_nofollow":false,"robots_noimageindex":false,"robots_noodp":false,"robots_notranslate":false,"robots_max_snippet":null,"robots_max_videopreview":null,"robots_max_imagepreview":"large","priority":null,"frequency":null,"local_seo":null,"seo_analyzer_scan_date":"2026-02-16 09:43:04","breadcrumb_settings":null,"limit_modified_date":false,"reviewed_by":null,"open_ai":null,"ai":null,"created":"2026-01-14 06:17:37","updated":"2026-04-23 04:02:50"},"aioseo_breadcrumb":"<div class=\"aioseo-breadcrumbs\"><span class=\"aioseo-breadcrumb\">\n\t<a href=\"https:\/\/hidalgo.nl\/de\/\" title=\"Home\">Home<\/a>\n<\/span><span class=\"aioseo-breadcrumb-separator\">\u00bb<\/span><span class=\"aioseo-breadcrumb\">\n\t<a href=\"https:\/\/hidalgo.nl\/example\/\" title=\"example\">example<\/a>\n<\/span><span class=\"aioseo-breadcrumb-separator\">\u00bb<\/span><span class=\"aioseo-breadcrumb\">\n\t<a href=\"https:\/\/hidalgo.nl\/en\/product-supplier\/a58\/\" title=\"A58\">A58<\/a>\n<\/span><span class=\"aioseo-breadcrumb-separator\">\u00bb<\/span><span class=\"aioseo-breadcrumb\">\n\tLeren portemonnee Yvonne\n<\/span><\/div>","aioseo_breadcrumb_json":[{"label":"Home","link":"https:\/\/hidalgo.nl\/de\/"},{"label":"example","link":"https:\/\/hidalgo.nl\/example\/"},{"label":"A58","link":"https:\/\/hidalgo.nl\/en\/product-supplier\/a58\/"},{"label":"Leren portemonnee Yvonne","link":"https:\/\/hidalgo.nl\/de\/product\/2467\/ledergeldboerse-yvonne-bedruckbar-rfid-schutz-ziegenleder-uni\/"}],"_links":{"self":[{"href":"https:\/\/hidalgo.nl\/de\/wp-json\/wp\/v2\/product\/2467","targetHints":{"allow":["GET"]}}],"collection":[{"href":"https:\/\/hidalgo.nl\/de\/wp-json\/wp\/v2\/product"}],"about":[{"href":"https:\/\/hidalgo.nl\/de\/wp-json\/wp\/v2\/types\/product"}],"wp:featuredmedia":[{"embeddable":true,"href":"https:\/\/hidalgo.nl\/de\/wp-json\/wp\/v2\/media\/600377"}],"wp:attachment":[{"href":"https:\/\/hidalgo.nl\/de\/wp-json\/wp\/v2\/media?parent=2467"}],"wp:term":[{"taxonomy":"product_brand","embeddable":true,"href":"https:\/\/hidalgo.nl\/de\/wp-json\/wp\/v2\/product_brand?post=2467"},{"taxonomy":"product_cat","embeddable":true,"href":"https:\/\/hidalgo.nl\/de\/wp-json\/wp\/v2\/product_cat?post=2467"},{"taxonomy":"product_tag","embeddable":true,"href":"https:\/\/hidalgo.nl\/de\/wp-json\/wp\/v2\/product_tag?post=2467"}],"curies":[{"name":"wp","href":"https:\/\/api.w.org\/{rel}","templated":true}]}}