{"id":24430,"date":"2025-07-03T14:21:49","date_gmt":"2025-07-03T14:21:49","guid":{"rendered":"http:\/\/bidonsenshakers.pim.hidalgo.nl\/product\/sublimatie-theedoek-met-relief-structuur-60x50-cm-360-gr-m%c2%b2\/"},"modified":"2026-02-17T11:49:07","modified_gmt":"2026-02-17T11:49:07","slug":"sublimatie-theedoek-met-relief-structuur-60x50-cm-360-gr-m%c2%b2","status":"publish","type":"product","link":"https:\/\/hidalgo.nl\/de\/product\/24430\/geschirrtuch-mit-logo-sublimationsdruck-premium-werbeartikel\/","title":{"rendered":"Sublimatie theedoek met reli\u00ebf structuur, 60&#215;50 cm, 360 gr\/m\u00b2"},"content":{"rendered":"<p>Ontdek de ultieme combinatie van luxe en functionaliteit met deze theedoek met reli\u00ebf structuur van 60&#215;50 cm. Hij gemaakt 88% polyester en 12% polyamide en heeft een grammage van 360 gr\/m\u00b2. De bovenkant kan bedrukt worden met een all over sublimatieprint. <\/p>\n","protected":false},"excerpt":{"rendered":"<p>Sublimatie theedoek met reli\u00ebf structuur, 60&#215;50 cm, 360 gr\/m\u00b2. 88% polyester, 12% polyacryl.<\/p>\n","protected":false},"featured_media":579099,"template":"","meta":{"_acf_changed":false,"om_disable_all_campaigns":false,"_monsterinsights_skip_tracking":false,"_monsterinsights_sitenote_active":false,"_monsterinsights_sitenote_note":"","_monsterinsights_sitenote_category":0},"product_brand":[],"product_cat":[4735,4876,4719,4728],"product_tag":[],"class_list":{"0":"post-24430","1":"product","2":"type-product","3":"status-publish","4":"has-post-thumbnail","6":"product_supplier-a86","7":"product_material-12-polyacryl","8":"product_material-88-polyester","9":"product_cat-keuken","10":"product_cat-keuken-textiel","11":"product_cat-promotionele-artikelen","12":"product_cat-promotionele-artikelen-thuis-keuken-en-tuin","13":"entry","15":"first","16":"instock","17":"taxable","18":"shipping-taxable","19":"purchasable","20":"product-type-variable"},"acf":{"imprint_cost":[{"imprint_cost_key":"bde849f54f7991a4b020f2e1da686acddfcb5b29","product_quantity_price_range":[{"imprint_cost_recommended_selling_price":"4.395","imprint_cost_recommended_selling_quantity":"25"},{"imprint_cost_recommended_selling_price":"3.195","imprint_cost_recommended_selling_quantity":"50"},{"imprint_cost_recommended_selling_price":"2.085","imprint_cost_recommended_selling_quantity":"100"},{"imprint_cost_recommended_selling_price":"2.04","imprint_cost_recommended_selling_quantity":"250"},{"imprint_cost_recommended_selling_price":"1.98","imprint_cost_recommended_selling_quantity":"500"},{"imprint_cost_recommended_selling_price":"1.89","imprint_cost_recommended_selling_quantity":"1000"},{"imprint_cost_recommended_selling_price":"1.83","imprint_cost_recommended_selling_quantity":"2500"}],"product_quantity_price_range_buying":[{"imprint_cost_general_buying_price":"2.93","imprint_cost_general_buying_quantity":"25"},{"imprint_cost_general_buying_price":"2.13","imprint_cost_general_buying_quantity":"50"},{"imprint_cost_general_buying_price":"1.39","imprint_cost_general_buying_quantity":"100"},{"imprint_cost_general_buying_price":"1.36","imprint_cost_general_buying_quantity":"250"},{"imprint_cost_general_buying_price":"1.32","imprint_cost_general_buying_quantity":"500"},{"imprint_cost_general_buying_price":"1.26","imprint_cost_general_buying_quantity":"1000"},{"imprint_cost_general_buying_price":"1.22","imprint_cost_general_buying_quantity":"2500"}],"imprint_cost_setup_costs":"41.25","imprint_cost_handling_costs":"0"}]},"aioseo_notices":[],"aioseo_head":"\n\t\t<!-- All in One SEO Pro 4.9.6.2 - aioseo.com -->\n\t<meta name=\"description\" content=\"Mit diesen hochsaugf\u00e4higen K\u00fcchenhandt\u00fcchern mit eigenem Logo setzt du auf Funktionalit\u00e4t &amp; maximale Sichtbarkeit. Dank des All-over Sublimationsdrucks verwandelst du das Trockentuch in ein effektives Werbemittel f\u00fcr deine Zielgruppe.\" \/>\n\t<meta name=\"robots\" content=\"max-image-preview:large\" \/>\n\t<link rel=\"canonical\" href=\"https:\/\/hidalgo.nl\/de\/wp-json\/wp\/v2\/product\/24430\" \/>\n\t<meta name=\"generator\" content=\"All in One SEO Pro (AIOSEO) 4.9.6.2\" \/>\n\t\t<meta property=\"og:locale\" content=\"de_DE\" \/>\n\t\t<meta property=\"og:site_name\" content=\"Hidalgo -\" \/>\n\t\t<meta property=\"og:type\" content=\"article\" \/>\n\t\t<meta property=\"og:title\" content=\"Geschirrtuch mit logo sublimationsdruck - premium werbeartikel.\" \/>\n\t\t<meta property=\"og:description\" content=\"Mit diesen hochsaugf\u00e4higen K\u00fcchenhandt\u00fcchern mit eigenem Logo setzt du auf Funktionalit\u00e4t &amp; maximale Sichtbarkeit. Dank des All-over Sublimationsdrucks verwandelst du das Trockentuch in ein effektives Werbemittel f\u00fcr deine Zielgruppe.\" \/>\n\t\t<meta property=\"og:url\" content=\"https:\/\/hidalgo.nl\/de\/wp-json\/wp\/v2\/product\/24430\" \/>\n\t\t<meta property=\"og:image\" content=\"https:\/\/shop.hidalgo.nl\/wp-content\/uploads\/2025\/11\/cropped-Hidalgo-est1993.png\" \/>\n\t\t<meta property=\"og:image:secure_url\" content=\"https:\/\/shop.hidalgo.nl\/wp-content\/uploads\/2025\/11\/cropped-Hidalgo-est1993.png\" \/>\n\t\t<meta property=\"article:published_time\" content=\"2025-07-03T14:21:49+00:00\" \/>\n\t\t<meta property=\"article:modified_time\" content=\"2026-02-17T11:49:07+00:00\" \/>\n\t\t<meta name=\"twitter:card\" content=\"summary_large_image\" \/>\n\t\t<meta name=\"twitter:title\" content=\"Geschirrtuch mit logo sublimationsdruck - premium werbeartikel.\" \/>\n\t\t<meta name=\"twitter:description\" content=\"Mit diesen hochsaugf\u00e4higen K\u00fcchenhandt\u00fcchern mit eigenem Logo setzt du auf Funktionalit\u00e4t &amp; maximale Sichtbarkeit. Dank des All-over Sublimationsdrucks verwandelst du das Trockentuch in ein effektives Werbemittel f\u00fcr deine Zielgruppe.\" \/>\n\t\t<meta name=\"twitter:image\" content=\"https:\/\/shop.hidalgo.nl\/wp-content\/uploads\/2025\/11\/cropped-Hidalgo-est1993.png\" \/>\n\t\t<script type=\"application\/ld+json\" class=\"aioseo-schema\">\n\t\t\t{\"@context\":\"https:\\\/\\\/schema.org\",\"@graph\":[{\"@type\":\"BreadcrumbList\",\"@id\":\"https:\\\/\\\/hidalgo.nl\\\/de\\\/product\\\/24430\\\/geschirrtuch-mit-logo-sublimationsdruck-premium-werbeartikel\\\/#breadcrumblist\",\"itemListElement\":[{\"@type\":\"ListItem\",\"@id\":\"https:\\\/\\\/hidalgo.nl\\\/de\\\/#listItem\",\"position\":1,\"name\":\"Home\",\"item\":\"https:\\\/\\\/hidalgo.nl\\\/de\\\/\",\"nextItem\":{\"@type\":\"ListItem\",\"@id\":\"https:\\\/\\\/hidalgo.nl\\\/example\\\/#listItem\",\"name\":\"example\"}},{\"@type\":\"ListItem\",\"@id\":\"https:\\\/\\\/hidalgo.nl\\\/example\\\/#listItem\",\"position\":2,\"name\":\"example\",\"item\":\"https:\\\/\\\/hidalgo.nl\\\/example\\\/\",\"nextItem\":{\"@type\":\"ListItem\",\"@id\":\"https:\\\/\\\/hidalgo.nl\\\/en\\\/product-supplier\\\/a86\\\/#listItem\",\"name\":\"A86\"},\"previousItem\":{\"@type\":\"ListItem\",\"@id\":\"https:\\\/\\\/hidalgo.nl\\\/de\\\/#listItem\",\"name\":\"Home\"}},{\"@type\":\"ListItem\",\"@id\":\"https:\\\/\\\/hidalgo.nl\\\/en\\\/product-supplier\\\/a86\\\/#listItem\",\"position\":3,\"name\":\"A86\",\"item\":\"https:\\\/\\\/hidalgo.nl\\\/en\\\/product-supplier\\\/a86\\\/\",\"nextItem\":{\"@type\":\"ListItem\",\"@id\":\"https:\\\/\\\/hidalgo.nl\\\/de\\\/product\\\/24430\\\/geschirrtuch-mit-logo-sublimationsdruck-premium-werbeartikel\\\/#listItem\",\"name\":\"Sublimatie theedoek met reli\\u00ebf structuur, 60&#215;50 cm, 360 gr\\\/m\\u00b2\"},\"previousItem\":{\"@type\":\"ListItem\",\"@id\":\"https:\\\/\\\/hidalgo.nl\\\/example\\\/#listItem\",\"name\":\"example\"}},{\"@type\":\"ListItem\",\"@id\":\"https:\\\/\\\/hidalgo.nl\\\/de\\\/product\\\/24430\\\/geschirrtuch-mit-logo-sublimationsdruck-premium-werbeartikel\\\/#listItem\",\"position\":4,\"name\":\"Sublimatie theedoek met reli\\u00ebf structuur, 60&#215;50 cm, 360 gr\\\/m\\u00b2\",\"previousItem\":{\"@type\":\"ListItem\",\"@id\":\"https:\\\/\\\/hidalgo.nl\\\/en\\\/product-supplier\\\/a86\\\/#listItem\",\"name\":\"A86\"}}]},{\"@type\":\"Organization\",\"@id\":\"https:\\\/\\\/hidalgo.nl\\\/de\\\/#organization\",\"name\":\"Hidalgo\",\"url\":\"https:\\\/\\\/hidalgo.nl\\\/de\\\/\",\"logo\":{\"@type\":\"ImageObject\",\"url\":\"https:\\\/\\\/shop.hidalgo.nl\\\/wp-content\\\/uploads\\\/2025\\\/11\\\/cropped-Hidalgo-est1993.png\",\"@id\":\"https:\\\/\\\/hidalgo.nl\\\/de\\\/product\\\/24430\\\/geschirrtuch-mit-logo-sublimationsdruck-premium-werbeartikel\\\/#organizationLogo\",\"width\":585,\"height\":195},\"image\":{\"@id\":\"https:\\\/\\\/hidalgo.nl\\\/de\\\/product\\\/24430\\\/geschirrtuch-mit-logo-sublimationsdruck-premium-werbeartikel\\\/#organizationLogo\"}},{\"@type\":\"ProductGroup\",\"@id\":\"https:\\\/\\\/hidalgo.nl\\\/de\\\/product\\\/24430\\\/geschirrtuch-mit-logo-sublimationsdruck-premium-werbeartikel\\\/#wooCommerceProduct\",\"name\":\"Geschirrtuch mit logo sublimationsdruck - premium werbeartikel.\",\"description\":\"Sublimatie theedoek met reli\\u00ebf structuur, 60x50 cm, 360 gr\\\/m\\u00b2. 88% polyester, 12% polyacryl.\",\"url\":\"https:\\\/\\\/hidalgo.nl\\\/de\\\/product\\\/24430\\\/geschirrtuch-mit-logo-sublimationsdruck-premium-werbeartikel\\\/\",\"sku\":\"A86-9935\",\"image\":{\"@type\":\"ImageObject\",\"url\":\"https:\\\/\\\/shop.hidalgo.nl\\\/wp-content\\\/uploads\\\/2025\\\/03\\\/977acc44e5d12018aad4a5bba3fa1e6f169b37901637a2ee232d353df014d00e.jpg\",\"@id\":\"https:\\\/\\\/hidalgo.nl\\\/de\\\/product\\\/24430\\\/geschirrtuch-mit-logo-sublimationsdruck-premium-werbeartikel\\\/#productImage\"},\"productGroupID\":24430,\"hasVariant\":[{\"@type\":\"Product\",\"@id\":\"https:\\\/\\\/hidalgo.nl\\\/de\\\/product\\\/24430\\\/geschirrtuch-mit-logo-sublimationsdruck-premium-werbeartikel\\\/#wooCommerceProduct\",\"name\":\"Sublimatie theedoek met reli\\u00ebf structuur, 60x50 cm, 360 gr\\\/m\\u00b2 - wit\",\"description\":\"Sublimatie theedoek met reli\\u00ebf structuur, 60x50 cm, 360 gr\\\/m\\u00b2. 88% polyester, 12% polyacryl.\",\"url\":\"https:\\\/\\\/hidalgo.nl\\\/de\\\/product\\\/24430\\\/geschirrtuch-mit-logo-sublimationsdruck-premium-werbeartikel\\\/\",\"sku\":\"A86-9935-06-A06\",\"gtin\":\"8719495026412\",\"image\":{\"@type\":\"ImageObject\",\"url\":\"https:\\\/\\\/shop.hidalgo.nl\\\/wp-content\\\/uploads\\\/2025\\\/05\\\/977acc44e5d12018aad4a5bba3fa1e6f169b37901637a2ee232d353df014d00e.jpg\",\"@id\":\"https:\\\/\\\/hidalgo.nl\\\/de\\\/product\\\/24430\\\/geschirrtuch-mit-logo-sublimationsdruck-premium-werbeartikel\\\/#productImage\",\"width\":800,\"height\":800},\"offers\":{\"@type\":\"Offer\",\"url\":\"https:\\\/\\\/hidalgo.nl\\\/de\\\/product\\\/24430\\\/geschirrtuch-mit-logo-sublimationsdruck-premium-werbeartikel\\\/#wooCommerceOffer\",\"price\":\"3.9\",\"priceCurrency\":\"EUR\",\"category\":\"Promotionele Artikelen\",\"availability\":\"https:\\\/\\\/schema.org\\\/InStock\",\"priceSpecification\":{\"@type\":\"PriceSpecification\",\"price\":3.9,\"priceCurrency\":\"EUR\",\"valueAddedTaxIncluded\":\"true\"}}}]},{\"@type\":\"WebPage\",\"@id\":\"https:\\\/\\\/hidalgo.nl\\\/de\\\/product\\\/24430\\\/geschirrtuch-mit-logo-sublimationsdruck-premium-werbeartikel\\\/#webpage\",\"url\":\"https:\\\/\\\/hidalgo.nl\\\/de\\\/product\\\/24430\\\/geschirrtuch-mit-logo-sublimationsdruck-premium-werbeartikel\\\/\",\"name\":\"Geschirrtuch mit logo sublimationsdruck - premium werbeartikel.\",\"description\":\"Mit diesen hochsaugf\\u00e4higen K\\u00fcchenhandt\\u00fcchern mit eigenem Logo setzt du auf Funktionalit\\u00e4t & maximale Sichtbarkeit. Dank des All-over Sublimationsdrucks verwandelst du das Trockentuch in ein effektives Werbemittel f\\u00fcr deine Zielgruppe.\",\"inLanguage\":\"de-DE\",\"isPartOf\":{\"@id\":\"https:\\\/\\\/hidalgo.nl\\\/de\\\/#website\"},\"breadcrumb\":{\"@id\":\"https:\\\/\\\/hidalgo.nl\\\/de\\\/product\\\/24430\\\/geschirrtuch-mit-logo-sublimationsdruck-premium-werbeartikel\\\/#breadcrumblist\"},\"image\":{\"@type\":\"ImageObject\",\"url\":\"https:\\\/\\\/shop.hidalgo.nl\\\/wp-content\\\/uploads\\\/2025\\\/03\\\/977acc44e5d12018aad4a5bba3fa1e6f169b37901637a2ee232d353df014d00e.jpg\",\"@id\":\"https:\\\/\\\/hidalgo.nl\\\/de\\\/product\\\/24430\\\/geschirrtuch-mit-logo-sublimationsdruck-premium-werbeartikel\\\/#mainImage\"},\"primaryImageOfPage\":{\"@id\":\"https:\\\/\\\/hidalgo.nl\\\/de\\\/product\\\/24430\\\/geschirrtuch-mit-logo-sublimationsdruck-premium-werbeartikel\\\/#mainImage\"},\"datePublished\":\"2025-07-03T14:21:49+00:00\",\"dateModified\":\"2026-02-17T11:49:07+00:00\"},{\"@type\":\"WebSite\",\"@id\":\"https:\\\/\\\/hidalgo.nl\\\/de\\\/#website\",\"url\":\"https:\\\/\\\/hidalgo.nl\\\/de\\\/\",\"name\":\"Hidalgo\",\"inLanguage\":\"de-DE\",\"publisher\":{\"@id\":\"https:\\\/\\\/hidalgo.nl\\\/de\\\/#organization\"}}]}\n\t\t<\/script>\n\t\t<!-- All in One SEO Pro -->\r\n\t\t<title>Geschirrtuch mit logo sublimationsdruck - premium werbeartikel.<\/title>\n\n","aioseo_head_json":{"title":"Geschirrtuch mit logo sublimationsdruck - premium werbeartikel.","description":"Mit diesen hochsaugf\u00e4higen K\u00fcchenhandt\u00fcchern mit eigenem Logo setzt du auf Funktionalit\u00e4t & maximale Sichtbarkeit. Dank des All-over Sublimationsdrucks verwandelst du das Trockentuch in ein effektives Werbemittel f\u00fcr deine Zielgruppe.","canonical_url":"https:\/\/hidalgo.nl\/de\/wp-json\/wp\/v2\/product\/24430","robots":"max-image-preview:large","keywords":"","webmasterTools":{"miscellaneous":""},"schema":{"@context":"https:\/\/schema.org","@graph":[{"@type":"BreadcrumbList","@id":"https:\/\/hidalgo.nl\/de\/product\/24430\/geschirrtuch-mit-logo-sublimationsdruck-premium-werbeartikel\/#breadcrumblist","itemListElement":[{"@type":"ListItem","@id":"https:\/\/hidalgo.nl\/de\/#listItem","position":1,"name":"Home","item":"https:\/\/hidalgo.nl\/de\/","nextItem":{"@type":"ListItem","@id":"https:\/\/hidalgo.nl\/example\/#listItem","name":"example"}},{"@type":"ListItem","@id":"https:\/\/hidalgo.nl\/example\/#listItem","position":2,"name":"example","item":"https:\/\/hidalgo.nl\/example\/","nextItem":{"@type":"ListItem","@id":"https:\/\/hidalgo.nl\/en\/product-supplier\/a86\/#listItem","name":"A86"},"previousItem":{"@type":"ListItem","@id":"https:\/\/hidalgo.nl\/de\/#listItem","name":"Home"}},{"@type":"ListItem","@id":"https:\/\/hidalgo.nl\/en\/product-supplier\/a86\/#listItem","position":3,"name":"A86","item":"https:\/\/hidalgo.nl\/en\/product-supplier\/a86\/","nextItem":{"@type":"ListItem","@id":"https:\/\/hidalgo.nl\/de\/product\/24430\/geschirrtuch-mit-logo-sublimationsdruck-premium-werbeartikel\/#listItem","name":"Sublimatie theedoek met reli\u00ebf structuur, 60&#215;50 cm, 360 gr\/m\u00b2"},"previousItem":{"@type":"ListItem","@id":"https:\/\/hidalgo.nl\/example\/#listItem","name":"example"}},{"@type":"ListItem","@id":"https:\/\/hidalgo.nl\/de\/product\/24430\/geschirrtuch-mit-logo-sublimationsdruck-premium-werbeartikel\/#listItem","position":4,"name":"Sublimatie theedoek met reli\u00ebf structuur, 60&#215;50 cm, 360 gr\/m\u00b2","previousItem":{"@type":"ListItem","@id":"https:\/\/hidalgo.nl\/en\/product-supplier\/a86\/#listItem","name":"A86"}}]},{"@type":"Organization","@id":"https:\/\/hidalgo.nl\/de\/#organization","name":"Hidalgo","url":"https:\/\/hidalgo.nl\/de\/","logo":{"@type":"ImageObject","url":"https:\/\/shop.hidalgo.nl\/wp-content\/uploads\/2025\/11\/cropped-Hidalgo-est1993.png","@id":"https:\/\/hidalgo.nl\/de\/product\/24430\/geschirrtuch-mit-logo-sublimationsdruck-premium-werbeartikel\/#organizationLogo","width":585,"height":195},"image":{"@id":"https:\/\/hidalgo.nl\/de\/product\/24430\/geschirrtuch-mit-logo-sublimationsdruck-premium-werbeartikel\/#organizationLogo"}},{"@type":"ProductGroup","@id":"https:\/\/hidalgo.nl\/de\/product\/24430\/geschirrtuch-mit-logo-sublimationsdruck-premium-werbeartikel\/#wooCommerceProduct","name":"Geschirrtuch mit logo sublimationsdruck - premium werbeartikel.","description":"Sublimatie theedoek met reli\u00ebf structuur, 60x50 cm, 360 gr\/m\u00b2. 88% polyester, 12% polyacryl.","url":"https:\/\/hidalgo.nl\/de\/product\/24430\/geschirrtuch-mit-logo-sublimationsdruck-premium-werbeartikel\/","sku":"A86-9935","image":{"@type":"ImageObject","url":"https:\/\/shop.hidalgo.nl\/wp-content\/uploads\/2025\/03\/977acc44e5d12018aad4a5bba3fa1e6f169b37901637a2ee232d353df014d00e.jpg","@id":"https:\/\/hidalgo.nl\/de\/product\/24430\/geschirrtuch-mit-logo-sublimationsdruck-premium-werbeartikel\/#productImage"},"productGroupID":24430,"hasVariant":[{"@type":"Product","@id":"https:\/\/hidalgo.nl\/de\/product\/24430\/geschirrtuch-mit-logo-sublimationsdruck-premium-werbeartikel\/#wooCommerceProduct","name":"Sublimatie theedoek met reli\u00ebf structuur, 60x50 cm, 360 gr\/m\u00b2 - wit","description":"Sublimatie theedoek met reli\u00ebf structuur, 60x50 cm, 360 gr\/m\u00b2. 88% polyester, 12% polyacryl.","url":"https:\/\/hidalgo.nl\/de\/product\/24430\/geschirrtuch-mit-logo-sublimationsdruck-premium-werbeartikel\/","sku":"A86-9935-06-A06","gtin":"8719495026412","image":{"@type":"ImageObject","url":"https:\/\/shop.hidalgo.nl\/wp-content\/uploads\/2025\/05\/977acc44e5d12018aad4a5bba3fa1e6f169b37901637a2ee232d353df014d00e.jpg","@id":"https:\/\/hidalgo.nl\/de\/product\/24430\/geschirrtuch-mit-logo-sublimationsdruck-premium-werbeartikel\/#productImage","width":800,"height":800},"offers":{"@type":"Offer","url":"https:\/\/hidalgo.nl\/de\/product\/24430\/geschirrtuch-mit-logo-sublimationsdruck-premium-werbeartikel\/#wooCommerceOffer","price":"3.9","priceCurrency":"EUR","category":"Promotionele Artikelen","availability":"https:\/\/schema.org\/InStock","priceSpecification":{"@type":"PriceSpecification","price":3.9,"priceCurrency":"EUR","valueAddedTaxIncluded":"true"}}}]},{"@type":"WebPage","@id":"https:\/\/hidalgo.nl\/de\/product\/24430\/geschirrtuch-mit-logo-sublimationsdruck-premium-werbeartikel\/#webpage","url":"https:\/\/hidalgo.nl\/de\/product\/24430\/geschirrtuch-mit-logo-sublimationsdruck-premium-werbeartikel\/","name":"Geschirrtuch mit logo sublimationsdruck - premium werbeartikel.","description":"Mit diesen hochsaugf\u00e4higen K\u00fcchenhandt\u00fcchern mit eigenem Logo setzt du auf Funktionalit\u00e4t & maximale Sichtbarkeit. Dank des All-over Sublimationsdrucks verwandelst du das Trockentuch in ein effektives Werbemittel f\u00fcr deine Zielgruppe.","inLanguage":"de-DE","isPartOf":{"@id":"https:\/\/hidalgo.nl\/de\/#website"},"breadcrumb":{"@id":"https:\/\/hidalgo.nl\/de\/product\/24430\/geschirrtuch-mit-logo-sublimationsdruck-premium-werbeartikel\/#breadcrumblist"},"image":{"@type":"ImageObject","url":"https:\/\/shop.hidalgo.nl\/wp-content\/uploads\/2025\/03\/977acc44e5d12018aad4a5bba3fa1e6f169b37901637a2ee232d353df014d00e.jpg","@id":"https:\/\/hidalgo.nl\/de\/product\/24430\/geschirrtuch-mit-logo-sublimationsdruck-premium-werbeartikel\/#mainImage"},"primaryImageOfPage":{"@id":"https:\/\/hidalgo.nl\/de\/product\/24430\/geschirrtuch-mit-logo-sublimationsdruck-premium-werbeartikel\/#mainImage"},"datePublished":"2025-07-03T14:21:49+00:00","dateModified":"2026-02-17T11:49:07+00:00"},{"@type":"WebSite","@id":"https:\/\/hidalgo.nl\/de\/#website","url":"https:\/\/hidalgo.nl\/de\/","name":"Hidalgo","inLanguage":"de-DE","publisher":{"@id":"https:\/\/hidalgo.nl\/de\/#organization"}}]},"og:locale":"de_DE","og:site_name":"Hidalgo -","og:type":"article","og:title":"Geschirrtuch mit logo sublimationsdruck - premium werbeartikel.","og:description":"Mit diesen hochsaugf\u00e4higen K\u00fcchenhandt\u00fcchern mit eigenem Logo setzt du auf Funktionalit\u00e4t &amp; maximale Sichtbarkeit. Dank des All-over Sublimationsdrucks verwandelst du das Trockentuch in ein effektives Werbemittel f\u00fcr deine Zielgruppe.","og:url":"https:\/\/hidalgo.nl\/de\/wp-json\/wp\/v2\/product\/24430","og:image":"https:\/\/shop.hidalgo.nl\/wp-content\/uploads\/2025\/11\/cropped-Hidalgo-est1993.png","og:image:secure_url":"https:\/\/shop.hidalgo.nl\/wp-content\/uploads\/2025\/11\/cropped-Hidalgo-est1993.png","article:published_time":"2025-07-03T14:21:49+00:00","article:modified_time":"2026-02-17T11:49:07+00:00","twitter:card":"summary_large_image","twitter:title":"Geschirrtuch mit logo sublimationsdruck - premium werbeartikel.","twitter:description":"Mit diesen hochsaugf\u00e4higen K\u00fcchenhandt\u00fcchern mit eigenem Logo setzt du auf Funktionalit\u00e4t &amp; maximale Sichtbarkeit. Dank des All-over Sublimationsdrucks verwandelst du das Trockentuch in ein effektives Werbemittel f\u00fcr deine Zielgruppe.","twitter:image":"https:\/\/shop.hidalgo.nl\/wp-content\/uploads\/2025\/11\/cropped-Hidalgo-est1993.png"},"aioseo_meta_data":{"post_id":"24430","title":null,"description":null,"keywords":null,"keyphrases":null,"primary_term":null,"canonical_url":null,"og_title":null,"og_description":null,"og_object_type":"default","og_image_type":"default","og_image_url":null,"og_image_width":null,"og_image_height":null,"og_image_custom_url":null,"og_image_custom_fields":null,"og_video":null,"og_custom_url":null,"og_article_section":null,"og_article_tags":null,"twitter_use_og":false,"twitter_card":"default","twitter_image_type":"default","twitter_image_url":null,"twitter_image_custom_url":null,"twitter_image_custom_fields":null,"twitter_title":null,"twitter_description":null,"schema":{"blockGraphs":[],"customGraphs":[],"default":{"data":{"Article":[],"Course":[],"Dataset":[],"FAQPage":[],"Movie":[],"Person":[],"Product":[],"ProductReview":[],"Car":[],"Recipe":[],"Service":[],"SoftwareApplication":[],"WebPage":[]},"graphName":"","isEnabled":true},"graphs":[]},"schema_type":"default","schema_type_options":null,"pillar_content":false,"robots_default":true,"robots_noindex":false,"robots_noarchive":false,"robots_nosnippet":false,"robots_nofollow":false,"robots_noimageindex":false,"robots_noodp":false,"robots_notranslate":false,"robots_max_snippet":null,"robots_max_videopreview":null,"robots_max_imagepreview":"large","priority":null,"frequency":null,"local_seo":null,"seo_analyzer_scan_date":"2026-01-31 19:33:45","breadcrumb_settings":null,"limit_modified_date":false,"reviewed_by":null,"open_ai":null,"ai":null,"created":"2026-01-14 06:17:38","updated":"2026-04-23 05:53:48"},"aioseo_breadcrumb":"<div class=\"aioseo-breadcrumbs\"><span class=\"aioseo-breadcrumb\">\n\t<a href=\"https:\/\/hidalgo.nl\/de\/\" title=\"Home\">Home<\/a>\n<\/span><span class=\"aioseo-breadcrumb-separator\">\u00bb<\/span><span class=\"aioseo-breadcrumb\">\n\t<a href=\"https:\/\/hidalgo.nl\/example\/\" title=\"example\">example<\/a>\n<\/span><span class=\"aioseo-breadcrumb-separator\">\u00bb<\/span><span class=\"aioseo-breadcrumb\">\n\t<a href=\"https:\/\/hidalgo.nl\/en\/product-supplier\/a86\/\" title=\"A86\">A86<\/a>\n<\/span><span class=\"aioseo-breadcrumb-separator\">\u00bb<\/span><span class=\"aioseo-breadcrumb\">\n\tSublimatie theedoek met reli\u00ebf structuur, 60\u00d750 cm, 360 gr\/m\u00b2\n<\/span><\/div>","aioseo_breadcrumb_json":[{"label":"Home","link":"https:\/\/hidalgo.nl\/de\/"},{"label":"example","link":"https:\/\/hidalgo.nl\/example\/"},{"label":"A86","link":"https:\/\/hidalgo.nl\/en\/product-supplier\/a86\/"},{"label":"Sublimatie theedoek met reli\u00ebf structuur, 60&#215;50 cm, 360 gr\/m\u00b2","link":"https:\/\/hidalgo.nl\/de\/product\/24430\/geschirrtuch-mit-logo-sublimationsdruck-premium-werbeartikel\/"}],"_links":{"self":[{"href":"https:\/\/hidalgo.nl\/de\/wp-json\/wp\/v2\/product\/24430","targetHints":{"allow":["GET"]}}],"collection":[{"href":"https:\/\/hidalgo.nl\/de\/wp-json\/wp\/v2\/product"}],"about":[{"href":"https:\/\/hidalgo.nl\/de\/wp-json\/wp\/v2\/types\/product"}],"wp:featuredmedia":[{"embeddable":true,"href":"https:\/\/hidalgo.nl\/de\/wp-json\/wp\/v2\/media\/579099"}],"wp:attachment":[{"href":"https:\/\/hidalgo.nl\/de\/wp-json\/wp\/v2\/media?parent=24430"}],"wp:term":[{"taxonomy":"product_brand","embeddable":true,"href":"https:\/\/hidalgo.nl\/de\/wp-json\/wp\/v2\/product_brand?post=24430"},{"taxonomy":"product_cat","embeddable":true,"href":"https:\/\/hidalgo.nl\/de\/wp-json\/wp\/v2\/product_cat?post=24430"},{"taxonomy":"product_tag","embeddable":true,"href":"https:\/\/hidalgo.nl\/de\/wp-json\/wp\/v2\/product_tag?post=24430"}],"curies":[{"name":"wp","href":"https:\/\/api.w.org\/{rel}","templated":true}]}}