{"id":24286,"date":"2025-07-03T14:18:56","date_gmt":"2025-07-03T14:18:56","guid":{"rendered":"http:\/\/bidonsenshakers.pim.hidalgo.nl\/product\/sophie-muval-sublimatie-strandhanddoek-180x100-cm-350-gr-m%c2%b2\/"},"modified":"2026-02-17T11:49:08","modified_gmt":"2026-02-17T11:49:08","slug":"sophie-muval-sublimatie-strandhanddoek-180x100-cm-350-gr-m%c2%b2","status":"publish","type":"product","link":"https:\/\/hidalgo.nl\/de\/product\/24286\/strandtuch-mit-logo-bedrucken-xxl-180x100-cm-sublimationsdruck\/","title":{"rendered":"Sophie Muval sublimatie strandhanddoek 180&#215;100 cm, 350 gr\/m\u00b2"},"content":{"rendered":"<p>Deze extra zachte doubleface strandhanddoek van 180&#215;100 cm is een echte must-have! De strandhanddoek is gemaakt van 50% katoen en 50% polyester en heeft een grammage van 350 gr\/m\u00b2. De bovenkant kan bedrukt worden met een all over sublimatieprint. <\/p>\n","protected":false},"excerpt":{"rendered":"<p>Sophie Muval sublimatie strandhanddoek 180&#215;100 cm, 350 gr\/m\u00b2. 50% katoen, 50% polyester. <\/p>\n","protected":false},"featured_media":579319,"template":"","meta":{"_acf_changed":false,"om_disable_all_campaigns":false,"_monsterinsights_skip_tracking":false,"_monsterinsights_sitenote_active":false,"_monsterinsights_sitenote_note":"","_monsterinsights_sitenote_category":0},"product_brand":[],"product_cat":[4752,4780],"product_tag":[],"class_list":{"0":"post-24286","1":"product","2":"type-product","3":"status-publish","4":"has-post-thumbnail","6":"product_supplier-a86","7":"product_material-50-katoen","8":"product_material-50-polyester","9":"product_cat-handdoeken","10":"product_cat-handdoeken-strandhanddoeken","11":"entry","13":"first","14":"instock","15":"taxable","16":"shipping-taxable","17":"purchasable","18":"product-type-variable"},"acf":{"imprint_cost":[{"imprint_cost_key":"42766c8824b07b15755cf2684b4ab709c5ab1d37","product_quantity_price_range":[{"imprint_cost_recommended_selling_price":"14.385","imprint_cost_recommended_selling_quantity":"25"},{"imprint_cost_recommended_selling_price":"11.025","imprint_cost_recommended_selling_quantity":"50"},{"imprint_cost_recommended_selling_price":"7.62","imprint_cost_recommended_selling_quantity":"100"},{"imprint_cost_recommended_selling_price":"7.44","imprint_cost_recommended_selling_quantity":"250"},{"imprint_cost_recommended_selling_price":"7.32","imprint_cost_recommended_selling_quantity":"500"},{"imprint_cost_recommended_selling_price":"7.215","imprint_cost_recommended_selling_quantity":"1000"},{"imprint_cost_recommended_selling_price":"6.09","imprint_cost_recommended_selling_quantity":"2500"}],"product_quantity_price_range_buying":[{"imprint_cost_general_buying_price":"9.59","imprint_cost_general_buying_quantity":"25"},{"imprint_cost_general_buying_price":"7.35","imprint_cost_general_buying_quantity":"50"},{"imprint_cost_general_buying_price":"5.08","imprint_cost_general_buying_quantity":"100"},{"imprint_cost_general_buying_price":"4.96","imprint_cost_general_buying_quantity":"250"},{"imprint_cost_general_buying_price":"4.88","imprint_cost_general_buying_quantity":"500"},{"imprint_cost_general_buying_price":"4.81","imprint_cost_general_buying_quantity":"1000"},{"imprint_cost_general_buying_price":"4.06","imprint_cost_general_buying_quantity":"2500"}],"imprint_cost_setup_costs":"41.25","imprint_cost_handling_costs":"0"},{"imprint_cost_key":"7b65126e1b4f5fdf4c32a2ea52c48fb5797712e4","product_quantity_price_range":[{"imprint_cost_recommended_selling_price":"14.385","imprint_cost_recommended_selling_quantity":"25"},{"imprint_cost_recommended_selling_price":"11.025","imprint_cost_recommended_selling_quantity":"50"},{"imprint_cost_recommended_selling_price":"7.62","imprint_cost_recommended_selling_quantity":"100"},{"imprint_cost_recommended_selling_price":"7.44","imprint_cost_recommended_selling_quantity":"250"},{"imprint_cost_recommended_selling_price":"7.32","imprint_cost_recommended_selling_quantity":"500"},{"imprint_cost_recommended_selling_price":"7.215","imprint_cost_recommended_selling_quantity":"1000"},{"imprint_cost_recommended_selling_price":"6.09","imprint_cost_recommended_selling_quantity":"2500"}],"product_quantity_price_range_buying":[{"imprint_cost_general_buying_price":"9.59","imprint_cost_general_buying_quantity":"25"},{"imprint_cost_general_buying_price":"7.35","imprint_cost_general_buying_quantity":"50"},{"imprint_cost_general_buying_price":"5.08","imprint_cost_general_buying_quantity":"100"},{"imprint_cost_general_buying_price":"4.96","imprint_cost_general_buying_quantity":"250"},{"imprint_cost_general_buying_price":"4.88","imprint_cost_general_buying_quantity":"500"},{"imprint_cost_general_buying_price":"4.81","imprint_cost_general_buying_quantity":"1000"},{"imprint_cost_general_buying_price":"4.06","imprint_cost_general_buying_quantity":"2500"}],"imprint_cost_setup_costs":"0","imprint_cost_handling_costs":"0"}]},"aioseo_notices":[],"aioseo_head":"\n\t\t<!-- All in One SEO Pro 4.9.6.2 - aioseo.com -->\n\t<meta name=\"description\" content=\"Lass dieses extra gro\u00dfe Strandtuch (180x100 cm) als effektiven Werbeartikel f\u00fcr Events nutzen. Dank hochwertigem Sublimationsdruck kannst du Badet\u00fccher mit Logo vollfl\u00e4chig bedrucken lassen und so maximale Sichtbarkeit f\u00fcr dein Unternehmen erzielen.\" \/>\n\t<meta name=\"robots\" content=\"max-image-preview:large\" \/>\n\t<link rel=\"canonical\" href=\"https:\/\/hidalgo.nl\/de\/wp-json\/wp\/v2\/product\/24286\" \/>\n\t<meta name=\"generator\" content=\"All in One SEO Pro (AIOSEO) 4.9.6.2\" \/>\n\t\t<meta property=\"og:locale\" content=\"de_DE\" \/>\n\t\t<meta property=\"og:site_name\" content=\"Hidalgo -\" \/>\n\t\t<meta property=\"og:type\" content=\"article\" \/>\n\t\t<meta property=\"og:title\" content=\"Strandtuch mit Logo bedrucken XXL | 180x100 cm Sublimationsdruck\" \/>\n\t\t<meta property=\"og:description\" content=\"Lass dieses extra gro\u00dfe Strandtuch (180x100 cm) als effektiven Werbeartikel f\u00fcr Events nutzen. Dank hochwertigem Sublimationsdruck kannst du Badet\u00fccher mit Logo vollfl\u00e4chig bedrucken lassen und so maximale Sichtbarkeit f\u00fcr dein Unternehmen erzielen.\" \/>\n\t\t<meta property=\"og:url\" content=\"https:\/\/hidalgo.nl\/de\/wp-json\/wp\/v2\/product\/24286\" \/>\n\t\t<meta property=\"og:image\" content=\"https:\/\/shop.hidalgo.nl\/wp-content\/uploads\/2025\/11\/cropped-Hidalgo-est1993.png\" \/>\n\t\t<meta property=\"og:image:secure_url\" content=\"https:\/\/shop.hidalgo.nl\/wp-content\/uploads\/2025\/11\/cropped-Hidalgo-est1993.png\" \/>\n\t\t<meta property=\"article:published_time\" content=\"2025-07-03T14:18:56+00:00\" \/>\n\t\t<meta property=\"article:modified_time\" content=\"2026-02-17T11:49:08+00:00\" \/>\n\t\t<meta name=\"twitter:card\" content=\"summary_large_image\" \/>\n\t\t<meta name=\"twitter:title\" content=\"Strandtuch mit Logo bedrucken XXL | 180x100 cm Sublimationsdruck\" \/>\n\t\t<meta name=\"twitter:description\" content=\"Lass dieses extra gro\u00dfe Strandtuch (180x100 cm) als effektiven Werbeartikel f\u00fcr Events nutzen. Dank hochwertigem Sublimationsdruck kannst du Badet\u00fccher mit Logo vollfl\u00e4chig bedrucken lassen und so maximale Sichtbarkeit f\u00fcr dein Unternehmen erzielen.\" \/>\n\t\t<meta name=\"twitter:image\" content=\"https:\/\/shop.hidalgo.nl\/wp-content\/uploads\/2025\/11\/cropped-Hidalgo-est1993.png\" \/>\n\t\t<script type=\"application\/ld+json\" class=\"aioseo-schema\">\n\t\t\t{\"@context\":\"https:\\\/\\\/schema.org\",\"@graph\":[{\"@type\":\"BreadcrumbList\",\"@id\":\"https:\\\/\\\/hidalgo.nl\\\/de\\\/product\\\/24286\\\/strandtuch-mit-logo-bedrucken-xxl-180x100-cm-sublimationsdruck\\\/#breadcrumblist\",\"itemListElement\":[{\"@type\":\"ListItem\",\"@id\":\"https:\\\/\\\/hidalgo.nl\\\/de\\\/#listItem\",\"position\":1,\"name\":\"Home\",\"item\":\"https:\\\/\\\/hidalgo.nl\\\/de\\\/\",\"nextItem\":{\"@type\":\"ListItem\",\"@id\":\"https:\\\/\\\/hidalgo.nl\\\/example\\\/#listItem\",\"name\":\"example\"}},{\"@type\":\"ListItem\",\"@id\":\"https:\\\/\\\/hidalgo.nl\\\/example\\\/#listItem\",\"position\":2,\"name\":\"example\",\"item\":\"https:\\\/\\\/hidalgo.nl\\\/example\\\/\",\"nextItem\":{\"@type\":\"ListItem\",\"@id\":\"https:\\\/\\\/hidalgo.nl\\\/en\\\/product-supplier\\\/a86\\\/#listItem\",\"name\":\"A86\"},\"previousItem\":{\"@type\":\"ListItem\",\"@id\":\"https:\\\/\\\/hidalgo.nl\\\/de\\\/#listItem\",\"name\":\"Home\"}},{\"@type\":\"ListItem\",\"@id\":\"https:\\\/\\\/hidalgo.nl\\\/en\\\/product-supplier\\\/a86\\\/#listItem\",\"position\":3,\"name\":\"A86\",\"item\":\"https:\\\/\\\/hidalgo.nl\\\/en\\\/product-supplier\\\/a86\\\/\",\"nextItem\":{\"@type\":\"ListItem\",\"@id\":\"https:\\\/\\\/hidalgo.nl\\\/de\\\/product\\\/24286\\\/strandtuch-mit-logo-bedrucken-xxl-180x100-cm-sublimationsdruck\\\/#listItem\",\"name\":\"Sophie Muval sublimatie strandhanddoek 180&#215;100 cm, 350 gr\\\/m\\u00b2\"},\"previousItem\":{\"@type\":\"ListItem\",\"@id\":\"https:\\\/\\\/hidalgo.nl\\\/example\\\/#listItem\",\"name\":\"example\"}},{\"@type\":\"ListItem\",\"@id\":\"https:\\\/\\\/hidalgo.nl\\\/de\\\/product\\\/24286\\\/strandtuch-mit-logo-bedrucken-xxl-180x100-cm-sublimationsdruck\\\/#listItem\",\"position\":4,\"name\":\"Sophie Muval sublimatie strandhanddoek 180&#215;100 cm, 350 gr\\\/m\\u00b2\",\"previousItem\":{\"@type\":\"ListItem\",\"@id\":\"https:\\\/\\\/hidalgo.nl\\\/en\\\/product-supplier\\\/a86\\\/#listItem\",\"name\":\"A86\"}}]},{\"@type\":\"Organization\",\"@id\":\"https:\\\/\\\/hidalgo.nl\\\/de\\\/#organization\",\"name\":\"Hidalgo\",\"url\":\"https:\\\/\\\/hidalgo.nl\\\/de\\\/\",\"logo\":{\"@type\":\"ImageObject\",\"url\":\"https:\\\/\\\/shop.hidalgo.nl\\\/wp-content\\\/uploads\\\/2025\\\/11\\\/cropped-Hidalgo-est1993.png\",\"@id\":\"https:\\\/\\\/hidalgo.nl\\\/de\\\/product\\\/24286\\\/strandtuch-mit-logo-bedrucken-xxl-180x100-cm-sublimationsdruck\\\/#organizationLogo\",\"width\":585,\"height\":195},\"image\":{\"@id\":\"https:\\\/\\\/hidalgo.nl\\\/de\\\/product\\\/24286\\\/strandtuch-mit-logo-bedrucken-xxl-180x100-cm-sublimationsdruck\\\/#organizationLogo\"}},{\"@type\":\"ProductGroup\",\"@id\":\"https:\\\/\\\/hidalgo.nl\\\/de\\\/product\\\/24286\\\/strandtuch-mit-logo-bedrucken-xxl-180x100-cm-sublimationsdruck\\\/#wooCommerceProduct\",\"name\":\"Strandtuch mit Logo bedrucken XXL | 180x100 cm Sublimationsdruck\",\"description\":\"Sophie Muval sublimatie strandhanddoek 180x100 cm, 350 gr\\\/m\\u00b2. 50% katoen, 50% polyester.\",\"url\":\"https:\\\/\\\/hidalgo.nl\\\/de\\\/product\\\/24286\\\/strandtuch-mit-logo-bedrucken-xxl-180x100-cm-sublimationsdruck\\\/\",\"sku\":\"A86-9493\",\"image\":{\"@type\":\"ImageObject\",\"url\":\"https:\\\/\\\/shop.hidalgo.nl\\\/wp-content\\\/uploads\\\/2025\\\/03\\\/612726079c546b3d5a5d4278ffcfd69934207c09e011534bacd4c54180786bb2.jpg\",\"@id\":\"https:\\\/\\\/hidalgo.nl\\\/de\\\/product\\\/24286\\\/strandtuch-mit-logo-bedrucken-xxl-180x100-cm-sublimationsdruck\\\/#productImage\"},\"productGroupID\":24286,\"hasVariant\":[{\"@type\":\"Product\",\"@id\":\"https:\\\/\\\/hidalgo.nl\\\/de\\\/product\\\/24286\\\/strandtuch-mit-logo-bedrucken-xxl-180x100-cm-sublimationsdruck\\\/#wooCommerceProduct\",\"name\":\"Sophie Muval sublimatie strandhanddoek 180x100 cm, 350 gr\\\/m\\u00b2 - wit\",\"description\":\"Sophie Muval sublimatie strandhanddoek 180x100 cm, 350 gr\\\/m\\u00b2. 50% katoen, 50% polyester.\",\"url\":\"https:\\\/\\\/hidalgo.nl\\\/de\\\/product\\\/24286\\\/strandtuch-mit-logo-bedrucken-xxl-180x100-cm-sublimationsdruck\\\/\",\"sku\":\"A86-9493-06-A06\",\"gtin\":\"8719495026632\",\"image\":{\"@type\":\"ImageObject\",\"url\":\"https:\\\/\\\/shop.hidalgo.nl\\\/wp-content\\\/uploads\\\/2025\\\/05\\\/612726079c546b3d5a5d4278ffcfd69934207c09e011534bacd4c54180786bb2.jpg\",\"@id\":\"https:\\\/\\\/hidalgo.nl\\\/de\\\/product\\\/24286\\\/strandtuch-mit-logo-bedrucken-xxl-180x100-cm-sublimationsdruck\\\/#productImage\",\"width\":1000,\"height\":1000},\"offers\":{\"@type\":\"Offer\",\"url\":\"https:\\\/\\\/hidalgo.nl\\\/de\\\/product\\\/24286\\\/strandtuch-mit-logo-bedrucken-xxl-180x100-cm-sublimationsdruck\\\/#wooCommerceOffer\",\"price\":\"21.93\",\"priceCurrency\":\"EUR\",\"category\":\"Handdoeken\",\"availability\":\"https:\\\/\\\/schema.org\\\/InStock\",\"priceSpecification\":{\"@type\":\"PriceSpecification\",\"price\":21.93,\"priceCurrency\":\"EUR\",\"valueAddedTaxIncluded\":\"true\"}}}]},{\"@type\":\"WebPage\",\"@id\":\"https:\\\/\\\/hidalgo.nl\\\/de\\\/product\\\/24286\\\/strandtuch-mit-logo-bedrucken-xxl-180x100-cm-sublimationsdruck\\\/#webpage\",\"url\":\"https:\\\/\\\/hidalgo.nl\\\/de\\\/product\\\/24286\\\/strandtuch-mit-logo-bedrucken-xxl-180x100-cm-sublimationsdruck\\\/\",\"name\":\"Strandtuch mit Logo bedrucken XXL | 180x100 cm Sublimationsdruck\",\"description\":\"Lass dieses extra gro\\u00dfe Strandtuch (180x100 cm) als effektiven Werbeartikel f\\u00fcr Events nutzen. Dank hochwertigem Sublimationsdruck kannst du Badet\\u00fccher mit Logo vollfl\\u00e4chig bedrucken lassen und so maximale Sichtbarkeit f\\u00fcr dein Unternehmen erzielen.\",\"inLanguage\":\"de-DE\",\"isPartOf\":{\"@id\":\"https:\\\/\\\/hidalgo.nl\\\/de\\\/#website\"},\"breadcrumb\":{\"@id\":\"https:\\\/\\\/hidalgo.nl\\\/de\\\/product\\\/24286\\\/strandtuch-mit-logo-bedrucken-xxl-180x100-cm-sublimationsdruck\\\/#breadcrumblist\"},\"image\":{\"@type\":\"ImageObject\",\"url\":\"https:\\\/\\\/shop.hidalgo.nl\\\/wp-content\\\/uploads\\\/2025\\\/03\\\/612726079c546b3d5a5d4278ffcfd69934207c09e011534bacd4c54180786bb2.jpg\",\"@id\":\"https:\\\/\\\/hidalgo.nl\\\/de\\\/product\\\/24286\\\/strandtuch-mit-logo-bedrucken-xxl-180x100-cm-sublimationsdruck\\\/#mainImage\"},\"primaryImageOfPage\":{\"@id\":\"https:\\\/\\\/hidalgo.nl\\\/de\\\/product\\\/24286\\\/strandtuch-mit-logo-bedrucken-xxl-180x100-cm-sublimationsdruck\\\/#mainImage\"},\"datePublished\":\"2025-07-03T14:18:56+00:00\",\"dateModified\":\"2026-02-17T11:49:08+00:00\"},{\"@type\":\"WebSite\",\"@id\":\"https:\\\/\\\/hidalgo.nl\\\/de\\\/#website\",\"url\":\"https:\\\/\\\/hidalgo.nl\\\/de\\\/\",\"name\":\"Hidalgo\",\"inLanguage\":\"de-DE\",\"publisher\":{\"@id\":\"https:\\\/\\\/hidalgo.nl\\\/de\\\/#organization\"}}]}\n\t\t<\/script>\n\t\t<!-- All in One SEO Pro -->\r\n\t\t<title>Strandtuch mit Logo bedrucken XXL | 180x100 cm Sublimationsdruck<\/title>\n\n","aioseo_head_json":{"title":"Strandtuch mit Logo bedrucken XXL | 180x100 cm Sublimationsdruck","description":"Lass dieses extra gro\u00dfe Strandtuch (180x100 cm) als effektiven Werbeartikel f\u00fcr Events nutzen. Dank hochwertigem Sublimationsdruck kannst du Badet\u00fccher mit Logo vollfl\u00e4chig bedrucken lassen und so maximale Sichtbarkeit f\u00fcr dein Unternehmen erzielen.","canonical_url":"https:\/\/hidalgo.nl\/de\/wp-json\/wp\/v2\/product\/24286","robots":"max-image-preview:large","keywords":"","webmasterTools":{"miscellaneous":""},"schema":{"@context":"https:\/\/schema.org","@graph":[{"@type":"BreadcrumbList","@id":"https:\/\/hidalgo.nl\/de\/product\/24286\/strandtuch-mit-logo-bedrucken-xxl-180x100-cm-sublimationsdruck\/#breadcrumblist","itemListElement":[{"@type":"ListItem","@id":"https:\/\/hidalgo.nl\/de\/#listItem","position":1,"name":"Home","item":"https:\/\/hidalgo.nl\/de\/","nextItem":{"@type":"ListItem","@id":"https:\/\/hidalgo.nl\/example\/#listItem","name":"example"}},{"@type":"ListItem","@id":"https:\/\/hidalgo.nl\/example\/#listItem","position":2,"name":"example","item":"https:\/\/hidalgo.nl\/example\/","nextItem":{"@type":"ListItem","@id":"https:\/\/hidalgo.nl\/en\/product-supplier\/a86\/#listItem","name":"A86"},"previousItem":{"@type":"ListItem","@id":"https:\/\/hidalgo.nl\/de\/#listItem","name":"Home"}},{"@type":"ListItem","@id":"https:\/\/hidalgo.nl\/en\/product-supplier\/a86\/#listItem","position":3,"name":"A86","item":"https:\/\/hidalgo.nl\/en\/product-supplier\/a86\/","nextItem":{"@type":"ListItem","@id":"https:\/\/hidalgo.nl\/de\/product\/24286\/strandtuch-mit-logo-bedrucken-xxl-180x100-cm-sublimationsdruck\/#listItem","name":"Sophie Muval sublimatie strandhanddoek 180&#215;100 cm, 350 gr\/m\u00b2"},"previousItem":{"@type":"ListItem","@id":"https:\/\/hidalgo.nl\/example\/#listItem","name":"example"}},{"@type":"ListItem","@id":"https:\/\/hidalgo.nl\/de\/product\/24286\/strandtuch-mit-logo-bedrucken-xxl-180x100-cm-sublimationsdruck\/#listItem","position":4,"name":"Sophie Muval sublimatie strandhanddoek 180&#215;100 cm, 350 gr\/m\u00b2","previousItem":{"@type":"ListItem","@id":"https:\/\/hidalgo.nl\/en\/product-supplier\/a86\/#listItem","name":"A86"}}]},{"@type":"Organization","@id":"https:\/\/hidalgo.nl\/de\/#organization","name":"Hidalgo","url":"https:\/\/hidalgo.nl\/de\/","logo":{"@type":"ImageObject","url":"https:\/\/shop.hidalgo.nl\/wp-content\/uploads\/2025\/11\/cropped-Hidalgo-est1993.png","@id":"https:\/\/hidalgo.nl\/de\/product\/24286\/strandtuch-mit-logo-bedrucken-xxl-180x100-cm-sublimationsdruck\/#organizationLogo","width":585,"height":195},"image":{"@id":"https:\/\/hidalgo.nl\/de\/product\/24286\/strandtuch-mit-logo-bedrucken-xxl-180x100-cm-sublimationsdruck\/#organizationLogo"}},{"@type":"ProductGroup","@id":"https:\/\/hidalgo.nl\/de\/product\/24286\/strandtuch-mit-logo-bedrucken-xxl-180x100-cm-sublimationsdruck\/#wooCommerceProduct","name":"Strandtuch mit Logo bedrucken XXL | 180x100 cm Sublimationsdruck","description":"Sophie Muval sublimatie strandhanddoek 180x100 cm, 350 gr\/m\u00b2. 50% katoen, 50% polyester.","url":"https:\/\/hidalgo.nl\/de\/product\/24286\/strandtuch-mit-logo-bedrucken-xxl-180x100-cm-sublimationsdruck\/","sku":"A86-9493","image":{"@type":"ImageObject","url":"https:\/\/shop.hidalgo.nl\/wp-content\/uploads\/2025\/03\/612726079c546b3d5a5d4278ffcfd69934207c09e011534bacd4c54180786bb2.jpg","@id":"https:\/\/hidalgo.nl\/de\/product\/24286\/strandtuch-mit-logo-bedrucken-xxl-180x100-cm-sublimationsdruck\/#productImage"},"productGroupID":24286,"hasVariant":[{"@type":"Product","@id":"https:\/\/hidalgo.nl\/de\/product\/24286\/strandtuch-mit-logo-bedrucken-xxl-180x100-cm-sublimationsdruck\/#wooCommerceProduct","name":"Sophie Muval sublimatie strandhanddoek 180x100 cm, 350 gr\/m\u00b2 - wit","description":"Sophie Muval sublimatie strandhanddoek 180x100 cm, 350 gr\/m\u00b2. 50% katoen, 50% polyester.","url":"https:\/\/hidalgo.nl\/de\/product\/24286\/strandtuch-mit-logo-bedrucken-xxl-180x100-cm-sublimationsdruck\/","sku":"A86-9493-06-A06","gtin":"8719495026632","image":{"@type":"ImageObject","url":"https:\/\/shop.hidalgo.nl\/wp-content\/uploads\/2025\/05\/612726079c546b3d5a5d4278ffcfd69934207c09e011534bacd4c54180786bb2.jpg","@id":"https:\/\/hidalgo.nl\/de\/product\/24286\/strandtuch-mit-logo-bedrucken-xxl-180x100-cm-sublimationsdruck\/#productImage","width":1000,"height":1000},"offers":{"@type":"Offer","url":"https:\/\/hidalgo.nl\/de\/product\/24286\/strandtuch-mit-logo-bedrucken-xxl-180x100-cm-sublimationsdruck\/#wooCommerceOffer","price":"21.93","priceCurrency":"EUR","category":"Handdoeken","availability":"https:\/\/schema.org\/InStock","priceSpecification":{"@type":"PriceSpecification","price":21.93,"priceCurrency":"EUR","valueAddedTaxIncluded":"true"}}}]},{"@type":"WebPage","@id":"https:\/\/hidalgo.nl\/de\/product\/24286\/strandtuch-mit-logo-bedrucken-xxl-180x100-cm-sublimationsdruck\/#webpage","url":"https:\/\/hidalgo.nl\/de\/product\/24286\/strandtuch-mit-logo-bedrucken-xxl-180x100-cm-sublimationsdruck\/","name":"Strandtuch mit Logo bedrucken XXL | 180x100 cm Sublimationsdruck","description":"Lass dieses extra gro\u00dfe Strandtuch (180x100 cm) als effektiven Werbeartikel f\u00fcr Events nutzen. Dank hochwertigem Sublimationsdruck kannst du Badet\u00fccher mit Logo vollfl\u00e4chig bedrucken lassen und so maximale Sichtbarkeit f\u00fcr dein Unternehmen erzielen.","inLanguage":"de-DE","isPartOf":{"@id":"https:\/\/hidalgo.nl\/de\/#website"},"breadcrumb":{"@id":"https:\/\/hidalgo.nl\/de\/product\/24286\/strandtuch-mit-logo-bedrucken-xxl-180x100-cm-sublimationsdruck\/#breadcrumblist"},"image":{"@type":"ImageObject","url":"https:\/\/shop.hidalgo.nl\/wp-content\/uploads\/2025\/03\/612726079c546b3d5a5d4278ffcfd69934207c09e011534bacd4c54180786bb2.jpg","@id":"https:\/\/hidalgo.nl\/de\/product\/24286\/strandtuch-mit-logo-bedrucken-xxl-180x100-cm-sublimationsdruck\/#mainImage"},"primaryImageOfPage":{"@id":"https:\/\/hidalgo.nl\/de\/product\/24286\/strandtuch-mit-logo-bedrucken-xxl-180x100-cm-sublimationsdruck\/#mainImage"},"datePublished":"2025-07-03T14:18:56+00:00","dateModified":"2026-02-17T11:49:08+00:00"},{"@type":"WebSite","@id":"https:\/\/hidalgo.nl\/de\/#website","url":"https:\/\/hidalgo.nl\/de\/","name":"Hidalgo","inLanguage":"de-DE","publisher":{"@id":"https:\/\/hidalgo.nl\/de\/#organization"}}]},"og:locale":"de_DE","og:site_name":"Hidalgo -","og:type":"article","og:title":"Strandtuch mit Logo bedrucken XXL | 180x100 cm Sublimationsdruck","og:description":"Lass dieses extra gro\u00dfe Strandtuch (180x100 cm) als effektiven Werbeartikel f\u00fcr Events nutzen. Dank hochwertigem Sublimationsdruck kannst du Badet\u00fccher mit Logo vollfl\u00e4chig bedrucken lassen und so maximale Sichtbarkeit f\u00fcr dein Unternehmen erzielen.","og:url":"https:\/\/hidalgo.nl\/de\/wp-json\/wp\/v2\/product\/24286","og:image":"https:\/\/shop.hidalgo.nl\/wp-content\/uploads\/2025\/11\/cropped-Hidalgo-est1993.png","og:image:secure_url":"https:\/\/shop.hidalgo.nl\/wp-content\/uploads\/2025\/11\/cropped-Hidalgo-est1993.png","article:published_time":"2025-07-03T14:18:56+00:00","article:modified_time":"2026-02-17T11:49:08+00:00","twitter:card":"summary_large_image","twitter:title":"Strandtuch mit Logo bedrucken XXL | 180x100 cm Sublimationsdruck","twitter:description":"Lass dieses extra gro\u00dfe Strandtuch (180x100 cm) als effektiven Werbeartikel f\u00fcr Events nutzen. Dank hochwertigem Sublimationsdruck kannst du Badet\u00fccher mit Logo vollfl\u00e4chig bedrucken lassen und so maximale Sichtbarkeit f\u00fcr dein Unternehmen erzielen.","twitter:image":"https:\/\/shop.hidalgo.nl\/wp-content\/uploads\/2025\/11\/cropped-Hidalgo-est1993.png"},"aioseo_meta_data":{"post_id":"24286","title":null,"description":null,"keywords":null,"keyphrases":null,"primary_term":null,"canonical_url":null,"og_title":null,"og_description":null,"og_object_type":"default","og_image_type":"default","og_image_url":null,"og_image_width":null,"og_image_height":null,"og_image_custom_url":null,"og_image_custom_fields":null,"og_video":null,"og_custom_url":null,"og_article_section":null,"og_article_tags":null,"twitter_use_og":false,"twitter_card":"default","twitter_image_type":"default","twitter_image_url":null,"twitter_image_custom_url":null,"twitter_image_custom_fields":null,"twitter_title":null,"twitter_description":null,"schema":{"blockGraphs":[],"customGraphs":[],"default":{"data":{"Article":[],"Course":[],"Dataset":[],"FAQPage":[],"Movie":[],"Person":[],"Product":[],"ProductReview":[],"Car":[],"Recipe":[],"Service":[],"SoftwareApplication":[],"WebPage":[]},"graphName":"","isEnabled":true},"graphs":[]},"schema_type":"default","schema_type_options":null,"pillar_content":false,"robots_default":true,"robots_noindex":false,"robots_noarchive":false,"robots_nosnippet":false,"robots_nofollow":false,"robots_noimageindex":false,"robots_noodp":false,"robots_notranslate":false,"robots_max_snippet":null,"robots_max_videopreview":null,"robots_max_imagepreview":"large","priority":null,"frequency":null,"local_seo":null,"seo_analyzer_scan_date":"2026-01-20 12:36:38","breadcrumb_settings":null,"limit_modified_date":false,"reviewed_by":null,"open_ai":null,"ai":null,"created":"2026-01-14 06:17:38","updated":"2026-04-23 05:51:56"},"aioseo_breadcrumb":"<div class=\"aioseo-breadcrumbs\"><span class=\"aioseo-breadcrumb\">\n\t<a href=\"https:\/\/hidalgo.nl\/de\/\" title=\"Home\">Home<\/a>\n<\/span><span class=\"aioseo-breadcrumb-separator\">\u00bb<\/span><span class=\"aioseo-breadcrumb\">\n\t<a href=\"https:\/\/hidalgo.nl\/example\/\" title=\"example\">example<\/a>\n<\/span><span class=\"aioseo-breadcrumb-separator\">\u00bb<\/span><span class=\"aioseo-breadcrumb\">\n\t<a href=\"https:\/\/hidalgo.nl\/en\/product-supplier\/a86\/\" title=\"A86\">A86<\/a>\n<\/span><span class=\"aioseo-breadcrumb-separator\">\u00bb<\/span><span class=\"aioseo-breadcrumb\">\n\tSophie Muval sublimatie strandhanddoek 180\u00d7100 cm, 350 gr\/m\u00b2\n<\/span><\/div>","aioseo_breadcrumb_json":[{"label":"Home","link":"https:\/\/hidalgo.nl\/de\/"},{"label":"example","link":"https:\/\/hidalgo.nl\/example\/"},{"label":"A86","link":"https:\/\/hidalgo.nl\/en\/product-supplier\/a86\/"},{"label":"Sophie Muval sublimatie strandhanddoek 180&#215;100 cm, 350 gr\/m\u00b2","link":"https:\/\/hidalgo.nl\/de\/product\/24286\/strandtuch-mit-logo-bedrucken-xxl-180x100-cm-sublimationsdruck\/"}],"_links":{"self":[{"href":"https:\/\/hidalgo.nl\/de\/wp-json\/wp\/v2\/product\/24286","targetHints":{"allow":["GET"]}}],"collection":[{"href":"https:\/\/hidalgo.nl\/de\/wp-json\/wp\/v2\/product"}],"about":[{"href":"https:\/\/hidalgo.nl\/de\/wp-json\/wp\/v2\/types\/product"}],"wp:featuredmedia":[{"embeddable":true,"href":"https:\/\/hidalgo.nl\/de\/wp-json\/wp\/v2\/media\/579319"}],"wp:attachment":[{"href":"https:\/\/hidalgo.nl\/de\/wp-json\/wp\/v2\/media?parent=24286"}],"wp:term":[{"taxonomy":"product_brand","embeddable":true,"href":"https:\/\/hidalgo.nl\/de\/wp-json\/wp\/v2\/product_brand?post=24286"},{"taxonomy":"product_cat","embeddable":true,"href":"https:\/\/hidalgo.nl\/de\/wp-json\/wp\/v2\/product_cat?post=24286"},{"taxonomy":"product_tag","embeddable":true,"href":"https:\/\/hidalgo.nl\/de\/wp-json\/wp\/v2\/product_tag?post=24286"}],"curies":[{"name":"wp","href":"https:\/\/api.w.org\/{rel}","templated":true}]}}