{"id":2421,"date":"2025-05-16T13:11:34","date_gmt":"2025-05-16T13:11:34","guid":{"rendered":"https:\/\/bidonsenshakers.pim.hidalgo.nl\/product\/organizer-frame\/"},"modified":"2026-02-16T14:53:08","modified_gmt":"2026-02-16T14:53:08","slug":"organizer-frame","status":"publish","type":"product","link":"https:\/\/hidalgo.nl\/de\/product\/2421\/halfar-frame-organizer-werbeartikel-fuer-gadgets-reisen\/","title":{"rendered":"organizer FRAME"},"content":{"rendered":"<p>organizermap met twee hoofdvakken met ritssluiting; afneembare draaglus; diverse vakken met ritssluiting en netvakken; diverse insteekvakken; elastisch bevestigingssysteem<\/p>\n","protected":false},"excerpt":{"rendered":"<p>organizermap met twee hoofdvakken met ritssluiting; afneembare draaglus; diverse vakken met ritssluiting en netvakken; diverse insteekvakken; elastisch bevestigingssysteem<\/p>\n","protected":false},"featured_media":597989,"template":"","meta":{"_acf_changed":false,"om_disable_all_campaigns":false,"_monsterinsights_skip_tracking":false,"_monsterinsights_sitenote_active":false,"_monsterinsights_sitenote_note":"","_monsterinsights_sitenote_category":0},"product_brand":[47],"product_cat":[4719,4853,4774],"product_tag":[],"class_list":{"0":"post-2421","1":"product","2":"type-product","3":"status-publish","4":"has-post-thumbnail","6":"product_supplier-a137","7":"product_material-polyester-900d","8":"product_brand-halfar","9":"product_cat-promotionele-artikelen","10":"product_cat-reis-accessoires","11":"product_cat-promotionele-artikelen-vrije-tijd","12":"entry","14":"first","15":"instock","16":"taxable","17":"shipping-taxable","18":"purchasable","19":"product-type-variable"},"acf":{"imprint_cost":[{"imprint_cost_key":"9e6f37d910635665c601f7af2266d8f4eb74f051","product_quantity_price_range":[{"imprint_cost_recommended_selling_price":"0","imprint_cost_recommended_selling_quantity":"1"}],"product_quantity_price_range_buying":[{"imprint_cost_general_buying_price":"0","imprint_cost_general_buying_quantity":"1"}],"imprint_cost_setup_costs":"","imprint_cost_handling_costs":""}]},"aioseo_notices":[],"aioseo_head":"\n\t\t<!-- All in One SEO Pro 4.9.6.2 - aioseo.com -->\n\t<meta name=\"description\" content=\"Du erh\u00e4ltst mit diesem Halfar Organizer FRAME den idealen Ordnungshelfer f\u00fcr Gadgets, Kabel &amp; wichtige Dokumente auf deinen Reisen. Bestelle die kompakte Gadget Tasche Gro\u00dfhandel f\u00fcr dein Team oder als hochwertigen Werbeartikel. Wir bieten dir die M\u00f6glichkeit, den Kabel Organizer mit deinem Firmenlogo zu personalisieren.\" \/>\n\t<meta name=\"robots\" content=\"max-image-preview:large\" \/>\n\t<link rel=\"canonical\" href=\"https:\/\/hidalgo.nl\/de\/wp-json\/wp\/v2\/product\/2421\" \/>\n\t<meta name=\"generator\" content=\"All in One SEO Pro (AIOSEO) 4.9.6.2\" \/>\n\t\t<meta property=\"og:locale\" content=\"de_DE\" \/>\n\t\t<meta property=\"og:site_name\" content=\"Hidalgo -\" \/>\n\t\t<meta property=\"og:type\" content=\"article\" \/>\n\t\t<meta property=\"og:title\" content=\"Halfar FRAME Organizer: Werbeartikel f\u00fcr Gadgets &amp; Reisen\" \/>\n\t\t<meta property=\"og:description\" content=\"Du erh\u00e4ltst mit diesem Halfar Organizer FRAME den idealen Ordnungshelfer f\u00fcr Gadgets, Kabel &amp; wichtige Dokumente auf deinen Reisen. Bestelle die kompakte Gadget Tasche Gro\u00dfhandel f\u00fcr dein Team oder als hochwertigen Werbeartikel. Wir bieten dir die M\u00f6glichkeit, den Kabel Organizer mit deinem Firmenlogo zu personalisieren.\" \/>\n\t\t<meta property=\"og:url\" content=\"https:\/\/hidalgo.nl\/de\/wp-json\/wp\/v2\/product\/2421\" \/>\n\t\t<meta property=\"og:image\" content=\"https:\/\/shop.hidalgo.nl\/wp-content\/uploads\/2025\/11\/cropped-Hidalgo-est1993.png\" \/>\n\t\t<meta property=\"og:image:secure_url\" content=\"https:\/\/shop.hidalgo.nl\/wp-content\/uploads\/2025\/11\/cropped-Hidalgo-est1993.png\" \/>\n\t\t<meta property=\"article:published_time\" content=\"2025-05-16T13:11:34+00:00\" \/>\n\t\t<meta property=\"article:modified_time\" content=\"2026-02-16T14:53:08+00:00\" \/>\n\t\t<meta name=\"twitter:card\" content=\"summary_large_image\" \/>\n\t\t<meta name=\"twitter:title\" content=\"Halfar FRAME Organizer: Werbeartikel f\u00fcr Gadgets &amp; Reisen\" \/>\n\t\t<meta name=\"twitter:description\" content=\"Du erh\u00e4ltst mit diesem Halfar Organizer FRAME den idealen Ordnungshelfer f\u00fcr Gadgets, Kabel &amp; wichtige Dokumente auf deinen Reisen. Bestelle die kompakte Gadget Tasche Gro\u00dfhandel f\u00fcr dein Team oder als hochwertigen Werbeartikel. Wir bieten dir die M\u00f6glichkeit, den Kabel Organizer mit deinem Firmenlogo zu personalisieren.\" \/>\n\t\t<meta name=\"twitter:image\" content=\"https:\/\/shop.hidalgo.nl\/wp-content\/uploads\/2025\/11\/cropped-Hidalgo-est1993.png\" \/>\n\t\t<script type=\"application\/ld+json\" class=\"aioseo-schema\">\n\t\t\t{\"@context\":\"https:\\\/\\\/schema.org\",\"@graph\":[{\"@type\":\"BreadcrumbList\",\"@id\":\"https:\\\/\\\/hidalgo.nl\\\/de\\\/product\\\/2421\\\/halfar-frame-organizer-werbeartikel-fuer-gadgets-reisen\\\/#breadcrumblist\",\"itemListElement\":[{\"@type\":\"ListItem\",\"@id\":\"https:\\\/\\\/hidalgo.nl\\\/de\\\/#listItem\",\"position\":1,\"name\":\"Home\",\"item\":\"https:\\\/\\\/hidalgo.nl\\\/de\\\/\",\"nextItem\":{\"@type\":\"ListItem\",\"@id\":\"https:\\\/\\\/hidalgo.nl\\\/example\\\/#listItem\",\"name\":\"example\"}},{\"@type\":\"ListItem\",\"@id\":\"https:\\\/\\\/hidalgo.nl\\\/example\\\/#listItem\",\"position\":2,\"name\":\"example\",\"item\":\"https:\\\/\\\/hidalgo.nl\\\/example\\\/\",\"nextItem\":{\"@type\":\"ListItem\",\"@id\":\"https:\\\/\\\/hidalgo.nl\\\/en\\\/product-supplier\\\/a137\\\/#listItem\",\"name\":\"A137\"},\"previousItem\":{\"@type\":\"ListItem\",\"@id\":\"https:\\\/\\\/hidalgo.nl\\\/de\\\/#listItem\",\"name\":\"Home\"}},{\"@type\":\"ListItem\",\"@id\":\"https:\\\/\\\/hidalgo.nl\\\/en\\\/product-supplier\\\/a137\\\/#listItem\",\"position\":3,\"name\":\"A137\",\"item\":\"https:\\\/\\\/hidalgo.nl\\\/en\\\/product-supplier\\\/a137\\\/\",\"nextItem\":{\"@type\":\"ListItem\",\"@id\":\"https:\\\/\\\/hidalgo.nl\\\/de\\\/product\\\/2421\\\/halfar-frame-organizer-werbeartikel-fuer-gadgets-reisen\\\/#listItem\",\"name\":\"organizer FRAME\"},\"previousItem\":{\"@type\":\"ListItem\",\"@id\":\"https:\\\/\\\/hidalgo.nl\\\/example\\\/#listItem\",\"name\":\"example\"}},{\"@type\":\"ListItem\",\"@id\":\"https:\\\/\\\/hidalgo.nl\\\/de\\\/product\\\/2421\\\/halfar-frame-organizer-werbeartikel-fuer-gadgets-reisen\\\/#listItem\",\"position\":4,\"name\":\"organizer FRAME\",\"previousItem\":{\"@type\":\"ListItem\",\"@id\":\"https:\\\/\\\/hidalgo.nl\\\/en\\\/product-supplier\\\/a137\\\/#listItem\",\"name\":\"A137\"}}]},{\"@type\":\"Organization\",\"@id\":\"https:\\\/\\\/hidalgo.nl\\\/de\\\/#organization\",\"name\":\"Hidalgo\",\"url\":\"https:\\\/\\\/hidalgo.nl\\\/de\\\/\",\"logo\":{\"@type\":\"ImageObject\",\"url\":\"https:\\\/\\\/shop.hidalgo.nl\\\/wp-content\\\/uploads\\\/2025\\\/11\\\/cropped-Hidalgo-est1993.png\",\"@id\":\"https:\\\/\\\/hidalgo.nl\\\/de\\\/product\\\/2421\\\/halfar-frame-organizer-werbeartikel-fuer-gadgets-reisen\\\/#organizationLogo\",\"width\":585,\"height\":195},\"image\":{\"@id\":\"https:\\\/\\\/hidalgo.nl\\\/de\\\/product\\\/2421\\\/halfar-frame-organizer-werbeartikel-fuer-gadgets-reisen\\\/#organizationLogo\"}},{\"@type\":\"ProductGroup\",\"@id\":\"https:\\\/\\\/hidalgo.nl\\\/de\\\/product\\\/2421\\\/halfar-frame-organizer-werbeartikel-fuer-gadgets-reisen\\\/#wooCommerceProduct\",\"name\":\"Halfar FRAME Organizer: Werbeartikel f\\u00fcr Gadgets &amp; Reisen\",\"url\":\"https:\\\/\\\/hidalgo.nl\\\/de\\\/product\\\/2421\\\/halfar-frame-organizer-werbeartikel-fuer-gadgets-reisen\\\/\",\"brand\":{\"@type\":\"Brand\",\"name\":\"Halfar\"},\"sku\":\"A137-1816056\",\"image\":{\"@type\":\"ImageObject\",\"url\":\"https:\\\/\\\/shop.hidalgo.nl\\\/wp-content\\\/uploads\\\/2025\\\/04\\\/06270b1465c4242b98a61da34495168f5b12dfaf2f5f0f6e657499c594e715b6.jpg\",\"@id\":\"https:\\\/\\\/hidalgo.nl\\\/de\\\/product\\\/2421\\\/halfar-frame-organizer-werbeartikel-fuer-gadgets-reisen\\\/#productImage\"},\"productGroupID\":2421,\"hasVariant\":[{\"@type\":\"Product\",\"@id\":\"https:\\\/\\\/hidalgo.nl\\\/de\\\/product\\\/2421\\\/halfar-frame-organizer-werbeartikel-fuer-gadgets-reisen\\\/#wooCommerceProduct\",\"name\":\"organizer FRAME -\",\"url\":\"https:\\\/\\\/hidalgo.nl\\\/de\\\/product\\\/2421\\\/halfar-frame-organizer-werbeartikel-fuer-gadgets-reisen\\\/\",\"sku\":\"A137-1816056-740\",\"image\":{\"@type\":\"ImageObject\",\"url\":\"https:\\\/\\\/shop.hidalgo.nl\\\/wp-content\\\/uploads\\\/2026\\\/01\\\/d400f5fa766bbd39c42324c3420e8b550c98f768695f9ccba0540564cfcb9fc0-1.jpg\",\"@id\":\"https:\\\/\\\/hidalgo.nl\\\/de\\\/product\\\/2421\\\/halfar-frame-organizer-werbeartikel-fuer-gadgets-reisen\\\/#productImage\",\"width\":747,\"height\":1000},\"offers\":{\"@type\":\"Offer\",\"url\":\"https:\\\/\\\/hidalgo.nl\\\/de\\\/product\\\/2421\\\/halfar-frame-organizer-werbeartikel-fuer-gadgets-reisen\\\/#wooCommerceOffer\",\"price\":\"17.98\",\"priceCurrency\":\"EUR\",\"category\":\"Promotionele Artikelen\",\"availability\":\"https:\\\/\\\/schema.org\\\/InStock\",\"priceSpecification\":{\"@type\":\"PriceSpecification\",\"price\":17.98,\"priceCurrency\":\"EUR\",\"valueAddedTaxIncluded\":\"true\"}}}]},{\"@type\":\"WebPage\",\"@id\":\"https:\\\/\\\/hidalgo.nl\\\/de\\\/product\\\/2421\\\/halfar-frame-organizer-werbeartikel-fuer-gadgets-reisen\\\/#webpage\",\"url\":\"https:\\\/\\\/hidalgo.nl\\\/de\\\/product\\\/2421\\\/halfar-frame-organizer-werbeartikel-fuer-gadgets-reisen\\\/\",\"name\":\"Halfar FRAME Organizer: Werbeartikel f\\u00fcr Gadgets & Reisen\",\"description\":\"Du erh\\u00e4ltst mit diesem Halfar Organizer FRAME den idealen Ordnungshelfer f\\u00fcr Gadgets, Kabel & wichtige Dokumente auf deinen Reisen. Bestelle die kompakte Gadget Tasche Gro\\u00dfhandel f\\u00fcr dein Team oder als hochwertigen Werbeartikel. Wir bieten dir die M\\u00f6glichkeit, den Kabel Organizer mit deinem Firmenlogo zu personalisieren.\",\"inLanguage\":\"de-DE\",\"isPartOf\":{\"@id\":\"https:\\\/\\\/hidalgo.nl\\\/de\\\/#website\"},\"breadcrumb\":{\"@id\":\"https:\\\/\\\/hidalgo.nl\\\/de\\\/product\\\/2421\\\/halfar-frame-organizer-werbeartikel-fuer-gadgets-reisen\\\/#breadcrumblist\"},\"image\":{\"@type\":\"ImageObject\",\"url\":\"https:\\\/\\\/shop.hidalgo.nl\\\/wp-content\\\/uploads\\\/2025\\\/04\\\/06270b1465c4242b98a61da34495168f5b12dfaf2f5f0f6e657499c594e715b6.jpg\",\"@id\":\"https:\\\/\\\/hidalgo.nl\\\/de\\\/product\\\/2421\\\/halfar-frame-organizer-werbeartikel-fuer-gadgets-reisen\\\/#mainImage\"},\"primaryImageOfPage\":{\"@id\":\"https:\\\/\\\/hidalgo.nl\\\/de\\\/product\\\/2421\\\/halfar-frame-organizer-werbeartikel-fuer-gadgets-reisen\\\/#mainImage\"},\"datePublished\":\"2025-05-16T13:11:34+00:00\",\"dateModified\":\"2026-02-16T14:53:08+00:00\"},{\"@type\":\"WebSite\",\"@id\":\"https:\\\/\\\/hidalgo.nl\\\/de\\\/#website\",\"url\":\"https:\\\/\\\/hidalgo.nl\\\/de\\\/\",\"name\":\"Hidalgo\",\"inLanguage\":\"de-DE\",\"publisher\":{\"@id\":\"https:\\\/\\\/hidalgo.nl\\\/de\\\/#organization\"}}]}\n\t\t<\/script>\n\t\t<!-- All in One SEO Pro -->\r\n\t\t<title>Halfar FRAME Organizer: Werbeartikel f\u00fcr Gadgets &amp; Reisen<\/title>\n\n","aioseo_head_json":{"title":"Halfar FRAME Organizer: Werbeartikel f\u00fcr Gadgets & Reisen","description":"Du erh\u00e4ltst mit diesem Halfar Organizer FRAME den idealen Ordnungshelfer f\u00fcr Gadgets, Kabel & wichtige Dokumente auf deinen Reisen. Bestelle die kompakte Gadget Tasche Gro\u00dfhandel f\u00fcr dein Team oder als hochwertigen Werbeartikel. Wir bieten dir die M\u00f6glichkeit, den Kabel Organizer mit deinem Firmenlogo zu personalisieren.","canonical_url":"https:\/\/hidalgo.nl\/de\/wp-json\/wp\/v2\/product\/2421","robots":"max-image-preview:large","keywords":"","webmasterTools":{"miscellaneous":""},"schema":{"@context":"https:\/\/schema.org","@graph":[{"@type":"BreadcrumbList","@id":"https:\/\/hidalgo.nl\/de\/product\/2421\/halfar-frame-organizer-werbeartikel-fuer-gadgets-reisen\/#breadcrumblist","itemListElement":[{"@type":"ListItem","@id":"https:\/\/hidalgo.nl\/de\/#listItem","position":1,"name":"Home","item":"https:\/\/hidalgo.nl\/de\/","nextItem":{"@type":"ListItem","@id":"https:\/\/hidalgo.nl\/example\/#listItem","name":"example"}},{"@type":"ListItem","@id":"https:\/\/hidalgo.nl\/example\/#listItem","position":2,"name":"example","item":"https:\/\/hidalgo.nl\/example\/","nextItem":{"@type":"ListItem","@id":"https:\/\/hidalgo.nl\/en\/product-supplier\/a137\/#listItem","name":"A137"},"previousItem":{"@type":"ListItem","@id":"https:\/\/hidalgo.nl\/de\/#listItem","name":"Home"}},{"@type":"ListItem","@id":"https:\/\/hidalgo.nl\/en\/product-supplier\/a137\/#listItem","position":3,"name":"A137","item":"https:\/\/hidalgo.nl\/en\/product-supplier\/a137\/","nextItem":{"@type":"ListItem","@id":"https:\/\/hidalgo.nl\/de\/product\/2421\/halfar-frame-organizer-werbeartikel-fuer-gadgets-reisen\/#listItem","name":"organizer FRAME"},"previousItem":{"@type":"ListItem","@id":"https:\/\/hidalgo.nl\/example\/#listItem","name":"example"}},{"@type":"ListItem","@id":"https:\/\/hidalgo.nl\/de\/product\/2421\/halfar-frame-organizer-werbeartikel-fuer-gadgets-reisen\/#listItem","position":4,"name":"organizer FRAME","previousItem":{"@type":"ListItem","@id":"https:\/\/hidalgo.nl\/en\/product-supplier\/a137\/#listItem","name":"A137"}}]},{"@type":"Organization","@id":"https:\/\/hidalgo.nl\/de\/#organization","name":"Hidalgo","url":"https:\/\/hidalgo.nl\/de\/","logo":{"@type":"ImageObject","url":"https:\/\/shop.hidalgo.nl\/wp-content\/uploads\/2025\/11\/cropped-Hidalgo-est1993.png","@id":"https:\/\/hidalgo.nl\/de\/product\/2421\/halfar-frame-organizer-werbeartikel-fuer-gadgets-reisen\/#organizationLogo","width":585,"height":195},"image":{"@id":"https:\/\/hidalgo.nl\/de\/product\/2421\/halfar-frame-organizer-werbeartikel-fuer-gadgets-reisen\/#organizationLogo"}},{"@type":"ProductGroup","@id":"https:\/\/hidalgo.nl\/de\/product\/2421\/halfar-frame-organizer-werbeartikel-fuer-gadgets-reisen\/#wooCommerceProduct","name":"Halfar FRAME Organizer: Werbeartikel f\u00fcr Gadgets &amp; Reisen","url":"https:\/\/hidalgo.nl\/de\/product\/2421\/halfar-frame-organizer-werbeartikel-fuer-gadgets-reisen\/","brand":{"@type":"Brand","name":"Halfar"},"sku":"A137-1816056","image":{"@type":"ImageObject","url":"https:\/\/shop.hidalgo.nl\/wp-content\/uploads\/2025\/04\/06270b1465c4242b98a61da34495168f5b12dfaf2f5f0f6e657499c594e715b6.jpg","@id":"https:\/\/hidalgo.nl\/de\/product\/2421\/halfar-frame-organizer-werbeartikel-fuer-gadgets-reisen\/#productImage"},"productGroupID":2421,"hasVariant":[{"@type":"Product","@id":"https:\/\/hidalgo.nl\/de\/product\/2421\/halfar-frame-organizer-werbeartikel-fuer-gadgets-reisen\/#wooCommerceProduct","name":"organizer FRAME -","url":"https:\/\/hidalgo.nl\/de\/product\/2421\/halfar-frame-organizer-werbeartikel-fuer-gadgets-reisen\/","sku":"A137-1816056-740","image":{"@type":"ImageObject","url":"https:\/\/shop.hidalgo.nl\/wp-content\/uploads\/2026\/01\/d400f5fa766bbd39c42324c3420e8b550c98f768695f9ccba0540564cfcb9fc0-1.jpg","@id":"https:\/\/hidalgo.nl\/de\/product\/2421\/halfar-frame-organizer-werbeartikel-fuer-gadgets-reisen\/#productImage","width":747,"height":1000},"offers":{"@type":"Offer","url":"https:\/\/hidalgo.nl\/de\/product\/2421\/halfar-frame-organizer-werbeartikel-fuer-gadgets-reisen\/#wooCommerceOffer","price":"17.98","priceCurrency":"EUR","category":"Promotionele Artikelen","availability":"https:\/\/schema.org\/InStock","priceSpecification":{"@type":"PriceSpecification","price":17.98,"priceCurrency":"EUR","valueAddedTaxIncluded":"true"}}}]},{"@type":"WebPage","@id":"https:\/\/hidalgo.nl\/de\/product\/2421\/halfar-frame-organizer-werbeartikel-fuer-gadgets-reisen\/#webpage","url":"https:\/\/hidalgo.nl\/de\/product\/2421\/halfar-frame-organizer-werbeartikel-fuer-gadgets-reisen\/","name":"Halfar FRAME Organizer: Werbeartikel f\u00fcr Gadgets & Reisen","description":"Du erh\u00e4ltst mit diesem Halfar Organizer FRAME den idealen Ordnungshelfer f\u00fcr Gadgets, Kabel & wichtige Dokumente auf deinen Reisen. Bestelle die kompakte Gadget Tasche Gro\u00dfhandel f\u00fcr dein Team oder als hochwertigen Werbeartikel. Wir bieten dir die M\u00f6glichkeit, den Kabel Organizer mit deinem Firmenlogo zu personalisieren.","inLanguage":"de-DE","isPartOf":{"@id":"https:\/\/hidalgo.nl\/de\/#website"},"breadcrumb":{"@id":"https:\/\/hidalgo.nl\/de\/product\/2421\/halfar-frame-organizer-werbeartikel-fuer-gadgets-reisen\/#breadcrumblist"},"image":{"@type":"ImageObject","url":"https:\/\/shop.hidalgo.nl\/wp-content\/uploads\/2025\/04\/06270b1465c4242b98a61da34495168f5b12dfaf2f5f0f6e657499c594e715b6.jpg","@id":"https:\/\/hidalgo.nl\/de\/product\/2421\/halfar-frame-organizer-werbeartikel-fuer-gadgets-reisen\/#mainImage"},"primaryImageOfPage":{"@id":"https:\/\/hidalgo.nl\/de\/product\/2421\/halfar-frame-organizer-werbeartikel-fuer-gadgets-reisen\/#mainImage"},"datePublished":"2025-05-16T13:11:34+00:00","dateModified":"2026-02-16T14:53:08+00:00"},{"@type":"WebSite","@id":"https:\/\/hidalgo.nl\/de\/#website","url":"https:\/\/hidalgo.nl\/de\/","name":"Hidalgo","inLanguage":"de-DE","publisher":{"@id":"https:\/\/hidalgo.nl\/de\/#organization"}}]},"og:locale":"de_DE","og:site_name":"Hidalgo -","og:type":"article","og:title":"Halfar FRAME Organizer: Werbeartikel f\u00fcr Gadgets &amp; Reisen","og:description":"Du erh\u00e4ltst mit diesem Halfar Organizer FRAME den idealen Ordnungshelfer f\u00fcr Gadgets, Kabel &amp; wichtige Dokumente auf deinen Reisen. Bestelle die kompakte Gadget Tasche Gro\u00dfhandel f\u00fcr dein Team oder als hochwertigen Werbeartikel. Wir bieten dir die M\u00f6glichkeit, den Kabel Organizer mit deinem Firmenlogo zu personalisieren.","og:url":"https:\/\/hidalgo.nl\/de\/wp-json\/wp\/v2\/product\/2421","og:image":"https:\/\/shop.hidalgo.nl\/wp-content\/uploads\/2025\/11\/cropped-Hidalgo-est1993.png","og:image:secure_url":"https:\/\/shop.hidalgo.nl\/wp-content\/uploads\/2025\/11\/cropped-Hidalgo-est1993.png","article:published_time":"2025-05-16T13:11:34+00:00","article:modified_time":"2026-02-16T14:53:08+00:00","twitter:card":"summary_large_image","twitter:title":"Halfar FRAME Organizer: Werbeartikel f\u00fcr Gadgets &amp; Reisen","twitter:description":"Du erh\u00e4ltst mit diesem Halfar Organizer FRAME den idealen Ordnungshelfer f\u00fcr Gadgets, Kabel &amp; wichtige Dokumente auf deinen Reisen. Bestelle die kompakte Gadget Tasche Gro\u00dfhandel f\u00fcr dein Team oder als hochwertigen Werbeartikel. Wir bieten dir die M\u00f6glichkeit, den Kabel Organizer mit deinem Firmenlogo zu personalisieren.","twitter:image":"https:\/\/shop.hidalgo.nl\/wp-content\/uploads\/2025\/11\/cropped-Hidalgo-est1993.png"},"aioseo_meta_data":{"post_id":"2421","title":null,"description":null,"keywords":null,"keyphrases":null,"primary_term":null,"canonical_url":null,"og_title":null,"og_description":null,"og_object_type":"default","og_image_type":"default","og_image_url":null,"og_image_width":null,"og_image_height":null,"og_image_custom_url":null,"og_image_custom_fields":null,"og_video":null,"og_custom_url":null,"og_article_section":null,"og_article_tags":null,"twitter_use_og":false,"twitter_card":"default","twitter_image_type":"default","twitter_image_url":null,"twitter_image_custom_url":null,"twitter_image_custom_fields":null,"twitter_title":null,"twitter_description":null,"schema":{"blockGraphs":[],"customGraphs":[],"default":{"data":{"Article":[],"Course":[],"Dataset":[],"FAQPage":[],"Movie":[],"Person":[],"Product":[],"ProductReview":[],"Car":[],"Recipe":[],"Service":[],"SoftwareApplication":[],"WebPage":[]},"graphName":"","isEnabled":true},"graphs":[]},"schema_type":"default","schema_type_options":null,"pillar_content":false,"robots_default":true,"robots_noindex":false,"robots_noarchive":false,"robots_nosnippet":false,"robots_nofollow":false,"robots_noimageindex":false,"robots_noodp":false,"robots_notranslate":false,"robots_max_snippet":null,"robots_max_videopreview":null,"robots_max_imagepreview":"large","priority":null,"frequency":null,"local_seo":null,"seo_analyzer_scan_date":"2026-02-16 09:38:58","breadcrumb_settings":null,"limit_modified_date":false,"reviewed_by":null,"open_ai":null,"ai":null,"created":"2026-01-14 06:17:37","updated":"2026-04-23 04:01:00"},"aioseo_breadcrumb":"<div class=\"aioseo-breadcrumbs\"><span class=\"aioseo-breadcrumb\">\n\t<a href=\"https:\/\/hidalgo.nl\/de\/\" title=\"Home\">Home<\/a>\n<\/span><span class=\"aioseo-breadcrumb-separator\">\u00bb<\/span><span class=\"aioseo-breadcrumb\">\n\t<a href=\"https:\/\/hidalgo.nl\/example\/\" title=\"example\">example<\/a>\n<\/span><span class=\"aioseo-breadcrumb-separator\">\u00bb<\/span><span class=\"aioseo-breadcrumb\">\n\t<a href=\"https:\/\/hidalgo.nl\/en\/product-supplier\/a137\/\" title=\"A137\">A137<\/a>\n<\/span><span class=\"aioseo-breadcrumb-separator\">\u00bb<\/span><span class=\"aioseo-breadcrumb\">\n\torganizer FRAME\n<\/span><\/div>","aioseo_breadcrumb_json":[{"label":"Home","link":"https:\/\/hidalgo.nl\/de\/"},{"label":"example","link":"https:\/\/hidalgo.nl\/example\/"},{"label":"A137","link":"https:\/\/hidalgo.nl\/en\/product-supplier\/a137\/"},{"label":"organizer FRAME","link":"https:\/\/hidalgo.nl\/de\/product\/2421\/halfar-frame-organizer-werbeartikel-fuer-gadgets-reisen\/"}],"_links":{"self":[{"href":"https:\/\/hidalgo.nl\/de\/wp-json\/wp\/v2\/product\/2421","targetHints":{"allow":["GET"]}}],"collection":[{"href":"https:\/\/hidalgo.nl\/de\/wp-json\/wp\/v2\/product"}],"about":[{"href":"https:\/\/hidalgo.nl\/de\/wp-json\/wp\/v2\/types\/product"}],"wp:featuredmedia":[{"embeddable":true,"href":"https:\/\/hidalgo.nl\/de\/wp-json\/wp\/v2\/media\/597989"}],"wp:attachment":[{"href":"https:\/\/hidalgo.nl\/de\/wp-json\/wp\/v2\/media?parent=2421"}],"wp:term":[{"taxonomy":"product_brand","embeddable":true,"href":"https:\/\/hidalgo.nl\/de\/wp-json\/wp\/v2\/product_brand?post=2421"},{"taxonomy":"product_cat","embeddable":true,"href":"https:\/\/hidalgo.nl\/de\/wp-json\/wp\/v2\/product_cat?post=2421"},{"taxonomy":"product_tag","embeddable":true,"href":"https:\/\/hidalgo.nl\/de\/wp-json\/wp\/v2\/product_tag?post=2421"}],"curies":[{"name":"wp","href":"https:\/\/api.w.org\/{rel}","templated":true}]}}