{"id":23744,"date":"2025-07-03T14:09:47","date_gmt":"2025-07-03T14:09:47","guid":{"rendered":"http:\/\/bidonsenshakers.pim.hidalgo.nl\/product\/polyester-vlag-wit-150-x-100-cm\/"},"modified":"2026-02-17T11:49:10","modified_gmt":"2026-02-17T11:49:10","slug":"polyester-vlag-wit-150-x-100-cm","status":"publish","type":"product","link":"https:\/\/hidalgo.nl\/de\/product\/23744\/werbefahne-bedrucken-150x100-cm-fuer-event-und-firma\/","title":{"rendered":"Polyester vlag &#8211; wit &#8211; 150 x 100 CM"},"content":{"rendered":"<p>Polyester vlag &#8211; wit &#8211; formaat 150 x 100 CM. Te voorzien van een allover sublimatie print.<br \/>\nLET OP: Dit is een witte vlag, de afbeelding is een voorbeeld van een all over sublimatie print. <\/p>\n","protected":false},"excerpt":{"rendered":"<p>Polyester vlag &#8211; wit &#8211; 150 x 100 CM<\/p>\n","protected":false},"featured_media":582025,"template":"","meta":{"_acf_changed":false,"om_disable_all_campaigns":false,"_monsterinsights_skip_tracking":false,"_monsterinsights_sitenote_active":false,"_monsterinsights_sitenote_note":"","_monsterinsights_sitenote_category":0},"product_brand":[],"product_cat":[4776,4719,4774],"product_tag":[],"class_list":{"0":"post-23744","1":"product","2":"type-product","3":"status-publish","4":"has-post-thumbnail","6":"product_supplier-a86","7":"product_material-100-polyester","8":"product_cat-feest-artikelen","9":"product_cat-promotionele-artikelen","10":"product_cat-promotionele-artikelen-vrije-tijd","11":"entry","13":"first","14":"instock","15":"taxable","16":"shipping-taxable","17":"purchasable","18":"product-type-variable"},"acf":{"imprint_cost":[{"imprint_cost_key":"75e689128ef88d978cc4f65b365e193a7d692658","product_quantity_price_range":[{"imprint_cost_recommended_selling_price":"14.385","imprint_cost_recommended_selling_quantity":"25"},{"imprint_cost_recommended_selling_price":"11.025","imprint_cost_recommended_selling_quantity":"50"},{"imprint_cost_recommended_selling_price":"7.62","imprint_cost_recommended_selling_quantity":"100"},{"imprint_cost_recommended_selling_price":"7.44","imprint_cost_recommended_selling_quantity":"250"},{"imprint_cost_recommended_selling_price":"7.32","imprint_cost_recommended_selling_quantity":"500"},{"imprint_cost_recommended_selling_price":"7.215","imprint_cost_recommended_selling_quantity":"1000"},{"imprint_cost_recommended_selling_price":"6.09","imprint_cost_recommended_selling_quantity":"2500"}],"product_quantity_price_range_buying":[{"imprint_cost_general_buying_price":"9.59","imprint_cost_general_buying_quantity":"25"},{"imprint_cost_general_buying_price":"7.35","imprint_cost_general_buying_quantity":"50"},{"imprint_cost_general_buying_price":"5.08","imprint_cost_general_buying_quantity":"100"},{"imprint_cost_general_buying_price":"4.96","imprint_cost_general_buying_quantity":"250"},{"imprint_cost_general_buying_price":"4.88","imprint_cost_general_buying_quantity":"500"},{"imprint_cost_general_buying_price":"4.81","imprint_cost_general_buying_quantity":"1000"},{"imprint_cost_general_buying_price":"4.06","imprint_cost_general_buying_quantity":"2500"}],"imprint_cost_setup_costs":"41.25","imprint_cost_handling_costs":"0"}]},"aioseo_notices":[],"aioseo_head":"\n\t\t<!-- All in One SEO Pro 4.9.6.2 - aioseo.com -->\n\t<meta name=\"description\" content=\"Mit dieser gro\u00dfformatigen Polyesterfahne 150x100 cm erreichst du maximale Aufmerksamkeit f\u00fcr dein Unternehmen. Lasse deine Eventfahne oder Firmenflagge schnell &amp; professionell mit deinem individuellen Logo bedrucken. Wetterfest und langlebig f\u00fcr deinen professionellen Au\u00dfenauftritt.\" \/>\n\t<meta name=\"robots\" content=\"max-image-preview:large\" \/>\n\t<link rel=\"canonical\" href=\"https:\/\/hidalgo.nl\/de\/wp-json\/wp\/v2\/product\/23744\" \/>\n\t<meta name=\"generator\" content=\"All in One SEO Pro (AIOSEO) 4.9.6.2\" \/>\n\t\t<meta property=\"og:locale\" content=\"de_DE\" \/>\n\t\t<meta property=\"og:site_name\" content=\"Hidalgo -\" \/>\n\t\t<meta property=\"og:type\" content=\"article\" \/>\n\t\t<meta property=\"og:title\" content=\"Werbefahne bedrucken 150x100 cm f\u00fcr event und firma\" \/>\n\t\t<meta property=\"og:description\" content=\"Mit dieser gro\u00dfformatigen Polyesterfahne 150x100 cm erreichst du maximale Aufmerksamkeit f\u00fcr dein Unternehmen. Lasse deine Eventfahne oder Firmenflagge schnell &amp; professionell mit deinem individuellen Logo bedrucken. Wetterfest und langlebig f\u00fcr deinen professionellen Au\u00dfenauftritt.\" \/>\n\t\t<meta property=\"og:url\" content=\"https:\/\/hidalgo.nl\/de\/wp-json\/wp\/v2\/product\/23744\" \/>\n\t\t<meta property=\"og:image\" content=\"https:\/\/shop.hidalgo.nl\/wp-content\/uploads\/2025\/11\/cropped-Hidalgo-est1993.png\" \/>\n\t\t<meta property=\"og:image:secure_url\" content=\"https:\/\/shop.hidalgo.nl\/wp-content\/uploads\/2025\/11\/cropped-Hidalgo-est1993.png\" \/>\n\t\t<meta property=\"article:published_time\" content=\"2025-07-03T14:09:47+00:00\" \/>\n\t\t<meta property=\"article:modified_time\" content=\"2026-02-17T11:49:10+00:00\" \/>\n\t\t<meta name=\"twitter:card\" content=\"summary_large_image\" \/>\n\t\t<meta name=\"twitter:title\" content=\"Werbefahne bedrucken 150x100 cm f\u00fcr event und firma\" \/>\n\t\t<meta name=\"twitter:description\" content=\"Mit dieser gro\u00dfformatigen Polyesterfahne 150x100 cm erreichst du maximale Aufmerksamkeit f\u00fcr dein Unternehmen. Lasse deine Eventfahne oder Firmenflagge schnell &amp; professionell mit deinem individuellen Logo bedrucken. Wetterfest und langlebig f\u00fcr deinen professionellen Au\u00dfenauftritt.\" \/>\n\t\t<meta name=\"twitter:image\" content=\"https:\/\/shop.hidalgo.nl\/wp-content\/uploads\/2025\/11\/cropped-Hidalgo-est1993.png\" \/>\n\t\t<script type=\"application\/ld+json\" class=\"aioseo-schema\">\n\t\t\t{\"@context\":\"https:\\\/\\\/schema.org\",\"@graph\":[{\"@type\":\"BreadcrumbList\",\"@id\":\"https:\\\/\\\/hidalgo.nl\\\/de\\\/product\\\/23744\\\/werbefahne-bedrucken-150x100-cm-fuer-event-und-firma\\\/#breadcrumblist\",\"itemListElement\":[{\"@type\":\"ListItem\",\"@id\":\"https:\\\/\\\/hidalgo.nl\\\/de\\\/#listItem\",\"position\":1,\"name\":\"Home\",\"item\":\"https:\\\/\\\/hidalgo.nl\\\/de\\\/\",\"nextItem\":{\"@type\":\"ListItem\",\"@id\":\"https:\\\/\\\/hidalgo.nl\\\/example\\\/#listItem\",\"name\":\"example\"}},{\"@type\":\"ListItem\",\"@id\":\"https:\\\/\\\/hidalgo.nl\\\/example\\\/#listItem\",\"position\":2,\"name\":\"example\",\"item\":\"https:\\\/\\\/hidalgo.nl\\\/example\\\/\",\"nextItem\":{\"@type\":\"ListItem\",\"@id\":\"https:\\\/\\\/hidalgo.nl\\\/en\\\/product-supplier\\\/a86\\\/#listItem\",\"name\":\"A86\"},\"previousItem\":{\"@type\":\"ListItem\",\"@id\":\"https:\\\/\\\/hidalgo.nl\\\/de\\\/#listItem\",\"name\":\"Home\"}},{\"@type\":\"ListItem\",\"@id\":\"https:\\\/\\\/hidalgo.nl\\\/en\\\/product-supplier\\\/a86\\\/#listItem\",\"position\":3,\"name\":\"A86\",\"item\":\"https:\\\/\\\/hidalgo.nl\\\/en\\\/product-supplier\\\/a86\\\/\",\"nextItem\":{\"@type\":\"ListItem\",\"@id\":\"https:\\\/\\\/hidalgo.nl\\\/de\\\/product\\\/23744\\\/werbefahne-bedrucken-150x100-cm-fuer-event-und-firma\\\/#listItem\",\"name\":\"Polyester vlag &#8211; wit &#8211; 150 x 100 CM\"},\"previousItem\":{\"@type\":\"ListItem\",\"@id\":\"https:\\\/\\\/hidalgo.nl\\\/example\\\/#listItem\",\"name\":\"example\"}},{\"@type\":\"ListItem\",\"@id\":\"https:\\\/\\\/hidalgo.nl\\\/de\\\/product\\\/23744\\\/werbefahne-bedrucken-150x100-cm-fuer-event-und-firma\\\/#listItem\",\"position\":4,\"name\":\"Polyester vlag &#8211; wit &#8211; 150 x 100 CM\",\"previousItem\":{\"@type\":\"ListItem\",\"@id\":\"https:\\\/\\\/hidalgo.nl\\\/en\\\/product-supplier\\\/a86\\\/#listItem\",\"name\":\"A86\"}}]},{\"@type\":\"Organization\",\"@id\":\"https:\\\/\\\/hidalgo.nl\\\/de\\\/#organization\",\"name\":\"Hidalgo\",\"url\":\"https:\\\/\\\/hidalgo.nl\\\/de\\\/\",\"logo\":{\"@type\":\"ImageObject\",\"url\":\"https:\\\/\\\/shop.hidalgo.nl\\\/wp-content\\\/uploads\\\/2025\\\/11\\\/cropped-Hidalgo-est1993.png\",\"@id\":\"https:\\\/\\\/hidalgo.nl\\\/de\\\/product\\\/23744\\\/werbefahne-bedrucken-150x100-cm-fuer-event-und-firma\\\/#organizationLogo\",\"width\":585,\"height\":195},\"image\":{\"@id\":\"https:\\\/\\\/hidalgo.nl\\\/de\\\/product\\\/23744\\\/werbefahne-bedrucken-150x100-cm-fuer-event-und-firma\\\/#organizationLogo\"}},{\"@type\":\"ProductGroup\",\"@id\":\"https:\\\/\\\/hidalgo.nl\\\/de\\\/product\\\/23744\\\/werbefahne-bedrucken-150x100-cm-fuer-event-und-firma\\\/#wooCommerceProduct\",\"name\":\"Werbefahne bedrucken 150x100 cm f\\u00fcr event und firma\",\"description\":\"Polyester vlag - wit - 150 x 100 CM\",\"url\":\"https:\\\/\\\/hidalgo.nl\\\/de\\\/product\\\/23744\\\/werbefahne-bedrucken-150x100-cm-fuer-event-und-firma\\\/\",\"sku\":\"A86-8800\",\"image\":{\"@type\":\"ImageObject\",\"url\":\"https:\\\/\\\/shop.hidalgo.nl\\\/wp-content\\\/uploads\\\/2025\\\/03\\\/6e4a38eb9c190f49637d6f645591a15b7a5a3526419f941b8273309b79737810.jpg\",\"@id\":\"https:\\\/\\\/hidalgo.nl\\\/de\\\/product\\\/23744\\\/werbefahne-bedrucken-150x100-cm-fuer-event-und-firma\\\/#productImage\"},\"productGroupID\":23744,\"hasVariant\":[{\"@type\":\"Product\",\"@id\":\"https:\\\/\\\/hidalgo.nl\\\/de\\\/product\\\/23744\\\/werbefahne-bedrucken-150x100-cm-fuer-event-und-firma\\\/#wooCommerceProduct\",\"name\":\"Polyester vlag - wit - 150 x 100 CM - wit\",\"description\":\"Polyester vlag - wit - 150 x 100 CM\",\"url\":\"https:\\\/\\\/hidalgo.nl\\\/de\\\/product\\\/23744\\\/werbefahne-bedrucken-150x100-cm-fuer-event-und-firma\\\/\",\"sku\":\"A86-8800-06-A06\",\"gtin\":\"8719495001004\",\"image\":{\"@type\":\"ImageObject\",\"url\":\"https:\\\/\\\/shop.hidalgo.nl\\\/wp-content\\\/uploads\\\/2025\\\/05\\\/6e4a38eb9c190f49637d6f645591a15b7a5a3526419f941b8273309b79737810.jpg\",\"@id\":\"https:\\\/\\\/hidalgo.nl\\\/de\\\/product\\\/23744\\\/werbefahne-bedrucken-150x100-cm-fuer-event-und-firma\\\/#productImage\",\"width\":1000,\"height\":1000},\"offers\":{\"@type\":\"Offer\",\"url\":\"https:\\\/\\\/hidalgo.nl\\\/de\\\/product\\\/23744\\\/werbefahne-bedrucken-150x100-cm-fuer-event-und-firma\\\/#wooCommerceOffer\",\"price\":\"3.75\",\"priceCurrency\":\"EUR\",\"category\":\"Promotionele Artikelen\",\"availability\":\"https:\\\/\\\/schema.org\\\/InStock\",\"priceSpecification\":{\"@type\":\"PriceSpecification\",\"price\":3.75,\"priceCurrency\":\"EUR\",\"valueAddedTaxIncluded\":\"true\"}}}]},{\"@type\":\"WebPage\",\"@id\":\"https:\\\/\\\/hidalgo.nl\\\/de\\\/product\\\/23744\\\/werbefahne-bedrucken-150x100-cm-fuer-event-und-firma\\\/#webpage\",\"url\":\"https:\\\/\\\/hidalgo.nl\\\/de\\\/product\\\/23744\\\/werbefahne-bedrucken-150x100-cm-fuer-event-und-firma\\\/\",\"name\":\"Werbefahne bedrucken 150x100 cm f\\u00fcr event und firma\",\"description\":\"Mit dieser gro\\u00dfformatigen Polyesterfahne 150x100 cm erreichst du maximale Aufmerksamkeit f\\u00fcr dein Unternehmen. Lasse deine Eventfahne oder Firmenflagge schnell & professionell mit deinem individuellen Logo bedrucken. Wetterfest und langlebig f\\u00fcr deinen professionellen Au\\u00dfenauftritt.\",\"inLanguage\":\"de-DE\",\"isPartOf\":{\"@id\":\"https:\\\/\\\/hidalgo.nl\\\/de\\\/#website\"},\"breadcrumb\":{\"@id\":\"https:\\\/\\\/hidalgo.nl\\\/de\\\/product\\\/23744\\\/werbefahne-bedrucken-150x100-cm-fuer-event-und-firma\\\/#breadcrumblist\"},\"image\":{\"@type\":\"ImageObject\",\"url\":\"https:\\\/\\\/shop.hidalgo.nl\\\/wp-content\\\/uploads\\\/2025\\\/03\\\/6e4a38eb9c190f49637d6f645591a15b7a5a3526419f941b8273309b79737810.jpg\",\"@id\":\"https:\\\/\\\/hidalgo.nl\\\/de\\\/product\\\/23744\\\/werbefahne-bedrucken-150x100-cm-fuer-event-und-firma\\\/#mainImage\"},\"primaryImageOfPage\":{\"@id\":\"https:\\\/\\\/hidalgo.nl\\\/de\\\/product\\\/23744\\\/werbefahne-bedrucken-150x100-cm-fuer-event-und-firma\\\/#mainImage\"},\"datePublished\":\"2025-07-03T14:09:47+00:00\",\"dateModified\":\"2026-02-17T11:49:10+00:00\"},{\"@type\":\"WebSite\",\"@id\":\"https:\\\/\\\/hidalgo.nl\\\/de\\\/#website\",\"url\":\"https:\\\/\\\/hidalgo.nl\\\/de\\\/\",\"name\":\"Hidalgo\",\"inLanguage\":\"de-DE\",\"publisher\":{\"@id\":\"https:\\\/\\\/hidalgo.nl\\\/de\\\/#organization\"}}]}\n\t\t<\/script>\n\t\t<!-- All in One SEO Pro -->\r\n\t\t<title>Werbefahne bedrucken 150x100 cm f\u00fcr event und firma<\/title>\n\n","aioseo_head_json":{"title":"Werbefahne bedrucken 150x100 cm f\u00fcr event und firma","description":"Mit dieser gro\u00dfformatigen Polyesterfahne 150x100 cm erreichst du maximale Aufmerksamkeit f\u00fcr dein Unternehmen. Lasse deine Eventfahne oder Firmenflagge schnell & professionell mit deinem individuellen Logo bedrucken. Wetterfest und langlebig f\u00fcr deinen professionellen Au\u00dfenauftritt.","canonical_url":"https:\/\/hidalgo.nl\/de\/wp-json\/wp\/v2\/product\/23744","robots":"max-image-preview:large","keywords":"","webmasterTools":{"miscellaneous":""},"schema":{"@context":"https:\/\/schema.org","@graph":[{"@type":"BreadcrumbList","@id":"https:\/\/hidalgo.nl\/de\/product\/23744\/werbefahne-bedrucken-150x100-cm-fuer-event-und-firma\/#breadcrumblist","itemListElement":[{"@type":"ListItem","@id":"https:\/\/hidalgo.nl\/de\/#listItem","position":1,"name":"Home","item":"https:\/\/hidalgo.nl\/de\/","nextItem":{"@type":"ListItem","@id":"https:\/\/hidalgo.nl\/example\/#listItem","name":"example"}},{"@type":"ListItem","@id":"https:\/\/hidalgo.nl\/example\/#listItem","position":2,"name":"example","item":"https:\/\/hidalgo.nl\/example\/","nextItem":{"@type":"ListItem","@id":"https:\/\/hidalgo.nl\/en\/product-supplier\/a86\/#listItem","name":"A86"},"previousItem":{"@type":"ListItem","@id":"https:\/\/hidalgo.nl\/de\/#listItem","name":"Home"}},{"@type":"ListItem","@id":"https:\/\/hidalgo.nl\/en\/product-supplier\/a86\/#listItem","position":3,"name":"A86","item":"https:\/\/hidalgo.nl\/en\/product-supplier\/a86\/","nextItem":{"@type":"ListItem","@id":"https:\/\/hidalgo.nl\/de\/product\/23744\/werbefahne-bedrucken-150x100-cm-fuer-event-und-firma\/#listItem","name":"Polyester vlag &#8211; wit &#8211; 150 x 100 CM"},"previousItem":{"@type":"ListItem","@id":"https:\/\/hidalgo.nl\/example\/#listItem","name":"example"}},{"@type":"ListItem","@id":"https:\/\/hidalgo.nl\/de\/product\/23744\/werbefahne-bedrucken-150x100-cm-fuer-event-und-firma\/#listItem","position":4,"name":"Polyester vlag &#8211; wit &#8211; 150 x 100 CM","previousItem":{"@type":"ListItem","@id":"https:\/\/hidalgo.nl\/en\/product-supplier\/a86\/#listItem","name":"A86"}}]},{"@type":"Organization","@id":"https:\/\/hidalgo.nl\/de\/#organization","name":"Hidalgo","url":"https:\/\/hidalgo.nl\/de\/","logo":{"@type":"ImageObject","url":"https:\/\/shop.hidalgo.nl\/wp-content\/uploads\/2025\/11\/cropped-Hidalgo-est1993.png","@id":"https:\/\/hidalgo.nl\/de\/product\/23744\/werbefahne-bedrucken-150x100-cm-fuer-event-und-firma\/#organizationLogo","width":585,"height":195},"image":{"@id":"https:\/\/hidalgo.nl\/de\/product\/23744\/werbefahne-bedrucken-150x100-cm-fuer-event-und-firma\/#organizationLogo"}},{"@type":"ProductGroup","@id":"https:\/\/hidalgo.nl\/de\/product\/23744\/werbefahne-bedrucken-150x100-cm-fuer-event-und-firma\/#wooCommerceProduct","name":"Werbefahne bedrucken 150x100 cm f\u00fcr event und firma","description":"Polyester vlag - wit - 150 x 100 CM","url":"https:\/\/hidalgo.nl\/de\/product\/23744\/werbefahne-bedrucken-150x100-cm-fuer-event-und-firma\/","sku":"A86-8800","image":{"@type":"ImageObject","url":"https:\/\/shop.hidalgo.nl\/wp-content\/uploads\/2025\/03\/6e4a38eb9c190f49637d6f645591a15b7a5a3526419f941b8273309b79737810.jpg","@id":"https:\/\/hidalgo.nl\/de\/product\/23744\/werbefahne-bedrucken-150x100-cm-fuer-event-und-firma\/#productImage"},"productGroupID":23744,"hasVariant":[{"@type":"Product","@id":"https:\/\/hidalgo.nl\/de\/product\/23744\/werbefahne-bedrucken-150x100-cm-fuer-event-und-firma\/#wooCommerceProduct","name":"Polyester vlag - wit - 150 x 100 CM - wit","description":"Polyester vlag - wit - 150 x 100 CM","url":"https:\/\/hidalgo.nl\/de\/product\/23744\/werbefahne-bedrucken-150x100-cm-fuer-event-und-firma\/","sku":"A86-8800-06-A06","gtin":"8719495001004","image":{"@type":"ImageObject","url":"https:\/\/shop.hidalgo.nl\/wp-content\/uploads\/2025\/05\/6e4a38eb9c190f49637d6f645591a15b7a5a3526419f941b8273309b79737810.jpg","@id":"https:\/\/hidalgo.nl\/de\/product\/23744\/werbefahne-bedrucken-150x100-cm-fuer-event-und-firma\/#productImage","width":1000,"height":1000},"offers":{"@type":"Offer","url":"https:\/\/hidalgo.nl\/de\/product\/23744\/werbefahne-bedrucken-150x100-cm-fuer-event-und-firma\/#wooCommerceOffer","price":"3.75","priceCurrency":"EUR","category":"Promotionele Artikelen","availability":"https:\/\/schema.org\/InStock","priceSpecification":{"@type":"PriceSpecification","price":3.75,"priceCurrency":"EUR","valueAddedTaxIncluded":"true"}}}]},{"@type":"WebPage","@id":"https:\/\/hidalgo.nl\/de\/product\/23744\/werbefahne-bedrucken-150x100-cm-fuer-event-und-firma\/#webpage","url":"https:\/\/hidalgo.nl\/de\/product\/23744\/werbefahne-bedrucken-150x100-cm-fuer-event-und-firma\/","name":"Werbefahne bedrucken 150x100 cm f\u00fcr event und firma","description":"Mit dieser gro\u00dfformatigen Polyesterfahne 150x100 cm erreichst du maximale Aufmerksamkeit f\u00fcr dein Unternehmen. Lasse deine Eventfahne oder Firmenflagge schnell & professionell mit deinem individuellen Logo bedrucken. Wetterfest und langlebig f\u00fcr deinen professionellen Au\u00dfenauftritt.","inLanguage":"de-DE","isPartOf":{"@id":"https:\/\/hidalgo.nl\/de\/#website"},"breadcrumb":{"@id":"https:\/\/hidalgo.nl\/de\/product\/23744\/werbefahne-bedrucken-150x100-cm-fuer-event-und-firma\/#breadcrumblist"},"image":{"@type":"ImageObject","url":"https:\/\/shop.hidalgo.nl\/wp-content\/uploads\/2025\/03\/6e4a38eb9c190f49637d6f645591a15b7a5a3526419f941b8273309b79737810.jpg","@id":"https:\/\/hidalgo.nl\/de\/product\/23744\/werbefahne-bedrucken-150x100-cm-fuer-event-und-firma\/#mainImage"},"primaryImageOfPage":{"@id":"https:\/\/hidalgo.nl\/de\/product\/23744\/werbefahne-bedrucken-150x100-cm-fuer-event-und-firma\/#mainImage"},"datePublished":"2025-07-03T14:09:47+00:00","dateModified":"2026-02-17T11:49:10+00:00"},{"@type":"WebSite","@id":"https:\/\/hidalgo.nl\/de\/#website","url":"https:\/\/hidalgo.nl\/de\/","name":"Hidalgo","inLanguage":"de-DE","publisher":{"@id":"https:\/\/hidalgo.nl\/de\/#organization"}}]},"og:locale":"de_DE","og:site_name":"Hidalgo -","og:type":"article","og:title":"Werbefahne bedrucken 150x100 cm f\u00fcr event und firma","og:description":"Mit dieser gro\u00dfformatigen Polyesterfahne 150x100 cm erreichst du maximale Aufmerksamkeit f\u00fcr dein Unternehmen. Lasse deine Eventfahne oder Firmenflagge schnell &amp; professionell mit deinem individuellen Logo bedrucken. Wetterfest und langlebig f\u00fcr deinen professionellen Au\u00dfenauftritt.","og:url":"https:\/\/hidalgo.nl\/de\/wp-json\/wp\/v2\/product\/23744","og:image":"https:\/\/shop.hidalgo.nl\/wp-content\/uploads\/2025\/11\/cropped-Hidalgo-est1993.png","og:image:secure_url":"https:\/\/shop.hidalgo.nl\/wp-content\/uploads\/2025\/11\/cropped-Hidalgo-est1993.png","article:published_time":"2025-07-03T14:09:47+00:00","article:modified_time":"2026-02-17T11:49:10+00:00","twitter:card":"summary_large_image","twitter:title":"Werbefahne bedrucken 150x100 cm f\u00fcr event und firma","twitter:description":"Mit dieser gro\u00dfformatigen Polyesterfahne 150x100 cm erreichst du maximale Aufmerksamkeit f\u00fcr dein Unternehmen. Lasse deine Eventfahne oder Firmenflagge schnell &amp; professionell mit deinem individuellen Logo bedrucken. Wetterfest und langlebig f\u00fcr deinen professionellen Au\u00dfenauftritt.","twitter:image":"https:\/\/shop.hidalgo.nl\/wp-content\/uploads\/2025\/11\/cropped-Hidalgo-est1993.png"},"aioseo_meta_data":{"post_id":"23744","title":null,"description":null,"keywords":null,"keyphrases":null,"primary_term":null,"canonical_url":null,"og_title":null,"og_description":null,"og_object_type":"default","og_image_type":"default","og_image_url":null,"og_image_width":null,"og_image_height":null,"og_image_custom_url":null,"og_image_custom_fields":null,"og_video":null,"og_custom_url":null,"og_article_section":null,"og_article_tags":null,"twitter_use_og":false,"twitter_card":"default","twitter_image_type":"default","twitter_image_url":null,"twitter_image_custom_url":null,"twitter_image_custom_fields":null,"twitter_title":null,"twitter_description":null,"schema":{"blockGraphs":[],"customGraphs":[],"default":{"data":{"Article":[],"Course":[],"Dataset":[],"FAQPage":[],"Movie":[],"Person":[],"Product":[],"ProductReview":[],"Car":[],"Recipe":[],"Service":[],"SoftwareApplication":[],"WebPage":[]},"graphName":"","isEnabled":true},"graphs":[]},"schema_type":"default","schema_type_options":null,"pillar_content":false,"robots_default":true,"robots_noindex":false,"robots_noarchive":false,"robots_nosnippet":false,"robots_nofollow":false,"robots_noimageindex":false,"robots_noodp":false,"robots_notranslate":false,"robots_max_snippet":null,"robots_max_videopreview":null,"robots_max_imagepreview":"large","priority":null,"frequency":null,"local_seo":null,"seo_analyzer_scan_date":"2026-01-20 12:34:27","breadcrumb_settings":null,"limit_modified_date":false,"reviewed_by":null,"open_ai":null,"ai":null,"created":"2026-01-14 06:17:38","updated":"2026-04-23 05:48:50"},"aioseo_breadcrumb":"<div class=\"aioseo-breadcrumbs\"><span class=\"aioseo-breadcrumb\">\n\t<a href=\"https:\/\/hidalgo.nl\/de\/\" title=\"Home\">Home<\/a>\n<\/span><span class=\"aioseo-breadcrumb-separator\">\u00bb<\/span><span class=\"aioseo-breadcrumb\">\n\t<a href=\"https:\/\/hidalgo.nl\/example\/\" title=\"example\">example<\/a>\n<\/span><span class=\"aioseo-breadcrumb-separator\">\u00bb<\/span><span class=\"aioseo-breadcrumb\">\n\t<a href=\"https:\/\/hidalgo.nl\/en\/product-supplier\/a86\/\" title=\"A86\">A86<\/a>\n<\/span><span class=\"aioseo-breadcrumb-separator\">\u00bb<\/span><span class=\"aioseo-breadcrumb\">\n\tPolyester vlag \u2013 wit \u2013 150 x 100 CM\n<\/span><\/div>","aioseo_breadcrumb_json":[{"label":"Home","link":"https:\/\/hidalgo.nl\/de\/"},{"label":"example","link":"https:\/\/hidalgo.nl\/example\/"},{"label":"A86","link":"https:\/\/hidalgo.nl\/en\/product-supplier\/a86\/"},{"label":"Polyester vlag &#8211; wit &#8211; 150 x 100 CM","link":"https:\/\/hidalgo.nl\/de\/product\/23744\/werbefahne-bedrucken-150x100-cm-fuer-event-und-firma\/"}],"_links":{"self":[{"href":"https:\/\/hidalgo.nl\/de\/wp-json\/wp\/v2\/product\/23744","targetHints":{"allow":["GET"]}}],"collection":[{"href":"https:\/\/hidalgo.nl\/de\/wp-json\/wp\/v2\/product"}],"about":[{"href":"https:\/\/hidalgo.nl\/de\/wp-json\/wp\/v2\/types\/product"}],"wp:featuredmedia":[{"embeddable":true,"href":"https:\/\/hidalgo.nl\/de\/wp-json\/wp\/v2\/media\/582025"}],"wp:attachment":[{"href":"https:\/\/hidalgo.nl\/de\/wp-json\/wp\/v2\/media?parent=23744"}],"wp:term":[{"taxonomy":"product_brand","embeddable":true,"href":"https:\/\/hidalgo.nl\/de\/wp-json\/wp\/v2\/product_brand?post=23744"},{"taxonomy":"product_cat","embeddable":true,"href":"https:\/\/hidalgo.nl\/de\/wp-json\/wp\/v2\/product_cat?post=23744"},{"taxonomy":"product_tag","embeddable":true,"href":"https:\/\/hidalgo.nl\/de\/wp-json\/wp\/v2\/product_tag?post=23744"}],"curies":[{"name":"wp","href":"https:\/\/api.w.org\/{rel}","templated":true}]}}