{"id":23740,"date":"2025-07-03T14:09:42","date_gmt":"2025-07-03T14:09:42","guid":{"rendered":"http:\/\/bidonsenshakers.pim.hidalgo.nl\/product\/remove-before-flight-hangtag\/"},"modified":"2026-02-17T11:49:10","modified_gmt":"2026-02-17T11:49:10","slug":"remove-before-flight-hangtag","status":"publish","type":"product","link":"https:\/\/hidalgo.nl\/de\/product\/23740\/effektiver-werbeartikel-remove-before-flight-schluesselanhaenger-mit-logo\/","title":{"rendered":"Remove before flight hangtag"},"content":{"rendered":"<p>Opvallend en stoer &#8211; de \u2018Remove before flight\u2019 hangtag trekt meteen de aandacht. Ge\u00efnspireerd op de luchtvaartwereld is deze iconische tag niet alleen een toffe gadget voor sleutels, tassen of koffers, maar ook een krachtige eyecatcher voor jouw merk. Perfect als giveaway op beurzen, events of acties. De hangtag heeft een afmeting van 18&#215;3 cm en is voorzien van een sleutelring. <\/p>\n","protected":false},"excerpt":{"rendered":"<p>Remove before flight hangtag. 100% katoen, 18&#215;3 cm.<\/p>\n","protected":false},"featured_media":582042,"template":"","meta":{"_acf_changed":false,"om_disable_all_campaigns":false,"_monsterinsights_skip_tracking":false,"_monsterinsights_sitenote_active":false,"_monsterinsights_sitenote_note":"","_monsterinsights_sitenote_category":0},"product_brand":[],"product_cat":[4719,4801],"product_tag":[],"class_list":{"0":"post-23740","1":"product","2":"type-product","3":"status-publish","4":"has-post-thumbnail","6":"product_supplier-a86","7":"product_material-100-katoen","8":"product_cat-promotionele-artikelen","9":"product_cat-sleutelhangers","10":"entry","12":"first","13":"instock","14":"taxable","15":"shipping-taxable","16":"purchasable","17":"product-type-variable"},"acf":{"imprint_cost":[{"imprint_cost_key":"5a70e0951be9242648e4073676d53fc0653f4149","product_quantity_price_range":[{"imprint_cost_recommended_selling_price":"2.82","imprint_cost_recommended_selling_quantity":"25"},{"imprint_cost_recommended_selling_price":"2.22","imprint_cost_recommended_selling_quantity":"50"},{"imprint_cost_recommended_selling_price":"1.875","imprint_cost_recommended_selling_quantity":"100"},{"imprint_cost_recommended_selling_price":"1.395","imprint_cost_recommended_selling_quantity":"250"},{"imprint_cost_recommended_selling_price":"0.915","imprint_cost_recommended_selling_quantity":"500"},{"imprint_cost_recommended_selling_price":"0.765","imprint_cost_recommended_selling_quantity":"1000"},{"imprint_cost_recommended_selling_price":"0.66","imprint_cost_recommended_selling_quantity":"2500"}],"product_quantity_price_range_buying":[{"imprint_cost_general_buying_price":"1.88","imprint_cost_general_buying_quantity":"25"},{"imprint_cost_general_buying_price":"1.48","imprint_cost_general_buying_quantity":"50"},{"imprint_cost_general_buying_price":"1.25","imprint_cost_general_buying_quantity":"100"},{"imprint_cost_general_buying_price":"0.93","imprint_cost_general_buying_quantity":"250"},{"imprint_cost_general_buying_price":"0.61","imprint_cost_general_buying_quantity":"500"},{"imprint_cost_general_buying_price":"0.51","imprint_cost_general_buying_quantity":"1000"},{"imprint_cost_general_buying_price":"0.44","imprint_cost_general_buying_quantity":"2500"}],"imprint_cost_setup_costs":"41.25","imprint_cost_handling_costs":"0"},{"imprint_cost_key":"48a183af6aa8be3b1e9c798b03e6fc7582422dcc","product_quantity_price_range":[{"imprint_cost_recommended_selling_price":"3","imprint_cost_recommended_selling_quantity":"25"},{"imprint_cost_recommended_selling_price":"2.4","imprint_cost_recommended_selling_quantity":"50"},{"imprint_cost_recommended_selling_price":"2.01","imprint_cost_recommended_selling_quantity":"100"},{"imprint_cost_recommended_selling_price":"1.53","imprint_cost_recommended_selling_quantity":"250"},{"imprint_cost_recommended_selling_price":"1.065","imprint_cost_recommended_selling_quantity":"500"},{"imprint_cost_recommended_selling_price":"0.915","imprint_cost_recommended_selling_quantity":"1000"},{"imprint_cost_recommended_selling_price":"0.81","imprint_cost_recommended_selling_quantity":"2500"}],"product_quantity_price_range_buying":[{"imprint_cost_general_buying_price":"2","imprint_cost_general_buying_quantity":"25"},{"imprint_cost_general_buying_price":"1.6","imprint_cost_general_buying_quantity":"50"},{"imprint_cost_general_buying_price":"1.34","imprint_cost_general_buying_quantity":"100"},{"imprint_cost_general_buying_price":"1.02","imprint_cost_general_buying_quantity":"250"},{"imprint_cost_general_buying_price":"0.71","imprint_cost_general_buying_quantity":"500"},{"imprint_cost_general_buying_price":"0.61","imprint_cost_general_buying_quantity":"1000"},{"imprint_cost_general_buying_price":"0.54","imprint_cost_general_buying_quantity":"2500"}],"imprint_cost_setup_costs":"41.25","imprint_cost_handling_costs":"0"}]},"aioseo_notices":[],"aioseo_head":"\n\t\t<!-- All in One SEO Pro 4.9.6.2 - aioseo.com -->\n\t<meta name=\"description\" content=\"Mache deine Marke sichtbar: Diesen auff\u00e4lligen roten Textil Schl\u00fcsselanh\u00e4nger kannst du in gro\u00dfen Mengen mit deinem Logo bedrucken lassen. Er ist das ideale, robuste Giveaway f\u00fcr Messen &amp; Events, um bei der Zielgruppe von 20 bis 40 Jahren zu punkten.\" \/>\n\t<meta name=\"robots\" content=\"max-image-preview:large\" \/>\n\t<link rel=\"canonical\" href=\"https:\/\/hidalgo.nl\/de\/wp-json\/wp\/v2\/product\/23740\" \/>\n\t<meta name=\"generator\" content=\"All in One SEO Pro (AIOSEO) 4.9.6.2\" \/>\n\t\t<meta property=\"og:locale\" content=\"de_DE\" \/>\n\t\t<meta property=\"og:site_name\" content=\"Hidalgo -\" \/>\n\t\t<meta property=\"og:type\" content=\"article\" \/>\n\t\t<meta property=\"og:title\" content=\"Effektiver Werbeartikel: Remove Before Flight Schl\u00fcsselanh\u00e4nger mit Logo\" \/>\n\t\t<meta property=\"og:description\" content=\"Mache deine Marke sichtbar: Diesen auff\u00e4lligen roten Textil Schl\u00fcsselanh\u00e4nger kannst du in gro\u00dfen Mengen mit deinem Logo bedrucken lassen. Er ist das ideale, robuste Giveaway f\u00fcr Messen &amp; Events, um bei der Zielgruppe von 20 bis 40 Jahren zu punkten.\" \/>\n\t\t<meta property=\"og:url\" content=\"https:\/\/hidalgo.nl\/de\/wp-json\/wp\/v2\/product\/23740\" \/>\n\t\t<meta property=\"og:image\" content=\"https:\/\/shop.hidalgo.nl\/wp-content\/uploads\/2025\/11\/cropped-Hidalgo-est1993.png\" \/>\n\t\t<meta property=\"og:image:secure_url\" content=\"https:\/\/shop.hidalgo.nl\/wp-content\/uploads\/2025\/11\/cropped-Hidalgo-est1993.png\" \/>\n\t\t<meta property=\"article:published_time\" content=\"2025-07-03T14:09:42+00:00\" \/>\n\t\t<meta property=\"article:modified_time\" content=\"2026-02-17T11:49:10+00:00\" \/>\n\t\t<meta name=\"twitter:card\" content=\"summary_large_image\" \/>\n\t\t<meta name=\"twitter:title\" content=\"Effektiver Werbeartikel: Remove Before Flight Schl\u00fcsselanh\u00e4nger mit Logo\" \/>\n\t\t<meta name=\"twitter:description\" content=\"Mache deine Marke sichtbar: Diesen auff\u00e4lligen roten Textil Schl\u00fcsselanh\u00e4nger kannst du in gro\u00dfen Mengen mit deinem Logo bedrucken lassen. Er ist das ideale, robuste Giveaway f\u00fcr Messen &amp; Events, um bei der Zielgruppe von 20 bis 40 Jahren zu punkten.\" \/>\n\t\t<meta name=\"twitter:image\" content=\"https:\/\/shop.hidalgo.nl\/wp-content\/uploads\/2025\/11\/cropped-Hidalgo-est1993.png\" \/>\n\t\t<script type=\"application\/ld+json\" class=\"aioseo-schema\">\n\t\t\t{\"@context\":\"https:\\\/\\\/schema.org\",\"@graph\":[{\"@type\":\"BreadcrumbList\",\"@id\":\"https:\\\/\\\/hidalgo.nl\\\/de\\\/product\\\/23740\\\/effektiver-werbeartikel-remove-before-flight-schluesselanhaenger-mit-logo\\\/#breadcrumblist\",\"itemListElement\":[{\"@type\":\"ListItem\",\"@id\":\"https:\\\/\\\/hidalgo.nl\\\/de\\\/#listItem\",\"position\":1,\"name\":\"Home\",\"item\":\"https:\\\/\\\/hidalgo.nl\\\/de\\\/\",\"nextItem\":{\"@type\":\"ListItem\",\"@id\":\"https:\\\/\\\/hidalgo.nl\\\/example\\\/#listItem\",\"name\":\"example\"}},{\"@type\":\"ListItem\",\"@id\":\"https:\\\/\\\/hidalgo.nl\\\/example\\\/#listItem\",\"position\":2,\"name\":\"example\",\"item\":\"https:\\\/\\\/hidalgo.nl\\\/example\\\/\",\"nextItem\":{\"@type\":\"ListItem\",\"@id\":\"https:\\\/\\\/hidalgo.nl\\\/en\\\/product-supplier\\\/a86\\\/#listItem\",\"name\":\"A86\"},\"previousItem\":{\"@type\":\"ListItem\",\"@id\":\"https:\\\/\\\/hidalgo.nl\\\/de\\\/#listItem\",\"name\":\"Home\"}},{\"@type\":\"ListItem\",\"@id\":\"https:\\\/\\\/hidalgo.nl\\\/en\\\/product-supplier\\\/a86\\\/#listItem\",\"position\":3,\"name\":\"A86\",\"item\":\"https:\\\/\\\/hidalgo.nl\\\/en\\\/product-supplier\\\/a86\\\/\",\"nextItem\":{\"@type\":\"ListItem\",\"@id\":\"https:\\\/\\\/hidalgo.nl\\\/de\\\/product\\\/23740\\\/effektiver-werbeartikel-remove-before-flight-schluesselanhaenger-mit-logo\\\/#listItem\",\"name\":\"Remove before flight hangtag\"},\"previousItem\":{\"@type\":\"ListItem\",\"@id\":\"https:\\\/\\\/hidalgo.nl\\\/example\\\/#listItem\",\"name\":\"example\"}},{\"@type\":\"ListItem\",\"@id\":\"https:\\\/\\\/hidalgo.nl\\\/de\\\/product\\\/23740\\\/effektiver-werbeartikel-remove-before-flight-schluesselanhaenger-mit-logo\\\/#listItem\",\"position\":4,\"name\":\"Remove before flight hangtag\",\"previousItem\":{\"@type\":\"ListItem\",\"@id\":\"https:\\\/\\\/hidalgo.nl\\\/en\\\/product-supplier\\\/a86\\\/#listItem\",\"name\":\"A86\"}}]},{\"@type\":\"Organization\",\"@id\":\"https:\\\/\\\/hidalgo.nl\\\/de\\\/#organization\",\"name\":\"Hidalgo\",\"url\":\"https:\\\/\\\/hidalgo.nl\\\/de\\\/\",\"logo\":{\"@type\":\"ImageObject\",\"url\":\"https:\\\/\\\/shop.hidalgo.nl\\\/wp-content\\\/uploads\\\/2025\\\/11\\\/cropped-Hidalgo-est1993.png\",\"@id\":\"https:\\\/\\\/hidalgo.nl\\\/de\\\/product\\\/23740\\\/effektiver-werbeartikel-remove-before-flight-schluesselanhaenger-mit-logo\\\/#organizationLogo\",\"width\":585,\"height\":195},\"image\":{\"@id\":\"https:\\\/\\\/hidalgo.nl\\\/de\\\/product\\\/23740\\\/effektiver-werbeartikel-remove-before-flight-schluesselanhaenger-mit-logo\\\/#organizationLogo\"}},{\"@type\":\"ProductGroup\",\"@id\":\"https:\\\/\\\/hidalgo.nl\\\/de\\\/product\\\/23740\\\/effektiver-werbeartikel-remove-before-flight-schluesselanhaenger-mit-logo\\\/#wooCommerceProduct\",\"name\":\"Effektiver Werbeartikel: Remove Before Flight Schl\\u00fcsselanh\\u00e4nger mit Logo\",\"description\":\"Remove before flight hangtag. 100% katoen, 18x3 cm.\",\"url\":\"https:\\\/\\\/hidalgo.nl\\\/de\\\/product\\\/23740\\\/effektiver-werbeartikel-remove-before-flight-schluesselanhaenger-mit-logo\\\/\",\"sku\":\"A86-7070\",\"image\":{\"@type\":\"ImageObject\",\"url\":\"https:\\\/\\\/shop.hidalgo.nl\\\/wp-content\\\/uploads\\\/2025\\\/03\\\/824fe300b8273c9834ab41b86d321ab187f12b57e08246c30426151e1538cce7.jpg\",\"@id\":\"https:\\\/\\\/hidalgo.nl\\\/de\\\/product\\\/23740\\\/effektiver-werbeartikel-remove-before-flight-schluesselanhaenger-mit-logo\\\/#productImage\"},\"productGroupID\":23740,\"hasVariant\":[{\"@type\":\"Product\",\"@id\":\"https:\\\/\\\/hidalgo.nl\\\/de\\\/product\\\/23740\\\/effektiver-werbeartikel-remove-before-flight-schluesselanhaenger-mit-logo\\\/#wooCommerceProduct\",\"name\":\"Remove before flight hangtag - rood\",\"description\":\"Remove before flight hangtag. 100% katoen, 18x3 cm.\",\"url\":\"https:\\\/\\\/hidalgo.nl\\\/de\\\/product\\\/23740\\\/effektiver-werbeartikel-remove-before-flight-schluesselanhaenger-mit-logo\\\/\",\"sku\":\"A86-7070-05-A05\",\"gtin\":\"8719495012086\",\"image\":{\"@type\":\"ImageObject\",\"url\":\"https:\\\/\\\/shop.hidalgo.nl\\\/wp-content\\\/uploads\\\/2025\\\/05\\\/824fe300b8273c9834ab41b86d321ab187f12b57e08246c30426151e1538cce7.jpg\",\"@id\":\"https:\\\/\\\/hidalgo.nl\\\/de\\\/product\\\/23740\\\/effektiver-werbeartikel-remove-before-flight-schluesselanhaenger-mit-logo\\\/#productImage\",\"width\":640,\"height\":480},\"offers\":{\"@type\":\"Offer\",\"url\":\"https:\\\/\\\/hidalgo.nl\\\/de\\\/product\\\/23740\\\/effektiver-werbeartikel-remove-before-flight-schluesselanhaenger-mit-logo\\\/#wooCommerceOffer\",\"price\":\"1.35\",\"priceCurrency\":\"EUR\",\"category\":\"Promotionele Artikelen\",\"availability\":\"https:\\\/\\\/schema.org\\\/InStock\",\"priceSpecification\":{\"@type\":\"PriceSpecification\",\"price\":1.35,\"priceCurrency\":\"EUR\",\"valueAddedTaxIncluded\":\"true\"}}}]},{\"@type\":\"WebPage\",\"@id\":\"https:\\\/\\\/hidalgo.nl\\\/de\\\/product\\\/23740\\\/effektiver-werbeartikel-remove-before-flight-schluesselanhaenger-mit-logo\\\/#webpage\",\"url\":\"https:\\\/\\\/hidalgo.nl\\\/de\\\/product\\\/23740\\\/effektiver-werbeartikel-remove-before-flight-schluesselanhaenger-mit-logo\\\/\",\"name\":\"Effektiver Werbeartikel: Remove Before Flight Schl\\u00fcsselanh\\u00e4nger mit Logo\",\"description\":\"Mache deine Marke sichtbar: Diesen auff\\u00e4lligen roten Textil Schl\\u00fcsselanh\\u00e4nger kannst du in gro\\u00dfen Mengen mit deinem Logo bedrucken lassen. Er ist das ideale, robuste Giveaway f\\u00fcr Messen & Events, um bei der Zielgruppe von 20 bis 40 Jahren zu punkten.\",\"inLanguage\":\"de-DE\",\"isPartOf\":{\"@id\":\"https:\\\/\\\/hidalgo.nl\\\/de\\\/#website\"},\"breadcrumb\":{\"@id\":\"https:\\\/\\\/hidalgo.nl\\\/de\\\/product\\\/23740\\\/effektiver-werbeartikel-remove-before-flight-schluesselanhaenger-mit-logo\\\/#breadcrumblist\"},\"image\":{\"@type\":\"ImageObject\",\"url\":\"https:\\\/\\\/shop.hidalgo.nl\\\/wp-content\\\/uploads\\\/2025\\\/03\\\/824fe300b8273c9834ab41b86d321ab187f12b57e08246c30426151e1538cce7.jpg\",\"@id\":\"https:\\\/\\\/hidalgo.nl\\\/de\\\/product\\\/23740\\\/effektiver-werbeartikel-remove-before-flight-schluesselanhaenger-mit-logo\\\/#mainImage\"},\"primaryImageOfPage\":{\"@id\":\"https:\\\/\\\/hidalgo.nl\\\/de\\\/product\\\/23740\\\/effektiver-werbeartikel-remove-before-flight-schluesselanhaenger-mit-logo\\\/#mainImage\"},\"datePublished\":\"2025-07-03T14:09:42+00:00\",\"dateModified\":\"2026-02-17T11:49:10+00:00\"},{\"@type\":\"WebSite\",\"@id\":\"https:\\\/\\\/hidalgo.nl\\\/de\\\/#website\",\"url\":\"https:\\\/\\\/hidalgo.nl\\\/de\\\/\",\"name\":\"Hidalgo\",\"inLanguage\":\"de-DE\",\"publisher\":{\"@id\":\"https:\\\/\\\/hidalgo.nl\\\/de\\\/#organization\"}}]}\n\t\t<\/script>\n\t\t<!-- All in One SEO Pro -->\r\n\t\t<title>Effektiver Werbeartikel: Remove Before Flight Schl\u00fcsselanh\u00e4nger mit Logo<\/title>\n\n","aioseo_head_json":{"title":"Effektiver Werbeartikel: Remove Before Flight Schl\u00fcsselanh\u00e4nger mit Logo","description":"Mache deine Marke sichtbar: Diesen auff\u00e4lligen roten Textil Schl\u00fcsselanh\u00e4nger kannst du in gro\u00dfen Mengen mit deinem Logo bedrucken lassen. Er ist das ideale, robuste Giveaway f\u00fcr Messen & Events, um bei der Zielgruppe von 20 bis 40 Jahren zu punkten.","canonical_url":"https:\/\/hidalgo.nl\/de\/wp-json\/wp\/v2\/product\/23740","robots":"max-image-preview:large","keywords":"","webmasterTools":{"miscellaneous":""},"schema":{"@context":"https:\/\/schema.org","@graph":[{"@type":"BreadcrumbList","@id":"https:\/\/hidalgo.nl\/de\/product\/23740\/effektiver-werbeartikel-remove-before-flight-schluesselanhaenger-mit-logo\/#breadcrumblist","itemListElement":[{"@type":"ListItem","@id":"https:\/\/hidalgo.nl\/de\/#listItem","position":1,"name":"Home","item":"https:\/\/hidalgo.nl\/de\/","nextItem":{"@type":"ListItem","@id":"https:\/\/hidalgo.nl\/example\/#listItem","name":"example"}},{"@type":"ListItem","@id":"https:\/\/hidalgo.nl\/example\/#listItem","position":2,"name":"example","item":"https:\/\/hidalgo.nl\/example\/","nextItem":{"@type":"ListItem","@id":"https:\/\/hidalgo.nl\/en\/product-supplier\/a86\/#listItem","name":"A86"},"previousItem":{"@type":"ListItem","@id":"https:\/\/hidalgo.nl\/de\/#listItem","name":"Home"}},{"@type":"ListItem","@id":"https:\/\/hidalgo.nl\/en\/product-supplier\/a86\/#listItem","position":3,"name":"A86","item":"https:\/\/hidalgo.nl\/en\/product-supplier\/a86\/","nextItem":{"@type":"ListItem","@id":"https:\/\/hidalgo.nl\/de\/product\/23740\/effektiver-werbeartikel-remove-before-flight-schluesselanhaenger-mit-logo\/#listItem","name":"Remove before flight hangtag"},"previousItem":{"@type":"ListItem","@id":"https:\/\/hidalgo.nl\/example\/#listItem","name":"example"}},{"@type":"ListItem","@id":"https:\/\/hidalgo.nl\/de\/product\/23740\/effektiver-werbeartikel-remove-before-flight-schluesselanhaenger-mit-logo\/#listItem","position":4,"name":"Remove before flight hangtag","previousItem":{"@type":"ListItem","@id":"https:\/\/hidalgo.nl\/en\/product-supplier\/a86\/#listItem","name":"A86"}}]},{"@type":"Organization","@id":"https:\/\/hidalgo.nl\/de\/#organization","name":"Hidalgo","url":"https:\/\/hidalgo.nl\/de\/","logo":{"@type":"ImageObject","url":"https:\/\/shop.hidalgo.nl\/wp-content\/uploads\/2025\/11\/cropped-Hidalgo-est1993.png","@id":"https:\/\/hidalgo.nl\/de\/product\/23740\/effektiver-werbeartikel-remove-before-flight-schluesselanhaenger-mit-logo\/#organizationLogo","width":585,"height":195},"image":{"@id":"https:\/\/hidalgo.nl\/de\/product\/23740\/effektiver-werbeartikel-remove-before-flight-schluesselanhaenger-mit-logo\/#organizationLogo"}},{"@type":"ProductGroup","@id":"https:\/\/hidalgo.nl\/de\/product\/23740\/effektiver-werbeartikel-remove-before-flight-schluesselanhaenger-mit-logo\/#wooCommerceProduct","name":"Effektiver Werbeartikel: Remove Before Flight Schl\u00fcsselanh\u00e4nger mit Logo","description":"Remove before flight hangtag. 100% katoen, 18x3 cm.","url":"https:\/\/hidalgo.nl\/de\/product\/23740\/effektiver-werbeartikel-remove-before-flight-schluesselanhaenger-mit-logo\/","sku":"A86-7070","image":{"@type":"ImageObject","url":"https:\/\/shop.hidalgo.nl\/wp-content\/uploads\/2025\/03\/824fe300b8273c9834ab41b86d321ab187f12b57e08246c30426151e1538cce7.jpg","@id":"https:\/\/hidalgo.nl\/de\/product\/23740\/effektiver-werbeartikel-remove-before-flight-schluesselanhaenger-mit-logo\/#productImage"},"productGroupID":23740,"hasVariant":[{"@type":"Product","@id":"https:\/\/hidalgo.nl\/de\/product\/23740\/effektiver-werbeartikel-remove-before-flight-schluesselanhaenger-mit-logo\/#wooCommerceProduct","name":"Remove before flight hangtag - rood","description":"Remove before flight hangtag. 100% katoen, 18x3 cm.","url":"https:\/\/hidalgo.nl\/de\/product\/23740\/effektiver-werbeartikel-remove-before-flight-schluesselanhaenger-mit-logo\/","sku":"A86-7070-05-A05","gtin":"8719495012086","image":{"@type":"ImageObject","url":"https:\/\/shop.hidalgo.nl\/wp-content\/uploads\/2025\/05\/824fe300b8273c9834ab41b86d321ab187f12b57e08246c30426151e1538cce7.jpg","@id":"https:\/\/hidalgo.nl\/de\/product\/23740\/effektiver-werbeartikel-remove-before-flight-schluesselanhaenger-mit-logo\/#productImage","width":640,"height":480},"offers":{"@type":"Offer","url":"https:\/\/hidalgo.nl\/de\/product\/23740\/effektiver-werbeartikel-remove-before-flight-schluesselanhaenger-mit-logo\/#wooCommerceOffer","price":"1.35","priceCurrency":"EUR","category":"Promotionele Artikelen","availability":"https:\/\/schema.org\/InStock","priceSpecification":{"@type":"PriceSpecification","price":1.35,"priceCurrency":"EUR","valueAddedTaxIncluded":"true"}}}]},{"@type":"WebPage","@id":"https:\/\/hidalgo.nl\/de\/product\/23740\/effektiver-werbeartikel-remove-before-flight-schluesselanhaenger-mit-logo\/#webpage","url":"https:\/\/hidalgo.nl\/de\/product\/23740\/effektiver-werbeartikel-remove-before-flight-schluesselanhaenger-mit-logo\/","name":"Effektiver Werbeartikel: Remove Before Flight Schl\u00fcsselanh\u00e4nger mit Logo","description":"Mache deine Marke sichtbar: Diesen auff\u00e4lligen roten Textil Schl\u00fcsselanh\u00e4nger kannst du in gro\u00dfen Mengen mit deinem Logo bedrucken lassen. Er ist das ideale, robuste Giveaway f\u00fcr Messen & Events, um bei der Zielgruppe von 20 bis 40 Jahren zu punkten.","inLanguage":"de-DE","isPartOf":{"@id":"https:\/\/hidalgo.nl\/de\/#website"},"breadcrumb":{"@id":"https:\/\/hidalgo.nl\/de\/product\/23740\/effektiver-werbeartikel-remove-before-flight-schluesselanhaenger-mit-logo\/#breadcrumblist"},"image":{"@type":"ImageObject","url":"https:\/\/shop.hidalgo.nl\/wp-content\/uploads\/2025\/03\/824fe300b8273c9834ab41b86d321ab187f12b57e08246c30426151e1538cce7.jpg","@id":"https:\/\/hidalgo.nl\/de\/product\/23740\/effektiver-werbeartikel-remove-before-flight-schluesselanhaenger-mit-logo\/#mainImage"},"primaryImageOfPage":{"@id":"https:\/\/hidalgo.nl\/de\/product\/23740\/effektiver-werbeartikel-remove-before-flight-schluesselanhaenger-mit-logo\/#mainImage"},"datePublished":"2025-07-03T14:09:42+00:00","dateModified":"2026-02-17T11:49:10+00:00"},{"@type":"WebSite","@id":"https:\/\/hidalgo.nl\/de\/#website","url":"https:\/\/hidalgo.nl\/de\/","name":"Hidalgo","inLanguage":"de-DE","publisher":{"@id":"https:\/\/hidalgo.nl\/de\/#organization"}}]},"og:locale":"de_DE","og:site_name":"Hidalgo -","og:type":"article","og:title":"Effektiver Werbeartikel: Remove Before Flight Schl\u00fcsselanh\u00e4nger mit Logo","og:description":"Mache deine Marke sichtbar: Diesen auff\u00e4lligen roten Textil Schl\u00fcsselanh\u00e4nger kannst du in gro\u00dfen Mengen mit deinem Logo bedrucken lassen. Er ist das ideale, robuste Giveaway f\u00fcr Messen &amp; Events, um bei der Zielgruppe von 20 bis 40 Jahren zu punkten.","og:url":"https:\/\/hidalgo.nl\/de\/wp-json\/wp\/v2\/product\/23740","og:image":"https:\/\/shop.hidalgo.nl\/wp-content\/uploads\/2025\/11\/cropped-Hidalgo-est1993.png","og:image:secure_url":"https:\/\/shop.hidalgo.nl\/wp-content\/uploads\/2025\/11\/cropped-Hidalgo-est1993.png","article:published_time":"2025-07-03T14:09:42+00:00","article:modified_time":"2026-02-17T11:49:10+00:00","twitter:card":"summary_large_image","twitter:title":"Effektiver Werbeartikel: Remove Before Flight Schl\u00fcsselanh\u00e4nger mit Logo","twitter:description":"Mache deine Marke sichtbar: Diesen auff\u00e4lligen roten Textil Schl\u00fcsselanh\u00e4nger kannst du in gro\u00dfen Mengen mit deinem Logo bedrucken lassen. Er ist das ideale, robuste Giveaway f\u00fcr Messen &amp; Events, um bei der Zielgruppe von 20 bis 40 Jahren zu punkten.","twitter:image":"https:\/\/shop.hidalgo.nl\/wp-content\/uploads\/2025\/11\/cropped-Hidalgo-est1993.png"},"aioseo_meta_data":{"post_id":"23740","title":null,"description":null,"keywords":null,"keyphrases":null,"primary_term":null,"canonical_url":null,"og_title":null,"og_description":null,"og_object_type":"default","og_image_type":"default","og_image_url":null,"og_image_width":null,"og_image_height":null,"og_image_custom_url":null,"og_image_custom_fields":null,"og_video":null,"og_custom_url":null,"og_article_section":null,"og_article_tags":null,"twitter_use_og":false,"twitter_card":"default","twitter_image_type":"default","twitter_image_url":null,"twitter_image_custom_url":null,"twitter_image_custom_fields":null,"twitter_title":null,"twitter_description":null,"schema":{"blockGraphs":[],"customGraphs":[],"default":{"data":{"Article":[],"Course":[],"Dataset":[],"FAQPage":[],"Movie":[],"Person":[],"Product":[],"ProductReview":[],"Car":[],"Recipe":[],"Service":[],"SoftwareApplication":[],"WebPage":[]},"graphName":"","isEnabled":true},"graphs":[]},"schema_type":"default","schema_type_options":null,"pillar_content":false,"robots_default":true,"robots_noindex":false,"robots_noarchive":false,"robots_nosnippet":false,"robots_nofollow":false,"robots_noimageindex":false,"robots_noodp":false,"robots_notranslate":false,"robots_max_snippet":null,"robots_max_videopreview":null,"robots_max_imagepreview":"large","priority":null,"frequency":null,"local_seo":null,"seo_analyzer_scan_date":"2026-01-20 12:34:27","breadcrumb_settings":null,"limit_modified_date":false,"reviewed_by":null,"open_ai":null,"ai":null,"created":"2026-01-14 06:17:38","updated":"2026-04-23 05:48:50"},"aioseo_breadcrumb":"<div class=\"aioseo-breadcrumbs\"><span class=\"aioseo-breadcrumb\">\n\t<a href=\"https:\/\/hidalgo.nl\/de\/\" title=\"Home\">Home<\/a>\n<\/span><span class=\"aioseo-breadcrumb-separator\">\u00bb<\/span><span class=\"aioseo-breadcrumb\">\n\t<a href=\"https:\/\/hidalgo.nl\/example\/\" title=\"example\">example<\/a>\n<\/span><span class=\"aioseo-breadcrumb-separator\">\u00bb<\/span><span class=\"aioseo-breadcrumb\">\n\t<a href=\"https:\/\/hidalgo.nl\/en\/product-supplier\/a86\/\" title=\"A86\">A86<\/a>\n<\/span><span class=\"aioseo-breadcrumb-separator\">\u00bb<\/span><span class=\"aioseo-breadcrumb\">\n\tRemove before flight hangtag\n<\/span><\/div>","aioseo_breadcrumb_json":[{"label":"Home","link":"https:\/\/hidalgo.nl\/de\/"},{"label":"example","link":"https:\/\/hidalgo.nl\/example\/"},{"label":"A86","link":"https:\/\/hidalgo.nl\/en\/product-supplier\/a86\/"},{"label":"Remove before flight hangtag","link":"https:\/\/hidalgo.nl\/de\/product\/23740\/effektiver-werbeartikel-remove-before-flight-schluesselanhaenger-mit-logo\/"}],"_links":{"self":[{"href":"https:\/\/hidalgo.nl\/de\/wp-json\/wp\/v2\/product\/23740","targetHints":{"allow":["GET"]}}],"collection":[{"href":"https:\/\/hidalgo.nl\/de\/wp-json\/wp\/v2\/product"}],"about":[{"href":"https:\/\/hidalgo.nl\/de\/wp-json\/wp\/v2\/types\/product"}],"wp:featuredmedia":[{"embeddable":true,"href":"https:\/\/hidalgo.nl\/de\/wp-json\/wp\/v2\/media\/582042"}],"wp:attachment":[{"href":"https:\/\/hidalgo.nl\/de\/wp-json\/wp\/v2\/media?parent=23740"}],"wp:term":[{"taxonomy":"product_brand","embeddable":true,"href":"https:\/\/hidalgo.nl\/de\/wp-json\/wp\/v2\/product_brand?post=23740"},{"taxonomy":"product_cat","embeddable":true,"href":"https:\/\/hidalgo.nl\/de\/wp-json\/wp\/v2\/product_cat?post=23740"},{"taxonomy":"product_tag","embeddable":true,"href":"https:\/\/hidalgo.nl\/de\/wp-json\/wp\/v2\/product_tag?post=23740"}],"curies":[{"name":"wp","href":"https:\/\/api.w.org\/{rel}","templated":true}]}}