{"id":23714,"date":"2025-07-03T14:09:23","date_gmt":"2025-07-03T14:09:23","guid":{"rendered":"http:\/\/bidonsenshakers.pim.hidalgo.nl\/product\/neklint-2-cm-met-safetybreak\/"},"modified":"2026-02-17T11:49:10","modified_gmt":"2026-02-17T11:49:10","slug":"neklint-2-cm-met-safetybreak-2","status":"publish","type":"product","link":"https:\/\/hidalgo.nl\/de\/product\/23714\/schluesselband-mit-logo-bedrucken-2cm-safetybreak-fuer-events\/","title":{"rendered":"Neklint 2 cm met safetybreak"},"content":{"rendered":"<p>Altijd je sleutels of badge binnen handbereik met dit praktische neklint. Uitgerust met een mustekonhaak en een veilige safety break, is dit lanyard ideaal voor gebruik op beurzen, evenementen, scholen of op de werkvloer. Een eenvoudige, voordelige \u00e9n effectieve manier om je merk of boodschap zichtbaar te maken.<\/p>\n","protected":false},"excerpt":{"rendered":"<p>Neklint met veiligheidssluiting en musketonhaak. 100% polyester, 2 cm breed.<\/p>\n","protected":false},"featured_media":582178,"template":"","meta":{"_acf_changed":false,"om_disable_all_campaigns":false,"_monsterinsights_skip_tracking":false,"_monsterinsights_sitenote_active":false,"_monsterinsights_sitenote_note":"","_monsterinsights_sitenote_category":0},"product_brand":[],"product_cat":[4924,4719],"product_tag":[],"class_list":{"0":"post-23714","1":"product","2":"type-product","3":"status-publish","4":"has-post-thumbnail","6":"product_supplier-a86","7":"product_material-100-polyester","8":"product_cat-promotionele-artikelen-lanyards","9":"product_cat-promotionele-artikelen","10":"entry","12":"first","13":"instock","14":"taxable","15":"shipping-taxable","16":"purchasable","17":"product-type-variable"},"acf":{"imprint_cost":[{"imprint_cost_key":"f8601a1f9cce68082f26ebd63835684f17b3ac01","product_quantity_price_range":[{"imprint_cost_recommended_selling_price":"2.355","imprint_cost_recommended_selling_quantity":"25"},{"imprint_cost_recommended_selling_price":"1.095","imprint_cost_recommended_selling_quantity":"50"},{"imprint_cost_recommended_selling_price":"0.495","imprint_cost_recommended_selling_quantity":"100"},{"imprint_cost_recommended_selling_price":"0.45","imprint_cost_recommended_selling_quantity":"250"},{"imprint_cost_recommended_selling_price":"0.42","imprint_cost_recommended_selling_quantity":"500"},{"imprint_cost_recommended_selling_price":"0.375","imprint_cost_recommended_selling_quantity":"1000"},{"imprint_cost_recommended_selling_price":"0.36","imprint_cost_recommended_selling_quantity":"2500"}],"product_quantity_price_range_buying":[{"imprint_cost_general_buying_price":"1.57","imprint_cost_general_buying_quantity":"25"},{"imprint_cost_general_buying_price":"0.73","imprint_cost_general_buying_quantity":"50"},{"imprint_cost_general_buying_price":"0.33","imprint_cost_general_buying_quantity":"100"},{"imprint_cost_general_buying_price":"0.3","imprint_cost_general_buying_quantity":"250"},{"imprint_cost_general_buying_price":"0.28","imprint_cost_general_buying_quantity":"500"},{"imprint_cost_general_buying_price":"0.25","imprint_cost_general_buying_quantity":"1000"},{"imprint_cost_general_buying_price":"0.24","imprint_cost_general_buying_quantity":"2500"}],"imprint_cost_setup_costs":"41.25","imprint_cost_handling_costs":"0"},{"imprint_cost_key":"c769ebc21be02bab3df4d2c58a0182b2f1b3df0e","product_quantity_price_range":[{"imprint_cost_recommended_selling_price":"4.62","imprint_cost_recommended_selling_quantity":"25"},{"imprint_cost_recommended_selling_price":"2.13","imprint_cost_recommended_selling_quantity":"50"},{"imprint_cost_recommended_selling_price":"1.05","imprint_cost_recommended_selling_quantity":"100"},{"imprint_cost_recommended_selling_price":"0.765","imprint_cost_recommended_selling_quantity":"250"},{"imprint_cost_recommended_selling_price":"0.69","imprint_cost_recommended_selling_quantity":"500"},{"imprint_cost_recommended_selling_price":"0.645","imprint_cost_recommended_selling_quantity":"1000"},{"imprint_cost_recommended_selling_price":"0.63","imprint_cost_recommended_selling_quantity":"2500"}],"product_quantity_price_range_buying":[{"imprint_cost_general_buying_price":"3.08","imprint_cost_general_buying_quantity":"25"},{"imprint_cost_general_buying_price":"1.42","imprint_cost_general_buying_quantity":"50"},{"imprint_cost_general_buying_price":"0.7","imprint_cost_general_buying_quantity":"100"},{"imprint_cost_general_buying_price":"0.51","imprint_cost_general_buying_quantity":"250"},{"imprint_cost_general_buying_price":"0.46","imprint_cost_general_buying_quantity":"500"},{"imprint_cost_general_buying_price":"0.43","imprint_cost_general_buying_quantity":"1000"},{"imprint_cost_general_buying_price":"0.42","imprint_cost_general_buying_quantity":"2500"}],"imprint_cost_setup_costs":"41.25","imprint_cost_handling_costs":"0"}]},"aioseo_notices":[],"aioseo_head":"\n\t\t<!-- All in One SEO Pro 4.9.6.1 - aioseo.com -->\n\t<meta name=\"description\" content=\"Personalisiere dein Umh\u00e4ngeband mit Sicherheitsverschluss f\u00fcr Messen &amp; Events. Wir bedrucken Lanyards schnell mit deinem Firmenlogo und bieten dir attraktive Mengenrabatte. So pr\u00e4sentierst du deine Marke sicher und effektiv.\" \/>\n\t<meta name=\"robots\" content=\"max-image-preview:large\" \/>\n\t<link rel=\"canonical\" href=\"https:\/\/hidalgo.nl\/de\/wp-json\/wp\/v2\/product\/23714\" \/>\n\t<meta name=\"generator\" content=\"All in One SEO Pro (AIOSEO) 4.9.6.1\" \/>\n\t\t<meta property=\"og:locale\" content=\"de_DE\" \/>\n\t\t<meta property=\"og:site_name\" content=\"Hidalgo -\" \/>\n\t\t<meta property=\"og:type\" content=\"article\" \/>\n\t\t<meta property=\"og:title\" content=\"Schl\u00fcsselband mit logo bedrucken | 2cm &amp; safetybreak f\u00fcr events\" \/>\n\t\t<meta property=\"og:description\" content=\"Personalisiere dein Umh\u00e4ngeband mit Sicherheitsverschluss f\u00fcr Messen &amp; Events. Wir bedrucken Lanyards schnell mit deinem Firmenlogo und bieten dir attraktive Mengenrabatte. So pr\u00e4sentierst du deine Marke sicher und effektiv.\" \/>\n\t\t<meta property=\"og:url\" content=\"https:\/\/hidalgo.nl\/de\/wp-json\/wp\/v2\/product\/23714\" \/>\n\t\t<meta property=\"og:image\" content=\"https:\/\/shop.hidalgo.nl\/wp-content\/uploads\/2025\/11\/cropped-Hidalgo-est1993.png\" \/>\n\t\t<meta property=\"og:image:secure_url\" content=\"https:\/\/shop.hidalgo.nl\/wp-content\/uploads\/2025\/11\/cropped-Hidalgo-est1993.png\" \/>\n\t\t<meta property=\"article:published_time\" content=\"2025-07-03T14:09:23+00:00\" \/>\n\t\t<meta property=\"article:modified_time\" content=\"2026-02-17T11:49:10+00:00\" \/>\n\t\t<meta name=\"twitter:card\" content=\"summary_large_image\" \/>\n\t\t<meta name=\"twitter:title\" content=\"Schl\u00fcsselband mit logo bedrucken | 2cm &amp; safetybreak f\u00fcr events\" \/>\n\t\t<meta name=\"twitter:description\" content=\"Personalisiere dein Umh\u00e4ngeband mit Sicherheitsverschluss f\u00fcr Messen &amp; Events. Wir bedrucken Lanyards schnell mit deinem Firmenlogo und bieten dir attraktive Mengenrabatte. So pr\u00e4sentierst du deine Marke sicher und effektiv.\" \/>\n\t\t<meta name=\"twitter:image\" content=\"https:\/\/shop.hidalgo.nl\/wp-content\/uploads\/2025\/11\/cropped-Hidalgo-est1993.png\" \/>\n\t\t<script type=\"application\/ld+json\" class=\"aioseo-schema\">\n\t\t\t{\"@context\":\"https:\\\/\\\/schema.org\",\"@graph\":[{\"@type\":\"BreadcrumbList\",\"@id\":\"https:\\\/\\\/hidalgo.nl\\\/de\\\/product\\\/23714\\\/schluesselband-mit-logo-bedrucken-2cm-safetybreak-fuer-events\\\/#breadcrumblist\",\"itemListElement\":[{\"@type\":\"ListItem\",\"@id\":\"https:\\\/\\\/hidalgo.nl\\\/de\\\/#listItem\",\"position\":1,\"name\":\"Home\",\"item\":\"https:\\\/\\\/hidalgo.nl\\\/de\\\/\",\"nextItem\":{\"@type\":\"ListItem\",\"@id\":\"https:\\\/\\\/hidalgo.nl\\\/example\\\/#listItem\",\"name\":\"example\"}},{\"@type\":\"ListItem\",\"@id\":\"https:\\\/\\\/hidalgo.nl\\\/example\\\/#listItem\",\"position\":2,\"name\":\"example\",\"item\":\"https:\\\/\\\/hidalgo.nl\\\/example\\\/\",\"nextItem\":{\"@type\":\"ListItem\",\"@id\":\"https:\\\/\\\/hidalgo.nl\\\/en\\\/product-supplier\\\/a86\\\/#listItem\",\"name\":\"A86\"},\"previousItem\":{\"@type\":\"ListItem\",\"@id\":\"https:\\\/\\\/hidalgo.nl\\\/de\\\/#listItem\",\"name\":\"Home\"}},{\"@type\":\"ListItem\",\"@id\":\"https:\\\/\\\/hidalgo.nl\\\/en\\\/product-supplier\\\/a86\\\/#listItem\",\"position\":3,\"name\":\"A86\",\"item\":\"https:\\\/\\\/hidalgo.nl\\\/en\\\/product-supplier\\\/a86\\\/\",\"nextItem\":{\"@type\":\"ListItem\",\"@id\":\"https:\\\/\\\/hidalgo.nl\\\/de\\\/product\\\/23714\\\/schluesselband-mit-logo-bedrucken-2cm-safetybreak-fuer-events\\\/#listItem\",\"name\":\"Neklint 2 cm met safetybreak\"},\"previousItem\":{\"@type\":\"ListItem\",\"@id\":\"https:\\\/\\\/hidalgo.nl\\\/example\\\/#listItem\",\"name\":\"example\"}},{\"@type\":\"ListItem\",\"@id\":\"https:\\\/\\\/hidalgo.nl\\\/de\\\/product\\\/23714\\\/schluesselband-mit-logo-bedrucken-2cm-safetybreak-fuer-events\\\/#listItem\",\"position\":4,\"name\":\"Neklint 2 cm met safetybreak\",\"previousItem\":{\"@type\":\"ListItem\",\"@id\":\"https:\\\/\\\/hidalgo.nl\\\/en\\\/product-supplier\\\/a86\\\/#listItem\",\"name\":\"A86\"}}]},{\"@type\":\"ItemPage\",\"@id\":\"https:\\\/\\\/hidalgo.nl\\\/de\\\/product\\\/23714\\\/schluesselband-mit-logo-bedrucken-2cm-safetybreak-fuer-events\\\/#itempage\",\"url\":\"https:\\\/\\\/hidalgo.nl\\\/de\\\/product\\\/23714\\\/schluesselband-mit-logo-bedrucken-2cm-safetybreak-fuer-events\\\/\",\"name\":\"Schl\\u00fcsselband mit logo bedrucken | 2cm & safetybreak f\\u00fcr events\",\"description\":\"Personalisiere dein Umh\\u00e4ngeband mit Sicherheitsverschluss f\\u00fcr Messen & Events. Wir bedrucken Lanyards schnell mit deinem Firmenlogo und bieten dir attraktive Mengenrabatte. So pr\\u00e4sentierst du deine Marke sicher und effektiv.\",\"inLanguage\":\"de-DE\",\"isPartOf\":{\"@id\":\"https:\\\/\\\/hidalgo.nl\\\/de\\\/#website\"},\"breadcrumb\":{\"@id\":\"https:\\\/\\\/hidalgo.nl\\\/de\\\/product\\\/23714\\\/schluesselband-mit-logo-bedrucken-2cm-safetybreak-fuer-events\\\/#breadcrumblist\"},\"image\":{\"@type\":\"ImageObject\",\"url\":\"https:\\\/\\\/shop.hidalgo.nl\\\/wp-content\\\/uploads\\\/2025\\\/03\\\/0dbb757547f4d85b92266412f8094e8660e42a97b62d091be3e9359ebda2f1f2.jpg\",\"@id\":\"https:\\\/\\\/hidalgo.nl\\\/de\\\/product\\\/23714\\\/schluesselband-mit-logo-bedrucken-2cm-safetybreak-fuer-events\\\/#mainImage\"},\"primaryImageOfPage\":{\"@id\":\"https:\\\/\\\/hidalgo.nl\\\/de\\\/product\\\/23714\\\/schluesselband-mit-logo-bedrucken-2cm-safetybreak-fuer-events\\\/#mainImage\"},\"datePublished\":\"2025-07-03T14:09:23+00:00\",\"dateModified\":\"2026-02-17T11:49:10+00:00\"},{\"@type\":\"Organization\",\"@id\":\"https:\\\/\\\/hidalgo.nl\\\/de\\\/#organization\",\"name\":\"Hidalgo\",\"url\":\"https:\\\/\\\/hidalgo.nl\\\/de\\\/\",\"logo\":{\"@type\":\"ImageObject\",\"url\":\"https:\\\/\\\/shop.hidalgo.nl\\\/wp-content\\\/uploads\\\/2025\\\/11\\\/cropped-Hidalgo-est1993.png\",\"@id\":\"https:\\\/\\\/hidalgo.nl\\\/de\\\/product\\\/23714\\\/schluesselband-mit-logo-bedrucken-2cm-safetybreak-fuer-events\\\/#organizationLogo\",\"width\":585,\"height\":195},\"image\":{\"@id\":\"https:\\\/\\\/hidalgo.nl\\\/de\\\/product\\\/23714\\\/schluesselband-mit-logo-bedrucken-2cm-safetybreak-fuer-events\\\/#organizationLogo\"}},{\"@type\":\"WebPage\",\"@id\":\"https:\\\/\\\/hidalgo.nl\\\/de\\\/product\\\/23714\\\/schluesselband-mit-logo-bedrucken-2cm-safetybreak-fuer-events\\\/#webpage\",\"url\":\"https:\\\/\\\/hidalgo.nl\\\/de\\\/product\\\/23714\\\/schluesselband-mit-logo-bedrucken-2cm-safetybreak-fuer-events\\\/\",\"name\":\"Schl\\u00fcsselband mit logo bedrucken | 2cm & safetybreak f\\u00fcr events\",\"description\":\"Personalisiere dein Umh\\u00e4ngeband mit Sicherheitsverschluss f\\u00fcr Messen & Events. Wir bedrucken Lanyards schnell mit deinem Firmenlogo und bieten dir attraktive Mengenrabatte. So pr\\u00e4sentierst du deine Marke sicher und effektiv.\",\"inLanguage\":\"de-DE\",\"isPartOf\":{\"@id\":\"https:\\\/\\\/hidalgo.nl\\\/de\\\/#website\"},\"breadcrumb\":{\"@id\":\"https:\\\/\\\/hidalgo.nl\\\/de\\\/product\\\/23714\\\/schluesselband-mit-logo-bedrucken-2cm-safetybreak-fuer-events\\\/#breadcrumblist\"},\"image\":{\"@type\":\"ImageObject\",\"url\":\"https:\\\/\\\/shop.hidalgo.nl\\\/wp-content\\\/uploads\\\/2025\\\/03\\\/0dbb757547f4d85b92266412f8094e8660e42a97b62d091be3e9359ebda2f1f2.jpg\",\"@id\":\"https:\\\/\\\/hidalgo.nl\\\/de\\\/product\\\/23714\\\/schluesselband-mit-logo-bedrucken-2cm-safetybreak-fuer-events\\\/#mainImage\"},\"primaryImageOfPage\":{\"@id\":\"https:\\\/\\\/hidalgo.nl\\\/de\\\/product\\\/23714\\\/schluesselband-mit-logo-bedrucken-2cm-safetybreak-fuer-events\\\/#mainImage\"},\"datePublished\":\"2025-07-03T14:09:23+00:00\",\"dateModified\":\"2026-02-17T11:49:10+00:00\"},{\"@type\":\"WebSite\",\"@id\":\"https:\\\/\\\/hidalgo.nl\\\/de\\\/#website\",\"url\":\"https:\\\/\\\/hidalgo.nl\\\/de\\\/\",\"name\":\"Hidalgo\",\"inLanguage\":\"de-DE\",\"publisher\":{\"@id\":\"https:\\\/\\\/hidalgo.nl\\\/de\\\/#organization\"}}]}\n\t\t<\/script>\n\t\t<!-- All in One SEO Pro -->\r\n\t\t<title>Schl\u00fcsselband mit logo bedrucken | 2cm &amp; safetybreak f\u00fcr events<\/title>\n\n","aioseo_head_json":{"title":"Schl\u00fcsselband mit logo bedrucken | 2cm & safetybreak f\u00fcr events","description":"Personalisiere dein Umh\u00e4ngeband mit Sicherheitsverschluss f\u00fcr Messen & Events. Wir bedrucken Lanyards schnell mit deinem Firmenlogo und bieten dir attraktive Mengenrabatte. So pr\u00e4sentierst du deine Marke sicher und effektiv.","canonical_url":"https:\/\/hidalgo.nl\/de\/wp-json\/wp\/v2\/product\/23714","robots":"max-image-preview:large","keywords":"","webmasterTools":{"miscellaneous":""},"schema":{"@context":"https:\/\/schema.org","@graph":[{"@type":"BreadcrumbList","@id":"https:\/\/hidalgo.nl\/de\/product\/23714\/schluesselband-mit-logo-bedrucken-2cm-safetybreak-fuer-events\/#breadcrumblist","itemListElement":[{"@type":"ListItem","@id":"https:\/\/hidalgo.nl\/de\/#listItem","position":1,"name":"Home","item":"https:\/\/hidalgo.nl\/de\/","nextItem":{"@type":"ListItem","@id":"https:\/\/hidalgo.nl\/example\/#listItem","name":"example"}},{"@type":"ListItem","@id":"https:\/\/hidalgo.nl\/example\/#listItem","position":2,"name":"example","item":"https:\/\/hidalgo.nl\/example\/","nextItem":{"@type":"ListItem","@id":"https:\/\/hidalgo.nl\/en\/product-supplier\/a86\/#listItem","name":"A86"},"previousItem":{"@type":"ListItem","@id":"https:\/\/hidalgo.nl\/de\/#listItem","name":"Home"}},{"@type":"ListItem","@id":"https:\/\/hidalgo.nl\/en\/product-supplier\/a86\/#listItem","position":3,"name":"A86","item":"https:\/\/hidalgo.nl\/en\/product-supplier\/a86\/","nextItem":{"@type":"ListItem","@id":"https:\/\/hidalgo.nl\/de\/product\/23714\/schluesselband-mit-logo-bedrucken-2cm-safetybreak-fuer-events\/#listItem","name":"Neklint 2 cm met safetybreak"},"previousItem":{"@type":"ListItem","@id":"https:\/\/hidalgo.nl\/example\/#listItem","name":"example"}},{"@type":"ListItem","@id":"https:\/\/hidalgo.nl\/de\/product\/23714\/schluesselband-mit-logo-bedrucken-2cm-safetybreak-fuer-events\/#listItem","position":4,"name":"Neklint 2 cm met safetybreak","previousItem":{"@type":"ListItem","@id":"https:\/\/hidalgo.nl\/en\/product-supplier\/a86\/#listItem","name":"A86"}}]},{"@type":"ItemPage","@id":"https:\/\/hidalgo.nl\/de\/product\/23714\/schluesselband-mit-logo-bedrucken-2cm-safetybreak-fuer-events\/#itempage","url":"https:\/\/hidalgo.nl\/de\/product\/23714\/schluesselband-mit-logo-bedrucken-2cm-safetybreak-fuer-events\/","name":"Schl\u00fcsselband mit logo bedrucken | 2cm & safetybreak f\u00fcr events","description":"Personalisiere dein Umh\u00e4ngeband mit Sicherheitsverschluss f\u00fcr Messen & Events. Wir bedrucken Lanyards schnell mit deinem Firmenlogo und bieten dir attraktive Mengenrabatte. So pr\u00e4sentierst du deine Marke sicher und effektiv.","inLanguage":"de-DE","isPartOf":{"@id":"https:\/\/hidalgo.nl\/de\/#website"},"breadcrumb":{"@id":"https:\/\/hidalgo.nl\/de\/product\/23714\/schluesselband-mit-logo-bedrucken-2cm-safetybreak-fuer-events\/#breadcrumblist"},"image":{"@type":"ImageObject","url":"https:\/\/shop.hidalgo.nl\/wp-content\/uploads\/2025\/03\/0dbb757547f4d85b92266412f8094e8660e42a97b62d091be3e9359ebda2f1f2.jpg","@id":"https:\/\/hidalgo.nl\/de\/product\/23714\/schluesselband-mit-logo-bedrucken-2cm-safetybreak-fuer-events\/#mainImage"},"primaryImageOfPage":{"@id":"https:\/\/hidalgo.nl\/de\/product\/23714\/schluesselband-mit-logo-bedrucken-2cm-safetybreak-fuer-events\/#mainImage"},"datePublished":"2025-07-03T14:09:23+00:00","dateModified":"2026-02-17T11:49:10+00:00"},{"@type":"Organization","@id":"https:\/\/hidalgo.nl\/de\/#organization","name":"Hidalgo","url":"https:\/\/hidalgo.nl\/de\/","logo":{"@type":"ImageObject","url":"https:\/\/shop.hidalgo.nl\/wp-content\/uploads\/2025\/11\/cropped-Hidalgo-est1993.png","@id":"https:\/\/hidalgo.nl\/de\/product\/23714\/schluesselband-mit-logo-bedrucken-2cm-safetybreak-fuer-events\/#organizationLogo","width":585,"height":195},"image":{"@id":"https:\/\/hidalgo.nl\/de\/product\/23714\/schluesselband-mit-logo-bedrucken-2cm-safetybreak-fuer-events\/#organizationLogo"}},{"@type":"WebPage","@id":"https:\/\/hidalgo.nl\/de\/product\/23714\/schluesselband-mit-logo-bedrucken-2cm-safetybreak-fuer-events\/#webpage","url":"https:\/\/hidalgo.nl\/de\/product\/23714\/schluesselband-mit-logo-bedrucken-2cm-safetybreak-fuer-events\/","name":"Schl\u00fcsselband mit logo bedrucken | 2cm & safetybreak f\u00fcr events","description":"Personalisiere dein Umh\u00e4ngeband mit Sicherheitsverschluss f\u00fcr Messen & Events. Wir bedrucken Lanyards schnell mit deinem Firmenlogo und bieten dir attraktive Mengenrabatte. So pr\u00e4sentierst du deine Marke sicher und effektiv.","inLanguage":"de-DE","isPartOf":{"@id":"https:\/\/hidalgo.nl\/de\/#website"},"breadcrumb":{"@id":"https:\/\/hidalgo.nl\/de\/product\/23714\/schluesselband-mit-logo-bedrucken-2cm-safetybreak-fuer-events\/#breadcrumblist"},"image":{"@type":"ImageObject","url":"https:\/\/shop.hidalgo.nl\/wp-content\/uploads\/2025\/03\/0dbb757547f4d85b92266412f8094e8660e42a97b62d091be3e9359ebda2f1f2.jpg","@id":"https:\/\/hidalgo.nl\/de\/product\/23714\/schluesselband-mit-logo-bedrucken-2cm-safetybreak-fuer-events\/#mainImage"},"primaryImageOfPage":{"@id":"https:\/\/hidalgo.nl\/de\/product\/23714\/schluesselband-mit-logo-bedrucken-2cm-safetybreak-fuer-events\/#mainImage"},"datePublished":"2025-07-03T14:09:23+00:00","dateModified":"2026-02-17T11:49:10+00:00"},{"@type":"WebSite","@id":"https:\/\/hidalgo.nl\/de\/#website","url":"https:\/\/hidalgo.nl\/de\/","name":"Hidalgo","inLanguage":"de-DE","publisher":{"@id":"https:\/\/hidalgo.nl\/de\/#organization"}}]},"og:locale":"de_DE","og:site_name":"Hidalgo -","og:type":"article","og:title":"Schl\u00fcsselband mit logo bedrucken | 2cm &amp; safetybreak f\u00fcr events","og:description":"Personalisiere dein Umh\u00e4ngeband mit Sicherheitsverschluss f\u00fcr Messen &amp; Events. Wir bedrucken Lanyards schnell mit deinem Firmenlogo und bieten dir attraktive Mengenrabatte. So pr\u00e4sentierst du deine Marke sicher und effektiv.","og:url":"https:\/\/hidalgo.nl\/de\/wp-json\/wp\/v2\/product\/23714","og:image":"https:\/\/shop.hidalgo.nl\/wp-content\/uploads\/2025\/11\/cropped-Hidalgo-est1993.png","og:image:secure_url":"https:\/\/shop.hidalgo.nl\/wp-content\/uploads\/2025\/11\/cropped-Hidalgo-est1993.png","article:published_time":"2025-07-03T14:09:23+00:00","article:modified_time":"2026-02-17T11:49:10+00:00","twitter:card":"summary_large_image","twitter:title":"Schl\u00fcsselband mit logo bedrucken | 2cm &amp; safetybreak f\u00fcr events","twitter:description":"Personalisiere dein Umh\u00e4ngeband mit Sicherheitsverschluss f\u00fcr Messen &amp; Events. Wir bedrucken Lanyards schnell mit deinem Firmenlogo und bieten dir attraktive Mengenrabatte. So pr\u00e4sentierst du deine Marke sicher und effektiv.","twitter:image":"https:\/\/shop.hidalgo.nl\/wp-content\/uploads\/2025\/11\/cropped-Hidalgo-est1993.png"},"aioseo_meta_data":{"post_id":"23714","title":null,"description":null,"keywords":null,"keyphrases":null,"primary_term":null,"canonical_url":null,"og_title":null,"og_description":null,"og_object_type":"default","og_image_type":"default","og_image_url":null,"og_image_width":null,"og_image_height":null,"og_image_custom_url":null,"og_image_custom_fields":null,"og_video":null,"og_custom_url":null,"og_article_section":null,"og_article_tags":null,"twitter_use_og":false,"twitter_card":"default","twitter_image_type":"default","twitter_image_url":null,"twitter_image_custom_url":null,"twitter_image_custom_fields":null,"twitter_title":null,"twitter_description":null,"schema":{"blockGraphs":[],"customGraphs":[],"default":{"data":{"Article":[],"Course":[],"Dataset":[],"FAQPage":[],"Movie":[],"Person":[],"Product":[],"ProductReview":[],"Car":[],"Recipe":[],"Service":[],"SoftwareApplication":[],"WebPage":[]},"graphName":"","isEnabled":true},"graphs":[]},"schema_type":"default","schema_type_options":null,"pillar_content":false,"robots_default":true,"robots_noindex":false,"robots_noarchive":false,"robots_nosnippet":false,"robots_nofollow":false,"robots_noimageindex":false,"robots_noodp":false,"robots_notranslate":false,"robots_max_snippet":null,"robots_max_videopreview":null,"robots_max_imagepreview":"large","priority":null,"frequency":null,"local_seo":null,"seo_analyzer_scan_date":"2026-01-20 12:34:27","breadcrumb_settings":null,"limit_modified_date":false,"reviewed_by":null,"open_ai":null,"ai":null,"created":"2026-01-14 06:17:38","updated":"2026-02-17 13:12:41"},"aioseo_breadcrumb":"<div class=\"aioseo-breadcrumbs\"><span class=\"aioseo-breadcrumb\">\n\t<a href=\"https:\/\/hidalgo.nl\/de\/\" title=\"Home\">Home<\/a>\n<\/span><span class=\"aioseo-breadcrumb-separator\">\u00bb<\/span><span class=\"aioseo-breadcrumb\">\n\t<a href=\"https:\/\/hidalgo.nl\/example\/\" title=\"example\">example<\/a>\n<\/span><span class=\"aioseo-breadcrumb-separator\">\u00bb<\/span><span class=\"aioseo-breadcrumb\">\n\t<a href=\"https:\/\/hidalgo.nl\/en\/product-supplier\/a86\/\" title=\"A86\">A86<\/a>\n<\/span><span class=\"aioseo-breadcrumb-separator\">\u00bb<\/span><span class=\"aioseo-breadcrumb\">\n\tNeklint 2 cm met safetybreak\n<\/span><\/div>","aioseo_breadcrumb_json":[{"label":"Home","link":"https:\/\/hidalgo.nl\/de\/"},{"label":"example","link":"https:\/\/hidalgo.nl\/example\/"},{"label":"A86","link":"https:\/\/hidalgo.nl\/en\/product-supplier\/a86\/"},{"label":"Neklint 2 cm met safetybreak","link":"https:\/\/hidalgo.nl\/de\/product\/23714\/schluesselband-mit-logo-bedrucken-2cm-safetybreak-fuer-events\/"}],"_links":{"self":[{"href":"https:\/\/hidalgo.nl\/de\/wp-json\/wp\/v2\/product\/23714","targetHints":{"allow":["GET"]}}],"collection":[{"href":"https:\/\/hidalgo.nl\/de\/wp-json\/wp\/v2\/product"}],"about":[{"href":"https:\/\/hidalgo.nl\/de\/wp-json\/wp\/v2\/types\/product"}],"wp:featuredmedia":[{"embeddable":true,"href":"https:\/\/hidalgo.nl\/de\/wp-json\/wp\/v2\/media\/582178"}],"wp:attachment":[{"href":"https:\/\/hidalgo.nl\/de\/wp-json\/wp\/v2\/media?parent=23714"}],"wp:term":[{"taxonomy":"product_brand","embeddable":true,"href":"https:\/\/hidalgo.nl\/de\/wp-json\/wp\/v2\/product_brand?post=23714"},{"taxonomy":"product_cat","embeddable":true,"href":"https:\/\/hidalgo.nl\/de\/wp-json\/wp\/v2\/product_cat?post=23714"},{"taxonomy":"product_tag","embeddable":true,"href":"https:\/\/hidalgo.nl\/de\/wp-json\/wp\/v2\/product_tag?post=23714"}],"curies":[{"name":"wp","href":"https:\/\/api.w.org\/{rel}","templated":true}]}}