{"id":23609,"date":"2025-07-03T14:07:58","date_gmt":"2025-07-03T14:07:58","guid":{"rendered":"http:\/\/bidonsenshakers.pim.hidalgo.nl\/product\/neklint-25-cm\/"},"modified":"2026-02-17T11:49:11","modified_gmt":"2026-02-17T11:49:11","slug":"neklint-25-cm","status":"publish","type":"product","link":"https:\/\/hidalgo.nl\/de\/product\/23609\/schluesselband-mit-logo-lanyards-bedrucken-fuer-events-messe\/","title":{"rendered":"Neklint 2,5 cm"},"content":{"rendered":"<p>Nooit meer eindeloos zoeken naar je sleutels met dit praktische neklint met karabijnhaak. Dankzij de kunststof gespsluiting klik je je sleutelbos eenvoudig los wanneer nodig. Een betaalbare en effectieve keuze als promotieartikel voor beurzen, evenementen of acties.<\/p>\n","protected":false},"excerpt":{"rendered":"<p>Neklint met kunststof gespsluiting en karabijnhaak. 100% polyester, 2,5 cm breed. <\/p>\n","protected":false},"featured_media":582464,"template":"","meta":{"_acf_changed":false,"om_disable_all_campaigns":false,"_monsterinsights_skip_tracking":false,"_monsterinsights_sitenote_active":false,"_monsterinsights_sitenote_note":"","_monsterinsights_sitenote_category":0},"product_brand":[],"product_cat":[4924,4719],"product_tag":[],"class_list":{"0":"post-23609","1":"product","2":"type-product","3":"status-publish","4":"has-post-thumbnail","6":"product_supplier-a86","7":"product_material-100-polyester","8":"product_cat-promotionele-artikelen-lanyards","9":"product_cat-promotionele-artikelen","10":"entry","12":"first","13":"instock","14":"taxable","15":"shipping-taxable","16":"purchasable","17":"product-type-variable"},"acf":{"imprint_cost":[{"imprint_cost_key":"f8601a1f9cce68082f26ebd63835684f17b3ac01","product_quantity_price_range":[{"imprint_cost_recommended_selling_price":"2.355","imprint_cost_recommended_selling_quantity":"25"},{"imprint_cost_recommended_selling_price":"1.095","imprint_cost_recommended_selling_quantity":"50"},{"imprint_cost_recommended_selling_price":"0.495","imprint_cost_recommended_selling_quantity":"100"},{"imprint_cost_recommended_selling_price":"0.45","imprint_cost_recommended_selling_quantity":"250"},{"imprint_cost_recommended_selling_price":"0.42","imprint_cost_recommended_selling_quantity":"500"},{"imprint_cost_recommended_selling_price":"0.375","imprint_cost_recommended_selling_quantity":"1000"},{"imprint_cost_recommended_selling_price":"0.36","imprint_cost_recommended_selling_quantity":"2500"}],"product_quantity_price_range_buying":[{"imprint_cost_general_buying_price":"1.57","imprint_cost_general_buying_quantity":"25"},{"imprint_cost_general_buying_price":"0.73","imprint_cost_general_buying_quantity":"50"},{"imprint_cost_general_buying_price":"0.33","imprint_cost_general_buying_quantity":"100"},{"imprint_cost_general_buying_price":"0.3","imprint_cost_general_buying_quantity":"250"},{"imprint_cost_general_buying_price":"0.28","imprint_cost_general_buying_quantity":"500"},{"imprint_cost_general_buying_price":"0.25","imprint_cost_general_buying_quantity":"1000"},{"imprint_cost_general_buying_price":"0.24","imprint_cost_general_buying_quantity":"2500"}],"imprint_cost_setup_costs":"41.25","imprint_cost_handling_costs":"0"},{"imprint_cost_key":"c769ebc21be02bab3df4d2c58a0182b2f1b3df0e","product_quantity_price_range":[{"imprint_cost_recommended_selling_price":"4.62","imprint_cost_recommended_selling_quantity":"25"},{"imprint_cost_recommended_selling_price":"2.13","imprint_cost_recommended_selling_quantity":"50"},{"imprint_cost_recommended_selling_price":"1.05","imprint_cost_recommended_selling_quantity":"100"},{"imprint_cost_recommended_selling_price":"0.765","imprint_cost_recommended_selling_quantity":"250"},{"imprint_cost_recommended_selling_price":"0.69","imprint_cost_recommended_selling_quantity":"500"},{"imprint_cost_recommended_selling_price":"0.645","imprint_cost_recommended_selling_quantity":"1000"},{"imprint_cost_recommended_selling_price":"0.63","imprint_cost_recommended_selling_quantity":"2500"}],"product_quantity_price_range_buying":[{"imprint_cost_general_buying_price":"3.08","imprint_cost_general_buying_quantity":"25"},{"imprint_cost_general_buying_price":"1.42","imprint_cost_general_buying_quantity":"50"},{"imprint_cost_general_buying_price":"0.7","imprint_cost_general_buying_quantity":"100"},{"imprint_cost_general_buying_price":"0.51","imprint_cost_general_buying_quantity":"250"},{"imprint_cost_general_buying_price":"0.46","imprint_cost_general_buying_quantity":"500"},{"imprint_cost_general_buying_price":"0.43","imprint_cost_general_buying_quantity":"1000"},{"imprint_cost_general_buying_price":"0.42","imprint_cost_general_buying_quantity":"2500"}],"imprint_cost_setup_costs":"41.25","imprint_cost_handling_costs":"0"}]},"aioseo_notices":[],"aioseo_head":"\n\t\t<!-- All in One SEO Pro 4.9.6.1 - aioseo.com -->\n\t<meta name=\"description\" content=\"M\u00f6chtest du Lanyards f\u00fcr Events bestellen, die sofort ins Auge fallen? Lasse diese robusten 2,5 cm breiten Schl\u00fcsselb\u00e4nder bedrucken, um deine Marke als professionellen Werbeartikel optimal zu pr\u00e4sentieren und die Wiedererkennung zu steigern.\" \/>\n\t<meta name=\"robots\" content=\"max-image-preview:large\" \/>\n\t<link rel=\"canonical\" href=\"https:\/\/hidalgo.nl\/de\/wp-json\/wp\/v2\/product\/23609\" \/>\n\t<meta name=\"generator\" content=\"All in One SEO Pro (AIOSEO) 4.9.6.1\" \/>\n\t\t<meta property=\"og:locale\" content=\"de_DE\" \/>\n\t\t<meta property=\"og:site_name\" content=\"Hidalgo -\" \/>\n\t\t<meta property=\"og:type\" content=\"article\" \/>\n\t\t<meta property=\"og:title\" content=\"Schl\u00fcsselband mit logo: lanyards bedrucken f\u00fcr events &amp; messe\" \/>\n\t\t<meta property=\"og:description\" content=\"M\u00f6chtest du Lanyards f\u00fcr Events bestellen, die sofort ins Auge fallen? Lasse diese robusten 2,5 cm breiten Schl\u00fcsselb\u00e4nder bedrucken, um deine Marke als professionellen Werbeartikel optimal zu pr\u00e4sentieren und die Wiedererkennung zu steigern.\" \/>\n\t\t<meta property=\"og:url\" content=\"https:\/\/hidalgo.nl\/de\/wp-json\/wp\/v2\/product\/23609\" \/>\n\t\t<meta property=\"og:image\" content=\"https:\/\/shop.hidalgo.nl\/wp-content\/uploads\/2025\/11\/cropped-Hidalgo-est1993.png\" \/>\n\t\t<meta property=\"og:image:secure_url\" content=\"https:\/\/shop.hidalgo.nl\/wp-content\/uploads\/2025\/11\/cropped-Hidalgo-est1993.png\" \/>\n\t\t<meta property=\"article:published_time\" content=\"2025-07-03T14:07:58+00:00\" \/>\n\t\t<meta property=\"article:modified_time\" content=\"2026-02-17T11:49:11+00:00\" \/>\n\t\t<meta name=\"twitter:card\" content=\"summary_large_image\" \/>\n\t\t<meta name=\"twitter:title\" content=\"Schl\u00fcsselband mit logo: lanyards bedrucken f\u00fcr events &amp; messe\" \/>\n\t\t<meta name=\"twitter:description\" content=\"M\u00f6chtest du Lanyards f\u00fcr Events bestellen, die sofort ins Auge fallen? Lasse diese robusten 2,5 cm breiten Schl\u00fcsselb\u00e4nder bedrucken, um deine Marke als professionellen Werbeartikel optimal zu pr\u00e4sentieren und die Wiedererkennung zu steigern.\" \/>\n\t\t<meta name=\"twitter:image\" content=\"https:\/\/shop.hidalgo.nl\/wp-content\/uploads\/2025\/11\/cropped-Hidalgo-est1993.png\" \/>\n\t\t<script type=\"application\/ld+json\" class=\"aioseo-schema\">\n\t\t\t{\"@context\":\"https:\\\/\\\/schema.org\",\"@graph\":[{\"@type\":\"BreadcrumbList\",\"@id\":\"https:\\\/\\\/hidalgo.nl\\\/de\\\/product\\\/23609\\\/schluesselband-mit-logo-lanyards-bedrucken-fuer-events-messe\\\/#breadcrumblist\",\"itemListElement\":[{\"@type\":\"ListItem\",\"@id\":\"https:\\\/\\\/hidalgo.nl\\\/de\\\/#listItem\",\"position\":1,\"name\":\"Home\",\"item\":\"https:\\\/\\\/hidalgo.nl\\\/de\\\/\",\"nextItem\":{\"@type\":\"ListItem\",\"@id\":\"https:\\\/\\\/hidalgo.nl\\\/example\\\/#listItem\",\"name\":\"example\"}},{\"@type\":\"ListItem\",\"@id\":\"https:\\\/\\\/hidalgo.nl\\\/example\\\/#listItem\",\"position\":2,\"name\":\"example\",\"item\":\"https:\\\/\\\/hidalgo.nl\\\/example\\\/\",\"nextItem\":{\"@type\":\"ListItem\",\"@id\":\"https:\\\/\\\/hidalgo.nl\\\/en\\\/product-supplier\\\/a86\\\/#listItem\",\"name\":\"A86\"},\"previousItem\":{\"@type\":\"ListItem\",\"@id\":\"https:\\\/\\\/hidalgo.nl\\\/de\\\/#listItem\",\"name\":\"Home\"}},{\"@type\":\"ListItem\",\"@id\":\"https:\\\/\\\/hidalgo.nl\\\/en\\\/product-supplier\\\/a86\\\/#listItem\",\"position\":3,\"name\":\"A86\",\"item\":\"https:\\\/\\\/hidalgo.nl\\\/en\\\/product-supplier\\\/a86\\\/\",\"nextItem\":{\"@type\":\"ListItem\",\"@id\":\"https:\\\/\\\/hidalgo.nl\\\/de\\\/product\\\/23609\\\/schluesselband-mit-logo-lanyards-bedrucken-fuer-events-messe\\\/#listItem\",\"name\":\"Neklint 2,5 cm\"},\"previousItem\":{\"@type\":\"ListItem\",\"@id\":\"https:\\\/\\\/hidalgo.nl\\\/example\\\/#listItem\",\"name\":\"example\"}},{\"@type\":\"ListItem\",\"@id\":\"https:\\\/\\\/hidalgo.nl\\\/de\\\/product\\\/23609\\\/schluesselband-mit-logo-lanyards-bedrucken-fuer-events-messe\\\/#listItem\",\"position\":4,\"name\":\"Neklint 2,5 cm\",\"previousItem\":{\"@type\":\"ListItem\",\"@id\":\"https:\\\/\\\/hidalgo.nl\\\/en\\\/product-supplier\\\/a86\\\/#listItem\",\"name\":\"A86\"}}]},{\"@type\":\"ItemPage\",\"@id\":\"https:\\\/\\\/hidalgo.nl\\\/de\\\/product\\\/23609\\\/schluesselband-mit-logo-lanyards-bedrucken-fuer-events-messe\\\/#itempage\",\"url\":\"https:\\\/\\\/hidalgo.nl\\\/de\\\/product\\\/23609\\\/schluesselband-mit-logo-lanyards-bedrucken-fuer-events-messe\\\/\",\"name\":\"Schl\\u00fcsselband mit logo: lanyards bedrucken f\\u00fcr events & messe\",\"description\":\"M\\u00f6chtest du Lanyards f\\u00fcr Events bestellen, die sofort ins Auge fallen? Lasse diese robusten 2,5 cm breiten Schl\\u00fcsselb\\u00e4nder bedrucken, um deine Marke als professionellen Werbeartikel optimal zu pr\\u00e4sentieren und die Wiedererkennung zu steigern.\",\"inLanguage\":\"de-DE\",\"isPartOf\":{\"@id\":\"https:\\\/\\\/hidalgo.nl\\\/de\\\/#website\"},\"breadcrumb\":{\"@id\":\"https:\\\/\\\/hidalgo.nl\\\/de\\\/product\\\/23609\\\/schluesselband-mit-logo-lanyards-bedrucken-fuer-events-messe\\\/#breadcrumblist\"},\"image\":{\"@type\":\"ImageObject\",\"url\":\"https:\\\/\\\/shop.hidalgo.nl\\\/wp-content\\\/uploads\\\/2025\\\/03\\\/ab696d12fc7c43c4785006ecd88aaf9a9377eddf1479a58447f406f4cfcec877.jpg\",\"@id\":\"https:\\\/\\\/hidalgo.nl\\\/de\\\/product\\\/23609\\\/schluesselband-mit-logo-lanyards-bedrucken-fuer-events-messe\\\/#mainImage\"},\"primaryImageOfPage\":{\"@id\":\"https:\\\/\\\/hidalgo.nl\\\/de\\\/product\\\/23609\\\/schluesselband-mit-logo-lanyards-bedrucken-fuer-events-messe\\\/#mainImage\"},\"datePublished\":\"2025-07-03T14:07:58+00:00\",\"dateModified\":\"2026-02-17T11:49:11+00:00\"},{\"@type\":\"Organization\",\"@id\":\"https:\\\/\\\/hidalgo.nl\\\/de\\\/#organization\",\"name\":\"Hidalgo\",\"url\":\"https:\\\/\\\/hidalgo.nl\\\/de\\\/\",\"logo\":{\"@type\":\"ImageObject\",\"url\":\"https:\\\/\\\/shop.hidalgo.nl\\\/wp-content\\\/uploads\\\/2025\\\/11\\\/cropped-Hidalgo-est1993.png\",\"@id\":\"https:\\\/\\\/hidalgo.nl\\\/de\\\/product\\\/23609\\\/schluesselband-mit-logo-lanyards-bedrucken-fuer-events-messe\\\/#organizationLogo\",\"width\":585,\"height\":195},\"image\":{\"@id\":\"https:\\\/\\\/hidalgo.nl\\\/de\\\/product\\\/23609\\\/schluesselband-mit-logo-lanyards-bedrucken-fuer-events-messe\\\/#organizationLogo\"}},{\"@type\":\"WebPage\",\"@id\":\"https:\\\/\\\/hidalgo.nl\\\/de\\\/product\\\/23609\\\/schluesselband-mit-logo-lanyards-bedrucken-fuer-events-messe\\\/#webpage\",\"url\":\"https:\\\/\\\/hidalgo.nl\\\/de\\\/product\\\/23609\\\/schluesselband-mit-logo-lanyards-bedrucken-fuer-events-messe\\\/\",\"name\":\"Schl\\u00fcsselband mit logo: lanyards bedrucken f\\u00fcr events & messe\",\"description\":\"M\\u00f6chtest du Lanyards f\\u00fcr Events bestellen, die sofort ins Auge fallen? Lasse diese robusten 2,5 cm breiten Schl\\u00fcsselb\\u00e4nder bedrucken, um deine Marke als professionellen Werbeartikel optimal zu pr\\u00e4sentieren und die Wiedererkennung zu steigern.\",\"inLanguage\":\"de-DE\",\"isPartOf\":{\"@id\":\"https:\\\/\\\/hidalgo.nl\\\/de\\\/#website\"},\"breadcrumb\":{\"@id\":\"https:\\\/\\\/hidalgo.nl\\\/de\\\/product\\\/23609\\\/schluesselband-mit-logo-lanyards-bedrucken-fuer-events-messe\\\/#breadcrumblist\"},\"image\":{\"@type\":\"ImageObject\",\"url\":\"https:\\\/\\\/shop.hidalgo.nl\\\/wp-content\\\/uploads\\\/2025\\\/03\\\/ab696d12fc7c43c4785006ecd88aaf9a9377eddf1479a58447f406f4cfcec877.jpg\",\"@id\":\"https:\\\/\\\/hidalgo.nl\\\/de\\\/product\\\/23609\\\/schluesselband-mit-logo-lanyards-bedrucken-fuer-events-messe\\\/#mainImage\"},\"primaryImageOfPage\":{\"@id\":\"https:\\\/\\\/hidalgo.nl\\\/de\\\/product\\\/23609\\\/schluesselband-mit-logo-lanyards-bedrucken-fuer-events-messe\\\/#mainImage\"},\"datePublished\":\"2025-07-03T14:07:58+00:00\",\"dateModified\":\"2026-02-17T11:49:11+00:00\"},{\"@type\":\"WebSite\",\"@id\":\"https:\\\/\\\/hidalgo.nl\\\/de\\\/#website\",\"url\":\"https:\\\/\\\/hidalgo.nl\\\/de\\\/\",\"name\":\"Hidalgo\",\"inLanguage\":\"de-DE\",\"publisher\":{\"@id\":\"https:\\\/\\\/hidalgo.nl\\\/de\\\/#organization\"}}]}\n\t\t<\/script>\n\t\t<!-- All in One SEO Pro -->\r\n\t\t<title>Schl\u00fcsselband mit logo: lanyards bedrucken f\u00fcr events &amp; messe<\/title>\n\n","aioseo_head_json":{"title":"Schl\u00fcsselband mit logo: lanyards bedrucken f\u00fcr events & messe","description":"M\u00f6chtest du Lanyards f\u00fcr Events bestellen, die sofort ins Auge fallen? Lasse diese robusten 2,5 cm breiten Schl\u00fcsselb\u00e4nder bedrucken, um deine Marke als professionellen Werbeartikel optimal zu pr\u00e4sentieren und die Wiedererkennung zu steigern.","canonical_url":"https:\/\/hidalgo.nl\/de\/wp-json\/wp\/v2\/product\/23609","robots":"max-image-preview:large","keywords":"","webmasterTools":{"miscellaneous":""},"schema":{"@context":"https:\/\/schema.org","@graph":[{"@type":"BreadcrumbList","@id":"https:\/\/hidalgo.nl\/de\/product\/23609\/schluesselband-mit-logo-lanyards-bedrucken-fuer-events-messe\/#breadcrumblist","itemListElement":[{"@type":"ListItem","@id":"https:\/\/hidalgo.nl\/de\/#listItem","position":1,"name":"Home","item":"https:\/\/hidalgo.nl\/de\/","nextItem":{"@type":"ListItem","@id":"https:\/\/hidalgo.nl\/example\/#listItem","name":"example"}},{"@type":"ListItem","@id":"https:\/\/hidalgo.nl\/example\/#listItem","position":2,"name":"example","item":"https:\/\/hidalgo.nl\/example\/","nextItem":{"@type":"ListItem","@id":"https:\/\/hidalgo.nl\/en\/product-supplier\/a86\/#listItem","name":"A86"},"previousItem":{"@type":"ListItem","@id":"https:\/\/hidalgo.nl\/de\/#listItem","name":"Home"}},{"@type":"ListItem","@id":"https:\/\/hidalgo.nl\/en\/product-supplier\/a86\/#listItem","position":3,"name":"A86","item":"https:\/\/hidalgo.nl\/en\/product-supplier\/a86\/","nextItem":{"@type":"ListItem","@id":"https:\/\/hidalgo.nl\/de\/product\/23609\/schluesselband-mit-logo-lanyards-bedrucken-fuer-events-messe\/#listItem","name":"Neklint 2,5 cm"},"previousItem":{"@type":"ListItem","@id":"https:\/\/hidalgo.nl\/example\/#listItem","name":"example"}},{"@type":"ListItem","@id":"https:\/\/hidalgo.nl\/de\/product\/23609\/schluesselband-mit-logo-lanyards-bedrucken-fuer-events-messe\/#listItem","position":4,"name":"Neklint 2,5 cm","previousItem":{"@type":"ListItem","@id":"https:\/\/hidalgo.nl\/en\/product-supplier\/a86\/#listItem","name":"A86"}}]},{"@type":"ItemPage","@id":"https:\/\/hidalgo.nl\/de\/product\/23609\/schluesselband-mit-logo-lanyards-bedrucken-fuer-events-messe\/#itempage","url":"https:\/\/hidalgo.nl\/de\/product\/23609\/schluesselband-mit-logo-lanyards-bedrucken-fuer-events-messe\/","name":"Schl\u00fcsselband mit logo: lanyards bedrucken f\u00fcr events & messe","description":"M\u00f6chtest du Lanyards f\u00fcr Events bestellen, die sofort ins Auge fallen? Lasse diese robusten 2,5 cm breiten Schl\u00fcsselb\u00e4nder bedrucken, um deine Marke als professionellen Werbeartikel optimal zu pr\u00e4sentieren und die Wiedererkennung zu steigern.","inLanguage":"de-DE","isPartOf":{"@id":"https:\/\/hidalgo.nl\/de\/#website"},"breadcrumb":{"@id":"https:\/\/hidalgo.nl\/de\/product\/23609\/schluesselband-mit-logo-lanyards-bedrucken-fuer-events-messe\/#breadcrumblist"},"image":{"@type":"ImageObject","url":"https:\/\/shop.hidalgo.nl\/wp-content\/uploads\/2025\/03\/ab696d12fc7c43c4785006ecd88aaf9a9377eddf1479a58447f406f4cfcec877.jpg","@id":"https:\/\/hidalgo.nl\/de\/product\/23609\/schluesselband-mit-logo-lanyards-bedrucken-fuer-events-messe\/#mainImage"},"primaryImageOfPage":{"@id":"https:\/\/hidalgo.nl\/de\/product\/23609\/schluesselband-mit-logo-lanyards-bedrucken-fuer-events-messe\/#mainImage"},"datePublished":"2025-07-03T14:07:58+00:00","dateModified":"2026-02-17T11:49:11+00:00"},{"@type":"Organization","@id":"https:\/\/hidalgo.nl\/de\/#organization","name":"Hidalgo","url":"https:\/\/hidalgo.nl\/de\/","logo":{"@type":"ImageObject","url":"https:\/\/shop.hidalgo.nl\/wp-content\/uploads\/2025\/11\/cropped-Hidalgo-est1993.png","@id":"https:\/\/hidalgo.nl\/de\/product\/23609\/schluesselband-mit-logo-lanyards-bedrucken-fuer-events-messe\/#organizationLogo","width":585,"height":195},"image":{"@id":"https:\/\/hidalgo.nl\/de\/product\/23609\/schluesselband-mit-logo-lanyards-bedrucken-fuer-events-messe\/#organizationLogo"}},{"@type":"WebPage","@id":"https:\/\/hidalgo.nl\/de\/product\/23609\/schluesselband-mit-logo-lanyards-bedrucken-fuer-events-messe\/#webpage","url":"https:\/\/hidalgo.nl\/de\/product\/23609\/schluesselband-mit-logo-lanyards-bedrucken-fuer-events-messe\/","name":"Schl\u00fcsselband mit logo: lanyards bedrucken f\u00fcr events & messe","description":"M\u00f6chtest du Lanyards f\u00fcr Events bestellen, die sofort ins Auge fallen? Lasse diese robusten 2,5 cm breiten Schl\u00fcsselb\u00e4nder bedrucken, um deine Marke als professionellen Werbeartikel optimal zu pr\u00e4sentieren und die Wiedererkennung zu steigern.","inLanguage":"de-DE","isPartOf":{"@id":"https:\/\/hidalgo.nl\/de\/#website"},"breadcrumb":{"@id":"https:\/\/hidalgo.nl\/de\/product\/23609\/schluesselband-mit-logo-lanyards-bedrucken-fuer-events-messe\/#breadcrumblist"},"image":{"@type":"ImageObject","url":"https:\/\/shop.hidalgo.nl\/wp-content\/uploads\/2025\/03\/ab696d12fc7c43c4785006ecd88aaf9a9377eddf1479a58447f406f4cfcec877.jpg","@id":"https:\/\/hidalgo.nl\/de\/product\/23609\/schluesselband-mit-logo-lanyards-bedrucken-fuer-events-messe\/#mainImage"},"primaryImageOfPage":{"@id":"https:\/\/hidalgo.nl\/de\/product\/23609\/schluesselband-mit-logo-lanyards-bedrucken-fuer-events-messe\/#mainImage"},"datePublished":"2025-07-03T14:07:58+00:00","dateModified":"2026-02-17T11:49:11+00:00"},{"@type":"WebSite","@id":"https:\/\/hidalgo.nl\/de\/#website","url":"https:\/\/hidalgo.nl\/de\/","name":"Hidalgo","inLanguage":"de-DE","publisher":{"@id":"https:\/\/hidalgo.nl\/de\/#organization"}}]},"og:locale":"de_DE","og:site_name":"Hidalgo -","og:type":"article","og:title":"Schl\u00fcsselband mit logo: lanyards bedrucken f\u00fcr events &amp; messe","og:description":"M\u00f6chtest du Lanyards f\u00fcr Events bestellen, die sofort ins Auge fallen? Lasse diese robusten 2,5 cm breiten Schl\u00fcsselb\u00e4nder bedrucken, um deine Marke als professionellen Werbeartikel optimal zu pr\u00e4sentieren und die Wiedererkennung zu steigern.","og:url":"https:\/\/hidalgo.nl\/de\/wp-json\/wp\/v2\/product\/23609","og:image":"https:\/\/shop.hidalgo.nl\/wp-content\/uploads\/2025\/11\/cropped-Hidalgo-est1993.png","og:image:secure_url":"https:\/\/shop.hidalgo.nl\/wp-content\/uploads\/2025\/11\/cropped-Hidalgo-est1993.png","article:published_time":"2025-07-03T14:07:58+00:00","article:modified_time":"2026-02-17T11:49:11+00:00","twitter:card":"summary_large_image","twitter:title":"Schl\u00fcsselband mit logo: lanyards bedrucken f\u00fcr events &amp; messe","twitter:description":"M\u00f6chtest du Lanyards f\u00fcr Events bestellen, die sofort ins Auge fallen? Lasse diese robusten 2,5 cm breiten Schl\u00fcsselb\u00e4nder bedrucken, um deine Marke als professionellen Werbeartikel optimal zu pr\u00e4sentieren und die Wiedererkennung zu steigern.","twitter:image":"https:\/\/shop.hidalgo.nl\/wp-content\/uploads\/2025\/11\/cropped-Hidalgo-est1993.png"},"aioseo_meta_data":{"post_id":"23609","title":null,"description":null,"keywords":null,"keyphrases":null,"primary_term":null,"canonical_url":null,"og_title":null,"og_description":null,"og_object_type":"default","og_image_type":"default","og_image_url":null,"og_image_width":null,"og_image_height":null,"og_image_custom_url":null,"og_image_custom_fields":null,"og_video":null,"og_custom_url":null,"og_article_section":null,"og_article_tags":null,"twitter_use_og":false,"twitter_card":"default","twitter_image_type":"default","twitter_image_url":null,"twitter_image_custom_url":null,"twitter_image_custom_fields":null,"twitter_title":null,"twitter_description":null,"schema":{"blockGraphs":[],"customGraphs":[],"default":{"data":{"Article":[],"Course":[],"Dataset":[],"FAQPage":[],"Movie":[],"Person":[],"Product":[],"ProductReview":[],"Car":[],"Recipe":[],"Service":[],"SoftwareApplication":[],"WebPage":[]},"graphName":"","isEnabled":true},"graphs":[]},"schema_type":"default","schema_type_options":null,"pillar_content":false,"robots_default":true,"robots_noindex":false,"robots_noarchive":false,"robots_nosnippet":false,"robots_nofollow":false,"robots_noimageindex":false,"robots_noodp":false,"robots_notranslate":false,"robots_max_snippet":null,"robots_max_videopreview":null,"robots_max_imagepreview":"large","priority":null,"frequency":null,"local_seo":null,"seo_analyzer_scan_date":"2026-01-20 12:33:26","breadcrumb_settings":null,"limit_modified_date":false,"reviewed_by":null,"open_ai":null,"ai":null,"created":"2026-01-14 06:17:38","updated":"2026-02-17 13:12:38"},"aioseo_breadcrumb":"<div class=\"aioseo-breadcrumbs\"><span class=\"aioseo-breadcrumb\">\n\t<a href=\"https:\/\/hidalgo.nl\/de\/\" title=\"Home\">Home<\/a>\n<\/span><span class=\"aioseo-breadcrumb-separator\">\u00bb<\/span><span class=\"aioseo-breadcrumb\">\n\t<a href=\"https:\/\/hidalgo.nl\/example\/\" title=\"example\">example<\/a>\n<\/span><span class=\"aioseo-breadcrumb-separator\">\u00bb<\/span><span class=\"aioseo-breadcrumb\">\n\t<a href=\"https:\/\/hidalgo.nl\/en\/product-supplier\/a86\/\" title=\"A86\">A86<\/a>\n<\/span><span class=\"aioseo-breadcrumb-separator\">\u00bb<\/span><span class=\"aioseo-breadcrumb\">\n\tNeklint 2,5 cm\n<\/span><\/div>","aioseo_breadcrumb_json":[{"label":"Home","link":"https:\/\/hidalgo.nl\/de\/"},{"label":"example","link":"https:\/\/hidalgo.nl\/example\/"},{"label":"A86","link":"https:\/\/hidalgo.nl\/en\/product-supplier\/a86\/"},{"label":"Neklint 2,5 cm","link":"https:\/\/hidalgo.nl\/de\/product\/23609\/schluesselband-mit-logo-lanyards-bedrucken-fuer-events-messe\/"}],"_links":{"self":[{"href":"https:\/\/hidalgo.nl\/de\/wp-json\/wp\/v2\/product\/23609","targetHints":{"allow":["GET"]}}],"collection":[{"href":"https:\/\/hidalgo.nl\/de\/wp-json\/wp\/v2\/product"}],"about":[{"href":"https:\/\/hidalgo.nl\/de\/wp-json\/wp\/v2\/types\/product"}],"wp:featuredmedia":[{"embeddable":true,"href":"https:\/\/hidalgo.nl\/de\/wp-json\/wp\/v2\/media\/582464"}],"wp:attachment":[{"href":"https:\/\/hidalgo.nl\/de\/wp-json\/wp\/v2\/media?parent=23609"}],"wp:term":[{"taxonomy":"product_brand","embeddable":true,"href":"https:\/\/hidalgo.nl\/de\/wp-json\/wp\/v2\/product_brand?post=23609"},{"taxonomy":"product_cat","embeddable":true,"href":"https:\/\/hidalgo.nl\/de\/wp-json\/wp\/v2\/product_cat?post=23609"},{"taxonomy":"product_tag","embeddable":true,"href":"https:\/\/hidalgo.nl\/de\/wp-json\/wp\/v2\/product_tag?post=23609"}],"curies":[{"name":"wp","href":"https:\/\/api.w.org\/{rel}","templated":true}]}}