{"id":23267,"date":"2025-07-03T13:58:31","date_gmt":"2025-07-03T13:58:31","guid":{"rendered":"http:\/\/bidonsenshakers.pim.hidalgo.nl\/product\/reflecterend-vest-v-vorm\/"},"modified":"2026-02-17T11:49:14","modified_gmt":"2026-02-17T11:49:14","slug":"reflecterend-vest-v-vorm","status":"publish","type":"product","link":"https:\/\/hidalgo.nl\/de\/product\/23267\/reflektorweste-v-form-bedruckbar-sicherheit-logo\/","title":{"rendered":"Reflecterend vest V-vorm"},"content":{"rendered":"<p>Geniet van maximale bewegingsvrijheid met dit V-vormige reflecterende vest. Ontworpen met reflecterende strepen aan de voor- en achterkant, helpt het je zichtbaarheid voor anderen te vergroten tijdens buitenactiviteiten zoals hardlopen, wandelen of fietsen. De verstelbare zijkanten met klittenband zorgen voor een comfortabele pasvorm over je trainingskleding. Verkrijgbaar in \u00e9\u00e9n universele maat. <\/p>\n","protected":false},"excerpt":{"rendered":"<p>Reflecterend vest V-vorm, 100% polyester.<\/p>\n","protected":false},"featured_media":585699,"template":"","meta":{"_acf_changed":false,"om_disable_all_campaigns":false,"_monsterinsights_skip_tracking":false,"_monsterinsights_sitenote_active":false,"_monsterinsights_sitenote_note":"","_monsterinsights_sitenote_category":0},"product_brand":[],"product_cat":[4716,4717,4718],"product_tag":[],"class_list":{"0":"post-23267","1":"product","2":"type-product","3":"status-publish","4":"has-post-thumbnail","6":"product_supplier-a86","7":"product_material-100-polyester","8":"product_cat-kleding","9":"product_cat-kleding-veiligheidskleding","10":"product_cat-kleding-veiligheidskleding-veiligheidsvesten","11":"entry","13":"first","14":"instock","15":"taxable","16":"shipping-taxable","17":"purchasable","18":"product-type-variable"},"acf":{"imprint_cost":[{"imprint_cost_key":"86509f054e4bd7927186e7c02d17289adca563cc","product_quantity_price_range":[{"imprint_cost_recommended_selling_price":"2.91","imprint_cost_recommended_selling_quantity":"25"},{"imprint_cost_recommended_selling_price":"2.295","imprint_cost_recommended_selling_quantity":"50"},{"imprint_cost_recommended_selling_price":"1.965","imprint_cost_recommended_selling_quantity":"100"},{"imprint_cost_recommended_selling_price":"1.47","imprint_cost_recommended_selling_quantity":"250"},{"imprint_cost_recommended_selling_price":"1.02","imprint_cost_recommended_selling_quantity":"500"},{"imprint_cost_recommended_selling_price":"0.87","imprint_cost_recommended_selling_quantity":"1000"},{"imprint_cost_recommended_selling_price":"0.765","imprint_cost_recommended_selling_quantity":"2500"}],"product_quantity_price_range_buying":[{"imprint_cost_general_buying_price":"1.94","imprint_cost_general_buying_quantity":"25"},{"imprint_cost_general_buying_price":"1.53","imprint_cost_general_buying_quantity":"50"},{"imprint_cost_general_buying_price":"1.31","imprint_cost_general_buying_quantity":"100"},{"imprint_cost_general_buying_price":"0.98","imprint_cost_general_buying_quantity":"250"},{"imprint_cost_general_buying_price":"0.68","imprint_cost_general_buying_quantity":"500"},{"imprint_cost_general_buying_price":"0.58","imprint_cost_general_buying_quantity":"1000"},{"imprint_cost_general_buying_price":"0.51","imprint_cost_general_buying_quantity":"2500"}],"imprint_cost_setup_costs":"41.25","imprint_cost_handling_costs":"0"},{"imprint_cost_key":"024ccce870c1b8cdf09274e927e4492c386fa647","product_quantity_price_range":[{"imprint_cost_recommended_selling_price":"3.105","imprint_cost_recommended_selling_quantity":"25"},{"imprint_cost_recommended_selling_price":"2.505","imprint_cost_recommended_selling_quantity":"50"},{"imprint_cost_recommended_selling_price":"2.1","imprint_cost_recommended_selling_quantity":"100"},{"imprint_cost_recommended_selling_price":"1.62","imprint_cost_recommended_selling_quantity":"250"},{"imprint_cost_recommended_selling_price":"1.17","imprint_cost_recommended_selling_quantity":"500"},{"imprint_cost_recommended_selling_price":"1.02","imprint_cost_recommended_selling_quantity":"1000"},{"imprint_cost_recommended_selling_price":"0.915","imprint_cost_recommended_selling_quantity":"2500"}],"product_quantity_price_range_buying":[{"imprint_cost_general_buying_price":"2.07","imprint_cost_general_buying_quantity":"25"},{"imprint_cost_general_buying_price":"1.67","imprint_cost_general_buying_quantity":"50"},{"imprint_cost_general_buying_price":"1.4","imprint_cost_general_buying_quantity":"100"},{"imprint_cost_general_buying_price":"1.08","imprint_cost_general_buying_quantity":"250"},{"imprint_cost_general_buying_price":"0.78","imprint_cost_general_buying_quantity":"500"},{"imprint_cost_general_buying_price":"0.68","imprint_cost_general_buying_quantity":"1000"},{"imprint_cost_general_buying_price":"0.61","imprint_cost_general_buying_quantity":"2500"}],"imprint_cost_setup_costs":"41.25","imprint_cost_handling_costs":"0"},{"imprint_cost_key":"dbea5bde81b5488e198815f6f0433944d5b63dfa","product_quantity_price_range":[{"imprint_cost_recommended_selling_price":"5.325","imprint_cost_recommended_selling_quantity":"25"},{"imprint_cost_recommended_selling_price":"3.795","imprint_cost_recommended_selling_quantity":"50"},{"imprint_cost_recommended_selling_price":"2.775","imprint_cost_recommended_selling_quantity":"100"},{"imprint_cost_recommended_selling_price":"1.755","imprint_cost_recommended_selling_quantity":"250"},{"imprint_cost_recommended_selling_price":"1.365","imprint_cost_recommended_selling_quantity":"500"},{"imprint_cost_recommended_selling_price":"1.2","imprint_cost_recommended_selling_quantity":"1000"}],"product_quantity_price_range_buying":[{"imprint_cost_general_buying_price":"3.55","imprint_cost_general_buying_quantity":"25"},{"imprint_cost_general_buying_price":"2.53","imprint_cost_general_buying_quantity":"50"},{"imprint_cost_general_buying_price":"1.85","imprint_cost_general_buying_quantity":"100"},{"imprint_cost_general_buying_price":"1.17","imprint_cost_general_buying_quantity":"250"},{"imprint_cost_general_buying_price":"0.91","imprint_cost_general_buying_quantity":"500"},{"imprint_cost_general_buying_price":"0.8","imprint_cost_general_buying_quantity":"1000"}],"imprint_cost_setup_costs":"41.25","imprint_cost_handling_costs":"0"},{"imprint_cost_key":"f8573f5e1a0b5a4ad1f507662e5be05f4421274c","product_quantity_price_range":[{"imprint_cost_recommended_selling_price":"1.65","imprint_cost_recommended_selling_quantity":"50"},{"imprint_cost_recommended_selling_price":"0.825","imprint_cost_recommended_selling_quantity":"100"},{"imprint_cost_recommended_selling_price":"0.645","imprint_cost_recommended_selling_quantity":"250"},{"imprint_cost_recommended_selling_price":"0.6","imprint_cost_recommended_selling_quantity":"500"},{"imprint_cost_recommended_selling_price":"0.54","imprint_cost_recommended_selling_quantity":"1000"},{"imprint_cost_recommended_selling_price":"0.495","imprint_cost_recommended_selling_quantity":"2500"}],"product_quantity_price_range_buying":[{"imprint_cost_general_buying_price":"1.1","imprint_cost_general_buying_quantity":"50"},{"imprint_cost_general_buying_price":"0.55","imprint_cost_general_buying_quantity":"100"},{"imprint_cost_general_buying_price":"0.43","imprint_cost_general_buying_quantity":"250"},{"imprint_cost_general_buying_price":"0.4","imprint_cost_general_buying_quantity":"500"},{"imprint_cost_general_buying_price":"0.36","imprint_cost_general_buying_quantity":"1000"},{"imprint_cost_general_buying_price":"0.33","imprint_cost_general_buying_quantity":"2500"}],"imprint_cost_setup_costs":"56.25","imprint_cost_handling_costs":"0"},{"imprint_cost_key":"48635c902417d49f756765e86f5691d5dbfbaca6","product_quantity_price_range":[{"imprint_cost_recommended_selling_price":"2.04","imprint_cost_recommended_selling_quantity":"50"},{"imprint_cost_recommended_selling_price":"1.02","imprint_cost_recommended_selling_quantity":"100"},{"imprint_cost_recommended_selling_price":"0.825","imprint_cost_recommended_selling_quantity":"250"},{"imprint_cost_recommended_selling_price":"0.765","imprint_cost_recommended_selling_quantity":"500"},{"imprint_cost_recommended_selling_price":"0.72","imprint_cost_recommended_selling_quantity":"1000"},{"imprint_cost_recommended_selling_price":"0.66","imprint_cost_recommended_selling_quantity":"2500"}],"product_quantity_price_range_buying":[{"imprint_cost_general_buying_price":"1.36","imprint_cost_general_buying_quantity":"50"},{"imprint_cost_general_buying_price":"0.68","imprint_cost_general_buying_quantity":"100"},{"imprint_cost_general_buying_price":"0.55","imprint_cost_general_buying_quantity":"250"},{"imprint_cost_general_buying_price":"0.51","imprint_cost_general_buying_quantity":"500"},{"imprint_cost_general_buying_price":"0.48","imprint_cost_general_buying_quantity":"1000"},{"imprint_cost_general_buying_price":"0.44","imprint_cost_general_buying_quantity":"2500"}],"imprint_cost_setup_costs":"97.5","imprint_cost_handling_costs":"0"}]},"aioseo_notices":[],"aioseo_head":"\n\t\t<!-- All in One SEO Pro 4.9.6.1 - aioseo.com -->\n\t<meta name=\"description\" content=\"Egal ob beim Laufen oder Radfahren, diese gelbe V-Form Sicherheitsweste sorgt f\u00fcr maximale Sichtbarkeit. Wenn du deine personalisierte Sicherheitsweste Joggen kaufen oder gr\u00f6\u00dfere Mengen Reflektorwesten bedrucken lassen m\u00f6chtest, liefern wir schnelle Ergebnisse f\u00fcr dein Event oder Team.\" \/>\n\t<meta name=\"robots\" content=\"max-image-preview:large\" \/>\n\t<link rel=\"canonical\" href=\"https:\/\/hidalgo.nl\/de\/wp-json\/wp\/v2\/product\/23267\" \/>\n\t<meta name=\"generator\" content=\"All in One SEO Pro (AIOSEO) 4.9.6.1\" \/>\n\t\t<meta property=\"og:locale\" content=\"de_DE\" \/>\n\t\t<meta property=\"og:site_name\" content=\"Hidalgo -\" \/>\n\t\t<meta property=\"og:type\" content=\"article\" \/>\n\t\t<meta property=\"og:title\" content=\"Reflektorweste V-Form bedruckbar | Sicherheit &amp; Logo\" \/>\n\t\t<meta property=\"og:description\" content=\"Egal ob beim Laufen oder Radfahren, diese gelbe V-Form Sicherheitsweste sorgt f\u00fcr maximale Sichtbarkeit. Wenn du deine personalisierte Sicherheitsweste Joggen kaufen oder gr\u00f6\u00dfere Mengen Reflektorwesten bedrucken lassen m\u00f6chtest, liefern wir schnelle Ergebnisse f\u00fcr dein Event oder Team.\" \/>\n\t\t<meta property=\"og:url\" content=\"https:\/\/hidalgo.nl\/de\/wp-json\/wp\/v2\/product\/23267\" \/>\n\t\t<meta property=\"og:image\" content=\"https:\/\/shop.hidalgo.nl\/wp-content\/uploads\/2025\/11\/cropped-Hidalgo-est1993.png\" \/>\n\t\t<meta property=\"og:image:secure_url\" content=\"https:\/\/shop.hidalgo.nl\/wp-content\/uploads\/2025\/11\/cropped-Hidalgo-est1993.png\" \/>\n\t\t<meta property=\"article:published_time\" content=\"2025-07-03T13:58:31+00:00\" \/>\n\t\t<meta property=\"article:modified_time\" content=\"2026-02-17T11:49:14+00:00\" \/>\n\t\t<meta name=\"twitter:card\" content=\"summary_large_image\" \/>\n\t\t<meta name=\"twitter:title\" content=\"Reflektorweste V-Form bedruckbar | Sicherheit &amp; Logo\" \/>\n\t\t<meta name=\"twitter:description\" content=\"Egal ob beim Laufen oder Radfahren, diese gelbe V-Form Sicherheitsweste sorgt f\u00fcr maximale Sichtbarkeit. Wenn du deine personalisierte Sicherheitsweste Joggen kaufen oder gr\u00f6\u00dfere Mengen Reflektorwesten bedrucken lassen m\u00f6chtest, liefern wir schnelle Ergebnisse f\u00fcr dein Event oder Team.\" \/>\n\t\t<meta name=\"twitter:image\" content=\"https:\/\/shop.hidalgo.nl\/wp-content\/uploads\/2025\/11\/cropped-Hidalgo-est1993.png\" \/>\n\t\t<script type=\"application\/ld+json\" class=\"aioseo-schema\">\n\t\t\t{\"@context\":\"https:\\\/\\\/schema.org\",\"@graph\":[{\"@type\":\"BreadcrumbList\",\"@id\":\"https:\\\/\\\/hidalgo.nl\\\/de\\\/product\\\/23267\\\/reflektorweste-v-form-bedruckbar-sicherheit-logo\\\/#breadcrumblist\",\"itemListElement\":[{\"@type\":\"ListItem\",\"@id\":\"https:\\\/\\\/hidalgo.nl\\\/de\\\/#listItem\",\"position\":1,\"name\":\"Home\",\"item\":\"https:\\\/\\\/hidalgo.nl\\\/de\\\/\",\"nextItem\":{\"@type\":\"ListItem\",\"@id\":\"https:\\\/\\\/hidalgo.nl\\\/example\\\/#listItem\",\"name\":\"example\"}},{\"@type\":\"ListItem\",\"@id\":\"https:\\\/\\\/hidalgo.nl\\\/example\\\/#listItem\",\"position\":2,\"name\":\"example\",\"item\":\"https:\\\/\\\/hidalgo.nl\\\/example\\\/\",\"nextItem\":{\"@type\":\"ListItem\",\"@id\":\"https:\\\/\\\/hidalgo.nl\\\/en\\\/product-supplier\\\/a86\\\/#listItem\",\"name\":\"A86\"},\"previousItem\":{\"@type\":\"ListItem\",\"@id\":\"https:\\\/\\\/hidalgo.nl\\\/de\\\/#listItem\",\"name\":\"Home\"}},{\"@type\":\"ListItem\",\"@id\":\"https:\\\/\\\/hidalgo.nl\\\/en\\\/product-supplier\\\/a86\\\/#listItem\",\"position\":3,\"name\":\"A86\",\"item\":\"https:\\\/\\\/hidalgo.nl\\\/en\\\/product-supplier\\\/a86\\\/\",\"nextItem\":{\"@type\":\"ListItem\",\"@id\":\"https:\\\/\\\/hidalgo.nl\\\/de\\\/product\\\/23267\\\/reflektorweste-v-form-bedruckbar-sicherheit-logo\\\/#listItem\",\"name\":\"Reflecterend vest V-vorm\"},\"previousItem\":{\"@type\":\"ListItem\",\"@id\":\"https:\\\/\\\/hidalgo.nl\\\/example\\\/#listItem\",\"name\":\"example\"}},{\"@type\":\"ListItem\",\"@id\":\"https:\\\/\\\/hidalgo.nl\\\/de\\\/product\\\/23267\\\/reflektorweste-v-form-bedruckbar-sicherheit-logo\\\/#listItem\",\"position\":4,\"name\":\"Reflecterend vest V-vorm\",\"previousItem\":{\"@type\":\"ListItem\",\"@id\":\"https:\\\/\\\/hidalgo.nl\\\/en\\\/product-supplier\\\/a86\\\/#listItem\",\"name\":\"A86\"}}]},{\"@type\":\"ItemPage\",\"@id\":\"https:\\\/\\\/hidalgo.nl\\\/de\\\/product\\\/23267\\\/reflektorweste-v-form-bedruckbar-sicherheit-logo\\\/#itempage\",\"url\":\"https:\\\/\\\/hidalgo.nl\\\/de\\\/product\\\/23267\\\/reflektorweste-v-form-bedruckbar-sicherheit-logo\\\/\",\"name\":\"Reflektorweste V-Form bedruckbar | Sicherheit & Logo\",\"description\":\"Egal ob beim Laufen oder Radfahren, diese gelbe V-Form Sicherheitsweste sorgt f\\u00fcr maximale Sichtbarkeit. Wenn du deine personalisierte Sicherheitsweste Joggen kaufen oder gr\\u00f6\\u00dfere Mengen Reflektorwesten bedrucken lassen m\\u00f6chtest, liefern wir schnelle Ergebnisse f\\u00fcr dein Event oder Team.\",\"inLanguage\":\"de-DE\",\"isPartOf\":{\"@id\":\"https:\\\/\\\/hidalgo.nl\\\/de\\\/#website\"},\"breadcrumb\":{\"@id\":\"https:\\\/\\\/hidalgo.nl\\\/de\\\/product\\\/23267\\\/reflektorweste-v-form-bedruckbar-sicherheit-logo\\\/#breadcrumblist\"},\"image\":{\"@type\":\"ImageObject\",\"url\":\"https:\\\/\\\/shop.hidalgo.nl\\\/wp-content\\\/uploads\\\/2025\\\/03\\\/4e96ac8bce241bf538d102fd1061e652aabdfdcacc3bc413d948840c6f690124.jpg\",\"@id\":\"https:\\\/\\\/hidalgo.nl\\\/de\\\/product\\\/23267\\\/reflektorweste-v-form-bedruckbar-sicherheit-logo\\\/#mainImage\"},\"primaryImageOfPage\":{\"@id\":\"https:\\\/\\\/hidalgo.nl\\\/de\\\/product\\\/23267\\\/reflektorweste-v-form-bedruckbar-sicherheit-logo\\\/#mainImage\"},\"datePublished\":\"2025-07-03T13:58:31+00:00\",\"dateModified\":\"2026-02-17T11:49:14+00:00\"},{\"@type\":\"Organization\",\"@id\":\"https:\\\/\\\/hidalgo.nl\\\/de\\\/#organization\",\"name\":\"Hidalgo\",\"url\":\"https:\\\/\\\/hidalgo.nl\\\/de\\\/\",\"logo\":{\"@type\":\"ImageObject\",\"url\":\"https:\\\/\\\/shop.hidalgo.nl\\\/wp-content\\\/uploads\\\/2025\\\/11\\\/cropped-Hidalgo-est1993.png\",\"@id\":\"https:\\\/\\\/hidalgo.nl\\\/de\\\/product\\\/23267\\\/reflektorweste-v-form-bedruckbar-sicherheit-logo\\\/#organizationLogo\",\"width\":585,\"height\":195},\"image\":{\"@id\":\"https:\\\/\\\/hidalgo.nl\\\/de\\\/product\\\/23267\\\/reflektorweste-v-form-bedruckbar-sicherheit-logo\\\/#organizationLogo\"}},{\"@type\":\"WebPage\",\"@id\":\"https:\\\/\\\/hidalgo.nl\\\/de\\\/product\\\/23267\\\/reflektorweste-v-form-bedruckbar-sicherheit-logo\\\/#webpage\",\"url\":\"https:\\\/\\\/hidalgo.nl\\\/de\\\/product\\\/23267\\\/reflektorweste-v-form-bedruckbar-sicherheit-logo\\\/\",\"name\":\"Reflektorweste V-Form bedruckbar | Sicherheit & Logo\",\"description\":\"Egal ob beim Laufen oder Radfahren, diese gelbe V-Form Sicherheitsweste sorgt f\\u00fcr maximale Sichtbarkeit. Wenn du deine personalisierte Sicherheitsweste Joggen kaufen oder gr\\u00f6\\u00dfere Mengen Reflektorwesten bedrucken lassen m\\u00f6chtest, liefern wir schnelle Ergebnisse f\\u00fcr dein Event oder Team.\",\"inLanguage\":\"de-DE\",\"isPartOf\":{\"@id\":\"https:\\\/\\\/hidalgo.nl\\\/de\\\/#website\"},\"breadcrumb\":{\"@id\":\"https:\\\/\\\/hidalgo.nl\\\/de\\\/product\\\/23267\\\/reflektorweste-v-form-bedruckbar-sicherheit-logo\\\/#breadcrumblist\"},\"image\":{\"@type\":\"ImageObject\",\"url\":\"https:\\\/\\\/shop.hidalgo.nl\\\/wp-content\\\/uploads\\\/2025\\\/03\\\/4e96ac8bce241bf538d102fd1061e652aabdfdcacc3bc413d948840c6f690124.jpg\",\"@id\":\"https:\\\/\\\/hidalgo.nl\\\/de\\\/product\\\/23267\\\/reflektorweste-v-form-bedruckbar-sicherheit-logo\\\/#mainImage\"},\"primaryImageOfPage\":{\"@id\":\"https:\\\/\\\/hidalgo.nl\\\/de\\\/product\\\/23267\\\/reflektorweste-v-form-bedruckbar-sicherheit-logo\\\/#mainImage\"},\"datePublished\":\"2025-07-03T13:58:31+00:00\",\"dateModified\":\"2026-02-17T11:49:14+00:00\"},{\"@type\":\"WebSite\",\"@id\":\"https:\\\/\\\/hidalgo.nl\\\/de\\\/#website\",\"url\":\"https:\\\/\\\/hidalgo.nl\\\/de\\\/\",\"name\":\"Hidalgo\",\"inLanguage\":\"de-DE\",\"publisher\":{\"@id\":\"https:\\\/\\\/hidalgo.nl\\\/de\\\/#organization\"}}]}\n\t\t<\/script>\n\t\t<!-- All in One SEO Pro -->\r\n\t\t<title>Reflektorweste V-Form bedruckbar | Sicherheit &amp; Logo<\/title>\n\n","aioseo_head_json":{"title":"Reflektorweste V-Form bedruckbar | Sicherheit & Logo","description":"Egal ob beim Laufen oder Radfahren, diese gelbe V-Form Sicherheitsweste sorgt f\u00fcr maximale Sichtbarkeit. Wenn du deine personalisierte Sicherheitsweste Joggen kaufen oder gr\u00f6\u00dfere Mengen Reflektorwesten bedrucken lassen m\u00f6chtest, liefern wir schnelle Ergebnisse f\u00fcr dein Event oder Team.","canonical_url":"https:\/\/hidalgo.nl\/de\/wp-json\/wp\/v2\/product\/23267","robots":"max-image-preview:large","keywords":"","webmasterTools":{"miscellaneous":""},"schema":{"@context":"https:\/\/schema.org","@graph":[{"@type":"BreadcrumbList","@id":"https:\/\/hidalgo.nl\/de\/product\/23267\/reflektorweste-v-form-bedruckbar-sicherheit-logo\/#breadcrumblist","itemListElement":[{"@type":"ListItem","@id":"https:\/\/hidalgo.nl\/de\/#listItem","position":1,"name":"Home","item":"https:\/\/hidalgo.nl\/de\/","nextItem":{"@type":"ListItem","@id":"https:\/\/hidalgo.nl\/example\/#listItem","name":"example"}},{"@type":"ListItem","@id":"https:\/\/hidalgo.nl\/example\/#listItem","position":2,"name":"example","item":"https:\/\/hidalgo.nl\/example\/","nextItem":{"@type":"ListItem","@id":"https:\/\/hidalgo.nl\/en\/product-supplier\/a86\/#listItem","name":"A86"},"previousItem":{"@type":"ListItem","@id":"https:\/\/hidalgo.nl\/de\/#listItem","name":"Home"}},{"@type":"ListItem","@id":"https:\/\/hidalgo.nl\/en\/product-supplier\/a86\/#listItem","position":3,"name":"A86","item":"https:\/\/hidalgo.nl\/en\/product-supplier\/a86\/","nextItem":{"@type":"ListItem","@id":"https:\/\/hidalgo.nl\/de\/product\/23267\/reflektorweste-v-form-bedruckbar-sicherheit-logo\/#listItem","name":"Reflecterend vest V-vorm"},"previousItem":{"@type":"ListItem","@id":"https:\/\/hidalgo.nl\/example\/#listItem","name":"example"}},{"@type":"ListItem","@id":"https:\/\/hidalgo.nl\/de\/product\/23267\/reflektorweste-v-form-bedruckbar-sicherheit-logo\/#listItem","position":4,"name":"Reflecterend vest V-vorm","previousItem":{"@type":"ListItem","@id":"https:\/\/hidalgo.nl\/en\/product-supplier\/a86\/#listItem","name":"A86"}}]},{"@type":"ItemPage","@id":"https:\/\/hidalgo.nl\/de\/product\/23267\/reflektorweste-v-form-bedruckbar-sicherheit-logo\/#itempage","url":"https:\/\/hidalgo.nl\/de\/product\/23267\/reflektorweste-v-form-bedruckbar-sicherheit-logo\/","name":"Reflektorweste V-Form bedruckbar | Sicherheit & Logo","description":"Egal ob beim Laufen oder Radfahren, diese gelbe V-Form Sicherheitsweste sorgt f\u00fcr maximale Sichtbarkeit. Wenn du deine personalisierte Sicherheitsweste Joggen kaufen oder gr\u00f6\u00dfere Mengen Reflektorwesten bedrucken lassen m\u00f6chtest, liefern wir schnelle Ergebnisse f\u00fcr dein Event oder Team.","inLanguage":"de-DE","isPartOf":{"@id":"https:\/\/hidalgo.nl\/de\/#website"},"breadcrumb":{"@id":"https:\/\/hidalgo.nl\/de\/product\/23267\/reflektorweste-v-form-bedruckbar-sicherheit-logo\/#breadcrumblist"},"image":{"@type":"ImageObject","url":"https:\/\/shop.hidalgo.nl\/wp-content\/uploads\/2025\/03\/4e96ac8bce241bf538d102fd1061e652aabdfdcacc3bc413d948840c6f690124.jpg","@id":"https:\/\/hidalgo.nl\/de\/product\/23267\/reflektorweste-v-form-bedruckbar-sicherheit-logo\/#mainImage"},"primaryImageOfPage":{"@id":"https:\/\/hidalgo.nl\/de\/product\/23267\/reflektorweste-v-form-bedruckbar-sicherheit-logo\/#mainImage"},"datePublished":"2025-07-03T13:58:31+00:00","dateModified":"2026-02-17T11:49:14+00:00"},{"@type":"Organization","@id":"https:\/\/hidalgo.nl\/de\/#organization","name":"Hidalgo","url":"https:\/\/hidalgo.nl\/de\/","logo":{"@type":"ImageObject","url":"https:\/\/shop.hidalgo.nl\/wp-content\/uploads\/2025\/11\/cropped-Hidalgo-est1993.png","@id":"https:\/\/hidalgo.nl\/de\/product\/23267\/reflektorweste-v-form-bedruckbar-sicherheit-logo\/#organizationLogo","width":585,"height":195},"image":{"@id":"https:\/\/hidalgo.nl\/de\/product\/23267\/reflektorweste-v-form-bedruckbar-sicherheit-logo\/#organizationLogo"}},{"@type":"WebPage","@id":"https:\/\/hidalgo.nl\/de\/product\/23267\/reflektorweste-v-form-bedruckbar-sicherheit-logo\/#webpage","url":"https:\/\/hidalgo.nl\/de\/product\/23267\/reflektorweste-v-form-bedruckbar-sicherheit-logo\/","name":"Reflektorweste V-Form bedruckbar | Sicherheit & Logo","description":"Egal ob beim Laufen oder Radfahren, diese gelbe V-Form Sicherheitsweste sorgt f\u00fcr maximale Sichtbarkeit. Wenn du deine personalisierte Sicherheitsweste Joggen kaufen oder gr\u00f6\u00dfere Mengen Reflektorwesten bedrucken lassen m\u00f6chtest, liefern wir schnelle Ergebnisse f\u00fcr dein Event oder Team.","inLanguage":"de-DE","isPartOf":{"@id":"https:\/\/hidalgo.nl\/de\/#website"},"breadcrumb":{"@id":"https:\/\/hidalgo.nl\/de\/product\/23267\/reflektorweste-v-form-bedruckbar-sicherheit-logo\/#breadcrumblist"},"image":{"@type":"ImageObject","url":"https:\/\/shop.hidalgo.nl\/wp-content\/uploads\/2025\/03\/4e96ac8bce241bf538d102fd1061e652aabdfdcacc3bc413d948840c6f690124.jpg","@id":"https:\/\/hidalgo.nl\/de\/product\/23267\/reflektorweste-v-form-bedruckbar-sicherheit-logo\/#mainImage"},"primaryImageOfPage":{"@id":"https:\/\/hidalgo.nl\/de\/product\/23267\/reflektorweste-v-form-bedruckbar-sicherheit-logo\/#mainImage"},"datePublished":"2025-07-03T13:58:31+00:00","dateModified":"2026-02-17T11:49:14+00:00"},{"@type":"WebSite","@id":"https:\/\/hidalgo.nl\/de\/#website","url":"https:\/\/hidalgo.nl\/de\/","name":"Hidalgo","inLanguage":"de-DE","publisher":{"@id":"https:\/\/hidalgo.nl\/de\/#organization"}}]},"og:locale":"de_DE","og:site_name":"Hidalgo -","og:type":"article","og:title":"Reflektorweste V-Form bedruckbar | Sicherheit &amp; Logo","og:description":"Egal ob beim Laufen oder Radfahren, diese gelbe V-Form Sicherheitsweste sorgt f\u00fcr maximale Sichtbarkeit. Wenn du deine personalisierte Sicherheitsweste Joggen kaufen oder gr\u00f6\u00dfere Mengen Reflektorwesten bedrucken lassen m\u00f6chtest, liefern wir schnelle Ergebnisse f\u00fcr dein Event oder Team.","og:url":"https:\/\/hidalgo.nl\/de\/wp-json\/wp\/v2\/product\/23267","og:image":"https:\/\/shop.hidalgo.nl\/wp-content\/uploads\/2025\/11\/cropped-Hidalgo-est1993.png","og:image:secure_url":"https:\/\/shop.hidalgo.nl\/wp-content\/uploads\/2025\/11\/cropped-Hidalgo-est1993.png","article:published_time":"2025-07-03T13:58:31+00:00","article:modified_time":"2026-02-17T11:49:14+00:00","twitter:card":"summary_large_image","twitter:title":"Reflektorweste V-Form bedruckbar | Sicherheit &amp; Logo","twitter:description":"Egal ob beim Laufen oder Radfahren, diese gelbe V-Form Sicherheitsweste sorgt f\u00fcr maximale Sichtbarkeit. Wenn du deine personalisierte Sicherheitsweste Joggen kaufen oder gr\u00f6\u00dfere Mengen Reflektorwesten bedrucken lassen m\u00f6chtest, liefern wir schnelle Ergebnisse f\u00fcr dein Event oder Team.","twitter:image":"https:\/\/shop.hidalgo.nl\/wp-content\/uploads\/2025\/11\/cropped-Hidalgo-est1993.png"},"aioseo_meta_data":{"post_id":"23267","title":null,"description":null,"keywords":null,"keyphrases":null,"primary_term":null,"canonical_url":null,"og_title":null,"og_description":null,"og_object_type":"default","og_image_type":"default","og_image_url":null,"og_image_width":null,"og_image_height":null,"og_image_custom_url":null,"og_image_custom_fields":null,"og_video":null,"og_custom_url":null,"og_article_section":null,"og_article_tags":null,"twitter_use_og":false,"twitter_card":"default","twitter_image_type":"default","twitter_image_url":null,"twitter_image_custom_url":null,"twitter_image_custom_fields":null,"twitter_title":null,"twitter_description":null,"schema":{"blockGraphs":[],"customGraphs":[],"default":{"data":{"Article":[],"Course":[],"Dataset":[],"FAQPage":[],"Movie":[],"Person":[],"Product":[],"ProductReview":[],"Car":[],"Recipe":[],"Service":[],"SoftwareApplication":[],"WebPage":[]},"graphName":"","isEnabled":true},"graphs":[]},"schema_type":"default","schema_type_options":null,"pillar_content":false,"robots_default":true,"robots_noindex":false,"robots_noarchive":false,"robots_nosnippet":false,"robots_nofollow":false,"robots_noimageindex":false,"robots_noodp":false,"robots_notranslate":false,"robots_max_snippet":null,"robots_max_videopreview":null,"robots_max_imagepreview":"large","priority":null,"frequency":null,"local_seo":null,"seo_analyzer_scan_date":"2026-01-20 12:28:51","breadcrumb_settings":null,"limit_modified_date":false,"reviewed_by":null,"open_ai":null,"ai":null,"created":"2026-01-14 06:17:38","updated":"2026-02-17 13:10:46"},"aioseo_breadcrumb":"<div class=\"aioseo-breadcrumbs\"><span class=\"aioseo-breadcrumb\">\n\t<a href=\"https:\/\/hidalgo.nl\/de\/\" title=\"Home\">Home<\/a>\n<\/span><span class=\"aioseo-breadcrumb-separator\">\u00bb<\/span><span class=\"aioseo-breadcrumb\">\n\t<a href=\"https:\/\/hidalgo.nl\/example\/\" title=\"example\">example<\/a>\n<\/span><span class=\"aioseo-breadcrumb-separator\">\u00bb<\/span><span class=\"aioseo-breadcrumb\">\n\t<a href=\"https:\/\/hidalgo.nl\/en\/product-supplier\/a86\/\" title=\"A86\">A86<\/a>\n<\/span><span class=\"aioseo-breadcrumb-separator\">\u00bb<\/span><span class=\"aioseo-breadcrumb\">\n\tReflecterend vest V-vorm\n<\/span><\/div>","aioseo_breadcrumb_json":[{"label":"Home","link":"https:\/\/hidalgo.nl\/de\/"},{"label":"example","link":"https:\/\/hidalgo.nl\/example\/"},{"label":"A86","link":"https:\/\/hidalgo.nl\/en\/product-supplier\/a86\/"},{"label":"Reflecterend vest V-vorm","link":"https:\/\/hidalgo.nl\/de\/product\/23267\/reflektorweste-v-form-bedruckbar-sicherheit-logo\/"}],"_links":{"self":[{"href":"https:\/\/hidalgo.nl\/de\/wp-json\/wp\/v2\/product\/23267","targetHints":{"allow":["GET"]}}],"collection":[{"href":"https:\/\/hidalgo.nl\/de\/wp-json\/wp\/v2\/product"}],"about":[{"href":"https:\/\/hidalgo.nl\/de\/wp-json\/wp\/v2\/types\/product"}],"wp:featuredmedia":[{"embeddable":true,"href":"https:\/\/hidalgo.nl\/de\/wp-json\/wp\/v2\/media\/585699"}],"wp:attachment":[{"href":"https:\/\/hidalgo.nl\/de\/wp-json\/wp\/v2\/media?parent=23267"}],"wp:term":[{"taxonomy":"product_brand","embeddable":true,"href":"https:\/\/hidalgo.nl\/de\/wp-json\/wp\/v2\/product_brand?post=23267"},{"taxonomy":"product_cat","embeddable":true,"href":"https:\/\/hidalgo.nl\/de\/wp-json\/wp\/v2\/product_cat?post=23267"},{"taxonomy":"product_tag","embeddable":true,"href":"https:\/\/hidalgo.nl\/de\/wp-json\/wp\/v2\/product_tag?post=23267"}],"curies":[{"name":"wp","href":"https:\/\/api.w.org\/{rel}","templated":true}]}}