{"id":23144,"date":"2025-07-03T13:54:52","date_gmt":"2025-07-03T13:54:52","guid":{"rendered":"http:\/\/bidonsenshakers.pim.hidalgo.nl\/product\/pietenmuts\/"},"modified":"2026-02-17T11:49:15","modified_gmt":"2026-02-17T11:49:15","slug":"pietenmuts","status":"publish","type":"product","link":"https:\/\/hidalgo.nl\/de\/product\/23144\/nikolaus-muetze-werbeartikel-mit-logo-grossbestellung\/","title":{"rendered":"Pietenmuts"},"content":{"rendered":"<p>Maak je Sinterklaas compleet met deze vrolijke pietenmuts voor volwassenen. Perfect voor toneelstukjes, intochten, feestjes of gewoon om in stijl mee te doen tijdens het pakjesavondplezier.<\/p>\n","protected":false},"excerpt":{"rendered":"<p>Pietenmuts. 100% polyester.<\/p>\n","protected":false},"featured_media":587163,"template":"","meta":{"_acf_changed":false,"om_disable_all_campaigns":false,"_monsterinsights_skip_tracking":false,"_monsterinsights_sitenote_active":false,"_monsterinsights_sitenote_note":"","_monsterinsights_sitenote_category":0},"product_brand":[],"product_cat":[4719,4941],"product_tag":[],"class_list":{"0":"post-23144","1":"product","2":"type-product","3":"status-publish","4":"has-post-thumbnail","6":"product_supplier-a86","7":"product_material-100-polyester","8":"product_cat-promotionele-artikelen","9":"product_cat-promotionele-artikelen-sinterklaas","10":"entry","12":"first","13":"instock","14":"taxable","15":"shipping-taxable","16":"purchasable","17":"product-type-variable"},"acf":{"imprint_cost":[{"imprint_cost_key":"595453c6ba519135e8a7f223e6fa99bab2a31372","product_quantity_price_range":[{"imprint_cost_recommended_selling_price":"1.47","imprint_cost_recommended_selling_quantity":"25"},{"imprint_cost_recommended_selling_price":"0.96","imprint_cost_recommended_selling_quantity":"50"},{"imprint_cost_recommended_selling_price":"0.75","imprint_cost_recommended_selling_quantity":"100"},{"imprint_cost_recommended_selling_price":"0.66","imprint_cost_recommended_selling_quantity":"250"},{"imprint_cost_recommended_selling_price":"0.555","imprint_cost_recommended_selling_quantity":"500"},{"imprint_cost_recommended_selling_price":"0.465","imprint_cost_recommended_selling_quantity":"1000"},{"imprint_cost_recommended_selling_price":"0.45","imprint_cost_recommended_selling_quantity":"2500"}],"product_quantity_price_range_buying":[{"imprint_cost_general_buying_price":"0.98","imprint_cost_general_buying_quantity":"25"},{"imprint_cost_general_buying_price":"0.64","imprint_cost_general_buying_quantity":"50"},{"imprint_cost_general_buying_price":"0.5","imprint_cost_general_buying_quantity":"100"},{"imprint_cost_general_buying_price":"0.44","imprint_cost_general_buying_quantity":"250"},{"imprint_cost_general_buying_price":"0.37","imprint_cost_general_buying_quantity":"500"},{"imprint_cost_general_buying_price":"0.31","imprint_cost_general_buying_quantity":"1000"},{"imprint_cost_general_buying_price":"0.3","imprint_cost_general_buying_quantity":"2500"}],"imprint_cost_setup_costs":"41.25","imprint_cost_handling_costs":"0"},{"imprint_cost_key":"9f45c1f7d221c819b43222910c809b1b401a15e8","product_quantity_price_range":[{"imprint_cost_recommended_selling_price":"1.755","imprint_cost_recommended_selling_quantity":"25"},{"imprint_cost_recommended_selling_price":"1.11","imprint_cost_recommended_selling_quantity":"50"},{"imprint_cost_recommended_selling_price":"0.885","imprint_cost_recommended_selling_quantity":"100"},{"imprint_cost_recommended_selling_price":"0.705","imprint_cost_recommended_selling_quantity":"250"},{"imprint_cost_recommended_selling_price":"0.675","imprint_cost_recommended_selling_quantity":"500"},{"imprint_cost_recommended_selling_price":"0.66","imprint_cost_recommended_selling_quantity":"1000"},{"imprint_cost_recommended_selling_price":"0.63","imprint_cost_recommended_selling_quantity":"2500"}],"product_quantity_price_range_buying":[{"imprint_cost_general_buying_price":"1.17","imprint_cost_general_buying_quantity":"25"},{"imprint_cost_general_buying_price":"0.74","imprint_cost_general_buying_quantity":"50"},{"imprint_cost_general_buying_price":"0.59","imprint_cost_general_buying_quantity":"100"},{"imprint_cost_general_buying_price":"0.47","imprint_cost_general_buying_quantity":"250"},{"imprint_cost_general_buying_price":"0.45","imprint_cost_general_buying_quantity":"500"},{"imprint_cost_general_buying_price":"0.44","imprint_cost_general_buying_quantity":"1000"},{"imprint_cost_general_buying_price":"0.42","imprint_cost_general_buying_quantity":"2500"}],"imprint_cost_setup_costs":"41.25","imprint_cost_handling_costs":"0"}]},"aioseo_notices":[],"aioseo_head":"\n\t\t<!-- All in One SEO Pro 4.9.6.2 - aioseo.com -->\n\t<meta name=\"description\" content=\"F\u00fcr deinen n\u00e4chsten gro\u00dfen Auftritt oder die Weihnachtsfeier: Bestelle diese Samtkappen in Rot &amp; Gold als festliche Kopfbedeckung B2B. Wir sorgen daf\u00fcr, dass wir deine M\u00fctzen mit Firmenlogo bestellen &amp; bedrucken, auch in gro\u00dfen Mengen.\" \/>\n\t<meta name=\"robots\" content=\"max-image-preview:large\" \/>\n\t<link rel=\"canonical\" href=\"https:\/\/hidalgo.nl\/de\/wp-json\/wp\/v2\/product\/23144\" \/>\n\t<meta name=\"generator\" content=\"All in One SEO Pro (AIOSEO) 4.9.6.2\" \/>\n\t\t<meta property=\"og:locale\" content=\"de_DE\" \/>\n\t\t<meta property=\"og:site_name\" content=\"Hidalgo -\" \/>\n\t\t<meta property=\"og:type\" content=\"article\" \/>\n\t\t<meta property=\"og:title\" content=\"Nikolaus m\u00fctze werbeartikel mit logo | gro\u00dfbestellung\" \/>\n\t\t<meta property=\"og:description\" content=\"F\u00fcr deinen n\u00e4chsten gro\u00dfen Auftritt oder die Weihnachtsfeier: Bestelle diese Samtkappen in Rot &amp; Gold als festliche Kopfbedeckung B2B. Wir sorgen daf\u00fcr, dass wir deine M\u00fctzen mit Firmenlogo bestellen &amp; bedrucken, auch in gro\u00dfen Mengen.\" \/>\n\t\t<meta property=\"og:url\" content=\"https:\/\/hidalgo.nl\/de\/wp-json\/wp\/v2\/product\/23144\" \/>\n\t\t<meta property=\"og:image\" content=\"https:\/\/shop.hidalgo.nl\/wp-content\/uploads\/2025\/11\/cropped-Hidalgo-est1993.png\" \/>\n\t\t<meta property=\"og:image:secure_url\" content=\"https:\/\/shop.hidalgo.nl\/wp-content\/uploads\/2025\/11\/cropped-Hidalgo-est1993.png\" \/>\n\t\t<meta property=\"article:published_time\" content=\"2025-07-03T13:54:52+00:00\" \/>\n\t\t<meta property=\"article:modified_time\" content=\"2026-02-17T11:49:15+00:00\" \/>\n\t\t<meta name=\"twitter:card\" content=\"summary_large_image\" \/>\n\t\t<meta name=\"twitter:title\" content=\"Nikolaus m\u00fctze werbeartikel mit logo | gro\u00dfbestellung\" \/>\n\t\t<meta name=\"twitter:description\" content=\"F\u00fcr deinen n\u00e4chsten gro\u00dfen Auftritt oder die Weihnachtsfeier: Bestelle diese Samtkappen in Rot &amp; Gold als festliche Kopfbedeckung B2B. Wir sorgen daf\u00fcr, dass wir deine M\u00fctzen mit Firmenlogo bestellen &amp; bedrucken, auch in gro\u00dfen Mengen.\" \/>\n\t\t<meta name=\"twitter:image\" content=\"https:\/\/shop.hidalgo.nl\/wp-content\/uploads\/2025\/11\/cropped-Hidalgo-est1993.png\" \/>\n\t\t<script type=\"application\/ld+json\" class=\"aioseo-schema\">\n\t\t\t{\"@context\":\"https:\\\/\\\/schema.org\",\"@graph\":[{\"@type\":\"BreadcrumbList\",\"@id\":\"https:\\\/\\\/hidalgo.nl\\\/de\\\/product\\\/23144\\\/nikolaus-muetze-werbeartikel-mit-logo-grossbestellung\\\/#breadcrumblist\",\"itemListElement\":[{\"@type\":\"ListItem\",\"@id\":\"https:\\\/\\\/hidalgo.nl\\\/de\\\/#listItem\",\"position\":1,\"name\":\"Home\",\"item\":\"https:\\\/\\\/hidalgo.nl\\\/de\\\/\",\"nextItem\":{\"@type\":\"ListItem\",\"@id\":\"https:\\\/\\\/hidalgo.nl\\\/example\\\/#listItem\",\"name\":\"example\"}},{\"@type\":\"ListItem\",\"@id\":\"https:\\\/\\\/hidalgo.nl\\\/example\\\/#listItem\",\"position\":2,\"name\":\"example\",\"item\":\"https:\\\/\\\/hidalgo.nl\\\/example\\\/\",\"nextItem\":{\"@type\":\"ListItem\",\"@id\":\"https:\\\/\\\/hidalgo.nl\\\/en\\\/product-supplier\\\/a86\\\/#listItem\",\"name\":\"A86\"},\"previousItem\":{\"@type\":\"ListItem\",\"@id\":\"https:\\\/\\\/hidalgo.nl\\\/de\\\/#listItem\",\"name\":\"Home\"}},{\"@type\":\"ListItem\",\"@id\":\"https:\\\/\\\/hidalgo.nl\\\/en\\\/product-supplier\\\/a86\\\/#listItem\",\"position\":3,\"name\":\"A86\",\"item\":\"https:\\\/\\\/hidalgo.nl\\\/en\\\/product-supplier\\\/a86\\\/\",\"nextItem\":{\"@type\":\"ListItem\",\"@id\":\"https:\\\/\\\/hidalgo.nl\\\/de\\\/product\\\/23144\\\/nikolaus-muetze-werbeartikel-mit-logo-grossbestellung\\\/#listItem\",\"name\":\"Pietenmuts\"},\"previousItem\":{\"@type\":\"ListItem\",\"@id\":\"https:\\\/\\\/hidalgo.nl\\\/example\\\/#listItem\",\"name\":\"example\"}},{\"@type\":\"ListItem\",\"@id\":\"https:\\\/\\\/hidalgo.nl\\\/de\\\/product\\\/23144\\\/nikolaus-muetze-werbeartikel-mit-logo-grossbestellung\\\/#listItem\",\"position\":4,\"name\":\"Pietenmuts\",\"previousItem\":{\"@type\":\"ListItem\",\"@id\":\"https:\\\/\\\/hidalgo.nl\\\/en\\\/product-supplier\\\/a86\\\/#listItem\",\"name\":\"A86\"}}]},{\"@type\":\"Organization\",\"@id\":\"https:\\\/\\\/hidalgo.nl\\\/de\\\/#organization\",\"name\":\"Hidalgo\",\"url\":\"https:\\\/\\\/hidalgo.nl\\\/de\\\/\",\"logo\":{\"@type\":\"ImageObject\",\"url\":\"https:\\\/\\\/shop.hidalgo.nl\\\/wp-content\\\/uploads\\\/2025\\\/11\\\/cropped-Hidalgo-est1993.png\",\"@id\":\"https:\\\/\\\/hidalgo.nl\\\/de\\\/product\\\/23144\\\/nikolaus-muetze-werbeartikel-mit-logo-grossbestellung\\\/#organizationLogo\",\"width\":585,\"height\":195},\"image\":{\"@id\":\"https:\\\/\\\/hidalgo.nl\\\/de\\\/product\\\/23144\\\/nikolaus-muetze-werbeartikel-mit-logo-grossbestellung\\\/#organizationLogo\"}},{\"@type\":\"ProductGroup\",\"@id\":\"https:\\\/\\\/hidalgo.nl\\\/de\\\/product\\\/23144\\\/nikolaus-muetze-werbeartikel-mit-logo-grossbestellung\\\/#wooCommerceProduct\",\"name\":\"Nikolaus m\\u00fctze werbeartikel mit logo | gro\\u00dfbestellung\",\"description\":\"Pietenmuts. 100% polyester.\",\"url\":\"https:\\\/\\\/hidalgo.nl\\\/de\\\/product\\\/23144\\\/nikolaus-muetze-werbeartikel-mit-logo-grossbestellung\\\/\",\"sku\":\"A86-4028\",\"image\":{\"@type\":\"ImageObject\",\"url\":\"https:\\\/\\\/shop.hidalgo.nl\\\/wp-content\\\/uploads\\\/2025\\\/03\\\/c49d714657c3d5e00186a95e24a917c29a4bd556374b4b3451bdd4b8f545851f.jpg\",\"@id\":\"https:\\\/\\\/hidalgo.nl\\\/de\\\/product\\\/23144\\\/nikolaus-muetze-werbeartikel-mit-logo-grossbestellung\\\/#productImage\"},\"productGroupID\":23144,\"hasVariant\":[{\"@type\":\"Product\",\"@id\":\"https:\\\/\\\/hidalgo.nl\\\/de\\\/product\\\/23144\\\/nikolaus-muetze-werbeartikel-mit-logo-grossbestellung\\\/#wooCommerceProduct\",\"name\":\"Pietenmuts - rood\",\"description\":\"Pietenmuts. 100% polyester.\",\"url\":\"https:\\\/\\\/hidalgo.nl\\\/de\\\/product\\\/23144\\\/nikolaus-muetze-werbeartikel-mit-logo-grossbestellung\\\/\",\"sku\":\"A86-4028-05-A05\",\"gtin\":\"8719495008560\",\"image\":{\"@type\":\"ImageObject\",\"url\":\"https:\\\/\\\/shop.hidalgo.nl\\\/wp-content\\\/uploads\\\/2025\\\/05\\\/c49d714657c3d5e00186a95e24a917c29a4bd556374b4b3451bdd4b8f545851f.jpg\",\"@id\":\"https:\\\/\\\/hidalgo.nl\\\/de\\\/product\\\/23144\\\/nikolaus-muetze-werbeartikel-mit-logo-grossbestellung\\\/#productImage\",\"width\":1000,\"height\":700},\"offers\":{\"@type\":\"Offer\",\"url\":\"https:\\\/\\\/hidalgo.nl\\\/de\\\/product\\\/23144\\\/nikolaus-muetze-werbeartikel-mit-logo-grossbestellung\\\/#wooCommerceOffer\",\"price\":\"3.09\",\"priceCurrency\":\"EUR\",\"category\":\"Promotionele Artikelen\",\"availability\":\"https:\\\/\\\/schema.org\\\/InStock\",\"priceSpecification\":{\"@type\":\"PriceSpecification\",\"price\":3.09,\"priceCurrency\":\"EUR\",\"valueAddedTaxIncluded\":\"true\"}}},{\"@type\":\"Product\",\"@id\":\"https:\\\/\\\/hidalgo.nl\\\/de\\\/product\\\/23144\\\/nikolaus-muetze-werbeartikel-mit-logo-grossbestellung\\\/#wooCommerceProduct\",\"name\":\"Pietenmuts - paars\",\"description\":\"Pietenmuts. 100% polyester.\",\"url\":\"https:\\\/\\\/hidalgo.nl\\\/de\\\/product\\\/23144\\\/nikolaus-muetze-werbeartikel-mit-logo-grossbestellung\\\/\",\"sku\":\"A86-4028-11-A11\",\"gtin\":\"8719495008577\",\"image\":{\"@type\":\"ImageObject\",\"url\":\"https:\\\/\\\/shop.hidalgo.nl\\\/wp-content\\\/uploads\\\/2025\\\/05\\\/ccbe3617574ee5c0b7f17cae141d67978819cab79d71164c5804402cbe3ddea6.jpg\",\"@id\":\"https:\\\/\\\/hidalgo.nl\\\/de\\\/product\\\/23144\\\/nikolaus-muetze-werbeartikel-mit-logo-grossbestellung\\\/#productImage\",\"width\":1000,\"height\":700},\"offers\":{\"@type\":\"Offer\",\"url\":\"https:\\\/\\\/hidalgo.nl\\\/de\\\/product\\\/23144\\\/nikolaus-muetze-werbeartikel-mit-logo-grossbestellung\\\/#wooCommerceOffer\",\"price\":\"3.09\",\"priceCurrency\":\"EUR\",\"category\":\"Promotionele Artikelen\",\"availability\":\"https:\\\/\\\/schema.org\\\/InStock\",\"priceSpecification\":{\"@type\":\"PriceSpecification\",\"price\":3.09,\"priceCurrency\":\"EUR\",\"valueAddedTaxIncluded\":\"true\"}}}]},{\"@type\":\"WebPage\",\"@id\":\"https:\\\/\\\/hidalgo.nl\\\/de\\\/product\\\/23144\\\/nikolaus-muetze-werbeartikel-mit-logo-grossbestellung\\\/#webpage\",\"url\":\"https:\\\/\\\/hidalgo.nl\\\/de\\\/product\\\/23144\\\/nikolaus-muetze-werbeartikel-mit-logo-grossbestellung\\\/\",\"name\":\"Nikolaus m\\u00fctze werbeartikel mit logo | gro\\u00dfbestellung\",\"description\":\"F\\u00fcr deinen n\\u00e4chsten gro\\u00dfen Auftritt oder die Weihnachtsfeier: Bestelle diese Samtkappen in Rot & Gold als festliche Kopfbedeckung B2B. Wir sorgen daf\\u00fcr, dass wir deine M\\u00fctzen mit Firmenlogo bestellen & bedrucken, auch in gro\\u00dfen Mengen.\",\"inLanguage\":\"de-DE\",\"isPartOf\":{\"@id\":\"https:\\\/\\\/hidalgo.nl\\\/de\\\/#website\"},\"breadcrumb\":{\"@id\":\"https:\\\/\\\/hidalgo.nl\\\/de\\\/product\\\/23144\\\/nikolaus-muetze-werbeartikel-mit-logo-grossbestellung\\\/#breadcrumblist\"},\"image\":{\"@type\":\"ImageObject\",\"url\":\"https:\\\/\\\/shop.hidalgo.nl\\\/wp-content\\\/uploads\\\/2025\\\/03\\\/c49d714657c3d5e00186a95e24a917c29a4bd556374b4b3451bdd4b8f545851f.jpg\",\"@id\":\"https:\\\/\\\/hidalgo.nl\\\/de\\\/product\\\/23144\\\/nikolaus-muetze-werbeartikel-mit-logo-grossbestellung\\\/#mainImage\"},\"primaryImageOfPage\":{\"@id\":\"https:\\\/\\\/hidalgo.nl\\\/de\\\/product\\\/23144\\\/nikolaus-muetze-werbeartikel-mit-logo-grossbestellung\\\/#mainImage\"},\"datePublished\":\"2025-07-03T13:54:52+00:00\",\"dateModified\":\"2026-02-17T11:49:15+00:00\"},{\"@type\":\"WebSite\",\"@id\":\"https:\\\/\\\/hidalgo.nl\\\/de\\\/#website\",\"url\":\"https:\\\/\\\/hidalgo.nl\\\/de\\\/\",\"name\":\"Hidalgo\",\"inLanguage\":\"de-DE\",\"publisher\":{\"@id\":\"https:\\\/\\\/hidalgo.nl\\\/de\\\/#organization\"}}]}\n\t\t<\/script>\n\t\t<!-- All in One SEO Pro -->\r\n\t\t<title>Nikolaus m\u00fctze werbeartikel mit logo | gro\u00dfbestellung<\/title>\n\n","aioseo_head_json":{"title":"Nikolaus m\u00fctze werbeartikel mit logo | gro\u00dfbestellung","description":"F\u00fcr deinen n\u00e4chsten gro\u00dfen Auftritt oder die Weihnachtsfeier: Bestelle diese Samtkappen in Rot & Gold als festliche Kopfbedeckung B2B. Wir sorgen daf\u00fcr, dass wir deine M\u00fctzen mit Firmenlogo bestellen & bedrucken, auch in gro\u00dfen Mengen.","canonical_url":"https:\/\/hidalgo.nl\/de\/wp-json\/wp\/v2\/product\/23144","robots":"max-image-preview:large","keywords":"","webmasterTools":{"miscellaneous":""},"schema":{"@context":"https:\/\/schema.org","@graph":[{"@type":"BreadcrumbList","@id":"https:\/\/hidalgo.nl\/de\/product\/23144\/nikolaus-muetze-werbeartikel-mit-logo-grossbestellung\/#breadcrumblist","itemListElement":[{"@type":"ListItem","@id":"https:\/\/hidalgo.nl\/de\/#listItem","position":1,"name":"Home","item":"https:\/\/hidalgo.nl\/de\/","nextItem":{"@type":"ListItem","@id":"https:\/\/hidalgo.nl\/example\/#listItem","name":"example"}},{"@type":"ListItem","@id":"https:\/\/hidalgo.nl\/example\/#listItem","position":2,"name":"example","item":"https:\/\/hidalgo.nl\/example\/","nextItem":{"@type":"ListItem","@id":"https:\/\/hidalgo.nl\/en\/product-supplier\/a86\/#listItem","name":"A86"},"previousItem":{"@type":"ListItem","@id":"https:\/\/hidalgo.nl\/de\/#listItem","name":"Home"}},{"@type":"ListItem","@id":"https:\/\/hidalgo.nl\/en\/product-supplier\/a86\/#listItem","position":3,"name":"A86","item":"https:\/\/hidalgo.nl\/en\/product-supplier\/a86\/","nextItem":{"@type":"ListItem","@id":"https:\/\/hidalgo.nl\/de\/product\/23144\/nikolaus-muetze-werbeartikel-mit-logo-grossbestellung\/#listItem","name":"Pietenmuts"},"previousItem":{"@type":"ListItem","@id":"https:\/\/hidalgo.nl\/example\/#listItem","name":"example"}},{"@type":"ListItem","@id":"https:\/\/hidalgo.nl\/de\/product\/23144\/nikolaus-muetze-werbeartikel-mit-logo-grossbestellung\/#listItem","position":4,"name":"Pietenmuts","previousItem":{"@type":"ListItem","@id":"https:\/\/hidalgo.nl\/en\/product-supplier\/a86\/#listItem","name":"A86"}}]},{"@type":"Organization","@id":"https:\/\/hidalgo.nl\/de\/#organization","name":"Hidalgo","url":"https:\/\/hidalgo.nl\/de\/","logo":{"@type":"ImageObject","url":"https:\/\/shop.hidalgo.nl\/wp-content\/uploads\/2025\/11\/cropped-Hidalgo-est1993.png","@id":"https:\/\/hidalgo.nl\/de\/product\/23144\/nikolaus-muetze-werbeartikel-mit-logo-grossbestellung\/#organizationLogo","width":585,"height":195},"image":{"@id":"https:\/\/hidalgo.nl\/de\/product\/23144\/nikolaus-muetze-werbeartikel-mit-logo-grossbestellung\/#organizationLogo"}},{"@type":"ProductGroup","@id":"https:\/\/hidalgo.nl\/de\/product\/23144\/nikolaus-muetze-werbeartikel-mit-logo-grossbestellung\/#wooCommerceProduct","name":"Nikolaus m\u00fctze werbeartikel mit logo | gro\u00dfbestellung","description":"Pietenmuts. 100% polyester.","url":"https:\/\/hidalgo.nl\/de\/product\/23144\/nikolaus-muetze-werbeartikel-mit-logo-grossbestellung\/","sku":"A86-4028","image":{"@type":"ImageObject","url":"https:\/\/shop.hidalgo.nl\/wp-content\/uploads\/2025\/03\/c49d714657c3d5e00186a95e24a917c29a4bd556374b4b3451bdd4b8f545851f.jpg","@id":"https:\/\/hidalgo.nl\/de\/product\/23144\/nikolaus-muetze-werbeartikel-mit-logo-grossbestellung\/#productImage"},"productGroupID":23144,"hasVariant":[{"@type":"Product","@id":"https:\/\/hidalgo.nl\/de\/product\/23144\/nikolaus-muetze-werbeartikel-mit-logo-grossbestellung\/#wooCommerceProduct","name":"Pietenmuts - rood","description":"Pietenmuts. 100% polyester.","url":"https:\/\/hidalgo.nl\/de\/product\/23144\/nikolaus-muetze-werbeartikel-mit-logo-grossbestellung\/","sku":"A86-4028-05-A05","gtin":"8719495008560","image":{"@type":"ImageObject","url":"https:\/\/shop.hidalgo.nl\/wp-content\/uploads\/2025\/05\/c49d714657c3d5e00186a95e24a917c29a4bd556374b4b3451bdd4b8f545851f.jpg","@id":"https:\/\/hidalgo.nl\/de\/product\/23144\/nikolaus-muetze-werbeartikel-mit-logo-grossbestellung\/#productImage","width":1000,"height":700},"offers":{"@type":"Offer","url":"https:\/\/hidalgo.nl\/de\/product\/23144\/nikolaus-muetze-werbeartikel-mit-logo-grossbestellung\/#wooCommerceOffer","price":"3.09","priceCurrency":"EUR","category":"Promotionele Artikelen","availability":"https:\/\/schema.org\/InStock","priceSpecification":{"@type":"PriceSpecification","price":3.09,"priceCurrency":"EUR","valueAddedTaxIncluded":"true"}}},{"@type":"Product","@id":"https:\/\/hidalgo.nl\/de\/product\/23144\/nikolaus-muetze-werbeartikel-mit-logo-grossbestellung\/#wooCommerceProduct","name":"Pietenmuts - paars","description":"Pietenmuts. 100% polyester.","url":"https:\/\/hidalgo.nl\/de\/product\/23144\/nikolaus-muetze-werbeartikel-mit-logo-grossbestellung\/","sku":"A86-4028-11-A11","gtin":"8719495008577","image":{"@type":"ImageObject","url":"https:\/\/shop.hidalgo.nl\/wp-content\/uploads\/2025\/05\/ccbe3617574ee5c0b7f17cae141d67978819cab79d71164c5804402cbe3ddea6.jpg","@id":"https:\/\/hidalgo.nl\/de\/product\/23144\/nikolaus-muetze-werbeartikel-mit-logo-grossbestellung\/#productImage","width":1000,"height":700},"offers":{"@type":"Offer","url":"https:\/\/hidalgo.nl\/de\/product\/23144\/nikolaus-muetze-werbeartikel-mit-logo-grossbestellung\/#wooCommerceOffer","price":"3.09","priceCurrency":"EUR","category":"Promotionele Artikelen","availability":"https:\/\/schema.org\/InStock","priceSpecification":{"@type":"PriceSpecification","price":3.09,"priceCurrency":"EUR","valueAddedTaxIncluded":"true"}}}]},{"@type":"WebPage","@id":"https:\/\/hidalgo.nl\/de\/product\/23144\/nikolaus-muetze-werbeartikel-mit-logo-grossbestellung\/#webpage","url":"https:\/\/hidalgo.nl\/de\/product\/23144\/nikolaus-muetze-werbeartikel-mit-logo-grossbestellung\/","name":"Nikolaus m\u00fctze werbeartikel mit logo | gro\u00dfbestellung","description":"F\u00fcr deinen n\u00e4chsten gro\u00dfen Auftritt oder die Weihnachtsfeier: Bestelle diese Samtkappen in Rot & Gold als festliche Kopfbedeckung B2B. Wir sorgen daf\u00fcr, dass wir deine M\u00fctzen mit Firmenlogo bestellen & bedrucken, auch in gro\u00dfen Mengen.","inLanguage":"de-DE","isPartOf":{"@id":"https:\/\/hidalgo.nl\/de\/#website"},"breadcrumb":{"@id":"https:\/\/hidalgo.nl\/de\/product\/23144\/nikolaus-muetze-werbeartikel-mit-logo-grossbestellung\/#breadcrumblist"},"image":{"@type":"ImageObject","url":"https:\/\/shop.hidalgo.nl\/wp-content\/uploads\/2025\/03\/c49d714657c3d5e00186a95e24a917c29a4bd556374b4b3451bdd4b8f545851f.jpg","@id":"https:\/\/hidalgo.nl\/de\/product\/23144\/nikolaus-muetze-werbeartikel-mit-logo-grossbestellung\/#mainImage"},"primaryImageOfPage":{"@id":"https:\/\/hidalgo.nl\/de\/product\/23144\/nikolaus-muetze-werbeartikel-mit-logo-grossbestellung\/#mainImage"},"datePublished":"2025-07-03T13:54:52+00:00","dateModified":"2026-02-17T11:49:15+00:00"},{"@type":"WebSite","@id":"https:\/\/hidalgo.nl\/de\/#website","url":"https:\/\/hidalgo.nl\/de\/","name":"Hidalgo","inLanguage":"de-DE","publisher":{"@id":"https:\/\/hidalgo.nl\/de\/#organization"}}]},"og:locale":"de_DE","og:site_name":"Hidalgo -","og:type":"article","og:title":"Nikolaus m\u00fctze werbeartikel mit logo | gro\u00dfbestellung","og:description":"F\u00fcr deinen n\u00e4chsten gro\u00dfen Auftritt oder die Weihnachtsfeier: Bestelle diese Samtkappen in Rot &amp; Gold als festliche Kopfbedeckung B2B. Wir sorgen daf\u00fcr, dass wir deine M\u00fctzen mit Firmenlogo bestellen &amp; bedrucken, auch in gro\u00dfen Mengen.","og:url":"https:\/\/hidalgo.nl\/de\/wp-json\/wp\/v2\/product\/23144","og:image":"https:\/\/shop.hidalgo.nl\/wp-content\/uploads\/2025\/11\/cropped-Hidalgo-est1993.png","og:image:secure_url":"https:\/\/shop.hidalgo.nl\/wp-content\/uploads\/2025\/11\/cropped-Hidalgo-est1993.png","article:published_time":"2025-07-03T13:54:52+00:00","article:modified_time":"2026-02-17T11:49:15+00:00","twitter:card":"summary_large_image","twitter:title":"Nikolaus m\u00fctze werbeartikel mit logo | gro\u00dfbestellung","twitter:description":"F\u00fcr deinen n\u00e4chsten gro\u00dfen Auftritt oder die Weihnachtsfeier: Bestelle diese Samtkappen in Rot &amp; Gold als festliche Kopfbedeckung B2B. Wir sorgen daf\u00fcr, dass wir deine M\u00fctzen mit Firmenlogo bestellen &amp; bedrucken, auch in gro\u00dfen Mengen.","twitter:image":"https:\/\/shop.hidalgo.nl\/wp-content\/uploads\/2025\/11\/cropped-Hidalgo-est1993.png"},"aioseo_meta_data":{"post_id":"23144","title":null,"description":null,"keywords":null,"keyphrases":null,"primary_term":null,"canonical_url":null,"og_title":null,"og_description":null,"og_object_type":"default","og_image_type":"default","og_image_url":null,"og_image_width":null,"og_image_height":null,"og_image_custom_url":null,"og_image_custom_fields":null,"og_video":null,"og_custom_url":null,"og_article_section":null,"og_article_tags":null,"twitter_use_og":false,"twitter_card":"default","twitter_image_type":"default","twitter_image_url":null,"twitter_image_custom_url":null,"twitter_image_custom_fields":null,"twitter_title":null,"twitter_description":null,"schema":{"blockGraphs":[],"customGraphs":[],"default":{"data":{"Article":[],"Course":[],"Dataset":[],"FAQPage":[],"Movie":[],"Person":[],"Product":[],"ProductReview":[],"Car":[],"Recipe":[],"Service":[],"SoftwareApplication":[],"WebPage":[]},"graphName":"","isEnabled":true},"graphs":[]},"schema_type":"default","schema_type_options":null,"pillar_content":false,"robots_default":true,"robots_noindex":false,"robots_noarchive":false,"robots_nosnippet":false,"robots_nofollow":false,"robots_noimageindex":false,"robots_noodp":false,"robots_notranslate":false,"robots_max_snippet":null,"robots_max_videopreview":null,"robots_max_imagepreview":"large","priority":null,"frequency":null,"local_seo":null,"seo_analyzer_scan_date":"2026-01-20 12:27:33","breadcrumb_settings":null,"limit_modified_date":false,"reviewed_by":null,"open_ai":null,"ai":null,"created":"2026-01-14 06:17:38","updated":"2026-04-23 05:38:58"},"aioseo_breadcrumb":"<div class=\"aioseo-breadcrumbs\"><span class=\"aioseo-breadcrumb\">\n\t<a href=\"https:\/\/hidalgo.nl\/de\/\" title=\"Home\">Home<\/a>\n<\/span><span class=\"aioseo-breadcrumb-separator\">\u00bb<\/span><span class=\"aioseo-breadcrumb\">\n\t<a href=\"https:\/\/hidalgo.nl\/example\/\" title=\"example\">example<\/a>\n<\/span><span class=\"aioseo-breadcrumb-separator\">\u00bb<\/span><span class=\"aioseo-breadcrumb\">\n\t<a href=\"https:\/\/hidalgo.nl\/en\/product-supplier\/a86\/\" title=\"A86\">A86<\/a>\n<\/span><span class=\"aioseo-breadcrumb-separator\">\u00bb<\/span><span class=\"aioseo-breadcrumb\">\n\tPietenmuts\n<\/span><\/div>","aioseo_breadcrumb_json":[{"label":"Home","link":"https:\/\/hidalgo.nl\/de\/"},{"label":"example","link":"https:\/\/hidalgo.nl\/example\/"},{"label":"A86","link":"https:\/\/hidalgo.nl\/en\/product-supplier\/a86\/"},{"label":"Pietenmuts","link":"https:\/\/hidalgo.nl\/de\/product\/23144\/nikolaus-muetze-werbeartikel-mit-logo-grossbestellung\/"}],"_links":{"self":[{"href":"https:\/\/hidalgo.nl\/de\/wp-json\/wp\/v2\/product\/23144","targetHints":{"allow":["GET"]}}],"collection":[{"href":"https:\/\/hidalgo.nl\/de\/wp-json\/wp\/v2\/product"}],"about":[{"href":"https:\/\/hidalgo.nl\/de\/wp-json\/wp\/v2\/types\/product"}],"wp:featuredmedia":[{"embeddable":true,"href":"https:\/\/hidalgo.nl\/de\/wp-json\/wp\/v2\/media\/587163"}],"wp:attachment":[{"href":"https:\/\/hidalgo.nl\/de\/wp-json\/wp\/v2\/media?parent=23144"}],"wp:term":[{"taxonomy":"product_brand","embeddable":true,"href":"https:\/\/hidalgo.nl\/de\/wp-json\/wp\/v2\/product_brand?post=23144"},{"taxonomy":"product_cat","embeddable":true,"href":"https:\/\/hidalgo.nl\/de\/wp-json\/wp\/v2\/product_cat?post=23144"},{"taxonomy":"product_tag","embeddable":true,"href":"https:\/\/hidalgo.nl\/de\/wp-json\/wp\/v2\/product_tag?post=23144"}],"curies":[{"name":"wp","href":"https:\/\/api.w.org\/{rel}","templated":true}]}}