{"id":2312,"date":"2025-05-16T13:10:21","date_gmt":"2025-05-16T13:10:21","guid":{"rendered":"https:\/\/bidonsenshakers.pim.hidalgo.nl\/product\/backpack-cover-beschermhoes\/"},"modified":"2026-03-21T00:32:27","modified_gmt":"2026-03-21T00:32:27","slug":"backpack-cover-beschermhoes","status":"publish","type":"product","link":"https:\/\/hidalgo.nl\/de\/product\/backpack-cover-beschermhoes\/","title":{"rendered":"Backpack Cover beschermhoes"},"content":{"rendered":"<p>Beschermhoes voor je rugzak. Gemaakt van van 210D polyester. Waterafstotend en elastisch. Met reflecterende banden en een pouch aan de binnenzijde. Hierin berg je de hoes in een handomdraai op. Met karabijnhaak.<\/p>\n","protected":false},"excerpt":{"rendered":"<p>Beschermhoes voor je rugzak. Gemaakt van van 210D polyester. Waterafstotend en elastisch. Met reflecterende banden en een pouch aan de binnenzijde. Hierin berg je de hoes in een handomdraai op. Met karabijnhaak.<\/p>\n","protected":false},"featured_media":2313,"template":"","meta":{"_acf_changed":false,"om_disable_all_campaigns":false,"_monsterinsights_skip_tracking":false,"_monsterinsights_sitenote_active":false,"_monsterinsights_sitenote_note":"","_monsterinsights_sitenote_category":0},"product_brand":[],"product_cat":[4719,4888,4774],"product_tag":[],"class_list":{"0":"post-2312","1":"product","2":"type-product","3":"status-publish","4":"has-post-thumbnail","6":"product_supplier-a24","7":"product_material-210d-polyester","8":"product_cat-promotionele-artikelen","9":"product_cat-veiligheid","10":"product_cat-promotionele-artikelen-vrije-tijd","11":"entry","13":"first","14":"instock","15":"taxable","16":"shipping-taxable","17":"purchasable","18":"product-type-variable"},"acf":{"imprint_cost":[{"imprint_cost_key":"b3e9260a787984982c2b1be0704fec34c870680d","product_quantity_price_range":[{"imprint_cost_recommended_selling_price":"2.4","imprint_cost_recommended_selling_quantity":"1"},{"imprint_cost_recommended_selling_price":"1.8","imprint_cost_recommended_selling_quantity":"25"},{"imprint_cost_recommended_selling_price":"1.14","imprint_cost_recommended_selling_quantity":"50"},{"imprint_cost_recommended_selling_price":"0.84","imprint_cost_recommended_selling_quantity":"100"},{"imprint_cost_recommended_selling_price":"0.675","imprint_cost_recommended_selling_quantity":"250"},{"imprint_cost_recommended_selling_price":"0.57","imprint_cost_recommended_selling_quantity":"500"},{"imprint_cost_recommended_selling_price":"0.42","imprint_cost_recommended_selling_quantity":"1000"},{"imprint_cost_recommended_selling_price":"0.36","imprint_cost_recommended_selling_quantity":"2500"},{"imprint_cost_recommended_selling_price":"0.33","imprint_cost_recommended_selling_quantity":"5000"}],"product_quantity_price_range_buying":[{"imprint_cost_general_buying_price":"1.6","imprint_cost_general_buying_quantity":"1"},{"imprint_cost_general_buying_price":"1.2","imprint_cost_general_buying_quantity":"25"},{"imprint_cost_general_buying_price":"0.76","imprint_cost_general_buying_quantity":"50"},{"imprint_cost_general_buying_price":"0.56","imprint_cost_general_buying_quantity":"100"},{"imprint_cost_general_buying_price":"0.45","imprint_cost_general_buying_quantity":"250"},{"imprint_cost_general_buying_price":"0.38","imprint_cost_general_buying_quantity":"500"},{"imprint_cost_general_buying_price":"0.28","imprint_cost_general_buying_quantity":"1000"},{"imprint_cost_general_buying_price":"0.24","imprint_cost_general_buying_quantity":"2500"},{"imprint_cost_general_buying_price":"0.22","imprint_cost_general_buying_quantity":"5000"}],"imprint_cost_setup_costs":"45","imprint_cost_handling_costs":"0"},{"imprint_cost_key":"c2d951abb83afa755f37f8418f9fecef6426c7e9","product_quantity_price_range":[{"imprint_cost_recommended_selling_price":"1.71","imprint_cost_recommended_selling_quantity":"1"},{"imprint_cost_recommended_selling_price":"1.62","imprint_cost_recommended_selling_quantity":"25"},{"imprint_cost_recommended_selling_price":"1.59","imprint_cost_recommended_selling_quantity":"50"},{"imprint_cost_recommended_selling_price":"1.53","imprint_cost_recommended_selling_quantity":"100"},{"imprint_cost_recommended_selling_price":"1.47","imprint_cost_recommended_selling_quantity":"250"},{"imprint_cost_recommended_selling_price":"1.44","imprint_cost_recommended_selling_quantity":"500"},{"imprint_cost_recommended_selling_price":"1.41","imprint_cost_recommended_selling_quantity":"1000"},{"imprint_cost_recommended_selling_price":"1.38","imprint_cost_recommended_selling_quantity":"2500"},{"imprint_cost_recommended_selling_price":"1.35","imprint_cost_recommended_selling_quantity":"5000"}],"product_quantity_price_range_buying":[{"imprint_cost_general_buying_price":"1.14","imprint_cost_general_buying_quantity":"1"},{"imprint_cost_general_buying_price":"1.08","imprint_cost_general_buying_quantity":"25"},{"imprint_cost_general_buying_price":"1.06","imprint_cost_general_buying_quantity":"50"},{"imprint_cost_general_buying_price":"1.02","imprint_cost_general_buying_quantity":"100"},{"imprint_cost_general_buying_price":"0.98","imprint_cost_general_buying_quantity":"250"},{"imprint_cost_general_buying_price":"0.96","imprint_cost_general_buying_quantity":"500"},{"imprint_cost_general_buying_price":"0.94","imprint_cost_general_buying_quantity":"1000"},{"imprint_cost_general_buying_price":"0.92","imprint_cost_general_buying_quantity":"2500"},{"imprint_cost_general_buying_price":"0.9","imprint_cost_general_buying_quantity":"5000"}],"imprint_cost_setup_costs":"60","imprint_cost_handling_costs":"0"}]},"aioseo_notices":[],"aioseo_head":"\n\t\t<!-- All in One SEO Pro 4.9.6.2 - aioseo.com -->\n\t<meta name=\"description\" content=\"Diese fluoreszierend gelbe Rucksack-Abdeckung h\u00e4lt deinen Inhalt dank wasserabweisendem 210D-Polyester trocken und erh\u00f6ht mit Reflexstreifen deine Sichtbarkeit. Als Schutzh\u00fclle mit Logo personalisierst du sie f\u00fcr Events, Vereine oder Promotion.\" \/>\n\t<meta name=\"robots\" content=\"max-image-preview:large\" \/>\n\t<link rel=\"canonical\" href=\"https:\/\/hidalgo.nl\/de\/wp-json\/wp\/v2\/product\/2312\" \/>\n\t<meta name=\"generator\" content=\"All in One SEO Pro (AIOSEO) 4.9.6.2\" \/>\n\t\t<meta property=\"og:locale\" content=\"de_DE\" \/>\n\t\t<meta property=\"og:site_name\" content=\"Hidalgo -\" \/>\n\t\t<meta property=\"og:type\" content=\"article\" \/>\n\t\t<meta property=\"og:title\" content=\"Backpack Cover beschermhoes\" \/>\n\t\t<meta property=\"og:description\" content=\"Diese fluoreszierend gelbe Rucksack-Abdeckung h\u00e4lt deinen Inhalt dank wasserabweisendem 210D-Polyester trocken und erh\u00f6ht mit Reflexstreifen deine Sichtbarkeit. Als Schutzh\u00fclle mit Logo personalisierst du sie f\u00fcr Events, Vereine oder Promotion.\" \/>\n\t\t<meta property=\"og:url\" content=\"https:\/\/hidalgo.nl\/de\/wp-json\/wp\/v2\/product\/2312\" \/>\n\t\t<meta property=\"og:image\" content=\"https:\/\/shop.hidalgo.nl\/wp-content\/uploads\/2025\/11\/cropped-Hidalgo-est1993.png\" \/>\n\t\t<meta property=\"og:image:secure_url\" content=\"https:\/\/shop.hidalgo.nl\/wp-content\/uploads\/2025\/11\/cropped-Hidalgo-est1993.png\" \/>\n\t\t<meta property=\"article:published_time\" content=\"2025-05-16T13:10:21+00:00\" \/>\n\t\t<meta property=\"article:modified_time\" content=\"2026-03-21T00:32:27+00:00\" \/>\n\t\t<meta name=\"twitter:card\" content=\"summary_large_image\" \/>\n\t\t<meta name=\"twitter:title\" content=\"Backpack Cover beschermhoes\" \/>\n\t\t<meta name=\"twitter:description\" content=\"Diese fluoreszierend gelbe Rucksack-Abdeckung h\u00e4lt deinen Inhalt dank wasserabweisendem 210D-Polyester trocken und erh\u00f6ht mit Reflexstreifen deine Sichtbarkeit. Als Schutzh\u00fclle mit Logo personalisierst du sie f\u00fcr Events, Vereine oder Promotion.\" \/>\n\t\t<meta name=\"twitter:image\" content=\"https:\/\/shop.hidalgo.nl\/wp-content\/uploads\/2025\/11\/cropped-Hidalgo-est1993.png\" \/>\n\t\t<script type=\"application\/ld+json\" class=\"aioseo-schema\">\n\t\t\t{\"@context\":\"https:\\\/\\\/schema.org\",\"@graph\":[{\"@type\":\"BreadcrumbList\",\"@id\":\"https:\\\/\\\/hidalgo.nl\\\/de\\\/product\\\/backpack-cover-beschermhoes\\\/#breadcrumblist\",\"itemListElement\":[{\"@type\":\"ListItem\",\"@id\":\"https:\\\/\\\/hidalgo.nl\\\/de\\\/#listItem\",\"position\":1,\"name\":\"Home\",\"item\":\"https:\\\/\\\/hidalgo.nl\\\/de\\\/\",\"nextItem\":{\"@type\":\"ListItem\",\"@id\":\"https:\\\/\\\/hidalgo.nl\\\/example\\\/#listItem\",\"name\":\"example\"}},{\"@type\":\"ListItem\",\"@id\":\"https:\\\/\\\/hidalgo.nl\\\/example\\\/#listItem\",\"position\":2,\"name\":\"example\",\"item\":\"https:\\\/\\\/hidalgo.nl\\\/example\\\/\",\"nextItem\":{\"@type\":\"ListItem\",\"@id\":\"https:\\\/\\\/hidalgo.nl\\\/en\\\/product-supplier\\\/a24\\\/#listItem\",\"name\":\"A24\"},\"previousItem\":{\"@type\":\"ListItem\",\"@id\":\"https:\\\/\\\/hidalgo.nl\\\/de\\\/#listItem\",\"name\":\"Home\"}},{\"@type\":\"ListItem\",\"@id\":\"https:\\\/\\\/hidalgo.nl\\\/en\\\/product-supplier\\\/a24\\\/#listItem\",\"position\":3,\"name\":\"A24\",\"item\":\"https:\\\/\\\/hidalgo.nl\\\/en\\\/product-supplier\\\/a24\\\/\",\"nextItem\":{\"@type\":\"ListItem\",\"@id\":\"https:\\\/\\\/hidalgo.nl\\\/de\\\/product\\\/backpack-cover-beschermhoes\\\/#listItem\",\"name\":\"Backpack Cover beschermhoes\"},\"previousItem\":{\"@type\":\"ListItem\",\"@id\":\"https:\\\/\\\/hidalgo.nl\\\/example\\\/#listItem\",\"name\":\"example\"}},{\"@type\":\"ListItem\",\"@id\":\"https:\\\/\\\/hidalgo.nl\\\/de\\\/product\\\/backpack-cover-beschermhoes\\\/#listItem\",\"position\":4,\"name\":\"Backpack Cover beschermhoes\",\"previousItem\":{\"@type\":\"ListItem\",\"@id\":\"https:\\\/\\\/hidalgo.nl\\\/en\\\/product-supplier\\\/a24\\\/#listItem\",\"name\":\"A24\"}}]},{\"@type\":\"Organization\",\"@id\":\"https:\\\/\\\/hidalgo.nl\\\/de\\\/#organization\",\"name\":\"Hidalgo\",\"url\":\"https:\\\/\\\/hidalgo.nl\\\/de\\\/\",\"logo\":{\"@type\":\"ImageObject\",\"url\":\"https:\\\/\\\/shop.hidalgo.nl\\\/wp-content\\\/uploads\\\/2025\\\/11\\\/cropped-Hidalgo-est1993.png\",\"@id\":\"https:\\\/\\\/hidalgo.nl\\\/de\\\/product\\\/backpack-cover-beschermhoes\\\/#organizationLogo\",\"width\":585,\"height\":195},\"image\":{\"@id\":\"https:\\\/\\\/hidalgo.nl\\\/de\\\/product\\\/backpack-cover-beschermhoes\\\/#organizationLogo\"}},{\"@type\":\"ProductGroup\",\"@id\":\"https:\\\/\\\/hidalgo.nl\\\/de\\\/product\\\/backpack-cover-beschermhoes\\\/#wooCommerceProduct\",\"name\":\"Backpack Cover beschermhoes\",\"url\":\"https:\\\/\\\/hidalgo.nl\\\/de\\\/product\\\/backpack-cover-beschermhoes\\\/\",\"sku\":\"A24-2627\",\"image\":{\"@type\":\"ImageObject\",\"url\":\"https:\\\/\\\/shop.hidalgo.nl\\\/wp-content\\\/uploads\\\/2025\\\/04\\\/bbda8c05f483cd2dd798586b42c77a4a3d352b840103573cfd435e11245e3499.jpg\",\"@id\":\"https:\\\/\\\/hidalgo.nl\\\/de\\\/product\\\/backpack-cover-beschermhoes\\\/#productImage\"},\"productGroupID\":2312,\"hasVariant\":[{\"@type\":\"Product\",\"@id\":\"https:\\\/\\\/hidalgo.nl\\\/de\\\/product\\\/backpack-cover-beschermhoes\\\/#wooCommerceProduct\",\"name\":\"Backpack Cover beschermhoes - fluor-geel\",\"url\":\"https:\\\/\\\/hidalgo.nl\\\/de\\\/product\\\/backpack-cover-beschermhoes\\\/\",\"sku\":\"A24-262724\",\"image\":{\"@type\":\"ImageObject\",\"url\":\"https:\\\/\\\/shop.hidalgo.nl\\\/wp-content\\\/uploads\\\/2025\\\/04\\\/bbda8c05f483cd2dd798586b42c77a4a3d352b840103573cfd435e11245e3499.jpg\",\"@id\":\"https:\\\/\\\/hidalgo.nl\\\/de\\\/product\\\/backpack-cover-beschermhoes\\\/#productImage\"},\"offers\":{\"@type\":\"Offer\",\"url\":\"https:\\\/\\\/hidalgo.nl\\\/de\\\/product\\\/backpack-cover-beschermhoes\\\/#wooCommerceOffer\",\"price\":\"2.39\",\"priceCurrency\":\"EUR\",\"category\":\"Promotionele Artikelen\",\"availability\":\"https:\\\/\\\/schema.org\\\/InStock\",\"priceSpecification\":{\"@type\":\"PriceSpecification\",\"price\":2.39,\"priceCurrency\":\"EUR\",\"valueAddedTaxIncluded\":\"true\"}}}]},{\"@type\":\"WebPage\",\"@id\":\"https:\\\/\\\/hidalgo.nl\\\/de\\\/product\\\/backpack-cover-beschermhoes\\\/#webpage\",\"url\":\"https:\\\/\\\/hidalgo.nl\\\/de\\\/product\\\/backpack-cover-beschermhoes\\\/\",\"name\":\"Backpack Cover beschermhoes\",\"description\":\"Diese fluoreszierend gelbe Rucksack-Abdeckung h\\u00e4lt deinen Inhalt dank wasserabweisendem 210D-Polyester trocken und erh\\u00f6ht mit Reflexstreifen deine Sichtbarkeit. Als Schutzh\\u00fclle mit Logo personalisierst du sie f\\u00fcr Events, Vereine oder Promotion.\",\"inLanguage\":\"de-DE\",\"isPartOf\":{\"@id\":\"https:\\\/\\\/hidalgo.nl\\\/de\\\/#website\"},\"breadcrumb\":{\"@id\":\"https:\\\/\\\/hidalgo.nl\\\/de\\\/product\\\/backpack-cover-beschermhoes\\\/#breadcrumblist\"},\"image\":{\"@type\":\"ImageObject\",\"url\":\"https:\\\/\\\/shop.hidalgo.nl\\\/wp-content\\\/uploads\\\/2025\\\/04\\\/bbda8c05f483cd2dd798586b42c77a4a3d352b840103573cfd435e11245e3499.jpg\",\"@id\":\"https:\\\/\\\/hidalgo.nl\\\/de\\\/product\\\/backpack-cover-beschermhoes\\\/#mainImage\"},\"primaryImageOfPage\":{\"@id\":\"https:\\\/\\\/hidalgo.nl\\\/de\\\/product\\\/backpack-cover-beschermhoes\\\/#mainImage\"},\"datePublished\":\"2025-05-16T13:10:21+00:00\",\"dateModified\":\"2026-03-21T00:32:27+00:00\"},{\"@type\":\"WebSite\",\"@id\":\"https:\\\/\\\/hidalgo.nl\\\/de\\\/#website\",\"url\":\"https:\\\/\\\/hidalgo.nl\\\/de\\\/\",\"name\":\"Hidalgo\",\"inLanguage\":\"de-DE\",\"publisher\":{\"@id\":\"https:\\\/\\\/hidalgo.nl\\\/de\\\/#organization\"}}]}\n\t\t<\/script>\n\t\t<!-- All in One SEO Pro -->\r\n\t\t<title>Backpack Cover beschermhoes<\/title>\n\n","aioseo_head_json":{"title":"Backpack Cover beschermhoes","description":"Diese fluoreszierend gelbe Rucksack-Abdeckung h\u00e4lt deinen Inhalt dank wasserabweisendem 210D-Polyester trocken und erh\u00f6ht mit Reflexstreifen deine Sichtbarkeit. Als Schutzh\u00fclle mit Logo personalisierst du sie f\u00fcr Events, Vereine oder Promotion.","canonical_url":"https:\/\/hidalgo.nl\/de\/wp-json\/wp\/v2\/product\/2312","robots":"max-image-preview:large","keywords":"","webmasterTools":{"miscellaneous":""},"schema":{"@context":"https:\/\/schema.org","@graph":[{"@type":"BreadcrumbList","@id":"https:\/\/hidalgo.nl\/de\/product\/backpack-cover-beschermhoes\/#breadcrumblist","itemListElement":[{"@type":"ListItem","@id":"https:\/\/hidalgo.nl\/de\/#listItem","position":1,"name":"Home","item":"https:\/\/hidalgo.nl\/de\/","nextItem":{"@type":"ListItem","@id":"https:\/\/hidalgo.nl\/example\/#listItem","name":"example"}},{"@type":"ListItem","@id":"https:\/\/hidalgo.nl\/example\/#listItem","position":2,"name":"example","item":"https:\/\/hidalgo.nl\/example\/","nextItem":{"@type":"ListItem","@id":"https:\/\/hidalgo.nl\/en\/product-supplier\/a24\/#listItem","name":"A24"},"previousItem":{"@type":"ListItem","@id":"https:\/\/hidalgo.nl\/de\/#listItem","name":"Home"}},{"@type":"ListItem","@id":"https:\/\/hidalgo.nl\/en\/product-supplier\/a24\/#listItem","position":3,"name":"A24","item":"https:\/\/hidalgo.nl\/en\/product-supplier\/a24\/","nextItem":{"@type":"ListItem","@id":"https:\/\/hidalgo.nl\/de\/product\/backpack-cover-beschermhoes\/#listItem","name":"Backpack Cover beschermhoes"},"previousItem":{"@type":"ListItem","@id":"https:\/\/hidalgo.nl\/example\/#listItem","name":"example"}},{"@type":"ListItem","@id":"https:\/\/hidalgo.nl\/de\/product\/backpack-cover-beschermhoes\/#listItem","position":4,"name":"Backpack Cover beschermhoes","previousItem":{"@type":"ListItem","@id":"https:\/\/hidalgo.nl\/en\/product-supplier\/a24\/#listItem","name":"A24"}}]},{"@type":"Organization","@id":"https:\/\/hidalgo.nl\/de\/#organization","name":"Hidalgo","url":"https:\/\/hidalgo.nl\/de\/","logo":{"@type":"ImageObject","url":"https:\/\/shop.hidalgo.nl\/wp-content\/uploads\/2025\/11\/cropped-Hidalgo-est1993.png","@id":"https:\/\/hidalgo.nl\/de\/product\/backpack-cover-beschermhoes\/#organizationLogo","width":585,"height":195},"image":{"@id":"https:\/\/hidalgo.nl\/de\/product\/backpack-cover-beschermhoes\/#organizationLogo"}},{"@type":"ProductGroup","@id":"https:\/\/hidalgo.nl\/de\/product\/backpack-cover-beschermhoes\/#wooCommerceProduct","name":"Backpack Cover beschermhoes","url":"https:\/\/hidalgo.nl\/de\/product\/backpack-cover-beschermhoes\/","sku":"A24-2627","image":{"@type":"ImageObject","url":"https:\/\/shop.hidalgo.nl\/wp-content\/uploads\/2025\/04\/bbda8c05f483cd2dd798586b42c77a4a3d352b840103573cfd435e11245e3499.jpg","@id":"https:\/\/hidalgo.nl\/de\/product\/backpack-cover-beschermhoes\/#productImage"},"productGroupID":2312,"hasVariant":[{"@type":"Product","@id":"https:\/\/hidalgo.nl\/de\/product\/backpack-cover-beschermhoes\/#wooCommerceProduct","name":"Backpack Cover beschermhoes - fluor-geel","url":"https:\/\/hidalgo.nl\/de\/product\/backpack-cover-beschermhoes\/","sku":"A24-262724","image":{"@type":"ImageObject","url":"https:\/\/shop.hidalgo.nl\/wp-content\/uploads\/2025\/04\/bbda8c05f483cd2dd798586b42c77a4a3d352b840103573cfd435e11245e3499.jpg","@id":"https:\/\/hidalgo.nl\/de\/product\/backpack-cover-beschermhoes\/#productImage"},"offers":{"@type":"Offer","url":"https:\/\/hidalgo.nl\/de\/product\/backpack-cover-beschermhoes\/#wooCommerceOffer","price":"2.39","priceCurrency":"EUR","category":"Promotionele Artikelen","availability":"https:\/\/schema.org\/InStock","priceSpecification":{"@type":"PriceSpecification","price":2.39,"priceCurrency":"EUR","valueAddedTaxIncluded":"true"}}}]},{"@type":"WebPage","@id":"https:\/\/hidalgo.nl\/de\/product\/backpack-cover-beschermhoes\/#webpage","url":"https:\/\/hidalgo.nl\/de\/product\/backpack-cover-beschermhoes\/","name":"Backpack Cover beschermhoes","description":"Diese fluoreszierend gelbe Rucksack-Abdeckung h\u00e4lt deinen Inhalt dank wasserabweisendem 210D-Polyester trocken und erh\u00f6ht mit Reflexstreifen deine Sichtbarkeit. Als Schutzh\u00fclle mit Logo personalisierst du sie f\u00fcr Events, Vereine oder Promotion.","inLanguage":"de-DE","isPartOf":{"@id":"https:\/\/hidalgo.nl\/de\/#website"},"breadcrumb":{"@id":"https:\/\/hidalgo.nl\/de\/product\/backpack-cover-beschermhoes\/#breadcrumblist"},"image":{"@type":"ImageObject","url":"https:\/\/shop.hidalgo.nl\/wp-content\/uploads\/2025\/04\/bbda8c05f483cd2dd798586b42c77a4a3d352b840103573cfd435e11245e3499.jpg","@id":"https:\/\/hidalgo.nl\/de\/product\/backpack-cover-beschermhoes\/#mainImage"},"primaryImageOfPage":{"@id":"https:\/\/hidalgo.nl\/de\/product\/backpack-cover-beschermhoes\/#mainImage"},"datePublished":"2025-05-16T13:10:21+00:00","dateModified":"2026-03-21T00:32:27+00:00"},{"@type":"WebSite","@id":"https:\/\/hidalgo.nl\/de\/#website","url":"https:\/\/hidalgo.nl\/de\/","name":"Hidalgo","inLanguage":"de-DE","publisher":{"@id":"https:\/\/hidalgo.nl\/de\/#organization"}}]},"og:locale":"de_DE","og:site_name":"Hidalgo -","og:type":"article","og:title":"Backpack Cover beschermhoes","og:description":"Diese fluoreszierend gelbe Rucksack-Abdeckung h\u00e4lt deinen Inhalt dank wasserabweisendem 210D-Polyester trocken und erh\u00f6ht mit Reflexstreifen deine Sichtbarkeit. Als Schutzh\u00fclle mit Logo personalisierst du sie f\u00fcr Events, Vereine oder Promotion.","og:url":"https:\/\/hidalgo.nl\/de\/wp-json\/wp\/v2\/product\/2312","og:image":"https:\/\/shop.hidalgo.nl\/wp-content\/uploads\/2025\/11\/cropped-Hidalgo-est1993.png","og:image:secure_url":"https:\/\/shop.hidalgo.nl\/wp-content\/uploads\/2025\/11\/cropped-Hidalgo-est1993.png","article:published_time":"2025-05-16T13:10:21+00:00","article:modified_time":"2026-03-21T00:32:27+00:00","twitter:card":"summary_large_image","twitter:title":"Backpack Cover beschermhoes","twitter:description":"Diese fluoreszierend gelbe Rucksack-Abdeckung h\u00e4lt deinen Inhalt dank wasserabweisendem 210D-Polyester trocken und erh\u00f6ht mit Reflexstreifen deine Sichtbarkeit. Als Schutzh\u00fclle mit Logo personalisierst du sie f\u00fcr Events, Vereine oder Promotion.","twitter:image":"https:\/\/shop.hidalgo.nl\/wp-content\/uploads\/2025\/11\/cropped-Hidalgo-est1993.png"},"aioseo_meta_data":{"post_id":"2312","title":null,"description":null,"keywords":null,"keyphrases":null,"primary_term":null,"canonical_url":null,"og_title":null,"og_description":null,"og_object_type":"default","og_image_type":"default","og_image_url":null,"og_image_width":null,"og_image_height":null,"og_image_custom_url":null,"og_image_custom_fields":null,"og_video":null,"og_custom_url":null,"og_article_section":null,"og_article_tags":null,"twitter_use_og":false,"twitter_card":"default","twitter_image_type":"default","twitter_image_url":null,"twitter_image_custom_url":null,"twitter_image_custom_fields":null,"twitter_title":null,"twitter_description":null,"schema":{"blockGraphs":[],"customGraphs":[],"default":{"data":{"Article":[],"Course":[],"Dataset":[],"FAQPage":[],"Movie":[],"Person":[],"Product":[],"ProductReview":[],"Car":[],"Recipe":[],"Service":[],"SoftwareApplication":[],"WebPage":[]},"graphName":"","isEnabled":true},"graphs":[]},"schema_type":"default","schema_type_options":null,"pillar_content":false,"robots_default":true,"robots_noindex":false,"robots_noarchive":false,"robots_nosnippet":false,"robots_nofollow":false,"robots_noimageindex":false,"robots_noodp":false,"robots_notranslate":false,"robots_max_snippet":null,"robots_max_videopreview":null,"robots_max_imagepreview":"large","priority":null,"frequency":null,"local_seo":null,"seo_analyzer_scan_date":"2026-01-20 09:11:13","breadcrumb_settings":null,"limit_modified_date":false,"reviewed_by":null,"open_ai":null,"ai":null,"created":"2026-01-14 06:17:37","updated":"2026-04-23 04:01:00"},"aioseo_breadcrumb":"<div class=\"aioseo-breadcrumbs\"><span class=\"aioseo-breadcrumb\">\n\t<a href=\"https:\/\/hidalgo.nl\/de\/\" title=\"Home\">Home<\/a>\n<\/span><span class=\"aioseo-breadcrumb-separator\">\u00bb<\/span><span class=\"aioseo-breadcrumb\">\n\t<a href=\"https:\/\/hidalgo.nl\/example\/\" title=\"example\">example<\/a>\n<\/span><span class=\"aioseo-breadcrumb-separator\">\u00bb<\/span><span class=\"aioseo-breadcrumb\">\n\t<a href=\"https:\/\/hidalgo.nl\/en\/product-supplier\/a24\/\" title=\"A24\">A24<\/a>\n<\/span><span class=\"aioseo-breadcrumb-separator\">\u00bb<\/span><span class=\"aioseo-breadcrumb\">\n\tBackpack Cover beschermhoes\n<\/span><\/div>","aioseo_breadcrumb_json":[{"label":"Home","link":"https:\/\/hidalgo.nl\/de\/"},{"label":"example","link":"https:\/\/hidalgo.nl\/example\/"},{"label":"A24","link":"https:\/\/hidalgo.nl\/en\/product-supplier\/a24\/"},{"label":"Backpack Cover beschermhoes","link":"https:\/\/hidalgo.nl\/de\/product\/backpack-cover-beschermhoes\/"}],"_links":{"self":[{"href":"https:\/\/hidalgo.nl\/de\/wp-json\/wp\/v2\/product\/2312","targetHints":{"allow":["GET"]}}],"collection":[{"href":"https:\/\/hidalgo.nl\/de\/wp-json\/wp\/v2\/product"}],"about":[{"href":"https:\/\/hidalgo.nl\/de\/wp-json\/wp\/v2\/types\/product"}],"wp:featuredmedia":[{"embeddable":true,"href":"https:\/\/hidalgo.nl\/de\/wp-json\/wp\/v2\/media\/2313"}],"wp:attachment":[{"href":"https:\/\/hidalgo.nl\/de\/wp-json\/wp\/v2\/media?parent=2312"}],"wp:term":[{"taxonomy":"product_brand","embeddable":true,"href":"https:\/\/hidalgo.nl\/de\/wp-json\/wp\/v2\/product_brand?post=2312"},{"taxonomy":"product_cat","embeddable":true,"href":"https:\/\/hidalgo.nl\/de\/wp-json\/wp\/v2\/product_cat?post=2312"},{"taxonomy":"product_tag","embeddable":true,"href":"https:\/\/hidalgo.nl\/de\/wp-json\/wp\/v2\/product_tag?post=2312"}],"curies":[{"name":"wp","href":"https:\/\/api.w.org\/{rel}","templated":true}]}}