{"id":23096,"date":"2025-07-03T13:53:54","date_gmt":"2025-07-03T13:53:54","guid":{"rendered":"http:\/\/bidonsenshakers.pim.hidalgo.nl\/product\/100-rpet-neklint-25-cm\/"},"modified":"2026-02-17T11:49:16","modified_gmt":"2026-02-17T11:49:16","slug":"100-rpet-neklint-25-cm","status":"publish","type":"product","link":"https:\/\/hidalgo.nl\/de\/product\/23096\/rpet-schluesselband-nachhaltig-mit-logo-bedrucken\/","title":{"rendered":"100% rPET neklint 2,5 cm"},"content":{"rendered":"<p>Nooit meer zoeken naar je sleutels met dit praktische neklint van gerecycled polyester. Voorzien van een stevige karabijnhaak en een handige kunststof gespsluiting, waarmee je je sleutelbos moeiteloos losklikt wanneer dat nodig is. Een duurzame, stijlvolle en functionele keuze als promotieartikel voor beurzen, evenementen of campagnes. <\/p>\n","protected":false},"excerpt":{"rendered":"<p>Neklint met kunststof gespsluiting en karabijnhaak. 100% gerecycled polyester, 2,5 cm breed. <\/p>\n","protected":false},"featured_media":587394,"template":"","meta":{"_acf_changed":false,"om_disable_all_campaigns":false,"_monsterinsights_skip_tracking":false,"_monsterinsights_sitenote_active":false,"_monsterinsights_sitenote_note":"","_monsterinsights_sitenote_category":0},"product_brand":[],"product_cat":[4924,4719],"product_tag":[],"class_list":{"0":"post-23096","1":"product","2":"type-product","3":"status-publish","4":"has-post-thumbnail","6":"product_supplier-a86","7":"product_material-100-gerecycled-polyester","8":"product_cat-promotionele-artikelen-lanyards","9":"product_cat-promotionele-artikelen","10":"entry","12":"first","13":"instock","14":"taxable","15":"shipping-taxable","16":"purchasable","17":"product-type-variable"},"acf":{"imprint_cost":[{"imprint_cost_key":"f8601a1f9cce68082f26ebd63835684f17b3ac01","product_quantity_price_range":[{"imprint_cost_recommended_selling_price":"2.355","imprint_cost_recommended_selling_quantity":"25"},{"imprint_cost_recommended_selling_price":"1.095","imprint_cost_recommended_selling_quantity":"50"},{"imprint_cost_recommended_selling_price":"0.495","imprint_cost_recommended_selling_quantity":"100"},{"imprint_cost_recommended_selling_price":"0.45","imprint_cost_recommended_selling_quantity":"250"},{"imprint_cost_recommended_selling_price":"0.42","imprint_cost_recommended_selling_quantity":"500"},{"imprint_cost_recommended_selling_price":"0.375","imprint_cost_recommended_selling_quantity":"1000"},{"imprint_cost_recommended_selling_price":"0.36","imprint_cost_recommended_selling_quantity":"2500"}],"product_quantity_price_range_buying":[{"imprint_cost_general_buying_price":"1.57","imprint_cost_general_buying_quantity":"25"},{"imprint_cost_general_buying_price":"0.73","imprint_cost_general_buying_quantity":"50"},{"imprint_cost_general_buying_price":"0.33","imprint_cost_general_buying_quantity":"100"},{"imprint_cost_general_buying_price":"0.3","imprint_cost_general_buying_quantity":"250"},{"imprint_cost_general_buying_price":"0.28","imprint_cost_general_buying_quantity":"500"},{"imprint_cost_general_buying_price":"0.25","imprint_cost_general_buying_quantity":"1000"},{"imprint_cost_general_buying_price":"0.24","imprint_cost_general_buying_quantity":"2500"}],"imprint_cost_setup_costs":"41.25","imprint_cost_handling_costs":"0"},{"imprint_cost_key":"c769ebc21be02bab3df4d2c58a0182b2f1b3df0e","product_quantity_price_range":[{"imprint_cost_recommended_selling_price":"4.62","imprint_cost_recommended_selling_quantity":"25"},{"imprint_cost_recommended_selling_price":"2.13","imprint_cost_recommended_selling_quantity":"50"},{"imprint_cost_recommended_selling_price":"1.05","imprint_cost_recommended_selling_quantity":"100"},{"imprint_cost_recommended_selling_price":"0.765","imprint_cost_recommended_selling_quantity":"250"},{"imprint_cost_recommended_selling_price":"0.69","imprint_cost_recommended_selling_quantity":"500"},{"imprint_cost_recommended_selling_price":"0.645","imprint_cost_recommended_selling_quantity":"1000"},{"imprint_cost_recommended_selling_price":"0.63","imprint_cost_recommended_selling_quantity":"2500"}],"product_quantity_price_range_buying":[{"imprint_cost_general_buying_price":"3.08","imprint_cost_general_buying_quantity":"25"},{"imprint_cost_general_buying_price":"1.42","imprint_cost_general_buying_quantity":"50"},{"imprint_cost_general_buying_price":"0.7","imprint_cost_general_buying_quantity":"100"},{"imprint_cost_general_buying_price":"0.51","imprint_cost_general_buying_quantity":"250"},{"imprint_cost_general_buying_price":"0.46","imprint_cost_general_buying_quantity":"500"},{"imprint_cost_general_buying_price":"0.43","imprint_cost_general_buying_quantity":"1000"},{"imprint_cost_general_buying_price":"0.42","imprint_cost_general_buying_quantity":"2500"}],"imprint_cost_setup_costs":"41.25","imprint_cost_handling_costs":"0"}]},"aioseo_notices":[],"aioseo_head":"\n\t\t<!-- All in One SEO Pro 4.9.6.2 - aioseo.com -->\n\t<meta name=\"description\" content=\"W\u00e4hle diese Umh\u00e4ngeb\u00e4nder aus 100% recyceltem rPET als bewussten Werbeartikel f\u00fcr deine Events. Wir helfen dir, das rPET Schl\u00fcsselband 25mm mit deinem Logo zu bedrucken lassen, um hohe Sichtbarkeit zu garantieren. Jetzt nachhaltige Lanyards f\u00fcr deine Firma bestellen!\" \/>\n\t<meta name=\"robots\" content=\"max-image-preview:large\" \/>\n\t<link rel=\"canonical\" href=\"https:\/\/hidalgo.nl\/de\/wp-json\/wp\/v2\/product\/23096\" \/>\n\t<meta name=\"generator\" content=\"All in One SEO Pro (AIOSEO) 4.9.6.2\" \/>\n\t\t<meta property=\"og:locale\" content=\"de_DE\" \/>\n\t\t<meta property=\"og:site_name\" content=\"Hidalgo -\" \/>\n\t\t<meta property=\"og:type\" content=\"article\" \/>\n\t\t<meta property=\"og:title\" content=\"rPET Schl\u00fcsselband nachhaltig mit Logo bedrucken\" \/>\n\t\t<meta property=\"og:description\" content=\"W\u00e4hle diese Umh\u00e4ngeb\u00e4nder aus 100% recyceltem rPET als bewussten Werbeartikel f\u00fcr deine Events. Wir helfen dir, das rPET Schl\u00fcsselband 25mm mit deinem Logo zu bedrucken lassen, um hohe Sichtbarkeit zu garantieren. Jetzt nachhaltige Lanyards f\u00fcr deine Firma bestellen!\" \/>\n\t\t<meta property=\"og:url\" content=\"https:\/\/hidalgo.nl\/de\/wp-json\/wp\/v2\/product\/23096\" \/>\n\t\t<meta property=\"og:image\" content=\"https:\/\/shop.hidalgo.nl\/wp-content\/uploads\/2025\/11\/cropped-Hidalgo-est1993.png\" \/>\n\t\t<meta property=\"og:image:secure_url\" content=\"https:\/\/shop.hidalgo.nl\/wp-content\/uploads\/2025\/11\/cropped-Hidalgo-est1993.png\" \/>\n\t\t<meta property=\"article:published_time\" content=\"2025-07-03T13:53:54+00:00\" \/>\n\t\t<meta property=\"article:modified_time\" content=\"2026-02-17T11:49:16+00:00\" \/>\n\t\t<meta name=\"twitter:card\" content=\"summary_large_image\" \/>\n\t\t<meta name=\"twitter:title\" content=\"rPET Schl\u00fcsselband nachhaltig mit Logo bedrucken\" \/>\n\t\t<meta name=\"twitter:description\" content=\"W\u00e4hle diese Umh\u00e4ngeb\u00e4nder aus 100% recyceltem rPET als bewussten Werbeartikel f\u00fcr deine Events. Wir helfen dir, das rPET Schl\u00fcsselband 25mm mit deinem Logo zu bedrucken lassen, um hohe Sichtbarkeit zu garantieren. Jetzt nachhaltige Lanyards f\u00fcr deine Firma bestellen!\" \/>\n\t\t<meta name=\"twitter:image\" content=\"https:\/\/shop.hidalgo.nl\/wp-content\/uploads\/2025\/11\/cropped-Hidalgo-est1993.png\" \/>\n\t\t<script type=\"application\/ld+json\" class=\"aioseo-schema\">\n\t\t\t{\"@context\":\"https:\\\/\\\/schema.org\",\"@graph\":[{\"@type\":\"BreadcrumbList\",\"@id\":\"https:\\\/\\\/hidalgo.nl\\\/de\\\/product\\\/23096\\\/rpet-schluesselband-nachhaltig-mit-logo-bedrucken\\\/#breadcrumblist\",\"itemListElement\":[{\"@type\":\"ListItem\",\"@id\":\"https:\\\/\\\/hidalgo.nl\\\/de\\\/#listItem\",\"position\":1,\"name\":\"Home\",\"item\":\"https:\\\/\\\/hidalgo.nl\\\/de\\\/\",\"nextItem\":{\"@type\":\"ListItem\",\"@id\":\"https:\\\/\\\/hidalgo.nl\\\/example\\\/#listItem\",\"name\":\"example\"}},{\"@type\":\"ListItem\",\"@id\":\"https:\\\/\\\/hidalgo.nl\\\/example\\\/#listItem\",\"position\":2,\"name\":\"example\",\"item\":\"https:\\\/\\\/hidalgo.nl\\\/example\\\/\",\"nextItem\":{\"@type\":\"ListItem\",\"@id\":\"https:\\\/\\\/hidalgo.nl\\\/en\\\/product-supplier\\\/a86\\\/#listItem\",\"name\":\"A86\"},\"previousItem\":{\"@type\":\"ListItem\",\"@id\":\"https:\\\/\\\/hidalgo.nl\\\/de\\\/#listItem\",\"name\":\"Home\"}},{\"@type\":\"ListItem\",\"@id\":\"https:\\\/\\\/hidalgo.nl\\\/en\\\/product-supplier\\\/a86\\\/#listItem\",\"position\":3,\"name\":\"A86\",\"item\":\"https:\\\/\\\/hidalgo.nl\\\/en\\\/product-supplier\\\/a86\\\/\",\"nextItem\":{\"@type\":\"ListItem\",\"@id\":\"https:\\\/\\\/hidalgo.nl\\\/de\\\/product\\\/23096\\\/rpet-schluesselband-nachhaltig-mit-logo-bedrucken\\\/#listItem\",\"name\":\"100% rPET neklint 2,5 cm\"},\"previousItem\":{\"@type\":\"ListItem\",\"@id\":\"https:\\\/\\\/hidalgo.nl\\\/example\\\/#listItem\",\"name\":\"example\"}},{\"@type\":\"ListItem\",\"@id\":\"https:\\\/\\\/hidalgo.nl\\\/de\\\/product\\\/23096\\\/rpet-schluesselband-nachhaltig-mit-logo-bedrucken\\\/#listItem\",\"position\":4,\"name\":\"100% rPET neklint 2,5 cm\",\"previousItem\":{\"@type\":\"ListItem\",\"@id\":\"https:\\\/\\\/hidalgo.nl\\\/en\\\/product-supplier\\\/a86\\\/#listItem\",\"name\":\"A86\"}}]},{\"@type\":\"Organization\",\"@id\":\"https:\\\/\\\/hidalgo.nl\\\/de\\\/#organization\",\"name\":\"Hidalgo\",\"url\":\"https:\\\/\\\/hidalgo.nl\\\/de\\\/\",\"logo\":{\"@type\":\"ImageObject\",\"url\":\"https:\\\/\\\/shop.hidalgo.nl\\\/wp-content\\\/uploads\\\/2025\\\/11\\\/cropped-Hidalgo-est1993.png\",\"@id\":\"https:\\\/\\\/hidalgo.nl\\\/de\\\/product\\\/23096\\\/rpet-schluesselband-nachhaltig-mit-logo-bedrucken\\\/#organizationLogo\",\"width\":585,\"height\":195},\"image\":{\"@id\":\"https:\\\/\\\/hidalgo.nl\\\/de\\\/product\\\/23096\\\/rpet-schluesselband-nachhaltig-mit-logo-bedrucken\\\/#organizationLogo\"}},{\"@type\":\"ProductGroup\",\"@id\":\"https:\\\/\\\/hidalgo.nl\\\/de\\\/product\\\/23096\\\/rpet-schluesselband-nachhaltig-mit-logo-bedrucken\\\/#wooCommerceProduct\",\"name\":\"rPET Schl\\u00fcsselband nachhaltig mit Logo bedrucken\",\"description\":\"Neklint met kunststof gespsluiting en karabijnhaak. 100% gerecycled polyester, 2,5 cm breed.\",\"url\":\"https:\\\/\\\/hidalgo.nl\\\/de\\\/product\\\/23096\\\/rpet-schluesselband-nachhaltig-mit-logo-bedrucken\\\/\",\"sku\":\"A86-2750\",\"image\":{\"@type\":\"ImageObject\",\"url\":\"https:\\\/\\\/shop.hidalgo.nl\\\/wp-content\\\/uploads\\\/2025\\\/03\\\/d008a3dc5a60f4d625cdbc39e9d23fc81eb11143f5a3549cfb3913b6dce8a633.jpg\",\"@id\":\"https:\\\/\\\/hidalgo.nl\\\/de\\\/product\\\/23096\\\/rpet-schluesselband-nachhaltig-mit-logo-bedrucken\\\/#productImage\"},\"productGroupID\":23096,\"hasVariant\":[{\"@type\":\"Product\",\"@id\":\"https:\\\/\\\/hidalgo.nl\\\/de\\\/product\\\/23096\\\/rpet-schluesselband-nachhaltig-mit-logo-bedrucken\\\/#wooCommerceProduct\",\"name\":\"100% rPET neklint 2,5 cm - wit\",\"description\":\"Neklint met kunststof gespsluiting en karabijnhaak. 100% gerecycled polyester, 2,5 cm breed.\",\"url\":\"https:\\\/\\\/hidalgo.nl\\\/de\\\/product\\\/23096\\\/rpet-schluesselband-nachhaltig-mit-logo-bedrucken\\\/\",\"sku\":\"A86-2750-06-A06\",\"gtin\":\"8719495008249\",\"image\":{\"@type\":\"ImageObject\",\"url\":\"https:\\\/\\\/shop.hidalgo.nl\\\/wp-content\\\/uploads\\\/2025\\\/05\\\/d008a3dc5a60f4d625cdbc39e9d23fc81eb11143f5a3549cfb3913b6dce8a633.jpg\",\"@id\":\"https:\\\/\\\/hidalgo.nl\\\/de\\\/product\\\/23096\\\/rpet-schluesselband-nachhaltig-mit-logo-bedrucken\\\/#productImage\",\"width\":340,\"height\":1000},\"offers\":{\"@type\":\"Offer\",\"url\":\"https:\\\/\\\/hidalgo.nl\\\/de\\\/product\\\/23096\\\/rpet-schluesselband-nachhaltig-mit-logo-bedrucken\\\/#wooCommerceOffer\",\"price\":\"2.07\",\"priceCurrency\":\"EUR\",\"category\":\"Promotionele Artikelen\",\"availability\":\"https:\\\/\\\/schema.org\\\/InStock\",\"priceSpecification\":{\"@type\":\"PriceSpecification\",\"price\":2.07,\"priceCurrency\":\"EUR\",\"valueAddedTaxIncluded\":\"true\"}}},{\"@type\":\"Product\",\"@id\":\"https:\\\/\\\/hidalgo.nl\\\/de\\\/product\\\/23096\\\/rpet-schluesselband-nachhaltig-mit-logo-bedrucken\\\/#wooCommerceProduct\",\"name\":\"100% rPET neklint 2,5 cm - lichtblauw\",\"description\":\"Neklint met kunststof gespsluiting en karabijnhaak. 100% gerecycled polyester, 2,5 cm breed.\",\"url\":\"https:\\\/\\\/hidalgo.nl\\\/de\\\/product\\\/23096\\\/rpet-schluesselband-nachhaltig-mit-logo-bedrucken\\\/\",\"sku\":\"A86-2750-19-A19\",\"gtin\":\"8719495008256\",\"image\":{\"@type\":\"ImageObject\",\"url\":\"https:\\\/\\\/shop.hidalgo.nl\\\/wp-content\\\/uploads\\\/2025\\\/05\\\/f533b2dc60993c83dcaaebb833f72a5ef857c62f8dd65158466d19a39e73d463.jpg\",\"@id\":\"https:\\\/\\\/hidalgo.nl\\\/de\\\/product\\\/23096\\\/rpet-schluesselband-nachhaltig-mit-logo-bedrucken\\\/#productImage\",\"width\":340,\"height\":1000},\"offers\":{\"@type\":\"Offer\",\"url\":\"https:\\\/\\\/hidalgo.nl\\\/de\\\/product\\\/23096\\\/rpet-schluesselband-nachhaltig-mit-logo-bedrucken\\\/#wooCommerceOffer\",\"price\":\"2.07\",\"priceCurrency\":\"EUR\",\"category\":\"Promotionele Artikelen\",\"availability\":\"https:\\\/\\\/schema.org\\\/InStock\",\"priceSpecification\":{\"@type\":\"PriceSpecification\",\"price\":2.07,\"priceCurrency\":\"EUR\",\"valueAddedTaxIncluded\":\"true\"}}}]},{\"@type\":\"WebPage\",\"@id\":\"https:\\\/\\\/hidalgo.nl\\\/de\\\/product\\\/23096\\\/rpet-schluesselband-nachhaltig-mit-logo-bedrucken\\\/#webpage\",\"url\":\"https:\\\/\\\/hidalgo.nl\\\/de\\\/product\\\/23096\\\/rpet-schluesselband-nachhaltig-mit-logo-bedrucken\\\/\",\"name\":\"rPET Schl\\u00fcsselband nachhaltig mit Logo bedrucken\",\"description\":\"W\\u00e4hle diese Umh\\u00e4ngeb\\u00e4nder aus 100% recyceltem rPET als bewussten Werbeartikel f\\u00fcr deine Events. Wir helfen dir, das rPET Schl\\u00fcsselband 25mm mit deinem Logo zu bedrucken lassen, um hohe Sichtbarkeit zu garantieren. Jetzt nachhaltige Lanyards f\\u00fcr deine Firma bestellen!\",\"inLanguage\":\"de-DE\",\"isPartOf\":{\"@id\":\"https:\\\/\\\/hidalgo.nl\\\/de\\\/#website\"},\"breadcrumb\":{\"@id\":\"https:\\\/\\\/hidalgo.nl\\\/de\\\/product\\\/23096\\\/rpet-schluesselband-nachhaltig-mit-logo-bedrucken\\\/#breadcrumblist\"},\"image\":{\"@type\":\"ImageObject\",\"url\":\"https:\\\/\\\/shop.hidalgo.nl\\\/wp-content\\\/uploads\\\/2025\\\/03\\\/d008a3dc5a60f4d625cdbc39e9d23fc81eb11143f5a3549cfb3913b6dce8a633.jpg\",\"@id\":\"https:\\\/\\\/hidalgo.nl\\\/de\\\/product\\\/23096\\\/rpet-schluesselband-nachhaltig-mit-logo-bedrucken\\\/#mainImage\"},\"primaryImageOfPage\":{\"@id\":\"https:\\\/\\\/hidalgo.nl\\\/de\\\/product\\\/23096\\\/rpet-schluesselband-nachhaltig-mit-logo-bedrucken\\\/#mainImage\"},\"datePublished\":\"2025-07-03T13:53:54+00:00\",\"dateModified\":\"2026-02-17T11:49:16+00:00\"},{\"@type\":\"WebSite\",\"@id\":\"https:\\\/\\\/hidalgo.nl\\\/de\\\/#website\",\"url\":\"https:\\\/\\\/hidalgo.nl\\\/de\\\/\",\"name\":\"Hidalgo\",\"inLanguage\":\"de-DE\",\"publisher\":{\"@id\":\"https:\\\/\\\/hidalgo.nl\\\/de\\\/#organization\"}}]}\n\t\t<\/script>\n\t\t<!-- All in One SEO Pro -->\r\n\t\t<title>rPET Schl\u00fcsselband nachhaltig mit Logo bedrucken<\/title>\n\n","aioseo_head_json":{"title":"rPET Schl\u00fcsselband nachhaltig mit Logo bedrucken","description":"W\u00e4hle diese Umh\u00e4ngeb\u00e4nder aus 100% recyceltem rPET als bewussten Werbeartikel f\u00fcr deine Events. Wir helfen dir, das rPET Schl\u00fcsselband 25mm mit deinem Logo zu bedrucken lassen, um hohe Sichtbarkeit zu garantieren. Jetzt nachhaltige Lanyards f\u00fcr deine Firma bestellen!","canonical_url":"https:\/\/hidalgo.nl\/de\/wp-json\/wp\/v2\/product\/23096","robots":"max-image-preview:large","keywords":"","webmasterTools":{"miscellaneous":""},"schema":{"@context":"https:\/\/schema.org","@graph":[{"@type":"BreadcrumbList","@id":"https:\/\/hidalgo.nl\/de\/product\/23096\/rpet-schluesselband-nachhaltig-mit-logo-bedrucken\/#breadcrumblist","itemListElement":[{"@type":"ListItem","@id":"https:\/\/hidalgo.nl\/de\/#listItem","position":1,"name":"Home","item":"https:\/\/hidalgo.nl\/de\/","nextItem":{"@type":"ListItem","@id":"https:\/\/hidalgo.nl\/example\/#listItem","name":"example"}},{"@type":"ListItem","@id":"https:\/\/hidalgo.nl\/example\/#listItem","position":2,"name":"example","item":"https:\/\/hidalgo.nl\/example\/","nextItem":{"@type":"ListItem","@id":"https:\/\/hidalgo.nl\/en\/product-supplier\/a86\/#listItem","name":"A86"},"previousItem":{"@type":"ListItem","@id":"https:\/\/hidalgo.nl\/de\/#listItem","name":"Home"}},{"@type":"ListItem","@id":"https:\/\/hidalgo.nl\/en\/product-supplier\/a86\/#listItem","position":3,"name":"A86","item":"https:\/\/hidalgo.nl\/en\/product-supplier\/a86\/","nextItem":{"@type":"ListItem","@id":"https:\/\/hidalgo.nl\/de\/product\/23096\/rpet-schluesselband-nachhaltig-mit-logo-bedrucken\/#listItem","name":"100% rPET neklint 2,5 cm"},"previousItem":{"@type":"ListItem","@id":"https:\/\/hidalgo.nl\/example\/#listItem","name":"example"}},{"@type":"ListItem","@id":"https:\/\/hidalgo.nl\/de\/product\/23096\/rpet-schluesselband-nachhaltig-mit-logo-bedrucken\/#listItem","position":4,"name":"100% rPET neklint 2,5 cm","previousItem":{"@type":"ListItem","@id":"https:\/\/hidalgo.nl\/en\/product-supplier\/a86\/#listItem","name":"A86"}}]},{"@type":"Organization","@id":"https:\/\/hidalgo.nl\/de\/#organization","name":"Hidalgo","url":"https:\/\/hidalgo.nl\/de\/","logo":{"@type":"ImageObject","url":"https:\/\/shop.hidalgo.nl\/wp-content\/uploads\/2025\/11\/cropped-Hidalgo-est1993.png","@id":"https:\/\/hidalgo.nl\/de\/product\/23096\/rpet-schluesselband-nachhaltig-mit-logo-bedrucken\/#organizationLogo","width":585,"height":195},"image":{"@id":"https:\/\/hidalgo.nl\/de\/product\/23096\/rpet-schluesselband-nachhaltig-mit-logo-bedrucken\/#organizationLogo"}},{"@type":"ProductGroup","@id":"https:\/\/hidalgo.nl\/de\/product\/23096\/rpet-schluesselband-nachhaltig-mit-logo-bedrucken\/#wooCommerceProduct","name":"rPET Schl\u00fcsselband nachhaltig mit Logo bedrucken","description":"Neklint met kunststof gespsluiting en karabijnhaak. 100% gerecycled polyester, 2,5 cm breed.","url":"https:\/\/hidalgo.nl\/de\/product\/23096\/rpet-schluesselband-nachhaltig-mit-logo-bedrucken\/","sku":"A86-2750","image":{"@type":"ImageObject","url":"https:\/\/shop.hidalgo.nl\/wp-content\/uploads\/2025\/03\/d008a3dc5a60f4d625cdbc39e9d23fc81eb11143f5a3549cfb3913b6dce8a633.jpg","@id":"https:\/\/hidalgo.nl\/de\/product\/23096\/rpet-schluesselband-nachhaltig-mit-logo-bedrucken\/#productImage"},"productGroupID":23096,"hasVariant":[{"@type":"Product","@id":"https:\/\/hidalgo.nl\/de\/product\/23096\/rpet-schluesselband-nachhaltig-mit-logo-bedrucken\/#wooCommerceProduct","name":"100% rPET neklint 2,5 cm - wit","description":"Neklint met kunststof gespsluiting en karabijnhaak. 100% gerecycled polyester, 2,5 cm breed.","url":"https:\/\/hidalgo.nl\/de\/product\/23096\/rpet-schluesselband-nachhaltig-mit-logo-bedrucken\/","sku":"A86-2750-06-A06","gtin":"8719495008249","image":{"@type":"ImageObject","url":"https:\/\/shop.hidalgo.nl\/wp-content\/uploads\/2025\/05\/d008a3dc5a60f4d625cdbc39e9d23fc81eb11143f5a3549cfb3913b6dce8a633.jpg","@id":"https:\/\/hidalgo.nl\/de\/product\/23096\/rpet-schluesselband-nachhaltig-mit-logo-bedrucken\/#productImage","width":340,"height":1000},"offers":{"@type":"Offer","url":"https:\/\/hidalgo.nl\/de\/product\/23096\/rpet-schluesselband-nachhaltig-mit-logo-bedrucken\/#wooCommerceOffer","price":"2.07","priceCurrency":"EUR","category":"Promotionele Artikelen","availability":"https:\/\/schema.org\/InStock","priceSpecification":{"@type":"PriceSpecification","price":2.07,"priceCurrency":"EUR","valueAddedTaxIncluded":"true"}}},{"@type":"Product","@id":"https:\/\/hidalgo.nl\/de\/product\/23096\/rpet-schluesselband-nachhaltig-mit-logo-bedrucken\/#wooCommerceProduct","name":"100% rPET neklint 2,5 cm - lichtblauw","description":"Neklint met kunststof gespsluiting en karabijnhaak. 100% gerecycled polyester, 2,5 cm breed.","url":"https:\/\/hidalgo.nl\/de\/product\/23096\/rpet-schluesselband-nachhaltig-mit-logo-bedrucken\/","sku":"A86-2750-19-A19","gtin":"8719495008256","image":{"@type":"ImageObject","url":"https:\/\/shop.hidalgo.nl\/wp-content\/uploads\/2025\/05\/f533b2dc60993c83dcaaebb833f72a5ef857c62f8dd65158466d19a39e73d463.jpg","@id":"https:\/\/hidalgo.nl\/de\/product\/23096\/rpet-schluesselband-nachhaltig-mit-logo-bedrucken\/#productImage","width":340,"height":1000},"offers":{"@type":"Offer","url":"https:\/\/hidalgo.nl\/de\/product\/23096\/rpet-schluesselband-nachhaltig-mit-logo-bedrucken\/#wooCommerceOffer","price":"2.07","priceCurrency":"EUR","category":"Promotionele Artikelen","availability":"https:\/\/schema.org\/InStock","priceSpecification":{"@type":"PriceSpecification","price":2.07,"priceCurrency":"EUR","valueAddedTaxIncluded":"true"}}}]},{"@type":"WebPage","@id":"https:\/\/hidalgo.nl\/de\/product\/23096\/rpet-schluesselband-nachhaltig-mit-logo-bedrucken\/#webpage","url":"https:\/\/hidalgo.nl\/de\/product\/23096\/rpet-schluesselband-nachhaltig-mit-logo-bedrucken\/","name":"rPET Schl\u00fcsselband nachhaltig mit Logo bedrucken","description":"W\u00e4hle diese Umh\u00e4ngeb\u00e4nder aus 100% recyceltem rPET als bewussten Werbeartikel f\u00fcr deine Events. Wir helfen dir, das rPET Schl\u00fcsselband 25mm mit deinem Logo zu bedrucken lassen, um hohe Sichtbarkeit zu garantieren. Jetzt nachhaltige Lanyards f\u00fcr deine Firma bestellen!","inLanguage":"de-DE","isPartOf":{"@id":"https:\/\/hidalgo.nl\/de\/#website"},"breadcrumb":{"@id":"https:\/\/hidalgo.nl\/de\/product\/23096\/rpet-schluesselband-nachhaltig-mit-logo-bedrucken\/#breadcrumblist"},"image":{"@type":"ImageObject","url":"https:\/\/shop.hidalgo.nl\/wp-content\/uploads\/2025\/03\/d008a3dc5a60f4d625cdbc39e9d23fc81eb11143f5a3549cfb3913b6dce8a633.jpg","@id":"https:\/\/hidalgo.nl\/de\/product\/23096\/rpet-schluesselband-nachhaltig-mit-logo-bedrucken\/#mainImage"},"primaryImageOfPage":{"@id":"https:\/\/hidalgo.nl\/de\/product\/23096\/rpet-schluesselband-nachhaltig-mit-logo-bedrucken\/#mainImage"},"datePublished":"2025-07-03T13:53:54+00:00","dateModified":"2026-02-17T11:49:16+00:00"},{"@type":"WebSite","@id":"https:\/\/hidalgo.nl\/de\/#website","url":"https:\/\/hidalgo.nl\/de\/","name":"Hidalgo","inLanguage":"de-DE","publisher":{"@id":"https:\/\/hidalgo.nl\/de\/#organization"}}]},"og:locale":"de_DE","og:site_name":"Hidalgo -","og:type":"article","og:title":"rPET Schl\u00fcsselband nachhaltig mit Logo bedrucken","og:description":"W\u00e4hle diese Umh\u00e4ngeb\u00e4nder aus 100% recyceltem rPET als bewussten Werbeartikel f\u00fcr deine Events. Wir helfen dir, das rPET Schl\u00fcsselband 25mm mit deinem Logo zu bedrucken lassen, um hohe Sichtbarkeit zu garantieren. Jetzt nachhaltige Lanyards f\u00fcr deine Firma bestellen!","og:url":"https:\/\/hidalgo.nl\/de\/wp-json\/wp\/v2\/product\/23096","og:image":"https:\/\/shop.hidalgo.nl\/wp-content\/uploads\/2025\/11\/cropped-Hidalgo-est1993.png","og:image:secure_url":"https:\/\/shop.hidalgo.nl\/wp-content\/uploads\/2025\/11\/cropped-Hidalgo-est1993.png","article:published_time":"2025-07-03T13:53:54+00:00","article:modified_time":"2026-02-17T11:49:16+00:00","twitter:card":"summary_large_image","twitter:title":"rPET Schl\u00fcsselband nachhaltig mit Logo bedrucken","twitter:description":"W\u00e4hle diese Umh\u00e4ngeb\u00e4nder aus 100% recyceltem rPET als bewussten Werbeartikel f\u00fcr deine Events. Wir helfen dir, das rPET Schl\u00fcsselband 25mm mit deinem Logo zu bedrucken lassen, um hohe Sichtbarkeit zu garantieren. Jetzt nachhaltige Lanyards f\u00fcr deine Firma bestellen!","twitter:image":"https:\/\/shop.hidalgo.nl\/wp-content\/uploads\/2025\/11\/cropped-Hidalgo-est1993.png"},"aioseo_meta_data":{"post_id":"23096","title":null,"description":null,"keywords":null,"keyphrases":null,"primary_term":null,"canonical_url":null,"og_title":null,"og_description":null,"og_object_type":"default","og_image_type":"default","og_image_url":null,"og_image_width":null,"og_image_height":null,"og_image_custom_url":null,"og_image_custom_fields":null,"og_video":null,"og_custom_url":null,"og_article_section":null,"og_article_tags":null,"twitter_use_og":false,"twitter_card":"default","twitter_image_type":"default","twitter_image_url":null,"twitter_image_custom_url":null,"twitter_image_custom_fields":null,"twitter_title":null,"twitter_description":null,"schema":{"blockGraphs":[],"customGraphs":[],"default":{"data":{"Article":[],"Course":[],"Dataset":[],"FAQPage":[],"Movie":[],"Person":[],"Product":[],"ProductReview":[],"Car":[],"Recipe":[],"Service":[],"SoftwareApplication":[],"WebPage":[]},"graphName":"","isEnabled":true},"graphs":[]},"schema_type":"default","schema_type_options":null,"pillar_content":false,"robots_default":true,"robots_noindex":false,"robots_noarchive":false,"robots_nosnippet":false,"robots_nofollow":false,"robots_noimageindex":false,"robots_noodp":false,"robots_notranslate":false,"robots_max_snippet":null,"robots_max_videopreview":null,"robots_max_imagepreview":"large","priority":null,"frequency":null,"local_seo":null,"seo_analyzer_scan_date":"2026-01-20 12:26:47","breadcrumb_settings":null,"limit_modified_date":false,"reviewed_by":null,"open_ai":null,"ai":null,"created":"2026-01-14 06:17:38","updated":"2026-04-23 05:38:58"},"aioseo_breadcrumb":"<div class=\"aioseo-breadcrumbs\"><span class=\"aioseo-breadcrumb\">\n\t<a href=\"https:\/\/hidalgo.nl\/de\/\" title=\"Home\">Home<\/a>\n<\/span><span class=\"aioseo-breadcrumb-separator\">\u00bb<\/span><span class=\"aioseo-breadcrumb\">\n\t<a href=\"https:\/\/hidalgo.nl\/example\/\" title=\"example\">example<\/a>\n<\/span><span class=\"aioseo-breadcrumb-separator\">\u00bb<\/span><span class=\"aioseo-breadcrumb\">\n\t<a href=\"https:\/\/hidalgo.nl\/en\/product-supplier\/a86\/\" title=\"A86\">A86<\/a>\n<\/span><span class=\"aioseo-breadcrumb-separator\">\u00bb<\/span><span class=\"aioseo-breadcrumb\">\n\t100% rPET neklint 2,5 cm\n<\/span><\/div>","aioseo_breadcrumb_json":[{"label":"Home","link":"https:\/\/hidalgo.nl\/de\/"},{"label":"example","link":"https:\/\/hidalgo.nl\/example\/"},{"label":"A86","link":"https:\/\/hidalgo.nl\/en\/product-supplier\/a86\/"},{"label":"100% rPET neklint 2,5 cm","link":"https:\/\/hidalgo.nl\/de\/product\/23096\/rpet-schluesselband-nachhaltig-mit-logo-bedrucken\/"}],"_links":{"self":[{"href":"https:\/\/hidalgo.nl\/de\/wp-json\/wp\/v2\/product\/23096","targetHints":{"allow":["GET"]}}],"collection":[{"href":"https:\/\/hidalgo.nl\/de\/wp-json\/wp\/v2\/product"}],"about":[{"href":"https:\/\/hidalgo.nl\/de\/wp-json\/wp\/v2\/types\/product"}],"wp:featuredmedia":[{"embeddable":true,"href":"https:\/\/hidalgo.nl\/de\/wp-json\/wp\/v2\/media\/587394"}],"wp:attachment":[{"href":"https:\/\/hidalgo.nl\/de\/wp-json\/wp\/v2\/media?parent=23096"}],"wp:term":[{"taxonomy":"product_brand","embeddable":true,"href":"https:\/\/hidalgo.nl\/de\/wp-json\/wp\/v2\/product_brand?post=23096"},{"taxonomy":"product_cat","embeddable":true,"href":"https:\/\/hidalgo.nl\/de\/wp-json\/wp\/v2\/product_cat?post=23096"},{"taxonomy":"product_tag","embeddable":true,"href":"https:\/\/hidalgo.nl\/de\/wp-json\/wp\/v2\/product_tag?post=23096"}],"curies":[{"name":"wp","href":"https:\/\/api.w.org\/{rel}","templated":true}]}}