{"id":228326,"date":"2025-07-24T08:05:50","date_gmt":"2025-07-24T08:05:50","guid":{"rendered":"http:\/\/bidonsenshakers.pim.hidalgo.nl\/product\/wooosh-senang-car-freshner-autoparfum\/"},"modified":"2026-03-19T14:11:56","modified_gmt":"2026-03-19T14:11:56","slug":"wooosh-senang-car-freshner-autoparfum","status":"publish","type":"product","link":"https:\/\/hidalgo.nl\/de\/product\/wooosh-senang-car-freshner-autoparfum\/","title":{"rendered":"Wooosh Senang Car Freshner autoparfum"},"content":{"rendered":"<p>Autoparfum in een stijlvolle, houten geurhouder van het merk Wooosh. Vul de houder met een geurstaafje in de exotische geur van Tropical Fruit. Klik deze eenvoudig aan het ventilatierooster van je auto en laat de luchtstroom het fruitige aroma door de auto verspreiden. Geniet van een langdurige, prettige geur die elke rit omtovert tot een verfrissende en aangename ervaring. Deze unieke luchtverfrisser is subtiel en tijdloos en wordt geleverd inclusief 3 eenvoudig te verwisselen navullingen met de geur van Tropical Fruit. Per stuk in een luxe Wooosh geschenkverpakking.<\/p>\n","protected":false},"excerpt":{"rendered":"<p>Autoparfum in een stijlvolle, houten geurhouder van het merk Wooosh. Vul de houder met een geurstaafje in de exotische geur van Tropical Fruit. Klik deze eenvoudig aan het ventilatierooster van je auto en laat de luchtstroom het fruitige aroma door de auto verspreiden. Geniet van een langdurige, prettige geur die elke rit omtovert tot een&hellip; <a class=\"more-link\" href=\"https:\/\/hidalgo.nl\/de\/product\/wooosh-senang-car-freshner-autoparfum\/\"><span class=\"screen-reader-text\">Wooosh Senang Car Freshner autoparfum<\/span> weiterlesen<\/a><\/p>\n","protected":false},"featured_media":228327,"template":"","meta":{"_acf_changed":false,"om_disable_all_campaigns":false,"_monsterinsights_skip_tracking":false,"_monsterinsights_sitenote_active":false,"_monsterinsights_sitenote_note":"","_monsterinsights_sitenote_category":0},"product_brand":[1969],"product_cat":[4811,4719,4774],"product_tag":[],"class_list":{"0":"post-228326","1":"product","2":"type-product","3":"status-publish","4":"has-post-thumbnail","6":"product_supplier-a24","7":"product_material-hout","8":"product_brand-wooosh","9":"product_cat-promotionele-artikelen-vrije-tijd-auto-accessoires","10":"product_cat-promotionele-artikelen","11":"product_cat-promotionele-artikelen-vrije-tijd","12":"entry","14":"first","15":"instock","16":"taxable","17":"shipping-taxable","18":"purchasable","19":"product-type-variable"},"acf":{"imprint_cost":[{"imprint_cost_key":"81105f7a9888f500241d2bb03779a819afa1bb52","product_quantity_price_range":[{"imprint_cost_recommended_selling_price":"2.535","imprint_cost_recommended_selling_quantity":"1"},{"imprint_cost_recommended_selling_price":"1.785","imprint_cost_recommended_selling_quantity":"25"},{"imprint_cost_recommended_selling_price":"1.035","imprint_cost_recommended_selling_quantity":"50"},{"imprint_cost_recommended_selling_price":"0.84","imprint_cost_recommended_selling_quantity":"100"},{"imprint_cost_recommended_selling_price":"0.69","imprint_cost_recommended_selling_quantity":"250"},{"imprint_cost_recommended_selling_price":"0.63","imprint_cost_recommended_selling_quantity":"500"},{"imprint_cost_recommended_selling_price":"0.585","imprint_cost_recommended_selling_quantity":"1000"},{"imprint_cost_recommended_selling_price":"0.525","imprint_cost_recommended_selling_quantity":"2500"},{"imprint_cost_recommended_selling_price":"0.51","imprint_cost_recommended_selling_quantity":"5000"}],"product_quantity_price_range_buying":[{"imprint_cost_general_buying_price":"1.69","imprint_cost_general_buying_quantity":"1"},{"imprint_cost_general_buying_price":"1.19","imprint_cost_general_buying_quantity":"25"},{"imprint_cost_general_buying_price":"0.69","imprint_cost_general_buying_quantity":"50"},{"imprint_cost_general_buying_price":"0.56","imprint_cost_general_buying_quantity":"100"},{"imprint_cost_general_buying_price":"0.46","imprint_cost_general_buying_quantity":"250"},{"imprint_cost_general_buying_price":"0.42","imprint_cost_general_buying_quantity":"500"},{"imprint_cost_general_buying_price":"0.39","imprint_cost_general_buying_quantity":"1000"},{"imprint_cost_general_buying_price":"0.35","imprint_cost_general_buying_quantity":"2500"},{"imprint_cost_general_buying_price":"0.34","imprint_cost_general_buying_quantity":"5000"}],"imprint_cost_setup_costs":"26.25","imprint_cost_handling_costs":"0.24"},{"imprint_cost_key":"ef7c38be5a1112ffdd0c4b69129f0c942c2b175b","product_quantity_price_range":[{"imprint_cost_recommended_selling_price":"2.835","imprint_cost_recommended_selling_quantity":"1"},{"imprint_cost_recommended_selling_price":"2.085","imprint_cost_recommended_selling_quantity":"25"},{"imprint_cost_recommended_selling_price":"1.335","imprint_cost_recommended_selling_quantity":"50"},{"imprint_cost_recommended_selling_price":"1.14","imprint_cost_recommended_selling_quantity":"100"},{"imprint_cost_recommended_selling_price":"0.99","imprint_cost_recommended_selling_quantity":"250"},{"imprint_cost_recommended_selling_price":"0.93","imprint_cost_recommended_selling_quantity":"500"},{"imprint_cost_recommended_selling_price":"0.885","imprint_cost_recommended_selling_quantity":"1000"},{"imprint_cost_recommended_selling_price":"0.825","imprint_cost_recommended_selling_quantity":"2500"},{"imprint_cost_recommended_selling_price":"0.81","imprint_cost_recommended_selling_quantity":"5000"}],"product_quantity_price_range_buying":[{"imprint_cost_general_buying_price":"1.89","imprint_cost_general_buying_quantity":"1"},{"imprint_cost_general_buying_price":"1.39","imprint_cost_general_buying_quantity":"25"},{"imprint_cost_general_buying_price":"0.89","imprint_cost_general_buying_quantity":"50"},{"imprint_cost_general_buying_price":"0.76","imprint_cost_general_buying_quantity":"100"},{"imprint_cost_general_buying_price":"0.66","imprint_cost_general_buying_quantity":"250"},{"imprint_cost_general_buying_price":"0.62","imprint_cost_general_buying_quantity":"500"},{"imprint_cost_general_buying_price":"0.59","imprint_cost_general_buying_quantity":"1000"},{"imprint_cost_general_buying_price":"0.55","imprint_cost_general_buying_quantity":"2500"},{"imprint_cost_general_buying_price":"0.54","imprint_cost_general_buying_quantity":"5000"}],"imprint_cost_setup_costs":"26.25","imprint_cost_handling_costs":"0.24"}]},"aioseo_notices":[],"aioseo_head":"\n\t\t<!-- All in One SEO Pro 4.9.6.2 - aioseo.com -->\n\t<meta name=\"description\" content=\"Stecke den Holzhalter ins L\u00fcftungsgitter und genie\u00dfe bei jeder Fahrt die fruchtige Note Tropical Fruit. Ideal als Autoparf\u00fcm von Wooosh: inklusive 3 Nachf\u00fcllern und auf Wunsch mit deinem Logo von Hidalgo bedruckt - stark als Giveaway f\u00fcr Events.\" \/>\n\t<meta name=\"robots\" content=\"max-image-preview:large\" \/>\n\t<link rel=\"canonical\" href=\"https:\/\/hidalgo.nl\/de\/wp-json\/wp\/v2\/product\/228326\" \/>\n\t<meta name=\"generator\" content=\"All in One SEO Pro (AIOSEO) 4.9.6.2\" \/>\n\t\t<meta property=\"og:locale\" content=\"de_DE\" \/>\n\t\t<meta property=\"og:site_name\" content=\"Hidalgo -\" \/>\n\t\t<meta property=\"og:type\" content=\"article\" \/>\n\t\t<meta property=\"og:title\" content=\"Wooosh Senang Car Freshner autoparfum\" \/>\n\t\t<meta property=\"og:description\" content=\"Stecke den Holzhalter ins L\u00fcftungsgitter und genie\u00dfe bei jeder Fahrt die fruchtige Note Tropical Fruit. Ideal als Autoparf\u00fcm von Wooosh: inklusive 3 Nachf\u00fcllern und auf Wunsch mit deinem Logo von Hidalgo bedruckt - stark als Giveaway f\u00fcr Events.\" \/>\n\t\t<meta property=\"og:url\" content=\"https:\/\/hidalgo.nl\/de\/wp-json\/wp\/v2\/product\/228326\" \/>\n\t\t<meta property=\"og:image\" content=\"https:\/\/shop.hidalgo.nl\/wp-content\/uploads\/2025\/11\/cropped-Hidalgo-est1993.png\" \/>\n\t\t<meta property=\"og:image:secure_url\" content=\"https:\/\/shop.hidalgo.nl\/wp-content\/uploads\/2025\/11\/cropped-Hidalgo-est1993.png\" \/>\n\t\t<meta property=\"article:published_time\" content=\"2025-07-24T08:05:50+00:00\" \/>\n\t\t<meta property=\"article:modified_time\" content=\"2026-03-19T14:11:56+00:00\" \/>\n\t\t<meta name=\"twitter:card\" content=\"summary_large_image\" \/>\n\t\t<meta name=\"twitter:title\" content=\"Wooosh Senang Car Freshner autoparfum\" \/>\n\t\t<meta name=\"twitter:description\" content=\"Stecke den Holzhalter ins L\u00fcftungsgitter und genie\u00dfe bei jeder Fahrt die fruchtige Note Tropical Fruit. Ideal als Autoparf\u00fcm von Wooosh: inklusive 3 Nachf\u00fcllern und auf Wunsch mit deinem Logo von Hidalgo bedruckt - stark als Giveaway f\u00fcr Events.\" \/>\n\t\t<meta name=\"twitter:image\" content=\"https:\/\/shop.hidalgo.nl\/wp-content\/uploads\/2025\/11\/cropped-Hidalgo-est1993.png\" \/>\n\t\t<script type=\"application\/ld+json\" class=\"aioseo-schema\">\n\t\t\t{\"@context\":\"https:\\\/\\\/schema.org\",\"@graph\":[{\"@type\":\"BreadcrumbList\",\"@id\":\"https:\\\/\\\/hidalgo.nl\\\/de\\\/product\\\/wooosh-senang-car-freshner-autoparfum\\\/#breadcrumblist\",\"itemListElement\":[{\"@type\":\"ListItem\",\"@id\":\"https:\\\/\\\/hidalgo.nl\\\/de\\\/#listItem\",\"position\":1,\"name\":\"Home\",\"item\":\"https:\\\/\\\/hidalgo.nl\\\/de\\\/\",\"nextItem\":{\"@type\":\"ListItem\",\"@id\":\"https:\\\/\\\/hidalgo.nl\\\/example\\\/#listItem\",\"name\":\"example\"}},{\"@type\":\"ListItem\",\"@id\":\"https:\\\/\\\/hidalgo.nl\\\/example\\\/#listItem\",\"position\":2,\"name\":\"example\",\"item\":\"https:\\\/\\\/hidalgo.nl\\\/example\\\/\",\"nextItem\":{\"@type\":\"ListItem\",\"@id\":\"https:\\\/\\\/hidalgo.nl\\\/en\\\/product-supplier\\\/a24\\\/#listItem\",\"name\":\"A24\"},\"previousItem\":{\"@type\":\"ListItem\",\"@id\":\"https:\\\/\\\/hidalgo.nl\\\/de\\\/#listItem\",\"name\":\"Home\"}},{\"@type\":\"ListItem\",\"@id\":\"https:\\\/\\\/hidalgo.nl\\\/en\\\/product-supplier\\\/a24\\\/#listItem\",\"position\":3,\"name\":\"A24\",\"item\":\"https:\\\/\\\/hidalgo.nl\\\/en\\\/product-supplier\\\/a24\\\/\",\"nextItem\":{\"@type\":\"ListItem\",\"@id\":\"https:\\\/\\\/hidalgo.nl\\\/de\\\/product\\\/wooosh-senang-car-freshner-autoparfum\\\/#listItem\",\"name\":\"Wooosh Senang Car Freshner autoparfum\"},\"previousItem\":{\"@type\":\"ListItem\",\"@id\":\"https:\\\/\\\/hidalgo.nl\\\/example\\\/#listItem\",\"name\":\"example\"}},{\"@type\":\"ListItem\",\"@id\":\"https:\\\/\\\/hidalgo.nl\\\/de\\\/product\\\/wooosh-senang-car-freshner-autoparfum\\\/#listItem\",\"position\":4,\"name\":\"Wooosh Senang Car Freshner autoparfum\",\"previousItem\":{\"@type\":\"ListItem\",\"@id\":\"https:\\\/\\\/hidalgo.nl\\\/en\\\/product-supplier\\\/a24\\\/#listItem\",\"name\":\"A24\"}}]},{\"@type\":\"Organization\",\"@id\":\"https:\\\/\\\/hidalgo.nl\\\/de\\\/#organization\",\"name\":\"Hidalgo\",\"url\":\"https:\\\/\\\/hidalgo.nl\\\/de\\\/\",\"logo\":{\"@type\":\"ImageObject\",\"url\":\"https:\\\/\\\/shop.hidalgo.nl\\\/wp-content\\\/uploads\\\/2025\\\/11\\\/cropped-Hidalgo-est1993.png\",\"@id\":\"https:\\\/\\\/hidalgo.nl\\\/de\\\/product\\\/wooosh-senang-car-freshner-autoparfum\\\/#organizationLogo\",\"width\":585,\"height\":195},\"image\":{\"@id\":\"https:\\\/\\\/hidalgo.nl\\\/de\\\/product\\\/wooosh-senang-car-freshner-autoparfum\\\/#organizationLogo\"}},{\"@type\":\"ProductGroup\",\"@id\":\"https:\\\/\\\/hidalgo.nl\\\/de\\\/product\\\/wooosh-senang-car-freshner-autoparfum\\\/#wooCommerceProduct\",\"name\":\"Wooosh Senang Car Freshner autoparfum\",\"url\":\"https:\\\/\\\/hidalgo.nl\\\/de\\\/product\\\/wooosh-senang-car-freshner-autoparfum\\\/\",\"brand\":{\"@type\":\"Brand\",\"name\":\"Wooosh\"},\"sku\":\"A24-2511\",\"image\":{\"@type\":\"ImageObject\",\"url\":\"https:\\\/\\\/shop.hidalgo.nl\\\/wp-content\\\/uploads\\\/2025\\\/07\\\/94ccbe442825711c17664c3cc5fd442aada9527fbcb867b8717d0c7d134af353.jpg\",\"@id\":\"https:\\\/\\\/hidalgo.nl\\\/de\\\/product\\\/wooosh-senang-car-freshner-autoparfum\\\/#productImage\",\"width\":1000,\"height\":1000},\"productGroupID\":228326,\"hasVariant\":[{\"@type\":\"Product\",\"@id\":\"https:\\\/\\\/hidalgo.nl\\\/de\\\/product\\\/wooosh-senang-car-freshner-autoparfum\\\/#wooCommerceProduct\",\"name\":\"Wooosh Senang Car Freshner autoparfum - hout\",\"url\":\"https:\\\/\\\/hidalgo.nl\\\/de\\\/product\\\/wooosh-senang-car-freshner-autoparfum\\\/\",\"sku\":\"A24-251144\",\"image\":{\"@type\":\"ImageObject\",\"url\":\"https:\\\/\\\/shop.hidalgo.nl\\\/wp-content\\\/uploads\\\/2025\\\/07\\\/94ccbe442825711c17664c3cc5fd442aada9527fbcb867b8717d0c7d134af353.jpg\",\"@id\":\"https:\\\/\\\/hidalgo.nl\\\/de\\\/product\\\/wooosh-senang-car-freshner-autoparfum\\\/#productImage\",\"width\":1000,\"height\":1000},\"offers\":{\"@type\":\"Offer\",\"url\":\"https:\\\/\\\/hidalgo.nl\\\/de\\\/product\\\/wooosh-senang-car-freshner-autoparfum\\\/#wooCommerceOffer\",\"price\":\"6.69\",\"priceCurrency\":\"EUR\",\"category\":\"Promotionele Artikelen\",\"availability\":\"https:\\\/\\\/schema.org\\\/InStock\",\"priceSpecification\":{\"@type\":\"PriceSpecification\",\"price\":6.69,\"priceCurrency\":\"EUR\",\"valueAddedTaxIncluded\":\"true\"}}}]},{\"@type\":\"WebPage\",\"@id\":\"https:\\\/\\\/hidalgo.nl\\\/de\\\/product\\\/wooosh-senang-car-freshner-autoparfum\\\/#webpage\",\"url\":\"https:\\\/\\\/hidalgo.nl\\\/de\\\/product\\\/wooosh-senang-car-freshner-autoparfum\\\/\",\"name\":\"Wooosh Senang Car Freshner autoparfum\",\"description\":\"Stecke den Holzhalter ins L\\u00fcftungsgitter und genie\\u00dfe bei jeder Fahrt die fruchtige Note Tropical Fruit. Ideal als Autoparf\\u00fcm von Wooosh: inklusive 3 Nachf\\u00fcllern und auf Wunsch mit deinem Logo von Hidalgo bedruckt - stark als Giveaway f\\u00fcr Events.\",\"inLanguage\":\"de-DE\",\"isPartOf\":{\"@id\":\"https:\\\/\\\/hidalgo.nl\\\/de\\\/#website\"},\"breadcrumb\":{\"@id\":\"https:\\\/\\\/hidalgo.nl\\\/de\\\/product\\\/wooosh-senang-car-freshner-autoparfum\\\/#breadcrumblist\"},\"image\":{\"@type\":\"ImageObject\",\"url\":\"https:\\\/\\\/shop.hidalgo.nl\\\/wp-content\\\/uploads\\\/2025\\\/07\\\/94ccbe442825711c17664c3cc5fd442aada9527fbcb867b8717d0c7d134af353.jpg\",\"@id\":\"https:\\\/\\\/hidalgo.nl\\\/de\\\/product\\\/wooosh-senang-car-freshner-autoparfum\\\/#mainImage\",\"width\":1000,\"height\":1000},\"primaryImageOfPage\":{\"@id\":\"https:\\\/\\\/hidalgo.nl\\\/de\\\/product\\\/wooosh-senang-car-freshner-autoparfum\\\/#mainImage\"},\"datePublished\":\"2025-07-24T08:05:50+00:00\",\"dateModified\":\"2026-03-19T14:11:56+00:00\"},{\"@type\":\"WebSite\",\"@id\":\"https:\\\/\\\/hidalgo.nl\\\/de\\\/#website\",\"url\":\"https:\\\/\\\/hidalgo.nl\\\/de\\\/\",\"name\":\"Hidalgo\",\"inLanguage\":\"de-DE\",\"publisher\":{\"@id\":\"https:\\\/\\\/hidalgo.nl\\\/de\\\/#organization\"}}]}\n\t\t<\/script>\n\t\t<!-- All in One SEO Pro -->\r\n\t\t<title>Wooosh Senang Car Freshner autoparfum<\/title>\n\n","aioseo_head_json":{"title":"Wooosh Senang Car Freshner autoparfum","description":"Stecke den Holzhalter ins L\u00fcftungsgitter und genie\u00dfe bei jeder Fahrt die fruchtige Note Tropical Fruit. Ideal als Autoparf\u00fcm von Wooosh: inklusive 3 Nachf\u00fcllern und auf Wunsch mit deinem Logo von Hidalgo bedruckt - stark als Giveaway f\u00fcr Events.","canonical_url":"https:\/\/hidalgo.nl\/de\/wp-json\/wp\/v2\/product\/228326","robots":"max-image-preview:large","keywords":"","webmasterTools":{"miscellaneous":""},"schema":{"@context":"https:\/\/schema.org","@graph":[{"@type":"BreadcrumbList","@id":"https:\/\/hidalgo.nl\/de\/product\/wooosh-senang-car-freshner-autoparfum\/#breadcrumblist","itemListElement":[{"@type":"ListItem","@id":"https:\/\/hidalgo.nl\/de\/#listItem","position":1,"name":"Home","item":"https:\/\/hidalgo.nl\/de\/","nextItem":{"@type":"ListItem","@id":"https:\/\/hidalgo.nl\/example\/#listItem","name":"example"}},{"@type":"ListItem","@id":"https:\/\/hidalgo.nl\/example\/#listItem","position":2,"name":"example","item":"https:\/\/hidalgo.nl\/example\/","nextItem":{"@type":"ListItem","@id":"https:\/\/hidalgo.nl\/en\/product-supplier\/a24\/#listItem","name":"A24"},"previousItem":{"@type":"ListItem","@id":"https:\/\/hidalgo.nl\/de\/#listItem","name":"Home"}},{"@type":"ListItem","@id":"https:\/\/hidalgo.nl\/en\/product-supplier\/a24\/#listItem","position":3,"name":"A24","item":"https:\/\/hidalgo.nl\/en\/product-supplier\/a24\/","nextItem":{"@type":"ListItem","@id":"https:\/\/hidalgo.nl\/de\/product\/wooosh-senang-car-freshner-autoparfum\/#listItem","name":"Wooosh Senang Car Freshner autoparfum"},"previousItem":{"@type":"ListItem","@id":"https:\/\/hidalgo.nl\/example\/#listItem","name":"example"}},{"@type":"ListItem","@id":"https:\/\/hidalgo.nl\/de\/product\/wooosh-senang-car-freshner-autoparfum\/#listItem","position":4,"name":"Wooosh Senang Car Freshner autoparfum","previousItem":{"@type":"ListItem","@id":"https:\/\/hidalgo.nl\/en\/product-supplier\/a24\/#listItem","name":"A24"}}]},{"@type":"Organization","@id":"https:\/\/hidalgo.nl\/de\/#organization","name":"Hidalgo","url":"https:\/\/hidalgo.nl\/de\/","logo":{"@type":"ImageObject","url":"https:\/\/shop.hidalgo.nl\/wp-content\/uploads\/2025\/11\/cropped-Hidalgo-est1993.png","@id":"https:\/\/hidalgo.nl\/de\/product\/wooosh-senang-car-freshner-autoparfum\/#organizationLogo","width":585,"height":195},"image":{"@id":"https:\/\/hidalgo.nl\/de\/product\/wooosh-senang-car-freshner-autoparfum\/#organizationLogo"}},{"@type":"ProductGroup","@id":"https:\/\/hidalgo.nl\/de\/product\/wooosh-senang-car-freshner-autoparfum\/#wooCommerceProduct","name":"Wooosh Senang Car Freshner autoparfum","url":"https:\/\/hidalgo.nl\/de\/product\/wooosh-senang-car-freshner-autoparfum\/","brand":{"@type":"Brand","name":"Wooosh"},"sku":"A24-2511","image":{"@type":"ImageObject","url":"https:\/\/shop.hidalgo.nl\/wp-content\/uploads\/2025\/07\/94ccbe442825711c17664c3cc5fd442aada9527fbcb867b8717d0c7d134af353.jpg","@id":"https:\/\/hidalgo.nl\/de\/product\/wooosh-senang-car-freshner-autoparfum\/#productImage","width":1000,"height":1000},"productGroupID":228326,"hasVariant":[{"@type":"Product","@id":"https:\/\/hidalgo.nl\/de\/product\/wooosh-senang-car-freshner-autoparfum\/#wooCommerceProduct","name":"Wooosh Senang Car Freshner autoparfum - hout","url":"https:\/\/hidalgo.nl\/de\/product\/wooosh-senang-car-freshner-autoparfum\/","sku":"A24-251144","image":{"@type":"ImageObject","url":"https:\/\/shop.hidalgo.nl\/wp-content\/uploads\/2025\/07\/94ccbe442825711c17664c3cc5fd442aada9527fbcb867b8717d0c7d134af353.jpg","@id":"https:\/\/hidalgo.nl\/de\/product\/wooosh-senang-car-freshner-autoparfum\/#productImage","width":1000,"height":1000},"offers":{"@type":"Offer","url":"https:\/\/hidalgo.nl\/de\/product\/wooosh-senang-car-freshner-autoparfum\/#wooCommerceOffer","price":"6.69","priceCurrency":"EUR","category":"Promotionele Artikelen","availability":"https:\/\/schema.org\/InStock","priceSpecification":{"@type":"PriceSpecification","price":6.69,"priceCurrency":"EUR","valueAddedTaxIncluded":"true"}}}]},{"@type":"WebPage","@id":"https:\/\/hidalgo.nl\/de\/product\/wooosh-senang-car-freshner-autoparfum\/#webpage","url":"https:\/\/hidalgo.nl\/de\/product\/wooosh-senang-car-freshner-autoparfum\/","name":"Wooosh Senang Car Freshner autoparfum","description":"Stecke den Holzhalter ins L\u00fcftungsgitter und genie\u00dfe bei jeder Fahrt die fruchtige Note Tropical Fruit. Ideal als Autoparf\u00fcm von Wooosh: inklusive 3 Nachf\u00fcllern und auf Wunsch mit deinem Logo von Hidalgo bedruckt - stark als Giveaway f\u00fcr Events.","inLanguage":"de-DE","isPartOf":{"@id":"https:\/\/hidalgo.nl\/de\/#website"},"breadcrumb":{"@id":"https:\/\/hidalgo.nl\/de\/product\/wooosh-senang-car-freshner-autoparfum\/#breadcrumblist"},"image":{"@type":"ImageObject","url":"https:\/\/shop.hidalgo.nl\/wp-content\/uploads\/2025\/07\/94ccbe442825711c17664c3cc5fd442aada9527fbcb867b8717d0c7d134af353.jpg","@id":"https:\/\/hidalgo.nl\/de\/product\/wooosh-senang-car-freshner-autoparfum\/#mainImage","width":1000,"height":1000},"primaryImageOfPage":{"@id":"https:\/\/hidalgo.nl\/de\/product\/wooosh-senang-car-freshner-autoparfum\/#mainImage"},"datePublished":"2025-07-24T08:05:50+00:00","dateModified":"2026-03-19T14:11:56+00:00"},{"@type":"WebSite","@id":"https:\/\/hidalgo.nl\/de\/#website","url":"https:\/\/hidalgo.nl\/de\/","name":"Hidalgo","inLanguage":"de-DE","publisher":{"@id":"https:\/\/hidalgo.nl\/de\/#organization"}}]},"og:locale":"de_DE","og:site_name":"Hidalgo -","og:type":"article","og:title":"Wooosh Senang Car Freshner autoparfum","og:description":"Stecke den Holzhalter ins L\u00fcftungsgitter und genie\u00dfe bei jeder Fahrt die fruchtige Note Tropical Fruit. Ideal als Autoparf\u00fcm von Wooosh: inklusive 3 Nachf\u00fcllern und auf Wunsch mit deinem Logo von Hidalgo bedruckt - stark als Giveaway f\u00fcr Events.","og:url":"https:\/\/hidalgo.nl\/de\/wp-json\/wp\/v2\/product\/228326","og:image":"https:\/\/shop.hidalgo.nl\/wp-content\/uploads\/2025\/11\/cropped-Hidalgo-est1993.png","og:image:secure_url":"https:\/\/shop.hidalgo.nl\/wp-content\/uploads\/2025\/11\/cropped-Hidalgo-est1993.png","article:published_time":"2025-07-24T08:05:50+00:00","article:modified_time":"2026-03-19T14:11:56+00:00","twitter:card":"summary_large_image","twitter:title":"Wooosh Senang Car Freshner autoparfum","twitter:description":"Stecke den Holzhalter ins L\u00fcftungsgitter und genie\u00dfe bei jeder Fahrt die fruchtige Note Tropical Fruit. Ideal als Autoparf\u00fcm von Wooosh: inklusive 3 Nachf\u00fcllern und auf Wunsch mit deinem Logo von Hidalgo bedruckt - stark als Giveaway f\u00fcr Events.","twitter:image":"https:\/\/shop.hidalgo.nl\/wp-content\/uploads\/2025\/11\/cropped-Hidalgo-est1993.png"},"aioseo_meta_data":{"post_id":"228326","title":null,"description":null,"keywords":null,"keyphrases":null,"primary_term":null,"canonical_url":null,"og_title":null,"og_description":null,"og_object_type":"default","og_image_type":"default","og_image_url":null,"og_image_width":null,"og_image_height":null,"og_image_custom_url":null,"og_image_custom_fields":null,"og_video":null,"og_custom_url":null,"og_article_section":null,"og_article_tags":null,"twitter_use_og":false,"twitter_card":"default","twitter_image_type":"default","twitter_image_url":null,"twitter_image_custom_url":null,"twitter_image_custom_fields":null,"twitter_title":null,"twitter_description":null,"schema":{"blockGraphs":[],"customGraphs":[],"default":{"data":{"Article":[],"Course":[],"Dataset":[],"FAQPage":[],"Movie":[],"Person":[],"Product":[],"ProductReview":[],"Car":[],"Recipe":[],"Service":[],"SoftwareApplication":[],"WebPage":[]},"graphName":"","isEnabled":true},"graphs":[]},"schema_type":"default","schema_type_options":null,"pillar_content":false,"robots_default":true,"robots_noindex":false,"robots_noarchive":false,"robots_nosnippet":false,"robots_nofollow":false,"robots_noimageindex":false,"robots_noodp":false,"robots_notranslate":false,"robots_max_snippet":null,"robots_max_videopreview":null,"robots_max_imagepreview":"large","priority":null,"frequency":null,"local_seo":null,"seo_analyzer_scan_date":"2026-01-22 19:33:11","breadcrumb_settings":null,"limit_modified_date":false,"reviewed_by":null,"open_ai":null,"ai":null,"created":"2026-01-14 07:03:00","updated":"2026-04-23 01:32:52"},"aioseo_breadcrumb":"<div class=\"aioseo-breadcrumbs\"><span class=\"aioseo-breadcrumb\">\n\t<a href=\"https:\/\/hidalgo.nl\/de\/\" title=\"Home\">Home<\/a>\n<\/span><span class=\"aioseo-breadcrumb-separator\">\u00bb<\/span><span class=\"aioseo-breadcrumb\">\n\t<a href=\"https:\/\/hidalgo.nl\/example\/\" title=\"example\">example<\/a>\n<\/span><span class=\"aioseo-breadcrumb-separator\">\u00bb<\/span><span class=\"aioseo-breadcrumb\">\n\t<a href=\"https:\/\/hidalgo.nl\/en\/product-supplier\/a24\/\" title=\"A24\">A24<\/a>\n<\/span><span class=\"aioseo-breadcrumb-separator\">\u00bb<\/span><span class=\"aioseo-breadcrumb\">\n\tWooosh Senang Car Freshner autoparfum\n<\/span><\/div>","aioseo_breadcrumb_json":[{"label":"Home","link":"https:\/\/hidalgo.nl\/de\/"},{"label":"example","link":"https:\/\/hidalgo.nl\/example\/"},{"label":"A24","link":"https:\/\/hidalgo.nl\/en\/product-supplier\/a24\/"},{"label":"Wooosh Senang Car Freshner autoparfum","link":"https:\/\/hidalgo.nl\/de\/product\/wooosh-senang-car-freshner-autoparfum\/"}],"_links":{"self":[{"href":"https:\/\/hidalgo.nl\/de\/wp-json\/wp\/v2\/product\/228326","targetHints":{"allow":["GET"]}}],"collection":[{"href":"https:\/\/hidalgo.nl\/de\/wp-json\/wp\/v2\/product"}],"about":[{"href":"https:\/\/hidalgo.nl\/de\/wp-json\/wp\/v2\/types\/product"}],"wp:featuredmedia":[{"embeddable":true,"href":"https:\/\/hidalgo.nl\/de\/wp-json\/wp\/v2\/media\/228327"}],"wp:attachment":[{"href":"https:\/\/hidalgo.nl\/de\/wp-json\/wp\/v2\/media?parent=228326"}],"wp:term":[{"taxonomy":"product_brand","embeddable":true,"href":"https:\/\/hidalgo.nl\/de\/wp-json\/wp\/v2\/product_brand?post=228326"},{"taxonomy":"product_cat","embeddable":true,"href":"https:\/\/hidalgo.nl\/de\/wp-json\/wp\/v2\/product_cat?post=228326"},{"taxonomy":"product_tag","embeddable":true,"href":"https:\/\/hidalgo.nl\/de\/wp-json\/wp\/v2\/product_tag?post=228326"}],"curies":[{"name":"wp","href":"https:\/\/api.w.org\/{rel}","templated":true}]}}