{"id":22766,"date":"2025-07-03T13:47:57","date_gmt":"2025-07-03T13:47:57","guid":{"rendered":"http:\/\/bidonsenshakers.pim.hidalgo.nl\/product\/promo-maffiahoed\/"},"modified":"2026-02-17T11:49:17","modified_gmt":"2026-02-17T11:49:17","slug":"promo-maffiahoed","status":"publish","type":"product","link":"https:\/\/hidalgo.nl\/de\/product\/22766\/werbehut-bedrucken-maffia-stil-trilby-fuer-ihr-event-mit-logo\/","title":{"rendered":"Promo maffiahoed"},"content":{"rendered":"<p>Ge\u00efnspireerd op de iconische look van de gangsters uit de jaren &#8217;20, combineert deze maffia hoed klassieke elegantie met zomerse flair. Perfect voor themafeesten of festivals. Voeg een gekleurde band toe boven de rand van de hoed met bijvoorbeeld een leuke boodschap of logo. De hoed heeft een hoofdomtrek van 58 cm. <\/p>\n","protected":false},"excerpt":{"rendered":"<p>Promo maffiahoed. Hoofdomtrek 58 cm.<\/p>\n","protected":false},"featured_media":589128,"template":"","meta":{"_acf_changed":false,"om_disable_all_campaigns":false,"_monsterinsights_skip_tracking":false,"_monsterinsights_sitenote_active":false,"_monsterinsights_sitenote_note":"","_monsterinsights_sitenote_category":0},"product_brand":[],"product_cat":[4747,4716,4746],"product_tag":[],"class_list":{"0":"post-22766","1":"product","2":"type-product","3":"status-publish","4":"has-post-thumbnail","6":"product_supplier-a86","7":"product_material-100-polyester","8":"product_cat-kleding-petten-mutsen-en-hoeden-hoeden","9":"product_cat-kleding","10":"product_cat-kleding-petten-mutsen-en-hoeden","11":"entry","13":"first","14":"instock","15":"taxable","16":"shipping-taxable","17":"purchasable","18":"product-type-variable"},"acf":{"imprint_cost":[{"imprint_cost_key":"85245675b8be6fbd0970eb7c02a339be5b43bf38","product_quantity_price_range":[{"imprint_cost_recommended_selling_price":"3.27","imprint_cost_recommended_selling_quantity":"100"},{"imprint_cost_recommended_selling_price":"1.2","imprint_cost_recommended_selling_quantity":"250"},{"imprint_cost_recommended_selling_price":"0.9","imprint_cost_recommended_selling_quantity":"500"},{"imprint_cost_recommended_selling_price":"0.84","imprint_cost_recommended_selling_quantity":"1000"},{"imprint_cost_recommended_selling_price":"0.765","imprint_cost_recommended_selling_quantity":"2500"}],"product_quantity_price_range_buying":[{"imprint_cost_general_buying_price":"2.18","imprint_cost_general_buying_quantity":"100"},{"imprint_cost_general_buying_price":"0.8","imprint_cost_general_buying_quantity":"250"},{"imprint_cost_general_buying_price":"0.6","imprint_cost_general_buying_quantity":"500"},{"imprint_cost_general_buying_price":"0.56","imprint_cost_general_buying_quantity":"1000"},{"imprint_cost_general_buying_price":"0.51","imprint_cost_general_buying_quantity":"2500"}],"imprint_cost_setup_costs":"41.25","imprint_cost_handling_costs":"0"},{"imprint_cost_key":"1808bbebdf47f89547deced78cb1534136011333","product_quantity_price_range":[{"imprint_cost_recommended_selling_price":"3.51","imprint_cost_recommended_selling_quantity":"100"},{"imprint_cost_recommended_selling_price":"1.32","imprint_cost_recommended_selling_quantity":"250"},{"imprint_cost_recommended_selling_price":"0.975","imprint_cost_recommended_selling_quantity":"500"},{"imprint_cost_recommended_selling_price":"0.825","imprint_cost_recommended_selling_quantity":"2500"}],"product_quantity_price_range_buying":[{"imprint_cost_general_buying_price":"2.34","imprint_cost_general_buying_quantity":"100"},{"imprint_cost_general_buying_price":"0.88","imprint_cost_general_buying_quantity":"250"},{"imprint_cost_general_buying_price":"0.65","imprint_cost_general_buying_quantity":"500"},{"imprint_cost_general_buying_price":"0.55","imprint_cost_general_buying_quantity":"2500"}],"imprint_cost_setup_costs":"82.5","imprint_cost_handling_costs":"0"},{"imprint_cost_key":"9631843184272d3c03f03559b667349e56514958","product_quantity_price_range":[{"imprint_cost_recommended_selling_price":"3.615","imprint_cost_recommended_selling_quantity":"100"},{"imprint_cost_recommended_selling_price":"1.41","imprint_cost_recommended_selling_quantity":"250"},{"imprint_cost_recommended_selling_price":"1.035","imprint_cost_recommended_selling_quantity":"500"},{"imprint_cost_recommended_selling_price":"0.885","imprint_cost_recommended_selling_quantity":"2500"}],"product_quantity_price_range_buying":[{"imprint_cost_general_buying_price":"2.41","imprint_cost_general_buying_quantity":"100"},{"imprint_cost_general_buying_price":"0.94","imprint_cost_general_buying_quantity":"250"},{"imprint_cost_general_buying_price":"0.69","imprint_cost_general_buying_quantity":"500"},{"imprint_cost_general_buying_price":"0.59","imprint_cost_general_buying_quantity":"2500"}],"imprint_cost_setup_costs":"123.75","imprint_cost_handling_costs":"0"},{"imprint_cost_key":"77517424768120b10d4f38028335e982dcb74e46","product_quantity_price_range":[{"imprint_cost_recommended_selling_price":"3.75","imprint_cost_recommended_selling_quantity":"100"},{"imprint_cost_recommended_selling_price":"1.5","imprint_cost_recommended_selling_quantity":"250"},{"imprint_cost_recommended_selling_price":"1.08","imprint_cost_recommended_selling_quantity":"500"},{"imprint_cost_recommended_selling_price":"1.065","imprint_cost_recommended_selling_quantity":"1000"},{"imprint_cost_recommended_selling_price":"0.93","imprint_cost_recommended_selling_quantity":"2500"}],"product_quantity_price_range_buying":[{"imprint_cost_general_buying_price":"2.5","imprint_cost_general_buying_quantity":"100"},{"imprint_cost_general_buying_price":"1","imprint_cost_general_buying_quantity":"250"},{"imprint_cost_general_buying_price":"0.72","imprint_cost_general_buying_quantity":"500"},{"imprint_cost_general_buying_price":"0.71","imprint_cost_general_buying_quantity":"1000"},{"imprint_cost_general_buying_price":"0.62","imprint_cost_general_buying_quantity":"2500"}],"imprint_cost_setup_costs":"165","imprint_cost_handling_costs":"0"},{"imprint_cost_key":"20c8b40fbd88c8d9f158e4bb58cfe005623c9c1f","product_quantity_price_range":[{"imprint_cost_recommended_selling_price":"4.125","imprint_cost_recommended_selling_quantity":"100"},{"imprint_cost_recommended_selling_price":"1.8","imprint_cost_recommended_selling_quantity":"250"},{"imprint_cost_recommended_selling_price":"1.35","imprint_cost_recommended_selling_quantity":"500"},{"imprint_cost_recommended_selling_price":"1.305","imprint_cost_recommended_selling_quantity":"1000"},{"imprint_cost_recommended_selling_price":"1.155","imprint_cost_recommended_selling_quantity":"2500"}],"product_quantity_price_range_buying":[{"imprint_cost_general_buying_price":"2.75","imprint_cost_general_buying_quantity":"100"},{"imprint_cost_general_buying_price":"1.2","imprint_cost_general_buying_quantity":"250"},{"imprint_cost_general_buying_price":"0.9","imprint_cost_general_buying_quantity":"500"},{"imprint_cost_general_buying_price":"0.87","imprint_cost_general_buying_quantity":"1000"},{"imprint_cost_general_buying_price":"0.77","imprint_cost_general_buying_quantity":"2500"}],"imprint_cost_setup_costs":"90","imprint_cost_handling_costs":"0"}]},"aioseo_notices":[],"aioseo_head":"\n\t\t<!-- All in One SEO Pro 4.9.6.1 - aioseo.com -->\n\t<meta name=\"description\" content=\"Du suchst stylische Promotion H\u00fcte? Dieser leichte Trilby im Mafiastil ist die ideale Werbeartikel Kopfbedeckung Gro\u00dfhandel f\u00fcr Festivals &amp; Sommer-Events. Lass dein Firmenlogo auf dem Hutband bedrucken und sprich die Zielgruppe 20-40 Jahre direkt an.\" \/>\n\t<meta name=\"robots\" content=\"max-image-preview:large\" \/>\n\t<link rel=\"canonical\" href=\"https:\/\/hidalgo.nl\/de\/wp-json\/wp\/v2\/product\/22766\" \/>\n\t<meta name=\"generator\" content=\"All in One SEO Pro (AIOSEO) 4.9.6.1\" \/>\n\t\t<meta property=\"og:locale\" content=\"de_DE\" \/>\n\t\t<meta property=\"og:site_name\" content=\"Hidalgo -\" \/>\n\t\t<meta property=\"og:type\" content=\"article\" \/>\n\t\t<meta property=\"og:title\" content=\"Werbehut bedrucken: maffia-stil trilby f\u00fcr ihr event mit logo\" \/>\n\t\t<meta property=\"og:description\" content=\"Du suchst stylische Promotion H\u00fcte? Dieser leichte Trilby im Mafiastil ist die ideale Werbeartikel Kopfbedeckung Gro\u00dfhandel f\u00fcr Festivals &amp; Sommer-Events. Lass dein Firmenlogo auf dem Hutband bedrucken und sprich die Zielgruppe 20-40 Jahre direkt an.\" \/>\n\t\t<meta property=\"og:url\" content=\"https:\/\/hidalgo.nl\/de\/wp-json\/wp\/v2\/product\/22766\" \/>\n\t\t<meta property=\"og:image\" content=\"https:\/\/shop.hidalgo.nl\/wp-content\/uploads\/2025\/11\/cropped-Hidalgo-est1993.png\" \/>\n\t\t<meta property=\"og:image:secure_url\" content=\"https:\/\/shop.hidalgo.nl\/wp-content\/uploads\/2025\/11\/cropped-Hidalgo-est1993.png\" \/>\n\t\t<meta property=\"article:published_time\" content=\"2025-07-03T13:47:57+00:00\" \/>\n\t\t<meta property=\"article:modified_time\" content=\"2026-02-17T11:49:17+00:00\" \/>\n\t\t<meta name=\"twitter:card\" content=\"summary_large_image\" \/>\n\t\t<meta name=\"twitter:title\" content=\"Werbehut bedrucken: maffia-stil trilby f\u00fcr ihr event mit logo\" \/>\n\t\t<meta name=\"twitter:description\" content=\"Du suchst stylische Promotion H\u00fcte? Dieser leichte Trilby im Mafiastil ist die ideale Werbeartikel Kopfbedeckung Gro\u00dfhandel f\u00fcr Festivals &amp; Sommer-Events. Lass dein Firmenlogo auf dem Hutband bedrucken und sprich die Zielgruppe 20-40 Jahre direkt an.\" \/>\n\t\t<meta name=\"twitter:image\" content=\"https:\/\/shop.hidalgo.nl\/wp-content\/uploads\/2025\/11\/cropped-Hidalgo-est1993.png\" \/>\n\t\t<script type=\"application\/ld+json\" class=\"aioseo-schema\">\n\t\t\t{\"@context\":\"https:\\\/\\\/schema.org\",\"@graph\":[{\"@type\":\"BreadcrumbList\",\"@id\":\"https:\\\/\\\/hidalgo.nl\\\/de\\\/product\\\/22766\\\/werbehut-bedrucken-maffia-stil-trilby-fuer-ihr-event-mit-logo\\\/#breadcrumblist\",\"itemListElement\":[{\"@type\":\"ListItem\",\"@id\":\"https:\\\/\\\/hidalgo.nl\\\/de\\\/#listItem\",\"position\":1,\"name\":\"Home\",\"item\":\"https:\\\/\\\/hidalgo.nl\\\/de\\\/\",\"nextItem\":{\"@type\":\"ListItem\",\"@id\":\"https:\\\/\\\/hidalgo.nl\\\/example\\\/#listItem\",\"name\":\"example\"}},{\"@type\":\"ListItem\",\"@id\":\"https:\\\/\\\/hidalgo.nl\\\/example\\\/#listItem\",\"position\":2,\"name\":\"example\",\"item\":\"https:\\\/\\\/hidalgo.nl\\\/example\\\/\",\"nextItem\":{\"@type\":\"ListItem\",\"@id\":\"https:\\\/\\\/hidalgo.nl\\\/en\\\/product-supplier\\\/a86\\\/#listItem\",\"name\":\"A86\"},\"previousItem\":{\"@type\":\"ListItem\",\"@id\":\"https:\\\/\\\/hidalgo.nl\\\/de\\\/#listItem\",\"name\":\"Home\"}},{\"@type\":\"ListItem\",\"@id\":\"https:\\\/\\\/hidalgo.nl\\\/en\\\/product-supplier\\\/a86\\\/#listItem\",\"position\":3,\"name\":\"A86\",\"item\":\"https:\\\/\\\/hidalgo.nl\\\/en\\\/product-supplier\\\/a86\\\/\",\"nextItem\":{\"@type\":\"ListItem\",\"@id\":\"https:\\\/\\\/hidalgo.nl\\\/de\\\/product\\\/22766\\\/werbehut-bedrucken-maffia-stil-trilby-fuer-ihr-event-mit-logo\\\/#listItem\",\"name\":\"Promo maffiahoed\"},\"previousItem\":{\"@type\":\"ListItem\",\"@id\":\"https:\\\/\\\/hidalgo.nl\\\/example\\\/#listItem\",\"name\":\"example\"}},{\"@type\":\"ListItem\",\"@id\":\"https:\\\/\\\/hidalgo.nl\\\/de\\\/product\\\/22766\\\/werbehut-bedrucken-maffia-stil-trilby-fuer-ihr-event-mit-logo\\\/#listItem\",\"position\":4,\"name\":\"Promo maffiahoed\",\"previousItem\":{\"@type\":\"ListItem\",\"@id\":\"https:\\\/\\\/hidalgo.nl\\\/en\\\/product-supplier\\\/a86\\\/#listItem\",\"name\":\"A86\"}}]},{\"@type\":\"ItemPage\",\"@id\":\"https:\\\/\\\/hidalgo.nl\\\/de\\\/product\\\/22766\\\/werbehut-bedrucken-maffia-stil-trilby-fuer-ihr-event-mit-logo\\\/#itempage\",\"url\":\"https:\\\/\\\/hidalgo.nl\\\/de\\\/product\\\/22766\\\/werbehut-bedrucken-maffia-stil-trilby-fuer-ihr-event-mit-logo\\\/\",\"name\":\"Werbehut bedrucken: maffia-stil trilby f\\u00fcr ihr event mit logo\",\"description\":\"Du suchst stylische Promotion H\\u00fcte? Dieser leichte Trilby im Mafiastil ist die ideale Werbeartikel Kopfbedeckung Gro\\u00dfhandel f\\u00fcr Festivals & Sommer-Events. Lass dein Firmenlogo auf dem Hutband bedrucken und sprich die Zielgruppe 20-40 Jahre direkt an.\",\"inLanguage\":\"de-DE\",\"isPartOf\":{\"@id\":\"https:\\\/\\\/hidalgo.nl\\\/de\\\/#website\"},\"breadcrumb\":{\"@id\":\"https:\\\/\\\/hidalgo.nl\\\/de\\\/product\\\/22766\\\/werbehut-bedrucken-maffia-stil-trilby-fuer-ihr-event-mit-logo\\\/#breadcrumblist\"},\"image\":{\"@type\":\"ImageObject\",\"url\":\"https:\\\/\\\/shop.hidalgo.nl\\\/wp-content\\\/uploads\\\/2025\\\/03\\\/83bb6ae9c80b646fd2615892fac6b2cf12b00b2522c5c6e86e5a5c7bed4cedc0.jpg\",\"@id\":\"https:\\\/\\\/hidalgo.nl\\\/de\\\/product\\\/22766\\\/werbehut-bedrucken-maffia-stil-trilby-fuer-ihr-event-mit-logo\\\/#mainImage\"},\"primaryImageOfPage\":{\"@id\":\"https:\\\/\\\/hidalgo.nl\\\/de\\\/product\\\/22766\\\/werbehut-bedrucken-maffia-stil-trilby-fuer-ihr-event-mit-logo\\\/#mainImage\"},\"datePublished\":\"2025-07-03T13:47:57+00:00\",\"dateModified\":\"2026-02-17T11:49:17+00:00\"},{\"@type\":\"Organization\",\"@id\":\"https:\\\/\\\/hidalgo.nl\\\/de\\\/#organization\",\"name\":\"Hidalgo\",\"url\":\"https:\\\/\\\/hidalgo.nl\\\/de\\\/\",\"logo\":{\"@type\":\"ImageObject\",\"url\":\"https:\\\/\\\/shop.hidalgo.nl\\\/wp-content\\\/uploads\\\/2025\\\/11\\\/cropped-Hidalgo-est1993.png\",\"@id\":\"https:\\\/\\\/hidalgo.nl\\\/de\\\/product\\\/22766\\\/werbehut-bedrucken-maffia-stil-trilby-fuer-ihr-event-mit-logo\\\/#organizationLogo\",\"width\":585,\"height\":195},\"image\":{\"@id\":\"https:\\\/\\\/hidalgo.nl\\\/de\\\/product\\\/22766\\\/werbehut-bedrucken-maffia-stil-trilby-fuer-ihr-event-mit-logo\\\/#organizationLogo\"}},{\"@type\":\"WebPage\",\"@id\":\"https:\\\/\\\/hidalgo.nl\\\/de\\\/product\\\/22766\\\/werbehut-bedrucken-maffia-stil-trilby-fuer-ihr-event-mit-logo\\\/#webpage\",\"url\":\"https:\\\/\\\/hidalgo.nl\\\/de\\\/product\\\/22766\\\/werbehut-bedrucken-maffia-stil-trilby-fuer-ihr-event-mit-logo\\\/\",\"name\":\"Werbehut bedrucken: maffia-stil trilby f\\u00fcr ihr event mit logo\",\"description\":\"Du suchst stylische Promotion H\\u00fcte? Dieser leichte Trilby im Mafiastil ist die ideale Werbeartikel Kopfbedeckung Gro\\u00dfhandel f\\u00fcr Festivals & Sommer-Events. Lass dein Firmenlogo auf dem Hutband bedrucken und sprich die Zielgruppe 20-40 Jahre direkt an.\",\"inLanguage\":\"de-DE\",\"isPartOf\":{\"@id\":\"https:\\\/\\\/hidalgo.nl\\\/de\\\/#website\"},\"breadcrumb\":{\"@id\":\"https:\\\/\\\/hidalgo.nl\\\/de\\\/product\\\/22766\\\/werbehut-bedrucken-maffia-stil-trilby-fuer-ihr-event-mit-logo\\\/#breadcrumblist\"},\"image\":{\"@type\":\"ImageObject\",\"url\":\"https:\\\/\\\/shop.hidalgo.nl\\\/wp-content\\\/uploads\\\/2025\\\/03\\\/83bb6ae9c80b646fd2615892fac6b2cf12b00b2522c5c6e86e5a5c7bed4cedc0.jpg\",\"@id\":\"https:\\\/\\\/hidalgo.nl\\\/de\\\/product\\\/22766\\\/werbehut-bedrucken-maffia-stil-trilby-fuer-ihr-event-mit-logo\\\/#mainImage\"},\"primaryImageOfPage\":{\"@id\":\"https:\\\/\\\/hidalgo.nl\\\/de\\\/product\\\/22766\\\/werbehut-bedrucken-maffia-stil-trilby-fuer-ihr-event-mit-logo\\\/#mainImage\"},\"datePublished\":\"2025-07-03T13:47:57+00:00\",\"dateModified\":\"2026-02-17T11:49:17+00:00\"},{\"@type\":\"WebSite\",\"@id\":\"https:\\\/\\\/hidalgo.nl\\\/de\\\/#website\",\"url\":\"https:\\\/\\\/hidalgo.nl\\\/de\\\/\",\"name\":\"Hidalgo\",\"inLanguage\":\"de-DE\",\"publisher\":{\"@id\":\"https:\\\/\\\/hidalgo.nl\\\/de\\\/#organization\"}}]}\n\t\t<\/script>\n\t\t<!-- All in One SEO Pro -->\r\n\t\t<title>Werbehut bedrucken: maffia-stil trilby f\u00fcr ihr event mit logo<\/title>\n\n","aioseo_head_json":{"title":"Werbehut bedrucken: maffia-stil trilby f\u00fcr ihr event mit logo","description":"Du suchst stylische Promotion H\u00fcte? Dieser leichte Trilby im Mafiastil ist die ideale Werbeartikel Kopfbedeckung Gro\u00dfhandel f\u00fcr Festivals & Sommer-Events. Lass dein Firmenlogo auf dem Hutband bedrucken und sprich die Zielgruppe 20-40 Jahre direkt an.","canonical_url":"https:\/\/hidalgo.nl\/de\/wp-json\/wp\/v2\/product\/22766","robots":"max-image-preview:large","keywords":"","webmasterTools":{"miscellaneous":""},"schema":{"@context":"https:\/\/schema.org","@graph":[{"@type":"BreadcrumbList","@id":"https:\/\/hidalgo.nl\/de\/product\/22766\/werbehut-bedrucken-maffia-stil-trilby-fuer-ihr-event-mit-logo\/#breadcrumblist","itemListElement":[{"@type":"ListItem","@id":"https:\/\/hidalgo.nl\/de\/#listItem","position":1,"name":"Home","item":"https:\/\/hidalgo.nl\/de\/","nextItem":{"@type":"ListItem","@id":"https:\/\/hidalgo.nl\/example\/#listItem","name":"example"}},{"@type":"ListItem","@id":"https:\/\/hidalgo.nl\/example\/#listItem","position":2,"name":"example","item":"https:\/\/hidalgo.nl\/example\/","nextItem":{"@type":"ListItem","@id":"https:\/\/hidalgo.nl\/en\/product-supplier\/a86\/#listItem","name":"A86"},"previousItem":{"@type":"ListItem","@id":"https:\/\/hidalgo.nl\/de\/#listItem","name":"Home"}},{"@type":"ListItem","@id":"https:\/\/hidalgo.nl\/en\/product-supplier\/a86\/#listItem","position":3,"name":"A86","item":"https:\/\/hidalgo.nl\/en\/product-supplier\/a86\/","nextItem":{"@type":"ListItem","@id":"https:\/\/hidalgo.nl\/de\/product\/22766\/werbehut-bedrucken-maffia-stil-trilby-fuer-ihr-event-mit-logo\/#listItem","name":"Promo maffiahoed"},"previousItem":{"@type":"ListItem","@id":"https:\/\/hidalgo.nl\/example\/#listItem","name":"example"}},{"@type":"ListItem","@id":"https:\/\/hidalgo.nl\/de\/product\/22766\/werbehut-bedrucken-maffia-stil-trilby-fuer-ihr-event-mit-logo\/#listItem","position":4,"name":"Promo maffiahoed","previousItem":{"@type":"ListItem","@id":"https:\/\/hidalgo.nl\/en\/product-supplier\/a86\/#listItem","name":"A86"}}]},{"@type":"ItemPage","@id":"https:\/\/hidalgo.nl\/de\/product\/22766\/werbehut-bedrucken-maffia-stil-trilby-fuer-ihr-event-mit-logo\/#itempage","url":"https:\/\/hidalgo.nl\/de\/product\/22766\/werbehut-bedrucken-maffia-stil-trilby-fuer-ihr-event-mit-logo\/","name":"Werbehut bedrucken: maffia-stil trilby f\u00fcr ihr event mit logo","description":"Du suchst stylische Promotion H\u00fcte? Dieser leichte Trilby im Mafiastil ist die ideale Werbeartikel Kopfbedeckung Gro\u00dfhandel f\u00fcr Festivals & Sommer-Events. Lass dein Firmenlogo auf dem Hutband bedrucken und sprich die Zielgruppe 20-40 Jahre direkt an.","inLanguage":"de-DE","isPartOf":{"@id":"https:\/\/hidalgo.nl\/de\/#website"},"breadcrumb":{"@id":"https:\/\/hidalgo.nl\/de\/product\/22766\/werbehut-bedrucken-maffia-stil-trilby-fuer-ihr-event-mit-logo\/#breadcrumblist"},"image":{"@type":"ImageObject","url":"https:\/\/shop.hidalgo.nl\/wp-content\/uploads\/2025\/03\/83bb6ae9c80b646fd2615892fac6b2cf12b00b2522c5c6e86e5a5c7bed4cedc0.jpg","@id":"https:\/\/hidalgo.nl\/de\/product\/22766\/werbehut-bedrucken-maffia-stil-trilby-fuer-ihr-event-mit-logo\/#mainImage"},"primaryImageOfPage":{"@id":"https:\/\/hidalgo.nl\/de\/product\/22766\/werbehut-bedrucken-maffia-stil-trilby-fuer-ihr-event-mit-logo\/#mainImage"},"datePublished":"2025-07-03T13:47:57+00:00","dateModified":"2026-02-17T11:49:17+00:00"},{"@type":"Organization","@id":"https:\/\/hidalgo.nl\/de\/#organization","name":"Hidalgo","url":"https:\/\/hidalgo.nl\/de\/","logo":{"@type":"ImageObject","url":"https:\/\/shop.hidalgo.nl\/wp-content\/uploads\/2025\/11\/cropped-Hidalgo-est1993.png","@id":"https:\/\/hidalgo.nl\/de\/product\/22766\/werbehut-bedrucken-maffia-stil-trilby-fuer-ihr-event-mit-logo\/#organizationLogo","width":585,"height":195},"image":{"@id":"https:\/\/hidalgo.nl\/de\/product\/22766\/werbehut-bedrucken-maffia-stil-trilby-fuer-ihr-event-mit-logo\/#organizationLogo"}},{"@type":"WebPage","@id":"https:\/\/hidalgo.nl\/de\/product\/22766\/werbehut-bedrucken-maffia-stil-trilby-fuer-ihr-event-mit-logo\/#webpage","url":"https:\/\/hidalgo.nl\/de\/product\/22766\/werbehut-bedrucken-maffia-stil-trilby-fuer-ihr-event-mit-logo\/","name":"Werbehut bedrucken: maffia-stil trilby f\u00fcr ihr event mit logo","description":"Du suchst stylische Promotion H\u00fcte? Dieser leichte Trilby im Mafiastil ist die ideale Werbeartikel Kopfbedeckung Gro\u00dfhandel f\u00fcr Festivals & Sommer-Events. Lass dein Firmenlogo auf dem Hutband bedrucken und sprich die Zielgruppe 20-40 Jahre direkt an.","inLanguage":"de-DE","isPartOf":{"@id":"https:\/\/hidalgo.nl\/de\/#website"},"breadcrumb":{"@id":"https:\/\/hidalgo.nl\/de\/product\/22766\/werbehut-bedrucken-maffia-stil-trilby-fuer-ihr-event-mit-logo\/#breadcrumblist"},"image":{"@type":"ImageObject","url":"https:\/\/shop.hidalgo.nl\/wp-content\/uploads\/2025\/03\/83bb6ae9c80b646fd2615892fac6b2cf12b00b2522c5c6e86e5a5c7bed4cedc0.jpg","@id":"https:\/\/hidalgo.nl\/de\/product\/22766\/werbehut-bedrucken-maffia-stil-trilby-fuer-ihr-event-mit-logo\/#mainImage"},"primaryImageOfPage":{"@id":"https:\/\/hidalgo.nl\/de\/product\/22766\/werbehut-bedrucken-maffia-stil-trilby-fuer-ihr-event-mit-logo\/#mainImage"},"datePublished":"2025-07-03T13:47:57+00:00","dateModified":"2026-02-17T11:49:17+00:00"},{"@type":"WebSite","@id":"https:\/\/hidalgo.nl\/de\/#website","url":"https:\/\/hidalgo.nl\/de\/","name":"Hidalgo","inLanguage":"de-DE","publisher":{"@id":"https:\/\/hidalgo.nl\/de\/#organization"}}]},"og:locale":"de_DE","og:site_name":"Hidalgo -","og:type":"article","og:title":"Werbehut bedrucken: maffia-stil trilby f\u00fcr ihr event mit logo","og:description":"Du suchst stylische Promotion H\u00fcte? Dieser leichte Trilby im Mafiastil ist die ideale Werbeartikel Kopfbedeckung Gro\u00dfhandel f\u00fcr Festivals &amp; Sommer-Events. Lass dein Firmenlogo auf dem Hutband bedrucken und sprich die Zielgruppe 20-40 Jahre direkt an.","og:url":"https:\/\/hidalgo.nl\/de\/wp-json\/wp\/v2\/product\/22766","og:image":"https:\/\/shop.hidalgo.nl\/wp-content\/uploads\/2025\/11\/cropped-Hidalgo-est1993.png","og:image:secure_url":"https:\/\/shop.hidalgo.nl\/wp-content\/uploads\/2025\/11\/cropped-Hidalgo-est1993.png","article:published_time":"2025-07-03T13:47:57+00:00","article:modified_time":"2026-02-17T11:49:17+00:00","twitter:card":"summary_large_image","twitter:title":"Werbehut bedrucken: maffia-stil trilby f\u00fcr ihr event mit logo","twitter:description":"Du suchst stylische Promotion H\u00fcte? Dieser leichte Trilby im Mafiastil ist die ideale Werbeartikel Kopfbedeckung Gro\u00dfhandel f\u00fcr Festivals &amp; Sommer-Events. Lass dein Firmenlogo auf dem Hutband bedrucken und sprich die Zielgruppe 20-40 Jahre direkt an.","twitter:image":"https:\/\/shop.hidalgo.nl\/wp-content\/uploads\/2025\/11\/cropped-Hidalgo-est1993.png"},"aioseo_meta_data":{"post_id":"22766","title":null,"description":null,"keywords":null,"keyphrases":null,"primary_term":null,"canonical_url":null,"og_title":null,"og_description":null,"og_object_type":"default","og_image_type":"default","og_image_url":null,"og_image_width":null,"og_image_height":null,"og_image_custom_url":null,"og_image_custom_fields":null,"og_video":null,"og_custom_url":null,"og_article_section":null,"og_article_tags":null,"twitter_use_og":false,"twitter_card":"default","twitter_image_type":"default","twitter_image_url":null,"twitter_image_custom_url":null,"twitter_image_custom_fields":null,"twitter_title":null,"twitter_description":null,"schema":{"blockGraphs":[],"customGraphs":[],"default":{"data":{"Article":[],"Course":[],"Dataset":[],"FAQPage":[],"Movie":[],"Person":[],"Product":[],"ProductReview":[],"Car":[],"Recipe":[],"Service":[],"SoftwareApplication":[],"WebPage":[]},"graphName":"","isEnabled":true},"graphs":[]},"schema_type":"default","schema_type_options":null,"pillar_content":false,"robots_default":true,"robots_noindex":false,"robots_noarchive":false,"robots_nosnippet":false,"robots_nofollow":false,"robots_noimageindex":false,"robots_noodp":false,"robots_notranslate":false,"robots_max_snippet":null,"robots_max_videopreview":null,"robots_max_imagepreview":"large","priority":null,"frequency":null,"local_seo":null,"seo_analyzer_scan_date":"2026-01-20 12:21:16","breadcrumb_settings":null,"limit_modified_date":false,"reviewed_by":null,"open_ai":null,"ai":null,"created":"2026-01-14 06:17:38","updated":"2026-02-17 13:08:09"},"aioseo_breadcrumb":"<div class=\"aioseo-breadcrumbs\"><span class=\"aioseo-breadcrumb\">\n\t<a href=\"https:\/\/hidalgo.nl\/de\/\" title=\"Home\">Home<\/a>\n<\/span><span class=\"aioseo-breadcrumb-separator\">\u00bb<\/span><span class=\"aioseo-breadcrumb\">\n\t<a href=\"https:\/\/hidalgo.nl\/example\/\" title=\"example\">example<\/a>\n<\/span><span class=\"aioseo-breadcrumb-separator\">\u00bb<\/span><span class=\"aioseo-breadcrumb\">\n\t<a href=\"https:\/\/hidalgo.nl\/en\/product-supplier\/a86\/\" title=\"A86\">A86<\/a>\n<\/span><span class=\"aioseo-breadcrumb-separator\">\u00bb<\/span><span class=\"aioseo-breadcrumb\">\n\tPromo maffiahoed\n<\/span><\/div>","aioseo_breadcrumb_json":[{"label":"Home","link":"https:\/\/hidalgo.nl\/de\/"},{"label":"example","link":"https:\/\/hidalgo.nl\/example\/"},{"label":"A86","link":"https:\/\/hidalgo.nl\/en\/product-supplier\/a86\/"},{"label":"Promo maffiahoed","link":"https:\/\/hidalgo.nl\/de\/product\/22766\/werbehut-bedrucken-maffia-stil-trilby-fuer-ihr-event-mit-logo\/"}],"_links":{"self":[{"href":"https:\/\/hidalgo.nl\/de\/wp-json\/wp\/v2\/product\/22766","targetHints":{"allow":["GET"]}}],"collection":[{"href":"https:\/\/hidalgo.nl\/de\/wp-json\/wp\/v2\/product"}],"about":[{"href":"https:\/\/hidalgo.nl\/de\/wp-json\/wp\/v2\/types\/product"}],"wp:featuredmedia":[{"embeddable":true,"href":"https:\/\/hidalgo.nl\/de\/wp-json\/wp\/v2\/media\/589128"}],"wp:attachment":[{"href":"https:\/\/hidalgo.nl\/de\/wp-json\/wp\/v2\/media?parent=22766"}],"wp:term":[{"taxonomy":"product_brand","embeddable":true,"href":"https:\/\/hidalgo.nl\/de\/wp-json\/wp\/v2\/product_brand?post=22766"},{"taxonomy":"product_cat","embeddable":true,"href":"https:\/\/hidalgo.nl\/de\/wp-json\/wp\/v2\/product_cat?post=22766"},{"taxonomy":"product_tag","embeddable":true,"href":"https:\/\/hidalgo.nl\/de\/wp-json\/wp\/v2\/product_tag?post=22766"}],"curies":[{"name":"wp","href":"https:\/\/api.w.org\/{rel}","templated":true}]}}