{"id":22711,"date":"2025-07-03T13:47:07","date_gmt":"2025-07-03T13:47:07","guid":{"rendered":"http:\/\/bidonsenshakers.pim.hidalgo.nl\/product\/promo-strohoed-paglietta\/"},"modified":"2026-02-17T11:49:18","modified_gmt":"2026-02-17T11:49:18","slug":"promo-strohoed-paglietta","status":"publish","type":"product","link":"https:\/\/hidalgo.nl\/de\/product\/22711\/strohhut-mit-logo-bedrucken-werbeartikel-sommer-und-events\/","title":{"rendered":"Promo strohoed paglietta"},"content":{"rendered":"<p>Deze strohoed is gemaakt van zeegrasstro, waardoor de hoed een zonnige look heeft. Bevestig een gekleurd bandje aan de rand van de hoed en cre\u00eber een speels effect, bijvoorbeeld met een leuke boodschap of je logo. Deze hoed heeft een hoofdomtrek van 58 cm.<\/p>\n","protected":false},"excerpt":{"rendered":"<p>Promo strohoed paglietta. Hoofdomtrek 58 cm.<\/p>\n","protected":false},"featured_media":589758,"template":"","meta":{"_acf_changed":false,"om_disable_all_campaigns":false,"_monsterinsights_skip_tracking":false,"_monsterinsights_sitenote_active":false,"_monsterinsights_sitenote_note":"","_monsterinsights_sitenote_category":0},"product_brand":[],"product_cat":[4747,4716,4746],"product_tag":[],"class_list":{"0":"post-22711","1":"product","2":"type-product","3":"status-publish","4":"has-post-thumbnail","6":"product_supplier-a86","7":"product_material-100-stro","8":"product_cat-kleding-petten-mutsen-en-hoeden-hoeden","9":"product_cat-kleding","10":"product_cat-kleding-petten-mutsen-en-hoeden","11":"entry","13":"first","14":"instock","15":"taxable","16":"shipping-taxable","17":"purchasable","18":"product-type-variable"},"acf":{"imprint_cost":[{"imprint_cost_key":"85245675b8be6fbd0970eb7c02a339be5b43bf38","product_quantity_price_range":[{"imprint_cost_recommended_selling_price":"3.27","imprint_cost_recommended_selling_quantity":"100"},{"imprint_cost_recommended_selling_price":"1.2","imprint_cost_recommended_selling_quantity":"250"},{"imprint_cost_recommended_selling_price":"0.9","imprint_cost_recommended_selling_quantity":"500"},{"imprint_cost_recommended_selling_price":"0.84","imprint_cost_recommended_selling_quantity":"1000"},{"imprint_cost_recommended_selling_price":"0.765","imprint_cost_recommended_selling_quantity":"2500"}],"product_quantity_price_range_buying":[{"imprint_cost_general_buying_price":"2.18","imprint_cost_general_buying_quantity":"100"},{"imprint_cost_general_buying_price":"0.8","imprint_cost_general_buying_quantity":"250"},{"imprint_cost_general_buying_price":"0.6","imprint_cost_general_buying_quantity":"500"},{"imprint_cost_general_buying_price":"0.56","imprint_cost_general_buying_quantity":"1000"},{"imprint_cost_general_buying_price":"0.51","imprint_cost_general_buying_quantity":"2500"}],"imprint_cost_setup_costs":"41.25","imprint_cost_handling_costs":"0"},{"imprint_cost_key":"1808bbebdf47f89547deced78cb1534136011333","product_quantity_price_range":[{"imprint_cost_recommended_selling_price":"3.51","imprint_cost_recommended_selling_quantity":"100"},{"imprint_cost_recommended_selling_price":"1.32","imprint_cost_recommended_selling_quantity":"250"},{"imprint_cost_recommended_selling_price":"0.975","imprint_cost_recommended_selling_quantity":"500"},{"imprint_cost_recommended_selling_price":"0.825","imprint_cost_recommended_selling_quantity":"2500"}],"product_quantity_price_range_buying":[{"imprint_cost_general_buying_price":"2.34","imprint_cost_general_buying_quantity":"100"},{"imprint_cost_general_buying_price":"0.88","imprint_cost_general_buying_quantity":"250"},{"imprint_cost_general_buying_price":"0.65","imprint_cost_general_buying_quantity":"500"},{"imprint_cost_general_buying_price":"0.55","imprint_cost_general_buying_quantity":"2500"}],"imprint_cost_setup_costs":"82.5","imprint_cost_handling_costs":"0"},{"imprint_cost_key":"9631843184272d3c03f03559b667349e56514958","product_quantity_price_range":[{"imprint_cost_recommended_selling_price":"3.615","imprint_cost_recommended_selling_quantity":"100"},{"imprint_cost_recommended_selling_price":"1.41","imprint_cost_recommended_selling_quantity":"250"},{"imprint_cost_recommended_selling_price":"1.035","imprint_cost_recommended_selling_quantity":"500"},{"imprint_cost_recommended_selling_price":"0.885","imprint_cost_recommended_selling_quantity":"2500"}],"product_quantity_price_range_buying":[{"imprint_cost_general_buying_price":"2.41","imprint_cost_general_buying_quantity":"100"},{"imprint_cost_general_buying_price":"0.94","imprint_cost_general_buying_quantity":"250"},{"imprint_cost_general_buying_price":"0.69","imprint_cost_general_buying_quantity":"500"},{"imprint_cost_general_buying_price":"0.59","imprint_cost_general_buying_quantity":"2500"}],"imprint_cost_setup_costs":"123.75","imprint_cost_handling_costs":"0"},{"imprint_cost_key":"77517424768120b10d4f38028335e982dcb74e46","product_quantity_price_range":[{"imprint_cost_recommended_selling_price":"3.75","imprint_cost_recommended_selling_quantity":"100"},{"imprint_cost_recommended_selling_price":"1.5","imprint_cost_recommended_selling_quantity":"250"},{"imprint_cost_recommended_selling_price":"1.08","imprint_cost_recommended_selling_quantity":"500"},{"imprint_cost_recommended_selling_price":"1.065","imprint_cost_recommended_selling_quantity":"1000"},{"imprint_cost_recommended_selling_price":"0.93","imprint_cost_recommended_selling_quantity":"2500"}],"product_quantity_price_range_buying":[{"imprint_cost_general_buying_price":"2.5","imprint_cost_general_buying_quantity":"100"},{"imprint_cost_general_buying_price":"1","imprint_cost_general_buying_quantity":"250"},{"imprint_cost_general_buying_price":"0.72","imprint_cost_general_buying_quantity":"500"},{"imprint_cost_general_buying_price":"0.71","imprint_cost_general_buying_quantity":"1000"},{"imprint_cost_general_buying_price":"0.62","imprint_cost_general_buying_quantity":"2500"}],"imprint_cost_setup_costs":"165","imprint_cost_handling_costs":"0"},{"imprint_cost_key":"20c8b40fbd88c8d9f158e4bb58cfe005623c9c1f","product_quantity_price_range":[{"imprint_cost_recommended_selling_price":"4.125","imprint_cost_recommended_selling_quantity":"100"},{"imprint_cost_recommended_selling_price":"1.8","imprint_cost_recommended_selling_quantity":"250"},{"imprint_cost_recommended_selling_price":"1.35","imprint_cost_recommended_selling_quantity":"500"},{"imprint_cost_recommended_selling_price":"1.305","imprint_cost_recommended_selling_quantity":"1000"},{"imprint_cost_recommended_selling_price":"1.155","imprint_cost_recommended_selling_quantity":"2500"}],"product_quantity_price_range_buying":[{"imprint_cost_general_buying_price":"2.75","imprint_cost_general_buying_quantity":"100"},{"imprint_cost_general_buying_price":"1.2","imprint_cost_general_buying_quantity":"250"},{"imprint_cost_general_buying_price":"0.9","imprint_cost_general_buying_quantity":"500"},{"imprint_cost_general_buying_price":"0.87","imprint_cost_general_buying_quantity":"1000"},{"imprint_cost_general_buying_price":"0.77","imprint_cost_general_buying_quantity":"2500"}],"imprint_cost_setup_costs":"90","imprint_cost_handling_costs":"0"}]},"aioseo_notices":[],"aioseo_head":"\n\t\t<!-- All in One SEO Pro 4.9.6.2 - aioseo.com -->\n\t<meta name=\"description\" content=\"Suchst du nach einem wirksamen Werbegeschenk Strohhut Sommer? Bestelle diese individuellen Strohh\u00fcte aus nat\u00fcrlichem Seegrasstroh und sorge auf Festivals &amp; Events f\u00fcr hohe Markenpr\u00e4senz bei deiner jungen Zielgruppe. Wir bedrucken dein Firmenlogo professionell auf das Hutband und liefern auch Gro\u00dfmengen.\" \/>\n\t<meta name=\"robots\" content=\"max-image-preview:large\" \/>\n\t<link rel=\"canonical\" href=\"https:\/\/hidalgo.nl\/de\/wp-json\/wp\/v2\/product\/22711\" \/>\n\t<meta name=\"generator\" content=\"All in One SEO Pro (AIOSEO) 4.9.6.2\" \/>\n\t\t<meta property=\"og:locale\" content=\"de_DE\" \/>\n\t\t<meta property=\"og:site_name\" content=\"Hidalgo -\" \/>\n\t\t<meta property=\"og:type\" content=\"article\" \/>\n\t\t<meta property=\"og:title\" content=\"Strohhut mit logo bedrucken - werbeartikel sommer und events.\" \/>\n\t\t<meta property=\"og:description\" content=\"Suchst du nach einem wirksamen Werbegeschenk Strohhut Sommer? Bestelle diese individuellen Strohh\u00fcte aus nat\u00fcrlichem Seegrasstroh und sorge auf Festivals &amp; Events f\u00fcr hohe Markenpr\u00e4senz bei deiner jungen Zielgruppe. Wir bedrucken dein Firmenlogo professionell auf das Hutband und liefern auch Gro\u00dfmengen.\" \/>\n\t\t<meta property=\"og:url\" content=\"https:\/\/hidalgo.nl\/de\/wp-json\/wp\/v2\/product\/22711\" \/>\n\t\t<meta property=\"og:image\" content=\"https:\/\/shop.hidalgo.nl\/wp-content\/uploads\/2025\/11\/cropped-Hidalgo-est1993.png\" \/>\n\t\t<meta property=\"og:image:secure_url\" content=\"https:\/\/shop.hidalgo.nl\/wp-content\/uploads\/2025\/11\/cropped-Hidalgo-est1993.png\" \/>\n\t\t<meta property=\"article:published_time\" content=\"2025-07-03T13:47:07+00:00\" \/>\n\t\t<meta property=\"article:modified_time\" content=\"2026-02-17T11:49:18+00:00\" \/>\n\t\t<meta name=\"twitter:card\" content=\"summary_large_image\" \/>\n\t\t<meta name=\"twitter:title\" content=\"Strohhut mit logo bedrucken - werbeartikel sommer und events.\" \/>\n\t\t<meta name=\"twitter:description\" content=\"Suchst du nach einem wirksamen Werbegeschenk Strohhut Sommer? Bestelle diese individuellen Strohh\u00fcte aus nat\u00fcrlichem Seegrasstroh und sorge auf Festivals &amp; Events f\u00fcr hohe Markenpr\u00e4senz bei deiner jungen Zielgruppe. Wir bedrucken dein Firmenlogo professionell auf das Hutband und liefern auch Gro\u00dfmengen.\" \/>\n\t\t<meta name=\"twitter:image\" content=\"https:\/\/shop.hidalgo.nl\/wp-content\/uploads\/2025\/11\/cropped-Hidalgo-est1993.png\" \/>\n\t\t<script type=\"application\/ld+json\" class=\"aioseo-schema\">\n\t\t\t{\"@context\":\"https:\\\/\\\/schema.org\",\"@graph\":[{\"@type\":\"BreadcrumbList\",\"@id\":\"https:\\\/\\\/hidalgo.nl\\\/de\\\/product\\\/22711\\\/strohhut-mit-logo-bedrucken-werbeartikel-sommer-und-events\\\/#breadcrumblist\",\"itemListElement\":[{\"@type\":\"ListItem\",\"@id\":\"https:\\\/\\\/hidalgo.nl\\\/de\\\/#listItem\",\"position\":1,\"name\":\"Home\",\"item\":\"https:\\\/\\\/hidalgo.nl\\\/de\\\/\",\"nextItem\":{\"@type\":\"ListItem\",\"@id\":\"https:\\\/\\\/hidalgo.nl\\\/example\\\/#listItem\",\"name\":\"example\"}},{\"@type\":\"ListItem\",\"@id\":\"https:\\\/\\\/hidalgo.nl\\\/example\\\/#listItem\",\"position\":2,\"name\":\"example\",\"item\":\"https:\\\/\\\/hidalgo.nl\\\/example\\\/\",\"nextItem\":{\"@type\":\"ListItem\",\"@id\":\"https:\\\/\\\/hidalgo.nl\\\/en\\\/product-supplier\\\/a86\\\/#listItem\",\"name\":\"A86\"},\"previousItem\":{\"@type\":\"ListItem\",\"@id\":\"https:\\\/\\\/hidalgo.nl\\\/de\\\/#listItem\",\"name\":\"Home\"}},{\"@type\":\"ListItem\",\"@id\":\"https:\\\/\\\/hidalgo.nl\\\/en\\\/product-supplier\\\/a86\\\/#listItem\",\"position\":3,\"name\":\"A86\",\"item\":\"https:\\\/\\\/hidalgo.nl\\\/en\\\/product-supplier\\\/a86\\\/\",\"nextItem\":{\"@type\":\"ListItem\",\"@id\":\"https:\\\/\\\/hidalgo.nl\\\/de\\\/product\\\/22711\\\/strohhut-mit-logo-bedrucken-werbeartikel-sommer-und-events\\\/#listItem\",\"name\":\"Promo strohoed paglietta\"},\"previousItem\":{\"@type\":\"ListItem\",\"@id\":\"https:\\\/\\\/hidalgo.nl\\\/example\\\/#listItem\",\"name\":\"example\"}},{\"@type\":\"ListItem\",\"@id\":\"https:\\\/\\\/hidalgo.nl\\\/de\\\/product\\\/22711\\\/strohhut-mit-logo-bedrucken-werbeartikel-sommer-und-events\\\/#listItem\",\"position\":4,\"name\":\"Promo strohoed paglietta\",\"previousItem\":{\"@type\":\"ListItem\",\"@id\":\"https:\\\/\\\/hidalgo.nl\\\/en\\\/product-supplier\\\/a86\\\/#listItem\",\"name\":\"A86\"}}]},{\"@type\":\"Organization\",\"@id\":\"https:\\\/\\\/hidalgo.nl\\\/de\\\/#organization\",\"name\":\"Hidalgo\",\"url\":\"https:\\\/\\\/hidalgo.nl\\\/de\\\/\",\"logo\":{\"@type\":\"ImageObject\",\"url\":\"https:\\\/\\\/shop.hidalgo.nl\\\/wp-content\\\/uploads\\\/2025\\\/11\\\/cropped-Hidalgo-est1993.png\",\"@id\":\"https:\\\/\\\/hidalgo.nl\\\/de\\\/product\\\/22711\\\/strohhut-mit-logo-bedrucken-werbeartikel-sommer-und-events\\\/#organizationLogo\",\"width\":585,\"height\":195},\"image\":{\"@id\":\"https:\\\/\\\/hidalgo.nl\\\/de\\\/product\\\/22711\\\/strohhut-mit-logo-bedrucken-werbeartikel-sommer-und-events\\\/#organizationLogo\"}},{\"@type\":\"ProductGroup\",\"@id\":\"https:\\\/\\\/hidalgo.nl\\\/de\\\/product\\\/22711\\\/strohhut-mit-logo-bedrucken-werbeartikel-sommer-und-events\\\/#wooCommerceProduct\",\"name\":\"Strohhut mit logo bedrucken - werbeartikel sommer und events.\",\"description\":\"Promo strohoed paglietta. Hoofdomtrek 58 cm.\",\"url\":\"https:\\\/\\\/hidalgo.nl\\\/de\\\/product\\\/22711\\\/strohhut-mit-logo-bedrucken-werbeartikel-sommer-und-events\\\/\",\"sku\":\"A86-2070\",\"image\":{\"@type\":\"ImageObject\",\"url\":\"https:\\\/\\\/shop.hidalgo.nl\\\/wp-content\\\/uploads\\\/2025\\\/03\\\/e7cff2d229fb654a2af18af47eaa67356c95c3f20226033a26bfc0868bbb691a.jpg\",\"@id\":\"https:\\\/\\\/hidalgo.nl\\\/de\\\/product\\\/22711\\\/strohhut-mit-logo-bedrucken-werbeartikel-sommer-und-events\\\/#productImage\"},\"productGroupID\":22711,\"hasVariant\":[{\"@type\":\"Product\",\"@id\":\"https:\\\/\\\/hidalgo.nl\\\/de\\\/product\\\/22711\\\/strohhut-mit-logo-bedrucken-werbeartikel-sommer-und-events\\\/#wooCommerceProduct\",\"name\":\"Promo strohoed paglietta - camel\",\"description\":\"Promo strohoed paglietta. Hoofdomtrek 58 cm.\",\"url\":\"https:\\\/\\\/hidalgo.nl\\\/de\\\/product\\\/22711\\\/strohhut-mit-logo-bedrucken-werbeartikel-sommer-und-events\\\/\",\"sku\":\"A86-2070-29-A29\",\"gtin\":\"8719495006665\",\"image\":{\"@type\":\"ImageObject\",\"url\":\"https:\\\/\\\/shop.hidalgo.nl\\\/wp-content\\\/uploads\\\/2025\\\/05\\\/e7cff2d229fb654a2af18af47eaa67356c95c3f20226033a26bfc0868bbb691a.jpg\",\"@id\":\"https:\\\/\\\/hidalgo.nl\\\/de\\\/product\\\/22711\\\/strohhut-mit-logo-bedrucken-werbeartikel-sommer-und-events\\\/#productImage\",\"width\":1000,\"height\":667},\"offers\":{\"@type\":\"Offer\",\"url\":\"https:\\\/\\\/hidalgo.nl\\\/de\\\/product\\\/22711\\\/strohhut-mit-logo-bedrucken-werbeartikel-sommer-und-events\\\/#wooCommerceOffer\",\"price\":\"2.73\",\"priceCurrency\":\"EUR\",\"category\":\"Kleding\",\"availability\":\"https:\\\/\\\/schema.org\\\/InStock\",\"priceSpecification\":{\"@type\":\"PriceSpecification\",\"price\":2.73,\"priceCurrency\":\"EUR\",\"valueAddedTaxIncluded\":\"true\"}}}]},{\"@type\":\"WebPage\",\"@id\":\"https:\\\/\\\/hidalgo.nl\\\/de\\\/product\\\/22711\\\/strohhut-mit-logo-bedrucken-werbeartikel-sommer-und-events\\\/#webpage\",\"url\":\"https:\\\/\\\/hidalgo.nl\\\/de\\\/product\\\/22711\\\/strohhut-mit-logo-bedrucken-werbeartikel-sommer-und-events\\\/\",\"name\":\"Strohhut mit logo bedrucken - werbeartikel sommer und events.\",\"description\":\"Suchst du nach einem wirksamen Werbegeschenk Strohhut Sommer? Bestelle diese individuellen Strohh\\u00fcte aus nat\\u00fcrlichem Seegrasstroh und sorge auf Festivals & Events f\\u00fcr hohe Markenpr\\u00e4senz bei deiner jungen Zielgruppe. Wir bedrucken dein Firmenlogo professionell auf das Hutband und liefern auch Gro\\u00dfmengen.\",\"inLanguage\":\"de-DE\",\"isPartOf\":{\"@id\":\"https:\\\/\\\/hidalgo.nl\\\/de\\\/#website\"},\"breadcrumb\":{\"@id\":\"https:\\\/\\\/hidalgo.nl\\\/de\\\/product\\\/22711\\\/strohhut-mit-logo-bedrucken-werbeartikel-sommer-und-events\\\/#breadcrumblist\"},\"image\":{\"@type\":\"ImageObject\",\"url\":\"https:\\\/\\\/shop.hidalgo.nl\\\/wp-content\\\/uploads\\\/2025\\\/03\\\/e7cff2d229fb654a2af18af47eaa67356c95c3f20226033a26bfc0868bbb691a.jpg\",\"@id\":\"https:\\\/\\\/hidalgo.nl\\\/de\\\/product\\\/22711\\\/strohhut-mit-logo-bedrucken-werbeartikel-sommer-und-events\\\/#mainImage\"},\"primaryImageOfPage\":{\"@id\":\"https:\\\/\\\/hidalgo.nl\\\/de\\\/product\\\/22711\\\/strohhut-mit-logo-bedrucken-werbeartikel-sommer-und-events\\\/#mainImage\"},\"datePublished\":\"2025-07-03T13:47:07+00:00\",\"dateModified\":\"2026-02-17T11:49:18+00:00\"},{\"@type\":\"WebSite\",\"@id\":\"https:\\\/\\\/hidalgo.nl\\\/de\\\/#website\",\"url\":\"https:\\\/\\\/hidalgo.nl\\\/de\\\/\",\"name\":\"Hidalgo\",\"inLanguage\":\"de-DE\",\"publisher\":{\"@id\":\"https:\\\/\\\/hidalgo.nl\\\/de\\\/#organization\"}}]}\n\t\t<\/script>\n\t\t<!-- All in One SEO Pro -->\r\n\t\t<title>Strohhut mit logo bedrucken - werbeartikel sommer und events.<\/title>\n\n","aioseo_head_json":{"title":"Strohhut mit logo bedrucken - werbeartikel sommer und events.","description":"Suchst du nach einem wirksamen Werbegeschenk Strohhut Sommer? Bestelle diese individuellen Strohh\u00fcte aus nat\u00fcrlichem Seegrasstroh und sorge auf Festivals & Events f\u00fcr hohe Markenpr\u00e4senz bei deiner jungen Zielgruppe. Wir bedrucken dein Firmenlogo professionell auf das Hutband und liefern auch Gro\u00dfmengen.","canonical_url":"https:\/\/hidalgo.nl\/de\/wp-json\/wp\/v2\/product\/22711","robots":"max-image-preview:large","keywords":"","webmasterTools":{"miscellaneous":""},"schema":{"@context":"https:\/\/schema.org","@graph":[{"@type":"BreadcrumbList","@id":"https:\/\/hidalgo.nl\/de\/product\/22711\/strohhut-mit-logo-bedrucken-werbeartikel-sommer-und-events\/#breadcrumblist","itemListElement":[{"@type":"ListItem","@id":"https:\/\/hidalgo.nl\/de\/#listItem","position":1,"name":"Home","item":"https:\/\/hidalgo.nl\/de\/","nextItem":{"@type":"ListItem","@id":"https:\/\/hidalgo.nl\/example\/#listItem","name":"example"}},{"@type":"ListItem","@id":"https:\/\/hidalgo.nl\/example\/#listItem","position":2,"name":"example","item":"https:\/\/hidalgo.nl\/example\/","nextItem":{"@type":"ListItem","@id":"https:\/\/hidalgo.nl\/en\/product-supplier\/a86\/#listItem","name":"A86"},"previousItem":{"@type":"ListItem","@id":"https:\/\/hidalgo.nl\/de\/#listItem","name":"Home"}},{"@type":"ListItem","@id":"https:\/\/hidalgo.nl\/en\/product-supplier\/a86\/#listItem","position":3,"name":"A86","item":"https:\/\/hidalgo.nl\/en\/product-supplier\/a86\/","nextItem":{"@type":"ListItem","@id":"https:\/\/hidalgo.nl\/de\/product\/22711\/strohhut-mit-logo-bedrucken-werbeartikel-sommer-und-events\/#listItem","name":"Promo strohoed paglietta"},"previousItem":{"@type":"ListItem","@id":"https:\/\/hidalgo.nl\/example\/#listItem","name":"example"}},{"@type":"ListItem","@id":"https:\/\/hidalgo.nl\/de\/product\/22711\/strohhut-mit-logo-bedrucken-werbeartikel-sommer-und-events\/#listItem","position":4,"name":"Promo strohoed paglietta","previousItem":{"@type":"ListItem","@id":"https:\/\/hidalgo.nl\/en\/product-supplier\/a86\/#listItem","name":"A86"}}]},{"@type":"Organization","@id":"https:\/\/hidalgo.nl\/de\/#organization","name":"Hidalgo","url":"https:\/\/hidalgo.nl\/de\/","logo":{"@type":"ImageObject","url":"https:\/\/shop.hidalgo.nl\/wp-content\/uploads\/2025\/11\/cropped-Hidalgo-est1993.png","@id":"https:\/\/hidalgo.nl\/de\/product\/22711\/strohhut-mit-logo-bedrucken-werbeartikel-sommer-und-events\/#organizationLogo","width":585,"height":195},"image":{"@id":"https:\/\/hidalgo.nl\/de\/product\/22711\/strohhut-mit-logo-bedrucken-werbeartikel-sommer-und-events\/#organizationLogo"}},{"@type":"ProductGroup","@id":"https:\/\/hidalgo.nl\/de\/product\/22711\/strohhut-mit-logo-bedrucken-werbeartikel-sommer-und-events\/#wooCommerceProduct","name":"Strohhut mit logo bedrucken - werbeartikel sommer und events.","description":"Promo strohoed paglietta. Hoofdomtrek 58 cm.","url":"https:\/\/hidalgo.nl\/de\/product\/22711\/strohhut-mit-logo-bedrucken-werbeartikel-sommer-und-events\/","sku":"A86-2070","image":{"@type":"ImageObject","url":"https:\/\/shop.hidalgo.nl\/wp-content\/uploads\/2025\/03\/e7cff2d229fb654a2af18af47eaa67356c95c3f20226033a26bfc0868bbb691a.jpg","@id":"https:\/\/hidalgo.nl\/de\/product\/22711\/strohhut-mit-logo-bedrucken-werbeartikel-sommer-und-events\/#productImage"},"productGroupID":22711,"hasVariant":[{"@type":"Product","@id":"https:\/\/hidalgo.nl\/de\/product\/22711\/strohhut-mit-logo-bedrucken-werbeartikel-sommer-und-events\/#wooCommerceProduct","name":"Promo strohoed paglietta - camel","description":"Promo strohoed paglietta. Hoofdomtrek 58 cm.","url":"https:\/\/hidalgo.nl\/de\/product\/22711\/strohhut-mit-logo-bedrucken-werbeartikel-sommer-und-events\/","sku":"A86-2070-29-A29","gtin":"8719495006665","image":{"@type":"ImageObject","url":"https:\/\/shop.hidalgo.nl\/wp-content\/uploads\/2025\/05\/e7cff2d229fb654a2af18af47eaa67356c95c3f20226033a26bfc0868bbb691a.jpg","@id":"https:\/\/hidalgo.nl\/de\/product\/22711\/strohhut-mit-logo-bedrucken-werbeartikel-sommer-und-events\/#productImage","width":1000,"height":667},"offers":{"@type":"Offer","url":"https:\/\/hidalgo.nl\/de\/product\/22711\/strohhut-mit-logo-bedrucken-werbeartikel-sommer-und-events\/#wooCommerceOffer","price":"2.73","priceCurrency":"EUR","category":"Kleding","availability":"https:\/\/schema.org\/InStock","priceSpecification":{"@type":"PriceSpecification","price":2.73,"priceCurrency":"EUR","valueAddedTaxIncluded":"true"}}}]},{"@type":"WebPage","@id":"https:\/\/hidalgo.nl\/de\/product\/22711\/strohhut-mit-logo-bedrucken-werbeartikel-sommer-und-events\/#webpage","url":"https:\/\/hidalgo.nl\/de\/product\/22711\/strohhut-mit-logo-bedrucken-werbeartikel-sommer-und-events\/","name":"Strohhut mit logo bedrucken - werbeartikel sommer und events.","description":"Suchst du nach einem wirksamen Werbegeschenk Strohhut Sommer? Bestelle diese individuellen Strohh\u00fcte aus nat\u00fcrlichem Seegrasstroh und sorge auf Festivals & Events f\u00fcr hohe Markenpr\u00e4senz bei deiner jungen Zielgruppe. Wir bedrucken dein Firmenlogo professionell auf das Hutband und liefern auch Gro\u00dfmengen.","inLanguage":"de-DE","isPartOf":{"@id":"https:\/\/hidalgo.nl\/de\/#website"},"breadcrumb":{"@id":"https:\/\/hidalgo.nl\/de\/product\/22711\/strohhut-mit-logo-bedrucken-werbeartikel-sommer-und-events\/#breadcrumblist"},"image":{"@type":"ImageObject","url":"https:\/\/shop.hidalgo.nl\/wp-content\/uploads\/2025\/03\/e7cff2d229fb654a2af18af47eaa67356c95c3f20226033a26bfc0868bbb691a.jpg","@id":"https:\/\/hidalgo.nl\/de\/product\/22711\/strohhut-mit-logo-bedrucken-werbeartikel-sommer-und-events\/#mainImage"},"primaryImageOfPage":{"@id":"https:\/\/hidalgo.nl\/de\/product\/22711\/strohhut-mit-logo-bedrucken-werbeartikel-sommer-und-events\/#mainImage"},"datePublished":"2025-07-03T13:47:07+00:00","dateModified":"2026-02-17T11:49:18+00:00"},{"@type":"WebSite","@id":"https:\/\/hidalgo.nl\/de\/#website","url":"https:\/\/hidalgo.nl\/de\/","name":"Hidalgo","inLanguage":"de-DE","publisher":{"@id":"https:\/\/hidalgo.nl\/de\/#organization"}}]},"og:locale":"de_DE","og:site_name":"Hidalgo -","og:type":"article","og:title":"Strohhut mit logo bedrucken - werbeartikel sommer und events.","og:description":"Suchst du nach einem wirksamen Werbegeschenk Strohhut Sommer? Bestelle diese individuellen Strohh\u00fcte aus nat\u00fcrlichem Seegrasstroh und sorge auf Festivals &amp; Events f\u00fcr hohe Markenpr\u00e4senz bei deiner jungen Zielgruppe. Wir bedrucken dein Firmenlogo professionell auf das Hutband und liefern auch Gro\u00dfmengen.","og:url":"https:\/\/hidalgo.nl\/de\/wp-json\/wp\/v2\/product\/22711","og:image":"https:\/\/shop.hidalgo.nl\/wp-content\/uploads\/2025\/11\/cropped-Hidalgo-est1993.png","og:image:secure_url":"https:\/\/shop.hidalgo.nl\/wp-content\/uploads\/2025\/11\/cropped-Hidalgo-est1993.png","article:published_time":"2025-07-03T13:47:07+00:00","article:modified_time":"2026-02-17T11:49:18+00:00","twitter:card":"summary_large_image","twitter:title":"Strohhut mit logo bedrucken - werbeartikel sommer und events.","twitter:description":"Suchst du nach einem wirksamen Werbegeschenk Strohhut Sommer? Bestelle diese individuellen Strohh\u00fcte aus nat\u00fcrlichem Seegrasstroh und sorge auf Festivals &amp; Events f\u00fcr hohe Markenpr\u00e4senz bei deiner jungen Zielgruppe. Wir bedrucken dein Firmenlogo professionell auf das Hutband und liefern auch Gro\u00dfmengen.","twitter:image":"https:\/\/shop.hidalgo.nl\/wp-content\/uploads\/2025\/11\/cropped-Hidalgo-est1993.png"},"aioseo_meta_data":{"post_id":"22711","title":null,"description":null,"keywords":null,"keyphrases":null,"primary_term":null,"canonical_url":null,"og_title":null,"og_description":null,"og_object_type":"default","og_image_type":"default","og_image_url":null,"og_image_width":null,"og_image_height":null,"og_image_custom_url":null,"og_image_custom_fields":null,"og_video":null,"og_custom_url":null,"og_article_section":null,"og_article_tags":null,"twitter_use_og":false,"twitter_card":"default","twitter_image_type":"default","twitter_image_url":null,"twitter_image_custom_url":null,"twitter_image_custom_fields":null,"twitter_title":null,"twitter_description":null,"schema":{"blockGraphs":[],"customGraphs":[],"default":{"data":{"Article":[],"Course":[],"Dataset":[],"FAQPage":[],"Movie":[],"Person":[],"Product":[],"ProductReview":[],"Car":[],"Recipe":[],"Service":[],"SoftwareApplication":[],"WebPage":[]},"graphName":"","isEnabled":true},"graphs":[]},"schema_type":"default","schema_type_options":null,"pillar_content":false,"robots_default":true,"robots_noindex":false,"robots_noarchive":false,"robots_nosnippet":false,"robots_nofollow":false,"robots_noimageindex":false,"robots_noodp":false,"robots_notranslate":false,"robots_max_snippet":null,"robots_max_videopreview":null,"robots_max_imagepreview":"large","priority":null,"frequency":null,"local_seo":null,"seo_analyzer_scan_date":"2026-01-20 12:20:14","breadcrumb_settings":null,"limit_modified_date":false,"reviewed_by":null,"open_ai":null,"ai":null,"created":"2026-01-14 06:17:38","updated":"2026-04-23 05:35:48"},"aioseo_breadcrumb":"<div class=\"aioseo-breadcrumbs\"><span class=\"aioseo-breadcrumb\">\n\t<a href=\"https:\/\/hidalgo.nl\/de\/\" title=\"Home\">Home<\/a>\n<\/span><span class=\"aioseo-breadcrumb-separator\">\u00bb<\/span><span class=\"aioseo-breadcrumb\">\n\t<a href=\"https:\/\/hidalgo.nl\/example\/\" title=\"example\">example<\/a>\n<\/span><span class=\"aioseo-breadcrumb-separator\">\u00bb<\/span><span class=\"aioseo-breadcrumb\">\n\t<a href=\"https:\/\/hidalgo.nl\/en\/product-supplier\/a86\/\" title=\"A86\">A86<\/a>\n<\/span><span class=\"aioseo-breadcrumb-separator\">\u00bb<\/span><span class=\"aioseo-breadcrumb\">\n\tPromo strohoed paglietta\n<\/span><\/div>","aioseo_breadcrumb_json":[{"label":"Home","link":"https:\/\/hidalgo.nl\/de\/"},{"label":"example","link":"https:\/\/hidalgo.nl\/example\/"},{"label":"A86","link":"https:\/\/hidalgo.nl\/en\/product-supplier\/a86\/"},{"label":"Promo strohoed paglietta","link":"https:\/\/hidalgo.nl\/de\/product\/22711\/strohhut-mit-logo-bedrucken-werbeartikel-sommer-und-events\/"}],"_links":{"self":[{"href":"https:\/\/hidalgo.nl\/de\/wp-json\/wp\/v2\/product\/22711","targetHints":{"allow":["GET"]}}],"collection":[{"href":"https:\/\/hidalgo.nl\/de\/wp-json\/wp\/v2\/product"}],"about":[{"href":"https:\/\/hidalgo.nl\/de\/wp-json\/wp\/v2\/types\/product"}],"wp:featuredmedia":[{"embeddable":true,"href":"https:\/\/hidalgo.nl\/de\/wp-json\/wp\/v2\/media\/589758"}],"wp:attachment":[{"href":"https:\/\/hidalgo.nl\/de\/wp-json\/wp\/v2\/media?parent=22711"}],"wp:term":[{"taxonomy":"product_brand","embeddable":true,"href":"https:\/\/hidalgo.nl\/de\/wp-json\/wp\/v2\/product_brand?post=22711"},{"taxonomy":"product_cat","embeddable":true,"href":"https:\/\/hidalgo.nl\/de\/wp-json\/wp\/v2\/product_cat?post=22711"},{"taxonomy":"product_tag","embeddable":true,"href":"https:\/\/hidalgo.nl\/de\/wp-json\/wp\/v2\/product_tag?post=22711"}],"curies":[{"name":"wp","href":"https:\/\/api.w.org\/{rel}","templated":true}]}}